{"id":145426,"date":"2023-05-14T14:09:47","date_gmt":"2023-05-14T14:09:47","guid":{"rendered":"http:\/\/talkpal.ai\/gramatyka-kannada\/"},"modified":"2025-12-11T16:22:01","modified_gmt":"2025-12-11T16:22:01","slug":"gramatyka-kannada","status":"publish","type":"page","link":"https:\/\/talkpal.ai\/pl\/gramatyka-kannada\/","title":{"rendered":"Gramatyka kannada"},"content":{"rendered":"\r\n\r\n\r\n<section class=\"languageChallengeSection\">\r\n    <div class=\"languageInfoWrapper\">\r\n        \r\n        <h1>Gramatyka kannada<\/h1>\r\n        <p>Podekscytowany odkrywaniem <a href=\"https:\/\/talkpal.ai\/learn-kannada\/\">Kannada<\/a>? Zanurz si\u0119 w gramatyce j\u0119zyka <a href=\"https:\/\/talkpal.ai\/learn-kannada\/\">kannada<\/a>, kt\u00f3ra zawiera bogate koniugacje czasownik\u00f3w, rzeczowniki odmiennej p\u0142ci i logiczny system przypadk\u00f3w, kt\u00f3ry o\u017cywia j\u0119zyk. Rozpocznij nauk\u0119 ju\u017c dzi\u015b &#8211; opanowanie gramatyki j\u0119zyka kannada da ci narz\u0119dzia do g\u0142\u0119bokiego po\u0142\u0105czenia si\u0119 z t\u0119tni\u0105c\u0105 \u017cyciem kultur\u0105 Karnataki i komunikowania si\u0119 z pewno\u015bci\u0105 siebie w jednym z najbardziej wyrazistych j\u0119zyk\u00f3w po\u0142udniowych Indii!<\/p>\r\n\r\n                            <a class=\"getStartedHidden\" href=\"https:\/\/app.talkpal.ai\/pl\/signup?lng=\">Zaczynaj<\/a>\r\n        \r\n    <\/div>\r\n\r\n    <figure>\r\n    <img decoding=\"async\" width=\"768\" height=\"768\" src=\"https:\/\/talkpal.ai\/wp-content\/uploads\/2023\/06\/Kannada-768x768.png\" class=\"languageImage no-lazy\" alt=\"Language learning for increased mental flexibility\" fetchpriority=\"high\" sizes=\"(max-width: 768px) 150px, 768px\" srcset=\"https:\/\/talkpal.ai\/wp-content\/uploads\/2023\/06\/Kannada-768x768.png 768w, https:\/\/talkpal.ai\/wp-content\/uploads\/2023\/06\/Kannada-300x300.png 300w\" \/>\r\n    \r\n\r\n    <\/figure>\r\n\r\n            <a class=\"getStartedVisible\" href=\"https:\/\/app.talkpal.ai\/pl\/signup?lng=\">Zaczynaj<\/a>\r\n    \r\n<\/section>\r\n<section class=\"promotionalBanner\">\r\n    <p class=\"promotionalText\">Najbardziej efektywny spos\u00f3b nauki j\u0119zyka<\/p>\r\n    <a class=\"promotionalLink\" href=\"https:\/\/app.talkpal.ai\/pl\/signup?lng=\">Wypr\u00f3buj Talkpal za darmo<\/a>\r\n<\/section>\n<div class=\"wp-block-group pageContainerStyle\"><div class=\"wp-block-group__inner-container is-layout-constrained wp-block-group-is-layout-constrained\">\n<h2 class=\"wp-block-heading\" id=\"h-kannada-grammar-an-insight-into-the-richness-of-the-dravidian-language\">Gramatyka kannada: wgl\u0105d w bogactwo j\u0119zyka drawidyjskiego<\/h2>\n\n\n\n<p>Czy zastanawia\u0142e\u015b si\u0119 kiedy\u015b nad r\u00f3\u017cnorodno\u015bci\u0105 j\u0119zykow\u0105 Indii? Jako entuzjasta j\u0119zyk\u00f3w lub ciekawy ucze\u0144, mo\u017cesz by\u0107 zainteresowany bli\u017cszym przyjrzeniem si\u0119 jednemu z klasycznych j\u0119zyk\u00f3w Indii &#8211; kannada. Kannada to j\u0119zyk drawidyjski u\u017cywany g\u0142\u00f3wnie w po\u0142udniowym stanie Karnataka. Jest j\u0119zykiem ojczystym oko\u0142o 44 milion\u00f3w ludzi, co czyni go jednym z g\u0142\u00f3wnych j\u0119zyk\u00f3w indyjskich. Zanurzmy si\u0119 g\u0142\u0119boko w fascynuj\u0105cy \u015bwiat gramatyki Kannada i dowiedzmy si\u0119 wi\u0119cej o tym pi\u0119knym j\u0119zyku.<\/p>\n\n\n\n<h3 class=\"wp-block-heading\" id=\"h-the-linguistic-alphabet-kannada-script\">Alfabet lingwistyczny: pismo kannada<\/h3>\n\n\n\n<p>Skrypt Kannada, znany r\u00f3wnie\u017c jako &#8222;\u0c95\u0ca8\u0ccd\u0ca8\u0ca1 \u0cb2\u0cbf\u0caa\u0cbf&#8221; (Kannada Lipi), to abugida &#8211; system pisma z alfabetami sylabicznymi. Ka\u017cda litera reprezentuje inn\u0105 kombinacj\u0119 sp\u00f3\u0142g\u0142oska-samog\u0142oska. Pismo sk\u0142ada si\u0119 z 49 znak\u00f3w, w tym 34 sp\u00f3\u0142g\u0142osek i 13 samog\u0142osek. Dzi\u0119ki wizualnie wyr\u00f3\u017cniaj\u0105cemu si\u0119 wygl\u0105dowi, pismo Kannada jest cudownie unikalnym sposobem przekazywania d\u017awi\u0119k\u00f3w i znacze\u0144 tego j\u0119zyka.<\/p>\n\n\n\n<h3 class=\"wp-block-heading\" id=\"h-nouns-pronouns-and-cases-more-than-meets-the-eye\">Rzeczowniki, zaimki i przypadki \u2013 wi\u0119cej ni\u017c na pierwszy rzut oka<\/h3>\n\n\n\n<p>Rzeczowniki kannada s\u0105 wyj\u0105tkowe ze wzgl\u0119du na ich system deklinacji \u2013 s\u0105 zgodne z systemem przypadk\u00f3w, podobnie jak inne j\u0119zyki drawidyjskie. W kannada jest osiem przypadk\u00f3w, kt\u00f3re pomagaj\u0105 zdefiniowa\u0107 zwi\u0105zek mi\u0119dzy rzeczownikiem a innymi s\u0142owami w zdaniu: mianownik, biernik, instrumentalnik, celownik, ablatyw, dope\u0142niacz, miejscownik i wo\u0142acz. Rzeczowniki w kannada s\u0105 r\u00f3wnie\u017c klasyfikowane wed\u0142ug rodzaju (m\u0119skiego, \u017ce\u0144skiego i nijakiego) i liczby (w liczbie pojedynczej, mnogiej i podw\u00f3jnej \u2013 rzadka cecha w\u015br\u00f3d j\u0119zyk\u00f3w indyjskich).<\/p>\n\n\n\n<p>Zaimki w j\u0119zyku kannada s\u0105 r\u00f3wnie\u017c fascynuj\u0105ce. Nios\u0105 ze sob\u0105 rozr\u00f3\u017cnienia dla ka\u017cdej osoby (pierwsza, druga i trzecia), liczby (pojedyncza, mnoga i podw\u00f3jna) oraz rodzaju (m\u0119skiego, \u017ce\u0144skiego i nijakiego). Dodatkowo, Kannada ma kilka honorowych form adresowania, demonstruj\u0105cych kulturowe aspekty szacunku i uprzejmo\u015bci w tym j\u0119zyku.<\/p>\n\n\n\n<h3 class=\"wp-block-heading\" id=\"h-venturing-into-verbs-tenses-aspects-and-moods\">Zapuszczanie si\u0119 w czasowniki: czasy, aspekty i nastroje<\/h3>\n\n\n\n<p>Czasowniki kannada charakteryzuj\u0105 si\u0119 bogatym systemem koniugacji. Czasowniki odmieniaj\u0105 si\u0119 zgodnie z czasem (przesz\u0142y, tera\u017aniejszy i przysz\u0142y), aspektem (dokonany lub niedokonany) i nastrojem (oznajmuj\u0105cym, rozkazuj\u0105cym i warunkowym). Dodatkow\u0105 z\u0142o\u017cono\u015b\u0107 dodaje obecno\u015b\u0107 czasownik\u00f3w przyczynowych oraz g\u0142os\u00f3w biernych i czynnych. Koniugacja zale\u017cy od osoby, liczby i p\u0142ci, co sprawia, \u017ce formy czasownik\u00f3w kannada s\u0105 bardzo odmienione i skomplikowane.<\/p>\n\n\n\n<h3 class=\"wp-block-heading\" id=\"h-adjectives-adverbs-and-more\">Przymiotniki, przys\u0142\u00f3wki i nie tylko<\/h3>\n\n\n\n<p>Przymiotniki i liczebniki kannada zgadzaj\u0105 si\u0119 z rzeczownikami, kt\u00f3re modyfikuj\u0105 pod wzgl\u0119dem rodzaju, liczby i przypadku. Przymiotniki mog\u0105 si\u0119 odmienia\u0107 w taki sam spos\u00f3b jak rzeczowniki, a nawet mo\u017cna je \u0142\u0105czy\u0107, tworz\u0105c przys\u0142\u00f3wki. J\u0119zyk u\u017cywa r\u00f3wnie\u017c r\u00f3\u017cnych sp\u00f3jnik\u00f3w, partyku\u0142y i przyimk\u00f3w, aby po\u0142\u0105czy\u0107 zdania i ich sk\u0142adniki w sp\u00f3jn\u0105 i ekspresyjn\u0105 ca\u0142o\u015b\u0107.<\/p>\n\n\n\n<h3 class=\"wp-block-heading\" id=\"h-embracing-the-beauty-of-kannada-grammar\">Przyj\u0119cie pi\u0119kna gramatyki kannada<\/h3>\n\n\n\n<p>\u015awiat gramatyki kannada jest r\u00f3wnie fascynuj\u0105cy, co z\u0142o\u017cony. Skomplikowany system przypadk\u00f3w, unikalne pismo i wysoko fleksyjne formy czasownik\u00f3w nadaj\u0105 Kannada urok i bogactwo. Zag\u0142\u0119biaj\u0105c si\u0119 w sfer\u0119 tego wyj\u0105tkowego j\u0119zyka, zyskujesz g\u0142\u0119bsze zrozumienie r\u00f3\u017cnorodno\u015bci j\u0119zykowej i kulturowej Indii.<\/p>\n\n\n\n<p>Dlaczego wi\u0119c nie odkry\u0107 dalej pi\u0119kna Kannady? Z pasj\u0105 i ciekawo\u015bci\u0105 mo\u017cesz wkr\u00f3tce cieszy\u0107 si\u0119 wspania\u0142\u0105 literatur\u0105, kinem i muzyk\u0105 w tym majestatycznym j\u0119zyku. Mi\u0142ej nauki!<\/p>\n<\/div><\/div>\n\r\n<section class=\"learnNavigationSection\">\r\n            \r\n        <a href=\"https:\/\/talkpal.ai\/pl\/naucz-sie-kannada\/\">\r\n            <div class=\"learnNavigationWrapper\">\r\n                <div class=\"learnNavigationContent\">\r\n                    <img decoding=\"async\" src=\"https:\/\/talkpal.ai\/wp-content\/uploads\/2024\/08\/Kannada.jpg\" alt=\"Indian Simplified Flag\">\r\n                    <div>\r\n                        <h4>Informacje o Kannada Learning<\/h4>\r\n                        <p>Dowiedz si\u0119 wszystkiego o gramatyce kannada.<\/p>\r\n                    <\/div>\r\n                <\/div>\r\n            <\/div>\r\n        <\/a>\r\n\r\n        \r\n        <a href=\"https:\/\/talkpal.ai\/pl\/cwiczenia-gramatyczne-kannada\/\">\r\n            <div class=\"learnNavigationWrapper\">\r\n                <div class=\"learnNavigationContent\">\r\n                    <img decoding=\"async\" src=\"https:\/\/talkpal.ai\/wp-content\/uploads\/2024\/08\/Kannada.jpg\" alt=\"Indian Simplified Flag\">\r\n                    <div>\r\n                        <h4>\u0106wiczenie gramatyczne Kannada<\/h4>\r\n                        <p>\u0106wicz gramatyk\u0119 kannada .<\/p>\r\n                    <\/div>\r\n                <\/div>\r\n            <\/div>\r\n        <\/a>\r\n\r\n        \r\n        <a href=\"https:\/\/talkpal.ai\/vocabulary_language\/kannada\/\">\r\n            <div class=\"learnNavigationWrapper\">\r\n                <div class=\"learnNavigationContent\">\r\n                    <img decoding=\"async\" src=\"https:\/\/talkpal.ai\/wp-content\/uploads\/2024\/08\/Kannada.jpg\" alt=\"Indian Simplified Flag\">\r\n                    <div>\r\n                        <h4>S\u0142ownictwo kannada<\/h4>\r\n                        <p>Poszerz swoje s\u0142ownictwo w j\u0119zyku kannada.<\/p>\r\n                    <\/div>\r\n                <\/div>\r\n            <\/div>\r\n        <\/a>\r\n\r\n            <\/section>","protected":false},"excerpt":{"rendered":"<p>Gramatyka kannada: wgl\u0105d w bogactwo j\u0119zyka drawidyjskiego Czy zastanawia\u0142e\u015b si\u0119 kiedy\u015b nad r\u00f3\u017cnorodno\u015bci\u0105 j\u0119zykow\u0105 Indii? Jako entuzjasta j\u0119zyk\u00f3w lub ciekawy ucze\u0144, mo\u017cesz by\u0107 zainteresowany bli\u017cszym przyjrzeniem si\u0119 jednemu z klasycznych j\u0119zyk\u00f3w Indii &#8211; kannada. Kannada to j\u0119zyk drawidyjski u\u017cywany g\u0142\u00f3wnie w po\u0142udniowym stanie Karnataka. Jest j\u0119zykiem ojczystym oko\u0142o 44 milion\u00f3w ludzi, co czyni go jednym [&hellip;]<\/p>\n","protected":false},"author":1,"featured_media":145433,"parent":0,"menu_order":0,"comment_status":"closed","ping_status":"closed","template":"LearningContentPage.php","meta":{"_acf_changed":false,"footnotes":""},"class_list":["post-145426","page","type-page","status-publish","has-post-thumbnail","hentry"],"acf":[],"yoast_head":"<!-- This site is optimized with the Yoast SEO Premium plugin v27.2 (Yoast SEO v27.2) - https:\/\/yoast.com\/product\/yoast-seo-premium-wordpress\/ -->\n<title>Gramatyka kannada - Talkpal<\/title>\n<meta name=\"description\" content=\"Naucz si\u0119 gramatyki j\u0119zyka kannada - zrozum kluczowe zasady, popraw konstrukcj\u0119 zda\u0144 i zwi\u0119ksz p\u0142ynno\u015b\u0107.\" \/>\n<meta name=\"robots\" content=\"index, follow, max-snippet:-1, max-image-preview:large, max-video-preview:-1\" \/>\n<link rel=\"canonical\" href=\"https:\/\/talkpal.ai\/pl\/gramatyka-kannada\/\" \/>\n<meta property=\"og:locale\" content=\"pl_PL\" \/>\n<meta property=\"og:type\" content=\"article\" \/>\n<meta property=\"og:title\" content=\"Gramatyka kannada\" \/>\n<meta property=\"og:description\" content=\"Gramatyka kannada: wgl\u0105d w bogactwo j\u0119zyka drawidyjskiego Czy zastanawia\u0142e\u015b si\u0119 kiedy\u015b nad r\u00f3\u017cnorodno\u015bci\u0105 j\u0119zykow\u0105 Indii? Jako entuzjasta j\u0119zyk\u00f3w lub\" \/>\n<meta property=\"og:url\" content=\"https:\/\/talkpal.ai\/pl\/gramatyka-kannada\/\" \/>\n<meta property=\"og:site_name\" content=\"Talkpal\" \/>\n<meta property=\"article:publisher\" content=\"https:\/\/www.facebook.com\/profile.php?id=100090733639311\" \/>\n<meta property=\"article:modified_time\" content=\"2025-12-11T16:22:01+00:00\" \/>\n<meta property=\"og:image\" content=\"https:\/\/talkpal.ai\/wp-content\/uploads\/2023\/05\/Kannada-india.png\" \/>\n\t<meta property=\"og:image:width\" content=\"512\" \/>\n\t<meta property=\"og:image:height\" content=\"512\" \/>\n\t<meta property=\"og:image:type\" content=\"image\/png\" \/>\n<meta name=\"twitter:card\" content=\"summary_large_image\" \/>\n<meta name=\"twitter:site\" content=\"@talkpalai\" \/>\n<meta name=\"twitter:label1\" content=\"Szacowany czas czytania\" \/>\n\t<meta name=\"twitter:data1\" content=\"3 minuty\" \/>\n<script type=\"application\/ld+json\" class=\"yoast-schema-graph\">{\"@context\":\"https:\/\/schema.org\",\"@graph\":[{\"@type\":\"WebPage\",\"@id\":\"https:\/\/talkpal.ai\/pl\/gramatyka-kannada\/\",\"url\":\"https:\/\/talkpal.ai\/pl\/gramatyka-kannada\/\",\"name\":\"Gramatyka kannada - Talkpal\",\"isPartOf\":{\"@id\":\"https:\/\/talkpal.ai\/pl\/#website\"},\"primaryImageOfPage\":{\"@id\":\"https:\/\/talkpal.ai\/pl\/gramatyka-kannada\/#primaryimage\"},\"image\":{\"@id\":\"https:\/\/talkpal.ai\/pl\/gramatyka-kannada\/#primaryimage\"},\"thumbnailUrl\":\"https:\/\/talkpal.ai\/wp-content\/uploads\/2023\/05\/Kannada-india.png\",\"datePublished\":\"2023-05-14T14:09:47+00:00\",\"dateModified\":\"2025-12-11T16:22:01+00:00\",\"description\":\"Naucz si\u0119 gramatyki j\u0119zyka kannada - zrozum kluczowe zasady, popraw konstrukcj\u0119 zda\u0144 i zwi\u0119ksz p\u0142ynno\u015b\u0107.\",\"breadcrumb\":{\"@id\":\"https:\/\/talkpal.ai\/pl\/gramatyka-kannada\/#breadcrumb\"},\"inLanguage\":\"pl-PL\",\"potentialAction\":[{\"@type\":\"ReadAction\",\"target\":[\"https:\/\/talkpal.ai\/pl\/gramatyka-kannada\/\"]}]},{\"@type\":\"ImageObject\",\"inLanguage\":\"pl-PL\",\"@id\":\"https:\/\/talkpal.ai\/pl\/gramatyka-kannada\/#primaryimage\",\"url\":\"https:\/\/talkpal.ai\/wp-content\/uploads\/2023\/05\/Kannada-india.png\",\"contentUrl\":\"https:\/\/talkpal.ai\/wp-content\/uploads\/2023\/05\/Kannada-india.png\",\"width\":512,\"height\":512},{\"@type\":\"BreadcrumbList\",\"@id\":\"https:\/\/talkpal.ai\/pl\/gramatyka-kannada\/#breadcrumb\",\"itemListElement\":[{\"@type\":\"ListItem\",\"position\":1,\"name\":\"Homepage\",\"item\":\"https:\/\/talkpal.ai\/pl\/\"},{\"@type\":\"ListItem\",\"position\":2,\"name\":\"Gramatyka kannada\"}]},{\"@type\":\"WebSite\",\"@id\":\"https:\/\/talkpal.ai\/pl\/#website\",\"url\":\"https:\/\/talkpal.ai\/pl\/\",\"name\":\"Talkpal\",\"description\":\"AI Language Learning\",\"publisher\":{\"@id\":\"https:\/\/talkpal.ai\/pl\/#organization\"},\"alternateName\":\"Talkpal AI\",\"potentialAction\":[{\"@type\":\"SearchAction\",\"target\":{\"@type\":\"EntryPoint\",\"urlTemplate\":\"https:\/\/talkpal.ai\/pl\/?s={search_term_string}\"},\"query-input\":{\"@type\":\"PropertyValueSpecification\",\"valueRequired\":true,\"valueName\":\"search_term_string\"}}],\"inLanguage\":\"pl-PL\"},{\"@type\":\"Organization\",\"@id\":\"https:\/\/talkpal.ai\/pl\/#organization\",\"name\":\"Talkpal, Inc.\",\"alternateName\":\"Talkpal AI\",\"url\":\"https:\/\/talkpal.ai\/pl\/\",\"logo\":{\"@type\":\"ImageObject\",\"inLanguage\":\"pl-PL\",\"@id\":\"https:\/\/talkpal.ai\/pl\/#\/schema\/logo\/image\/\",\"url\":\"https:\/\/talkpal.ai\/wp-content\/uploads\/2024\/03\/Talkpal-Logo-Icon.png\",\"contentUrl\":\"https:\/\/talkpal.ai\/wp-content\/uploads\/2024\/03\/Talkpal-Logo-Icon.png\",\"width\":2880,\"height\":2880,\"caption\":\"Talkpal, Inc.\"},\"image\":{\"@id\":\"https:\/\/talkpal.ai\/pl\/#\/schema\/logo\/image\/\"},\"sameAs\":[\"https:\/\/www.facebook.com\/profile.php?id=100090733639311\",\"https:\/\/x.com\/talkpalai\",\"https:\/\/www.linkedin.com\/company\/talkpal\/\",\"https:\/\/www.youtube.com\/@TalkPal\/\",\"https:\/\/www.tiktok.com\/@talkpal\",\"https:\/\/www.instagram.com\/talkpal_ai\/\",\"https:\/\/www.crunchbase.com\/organization\/talkpal-9cde\",\"https:\/\/www.g2.com\/products\/talkpal-for-business\/\",\"https:\/\/www.trustpilot.com\/review\/talkpal.ai\",\"https:\/\/www.capterra.com\/p\/10006800\/TalkPal\/\"],\"description\":\"Talkpal is a language learning web and mobile education app, powered by the latest AI technologies, that provides engaging experiences to its customers in many different languages to help them improve their language skills. Users can chat about unlimited amount of topics with the app and use other modes to practice their language learning.\",\"email\":\"support@talkpal.ai\",\"legalName\":\"Talkpal, Inc.\",\"foundingDate\":\"2023-04-03\",\"duns\":\"118989042\",\"numberOfEmployees\":{\"@type\":\"QuantitativeValue\",\"minValue\":\"11\",\"maxValue\":\"50\"},\"publishingPrinciples\":\"https:\/\/talkpal.ai\/publishing-principles\/\",\"actionableFeedbackPolicy\":\"https:\/\/talkpal.ai\/actionable-feedback-policy\/\",\"correctionsPolicy\":\"https:\/\/talkpal.ai\/corrections-policy\/\",\"ethicsPolicy\":\"https:\/\/talkpal.ai\/ethics-policy\/\",\"diversityPolicy\":\"https:\/\/talkpal.ai\/diversity-policy\/\",\"diversityStaffingReport\":\"https:\/\/talkpal.ai\/diversity-policy\/\"}]}<\/script>\n<!-- \/ Yoast SEO Premium plugin. -->","yoast_head_json":{"title":"Gramatyka kannada - Talkpal","description":"Naucz si\u0119 gramatyki j\u0119zyka kannada - zrozum kluczowe zasady, popraw konstrukcj\u0119 zda\u0144 i zwi\u0119ksz p\u0142ynno\u015b\u0107.","robots":{"index":"index","follow":"follow","max-snippet":"max-snippet:-1","max-image-preview":"max-image-preview:large","max-video-preview":"max-video-preview:-1"},"canonical":"https:\/\/talkpal.ai\/pl\/gramatyka-kannada\/","og_locale":"pl_PL","og_type":"article","og_title":"Gramatyka kannada","og_description":"Gramatyka kannada: wgl\u0105d w bogactwo j\u0119zyka drawidyjskiego Czy zastanawia\u0142e\u015b si\u0119 kiedy\u015b nad r\u00f3\u017cnorodno\u015bci\u0105 j\u0119zykow\u0105 Indii? Jako entuzjasta j\u0119zyk\u00f3w lub","og_url":"https:\/\/talkpal.ai\/pl\/gramatyka-kannada\/","og_site_name":"Talkpal","article_publisher":"https:\/\/www.facebook.com\/profile.php?id=100090733639311","article_modified_time":"2025-12-11T16:22:01+00:00","og_image":[{"width":512,"height":512,"url":"https:\/\/talkpal.ai\/wp-content\/uploads\/2023\/05\/Kannada-india.png","type":"image\/png"}],"twitter_card":"summary_large_image","twitter_site":"@talkpalai","twitter_misc":{"Szacowany czas czytania":"3 minuty"},"schema":{"@context":"https:\/\/schema.org","@graph":[{"@type":"WebPage","@id":"https:\/\/talkpal.ai\/pl\/gramatyka-kannada\/","url":"https:\/\/talkpal.ai\/pl\/gramatyka-kannada\/","name":"Gramatyka kannada - Talkpal","isPartOf":{"@id":"https:\/\/talkpal.ai\/pl\/#website"},"primaryImageOfPage":{"@id":"https:\/\/talkpal.ai\/pl\/gramatyka-kannada\/#primaryimage"},"image":{"@id":"https:\/\/talkpal.ai\/pl\/gramatyka-kannada\/#primaryimage"},"thumbnailUrl":"https:\/\/talkpal.ai\/wp-content\/uploads\/2023\/05\/Kannada-india.png","datePublished":"2023-05-14T14:09:47+00:00","dateModified":"2025-12-11T16:22:01+00:00","description":"Naucz si\u0119 gramatyki j\u0119zyka kannada - zrozum kluczowe zasady, popraw konstrukcj\u0119 zda\u0144 i zwi\u0119ksz p\u0142ynno\u015b\u0107.","breadcrumb":{"@id":"https:\/\/talkpal.ai\/pl\/gramatyka-kannada\/#breadcrumb"},"inLanguage":"pl-PL","potentialAction":[{"@type":"ReadAction","target":["https:\/\/talkpal.ai\/pl\/gramatyka-kannada\/"]}]},{"@type":"ImageObject","inLanguage":"pl-PL","@id":"https:\/\/talkpal.ai\/pl\/gramatyka-kannada\/#primaryimage","url":"https:\/\/talkpal.ai\/wp-content\/uploads\/2023\/05\/Kannada-india.png","contentUrl":"https:\/\/talkpal.ai\/wp-content\/uploads\/2023\/05\/Kannada-india.png","width":512,"height":512},{"@type":"BreadcrumbList","@id":"https:\/\/talkpal.ai\/pl\/gramatyka-kannada\/#breadcrumb","itemListElement":[{"@type":"ListItem","position":1,"name":"Homepage","item":"https:\/\/talkpal.ai\/pl\/"},{"@type":"ListItem","position":2,"name":"Gramatyka kannada"}]},{"@type":"WebSite","@id":"https:\/\/talkpal.ai\/pl\/#website","url":"https:\/\/talkpal.ai\/pl\/","name":"Talkpal","description":"AI Language Learning","publisher":{"@id":"https:\/\/talkpal.ai\/pl\/#organization"},"alternateName":"Talkpal AI","potentialAction":[{"@type":"SearchAction","target":{"@type":"EntryPoint","urlTemplate":"https:\/\/talkpal.ai\/pl\/?s={search_term_string}"},"query-input":{"@type":"PropertyValueSpecification","valueRequired":true,"valueName":"search_term_string"}}],"inLanguage":"pl-PL"},{"@type":"Organization","@id":"https:\/\/talkpal.ai\/pl\/#organization","name":"Talkpal, Inc.","alternateName":"Talkpal AI","url":"https:\/\/talkpal.ai\/pl\/","logo":{"@type":"ImageObject","inLanguage":"pl-PL","@id":"https:\/\/talkpal.ai\/pl\/#\/schema\/logo\/image\/","url":"https:\/\/talkpal.ai\/wp-content\/uploads\/2024\/03\/Talkpal-Logo-Icon.png","contentUrl":"https:\/\/talkpal.ai\/wp-content\/uploads\/2024\/03\/Talkpal-Logo-Icon.png","width":2880,"height":2880,"caption":"Talkpal, Inc."},"image":{"@id":"https:\/\/talkpal.ai\/pl\/#\/schema\/logo\/image\/"},"sameAs":["https:\/\/www.facebook.com\/profile.php?id=100090733639311","https:\/\/x.com\/talkpalai","https:\/\/www.linkedin.com\/company\/talkpal\/","https:\/\/www.youtube.com\/@TalkPal\/","https:\/\/www.tiktok.com\/@talkpal","https:\/\/www.instagram.com\/talkpal_ai\/","https:\/\/www.crunchbase.com\/organization\/talkpal-9cde","https:\/\/www.g2.com\/products\/talkpal-for-business\/","https:\/\/www.trustpilot.com\/review\/talkpal.ai","https:\/\/www.capterra.com\/p\/10006800\/TalkPal\/"],"description":"Talkpal is a language learning web and mobile education app, powered by the latest AI technologies, that provides engaging experiences to its customers in many different languages to help them improve their language skills. Users can chat about unlimited amount of topics with the app and use other modes to practice their language learning.","email":"support@talkpal.ai","legalName":"Talkpal, Inc.","foundingDate":"2023-04-03","duns":"118989042","numberOfEmployees":{"@type":"QuantitativeValue","minValue":"11","maxValue":"50"},"publishingPrinciples":"https:\/\/talkpal.ai\/publishing-principles\/","actionableFeedbackPolicy":"https:\/\/talkpal.ai\/actionable-feedback-policy\/","correctionsPolicy":"https:\/\/talkpal.ai\/corrections-policy\/","ethicsPolicy":"https:\/\/talkpal.ai\/ethics-policy\/","diversityPolicy":"https:\/\/talkpal.ai\/diversity-policy\/","diversityStaffingReport":"https:\/\/talkpal.ai\/diversity-policy\/"}]}},"_links":{"self":[{"href":"https:\/\/talkpal.ai\/pl\/wp-json\/wp\/v2\/pages\/145426","targetHints":{"allow":["GET"]}}],"collection":[{"href":"https:\/\/talkpal.ai\/pl\/wp-json\/wp\/v2\/pages"}],"about":[{"href":"https:\/\/talkpal.ai\/pl\/wp-json\/wp\/v2\/types\/page"}],"author":[{"embeddable":true,"href":"https:\/\/talkpal.ai\/pl\/wp-json\/wp\/v2\/users\/1"}],"replies":[{"embeddable":true,"href":"https:\/\/talkpal.ai\/pl\/wp-json\/wp\/v2\/comments?post=145426"}],"version-history":[{"count":0,"href":"https:\/\/talkpal.ai\/pl\/wp-json\/wp\/v2\/pages\/145426\/revisions"}],"wp:featuredmedia":[{"embeddable":true,"href":"https:\/\/talkpal.ai\/pl\/wp-json\/wp\/v2\/media\/145433"}],"wp:attachment":[{"href":"https:\/\/talkpal.ai\/pl\/wp-json\/wp\/v2\/media?parent=145426"}],"curies":[{"name":"wp","href":"https:\/\/api.w.org\/{rel}","templated":true}]}}