{"id":145300,"date":"2023-05-14T14:09:29","date_gmt":"2023-05-14T14:09:29","guid":{"rendered":"http:\/\/talkpal.ai\/gramatyka-indonezyjska\/"},"modified":"2025-12-13T15:42:36","modified_gmt":"2025-12-13T15:42:36","slug":"gramatyka-indonezyjska","status":"publish","type":"page","link":"https:\/\/talkpal.ai\/pl\/gramatyka-indonezyjska\/","title":{"rendered":"Gramatyka indonezyjska"},"content":{"rendered":"\r\n\r\n\r\n<section class=\"languageChallengeSection\">\r\n    <div class=\"languageInfoWrapper\">\r\n        \r\n        <h1>Gramatyka indonezyjska<\/h1>\r\n        <p>Chcesz opanowa\u0107 j\u0119zyk indonezyjski? Dzi\u0119ki prostej gramatyce &#8211; bez koniugacji czasownik\u00f3w, bez rodzaju rzeczownik\u00f3w i prostej strukturze zda\u0144 &#8211; j\u0119zyk indonezyjski jest jednym z najbardziej przyjaznych dla ucz\u0105cych si\u0119. Rozpocznij swoj\u0105 podr\u00f3\u017c ju\u017c dzi\u015b i zobacz, jak zrozumienie gramatyki indonezyjskiej mo\u017ce szybko otworzy\u0107 \u015bwiat komunikacji i \u017cywych do\u015bwiadcze\u0144 kulturowych!<\/p>\r\n\r\n                            <a class=\"getStartedHidden\" href=\"https:\/\/app.talkpal.ai\/pl\/signup?lng=\">Zaczynaj<\/a>\r\n        \r\n    <\/div>\r\n\r\n    <figure>\r\n    <img decoding=\"async\" width=\"768\" height=\"768\" src=\"https:\/\/talkpal.ai\/wp-content\/uploads\/2023\/06\/indonesia-768x768.png\" class=\"languageImage no-lazy\" alt=\"Language learning for personal achievement\" fetchpriority=\"high\" sizes=\"(max-width: 768px) 150px, 768px\" srcset=\"https:\/\/talkpal.ai\/wp-content\/uploads\/2023\/06\/indonesia-768x768.png 768w, https:\/\/talkpal.ai\/wp-content\/uploads\/2023\/06\/indonesia-300x300.png 300w\" \/>\r\n    \r\n\r\n    <\/figure>\r\n\r\n            <a class=\"getStartedVisible\" href=\"https:\/\/app.talkpal.ai\/pl\/signup?lng=\">Zaczynaj<\/a>\r\n    \r\n<\/section>\r\n<section class=\"promotionalBanner\">\r\n    <p class=\"promotionalText\"><\/p>\r\n    <a class=\"promotionalLink\" href=\"https:\/\/app.talkpal.ai\/pl\/signup?lng=\"><\/a>\r\n<\/section>\n<div class=\"wp-block-group pageContainerStyle\"><div class=\"wp-block-group__inner-container is-layout-constrained wp-block-group-is-layout-constrained\">\n<h2 class=\"wp-block-heading\" id=\"h-the-wonders-of-indonesian-grammar-a-guide-for-language-learners\">Cuda gramatyki indonezyjskiej: przewodnik dla ucz\u0105cych si\u0119 j\u0119zyk\u00f3w<\/h2>\n\n\n\n<p><a href=\"https:\/\/talkpal.ai\/indonesian-grammar\/\">Gramatyka indonezyjska<\/a> &#8211; prosta, ale elegancka, przyjazna, ale wci\u0105gaj\u0105ca, przyst\u0119pna, ale zachwycaj\u0105ca. Wyruszaj\u0105c w podr\u00f3\u017c, aby <a href=\"https:\/\/talkpal.ai\/pl\/jak-szybko-i-skutecznie-nauczyc-sie-nowego-jezyka\/\">nauczy\u0107 si\u0119 j\u0119zyka<\/a> indonezyjskiego, mo\u017cesz mie\u0107 pewno\u015b\u0107, \u017ce zrozumienie jego gramatyki b\u0119dzie przyjemnym do\u015bwiadczeniem. W tym artykule chcemy zapewni\u0107 Ci zrozumienie kluczowych aspekt\u00f3w gramatyki indonezyjskiej i pom\u00f3c Ci zrozumie\u0107 pi\u0119kno tego j\u0119zyka Azji Po\u0142udniowo-Wschodniej.<\/p>\n\n\n\n<p>Zag\u0142\u0119bmy si\u0119 w podstawowe elementy gramatyki indonezyjskiej, z wyja\u015bnieniami i przyk\u0142adami, kt\u00f3re sprawiaj\u0105, \u017ce zasady i poj\u0119cia s\u0105 zachwycaj\u0105co jasne. Usi\u0105d\u017a wygodnie, zrelaksuj si\u0119 i pozw\u00f3l nam odkry\u0107 dla Ciebie fascynuj\u0105ce sekrety gramatyki indonezyjskiej.<\/p>\n\n\n\n<h3 class=\"wp-block-heading\" id=\"h-1-nouns-no-genders-no-plurals-no-stress\">1. Rzeczowniki: bez rodzaj\u00f3w, bez liczby mnogiej, bez stresu!<\/h3>\n\n\n\n<p>Jednym z najbardziej od\u015bwie\u017caj\u0105cych aspekt\u00f3w gramatyki indonezyjskiej jest prostota jej systemu rzeczownik\u00f3w. Rzeczowniki indonezyjskie nie maj\u0105 rodzaju ani liczby mnogiej. Oznacza to, \u017ce m\u00f3wi si\u0119 &#8222;anjing&#8221; (pies) niezale\u017cnie od tego, czy chodzi o jednego szczeniaka, czy grup\u0119 doros\u0142ych ps\u00f3w.<\/p>\n\n\n\n<p>Aby okre\u015bli\u0107 form\u0119 liczby mnogiej, mo\u017cna albo powt\u00f3rzy\u0107 rzeczownik (np. &#8222;anak-anak&#8221; dla &#8222;dzieci&#8221;), albo u\u017cy\u0107 okre\u015blenia ilo\u015bciowego, takiego jak &#8222;banyak&#8221; (wiele) lub &#8222;beberapa&#8221; (niekt\u00f3re). To wszystko! Czy\u017c nie jest to powiew \u015bwie\u017co\u015bci w por\u00f3wnaniu z innymi j\u0119zykami?<\/p>\n\n\n\n<h3 class=\"wp-block-heading\" id=\"h-2-pronouns-staying-humble-and-respectful\">2. Zaimki: Pozostawanie pokornym i pe\u0142nym szacunku<\/h3>\n\n\n\n<p><a href=\"https:\/\/talkpal.ai\/grammar\/\">Gramatyka<\/a> indonezyjska wykorzystuje r\u00f3\u017cne zaimki w oparciu o r\u00f3\u017cne poziomy formalno\u015bci. U\u017cywanie odpowiedniego zaimka podczas zwracania si\u0119 do kogo\u015b jest niezb\u0119dne, aby okaza\u0107 szacunek i pokor\u0119. Na przyk\u0142ad &#8222;aku&#8221; (ja\/mnie) jest swobodne i intymne, &#8222;saya&#8221; jest grzeczne i neutralne, a &#8222;saya&#8221; jest formalne i skromne. Podobnie, &#8222;kamu&#8221; (ty) jest nieformalne, &#8222;Anda&#8221; jest grzeczne, a &#8222;Bapak\/Ibu&#8221; (pan\/pani) jest zarezerwowane dla bardzo formalnych sytuacji.<\/p>\n\n\n\n<p>Pami\u0119taj, \u017ce w nowych lub niepewnych sytuacjach zawsze warto by\u0107 uprzejmym.<\/p>\n\n\n\n<h3 class=\"wp-block-heading\" id=\"h-3-verbs-no-conjugations-but-prefixes-and-suffixes-galore\">3. Czasowniki: bez koniugacji, ale z przedrostkami i przyrostkami w br\u00f3d!<\/h3>\n\n\n\n<p>Czasowniki indonezyjskie pozostaj\u0105 niezmienione niezale\u017cnie od czasu, nastroju lub tematu, co czyni je znacznie prostszymi ni\u017c czasowniki w wielu innych j\u0119zykach. B\u0119dziesz jednak musia\u0142 opanowa\u0107 u\u017cycie przedrostk\u00f3w i przyrostk\u00f3w, aby zmodyfikowa\u0107 znaczenie czasownika.<\/p>\n\n\n\n<p>Niekt\u00f3re z popularnych przedrostk\u00f3w to &#8222;me-&#8221; (czasowniki czynne), &#8222;di-&#8221; (czasowniki bierne) i &#8222;ber-&#8221; (czasowniki statyczne). Typowe przyrostki obejmuj\u0105 &#8222;-kan&#8221; (czasowniki sprawcze) i &#8222;-i&#8221; (czasowniki przechodnie). Na przyk\u0142ad &#8222;makan&#8221; oznacza &#8222;je\u015b\u0107&#8221;, &#8222;memakan&#8221; oznacza &#8222;spo\u017cywa\u0107&#8221;, a &#8222;dimakan&#8221; oznacza &#8222;by\u0107 zjedzonym&#8221;.<\/p>\n\n\n\n<h3 class=\"wp-block-heading\" id=\"h-4-word-order-subject-verb-object-simplicity\">4. Szyk wyraz\u00f3w: prostota podmiot-orzeczenie-dope\u0142nienie!<\/h3>\n\n\n\n<p>Gramatyka indonezyjska jest zgodna z prostym szykiem wyraz\u00f3w podmiot-orzeczenie-dope\u0142nienie (SVO), podobnie jak w j\u0119zyku angielskim. To sprawia, \u017ce konstruowanie zda\u0144 i rozumienie jest znacznie \u0142atwiejsze dla os\u00f3b angloj\u0119zycznych. Na przyk\u0142ad, &#8222;Saya memakan pisang&#8221; t\u0142umaczy si\u0119 bezpo\u015brednio na &#8222;I (podmiot) eat (czasownik) banana (przedmiot)&#8221;.<\/p>\n\n\n\n<h3 class=\"wp-block-heading\" id=\"h-5-immerse-yourself-in-indonesian-practice-makes-perfect\">5. Zanurz si\u0119 w j\u0119zyku indonezyjskim: praktyka czyni mistrza<\/h3>\n\n\n\n<p>Pi\u0119kno gramatyki indonezyjskiej tkwi w jej prostocie i przyst\u0119pno\u015bci. Regularna praktyka poprzez czytanie, pisanie, s\u0142uchanie i m\u00f3wienie pomo\u017ce Ci opanowa\u0107 j\u0119zyk i jego gramatyk\u0119. Podejmij wyzwania, pokonaj zawi\u0142o\u015bci i odkryj prawdziwy urok j\u0119zyka indonezyjskiego.<\/p>\n\n\n\n<p>Czy jeste\u015b gotowy, aby zag\u0142\u0119bi\u0107 si\u0119 w cuda gramatyki indonezyjskiej? Podejd\u017a do tego z pewno\u015bci\u0105 siebie i ciekawo\u015bci\u0105, a dzi\u0119ki zaanga\u017cowaniu i podekscytowaniu mo\u017cesz wkr\u00f3tce sta\u0107 si\u0119 elokwentnym m\u00f3wc\u0105 po indonezyjsku. Selamat belajar! (Mi\u0142ej nauki!)<\/p>\n<\/div><\/div>\n\r\n<section class=\"learnNavigationSection\">\r\n            \r\n        <a href=\"https:\/\/talkpal.ai\/pl\/naucz-sie-indonezyjskiego\/\">\r\n            <div class=\"learnNavigationWrapper\">\r\n                <div class=\"learnNavigationContent\">\r\n                    <img decoding=\"async\" src=\"https:\/\/talkpal.ai\/wp-content\/uploads\/2024\/08\/Indonesian.jpg\" alt=\"Indonesian Flag\">\r\n                    <div>\r\n                        <h4>O nauce j\u0119zyka indonezyjskiego<\/h4>\r\n                        <p>Dowiedz si\u0119 wszystkiego o gramatyce indonezyjskiej .<\/p>\r\n                    <\/div>\r\n                <\/div>\r\n            <\/div>\r\n        <\/a>\r\n\r\n        \r\n        <a href=\"https:\/\/talkpal.ai\/pl\/cwiczenia-gramatyczne-z-jezyka-indonezyjskiego\/\">\r\n            <div class=\"learnNavigationWrapper\">\r\n                <div class=\"learnNavigationContent\">\r\n                    <img decoding=\"async\" src=\"https:\/\/talkpal.ai\/wp-content\/uploads\/2024\/08\/Indonesian.jpg\" alt=\"Indonesian Flag\">\r\n                    <div>\r\n                        <h4>\u0106wiczenie z gramatyki j\u0119zyka indonezyjskiego<\/h4>\r\n                        <p>\u0106wicz gramatyk\u0119 indonezyjsk\u0105 .<\/p>\r\n                    <\/div>\r\n                <\/div>\r\n            <\/div>\r\n        <\/a>\r\n\r\n        \r\n        <a href=\"https:\/\/talkpal.ai\/vocabulary_language\/indonesian\/\">\r\n            <div class=\"learnNavigationWrapper\">\r\n                <div class=\"learnNavigationContent\">\r\n                    <img decoding=\"async\" src=\"https:\/\/talkpal.ai\/wp-content\/uploads\/2024\/08\/Indonesian.jpg\" alt=\"Indonesian Flag\">\r\n                    <div>\r\n                        <h4>S\u0142ownictwo indonezyjskie<\/h4>\r\n                        <p>Poszerz swoje indonezyjskie s\u0142ownictwo.<\/p>\r\n                    <\/div>\r\n                <\/div>\r\n            <\/div>\r\n        <\/a>\r\n\r\n            <\/section>","protected":false},"excerpt":{"rendered":"<p>Cuda gramatyki indonezyjskiej: przewodnik dla ucz\u0105cych si\u0119 j\u0119zyk\u00f3w Gramatyka indonezyjska &#8211; prosta, ale elegancka, przyjazna, ale wci\u0105gaj\u0105ca, przyst\u0119pna, ale zachwycaj\u0105ca. Wyruszaj\u0105c w podr\u00f3\u017c, aby nauczy\u0107 si\u0119 j\u0119zyka indonezyjskiego, mo\u017cesz mie\u0107 pewno\u015b\u0107, \u017ce zrozumienie jego gramatyki b\u0119dzie przyjemnym do\u015bwiadczeniem. W tym artykule chcemy zapewni\u0107 Ci zrozumienie kluczowych aspekt\u00f3w gramatyki indonezyjskiej i pom\u00f3c Ci zrozumie\u0107 pi\u0119kno tego [&hellip;]<\/p>\n","protected":false},"author":1,"featured_media":113909,"parent":0,"menu_order":0,"comment_status":"closed","ping_status":"closed","template":"LearningContentPage.php","meta":{"_acf_changed":false,"footnotes":""},"class_list":["post-145300","page","type-page","status-publish","has-post-thumbnail","hentry"],"acf":[],"yoast_head":"<!-- This site is optimized with the Yoast SEO Premium plugin v27.2 (Yoast SEO v27.2) - https:\/\/yoast.com\/product\/yoast-seo-premium-wordpress\/ -->\n<title>Gramatyka indonezyjska - Talkpal<\/title>\n<meta name=\"description\" content=\"Opanuj gramatyk\u0119 indonezyjsk\u0105 bez wysi\u0142ku dzi\u0119ki aplikacji do nauki j\u0119zyka AI Talkpal. Komunikuj si\u0119 pewnie, korzystaj\u0105c z Talkpalopartych na sztucznej inteligencji.\" \/>\n<meta name=\"robots\" content=\"index, follow, max-snippet:-1, max-image-preview:large, max-video-preview:-1\" \/>\n<link rel=\"canonical\" href=\"https:\/\/talkpal.ai\/pl\/gramatyka-indonezyjska\/\" \/>\n<meta property=\"og:locale\" content=\"pl_PL\" \/>\n<meta property=\"og:type\" content=\"article\" \/>\n<meta property=\"og:title\" content=\"Gramatyka indonezyjska\" \/>\n<meta property=\"og:description\" content=\"Cuda gramatyki indonezyjskiej: przewodnik dla ucz\u0105cych si\u0119 j\u0119zyk\u00f3w Gramatyka indonezyjska - prosta, ale elegancka, przyjazna, ale wci\u0105gaj\u0105ca, przyst\u0119pna,\" \/>\n<meta property=\"og:url\" content=\"https:\/\/talkpal.ai\/pl\/gramatyka-indonezyjska\/\" \/>\n<meta property=\"og:site_name\" content=\"Talkpal\" \/>\n<meta property=\"article:publisher\" content=\"https:\/\/www.facebook.com\/profile.php?id=100090733639311\" \/>\n<meta property=\"article:modified_time\" content=\"2025-12-13T15:42:36+00:00\" \/>\n<meta property=\"og:image\" content=\"https:\/\/talkpal.ai\/wp-content\/uploads\/2023\/05\/indonesia.png\" \/>\n\t<meta property=\"og:image:width\" content=\"512\" \/>\n\t<meta property=\"og:image:height\" content=\"512\" \/>\n\t<meta property=\"og:image:type\" content=\"image\/png\" \/>\n<meta name=\"twitter:card\" content=\"summary_large_image\" \/>\n<meta name=\"twitter:site\" content=\"@talkpalai\" \/>\n<meta name=\"twitter:label1\" content=\"Szacowany czas czytania\" \/>\n\t<meta name=\"twitter:data1\" content=\"3 minuty\" \/>\n<script type=\"application\/ld+json\" class=\"yoast-schema-graph\">{\"@context\":\"https:\/\/schema.org\",\"@graph\":[{\"@type\":\"WebPage\",\"@id\":\"https:\/\/talkpal.ai\/pl\/gramatyka-indonezyjska\/\",\"url\":\"https:\/\/talkpal.ai\/pl\/gramatyka-indonezyjska\/\",\"name\":\"Gramatyka indonezyjska - Talkpal\",\"isPartOf\":{\"@id\":\"https:\/\/talkpal.ai\/pl\/#website\"},\"primaryImageOfPage\":{\"@id\":\"https:\/\/talkpal.ai\/pl\/gramatyka-indonezyjska\/#primaryimage\"},\"image\":{\"@id\":\"https:\/\/talkpal.ai\/pl\/gramatyka-indonezyjska\/#primaryimage\"},\"thumbnailUrl\":\"https:\/\/talkpal.ai\/wp-content\/uploads\/2023\/05\/indonesia.png\",\"datePublished\":\"2023-05-14T14:09:29+00:00\",\"dateModified\":\"2025-12-13T15:42:36+00:00\",\"description\":\"Opanuj gramatyk\u0119 indonezyjsk\u0105 bez wysi\u0142ku dzi\u0119ki aplikacji do nauki j\u0119zyka AI Talkpal. Komunikuj si\u0119 pewnie, korzystaj\u0105c z Talkpalopartych na sztucznej inteligencji.\",\"breadcrumb\":{\"@id\":\"https:\/\/talkpal.ai\/pl\/gramatyka-indonezyjska\/#breadcrumb\"},\"inLanguage\":\"pl-PL\",\"potentialAction\":[{\"@type\":\"ReadAction\",\"target\":[\"https:\/\/talkpal.ai\/pl\/gramatyka-indonezyjska\/\"]}]},{\"@type\":\"ImageObject\",\"inLanguage\":\"pl-PL\",\"@id\":\"https:\/\/talkpal.ai\/pl\/gramatyka-indonezyjska\/#primaryimage\",\"url\":\"https:\/\/talkpal.ai\/wp-content\/uploads\/2023\/05\/indonesia.png\",\"contentUrl\":\"https:\/\/talkpal.ai\/wp-content\/uploads\/2023\/05\/indonesia.png\",\"width\":512,\"height\":512},{\"@type\":\"BreadcrumbList\",\"@id\":\"https:\/\/talkpal.ai\/pl\/gramatyka-indonezyjska\/#breadcrumb\",\"itemListElement\":[{\"@type\":\"ListItem\",\"position\":1,\"name\":\"Homepage\",\"item\":\"https:\/\/talkpal.ai\/pl\/\"},{\"@type\":\"ListItem\",\"position\":2,\"name\":\"Gramatyka indonezyjska\"}]},{\"@type\":\"WebSite\",\"@id\":\"https:\/\/talkpal.ai\/pl\/#website\",\"url\":\"https:\/\/talkpal.ai\/pl\/\",\"name\":\"Talkpal\",\"description\":\"AI Language Learning\",\"publisher\":{\"@id\":\"https:\/\/talkpal.ai\/pl\/#organization\"},\"alternateName\":\"Talkpal AI\",\"potentialAction\":[{\"@type\":\"SearchAction\",\"target\":{\"@type\":\"EntryPoint\",\"urlTemplate\":\"https:\/\/talkpal.ai\/pl\/?s={search_term_string}\"},\"query-input\":{\"@type\":\"PropertyValueSpecification\",\"valueRequired\":true,\"valueName\":\"search_term_string\"}}],\"inLanguage\":\"pl-PL\"},{\"@type\":\"Organization\",\"@id\":\"https:\/\/talkpal.ai\/pl\/#organization\",\"name\":\"Talkpal, Inc.\",\"alternateName\":\"Talkpal AI\",\"url\":\"https:\/\/talkpal.ai\/pl\/\",\"logo\":{\"@type\":\"ImageObject\",\"inLanguage\":\"pl-PL\",\"@id\":\"https:\/\/talkpal.ai\/pl\/#\/schema\/logo\/image\/\",\"url\":\"https:\/\/talkpal.ai\/wp-content\/uploads\/2024\/03\/Talkpal-Logo-Icon.png\",\"contentUrl\":\"https:\/\/talkpal.ai\/wp-content\/uploads\/2024\/03\/Talkpal-Logo-Icon.png\",\"width\":2880,\"height\":2880,\"caption\":\"Talkpal, Inc.\"},\"image\":{\"@id\":\"https:\/\/talkpal.ai\/pl\/#\/schema\/logo\/image\/\"},\"sameAs\":[\"https:\/\/www.facebook.com\/profile.php?id=100090733639311\",\"https:\/\/x.com\/talkpalai\",\"https:\/\/www.linkedin.com\/company\/talkpal\/\",\"https:\/\/www.youtube.com\/@TalkPal\/\",\"https:\/\/www.tiktok.com\/@talkpal\",\"https:\/\/www.instagram.com\/talkpal_ai\/\",\"https:\/\/www.crunchbase.com\/organization\/talkpal-9cde\",\"https:\/\/www.g2.com\/products\/talkpal-for-business\/\",\"https:\/\/www.trustpilot.com\/review\/talkpal.ai\",\"https:\/\/www.capterra.com\/p\/10006800\/TalkPal\/\"],\"description\":\"Talkpal is a language learning web and mobile education app, powered by the latest AI technologies, that provides engaging experiences to its customers in many different languages to help them improve their language skills. Users can chat about unlimited amount of topics with the app and use other modes to practice their language learning.\",\"email\":\"support@talkpal.ai\",\"legalName\":\"Talkpal, Inc.\",\"foundingDate\":\"2023-04-03\",\"duns\":\"118989042\",\"numberOfEmployees\":{\"@type\":\"QuantitativeValue\",\"minValue\":\"11\",\"maxValue\":\"50\"},\"publishingPrinciples\":\"https:\/\/talkpal.ai\/publishing-principles\/\",\"actionableFeedbackPolicy\":\"https:\/\/talkpal.ai\/actionable-feedback-policy\/\",\"correctionsPolicy\":\"https:\/\/talkpal.ai\/corrections-policy\/\",\"ethicsPolicy\":\"https:\/\/talkpal.ai\/ethics-policy\/\",\"diversityPolicy\":\"https:\/\/talkpal.ai\/diversity-policy\/\",\"diversityStaffingReport\":\"https:\/\/talkpal.ai\/diversity-policy\/\"}]}<\/script>\n<!-- \/ Yoast SEO Premium plugin. -->","yoast_head_json":{"title":"Gramatyka indonezyjska - Talkpal","description":"Opanuj gramatyk\u0119 indonezyjsk\u0105 bez wysi\u0142ku dzi\u0119ki aplikacji do nauki j\u0119zyka AI Talkpal. Komunikuj si\u0119 pewnie, korzystaj\u0105c z Talkpalopartych na sztucznej inteligencji.","robots":{"index":"index","follow":"follow","max-snippet":"max-snippet:-1","max-image-preview":"max-image-preview:large","max-video-preview":"max-video-preview:-1"},"canonical":"https:\/\/talkpal.ai\/pl\/gramatyka-indonezyjska\/","og_locale":"pl_PL","og_type":"article","og_title":"Gramatyka indonezyjska","og_description":"Cuda gramatyki indonezyjskiej: przewodnik dla ucz\u0105cych si\u0119 j\u0119zyk\u00f3w Gramatyka indonezyjska - prosta, ale elegancka, przyjazna, ale wci\u0105gaj\u0105ca, przyst\u0119pna,","og_url":"https:\/\/talkpal.ai\/pl\/gramatyka-indonezyjska\/","og_site_name":"Talkpal","article_publisher":"https:\/\/www.facebook.com\/profile.php?id=100090733639311","article_modified_time":"2025-12-13T15:42:36+00:00","og_image":[{"width":512,"height":512,"url":"https:\/\/talkpal.ai\/wp-content\/uploads\/2023\/05\/indonesia.png","type":"image\/png"}],"twitter_card":"summary_large_image","twitter_site":"@talkpalai","twitter_misc":{"Szacowany czas czytania":"3 minuty"},"schema":{"@context":"https:\/\/schema.org","@graph":[{"@type":"WebPage","@id":"https:\/\/talkpal.ai\/pl\/gramatyka-indonezyjska\/","url":"https:\/\/talkpal.ai\/pl\/gramatyka-indonezyjska\/","name":"Gramatyka indonezyjska - Talkpal","isPartOf":{"@id":"https:\/\/talkpal.ai\/pl\/#website"},"primaryImageOfPage":{"@id":"https:\/\/talkpal.ai\/pl\/gramatyka-indonezyjska\/#primaryimage"},"image":{"@id":"https:\/\/talkpal.ai\/pl\/gramatyka-indonezyjska\/#primaryimage"},"thumbnailUrl":"https:\/\/talkpal.ai\/wp-content\/uploads\/2023\/05\/indonesia.png","datePublished":"2023-05-14T14:09:29+00:00","dateModified":"2025-12-13T15:42:36+00:00","description":"Opanuj gramatyk\u0119 indonezyjsk\u0105 bez wysi\u0142ku dzi\u0119ki aplikacji do nauki j\u0119zyka AI Talkpal. Komunikuj si\u0119 pewnie, korzystaj\u0105c z Talkpalopartych na sztucznej inteligencji.","breadcrumb":{"@id":"https:\/\/talkpal.ai\/pl\/gramatyka-indonezyjska\/#breadcrumb"},"inLanguage":"pl-PL","potentialAction":[{"@type":"ReadAction","target":["https:\/\/talkpal.ai\/pl\/gramatyka-indonezyjska\/"]}]},{"@type":"ImageObject","inLanguage":"pl-PL","@id":"https:\/\/talkpal.ai\/pl\/gramatyka-indonezyjska\/#primaryimage","url":"https:\/\/talkpal.ai\/wp-content\/uploads\/2023\/05\/indonesia.png","contentUrl":"https:\/\/talkpal.ai\/wp-content\/uploads\/2023\/05\/indonesia.png","width":512,"height":512},{"@type":"BreadcrumbList","@id":"https:\/\/talkpal.ai\/pl\/gramatyka-indonezyjska\/#breadcrumb","itemListElement":[{"@type":"ListItem","position":1,"name":"Homepage","item":"https:\/\/talkpal.ai\/pl\/"},{"@type":"ListItem","position":2,"name":"Gramatyka indonezyjska"}]},{"@type":"WebSite","@id":"https:\/\/talkpal.ai\/pl\/#website","url":"https:\/\/talkpal.ai\/pl\/","name":"Talkpal","description":"AI Language Learning","publisher":{"@id":"https:\/\/talkpal.ai\/pl\/#organization"},"alternateName":"Talkpal AI","potentialAction":[{"@type":"SearchAction","target":{"@type":"EntryPoint","urlTemplate":"https:\/\/talkpal.ai\/pl\/?s={search_term_string}"},"query-input":{"@type":"PropertyValueSpecification","valueRequired":true,"valueName":"search_term_string"}}],"inLanguage":"pl-PL"},{"@type":"Organization","@id":"https:\/\/talkpal.ai\/pl\/#organization","name":"Talkpal, Inc.","alternateName":"Talkpal AI","url":"https:\/\/talkpal.ai\/pl\/","logo":{"@type":"ImageObject","inLanguage":"pl-PL","@id":"https:\/\/talkpal.ai\/pl\/#\/schema\/logo\/image\/","url":"https:\/\/talkpal.ai\/wp-content\/uploads\/2024\/03\/Talkpal-Logo-Icon.png","contentUrl":"https:\/\/talkpal.ai\/wp-content\/uploads\/2024\/03\/Talkpal-Logo-Icon.png","width":2880,"height":2880,"caption":"Talkpal, Inc."},"image":{"@id":"https:\/\/talkpal.ai\/pl\/#\/schema\/logo\/image\/"},"sameAs":["https:\/\/www.facebook.com\/profile.php?id=100090733639311","https:\/\/x.com\/talkpalai","https:\/\/www.linkedin.com\/company\/talkpal\/","https:\/\/www.youtube.com\/@TalkPal\/","https:\/\/www.tiktok.com\/@talkpal","https:\/\/www.instagram.com\/talkpal_ai\/","https:\/\/www.crunchbase.com\/organization\/talkpal-9cde","https:\/\/www.g2.com\/products\/talkpal-for-business\/","https:\/\/www.trustpilot.com\/review\/talkpal.ai","https:\/\/www.capterra.com\/p\/10006800\/TalkPal\/"],"description":"Talkpal is a language learning web and mobile education app, powered by the latest AI technologies, that provides engaging experiences to its customers in many different languages to help them improve their language skills. Users can chat about unlimited amount of topics with the app and use other modes to practice their language learning.","email":"support@talkpal.ai","legalName":"Talkpal, Inc.","foundingDate":"2023-04-03","duns":"118989042","numberOfEmployees":{"@type":"QuantitativeValue","minValue":"11","maxValue":"50"},"publishingPrinciples":"https:\/\/talkpal.ai\/publishing-principles\/","actionableFeedbackPolicy":"https:\/\/talkpal.ai\/actionable-feedback-policy\/","correctionsPolicy":"https:\/\/talkpal.ai\/corrections-policy\/","ethicsPolicy":"https:\/\/talkpal.ai\/ethics-policy\/","diversityPolicy":"https:\/\/talkpal.ai\/diversity-policy\/","diversityStaffingReport":"https:\/\/talkpal.ai\/diversity-policy\/"}]}},"_links":{"self":[{"href":"https:\/\/talkpal.ai\/pl\/wp-json\/wp\/v2\/pages\/145300","targetHints":{"allow":["GET"]}}],"collection":[{"href":"https:\/\/talkpal.ai\/pl\/wp-json\/wp\/v2\/pages"}],"about":[{"href":"https:\/\/talkpal.ai\/pl\/wp-json\/wp\/v2\/types\/page"}],"author":[{"embeddable":true,"href":"https:\/\/talkpal.ai\/pl\/wp-json\/wp\/v2\/users\/1"}],"replies":[{"embeddable":true,"href":"https:\/\/talkpal.ai\/pl\/wp-json\/wp\/v2\/comments?post=145300"}],"version-history":[{"count":0,"href":"https:\/\/talkpal.ai\/pl\/wp-json\/wp\/v2\/pages\/145300\/revisions"}],"wp:featuredmedia":[{"embeddable":true,"href":"https:\/\/talkpal.ai\/pl\/wp-json\/wp\/v2\/media\/113909"}],"wp:attachment":[{"href":"https:\/\/talkpal.ai\/pl\/wp-json\/wp\/v2\/media?parent=145300"}],"curies":[{"name":"wp","href":"https:\/\/api.w.org\/{rel}","templated":true}]}}