{"id":144992,"date":"2023-05-14T14:09:11","date_gmt":"2023-05-14T14:09:11","guid":{"rendered":"http:\/\/talkpal.ai\/gramatyka-islandzka\/"},"modified":"2025-12-12T10:35:14","modified_gmt":"2025-12-12T10:35:14","slug":"gramatyka-islandzka","status":"publish","type":"page","link":"https:\/\/talkpal.ai\/pl\/gramatyka-islandzka\/","title":{"rendered":"Gramatyka islandzka"},"content":{"rendered":"\r\n\r\n\r\n<section class=\"languageChallengeSection\">\r\n    <div class=\"languageInfoWrapper\">\r\n        \r\n        <h1>Gramatyka islandzka<\/h1>\r\n        <p>Poznaj fascynuj\u0105c\u0105 struktur\u0119 j\u0119zyka islandzkiego, ucz\u0105c si\u0119 jego podstawowych zasad gramatycznych. Opanowanie islandzkiej gramatyki pomo\u017ce ci skutecznie komunikowa\u0107 si\u0119 i g\u0142\u0119biej zwi\u0105za\u0107 si\u0119 z wyj\u0105tkow\u0105 kultur\u0105 i histori\u0105 Islandii. Rozpocznij nauk\u0119 gramatyki islandzkiej ju\u017c dzi\u015b i zr\u00f3b pierwszy krok w kierunku p\u0142ynnego pos\u0142ugiwania si\u0119 tym j\u0119zykiem!<\/p>\r\n\r\n                            <a class=\"getStartedHidden\" href=\"https:\/\/app.talkpal.ai\/pl\/signup?lng=\">Zaczynaj<\/a>\r\n        \r\n    <\/div>\r\n\r\n    <figure>\r\n    <img decoding=\"async\" width=\"768\" height=\"768\" src=\"https:\/\/talkpal.ai\/wp-content\/uploads\/2023\/06\/Icelandic-768x768.png\" class=\"languageImage no-lazy\" alt=\"Language learning for better job opportunities\" fetchpriority=\"high\" sizes=\"(max-width: 768px) 150px, 768px\" srcset=\"https:\/\/talkpal.ai\/wp-content\/uploads\/2023\/06\/Icelandic-768x768.png 768w, https:\/\/talkpal.ai\/wp-content\/uploads\/2023\/06\/Icelandic-300x300.png 300w\" \/>\r\n    \r\n\r\n    <\/figure>\r\n\r\n            <a class=\"getStartedVisible\" href=\"https:\/\/app.talkpal.ai\/pl\/signup?lng=\">Zaczynaj<\/a>\r\n    \r\n<\/section>\r\n<section class=\"promotionalBanner\">\r\n    <p class=\"promotionalText\">Najbardziej efektywny spos\u00f3b nauki j\u0119zyka<\/p>\r\n    <a class=\"promotionalLink\" href=\"https:\/\/app.talkpal.ai\/pl\/signup?lng=\">Wypr\u00f3buj Talkpal za darmo<\/a>\r\n<\/section>\n<div class=\"wp-block-group pageContainerStyle\"><div class=\"wp-block-group__inner-container is-layout-constrained wp-block-group-is-layout-constrained\">\n<h2 class=\"wp-block-heading\" id=\"h-the-magic-of-icelandic-grammar-unlocking-the-secrets-of-the-viking-tongue\">Magia islandzkiej gramatyki: odkrywanie tajemnic j\u0119zyka wiking\u00f3w<\/h2>\n\n\n\n<h3 class=\"wp-block-heading\" id=\"h-introduction-icelandic-the-land-of-fire-and-ice\">Wprowadzenie: islandzki, kraina ognia i lodu<\/h3>\n\n\n\n<p>J\u0119zyk <a href=\"https:\/\/talkpal.ai\/learn-icelandic\/\">islandzki<\/a>, kt\u00f3rym pos\u0142uguj\u0105 si\u0119 mieszka\u0144cy wspania\u0142ego wyspiarskiego narodu Islandii, s\u0142ynie z bogatej historii, urzekaj\u0105cej tradycji poetyckiej oraz wyj\u0105tkowej zdolno\u015bci do adaptacji i ewolucji z duchem czasu. Wywodz\u0105cy si\u0119 ze staronordyckiego j\u0119zyk islandzki ma szczeg\u00f3lny urok, kt\u00f3ry fascynuje mi\u0142o\u015bnik\u00f3w j\u0119zyka i aspiruj\u0105cych poliglot\u00f3w. A wi\u0119c zapnijcie pasy! Zanurzymy si\u0119 w pi\u0119kny, z\u0142o\u017cony \u015bwiat islandzkiej gramatyki, odkrywaj\u0105c jej tajemnice i ukryte skarby.<\/p>\n\n\n\n<h3 class=\"wp-block-heading\" id=\"h-1-runic-scripts-to-latin-alphabet-a-story-of-transformation\">1. Skrypty runiczne do alfabetu \u0142aci\u0144skiego: historia transformacji<\/h3>\n\n\n\n<p>Alfabet islandzki to przygoda <a href=\"https:\/\/talkpal.ai\/locations\/language-courses-in-sama\/\">sama<\/a> w sobie, sk\u0142adaj\u0105ca si\u0119 z 32 znak\u00f3w, kt\u00f3re wywodz\u0105 si\u0119 z r\u00f3\u017cnych korzeni historycznych. Cho\u0107 alfabet ten opiera si\u0119 g\u0142\u00f3wnie na alfabecie \u0142aci\u0144skim, zachowuje pewne charakterystyczne znaki z pisma runicznego swoich staro\u017cytnych nordyckich przodk\u00f3w. Opanowanie tych znak\u00f3w jest pierwsz\u0105 przeszkod\u0105 w nauce j\u0119zyka, ale dzi\u0119ki praktyce szybko staniesz si\u0119 mistrzem!<\/p>\n\n\n\n<h3 class=\"wp-block-heading\" id=\"h-2-noun-mastery-getting-to-the-roots-of-icelandic-grammar\">2. Bieg\u0142o\u015b\u0107 rzeczownik\u00f3w: dotarcie do korzeni gramatyki islandzkiej<\/h3>\n\n\n\n<p>Jedn\u0105 z podstawowych cech gramatyki islandzkiej jest odmiana rzeczownik\u00f3w wed\u0142ug rodzaju, liczby i przypadku. Rzeczowniki islandzkie mog\u0105 by\u0107 rodzaju \u017ce\u0144skiego, m\u0119skiego lub nijakiego, a ka\u017cda p\u0142e\u0107 ma sw\u00f3j unikalny zestaw zasad deklinacji. Chocia\u017c mo\u017ce si\u0119 to wydawa\u0107 j\u0119zykow\u0105 przeja\u017cd\u017ck\u0105 kolejk\u0105 g\u00f3rsk\u0105, zrozumienie tych zawi\u0142o\u015bci jest niezb\u0119dne do zrozumienia j\u0119zyka jako ca\u0142o\u015bci. Zdobyta wiedza otworzy przed Tob\u0105 \u015bwiat mo\u017cliwo\u015bci wyra\u017cania szeregu subtelnych i z\u0142o\u017conych znacze\u0144 &#8211; prawdziwa chwa\u0142a islandzkiej gramatyki!<\/p>\n\n\n\n<h3 class=\"wp-block-heading\" id=\"h-3-the-mighty-verb-icelandic-s-unsung-hero\">3. Pot\u0119\u017cny czasownik: nieznany bohater j\u0119zyka islandzkiego<\/h3>\n\n\n\n<p>Podobnie jak rzeczowniki, islandzkie czasowniki przechodz\u0105 rozleg\u0142\u0105 transformacj\u0119 w zale\u017cno\u015bci od czasu, nastroju oraz osoby i liczby podmiotu. Ten skomplikowany system mo\u017ce by\u0107 pocz\u0105tkowo zniech\u0119caj\u0105cy, ale wytrzymaj ze mn\u0105! Gdy nauczysz si\u0119 regularnych wzorc\u00f3w i nieregularnych dziwactw, zaczniesz dostrzega\u0107, jak elegancka i wszechstronna mo\u017ce by\u0107 islandzka koniugacja czasownik\u00f3w. Opanowanie islandzkich czasownik\u00f3w odblokuje moc wyra\u017cania my\u015bli, uczu\u0107 i dzia\u0142a\u0144 z precyzj\u0105 i kreatywno\u015bci\u0105.<\/p>\n\n\n\n<h3 class=\"wp-block-heading\" id=\"h-4-word-order-icelandic-s-flexible-backbone\">4. Kolejno\u015b\u0107 s\u0142\u00f3w: Elastyczny kr\u0119gos\u0142up j\u0119zyka islandzkiego<\/h3>\n\n\n\n<p>W przeciwie\u0144stwie do sztywno\u015bci niekt\u00f3rych element\u00f3w gramatyki islandzkiej, j\u0119zyk ten oferuje elastyczno\u015b\u0107 w szyku wyraz\u00f3w. Oznacza to, \u017ce mo\u017cesz umie\u015bci\u0107 podmiot, czasownik i dope\u0142nienie w r\u00f3\u017cnych uk\u0142adach, o ile zachowasz zgodno\u015b\u0107 p\u0142ci, liczby, przypadk\u00f3w i nie tylko &#8211; uwolnisz w sobie artyst\u0119! Dostosowanie zda\u0144 w ten zabawny spos\u00f3b mo\u017ce pom\u00f3c w podkre\u015bleniu, niuansach i konwersacyjnym tonie, dzi\u0119ki czemu Twoja mowa b\u0119dzie bardziej wci\u0105gaj\u0105ca i przyjemna.<\/p>\n\n\n\n<h3 class=\"wp-block-heading\" id=\"h-5-embrace-the-culture-discover-the-pulse-of-the-icelandic-language\">5. Poczuj kultur\u0119: odkryj puls j\u0119zyka islandzkiego<\/h3>\n\n\n\n<p>J\u0119zyka islandzkiego nie mo\u017cna oddzieli\u0107 od jego kulturowych korzeni, z jego silnymi wi\u0119zami z sagami, Eddami oraz unikaln\u0105 histori\u0105 i \u015bwiatopogl\u0105dem narodu. Aby naprawd\u0119 zanurzy\u0107 si\u0119 w j\u0119zyku, przyjmij jego kontekst ca\u0142ym sercem. Zanurz si\u0119 w jego folklorze, poch\u0142o\u0144 jego literackie skarby i nawi\u0105\u017c <a href=\"https:\/\/talkpal.ai\/contact\/\">kontakt<\/a> z native speakerami. Takie podej\u015bcie jest kluczem do osi\u0105gni\u0119cia zar\u00f3wno bieg\u0142o\u015bci j\u0119zykowej, jak i g\u0142\u0119bszego zwi\u0105zku z narodem islandzkim i jego bogatym dziedzictwem kulturowym.<\/p>\n\n\n\n<h3 class=\"wp-block-heading\" id=\"h-conclusion-an-icelandic-grammar-journey-worth-taking\">Wniosek: islandzka podr\u00f3\u017c gramatyczna, kt\u00f3r\u0105 warto odby\u0107<\/h3>\n\n\n\n<p>Chocia\u017c <a href=\"https:\/\/talkpal.ai\/icelandic-grammar\/\">gramatyka islandzka<\/a> mo\u017ce wydawa\u0107 si\u0119 ogromnym wyzwaniem, nagrody s\u0105 obfite dla tych, kt\u00f3rzy si\u0119 na to zdecyduj\u0105. Dzi\u0119ki wytrwa\u0142o\u015bci, \u017cywemu zainteresowaniu kultur\u0105 i obfitej dawce ciekawo\u015bci, b\u0119dziesz oczarowany zawi\u0142o\u015bciami j\u0119zyka islandzkiego. Do\u0142\u0105cz do nas w tej przygodzie i odkryj magi\u0119 islandzkiej gramatyki, krok po kroku.<\/p>\n<\/div><\/div>\n\r\n<section class=\"learnNavigationSection\">\r\n            \r\n        <a href=\"https:\/\/talkpal.ai\/pl\/naucz-sie-islandzkiego\/\">\r\n            <div class=\"learnNavigationWrapper\">\r\n                <div class=\"learnNavigationContent\">\r\n                    <img decoding=\"async\" src=\"https:\/\/talkpal.ai\/wp-content\/uploads\/2024\/08\/Icelandic.jpg\" alt=\"Iceland Flag\">\r\n                    <div>\r\n                        <h4>O nauce islandzkiego<\/h4>\r\n                        <p>Dowiedz si\u0119 wszystkiego o gramatyce islandzkiej .<\/p>\r\n                    <\/div>\r\n                <\/div>\r\n            <\/div>\r\n        <\/a>\r\n\r\n        \r\n        <a href=\"https:\/\/talkpal.ai\/pl\/cwiczenia-gramatyczne-z-jezyka-islandzkiego\/\">\r\n            <div class=\"learnNavigationWrapper\">\r\n                <div class=\"learnNavigationContent\">\r\n                    <img decoding=\"async\" src=\"https:\/\/talkpal.ai\/wp-content\/uploads\/2024\/08\/Icelandic.jpg\" alt=\"Iceland Flag\">\r\n                    <div>\r\n                        <h4>Islandzki \u0106wiczenie gramatyczne<\/h4>\r\n                        <p>\u0106wicz gramatyk\u0119 islandzk\u0105 .<\/p>\r\n                    <\/div>\r\n                <\/div>\r\n            <\/div>\r\n        <\/a>\r\n\r\n        \r\n        <a href=\"https:\/\/talkpal.ai\/vocabulary_language\/icelandic\/\">\r\n            <div class=\"learnNavigationWrapper\">\r\n                <div class=\"learnNavigationContent\">\r\n                    <img decoding=\"async\" src=\"https:\/\/talkpal.ai\/wp-content\/uploads\/2024\/08\/Icelandic.jpg\" alt=\"Iceland Flag\">\r\n                    <div>\r\n                        <h4>S\u0142ownictwo islandzkie<\/h4>\r\n                        <p>Poszerz swoje islandzkie s\u0142ownictwo.<\/p>\r\n                    <\/div>\r\n                <\/div>\r\n            <\/div>\r\n        <\/a>\r\n\r\n            <\/section>","protected":false},"excerpt":{"rendered":"<p>Magia islandzkiej gramatyki: odkrywanie tajemnic j\u0119zyka wiking\u00f3w Wprowadzenie: islandzki, kraina ognia i lodu J\u0119zyk islandzki, kt\u00f3rym pos\u0142uguj\u0105 si\u0119 mieszka\u0144cy wspania\u0142ego wyspiarskiego narodu Islandii, s\u0142ynie z bogatej historii, urzekaj\u0105cej tradycji poetyckiej oraz wyj\u0105tkowej zdolno\u015bci do adaptacji i ewolucji z duchem czasu. Wywodz\u0105cy si\u0119 ze staronordyckiego j\u0119zyk islandzki ma szczeg\u00f3lny urok, kt\u00f3ry fascynuje mi\u0142o\u015bnik\u00f3w j\u0119zyka i aspiruj\u0105cych [&hellip;]<\/p>\n","protected":false},"author":1,"featured_media":113388,"parent":0,"menu_order":0,"comment_status":"closed","ping_status":"closed","template":"LearningContentPage.php","meta":{"_acf_changed":false,"footnotes":""},"class_list":["post-144992","page","type-page","status-publish","has-post-thumbnail","hentry"],"acf":[],"yoast_head":"<!-- This site is optimized with the Yoast SEO Premium plugin v27.2 (Yoast SEO v27.2) - https:\/\/yoast.com\/product\/yoast-seo-premium-wordpress\/ -->\n<title>Gramatyka islandzka - Talkpal<\/title>\n<meta name=\"description\" content=\"Naucz si\u0119 gramatyki islandzkiej w jasny spos\u00f3b - zrozum kluczowe zasady gramatyczne, formuj poprawne zdania i szybko zwi\u0119ksz pewno\u015b\u0107 siebie dzi\u0119ki lekcjom AI. Talkpaldzi\u0119ki lekcjom AI.\" \/>\n<meta name=\"robots\" content=\"index, follow, max-snippet:-1, max-image-preview:large, max-video-preview:-1\" \/>\n<link rel=\"canonical\" href=\"https:\/\/talkpal.ai\/pl\/gramatyka-islandzka\/\" \/>\n<meta property=\"og:locale\" content=\"pl_PL\" \/>\n<meta property=\"og:type\" content=\"article\" \/>\n<meta property=\"og:title\" content=\"Gramatyka islandzka\" \/>\n<meta property=\"og:description\" content=\"Magia islandzkiej gramatyki: odkrywanie tajemnic j\u0119zyka wiking\u00f3w Wprowadzenie: islandzki, kraina ognia i lodu J\u0119zyk islandzki, kt\u00f3rym pos\u0142uguj\u0105 si\u0119\" \/>\n<meta property=\"og:url\" content=\"https:\/\/talkpal.ai\/pl\/gramatyka-islandzka\/\" \/>\n<meta property=\"og:site_name\" content=\"Talkpal\" \/>\n<meta property=\"article:publisher\" content=\"https:\/\/www.facebook.com\/profile.php?id=100090733639311\" \/>\n<meta property=\"article:modified_time\" content=\"2025-12-12T10:35:14+00:00\" \/>\n<meta property=\"og:image\" content=\"https:\/\/talkpal.ai\/wp-content\/uploads\/2023\/05\/iceland.png\" \/>\n\t<meta property=\"og:image:width\" content=\"512\" \/>\n\t<meta property=\"og:image:height\" content=\"512\" \/>\n\t<meta property=\"og:image:type\" content=\"image\/png\" \/>\n<meta name=\"twitter:card\" content=\"summary_large_image\" \/>\n<meta name=\"twitter:site\" content=\"@talkpalai\" \/>\n<meta name=\"twitter:label1\" content=\"Szacowany czas czytania\" \/>\n\t<meta name=\"twitter:data1\" content=\"3 minuty\" \/>\n<script type=\"application\/ld+json\" class=\"yoast-schema-graph\">{\"@context\":\"https:\/\/schema.org\",\"@graph\":[{\"@type\":\"WebPage\",\"@id\":\"https:\/\/talkpal.ai\/pl\/gramatyka-islandzka\/\",\"url\":\"https:\/\/talkpal.ai\/pl\/gramatyka-islandzka\/\",\"name\":\"Gramatyka islandzka - Talkpal\",\"isPartOf\":{\"@id\":\"https:\/\/talkpal.ai\/pl\/#website\"},\"primaryImageOfPage\":{\"@id\":\"https:\/\/talkpal.ai\/pl\/gramatyka-islandzka\/#primaryimage\"},\"image\":{\"@id\":\"https:\/\/talkpal.ai\/pl\/gramatyka-islandzka\/#primaryimage\"},\"thumbnailUrl\":\"https:\/\/talkpal.ai\/wp-content\/uploads\/2023\/05\/iceland.png\",\"datePublished\":\"2023-05-14T14:09:11+00:00\",\"dateModified\":\"2025-12-12T10:35:14+00:00\",\"description\":\"Naucz si\u0119 gramatyki islandzkiej w jasny spos\u00f3b - zrozum kluczowe zasady gramatyczne, formuj poprawne zdania i szybko zwi\u0119ksz pewno\u015b\u0107 siebie dzi\u0119ki lekcjom AI. Talkpaldzi\u0119ki lekcjom AI.\",\"breadcrumb\":{\"@id\":\"https:\/\/talkpal.ai\/pl\/gramatyka-islandzka\/#breadcrumb\"},\"inLanguage\":\"pl-PL\",\"potentialAction\":[{\"@type\":\"ReadAction\",\"target\":[\"https:\/\/talkpal.ai\/pl\/gramatyka-islandzka\/\"]}]},{\"@type\":\"ImageObject\",\"inLanguage\":\"pl-PL\",\"@id\":\"https:\/\/talkpal.ai\/pl\/gramatyka-islandzka\/#primaryimage\",\"url\":\"https:\/\/talkpal.ai\/wp-content\/uploads\/2023\/05\/iceland.png\",\"contentUrl\":\"https:\/\/talkpal.ai\/wp-content\/uploads\/2023\/05\/iceland.png\",\"width\":512,\"height\":512},{\"@type\":\"BreadcrumbList\",\"@id\":\"https:\/\/talkpal.ai\/pl\/gramatyka-islandzka\/#breadcrumb\",\"itemListElement\":[{\"@type\":\"ListItem\",\"position\":1,\"name\":\"Homepage\",\"item\":\"https:\/\/talkpal.ai\/pl\/\"},{\"@type\":\"ListItem\",\"position\":2,\"name\":\"Gramatyka islandzka\"}]},{\"@type\":\"WebSite\",\"@id\":\"https:\/\/talkpal.ai\/pl\/#website\",\"url\":\"https:\/\/talkpal.ai\/pl\/\",\"name\":\"Talkpal\",\"description\":\"AI Language Learning\",\"publisher\":{\"@id\":\"https:\/\/talkpal.ai\/pl\/#organization\"},\"alternateName\":\"Talkpal AI\",\"potentialAction\":[{\"@type\":\"SearchAction\",\"target\":{\"@type\":\"EntryPoint\",\"urlTemplate\":\"https:\/\/talkpal.ai\/pl\/?s={search_term_string}\"},\"query-input\":{\"@type\":\"PropertyValueSpecification\",\"valueRequired\":true,\"valueName\":\"search_term_string\"}}],\"inLanguage\":\"pl-PL\"},{\"@type\":\"Organization\",\"@id\":\"https:\/\/talkpal.ai\/pl\/#organization\",\"name\":\"Talkpal, Inc.\",\"alternateName\":\"Talkpal AI\",\"url\":\"https:\/\/talkpal.ai\/pl\/\",\"logo\":{\"@type\":\"ImageObject\",\"inLanguage\":\"pl-PL\",\"@id\":\"https:\/\/talkpal.ai\/pl\/#\/schema\/logo\/image\/\",\"url\":\"https:\/\/talkpal.ai\/wp-content\/uploads\/2024\/03\/Talkpal-Logo-Icon.png\",\"contentUrl\":\"https:\/\/talkpal.ai\/wp-content\/uploads\/2024\/03\/Talkpal-Logo-Icon.png\",\"width\":2880,\"height\":2880,\"caption\":\"Talkpal, Inc.\"},\"image\":{\"@id\":\"https:\/\/talkpal.ai\/pl\/#\/schema\/logo\/image\/\"},\"sameAs\":[\"https:\/\/www.facebook.com\/profile.php?id=100090733639311\",\"https:\/\/x.com\/talkpalai\",\"https:\/\/www.linkedin.com\/company\/talkpal\/\",\"https:\/\/www.youtube.com\/@TalkPal\/\",\"https:\/\/www.tiktok.com\/@talkpal\",\"https:\/\/www.instagram.com\/talkpal_ai\/\",\"https:\/\/www.crunchbase.com\/organization\/talkpal-9cde\",\"https:\/\/www.g2.com\/products\/talkpal-for-business\/\",\"https:\/\/www.trustpilot.com\/review\/talkpal.ai\",\"https:\/\/www.capterra.com\/p\/10006800\/TalkPal\/\"],\"description\":\"Talkpal is a language learning web and mobile education app, powered by the latest AI technologies, that provides engaging experiences to its customers in many different languages to help them improve their language skills. Users can chat about unlimited amount of topics with the app and use other modes to practice their language learning.\",\"email\":\"support@talkpal.ai\",\"legalName\":\"Talkpal, Inc.\",\"foundingDate\":\"2023-04-03\",\"duns\":\"118989042\",\"numberOfEmployees\":{\"@type\":\"QuantitativeValue\",\"minValue\":\"11\",\"maxValue\":\"50\"},\"publishingPrinciples\":\"https:\/\/talkpal.ai\/publishing-principles\/\",\"actionableFeedbackPolicy\":\"https:\/\/talkpal.ai\/actionable-feedback-policy\/\",\"correctionsPolicy\":\"https:\/\/talkpal.ai\/corrections-policy\/\",\"ethicsPolicy\":\"https:\/\/talkpal.ai\/ethics-policy\/\",\"diversityPolicy\":\"https:\/\/talkpal.ai\/diversity-policy\/\",\"diversityStaffingReport\":\"https:\/\/talkpal.ai\/diversity-policy\/\"}]}<\/script>\n<!-- \/ Yoast SEO Premium plugin. -->","yoast_head_json":{"title":"Gramatyka islandzka - Talkpal","description":"Naucz si\u0119 gramatyki islandzkiej w jasny spos\u00f3b - zrozum kluczowe zasady gramatyczne, formuj poprawne zdania i szybko zwi\u0119ksz pewno\u015b\u0107 siebie dzi\u0119ki lekcjom AI. Talkpaldzi\u0119ki lekcjom AI.","robots":{"index":"index","follow":"follow","max-snippet":"max-snippet:-1","max-image-preview":"max-image-preview:large","max-video-preview":"max-video-preview:-1"},"canonical":"https:\/\/talkpal.ai\/pl\/gramatyka-islandzka\/","og_locale":"pl_PL","og_type":"article","og_title":"Gramatyka islandzka","og_description":"Magia islandzkiej gramatyki: odkrywanie tajemnic j\u0119zyka wiking\u00f3w Wprowadzenie: islandzki, kraina ognia i lodu J\u0119zyk islandzki, kt\u00f3rym pos\u0142uguj\u0105 si\u0119","og_url":"https:\/\/talkpal.ai\/pl\/gramatyka-islandzka\/","og_site_name":"Talkpal","article_publisher":"https:\/\/www.facebook.com\/profile.php?id=100090733639311","article_modified_time":"2025-12-12T10:35:14+00:00","og_image":[{"width":512,"height":512,"url":"https:\/\/talkpal.ai\/wp-content\/uploads\/2023\/05\/iceland.png","type":"image\/png"}],"twitter_card":"summary_large_image","twitter_site":"@talkpalai","twitter_misc":{"Szacowany czas czytania":"3 minuty"},"schema":{"@context":"https:\/\/schema.org","@graph":[{"@type":"WebPage","@id":"https:\/\/talkpal.ai\/pl\/gramatyka-islandzka\/","url":"https:\/\/talkpal.ai\/pl\/gramatyka-islandzka\/","name":"Gramatyka islandzka - Talkpal","isPartOf":{"@id":"https:\/\/talkpal.ai\/pl\/#website"},"primaryImageOfPage":{"@id":"https:\/\/talkpal.ai\/pl\/gramatyka-islandzka\/#primaryimage"},"image":{"@id":"https:\/\/talkpal.ai\/pl\/gramatyka-islandzka\/#primaryimage"},"thumbnailUrl":"https:\/\/talkpal.ai\/wp-content\/uploads\/2023\/05\/iceland.png","datePublished":"2023-05-14T14:09:11+00:00","dateModified":"2025-12-12T10:35:14+00:00","description":"Naucz si\u0119 gramatyki islandzkiej w jasny spos\u00f3b - zrozum kluczowe zasady gramatyczne, formuj poprawne zdania i szybko zwi\u0119ksz pewno\u015b\u0107 siebie dzi\u0119ki lekcjom AI. Talkpaldzi\u0119ki lekcjom AI.","breadcrumb":{"@id":"https:\/\/talkpal.ai\/pl\/gramatyka-islandzka\/#breadcrumb"},"inLanguage":"pl-PL","potentialAction":[{"@type":"ReadAction","target":["https:\/\/talkpal.ai\/pl\/gramatyka-islandzka\/"]}]},{"@type":"ImageObject","inLanguage":"pl-PL","@id":"https:\/\/talkpal.ai\/pl\/gramatyka-islandzka\/#primaryimage","url":"https:\/\/talkpal.ai\/wp-content\/uploads\/2023\/05\/iceland.png","contentUrl":"https:\/\/talkpal.ai\/wp-content\/uploads\/2023\/05\/iceland.png","width":512,"height":512},{"@type":"BreadcrumbList","@id":"https:\/\/talkpal.ai\/pl\/gramatyka-islandzka\/#breadcrumb","itemListElement":[{"@type":"ListItem","position":1,"name":"Homepage","item":"https:\/\/talkpal.ai\/pl\/"},{"@type":"ListItem","position":2,"name":"Gramatyka islandzka"}]},{"@type":"WebSite","@id":"https:\/\/talkpal.ai\/pl\/#website","url":"https:\/\/talkpal.ai\/pl\/","name":"Talkpal","description":"AI Language Learning","publisher":{"@id":"https:\/\/talkpal.ai\/pl\/#organization"},"alternateName":"Talkpal AI","potentialAction":[{"@type":"SearchAction","target":{"@type":"EntryPoint","urlTemplate":"https:\/\/talkpal.ai\/pl\/?s={search_term_string}"},"query-input":{"@type":"PropertyValueSpecification","valueRequired":true,"valueName":"search_term_string"}}],"inLanguage":"pl-PL"},{"@type":"Organization","@id":"https:\/\/talkpal.ai\/pl\/#organization","name":"Talkpal, Inc.","alternateName":"Talkpal AI","url":"https:\/\/talkpal.ai\/pl\/","logo":{"@type":"ImageObject","inLanguage":"pl-PL","@id":"https:\/\/talkpal.ai\/pl\/#\/schema\/logo\/image\/","url":"https:\/\/talkpal.ai\/wp-content\/uploads\/2024\/03\/Talkpal-Logo-Icon.png","contentUrl":"https:\/\/talkpal.ai\/wp-content\/uploads\/2024\/03\/Talkpal-Logo-Icon.png","width":2880,"height":2880,"caption":"Talkpal, Inc."},"image":{"@id":"https:\/\/talkpal.ai\/pl\/#\/schema\/logo\/image\/"},"sameAs":["https:\/\/www.facebook.com\/profile.php?id=100090733639311","https:\/\/x.com\/talkpalai","https:\/\/www.linkedin.com\/company\/talkpal\/","https:\/\/www.youtube.com\/@TalkPal\/","https:\/\/www.tiktok.com\/@talkpal","https:\/\/www.instagram.com\/talkpal_ai\/","https:\/\/www.crunchbase.com\/organization\/talkpal-9cde","https:\/\/www.g2.com\/products\/talkpal-for-business\/","https:\/\/www.trustpilot.com\/review\/talkpal.ai","https:\/\/www.capterra.com\/p\/10006800\/TalkPal\/"],"description":"Talkpal is a language learning web and mobile education app, powered by the latest AI technologies, that provides engaging experiences to its customers in many different languages to help them improve their language skills. Users can chat about unlimited amount of topics with the app and use other modes to practice their language learning.","email":"support@talkpal.ai","legalName":"Talkpal, Inc.","foundingDate":"2023-04-03","duns":"118989042","numberOfEmployees":{"@type":"QuantitativeValue","minValue":"11","maxValue":"50"},"publishingPrinciples":"https:\/\/talkpal.ai\/publishing-principles\/","actionableFeedbackPolicy":"https:\/\/talkpal.ai\/actionable-feedback-policy\/","correctionsPolicy":"https:\/\/talkpal.ai\/corrections-policy\/","ethicsPolicy":"https:\/\/talkpal.ai\/ethics-policy\/","diversityPolicy":"https:\/\/talkpal.ai\/diversity-policy\/","diversityStaffingReport":"https:\/\/talkpal.ai\/diversity-policy\/"}]}},"_links":{"self":[{"href":"https:\/\/talkpal.ai\/pl\/wp-json\/wp\/v2\/pages\/144992","targetHints":{"allow":["GET"]}}],"collection":[{"href":"https:\/\/talkpal.ai\/pl\/wp-json\/wp\/v2\/pages"}],"about":[{"href":"https:\/\/talkpal.ai\/pl\/wp-json\/wp\/v2\/types\/page"}],"author":[{"embeddable":true,"href":"https:\/\/talkpal.ai\/pl\/wp-json\/wp\/v2\/users\/1"}],"replies":[{"embeddable":true,"href":"https:\/\/talkpal.ai\/pl\/wp-json\/wp\/v2\/comments?post=144992"}],"version-history":[{"count":0,"href":"https:\/\/talkpal.ai\/pl\/wp-json\/wp\/v2\/pages\/144992\/revisions"}],"wp:featuredmedia":[{"embeddable":true,"href":"https:\/\/talkpal.ai\/pl\/wp-json\/wp\/v2\/media\/113388"}],"wp:attachment":[{"href":"https:\/\/talkpal.ai\/pl\/wp-json\/wp\/v2\/media?parent=144992"}],"curies":[{"name":"wp","href":"https:\/\/api.w.org\/{rel}","templated":true}]}}