{"id":144706,"date":"2023-05-14T14:08:53","date_gmt":"2023-05-14T14:08:53","guid":{"rendered":"http:\/\/talkpal.ai\/gramatyka-wegierska\/"},"modified":"2025-12-12T10:46:00","modified_gmt":"2025-12-12T10:46:00","slug":"gramatyka-wegierska","status":"publish","type":"page","link":"https:\/\/talkpal.ai\/pl\/gramatyka-wegierska\/","title":{"rendered":"Gramatyka w\u0119gierska"},"content":{"rendered":"\r\n\r\n\r\n<section class=\"languageChallengeSection\">\r\n    <div class=\"languageInfoWrapper\">\r\n        \r\n        <h1>Gramatyka w\u0119gierska<\/h1>\r\n        <p>Gotowy do podj\u0119cia naprawd\u0119 wyj\u0105tkowego wyzwania j\u0119zykowego? Zanurz si\u0119 w w\u0119gierskiej gramatyce i odkryj jej niezwyk\u0142e cechy. Rozpocznij nauk\u0119 ju\u017c dzi\u015b i odkryj, jak opanowanie gramatyki w\u0119gierskiej otwiera drzwi do znacz\u0105cych rozm\u00f3w i g\u0142\u0119bokiego docenienia bogatego dziedzictwa j\u0119zykowego W\u0119gier!<\/p>\r\n\r\n                            <a class=\"getStartedHidden\" href=\"https:\/\/app.talkpal.ai\/pl\/signup?lng=\">Zaczynaj<\/a>\r\n        \r\n    <\/div>\r\n\r\n    <figure>\r\n    <img decoding=\"async\" width=\"768\" height=\"768\" src=\"https:\/\/talkpal.ai\/wp-content\/uploads\/2023\/06\/hungarian-768x768.png\" class=\"languageImage no-lazy\" alt=\"Language learning strategies for advanced learners\" fetchpriority=\"high\" sizes=\"(max-width: 768px) 150px, 768px\" srcset=\"https:\/\/talkpal.ai\/wp-content\/uploads\/2023\/06\/hungarian-768x768.png 768w, https:\/\/talkpal.ai\/wp-content\/uploads\/2023\/06\/hungarian-300x300.png 300w\" \/>\r\n    \r\n\r\n    <\/figure>\r\n\r\n            <a class=\"getStartedVisible\" href=\"https:\/\/app.talkpal.ai\/pl\/signup?lng=\">Zaczynaj<\/a>\r\n    \r\n<\/section>\r\n<section class=\"promotionalBanner\">\r\n    <p class=\"promotionalText\">Najbardziej efektywny spos\u00f3b nauki j\u0119zyka<\/p>\r\n    <a class=\"promotionalLink\" href=\"https:\/\/app.talkpal.ai\/pl\/signup?lng=\">Wypr\u00f3buj Talkpal za darmo<\/a>\r\n<\/section>\n<div class=\"wp-block-group pageContainerStyle\"><div class=\"wp-block-group__inner-container is-layout-constrained wp-block-group-is-layout-constrained\">\n<h2 class=\"wp-block-heading\" id=\"h-title-unlocking-the-secrets-of-hungarian-grammar\">Tytu\u0142: Odkrywanie tajnik\u00f3w gramatyki w\u0119gierskiej<\/h2>\n\n\n\n<p><a href=\"https:\/\/talkpal.ai\/learn-hungarian\/\">W\u0119gierski<\/a>, j\u0119zyk ugrofi\u0144ski, wyr\u00f3\u017cnia si\u0119 unikalnym systemem gramatycznym, co czyni go fascynuj\u0105cym wyzwaniem dla entuzjast\u00f3w j\u0119zyka. <a href=\"https:\/\/talkpal.ai\/pl\/jak-uczyc-sie-jezyka-za-posrednictwem-czatu-talkpal\/\">Nauka j\u0119zyka<\/a> w\u0119gierskiego nie tylko poszerza wiedz\u0119 j\u0119zykow\u0105, ale tak\u017ce pozwala zag\u0142\u0119bi\u0107 si\u0119 w urzekaj\u0105c\u0105 kultur\u0119 i histori\u0119 W\u0119gier. Chocia\u017c <a href=\"https:\/\/talkpal.ai\/hungarian-grammar\/\">gramatyka w\u0119gierska<\/a> mo\u017ce pocz\u0105tkowo wydawa\u0107 si\u0119 onie\u015bmielaj\u0105ca, rozbicie jej na \u0142atwe do opanowania elementy sprawia, \u017ce proces uczenia si\u0119 jest bardziej przyst\u0119pny. W tym artykule wprowadzimy Ci\u0119 w intryguj\u0105cy \u015bwiat gramatyki w\u0119gierskiej i zaoferujemy wskaz\u00f3wki dotycz\u0105ce opanowania jej zawi\u0142o\u015bci.<\/p>\n\n\n\n<h3 class=\"wp-block-heading\" id=\"h-1-word-order-a-flexible-feature\">1. Kolejno\u015b\u0107 s\u0142\u00f3w: elastyczna funkcja<\/h3>\n\n\n\n<p>W przeciwie\u0144stwie do wielu innych j\u0119zyk\u00f3w, <a href=\"https:\/\/talkpal.ai\/learn-hungarian\/\">w\u0119gierski<\/a> ma stosunkowo elastyczny szyk wyraz\u00f3w. Podczas gdy typowe w\u0119gierskie zdanie jest zgodne ze wzorcem podmiot-orzeczenie-dope\u0142nienie (SVO), inne szyki wyraz\u00f3w s\u0105 r\u00f3wnie\u017c powszechne i u\u017cywane do podkre\u015blania r\u00f3\u017cnych cz\u0119\u015bci zdania. Zapoznanie si\u0119 z tymi odmianami pozwoli Ci skuteczniej rozumie\u0107 i konstruowa\u0107 zdania w\u0119gierskie.<\/p>\n\n\n\n<h3 class=\"wp-block-heading\" id=\"h-2-nouns-and-cases-the-role-of-suffixes\">2. Rzeczowniki i przypadki: rola przyrostk\u00f3w<\/h3>\n\n\n\n<p>Rzeczowniki w\u0119gierskie nie maj\u0105 rodzaju gramatycznego, co upraszcza konstrukcj\u0119 zda\u0144. Jednak rzeczowniki i inne cz\u0119\u015bci mowy w gramatyce w\u0119gierskiej wykorzystuj\u0105 mn\u00f3stwo przyrostk\u00f3w do wskazania przypadk\u00f3w, posiadania i liczby mnogiej. Poznanie tych sufiks\u00f3w i ich zastosowa\u0144 znacznie poprawi Twoj\u0105 umiej\u0119tno\u015b\u0107 komunikowania si\u0119 w j\u0119zyku w\u0119gierskim.<\/p>\n\n\n\n<p>Przyk\u0142ady:<\/p>\n\n\n\n<p><strong>&#8211; h\u00e1z (dom) &#8211; h\u00e1zak (domy)<\/strong><\/p>\n\n\n\n<p><strong>&#8211; h\u00e1zban (w domu) &#8211; h\u00e1zakban (w domach)<\/strong><\/p>\n\n\n\n<h3 class=\"wp-block-heading\" id=\"h-3-verbs-conjugation-and-tense\">3. Czasowniki: koniugacja i czas<\/h3>\n\n\n\n<p>Czasowniki w\u0119gierskie odmieniaj\u0105 si\u0119 zgodnie z czasem, nastrojem, podmiotem i okre\u015blono\u015bci\u0105. Chocia\u017c w j\u0119zyku w\u0119gierskim wyst\u0119puje kilka czas\u00f3w, dobrym punktem wyj\u015bcia jest nauka trzech podstawowych czas\u00f3w &#8211; tera\u017aniejszego, przesz\u0142ego i przysz\u0142ego. Zapoznaj si\u0119 z regularnymi wzorcami koniugacji czasownik\u00f3w i <a href=\"https:\/\/talkpal.ai\/pl\/naucz-sie-malajskiego\/\">naucz si\u0119<\/a> typowych czasownik\u00f3w nieregularnych, aby zwi\u0119kszy\u0107 swoje umiej\u0119tno\u015bci komunikacji werbalnej.<\/p>\n\n\n\n<h3 class=\"wp-block-heading\" id=\"h-4-adjectives-agreement-and-placement\">4. Przymiotniki: umowa i umiejscowienie<\/h3>\n\n\n\n<p>W gramatyce w\u0119gierskiej przymiotniki musz\u0105 zgadza\u0107 si\u0119 z rzeczownikiem, kt\u00f3ry modyfikuj\u0105 pod wzgl\u0119dem liczby (liczba pojedyncza lub mnoga). Jednak przymiotniki nie musz\u0105 pasowa\u0107 do rzeczownika dla przypadku gramatycznego. Przymiotniki zwykle poprzedzaj\u0105 rzeczownik, zapewniaj\u0105c kontekst opisowy zdania.<\/p>\n\n\n\n<p>Przyk\u0142ady:<\/p>\n\n\n\n<p><strong>&#8211; piros alma (czerwone jab\u0142ko)<\/strong><\/p>\n\n\n\n<p><strong>&#8211; sz\u00e9p vir\u00e1gok (pi\u0119kne kwiaty)<\/strong><\/p>\n\n\n\n<h3 class=\"wp-block-heading\" id=\"h-5-vowel-harmony-a-unique-feature\">5. Harmonia samog\u0142osek: unikalna cecha<\/h3>\n\n\n\n<p>Charakterystycznym aspektem gramatyki w\u0119gierskiej jest harmonia samog\u0142osek, kt\u00f3ra polega na zgodno\u015bci samog\u0142osek w wyrazach. Harmonia samog\u0142osek wp\u0142ywa na spos\u00f3b, w jaki przyrostki s\u0105 tworzone i do\u0142\u0105czane do s\u0142\u00f3w. Zrozumienie i \u0107wiczenie harmonii samog\u0142osek sprawi, \u017ce Tw\u00f3j w\u0119gierski w mowie i pi\u015bmie b\u0119dzie dok\u0142adniejszy i naturalniejszy.<\/p>\n\n\n\n<h3 class=\"wp-block-heading\" id=\"h-6-engaging-with-the-language\">6. Anga\u017cowanie si\u0119 w j\u0119zyk<\/h3>\n\n\n\n<p>Najskuteczniejszym sposobem na pe\u0142ne zrozumienie i przyswojenie gramatyki w\u0119gierskiej jest konsekwentne anga\u017cowanie si\u0119 w j\u0119zyk. Czytaj\u0105c literatur\u0119 w\u0119giersk\u0105, ogl\u0105daj\u0105c rodzime filmy lub aktywnie rozmawiaj\u0105c z native speakerami, wzmocnisz swoje zrozumienie gramatyki, jednocze\u015bnie poszerzaj\u0105c swoje s\u0142ownictwo.<\/p>\n\n\n\n<h3 class=\"wp-block-heading\" id=\"h-conclusion\">Wnioski<\/h3>\n\n\n\n<p>Chocia\u017c gramatyka w\u0119gierska mo\u017ce wydawa\u0107 si\u0119 skomplikowana, podej\u015bcie do niej krok po kroku i konsekwentne \u0107wiczenie pomo\u017ce Ci sta\u0107 si\u0119 bieg\u0142ym w tym fascynuj\u0105cym j\u0119zyku. Podejmij wyzwanie, rozpoczynaj\u0105c swoj\u0105 przygod\u0119 z j\u0119zykiem w\u0119gierskim, a wkr\u00f3tce przekonasz si\u0119, \u017ce pewnie poruszasz si\u0119 po zawi\u0142o\u015bciach jego gramatyki. Mi\u0142ej nauki i mi\u0142ego odkrywania cud\u00f3w gramatyki w\u0119gierskiej!<\/p>\n<\/div><\/div>\n\r\n<section class=\"learnNavigationSection\">\r\n            \r\n        <a href=\"https:\/\/talkpal.ai\/pl\/naucz-sie-wegierskiego\/\">\r\n            <div class=\"learnNavigationWrapper\">\r\n                <div class=\"learnNavigationContent\">\r\n                    <img decoding=\"async\" src=\"https:\/\/talkpal.ai\/wp-content\/uploads\/2024\/08\/Hungarian.jpg\" alt=\"Hungarian Flag\">\r\n                    <div>\r\n                        <h4>O w\u0119gierskiej nauce<\/h4>\r\n                        <p>Dowiedz si\u0119 wszystkiego o gramatyce w\u0119gierskiej.<\/p>\r\n                    <\/div>\r\n                <\/div>\r\n            <\/div>\r\n        <\/a>\r\n\r\n        \r\n        <a href=\"https:\/\/talkpal.ai\/pl\/cwiczenia-z-gramatyki-wegierskiej\/\">\r\n            <div class=\"learnNavigationWrapper\">\r\n                <div class=\"learnNavigationContent\">\r\n                    <img decoding=\"async\" src=\"https:\/\/talkpal.ai\/wp-content\/uploads\/2024\/08\/Hungarian.jpg\" alt=\"Hungarian Flag\">\r\n                    <div>\r\n                        <h4>W\u0119gierskie \u0107wiczenia gramatyczne<\/h4>\r\n                        <p>\u0106wicz gramatyk\u0119 w\u0119giersk\u0105.<\/p>\r\n                    <\/div>\r\n                <\/div>\r\n            <\/div>\r\n        <\/a>\r\n\r\n        \r\n        <a href=\"https:\/\/talkpal.ai\/vocabulary_language\/hungarian\/\">\r\n            <div class=\"learnNavigationWrapper\">\r\n                <div class=\"learnNavigationContent\">\r\n                    <img decoding=\"async\" src=\"https:\/\/talkpal.ai\/wp-content\/uploads\/2024\/08\/Hungarian.jpg\" alt=\"Hungarian Flag\">\r\n                    <div>\r\n                        <h4>S\u0142ownictwo w\u0119gierskie<\/h4>\r\n                        <p>Poszerz swoje w\u0119gierskie s\u0142ownictwo.<\/p>\r\n                    <\/div>\r\n                <\/div>\r\n            <\/div>\r\n        <\/a>\r\n\r\n            <\/section>","protected":false},"excerpt":{"rendered":"<p>Tytu\u0142: Odkrywanie tajnik\u00f3w gramatyki w\u0119gierskiej W\u0119gierski, j\u0119zyk ugrofi\u0144ski, wyr\u00f3\u017cnia si\u0119 unikalnym systemem gramatycznym, co czyni go fascynuj\u0105cym wyzwaniem dla entuzjast\u00f3w j\u0119zyka. Nauka j\u0119zyka w\u0119gierskiego nie tylko poszerza wiedz\u0119 j\u0119zykow\u0105, ale tak\u017ce pozwala zag\u0142\u0119bi\u0107 si\u0119 w urzekaj\u0105c\u0105 kultur\u0119 i histori\u0119 W\u0119gier. Chocia\u017c gramatyka w\u0119gierska mo\u017ce pocz\u0105tkowo wydawa\u0107 si\u0119 onie\u015bmielaj\u0105ca, rozbicie jej na \u0142atwe do opanowania elementy [&hellip;]<\/p>\n","protected":false},"author":1,"featured_media":113153,"parent":0,"menu_order":0,"comment_status":"closed","ping_status":"closed","template":"LearningContentPage.php","meta":{"_acf_changed":false,"footnotes":""},"class_list":["post-144706","page","type-page","status-publish","has-post-thumbnail","hentry"],"acf":[],"yoast_head":"<!-- This site is optimized with the Yoast SEO Premium plugin v27.2 (Yoast SEO v27.2) - https:\/\/yoast.com\/product\/yoast-seo-premium-wordpress\/ -->\n<title>Gramatyka w\u0119gierska - Talkpal<\/title>\n<meta name=\"description\" content=\"Opanuj gramatyk\u0119 w\u0119giersk\u0105 - poznaj zasady gramatyczne i \u0107wicz tworzenie zda\u0144. Otrzymuj pomocne wskaz\u00f3wki od Talkpal AI.\" \/>\n<meta name=\"robots\" content=\"index, follow, max-snippet:-1, max-image-preview:large, max-video-preview:-1\" \/>\n<link rel=\"canonical\" href=\"https:\/\/talkpal.ai\/pl\/gramatyka-wegierska\/\" \/>\n<meta property=\"og:locale\" content=\"pl_PL\" \/>\n<meta property=\"og:type\" content=\"article\" \/>\n<meta property=\"og:title\" content=\"Gramatyka w\u0119gierska\" \/>\n<meta property=\"og:description\" content=\"Tytu\u0142: Odkrywanie tajnik\u00f3w gramatyki w\u0119gierskiej W\u0119gierski, j\u0119zyk ugrofi\u0144ski, wyr\u00f3\u017cnia si\u0119 unikalnym systemem gramatycznym, co czyni go fascynuj\u0105cym\" \/>\n<meta property=\"og:url\" content=\"https:\/\/talkpal.ai\/pl\/gramatyka-wegierska\/\" \/>\n<meta property=\"og:site_name\" content=\"Talkpal\" \/>\n<meta property=\"article:publisher\" content=\"https:\/\/www.facebook.com\/profile.php?id=100090733639311\" \/>\n<meta property=\"article:modified_time\" content=\"2025-12-12T10:46:00+00:00\" \/>\n<meta property=\"og:image\" content=\"https:\/\/talkpal.ai\/wp-content\/uploads\/2023\/05\/Hungarian.png\" \/>\n\t<meta property=\"og:image:width\" content=\"512\" \/>\n\t<meta property=\"og:image:height\" content=\"512\" \/>\n\t<meta property=\"og:image:type\" content=\"image\/png\" \/>\n<meta name=\"twitter:card\" content=\"summary_large_image\" \/>\n<meta name=\"twitter:site\" content=\"@talkpalai\" \/>\n<meta name=\"twitter:label1\" content=\"Szacowany czas czytania\" \/>\n\t<meta name=\"twitter:data1\" content=\"3 minuty\" \/>\n<script type=\"application\/ld+json\" class=\"yoast-schema-graph\">{\"@context\":\"https:\/\/schema.org\",\"@graph\":[{\"@type\":\"WebPage\",\"@id\":\"https:\/\/talkpal.ai\/pl\/gramatyka-wegierska\/\",\"url\":\"https:\/\/talkpal.ai\/pl\/gramatyka-wegierska\/\",\"name\":\"Gramatyka w\u0119gierska - Talkpal\",\"isPartOf\":{\"@id\":\"https:\/\/talkpal.ai\/pl\/#website\"},\"primaryImageOfPage\":{\"@id\":\"https:\/\/talkpal.ai\/pl\/gramatyka-wegierska\/#primaryimage\"},\"image\":{\"@id\":\"https:\/\/talkpal.ai\/pl\/gramatyka-wegierska\/#primaryimage\"},\"thumbnailUrl\":\"https:\/\/talkpal.ai\/wp-content\/uploads\/2023\/05\/Hungarian.png\",\"datePublished\":\"2023-05-14T14:08:53+00:00\",\"dateModified\":\"2025-12-12T10:46:00+00:00\",\"description\":\"Opanuj gramatyk\u0119 w\u0119giersk\u0105 - poznaj zasady gramatyczne i \u0107wicz tworzenie zda\u0144. Otrzymuj pomocne wskaz\u00f3wki od Talkpal AI.\",\"breadcrumb\":{\"@id\":\"https:\/\/talkpal.ai\/pl\/gramatyka-wegierska\/#breadcrumb\"},\"inLanguage\":\"pl-PL\",\"potentialAction\":[{\"@type\":\"ReadAction\",\"target\":[\"https:\/\/talkpal.ai\/pl\/gramatyka-wegierska\/\"]}]},{\"@type\":\"ImageObject\",\"inLanguage\":\"pl-PL\",\"@id\":\"https:\/\/talkpal.ai\/pl\/gramatyka-wegierska\/#primaryimage\",\"url\":\"https:\/\/talkpal.ai\/wp-content\/uploads\/2023\/05\/Hungarian.png\",\"contentUrl\":\"https:\/\/talkpal.ai\/wp-content\/uploads\/2023\/05\/Hungarian.png\",\"width\":512,\"height\":512},{\"@type\":\"BreadcrumbList\",\"@id\":\"https:\/\/talkpal.ai\/pl\/gramatyka-wegierska\/#breadcrumb\",\"itemListElement\":[{\"@type\":\"ListItem\",\"position\":1,\"name\":\"Homepage\",\"item\":\"https:\/\/talkpal.ai\/pl\/\"},{\"@type\":\"ListItem\",\"position\":2,\"name\":\"Gramatyka w\u0119gierska\"}]},{\"@type\":\"WebSite\",\"@id\":\"https:\/\/talkpal.ai\/pl\/#website\",\"url\":\"https:\/\/talkpal.ai\/pl\/\",\"name\":\"Talkpal\",\"description\":\"AI Language Learning\",\"publisher\":{\"@id\":\"https:\/\/talkpal.ai\/pl\/#organization\"},\"alternateName\":\"Talkpal AI\",\"potentialAction\":[{\"@type\":\"SearchAction\",\"target\":{\"@type\":\"EntryPoint\",\"urlTemplate\":\"https:\/\/talkpal.ai\/pl\/?s={search_term_string}\"},\"query-input\":{\"@type\":\"PropertyValueSpecification\",\"valueRequired\":true,\"valueName\":\"search_term_string\"}}],\"inLanguage\":\"pl-PL\"},{\"@type\":\"Organization\",\"@id\":\"https:\/\/talkpal.ai\/pl\/#organization\",\"name\":\"Talkpal, Inc.\",\"alternateName\":\"Talkpal AI\",\"url\":\"https:\/\/talkpal.ai\/pl\/\",\"logo\":{\"@type\":\"ImageObject\",\"inLanguage\":\"pl-PL\",\"@id\":\"https:\/\/talkpal.ai\/pl\/#\/schema\/logo\/image\/\",\"url\":\"https:\/\/talkpal.ai\/wp-content\/uploads\/2024\/03\/Talkpal-Logo-Icon.png\",\"contentUrl\":\"https:\/\/talkpal.ai\/wp-content\/uploads\/2024\/03\/Talkpal-Logo-Icon.png\",\"width\":2880,\"height\":2880,\"caption\":\"Talkpal, Inc.\"},\"image\":{\"@id\":\"https:\/\/talkpal.ai\/pl\/#\/schema\/logo\/image\/\"},\"sameAs\":[\"https:\/\/www.facebook.com\/profile.php?id=100090733639311\",\"https:\/\/x.com\/talkpalai\",\"https:\/\/www.linkedin.com\/company\/talkpal\/\",\"https:\/\/www.youtube.com\/@TalkPal\/\",\"https:\/\/www.tiktok.com\/@talkpal\",\"https:\/\/www.instagram.com\/talkpal_ai\/\",\"https:\/\/www.crunchbase.com\/organization\/talkpal-9cde\",\"https:\/\/www.g2.com\/products\/talkpal-for-business\/\",\"https:\/\/www.trustpilot.com\/review\/talkpal.ai\",\"https:\/\/www.capterra.com\/p\/10006800\/TalkPal\/\"],\"description\":\"Talkpal is a language learning web and mobile education app, powered by the latest AI technologies, that provides engaging experiences to its customers in many different languages to help them improve their language skills. Users can chat about unlimited amount of topics with the app and use other modes to practice their language learning.\",\"email\":\"support@talkpal.ai\",\"legalName\":\"Talkpal, Inc.\",\"foundingDate\":\"2023-04-03\",\"duns\":\"118989042\",\"numberOfEmployees\":{\"@type\":\"QuantitativeValue\",\"minValue\":\"11\",\"maxValue\":\"50\"},\"publishingPrinciples\":\"https:\/\/talkpal.ai\/publishing-principles\/\",\"actionableFeedbackPolicy\":\"https:\/\/talkpal.ai\/actionable-feedback-policy\/\",\"correctionsPolicy\":\"https:\/\/talkpal.ai\/corrections-policy\/\",\"ethicsPolicy\":\"https:\/\/talkpal.ai\/ethics-policy\/\",\"diversityPolicy\":\"https:\/\/talkpal.ai\/diversity-policy\/\",\"diversityStaffingReport\":\"https:\/\/talkpal.ai\/diversity-policy\/\"}]}<\/script>\n<!-- \/ Yoast SEO Premium plugin. -->","yoast_head_json":{"title":"Gramatyka w\u0119gierska - Talkpal","description":"Opanuj gramatyk\u0119 w\u0119giersk\u0105 - poznaj zasady gramatyczne i \u0107wicz tworzenie zda\u0144. Otrzymuj pomocne wskaz\u00f3wki od Talkpal AI.","robots":{"index":"index","follow":"follow","max-snippet":"max-snippet:-1","max-image-preview":"max-image-preview:large","max-video-preview":"max-video-preview:-1"},"canonical":"https:\/\/talkpal.ai\/pl\/gramatyka-wegierska\/","og_locale":"pl_PL","og_type":"article","og_title":"Gramatyka w\u0119gierska","og_description":"Tytu\u0142: Odkrywanie tajnik\u00f3w gramatyki w\u0119gierskiej W\u0119gierski, j\u0119zyk ugrofi\u0144ski, wyr\u00f3\u017cnia si\u0119 unikalnym systemem gramatycznym, co czyni go fascynuj\u0105cym","og_url":"https:\/\/talkpal.ai\/pl\/gramatyka-wegierska\/","og_site_name":"Talkpal","article_publisher":"https:\/\/www.facebook.com\/profile.php?id=100090733639311","article_modified_time":"2025-12-12T10:46:00+00:00","og_image":[{"width":512,"height":512,"url":"https:\/\/talkpal.ai\/wp-content\/uploads\/2023\/05\/Hungarian.png","type":"image\/png"}],"twitter_card":"summary_large_image","twitter_site":"@talkpalai","twitter_misc":{"Szacowany czas czytania":"3 minuty"},"schema":{"@context":"https:\/\/schema.org","@graph":[{"@type":"WebPage","@id":"https:\/\/talkpal.ai\/pl\/gramatyka-wegierska\/","url":"https:\/\/talkpal.ai\/pl\/gramatyka-wegierska\/","name":"Gramatyka w\u0119gierska - Talkpal","isPartOf":{"@id":"https:\/\/talkpal.ai\/pl\/#website"},"primaryImageOfPage":{"@id":"https:\/\/talkpal.ai\/pl\/gramatyka-wegierska\/#primaryimage"},"image":{"@id":"https:\/\/talkpal.ai\/pl\/gramatyka-wegierska\/#primaryimage"},"thumbnailUrl":"https:\/\/talkpal.ai\/wp-content\/uploads\/2023\/05\/Hungarian.png","datePublished":"2023-05-14T14:08:53+00:00","dateModified":"2025-12-12T10:46:00+00:00","description":"Opanuj gramatyk\u0119 w\u0119giersk\u0105 - poznaj zasady gramatyczne i \u0107wicz tworzenie zda\u0144. Otrzymuj pomocne wskaz\u00f3wki od Talkpal AI.","breadcrumb":{"@id":"https:\/\/talkpal.ai\/pl\/gramatyka-wegierska\/#breadcrumb"},"inLanguage":"pl-PL","potentialAction":[{"@type":"ReadAction","target":["https:\/\/talkpal.ai\/pl\/gramatyka-wegierska\/"]}]},{"@type":"ImageObject","inLanguage":"pl-PL","@id":"https:\/\/talkpal.ai\/pl\/gramatyka-wegierska\/#primaryimage","url":"https:\/\/talkpal.ai\/wp-content\/uploads\/2023\/05\/Hungarian.png","contentUrl":"https:\/\/talkpal.ai\/wp-content\/uploads\/2023\/05\/Hungarian.png","width":512,"height":512},{"@type":"BreadcrumbList","@id":"https:\/\/talkpal.ai\/pl\/gramatyka-wegierska\/#breadcrumb","itemListElement":[{"@type":"ListItem","position":1,"name":"Homepage","item":"https:\/\/talkpal.ai\/pl\/"},{"@type":"ListItem","position":2,"name":"Gramatyka w\u0119gierska"}]},{"@type":"WebSite","@id":"https:\/\/talkpal.ai\/pl\/#website","url":"https:\/\/talkpal.ai\/pl\/","name":"Talkpal","description":"AI Language Learning","publisher":{"@id":"https:\/\/talkpal.ai\/pl\/#organization"},"alternateName":"Talkpal AI","potentialAction":[{"@type":"SearchAction","target":{"@type":"EntryPoint","urlTemplate":"https:\/\/talkpal.ai\/pl\/?s={search_term_string}"},"query-input":{"@type":"PropertyValueSpecification","valueRequired":true,"valueName":"search_term_string"}}],"inLanguage":"pl-PL"},{"@type":"Organization","@id":"https:\/\/talkpal.ai\/pl\/#organization","name":"Talkpal, Inc.","alternateName":"Talkpal AI","url":"https:\/\/talkpal.ai\/pl\/","logo":{"@type":"ImageObject","inLanguage":"pl-PL","@id":"https:\/\/talkpal.ai\/pl\/#\/schema\/logo\/image\/","url":"https:\/\/talkpal.ai\/wp-content\/uploads\/2024\/03\/Talkpal-Logo-Icon.png","contentUrl":"https:\/\/talkpal.ai\/wp-content\/uploads\/2024\/03\/Talkpal-Logo-Icon.png","width":2880,"height":2880,"caption":"Talkpal, Inc."},"image":{"@id":"https:\/\/talkpal.ai\/pl\/#\/schema\/logo\/image\/"},"sameAs":["https:\/\/www.facebook.com\/profile.php?id=100090733639311","https:\/\/x.com\/talkpalai","https:\/\/www.linkedin.com\/company\/talkpal\/","https:\/\/www.youtube.com\/@TalkPal\/","https:\/\/www.tiktok.com\/@talkpal","https:\/\/www.instagram.com\/talkpal_ai\/","https:\/\/www.crunchbase.com\/organization\/talkpal-9cde","https:\/\/www.g2.com\/products\/talkpal-for-business\/","https:\/\/www.trustpilot.com\/review\/talkpal.ai","https:\/\/www.capterra.com\/p\/10006800\/TalkPal\/"],"description":"Talkpal is a language learning web and mobile education app, powered by the latest AI technologies, that provides engaging experiences to its customers in many different languages to help them improve their language skills. Users can chat about unlimited amount of topics with the app and use other modes to practice their language learning.","email":"support@talkpal.ai","legalName":"Talkpal, Inc.","foundingDate":"2023-04-03","duns":"118989042","numberOfEmployees":{"@type":"QuantitativeValue","minValue":"11","maxValue":"50"},"publishingPrinciples":"https:\/\/talkpal.ai\/publishing-principles\/","actionableFeedbackPolicy":"https:\/\/talkpal.ai\/actionable-feedback-policy\/","correctionsPolicy":"https:\/\/talkpal.ai\/corrections-policy\/","ethicsPolicy":"https:\/\/talkpal.ai\/ethics-policy\/","diversityPolicy":"https:\/\/talkpal.ai\/diversity-policy\/","diversityStaffingReport":"https:\/\/talkpal.ai\/diversity-policy\/"}]}},"_links":{"self":[{"href":"https:\/\/talkpal.ai\/pl\/wp-json\/wp\/v2\/pages\/144706","targetHints":{"allow":["GET"]}}],"collection":[{"href":"https:\/\/talkpal.ai\/pl\/wp-json\/wp\/v2\/pages"}],"about":[{"href":"https:\/\/talkpal.ai\/pl\/wp-json\/wp\/v2\/types\/page"}],"author":[{"embeddable":true,"href":"https:\/\/talkpal.ai\/pl\/wp-json\/wp\/v2\/users\/1"}],"replies":[{"embeddable":true,"href":"https:\/\/talkpal.ai\/pl\/wp-json\/wp\/v2\/comments?post=144706"}],"version-history":[{"count":0,"href":"https:\/\/talkpal.ai\/pl\/wp-json\/wp\/v2\/pages\/144706\/revisions"}],"wp:featuredmedia":[{"embeddable":true,"href":"https:\/\/talkpal.ai\/pl\/wp-json\/wp\/v2\/media\/113153"}],"wp:attachment":[{"href":"https:\/\/talkpal.ai\/pl\/wp-json\/wp\/v2\/media?parent=144706"}],"curies":[{"name":"wp","href":"https:\/\/api.w.org\/{rel}","templated":true}]}}