{"id":144472,"date":"2023-05-14T14:04:48","date_gmt":"2023-05-14T14:04:48","guid":{"rendered":"http:\/\/talkpal.ai\/gramatyka-hebrajska\/"},"modified":"2025-12-13T15:38:31","modified_gmt":"2025-12-13T15:38:31","slug":"gramatyka-hebrajska","status":"publish","type":"page","link":"https:\/\/talkpal.ai\/pl\/gramatyka-hebrajska\/","title":{"rendered":"Gramatyka hebrajska"},"content":{"rendered":"\r\n\r\n\r\n<section class=\"languageChallengeSection\">\r\n    <div class=\"languageInfoWrapper\">\r\n        \r\n        <h1>Gramatyka hebrajska<\/h1>\r\n        <p>Poznaj gramatyk\u0119 hebrajsk\u0105 i odkryj sekrety j\u0119zyka o g\u0142\u0119bokich korzeniach historycznych i wsp\u00f3\u0142czesnym znaczeniu. Podejmij wyzwanie i po\u0142\u0105cz si\u0119 z t\u0119tni\u0105c\u0105 \u017cyciem kultur\u0105 poprzez pi\u0119kno hebrajskiej gramatyki!<\/p>\r\n\r\n                            <a class=\"getStartedHidden\" href=\"https:\/\/app.talkpal.ai\/pl\/signup?lng=\">Zaczynaj<\/a>\r\n        \r\n    <\/div>\r\n\r\n    <figure>\r\n    <img decoding=\"async\" width=\"768\" height=\"768\" src=\"https:\/\/talkpal.ai\/wp-content\/uploads\/2023\/06\/hebrew-768x768.png\" class=\"languageImage no-lazy\" alt=\"Language learning for proficient communication\" fetchpriority=\"high\" sizes=\"(max-width: 768px) 150px, 768px\" srcset=\"https:\/\/talkpal.ai\/wp-content\/uploads\/2023\/06\/hebrew-768x768.png 768w, https:\/\/talkpal.ai\/wp-content\/uploads\/2023\/06\/hebrew-300x300.png 300w\" \/>\r\n    \r\n\r\n    <\/figure>\r\n\r\n            <a class=\"getStartedVisible\" href=\"https:\/\/app.talkpal.ai\/pl\/signup?lng=\">Zaczynaj<\/a>\r\n    \r\n<\/section>\r\n<section class=\"promotionalBanner\">\r\n    <p class=\"promotionalText\">Najbardziej efektywny spos\u00f3b nauki j\u0119zyka<\/p>\r\n    <a class=\"promotionalLink\" href=\"https:\/\/app.talkpal.ai\/pl\/signup?lng=\">Wypr\u00f3buj Talkpal za darmo<\/a>\r\n<\/section>\n<div class=\"wp-block-group pageContainerStyle\"><div class=\"wp-block-group__inner-container is-layout-constrained wp-block-group-is-layout-constrained\">\n<h2 class=\"wp-block-heading\" id=\"h-mastering-hebrew-grammar-your-ultimate-guide\">Opanowanie gramatyki hebrajskiej: Tw\u00f3j ostateczny przewodnik<\/h2>\n\n\n\n<p>Shalom, <a href=\"https:\/\/talkpal.ai\/talkpal-discount-for-language-enthusiasts\/\">entuzja\u015bci j\u0119zyk\u00f3w<\/a>! Czy jeste\u015b gotowy, aby zanurzy\u0107 si\u0119 w fascynuj\u0105cym <a href=\"https:\/\/talkpal.ai\/locations\/language-courses-in-swiecie\/\">\u015bwiecie<\/a> gramatyki hebrajskiej? Trafi\u0142e\u015b we w\u0142a\u015bciwe miejsce. Wype\u0142niony \u0142atwymi do zrozumienia informacjami i konwersacyjnym tonem, ten artyku\u0142 poprowadzi Ci\u0119 przez hipnotyzuj\u0105c\u0105 dziedzin\u0119 gramatyki hebrajskiej. Wkr\u00f3tce b\u0119dziesz w stanie konstruowa\u0107 zdania i anga\u017cowa\u0107 si\u0119 w znacz\u0105ce rozmowy z rodzimymi u\u017cytkownikami j\u0119zyka. Rozpocznijmy wi\u0119c podr\u00f3\u017c w kierunku opanowania gramatyki hebrajskiej!<\/p>\n\n\n\n<p><strong>Ale najpierw, dlaczego gramatyka hebrajska?<\/strong><\/p>\n\n\n\n<p>Je\u015bli uczysz si\u0119 hebrajskiego, solidne podstawy gramatyki s\u0105 niezb\u0119dne do p\u0142ynnego m\u00f3wienia, czytania i pisania. Chocia\u017c <a href=\"https:\/\/talkpal.ai\/hebrew-grammar\/\">gramatyka hebrajska<\/a> mo\u017ce pocz\u0105tkowo wydawa\u0107 si\u0119 skomplikowana, staje si\u0119 bardziej przyst\u0119pna, gdy zostanie podzielona na mniejsze, \u0142atwiejsze do opanowania cz\u0119\u015bci. Wyruszmy wi\u0119c w t\u0119 ekscytuj\u0105c\u0105 podr\u00f3\u017c!<\/p>\n\n\n\n<h3 class=\"wp-block-heading\" id=\"h-1-nouns-gender-and-number\">1. Rzeczowniki, rodzaj i liczba<\/h3>\n\n\n\n<p>Rzeczowniki hebrajskie maj\u0105 dwa rodzaje \u2014 m\u0119ski i \u017ce\u0144ski \u2014 i mog\u0105 wyst\u0119powa\u0107 w liczbie pojedynczej lub mnogiej. Okre\u015blenie rodzaju rzeczownika stanowi podstaw\u0119 prawid\u0142owej konstrukcji zdania, poniewa\u017c wp\u0142ywa na inne cz\u0119\u015bci mowy, takie jak czasowniki i przymiotniki.  <\/p>\n\n\n\n<p>Og\u00f3lna zasada: je\u015bli rzeczownik ko\u0144czy si\u0119 na &#8222;\u05d4&#8221; (hej) lub &#8222;\u05ea&#8221; (tav), to zazwyczaj jest rodzaju \u017ce\u0144skiego. Istniej\u0105 jednak wyj\u0105tki, wi\u0119c zapami\u0119tywanie rodzaj\u00f3w rzeczownik\u00f3w podczas nauki s\u0142ownictwa jest kluczowe.<\/p>\n\n\n\n<p>Ponadto rzeczowniki hebrajskie przybieraj\u0105 r\u00f3\u017cne formy w zale\u017cno\u015bci od liczby. Rzeczowniki rodzaju m\u0119skiego w liczbie mnogiej zazwyczaj ko\u0144cz\u0105 si\u0119 na &#8222;\u05d9\u05dd&#8221; (yim), podczas gdy rzeczowniki rodzaju \u017ce\u0144skiego w liczbie mnogiej ko\u0144cz\u0105 si\u0119 na &#8222;\u05d5\u05ea&#8221; (ot).<\/p>\n\n\n\n<h3 class=\"wp-block-heading\" id=\"h-2-adjectives-agreement-and-definite-articles\">2. Przymiotniki, zgoda i rodzajniki okre\u015blone<\/h3>\n\n\n\n<p>Przymiotniki w j\u0119zyku hebrajskim musz\u0105 zgadza\u0107 si\u0119 pod wzgl\u0119dem rodzaju i liczby z rzeczownikiem, kt\u00f3ry modyfikuj\u0105. Aby nada\u0107 przymiotnikowi rodzaj \u017ce\u0144ski, dodaj &#8222;\u05d4&#8221; (hej) na ko\u0144cu, je\u015bli jeszcze go nie ma. Aby utworzy\u0107 liczb\u0119 mnog\u0105 przymiotnika, post\u0119puj zgodnie z t\u0105 sam\u0105 zasad\u0105, co w przypadku rzeczownik\u00f3w: dodaj &#8222;\u05d9\u05dd&#8221; dla rodzaju m\u0119skiego i &#8222;\u05d5\u05ea&#8221; dla rodzaju \u017ce\u0144skiego.<\/p>\n\n\n\n<p>Przedimek okre\u015blony &#8222;the&#8221; w j\u0119zyku hebrajskim to &#8222;\u05d4&#8221; (hej) i jest dodawany jako przedrostek do rzeczownika lub przymiotnika. Na przyk\u0142ad &#8222;\u05d4\u05e1\u05e4\u05e8&#8221; (haSefer &#8211; ksi\u0105\u017cka) lub &#8222;\u05d4\u05db\u05d3\u05d5\u05e8 \u05d4\u05d2\u05d3\u05d5\u05dc&#8221; (hakadur hagadol &#8211; du\u017ca pi\u0142ka).<\/p>\n\n\n\n<h3 class=\"wp-block-heading\" id=\"h-3-verbs-tense-and-conjugation\">3. Czasowniki, czasy i koniugacja<\/h3>\n\n\n\n<p>Czasowniki hebrajskie odgrywaj\u0105 kluczow\u0105 rol\u0119 w gramatyce i s\u0105 podzielone na siedem grup koniugacyjnych zwanych &#8222;binyanim&#8221;. Ka\u017cdy binyan wp\u0142ywa na znaczenie i rol\u0119 czasownika w zdaniu.<\/p>\n\n\n\n<p>Aby da\u0107 ci szybki przegl\u0105d, om\u00f3wmy czas tera\u017aniejszy czasownik\u00f3w regularnych:<\/p>\n\n\n\n<p><strong>&#8211; \u05d0\u05e0\u05d9 \u05e7\u05d5\u05e8\u05d0\/\u05ea (ani kore\/et &#8211; czytam, masc.\/fem.)<\/strong><\/p>\n\n\n\n<p><strong>&#8211; \u05d0\u05ea\/\u05d4 \u05e7\u05d5\u05e8\u05d0\/\u05ea (ata\/at kore\/et &#8211; czytasz, masc.\/fem.)<\/strong><\/p>\n\n\n\n<p><strong>&#8211; \u05d4\u05d5\u05d0\/\u05d4\u05d9\u05d0 \u05e7\u05d5\u05e8\u05d0\/\u05ea (hu\/hi kore\/et &#8211; on\/ona czyta)<\/strong><\/p>\n\n\n\n<p>Pami\u0119taj, \u017ce to dopiero pocz\u0105tek! W miar\u0119 post\u0119p\u00f3w pojawi si\u0119 wiele innych czas\u00f3w, czasownik\u00f3w nieregularnych i zawi\u0142o\u015bci binyan.<\/p>\n\n\n\n<h3 class=\"wp-block-heading\" id=\"h-4-pronouns-prepositions-and-more\">4. Zaimki, przyimki i nie tylko!<\/h3>\n\n\n\n<p><a href=\"https:\/\/talkpal.ai\/grammar\/\">Gramatyka<\/a> hebrajska obejmuje inne elementy, takie jak zaimki (\u05d0\u05e0\u05d9, \u05d0\u05ea\u05d4, \u05d4\u05d5\u05d0, \u05d4\u05d9\u05d0 itd.), przyimki (\u05d1, \u05dc, \u05de, \u05e2\u05dc itd.) i wyra\u017cenia idiomatyczne. Zaj\u0119cie si\u0119 ka\u017cdym elementem jest niezb\u0119dne do osi\u0105gni\u0119cia pe\u0142nej p\u0142ynno\u015bci w j\u0119zyku hebrajskim, wi\u0119c r\u00f3b to krok po kroku.<\/p>\n\n\n\n<p>Podsumowuj\u0105c, nie ma drogi na skr\u00f3ty do opanowania gramatyki hebrajskiej. Wymaga wytrwa\u0142o\u015bci, praktyki i cierpliwo\u015bci. Jednak gdy ju\u017c zrozumiesz jego zawi\u0142o\u015bci, b\u0119dziesz delektowa\u0107 si\u0119 niuansami konwersacji w j\u0119zyku hebrajskim, odkrywa\u0107 bogat\u0105 kultur\u0119 i histori\u0119 oraz pog\u0142\u0119bia\u0107 swoje uznanie dla tego j\u0119zyka. \u05d1\u05d4\u05e6\u05dc\u05d7\u05d4 (behatzlacha &#8211; <a href=\"https:\/\/talkpal.ai\/culture\/how-do-you-say-good-luck-in-polish\/\">powodzenia<\/a>)!<\/p>\n<\/div><\/div>\n\r\n<section class=\"learnNavigationSection\">\r\n            \r\n        <a href=\"https:\/\/talkpal.ai\/pl\/naucz-sie-hebrajskiego\/\">\r\n            <div class=\"learnNavigationWrapper\">\r\n                <div class=\"learnNavigationContent\">\r\n                    <img decoding=\"async\" src=\"https:\/\/talkpal.ai\/wp-content\/uploads\/2024\/08\/Hebrew.jpg\" alt=\"Israel Flag\">\r\n                    <div>\r\n                        <h4>O nauce j\u0119zyka hebrajskiego<\/h4>\r\n                        <p>Dowiedz si\u0119 wszystkiego o gramatyce hebrajskiej.<\/p>\r\n                    <\/div>\r\n                <\/div>\r\n            <\/div>\r\n        <\/a>\r\n\r\n        \r\n        <a href=\"https:\/\/talkpal.ai\/pl\/cwiczenia-z-gramatyki-hebrajskiej\/\">\r\n            <div class=\"learnNavigationWrapper\">\r\n                <div class=\"learnNavigationContent\">\r\n                    <img decoding=\"async\" src=\"https:\/\/talkpal.ai\/wp-content\/uploads\/2024\/08\/Hebrew.jpg\" alt=\"Israel Flag\">\r\n                    <div>\r\n                        <h4>\u0106wiczenie z gramatyki j\u0119zyka hebrajskiego<\/h4>\r\n                        <p>\u0106wicz gramatyk\u0119 hebrajsk\u0105.<\/p>\r\n                    <\/div>\r\n                <\/div>\r\n            <\/div>\r\n        <\/a>\r\n\r\n        \r\n        <a href=\"https:\/\/talkpal.ai\/vocabulary_language\/hebrew\/\">\r\n            <div class=\"learnNavigationWrapper\">\r\n                <div class=\"learnNavigationContent\">\r\n                    <img decoding=\"async\" src=\"https:\/\/talkpal.ai\/wp-content\/uploads\/2024\/08\/Hebrew.jpg\" alt=\"Israel Flag\">\r\n                    <div>\r\n                        <h4>S\u0142ownictwo hebrajskie<\/h4>\r\n                        <p>Poszerz swoje hebrajskie s\u0142ownictwo.<\/p>\r\n                    <\/div>\r\n                <\/div>\r\n            <\/div>\r\n        <\/a>\r\n\r\n            <\/section>","protected":false},"excerpt":{"rendered":"<p>Opanowanie gramatyki hebrajskiej: Tw\u00f3j ostateczny przewodnik Shalom, entuzja\u015bci j\u0119zyk\u00f3w! Czy jeste\u015b gotowy, aby zanurzy\u0107 si\u0119 w fascynuj\u0105cym \u015bwiecie gramatyki hebrajskiej? Trafi\u0142e\u015b we w\u0142a\u015bciwe miejsce. Wype\u0142niony \u0142atwymi do zrozumienia informacjami i konwersacyjnym tonem, ten artyku\u0142 poprowadzi Ci\u0119 przez hipnotyzuj\u0105c\u0105 dziedzin\u0119 gramatyki hebrajskiej. Wkr\u00f3tce b\u0119dziesz w stanie konstruowa\u0107 zdania i anga\u017cowa\u0107 si\u0119 w znacz\u0105ce rozmowy z rodzimymi [&hellip;]<\/p>\n","protected":false},"author":1,"featured_media":112917,"parent":0,"menu_order":0,"comment_status":"closed","ping_status":"closed","template":"LearningContentPage.php","meta":{"_acf_changed":false,"footnotes":""},"class_list":["post-144472","page","type-page","status-publish","has-post-thumbnail","hentry"],"acf":[],"yoast_head":"<!-- This site is optimized with the Yoast SEO Premium plugin v27.2 (Yoast SEO v27.2) - https:\/\/yoast.com\/product\/yoast-seo-premium-wordpress\/ -->\n<title>Gramatyka hebrajska - Talkpal<\/title>\n<meta name=\"description\" content=\"Popraw swoj\u0105 hebrajsk\u0105 gramatyk\u0119 - poznaj kluczowe zasady, formu\u0142uj poprawne zdania i komunikuj si\u0119 wyra\u017anie dzi\u0119ki \u0142atwym lekcjom AI. Talkpaldzi\u0119ki \u0142atwym lekcjom AI.\" \/>\n<meta name=\"robots\" content=\"index, follow, max-snippet:-1, max-image-preview:large, max-video-preview:-1\" \/>\n<link rel=\"canonical\" href=\"https:\/\/talkpal.ai\/pl\/gramatyka-hebrajska\/\" \/>\n<meta property=\"og:locale\" content=\"pl_PL\" \/>\n<meta property=\"og:type\" content=\"article\" \/>\n<meta property=\"og:title\" content=\"Gramatyka hebrajska\" \/>\n<meta property=\"og:description\" content=\"Opanowanie gramatyki hebrajskiej: Tw\u00f3j ostateczny przewodnik Shalom, entuzja\u015bci j\u0119zyk\u00f3w! Czy jeste\u015b gotowy, aby zanurzy\u0107 si\u0119 w fascynuj\u0105cym \u015bwiecie\" \/>\n<meta property=\"og:url\" content=\"https:\/\/talkpal.ai\/pl\/gramatyka-hebrajska\/\" \/>\n<meta property=\"og:site_name\" content=\"Talkpal\" \/>\n<meta property=\"article:publisher\" content=\"https:\/\/www.facebook.com\/profile.php?id=100090733639311\" \/>\n<meta property=\"article:modified_time\" content=\"2025-12-13T15:38:31+00:00\" \/>\n<meta property=\"og:image\" content=\"https:\/\/talkpal.ai\/wp-content\/uploads\/2023\/05\/israel.png\" \/>\n\t<meta property=\"og:image:width\" content=\"512\" \/>\n\t<meta property=\"og:image:height\" content=\"512\" \/>\n\t<meta property=\"og:image:type\" content=\"image\/png\" \/>\n<meta name=\"twitter:card\" content=\"summary_large_image\" \/>\n<meta name=\"twitter:site\" content=\"@talkpalai\" \/>\n<meta name=\"twitter:label1\" content=\"Szacowany czas czytania\" \/>\n\t<meta name=\"twitter:data1\" content=\"3 minuty\" \/>\n<script type=\"application\/ld+json\" class=\"yoast-schema-graph\">{\"@context\":\"https:\/\/schema.org\",\"@graph\":[{\"@type\":\"WebPage\",\"@id\":\"https:\/\/talkpal.ai\/pl\/gramatyka-hebrajska\/\",\"url\":\"https:\/\/talkpal.ai\/pl\/gramatyka-hebrajska\/\",\"name\":\"Gramatyka hebrajska - Talkpal\",\"isPartOf\":{\"@id\":\"https:\/\/talkpal.ai\/pl\/#website\"},\"primaryImageOfPage\":{\"@id\":\"https:\/\/talkpal.ai\/pl\/gramatyka-hebrajska\/#primaryimage\"},\"image\":{\"@id\":\"https:\/\/talkpal.ai\/pl\/gramatyka-hebrajska\/#primaryimage\"},\"thumbnailUrl\":\"https:\/\/talkpal.ai\/wp-content\/uploads\/2023\/05\/israel.png\",\"datePublished\":\"2023-05-14T14:04:48+00:00\",\"dateModified\":\"2025-12-13T15:38:31+00:00\",\"description\":\"Popraw swoj\u0105 hebrajsk\u0105 gramatyk\u0119 - poznaj kluczowe zasady, formu\u0142uj poprawne zdania i komunikuj si\u0119 wyra\u017anie dzi\u0119ki \u0142atwym lekcjom AI. Talkpaldzi\u0119ki \u0142atwym lekcjom AI.\",\"breadcrumb\":{\"@id\":\"https:\/\/talkpal.ai\/pl\/gramatyka-hebrajska\/#breadcrumb\"},\"inLanguage\":\"pl-PL\",\"potentialAction\":[{\"@type\":\"ReadAction\",\"target\":[\"https:\/\/talkpal.ai\/pl\/gramatyka-hebrajska\/\"]}]},{\"@type\":\"ImageObject\",\"inLanguage\":\"pl-PL\",\"@id\":\"https:\/\/talkpal.ai\/pl\/gramatyka-hebrajska\/#primaryimage\",\"url\":\"https:\/\/talkpal.ai\/wp-content\/uploads\/2023\/05\/israel.png\",\"contentUrl\":\"https:\/\/talkpal.ai\/wp-content\/uploads\/2023\/05\/israel.png\",\"width\":512,\"height\":512},{\"@type\":\"BreadcrumbList\",\"@id\":\"https:\/\/talkpal.ai\/pl\/gramatyka-hebrajska\/#breadcrumb\",\"itemListElement\":[{\"@type\":\"ListItem\",\"position\":1,\"name\":\"Homepage\",\"item\":\"https:\/\/talkpal.ai\/pl\/\"},{\"@type\":\"ListItem\",\"position\":2,\"name\":\"Gramatyka hebrajska\"}]},{\"@type\":\"WebSite\",\"@id\":\"https:\/\/talkpal.ai\/pl\/#website\",\"url\":\"https:\/\/talkpal.ai\/pl\/\",\"name\":\"Talkpal\",\"description\":\"AI Language Learning\",\"publisher\":{\"@id\":\"https:\/\/talkpal.ai\/pl\/#organization\"},\"alternateName\":\"Talkpal AI\",\"potentialAction\":[{\"@type\":\"SearchAction\",\"target\":{\"@type\":\"EntryPoint\",\"urlTemplate\":\"https:\/\/talkpal.ai\/pl\/?s={search_term_string}\"},\"query-input\":{\"@type\":\"PropertyValueSpecification\",\"valueRequired\":true,\"valueName\":\"search_term_string\"}}],\"inLanguage\":\"pl-PL\"},{\"@type\":\"Organization\",\"@id\":\"https:\/\/talkpal.ai\/pl\/#organization\",\"name\":\"Talkpal, Inc.\",\"alternateName\":\"Talkpal AI\",\"url\":\"https:\/\/talkpal.ai\/pl\/\",\"logo\":{\"@type\":\"ImageObject\",\"inLanguage\":\"pl-PL\",\"@id\":\"https:\/\/talkpal.ai\/pl\/#\/schema\/logo\/image\/\",\"url\":\"https:\/\/talkpal.ai\/wp-content\/uploads\/2024\/03\/Talkpal-Logo-Icon.png\",\"contentUrl\":\"https:\/\/talkpal.ai\/wp-content\/uploads\/2024\/03\/Talkpal-Logo-Icon.png\",\"width\":2880,\"height\":2880,\"caption\":\"Talkpal, Inc.\"},\"image\":{\"@id\":\"https:\/\/talkpal.ai\/pl\/#\/schema\/logo\/image\/\"},\"sameAs\":[\"https:\/\/www.facebook.com\/profile.php?id=100090733639311\",\"https:\/\/x.com\/talkpalai\",\"https:\/\/www.linkedin.com\/company\/talkpal\/\",\"https:\/\/www.youtube.com\/@TalkPal\/\",\"https:\/\/www.tiktok.com\/@talkpal\",\"https:\/\/www.instagram.com\/talkpal_ai\/\",\"https:\/\/www.crunchbase.com\/organization\/talkpal-9cde\",\"https:\/\/www.g2.com\/products\/talkpal-for-business\/\",\"https:\/\/www.trustpilot.com\/review\/talkpal.ai\",\"https:\/\/www.capterra.com\/p\/10006800\/TalkPal\/\"],\"description\":\"Talkpal is a language learning web and mobile education app, powered by the latest AI technologies, that provides engaging experiences to its customers in many different languages to help them improve their language skills. Users can chat about unlimited amount of topics with the app and use other modes to practice their language learning.\",\"email\":\"support@talkpal.ai\",\"legalName\":\"Talkpal, Inc.\",\"foundingDate\":\"2023-04-03\",\"duns\":\"118989042\",\"numberOfEmployees\":{\"@type\":\"QuantitativeValue\",\"minValue\":\"11\",\"maxValue\":\"50\"},\"publishingPrinciples\":\"https:\/\/talkpal.ai\/publishing-principles\/\",\"actionableFeedbackPolicy\":\"https:\/\/talkpal.ai\/actionable-feedback-policy\/\",\"correctionsPolicy\":\"https:\/\/talkpal.ai\/corrections-policy\/\",\"ethicsPolicy\":\"https:\/\/talkpal.ai\/ethics-policy\/\",\"diversityPolicy\":\"https:\/\/talkpal.ai\/diversity-policy\/\",\"diversityStaffingReport\":\"https:\/\/talkpal.ai\/diversity-policy\/\"}]}<\/script>\n<!-- \/ Yoast SEO Premium plugin. -->","yoast_head_json":{"title":"Gramatyka hebrajska - Talkpal","description":"Popraw swoj\u0105 hebrajsk\u0105 gramatyk\u0119 - poznaj kluczowe zasady, formu\u0142uj poprawne zdania i komunikuj si\u0119 wyra\u017anie dzi\u0119ki \u0142atwym lekcjom AI. Talkpaldzi\u0119ki \u0142atwym lekcjom AI.","robots":{"index":"index","follow":"follow","max-snippet":"max-snippet:-1","max-image-preview":"max-image-preview:large","max-video-preview":"max-video-preview:-1"},"canonical":"https:\/\/talkpal.ai\/pl\/gramatyka-hebrajska\/","og_locale":"pl_PL","og_type":"article","og_title":"Gramatyka hebrajska","og_description":"Opanowanie gramatyki hebrajskiej: Tw\u00f3j ostateczny przewodnik Shalom, entuzja\u015bci j\u0119zyk\u00f3w! Czy jeste\u015b gotowy, aby zanurzy\u0107 si\u0119 w fascynuj\u0105cym \u015bwiecie","og_url":"https:\/\/talkpal.ai\/pl\/gramatyka-hebrajska\/","og_site_name":"Talkpal","article_publisher":"https:\/\/www.facebook.com\/profile.php?id=100090733639311","article_modified_time":"2025-12-13T15:38:31+00:00","og_image":[{"width":512,"height":512,"url":"https:\/\/talkpal.ai\/wp-content\/uploads\/2023\/05\/israel.png","type":"image\/png"}],"twitter_card":"summary_large_image","twitter_site":"@talkpalai","twitter_misc":{"Szacowany czas czytania":"3 minuty"},"schema":{"@context":"https:\/\/schema.org","@graph":[{"@type":"WebPage","@id":"https:\/\/talkpal.ai\/pl\/gramatyka-hebrajska\/","url":"https:\/\/talkpal.ai\/pl\/gramatyka-hebrajska\/","name":"Gramatyka hebrajska - Talkpal","isPartOf":{"@id":"https:\/\/talkpal.ai\/pl\/#website"},"primaryImageOfPage":{"@id":"https:\/\/talkpal.ai\/pl\/gramatyka-hebrajska\/#primaryimage"},"image":{"@id":"https:\/\/talkpal.ai\/pl\/gramatyka-hebrajska\/#primaryimage"},"thumbnailUrl":"https:\/\/talkpal.ai\/wp-content\/uploads\/2023\/05\/israel.png","datePublished":"2023-05-14T14:04:48+00:00","dateModified":"2025-12-13T15:38:31+00:00","description":"Popraw swoj\u0105 hebrajsk\u0105 gramatyk\u0119 - poznaj kluczowe zasady, formu\u0142uj poprawne zdania i komunikuj si\u0119 wyra\u017anie dzi\u0119ki \u0142atwym lekcjom AI. Talkpaldzi\u0119ki \u0142atwym lekcjom AI.","breadcrumb":{"@id":"https:\/\/talkpal.ai\/pl\/gramatyka-hebrajska\/#breadcrumb"},"inLanguage":"pl-PL","potentialAction":[{"@type":"ReadAction","target":["https:\/\/talkpal.ai\/pl\/gramatyka-hebrajska\/"]}]},{"@type":"ImageObject","inLanguage":"pl-PL","@id":"https:\/\/talkpal.ai\/pl\/gramatyka-hebrajska\/#primaryimage","url":"https:\/\/talkpal.ai\/wp-content\/uploads\/2023\/05\/israel.png","contentUrl":"https:\/\/talkpal.ai\/wp-content\/uploads\/2023\/05\/israel.png","width":512,"height":512},{"@type":"BreadcrumbList","@id":"https:\/\/talkpal.ai\/pl\/gramatyka-hebrajska\/#breadcrumb","itemListElement":[{"@type":"ListItem","position":1,"name":"Homepage","item":"https:\/\/talkpal.ai\/pl\/"},{"@type":"ListItem","position":2,"name":"Gramatyka hebrajska"}]},{"@type":"WebSite","@id":"https:\/\/talkpal.ai\/pl\/#website","url":"https:\/\/talkpal.ai\/pl\/","name":"Talkpal","description":"AI Language Learning","publisher":{"@id":"https:\/\/talkpal.ai\/pl\/#organization"},"alternateName":"Talkpal AI","potentialAction":[{"@type":"SearchAction","target":{"@type":"EntryPoint","urlTemplate":"https:\/\/talkpal.ai\/pl\/?s={search_term_string}"},"query-input":{"@type":"PropertyValueSpecification","valueRequired":true,"valueName":"search_term_string"}}],"inLanguage":"pl-PL"},{"@type":"Organization","@id":"https:\/\/talkpal.ai\/pl\/#organization","name":"Talkpal, Inc.","alternateName":"Talkpal AI","url":"https:\/\/talkpal.ai\/pl\/","logo":{"@type":"ImageObject","inLanguage":"pl-PL","@id":"https:\/\/talkpal.ai\/pl\/#\/schema\/logo\/image\/","url":"https:\/\/talkpal.ai\/wp-content\/uploads\/2024\/03\/Talkpal-Logo-Icon.png","contentUrl":"https:\/\/talkpal.ai\/wp-content\/uploads\/2024\/03\/Talkpal-Logo-Icon.png","width":2880,"height":2880,"caption":"Talkpal, Inc."},"image":{"@id":"https:\/\/talkpal.ai\/pl\/#\/schema\/logo\/image\/"},"sameAs":["https:\/\/www.facebook.com\/profile.php?id=100090733639311","https:\/\/x.com\/talkpalai","https:\/\/www.linkedin.com\/company\/talkpal\/","https:\/\/www.youtube.com\/@TalkPal\/","https:\/\/www.tiktok.com\/@talkpal","https:\/\/www.instagram.com\/talkpal_ai\/","https:\/\/www.crunchbase.com\/organization\/talkpal-9cde","https:\/\/www.g2.com\/products\/talkpal-for-business\/","https:\/\/www.trustpilot.com\/review\/talkpal.ai","https:\/\/www.capterra.com\/p\/10006800\/TalkPal\/"],"description":"Talkpal is a language learning web and mobile education app, powered by the latest AI technologies, that provides engaging experiences to its customers in many different languages to help them improve their language skills. Users can chat about unlimited amount of topics with the app and use other modes to practice their language learning.","email":"support@talkpal.ai","legalName":"Talkpal, Inc.","foundingDate":"2023-04-03","duns":"118989042","numberOfEmployees":{"@type":"QuantitativeValue","minValue":"11","maxValue":"50"},"publishingPrinciples":"https:\/\/talkpal.ai\/publishing-principles\/","actionableFeedbackPolicy":"https:\/\/talkpal.ai\/actionable-feedback-policy\/","correctionsPolicy":"https:\/\/talkpal.ai\/corrections-policy\/","ethicsPolicy":"https:\/\/talkpal.ai\/ethics-policy\/","diversityPolicy":"https:\/\/talkpal.ai\/diversity-policy\/","diversityStaffingReport":"https:\/\/talkpal.ai\/diversity-policy\/"}]}},"_links":{"self":[{"href":"https:\/\/talkpal.ai\/pl\/wp-json\/wp\/v2\/pages\/144472","targetHints":{"allow":["GET"]}}],"collection":[{"href":"https:\/\/talkpal.ai\/pl\/wp-json\/wp\/v2\/pages"}],"about":[{"href":"https:\/\/talkpal.ai\/pl\/wp-json\/wp\/v2\/types\/page"}],"author":[{"embeddable":true,"href":"https:\/\/talkpal.ai\/pl\/wp-json\/wp\/v2\/users\/1"}],"replies":[{"embeddable":true,"href":"https:\/\/talkpal.ai\/pl\/wp-json\/wp\/v2\/comments?post=144472"}],"version-history":[{"count":0,"href":"https:\/\/talkpal.ai\/pl\/wp-json\/wp\/v2\/pages\/144472\/revisions"}],"wp:featuredmedia":[{"embeddable":true,"href":"https:\/\/talkpal.ai\/pl\/wp-json\/wp\/v2\/media\/112917"}],"wp:attachment":[{"href":"https:\/\/talkpal.ai\/pl\/wp-json\/wp\/v2\/media?parent=144472"}],"curies":[{"name":"wp","href":"https:\/\/api.w.org\/{rel}","templated":true}]}}