{"id":144107,"date":"2023-05-14T14:03:43","date_gmt":"2023-05-14T14:03:43","guid":{"rendered":"http:\/\/talkpal.ai\/gramatyka-galicyjska\/"},"modified":"2025-12-13T15:30:02","modified_gmt":"2025-12-13T15:30:02","slug":"gramatyka-galicyjska","status":"publish","type":"page","link":"https:\/\/talkpal.ai\/pl\/gramatyka-galicyjska\/","title":{"rendered":"Gramatyka galicyjska"},"content":{"rendered":"\r\n\r\n\r\n<section class=\"languageChallengeSection\">\r\n    <div class=\"languageInfoWrapper\">\r\n        \r\n        <h1>Gramatyka galicyjska<\/h1>\r\n        <p>Odkryj urok j\u0119zyka galicyjskiego, opanowuj\u0105c jego podstawowe zasady gramatyczne. Zrozumienie gramatyki galicyjskiej otworzy drzwi do znacz\u0105cej komunikacji i g\u0142\u0119bszego docenienia t\u0119tni\u0105cej \u017cyciem kultury Galicji. Rozpocznij nauk\u0119 gramatyki galicyjskiej ju\u017c dzi\u015b i zr\u00f3b pierwszy krok w kierunku p\u0142ynnego pos\u0142ugiwania si\u0119 tym j\u0119zykiem!<\/p>\r\n\r\n                            <a class=\"getStartedHidden\" href=\"https:\/\/app.talkpal.ai\/pl\/signup?lng=\">Zaczynaj<\/a>\r\n        \r\n    <\/div>\r\n\r\n    <figure>\r\n    <img decoding=\"async\" width=\"768\" height=\"768\" src=\"https:\/\/talkpal.ai\/wp-content\/uploads\/2023\/06\/galician-768x768.png\" class=\"languageImage no-lazy\" alt=\"Language immersion powerful learning method\" fetchpriority=\"high\" sizes=\"(max-width: 768px) 150px, 768px\" srcset=\"https:\/\/talkpal.ai\/wp-content\/uploads\/2023\/06\/galician-768x768.png 768w, https:\/\/talkpal.ai\/wp-content\/uploads\/2023\/06\/galician-300x300.png 300w\" \/>\r\n    \r\n\r\n    <\/figure>\r\n\r\n            <a class=\"getStartedVisible\" href=\"https:\/\/app.talkpal.ai\/pl\/signup?lng=\">Zaczynaj<\/a>\r\n    \r\n<\/section>\r\n<section class=\"promotionalBanner\">\r\n    <p class=\"promotionalText\">Najbardziej efektywny spos\u00f3b nauki j\u0119zyka<\/p>\r\n    <a class=\"promotionalLink\" href=\"https:\/\/app.talkpal.ai\/pl\/signup?lng=\">Wypr\u00f3buj Talkpal za darmo<\/a>\r\n<\/section>\n<div class=\"wp-block-group pageContainerStyle\"><div class=\"wp-block-group__inner-container is-layout-constrained wp-block-group-is-layout-constrained\">\n<h2 class=\"wp-block-heading\" id=\"h-galician-grammar-unlocking-the-beauty-of-a-romance-language\">Gramatyka galicyjska: odkrywanie pi\u0119kna j\u0119zyka roma\u0144skiego<\/h2>\n\n\n\n<p><a href=\"https:\/\/talkpal.ai\/learn-galician\/\">Galicyjski<\/a>, j\u0119zyk roma\u0144ski, kt\u00f3rym pos\u0142uguje si\u0119 ponad dwa miliony ludzi w p\u00f3\u0142nocno-zachodniej Hiszpanii, jest wyj\u0105tkowym i urzekaj\u0105cym dialektem, kt\u00f3ry ma podobie\u0144stwa z portugalskim. Ma charakterystyczn\u0105 fonologi\u0119, fascynuj\u0105c\u0105 histori\u0119 i \u017cyw\u0105 tradycj\u0119 poetyck\u0105. Aby opanowa\u0107 ten czaruj\u0105cy j\u0119zyk, kluczowe jest zrozumienie jego gramatyki. W tym artykule om\u00f3wimy najwa\u017cniejsze aspekty gramatyki galicyjskiej i przedstawimy wskaz\u00f3wki, kt\u00f3re pomog\u0105 ci osi\u0105gn\u0105\u0107 sukces w tej j\u0119zykowej podr\u00f3\u017cy.<\/p>\n\n\n\n<h3 class=\"wp-block-heading\" id=\"h-key-components-of-galician-grammar\">Kluczowe elementy gramatyki galicyjskiej:<\/h3>\n\n\n\n<p><a href=\"https:\/\/talkpal.ai\/galician-grammar\/\">Gramatyka galicyjska<\/a>, podobnie jak inne j\u0119zyki roma\u0144skie, sk\u0142ada si\u0119 z r\u00f3\u017cnych regu\u0142 i struktur, kt\u00f3re okre\u015blaj\u0105 jej w\u0142a\u015bciwe u\u017cycie. Oto kilka podstawowych aspekt\u00f3w gramatyki galicyjskiej, z kt\u00f3rymi powiniene\u015b si\u0119 zapozna\u0107:<\/p>\n\n\n\n<p><strong>1. Rzeczowniki: Rzeczowniki<\/strong> galicyjskie maj\u0105 dwa rodzaje gramatyczne (m\u0119ski i \u017ce\u0144ski) i odmieniaj\u0105 si\u0119 przez liczb\u0119 (pojedyncz\u0105 i mnog\u0105). Rodzaj rzeczownika wp\u0142ywa na form\u0119 rodzajnik\u00f3w, przymiotnik\u00f3w i zaimk\u00f3w, kt\u00f3re mu towarzysz\u0105.<\/p>\n\n\n\n<p><strong>2. Rodzajniki:<\/strong> Galicyjski ma rodzajniki okre\u015blone (o, os, a, as) i rodzajniki nieokre\u015blone (un, uns, unha, unhas). Rodzajniki okre\u015blone s\u0105 u\u017cywane w odniesieniu do okre\u015blonych przedmiot\u00f3w lub os\u00f3b, podczas gdy rodzajniki nieokre\u015blone s\u0105 u\u017cywane w odniesieniu do og\u00f3lnych lub niespecyficznych odniesie\u0144.<\/p>\n\n\n\n<p>3. Przymiotniki i <strong>przys\u0142\u00f3wki: Przymiotniki<\/strong> w j\u0119zyku galicyjskim zwykle zgadzaj\u0105 si\u0119 co do rodzaju i liczby z rzeczownikami, kt\u00f3re modyfikuj\u0105. Przys\u0142\u00f3wki, z drugiej strony, s\u0105 nieodmienne i nie zmieniaj\u0105 si\u0119 w zale\u017cno\u015bci od p\u0142ci lub liczby rzeczownika.<\/p>\n\n\n\n<p><strong>4. Czasowniki: Czasowniki<\/strong> galicyjskie odmieniaj\u0105 si\u0119 w trzech regularnych wzorcach (ar, er, ir) i r\u00f3\u017cnych nieregularnych wzorach. Czasowniki odmieniaj\u0105 si\u0119 zgodnie z czasem (tera\u017aniejszym, przesz\u0142ym, przysz\u0142ym itp.), nastrojem (oznajmuj\u0105cym, \u0142\u0105cz\u0105cym, rozkazuj\u0105cym), aspektem (dokonanym, niedokonanym) i g\u0142osem (czynnym, biernym). Zaimki s\u0105 cz\u0119sto pomijane w koniugacji czasownika, poniewa\u017c forma czasownika zwykle wskazuje na podmiot.<\/p>\n\n\n\n<p><strong>5. Struktura zdania:<\/strong> W j\u0119zyku galicyjskim zazwyczaj u\u017cywa si\u0119 szyku wyraz\u00f3w Podmiot-Orzeczenie-Dope\u0142nienie (SVO) lub Czasownik-Podmiot-Dope\u0142nienie (VSO), w zale\u017cno\u015bci od akcentu i kontekstu. Jednak ten szyk wyraz\u00f3w jest elastyczny.<\/p>\n\n\n\n<h3 class=\"wp-block-heading\" id=\"h-tips-for-learning-galician-grammar\">Wskaz\u00f3wki dotycz\u0105ce nauki gramatyki galicyjskiej:<\/h3>\n\n\n\n<p>Aby osi\u0105gn\u0105\u0107 sukces w nauce gramatyki galicyjskiej, rozwa\u017c nast\u0119puj\u0105ce pomocne strategie:<\/p>\n\n\n\n<p><strong>1. Regularna praktyka: Konsekwencja<\/strong> jest kluczowa. Po\u015bwi\u0119\u0107 okre\u015blony czas ka\u017cdego dnia lub tygodnia na \u0107wiczenie \u0107wicze\u0144 gramatycznych, czytania i pisania w j\u0119zyku galicyjskim.<\/p>\n\n\n\n<p><strong>2. Korzystaj z zasob\u00f3w natywnych:<\/strong> Zanurz si\u0119 w autentycznych galicyjskich materia\u0142ach, takich jak literatura, artyku\u0142y prasowe i filmy. Pomaga to nie tylko dostrzec gramatyk\u0119 galicyjsk\u0105 w kontek\u015bcie, ale tak\u017ce poprawia umiej\u0119tno\u015bci czytania i s\u0142uchania.<\/p>\n\n\n\n<p><strong>3. Naucz si\u0119 rodzaj\u00f3w rzeczownik\u00f3w<\/strong> i rodzajnik\u00f3w: Zapoznaj si\u0119 z rodzajami rzeczownik\u00f3w galicyjskich i prawid\u0142owym u\u017cyciem rodzajnik\u00f3w. Ma to kluczowe znaczenie dla tworzenia dok\u0142adnych i sp\u00f3jnych zda\u0144.<\/p>\n\n\n\n<p><strong>4. Nawi\u0105\u017c kontakt z native speakerami: Nawi\u0105\u017c kontakt z<\/strong> rodzimymi u\u017cytkownikami j\u0119zyka galicyjskiego poprzez programy wymiany j\u0119zykowej, media spo\u0142eczno\u015bciowe lub fora internetowe. Daje to mo\u017cliwo\u015b\u0107 \u0107wiczenia gramatyki w rzeczywistych rozmowach i otrzymywania cennych informacji zwrotnych.<\/p>\n\n\n\n<p><strong>5. Cierpliwo\u015b\u0107 i wytrwa\u0142o\u015b\u0107:<\/strong> Nauka nowego j\u0119zyka wymaga czasu, determinacji i cierpliwo\u015bci. Podejmij wyzwania i \u015bwi\u0119tuj swoje post\u0119py po drodze.<\/p>\n\n\n\n<h2 class=\"wp-block-heading\" id=\"h-conclusion\">Wnioski:<\/h2>\n\n\n\n<p><a href=\"https:\/\/talkpal.ai\/grammar\/\">Gramatyka<\/a> galicyjska, z jej unikalnymi cechami i powi\u0105zaniem z roma\u0144sk\u0105 rodzin\u0105 j\u0119zykow\u0105, jest kluczem do opanowania tego urzekaj\u0105cego dialektu. Rozumiej\u0105c jego kluczowe elementy i stosuj\u0105c si\u0119 do naszych strategii nauki, b\u0119dziesz na dobrej drodze do osi\u0105gni\u0119cia bieg\u0142o\u015bci j\u0119zykowej. Wyrusz wi\u0119c w t\u0119 ekscytuj\u0105c\u0105 podr\u00f3\u017c i odkryj cuda j\u0119zyka galicyjskiego!<\/p>\n<\/div><\/div>\n\r\n<section class=\"learnNavigationSection\">\r\n            \r\n        <a href=\"https:\/\/talkpal.ai\/pl\/naucz-sie-galicyjskiego\/\">\r\n            <div class=\"learnNavigationWrapper\">\r\n                <div class=\"learnNavigationContent\">\r\n                    <img decoding=\"async\" src=\"https:\/\/talkpal.ai\/wp-content\/uploads\/2024\/08\/Galician.jpg\" alt=\"Galicia Flag\">\r\n                    <div>\r\n                        <h4>O Galician Learning<\/h4>\r\n                        <p>Dowiedz si\u0119 wszystkiego o gramatyce galicyjskiej .<\/p>\r\n                    <\/div>\r\n                <\/div>\r\n            <\/div>\r\n        <\/a>\r\n\r\n        \r\n        <a href=\"https:\/\/talkpal.ai\/pl\/cwiczenia-gramatyczne-w-jezyku-galicyjskim\/\">\r\n            <div class=\"learnNavigationWrapper\">\r\n                <div class=\"learnNavigationContent\">\r\n                    <img decoding=\"async\" src=\"https:\/\/talkpal.ai\/wp-content\/uploads\/2024\/08\/Galician.jpg\" alt=\"Galicia Flag\">\r\n                    <div>\r\n                        <h4>\u0106wiczenie z gramatyki galicyjskiej<\/h4>\r\n                        <p>\u0106wicz gramatyk\u0119 galicyjsk\u0105 .<\/p>\r\n                    <\/div>\r\n                <\/div>\r\n            <\/div>\r\n        <\/a>\r\n\r\n        \r\n        <a href=\"https:\/\/talkpal.ai\/vocabulary_language\/galician\/\">\r\n            <div class=\"learnNavigationWrapper\">\r\n                <div class=\"learnNavigationContent\">\r\n                    <img decoding=\"async\" src=\"https:\/\/talkpal.ai\/wp-content\/uploads\/2024\/08\/Galician.jpg\" alt=\"Galicia Flag\">\r\n                    <div>\r\n                        <h4>S\u0142ownictwo galicyjskie<\/h4>\r\n                        <p>Poszerz swoje galicyjskie s\u0142ownictwo.<\/p>\r\n                    <\/div>\r\n                <\/div>\r\n            <\/div>\r\n        <\/a>\r\n\r\n            <\/section>","protected":false},"excerpt":{"rendered":"<p>Gramatyka galicyjska: odkrywanie pi\u0119kna j\u0119zyka roma\u0144skiego Galicyjski, j\u0119zyk roma\u0144ski, kt\u00f3rym pos\u0142uguje si\u0119 ponad dwa miliony ludzi w p\u00f3\u0142nocno-zachodniej Hiszpanii, jest wyj\u0105tkowym i urzekaj\u0105cym dialektem, kt\u00f3ry ma podobie\u0144stwa z portugalskim. Ma charakterystyczn\u0105 fonologi\u0119, fascynuj\u0105c\u0105 histori\u0119 i \u017cyw\u0105 tradycj\u0119 poetyck\u0105. Aby opanowa\u0107 ten czaruj\u0105cy j\u0119zyk, kluczowe jest zrozumienie jego gramatyki. W tym artykule om\u00f3wimy najwa\u017cniejsze aspekty gramatyki [&hellip;]<\/p>\n","protected":false},"author":1,"featured_media":111944,"parent":0,"menu_order":0,"comment_status":"closed","ping_status":"closed","template":"LearningContentPage.php","meta":{"_acf_changed":false,"footnotes":""},"class_list":["post-144107","page","type-page","status-publish","has-post-thumbnail","hentry"],"acf":[],"yoast_head":"<!-- This site is optimized with the Yoast SEO Premium plugin v27.2 (Yoast SEO v27.2) - https:\/\/yoast.com\/product\/yoast-seo-premium-wordpress\/ -->\n<title>Gramatyka galicyjska - Talkpal<\/title>\n<meta name=\"description\" content=\"\u0141atwo opanuj gramatyk\u0119 galicyjsk\u0105 - poznaj zasady, buduj poprawne zdania i komunikuj si\u0119 wyra\u017anie\" \/>\n<meta name=\"robots\" content=\"index, follow, max-snippet:-1, max-image-preview:large, max-video-preview:-1\" \/>\n<link rel=\"canonical\" href=\"https:\/\/talkpal.ai\/pl\/gramatyka-galicyjska\/\" \/>\n<meta property=\"og:locale\" content=\"pl_PL\" \/>\n<meta property=\"og:type\" content=\"article\" \/>\n<meta property=\"og:title\" content=\"Gramatyka galicyjska\" \/>\n<meta property=\"og:description\" content=\"Gramatyka galicyjska: odkrywanie pi\u0119kna j\u0119zyka roma\u0144skiego Galicyjski, j\u0119zyk roma\u0144ski, kt\u00f3rym pos\u0142uguje si\u0119 ponad dwa miliony ludzi w p\u00f3\u0142nocno-zachodniej\" \/>\n<meta property=\"og:url\" content=\"https:\/\/talkpal.ai\/pl\/gramatyka-galicyjska\/\" \/>\n<meta property=\"og:site_name\" content=\"Talkpal\" \/>\n<meta property=\"article:publisher\" content=\"https:\/\/www.facebook.com\/profile.php?id=100090733639311\" \/>\n<meta property=\"article:modified_time\" content=\"2025-12-13T15:30:02+00:00\" \/>\n<meta property=\"og:image\" content=\"https:\/\/talkpal.ai\/wp-content\/uploads\/2023\/05\/Galician-spain.png\" \/>\n\t<meta property=\"og:image:width\" content=\"512\" \/>\n\t<meta property=\"og:image:height\" content=\"512\" \/>\n\t<meta property=\"og:image:type\" content=\"image\/png\" \/>\n<meta name=\"twitter:card\" content=\"summary_large_image\" \/>\n<meta name=\"twitter:site\" content=\"@talkpalai\" \/>\n<meta name=\"twitter:label1\" content=\"Szacowany czas czytania\" \/>\n\t<meta name=\"twitter:data1\" content=\"3 minuty\" \/>\n<script type=\"application\/ld+json\" class=\"yoast-schema-graph\">{\"@context\":\"https:\/\/schema.org\",\"@graph\":[{\"@type\":\"WebPage\",\"@id\":\"https:\/\/talkpal.ai\/pl\/gramatyka-galicyjska\/\",\"url\":\"https:\/\/talkpal.ai\/pl\/gramatyka-galicyjska\/\",\"name\":\"Gramatyka galicyjska - Talkpal\",\"isPartOf\":{\"@id\":\"https:\/\/talkpal.ai\/pl\/#website\"},\"primaryImageOfPage\":{\"@id\":\"https:\/\/talkpal.ai\/pl\/gramatyka-galicyjska\/#primaryimage\"},\"image\":{\"@id\":\"https:\/\/talkpal.ai\/pl\/gramatyka-galicyjska\/#primaryimage\"},\"thumbnailUrl\":\"https:\/\/talkpal.ai\/wp-content\/uploads\/2023\/05\/Galician-spain.png\",\"datePublished\":\"2023-05-14T14:03:43+00:00\",\"dateModified\":\"2025-12-13T15:30:02+00:00\",\"description\":\"\u0141atwo opanuj gramatyk\u0119 galicyjsk\u0105 - poznaj zasady, buduj poprawne zdania i komunikuj si\u0119 wyra\u017anie\",\"breadcrumb\":{\"@id\":\"https:\/\/talkpal.ai\/pl\/gramatyka-galicyjska\/#breadcrumb\"},\"inLanguage\":\"pl-PL\",\"potentialAction\":[{\"@type\":\"ReadAction\",\"target\":[\"https:\/\/talkpal.ai\/pl\/gramatyka-galicyjska\/\"]}]},{\"@type\":\"ImageObject\",\"inLanguage\":\"pl-PL\",\"@id\":\"https:\/\/talkpal.ai\/pl\/gramatyka-galicyjska\/#primaryimage\",\"url\":\"https:\/\/talkpal.ai\/wp-content\/uploads\/2023\/05\/Galician-spain.png\",\"contentUrl\":\"https:\/\/talkpal.ai\/wp-content\/uploads\/2023\/05\/Galician-spain.png\",\"width\":512,\"height\":512},{\"@type\":\"BreadcrumbList\",\"@id\":\"https:\/\/talkpal.ai\/pl\/gramatyka-galicyjska\/#breadcrumb\",\"itemListElement\":[{\"@type\":\"ListItem\",\"position\":1,\"name\":\"Homepage\",\"item\":\"https:\/\/talkpal.ai\/pl\/\"},{\"@type\":\"ListItem\",\"position\":2,\"name\":\"Gramatyka galicyjska\"}]},{\"@type\":\"WebSite\",\"@id\":\"https:\/\/talkpal.ai\/pl\/#website\",\"url\":\"https:\/\/talkpal.ai\/pl\/\",\"name\":\"Talkpal\",\"description\":\"AI Language Learning\",\"publisher\":{\"@id\":\"https:\/\/talkpal.ai\/pl\/#organization\"},\"alternateName\":\"Talkpal AI\",\"potentialAction\":[{\"@type\":\"SearchAction\",\"target\":{\"@type\":\"EntryPoint\",\"urlTemplate\":\"https:\/\/talkpal.ai\/pl\/?s={search_term_string}\"},\"query-input\":{\"@type\":\"PropertyValueSpecification\",\"valueRequired\":true,\"valueName\":\"search_term_string\"}}],\"inLanguage\":\"pl-PL\"},{\"@type\":\"Organization\",\"@id\":\"https:\/\/talkpal.ai\/pl\/#organization\",\"name\":\"Talkpal, Inc.\",\"alternateName\":\"Talkpal AI\",\"url\":\"https:\/\/talkpal.ai\/pl\/\",\"logo\":{\"@type\":\"ImageObject\",\"inLanguage\":\"pl-PL\",\"@id\":\"https:\/\/talkpal.ai\/pl\/#\/schema\/logo\/image\/\",\"url\":\"https:\/\/talkpal.ai\/wp-content\/uploads\/2024\/03\/Talkpal-Logo-Icon.png\",\"contentUrl\":\"https:\/\/talkpal.ai\/wp-content\/uploads\/2024\/03\/Talkpal-Logo-Icon.png\",\"width\":2880,\"height\":2880,\"caption\":\"Talkpal, Inc.\"},\"image\":{\"@id\":\"https:\/\/talkpal.ai\/pl\/#\/schema\/logo\/image\/\"},\"sameAs\":[\"https:\/\/www.facebook.com\/profile.php?id=100090733639311\",\"https:\/\/x.com\/talkpalai\",\"https:\/\/www.linkedin.com\/company\/talkpal\/\",\"https:\/\/www.youtube.com\/@TalkPal\/\",\"https:\/\/www.tiktok.com\/@talkpal\",\"https:\/\/www.instagram.com\/talkpal_ai\/\",\"https:\/\/www.crunchbase.com\/organization\/talkpal-9cde\",\"https:\/\/www.g2.com\/products\/talkpal-for-business\/\",\"https:\/\/www.trustpilot.com\/review\/talkpal.ai\",\"https:\/\/www.capterra.com\/p\/10006800\/TalkPal\/\"],\"description\":\"Talkpal is a language learning web and mobile education app, powered by the latest AI technologies, that provides engaging experiences to its customers in many different languages to help them improve their language skills. Users can chat about unlimited amount of topics with the app and use other modes to practice their language learning.\",\"email\":\"support@talkpal.ai\",\"legalName\":\"Talkpal, Inc.\",\"foundingDate\":\"2023-04-03\",\"duns\":\"118989042\",\"numberOfEmployees\":{\"@type\":\"QuantitativeValue\",\"minValue\":\"11\",\"maxValue\":\"50\"},\"publishingPrinciples\":\"https:\/\/talkpal.ai\/publishing-principles\/\",\"actionableFeedbackPolicy\":\"https:\/\/talkpal.ai\/actionable-feedback-policy\/\",\"correctionsPolicy\":\"https:\/\/talkpal.ai\/corrections-policy\/\",\"ethicsPolicy\":\"https:\/\/talkpal.ai\/ethics-policy\/\",\"diversityPolicy\":\"https:\/\/talkpal.ai\/diversity-policy\/\",\"diversityStaffingReport\":\"https:\/\/talkpal.ai\/diversity-policy\/\"}]}<\/script>\n<!-- \/ Yoast SEO Premium plugin. -->","yoast_head_json":{"title":"Gramatyka galicyjska - Talkpal","description":"\u0141atwo opanuj gramatyk\u0119 galicyjsk\u0105 - poznaj zasady, buduj poprawne zdania i komunikuj si\u0119 wyra\u017anie","robots":{"index":"index","follow":"follow","max-snippet":"max-snippet:-1","max-image-preview":"max-image-preview:large","max-video-preview":"max-video-preview:-1"},"canonical":"https:\/\/talkpal.ai\/pl\/gramatyka-galicyjska\/","og_locale":"pl_PL","og_type":"article","og_title":"Gramatyka galicyjska","og_description":"Gramatyka galicyjska: odkrywanie pi\u0119kna j\u0119zyka roma\u0144skiego Galicyjski, j\u0119zyk roma\u0144ski, kt\u00f3rym pos\u0142uguje si\u0119 ponad dwa miliony ludzi w p\u00f3\u0142nocno-zachodniej","og_url":"https:\/\/talkpal.ai\/pl\/gramatyka-galicyjska\/","og_site_name":"Talkpal","article_publisher":"https:\/\/www.facebook.com\/profile.php?id=100090733639311","article_modified_time":"2025-12-13T15:30:02+00:00","og_image":[{"width":512,"height":512,"url":"https:\/\/talkpal.ai\/wp-content\/uploads\/2023\/05\/Galician-spain.png","type":"image\/png"}],"twitter_card":"summary_large_image","twitter_site":"@talkpalai","twitter_misc":{"Szacowany czas czytania":"3 minuty"},"schema":{"@context":"https:\/\/schema.org","@graph":[{"@type":"WebPage","@id":"https:\/\/talkpal.ai\/pl\/gramatyka-galicyjska\/","url":"https:\/\/talkpal.ai\/pl\/gramatyka-galicyjska\/","name":"Gramatyka galicyjska - Talkpal","isPartOf":{"@id":"https:\/\/talkpal.ai\/pl\/#website"},"primaryImageOfPage":{"@id":"https:\/\/talkpal.ai\/pl\/gramatyka-galicyjska\/#primaryimage"},"image":{"@id":"https:\/\/talkpal.ai\/pl\/gramatyka-galicyjska\/#primaryimage"},"thumbnailUrl":"https:\/\/talkpal.ai\/wp-content\/uploads\/2023\/05\/Galician-spain.png","datePublished":"2023-05-14T14:03:43+00:00","dateModified":"2025-12-13T15:30:02+00:00","description":"\u0141atwo opanuj gramatyk\u0119 galicyjsk\u0105 - poznaj zasady, buduj poprawne zdania i komunikuj si\u0119 wyra\u017anie","breadcrumb":{"@id":"https:\/\/talkpal.ai\/pl\/gramatyka-galicyjska\/#breadcrumb"},"inLanguage":"pl-PL","potentialAction":[{"@type":"ReadAction","target":["https:\/\/talkpal.ai\/pl\/gramatyka-galicyjska\/"]}]},{"@type":"ImageObject","inLanguage":"pl-PL","@id":"https:\/\/talkpal.ai\/pl\/gramatyka-galicyjska\/#primaryimage","url":"https:\/\/talkpal.ai\/wp-content\/uploads\/2023\/05\/Galician-spain.png","contentUrl":"https:\/\/talkpal.ai\/wp-content\/uploads\/2023\/05\/Galician-spain.png","width":512,"height":512},{"@type":"BreadcrumbList","@id":"https:\/\/talkpal.ai\/pl\/gramatyka-galicyjska\/#breadcrumb","itemListElement":[{"@type":"ListItem","position":1,"name":"Homepage","item":"https:\/\/talkpal.ai\/pl\/"},{"@type":"ListItem","position":2,"name":"Gramatyka galicyjska"}]},{"@type":"WebSite","@id":"https:\/\/talkpal.ai\/pl\/#website","url":"https:\/\/talkpal.ai\/pl\/","name":"Talkpal","description":"AI Language Learning","publisher":{"@id":"https:\/\/talkpal.ai\/pl\/#organization"},"alternateName":"Talkpal AI","potentialAction":[{"@type":"SearchAction","target":{"@type":"EntryPoint","urlTemplate":"https:\/\/talkpal.ai\/pl\/?s={search_term_string}"},"query-input":{"@type":"PropertyValueSpecification","valueRequired":true,"valueName":"search_term_string"}}],"inLanguage":"pl-PL"},{"@type":"Organization","@id":"https:\/\/talkpal.ai\/pl\/#organization","name":"Talkpal, Inc.","alternateName":"Talkpal AI","url":"https:\/\/talkpal.ai\/pl\/","logo":{"@type":"ImageObject","inLanguage":"pl-PL","@id":"https:\/\/talkpal.ai\/pl\/#\/schema\/logo\/image\/","url":"https:\/\/talkpal.ai\/wp-content\/uploads\/2024\/03\/Talkpal-Logo-Icon.png","contentUrl":"https:\/\/talkpal.ai\/wp-content\/uploads\/2024\/03\/Talkpal-Logo-Icon.png","width":2880,"height":2880,"caption":"Talkpal, Inc."},"image":{"@id":"https:\/\/talkpal.ai\/pl\/#\/schema\/logo\/image\/"},"sameAs":["https:\/\/www.facebook.com\/profile.php?id=100090733639311","https:\/\/x.com\/talkpalai","https:\/\/www.linkedin.com\/company\/talkpal\/","https:\/\/www.youtube.com\/@TalkPal\/","https:\/\/www.tiktok.com\/@talkpal","https:\/\/www.instagram.com\/talkpal_ai\/","https:\/\/www.crunchbase.com\/organization\/talkpal-9cde","https:\/\/www.g2.com\/products\/talkpal-for-business\/","https:\/\/www.trustpilot.com\/review\/talkpal.ai","https:\/\/www.capterra.com\/p\/10006800\/TalkPal\/"],"description":"Talkpal is a language learning web and mobile education app, powered by the latest AI technologies, that provides engaging experiences to its customers in many different languages to help them improve their language skills. Users can chat about unlimited amount of topics with the app and use other modes to practice their language learning.","email":"support@talkpal.ai","legalName":"Talkpal, Inc.","foundingDate":"2023-04-03","duns":"118989042","numberOfEmployees":{"@type":"QuantitativeValue","minValue":"11","maxValue":"50"},"publishingPrinciples":"https:\/\/talkpal.ai\/publishing-principles\/","actionableFeedbackPolicy":"https:\/\/talkpal.ai\/actionable-feedback-policy\/","correctionsPolicy":"https:\/\/talkpal.ai\/corrections-policy\/","ethicsPolicy":"https:\/\/talkpal.ai\/ethics-policy\/","diversityPolicy":"https:\/\/talkpal.ai\/diversity-policy\/","diversityStaffingReport":"https:\/\/talkpal.ai\/diversity-policy\/"}]}},"_links":{"self":[{"href":"https:\/\/talkpal.ai\/pl\/wp-json\/wp\/v2\/pages\/144107","targetHints":{"allow":["GET"]}}],"collection":[{"href":"https:\/\/talkpal.ai\/pl\/wp-json\/wp\/v2\/pages"}],"about":[{"href":"https:\/\/talkpal.ai\/pl\/wp-json\/wp\/v2\/types\/page"}],"author":[{"embeddable":true,"href":"https:\/\/talkpal.ai\/pl\/wp-json\/wp\/v2\/users\/1"}],"replies":[{"embeddable":true,"href":"https:\/\/talkpal.ai\/pl\/wp-json\/wp\/v2\/comments?post=144107"}],"version-history":[{"count":0,"href":"https:\/\/talkpal.ai\/pl\/wp-json\/wp\/v2\/pages\/144107\/revisions"}],"wp:featuredmedia":[{"embeddable":true,"href":"https:\/\/talkpal.ai\/pl\/wp-json\/wp\/v2\/media\/111944"}],"wp:attachment":[{"href":"https:\/\/talkpal.ai\/pl\/wp-json\/wp\/v2\/media?parent=144107"}],"curies":[{"name":"wp","href":"https:\/\/api.w.org\/{rel}","templated":true}]}}