{"id":143754,"date":"2023-05-14T14:03:23","date_gmt":"2023-05-14T14:03:23","guid":{"rendered":"http:\/\/talkpal.ai\/gramatyka-dunska\/"},"modified":"2025-12-13T15:26:04","modified_gmt":"2025-12-13T15:26:04","slug":"gramatyka-dunska","status":"publish","type":"page","link":"https:\/\/talkpal.ai\/pl\/gramatyka-dunska\/","title":{"rendered":"Gramatyka du\u0144ska"},"content":{"rendered":"\r\n\r\n\r\n<section class=\"languageChallengeSection\">\r\n    <div class=\"languageInfoWrapper\">\r\n        \r\n        <h1>Gramatyka du\u0144ska<\/h1>\r\n        <p>Odblokuj podstawy du\u0144skiej gramatyki i zacznij pewnie komunikowa\u0107 si\u0119 w tym uroczym skandynawskim j\u0119zyku. Opanowuj\u0105c podstawowe zasady i struktury, zdob\u0119dziesz umiej\u0119tno\u015bci potrzebne do nawi\u0105zania kontaktu z osobami m\u00f3wi\u0105cymi po du\u0144sku i poznania ich bogatej kultury z pierwszej r\u0119ki. Zacznij uczy\u0107 si\u0119 du\u0144skiej gramatyki ju\u017c dzi\u015b i zr\u00f3b pierwszy krok w kierunku p\u0142ynnego m\u00f3wienia!\n\n<\/p>\r\n\r\n                            <a class=\"getStartedHidden\" href=\"https:\/\/app.talkpal.ai\/pl\/signup?lng=\">Zaczynaj<\/a>\r\n        \r\n    <\/div>\r\n\r\n    <figure>\r\n    <img decoding=\"async\" width=\"768\" height=\"768\" src=\"https:\/\/talkpal.ai\/wp-content\/uploads\/2023\/06\/danish-768x768.png\" class=\"languageImage no-lazy\" alt=\"Language learning for career enhancement\" fetchpriority=\"high\" sizes=\"(max-width: 768px) 150px, 768px\" srcset=\"https:\/\/talkpal.ai\/wp-content\/uploads\/2023\/06\/danish-768x768.png 768w, https:\/\/talkpal.ai\/wp-content\/uploads\/2023\/06\/danish-300x300.png 300w\" \/>\r\n    \r\n\r\n    <\/figure>\r\n\r\n            <a class=\"getStartedVisible\" href=\"https:\/\/app.talkpal.ai\/pl\/signup?lng=\">Zaczynaj<\/a>\r\n    \r\n<\/section>\r\n<section class=\"promotionalBanner\">\r\n    <p class=\"promotionalText\">Najbardziej efektywny spos\u00f3b nauki j\u0119zyka<\/p>\r\n    <a class=\"promotionalLink\" href=\"https:\/\/app.talkpal.ai\/pl\/signup?lng=\">Wypr\u00f3buj Talkpal za darmo<\/a>\r\n<\/section>\n<div class=\"wp-block-group pageContainerStyle\"><div class=\"wp-block-group__inner-container is-layout-constrained wp-block-group-is-layout-constrained\">\n<h2 class=\"wp-block-heading\" id=\"h-delving-into-the-depths-of-danish-grammar-unraveling-its-idiosyncrasies-and-charm\">Zag\u0142\u0119bianie si\u0119 w g\u0142\u0119biny gramatyki du\u0144skiej: odkrywanie jej osobliwo\u015bci i uroku<\/h2>\n\n\n\n<p>Pami\u0119tasz czasy, kiedy nauka gramatyki angielskiej wydawa\u0142a si\u0119 ci\u0119\u017ck\u0105 walk\u0105 z mn\u00f3stwem zasad, wyj\u0105tk\u00f3w i zawi\u0142ej terminologii? Je\u015bli zamierzasz <a href=\"https:\/\/talkpal.ai\/pl\/jak-szybko-i-skutecznie-nauczyc-sie-nowego-jezyka\/\">nauczy\u0107 si\u0119 j\u0119zyka<\/a> du\u0144skiego, przygotuj si\u0119 na kolejn\u0105 ekscytuj\u0105c\u0105 podr\u00f3\u017c przez zawi\u0142o\u015bci i rozkosze du\u0144skiej gramatyki.<\/p>\n\n\n\n<p><a href=\"https:\/\/talkpal.ai\/learn-danish\/\">Du\u0144ski<\/a>, j\u0119zyk p\u00f3\u0142nocnogerma\u0144ski, ma podobie\u0144stwa z j\u0119zykami takimi jak <a href=\"https:\/\/talkpal.ai\/learn-norwegian\/\">norweski<\/a> i <a href=\"https:\/\/talkpal.ai\/learn-swedish\/\">szwedzki<\/a>. Ma jednak swoje unikalne cechy, kt\u00f3re sprawiaj\u0105, \u017ce jest klejnotem, kt\u00f3ry warto dog\u0142\u0119bnie zbada\u0107. Zacznijmy od rozwik\u0142ania cud\u00f3w du\u0144skiej gramatyki, jedna zasada po drugiej.<\/p>\n\n\n\n<p><strong>Uderzaj\u0105c\u0105 cech\u0105 gramatyki du\u0144skiej<\/strong> jest jej prostota, je\u015bli chodzi o szyk wyraz\u00f3w. Du\u0144ski ma struktur\u0119 podmiot-orzeczenie-dope\u0142nienie (SVO), podobnie jak <a href=\"https:\/\/talkpal.ai\/learn-english-with-ai\/\">angielski<\/a>, dzi\u0119ki czemu jest stosunkowo \u0142atwy do zrozumienia dla os\u00f3b angloj\u0119zycznych. Jest jednak pewien zwrot &#8211; u\u017cycie szyku V2 w zdaniach g\u0142\u00f3wnych, co oznacza, \u017ce czasownik musi by\u0107 zawsze drugim elementem. Ta zasada dodaje j\u0119zykowi du\u0144skiemu wyj\u0105tkowo\u015bci.<\/p>\n\n\n\n<p>Innym ujmuj\u0105cym aspektem gramatyki du\u0144skiej jest <strong>jej system dwup\u0142ciowy<\/strong>. Podczas gdy niekt\u00f3re j\u0119zyki, takie jak <a href=\"https:\/\/talkpal.ai\/learn-french\/\">francuski<\/a> czy <a href=\"https:\/\/talkpal.ai\/learn-spanish\/\">hiszpa\u0144ski<\/a>, sk\u0142adaj\u0105 si\u0119 z oddzielnych rodzaj\u00f3w m\u0119skich i \u017ce\u0144skich, du\u0144ski upraszcza to, u\u017cywaj\u0105c dw\u00f3ch g\u0142\u00f3wnych rodzaj\u00f3w: pospolitego i nijakiego. W j\u0119zyku du\u0144skim wi\u0119kszo\u015b\u0107 rzeczownik\u00f3w nale\u017cy do kategorii &#8222;wsp\u00f3lne&#8221;, co sprawia, \u017ce uzgodnienie p\u0142ci z przymiotnikami i przedimkami jest stosunkowo \u0142atwe do zrozumienia.<\/p>\n\n\n\n<p>Zag\u0142\u0119b si\u0119 w sfer\u0119 <strong>koniugacji czasownik\u00f3w<\/strong>, a przekonasz si\u0119, \u017ce du\u0144ski przy\u0107miewa inne j\u0119zyki pod wzgl\u0119dem prostoty. Du\u0144skie czasowniki nie zmieniaj\u0105 si\u0119 w zale\u017cno\u015bci od tematu, dzi\u0119ki czemu zapami\u0119tywanie i rozumienie r\u00f3\u017cnych form jest dziecinnie proste. Czasowniki regularne pod\u0105\u017caj\u0105 za przewidywalnymi wzorcami, a nawet czasowniki nieregularne nie stanowi\u0105 wyzwania, poniewa\u017c ich nieregularno\u015bci s\u0105 bardzo subtelne.<\/p>\n\n\n\n<p><a href=\"https:\/\/talkpal.ai\/danish-grammar\/\">Gramatyka du\u0144ska<\/a> oferuje unikaln\u0105 cech\u0119 <strong>polegaj\u0105c\u0105 na u\u017cyciu nieokre\u015blonych, przedimk\u00f3w i wskaz\u00f3wek<\/strong>. Przedimek nieokre\u015blony jest odpowiednikiem &#8222;a&#8221; lub &#8222;an&#8221; w j\u0119zyku angielskim, a w j\u0119zyku du\u0144skim mo\u017ce to by\u0107 &#8222;en&#8221; dla rodzaju nijakiego lub &#8222;et&#8221; dla rodzaju m\u0119skiego. Przedimek okre\u015blony, podobnie jak &#8222;the&#8221; w j\u0119zyku angielskim, do\u0142\u0105cza si\u0119 do ko\u0144ca samego rzeczownika, \u0142\u0105cz\u0105c si\u0119 w jedno s\u0142owo. Wskazuj\u0105ce, kt\u00f3re wskazuj\u0105 na konkretne rzeczowniki, r\u00f3wnie\u017c zmieniaj\u0105 si\u0119 w zale\u017cno\u015bci od rodzaju rzeczownika, dodaj\u0105c poziom szczeg\u00f3\u0142owo\u015bci i uroku.<\/p>\n\n\n\n<p>Nie zapominajmy o pi\u0119knie <strong>du\u0144skiej wymowy<\/strong>, kt\u00f3ra wymaga znajomo\u015bci charakterystycznych samog\u0142osek i zmi\u0119kczonych sp\u00f3\u0142g\u0142osek. U\u017cycie st\u00f8d (zwarcia krtaniowego) dodatkowo odr\u00f3\u017cnia go od innych j\u0119zyk\u00f3w germa\u0144skich, nadaj\u0105c du\u0144skiemu unikalne brzmienie i urok.<\/p>\n\n\n\n<p>Zanurzaj\u0105c si\u0119 w du\u0144skiej gramatyce, nie tylko nauczysz si\u0119 nowego j\u0119zyka, ale tak\u017ce szeroko wzbogacisz swoj\u0105 wiedz\u0119 kulturow\u0105 i zrozumienie Danii i jej mieszka\u0144c\u00f3w. Chocia\u017c <a href=\"https:\/\/talkpal.ai\/danish-grammar\/\">gramatyka du\u0144ska<\/a> czasami stanowi wyzwanie, oferuje wyj\u0105tkowe do\u015bwiadczenie edukacyjne, kt\u00f3re otwiera drzwi do niezliczonych urok\u00f3w i dziwactw, kt\u00f3re sprawiaj\u0105, \u017ce jest to j\u0119zyk, kt\u00f3remu nie mo\u017cna si\u0119 oprze\u0107. Chwy\u0107 wi\u0119c ksi\u0105\u017cki j\u0119zykowe i wyrusz w przygod\u0119 z gramatyk\u0105 du\u0144sk\u0105, kt\u00f3ra obiecuje Ci\u0119 urzeka\u0107 i inspirowa\u0107 na ka\u017cdym kroku!<\/p>\n<\/div><\/div>\n\r\n<section class=\"learnNavigationSection\">\r\n            \r\n        <a href=\"https:\/\/talkpal.ai\/pl\/naucz-sie-dunskiego\/\">\r\n            <div class=\"learnNavigationWrapper\">\r\n                <div class=\"learnNavigationContent\">\r\n                    <img decoding=\"async\" src=\"https:\/\/talkpal.ai\/wp-content\/uploads\/2024\/08\/Danish.jpg\" alt=\"Danish Flag\">\r\n                    <div>\r\n                        <h4>O du\u0144skiej nauce<\/h4>\r\n                        <p>Dowiedz si\u0119 wszystkiego o gramatyce du\u0144skiej.<\/p>\r\n                    <\/div>\r\n                <\/div>\r\n            <\/div>\r\n        <\/a>\r\n\r\n        \r\n        <a href=\"https:\/\/talkpal.ai\/pl\/cwiczenia-z-gramatyki-dunskiej\/\">\r\n            <div class=\"learnNavigationWrapper\">\r\n                <div class=\"learnNavigationContent\">\r\n                    <img decoding=\"async\" src=\"https:\/\/talkpal.ai\/wp-content\/uploads\/2024\/08\/Danish.jpg\" alt=\"Danish Flag\">\r\n                    <div>\r\n                        <h4>Du\u0144skie \u0107wiczenie gramatyczne<\/h4>\r\n                        <p>\u0106wicz gramatyk\u0119 du\u0144sk\u0105.<\/p>\r\n                    <\/div>\r\n                <\/div>\r\n            <\/div>\r\n        <\/a>\r\n\r\n        \r\n        <a href=\"https:\/\/talkpal.ai\/vocabulary_language\/danish\/\">\r\n            <div class=\"learnNavigationWrapper\">\r\n                <div class=\"learnNavigationContent\">\r\n                    <img decoding=\"async\" src=\"https:\/\/talkpal.ai\/wp-content\/uploads\/2024\/08\/Danish.jpg\" alt=\"Danish Flag\">\r\n                    <div>\r\n                        <h4>Du\u0144skie s\u0142ownictwo<\/h4>\r\n                        <p>Poszerz swoje du\u0144skie s\u0142ownictwo.<\/p>\r\n                    <\/div>\r\n                <\/div>\r\n            <\/div>\r\n        <\/a>\r\n\r\n            <\/section>","protected":false},"excerpt":{"rendered":"<p>Zag\u0142\u0119bianie si\u0119 w g\u0142\u0119biny gramatyki du\u0144skiej: odkrywanie jej osobliwo\u015bci i uroku Pami\u0119tasz czasy, kiedy nauka gramatyki angielskiej wydawa\u0142a si\u0119 ci\u0119\u017ck\u0105 walk\u0105 z mn\u00f3stwem zasad, wyj\u0105tk\u00f3w i zawi\u0142ej terminologii? Je\u015bli zamierzasz nauczy\u0107 si\u0119 j\u0119zyka du\u0144skiego, przygotuj si\u0119 na kolejn\u0105 ekscytuj\u0105c\u0105 podr\u00f3\u017c przez zawi\u0142o\u015bci i rozkosze du\u0144skiej gramatyki. Du\u0144ski, j\u0119zyk p\u00f3\u0142nocnogerma\u0144ski, ma podobie\u0144stwa z j\u0119zykami takimi jak [&hellip;]<\/p>\n","protected":false},"author":1,"featured_media":110911,"parent":0,"menu_order":0,"comment_status":"closed","ping_status":"closed","template":"LearningContentPage.php","meta":{"_acf_changed":false,"footnotes":""},"class_list":["post-143754","page","type-page","status-publish","has-post-thumbnail","hentry"],"acf":[],"yoast_head":"<!-- This site is optimized with the Yoast SEO Premium plugin v27.2 (Yoast SEO v27.2) - https:\/\/yoast.com\/product\/yoast-seo-premium-wordpress\/ -->\n<title>Gramatyka du\u0144ska - Talkpal<\/title>\n<meta name=\"description\" content=\"Poznaj zawi\u0142o\u015bci du\u0144skiej gramatyki i odkryj jej unikalne zasady i cechy. Naucz si\u0119 porusza\u0107 w tym j\u0119zyku bez wysi\u0142ku.\" \/>\n<meta name=\"robots\" content=\"index, follow, max-snippet:-1, max-image-preview:large, max-video-preview:-1\" \/>\n<link rel=\"canonical\" href=\"https:\/\/talkpal.ai\/pl\/gramatyka-dunska\/\" \/>\n<meta property=\"og:locale\" content=\"pl_PL\" \/>\n<meta property=\"og:type\" content=\"article\" \/>\n<meta property=\"og:title\" content=\"Gramatyka du\u0144ska\" \/>\n<meta property=\"og:description\" content=\"Zag\u0142\u0119bianie si\u0119 w g\u0142\u0119biny gramatyki du\u0144skiej: odkrywanie jej osobliwo\u015bci i uroku Pami\u0119tasz czasy, kiedy nauka gramatyki angielskiej wydawa\u0142a si\u0119 ci\u0119\u017ck\u0105\" \/>\n<meta property=\"og:url\" content=\"https:\/\/talkpal.ai\/pl\/gramatyka-dunska\/\" \/>\n<meta property=\"og:site_name\" content=\"Talkpal\" \/>\n<meta property=\"article:publisher\" content=\"https:\/\/www.facebook.com\/profile.php?id=100090733639311\" \/>\n<meta property=\"article:modified_time\" content=\"2025-12-13T15:26:04+00:00\" \/>\n<meta property=\"og:image\" content=\"https:\/\/talkpal.ai\/wp-content\/uploads\/2023\/05\/denmark.png\" \/>\n\t<meta property=\"og:image:width\" content=\"512\" \/>\n\t<meta property=\"og:image:height\" content=\"512\" \/>\n\t<meta property=\"og:image:type\" content=\"image\/png\" \/>\n<meta name=\"twitter:card\" content=\"summary_large_image\" \/>\n<meta name=\"twitter:site\" content=\"@talkpalai\" \/>\n<meta name=\"twitter:label1\" content=\"Szacowany czas czytania\" \/>\n\t<meta name=\"twitter:data1\" content=\"3 minuty\" \/>\n<script type=\"application\/ld+json\" class=\"yoast-schema-graph\">{\"@context\":\"https:\/\/schema.org\",\"@graph\":[{\"@type\":\"WebPage\",\"@id\":\"https:\/\/talkpal.ai\/pl\/gramatyka-dunska\/\",\"url\":\"https:\/\/talkpal.ai\/pl\/gramatyka-dunska\/\",\"name\":\"Gramatyka du\u0144ska - Talkpal\",\"isPartOf\":{\"@id\":\"https:\/\/talkpal.ai\/pl\/#website\"},\"primaryImageOfPage\":{\"@id\":\"https:\/\/talkpal.ai\/pl\/gramatyka-dunska\/#primaryimage\"},\"image\":{\"@id\":\"https:\/\/talkpal.ai\/pl\/gramatyka-dunska\/#primaryimage\"},\"thumbnailUrl\":\"https:\/\/talkpal.ai\/wp-content\/uploads\/2023\/05\/denmark.png\",\"datePublished\":\"2023-05-14T14:03:23+00:00\",\"dateModified\":\"2025-12-13T15:26:04+00:00\",\"description\":\"Poznaj zawi\u0142o\u015bci du\u0144skiej gramatyki i odkryj jej unikalne zasady i cechy. Naucz si\u0119 porusza\u0107 w tym j\u0119zyku bez wysi\u0142ku.\",\"breadcrumb\":{\"@id\":\"https:\/\/talkpal.ai\/pl\/gramatyka-dunska\/#breadcrumb\"},\"inLanguage\":\"pl-PL\",\"potentialAction\":[{\"@type\":\"ReadAction\",\"target\":[\"https:\/\/talkpal.ai\/pl\/gramatyka-dunska\/\"]}]},{\"@type\":\"ImageObject\",\"inLanguage\":\"pl-PL\",\"@id\":\"https:\/\/talkpal.ai\/pl\/gramatyka-dunska\/#primaryimage\",\"url\":\"https:\/\/talkpal.ai\/wp-content\/uploads\/2023\/05\/denmark.png\",\"contentUrl\":\"https:\/\/talkpal.ai\/wp-content\/uploads\/2023\/05\/denmark.png\",\"width\":512,\"height\":512},{\"@type\":\"BreadcrumbList\",\"@id\":\"https:\/\/talkpal.ai\/pl\/gramatyka-dunska\/#breadcrumb\",\"itemListElement\":[{\"@type\":\"ListItem\",\"position\":1,\"name\":\"Homepage\",\"item\":\"https:\/\/talkpal.ai\/pl\/\"},{\"@type\":\"ListItem\",\"position\":2,\"name\":\"Gramatyka du\u0144ska\"}]},{\"@type\":\"WebSite\",\"@id\":\"https:\/\/talkpal.ai\/pl\/#website\",\"url\":\"https:\/\/talkpal.ai\/pl\/\",\"name\":\"Talkpal\",\"description\":\"AI Language Learning\",\"publisher\":{\"@id\":\"https:\/\/talkpal.ai\/pl\/#organization\"},\"alternateName\":\"Talkpal AI\",\"potentialAction\":[{\"@type\":\"SearchAction\",\"target\":{\"@type\":\"EntryPoint\",\"urlTemplate\":\"https:\/\/talkpal.ai\/pl\/?s={search_term_string}\"},\"query-input\":{\"@type\":\"PropertyValueSpecification\",\"valueRequired\":true,\"valueName\":\"search_term_string\"}}],\"inLanguage\":\"pl-PL\"},{\"@type\":\"Organization\",\"@id\":\"https:\/\/talkpal.ai\/pl\/#organization\",\"name\":\"Talkpal, Inc.\",\"alternateName\":\"Talkpal AI\",\"url\":\"https:\/\/talkpal.ai\/pl\/\",\"logo\":{\"@type\":\"ImageObject\",\"inLanguage\":\"pl-PL\",\"@id\":\"https:\/\/talkpal.ai\/pl\/#\/schema\/logo\/image\/\",\"url\":\"https:\/\/talkpal.ai\/wp-content\/uploads\/2024\/03\/Talkpal-Logo-Icon.png\",\"contentUrl\":\"https:\/\/talkpal.ai\/wp-content\/uploads\/2024\/03\/Talkpal-Logo-Icon.png\",\"width\":2880,\"height\":2880,\"caption\":\"Talkpal, Inc.\"},\"image\":{\"@id\":\"https:\/\/talkpal.ai\/pl\/#\/schema\/logo\/image\/\"},\"sameAs\":[\"https:\/\/www.facebook.com\/profile.php?id=100090733639311\",\"https:\/\/x.com\/talkpalai\",\"https:\/\/www.linkedin.com\/company\/talkpal\/\",\"https:\/\/www.youtube.com\/@TalkPal\/\",\"https:\/\/www.tiktok.com\/@talkpal\",\"https:\/\/www.instagram.com\/talkpal_ai\/\",\"https:\/\/www.crunchbase.com\/organization\/talkpal-9cde\",\"https:\/\/www.g2.com\/products\/talkpal-for-business\/\",\"https:\/\/www.trustpilot.com\/review\/talkpal.ai\",\"https:\/\/www.capterra.com\/p\/10006800\/TalkPal\/\"],\"description\":\"Talkpal is a language learning web and mobile education app, powered by the latest AI technologies, that provides engaging experiences to its customers in many different languages to help them improve their language skills. Users can chat about unlimited amount of topics with the app and use other modes to practice their language learning.\",\"email\":\"support@talkpal.ai\",\"legalName\":\"Talkpal, Inc.\",\"foundingDate\":\"2023-04-03\",\"duns\":\"118989042\",\"numberOfEmployees\":{\"@type\":\"QuantitativeValue\",\"minValue\":\"11\",\"maxValue\":\"50\"},\"publishingPrinciples\":\"https:\/\/talkpal.ai\/publishing-principles\/\",\"actionableFeedbackPolicy\":\"https:\/\/talkpal.ai\/actionable-feedback-policy\/\",\"correctionsPolicy\":\"https:\/\/talkpal.ai\/corrections-policy\/\",\"ethicsPolicy\":\"https:\/\/talkpal.ai\/ethics-policy\/\",\"diversityPolicy\":\"https:\/\/talkpal.ai\/diversity-policy\/\",\"diversityStaffingReport\":\"https:\/\/talkpal.ai\/diversity-policy\/\"}]}<\/script>\n<!-- \/ Yoast SEO Premium plugin. -->","yoast_head_json":{"title":"Gramatyka du\u0144ska - Talkpal","description":"Poznaj zawi\u0142o\u015bci du\u0144skiej gramatyki i odkryj jej unikalne zasady i cechy. Naucz si\u0119 porusza\u0107 w tym j\u0119zyku bez wysi\u0142ku.","robots":{"index":"index","follow":"follow","max-snippet":"max-snippet:-1","max-image-preview":"max-image-preview:large","max-video-preview":"max-video-preview:-1"},"canonical":"https:\/\/talkpal.ai\/pl\/gramatyka-dunska\/","og_locale":"pl_PL","og_type":"article","og_title":"Gramatyka du\u0144ska","og_description":"Zag\u0142\u0119bianie si\u0119 w g\u0142\u0119biny gramatyki du\u0144skiej: odkrywanie jej osobliwo\u015bci i uroku Pami\u0119tasz czasy, kiedy nauka gramatyki angielskiej wydawa\u0142a si\u0119 ci\u0119\u017ck\u0105","og_url":"https:\/\/talkpal.ai\/pl\/gramatyka-dunska\/","og_site_name":"Talkpal","article_publisher":"https:\/\/www.facebook.com\/profile.php?id=100090733639311","article_modified_time":"2025-12-13T15:26:04+00:00","og_image":[{"width":512,"height":512,"url":"https:\/\/talkpal.ai\/wp-content\/uploads\/2023\/05\/denmark.png","type":"image\/png"}],"twitter_card":"summary_large_image","twitter_site":"@talkpalai","twitter_misc":{"Szacowany czas czytania":"3 minuty"},"schema":{"@context":"https:\/\/schema.org","@graph":[{"@type":"WebPage","@id":"https:\/\/talkpal.ai\/pl\/gramatyka-dunska\/","url":"https:\/\/talkpal.ai\/pl\/gramatyka-dunska\/","name":"Gramatyka du\u0144ska - Talkpal","isPartOf":{"@id":"https:\/\/talkpal.ai\/pl\/#website"},"primaryImageOfPage":{"@id":"https:\/\/talkpal.ai\/pl\/gramatyka-dunska\/#primaryimage"},"image":{"@id":"https:\/\/talkpal.ai\/pl\/gramatyka-dunska\/#primaryimage"},"thumbnailUrl":"https:\/\/talkpal.ai\/wp-content\/uploads\/2023\/05\/denmark.png","datePublished":"2023-05-14T14:03:23+00:00","dateModified":"2025-12-13T15:26:04+00:00","description":"Poznaj zawi\u0142o\u015bci du\u0144skiej gramatyki i odkryj jej unikalne zasady i cechy. Naucz si\u0119 porusza\u0107 w tym j\u0119zyku bez wysi\u0142ku.","breadcrumb":{"@id":"https:\/\/talkpal.ai\/pl\/gramatyka-dunska\/#breadcrumb"},"inLanguage":"pl-PL","potentialAction":[{"@type":"ReadAction","target":["https:\/\/talkpal.ai\/pl\/gramatyka-dunska\/"]}]},{"@type":"ImageObject","inLanguage":"pl-PL","@id":"https:\/\/talkpal.ai\/pl\/gramatyka-dunska\/#primaryimage","url":"https:\/\/talkpal.ai\/wp-content\/uploads\/2023\/05\/denmark.png","contentUrl":"https:\/\/talkpal.ai\/wp-content\/uploads\/2023\/05\/denmark.png","width":512,"height":512},{"@type":"BreadcrumbList","@id":"https:\/\/talkpal.ai\/pl\/gramatyka-dunska\/#breadcrumb","itemListElement":[{"@type":"ListItem","position":1,"name":"Homepage","item":"https:\/\/talkpal.ai\/pl\/"},{"@type":"ListItem","position":2,"name":"Gramatyka du\u0144ska"}]},{"@type":"WebSite","@id":"https:\/\/talkpal.ai\/pl\/#website","url":"https:\/\/talkpal.ai\/pl\/","name":"Talkpal","description":"AI Language Learning","publisher":{"@id":"https:\/\/talkpal.ai\/pl\/#organization"},"alternateName":"Talkpal AI","potentialAction":[{"@type":"SearchAction","target":{"@type":"EntryPoint","urlTemplate":"https:\/\/talkpal.ai\/pl\/?s={search_term_string}"},"query-input":{"@type":"PropertyValueSpecification","valueRequired":true,"valueName":"search_term_string"}}],"inLanguage":"pl-PL"},{"@type":"Organization","@id":"https:\/\/talkpal.ai\/pl\/#organization","name":"Talkpal, Inc.","alternateName":"Talkpal AI","url":"https:\/\/talkpal.ai\/pl\/","logo":{"@type":"ImageObject","inLanguage":"pl-PL","@id":"https:\/\/talkpal.ai\/pl\/#\/schema\/logo\/image\/","url":"https:\/\/talkpal.ai\/wp-content\/uploads\/2024\/03\/Talkpal-Logo-Icon.png","contentUrl":"https:\/\/talkpal.ai\/wp-content\/uploads\/2024\/03\/Talkpal-Logo-Icon.png","width":2880,"height":2880,"caption":"Talkpal, Inc."},"image":{"@id":"https:\/\/talkpal.ai\/pl\/#\/schema\/logo\/image\/"},"sameAs":["https:\/\/www.facebook.com\/profile.php?id=100090733639311","https:\/\/x.com\/talkpalai","https:\/\/www.linkedin.com\/company\/talkpal\/","https:\/\/www.youtube.com\/@TalkPal\/","https:\/\/www.tiktok.com\/@talkpal","https:\/\/www.instagram.com\/talkpal_ai\/","https:\/\/www.crunchbase.com\/organization\/talkpal-9cde","https:\/\/www.g2.com\/products\/talkpal-for-business\/","https:\/\/www.trustpilot.com\/review\/talkpal.ai","https:\/\/www.capterra.com\/p\/10006800\/TalkPal\/"],"description":"Talkpal is a language learning web and mobile education app, powered by the latest AI technologies, that provides engaging experiences to its customers in many different languages to help them improve their language skills. Users can chat about unlimited amount of topics with the app and use other modes to practice their language learning.","email":"support@talkpal.ai","legalName":"Talkpal, Inc.","foundingDate":"2023-04-03","duns":"118989042","numberOfEmployees":{"@type":"QuantitativeValue","minValue":"11","maxValue":"50"},"publishingPrinciples":"https:\/\/talkpal.ai\/publishing-principles\/","actionableFeedbackPolicy":"https:\/\/talkpal.ai\/actionable-feedback-policy\/","correctionsPolicy":"https:\/\/talkpal.ai\/corrections-policy\/","ethicsPolicy":"https:\/\/talkpal.ai\/ethics-policy\/","diversityPolicy":"https:\/\/talkpal.ai\/diversity-policy\/","diversityStaffingReport":"https:\/\/talkpal.ai\/diversity-policy\/"}]}},"_links":{"self":[{"href":"https:\/\/talkpal.ai\/pl\/wp-json\/wp\/v2\/pages\/143754","targetHints":{"allow":["GET"]}}],"collection":[{"href":"https:\/\/talkpal.ai\/pl\/wp-json\/wp\/v2\/pages"}],"about":[{"href":"https:\/\/talkpal.ai\/pl\/wp-json\/wp\/v2\/types\/page"}],"author":[{"embeddable":true,"href":"https:\/\/talkpal.ai\/pl\/wp-json\/wp\/v2\/users\/1"}],"replies":[{"embeddable":true,"href":"https:\/\/talkpal.ai\/pl\/wp-json\/wp\/v2\/comments?post=143754"}],"version-history":[{"count":0,"href":"https:\/\/talkpal.ai\/pl\/wp-json\/wp\/v2\/pages\/143754\/revisions"}],"wp:featuredmedia":[{"embeddable":true,"href":"https:\/\/talkpal.ai\/pl\/wp-json\/wp\/v2\/media\/110911"}],"wp:attachment":[{"href":"https:\/\/talkpal.ai\/pl\/wp-json\/wp\/v2\/media?parent=143754"}],"curies":[{"name":"wp","href":"https:\/\/api.w.org\/{rel}","templated":true}]}}