{"id":143427,"date":"2023-05-14T14:03:07","date_gmt":"2023-05-14T14:03:07","guid":{"rendered":"http:\/\/talkpal.ai\/gramatyka-czeska\/"},"modified":"2025-12-13T15:22:13","modified_gmt":"2025-12-13T15:22:13","slug":"gramatyka-czeska","status":"publish","type":"page","link":"https:\/\/talkpal.ai\/pl\/gramatyka-czeska\/","title":{"rendered":"Gramatyka czeska"},"content":{"rendered":"\r\n\r\n\r\n<section class=\"languageChallengeSection\">\r\n    <div class=\"languageInfoWrapper\">\r\n        \r\n        <h1>Gramatyka czeska<\/h1>\r\n        <p>Poznaj zawi\u0142o\u015bci czeskiej gramatyki i otw\u00f3rz drzwi do zrozumienia tego \u015brodkowoeuropejskiego j\u0119zyka. Opanowuj\u0105c podstawowe zasady i wzorce, b\u0119dziesz komunikowa\u0107 si\u0119 bardziej efektywnie i uzyskasz g\u0142\u0119bszy wgl\u0105d w czesk\u0105 kultur\u0119. Zacznij uczy\u0107 si\u0119 czeskiej gramatyki ju\u017c dzi\u015b i zr\u00f3b pierwszy krok w kierunku p\u0142ynno\u015bci!<\/p>\r\n\r\n                            <a class=\"getStartedHidden\" href=\"https:\/\/app.talkpal.ai\/pl\/signup?lng=\">Zaczynaj<\/a>\r\n        \r\n    <\/div>\r\n\r\n    <figure>\r\n    <img decoding=\"async\" width=\"768\" height=\"768\" src=\"https:\/\/talkpal.ai\/wp-content\/uploads\/2023\/06\/Czech-768x768.png\" class=\"languageImage no-lazy\" alt=\"Language learning for intellectual development\" fetchpriority=\"high\" sizes=\"(max-width: 768px) 150px, 768px\" srcset=\"https:\/\/talkpal.ai\/wp-content\/uploads\/2023\/06\/Czech-768x768.png 768w, https:\/\/talkpal.ai\/wp-content\/uploads\/2023\/06\/Czech-300x300.png 300w\" \/>\r\n    \r\n\r\n    <\/figure>\r\n\r\n            <a class=\"getStartedVisible\" href=\"https:\/\/app.talkpal.ai\/pl\/signup?lng=\">Zaczynaj<\/a>\r\n    \r\n<\/section>\r\n<section class=\"promotionalBanner\">\r\n    <p class=\"promotionalText\">Najbardziej efektywny spos\u00f3b nauki j\u0119zyka<\/p>\r\n    <a class=\"promotionalLink\" href=\"https:\/\/app.talkpal.ai\/pl\/signup?lng=\">Wypr\u00f3buj Talkpal za darmo<\/a>\r\n<\/section>\n<div class=\"wp-block-group pageContainerStyle\"><div class=\"wp-block-group__inner-container is-layout-constrained wp-block-group-is-layout-constrained\">\n<h2 class=\"wp-block-heading\" id=\"h-czech-grammar-making-sense-of-the-czech-language-s-unique-structure\">Gramatyka j\u0119zyka czeskiego: zrozumienie unikalnej struktury j\u0119zyka czeskiego<\/h2>\n\n\n\n<p>Je\u015bli kiedykolwiek pr\u00f3bowa\u0142e\u015b nauczy\u0107 si\u0119 czeskiego &#8211; lub nawet po prostu przejrza\u0142e\u015b <a href=\"https:\/\/talkpal.ai\/learn-czech\/\">czeski<\/a> artyku\u0142 lub ksi\u0105\u017ck\u0119 &#8211; prawdopodobnie zauwa\u017cy\u0142e\u015b, \u017ce jego <a href=\"https:\/\/talkpal.ai\/grammar\/\">gramatyka<\/a> mo\u017ce by\u0107 do\u015b\u0107 trudna. Powszechnie uwa\u017cana za jeden z najbardziej z\u0142o\u017conych system\u00f3w j\u0119zykowych, czeska <a href=\"https:\/\/talkpal.ai\/grammar\/\">gramatyka<\/a> wprawia w zak\u0142opotanie wielu zagranicznych student\u00f3w. Ale nie daj si\u0119 zastraszy\u0107! Osobliwo\u015bci gramatyki czeskiej sprawiaj\u0105, \u017ce jest ona fascynuj\u0105ca i wyj\u0105tkowa. W tym artykule obja\u015bnimy kilka kluczowych element\u00f3w czeskiej gramatyki w spos\u00f3b konwersacyjny, pomagaj\u0105c ci lepiej zrozumie\u0107 ten pi\u0119kny j\u0119zyk.<\/p>\n\n\n\n<h3 class=\"wp-block-heading\" id=\"h-1-nouns-declensions-and-cases-galore\">1. Rzeczowniki \u2013 deklinacje i przypadki w br\u00f3d!<\/h3>\n\n\n\n<p>Jedn\u0105 z pierwszych rzeczy, kt\u00f3re mo\u017cna zauwa\u017cy\u0107 w czeskiej gramatyce jest deklinacja rzeczownik\u00f3w. Deklinacja to grupa rzeczownik\u00f3w o podobnych cechach gramatycznych, a czeski ma do 14 r\u00f3\u017cnych deklinacji. Co powiesz na r\u00f3\u017cnorodno\u015b\u0107? Ka\u017cda deklinacja ma okre\u015blony wzorzec reprezentowania form rzeczownik\u00f3w w liczbie pojedynczej i mnogiej.<\/p>\n\n\n\n<p>Czeskie rzeczowniki maj\u0105 r\u00f3wnie\u017c siedem r\u00f3\u017cnych przypadk\u00f3w: mianownik, dope\u0142niacz, celownik, aluzyw, wo\u0142acz, miejscownik i narz\u0119dnik. Chocia\u017c taka liczba mo\u017ce wydawa\u0107 si\u0119 zniech\u0119caj\u0105ca, wa\u017cne jest, aby dowiedzie\u0107 si\u0119 o tych przypadkach, poniewa\u017c s\u0105 one kluczowe w przekazywaniu znaczenia. Na przyk\u0142ad w j\u0119zyku czeskim kolejno\u015b\u0107 s\u0142\u00f3w nie jest tak istotna jak w j\u0119zyku angielskim &#8211; to przypadki wskazuj\u0105 na relacje mi\u0119dzy s\u0142owami.<\/p>\n\n\n\n<h3 class=\"wp-block-heading\" id=\"h-2-adjectives-agreeing-with-nouns\">2. Przymiotniki \u2013 zgadzanie si\u0119 z rzeczownikami<\/h3>\n\n\n\n<p>Czeskie przymiotniki maj\u0105 szczeg\u00f3lny obowi\u0105zek: musz\u0105 zgadza\u0107 si\u0119 z rzeczownikami, kt\u00f3re modyfikuj\u0105 pod wzgl\u0119dem rodzaju, liczby i przypadku. Pomy\u015bl o tym jak o dynamicznym duecie, tangu gramatycznym, w kt\u00f3rym jedna po\u0142owa z wdzi\u0119kiem dopasowuje si\u0119, aby uzupe\u0142ni\u0107 drug\u0105. To porozumienie pomaga stworzy\u0107 harmoni\u0119 w zdaniach i zwi\u0119ksza jasno\u015b\u0107.<\/p>\n\n\n\n<p>Na przyk\u0142ad s\u0142owo oznaczaj\u0105ce &#8222;pi\u0119kny&#8221; w j\u0119zyku czeskim to &#8222;kr\u00e1sn\u00fd&#8221;. Je\u015bli opisujesz pi\u0119kny dom (d\u016fm), kt\u00f3ry jest rodzaju m\u0119skiego, u\u017cyjesz &#8222;kr\u00e1sn\u00fd d\u016fm&#8221;. Dla pi\u0119knej dziewczyny (d\u00edvka), kt\u00f3ra jest rodzaju \u017ce\u0144skiego, staje si\u0119 &#8222;kr\u00e1sn\u00e1 d\u00edvka&#8221;. W przypadku pi\u0119knego dnia (den), kt\u00f3ry jest rodzaju nijakiego, powiemy &#8222;kr\u00e1sn\u00fd den&#8221;. Widzisz, jak przymiotnik ta\u0144czy razem z rzeczownikiem?<\/p>\n\n\n\n<h3 class=\"wp-block-heading\" id=\"h-3-verbs-the-art-of-conjugation\">3. Czasowniki \u2013 sztuka koniugacji<\/h3>\n\n\n\n<p>W j\u0119zyku czeskim sztuka koniugacji \u2013 czyli zmiany form czasownik\u00f3w w zale\u017cno\u015bci od czasu, nastroju i osoby \u2013 zaczyna \u017cy\u0107 w\u0142asnym \u017cyciem. Czeskie czasowniki dziel\u0105 si\u0119 na dwie kategorie: dokonane i niedokonane. Czasowniki dokonane wskazuj\u0105, \u017ce czynno\u015b\u0107 zosta\u0142a zako\u0144czona, podczas gdy czasowniki niedokonane sugeruj\u0105 czynno\u015bci trwaj\u0105ce lub nawykowe.  <\/p>\n\n\n\n<p><a href=\"https:\/\/talkpal.ai\/czech-grammar\/\">Gramatyka czeska<\/a> ma kilka ekscytuj\u0105cych dziwactw, je\u015bli chodzi o czasowniki. Na przyk\u0142ad czas przysz\u0142y jest tworzony regularnie tylko dla czasownik\u00f3w niedokonanych. W przypadku czasownik\u00f3w dokonanych \u0142\u0105czy si\u0119 z czasem tera\u017aniejszym! Ponadto, zamiast specyficznej strony biernej, czeski zawiera konstrukcje bierne za pomoc\u0105 czasownik\u00f3w posi\u0142kowych. Nie zapominajmy o czeskich czasownikach zwrotnych, w kt\u00f3rych czynno\u015bci odbijaj\u0105 si\u0119 od podmiotu, dodaj\u0105c kolejn\u0105 warstw\u0119 niuans\u00f3w do tego intryguj\u0105cego j\u0119zyka.<\/p>\n\n\n\n<h3 class=\"wp-block-heading\" id=\"h-4-pronouns-the-mirror-of-linguistic-diversity\">4. Zaimki: zwierciad\u0142o r\u00f3\u017cnorodno\u015bci j\u0119zykowej<\/h3>\n\n\n\n<p>Zaimki w czeskiej gramatyce &#8211; m\u00f3wimy o zaimkach osobowych, dzier\u017cawczych, wskazuj\u0105cych, pytaj\u0105cych i wzgl\u0119dnych &#8211; wykazuj\u0105 tak\u0105 sam\u0105 r\u00f3\u017cnorodno\u015b\u0107 jak inne cz\u0119\u015bci mowy. Oni r\u00f3wnie\u017c musz\u0105 zgadza\u0107 si\u0119 pod wzgl\u0119dem rodzaju, liczby i wielko\u015bci liter z rzeczownikami, kt\u00f3re zast\u0119puj\u0105 lub do kt\u00f3rych si\u0119 odnosz\u0105.<\/p>\n\n\n\n<p>Na przyk\u0142ad, je\u015bli m\u00f3wisz o ksi\u0105\u017cce, kt\u00f3r\u0105 lubisz, powiesz &#8222;<a href=\"https:\/\/talkpal.ai\/culture\/how-to-say-i-like-in-slovak-using-mam-rad\/\">M\u00e1m r\u00e1d<\/a> tu knihu&#8221; (lubi\u0119 t\u0119 ksi\u0105\u017ck\u0119). Tutaj &#8222;tu&#8221; jest \u017ce\u0144sk\u0105 form\u0105 zaimka wskazuj\u0105cego &#8222;\u017ce&#8221;, zgadzaj\u0105cego si\u0119 z &#8222;kniha&#8221; (ksi\u0105\u017cka), kt\u00f3ry r\u00f3wnie\u017c jest rodzaju \u017ce\u0144skiego.<\/p>\n\n\n\n<h3 class=\"wp-block-heading\" id=\"h-5-embracing-the-challenge\">5. Podejmowanie wyzwa\u0144<\/h3>\n\n\n\n<p>Czeska gramatyka mo\u017ce by\u0107 k\u0142opotliwa i onie\u015bmielaj\u0105ca, ale jest to r\u00f3wnie\u017c to, co wyr\u00f3\u017cnia ten fascynuj\u0105cy j\u0119zyk. Nie unikaj wyzwania! Pami\u0119taj, \u017ce nie chodzi o opanowanie wszystkiego naraz, ale o robienie post\u0119p\u00f3w krok po kroku. Po\u015bwi\u0119\u0107 troch\u0119 czasu na zrozumienie unikalnego systemu czeskiej gramatyki, a b\u0119dziesz na dobrej drodze do opanowania tego pi\u0119knego, z\u0142o\u017conego j\u0119zyka. W miar\u0119 odkrywania zachwycaj\u0105cych niuans\u00f3w czeskiej gramatyki, bez w\u0105tpienia odkryjesz nowe uznanie dla jej zawi\u0142o\u015bci. Mi\u0142ej nauki!<\/p>\n<\/div><\/div>\n\r\n<section class=\"learnNavigationSection\">\r\n            \r\n        <a href=\"https:\/\/talkpal.ai\/pl\/naucz-sie-czeskiego\/\">\r\n            <div class=\"learnNavigationWrapper\">\r\n                <div class=\"learnNavigationContent\">\r\n                    <img decoding=\"async\" src=\"https:\/\/talkpal.ai\/wp-content\/uploads\/2024\/08\/Czech.jpg\" alt=\"Czech Flag\">\r\n                    <div>\r\n                        <h4>O czeskim uczeniu si\u0119<\/h4>\r\n                        <p>Dowiedz si\u0119 wszystkiego o gramatyce czeskiej .<\/p>\r\n                    <\/div>\r\n                <\/div>\r\n            <\/div>\r\n        <\/a>\r\n\r\n        \r\n        <a href=\"https:\/\/talkpal.ai\/pl\/cwiczenia-gramatyczne-z-jezyka-czeskiego\/\">\r\n            <div class=\"learnNavigationWrapper\">\r\n                <div class=\"learnNavigationContent\">\r\n                    <img decoding=\"async\" src=\"https:\/\/talkpal.ai\/wp-content\/uploads\/2024\/08\/Czech.jpg\" alt=\"Czech Flag\">\r\n                    <div>\r\n                        <h4>\u0106wiczenie z gramatyki j\u0119zyka czeskiego<\/h4>\r\n                        <p>\u0106wicz gramatyk\u0119 czesk\u0105 .<\/p>\r\n                    <\/div>\r\n                <\/div>\r\n            <\/div>\r\n        <\/a>\r\n\r\n        \r\n        <a href=\"https:\/\/talkpal.ai\/vocabulary_language\/czech\/\">\r\n            <div class=\"learnNavigationWrapper\">\r\n                <div class=\"learnNavigationContent\">\r\n                    <img decoding=\"async\" src=\"https:\/\/talkpal.ai\/wp-content\/uploads\/2024\/08\/Czech.jpg\" alt=\"Czech Flag\">\r\n                    <div>\r\n                        <h4>Czeskie s\u0142ownictwo<\/h4>\r\n                        <p>Poszerz swoje czeskie s\u0142ownictwo.<\/p>\r\n                    <\/div>\r\n                <\/div>\r\n            <\/div>\r\n        <\/a>\r\n\r\n            <\/section>","protected":false},"excerpt":{"rendered":"<p>Gramatyka j\u0119zyka czeskiego: zrozumienie unikalnej struktury j\u0119zyka czeskiego Je\u015bli kiedykolwiek pr\u00f3bowa\u0142e\u015b nauczy\u0107 si\u0119 czeskiego &#8211; lub nawet po prostu przejrza\u0142e\u015b czeski artyku\u0142 lub ksi\u0105\u017ck\u0119 &#8211; prawdopodobnie zauwa\u017cy\u0142e\u015b, \u017ce jego gramatyka mo\u017ce by\u0107 do\u015b\u0107 trudna. Powszechnie uwa\u017cana za jeden z najbardziej z\u0142o\u017conych system\u00f3w j\u0119zykowych, czeska gramatyka wprawia w zak\u0142opotanie wielu zagranicznych student\u00f3w. Ale nie daj si\u0119 [&hellip;]<\/p>\n","protected":false},"author":1,"featured_media":111738,"parent":0,"menu_order":0,"comment_status":"closed","ping_status":"closed","template":"LearningContentPage.php","meta":{"_acf_changed":false,"footnotes":""},"class_list":["post-143427","page","type-page","status-publish","has-post-thumbnail","hentry"],"acf":[],"yoast_head":"<!-- This site is optimized with the Yoast SEO Premium plugin v27.2 (Yoast SEO v27.2) - https:\/\/yoast.com\/product\/yoast-seo-premium-wordpress\/ -->\n<title>Gramatyka czeska - Talkpal<\/title>\n<meta name=\"description\" content=\"Odkryj sekrety czeskiej gramatyki. Poznaj jego wyj\u0105tkow\u0105 z\u0142o\u017cono\u015b\u0107 i dowiedz si\u0119, jak skutecznie opanowa\u0107 deklinacje rzeczownik\u00f3w.\" \/>\n<meta name=\"robots\" content=\"index, follow, max-snippet:-1, max-image-preview:large, max-video-preview:-1\" \/>\n<link rel=\"canonical\" href=\"https:\/\/talkpal.ai\/pl\/gramatyka-czeska\/\" \/>\n<meta property=\"og:locale\" content=\"pl_PL\" \/>\n<meta property=\"og:type\" content=\"article\" \/>\n<meta property=\"og:title\" content=\"Gramatyka czeska\" \/>\n<meta property=\"og:description\" content=\"Gramatyka j\u0119zyka czeskiego: zrozumienie unikalnej struktury j\u0119zyka czeskiego Je\u015bli kiedykolwiek pr\u00f3bowa\u0142e\u015b nauczy\u0107 si\u0119 czeskiego - lub nawet po prostu\" \/>\n<meta property=\"og:url\" content=\"https:\/\/talkpal.ai\/pl\/gramatyka-czeska\/\" \/>\n<meta property=\"og:site_name\" content=\"Talkpal\" \/>\n<meta property=\"article:publisher\" content=\"https:\/\/www.facebook.com\/profile.php?id=100090733639311\" \/>\n<meta property=\"article:modified_time\" content=\"2025-12-13T15:22:13+00:00\" \/>\n<meta property=\"og:image\" content=\"https:\/\/talkpal.ai\/wp-content\/uploads\/2023\/05\/czech-republic.png\" \/>\n\t<meta property=\"og:image:width\" content=\"512\" \/>\n\t<meta property=\"og:image:height\" content=\"512\" \/>\n\t<meta property=\"og:image:type\" content=\"image\/png\" \/>\n<meta name=\"twitter:card\" content=\"summary_large_image\" \/>\n<meta name=\"twitter:site\" content=\"@talkpalai\" \/>\n<meta name=\"twitter:label1\" content=\"Szacowany czas czytania\" \/>\n\t<meta name=\"twitter:data1\" content=\"4 minuty\" \/>\n<script type=\"application\/ld+json\" class=\"yoast-schema-graph\">{\"@context\":\"https:\/\/schema.org\",\"@graph\":[{\"@type\":\"WebPage\",\"@id\":\"https:\/\/talkpal.ai\/pl\/gramatyka-czeska\/\",\"url\":\"https:\/\/talkpal.ai\/pl\/gramatyka-czeska\/\",\"name\":\"Gramatyka czeska - Talkpal\",\"isPartOf\":{\"@id\":\"https:\/\/talkpal.ai\/pl\/#website\"},\"primaryImageOfPage\":{\"@id\":\"https:\/\/talkpal.ai\/pl\/gramatyka-czeska\/#primaryimage\"},\"image\":{\"@id\":\"https:\/\/talkpal.ai\/pl\/gramatyka-czeska\/#primaryimage\"},\"thumbnailUrl\":\"https:\/\/talkpal.ai\/wp-content\/uploads\/2023\/05\/czech-republic.png\",\"datePublished\":\"2023-05-14T14:03:07+00:00\",\"dateModified\":\"2025-12-13T15:22:13+00:00\",\"description\":\"Odkryj sekrety czeskiej gramatyki. Poznaj jego wyj\u0105tkow\u0105 z\u0142o\u017cono\u015b\u0107 i dowiedz si\u0119, jak skutecznie opanowa\u0107 deklinacje rzeczownik\u00f3w.\",\"breadcrumb\":{\"@id\":\"https:\/\/talkpal.ai\/pl\/gramatyka-czeska\/#breadcrumb\"},\"inLanguage\":\"pl-PL\",\"potentialAction\":[{\"@type\":\"ReadAction\",\"target\":[\"https:\/\/talkpal.ai\/pl\/gramatyka-czeska\/\"]}]},{\"@type\":\"ImageObject\",\"inLanguage\":\"pl-PL\",\"@id\":\"https:\/\/talkpal.ai\/pl\/gramatyka-czeska\/#primaryimage\",\"url\":\"https:\/\/talkpal.ai\/wp-content\/uploads\/2023\/05\/czech-republic.png\",\"contentUrl\":\"https:\/\/talkpal.ai\/wp-content\/uploads\/2023\/05\/czech-republic.png\",\"width\":512,\"height\":512},{\"@type\":\"BreadcrumbList\",\"@id\":\"https:\/\/talkpal.ai\/pl\/gramatyka-czeska\/#breadcrumb\",\"itemListElement\":[{\"@type\":\"ListItem\",\"position\":1,\"name\":\"Homepage\",\"item\":\"https:\/\/talkpal.ai\/pl\/\"},{\"@type\":\"ListItem\",\"position\":2,\"name\":\"Gramatyka czeska\"}]},{\"@type\":\"WebSite\",\"@id\":\"https:\/\/talkpal.ai\/pl\/#website\",\"url\":\"https:\/\/talkpal.ai\/pl\/\",\"name\":\"Talkpal\",\"description\":\"AI Language Learning\",\"publisher\":{\"@id\":\"https:\/\/talkpal.ai\/pl\/#organization\"},\"alternateName\":\"Talkpal AI\",\"potentialAction\":[{\"@type\":\"SearchAction\",\"target\":{\"@type\":\"EntryPoint\",\"urlTemplate\":\"https:\/\/talkpal.ai\/pl\/?s={search_term_string}\"},\"query-input\":{\"@type\":\"PropertyValueSpecification\",\"valueRequired\":true,\"valueName\":\"search_term_string\"}}],\"inLanguage\":\"pl-PL\"},{\"@type\":\"Organization\",\"@id\":\"https:\/\/talkpal.ai\/pl\/#organization\",\"name\":\"Talkpal, Inc.\",\"alternateName\":\"Talkpal AI\",\"url\":\"https:\/\/talkpal.ai\/pl\/\",\"logo\":{\"@type\":\"ImageObject\",\"inLanguage\":\"pl-PL\",\"@id\":\"https:\/\/talkpal.ai\/pl\/#\/schema\/logo\/image\/\",\"url\":\"https:\/\/talkpal.ai\/wp-content\/uploads\/2024\/03\/Talkpal-Logo-Icon.png\",\"contentUrl\":\"https:\/\/talkpal.ai\/wp-content\/uploads\/2024\/03\/Talkpal-Logo-Icon.png\",\"width\":2880,\"height\":2880,\"caption\":\"Talkpal, Inc.\"},\"image\":{\"@id\":\"https:\/\/talkpal.ai\/pl\/#\/schema\/logo\/image\/\"},\"sameAs\":[\"https:\/\/www.facebook.com\/profile.php?id=100090733639311\",\"https:\/\/x.com\/talkpalai\",\"https:\/\/www.linkedin.com\/company\/talkpal\/\",\"https:\/\/www.youtube.com\/@TalkPal\/\",\"https:\/\/www.tiktok.com\/@talkpal\",\"https:\/\/www.instagram.com\/talkpal_ai\/\",\"https:\/\/www.crunchbase.com\/organization\/talkpal-9cde\",\"https:\/\/www.g2.com\/products\/talkpal-for-business\/\",\"https:\/\/www.trustpilot.com\/review\/talkpal.ai\",\"https:\/\/www.capterra.com\/p\/10006800\/TalkPal\/\"],\"description\":\"Talkpal is a language learning web and mobile education app, powered by the latest AI technologies, that provides engaging experiences to its customers in many different languages to help them improve their language skills. Users can chat about unlimited amount of topics with the app and use other modes to practice their language learning.\",\"email\":\"support@talkpal.ai\",\"legalName\":\"Talkpal, Inc.\",\"foundingDate\":\"2023-04-03\",\"duns\":\"118989042\",\"numberOfEmployees\":{\"@type\":\"QuantitativeValue\",\"minValue\":\"11\",\"maxValue\":\"50\"},\"publishingPrinciples\":\"https:\/\/talkpal.ai\/publishing-principles\/\",\"actionableFeedbackPolicy\":\"https:\/\/talkpal.ai\/actionable-feedback-policy\/\",\"correctionsPolicy\":\"https:\/\/talkpal.ai\/corrections-policy\/\",\"ethicsPolicy\":\"https:\/\/talkpal.ai\/ethics-policy\/\",\"diversityPolicy\":\"https:\/\/talkpal.ai\/diversity-policy\/\",\"diversityStaffingReport\":\"https:\/\/talkpal.ai\/diversity-policy\/\"}]}<\/script>\n<!-- \/ Yoast SEO Premium plugin. -->","yoast_head_json":{"title":"Gramatyka czeska - Talkpal","description":"Odkryj sekrety czeskiej gramatyki. Poznaj jego wyj\u0105tkow\u0105 z\u0142o\u017cono\u015b\u0107 i dowiedz si\u0119, jak skutecznie opanowa\u0107 deklinacje rzeczownik\u00f3w.","robots":{"index":"index","follow":"follow","max-snippet":"max-snippet:-1","max-image-preview":"max-image-preview:large","max-video-preview":"max-video-preview:-1"},"canonical":"https:\/\/talkpal.ai\/pl\/gramatyka-czeska\/","og_locale":"pl_PL","og_type":"article","og_title":"Gramatyka czeska","og_description":"Gramatyka j\u0119zyka czeskiego: zrozumienie unikalnej struktury j\u0119zyka czeskiego Je\u015bli kiedykolwiek pr\u00f3bowa\u0142e\u015b nauczy\u0107 si\u0119 czeskiego - lub nawet po prostu","og_url":"https:\/\/talkpal.ai\/pl\/gramatyka-czeska\/","og_site_name":"Talkpal","article_publisher":"https:\/\/www.facebook.com\/profile.php?id=100090733639311","article_modified_time":"2025-12-13T15:22:13+00:00","og_image":[{"width":512,"height":512,"url":"https:\/\/talkpal.ai\/wp-content\/uploads\/2023\/05\/czech-republic.png","type":"image\/png"}],"twitter_card":"summary_large_image","twitter_site":"@talkpalai","twitter_misc":{"Szacowany czas czytania":"4 minuty"},"schema":{"@context":"https:\/\/schema.org","@graph":[{"@type":"WebPage","@id":"https:\/\/talkpal.ai\/pl\/gramatyka-czeska\/","url":"https:\/\/talkpal.ai\/pl\/gramatyka-czeska\/","name":"Gramatyka czeska - Talkpal","isPartOf":{"@id":"https:\/\/talkpal.ai\/pl\/#website"},"primaryImageOfPage":{"@id":"https:\/\/talkpal.ai\/pl\/gramatyka-czeska\/#primaryimage"},"image":{"@id":"https:\/\/talkpal.ai\/pl\/gramatyka-czeska\/#primaryimage"},"thumbnailUrl":"https:\/\/talkpal.ai\/wp-content\/uploads\/2023\/05\/czech-republic.png","datePublished":"2023-05-14T14:03:07+00:00","dateModified":"2025-12-13T15:22:13+00:00","description":"Odkryj sekrety czeskiej gramatyki. Poznaj jego wyj\u0105tkow\u0105 z\u0142o\u017cono\u015b\u0107 i dowiedz si\u0119, jak skutecznie opanowa\u0107 deklinacje rzeczownik\u00f3w.","breadcrumb":{"@id":"https:\/\/talkpal.ai\/pl\/gramatyka-czeska\/#breadcrumb"},"inLanguage":"pl-PL","potentialAction":[{"@type":"ReadAction","target":["https:\/\/talkpal.ai\/pl\/gramatyka-czeska\/"]}]},{"@type":"ImageObject","inLanguage":"pl-PL","@id":"https:\/\/talkpal.ai\/pl\/gramatyka-czeska\/#primaryimage","url":"https:\/\/talkpal.ai\/wp-content\/uploads\/2023\/05\/czech-republic.png","contentUrl":"https:\/\/talkpal.ai\/wp-content\/uploads\/2023\/05\/czech-republic.png","width":512,"height":512},{"@type":"BreadcrumbList","@id":"https:\/\/talkpal.ai\/pl\/gramatyka-czeska\/#breadcrumb","itemListElement":[{"@type":"ListItem","position":1,"name":"Homepage","item":"https:\/\/talkpal.ai\/pl\/"},{"@type":"ListItem","position":2,"name":"Gramatyka czeska"}]},{"@type":"WebSite","@id":"https:\/\/talkpal.ai\/pl\/#website","url":"https:\/\/talkpal.ai\/pl\/","name":"Talkpal","description":"AI Language Learning","publisher":{"@id":"https:\/\/talkpal.ai\/pl\/#organization"},"alternateName":"Talkpal AI","potentialAction":[{"@type":"SearchAction","target":{"@type":"EntryPoint","urlTemplate":"https:\/\/talkpal.ai\/pl\/?s={search_term_string}"},"query-input":{"@type":"PropertyValueSpecification","valueRequired":true,"valueName":"search_term_string"}}],"inLanguage":"pl-PL"},{"@type":"Organization","@id":"https:\/\/talkpal.ai\/pl\/#organization","name":"Talkpal, Inc.","alternateName":"Talkpal AI","url":"https:\/\/talkpal.ai\/pl\/","logo":{"@type":"ImageObject","inLanguage":"pl-PL","@id":"https:\/\/talkpal.ai\/pl\/#\/schema\/logo\/image\/","url":"https:\/\/talkpal.ai\/wp-content\/uploads\/2024\/03\/Talkpal-Logo-Icon.png","contentUrl":"https:\/\/talkpal.ai\/wp-content\/uploads\/2024\/03\/Talkpal-Logo-Icon.png","width":2880,"height":2880,"caption":"Talkpal, Inc."},"image":{"@id":"https:\/\/talkpal.ai\/pl\/#\/schema\/logo\/image\/"},"sameAs":["https:\/\/www.facebook.com\/profile.php?id=100090733639311","https:\/\/x.com\/talkpalai","https:\/\/www.linkedin.com\/company\/talkpal\/","https:\/\/www.youtube.com\/@TalkPal\/","https:\/\/www.tiktok.com\/@talkpal","https:\/\/www.instagram.com\/talkpal_ai\/","https:\/\/www.crunchbase.com\/organization\/talkpal-9cde","https:\/\/www.g2.com\/products\/talkpal-for-business\/","https:\/\/www.trustpilot.com\/review\/talkpal.ai","https:\/\/www.capterra.com\/p\/10006800\/TalkPal\/"],"description":"Talkpal is a language learning web and mobile education app, powered by the latest AI technologies, that provides engaging experiences to its customers in many different languages to help them improve their language skills. Users can chat about unlimited amount of topics with the app and use other modes to practice their language learning.","email":"support@talkpal.ai","legalName":"Talkpal, Inc.","foundingDate":"2023-04-03","duns":"118989042","numberOfEmployees":{"@type":"QuantitativeValue","minValue":"11","maxValue":"50"},"publishingPrinciples":"https:\/\/talkpal.ai\/publishing-principles\/","actionableFeedbackPolicy":"https:\/\/talkpal.ai\/actionable-feedback-policy\/","correctionsPolicy":"https:\/\/talkpal.ai\/corrections-policy\/","ethicsPolicy":"https:\/\/talkpal.ai\/ethics-policy\/","diversityPolicy":"https:\/\/talkpal.ai\/diversity-policy\/","diversityStaffingReport":"https:\/\/talkpal.ai\/diversity-policy\/"}]}},"_links":{"self":[{"href":"https:\/\/talkpal.ai\/pl\/wp-json\/wp\/v2\/pages\/143427","targetHints":{"allow":["GET"]}}],"collection":[{"href":"https:\/\/talkpal.ai\/pl\/wp-json\/wp\/v2\/pages"}],"about":[{"href":"https:\/\/talkpal.ai\/pl\/wp-json\/wp\/v2\/types\/page"}],"author":[{"embeddable":true,"href":"https:\/\/talkpal.ai\/pl\/wp-json\/wp\/v2\/users\/1"}],"replies":[{"embeddable":true,"href":"https:\/\/talkpal.ai\/pl\/wp-json\/wp\/v2\/comments?post=143427"}],"version-history":[{"count":0,"href":"https:\/\/talkpal.ai\/pl\/wp-json\/wp\/v2\/pages\/143427\/revisions"}],"wp:featuredmedia":[{"embeddable":true,"href":"https:\/\/talkpal.ai\/pl\/wp-json\/wp\/v2\/media\/111738"}],"wp:attachment":[{"href":"https:\/\/talkpal.ai\/pl\/wp-json\/wp\/v2\/media?parent=143427"}],"curies":[{"name":"wp","href":"https:\/\/api.w.org\/{rel}","templated":true}]}}