{"id":143127,"date":"2023-05-14T14:02:30","date_gmt":"2023-05-14T14:02:30","guid":{"rendered":"http:\/\/talkpal.ai\/gramatyka-grecka\/"},"modified":"2025-12-13T15:13:39","modified_gmt":"2025-12-13T15:13:39","slug":"gramatyka-grecka","status":"publish","type":"page","link":"https:\/\/talkpal.ai\/pl\/gramatyka-grecka\/","title":{"rendered":"Gramatyka grecka"},"content":{"rendered":"\r\n\r\n\r\n<section class=\"languageChallengeSection\">\r\n    <div class=\"languageInfoWrapper\">\r\n        \r\n        <h1>Gramatyka grecka<\/h1>\r\n        <p>Poznaj greck\u0105 gramatyk\u0119 i wejd\u017a do \u015bwiata jednego z najstarszych i najbardziej wp\u0142ywowych j\u0119zyk\u00f3w ludzko\u015bci. J\u0119zyk <a href=\"https:\/\/talkpal.ai\/learn-greek\/\">grecki<\/a> wprowadza w unikalny alfabet, wyraziste koniugacje czasownik\u00f3w i system przypadk\u00f3w rzeczownik\u00f3w, kt\u00f3re kszta\u0142tuj\u0105 znaczenie. Podczas zwiedzania odkryjesz korzenie wielu angielskich s\u0142\u00f3w i po\u0142\u0105czysz si\u0119 z bogatym dziedzictwem kulturowym. Zanurz si\u0119 i ciesz si\u0119 satysfakcjonuj\u0105cym wyzwaniem, jakim jest nauka gramatyki greckiej!<\/p>\r\n\r\n                            <a class=\"getStartedHidden\" href=\"https:\/\/app.talkpal.ai\/pl\/signup?lng=\">Zaczynaj<\/a>\r\n        \r\n    <\/div>\r\n\r\n    <figure>\r\n    <img decoding=\"async\" width=\"768\" height=\"768\" src=\"https:\/\/talkpal.ai\/wp-content\/uploads\/2023\/06\/greek-768x768.png\" class=\"languageImage no-lazy\" alt=\"Language learning to boost personal capability\" fetchpriority=\"high\" sizes=\"(max-width: 768px) 150px, 768px\" srcset=\"https:\/\/talkpal.ai\/wp-content\/uploads\/2023\/06\/greek-768x768.png 768w, https:\/\/talkpal.ai\/wp-content\/uploads\/2023\/06\/greek-300x300.png 300w\" \/>\r\n    \r\n\r\n    <\/figure>\r\n\r\n            <a class=\"getStartedVisible\" href=\"https:\/\/app.talkpal.ai\/pl\/signup?lng=\">Zaczynaj<\/a>\r\n    \r\n<\/section>\r\n<section class=\"promotionalBanner\">\r\n    <p class=\"promotionalText\">Najbardziej efektywny spos\u00f3b nauki j\u0119zyka<\/p>\r\n    <a class=\"promotionalLink\" href=\"https:\/\/app.talkpal.ai\/pl\/signup?lng=\">Wypr\u00f3buj Talkpal za darmo<\/a>\r\n<\/section>\n<div class=\"wp-block-group pageContainerStyle\"><div class=\"wp-block-group__inner-container is-layout-constrained wp-block-group-is-layout-constrained\">\n<h2 class=\"wp-block-heading\" id=\"h-demystifying-greek-grammar-a-comprehensive-guide\">Demistyfikacja gramatyki greckiej: kompleksowy przewodnik<\/h2>\n\n\n\n<p>Greka, elegancki i staro\u017cytny j\u0119zyk, zajmuje szczeg\u00f3lne miejsce w historii j\u0119zykoznawstwa i pozostaje wp\u0142ywowa do dzi\u015b. Dzi\u0119ki solidnym podstawom gramatyki greckiej uzyskasz dost\u0119p do bogactwa zasob\u00f3w kulturowych i historycznych, jednocze\u015bnie odblokowuj\u0105c kolejn\u0105 warstw\u0119 znaczeniow\u0105 w angielskim s\u0142ownictwie. Wbrew powszechnemu przekonaniu, <a href=\"https:\/\/talkpal.ai\/greek-grammar\/\">gramatyka grecka<\/a> nie jest tak onie\u015bmielaj\u0105ca, jak mog\u0142oby si\u0119 pocz\u0105tkowo wydawa\u0107. W tym artykule pomo\u017cemy ci porusza\u0107 si\u0119 po podstawowych elementach gramatyki greckiej, aby\u015b m\u00f3g\u0142 podej\u015b\u0107 do tego j\u0119zyka z pewno\u015bci\u0105 siebie i entuzjazmem.<\/p>\n\n\n\n<h3 class=\"wp-block-heading\" id=\"h-1-understanding-greek-nouns-cases-and-articles\">1. Zrozumienie greckich rzeczownik\u00f3w, przypadk\u00f3w i rodzajnik\u00f3w<\/h3>\n\n\n\n<p>Rzeczowniki greckie dziel\u0105 si\u0119 na trzy rodzaje: m\u0119ski, \u017ce\u0144ski i nijaki. Ka\u017cdy rzeczownik nale\u017cy do jednej z trzech deklinacji, kt\u00f3re okre\u015blaj\u0105 ko\u0144c\u00f3wki rzeczownika na podstawie jego rodzaju, liczby (pojedynczej lub mnogiej) i przypadku. W j\u0119zyku greckim istnieje pi\u0119\u0107 przypadk\u00f3w: mianownik, dope\u0142niacz, celownik, zbieranik i wo\u0142acz.<\/p>\n\n\n\n<p>Zasadniczy aspekt gramatyki greckiej obraca si\u0119 wok\u00f3\u0142 rodzajnika. Podobnie jak angielskie &#8222;the&#8221;, <a href=\"https:\/\/talkpal.ai\/learn-greek\/\">grecki<\/a> przedimek okre\u015blony jest kluczowy dla zrozumienia greckich tekst\u00f3w. Grecki rodzajnik musi zgadza\u0107 si\u0119 z rzeczownikiem w rodzaju, liczbie i przypadku. Grecki ma r\u00f3wnie\u017c przedimek nieokre\u015blony, kt\u00f3ry funkcjonuje jak &#8222;a&#8221; lub &#8222;an&#8221; w j\u0119zyku angielskim.<\/p>\n\n\n\n<h3 class=\"wp-block-heading\" id=\"h-2-tackling-greek-verbs-conjugation-and-moods\">2. Radzenie sobie z greckimi czasownikami: koniugacja i nastroje<\/h3>\n\n\n\n<p>Czasowniki greckie charakteryzuj\u0105 si\u0119 czasem, g\u0142osem, nastrojem, osob\u0105 i liczb\u0105. Czasowniki w j\u0119zyku greckim odmieniaj\u0105 si\u0119 zgodnie z ich czasem, kt\u00f3ry wskazuje, kiedy nast\u0119puje czynno\u015b\u0107. Istnieje siedem g\u0142\u00f3wnych cz\u0119\u015bci greckiego czasownika, z kt\u00f3rych ka\u017cda odpowiada czasowi:<\/p>\n\n\n\n<p><strong>&#8211; Obecny<\/strong><\/p>\n\n\n\n<p><strong>&#8211; Przysz\u0142o\u015b\u0107<\/strong><\/p>\n\n\n\n<p><strong>&#8211; Aoryst (przesz\u0142o\u015b\u0107 prosta)<\/strong><\/p>\n\n\n\n<p><strong>&#8211; Idealny<\/strong><\/p>\n\n\n\n<p><strong>&#8211; Przysz\u0142y doskona\u0142y<\/strong><\/p>\n\n\n\n<p><strong>&#8211; Czas przesz\u0142y<\/strong><\/p>\n\n\n\n<p><strong>&#8211; Aoryst bierny<\/strong><\/p>\n\n\n\n<p>Ponadto, greckie czasowniki maj\u0105 r\u00f3\u017cne nastroje, kt\u00f3re wyra\u017caj\u0105 stosunek m\u00f3wi\u0105cego do danej czynno\u015bci. Te nastroje s\u0105 imperatywami, oznajmuj\u0105cymi i \u0142\u0105cz\u0105cymi.<\/p>\n\n\n\n<h3 class=\"wp-block-heading\" id=\"h-3-crafting-expressive-sentences-with-greek-adjectives-and-adverbs\">3. Tworzenie ekspresyjnych zda\u0144 z greckimi przymiotnikami i przys\u0142\u00f3wkami<\/h3>\n\n\n\n<p>Greckie przymiotniki dodaj\u0105 koloru i opisu twoim zdaniom. Podobnie jak rzeczowniki, przymiotniki w j\u0119zyku greckim musz\u0105 zgadza\u0107 si\u0119 pod wzgl\u0119dem rodzaju, liczby i wielko\u015bci liter z rzeczownikiem, kt\u00f3ry opisuj\u0105. Ponadto przymiotniki nale\u017c\u0105 do jednej z trzech deklinacji, kt\u00f3ra okre\u015bla ich ko\u0144c\u00f3wki.<\/p>\n\n\n\n<p>Przys\u0142\u00f3wki greckie modyfikuj\u0105 czasowniki, przymiotniki lub inne przys\u0142\u00f3wki. Wyra\u017caj\u0105 one spos\u00f3b, kiedy, gdzie i w jakim zakresie dana czynno\u015b\u0107 jest wykonywana. W przeciwie\u0144stwie do przymiotnik\u00f3w, przys\u0142\u00f3wki nie musz\u0105 zgadza\u0107 si\u0119 z rzeczownikami pod wzgl\u0119dem rodzaju, liczby lub przypadku. W wielu przypadkach przys\u0142\u00f3wki s\u0105 tworzone przez dodanie okre\u015blonych ko\u0144c\u00f3wek do rdzeni przymiotnikowych.<\/p>\n\n\n\n<h3 class=\"wp-block-heading\" id=\"h-4-exploring-greek-pronouns-and-greek-sentence-structure\">4. Odkrywanie greckich zaimk\u00f3w i greckiej struktury zda\u0144<\/h3>\n\n\n\n<p>Zaimki odgrywaj\u0105 znacz\u0105c\u0105 rol\u0119 w gramatyce greckiej, poniewa\u017c zast\u0119puj\u0105 rzeczowniki i musz\u0105 zgadza\u0107 si\u0119 z rzeczownikiem, kt\u00f3ry reprezentuj\u0105 pod wzgl\u0119dem rodzaju, liczby i przypadku. W j\u0119zyku greckim istniej\u0105 zaimki osobowe, zwrotne, wskazuj\u0105ce, wzgl\u0119dne, pytaj\u0105ce i nieokre\u015blone.<\/p>\n\n\n\n<p>Grecka struktura zda\u0144 jest przede wszystkim zgodna z kolejno\u015bci\u0105 podmiot-orzeczenie-dope\u0142nienie (SVO). Jednak ze wzgl\u0119du na swoj\u0105 wysoce fleksyjn\u0105 natur\u0119, j\u0119zyk grecki oferuje wi\u0119ksz\u0105 elastyczno\u015b\u0107 w szyku wyraz\u00f3w, co pozwala na podkre\u015blenie i poetyck\u0105 ekspresj\u0119. Ta elastyczno\u015b\u0107 mo\u017ce pocz\u0105tkowo wydawa\u0107 si\u0119 trudna, ale staje si\u0119 bardziej przyst\u0119pna w miar\u0119 poznawania niuans\u00f3w j\u0119zyka.<\/p>\n\n\n\n<h3 class=\"wp-block-heading\" id=\"h-conclusion\">Wnioski<\/h3>\n\n\n\n<p>Rozpoczynaj\u0105c swoj\u0105 podr\u00f3\u017c do opanowania gramatyki greckiej, pami\u0119taj, \u017ce praktyka i wytrwa\u0142o\u015b\u0107 s\u0105 kluczem do sukcesu. Nie spiesz si\u0119 z rozwik\u0142aniem zawi\u0142o\u015bci greckich rzeczownik\u00f3w, czasownik\u00f3w, przymiotnik\u00f3w, przys\u0142\u00f3wk\u00f3w i struktury zda\u0144. Zag\u0142\u0119biaj\u0105c si\u0119 w ten fascynuj\u0105cy j\u0119zyk, przekonasz si\u0119, \u017ce gramatyka grecka staje si\u0119 bardziej znajoma i mniej onie\u015bmielaj\u0105ca. <a href=\"https:\/\/talkpal.ai\/culture\/how-do-you-say-good-luck-in-polish\/\">Powodzenia<\/a> i \u03ba\u03b1\u03bb\u03ae \u03b5\u03c0\u03b9\u03c4\u03c5\u03c7\u03af\u03b1!<\/p>\n<\/div><\/div>\n\r\n<section class=\"learnNavigationSection\">\r\n            \r\n        <a href=\"https:\/\/talkpal.ai\/pl\/naucz-sie-greckiego\/\">\r\n            <div class=\"learnNavigationWrapper\">\r\n                <div class=\"learnNavigationContent\">\r\n                    <img decoding=\"async\" src=\"https:\/\/talkpal.ai\/wp-content\/uploads\/2024\/08\/Greek.jpg\" alt=\"Greek Flag\">\r\n                    <div>\r\n                        <h4>O Greek Learning<\/h4>\r\n                        <p>Dowiedz si\u0119 wszystkiego o gramatyce greckiej.<\/p>\r\n                    <\/div>\r\n                <\/div>\r\n            <\/div>\r\n        <\/a>\r\n\r\n        \r\n        <a href=\"https:\/\/talkpal.ai\/pl\/cwiczenia-z-gramatyki-greckiej\/\">\r\n            <div class=\"learnNavigationWrapper\">\r\n                <div class=\"learnNavigationContent\">\r\n                    <img decoding=\"async\" src=\"https:\/\/talkpal.ai\/wp-content\/uploads\/2024\/08\/Greek.jpg\" alt=\"Greek Flag\">\r\n                    <div>\r\n                        <h4>\u0106wiczenie z gramatyki greckiej<\/h4>\r\n                        <p>\u0106wicz gramatyk\u0119 greck\u0105.<\/p>\r\n                    <\/div>\r\n                <\/div>\r\n            <\/div>\r\n        <\/a>\r\n\r\n        \r\n        <a href=\"https:\/\/talkpal.ai\/vocabulary_language\/greek\/\">\r\n            <div class=\"learnNavigationWrapper\">\r\n                <div class=\"learnNavigationContent\">\r\n                    <img decoding=\"async\" src=\"https:\/\/talkpal.ai\/wp-content\/uploads\/2024\/08\/Greek.jpg\" alt=\"Greek Flag\">\r\n                    <div>\r\n                        <h4>S\u0142ownictwo greckie<\/h4>\r\n                        <p>Poszerz swoje greckie s\u0142ownictwo.<\/p>\r\n                    <\/div>\r\n                <\/div>\r\n            <\/div>\r\n        <\/a>\r\n\r\n            <\/section>","protected":false},"excerpt":{"rendered":"<p>Demistyfikacja gramatyki greckiej: kompleksowy przewodnik Greka, elegancki i staro\u017cytny j\u0119zyk, zajmuje szczeg\u00f3lne miejsce w historii j\u0119zykoznawstwa i pozostaje wp\u0142ywowa do dzi\u015b. Dzi\u0119ki solidnym podstawom gramatyki greckiej uzyskasz dost\u0119p do bogactwa zasob\u00f3w kulturowych i historycznych, jednocze\u015bnie odblokowuj\u0105c kolejn\u0105 warstw\u0119 znaczeniow\u0105 w angielskim s\u0142ownictwie. Wbrew powszechnemu przekonaniu, gramatyka grecka nie jest tak onie\u015bmielaj\u0105ca, jak mog\u0142oby si\u0119 pocz\u0105tkowo [&hellip;]<\/p>\n","protected":false},"author":1,"featured_media":112674,"parent":0,"menu_order":0,"comment_status":"closed","ping_status":"closed","template":"LearningContentPage.php","meta":{"_acf_changed":false,"footnotes":""},"class_list":["post-143127","page","type-page","status-publish","has-post-thumbnail","hentry"],"acf":[],"yoast_head":"<!-- This site is optimized with the Yoast SEO Premium plugin v27.2 (Yoast SEO v27.2) - https:\/\/yoast.com\/product\/yoast-seo-premium-wordpress\/ -->\n<title>Gramatyka grecka - Talkpal<\/title>\n<meta name=\"description\" content=\"Opanuj gramatyk\u0119 greck\u0105 - poznaj wa\u017cne zasady, \u0107wicz tworzenie zda\u0144 i szybko wzmocnij swoje umiej\u0119tno\u015bci dzi\u0119ki Talkpal AI.\" \/>\n<meta name=\"robots\" content=\"index, follow, max-snippet:-1, max-image-preview:large, max-video-preview:-1\" \/>\n<link rel=\"canonical\" href=\"https:\/\/talkpal.ai\/pl\/gramatyka-grecka\/\" \/>\n<meta property=\"og:locale\" content=\"pl_PL\" \/>\n<meta property=\"og:type\" content=\"article\" \/>\n<meta property=\"og:title\" content=\"Gramatyka grecka\" \/>\n<meta property=\"og:description\" content=\"Demistyfikacja gramatyki greckiej: kompleksowy przewodnik Greka, elegancki i staro\u017cytny j\u0119zyk, zajmuje szczeg\u00f3lne miejsce w historii j\u0119zykoznawstwa i\" \/>\n<meta property=\"og:url\" content=\"https:\/\/talkpal.ai\/pl\/gramatyka-grecka\/\" \/>\n<meta property=\"og:site_name\" content=\"Talkpal\" \/>\n<meta property=\"article:publisher\" content=\"https:\/\/www.facebook.com\/profile.php?id=100090733639311\" \/>\n<meta property=\"article:modified_time\" content=\"2025-12-13T15:13:39+00:00\" \/>\n<meta property=\"og:image\" content=\"https:\/\/talkpal.ai\/wp-content\/uploads\/2023\/05\/greece.png\" \/>\n\t<meta property=\"og:image:width\" content=\"512\" \/>\n\t<meta property=\"og:image:height\" content=\"512\" \/>\n\t<meta property=\"og:image:type\" content=\"image\/png\" \/>\n<meta name=\"twitter:card\" content=\"summary_large_image\" \/>\n<meta name=\"twitter:site\" content=\"@talkpalai\" \/>\n<meta name=\"twitter:label1\" content=\"Szacowany czas czytania\" \/>\n\t<meta name=\"twitter:data1\" content=\"3 minuty\" \/>\n<script type=\"application\/ld+json\" class=\"yoast-schema-graph\">{\"@context\":\"https:\/\/schema.org\",\"@graph\":[{\"@type\":\"WebPage\",\"@id\":\"https:\/\/talkpal.ai\/pl\/gramatyka-grecka\/\",\"url\":\"https:\/\/talkpal.ai\/pl\/gramatyka-grecka\/\",\"name\":\"Gramatyka grecka - Talkpal\",\"isPartOf\":{\"@id\":\"https:\/\/talkpal.ai\/pl\/#website\"},\"primaryImageOfPage\":{\"@id\":\"https:\/\/talkpal.ai\/pl\/gramatyka-grecka\/#primaryimage\"},\"image\":{\"@id\":\"https:\/\/talkpal.ai\/pl\/gramatyka-grecka\/#primaryimage\"},\"thumbnailUrl\":\"https:\/\/talkpal.ai\/wp-content\/uploads\/2023\/05\/greece.png\",\"datePublished\":\"2023-05-14T14:02:30+00:00\",\"dateModified\":\"2025-12-13T15:13:39+00:00\",\"description\":\"Opanuj gramatyk\u0119 greck\u0105 - poznaj wa\u017cne zasady, \u0107wicz tworzenie zda\u0144 i szybko wzmocnij swoje umiej\u0119tno\u015bci dzi\u0119ki Talkpal AI.\",\"breadcrumb\":{\"@id\":\"https:\/\/talkpal.ai\/pl\/gramatyka-grecka\/#breadcrumb\"},\"inLanguage\":\"pl-PL\",\"potentialAction\":[{\"@type\":\"ReadAction\",\"target\":[\"https:\/\/talkpal.ai\/pl\/gramatyka-grecka\/\"]}]},{\"@type\":\"ImageObject\",\"inLanguage\":\"pl-PL\",\"@id\":\"https:\/\/talkpal.ai\/pl\/gramatyka-grecka\/#primaryimage\",\"url\":\"https:\/\/talkpal.ai\/wp-content\/uploads\/2023\/05\/greece.png\",\"contentUrl\":\"https:\/\/talkpal.ai\/wp-content\/uploads\/2023\/05\/greece.png\",\"width\":512,\"height\":512},{\"@type\":\"BreadcrumbList\",\"@id\":\"https:\/\/talkpal.ai\/pl\/gramatyka-grecka\/#breadcrumb\",\"itemListElement\":[{\"@type\":\"ListItem\",\"position\":1,\"name\":\"Homepage\",\"item\":\"https:\/\/talkpal.ai\/pl\/\"},{\"@type\":\"ListItem\",\"position\":2,\"name\":\"Gramatyka grecka\"}]},{\"@type\":\"WebSite\",\"@id\":\"https:\/\/talkpal.ai\/pl\/#website\",\"url\":\"https:\/\/talkpal.ai\/pl\/\",\"name\":\"Talkpal\",\"description\":\"AI Language Learning\",\"publisher\":{\"@id\":\"https:\/\/talkpal.ai\/pl\/#organization\"},\"alternateName\":\"Talkpal AI\",\"potentialAction\":[{\"@type\":\"SearchAction\",\"target\":{\"@type\":\"EntryPoint\",\"urlTemplate\":\"https:\/\/talkpal.ai\/pl\/?s={search_term_string}\"},\"query-input\":{\"@type\":\"PropertyValueSpecification\",\"valueRequired\":true,\"valueName\":\"search_term_string\"}}],\"inLanguage\":\"pl-PL\"},{\"@type\":\"Organization\",\"@id\":\"https:\/\/talkpal.ai\/pl\/#organization\",\"name\":\"Talkpal, Inc.\",\"alternateName\":\"Talkpal AI\",\"url\":\"https:\/\/talkpal.ai\/pl\/\",\"logo\":{\"@type\":\"ImageObject\",\"inLanguage\":\"pl-PL\",\"@id\":\"https:\/\/talkpal.ai\/pl\/#\/schema\/logo\/image\/\",\"url\":\"https:\/\/talkpal.ai\/wp-content\/uploads\/2024\/03\/Talkpal-Logo-Icon.png\",\"contentUrl\":\"https:\/\/talkpal.ai\/wp-content\/uploads\/2024\/03\/Talkpal-Logo-Icon.png\",\"width\":2880,\"height\":2880,\"caption\":\"Talkpal, Inc.\"},\"image\":{\"@id\":\"https:\/\/talkpal.ai\/pl\/#\/schema\/logo\/image\/\"},\"sameAs\":[\"https:\/\/www.facebook.com\/profile.php?id=100090733639311\",\"https:\/\/x.com\/talkpalai\",\"https:\/\/www.linkedin.com\/company\/talkpal\/\",\"https:\/\/www.youtube.com\/@TalkPal\/\",\"https:\/\/www.tiktok.com\/@talkpal\",\"https:\/\/www.instagram.com\/talkpal_ai\/\",\"https:\/\/www.crunchbase.com\/organization\/talkpal-9cde\",\"https:\/\/www.g2.com\/products\/talkpal-for-business\/\",\"https:\/\/www.trustpilot.com\/review\/talkpal.ai\",\"https:\/\/www.capterra.com\/p\/10006800\/TalkPal\/\"],\"description\":\"Talkpal is a language learning web and mobile education app, powered by the latest AI technologies, that provides engaging experiences to its customers in many different languages to help them improve their language skills. Users can chat about unlimited amount of topics with the app and use other modes to practice their language learning.\",\"email\":\"support@talkpal.ai\",\"legalName\":\"Talkpal, Inc.\",\"foundingDate\":\"2023-04-03\",\"duns\":\"118989042\",\"numberOfEmployees\":{\"@type\":\"QuantitativeValue\",\"minValue\":\"11\",\"maxValue\":\"50\"},\"publishingPrinciples\":\"https:\/\/talkpal.ai\/publishing-principles\/\",\"actionableFeedbackPolicy\":\"https:\/\/talkpal.ai\/actionable-feedback-policy\/\",\"correctionsPolicy\":\"https:\/\/talkpal.ai\/corrections-policy\/\",\"ethicsPolicy\":\"https:\/\/talkpal.ai\/ethics-policy\/\",\"diversityPolicy\":\"https:\/\/talkpal.ai\/diversity-policy\/\",\"diversityStaffingReport\":\"https:\/\/talkpal.ai\/diversity-policy\/\"}]}<\/script>\n<!-- \/ Yoast SEO Premium plugin. -->","yoast_head_json":{"title":"Gramatyka grecka - Talkpal","description":"Opanuj gramatyk\u0119 greck\u0105 - poznaj wa\u017cne zasady, \u0107wicz tworzenie zda\u0144 i szybko wzmocnij swoje umiej\u0119tno\u015bci dzi\u0119ki Talkpal AI.","robots":{"index":"index","follow":"follow","max-snippet":"max-snippet:-1","max-image-preview":"max-image-preview:large","max-video-preview":"max-video-preview:-1"},"canonical":"https:\/\/talkpal.ai\/pl\/gramatyka-grecka\/","og_locale":"pl_PL","og_type":"article","og_title":"Gramatyka grecka","og_description":"Demistyfikacja gramatyki greckiej: kompleksowy przewodnik Greka, elegancki i staro\u017cytny j\u0119zyk, zajmuje szczeg\u00f3lne miejsce w historii j\u0119zykoznawstwa i","og_url":"https:\/\/talkpal.ai\/pl\/gramatyka-grecka\/","og_site_name":"Talkpal","article_publisher":"https:\/\/www.facebook.com\/profile.php?id=100090733639311","article_modified_time":"2025-12-13T15:13:39+00:00","og_image":[{"width":512,"height":512,"url":"https:\/\/talkpal.ai\/wp-content\/uploads\/2023\/05\/greece.png","type":"image\/png"}],"twitter_card":"summary_large_image","twitter_site":"@talkpalai","twitter_misc":{"Szacowany czas czytania":"3 minuty"},"schema":{"@context":"https:\/\/schema.org","@graph":[{"@type":"WebPage","@id":"https:\/\/talkpal.ai\/pl\/gramatyka-grecka\/","url":"https:\/\/talkpal.ai\/pl\/gramatyka-grecka\/","name":"Gramatyka grecka - Talkpal","isPartOf":{"@id":"https:\/\/talkpal.ai\/pl\/#website"},"primaryImageOfPage":{"@id":"https:\/\/talkpal.ai\/pl\/gramatyka-grecka\/#primaryimage"},"image":{"@id":"https:\/\/talkpal.ai\/pl\/gramatyka-grecka\/#primaryimage"},"thumbnailUrl":"https:\/\/talkpal.ai\/wp-content\/uploads\/2023\/05\/greece.png","datePublished":"2023-05-14T14:02:30+00:00","dateModified":"2025-12-13T15:13:39+00:00","description":"Opanuj gramatyk\u0119 greck\u0105 - poznaj wa\u017cne zasady, \u0107wicz tworzenie zda\u0144 i szybko wzmocnij swoje umiej\u0119tno\u015bci dzi\u0119ki Talkpal AI.","breadcrumb":{"@id":"https:\/\/talkpal.ai\/pl\/gramatyka-grecka\/#breadcrumb"},"inLanguage":"pl-PL","potentialAction":[{"@type":"ReadAction","target":["https:\/\/talkpal.ai\/pl\/gramatyka-grecka\/"]}]},{"@type":"ImageObject","inLanguage":"pl-PL","@id":"https:\/\/talkpal.ai\/pl\/gramatyka-grecka\/#primaryimage","url":"https:\/\/talkpal.ai\/wp-content\/uploads\/2023\/05\/greece.png","contentUrl":"https:\/\/talkpal.ai\/wp-content\/uploads\/2023\/05\/greece.png","width":512,"height":512},{"@type":"BreadcrumbList","@id":"https:\/\/talkpal.ai\/pl\/gramatyka-grecka\/#breadcrumb","itemListElement":[{"@type":"ListItem","position":1,"name":"Homepage","item":"https:\/\/talkpal.ai\/pl\/"},{"@type":"ListItem","position":2,"name":"Gramatyka grecka"}]},{"@type":"WebSite","@id":"https:\/\/talkpal.ai\/pl\/#website","url":"https:\/\/talkpal.ai\/pl\/","name":"Talkpal","description":"AI Language Learning","publisher":{"@id":"https:\/\/talkpal.ai\/pl\/#organization"},"alternateName":"Talkpal AI","potentialAction":[{"@type":"SearchAction","target":{"@type":"EntryPoint","urlTemplate":"https:\/\/talkpal.ai\/pl\/?s={search_term_string}"},"query-input":{"@type":"PropertyValueSpecification","valueRequired":true,"valueName":"search_term_string"}}],"inLanguage":"pl-PL"},{"@type":"Organization","@id":"https:\/\/talkpal.ai\/pl\/#organization","name":"Talkpal, Inc.","alternateName":"Talkpal AI","url":"https:\/\/talkpal.ai\/pl\/","logo":{"@type":"ImageObject","inLanguage":"pl-PL","@id":"https:\/\/talkpal.ai\/pl\/#\/schema\/logo\/image\/","url":"https:\/\/talkpal.ai\/wp-content\/uploads\/2024\/03\/Talkpal-Logo-Icon.png","contentUrl":"https:\/\/talkpal.ai\/wp-content\/uploads\/2024\/03\/Talkpal-Logo-Icon.png","width":2880,"height":2880,"caption":"Talkpal, Inc."},"image":{"@id":"https:\/\/talkpal.ai\/pl\/#\/schema\/logo\/image\/"},"sameAs":["https:\/\/www.facebook.com\/profile.php?id=100090733639311","https:\/\/x.com\/talkpalai","https:\/\/www.linkedin.com\/company\/talkpal\/","https:\/\/www.youtube.com\/@TalkPal\/","https:\/\/www.tiktok.com\/@talkpal","https:\/\/www.instagram.com\/talkpal_ai\/","https:\/\/www.crunchbase.com\/organization\/talkpal-9cde","https:\/\/www.g2.com\/products\/talkpal-for-business\/","https:\/\/www.trustpilot.com\/review\/talkpal.ai","https:\/\/www.capterra.com\/p\/10006800\/TalkPal\/"],"description":"Talkpal is a language learning web and mobile education app, powered by the latest AI technologies, that provides engaging experiences to its customers in many different languages to help them improve their language skills. Users can chat about unlimited amount of topics with the app and use other modes to practice their language learning.","email":"support@talkpal.ai","legalName":"Talkpal, Inc.","foundingDate":"2023-04-03","duns":"118989042","numberOfEmployees":{"@type":"QuantitativeValue","minValue":"11","maxValue":"50"},"publishingPrinciples":"https:\/\/talkpal.ai\/publishing-principles\/","actionableFeedbackPolicy":"https:\/\/talkpal.ai\/actionable-feedback-policy\/","correctionsPolicy":"https:\/\/talkpal.ai\/corrections-policy\/","ethicsPolicy":"https:\/\/talkpal.ai\/ethics-policy\/","diversityPolicy":"https:\/\/talkpal.ai\/diversity-policy\/","diversityStaffingReport":"https:\/\/talkpal.ai\/diversity-policy\/"}]}},"_links":{"self":[{"href":"https:\/\/talkpal.ai\/pl\/wp-json\/wp\/v2\/pages\/143127","targetHints":{"allow":["GET"]}}],"collection":[{"href":"https:\/\/talkpal.ai\/pl\/wp-json\/wp\/v2\/pages"}],"about":[{"href":"https:\/\/talkpal.ai\/pl\/wp-json\/wp\/v2\/types\/page"}],"author":[{"embeddable":true,"href":"https:\/\/talkpal.ai\/pl\/wp-json\/wp\/v2\/users\/1"}],"replies":[{"embeddable":true,"href":"https:\/\/talkpal.ai\/pl\/wp-json\/wp\/v2\/comments?post=143127"}],"version-history":[{"count":0,"href":"https:\/\/talkpal.ai\/pl\/wp-json\/wp\/v2\/pages\/143127\/revisions"}],"wp:featuredmedia":[{"embeddable":true,"href":"https:\/\/talkpal.ai\/pl\/wp-json\/wp\/v2\/media\/112674"}],"wp:attachment":[{"href":"https:\/\/talkpal.ai\/pl\/wp-json\/wp\/v2\/media?parent=143127"}],"curies":[{"name":"wp","href":"https:\/\/api.w.org\/{rel}","templated":true}]}}