{"id":142799,"date":"2023-05-14T14:01:53","date_gmt":"2023-05-14T14:01:53","guid":{"rendered":"http:\/\/talkpal.ai\/gramatyka-estonska\/"},"modified":"2025-12-13T15:19:50","modified_gmt":"2025-12-13T15:19:50","slug":"gramatyka-estonska","status":"publish","type":"page","link":"https:\/\/talkpal.ai\/pl\/gramatyka-estonska\/","title":{"rendered":"Gramatyka esto\u0144ska"},"content":{"rendered":"\r\n\r\n\r\n<section class=\"languageChallengeSection\">\r\n    <div class=\"languageInfoWrapper\">\r\n        \r\n        <h1>Gramatyka esto\u0144ska<\/h1>\r\n        <p>My\u015blisz o nauce esto\u0144skiego? Wkrocz do \u015bwiata esto\u0144skiej gramatyki, w kt\u00f3rym aglutynacja, harmonia samog\u0142osek i szeroki zakres przypadk\u00f3w rzeczownik\u00f3w tworz\u0105 naprawd\u0119 charakterystyczne do\u015bwiadczenie j\u0119zykowe. Zacznij odkrywa\u0107 ju\u017c dzi\u015b &#8211; opanowanie esto\u0144skiej gramatyki nie tylko zwi\u0119kszy Twoj\u0105 p\u0142ynno\u015b\u0107, ale tak\u017ce po\u0142\u0105czy Ci\u0119 z bogat\u0105 kultur\u0105 i histori\u0105 Estonii!<\/p>\r\n\r\n                            <a class=\"getStartedHidden\" href=\"https:\/\/app.talkpal.ai\/pl\/signup?lng=\">Zaczynaj<\/a>\r\n        \r\n    <\/div>\r\n\r\n    <figure>\r\n    <img decoding=\"async\" width=\"768\" height=\"768\" src=\"https:\/\/talkpal.ai\/wp-content\/uploads\/2023\/06\/Estonian-768x768.png\" class=\"languageImage no-lazy\" alt=\"Secret tricks of language learning\" fetchpriority=\"high\" sizes=\"(max-width: 768px) 150px, 768px\" srcset=\"https:\/\/talkpal.ai\/wp-content\/uploads\/2023\/06\/Estonian-768x768.png 768w, https:\/\/talkpal.ai\/wp-content\/uploads\/2023\/06\/Estonian-300x300.png 300w\" \/>\r\n    \r\n\r\n    <\/figure>\r\n\r\n            <a class=\"getStartedVisible\" href=\"https:\/\/app.talkpal.ai\/pl\/signup?lng=\">Zaczynaj<\/a>\r\n    \r\n<\/section>\r\n<section class=\"promotionalBanner\">\r\n    <p class=\"promotionalText\">Najbardziej efektywny spos\u00f3b nauki j\u0119zyka<\/p>\r\n    <a class=\"promotionalLink\" href=\"https:\/\/app.talkpal.ai\/pl\/signup?lng=\">Wypr\u00f3buj Talkpal za darmo<\/a>\r\n<\/section>\n<div class=\"wp-block-group pageContainerStyle\"><div class=\"wp-block-group__inner-container is-layout-constrained wp-block-group-is-layout-constrained\">\n<h2 class=\"wp-block-heading\" id=\"h-estonian-grammar-the-gateway-to-a-unique-language-journey\">Gramatyka esto\u0144ska: brama do wyj\u0105tkowej podr\u00f3\u017cy j\u0119zykowej<\/h2>\n\n\n\n<p>Witamy w fascynuj\u0105cym <a href=\"https:\/\/talkpal.ai\/locations\/language-courses-in-swiecie\/\">\u015bwiecie<\/a> j\u0119zyka esto\u0144skiego! Z ponad milionem rodzimych u\u017cytkownik\u00f3w j\u0119zyka esto\u0144skiego, oferuje wyj\u0105tkow\u0105 okazj\u0119 do poszerzenia horyzont\u00f3w j\u0119zykowych i odkrycia t\u0119tni\u0105cej \u017cyciem kultury. Podczas gdy zawi\u0142o\u015bci esto\u0144skiej gramatyki mog\u0105 wydawa\u0107 si\u0119 zniech\u0119caj\u0105ce na pierwszy rzut oka, ten przyjazny przewodnik dla pocz\u0105tkuj\u0105cych jest tutaj, aby prze\u0142ama\u0107 podstawy esto\u0144skiej gramatyki w prosty i wci\u0105gaj\u0105cy spos\u00f3b.<\/p>\n\n\n\n<h3 class=\"wp-block-heading\" id=\"h-1-embracing-the-estonian-alphabet\">1. Przyj\u0119cie alfabetu esto\u0144skiego<\/h3>\n\n\n\n<p>Droga do opanowania esto\u0144skiego zaczyna si\u0119 od jego alfabetu. W j\u0119zyku esto\u0144skim u\u017cywa si\u0119 alfabetu \u0142aci\u0144skiego, uzupe\u0142nionego dziewi\u0119cioma znakami specjalnymi: \u00c4, \u00d6, \u00dc, \u00d5, \u0160, \u017d i ich ma\u0142ymi literami. Zapoznanie si\u0119 z tymi postaciami stworzy solidn\u0105 podstaw\u0119 do nauki j\u0119zyka esto\u0144skiego.<\/p>\n\n\n\n<h3 class=\"wp-block-heading\" id=\"h-2-getting-a-grip-on-estonian-nouns\">2. Opanowanie esto\u0144skich rzeczownik\u00f3w<\/h3>\n\n\n\n<p>W przeciwie\u0144stwie do wielu j\u0119zyk\u00f3w europejskich, <a href=\"https:\/\/talkpal.ai\/learn-estonian\/\">esto\u0144ski<\/a> nie rozr\u00f3\u017cnia rodzaju m\u0119skiego i \u017ce\u0144skiego. Rzeczowniki s\u0105 zamiast tego klasyfikowane jako pojedyncze lub mnogie, a ka\u017cdy rzeczownik ma 14 przypadk\u00f3w. Chocia\u017c mo\u017ce si\u0119 to wydawa\u0107 przyt\u0142aczaj\u0105ce, wa\u017cne jest, aby zrozumie\u0107, \u017ce struktura morfologiczna rzeczownik\u00f3w jest do\u015b\u0107 regularna, co u\u0142atwia nauk\u0119. Na pocz\u0105tek skup si\u0119 na opanowaniu najcz\u0119stszych przypadk\u00f3w: mianownika, dope\u0142niacza i cz\u0119\u015bciowo\u015bci.<\/p>\n\n\n\n<h3 class=\"wp-block-heading\" id=\"h-3-conquering-estonian-verb-conjugation\">3. Podb\u00f3j esto\u0144skiej koniugacji czasownik\u00f3w<\/h3>\n\n\n\n<p>Esto\u0144skie czasowniki odmieniaj\u0105 si\u0119 na podstawie czasu, osoby i liczby. Istniej\u0105 tylko trzy czasy: tera\u017aniejszy, przesz\u0142y (zakodowany przez imies\u0142\u00f3w czasu przesz\u0142ego) i przysz\u0142y (wyra\u017cony przez form\u0119 czasownika w czasie tera\u017aniejszym, w po\u0142\u0105czeniu z czasem przysz\u0142ym).<\/p>\n\n\n\n<p>Na przyk\u0142ad, oto koniugacje dla czasownika &#8222;lugema&#8221; (czyta\u0107):<\/p>\n\n\n\n<p><strong>&#8211; Obecny: Ma loen (czytam)<\/strong><\/p>\n\n\n\n<p><strong>&#8211; Przesz\u0142o\u015b\u0107: Ma lugesin (czytam\/czyta\u0142em)<\/strong><\/p>\n\n\n\n<p><strong>&#8211; Przysz\u0142o\u015b\u0107: Ma loen raamatuid (b\u0119d\u0119 czyta\u0107 ksi\u0105\u017cki)<\/strong><\/p>\n\n\n\n<h3 class=\"wp-block-heading\" id=\"h-4-unraveling-the-mystery-of-estonian-pronouns\">4. Rozwik\u0142anie tajemnicy esto\u0144skich zaimk\u00f3w<\/h3>\n\n\n\n<p>Zaimki w j\u0119zyku esto\u0144skim zast\u0119puj\u0105 rzeczowniki i sprawiaj\u0105, \u017ce mowa jest p\u0142ynniejsza i bardziej dynamiczna. Skoncentruj si\u0119 na nauce zaimk\u00f3w osobowych i dzier\u017cawczych:<\/p>\n\n\n\n<p><strong>&#8211; Zaimki osobowe: mina (ja), sina (ty, nieformalne), tema (on\/ona), meie (my), teie (wy, liczba mnoga\/formalne), nemad (oni).<\/strong><\/p>\n\n\n\n<p><strong>&#8211; Zaimki dzier\u017cawcze: minu (m\u00f3j), sinu (tw\u00f3j, nieformalny), tema (jego\/jej), meie (nasz), teie (tw\u00f3j, liczba mnoga\/formalny), nende (ich).<\/strong><\/p>\n\n\n\n<h3 class=\"wp-block-heading\" id=\"h-5-no-articles-no-problem\">5. Nie ma artyku\u0142\u00f3w, nie ma problemu!<\/h3>\n\n\n\n<p>W j\u0119zyku esto\u0144skim nie u\u017cywa si\u0119 rodzajnik\u00f3w okre\u015blonych ani nieokre\u015blonych, co pozwala odetchn\u0105\u0107 z ulg\u0105. Na przyk\u0142ad:<\/p>\n\n\n\n<p><strong>&#8211; Koer &#8211; &#8222;pies&#8221; lub &#8222;pies&#8221;<\/strong><\/p>\n\n\n\n<p><strong>&#8211; Maja &#8211; &#8222;dom&#8221; lub &#8222;dom&#8221;<\/strong><\/p>\n\n\n\n<p>Opanowanie gramatyki esto\u0144skiej to ekscytuj\u0105cy i wzbogacaj\u0105cy proces, kt\u00f3ry otwiera drzwi do bogatego do\u015bwiadczenia kulturowego. Pami\u0119taj, \u017ce praktyka jest kluczowa, wi\u0119c zanurz si\u0119 w gramatyce esto\u0144skiej, nawi\u0105\u017c <a href=\"https:\/\/talkpal.ai\/contact\/\">kontakt<\/a> z native speakerami i zbuduj solidne podstawy swojej podr\u00f3\u017cy j\u0119zykowej. Edu! (<a href=\"https:\/\/talkpal.ai\/culture\/how-do-you-say-good-luck-in-polish\/\">Powodzenia<\/a>!)<\/p>\n<\/div><\/div>\n\r\n<section class=\"learnNavigationSection\">\r\n            \r\n        <a href=\"https:\/\/talkpal.ai\/pl\/naucz-sie-estonskiego\/\">\r\n            <div class=\"learnNavigationWrapper\">\r\n                <div class=\"learnNavigationContent\">\r\n                    <img decoding=\"async\" src=\"https:\/\/talkpal.ai\/wp-content\/uploads\/2024\/08\/Estonian.jpg\" alt=\"Estonian Flag\">\r\n                    <div>\r\n                        <h4>O nauce j\u0119zyka esto\u0144skiego<\/h4>\r\n                        <p>Dowiedz si\u0119 wszystkiego o gramatyce esto\u0144skiej .<\/p>\r\n                    <\/div>\r\n                <\/div>\r\n            <\/div>\r\n        <\/a>\r\n\r\n        \r\n        <a href=\"https:\/\/talkpal.ai\/pl\/cwiczenia-gramatyczne-z-jezyka-estonskiego\/\">\r\n            <div class=\"learnNavigationWrapper\">\r\n                <div class=\"learnNavigationContent\">\r\n                    <img decoding=\"async\" src=\"https:\/\/talkpal.ai\/wp-content\/uploads\/2024\/08\/Estonian.jpg\" alt=\"Estonian Flag\">\r\n                    <div>\r\n                        <h4>Esto\u0144skie \u0107wiczenie gramatyczne<\/h4>\r\n                        <p>\u0106wicz gramatyk\u0119 esto\u0144sk\u0105 .<\/p>\r\n                    <\/div>\r\n                <\/div>\r\n            <\/div>\r\n        <\/a>\r\n\r\n        \r\n        <a href=\"https:\/\/talkpal.ai\/vocabulary_language\/estonian\/\">\r\n            <div class=\"learnNavigationWrapper\">\r\n                <div class=\"learnNavigationContent\">\r\n                    <img decoding=\"async\" src=\"https:\/\/talkpal.ai\/wp-content\/uploads\/2024\/08\/Estonian.jpg\" alt=\"Estonian Flag\">\r\n                    <div>\r\n                        <h4>Esto\u0144skie s\u0142ownictwo<\/h4>\r\n                        <p>Poszerz swoje esto\u0144skie s\u0142ownictwo.<\/p>\r\n                    <\/div>\r\n                <\/div>\r\n            <\/div>\r\n        <\/a>\r\n\r\n            <\/section>","protected":false},"excerpt":{"rendered":"<p>Gramatyka esto\u0144ska: brama do wyj\u0105tkowej podr\u00f3\u017cy j\u0119zykowej Witamy w fascynuj\u0105cym \u015bwiecie j\u0119zyka esto\u0144skiego! Z ponad milionem rodzimych u\u017cytkownik\u00f3w j\u0119zyka esto\u0144skiego, oferuje wyj\u0105tkow\u0105 okazj\u0119 do poszerzenia horyzont\u00f3w j\u0119zykowych i odkrycia t\u0119tni\u0105cej \u017cyciem kultury. Podczas gdy zawi\u0142o\u015bci esto\u0144skiej gramatyki mog\u0105 wydawa\u0107 si\u0119 zniech\u0119caj\u0105ce na pierwszy rzut oka, ten przyjazny przewodnik dla pocz\u0105tkuj\u0105cych jest tutaj, aby prze\u0142ama\u0107 podstawy [&hellip;]<\/p>\n","protected":false},"author":1,"featured_media":112432,"parent":0,"menu_order":0,"comment_status":"closed","ping_status":"closed","template":"LearningContentPage.php","meta":{"_acf_changed":false,"footnotes":""},"class_list":["post-142799","page","type-page","status-publish","has-post-thumbnail","hentry"],"acf":[],"yoast_head":"<!-- This site is optimized with the Yoast SEO Premium plugin v27.2 (Yoast SEO v27.2) - https:\/\/yoast.com\/product\/yoast-seo-premium-wordpress\/ -->\n<title>Gramatyka esto\u0144ska - Talkpal<\/title>\n<meta name=\"description\" content=\"Poznaj podstawowe poj\u0119cia gramatyki esto\u0144skiej, w tym przypadki, czasowniki, struktur\u0119 zda\u0144, wymow\u0119 i wskaz\u00f3wki.\" \/>\n<meta name=\"robots\" content=\"index, follow, max-snippet:-1, max-image-preview:large, max-video-preview:-1\" \/>\n<link rel=\"canonical\" href=\"https:\/\/talkpal.ai\/pl\/gramatyka-estonska\/\" \/>\n<meta property=\"og:locale\" content=\"pl_PL\" \/>\n<meta property=\"og:type\" content=\"article\" \/>\n<meta property=\"og:title\" content=\"Gramatyka esto\u0144ska\" \/>\n<meta property=\"og:description\" content=\"Gramatyka esto\u0144ska: brama do wyj\u0105tkowej podr\u00f3\u017cy j\u0119zykowej Witamy w fascynuj\u0105cym \u015bwiecie j\u0119zyka esto\u0144skiego! Z ponad milionem rodzimych u\u017cytkownik\u00f3w j\u0119zyka\" \/>\n<meta property=\"og:url\" content=\"https:\/\/talkpal.ai\/pl\/gramatyka-estonska\/\" \/>\n<meta property=\"og:site_name\" content=\"Talkpal\" \/>\n<meta property=\"article:publisher\" content=\"https:\/\/www.facebook.com\/profile.php?id=100090733639311\" \/>\n<meta property=\"article:modified_time\" content=\"2025-12-13T15:19:50+00:00\" \/>\n<meta property=\"og:image\" content=\"https:\/\/talkpal.ai\/wp-content\/uploads\/2023\/05\/estonia.png\" \/>\n\t<meta property=\"og:image:width\" content=\"512\" \/>\n\t<meta property=\"og:image:height\" content=\"512\" \/>\n\t<meta property=\"og:image:type\" content=\"image\/png\" \/>\n<meta name=\"twitter:card\" content=\"summary_large_image\" \/>\n<meta name=\"twitter:site\" content=\"@talkpalai\" \/>\n<meta name=\"twitter:label1\" content=\"Szacowany czas czytania\" \/>\n\t<meta name=\"twitter:data1\" content=\"2 minuty\" \/>\n<script type=\"application\/ld+json\" class=\"yoast-schema-graph\">{\"@context\":\"https:\/\/schema.org\",\"@graph\":[{\"@type\":\"WebPage\",\"@id\":\"https:\/\/talkpal.ai\/pl\/gramatyka-estonska\/\",\"url\":\"https:\/\/talkpal.ai\/pl\/gramatyka-estonska\/\",\"name\":\"Gramatyka esto\u0144ska - Talkpal\",\"isPartOf\":{\"@id\":\"https:\/\/talkpal.ai\/pl\/#website\"},\"primaryImageOfPage\":{\"@id\":\"https:\/\/talkpal.ai\/pl\/gramatyka-estonska\/#primaryimage\"},\"image\":{\"@id\":\"https:\/\/talkpal.ai\/pl\/gramatyka-estonska\/#primaryimage\"},\"thumbnailUrl\":\"https:\/\/talkpal.ai\/wp-content\/uploads\/2023\/05\/estonia.png\",\"datePublished\":\"2023-05-14T14:01:53+00:00\",\"dateModified\":\"2025-12-13T15:19:50+00:00\",\"description\":\"Poznaj podstawowe poj\u0119cia gramatyki esto\u0144skiej, w tym przypadki, czasowniki, struktur\u0119 zda\u0144, wymow\u0119 i wskaz\u00f3wki.\",\"breadcrumb\":{\"@id\":\"https:\/\/talkpal.ai\/pl\/gramatyka-estonska\/#breadcrumb\"},\"inLanguage\":\"pl-PL\",\"potentialAction\":[{\"@type\":\"ReadAction\",\"target\":[\"https:\/\/talkpal.ai\/pl\/gramatyka-estonska\/\"]}]},{\"@type\":\"ImageObject\",\"inLanguage\":\"pl-PL\",\"@id\":\"https:\/\/talkpal.ai\/pl\/gramatyka-estonska\/#primaryimage\",\"url\":\"https:\/\/talkpal.ai\/wp-content\/uploads\/2023\/05\/estonia.png\",\"contentUrl\":\"https:\/\/talkpal.ai\/wp-content\/uploads\/2023\/05\/estonia.png\",\"width\":512,\"height\":512},{\"@type\":\"BreadcrumbList\",\"@id\":\"https:\/\/talkpal.ai\/pl\/gramatyka-estonska\/#breadcrumb\",\"itemListElement\":[{\"@type\":\"ListItem\",\"position\":1,\"name\":\"Homepage\",\"item\":\"https:\/\/talkpal.ai\/pl\/\"},{\"@type\":\"ListItem\",\"position\":2,\"name\":\"Gramatyka esto\u0144ska\"}]},{\"@type\":\"WebSite\",\"@id\":\"https:\/\/talkpal.ai\/pl\/#website\",\"url\":\"https:\/\/talkpal.ai\/pl\/\",\"name\":\"Talkpal\",\"description\":\"AI Language Learning\",\"publisher\":{\"@id\":\"https:\/\/talkpal.ai\/pl\/#organization\"},\"alternateName\":\"Talkpal AI\",\"potentialAction\":[{\"@type\":\"SearchAction\",\"target\":{\"@type\":\"EntryPoint\",\"urlTemplate\":\"https:\/\/talkpal.ai\/pl\/?s={search_term_string}\"},\"query-input\":{\"@type\":\"PropertyValueSpecification\",\"valueRequired\":true,\"valueName\":\"search_term_string\"}}],\"inLanguage\":\"pl-PL\"},{\"@type\":\"Organization\",\"@id\":\"https:\/\/talkpal.ai\/pl\/#organization\",\"name\":\"Talkpal, Inc.\",\"alternateName\":\"Talkpal AI\",\"url\":\"https:\/\/talkpal.ai\/pl\/\",\"logo\":{\"@type\":\"ImageObject\",\"inLanguage\":\"pl-PL\",\"@id\":\"https:\/\/talkpal.ai\/pl\/#\/schema\/logo\/image\/\",\"url\":\"https:\/\/talkpal.ai\/wp-content\/uploads\/2024\/03\/Talkpal-Logo-Icon.png\",\"contentUrl\":\"https:\/\/talkpal.ai\/wp-content\/uploads\/2024\/03\/Talkpal-Logo-Icon.png\",\"width\":2880,\"height\":2880,\"caption\":\"Talkpal, Inc.\"},\"image\":{\"@id\":\"https:\/\/talkpal.ai\/pl\/#\/schema\/logo\/image\/\"},\"sameAs\":[\"https:\/\/www.facebook.com\/profile.php?id=100090733639311\",\"https:\/\/x.com\/talkpalai\",\"https:\/\/www.linkedin.com\/company\/talkpal\/\",\"https:\/\/www.youtube.com\/@TalkPal\/\",\"https:\/\/www.tiktok.com\/@talkpal\",\"https:\/\/www.instagram.com\/talkpal_ai\/\",\"https:\/\/www.crunchbase.com\/organization\/talkpal-9cde\",\"https:\/\/www.g2.com\/products\/talkpal-for-business\/\",\"https:\/\/www.trustpilot.com\/review\/talkpal.ai\",\"https:\/\/www.capterra.com\/p\/10006800\/TalkPal\/\"],\"description\":\"Talkpal is a language learning web and mobile education app, powered by the latest AI technologies, that provides engaging experiences to its customers in many different languages to help them improve their language skills. Users can chat about unlimited amount of topics with the app and use other modes to practice their language learning.\",\"email\":\"support@talkpal.ai\",\"legalName\":\"Talkpal, Inc.\",\"foundingDate\":\"2023-04-03\",\"duns\":\"118989042\",\"numberOfEmployees\":{\"@type\":\"QuantitativeValue\",\"minValue\":\"11\",\"maxValue\":\"50\"},\"publishingPrinciples\":\"https:\/\/talkpal.ai\/publishing-principles\/\",\"actionableFeedbackPolicy\":\"https:\/\/talkpal.ai\/actionable-feedback-policy\/\",\"correctionsPolicy\":\"https:\/\/talkpal.ai\/corrections-policy\/\",\"ethicsPolicy\":\"https:\/\/talkpal.ai\/ethics-policy\/\",\"diversityPolicy\":\"https:\/\/talkpal.ai\/diversity-policy\/\",\"diversityStaffingReport\":\"https:\/\/talkpal.ai\/diversity-policy\/\"}]}<\/script>\n<!-- \/ Yoast SEO Premium plugin. -->","yoast_head_json":{"title":"Gramatyka esto\u0144ska - Talkpal","description":"Poznaj podstawowe poj\u0119cia gramatyki esto\u0144skiej, w tym przypadki, czasowniki, struktur\u0119 zda\u0144, wymow\u0119 i wskaz\u00f3wki.","robots":{"index":"index","follow":"follow","max-snippet":"max-snippet:-1","max-image-preview":"max-image-preview:large","max-video-preview":"max-video-preview:-1"},"canonical":"https:\/\/talkpal.ai\/pl\/gramatyka-estonska\/","og_locale":"pl_PL","og_type":"article","og_title":"Gramatyka esto\u0144ska","og_description":"Gramatyka esto\u0144ska: brama do wyj\u0105tkowej podr\u00f3\u017cy j\u0119zykowej Witamy w fascynuj\u0105cym \u015bwiecie j\u0119zyka esto\u0144skiego! Z ponad milionem rodzimych u\u017cytkownik\u00f3w j\u0119zyka","og_url":"https:\/\/talkpal.ai\/pl\/gramatyka-estonska\/","og_site_name":"Talkpal","article_publisher":"https:\/\/www.facebook.com\/profile.php?id=100090733639311","article_modified_time":"2025-12-13T15:19:50+00:00","og_image":[{"width":512,"height":512,"url":"https:\/\/talkpal.ai\/wp-content\/uploads\/2023\/05\/estonia.png","type":"image\/png"}],"twitter_card":"summary_large_image","twitter_site":"@talkpalai","twitter_misc":{"Szacowany czas czytania":"2 minuty"},"schema":{"@context":"https:\/\/schema.org","@graph":[{"@type":"WebPage","@id":"https:\/\/talkpal.ai\/pl\/gramatyka-estonska\/","url":"https:\/\/talkpal.ai\/pl\/gramatyka-estonska\/","name":"Gramatyka esto\u0144ska - Talkpal","isPartOf":{"@id":"https:\/\/talkpal.ai\/pl\/#website"},"primaryImageOfPage":{"@id":"https:\/\/talkpal.ai\/pl\/gramatyka-estonska\/#primaryimage"},"image":{"@id":"https:\/\/talkpal.ai\/pl\/gramatyka-estonska\/#primaryimage"},"thumbnailUrl":"https:\/\/talkpal.ai\/wp-content\/uploads\/2023\/05\/estonia.png","datePublished":"2023-05-14T14:01:53+00:00","dateModified":"2025-12-13T15:19:50+00:00","description":"Poznaj podstawowe poj\u0119cia gramatyki esto\u0144skiej, w tym przypadki, czasowniki, struktur\u0119 zda\u0144, wymow\u0119 i wskaz\u00f3wki.","breadcrumb":{"@id":"https:\/\/talkpal.ai\/pl\/gramatyka-estonska\/#breadcrumb"},"inLanguage":"pl-PL","potentialAction":[{"@type":"ReadAction","target":["https:\/\/talkpal.ai\/pl\/gramatyka-estonska\/"]}]},{"@type":"ImageObject","inLanguage":"pl-PL","@id":"https:\/\/talkpal.ai\/pl\/gramatyka-estonska\/#primaryimage","url":"https:\/\/talkpal.ai\/wp-content\/uploads\/2023\/05\/estonia.png","contentUrl":"https:\/\/talkpal.ai\/wp-content\/uploads\/2023\/05\/estonia.png","width":512,"height":512},{"@type":"BreadcrumbList","@id":"https:\/\/talkpal.ai\/pl\/gramatyka-estonska\/#breadcrumb","itemListElement":[{"@type":"ListItem","position":1,"name":"Homepage","item":"https:\/\/talkpal.ai\/pl\/"},{"@type":"ListItem","position":2,"name":"Gramatyka esto\u0144ska"}]},{"@type":"WebSite","@id":"https:\/\/talkpal.ai\/pl\/#website","url":"https:\/\/talkpal.ai\/pl\/","name":"Talkpal","description":"AI Language Learning","publisher":{"@id":"https:\/\/talkpal.ai\/pl\/#organization"},"alternateName":"Talkpal AI","potentialAction":[{"@type":"SearchAction","target":{"@type":"EntryPoint","urlTemplate":"https:\/\/talkpal.ai\/pl\/?s={search_term_string}"},"query-input":{"@type":"PropertyValueSpecification","valueRequired":true,"valueName":"search_term_string"}}],"inLanguage":"pl-PL"},{"@type":"Organization","@id":"https:\/\/talkpal.ai\/pl\/#organization","name":"Talkpal, Inc.","alternateName":"Talkpal AI","url":"https:\/\/talkpal.ai\/pl\/","logo":{"@type":"ImageObject","inLanguage":"pl-PL","@id":"https:\/\/talkpal.ai\/pl\/#\/schema\/logo\/image\/","url":"https:\/\/talkpal.ai\/wp-content\/uploads\/2024\/03\/Talkpal-Logo-Icon.png","contentUrl":"https:\/\/talkpal.ai\/wp-content\/uploads\/2024\/03\/Talkpal-Logo-Icon.png","width":2880,"height":2880,"caption":"Talkpal, Inc."},"image":{"@id":"https:\/\/talkpal.ai\/pl\/#\/schema\/logo\/image\/"},"sameAs":["https:\/\/www.facebook.com\/profile.php?id=100090733639311","https:\/\/x.com\/talkpalai","https:\/\/www.linkedin.com\/company\/talkpal\/","https:\/\/www.youtube.com\/@TalkPal\/","https:\/\/www.tiktok.com\/@talkpal","https:\/\/www.instagram.com\/talkpal_ai\/","https:\/\/www.crunchbase.com\/organization\/talkpal-9cde","https:\/\/www.g2.com\/products\/talkpal-for-business\/","https:\/\/www.trustpilot.com\/review\/talkpal.ai","https:\/\/www.capterra.com\/p\/10006800\/TalkPal\/"],"description":"Talkpal is a language learning web and mobile education app, powered by the latest AI technologies, that provides engaging experiences to its customers in many different languages to help them improve their language skills. Users can chat about unlimited amount of topics with the app and use other modes to practice their language learning.","email":"support@talkpal.ai","legalName":"Talkpal, Inc.","foundingDate":"2023-04-03","duns":"118989042","numberOfEmployees":{"@type":"QuantitativeValue","minValue":"11","maxValue":"50"},"publishingPrinciples":"https:\/\/talkpal.ai\/publishing-principles\/","actionableFeedbackPolicy":"https:\/\/talkpal.ai\/actionable-feedback-policy\/","correctionsPolicy":"https:\/\/talkpal.ai\/corrections-policy\/","ethicsPolicy":"https:\/\/talkpal.ai\/ethics-policy\/","diversityPolicy":"https:\/\/talkpal.ai\/diversity-policy\/","diversityStaffingReport":"https:\/\/talkpal.ai\/diversity-policy\/"}]}},"_links":{"self":[{"href":"https:\/\/talkpal.ai\/pl\/wp-json\/wp\/v2\/pages\/142799","targetHints":{"allow":["GET"]}}],"collection":[{"href":"https:\/\/talkpal.ai\/pl\/wp-json\/wp\/v2\/pages"}],"about":[{"href":"https:\/\/talkpal.ai\/pl\/wp-json\/wp\/v2\/types\/page"}],"author":[{"embeddable":true,"href":"https:\/\/talkpal.ai\/pl\/wp-json\/wp\/v2\/users\/1"}],"replies":[{"embeddable":true,"href":"https:\/\/talkpal.ai\/pl\/wp-json\/wp\/v2\/comments?post=142799"}],"version-history":[{"count":0,"href":"https:\/\/talkpal.ai\/pl\/wp-json\/wp\/v2\/pages\/142799\/revisions"}],"wp:featuredmedia":[{"embeddable":true,"href":"https:\/\/talkpal.ai\/pl\/wp-json\/wp\/v2\/media\/112432"}],"wp:attachment":[{"href":"https:\/\/talkpal.ai\/pl\/wp-json\/wp\/v2\/media?parent=142799"}],"curies":[{"name":"wp","href":"https:\/\/api.w.org\/{rel}","templated":true}]}}