{"id":142482,"date":"2023-05-14T14:01:16","date_gmt":"2023-05-14T14:01:16","guid":{"rendered":"http:\/\/talkpal.ai\/gramatyka-chorwacka\/"},"modified":"2025-12-11T16:40:00","modified_gmt":"2025-12-11T16:40:00","slug":"gramatyka-chorwacka","status":"publish","type":"page","link":"https:\/\/talkpal.ai\/pl\/gramatyka-chorwacka\/","title":{"rendered":"Gramatyka chorwacka"},"content":{"rendered":"\r\n\r\n\r\n<section class=\"languageChallengeSection\">\r\n    <div class=\"languageInfoWrapper\">\r\n        \r\n        <h1>Gramatyka chorwacka<\/h1>\r\n        <p>Odkryj fascynuj\u0105c\u0105 struktur\u0119 j\u0119zyka chorwackiego, poznaj\u0105c jego podstawowe zasady gramatyczne. Opanowanie gramatyki j\u0119zyka chorwackiego otworzy nowe mo\u017cliwo\u015bci komunikacji i pomo\u017ce lepiej pozna\u0107 kultur\u0119 i dziedzictwo tego kraju. Rozpocznij nauk\u0119 gramatyki chorwackiej ju\u017c dzi\u015b i zr\u00f3b pierwszy krok w kierunku p\u0142ynnego pos\u0142ugiwania si\u0119 tym j\u0119zykiem!<\/p>\r\n\r\n                            <a class=\"getStartedHidden\" href=\"https:\/\/app.talkpal.ai\/pl\/signup?lng=\">Zaczynaj<\/a>\r\n        \r\n    <\/div>\r\n\r\n    <figure>\r\n    <img decoding=\"async\" width=\"768\" height=\"768\" src=\"https:\/\/talkpal.ai\/wp-content\/uploads\/2023\/06\/croatian-768x768.png\" class=\"languageImage no-lazy\" alt=\"Language learning for successful interaction\" fetchpriority=\"high\" sizes=\"(max-width: 768px) 150px, 768px\" srcset=\"https:\/\/talkpal.ai\/wp-content\/uploads\/2023\/06\/croatian-768x768.png 768w, https:\/\/talkpal.ai\/wp-content\/uploads\/2023\/06\/croatian-300x300.png 300w\" \/>\r\n    \r\n\r\n    <\/figure>\r\n\r\n            <a class=\"getStartedVisible\" href=\"https:\/\/app.talkpal.ai\/pl\/signup?lng=\">Zaczynaj<\/a>\r\n    \r\n<\/section>\r\n<section class=\"promotionalBanner\">\r\n    <p class=\"promotionalText\">Najbardziej efektywny spos\u00f3b nauki j\u0119zyka<\/p>\r\n    <a class=\"promotionalLink\" href=\"https:\/\/app.talkpal.ai\/pl\/signup?lng=\">Wypr\u00f3buj Talkpal za darmo<\/a>\r\n<\/section>\n<div class=\"wp-block-group pageContainerStyle\"><div class=\"wp-block-group__inner-container is-layout-constrained wp-block-group-is-layout-constrained\">\n<h2 class=\"wp-block-heading\" id=\"h-a-journey-through-croatian-grammar-unraveling-the-complexities-made-easy\">Podr\u00f3\u017c przez gramatyk\u0119 chorwack\u0105: \u0142atwe odkrywanie zawi\u0142o\u015bci<\/h2>\n\n\n\n<p><a href=\"https:\/\/talkpal.ai\/croatian-grammar\/\">Gramatyka chorwacka<\/a>: poci\u0105gaj\u0105ca i onie\u015bmielaj\u0105ca, prosta i zawi\u0142a, tajemnicza i fascynuj\u0105ca. Wyruszaj\u0105c w podr\u00f3\u017c nauki j\u0119zyka chorwackiego, mo\u017cesz czu\u0107 si\u0119 przyt\u0142oczony my\u015bl\u0105 o zrozumieniu jego zawi\u0142o\u015bci gramatycznych. Ale nie b\u00f3j si\u0119, nieustraszony lingwistko, bo jeste\u015bmy tutaj, aby poprowadzi\u0107 Ci\u0119 na ka\u017cdym kroku!<\/p>\n\n\n\n<p>W tym artykule przedstawimy podstawow\u0105 wiedz\u0119 na temat poj\u0119\u0107 gramatycznych j\u0119zyka chorwackiego oraz podamy wskaz\u00f3wki i porady dotycz\u0105ce opanowania tego pi\u0119knego j\u0119zyka s\u0142owia\u0144skiego. Po prostu usi\u0105d\u017a wygodnie, zrelaksuj si\u0119 i pozw\u00f3l nam upro\u015bci\u0107 t\u0119 pozornie skomplikowan\u0105 spraw\u0119!<\/p>\n\n\n\n<h3 class=\"wp-block-heading\" id=\"h-1-heavenly-nouns-declining-in-style\">1. Rzeczowniki niebia\u0144skie: upadek stylu<\/h3>\n\n\n\n<p>Je\u015bli znasz j\u0119zyki takie jak \u0142acina czy <a href=\"https:\/\/talkpal.ai\/learn-german\/\">niemiecki<\/a>, to poj\u0119cie deklinacji rzeczownika nie b\u0119dzie dla ciebie niczym nowym. <a href=\"https:\/\/talkpal.ai\/grammar\/\">Gramatyka<\/a> chorwacka zbudowana jest na fundamencie deklinacji, z siedmioma przypadkami. Tak, dobrze s\u0142ysza\u0142e\u015b! Ka\u017cdy rzeczownik w j\u0119zyku chorwackim mo\u017ce mie\u0107 do siedmiu r\u00f3\u017cnych form, w zale\u017cno\u015bci od jego roli w zdaniu. Ale po co to zamieszanie, pytasz? C\u00f3\u017c, zmniejsza to potrzeb\u0119 stosowania przyimk\u00f3w, dzi\u0119ki czemu j\u0119zyk jest bardziej precyzyjny.  <\/p>\n\n\n\n<p>Oto kr\u00f3tki przegl\u0105d przypadk\u00f3w:<\/p>\n\n\n\n<p><strong>&#8211; Mianownik:<\/strong> Podmiot zdania<\/p>\n\n\n\n<p><strong>&#8211; Rodzajnik:<\/strong> Wskazuje posiadanie lub pochodzenie<\/p>\n\n\n\n<p><strong>&#8211; Celownik:<\/strong> Po\u015bredni obiekt lub miejsce docelowe<\/p>\n\n\n\n<p><strong>&#8211; Accusative:<\/strong> Bezpo\u015bredni obiekt lub cel<\/p>\n\n\n\n<p><strong>&#8211; Wo\u0142acz:<\/strong> U\u017cywany do zwracania si\u0119 lub nazywania kogo\u015b<\/p>\n\n\n\n<p><strong>&#8211; Lokalizacyjny:<\/strong> Wskazuje lokalizacj\u0119<\/p>\n\n\n\n<p><strong>&#8211; Instrumentalny:<\/strong> Opisuje \u015brodki, spos\u00f3b lub akompaniament<\/p>\n\n\n\n<p>Teraz, zanim zaczniesz panikowa\u0107, pami\u0119taj, \u017ce praktyka czyni mistrza. Regularna ekspozycja i u\u017cywanie j\u0119zyka pomo\u017ce Ci stopniowo opanowa\u0107 te deklinacje i sta\u0107 si\u0119 chorwackim geniuszem gramatycznym!<\/p>\n\n\n\n<h3 class=\"wp-block-heading\" id=\"h-2-adorable-adjectives-agreements-galore\">2. Urocze przymiotniki: Umowy w br\u00f3d<\/h3>\n\n\n\n<p>W <a href=\"https:\/\/talkpal.ai\/locations\/language-courses-in-swiecie\/\">\u015bwiecie<\/a> gramatyki chorwackiej przymiotniki lubi\u0105 by\u0107 przyjemne. Zmieniaj\u0105 si\u0119 w zale\u017cno\u015bci od rodzaju, liczby i wielko\u015bci liter rzeczownika, kt\u00f3ry modyfikuj\u0105. Oznacza to, \u017ce musisz dostosowa\u0107 form\u0119 przymiotnika w zale\u017cno\u015bci od tego, czy rzeczownik jest rodzaju m\u0119skiego, \u017ce\u0144skiego czy nijakiego, a tak\u017ce czy jest w liczbie pojedynczej czy mnogiej.<\/p>\n\n\n\n<p>Masz problem z porozumieniem? Oto ma\u0142a wskaz\u00f3wka: skup si\u0119 na nauce rdzenia przymiotnika, a reszta <a href=\"https:\/\/talkpal.ai\/locations\/language-courses-in-sama\/\">sama<\/a> si\u0119 u\u0142o\u017cy. Na przyk\u0142ad, rdze\u0144 przymiotnika oznaczaj\u0105cego &#8222;pi\u0119kny&#8221; to &#8222;lijep-&#8221; i mo\u017cna utworzy\u0107 formy takie jak &#8222;lijepa&#8221; (rodzaj \u017ce\u0144ski, mianownik) lub &#8222;lijepim&#8221; (rodzaj m\u0119ski\/\u017ce\u0144ski, instrumentalny) przy u\u017cyciu r\u00f3\u017cnych ko\u0144c\u00f3wek.<\/p>\n\n\n\n<h3 class=\"wp-block-heading\" id=\"h-3-vibrant-verbs-conjugating-to-perfection\">3. \u017bywe czasowniki: koniugacja do perfekcji<\/h3>\n\n\n\n<p>Czy zaczynasz dostrzega\u0107 tu pewien wz\u00f3r? Podobnie jak rzeczowniki i przymiotniki, czasowniki chorwackie s\u0105 r\u00f3wnie\u017c pe\u0142ne odmian. W tym j\u0119zyku czasowniki ulegaj\u0105 koniugacji w oparciu o czas, nastr\u00f3j, aspekt, osob\u0119 i liczb\u0119.<\/p>\n\n\n\n<p>W j\u0119zyku chorwackim istniej\u0105 trzy g\u0142\u00f3wne czasy: przesz\u0142y, tera\u017aniejszy i przysz\u0142y. Podczas gdy czas tera\u017aniejszy mo\u017ce wydawa\u0107 si\u0119 stosunkowo \u0142atwy do uchwycenia, czas przesz\u0142y i przysz\u0142y mog\u0105 by\u0107 skomplikowane. Ale nie martw si\u0119! Praktyka i <a href=\"https:\/\/talkpal.ai\/contact\/\">kontakt<\/a> z j\u0119zykiem pomog\u0105 Ci pokona\u0107 te przeszkody w mgnieniu oka.<\/p>\n\n\n\n<h3 class=\"wp-block-heading\" id=\"h-4-prepositions-cases-dynamic-duo\">4. Przyimki + przypadki = dynamiczny duet!<\/h3>\n\n\n\n<p>Chorwackie przyimki mog\u0105 by\u0107 nieco trudne, poniewa\u017c s\u0105 \u015bci\u015ble zwi\u0105zane z przypadkami rzeczownik\u00f3w. Na przyk\u0142ad, przyimek &#8222;u&#8221; (in, into) jest u\u017cywany z biernikiem, je\u015bli oznacza ruch lub kierunek, ale je\u015bli przedstawia lokalizacj\u0119, to dzia\u0142a z biernikiem.<\/p>\n\n\n\n<p>Aby unikn\u0105\u0107 nieporozumie\u0144, skojarz przyimek z wymaganym przypadkiem. Na przyk\u0142ad, zapami\u0119taj &#8222;u + locative = in&#8221; i &#8222;u + accusative = into&#8221;.<\/p>\n\n\n\n<h3 class=\"wp-block-heading\" id=\"h-5-tame-the-complexities-practice-makes-perfect\">5. Okie\u0142znaj zawi\u0142o\u015bci: praktyka czyni mistrza<\/h3>\n\n\n\n<p>Na pierwszy rzut oka gramatyka chorwacka mo\u017ce wydawa\u0107 si\u0119 labiryntem, ale pami\u0119taj, \u017ce praktyka jest sekretnym sk\u0142adnikiem sukcesu. Zanurz si\u0119 w j\u0119zyku poprzez czytanie, pisanie, s\u0142uchanie i rozmow\u0119. Zamie\u0144 wyzwania w triumfy, pozwalaj\u0105c swojemu m\u00f3zgowi wch\u0142on\u0105\u0107 i dostosowa\u0107 si\u0119 do nowego \u015brodowiska j\u0119zykowego.<\/p>\n\n\n\n<p>Teraz, gdy ju\u017c zanurzy\u0142e\u015b palce w czaruj\u0105cych wodach chorwackiej gramatyki, czy jeste\u015b gotowy, aby zanurzy\u0107 si\u0119 g\u0142\u0119biej? Przyjmij z\u0142o\u017cono\u015b\u0107, delektuj si\u0119 niuansami i pami\u0119taj, \u017ce dzi\u0119ki wytrwa\u0142o\u015bci i pasji mo\u017cesz odkry\u0107 prawdziwe pi\u0119kno j\u0119zyka chorwackiego. Sretno! (<a href=\"https:\/\/talkpal.ai\/culture\/how-do-you-say-good-luck-in-polish\/\">Powodzenia<\/a>!)<\/p>\n<\/div><\/div>\n\r\n<section class=\"learnNavigationSection\">\r\n            \r\n        <a href=\"https:\/\/talkpal.ai\/pl\/naucz-sie-chorwackiego\/\">\r\n            <div class=\"learnNavigationWrapper\">\r\n                <div class=\"learnNavigationContent\">\r\n                    <img decoding=\"async\" src=\"https:\/\/talkpal.ai\/wp-content\/uploads\/2024\/08\/Croatian.jpg\" alt=\"Croatian Flag\">\r\n                    <div>\r\n                        <h4>O nauce j\u0119zyka chorwackiego<\/h4>\r\n                        <p>Dowiedz si\u0119 wszystkiego o gramatyce chorwackiej .<\/p>\r\n                    <\/div>\r\n                <\/div>\r\n            <\/div>\r\n        <\/a>\r\n\r\n        \r\n        <a href=\"https:\/\/talkpal.ai\/pl\/cwiczenia-gramatyczne-z-jezyka-chorwackiego\/\">\r\n            <div class=\"learnNavigationWrapper\">\r\n                <div class=\"learnNavigationContent\">\r\n                    <img decoding=\"async\" src=\"https:\/\/talkpal.ai\/wp-content\/uploads\/2024\/08\/Croatian.jpg\" alt=\"Croatian Flag\">\r\n                    <div>\r\n                        <h4>\u0106wiczenie z gramatyki j\u0119zyka chorwackiego<\/h4>\r\n                        <p>\u0106wicz gramatyk\u0119 chorwack\u0105 .<\/p>\r\n                    <\/div>\r\n                <\/div>\r\n            <\/div>\r\n        <\/a>\r\n\r\n        \r\n        <a href=\"https:\/\/talkpal.ai\/vocabulary_language\/croatian\/\">\r\n            <div class=\"learnNavigationWrapper\">\r\n                <div class=\"learnNavigationContent\">\r\n                    <img decoding=\"async\" src=\"https:\/\/talkpal.ai\/wp-content\/uploads\/2024\/08\/Croatian.jpg\" alt=\"Croatian Flag\">\r\n                    <div>\r\n                        <h4>S\u0142ownictwo chorwackie<\/h4>\r\n                        <p>Poszerz swoje chorwackie s\u0142ownictwo.<\/p>\r\n                    <\/div>\r\n                <\/div>\r\n            <\/div>\r\n        <\/a>\r\n\r\n            <\/section>","protected":false},"excerpt":{"rendered":"<p>Podr\u00f3\u017c przez gramatyk\u0119 chorwack\u0105: \u0142atwe odkrywanie zawi\u0142o\u015bci Gramatyka chorwacka: poci\u0105gaj\u0105ca i onie\u015bmielaj\u0105ca, prosta i zawi\u0142a, tajemnicza i fascynuj\u0105ca. Wyruszaj\u0105c w podr\u00f3\u017c nauki j\u0119zyka chorwackiego, mo\u017cesz czu\u0107 si\u0119 przyt\u0142oczony my\u015bl\u0105 o zrozumieniu jego zawi\u0142o\u015bci gramatycznych. Ale nie b\u00f3j si\u0119, nieustraszony lingwistko, bo jeste\u015bmy tutaj, aby poprowadzi\u0107 Ci\u0119 na ka\u017cdym kroku! W tym artykule przedstawimy podstawow\u0105 wiedz\u0119 [&hellip;]<\/p>\n","protected":false},"author":1,"featured_media":110440,"parent":0,"menu_order":0,"comment_status":"closed","ping_status":"closed","template":"LearningContentPage.php","meta":{"_acf_changed":false,"footnotes":""},"class_list":["post-142482","page","type-page","status-publish","has-post-thumbnail","hentry"],"acf":[],"yoast_head":"<!-- This site is optimized with the Yoast SEO Premium plugin v27.2 (Yoast SEO v27.2) - https:\/\/yoast.com\/product\/yoast-seo-premium-wordpress\/ -->\n<title>Gramatyka chorwacka - Talkpal<\/title>\n<meta name=\"description\" content=\"Poznaj chorwack\u0105 gramatyk\u0119 i lepiej zrozum j\u0119zyk dzi\u0119ki niezb\u0119dnym wskaz\u00f3wkom i zasobom.\" \/>\n<meta name=\"robots\" content=\"index, follow, max-snippet:-1, max-image-preview:large, max-video-preview:-1\" \/>\n<link rel=\"canonical\" href=\"https:\/\/talkpal.ai\/pl\/gramatyka-chorwacka\/\" \/>\n<meta property=\"og:locale\" content=\"pl_PL\" \/>\n<meta property=\"og:type\" content=\"article\" \/>\n<meta property=\"og:title\" content=\"Gramatyka chorwacka\" \/>\n<meta property=\"og:description\" content=\"Podr\u00f3\u017c przez gramatyk\u0119 chorwack\u0105: \u0142atwe odkrywanie zawi\u0142o\u015bci Gramatyka chorwacka: poci\u0105gaj\u0105ca i onie\u015bmielaj\u0105ca, prosta i zawi\u0142a, tajemnicza i fascynuj\u0105ca.\" \/>\n<meta property=\"og:url\" content=\"https:\/\/talkpal.ai\/pl\/gramatyka-chorwacka\/\" \/>\n<meta property=\"og:site_name\" content=\"Talkpal\" \/>\n<meta property=\"article:publisher\" content=\"https:\/\/www.facebook.com\/profile.php?id=100090733639311\" \/>\n<meta property=\"article:modified_time\" content=\"2025-12-11T16:40:00+00:00\" \/>\n<meta property=\"og:image\" content=\"https:\/\/talkpal.ai\/wp-content\/uploads\/2023\/05\/croatia.png\" \/>\n\t<meta property=\"og:image:width\" content=\"512\" \/>\n\t<meta property=\"og:image:height\" content=\"512\" \/>\n\t<meta property=\"og:image:type\" content=\"image\/png\" \/>\n<meta name=\"twitter:card\" content=\"summary_large_image\" \/>\n<meta name=\"twitter:site\" content=\"@talkpalai\" \/>\n<meta name=\"twitter:label1\" content=\"Szacowany czas czytania\" \/>\n\t<meta name=\"twitter:data1\" content=\"3 minuty\" \/>\n<script type=\"application\/ld+json\" class=\"yoast-schema-graph\">{\"@context\":\"https:\/\/schema.org\",\"@graph\":[{\"@type\":\"WebPage\",\"@id\":\"https:\/\/talkpal.ai\/pl\/gramatyka-chorwacka\/\",\"url\":\"https:\/\/talkpal.ai\/pl\/gramatyka-chorwacka\/\",\"name\":\"Gramatyka chorwacka - Talkpal\",\"isPartOf\":{\"@id\":\"https:\/\/talkpal.ai\/pl\/#website\"},\"primaryImageOfPage\":{\"@id\":\"https:\/\/talkpal.ai\/pl\/gramatyka-chorwacka\/#primaryimage\"},\"image\":{\"@id\":\"https:\/\/talkpal.ai\/pl\/gramatyka-chorwacka\/#primaryimage\"},\"thumbnailUrl\":\"https:\/\/talkpal.ai\/wp-content\/uploads\/2023\/05\/croatia.png\",\"datePublished\":\"2023-05-14T14:01:16+00:00\",\"dateModified\":\"2025-12-11T16:40:00+00:00\",\"description\":\"Poznaj chorwack\u0105 gramatyk\u0119 i lepiej zrozum j\u0119zyk dzi\u0119ki niezb\u0119dnym wskaz\u00f3wkom i zasobom.\",\"breadcrumb\":{\"@id\":\"https:\/\/talkpal.ai\/pl\/gramatyka-chorwacka\/#breadcrumb\"},\"inLanguage\":\"pl-PL\",\"potentialAction\":[{\"@type\":\"ReadAction\",\"target\":[\"https:\/\/talkpal.ai\/pl\/gramatyka-chorwacka\/\"]}]},{\"@type\":\"ImageObject\",\"inLanguage\":\"pl-PL\",\"@id\":\"https:\/\/talkpal.ai\/pl\/gramatyka-chorwacka\/#primaryimage\",\"url\":\"https:\/\/talkpal.ai\/wp-content\/uploads\/2023\/05\/croatia.png\",\"contentUrl\":\"https:\/\/talkpal.ai\/wp-content\/uploads\/2023\/05\/croatia.png\",\"width\":512,\"height\":512},{\"@type\":\"BreadcrumbList\",\"@id\":\"https:\/\/talkpal.ai\/pl\/gramatyka-chorwacka\/#breadcrumb\",\"itemListElement\":[{\"@type\":\"ListItem\",\"position\":1,\"name\":\"Homepage\",\"item\":\"https:\/\/talkpal.ai\/pl\/\"},{\"@type\":\"ListItem\",\"position\":2,\"name\":\"Gramatyka chorwacka\"}]},{\"@type\":\"WebSite\",\"@id\":\"https:\/\/talkpal.ai\/pl\/#website\",\"url\":\"https:\/\/talkpal.ai\/pl\/\",\"name\":\"Talkpal\",\"description\":\"AI Language Learning\",\"publisher\":{\"@id\":\"https:\/\/talkpal.ai\/pl\/#organization\"},\"alternateName\":\"Talkpal AI\",\"potentialAction\":[{\"@type\":\"SearchAction\",\"target\":{\"@type\":\"EntryPoint\",\"urlTemplate\":\"https:\/\/talkpal.ai\/pl\/?s={search_term_string}\"},\"query-input\":{\"@type\":\"PropertyValueSpecification\",\"valueRequired\":true,\"valueName\":\"search_term_string\"}}],\"inLanguage\":\"pl-PL\"},{\"@type\":\"Organization\",\"@id\":\"https:\/\/talkpal.ai\/pl\/#organization\",\"name\":\"Talkpal, Inc.\",\"alternateName\":\"Talkpal AI\",\"url\":\"https:\/\/talkpal.ai\/pl\/\",\"logo\":{\"@type\":\"ImageObject\",\"inLanguage\":\"pl-PL\",\"@id\":\"https:\/\/talkpal.ai\/pl\/#\/schema\/logo\/image\/\",\"url\":\"https:\/\/talkpal.ai\/wp-content\/uploads\/2024\/03\/Talkpal-Logo-Icon.png\",\"contentUrl\":\"https:\/\/talkpal.ai\/wp-content\/uploads\/2024\/03\/Talkpal-Logo-Icon.png\",\"width\":2880,\"height\":2880,\"caption\":\"Talkpal, Inc.\"},\"image\":{\"@id\":\"https:\/\/talkpal.ai\/pl\/#\/schema\/logo\/image\/\"},\"sameAs\":[\"https:\/\/www.facebook.com\/profile.php?id=100090733639311\",\"https:\/\/x.com\/talkpalai\",\"https:\/\/www.linkedin.com\/company\/talkpal\/\",\"https:\/\/www.youtube.com\/@TalkPal\/\",\"https:\/\/www.tiktok.com\/@talkpal\",\"https:\/\/www.instagram.com\/talkpal_ai\/\",\"https:\/\/www.crunchbase.com\/organization\/talkpal-9cde\",\"https:\/\/www.g2.com\/products\/talkpal-for-business\/\",\"https:\/\/www.trustpilot.com\/review\/talkpal.ai\",\"https:\/\/www.capterra.com\/p\/10006800\/TalkPal\/\"],\"description\":\"Talkpal is a language learning web and mobile education app, powered by the latest AI technologies, that provides engaging experiences to its customers in many different languages to help them improve their language skills. Users can chat about unlimited amount of topics with the app and use other modes to practice their language learning.\",\"email\":\"support@talkpal.ai\",\"legalName\":\"Talkpal, Inc.\",\"foundingDate\":\"2023-04-03\",\"duns\":\"118989042\",\"numberOfEmployees\":{\"@type\":\"QuantitativeValue\",\"minValue\":\"11\",\"maxValue\":\"50\"},\"publishingPrinciples\":\"https:\/\/talkpal.ai\/publishing-principles\/\",\"actionableFeedbackPolicy\":\"https:\/\/talkpal.ai\/actionable-feedback-policy\/\",\"correctionsPolicy\":\"https:\/\/talkpal.ai\/corrections-policy\/\",\"ethicsPolicy\":\"https:\/\/talkpal.ai\/ethics-policy\/\",\"diversityPolicy\":\"https:\/\/talkpal.ai\/diversity-policy\/\",\"diversityStaffingReport\":\"https:\/\/talkpal.ai\/diversity-policy\/\"}]}<\/script>\n<!-- \/ Yoast SEO Premium plugin. -->","yoast_head_json":{"title":"Gramatyka chorwacka - Talkpal","description":"Poznaj chorwack\u0105 gramatyk\u0119 i lepiej zrozum j\u0119zyk dzi\u0119ki niezb\u0119dnym wskaz\u00f3wkom i zasobom.","robots":{"index":"index","follow":"follow","max-snippet":"max-snippet:-1","max-image-preview":"max-image-preview:large","max-video-preview":"max-video-preview:-1"},"canonical":"https:\/\/talkpal.ai\/pl\/gramatyka-chorwacka\/","og_locale":"pl_PL","og_type":"article","og_title":"Gramatyka chorwacka","og_description":"Podr\u00f3\u017c przez gramatyk\u0119 chorwack\u0105: \u0142atwe odkrywanie zawi\u0142o\u015bci Gramatyka chorwacka: poci\u0105gaj\u0105ca i onie\u015bmielaj\u0105ca, prosta i zawi\u0142a, tajemnicza i fascynuj\u0105ca.","og_url":"https:\/\/talkpal.ai\/pl\/gramatyka-chorwacka\/","og_site_name":"Talkpal","article_publisher":"https:\/\/www.facebook.com\/profile.php?id=100090733639311","article_modified_time":"2025-12-11T16:40:00+00:00","og_image":[{"width":512,"height":512,"url":"https:\/\/talkpal.ai\/wp-content\/uploads\/2023\/05\/croatia.png","type":"image\/png"}],"twitter_card":"summary_large_image","twitter_site":"@talkpalai","twitter_misc":{"Szacowany czas czytania":"3 minuty"},"schema":{"@context":"https:\/\/schema.org","@graph":[{"@type":"WebPage","@id":"https:\/\/talkpal.ai\/pl\/gramatyka-chorwacka\/","url":"https:\/\/talkpal.ai\/pl\/gramatyka-chorwacka\/","name":"Gramatyka chorwacka - Talkpal","isPartOf":{"@id":"https:\/\/talkpal.ai\/pl\/#website"},"primaryImageOfPage":{"@id":"https:\/\/talkpal.ai\/pl\/gramatyka-chorwacka\/#primaryimage"},"image":{"@id":"https:\/\/talkpal.ai\/pl\/gramatyka-chorwacka\/#primaryimage"},"thumbnailUrl":"https:\/\/talkpal.ai\/wp-content\/uploads\/2023\/05\/croatia.png","datePublished":"2023-05-14T14:01:16+00:00","dateModified":"2025-12-11T16:40:00+00:00","description":"Poznaj chorwack\u0105 gramatyk\u0119 i lepiej zrozum j\u0119zyk dzi\u0119ki niezb\u0119dnym wskaz\u00f3wkom i zasobom.","breadcrumb":{"@id":"https:\/\/talkpal.ai\/pl\/gramatyka-chorwacka\/#breadcrumb"},"inLanguage":"pl-PL","potentialAction":[{"@type":"ReadAction","target":["https:\/\/talkpal.ai\/pl\/gramatyka-chorwacka\/"]}]},{"@type":"ImageObject","inLanguage":"pl-PL","@id":"https:\/\/talkpal.ai\/pl\/gramatyka-chorwacka\/#primaryimage","url":"https:\/\/talkpal.ai\/wp-content\/uploads\/2023\/05\/croatia.png","contentUrl":"https:\/\/talkpal.ai\/wp-content\/uploads\/2023\/05\/croatia.png","width":512,"height":512},{"@type":"BreadcrumbList","@id":"https:\/\/talkpal.ai\/pl\/gramatyka-chorwacka\/#breadcrumb","itemListElement":[{"@type":"ListItem","position":1,"name":"Homepage","item":"https:\/\/talkpal.ai\/pl\/"},{"@type":"ListItem","position":2,"name":"Gramatyka chorwacka"}]},{"@type":"WebSite","@id":"https:\/\/talkpal.ai\/pl\/#website","url":"https:\/\/talkpal.ai\/pl\/","name":"Talkpal","description":"AI Language Learning","publisher":{"@id":"https:\/\/talkpal.ai\/pl\/#organization"},"alternateName":"Talkpal AI","potentialAction":[{"@type":"SearchAction","target":{"@type":"EntryPoint","urlTemplate":"https:\/\/talkpal.ai\/pl\/?s={search_term_string}"},"query-input":{"@type":"PropertyValueSpecification","valueRequired":true,"valueName":"search_term_string"}}],"inLanguage":"pl-PL"},{"@type":"Organization","@id":"https:\/\/talkpal.ai\/pl\/#organization","name":"Talkpal, Inc.","alternateName":"Talkpal AI","url":"https:\/\/talkpal.ai\/pl\/","logo":{"@type":"ImageObject","inLanguage":"pl-PL","@id":"https:\/\/talkpal.ai\/pl\/#\/schema\/logo\/image\/","url":"https:\/\/talkpal.ai\/wp-content\/uploads\/2024\/03\/Talkpal-Logo-Icon.png","contentUrl":"https:\/\/talkpal.ai\/wp-content\/uploads\/2024\/03\/Talkpal-Logo-Icon.png","width":2880,"height":2880,"caption":"Talkpal, Inc."},"image":{"@id":"https:\/\/talkpal.ai\/pl\/#\/schema\/logo\/image\/"},"sameAs":["https:\/\/www.facebook.com\/profile.php?id=100090733639311","https:\/\/x.com\/talkpalai","https:\/\/www.linkedin.com\/company\/talkpal\/","https:\/\/www.youtube.com\/@TalkPal\/","https:\/\/www.tiktok.com\/@talkpal","https:\/\/www.instagram.com\/talkpal_ai\/","https:\/\/www.crunchbase.com\/organization\/talkpal-9cde","https:\/\/www.g2.com\/products\/talkpal-for-business\/","https:\/\/www.trustpilot.com\/review\/talkpal.ai","https:\/\/www.capterra.com\/p\/10006800\/TalkPal\/"],"description":"Talkpal is a language learning web and mobile education app, powered by the latest AI technologies, that provides engaging experiences to its customers in many different languages to help them improve their language skills. Users can chat about unlimited amount of topics with the app and use other modes to practice their language learning.","email":"support@talkpal.ai","legalName":"Talkpal, Inc.","foundingDate":"2023-04-03","duns":"118989042","numberOfEmployees":{"@type":"QuantitativeValue","minValue":"11","maxValue":"50"},"publishingPrinciples":"https:\/\/talkpal.ai\/publishing-principles\/","actionableFeedbackPolicy":"https:\/\/talkpal.ai\/actionable-feedback-policy\/","correctionsPolicy":"https:\/\/talkpal.ai\/corrections-policy\/","ethicsPolicy":"https:\/\/talkpal.ai\/ethics-policy\/","diversityPolicy":"https:\/\/talkpal.ai\/diversity-policy\/","diversityStaffingReport":"https:\/\/talkpal.ai\/diversity-policy\/"}]}},"_links":{"self":[{"href":"https:\/\/talkpal.ai\/pl\/wp-json\/wp\/v2\/pages\/142482","targetHints":{"allow":["GET"]}}],"collection":[{"href":"https:\/\/talkpal.ai\/pl\/wp-json\/wp\/v2\/pages"}],"about":[{"href":"https:\/\/talkpal.ai\/pl\/wp-json\/wp\/v2\/types\/page"}],"author":[{"embeddable":true,"href":"https:\/\/talkpal.ai\/pl\/wp-json\/wp\/v2\/users\/1"}],"replies":[{"embeddable":true,"href":"https:\/\/talkpal.ai\/pl\/wp-json\/wp\/v2\/comments?post=142482"}],"version-history":[{"count":0,"href":"https:\/\/talkpal.ai\/pl\/wp-json\/wp\/v2\/pages\/142482\/revisions"}],"wp:featuredmedia":[{"embeddable":true,"href":"https:\/\/talkpal.ai\/pl\/wp-json\/wp\/v2\/media\/110440"}],"wp:attachment":[{"href":"https:\/\/talkpal.ai\/pl\/wp-json\/wp\/v2\/media?parent=142482"}],"curies":[{"name":"wp","href":"https:\/\/api.w.org\/{rel}","templated":true}]}}