{"id":141955,"date":"2023-05-14T14:00:56","date_gmt":"2023-05-14T14:00:56","guid":{"rendered":"http:\/\/talkpal.ai\/gramatyka-katalonska\/"},"modified":"2025-05-22T18:35:18","modified_gmt":"2025-05-22T18:35:18","slug":"gramatyka-katalonska","status":"publish","type":"page","link":"https:\/\/talkpal.ai\/pl\/gramatyka-katalonska\/","title":{"rendered":"Gramatyka katalo\u0144ska"},"content":{"rendered":"\r\n\r\n\r\n<section class=\"languageChallengeSection\">\r\n    <div class=\"languageInfoWrapper\">\r\n        \r\n        <h1>Gramatyka katalo\u0144ska<\/h1>\r\n        <p>Zanurz si\u0119 w \u015bwiecie gramatyki katalo\u0144skiej i odkryj unikaln\u0105 struktur\u0119 tego t\u0119tni\u0105cego \u017cyciem j\u0119zyka roma\u0144skiego. Opanowanie podstaw pomo\u017ce ci komunikowa\u0107 si\u0119 bardziej efektywnie i nawi\u0105za\u0107 g\u0142\u0119bszy kontakt z kultur\u0105 katalo\u0144sk\u0105. Zacznij uczy\u0107 si\u0119 gramatyki katalo\u0144skiej ju\u017c dzi\u015b i zr\u00f3b pierwszy krok w kierunku p\u0142ynnego m\u00f3wienia!\n\n<\/p>\r\n\r\n                            <a class=\"getStartedHidden\" href=\"https:\/\/app.talkpal.ai\/pl\/signup?lng=\">Zaczynaj<\/a>\r\n        \r\n    <\/div>\r\n\r\n    <figure>\r\n    <img decoding=\"async\" width=\"768\" height=\"768\" src=\"https:\/\/talkpal.ai\/wp-content\/uploads\/2023\/06\/catalan-768x768.png\" class=\"languageImage no-lazy\" alt=\"Language learning techniques for fast learning\" fetchpriority=\"high\" sizes=\"(max-width: 768px) 150px, 768px\" srcset=\"https:\/\/talkpal.ai\/wp-content\/uploads\/2023\/06\/catalan-768x768.png 768w, https:\/\/talkpal.ai\/wp-content\/uploads\/2023\/06\/catalan-300x300.png 300w\" \/>\r\n    \r\n\r\n    <\/figure>\r\n\r\n            <a class=\"getStartedVisible\" href=\"https:\/\/app.talkpal.ai\/pl\/signup?lng=\">Zaczynaj<\/a>\r\n    \r\n<\/section>\r\n<section class=\"promotionalBanner\">\r\n    <p class=\"promotionalText\">Najbardziej efektywny spos\u00f3b nauki j\u0119zyka<\/p>\r\n    <a class=\"promotionalLink\" href=\"https:\/\/app.talkpal.ai\/pl\/signup?lng=\">Wypr\u00f3buj Talkpal za darmo<\/a>\r\n<\/section>\n<div class=\"wp-block-group pageContainerStyle\"><div class=\"wp-block-group__inner-container is-layout-constrained wp-block-group-is-layout-constrained\">\n<h2 class=\"wp-block-heading\" id=\"h-catalan-grammar-a-quick-guide-for-language-enthusiasts\">Gramatyka katalo\u0144ska: kr\u00f3tki przewodnik dla entuzjast\u00f3w j\u0119zyk\u00f3w<\/h2>\n\n\n\n<p>Planujesz nauczy\u0107 si\u0119 katalo\u0144skiego lub po prostu jeste\u015b ciekawy tego pi\u0119knego j\u0119zyka roma\u0144skiego? Nie szukaj dalej! Jeste\u015bmy tutaj, aby zabra\u0107 Ci\u0119 na kr\u00f3tk\u0105 wycieczk\u0119 po gramatyce katalo\u0144skiej i wyposa\u017cy\u0107 Ci\u0119 w podstawy. Zanurzmy si\u0119 w tym uroczym j\u0119zyku i zbadajmy, jak dzia\u0142a on na poziomie gramatycznym.<\/p>\n\n\n\n<p>J\u0119zyk <a href=\"https:\/\/talkpal.ai\/learn-catalan\/\">katalo\u0144ski<\/a>, kt\u00f3rym pos\u0142uguje si\u0119 oko\u0142o 10 milion\u00f3w ludzi, g\u0142\u00f3wnie w Katalonii, Walencji i na Balearach, ma unikaln\u0105 mieszank\u0119 wp\u0142yw\u00f3w \u0142aciny, hiszpa\u0144skiego i francuskiego. Podobnie jak ty i ja, j\u0119zyki wzbogacaj\u0105 si\u0119, zapo\u017cyczaj\u0105c od siebie r\u00f3\u017cne niuanse w czasie. Jakie to ekscytuj\u0105ce!<\/p>\n\n\n\n<p><strong>Nauczmy si\u0119 teraz kilku podstawowych aspekt\u00f3w gramatyki katalo\u0144skiej:<\/strong><\/p>\n\n\n\n<h3 class=\"wp-block-heading\" id=\"h-1-nouns-and-gender\">1. Rzeczowniki i rodzaj:<\/h3>\n\n\n\n<p>Za\u015bpiewaj ze mn\u0105 &#8211; &#8222;Ka\u017cdy rzeczownik ma moc!&#8221;. Podobnie jak w innych j\u0119zykach roma\u0144skich, katalo\u0144skie rzeczowniki s\u0105 rodzaju m\u0119skiego lub \u017ce\u0144skiego, a ta &#8222;p\u0142e\u0107&#8221; wp\u0142ywa na spos\u00f3b ich u\u017cycia z przedimkami i przymiotnikami. Nie martw si\u0119 jednak! W wi\u0119kszo\u015bci przypadk\u00f3w rzeczowniki zako\u0144czone na &#8217;-a&#8217; s\u0105 rodzaju \u017ce\u0144skiego, podczas gdy te zako\u0144czone na &#8217;-o&#8217; (lub inne sp\u00f3\u0142g\u0142oski) s\u0105 rodzaju m\u0119skiego. Pami\u0119taj jednak o wyj\u0105tkach \u2013 uwielbiaj\u0105 si\u0119 do ciebie podkrada\u0107!<\/p>\n\n\n\n<h3 class=\"wp-block-heading\" id=\"h-2-articles\">2. Artyku\u0142y:<\/h3>\n\n\n\n<p>\u017bycie by\u0142oby nudne bez artyku\u0142\u00f3w, prawda? Je\u015bli chodzi o j\u0119zyk katalo\u0144ski, mamy przedimki okre\u015blone wskazuj\u0105ce na konkretne rzeczy lub osoby (takie jak \u201epies\u201d lub \u201eksi\u0105\u017cka\u201d) i przedimki nieokre\u015blone dla og\u00f3lnych odniesie\u0144 (takich jak \u201epies\u201d lub \u201eksi\u0105\u017cka\u201d).  <\/p>\n\n\n\n<p>Przedimki okre\u015blone w j\u0119zyku katalo\u0144skim to &#8222;el&#8221; dla rzeczownik\u00f3w rodzaju m\u0119skiego w liczbie pojedynczej, &#8222;la&#8221; dla rzeczownik\u00f3w rodzaju \u017ce\u0144skiego w liczbie pojedynczej, &#8222;els&#8221; dla rzeczownik\u00f3w rodzaju m\u0119skiego w liczbie mnogiej i &#8222;les&#8221; dla rzeczownik\u00f3w rodzaju \u017ce\u0144skiego w liczbie mnogiej. Przedimki nieokre\u015blone, z drugiej strony, to &#8222;un&#8221; dla rzeczownik\u00f3w rodzaju m\u0119skiego w liczbie pojedynczej i &#8222;una&#8221; dla rzeczownik\u00f3w rodzaju \u017ce\u0144skiego w liczbie pojedynczej. W liczbie mnogiej nie ma konkretnych rodzajnik\u00f3w nieokre\u015blonych. Bu\u0142ka z mas\u0142em, prawda?<\/p>\n\n\n\n<h3 class=\"wp-block-heading\" id=\"h-3-adjectives\">3. Przymiotniki:<\/h3>\n\n\n\n<p>Przymiotniki dodaj\u0105 smaku twoim zdaniom, opisuj\u0105c rzeczowniki, a w j\u0119zyku katalo\u0144skim zgadzaj\u0105 si\u0119 pod wzgl\u0119dem rodzaju i liczby z rzeczownikami, kt\u00f3re modyfikuj\u0105. W wi\u0119kszo\u015bci przypadk\u00f3w przymiotniki zako\u0144czone na &#8222;-o&#8221; s\u0105 rodzaju m\u0119skiego, a te zako\u0144czone na &#8222;-a&#8221; s\u0105 rodzaju \u017ce\u0144skiego. Aby utworzy\u0107 liczb\u0119 mnog\u0105, zmie\u0144 &#8222;-o&#8221; na &#8222;-os&#8221; (rodzaj m\u0119ski) i &#8222;-a&#8221; na &#8222;-es&#8221; (rodzaj \u017ce\u0144ski). Pami\u0119taj, \u017ce niekt\u00f3re przymiotniki maj\u0105 unikaln\u0105 form\u0119 dla obu p\u0142ci i zmienia si\u0119 tylko znacznik liczby mnogiej. Brzmi fajnie, prawda?<\/p>\n\n\n\n<h3 class=\"wp-block-heading\" id=\"h-4-verbs-and-conjugation\">4. Czasowniki i koniugacja:<\/h3>\n\n\n\n<p>Serce ka\u017cdego j\u0119zyka! Czasowniki w j\u0119zyku katalo\u0144skim dziel\u0105 si\u0119 na trzy grupy na podstawie ko\u0144c\u00f3wek bezokolicznika: &#8222;-ar&#8221;, &#8222;-er&#8221; i &#8222;-ir&#8221;. Ka\u017cda grupa ma sw\u00f3j odr\u0119bny wzorzec koniugacji dla r\u00f3\u017cnych czas\u00f3w, nastroj\u00f3w i zaimk\u00f3w &#8211; tak jak taniec w r\u00f3\u017cnych rytmach. Katalo\u0144ski posiada r\u00f3wnie\u017c czasowniki posi\u0142kowe (takie jak &#8222;mie\u0107&#8221; i &#8222;by\u0107&#8221;), kt\u00f3re \u0142\u0105cz\u0105 si\u0119 z innymi czasownikami, tworz\u0105c czasy z\u0142o\u017cone i stron\u0119 biern\u0105. Za\u0142\u00f3\u017c wi\u0119c buty do ta\u0144ca i zacznij odkrywa\u0107 t\u0119tni\u0105cy \u017cyciem \u015bwiat katalo\u0144skich czasownik\u00f3w.<\/p>\n\n\n\n<h3 class=\"wp-block-heading\" id=\"h-5-word-order\">5. Kolejno\u015b\u0107 wyraz\u00f3w:<\/h3>\n\n\n\n<p>Umie\u015b\u0107my te s\u0142owa we w\u0142a\u015bciwej kolejno\u015bci! J\u0119zyk katalo\u0144ski zazwyczaj ma szyk zdania podmiot-orzeczenie-dope\u0142nienie (SVO), podobnie jak <a href=\"https:\/\/talkpal.ai\/learn-english-with-ai\/\">angielski<\/a>. Jednak elastyczno\u015b\u0107 w szyku wyraz\u00f3w jest dozwolona dla podkre\u015blenia lub ze wzgl\u0119d\u00f3w stylistycznych. Przymiotniki zwykle wyst\u0119puj\u0105 po rzeczowniku, kt\u00f3ry opisuj\u0105, ale mo\u017cesz je zobaczy\u0107 przed rzeczownikiem, aby podkre\u015bli\u0107 ich znaczenie. Pami\u0119taj, \u017ce praktyka czyni mistrza, je\u015bli chodzi o opanowanie szyku wyraz\u00f3w w j\u0119zyku katalo\u0144skim.<\/p>\n\n\n\n<h3 class=\"wp-block-heading\" id=\"h-6-pronouns-and-prepositions\">6. Zaimki i przyimki:<\/h3>\n\n\n\n<p>Wreszcie, ale nie mniej wa\u017cne! W j\u0119zyku katalo\u0144skim wyst\u0119puj\u0105 zaimki podmiotowe (ja, ty, on, ona itp.) i dope\u0142nieniowe (ja, ty, jego, ona itp.), kt\u00f3re mog\u0105 ulega\u0107 r\u00f3\u017cnym zmianom w zale\u017cno\u015bci od ich funkcji w zdaniu. Ponadto przyimki katalo\u0144skie (takie jak &#8222;a&#8221;, &#8222;de&#8221;, &#8222;en&#8221;, &#8222;amb&#8221;) pomagaj\u0105 \u0142\u0105czy\u0107 s\u0142owa i wyra\u017cenia oraz pokazywa\u0107 relacje mi\u0119dzy nimi.<\/p>\n\n\n\n<p>Ufff! Masz ju\u017c za sob\u0105 podstawy gramatyki katalo\u0144skiej. Odkrywaj, zadawaj pytania i \u0107wicz ten pi\u0119kny j\u0119zyk. Pami\u0119taj, \u017ce nauka nowego j\u0119zyka jest jak wyruszenie w ekscytuj\u0105c\u0105 podr\u00f3\u017c. B\u0119dziesz mia\u0142 swoje wzloty i upadki, ale nagrody s\u0105 warte wysi\u0142ku. <a href=\"https:\/\/talkpal.ai\/culture\/how-do-you-say-enjoy-your-meal-in-polish\/\">Smacznego<\/a>!<\/p>\n<\/div><\/div>\n\r\n<section class=\"learnNavigationSection\">\r\n            \r\n        <a href=\"https:\/\/talkpal.ai\/pl\/naucz-sie-katalonskiego\/\">\r\n            <div class=\"learnNavigationWrapper\">\r\n                <div class=\"learnNavigationContent\">\r\n                    <img decoding=\"async\" src=\"https:\/\/talkpal.ai\/wp-content\/uploads\/2024\/08\/Catalan.jpg\" alt=\"Catalan Flag\">\r\n                    <div>\r\n                        <h4>O Catalan Learning<\/h4>\r\n                        <p>Dowiedz si\u0119 wszystkiego o gramatyce katalo\u0144skiej .<\/p>\r\n                    <\/div>\r\n                <\/div>\r\n            <\/div>\r\n        <\/a>\r\n\r\n        \r\n        <a href=\"https:\/\/talkpal.ai\/pl\/cwiczenia-gramatyczne-z-jezyka-katalonskiego\/\">\r\n            <div class=\"learnNavigationWrapper\">\r\n                <div class=\"learnNavigationContent\">\r\n                    <img decoding=\"async\" src=\"https:\/\/talkpal.ai\/wp-content\/uploads\/2024\/08\/Catalan.jpg\" alt=\"Catalan Flag\">\r\n                    <div>\r\n                        <h4>\u0106wiczenie z gramatyki j\u0119zyka katalo\u0144skiego<\/h4>\r\n                        <p>\u0106wicz gramatyk\u0119 katalo\u0144sk\u0105 .<\/p>\r\n                    <\/div>\r\n                <\/div>\r\n            <\/div>\r\n        <\/a>\r\n\r\n        \r\n        <a href=\"https:\/\/talkpal.ai\/vocabulary_language\/catalan\/\">\r\n            <div class=\"learnNavigationWrapper\">\r\n                <div class=\"learnNavigationContent\">\r\n                    <img decoding=\"async\" src=\"https:\/\/talkpal.ai\/wp-content\/uploads\/2024\/08\/Catalan.jpg\" alt=\"Catalan Flag\">\r\n                    <div>\r\n                        <h4>S\u0142ownictwo katalo\u0144skie<\/h4>\r\n                        <p>Poszerz swoje katalo\u0144skie s\u0142ownictwo.<\/p>\r\n                    <\/div>\r\n                <\/div>\r\n            <\/div>\r\n        <\/a>\r\n\r\n            <\/section>","protected":false},"excerpt":{"rendered":"<p>Gramatyka katalo\u0144ska: kr\u00f3tki przewodnik dla entuzjast\u00f3w j\u0119zyk\u00f3w Planujesz nauczy\u0107 si\u0119 katalo\u0144skiego lub po prostu jeste\u015b ciekawy tego pi\u0119knego j\u0119zyka roma\u0144skiego? Nie szukaj dalej! Jeste\u015bmy tutaj, aby zabra\u0107 Ci\u0119 na kr\u00f3tk\u0105 wycieczk\u0119 po gramatyce katalo\u0144skiej i wyposa\u017cy\u0107 Ci\u0119 w podstawy. Zanurzmy si\u0119 w tym uroczym j\u0119zyku i zbadajmy, jak dzia\u0142a on na poziomie gramatycznym. J\u0119zyk katalo\u0144ski, [&hellip;]<\/p>\n","protected":false},"author":1,"featured_media":141960,"parent":0,"menu_order":0,"comment_status":"closed","ping_status":"closed","template":"LearningContentPage.php","meta":{"_acf_changed":false,"footnotes":""},"class_list":["post-141955","page","type-page","status-publish","has-post-thumbnail","hentry"],"acf":[],"yoast_head":"<!-- This site is optimized with the Yoast SEO Premium plugin v27.2 (Yoast SEO v27.2) - https:\/\/yoast.com\/product\/yoast-seo-premium-wordpress\/ -->\n<title>Gramatyka katalo\u0144ska - Talkpal<\/title>\n<meta name=\"description\" content=\"Odkryj podstawy gramatyki j\u0119zyka katalo\u0144skiego i rozpocznij swoj\u0105 przygod\u0119 z tym pi\u0119knym j\u0119zykiem roma\u0144skim ju\u017c dzi\u015b!\" \/>\n<meta name=\"robots\" content=\"index, follow, max-snippet:-1, max-image-preview:large, max-video-preview:-1\" \/>\n<link rel=\"canonical\" href=\"https:\/\/talkpal.ai\/pl\/gramatyka-katalonska\/\" \/>\n<meta property=\"og:locale\" content=\"pl_PL\" \/>\n<meta property=\"og:type\" content=\"article\" \/>\n<meta property=\"og:title\" content=\"Gramatyka katalo\u0144ska\" \/>\n<meta property=\"og:description\" content=\"Gramatyka katalo\u0144ska: kr\u00f3tki przewodnik dla entuzjast\u00f3w j\u0119zyk\u00f3w Planujesz nauczy\u0107 si\u0119 katalo\u0144skiego lub po prostu jeste\u015b ciekawy tego pi\u0119knego j\u0119zyka\" \/>\n<meta property=\"og:url\" content=\"https:\/\/talkpal.ai\/pl\/gramatyka-katalonska\/\" \/>\n<meta property=\"og:site_name\" content=\"Talkpal\" \/>\n<meta property=\"article:publisher\" content=\"https:\/\/www.facebook.com\/profile.php?id=100090733639311\" \/>\n<meta property=\"article:modified_time\" content=\"2025-05-22T18:35:18+00:00\" \/>\n<meta property=\"og:image\" content=\"https:\/\/talkpal.ai\/wp-content\/uploads\/2023\/08\/Catalan.png\" \/>\n\t<meta property=\"og:image:width\" content=\"479\" \/>\n\t<meta property=\"og:image:height\" content=\"479\" \/>\n\t<meta property=\"og:image:type\" content=\"image\/png\" \/>\n<meta name=\"twitter:card\" content=\"summary_large_image\" \/>\n<meta name=\"twitter:site\" content=\"@talkpalai\" \/>\n<meta name=\"twitter:label1\" content=\"Szacowany czas czytania\" \/>\n\t<meta name=\"twitter:data1\" content=\"4 minuty\" \/>\n<script type=\"application\/ld+json\" class=\"yoast-schema-graph\">{\"@context\":\"https:\/\/schema.org\",\"@graph\":[{\"@type\":\"WebPage\",\"@id\":\"https:\/\/talkpal.ai\/pl\/gramatyka-katalonska\/\",\"url\":\"https:\/\/talkpal.ai\/pl\/gramatyka-katalonska\/\",\"name\":\"Gramatyka katalo\u0144ska - Talkpal\",\"isPartOf\":{\"@id\":\"https:\/\/talkpal.ai\/pl\/#website\"},\"primaryImageOfPage\":{\"@id\":\"https:\/\/talkpal.ai\/pl\/gramatyka-katalonska\/#primaryimage\"},\"image\":{\"@id\":\"https:\/\/talkpal.ai\/pl\/gramatyka-katalonska\/#primaryimage\"},\"thumbnailUrl\":\"https:\/\/talkpal.ai\/wp-content\/uploads\/2023\/08\/Catalan.png\",\"datePublished\":\"2023-05-14T14:00:56+00:00\",\"dateModified\":\"2025-05-22T18:35:18+00:00\",\"description\":\"Odkryj podstawy gramatyki j\u0119zyka katalo\u0144skiego i rozpocznij swoj\u0105 przygod\u0119 z tym pi\u0119knym j\u0119zykiem roma\u0144skim ju\u017c dzi\u015b!\",\"breadcrumb\":{\"@id\":\"https:\/\/talkpal.ai\/pl\/gramatyka-katalonska\/#breadcrumb\"},\"inLanguage\":\"pl-PL\",\"potentialAction\":[{\"@type\":\"ReadAction\",\"target\":[\"https:\/\/talkpal.ai\/pl\/gramatyka-katalonska\/\"]}]},{\"@type\":\"ImageObject\",\"inLanguage\":\"pl-PL\",\"@id\":\"https:\/\/talkpal.ai\/pl\/gramatyka-katalonska\/#primaryimage\",\"url\":\"https:\/\/talkpal.ai\/wp-content\/uploads\/2023\/08\/Catalan.png\",\"contentUrl\":\"https:\/\/talkpal.ai\/wp-content\/uploads\/2023\/08\/Catalan.png\",\"width\":479,\"height\":479},{\"@type\":\"BreadcrumbList\",\"@id\":\"https:\/\/talkpal.ai\/pl\/gramatyka-katalonska\/#breadcrumb\",\"itemListElement\":[{\"@type\":\"ListItem\",\"position\":1,\"name\":\"Homepage\",\"item\":\"https:\/\/talkpal.ai\/pl\/\"},{\"@type\":\"ListItem\",\"position\":2,\"name\":\"Gramatyka katalo\u0144ska\"}]},{\"@type\":\"WebSite\",\"@id\":\"https:\/\/talkpal.ai\/pl\/#website\",\"url\":\"https:\/\/talkpal.ai\/pl\/\",\"name\":\"Talkpal\",\"description\":\"AI Language Learning\",\"publisher\":{\"@id\":\"https:\/\/talkpal.ai\/pl\/#organization\"},\"alternateName\":\"Talkpal AI\",\"potentialAction\":[{\"@type\":\"SearchAction\",\"target\":{\"@type\":\"EntryPoint\",\"urlTemplate\":\"https:\/\/talkpal.ai\/pl\/?s={search_term_string}\"},\"query-input\":{\"@type\":\"PropertyValueSpecification\",\"valueRequired\":true,\"valueName\":\"search_term_string\"}}],\"inLanguage\":\"pl-PL\"},{\"@type\":\"Organization\",\"@id\":\"https:\/\/talkpal.ai\/pl\/#organization\",\"name\":\"Talkpal, Inc.\",\"alternateName\":\"Talkpal AI\",\"url\":\"https:\/\/talkpal.ai\/pl\/\",\"logo\":{\"@type\":\"ImageObject\",\"inLanguage\":\"pl-PL\",\"@id\":\"https:\/\/talkpal.ai\/pl\/#\/schema\/logo\/image\/\",\"url\":\"https:\/\/talkpal.ai\/wp-content\/uploads\/2024\/03\/Talkpal-Logo-Icon.png\",\"contentUrl\":\"https:\/\/talkpal.ai\/wp-content\/uploads\/2024\/03\/Talkpal-Logo-Icon.png\",\"width\":2880,\"height\":2880,\"caption\":\"Talkpal, Inc.\"},\"image\":{\"@id\":\"https:\/\/talkpal.ai\/pl\/#\/schema\/logo\/image\/\"},\"sameAs\":[\"https:\/\/www.facebook.com\/profile.php?id=100090733639311\",\"https:\/\/x.com\/talkpalai\",\"https:\/\/www.linkedin.com\/company\/talkpal\/\",\"https:\/\/www.youtube.com\/@TalkPal\/\",\"https:\/\/www.tiktok.com\/@talkpal\",\"https:\/\/www.instagram.com\/talkpal_ai\/\",\"https:\/\/www.crunchbase.com\/organization\/talkpal-9cde\",\"https:\/\/www.g2.com\/products\/talkpal-for-business\/\",\"https:\/\/www.trustpilot.com\/review\/talkpal.ai\",\"https:\/\/www.capterra.com\/p\/10006800\/TalkPal\/\"],\"description\":\"Talkpal is a language learning web and mobile education app, powered by the latest AI technologies, that provides engaging experiences to its customers in many different languages to help them improve their language skills. Users can chat about unlimited amount of topics with the app and use other modes to practice their language learning.\",\"email\":\"support@talkpal.ai\",\"legalName\":\"Talkpal, Inc.\",\"foundingDate\":\"2023-04-03\",\"duns\":\"118989042\",\"numberOfEmployees\":{\"@type\":\"QuantitativeValue\",\"minValue\":\"11\",\"maxValue\":\"50\"},\"publishingPrinciples\":\"https:\/\/talkpal.ai\/publishing-principles\/\",\"actionableFeedbackPolicy\":\"https:\/\/talkpal.ai\/actionable-feedback-policy\/\",\"correctionsPolicy\":\"https:\/\/talkpal.ai\/corrections-policy\/\",\"ethicsPolicy\":\"https:\/\/talkpal.ai\/ethics-policy\/\",\"diversityPolicy\":\"https:\/\/talkpal.ai\/diversity-policy\/\",\"diversityStaffingReport\":\"https:\/\/talkpal.ai\/diversity-policy\/\"}]}<\/script>\n<!-- \/ Yoast SEO Premium plugin. -->","yoast_head_json":{"title":"Gramatyka katalo\u0144ska - Talkpal","description":"Odkryj podstawy gramatyki j\u0119zyka katalo\u0144skiego i rozpocznij swoj\u0105 przygod\u0119 z tym pi\u0119knym j\u0119zykiem roma\u0144skim ju\u017c dzi\u015b!","robots":{"index":"index","follow":"follow","max-snippet":"max-snippet:-1","max-image-preview":"max-image-preview:large","max-video-preview":"max-video-preview:-1"},"canonical":"https:\/\/talkpal.ai\/pl\/gramatyka-katalonska\/","og_locale":"pl_PL","og_type":"article","og_title":"Gramatyka katalo\u0144ska","og_description":"Gramatyka katalo\u0144ska: kr\u00f3tki przewodnik dla entuzjast\u00f3w j\u0119zyk\u00f3w Planujesz nauczy\u0107 si\u0119 katalo\u0144skiego lub po prostu jeste\u015b ciekawy tego pi\u0119knego j\u0119zyka","og_url":"https:\/\/talkpal.ai\/pl\/gramatyka-katalonska\/","og_site_name":"Talkpal","article_publisher":"https:\/\/www.facebook.com\/profile.php?id=100090733639311","article_modified_time":"2025-05-22T18:35:18+00:00","og_image":[{"width":479,"height":479,"url":"https:\/\/talkpal.ai\/wp-content\/uploads\/2023\/08\/Catalan.png","type":"image\/png"}],"twitter_card":"summary_large_image","twitter_site":"@talkpalai","twitter_misc":{"Szacowany czas czytania":"4 minuty"},"schema":{"@context":"https:\/\/schema.org","@graph":[{"@type":"WebPage","@id":"https:\/\/talkpal.ai\/pl\/gramatyka-katalonska\/","url":"https:\/\/talkpal.ai\/pl\/gramatyka-katalonska\/","name":"Gramatyka katalo\u0144ska - Talkpal","isPartOf":{"@id":"https:\/\/talkpal.ai\/pl\/#website"},"primaryImageOfPage":{"@id":"https:\/\/talkpal.ai\/pl\/gramatyka-katalonska\/#primaryimage"},"image":{"@id":"https:\/\/talkpal.ai\/pl\/gramatyka-katalonska\/#primaryimage"},"thumbnailUrl":"https:\/\/talkpal.ai\/wp-content\/uploads\/2023\/08\/Catalan.png","datePublished":"2023-05-14T14:00:56+00:00","dateModified":"2025-05-22T18:35:18+00:00","description":"Odkryj podstawy gramatyki j\u0119zyka katalo\u0144skiego i rozpocznij swoj\u0105 przygod\u0119 z tym pi\u0119knym j\u0119zykiem roma\u0144skim ju\u017c dzi\u015b!","breadcrumb":{"@id":"https:\/\/talkpal.ai\/pl\/gramatyka-katalonska\/#breadcrumb"},"inLanguage":"pl-PL","potentialAction":[{"@type":"ReadAction","target":["https:\/\/talkpal.ai\/pl\/gramatyka-katalonska\/"]}]},{"@type":"ImageObject","inLanguage":"pl-PL","@id":"https:\/\/talkpal.ai\/pl\/gramatyka-katalonska\/#primaryimage","url":"https:\/\/talkpal.ai\/wp-content\/uploads\/2023\/08\/Catalan.png","contentUrl":"https:\/\/talkpal.ai\/wp-content\/uploads\/2023\/08\/Catalan.png","width":479,"height":479},{"@type":"BreadcrumbList","@id":"https:\/\/talkpal.ai\/pl\/gramatyka-katalonska\/#breadcrumb","itemListElement":[{"@type":"ListItem","position":1,"name":"Homepage","item":"https:\/\/talkpal.ai\/pl\/"},{"@type":"ListItem","position":2,"name":"Gramatyka katalo\u0144ska"}]},{"@type":"WebSite","@id":"https:\/\/talkpal.ai\/pl\/#website","url":"https:\/\/talkpal.ai\/pl\/","name":"Talkpal","description":"AI Language Learning","publisher":{"@id":"https:\/\/talkpal.ai\/pl\/#organization"},"alternateName":"Talkpal AI","potentialAction":[{"@type":"SearchAction","target":{"@type":"EntryPoint","urlTemplate":"https:\/\/talkpal.ai\/pl\/?s={search_term_string}"},"query-input":{"@type":"PropertyValueSpecification","valueRequired":true,"valueName":"search_term_string"}}],"inLanguage":"pl-PL"},{"@type":"Organization","@id":"https:\/\/talkpal.ai\/pl\/#organization","name":"Talkpal, Inc.","alternateName":"Talkpal AI","url":"https:\/\/talkpal.ai\/pl\/","logo":{"@type":"ImageObject","inLanguage":"pl-PL","@id":"https:\/\/talkpal.ai\/pl\/#\/schema\/logo\/image\/","url":"https:\/\/talkpal.ai\/wp-content\/uploads\/2024\/03\/Talkpal-Logo-Icon.png","contentUrl":"https:\/\/talkpal.ai\/wp-content\/uploads\/2024\/03\/Talkpal-Logo-Icon.png","width":2880,"height":2880,"caption":"Talkpal, Inc."},"image":{"@id":"https:\/\/talkpal.ai\/pl\/#\/schema\/logo\/image\/"},"sameAs":["https:\/\/www.facebook.com\/profile.php?id=100090733639311","https:\/\/x.com\/talkpalai","https:\/\/www.linkedin.com\/company\/talkpal\/","https:\/\/www.youtube.com\/@TalkPal\/","https:\/\/www.tiktok.com\/@talkpal","https:\/\/www.instagram.com\/talkpal_ai\/","https:\/\/www.crunchbase.com\/organization\/talkpal-9cde","https:\/\/www.g2.com\/products\/talkpal-for-business\/","https:\/\/www.trustpilot.com\/review\/talkpal.ai","https:\/\/www.capterra.com\/p\/10006800\/TalkPal\/"],"description":"Talkpal is a language learning web and mobile education app, powered by the latest AI technologies, that provides engaging experiences to its customers in many different languages to help them improve their language skills. Users can chat about unlimited amount of topics with the app and use other modes to practice their language learning.","email":"support@talkpal.ai","legalName":"Talkpal, Inc.","foundingDate":"2023-04-03","duns":"118989042","numberOfEmployees":{"@type":"QuantitativeValue","minValue":"11","maxValue":"50"},"publishingPrinciples":"https:\/\/talkpal.ai\/publishing-principles\/","actionableFeedbackPolicy":"https:\/\/talkpal.ai\/actionable-feedback-policy\/","correctionsPolicy":"https:\/\/talkpal.ai\/corrections-policy\/","ethicsPolicy":"https:\/\/talkpal.ai\/ethics-policy\/","diversityPolicy":"https:\/\/talkpal.ai\/diversity-policy\/","diversityStaffingReport":"https:\/\/talkpal.ai\/diversity-policy\/"}]}},"_links":{"self":[{"href":"https:\/\/talkpal.ai\/pl\/wp-json\/wp\/v2\/pages\/141955","targetHints":{"allow":["GET"]}}],"collection":[{"href":"https:\/\/talkpal.ai\/pl\/wp-json\/wp\/v2\/pages"}],"about":[{"href":"https:\/\/talkpal.ai\/pl\/wp-json\/wp\/v2\/types\/page"}],"author":[{"embeddable":true,"href":"https:\/\/talkpal.ai\/pl\/wp-json\/wp\/v2\/users\/1"}],"replies":[{"embeddable":true,"href":"https:\/\/talkpal.ai\/pl\/wp-json\/wp\/v2\/comments?post=141955"}],"version-history":[{"count":0,"href":"https:\/\/talkpal.ai\/pl\/wp-json\/wp\/v2\/pages\/141955\/revisions"}],"wp:featuredmedia":[{"embeddable":true,"href":"https:\/\/talkpal.ai\/pl\/wp-json\/wp\/v2\/media\/141960"}],"wp:attachment":[{"href":"https:\/\/talkpal.ai\/pl\/wp-json\/wp\/v2\/media?parent=141955"}],"curies":[{"name":"wp","href":"https:\/\/api.w.org\/{rel}","templated":true}]}}