{"id":141810,"date":"2023-05-14T14:00:39","date_gmt":"2023-05-14T14:00:39","guid":{"rendered":"http:\/\/talkpal.ai\/gramatyka-bulgarska\/"},"modified":"2025-05-22T14:38:00","modified_gmt":"2025-05-22T14:38:00","slug":"gramatyka-bulgarska","status":"publish","type":"page","link":"https:\/\/talkpal.ai\/pl\/gramatyka-bulgarska\/","title":{"rendered":"Gramatyka bu\u0142garska"},"content":{"rendered":"\r\n\r\n\r\n<section class=\"languageChallengeSection\">\r\n    <div class=\"languageInfoWrapper\">\r\n        \r\n        <h1>Gramatyka bu\u0142garska<\/h1>\r\n        <p>Poznaj unikalne cechy gramatyki bu\u0142garskiej i zdob\u0105d\u017a narz\u0119dzia do pewnej komunikacji w tym t\u0119tni\u0105cym \u017cyciem j\u0119zyku s\u0142owia\u0144skim. Rozumiej\u0105c jego podstawowe zasady, zwi\u0119kszysz swoj\u0105 zdolno\u015b\u0107 do nawi\u0105zywania kontaktu z rodzimymi u\u017cytkownikami j\u0119zyka i zag\u0142\u0119bisz si\u0119 w bogate dziedzictwo Bu\u0142garii. Rozpocznij swoj\u0105 przygod\u0119 z gramatyk\u0105 bu\u0142garsk\u0105 ju\u017c dzi\u015b i zr\u00f3b pierwszy krok w kierunku opanowania j\u0119zyka!<\/p>\r\n\r\n                            <a class=\"getStartedHidden\" href=\"https:\/\/app.talkpal.ai\/pl\/signup?lng=\">Zaczynaj<\/a>\r\n        \r\n    <\/div>\r\n\r\n    <figure>\r\n    <img decoding=\"async\" width=\"768\" height=\"768\" src=\"https:\/\/talkpal.ai\/wp-content\/uploads\/2023\/06\/bulgarian-768x768.png\" class=\"languageImage no-lazy\" alt=\"Language learning for deeper cultural understanding\" fetchpriority=\"high\" sizes=\"(max-width: 768px) 150px, 768px\" srcset=\"https:\/\/talkpal.ai\/wp-content\/uploads\/2023\/06\/bulgarian-768x768.png 768w, https:\/\/talkpal.ai\/wp-content\/uploads\/2023\/06\/bulgarian-300x300.png 300w\" \/>\r\n    \r\n\r\n    <\/figure>\r\n\r\n            <a class=\"getStartedVisible\" href=\"https:\/\/app.talkpal.ai\/pl\/signup?lng=\">Zaczynaj<\/a>\r\n    \r\n<\/section>\r\n<section class=\"promotionalBanner\">\r\n    <p class=\"promotionalText\">Najbardziej efektywny spos\u00f3b nauki j\u0119zyka<\/p>\r\n    <a class=\"promotionalLink\" href=\"https:\/\/app.talkpal.ai\/pl\/signup?lng=\">Wypr\u00f3buj Talkpal za darmo<\/a>\r\n<\/section>\n<div class=\"wp-block-group pageContainerStyle\"><div class=\"wp-block-group__inner-container is-layout-constrained wp-block-group-is-layout-constrained\">\n<h2 class=\"wp-block-heading\" id=\"h-the-ultimate-guide-to-bulgarian-grammar-navigating-the-intricacies-of-a-rich-language\">Kompletny przewodnik po gramatyce bu\u0142garskiej: poruszanie si\u0119 po zawi\u0142o\u015bciach bogatego j\u0119zyka<\/h2>\n\n\n\n<p><a href=\"https:\/\/talkpal.ai\/bulgarian-grammar\/\">Gramatyka bu\u0142garska<\/a>, podobnie jak sam j\u0119zyk, jest fascynuj\u0105c\u0105 mieszank\u0105 prostoty, z\u0142o\u017cono\u015bci i bogatej historii kulturowej. Jako jeden z najstarszych j\u0119zyk\u00f3w s\u0142owia\u0144skich, <a href=\"https:\/\/talkpal.ai\/learn-bulgarian\/\">bu\u0142garski<\/a> oferuje uczniom j\u0119zykowe emocje i stanowi wyzwanie nawet dla najbardziej bieg\u0142ych u\u017cytkownik\u00f3w. W tym przewodniku zbadamy kluczowe zasady gramatyki bu\u0142garskiej, wyja\u015bnimy jej zawi\u0142o\u015bci i pomo\u017cemy ci w opanowaniu tego pi\u0119knego j\u0119zyka. Zanurzmy si\u0119!<\/p>\n\n\n\n<h2 class=\"wp-block-heading\" id=\"h-the-nuts-and-bolts-bulgarian-sentence-structure\">Nakr\u0119tki i: bu\u0142garska struktura zdania<\/h2>\n\n\n\n<p>Zasadniczo <a href=\"https:\/\/talkpal.ai\/bulgarian-grammar\/\">gramatyka bu\u0142garska<\/a> jest do\u015b\u0107 prosta. J\u0119zyk ma struktur\u0119 zda\u0144 Podmiot-Orzeczenie-Dope\u0142nienie (SVO), podobnie jak <a href=\"https:\/\/talkpal.ai\/learn-english-with-ai\/\">angielski<\/a> i wiele innych j\u0119zyk\u00f3w. Przyk\u0142adowo, zdanie &#8222;Jem jab\u0142ko&#8221; t\u0142umaczy si\u0119 jako &#8222;\u0410\u0437 \u044f\u043c \u044f\u0431\u044a\u043b\u043a\u0430&#8221; (Az yam yabalka). Proste, prawda? Gdy jednak zag\u0142\u0119bimy si\u0119 w temat, odkryjemy, \u017ce bu\u0142garska <a href=\"https:\/\/talkpal.ai\/grammar\/\">gramatyka<\/a> jest pe\u0142na niespodzianek i unikalnych cech.<\/p>\n\n\n\n<h3 class=\"wp-block-heading\" id=\"h-meet-the-family-bulgarian-nouns-and-their-genders\">Poznaj rodzin\u0119: bu\u0142garskie rzeczowniki i ich rodzaje<\/h3>\n\n\n\n<p>Jednym z najbardziej k\u0142opotliwych aspekt\u00f3w gramatyki bu\u0142garskiej dla os\u00f3b angloj\u0119zycznych jest poj\u0119cie rodzaju gramatycznego. W j\u0119zyku bu\u0142garskim ka\u017cdy rzeczownik jest przypisany do jednego z trzech rodzaj\u00f3w &#8211; m\u0119skiego, \u017ce\u0144skiego i nijakiego. Niezb\u0119dne jest rozpoznanie rodzaju rzeczownika, poniewa\u017c ma to wp\u0142yw na form\u0119 przymiotnik\u00f3w i zaimk\u00f3w oraz koniugacj\u0119 czasownik\u00f3w, kt\u00f3re nast\u0119puj\u0105 po nim.<\/p>\n\n\n\n<p>Jak wi\u0119c okre\u015bli\u0107 p\u0142e\u0107 rzeczownika? Og\u00f3lnie rzecz bior\u0105c, chodzi o zako\u0144czenie:<\/p>\n\n\n\n<p><strong>&#8211; Rzeczowniki rodzaju m\u0119skiego zazwyczaj ko\u0144cz\u0105 si\u0119 sp\u00f3\u0142g\u0142osk\u0105.<\/strong><\/p>\n\n\n\n<p><strong>&#8211; Rzeczowniki rodzaju \u017ce\u0144skiego zazwyczaj ko\u0144cz\u0105 si\u0119 na -\u0430 (-a) lub -\u044f (-ya).<\/strong><\/p>\n\n\n\n<p><strong>&#8211; Rzeczowniki rodzaju nijakiego cz\u0119sto ko\u0144cz\u0105 si\u0119 na -\u043e (-o) lub -\u0435 (-\u0435).<\/strong><\/p>\n\n\n\n<p>Na przyk\u0142ad, &#8222;\u043c\u044a\u0436&#8221; (mazh) oznacza &#8222;m\u0119\u017cczyzna&#8221; i jest rodzaju m\u0119skiego, &#8222;\u0436\u0435\u043d\u0430&#8221; (zhena) oznacza &#8222;kobieta&#8221; i jest rodzaju \u017ce\u0144skiego, a &#8222;\u0434\u0435\u0442\u0435&#8221; (dete) oznacza &#8222;dziecko&#8221; i jest rodzaju nijakiego.<\/p>\n\n\n\n<p>Oczywi\u015bcie istniej\u0105 wyj\u0105tki, dlatego tak wa\u017cne jest, aby uczy\u0107 si\u0119 rzeczownik\u00f3w wraz z ich rodzajami.<\/p>\n\n\n\n<h3 class=\"wp-block-heading\" id=\"h-playing-with-numbers-bulgarian-plurals\">Zabawa liczbami: bu\u0142garska liczba mnoga<\/h3>\n\n\n\n<p>Po opanowaniu rodzaju bu\u0142garskich rzeczownik\u00f3w, nadszed\u0142 czas, aby zaj\u0105\u0107 si\u0119 ich liczb\u0105 mnog\u0105. Og\u00f3lnie rzecz bior\u0105c, liczb\u0119 mnog\u0105 tworzy si\u0119 poprzez dodanie okre\u015blonych ko\u0144c\u00f3wek, kt\u00f3re odpowiadaj\u0105 rodzajowi rzeczownika:<\/p>\n\n\n\n<p><strong>&#8211; Rzeczowniki rodzaju m\u0119skiego zmieniaj\u0105 ostatni\u0105 sp\u00f3\u0142g\u0142osk\u0119 na -\u0438 (-i) lub dodaj\u0105 -\u043e\u0432\u0435 (-ove).<\/strong><\/p>\n\n\n\n<p><strong>&#8211; Rzeczowniki rodzaju \u017ce\u0144skiego zast\u0119puj\u0105 -\u0430 lub -\u044f przez -\u0438 lub -\u0435.<\/strong><\/p>\n\n\n\n<p><strong>&#8211; Rzeczowniki rodzaju nijakiego zast\u0119puj\u0105 -\u043e lub -\u0435 przez -\u0430.<\/strong><\/p>\n\n\n\n<p>Na przyk\u0142ad &#8222;\u0443\u0447\u0435\u043d\u0438\u043a&#8221; (uchenik, m\u0119ski) staje si\u0119 &#8222;\u0443\u0447\u0435\u043d\u0438\u0446\u0438&#8221; (uchenici, <a href=\"https:\/\/talkpal.ai\/talkpal-discount-for-students\/\">studenci<\/a>), a &#8222;\u043a\u043d\u0438\u0433\u0430&#8221; (kniga, \u017ce\u0144ski) staje si\u0119 &#8222;\u043a\u043d\u0438\u0433\u0438&#8221; (knigi, ksi\u0105\u017cki).<\/p>\n\n\n\n<p>Ta regu\u0142a ma wyj\u0105tki, wi\u0119c miej oko na nieregularn\u0105 liczb\u0119 mnog\u0105 i odpowiednio poszerz swoje s\u0142ownictwo.<\/p>\n\n\n\n<h3 class=\"wp-block-heading\" id=\"h-the-art-of-conjugation-bulgarian-verbs\">Sztuka koniugacji: czasowniki bu\u0142garskie<\/h3>\n\n\n\n<p>Bu\u0142garskie czasowniki mog\u0105 by\u0107 onie\u015bmielaj\u0105ce ze wzgl\u0119du na sam\u0105 liczb\u0119 czas\u00f3w, nastroj\u00f3w i koniugacji. Jednak kluczem do ich z\u0142amania jest rozpoznawanie wzorc\u00f3w i regularne \u0107wiczenia.<\/p>\n\n\n\n<p>W j\u0119zyku bu\u0142garskim czasowniki s\u0105 podzielone na trzy grupy na podstawie ich ko\u0144c\u00f3wki bezokolicznika: -\u0430 (-a), -\u0435 (-\u0435) lub -\u0438 (-i). Ka\u017cda grupa ma swoje specyficzne zasady koniugacji. Dla przyk\u0142adu, we\u017amy czasownik &#8222;\u043f\u0438\u0448\u0430&#8221; (pisha, &#8222;pisa\u0107&#8221;):<\/p>\n\n\n\n<p><strong>Czas tera\u017aniejszy: \u0410\u0437 \u043f\u0438\u0448\u0430 (Az pisha, &#8222;pisz\u0119&#8221;)<\/strong><\/p>\n\n\n\n<p><strong>Czas przesz\u0142y: \u0410\u0437 \u043f\u0438\u0441\u0430\u0445 (Az pisah, &#8222;napisa\u0142em&#8221;)<\/strong><\/p>\n\n\n\n<p><strong>Czas przysz\u0142y: \u0410\u0437 \u0449\u0435 \u043f\u0438\u0448\u0430 (Az shte pisha, &#8222;napisz\u0119&#8221;)<\/strong><\/p>\n\n\n\n<p>Jak wida\u0107, zako\u0144czenia zmieniaj\u0105 si\u0119 w zale\u017cno\u015bci od czasu. A to nawet nie zarysowuje powierzchni bu\u0142garskiej koniugacji czasownik\u00f3w! Nie daj si\u0119 jednak przyt\u0142oczy\u0107. Dzi\u0119ki praktyce i cierpliwo\u015bci zaczniesz rozpoznawa\u0107 wzorce i pokonasz to wyzwanie.<\/p>\n\n\n\n<h3 class=\"wp-block-heading\" id=\"h-the-finishing-touches-bulgarian-adjectives-adverbs-and-more\">Ostatnie szlify: bu\u0142garskie przymiotniki, przys\u0142\u00f3wki i nie tylko<\/h3>\n\n\n\n<p>Je\u015bli chodzi o bu\u0142garskie przymiotniki i przys\u0142\u00f3wki, odgrywaj\u0105 one kluczow\u0105 rol\u0119 w dodawaniu g\u0142\u0119bi i z\u0142o\u017cono\u015bci do Twojej mowy. Przymiotniki musz\u0105 zgadza\u0107 si\u0119 z rzeczownikami, kt\u00f3re modyfikuj\u0105 pod wzgl\u0119dem p\u0142ci, a zazwyczaj znajdziesz 3 formy &#8211; m\u0119sk\u0105, \u017ce\u0144sk\u0105 i nijak\u0105.<\/p>\n\n\n\n<p>Na przyk\u0142ad &#8222;\u0434\u043e\u0431\u044a\u0440&#8221; (dobur) oznacza &#8222;dobry&#8221; i wyst\u0119puje jako &#8222;\u0434\u043e\u0431\u044a\u0440 \u043c\u044a\u0436&#8221; (dobur mazh, &#8222;dobry m\u0119\u017cczyzna&#8221;), &#8222;\u0434\u043e\u0431\u0440\u0430 \u0436\u0435\u043d\u0430&#8221; (dobra zhena, &#8222;dobra kobieta&#8221;) i &#8222;\u0434\u043e\u0431\u0440\u043e \u0434\u0435\u0442\u0435&#8221; (dobro dete, &#8222;dobre dziecko&#8221;). Przys\u0142\u00f3wki maj\u0105 podobne wzorce, cz\u0119sto pochodz\u0105ce od przymiotnik\u00f3w.<\/p>\n\n\n\n<p>Podsumowuj\u0105c, zawi\u0142o\u015bci i dziwactwa bu\u0142garskiej gramatyki, cho\u0107 z\u0142o\u017cone, nadaj\u0105 temu j\u0119zykowi urzekaj\u0105ce pi\u0119kno i charakter. Dzi\u0119ki po\u0142\u0105czeniu wytrwa\u0142o\u015bci, ciekawo\u015bci i praktycznego zastosowania, wkr\u00f3tce b\u0119dziesz porusza\u0107 si\u0119 po bu\u0142garskiej gramatyce z \u0142atwo\u015bci\u0105 i pewno\u015bci\u0105 siebie. Mi\u0142ej nauki!<\/p>\n<\/div><\/div>\n\r\n<section class=\"learnNavigationSection\">\r\n            \r\n        <a href=\"https:\/\/talkpal.ai\/pl\/naucz-sie-bulgarskiego\/\">\r\n            <div class=\"learnNavigationWrapper\">\r\n                <div class=\"learnNavigationContent\">\r\n                    <img decoding=\"async\" src=\"https:\/\/talkpal.ai\/wp-content\/uploads\/2024\/08\/Bulgarian.jpg\" alt=\"Bulgarian Flag\">\r\n                    <div>\r\n                        <h4>O nauce j\u0119zyka bu\u0142garskiego<\/h4>\r\n                        <p>Dowiedz si\u0119 wszystkiego o gramatyce bu\u0142garskiej .<\/p>\r\n                    <\/div>\r\n                <\/div>\r\n            <\/div>\r\n        <\/a>\r\n\r\n        \r\n        <a href=\"https:\/\/talkpal.ai\/pl\/cwiczenia-gramatyczne-z-jezyka-bulgarskiego\/\">\r\n            <div class=\"learnNavigationWrapper\">\r\n                <div class=\"learnNavigationContent\">\r\n                    <img decoding=\"async\" src=\"https:\/\/talkpal.ai\/wp-content\/uploads\/2024\/08\/Bulgarian.jpg\" alt=\"Bulgarian Flag\">\r\n                    <div>\r\n                        <h4>\u0106wiczenie z gramatyki j\u0119zyka bu\u0142garskiego<\/h4>\r\n                        <p>\u0106wicz gramatyk\u0119 bu\u0142garsk\u0105 .<\/p>\r\n                    <\/div>\r\n                <\/div>\r\n            <\/div>\r\n        <\/a>\r\n\r\n        \r\n        <a href=\"https:\/\/talkpal.ai\/vocabulary_language\/bulgarian\/\">\r\n            <div class=\"learnNavigationWrapper\">\r\n                <div class=\"learnNavigationContent\">\r\n                    <img decoding=\"async\" src=\"https:\/\/talkpal.ai\/wp-content\/uploads\/2024\/08\/Bulgarian.jpg\" alt=\"Bulgarian Flag\">\r\n                    <div>\r\n                        <h4>S\u0142ownictwo bu\u0142garskie<\/h4>\r\n                        <p>Poszerz swoje bu\u0142garskie s\u0142ownictwo.<\/p>\r\n                    <\/div>\r\n                <\/div>\r\n            <\/div>\r\n        <\/a>\r\n\r\n            <\/section>","protected":false},"excerpt":{"rendered":"<p>Kompletny przewodnik po gramatyce bu\u0142garskiej: poruszanie si\u0119 po zawi\u0142o\u015bciach bogatego j\u0119zyka Gramatyka bu\u0142garska, podobnie jak sam j\u0119zyk, jest fascynuj\u0105c\u0105 mieszank\u0105 prostoty, z\u0142o\u017cono\u015bci i bogatej historii kulturowej. Jako jeden z najstarszych j\u0119zyk\u00f3w s\u0142owia\u0144skich, bu\u0142garski oferuje uczniom j\u0119zykowe emocje i stanowi wyzwanie nawet dla najbardziej bieg\u0142ych u\u017cytkownik\u00f3w. W tym przewodniku zbadamy kluczowe zasady gramatyki bu\u0142garskiej, wyja\u015bnimy jej [&hellip;]<\/p>\n","protected":false},"author":1,"featured_media":111188,"parent":0,"menu_order":0,"comment_status":"closed","ping_status":"closed","template":"LearningContentPage.php","meta":{"_acf_changed":false,"footnotes":""},"class_list":["post-141810","page","type-page","status-publish","has-post-thumbnail","hentry"],"acf":[],"yoast_head":"<!-- This site is optimized with the Yoast SEO Premium plugin v27.2 (Yoast SEO v27.2) - https:\/\/yoast.com\/product\/yoast-seo-premium-wordpress\/ -->\n<title>Gramatyka bu\u0142garska - Talkpal<\/title>\n<meta name=\"description\" content=\"Poznaj podstawy gramatyki j\u0119zyka bu\u0142garskiego, aby lepiej rozumie\u0107 j\u0119zyk i rozwija\u0107 umiej\u0119tno\u015bci komunikacyjne.\" \/>\n<meta name=\"robots\" content=\"index, follow, max-snippet:-1, max-image-preview:large, max-video-preview:-1\" \/>\n<link rel=\"canonical\" href=\"https:\/\/talkpal.ai\/pl\/gramatyka-bulgarska\/\" \/>\n<meta property=\"og:locale\" content=\"pl_PL\" \/>\n<meta property=\"og:type\" content=\"article\" \/>\n<meta property=\"og:title\" content=\"Gramatyka bu\u0142garska\" \/>\n<meta property=\"og:description\" content=\"Kompletny przewodnik po gramatyce bu\u0142garskiej: poruszanie si\u0119 po zawi\u0142o\u015bciach bogatego j\u0119zyka Gramatyka bu\u0142garska, podobnie jak sam j\u0119zyk, jest\" \/>\n<meta property=\"og:url\" content=\"https:\/\/talkpal.ai\/pl\/gramatyka-bulgarska\/\" \/>\n<meta property=\"og:site_name\" content=\"Talkpal\" \/>\n<meta property=\"article:publisher\" content=\"https:\/\/www.facebook.com\/profile.php?id=100090733639311\" \/>\n<meta property=\"article:modified_time\" content=\"2025-05-22T14:38:00+00:00\" \/>\n<meta property=\"og:image\" content=\"https:\/\/talkpal.ai\/wp-content\/uploads\/2023\/05\/bulgaria.png\" \/>\n\t<meta property=\"og:image:width\" content=\"512\" \/>\n\t<meta property=\"og:image:height\" content=\"512\" \/>\n\t<meta property=\"og:image:type\" content=\"image\/png\" \/>\n<meta name=\"twitter:card\" content=\"summary_large_image\" \/>\n<meta name=\"twitter:site\" content=\"@talkpalai\" \/>\n<meta name=\"twitter:label1\" content=\"Szacowany czas czytania\" \/>\n\t<meta name=\"twitter:data1\" content=\"4 minuty\" \/>\n<script type=\"application\/ld+json\" class=\"yoast-schema-graph\">{\"@context\":\"https:\/\/schema.org\",\"@graph\":[{\"@type\":\"WebPage\",\"@id\":\"https:\/\/talkpal.ai\/pl\/gramatyka-bulgarska\/\",\"url\":\"https:\/\/talkpal.ai\/pl\/gramatyka-bulgarska\/\",\"name\":\"Gramatyka bu\u0142garska - Talkpal\",\"isPartOf\":{\"@id\":\"https:\/\/talkpal.ai\/pl\/#website\"},\"primaryImageOfPage\":{\"@id\":\"https:\/\/talkpal.ai\/pl\/gramatyka-bulgarska\/#primaryimage\"},\"image\":{\"@id\":\"https:\/\/talkpal.ai\/pl\/gramatyka-bulgarska\/#primaryimage\"},\"thumbnailUrl\":\"https:\/\/talkpal.ai\/wp-content\/uploads\/2023\/05\/bulgaria.png\",\"datePublished\":\"2023-05-14T14:00:39+00:00\",\"dateModified\":\"2025-05-22T14:38:00+00:00\",\"description\":\"Poznaj podstawy gramatyki j\u0119zyka bu\u0142garskiego, aby lepiej rozumie\u0107 j\u0119zyk i rozwija\u0107 umiej\u0119tno\u015bci komunikacyjne.\",\"breadcrumb\":{\"@id\":\"https:\/\/talkpal.ai\/pl\/gramatyka-bulgarska\/#breadcrumb\"},\"inLanguage\":\"pl-PL\",\"potentialAction\":[{\"@type\":\"ReadAction\",\"target\":[\"https:\/\/talkpal.ai\/pl\/gramatyka-bulgarska\/\"]}]},{\"@type\":\"ImageObject\",\"inLanguage\":\"pl-PL\",\"@id\":\"https:\/\/talkpal.ai\/pl\/gramatyka-bulgarska\/#primaryimage\",\"url\":\"https:\/\/talkpal.ai\/wp-content\/uploads\/2023\/05\/bulgaria.png\",\"contentUrl\":\"https:\/\/talkpal.ai\/wp-content\/uploads\/2023\/05\/bulgaria.png\",\"width\":512,\"height\":512},{\"@type\":\"BreadcrumbList\",\"@id\":\"https:\/\/talkpal.ai\/pl\/gramatyka-bulgarska\/#breadcrumb\",\"itemListElement\":[{\"@type\":\"ListItem\",\"position\":1,\"name\":\"Homepage\",\"item\":\"https:\/\/talkpal.ai\/pl\/\"},{\"@type\":\"ListItem\",\"position\":2,\"name\":\"Gramatyka bu\u0142garska\"}]},{\"@type\":\"WebSite\",\"@id\":\"https:\/\/talkpal.ai\/pl\/#website\",\"url\":\"https:\/\/talkpal.ai\/pl\/\",\"name\":\"Talkpal\",\"description\":\"AI Language Learning\",\"publisher\":{\"@id\":\"https:\/\/talkpal.ai\/pl\/#organization\"},\"alternateName\":\"Talkpal AI\",\"potentialAction\":[{\"@type\":\"SearchAction\",\"target\":{\"@type\":\"EntryPoint\",\"urlTemplate\":\"https:\/\/talkpal.ai\/pl\/?s={search_term_string}\"},\"query-input\":{\"@type\":\"PropertyValueSpecification\",\"valueRequired\":true,\"valueName\":\"search_term_string\"}}],\"inLanguage\":\"pl-PL\"},{\"@type\":\"Organization\",\"@id\":\"https:\/\/talkpal.ai\/pl\/#organization\",\"name\":\"Talkpal, Inc.\",\"alternateName\":\"Talkpal AI\",\"url\":\"https:\/\/talkpal.ai\/pl\/\",\"logo\":{\"@type\":\"ImageObject\",\"inLanguage\":\"pl-PL\",\"@id\":\"https:\/\/talkpal.ai\/pl\/#\/schema\/logo\/image\/\",\"url\":\"https:\/\/talkpal.ai\/wp-content\/uploads\/2024\/03\/Talkpal-Logo-Icon.png\",\"contentUrl\":\"https:\/\/talkpal.ai\/wp-content\/uploads\/2024\/03\/Talkpal-Logo-Icon.png\",\"width\":2880,\"height\":2880,\"caption\":\"Talkpal, Inc.\"},\"image\":{\"@id\":\"https:\/\/talkpal.ai\/pl\/#\/schema\/logo\/image\/\"},\"sameAs\":[\"https:\/\/www.facebook.com\/profile.php?id=100090733639311\",\"https:\/\/x.com\/talkpalai\",\"https:\/\/www.linkedin.com\/company\/talkpal\/\",\"https:\/\/www.youtube.com\/@TalkPal\/\",\"https:\/\/www.tiktok.com\/@talkpal\",\"https:\/\/www.instagram.com\/talkpal_ai\/\",\"https:\/\/www.crunchbase.com\/organization\/talkpal-9cde\",\"https:\/\/www.g2.com\/products\/talkpal-for-business\/\",\"https:\/\/www.trustpilot.com\/review\/talkpal.ai\",\"https:\/\/www.capterra.com\/p\/10006800\/TalkPal\/\"],\"description\":\"Talkpal is a language learning web and mobile education app, powered by the latest AI technologies, that provides engaging experiences to its customers in many different languages to help them improve their language skills. Users can chat about unlimited amount of topics with the app and use other modes to practice their language learning.\",\"email\":\"support@talkpal.ai\",\"legalName\":\"Talkpal, Inc.\",\"foundingDate\":\"2023-04-03\",\"duns\":\"118989042\",\"numberOfEmployees\":{\"@type\":\"QuantitativeValue\",\"minValue\":\"11\",\"maxValue\":\"50\"},\"publishingPrinciples\":\"https:\/\/talkpal.ai\/publishing-principles\/\",\"actionableFeedbackPolicy\":\"https:\/\/talkpal.ai\/actionable-feedback-policy\/\",\"correctionsPolicy\":\"https:\/\/talkpal.ai\/corrections-policy\/\",\"ethicsPolicy\":\"https:\/\/talkpal.ai\/ethics-policy\/\",\"diversityPolicy\":\"https:\/\/talkpal.ai\/diversity-policy\/\",\"diversityStaffingReport\":\"https:\/\/talkpal.ai\/diversity-policy\/\"}]}<\/script>\n<!-- \/ Yoast SEO Premium plugin. -->","yoast_head_json":{"title":"Gramatyka bu\u0142garska - Talkpal","description":"Poznaj podstawy gramatyki j\u0119zyka bu\u0142garskiego, aby lepiej rozumie\u0107 j\u0119zyk i rozwija\u0107 umiej\u0119tno\u015bci komunikacyjne.","robots":{"index":"index","follow":"follow","max-snippet":"max-snippet:-1","max-image-preview":"max-image-preview:large","max-video-preview":"max-video-preview:-1"},"canonical":"https:\/\/talkpal.ai\/pl\/gramatyka-bulgarska\/","og_locale":"pl_PL","og_type":"article","og_title":"Gramatyka bu\u0142garska","og_description":"Kompletny przewodnik po gramatyce bu\u0142garskiej: poruszanie si\u0119 po zawi\u0142o\u015bciach bogatego j\u0119zyka Gramatyka bu\u0142garska, podobnie jak sam j\u0119zyk, jest","og_url":"https:\/\/talkpal.ai\/pl\/gramatyka-bulgarska\/","og_site_name":"Talkpal","article_publisher":"https:\/\/www.facebook.com\/profile.php?id=100090733639311","article_modified_time":"2025-05-22T14:38:00+00:00","og_image":[{"width":512,"height":512,"url":"https:\/\/talkpal.ai\/wp-content\/uploads\/2023\/05\/bulgaria.png","type":"image\/png"}],"twitter_card":"summary_large_image","twitter_site":"@talkpalai","twitter_misc":{"Szacowany czas czytania":"4 minuty"},"schema":{"@context":"https:\/\/schema.org","@graph":[{"@type":"WebPage","@id":"https:\/\/talkpal.ai\/pl\/gramatyka-bulgarska\/","url":"https:\/\/talkpal.ai\/pl\/gramatyka-bulgarska\/","name":"Gramatyka bu\u0142garska - Talkpal","isPartOf":{"@id":"https:\/\/talkpal.ai\/pl\/#website"},"primaryImageOfPage":{"@id":"https:\/\/talkpal.ai\/pl\/gramatyka-bulgarska\/#primaryimage"},"image":{"@id":"https:\/\/talkpal.ai\/pl\/gramatyka-bulgarska\/#primaryimage"},"thumbnailUrl":"https:\/\/talkpal.ai\/wp-content\/uploads\/2023\/05\/bulgaria.png","datePublished":"2023-05-14T14:00:39+00:00","dateModified":"2025-05-22T14:38:00+00:00","description":"Poznaj podstawy gramatyki j\u0119zyka bu\u0142garskiego, aby lepiej rozumie\u0107 j\u0119zyk i rozwija\u0107 umiej\u0119tno\u015bci komunikacyjne.","breadcrumb":{"@id":"https:\/\/talkpal.ai\/pl\/gramatyka-bulgarska\/#breadcrumb"},"inLanguage":"pl-PL","potentialAction":[{"@type":"ReadAction","target":["https:\/\/talkpal.ai\/pl\/gramatyka-bulgarska\/"]}]},{"@type":"ImageObject","inLanguage":"pl-PL","@id":"https:\/\/talkpal.ai\/pl\/gramatyka-bulgarska\/#primaryimage","url":"https:\/\/talkpal.ai\/wp-content\/uploads\/2023\/05\/bulgaria.png","contentUrl":"https:\/\/talkpal.ai\/wp-content\/uploads\/2023\/05\/bulgaria.png","width":512,"height":512},{"@type":"BreadcrumbList","@id":"https:\/\/talkpal.ai\/pl\/gramatyka-bulgarska\/#breadcrumb","itemListElement":[{"@type":"ListItem","position":1,"name":"Homepage","item":"https:\/\/talkpal.ai\/pl\/"},{"@type":"ListItem","position":2,"name":"Gramatyka bu\u0142garska"}]},{"@type":"WebSite","@id":"https:\/\/talkpal.ai\/pl\/#website","url":"https:\/\/talkpal.ai\/pl\/","name":"Talkpal","description":"AI Language Learning","publisher":{"@id":"https:\/\/talkpal.ai\/pl\/#organization"},"alternateName":"Talkpal AI","potentialAction":[{"@type":"SearchAction","target":{"@type":"EntryPoint","urlTemplate":"https:\/\/talkpal.ai\/pl\/?s={search_term_string}"},"query-input":{"@type":"PropertyValueSpecification","valueRequired":true,"valueName":"search_term_string"}}],"inLanguage":"pl-PL"},{"@type":"Organization","@id":"https:\/\/talkpal.ai\/pl\/#organization","name":"Talkpal, Inc.","alternateName":"Talkpal AI","url":"https:\/\/talkpal.ai\/pl\/","logo":{"@type":"ImageObject","inLanguage":"pl-PL","@id":"https:\/\/talkpal.ai\/pl\/#\/schema\/logo\/image\/","url":"https:\/\/talkpal.ai\/wp-content\/uploads\/2024\/03\/Talkpal-Logo-Icon.png","contentUrl":"https:\/\/talkpal.ai\/wp-content\/uploads\/2024\/03\/Talkpal-Logo-Icon.png","width":2880,"height":2880,"caption":"Talkpal, Inc."},"image":{"@id":"https:\/\/talkpal.ai\/pl\/#\/schema\/logo\/image\/"},"sameAs":["https:\/\/www.facebook.com\/profile.php?id=100090733639311","https:\/\/x.com\/talkpalai","https:\/\/www.linkedin.com\/company\/talkpal\/","https:\/\/www.youtube.com\/@TalkPal\/","https:\/\/www.tiktok.com\/@talkpal","https:\/\/www.instagram.com\/talkpal_ai\/","https:\/\/www.crunchbase.com\/organization\/talkpal-9cde","https:\/\/www.g2.com\/products\/talkpal-for-business\/","https:\/\/www.trustpilot.com\/review\/talkpal.ai","https:\/\/www.capterra.com\/p\/10006800\/TalkPal\/"],"description":"Talkpal is a language learning web and mobile education app, powered by the latest AI technologies, that provides engaging experiences to its customers in many different languages to help them improve their language skills. Users can chat about unlimited amount of topics with the app and use other modes to practice their language learning.","email":"support@talkpal.ai","legalName":"Talkpal, Inc.","foundingDate":"2023-04-03","duns":"118989042","numberOfEmployees":{"@type":"QuantitativeValue","minValue":"11","maxValue":"50"},"publishingPrinciples":"https:\/\/talkpal.ai\/publishing-principles\/","actionableFeedbackPolicy":"https:\/\/talkpal.ai\/actionable-feedback-policy\/","correctionsPolicy":"https:\/\/talkpal.ai\/corrections-policy\/","ethicsPolicy":"https:\/\/talkpal.ai\/ethics-policy\/","diversityPolicy":"https:\/\/talkpal.ai\/diversity-policy\/","diversityStaffingReport":"https:\/\/talkpal.ai\/diversity-policy\/"}]}},"_links":{"self":[{"href":"https:\/\/talkpal.ai\/pl\/wp-json\/wp\/v2\/pages\/141810","targetHints":{"allow":["GET"]}}],"collection":[{"href":"https:\/\/talkpal.ai\/pl\/wp-json\/wp\/v2\/pages"}],"about":[{"href":"https:\/\/talkpal.ai\/pl\/wp-json\/wp\/v2\/types\/page"}],"author":[{"embeddable":true,"href":"https:\/\/talkpal.ai\/pl\/wp-json\/wp\/v2\/users\/1"}],"replies":[{"embeddable":true,"href":"https:\/\/talkpal.ai\/pl\/wp-json\/wp\/v2\/comments?post=141810"}],"version-history":[{"count":0,"href":"https:\/\/talkpal.ai\/pl\/wp-json\/wp\/v2\/pages\/141810\/revisions"}],"wp:featuredmedia":[{"embeddable":true,"href":"https:\/\/talkpal.ai\/pl\/wp-json\/wp\/v2\/media\/111188"}],"wp:attachment":[{"href":"https:\/\/talkpal.ai\/pl\/wp-json\/wp\/v2\/media?parent=141810"}],"curies":[{"name":"wp","href":"https:\/\/api.w.org\/{rel}","templated":true}]}}