{"id":141593,"date":"2023-05-14T14:00:03","date_gmt":"2023-05-14T14:00:03","guid":{"rendered":"http:\/\/talkpal.ai\/gramatyka-bosniacka\/"},"modified":"2025-05-22T14:40:46","modified_gmt":"2025-05-22T14:40:46","slug":"gramatyka-bosniacka","status":"publish","type":"page","link":"https:\/\/talkpal.ai\/pl\/gramatyka-bosniacka\/","title":{"rendered":"Gramatyka bo\u015bniacka"},"content":{"rendered":"\r\n\r\n\r\n<section class=\"languageChallengeSection\">\r\n    <div class=\"languageInfoWrapper\">\r\n        \r\n        <h1>Gramatyka bo\u015bniacka<\/h1>\r\n        <p>Odblokuj bogaty i ekspresyjny \u015bwiat j\u0119zyka bo\u015bniackiego, opanowuj\u0105c jego podstawowe zasady gramatyczne. Solidne opanowanie gramatyki bo\u015bniackiej pomo\u017ce ci komunikowa\u0107 si\u0119 pewnie i g\u0142\u0119biej doceni\u0107 kultur\u0119. Rozpocznij nauk\u0119 gramatyki bo\u015bniackiej ju\u017c dzi\u015b i zr\u00f3b pierwszy krok w kierunku p\u0142ynnego pos\u0142ugiwania si\u0119 tym j\u0119zykiem!<\/p>\r\n\r\n                            <a class=\"getStartedHidden\" href=\"https:\/\/app.talkpal.ai\/pl\/signup?lng=\">Zaczynaj<\/a>\r\n        \r\n    <\/div>\r\n\r\n    <figure>\r\n    <img decoding=\"async\" width=\"768\" height=\"768\" src=\"https:\/\/talkpal.ai\/wp-content\/uploads\/2023\/06\/bosinian-768x768.png\" class=\"languageImage no-lazy\" alt=\"Language learning for increasing employability\" fetchpriority=\"high\" sizes=\"(max-width: 768px) 150px, 768px\" srcset=\"https:\/\/talkpal.ai\/wp-content\/uploads\/2023\/06\/bosinian-768x768.png 768w, https:\/\/talkpal.ai\/wp-content\/uploads\/2023\/06\/bosinian-300x300.png 300w\" \/>\r\n    \r\n\r\n    <\/figure>\r\n\r\n            <a class=\"getStartedVisible\" href=\"https:\/\/app.talkpal.ai\/pl\/signup?lng=\">Zaczynaj<\/a>\r\n    \r\n<\/section>\r\n<section class=\"promotionalBanner\">\r\n    <p class=\"promotionalText\">Najbardziej efektywny spos\u00f3b nauki j\u0119zyka<\/p>\r\n    <a class=\"promotionalLink\" href=\"https:\/\/app.talkpal.ai\/pl\/signup?lng=\">Wypr\u00f3buj Talkpal za darmo<\/a>\r\n<\/section>\n<div class=\"wp-block-group pageContainerStyle\"><div class=\"wp-block-group__inner-container is-layout-constrained wp-block-group-is-layout-constrained\">\n<h2 class=\"wp-block-heading\" id=\"h-bosnian-grammar-a-guide-to-understanding-its-unique-features\">Gramatyka bo\u015bniacka: przewodnik po zrozumieniu jej unikalnych cech<\/h2>\n\n\n\n<p>Uczysz si\u0119 j\u0119zyka bo\u015bniackiego i zastanawiasz si\u0119 nad jego gramatyk\u0105? Nie b\u00f3j si\u0119! W tym artykule zag\u0142\u0119bimy si\u0119 w tajemnice bo\u015bniackiej gramatyki i pomo\u017cemy ci zrozumie\u0107 jej unikalne cechy, a wszystko to przy zachowaniu prostoty i zaanga\u017cowania. Gotowy, aby wyruszy\u0107 w t\u0119 ekscytuj\u0105c\u0105 podr\u00f3\u017c j\u0119zykow\u0105? Zaczynajmy!<\/p>\n\n\n\n<h3 class=\"wp-block-heading\" id=\"h-the-fundamentals-nouns-and-pronouns\">Podstawy: rzeczowniki i zaimki<\/h3>\n\n\n\n<p>Po pierwsze, wa\u017cne jest, aby wiedzie\u0107, \u017ce <a href=\"https:\/\/talkpal.ai\/learn-bosnian\/\">bo\u015bniacki<\/a>, podobnie jak inne j\u0119zyki s\u0142owia\u0144skie, ma trzy rodzaje gramatyczne: m\u0119ski, \u017ce\u0144ski i nijaki. Jak rozpozna\u0107, do jakiej p\u0142ci nale\u017cy rzeczownik? To proste! Wszystko zale\u017cy od zako\u0144czenia. Oto kr\u00f3tki przewodnik:<\/p>\n\n\n\n<p><strong>&#8211; Rzeczowniki rodzaju m\u0119skiego zazwyczaj ko\u0144cz\u0105 si\u0119 sp\u00f3\u0142g\u0142osk\u0105,<\/strong><\/p>\n\n\n\n<p><strong>&#8211; Rzeczowniki rodzaju \u017ce\u0144skiego zazwyczaj ko\u0144cz\u0105 si\u0119 na -a,<\/strong><\/p>\n\n\n\n<p><strong>&#8211; Rzeczowniki rodzaju nijakiego najcz\u0119\u015bciej ko\u0144cz\u0105 si\u0119 na -o lub -e.<\/strong><\/p>\n\n\n\n<p>Pami\u0119taj, \u017ce s\u0105 to og\u00f3lne zasady i mog\u0105 istnie\u0107 wyj\u0105tki. Porozmawiajmy teraz o zaimkach. Zaimki osobowe w j\u0119zyku bo\u015bniackim odmieniaj\u0105 si\u0119 w zale\u017cno\u015bci od rodzaju rzeczownika, liczby (pojedynczej lub mnogiej) i przypadku (wi\u0119cej o przypadkach w dalszej cz\u0119\u015bci tekstu). W j\u0119zyku bo\u015bniackim istnieje siedem zaimk\u00f3w osobowych: ja (ja), ti (ty, liczba pojedyncza\/nieformalna), on (on), ona (ona), <a href=\"https:\/\/talkpal.ai\/locations\/language-courses-in-ono\/\">ono<\/a> (to), mi (my) i vi (ty, liczba mnoga\/formalna). Pami\u0119taj, \u017ce j\u0119zyk bo\u015bniacki ma zar\u00f3wno nieformalny, jak i formalny spos\u00f3b zwracania si\u0119 do ludzi \u2013 wi\u0119c upewnij si\u0119, \u017ce u\u017cywasz w\u0142a\u015bciwego zaimka, gdy z kim\u015b rozmawiasz!<\/p>\n\n\n\n<h3 class=\"wp-block-heading\" id=\"h-next-up-verb-conjugation\">Dalej: koniugacja czasownik\u00f3w<\/h3>\n\n\n\n<p>Czasowniki s\u0105 podstaw\u0105 ka\u017cdego j\u0119zyka, a bo\u015bniacki nie jest wyj\u0105tkiem. Czasowniki bo\u015bniackie maj\u0105 dwa g\u0142\u00f3wne wzorce koniugacji: jeden dla czasownik\u00f3w ko\u0144cz\u0105cych si\u0119 na -ti (pierwsza koniugacja), a drugi dla czasownik\u00f3w ko\u0144cz\u0105cych si\u0119 na -\u0107i (druga koniugacja). W obu przypadkach ko\u0144c\u00f3wki czasownik\u00f3w zmieniaj\u0105 si\u0119 w zale\u017cno\u015bci od p\u0142ci, liczby i czasu podmiotu.<\/p>\n\n\n\n<p>M\u00f3wi\u0105c o czasach, bo\u015bniacki ma trzy proste czasy: tera\u017aniejszy, przesz\u0142y i przysz\u0142y. Czas tera\u017aniejszy jest tworzony przez dodanie okre\u015blonych ko\u0144c\u00f3wek do rdzenia czasownika. Z drugiej strony, czas przesz\u0142y jest tworzony przy u\u017cyciu czasownika posi\u0142kowego &#8222;biti&#8221; (by\u0107) w formie bezokolicznika &#8222;bio&#8221; i imies\u0142owu biernego. Wreszcie, czas przysz\u0142y jest tworzony przez po\u0142\u0105czenie czasownika posi\u0142kowego &#8222;htjeti&#8221; (b\u0119dzie) i bezokolicznikowej formy czasownika g\u0142\u00f3wnego.<\/p>\n\n\n\n<h3 class=\"wp-block-heading\" id=\"h-the-magic-of-cases\">Magia spraw<\/h3>\n\n\n\n<p><a href=\"https:\/\/talkpal.ai\/bosnian-grammar\/\">Gramatyka bo\u015bniacka<\/a> wykorzystuje system przypadk\u00f3w, co oznacza, \u017ce rzeczowniki, zaimki, przymiotniki, a czasem nawet czasowniki zmieniaj\u0105 swoje formy w zale\u017cno\u015bci od ich funkcji w zdaniu. W j\u0119zyku bo\u015bniackim wyst\u0119puje siedem przypadk\u00f3w: mianownik, dope\u0142niacz, celownik, zbieranik, wo\u0142acz, narz\u0119dnik i miejscownik.<\/p>\n\n\n\n<p>Nie daj si\u0119 zastraszy\u0107 tym terminom! To tylko kwestia praktyki. Ka\u017cdy przypadek s\u0142u\u017cy okre\u015blonemu celowi i odpowiada na konkretne pytania:<\/p>\n\n\n\n<p><strong>1. Mianownik:<\/strong> Podmiot zdania. Kto lub co wykonuje akcj\u0119?<\/p>\n\n\n\n<p><strong>2. Dope\u0142niacz:<\/strong> Wskazuje na posiadanie, pochodzenie lub cz\u0119\u015b\u0107 czego\u015b. Czyj lub czego?<\/p>\n\n\n\n<p><strong>3. Celownik:<\/strong> Dope\u0142nienie po\u015brednie \u2013 komu lub dla kogo co\u015b jest dane lub zrobione?<\/p>\n\n\n\n<p><strong>4. Biernik:<\/strong> Dope\u0142nienie bli\u017csze \u2013 kto lub co otrzymuje czynno\u015b\u0107?<\/p>\n\n\n\n<p><strong>5. Wo\u0142acz:<\/strong> U\u017cywany do bezpo\u015bredniego zwracania si\u0119 do kogo\u015b lub czego\u015b \u2013 Hej, ty!<\/p>\n\n\n\n<p><strong>6. Instrumentalny:<\/strong> Reprezentuje \u015brodki lub metod\u0119 dzia\u0142ania \u2013 za pomoc\u0105 czego lub przez kogo?<\/p>\n\n\n\n<p><strong>7. Lokalizator:<\/strong> Demonstruje lokalizacj\u0119 lub pozycj\u0119 czego\u015b \u2013 gdzie lub w czym?<\/p>\n\n\n\n<h3 class=\"wp-block-heading\" id=\"h-loving-the-adjectives\">Kochanie przymiotnik\u00f3w<\/h3>\n\n\n\n<p>Przymiotniki w j\u0119zyku bo\u015bniackim zgadzaj\u0105 si\u0119 z rzeczownikiem, kt\u00f3ry modyfikuj\u0105 pod wzgl\u0119dem rodzaju, liczby i przypadku. Oznacza to, \u017ce przymiotniki, podobnie jak rzeczowniki i zaimki, maj\u0105 r\u00f3\u017cne formy w zale\u017cno\u015bci od rzeczownika, kt\u00f3ry opisuj\u0105.<\/p>\n\n\n\n<p>Na przyk\u0142ad, je\u015bli chcesz powiedzie\u0107 &#8222;du\u017cy dom&#8221; w j\u0119zyku bo\u015bniackim (kt\u00f3ry jest rzeczownikiem rodzaju \u017ce\u0144skiego), powiesz &#8222;velika ku\u0107a&#8221;. Je\u015bli jednak m\u00f3wimy o &#8222;du\u017cym samochodzie&#8221; (rzeczownik rodzaju m\u0119skiego), powiedzieliby\u015bmy &#8222;veliki auto&#8221;.<\/p>\n\n\n\n<h3 class=\"wp-block-heading\" id=\"h-final-thoughts\">Ko\u0144cowe przemy\u015blenia<\/h3>\n\n\n\n<p><a href=\"https:\/\/talkpal.ai\/grammar\/\">Gramatyka<\/a> bo\u015bniacka, z jej rodzajem, przypadkami i koniugacj\u0105 czasownik\u00f3w, mo\u017ce pocz\u0105tkowo wydawa\u0107 si\u0119 skomplikowana, ale pami\u0119taj: praktyka czyni mistrza! Chodzi o zrozumienie systemu i wykorzystanie go w rzeczywistych sytuacjach. B\u0105d\u017a cierpliwy, \u0107wicz, a wkr\u00f3tce opanujesz pi\u0119kny j\u0119zyk bo\u015bniacki. Sretno! (<a href=\"https:\/\/talkpal.ai\/culture\/how-do-you-say-good-luck-in-polish\/\">Powodzenia<\/a>!)<\/p>\n<\/div><\/div>\n\r\n<section class=\"learnNavigationSection\">\r\n            \r\n        <a href=\"https:\/\/talkpal.ai\/pl\/naucz-sie-bosniacki\/\">\r\n            <div class=\"learnNavigationWrapper\">\r\n                <div class=\"learnNavigationContent\">\r\n                    <img decoding=\"async\" src=\"https:\/\/talkpal.ai\/wp-content\/uploads\/2024\/08\/Bosnian.jpg\" alt=\"Bosnian Flag\">\r\n                    <div>\r\n                        <h4>O Bosnian Learning<\/h4>\r\n                        <p>Dowiedz si\u0119 wszystkiego o gramatyce bo\u015bniackiej .<\/p>\r\n                    <\/div>\r\n                <\/div>\r\n            <\/div>\r\n        <\/a>\r\n\r\n        \r\n        <a href=\"https:\/\/talkpal.ai\/pl\/cwiczenia-gramatyczne-z-jezyka-bosniackiego\/\">\r\n            <div class=\"learnNavigationWrapper\">\r\n                <div class=\"learnNavigationContent\">\r\n                    <img decoding=\"async\" src=\"https:\/\/talkpal.ai\/wp-content\/uploads\/2024\/08\/Bosnian.jpg\" alt=\"Bosnian Flag\">\r\n                    <div>\r\n                        <h4>Bo\u015bniacki \u0106wiczenie gramatyczne<\/h4>\r\n                        <p>\u0106wicz gramatyk\u0119 bo\u015bniack\u0105 .<\/p>\r\n                    <\/div>\r\n                <\/div>\r\n            <\/div>\r\n        <\/a>\r\n\r\n        \r\n        <a href=\"https:\/\/talkpal.ai\/vocabulary_language\/bosnian\/\">\r\n            <div class=\"learnNavigationWrapper\">\r\n                <div class=\"learnNavigationContent\">\r\n                    <img decoding=\"async\" src=\"https:\/\/talkpal.ai\/wp-content\/uploads\/2024\/08\/Bosnian.jpg\" alt=\"Bosnian Flag\">\r\n                    <div>\r\n                        <h4>Bo\u015bniackie s\u0142ownictwo<\/h4>\r\n                        <p>Poszerz swoje bo\u015bniackie s\u0142ownictwo.<\/p>\r\n                    <\/div>\r\n                <\/div>\r\n            <\/div>\r\n        <\/a>\r\n\r\n            <\/section>","protected":false},"excerpt":{"rendered":"<p>Gramatyka bo\u015bniacka: przewodnik po zrozumieniu jej unikalnych cech Uczysz si\u0119 j\u0119zyka bo\u015bniackiego i zastanawiasz si\u0119 nad jego gramatyk\u0105? Nie b\u00f3j si\u0119! W tym artykule zag\u0142\u0119bimy si\u0119 w tajemnice bo\u015bniackiej gramatyki i pomo\u017cemy ci zrozumie\u0107 jej unikalne cechy, a wszystko to przy zachowaniu prostoty i zaanga\u017cowania. Gotowy, aby wyruszy\u0107 w t\u0119 ekscytuj\u0105c\u0105 podr\u00f3\u017c j\u0119zykow\u0105? Zaczynajmy! Podstawy: [&hellip;]<\/p>\n","protected":false},"author":1,"featured_media":111406,"parent":0,"menu_order":0,"comment_status":"closed","ping_status":"closed","template":"LearningContentPage.php","meta":{"_acf_changed":false,"footnotes":""},"class_list":["post-141593","page","type-page","status-publish","has-post-thumbnail","hentry"],"acf":[],"yoast_head":"<!-- This site is optimized with the Yoast SEO Premium plugin v27.2 (Yoast SEO v27.2) - https:\/\/yoast.com\/product\/yoast-seo-premium-wordpress\/ -->\n<title>Gramatyka bo\u015bniacka - Talkpal<\/title>\n<meta name=\"description\" content=\"Opanuj gramatyk\u0119 bo\u015bniack\u0105 bez wysi\u0142ku dzi\u0119ki Talkpal, samouczkowi j\u0119zykowemu opartemu na sztucznej inteligencji. Odkryj proste wyja\u015bnienia, praktyczne wskaz\u00f3wki i interaktywne \u0107wiczenia!\" \/>\n<meta name=\"robots\" content=\"index, follow, max-snippet:-1, max-image-preview:large, max-video-preview:-1\" \/>\n<link rel=\"canonical\" href=\"https:\/\/talkpal.ai\/pl\/gramatyka-bosniacka\/\" \/>\n<meta property=\"og:locale\" content=\"pl_PL\" \/>\n<meta property=\"og:type\" content=\"article\" \/>\n<meta property=\"og:title\" content=\"Gramatyka bo\u015bniacka\" \/>\n<meta property=\"og:description\" content=\"Gramatyka bo\u015bniacka: przewodnik po zrozumieniu jej unikalnych cech Uczysz si\u0119 j\u0119zyka bo\u015bniackiego i zastanawiasz si\u0119 nad jego gramatyk\u0105? Nie b\u00f3j si\u0119! W\" \/>\n<meta property=\"og:url\" content=\"https:\/\/talkpal.ai\/pl\/gramatyka-bosniacka\/\" \/>\n<meta property=\"og:site_name\" content=\"Talkpal\" \/>\n<meta property=\"article:publisher\" content=\"https:\/\/www.facebook.com\/profile.php?id=100090733639311\" \/>\n<meta property=\"article:modified_time\" content=\"2025-05-22T14:40:46+00:00\" \/>\n<meta property=\"og:image\" content=\"https:\/\/talkpal.ai\/wp-content\/uploads\/2023\/05\/bosnia-and-herzegovina.png\" \/>\n\t<meta property=\"og:image:width\" content=\"512\" \/>\n\t<meta property=\"og:image:height\" content=\"512\" \/>\n\t<meta property=\"og:image:type\" content=\"image\/png\" \/>\n<meta name=\"twitter:card\" content=\"summary_large_image\" \/>\n<meta name=\"twitter:site\" content=\"@talkpalai\" \/>\n<meta name=\"twitter:label1\" content=\"Szacowany czas czytania\" \/>\n\t<meta name=\"twitter:data1\" content=\"4 minuty\" \/>\n<script type=\"application\/ld+json\" class=\"yoast-schema-graph\">{\"@context\":\"https:\/\/schema.org\",\"@graph\":[{\"@type\":\"WebPage\",\"@id\":\"https:\/\/talkpal.ai\/pl\/gramatyka-bosniacka\/\",\"url\":\"https:\/\/talkpal.ai\/pl\/gramatyka-bosniacka\/\",\"name\":\"Gramatyka bo\u015bniacka - Talkpal\",\"isPartOf\":{\"@id\":\"https:\/\/talkpal.ai\/pl\/#website\"},\"primaryImageOfPage\":{\"@id\":\"https:\/\/talkpal.ai\/pl\/gramatyka-bosniacka\/#primaryimage\"},\"image\":{\"@id\":\"https:\/\/talkpal.ai\/pl\/gramatyka-bosniacka\/#primaryimage\"},\"thumbnailUrl\":\"https:\/\/talkpal.ai\/wp-content\/uploads\/2023\/05\/bosnia-and-herzegovina.png\",\"datePublished\":\"2023-05-14T14:00:03+00:00\",\"dateModified\":\"2025-05-22T14:40:46+00:00\",\"description\":\"Opanuj gramatyk\u0119 bo\u015bniack\u0105 bez wysi\u0142ku dzi\u0119ki Talkpal, samouczkowi j\u0119zykowemu opartemu na sztucznej inteligencji. Odkryj proste wyja\u015bnienia, praktyczne wskaz\u00f3wki i interaktywne \u0107wiczenia!\",\"breadcrumb\":{\"@id\":\"https:\/\/talkpal.ai\/pl\/gramatyka-bosniacka\/#breadcrumb\"},\"inLanguage\":\"pl-PL\",\"potentialAction\":[{\"@type\":\"ReadAction\",\"target\":[\"https:\/\/talkpal.ai\/pl\/gramatyka-bosniacka\/\"]}]},{\"@type\":\"ImageObject\",\"inLanguage\":\"pl-PL\",\"@id\":\"https:\/\/talkpal.ai\/pl\/gramatyka-bosniacka\/#primaryimage\",\"url\":\"https:\/\/talkpal.ai\/wp-content\/uploads\/2023\/05\/bosnia-and-herzegovina.png\",\"contentUrl\":\"https:\/\/talkpal.ai\/wp-content\/uploads\/2023\/05\/bosnia-and-herzegovina.png\",\"width\":512,\"height\":512},{\"@type\":\"BreadcrumbList\",\"@id\":\"https:\/\/talkpal.ai\/pl\/gramatyka-bosniacka\/#breadcrumb\",\"itemListElement\":[{\"@type\":\"ListItem\",\"position\":1,\"name\":\"Homepage\",\"item\":\"https:\/\/talkpal.ai\/pl\/\"},{\"@type\":\"ListItem\",\"position\":2,\"name\":\"Gramatyka bo\u015bniacka\"}]},{\"@type\":\"WebSite\",\"@id\":\"https:\/\/talkpal.ai\/pl\/#website\",\"url\":\"https:\/\/talkpal.ai\/pl\/\",\"name\":\"Talkpal\",\"description\":\"AI Language Learning\",\"publisher\":{\"@id\":\"https:\/\/talkpal.ai\/pl\/#organization\"},\"alternateName\":\"Talkpal AI\",\"potentialAction\":[{\"@type\":\"SearchAction\",\"target\":{\"@type\":\"EntryPoint\",\"urlTemplate\":\"https:\/\/talkpal.ai\/pl\/?s={search_term_string}\"},\"query-input\":{\"@type\":\"PropertyValueSpecification\",\"valueRequired\":true,\"valueName\":\"search_term_string\"}}],\"inLanguage\":\"pl-PL\"},{\"@type\":\"Organization\",\"@id\":\"https:\/\/talkpal.ai\/pl\/#organization\",\"name\":\"Talkpal, Inc.\",\"alternateName\":\"Talkpal AI\",\"url\":\"https:\/\/talkpal.ai\/pl\/\",\"logo\":{\"@type\":\"ImageObject\",\"inLanguage\":\"pl-PL\",\"@id\":\"https:\/\/talkpal.ai\/pl\/#\/schema\/logo\/image\/\",\"url\":\"https:\/\/talkpal.ai\/wp-content\/uploads\/2024\/03\/Talkpal-Logo-Icon.png\",\"contentUrl\":\"https:\/\/talkpal.ai\/wp-content\/uploads\/2024\/03\/Talkpal-Logo-Icon.png\",\"width\":2880,\"height\":2880,\"caption\":\"Talkpal, Inc.\"},\"image\":{\"@id\":\"https:\/\/talkpal.ai\/pl\/#\/schema\/logo\/image\/\"},\"sameAs\":[\"https:\/\/www.facebook.com\/profile.php?id=100090733639311\",\"https:\/\/x.com\/talkpalai\",\"https:\/\/www.linkedin.com\/company\/talkpal\/\",\"https:\/\/www.youtube.com\/@TalkPal\/\",\"https:\/\/www.tiktok.com\/@talkpal\",\"https:\/\/www.instagram.com\/talkpal_ai\/\",\"https:\/\/www.crunchbase.com\/organization\/talkpal-9cde\",\"https:\/\/www.g2.com\/products\/talkpal-for-business\/\",\"https:\/\/www.trustpilot.com\/review\/talkpal.ai\",\"https:\/\/www.capterra.com\/p\/10006800\/TalkPal\/\"],\"description\":\"Talkpal is a language learning web and mobile education app, powered by the latest AI technologies, that provides engaging experiences to its customers in many different languages to help them improve their language skills. Users can chat about unlimited amount of topics with the app and use other modes to practice their language learning.\",\"email\":\"support@talkpal.ai\",\"legalName\":\"Talkpal, Inc.\",\"foundingDate\":\"2023-04-03\",\"duns\":\"118989042\",\"numberOfEmployees\":{\"@type\":\"QuantitativeValue\",\"minValue\":\"11\",\"maxValue\":\"50\"},\"publishingPrinciples\":\"https:\/\/talkpal.ai\/publishing-principles\/\",\"actionableFeedbackPolicy\":\"https:\/\/talkpal.ai\/actionable-feedback-policy\/\",\"correctionsPolicy\":\"https:\/\/talkpal.ai\/corrections-policy\/\",\"ethicsPolicy\":\"https:\/\/talkpal.ai\/ethics-policy\/\",\"diversityPolicy\":\"https:\/\/talkpal.ai\/diversity-policy\/\",\"diversityStaffingReport\":\"https:\/\/talkpal.ai\/diversity-policy\/\"}]}<\/script>\n<!-- \/ Yoast SEO Premium plugin. -->","yoast_head_json":{"title":"Gramatyka bo\u015bniacka - Talkpal","description":"Opanuj gramatyk\u0119 bo\u015bniack\u0105 bez wysi\u0142ku dzi\u0119ki Talkpal, samouczkowi j\u0119zykowemu opartemu na sztucznej inteligencji. Odkryj proste wyja\u015bnienia, praktyczne wskaz\u00f3wki i interaktywne \u0107wiczenia!","robots":{"index":"index","follow":"follow","max-snippet":"max-snippet:-1","max-image-preview":"max-image-preview:large","max-video-preview":"max-video-preview:-1"},"canonical":"https:\/\/talkpal.ai\/pl\/gramatyka-bosniacka\/","og_locale":"pl_PL","og_type":"article","og_title":"Gramatyka bo\u015bniacka","og_description":"Gramatyka bo\u015bniacka: przewodnik po zrozumieniu jej unikalnych cech Uczysz si\u0119 j\u0119zyka bo\u015bniackiego i zastanawiasz si\u0119 nad jego gramatyk\u0105? Nie b\u00f3j si\u0119! W","og_url":"https:\/\/talkpal.ai\/pl\/gramatyka-bosniacka\/","og_site_name":"Talkpal","article_publisher":"https:\/\/www.facebook.com\/profile.php?id=100090733639311","article_modified_time":"2025-05-22T14:40:46+00:00","og_image":[{"width":512,"height":512,"url":"https:\/\/talkpal.ai\/wp-content\/uploads\/2023\/05\/bosnia-and-herzegovina.png","type":"image\/png"}],"twitter_card":"summary_large_image","twitter_site":"@talkpalai","twitter_misc":{"Szacowany czas czytania":"4 minuty"},"schema":{"@context":"https:\/\/schema.org","@graph":[{"@type":"WebPage","@id":"https:\/\/talkpal.ai\/pl\/gramatyka-bosniacka\/","url":"https:\/\/talkpal.ai\/pl\/gramatyka-bosniacka\/","name":"Gramatyka bo\u015bniacka - Talkpal","isPartOf":{"@id":"https:\/\/talkpal.ai\/pl\/#website"},"primaryImageOfPage":{"@id":"https:\/\/talkpal.ai\/pl\/gramatyka-bosniacka\/#primaryimage"},"image":{"@id":"https:\/\/talkpal.ai\/pl\/gramatyka-bosniacka\/#primaryimage"},"thumbnailUrl":"https:\/\/talkpal.ai\/wp-content\/uploads\/2023\/05\/bosnia-and-herzegovina.png","datePublished":"2023-05-14T14:00:03+00:00","dateModified":"2025-05-22T14:40:46+00:00","description":"Opanuj gramatyk\u0119 bo\u015bniack\u0105 bez wysi\u0142ku dzi\u0119ki Talkpal, samouczkowi j\u0119zykowemu opartemu na sztucznej inteligencji. Odkryj proste wyja\u015bnienia, praktyczne wskaz\u00f3wki i interaktywne \u0107wiczenia!","breadcrumb":{"@id":"https:\/\/talkpal.ai\/pl\/gramatyka-bosniacka\/#breadcrumb"},"inLanguage":"pl-PL","potentialAction":[{"@type":"ReadAction","target":["https:\/\/talkpal.ai\/pl\/gramatyka-bosniacka\/"]}]},{"@type":"ImageObject","inLanguage":"pl-PL","@id":"https:\/\/talkpal.ai\/pl\/gramatyka-bosniacka\/#primaryimage","url":"https:\/\/talkpal.ai\/wp-content\/uploads\/2023\/05\/bosnia-and-herzegovina.png","contentUrl":"https:\/\/talkpal.ai\/wp-content\/uploads\/2023\/05\/bosnia-and-herzegovina.png","width":512,"height":512},{"@type":"BreadcrumbList","@id":"https:\/\/talkpal.ai\/pl\/gramatyka-bosniacka\/#breadcrumb","itemListElement":[{"@type":"ListItem","position":1,"name":"Homepage","item":"https:\/\/talkpal.ai\/pl\/"},{"@type":"ListItem","position":2,"name":"Gramatyka bo\u015bniacka"}]},{"@type":"WebSite","@id":"https:\/\/talkpal.ai\/pl\/#website","url":"https:\/\/talkpal.ai\/pl\/","name":"Talkpal","description":"AI Language Learning","publisher":{"@id":"https:\/\/talkpal.ai\/pl\/#organization"},"alternateName":"Talkpal AI","potentialAction":[{"@type":"SearchAction","target":{"@type":"EntryPoint","urlTemplate":"https:\/\/talkpal.ai\/pl\/?s={search_term_string}"},"query-input":{"@type":"PropertyValueSpecification","valueRequired":true,"valueName":"search_term_string"}}],"inLanguage":"pl-PL"},{"@type":"Organization","@id":"https:\/\/talkpal.ai\/pl\/#organization","name":"Talkpal, Inc.","alternateName":"Talkpal AI","url":"https:\/\/talkpal.ai\/pl\/","logo":{"@type":"ImageObject","inLanguage":"pl-PL","@id":"https:\/\/talkpal.ai\/pl\/#\/schema\/logo\/image\/","url":"https:\/\/talkpal.ai\/wp-content\/uploads\/2024\/03\/Talkpal-Logo-Icon.png","contentUrl":"https:\/\/talkpal.ai\/wp-content\/uploads\/2024\/03\/Talkpal-Logo-Icon.png","width":2880,"height":2880,"caption":"Talkpal, Inc."},"image":{"@id":"https:\/\/talkpal.ai\/pl\/#\/schema\/logo\/image\/"},"sameAs":["https:\/\/www.facebook.com\/profile.php?id=100090733639311","https:\/\/x.com\/talkpalai","https:\/\/www.linkedin.com\/company\/talkpal\/","https:\/\/www.youtube.com\/@TalkPal\/","https:\/\/www.tiktok.com\/@talkpal","https:\/\/www.instagram.com\/talkpal_ai\/","https:\/\/www.crunchbase.com\/organization\/talkpal-9cde","https:\/\/www.g2.com\/products\/talkpal-for-business\/","https:\/\/www.trustpilot.com\/review\/talkpal.ai","https:\/\/www.capterra.com\/p\/10006800\/TalkPal\/"],"description":"Talkpal is a language learning web and mobile education app, powered by the latest AI technologies, that provides engaging experiences to its customers in many different languages to help them improve their language skills. Users can chat about unlimited amount of topics with the app and use other modes to practice their language learning.","email":"support@talkpal.ai","legalName":"Talkpal, Inc.","foundingDate":"2023-04-03","duns":"118989042","numberOfEmployees":{"@type":"QuantitativeValue","minValue":"11","maxValue":"50"},"publishingPrinciples":"https:\/\/talkpal.ai\/publishing-principles\/","actionableFeedbackPolicy":"https:\/\/talkpal.ai\/actionable-feedback-policy\/","correctionsPolicy":"https:\/\/talkpal.ai\/corrections-policy\/","ethicsPolicy":"https:\/\/talkpal.ai\/ethics-policy\/","diversityPolicy":"https:\/\/talkpal.ai\/diversity-policy\/","diversityStaffingReport":"https:\/\/talkpal.ai\/diversity-policy\/"}]}},"_links":{"self":[{"href":"https:\/\/talkpal.ai\/pl\/wp-json\/wp\/v2\/pages\/141593","targetHints":{"allow":["GET"]}}],"collection":[{"href":"https:\/\/talkpal.ai\/pl\/wp-json\/wp\/v2\/pages"}],"about":[{"href":"https:\/\/talkpal.ai\/pl\/wp-json\/wp\/v2\/types\/page"}],"author":[{"embeddable":true,"href":"https:\/\/talkpal.ai\/pl\/wp-json\/wp\/v2\/users\/1"}],"replies":[{"embeddable":true,"href":"https:\/\/talkpal.ai\/pl\/wp-json\/wp\/v2\/comments?post=141593"}],"version-history":[{"count":0,"href":"https:\/\/talkpal.ai\/pl\/wp-json\/wp\/v2\/pages\/141593\/revisions"}],"wp:featuredmedia":[{"embeddable":true,"href":"https:\/\/talkpal.ai\/pl\/wp-json\/wp\/v2\/media\/111406"}],"wp:attachment":[{"href":"https:\/\/talkpal.ai\/pl\/wp-json\/wp\/v2\/media?parent=141593"}],"curies":[{"name":"wp","href":"https:\/\/api.w.org\/{rel}","templated":true}]}}