{"id":140971,"date":"2023-05-14T13:59:42","date_gmt":"2023-05-14T13:59:42","guid":{"rendered":"http:\/\/talkpal.ai\/gramatyka-bialoruska\/"},"modified":"2025-05-22T13:49:15","modified_gmt":"2025-05-22T13:49:15","slug":"gramatyka-bialoruska","status":"publish","type":"page","link":"https:\/\/talkpal.ai\/pl\/gramatyka-bialoruska\/","title":{"rendered":"Gramatyka bia\u0142oruska"},"content":{"rendered":"\r\n\r\n\r\n<section class=\"languageChallengeSection\">\r\n    <div class=\"languageInfoWrapper\">\r\n        \r\n        <h1>Gramatyka bia\u0142oruska<\/h1>\r\n        <p>Odkryj pi\u0119kno i bogactwo j\u0119zyka bia\u0142oruskiego, poznaj\u0105c jego podstawowe zasady gramatyczne. Solidne zrozumienie bia\u0142oruskiej gramatyki pomo\u017ce ci komunikowa\u0107 si\u0119 z pewno\u015bci\u0105 siebie i nawi\u0105za\u0107 kontakt z bia\u0142orusk\u0105 kultur\u0105. Zanurz si\u0119 teraz i rozpocznij swoj\u0105 podr\u00f3\u017c do opanowania j\u0119zyka bia\u0142oruskiego ju\u017c dzi\u015b!<\/p>\r\n\r\n                            <a class=\"getStartedHidden\" href=\"https:\/\/app.talkpal.ai\/pl\/signup?lng=\">Zaczynaj<\/a>\r\n        \r\n    <\/div>\r\n\r\n    <figure>\r\n    <img decoding=\"async\" width=\"768\" height=\"768\" src=\"https:\/\/talkpal.ai\/wp-content\/uploads\/2023\/06\/belarusian-768x768.png\" class=\"languageImage no-lazy\" alt=\"Language learning for academic excellence\" fetchpriority=\"high\" sizes=\"(max-width: 768px) 150px, 768px\" srcset=\"https:\/\/talkpal.ai\/wp-content\/uploads\/2023\/06\/belarusian-768x768.png 768w, https:\/\/talkpal.ai\/wp-content\/uploads\/2023\/06\/belarusian-300x300.png 300w\" \/>\r\n    \r\n\r\n    <\/figure>\r\n\r\n            <a class=\"getStartedVisible\" href=\"https:\/\/app.talkpal.ai\/pl\/signup?lng=\">Zaczynaj<\/a>\r\n    \r\n<\/section>\r\n<section class=\"promotionalBanner\">\r\n    <p class=\"promotionalText\">Najbardziej efektywny spos\u00f3b nauki j\u0119zyka<\/p>\r\n    <a class=\"promotionalLink\" href=\"https:\/\/app.talkpal.ai\/pl\/signup?lng=\">Wypr\u00f3buj Talkpal za darmo<\/a>\r\n<\/section>\n<div class=\"wp-block-group pageContainerStyle\"><div class=\"wp-block-group__inner-container is-layout-constrained wp-block-group-is-layout-constrained\">\n<h2 class=\"wp-block-heading\" id=\"h-belarusian-grammar-a-closer-look-at-the-slavic-language-s-intricacies\">Gramatyka bia\u0142oruska: Bli\u017csze spojrzenie na zawi\u0142o\u015bci j\u0119zyka s\u0142owia\u0144skiego<\/h2>\n\n\n\n<p>Czy jeste\u015b aspiruj\u0105cym poliglot\u0105 zafascynowanym j\u0119zykami s\u0142owia\u0144skimi? A mo\u017ce po prostu jeste\u015b ciekawy gramatycznych zawi\u0142o\u015bci j\u0119zyk\u00f3w z tego interesuj\u0105cego regionu? Je\u015bli tak, zapnij pasy! W tym artykule zamierzamy odkry\u0107 wspania\u0142y \u015bwiat bia\u0142oruskiej gramatyki, mniej znanego, ale fascynuj\u0105cego cz\u0142onka s\u0142owia\u0144skiej rodziny j\u0119zykowej.<\/p>\n\n\n\n<p>Zanurzmy si\u0119, dobrze?<\/p>\n\n\n\n<h3 class=\"wp-block-heading\" id=\"h-first-things-first-what-is-belarusian\">Po pierwsze: co to jest j\u0119zyk bia\u0142oruski?<\/h3>\n\n\n\n<p>J\u0119zyk <a href=\"https:\/\/talkpal.ai\/learn-belarusian\/\">bia\u0142oruski<\/a> jest j\u0119zykiem urz\u0119dowym Bia\u0142orusi, kraju \u015br\u00f3dl\u0105dowego po\u0142o\u017conego w Europie Wschodniej mi\u0119dzy Rosj\u0105, Ukrain\u0105, Polsk\u0105, Litw\u0105 i \u0141otw\u0105. J\u0119zyk bia\u0142oruski, kt\u00f3rym pos\u0142uguje si\u0119 oko\u0142o 7,9 miliona os\u00f3b, ma ujmuj\u0105cy urok zar\u00f3wno dla j\u0119zykoznawc\u00f3w, jak i entuzjast\u00f3w j\u0119zyka. Jako j\u0119zyk s\u0142owia\u0144ski bia\u0142oruski ma wiele podobie\u0144stw z rosyjskim, ukrai\u0144skim i polskim; Jednak ma r\u00f3wnie\u017c swoje unikalne cechy, kt\u00f3re odr\u00f3\u017cniaj\u0105 go od rodze\u0144stwa.<\/p>\n\n\n\n<h3 class=\"wp-block-heading\" id=\"h-the-building-blocks-nouns-pronouns-and-cases\">Elementy sk\u0142adowe: rzeczowniki, zaimki i przypadki<\/h3>\n\n\n\n<p>Podobnie jak inne j\u0119zyki s\u0142owia\u0144skie, <a href=\"https:\/\/talkpal.ai\/belarusian-grammar\/\">gramatyka bia\u0142oruska<\/a> obraca si\u0119 wok\u00f3\u0142 fleksji s\u0142\u00f3w. Oznacza to, \u017ce ko\u0144c\u00f3wki s\u0142\u00f3w zmieniaj\u0105 si\u0119 zgodnie z ich funkcj\u0105 gramatyczn\u0105 w zdaniu. Jest to najbardziej widoczne w przypadku rzeczownik\u00f3w, zaimk\u00f3w i przymiotnik\u00f3w, gdy s\u0105 one u\u017cywane w r\u00f3\u017cnych przypadkach. Bia\u0142oruski ma sze\u015b\u0107 przypadk\u00f3w, kt\u00f3re s\u0105 nast\u0119puj\u0105ce:<\/p>\n\n\n\n<p><strong>1. Mianownik &#8211; wskazuje podmiot zdania<\/strong><\/p>\n\n\n\n<p><strong>2. Rodzajnik &#8211; wskazuje na posiadanie lub przedmiot negacji<\/strong><\/p>\n\n\n\n<p><strong>3. Celownik &#8211; oznacza po\u015bredni dope\u0142nienie zdania<\/strong><\/p>\n\n\n\n<p><strong>4. Accusative &#8211; oznacza bezpo\u015bredni obiekt zdania<\/strong><\/p>\n\n\n\n<p><strong>5. Instrumentalny &#8211; wyra\u017ca \u015brodki lub metod\u0119, za pomoc\u0105 kt\u00f3rej wykonywana jest czynno\u015b\u0107.<\/strong><\/p>\n\n\n\n<p><strong>6. Przyimkowy lub Miejscownikowy &#8211; okre\u015bla lokalizacj\u0119 lub przedmiot przyimk\u00f3w.<\/strong><\/p>\n\n\n\n<p>Opr\u00f3cz przypadk\u00f3w bia\u0142oruskie rzeczowniki maj\u0105 r\u00f3wnie\u017c trzy rodzaje (m\u0119ski, \u017ce\u0144ski i nijaki) oraz dwie liczby (w liczbie pojedynczej i mnogiej). Ka\u017cda kombinacja rodzaj\u00f3w i liczb ma w ka\u017cdym przypadku okre\u015blone zako\u0144czenia, co sprawia, \u017ce wa\u017cne jest, aby je zapami\u0119ta\u0107, aby skonstruowa\u0107 poprawne gramatycznie zdania.<\/p>\n\n\n\n<h3 class=\"wp-block-heading\" id=\"h-let-s-talk-verbs-tenses-aspects-and-moods\">Let&#8217;s Talk Verbs: Czasy, aspekty i nastroje<\/h3>\n\n\n\n<p>Bia\u0142oruskie czasowniki s\u0105 cudownie z\u0142o\u017cone, pe\u0142ne niuans\u00f3w i zawi\u0142o\u015bci. Maj\u0105 trzy czasy (przesz\u0142y, tera\u017aniejszy i przysz\u0142y), dwa aspekty (dokonany i niedokonany), a tak\u017ce trzy nastroje (oznajmuj\u0105cy, rozkazuj\u0105cy i warunkowy). Tym, co odr\u00f3\u017cnia czasowniki bia\u0142oruskie od innych j\u0119zyk\u00f3w s\u0142owia\u0144skich, jest szerokie u\u017cycie aspektu.<\/p>\n\n\n\n<p>Aspekt odnosi si\u0119 do tego, czy dzia\u0142anie jest postrzegane jako zako\u0144czone (dokonane), czy trwaj\u0105ce (niedokonane). Wiele czasownik\u00f3w wyst\u0119puje w parach, kt\u00f3re wskazuj\u0105 r\u00f3\u017cne aspekty, cz\u0119sto przy u\u017cyciu unikalnego przedrostka lub sufiksu. Opanowanie aspektu jest niezb\u0119dne, aby uchwyci\u0107 subtelno\u015bci j\u0119zyka bia\u0142oruskiego.<\/p>\n\n\n\n<h3 class=\"wp-block-heading\" id=\"h-adjectives-adverbs-and-other-delights\">Przymiotniki, przys\u0142\u00f3wki i inne przysmaki<\/h3>\n\n\n\n<p>Bia\u0142oruskie przymiotniki zgadzaj\u0105 si\u0119 z rzeczownikami, kt\u00f3re modyfikuj\u0105 pod wzgl\u0119dem rodzaju, liczby i przypadku. Maj\u0105 r\u00f3wnie\u017c formy por\u00f3wnawcze i superlatywne, aby wyrazi\u0107 r\u00f3\u017cne stopnie jako\u015bci. Dodatkowo, wiele przys\u0142\u00f3wk\u00f3w pochodzi od przymiotnik\u00f3w poprzez dodanie przyrostka &#8222;-\u0430&#8221; dla rodzaju m\u0119skiego i &#8222;-\u044b&#8221; dla rodzaju \u017ce\u0144skiego.<\/p>\n\n\n\n<p>J\u0119zyk bia\u0142oruski zawiera r\u00f3wnie\u017c fascynuj\u0105cy zestaw sp\u00f3jnik\u00f3w, przyimk\u00f3w, liczebnik\u00f3w i partyku\u0142, kt\u00f3re pomog\u0105 Ci tworzy\u0107 rozbudowane i ekspresyjne zdania. Przy wystarczaj\u0105cej praktyce, wkr\u00f3tce b\u0119dziesz w stanie splata\u0107 swoje s\u0142owa jak prawdziwy bia\u0142oruski s\u0142owotw\u00f3rca.<\/p>\n\n\n\n<h3 class=\"wp-block-heading\" id=\"h-in-closing-the-magic-of-belarusian-grammar\">Na zako\u0144czenie: Magia bia\u0142oruskiej gramatyki<\/h3>\n\n\n\n<p>Na pierwszy rzut oka bia\u0142oruska <a href=\"https:\/\/talkpal.ai\/grammar\/\">gramatyka<\/a> mo\u017ce wydawa\u0107 si\u0119 zniech\u0119caj\u0105ca. Jednak\u017ce, gdy zag\u0142\u0119bisz si\u0119 w jego bogaty gobelin przypadk\u00f3w, aspekt\u00f3w i innych dziwactw j\u0119zykowych, odkryjesz j\u0119zyk pe\u0142en g\u0142\u0119bi, niuans\u00f3w i ekspresji. Podj\u0119cie wyzwania zwi\u0105zanego z bia\u0142orusk\u0105 gramatyk\u0105 nie tylko zapewni Ci lepsze zrozumienie ca\u0142ej rodziny s\u0142owia\u0144skiej, ale tak\u017ce zapewni Ci dost\u0119p do pi\u0119knej i t\u0119tni\u0105cej \u017cyciem kultury, kt\u00f3ra czeka na Twoje odkrycie.<\/p>\n\n\n\n<p>Teraz, uzbrojony w nowo odkryte zrozumienie bia\u0142oruskiej gramatyki, dlaczego nie zanurzy\u0107 si\u0119 g\u0142\u0119biej w tym fascynuj\u0105cym j\u0119zyku? Kto wie &#8211; by\u0107 mo\u017ce pewnego dnia b\u0119dziesz przechadza\u0107 si\u0119 ulicami Mi\u0144ska, bez wysi\u0142ku rozmawiaj\u0105c z mieszka\u0144cami w ich ojczystym j\u0119zyku. Mi\u0142ej nauki!<\/p>\n<\/div><\/div>\n\r\n<section class=\"learnNavigationSection\">\r\n            \r\n        <a href=\"https:\/\/talkpal.ai\/pl\/naucz-sie-bialoruskiego\/\">\r\n            <div class=\"learnNavigationWrapper\">\r\n                <div class=\"learnNavigationContent\">\r\n                    <img decoding=\"async\" src=\"https:\/\/talkpal.ai\/wp-content\/uploads\/2024\/08\/Belarusian.jpg\" alt=\"Belarusian Flag\">\r\n                    <div>\r\n                        <h4>O bia\u0142oruskiej nauce<\/h4>\r\n                        <p>Dowiedz si\u0119 wszystkiego o gramatyce bia\u0142oruskiej .<\/p>\r\n                    <\/div>\r\n                <\/div>\r\n            <\/div>\r\n        <\/a>\r\n\r\n        \r\n        <a href=\"https:\/\/talkpal.ai\/pl\/cwiczenia-gramatyczne-z-jezyka-bialoruskiego\/\">\r\n            <div class=\"learnNavigationWrapper\">\r\n                <div class=\"learnNavigationContent\">\r\n                    <img decoding=\"async\" src=\"https:\/\/talkpal.ai\/wp-content\/uploads\/2024\/08\/Belarusian.jpg\" alt=\"Belarusian Flag\">\r\n                    <div>\r\n                        <h4>\u0106wiczenie gramatyczne z j\u0119zyka bia\u0142oruskiego<\/h4>\r\n                        <p>\u0106wicz gramatyk\u0119 bia\u0142orusk\u0105 .<\/p>\r\n                    <\/div>\r\n                <\/div>\r\n            <\/div>\r\n        <\/a>\r\n\r\n        \r\n        <a href=\"https:\/\/talkpal.ai\/vocabulary_language\/belarusian\/\">\r\n            <div class=\"learnNavigationWrapper\">\r\n                <div class=\"learnNavigationContent\">\r\n                    <img decoding=\"async\" src=\"https:\/\/talkpal.ai\/wp-content\/uploads\/2024\/08\/Belarusian.jpg\" alt=\"Belarusian Flag\">\r\n                    <div>\r\n                        <h4>S\u0142ownictwo bia\u0142oruskie<\/h4>\r\n                        <p>Poszerz swoje bia\u0142oruskie s\u0142ownictwo.<\/p>\r\n                    <\/div>\r\n                <\/div>\r\n            <\/div>\r\n        <\/a>\r\n\r\n            <\/section>","protected":false},"excerpt":{"rendered":"<p>Gramatyka bia\u0142oruska: Bli\u017csze spojrzenie na zawi\u0142o\u015bci j\u0119zyka s\u0142owia\u0144skiego Czy jeste\u015b aspiruj\u0105cym poliglot\u0105 zafascynowanym j\u0119zykami s\u0142owia\u0144skimi? A mo\u017ce po prostu jeste\u015b ciekawy gramatycznych zawi\u0142o\u015bci j\u0119zyk\u00f3w z tego interesuj\u0105cego regionu? Je\u015bli tak, zapnij pasy! W tym artykule zamierzamy odkry\u0107 wspania\u0142y \u015bwiat bia\u0142oruskiej gramatyki, mniej znanego, ale fascynuj\u0105cego cz\u0142onka s\u0142owia\u0144skiej rodziny j\u0119zykowej. Zanurzmy si\u0119, dobrze? Po pierwsze: co [&hellip;]<\/p>\n","protected":false},"author":1,"featured_media":110687,"parent":0,"menu_order":0,"comment_status":"closed","ping_status":"closed","template":"LearningContentPage.php","meta":{"_acf_changed":false,"footnotes":""},"class_list":["post-140971","page","type-page","status-publish","has-post-thumbnail","hentry"],"acf":[],"yoast_head":"<!-- This site is optimized with the Yoast SEO Premium plugin v27.2 (Yoast SEO v27.2) - https:\/\/yoast.com\/product\/yoast-seo-premium-wordpress\/ -->\n<title>Gramatyka bia\u0142oruska - Talkpal<\/title>\n<meta name=\"description\" content=\"Opanuj gramatyk\u0119 bia\u0142oruskiego bez wysi\u0142ku dzi\u0119ki Talkpal, samouczkowi j\u0119zykowemu opartemu na sztucznej inteligencji. Uzyskaj jasne wyja\u015bnienia, pomocne wskaz\u00f3wki i interaktywne \u0107wiczenia!\" \/>\n<meta name=\"robots\" content=\"index, follow, max-snippet:-1, max-image-preview:large, max-video-preview:-1\" \/>\n<link rel=\"canonical\" href=\"https:\/\/talkpal.ai\/pl\/gramatyka-bialoruska\/\" \/>\n<meta property=\"og:locale\" content=\"pl_PL\" \/>\n<meta property=\"og:type\" content=\"article\" \/>\n<meta property=\"og:title\" content=\"Gramatyka bia\u0142oruska\" \/>\n<meta property=\"og:description\" content=\"Gramatyka bia\u0142oruska: Bli\u017csze spojrzenie na zawi\u0142o\u015bci j\u0119zyka s\u0142owia\u0144skiego Czy jeste\u015b aspiruj\u0105cym poliglot\u0105 zafascynowanym j\u0119zykami s\u0142owia\u0144skimi? A mo\u017ce\" \/>\n<meta property=\"og:url\" content=\"https:\/\/talkpal.ai\/pl\/gramatyka-bialoruska\/\" \/>\n<meta property=\"og:site_name\" content=\"Talkpal\" \/>\n<meta property=\"article:publisher\" content=\"https:\/\/www.facebook.com\/profile.php?id=100090733639311\" \/>\n<meta property=\"article:modified_time\" content=\"2025-05-22T13:49:15+00:00\" \/>\n<meta property=\"og:image\" content=\"https:\/\/talkpal.ai\/wp-content\/uploads\/2023\/05\/belarus.png\" \/>\n\t<meta property=\"og:image:width\" content=\"512\" \/>\n\t<meta property=\"og:image:height\" content=\"512\" \/>\n\t<meta property=\"og:image:type\" content=\"image\/png\" \/>\n<meta name=\"twitter:card\" content=\"summary_large_image\" \/>\n<meta name=\"twitter:site\" content=\"@talkpalai\" \/>\n<meta name=\"twitter:label1\" content=\"Szacowany czas czytania\" \/>\n\t<meta name=\"twitter:data1\" content=\"4 minuty\" \/>\n<script type=\"application\/ld+json\" class=\"yoast-schema-graph\">{\"@context\":\"https:\/\/schema.org\",\"@graph\":[{\"@type\":\"WebPage\",\"@id\":\"https:\/\/talkpal.ai\/pl\/gramatyka-bialoruska\/\",\"url\":\"https:\/\/talkpal.ai\/pl\/gramatyka-bialoruska\/\",\"name\":\"Gramatyka bia\u0142oruska - Talkpal\",\"isPartOf\":{\"@id\":\"https:\/\/talkpal.ai\/pl\/#website\"},\"primaryImageOfPage\":{\"@id\":\"https:\/\/talkpal.ai\/pl\/gramatyka-bialoruska\/#primaryimage\"},\"image\":{\"@id\":\"https:\/\/talkpal.ai\/pl\/gramatyka-bialoruska\/#primaryimage\"},\"thumbnailUrl\":\"https:\/\/talkpal.ai\/wp-content\/uploads\/2023\/05\/belarus.png\",\"datePublished\":\"2023-05-14T13:59:42+00:00\",\"dateModified\":\"2025-05-22T13:49:15+00:00\",\"description\":\"Opanuj gramatyk\u0119 bia\u0142oruskiego bez wysi\u0142ku dzi\u0119ki Talkpal, samouczkowi j\u0119zykowemu opartemu na sztucznej inteligencji. Uzyskaj jasne wyja\u015bnienia, pomocne wskaz\u00f3wki i interaktywne \u0107wiczenia!\",\"breadcrumb\":{\"@id\":\"https:\/\/talkpal.ai\/pl\/gramatyka-bialoruska\/#breadcrumb\"},\"inLanguage\":\"pl-PL\",\"potentialAction\":[{\"@type\":\"ReadAction\",\"target\":[\"https:\/\/talkpal.ai\/pl\/gramatyka-bialoruska\/\"]}]},{\"@type\":\"ImageObject\",\"inLanguage\":\"pl-PL\",\"@id\":\"https:\/\/talkpal.ai\/pl\/gramatyka-bialoruska\/#primaryimage\",\"url\":\"https:\/\/talkpal.ai\/wp-content\/uploads\/2023\/05\/belarus.png\",\"contentUrl\":\"https:\/\/talkpal.ai\/wp-content\/uploads\/2023\/05\/belarus.png\",\"width\":512,\"height\":512},{\"@type\":\"BreadcrumbList\",\"@id\":\"https:\/\/talkpal.ai\/pl\/gramatyka-bialoruska\/#breadcrumb\",\"itemListElement\":[{\"@type\":\"ListItem\",\"position\":1,\"name\":\"Homepage\",\"item\":\"https:\/\/talkpal.ai\/pl\/\"},{\"@type\":\"ListItem\",\"position\":2,\"name\":\"Gramatyka bia\u0142oruska\"}]},{\"@type\":\"WebSite\",\"@id\":\"https:\/\/talkpal.ai\/pl\/#website\",\"url\":\"https:\/\/talkpal.ai\/pl\/\",\"name\":\"Talkpal\",\"description\":\"AI Language Learning\",\"publisher\":{\"@id\":\"https:\/\/talkpal.ai\/pl\/#organization\"},\"alternateName\":\"Talkpal AI\",\"potentialAction\":[{\"@type\":\"SearchAction\",\"target\":{\"@type\":\"EntryPoint\",\"urlTemplate\":\"https:\/\/talkpal.ai\/pl\/?s={search_term_string}\"},\"query-input\":{\"@type\":\"PropertyValueSpecification\",\"valueRequired\":true,\"valueName\":\"search_term_string\"}}],\"inLanguage\":\"pl-PL\"},{\"@type\":\"Organization\",\"@id\":\"https:\/\/talkpal.ai\/pl\/#organization\",\"name\":\"Talkpal, Inc.\",\"alternateName\":\"Talkpal AI\",\"url\":\"https:\/\/talkpal.ai\/pl\/\",\"logo\":{\"@type\":\"ImageObject\",\"inLanguage\":\"pl-PL\",\"@id\":\"https:\/\/talkpal.ai\/pl\/#\/schema\/logo\/image\/\",\"url\":\"https:\/\/talkpal.ai\/wp-content\/uploads\/2024\/03\/Talkpal-Logo-Icon.png\",\"contentUrl\":\"https:\/\/talkpal.ai\/wp-content\/uploads\/2024\/03\/Talkpal-Logo-Icon.png\",\"width\":2880,\"height\":2880,\"caption\":\"Talkpal, Inc.\"},\"image\":{\"@id\":\"https:\/\/talkpal.ai\/pl\/#\/schema\/logo\/image\/\"},\"sameAs\":[\"https:\/\/www.facebook.com\/profile.php?id=100090733639311\",\"https:\/\/x.com\/talkpalai\",\"https:\/\/www.linkedin.com\/company\/talkpal\/\",\"https:\/\/www.youtube.com\/@TalkPal\/\",\"https:\/\/www.tiktok.com\/@talkpal\",\"https:\/\/www.instagram.com\/talkpal_ai\/\",\"https:\/\/www.crunchbase.com\/organization\/talkpal-9cde\",\"https:\/\/www.g2.com\/products\/talkpal-for-business\/\",\"https:\/\/www.trustpilot.com\/review\/talkpal.ai\",\"https:\/\/www.capterra.com\/p\/10006800\/TalkPal\/\"],\"description\":\"Talkpal is a language learning web and mobile education app, powered by the latest AI technologies, that provides engaging experiences to its customers in many different languages to help them improve their language skills. Users can chat about unlimited amount of topics with the app and use other modes to practice their language learning.\",\"email\":\"support@talkpal.ai\",\"legalName\":\"Talkpal, Inc.\",\"foundingDate\":\"2023-04-03\",\"duns\":\"118989042\",\"numberOfEmployees\":{\"@type\":\"QuantitativeValue\",\"minValue\":\"11\",\"maxValue\":\"50\"},\"publishingPrinciples\":\"https:\/\/talkpal.ai\/publishing-principles\/\",\"actionableFeedbackPolicy\":\"https:\/\/talkpal.ai\/actionable-feedback-policy\/\",\"correctionsPolicy\":\"https:\/\/talkpal.ai\/corrections-policy\/\",\"ethicsPolicy\":\"https:\/\/talkpal.ai\/ethics-policy\/\",\"diversityPolicy\":\"https:\/\/talkpal.ai\/diversity-policy\/\",\"diversityStaffingReport\":\"https:\/\/talkpal.ai\/diversity-policy\/\"}]}<\/script>\n<!-- \/ Yoast SEO Premium plugin. -->","yoast_head_json":{"title":"Gramatyka bia\u0142oruska - Talkpal","description":"Opanuj gramatyk\u0119 bia\u0142oruskiego bez wysi\u0142ku dzi\u0119ki Talkpal, samouczkowi j\u0119zykowemu opartemu na sztucznej inteligencji. Uzyskaj jasne wyja\u015bnienia, pomocne wskaz\u00f3wki i interaktywne \u0107wiczenia!","robots":{"index":"index","follow":"follow","max-snippet":"max-snippet:-1","max-image-preview":"max-image-preview:large","max-video-preview":"max-video-preview:-1"},"canonical":"https:\/\/talkpal.ai\/pl\/gramatyka-bialoruska\/","og_locale":"pl_PL","og_type":"article","og_title":"Gramatyka bia\u0142oruska","og_description":"Gramatyka bia\u0142oruska: Bli\u017csze spojrzenie na zawi\u0142o\u015bci j\u0119zyka s\u0142owia\u0144skiego Czy jeste\u015b aspiruj\u0105cym poliglot\u0105 zafascynowanym j\u0119zykami s\u0142owia\u0144skimi? A mo\u017ce","og_url":"https:\/\/talkpal.ai\/pl\/gramatyka-bialoruska\/","og_site_name":"Talkpal","article_publisher":"https:\/\/www.facebook.com\/profile.php?id=100090733639311","article_modified_time":"2025-05-22T13:49:15+00:00","og_image":[{"width":512,"height":512,"url":"https:\/\/talkpal.ai\/wp-content\/uploads\/2023\/05\/belarus.png","type":"image\/png"}],"twitter_card":"summary_large_image","twitter_site":"@talkpalai","twitter_misc":{"Szacowany czas czytania":"4 minuty"},"schema":{"@context":"https:\/\/schema.org","@graph":[{"@type":"WebPage","@id":"https:\/\/talkpal.ai\/pl\/gramatyka-bialoruska\/","url":"https:\/\/talkpal.ai\/pl\/gramatyka-bialoruska\/","name":"Gramatyka bia\u0142oruska - Talkpal","isPartOf":{"@id":"https:\/\/talkpal.ai\/pl\/#website"},"primaryImageOfPage":{"@id":"https:\/\/talkpal.ai\/pl\/gramatyka-bialoruska\/#primaryimage"},"image":{"@id":"https:\/\/talkpal.ai\/pl\/gramatyka-bialoruska\/#primaryimage"},"thumbnailUrl":"https:\/\/talkpal.ai\/wp-content\/uploads\/2023\/05\/belarus.png","datePublished":"2023-05-14T13:59:42+00:00","dateModified":"2025-05-22T13:49:15+00:00","description":"Opanuj gramatyk\u0119 bia\u0142oruskiego bez wysi\u0142ku dzi\u0119ki Talkpal, samouczkowi j\u0119zykowemu opartemu na sztucznej inteligencji. Uzyskaj jasne wyja\u015bnienia, pomocne wskaz\u00f3wki i interaktywne \u0107wiczenia!","breadcrumb":{"@id":"https:\/\/talkpal.ai\/pl\/gramatyka-bialoruska\/#breadcrumb"},"inLanguage":"pl-PL","potentialAction":[{"@type":"ReadAction","target":["https:\/\/talkpal.ai\/pl\/gramatyka-bialoruska\/"]}]},{"@type":"ImageObject","inLanguage":"pl-PL","@id":"https:\/\/talkpal.ai\/pl\/gramatyka-bialoruska\/#primaryimage","url":"https:\/\/talkpal.ai\/wp-content\/uploads\/2023\/05\/belarus.png","contentUrl":"https:\/\/talkpal.ai\/wp-content\/uploads\/2023\/05\/belarus.png","width":512,"height":512},{"@type":"BreadcrumbList","@id":"https:\/\/talkpal.ai\/pl\/gramatyka-bialoruska\/#breadcrumb","itemListElement":[{"@type":"ListItem","position":1,"name":"Homepage","item":"https:\/\/talkpal.ai\/pl\/"},{"@type":"ListItem","position":2,"name":"Gramatyka bia\u0142oruska"}]},{"@type":"WebSite","@id":"https:\/\/talkpal.ai\/pl\/#website","url":"https:\/\/talkpal.ai\/pl\/","name":"Talkpal","description":"AI Language Learning","publisher":{"@id":"https:\/\/talkpal.ai\/pl\/#organization"},"alternateName":"Talkpal AI","potentialAction":[{"@type":"SearchAction","target":{"@type":"EntryPoint","urlTemplate":"https:\/\/talkpal.ai\/pl\/?s={search_term_string}"},"query-input":{"@type":"PropertyValueSpecification","valueRequired":true,"valueName":"search_term_string"}}],"inLanguage":"pl-PL"},{"@type":"Organization","@id":"https:\/\/talkpal.ai\/pl\/#organization","name":"Talkpal, Inc.","alternateName":"Talkpal AI","url":"https:\/\/talkpal.ai\/pl\/","logo":{"@type":"ImageObject","inLanguage":"pl-PL","@id":"https:\/\/talkpal.ai\/pl\/#\/schema\/logo\/image\/","url":"https:\/\/talkpal.ai\/wp-content\/uploads\/2024\/03\/Talkpal-Logo-Icon.png","contentUrl":"https:\/\/talkpal.ai\/wp-content\/uploads\/2024\/03\/Talkpal-Logo-Icon.png","width":2880,"height":2880,"caption":"Talkpal, Inc."},"image":{"@id":"https:\/\/talkpal.ai\/pl\/#\/schema\/logo\/image\/"},"sameAs":["https:\/\/www.facebook.com\/profile.php?id=100090733639311","https:\/\/x.com\/talkpalai","https:\/\/www.linkedin.com\/company\/talkpal\/","https:\/\/www.youtube.com\/@TalkPal\/","https:\/\/www.tiktok.com\/@talkpal","https:\/\/www.instagram.com\/talkpal_ai\/","https:\/\/www.crunchbase.com\/organization\/talkpal-9cde","https:\/\/www.g2.com\/products\/talkpal-for-business\/","https:\/\/www.trustpilot.com\/review\/talkpal.ai","https:\/\/www.capterra.com\/p\/10006800\/TalkPal\/"],"description":"Talkpal is a language learning web and mobile education app, powered by the latest AI technologies, that provides engaging experiences to its customers in many different languages to help them improve their language skills. Users can chat about unlimited amount of topics with the app and use other modes to practice their language learning.","email":"support@talkpal.ai","legalName":"Talkpal, Inc.","foundingDate":"2023-04-03","duns":"118989042","numberOfEmployees":{"@type":"QuantitativeValue","minValue":"11","maxValue":"50"},"publishingPrinciples":"https:\/\/talkpal.ai\/publishing-principles\/","actionableFeedbackPolicy":"https:\/\/talkpal.ai\/actionable-feedback-policy\/","correctionsPolicy":"https:\/\/talkpal.ai\/corrections-policy\/","ethicsPolicy":"https:\/\/talkpal.ai\/ethics-policy\/","diversityPolicy":"https:\/\/talkpal.ai\/diversity-policy\/","diversityStaffingReport":"https:\/\/talkpal.ai\/diversity-policy\/"}]}},"_links":{"self":[{"href":"https:\/\/talkpal.ai\/pl\/wp-json\/wp\/v2\/pages\/140971","targetHints":{"allow":["GET"]}}],"collection":[{"href":"https:\/\/talkpal.ai\/pl\/wp-json\/wp\/v2\/pages"}],"about":[{"href":"https:\/\/talkpal.ai\/pl\/wp-json\/wp\/v2\/types\/page"}],"author":[{"embeddable":true,"href":"https:\/\/talkpal.ai\/pl\/wp-json\/wp\/v2\/users\/1"}],"replies":[{"embeddable":true,"href":"https:\/\/talkpal.ai\/pl\/wp-json\/wp\/v2\/comments?post=140971"}],"version-history":[{"count":0,"href":"https:\/\/talkpal.ai\/pl\/wp-json\/wp\/v2\/pages\/140971\/revisions"}],"wp:featuredmedia":[{"embeddable":true,"href":"https:\/\/talkpal.ai\/pl\/wp-json\/wp\/v2\/media\/110687"}],"wp:attachment":[{"href":"https:\/\/talkpal.ai\/pl\/wp-json\/wp\/v2\/media?parent=140971"}],"curies":[{"name":"wp","href":"https:\/\/api.w.org\/{rel}","templated":true}]}}