{"id":140664,"date":"2023-05-14T13:59:24","date_gmt":"2023-05-14T13:59:24","guid":{"rendered":"http:\/\/talkpal.ai\/gramatyka-afrikaans\/"},"modified":"2025-05-22T19:04:15","modified_gmt":"2025-05-22T19:04:15","slug":"gramatyka-afrikaans","status":"publish","type":"page","link":"https:\/\/talkpal.ai\/pl\/gramatyka-afrikaans\/","title":{"rendered":"Gramatyka afrikaans"},"content":{"rendered":"\r\n\r\n\r\n<section class=\"languageChallengeSection\">\r\n    <div class=\"languageInfoWrapper\">\r\n        \r\n        <h1>Gramatyka afrikaans<\/h1>\r\n        <p>Odkryj proste pi\u0119kno j\u0119zyka <a href=\"https:\/\/talkpal.ai\/learn-afrikaans\/\">afrikaans<\/a>, ucz\u0105c si\u0119 jego podstawowych zasad gramatycznych. Opanowanie gramatyki j\u0119zyka afrikaans pozwoli ci skutecznie komunikowa\u0107 si\u0119 i cieszy\u0107 si\u0119 bogat\u0105 kultur\u0105 jego u\u017cytkownik\u00f3w. Rozpocznij swoj\u0105 przygod\u0119 z gramatyk\u0105 afrikaans ju\u017c dzi\u015b i zr\u00f3b pierwszy krok w kierunku p\u0142ynno\u015bci!<\/p>\r\n\r\n                            <a class=\"getStartedHidden\" href=\"https:\/\/app.talkpal.ai\/pl\/signup?lng=\">Zaczynaj<\/a>\r\n        \r\n    <\/div>\r\n\r\n    <figure>\r\n    <img decoding=\"async\" width=\"768\" height=\"768\" src=\"https:\/\/talkpal.ai\/wp-content\/uploads\/2023\/06\/TalkPal-Afrikaans-768x768.png\" class=\"languageImage no-lazy\" alt=\"Language learning for global awareness\" fetchpriority=\"high\" sizes=\"(max-width: 768px) 150px, 768px\" srcset=\"https:\/\/talkpal.ai\/wp-content\/uploads\/2023\/06\/TalkPal-Afrikaans-768x768.png 768w, https:\/\/talkpal.ai\/wp-content\/uploads\/2023\/06\/TalkPal-Afrikaans-300x300.png 300w\" \/>\r\n    \r\n\r\n    <\/figure>\r\n\r\n            <a class=\"getStartedVisible\" href=\"https:\/\/app.talkpal.ai\/pl\/signup?lng=\">Zaczynaj<\/a>\r\n    \r\n<\/section>\r\n<section class=\"promotionalBanner\">\r\n    <p class=\"promotionalText\">Najbardziej efektywny spos\u00f3b nauki j\u0119zyka<\/p>\r\n    <a class=\"promotionalLink\" href=\"https:\/\/app.talkpal.ai\/pl\/signup?lng=\">Wypr\u00f3buj Talkpal za darmo<\/a>\r\n<\/section>\n<div class=\"wp-block-group pageContainerStyle\"><div class=\"wp-block-group__inner-container is-layout-constrained wp-block-group-is-layout-constrained\">\n<h2 class=\"wp-block-heading\" id=\"h-mastering-afrikaans-grammar-your-ultimate-guide\">Opanowanie gramatyki afrikaans: Tw\u00f3j kompletny przewodnik<\/h2>\n\n\n\n<p><strong>Goeie dag<\/strong>, <a href=\"https:\/\/talkpal.ai\/talkpal-discount-for-language-enthusiasts\/\">entuzja\u015bci j\u0119zyk\u00f3w<\/a>! Czy jeste\u015b gotowy, aby wyruszy\u0107 w podr\u00f3\u017c do \u015bwiata gramatyki afrikaans? Trafi\u0142e\u015b we w\u0142a\u015bciwe miejsce. Ten artyku\u0142, wype\u0142niony \u0142atwymi do zrozumienia informacjami i konwersacyjnym tonem, poprowadzi Ci\u0119 przez fascynuj\u0105c\u0105 dziedzin\u0119 gramatyki afrikaans. Wkr\u00f3tce b\u0119dziesz w stanie konstruowa\u0107 zdania i prowadzi\u0107 sensowne rozmowy z rodzimymi u\u017cytkownikami j\u0119zyka. Wi\u0119c zaczynajmy!<\/p>\n\n\n\n<p><strong>Ale najpierw, dlaczego gramatyka afrikaans?<\/strong><\/p>\n\n\n\n<p>Je\u015bli uczysz si\u0119 j\u0119zyka afrikaans, solidne podstawy gramatyki s\u0105 kluczowe dla p\u0142ynnego m\u00f3wienia, czytania i pisania. Chocia\u017c <a href=\"https:\/\/talkpal.ai\/grammar\/\">gramatyka<\/a> j\u0119zyka afrikaans mo\u017ce wydawa\u0107 si\u0119 skomplikowana na pocz\u0105tku, jest ona stosunkowo prosta, gdy podzielisz j\u0105 na mniejsze, \u0142atwiejsze do opanowania fragmenty. Rozpocznijmy wi\u0119c podr\u00f3\u017c w kierunku opanowania gramatyki afrikaans!<\/p>\n\n\n\n<h3 class=\"wp-block-heading\" id=\"h-1-nouns-gender-and-articles\">1. Rzeczowniki, rodzaj i rodzajniki<\/h3>\n\n\n\n<p>W przeciwie\u0144stwie do wielu innych j\u0119zyk\u00f3w, rzeczowniki <a href=\"https:\/\/talkpal.ai\/culture\/how-do-you-use-the-word-nie-in-afrikaans\/\">afrikaans nie<\/a> maj\u0105 rodzaju, co u\u0142atwia ich nauk\u0119. Przedimek okre\u015blony &#8222;die&#8221; (the) jest u\u017cywany dla wszystkich rzeczownik\u00f3w, podczas gdy przedimki nieokre\u015blone &#8221; 'n &#8221; lub &#8222;een&#8221; (a\/an) s\u0105 r\u00f3wnie\u017c neutralne pod wzgl\u0119dem p\u0142ci.  <\/p>\n\n\n\n<p>Na przyk\u0142ad:<\/p>\n\n\n\n<p>&#8211; die hond (pies)<\/p>\n\n\n\n<p>&#8211; 'n hond (pies)<\/p>\n\n\n\n<h3 class=\"wp-block-heading\" id=\"h-2-adjectives\">2. Przymiotniki<\/h3>\n\n\n\n<p>W j\u0119zyku afrikaans przymiotniki zazwyczaj poprzedzaj\u0105 rzeczownik, kt\u00f3ry modyfikuj\u0105 i zgadzaj\u0105 si\u0119 z rzeczownikiem w liczbie. Przymiotniki nie maj\u0105 zgody p\u0142ci. Na przyk\u0142ad:<\/p>\n\n\n\n<p>&#8211; 'n groot huis (du\u017cy dom)<\/p>\n\n\n\n<p>&#8211; twee groot huise (dwa du\u017ce domy)<\/p>\n\n\n\n<p>Niekt\u00f3re przymiotniki wymagaj\u0105 dodatkowego &#8222;-e&#8221;, gdy opisuj\u0105 rzeczownik w liczbie mnogiej:<\/p>\n\n\n\n<p>&#8211; 'n ou man (starszy m\u0119\u017cczyzna)<\/p>\n\n\n\n<p>&#8211; twee ou manne (dw\u00f3ch staruszk\u00f3w)<\/p>\n\n\n\n<h3 class=\"wp-block-heading\" id=\"h-3-verbs-and-tense\">3. Czasowniki i czas<\/h3>\n\n\n\n<p>Czasowniki afrikaans s\u0105 stosunkowo \u0142atwe do nauczenia, poniewa\u017c nie s\u0105 odmieniane na podstawie podmiotu zdania. Ponadto afrikaans ma mniej czas\u00f3w ni\u017c wiele innych j\u0119zyk\u00f3w. Aby da\u0107 ci przedsmak czasownik\u00f3w afrikaans, om\u00f3wmy czasowniki regularne w czasie tera\u017aniejszym:<\/p>\n\n\n\n<p>&#8211; Ek <a href=\"https:\/\/talkpal.ai\/locations\/language-courses-in-leer\/\">leer<\/a> (ucz\u0119 si\u0119)<\/p>\n\n\n\n<p>&#8211; Jy\/u leer (uczysz si\u0119, nieformalnie\/formalnie)<\/p>\n\n\n\n<p>&#8211; Hy\/sy\/dit leer (on\/ona\/ono uczy si\u0119)<\/p>\n\n\n\n<p>&#8211; Ons\/julle leer (wszyscy si\u0119 uczymy)<\/p>\n\n\n\n<p>&#8211; Hulle leer (ucz\u0105 si\u0119)<\/p>\n\n\n\n<p>Pami\u0119taj, \u017ce to tylko wierzcho\u0142ek g\u00f3ry lodowej! W miar\u0119 post\u0119p\u00f3w w nauce napotkasz r\u00f3\u017cne inne czasy i niekt\u00f3re czasowniki nieregularne.<\/p>\n\n\n\n<h3 class=\"wp-block-heading\" id=\"h-4-pronouns-prepositions-and-more\">4. Zaimki, przyimki i nie tylko!<\/h3>\n\n\n\n<p><a href=\"https:\/\/talkpal.ai\/es\/gramatica-afrikaans\/\">Gramatyka afrikaans<\/a> obejmuje inne sk\u0142adniki, takie jak zaimki (ek, jy, hy, sy itp.), przyimki (in, op, met itp.) oraz wyra\u017cenia idiomatyczne. Ucz\u0105c si\u0119 j\u0119zyka, b\u0119dziesz musia\u0142 opanowa\u0107 ka\u017cdy z tych element\u00f3w, aby p\u0142ynnie pos\u0142ugiwa\u0107 si\u0119 j\u0119zykiem.<\/p>\n\n\n\n<p>Podsumowuj\u0105c, opanowanie gramatyki afrikaans wymaga wytrwa\u0142o\u015bci, praktyki i cierpliwo\u015bci. Ale kiedy ju\u017c zrozumiesz zawi\u0142o\u015bci j\u0119zyka, b\u0119dziesz na dobrej drodze do rozmowy z native speakerami, do\u015bwiadczania bogatej kultury i historii \u015bwiata afrikaans i pog\u0142\u0119biania swojej mi\u0142o\u015bci do j\u0119zyka. Sterkte (powodzenia)!<\/p>\n<\/div><\/div>\n\r\n<section class=\"learnNavigationSection\">\r\n            \r\n        <a href=\"https:\/\/talkpal.ai\/pl\/naucz-sie-afrikaans\/\">\r\n            <div class=\"learnNavigationWrapper\">\r\n                <div class=\"learnNavigationContent\">\r\n                    <img decoding=\"async\" src=\"https:\/\/talkpal.ai\/wp-content\/uploads\/2024\/08\/Afrikaans.jpg\" alt=\"South Africa Flag\">\r\n                    <div>\r\n                        <h4>O nauce j\u0119zyka afrikaans<\/h4>\r\n                        <p>Dowiedz si\u0119 wszystkiego o gramatyce afrikaans.<\/p>\r\n                    <\/div>\r\n                <\/div>\r\n            <\/div>\r\n        <\/a>\r\n\r\n        \r\n        <a href=\"https:\/\/talkpal.ai\/pl\/cwiczenia-gramatyczne-afrikaans\/\">\r\n            <div class=\"learnNavigationWrapper\">\r\n                <div class=\"learnNavigationContent\">\r\n                    <img decoding=\"async\" src=\"https:\/\/talkpal.ai\/wp-content\/uploads\/2024\/08\/Afrikaans.jpg\" alt=\"South Africa Flag\">\r\n                    <div>\r\n                        <h4>\u0106wiczenie z gramatyki j\u0119zyka afrikaans<\/h4>\r\n                        <p>\u0106wicz gramatyk\u0119 afrikaans.<\/p>\r\n                    <\/div>\r\n                <\/div>\r\n            <\/div>\r\n        <\/a>\r\n\r\n        \r\n        <a href=\"https:\/\/talkpal.ai\/vocabulary_language\/afrikaans\/\">\r\n            <div class=\"learnNavigationWrapper\">\r\n                <div class=\"learnNavigationContent\">\r\n                    <img decoding=\"async\" src=\"https:\/\/talkpal.ai\/wp-content\/uploads\/2024\/08\/Afrikaans.jpg\" alt=\"South Africa Flag\">\r\n                    <div>\r\n                        <h4>S\u0142ownictwo w j\u0119zyku afrikaans<\/h4>\r\n                        <p>Poszerz swoje s\u0142ownictwo w j\u0119zyku afrikaans.<\/p>\r\n                    <\/div>\r\n                <\/div>\r\n            <\/div>\r\n        <\/a>\r\n\r\n            <\/section>","protected":false},"excerpt":{"rendered":"<p>Opanowanie gramatyki afrikaans: Tw\u00f3j kompletny przewodnik Goeie dag, entuzja\u015bci j\u0119zyk\u00f3w! Czy jeste\u015b gotowy, aby wyruszy\u0107 w podr\u00f3\u017c do \u015bwiata gramatyki afrikaans? Trafi\u0142e\u015b we w\u0142a\u015bciwe miejsce. Ten artyku\u0142, wype\u0142niony \u0142atwymi do zrozumienia informacjami i konwersacyjnym tonem, poprowadzi Ci\u0119 przez fascynuj\u0105c\u0105 dziedzin\u0119 gramatyki afrikaans. Wkr\u00f3tce b\u0119dziesz w stanie konstruowa\u0107 zdania i prowadzi\u0107 sensowne rozmowy z rodzimymi u\u017cytkownikami [&hellip;]<\/p>\n","protected":false},"author":1,"featured_media":108913,"parent":0,"menu_order":0,"comment_status":"closed","ping_status":"closed","template":"LearningContentPage.php","meta":{"_acf_changed":false,"footnotes":""},"class_list":["post-140664","page","type-page","status-publish","has-post-thumbnail","hentry"],"acf":[],"yoast_head":"<!-- This site is optimized with the Yoast SEO Premium plugin v27.2 (Yoast SEO v27.2) - https:\/\/yoast.com\/product\/yoast-seo-premium-wordpress\/ -->\n<title>Gramatyka afrikaans - Talkpal<\/title>\n<meta name=\"description\" content=\"Poznaj gramatyk\u0119 j\u0119zyka afrikaans z naszym przyjaznym dla pocz\u0105tkuj\u0105cych przewodnikiem. Opanuj konstrukcj\u0119 zda\u0144 i zwi\u0119ksz swoje umiej\u0119tno\u015bci konwersacyjne.\" \/>\n<meta name=\"robots\" content=\"index, follow, max-snippet:-1, max-image-preview:large, max-video-preview:-1\" \/>\n<link rel=\"canonical\" href=\"https:\/\/talkpal.ai\/pl\/gramatyka-afrikaans\/\" \/>\n<meta property=\"og:locale\" content=\"pl_PL\" \/>\n<meta property=\"og:type\" content=\"article\" \/>\n<meta property=\"og:title\" content=\"Gramatyka afrikaans\" \/>\n<meta property=\"og:description\" content=\"Opanowanie gramatyki afrikaans: Tw\u00f3j kompletny przewodnik Goeie dag, entuzja\u015bci j\u0119zyk\u00f3w! Czy jeste\u015b gotowy, aby wyruszy\u0107 w podr\u00f3\u017c do \u015bwiata gramatyki\" \/>\n<meta property=\"og:url\" content=\"https:\/\/talkpal.ai\/pl\/gramatyka-afrikaans\/\" \/>\n<meta property=\"og:site_name\" content=\"Talkpal\" \/>\n<meta property=\"article:publisher\" content=\"https:\/\/www.facebook.com\/profile.php?id=100090733639311\" \/>\n<meta property=\"article:modified_time\" content=\"2025-05-22T19:04:15+00:00\" \/>\n<meta property=\"og:image\" content=\"https:\/\/talkpal.ai\/wp-content\/uploads\/2023\/05\/south-africa.png\" \/>\n\t<meta property=\"og:image:width\" content=\"512\" \/>\n\t<meta property=\"og:image:height\" content=\"512\" \/>\n\t<meta property=\"og:image:type\" content=\"image\/png\" \/>\n<meta name=\"twitter:card\" content=\"summary_large_image\" \/>\n<meta name=\"twitter:site\" content=\"@talkpalai\" \/>\n<meta name=\"twitter:label1\" content=\"Szacowany czas czytania\" \/>\n\t<meta name=\"twitter:data1\" content=\"2 minuty\" \/>\n<script type=\"application\/ld+json\" class=\"yoast-schema-graph\">{\"@context\":\"https:\/\/schema.org\",\"@graph\":[{\"@type\":\"WebPage\",\"@id\":\"https:\/\/talkpal.ai\/pl\/gramatyka-afrikaans\/\",\"url\":\"https:\/\/talkpal.ai\/pl\/gramatyka-afrikaans\/\",\"name\":\"Gramatyka afrikaans - Talkpal\",\"isPartOf\":{\"@id\":\"https:\/\/talkpal.ai\/pl\/#website\"},\"primaryImageOfPage\":{\"@id\":\"https:\/\/talkpal.ai\/pl\/gramatyka-afrikaans\/#primaryimage\"},\"image\":{\"@id\":\"https:\/\/talkpal.ai\/pl\/gramatyka-afrikaans\/#primaryimage\"},\"thumbnailUrl\":\"https:\/\/talkpal.ai\/wp-content\/uploads\/2023\/05\/south-africa.png\",\"datePublished\":\"2023-05-14T13:59:24+00:00\",\"dateModified\":\"2025-05-22T19:04:15+00:00\",\"description\":\"Poznaj gramatyk\u0119 j\u0119zyka afrikaans z naszym przyjaznym dla pocz\u0105tkuj\u0105cych przewodnikiem. Opanuj konstrukcj\u0119 zda\u0144 i zwi\u0119ksz swoje umiej\u0119tno\u015bci konwersacyjne.\",\"breadcrumb\":{\"@id\":\"https:\/\/talkpal.ai\/pl\/gramatyka-afrikaans\/#breadcrumb\"},\"inLanguage\":\"pl-PL\",\"potentialAction\":[{\"@type\":\"ReadAction\",\"target\":[\"https:\/\/talkpal.ai\/pl\/gramatyka-afrikaans\/\"]}]},{\"@type\":\"ImageObject\",\"inLanguage\":\"pl-PL\",\"@id\":\"https:\/\/talkpal.ai\/pl\/gramatyka-afrikaans\/#primaryimage\",\"url\":\"https:\/\/talkpal.ai\/wp-content\/uploads\/2023\/05\/south-africa.png\",\"contentUrl\":\"https:\/\/talkpal.ai\/wp-content\/uploads\/2023\/05\/south-africa.png\",\"width\":512,\"height\":512},{\"@type\":\"BreadcrumbList\",\"@id\":\"https:\/\/talkpal.ai\/pl\/gramatyka-afrikaans\/#breadcrumb\",\"itemListElement\":[{\"@type\":\"ListItem\",\"position\":1,\"name\":\"Homepage\",\"item\":\"https:\/\/talkpal.ai\/pl\/\"},{\"@type\":\"ListItem\",\"position\":2,\"name\":\"Gramatyka afrikaans\"}]},{\"@type\":\"WebSite\",\"@id\":\"https:\/\/talkpal.ai\/pl\/#website\",\"url\":\"https:\/\/talkpal.ai\/pl\/\",\"name\":\"Talkpal\",\"description\":\"AI Language Learning\",\"publisher\":{\"@id\":\"https:\/\/talkpal.ai\/pl\/#organization\"},\"alternateName\":\"Talkpal AI\",\"potentialAction\":[{\"@type\":\"SearchAction\",\"target\":{\"@type\":\"EntryPoint\",\"urlTemplate\":\"https:\/\/talkpal.ai\/pl\/?s={search_term_string}\"},\"query-input\":{\"@type\":\"PropertyValueSpecification\",\"valueRequired\":true,\"valueName\":\"search_term_string\"}}],\"inLanguage\":\"pl-PL\"},{\"@type\":\"Organization\",\"@id\":\"https:\/\/talkpal.ai\/pl\/#organization\",\"name\":\"Talkpal, Inc.\",\"alternateName\":\"Talkpal AI\",\"url\":\"https:\/\/talkpal.ai\/pl\/\",\"logo\":{\"@type\":\"ImageObject\",\"inLanguage\":\"pl-PL\",\"@id\":\"https:\/\/talkpal.ai\/pl\/#\/schema\/logo\/image\/\",\"url\":\"https:\/\/talkpal.ai\/wp-content\/uploads\/2024\/03\/Talkpal-Logo-Icon.png\",\"contentUrl\":\"https:\/\/talkpal.ai\/wp-content\/uploads\/2024\/03\/Talkpal-Logo-Icon.png\",\"width\":2880,\"height\":2880,\"caption\":\"Talkpal, Inc.\"},\"image\":{\"@id\":\"https:\/\/talkpal.ai\/pl\/#\/schema\/logo\/image\/\"},\"sameAs\":[\"https:\/\/www.facebook.com\/profile.php?id=100090733639311\",\"https:\/\/x.com\/talkpalai\",\"https:\/\/www.linkedin.com\/company\/talkpal\/\",\"https:\/\/www.youtube.com\/@TalkPal\/\",\"https:\/\/www.tiktok.com\/@talkpal\",\"https:\/\/www.instagram.com\/talkpal_ai\/\",\"https:\/\/www.crunchbase.com\/organization\/talkpal-9cde\",\"https:\/\/www.g2.com\/products\/talkpal-for-business\/\",\"https:\/\/www.trustpilot.com\/review\/talkpal.ai\",\"https:\/\/www.capterra.com\/p\/10006800\/TalkPal\/\"],\"description\":\"Talkpal is a language learning web and mobile education app, powered by the latest AI technologies, that provides engaging experiences to its customers in many different languages to help them improve their language skills. Users can chat about unlimited amount of topics with the app and use other modes to practice their language learning.\",\"email\":\"support@talkpal.ai\",\"legalName\":\"Talkpal, Inc.\",\"foundingDate\":\"2023-04-03\",\"duns\":\"118989042\",\"numberOfEmployees\":{\"@type\":\"QuantitativeValue\",\"minValue\":\"11\",\"maxValue\":\"50\"},\"publishingPrinciples\":\"https:\/\/talkpal.ai\/publishing-principles\/\",\"actionableFeedbackPolicy\":\"https:\/\/talkpal.ai\/actionable-feedback-policy\/\",\"correctionsPolicy\":\"https:\/\/talkpal.ai\/corrections-policy\/\",\"ethicsPolicy\":\"https:\/\/talkpal.ai\/ethics-policy\/\",\"diversityPolicy\":\"https:\/\/talkpal.ai\/diversity-policy\/\",\"diversityStaffingReport\":\"https:\/\/talkpal.ai\/diversity-policy\/\"}]}<\/script>\n<!-- \/ Yoast SEO Premium plugin. -->","yoast_head_json":{"title":"Gramatyka afrikaans - Talkpal","description":"Poznaj gramatyk\u0119 j\u0119zyka afrikaans z naszym przyjaznym dla pocz\u0105tkuj\u0105cych przewodnikiem. Opanuj konstrukcj\u0119 zda\u0144 i zwi\u0119ksz swoje umiej\u0119tno\u015bci konwersacyjne.","robots":{"index":"index","follow":"follow","max-snippet":"max-snippet:-1","max-image-preview":"max-image-preview:large","max-video-preview":"max-video-preview:-1"},"canonical":"https:\/\/talkpal.ai\/pl\/gramatyka-afrikaans\/","og_locale":"pl_PL","og_type":"article","og_title":"Gramatyka afrikaans","og_description":"Opanowanie gramatyki afrikaans: Tw\u00f3j kompletny przewodnik Goeie dag, entuzja\u015bci j\u0119zyk\u00f3w! Czy jeste\u015b gotowy, aby wyruszy\u0107 w podr\u00f3\u017c do \u015bwiata gramatyki","og_url":"https:\/\/talkpal.ai\/pl\/gramatyka-afrikaans\/","og_site_name":"Talkpal","article_publisher":"https:\/\/www.facebook.com\/profile.php?id=100090733639311","article_modified_time":"2025-05-22T19:04:15+00:00","og_image":[{"width":512,"height":512,"url":"https:\/\/talkpal.ai\/wp-content\/uploads\/2023\/05\/south-africa.png","type":"image\/png"}],"twitter_card":"summary_large_image","twitter_site":"@talkpalai","twitter_misc":{"Szacowany czas czytania":"2 minuty"},"schema":{"@context":"https:\/\/schema.org","@graph":[{"@type":"WebPage","@id":"https:\/\/talkpal.ai\/pl\/gramatyka-afrikaans\/","url":"https:\/\/talkpal.ai\/pl\/gramatyka-afrikaans\/","name":"Gramatyka afrikaans - Talkpal","isPartOf":{"@id":"https:\/\/talkpal.ai\/pl\/#website"},"primaryImageOfPage":{"@id":"https:\/\/talkpal.ai\/pl\/gramatyka-afrikaans\/#primaryimage"},"image":{"@id":"https:\/\/talkpal.ai\/pl\/gramatyka-afrikaans\/#primaryimage"},"thumbnailUrl":"https:\/\/talkpal.ai\/wp-content\/uploads\/2023\/05\/south-africa.png","datePublished":"2023-05-14T13:59:24+00:00","dateModified":"2025-05-22T19:04:15+00:00","description":"Poznaj gramatyk\u0119 j\u0119zyka afrikaans z naszym przyjaznym dla pocz\u0105tkuj\u0105cych przewodnikiem. Opanuj konstrukcj\u0119 zda\u0144 i zwi\u0119ksz swoje umiej\u0119tno\u015bci konwersacyjne.","breadcrumb":{"@id":"https:\/\/talkpal.ai\/pl\/gramatyka-afrikaans\/#breadcrumb"},"inLanguage":"pl-PL","potentialAction":[{"@type":"ReadAction","target":["https:\/\/talkpal.ai\/pl\/gramatyka-afrikaans\/"]}]},{"@type":"ImageObject","inLanguage":"pl-PL","@id":"https:\/\/talkpal.ai\/pl\/gramatyka-afrikaans\/#primaryimage","url":"https:\/\/talkpal.ai\/wp-content\/uploads\/2023\/05\/south-africa.png","contentUrl":"https:\/\/talkpal.ai\/wp-content\/uploads\/2023\/05\/south-africa.png","width":512,"height":512},{"@type":"BreadcrumbList","@id":"https:\/\/talkpal.ai\/pl\/gramatyka-afrikaans\/#breadcrumb","itemListElement":[{"@type":"ListItem","position":1,"name":"Homepage","item":"https:\/\/talkpal.ai\/pl\/"},{"@type":"ListItem","position":2,"name":"Gramatyka afrikaans"}]},{"@type":"WebSite","@id":"https:\/\/talkpal.ai\/pl\/#website","url":"https:\/\/talkpal.ai\/pl\/","name":"Talkpal","description":"AI Language Learning","publisher":{"@id":"https:\/\/talkpal.ai\/pl\/#organization"},"alternateName":"Talkpal AI","potentialAction":[{"@type":"SearchAction","target":{"@type":"EntryPoint","urlTemplate":"https:\/\/talkpal.ai\/pl\/?s={search_term_string}"},"query-input":{"@type":"PropertyValueSpecification","valueRequired":true,"valueName":"search_term_string"}}],"inLanguage":"pl-PL"},{"@type":"Organization","@id":"https:\/\/talkpal.ai\/pl\/#organization","name":"Talkpal, Inc.","alternateName":"Talkpal AI","url":"https:\/\/talkpal.ai\/pl\/","logo":{"@type":"ImageObject","inLanguage":"pl-PL","@id":"https:\/\/talkpal.ai\/pl\/#\/schema\/logo\/image\/","url":"https:\/\/talkpal.ai\/wp-content\/uploads\/2024\/03\/Talkpal-Logo-Icon.png","contentUrl":"https:\/\/talkpal.ai\/wp-content\/uploads\/2024\/03\/Talkpal-Logo-Icon.png","width":2880,"height":2880,"caption":"Talkpal, Inc."},"image":{"@id":"https:\/\/talkpal.ai\/pl\/#\/schema\/logo\/image\/"},"sameAs":["https:\/\/www.facebook.com\/profile.php?id=100090733639311","https:\/\/x.com\/talkpalai","https:\/\/www.linkedin.com\/company\/talkpal\/","https:\/\/www.youtube.com\/@TalkPal\/","https:\/\/www.tiktok.com\/@talkpal","https:\/\/www.instagram.com\/talkpal_ai\/","https:\/\/www.crunchbase.com\/organization\/talkpal-9cde","https:\/\/www.g2.com\/products\/talkpal-for-business\/","https:\/\/www.trustpilot.com\/review\/talkpal.ai","https:\/\/www.capterra.com\/p\/10006800\/TalkPal\/"],"description":"Talkpal is a language learning web and mobile education app, powered by the latest AI technologies, that provides engaging experiences to its customers in many different languages to help them improve their language skills. Users can chat about unlimited amount of topics with the app and use other modes to practice their language learning.","email":"support@talkpal.ai","legalName":"Talkpal, Inc.","foundingDate":"2023-04-03","duns":"118989042","numberOfEmployees":{"@type":"QuantitativeValue","minValue":"11","maxValue":"50"},"publishingPrinciples":"https:\/\/talkpal.ai\/publishing-principles\/","actionableFeedbackPolicy":"https:\/\/talkpal.ai\/actionable-feedback-policy\/","correctionsPolicy":"https:\/\/talkpal.ai\/corrections-policy\/","ethicsPolicy":"https:\/\/talkpal.ai\/ethics-policy\/","diversityPolicy":"https:\/\/talkpal.ai\/diversity-policy\/","diversityStaffingReport":"https:\/\/talkpal.ai\/diversity-policy\/"}]}},"_links":{"self":[{"href":"https:\/\/talkpal.ai\/pl\/wp-json\/wp\/v2\/pages\/140664","targetHints":{"allow":["GET"]}}],"collection":[{"href":"https:\/\/talkpal.ai\/pl\/wp-json\/wp\/v2\/pages"}],"about":[{"href":"https:\/\/talkpal.ai\/pl\/wp-json\/wp\/v2\/types\/page"}],"author":[{"embeddable":true,"href":"https:\/\/talkpal.ai\/pl\/wp-json\/wp\/v2\/users\/1"}],"replies":[{"embeddable":true,"href":"https:\/\/talkpal.ai\/pl\/wp-json\/wp\/v2\/comments?post=140664"}],"version-history":[{"count":0,"href":"https:\/\/talkpal.ai\/pl\/wp-json\/wp\/v2\/pages\/140664\/revisions"}],"wp:featuredmedia":[{"embeddable":true,"href":"https:\/\/talkpal.ai\/pl\/wp-json\/wp\/v2\/media\/108913"}],"wp:attachment":[{"href":"https:\/\/talkpal.ai\/pl\/wp-json\/wp\/v2\/media?parent=140664"}],"curies":[{"name":"wp","href":"https:\/\/api.w.org\/{rel}","templated":true}]}}