{"id":140567,"date":"2023-05-14T13:54:14","date_gmt":"2023-05-14T13:54:14","guid":{"rendered":"http:\/\/talkpal.ai\/gramatyka-ormianska\/"},"modified":"2025-05-21T10:54:13","modified_gmt":"2025-05-21T10:54:13","slug":"gramatyka-ormianska","status":"publish","type":"page","link":"https:\/\/talkpal.ai\/pl\/gramatyka-ormianska\/","title":{"rendered":"Gramatyka ormia\u0144ska"},"content":{"rendered":"\r\n\r\n\r\n<section class=\"languageChallengeSection\">\r\n    <div class=\"languageInfoWrapper\">\r\n        \r\n        <h1>Gramatyka ormia\u0144ska<\/h1>\r\n        <p>Gotowy na poznanie nowego j\u0119zyka? <a href=\"https:\/\/talkpal.ai\/grammar\/\">Gramatyka<\/a> ormia\u0144ska jest bram\u0105 do \u015bwiata fascynuj\u0105cych wzor\u00f3w i unikalnych tradycji! Ucz\u0105c si\u0119 ormia\u0144skiej gramatyki, nie tylko opanujesz j\u0119zyk, ale tak\u017ce po\u0142\u0105czysz si\u0119 z g\u0142\u0119bokim dziedzictwem kulturowym Armenii. Zanurzmy si\u0119 razem i cieszmy si\u0119 podr\u00f3\u017c\u0105 do j\u0119zyka ormia\u0144skiego!<\/p>\r\n\r\n                            <a class=\"getStartedHidden\" href=\"https:\/\/app.talkpal.ai\/pl\/signup?lng=\">Zaczynaj<\/a>\r\n        \r\n    <\/div>\r\n\r\n    <figure>\r\n    <img decoding=\"async\" width=\"768\" height=\"768\" src=\"https:\/\/talkpal.ai\/wp-content\/uploads\/2023\/06\/armenian-768x768.png\" class=\"languageImage no-lazy\" alt=\"Language learning for higher cognition\" fetchpriority=\"high\" sizes=\"(max-width: 768px) 150px, 768px\" srcset=\"https:\/\/talkpal.ai\/wp-content\/uploads\/2023\/06\/armenian-768x768.png 768w, https:\/\/talkpal.ai\/wp-content\/uploads\/2023\/06\/armenian-300x300.png 300w\" \/>\r\n    \r\n\r\n    <\/figure>\r\n\r\n            <a class=\"getStartedVisible\" href=\"https:\/\/app.talkpal.ai\/pl\/signup?lng=\">Zaczynaj<\/a>\r\n    \r\n<\/section>\r\n<section class=\"promotionalBanner\">\r\n    <p class=\"promotionalText\">Najbardziej efektywny spos\u00f3b nauki j\u0119zyka<\/p>\r\n    <a class=\"promotionalLink\" href=\"https:\/\/app.talkpal.ai\/pl\/signup?lng=\">Wypr\u00f3buj Talkpal za darmo<\/a>\r\n<\/section>\n<div class=\"wp-block-group pageContainerStyle\"><div class=\"wp-block-group__inner-container is-layout-constrained wp-block-group-is-layout-constrained\">\n<h2 class=\"wp-block-heading\" id=\"h-discovering-the-richness-of-armenian-grammar\">Odkrywanie bogactwa gramatyki ormia\u0144skiej<\/h2>\n\n\n\n<p><a href=\"https:\/\/talkpal.ai\/learn-armenian\/\">Ormia\u0144ski<\/a>, unikalny i fascynuj\u0105cy j\u0119zyk, zajmuje szczeg\u00f3lne miejsce w rodzinie indoeuropejskiej. <a href=\"https:\/\/talkpal.ai\/pl\/jak-uczyc-sie-jezyka-za-posrednictwem-czatu-talkpal\/\">Nauka j\u0119zyka<\/a> ormia\u0144skiego nie tylko wzbogaca Tw\u00f3j repertuar j\u0119zykowy, ale tak\u017ce pozwala zanurzy\u0107 si\u0119 w bogatej historii i kulturze Armenii. Chocia\u017c gramatyka ormia\u0144ska mo\u017ce wydawa\u0107 si\u0119 zniech\u0119caj\u0105ca na pierwszy rzut oka, rozbicie jej na podstawowe elementy upraszcza proces. W tym artykule wprowadzimy Ci\u0119 w urzekaj\u0105cy \u015bwiat gramatyki ormia\u0144skiej i udzielimy wskaz\u00f3wek, jak opanowa\u0107 jej zawi\u0142o\u015bci.<\/p>\n\n\n\n<h3 class=\"wp-block-heading\" id=\"h-1-the-armenian-alphabet\">1. Alfabet ormia\u0144ski<\/h3>\n\n\n\n<p>J\u0119zyk <a href=\"https:\/\/talkpal.ai\/learn-armenian\/\">ormia\u0144ski<\/a> ma sw\u00f3j odr\u0119bny alfabet, sk\u0142adaj\u0105cy si\u0119 z 39 liter, z kt\u00f3rych ka\u017cda reprezentuje okre\u015blony fonem lub kombinacj\u0119 fonem\u00f3w. Aby <a href=\"https:\/\/talkpal.ai\/grammar\/\">nauczy\u0107 si\u0119 gramatyki<\/a> ormia\u0144skiej, kluczowe jest zapoznanie si\u0119 z tym unikalnym systemem pisma poprzez \u0107wiczenie czytania i pisania ormia\u0144skich tekst\u00f3w.<\/p>\n\n\n\n<h3 class=\"wp-block-heading\" id=\"h-2-nouns-gender-and-cases\">2. Rzeczowniki: rodzaj i przypadki<\/h3>\n\n\n\n<p>Rzeczowniki ormia\u0144skie nie maj\u0105 rodzaju gramatycznego, jak wiele innych j\u0119zyk\u00f3w. Maj\u0105 jednak kilka przypadk\u00f3w, w tym mianownik, biernik, celownik, dope\u0142niacz, instrumentalnik, ablacj\u0119 i miejscownik. Poznanie zasad tworzenia tych przypadk\u00f3w pozwoli Ci lepiej zrozumie\u0107 i ustrukturyzowa\u0107 zdania ormia\u0144skie.<\/p>\n\n\n\n<h3 class=\"wp-block-heading\" id=\"h-3-verbs-conjugation-and-tense\">3. Czasowniki: koniugacja i czas<\/h3>\n\n\n\n<p>Czasowniki ormia\u0144skie s\u0105 odmieniane zgodnie z ich czasem, nastrojem i aspektem. W j\u0119zyku ormia\u0144skim istnieje siedem podstawowych czas\u00f3w, w tym tera\u017aniejszy, niedokonany, dokonany, aorystyczny, przysz\u0142y, z\u0142o\u017cony i przysz\u0142y dokonany. Czasowniki regularne maj\u0105 okre\u015blone wzorce koniugacji, dzi\u0119ki czemu s\u0105 stosunkowo \u0142atwe do nauczenia, gdy zrozumiesz zasady.<\/p>\n\n\n\n<h3 class=\"wp-block-heading\" id=\"h-4-adjectives-agreement-and-placement\">4. Przymiotniki: umowa i umiejscowienie<\/h3>\n\n\n\n<p>W gramatyce ormia\u0144skiej przymiotniki zazwyczaj wyst\u0119puj\u0105 przed rzeczownikiem, kt\u00f3ry modyfikuj\u0105, i nie musz\u0105 zgadza\u0107 si\u0119 z rzeczownikiem. Jednak przymiotniki mo\u017cna odmienia\u0107, je\u015bli s\u0105 u\u017cywane rzeczownikowo (jako rzeczownik) lub s\u0105 poprzedzone pewnymi zaimkami wskazuj\u0105cymi i dzier\u017cawczymi.<\/p>\n\n\n\n<p><strong>Przyk\u0142ady:<\/strong><\/p>\n\n\n\n<p>&#8211; \u057d\u0578\u0582\u0580\u0562 \u057f\u0561\u0573\u0561\u0580 (surb tachar) &#8211; \u015bwi\u0119ta \u015bwi\u0105tynia<\/p>\n\n\n\n<p>&#8211; \u0561\u0575\u057d \u0574\u0565\u056e \u057f\u0578\u0582\u0576 (ays <a href=\"https:\/\/talkpal.ai\/locations\/language-courses-in-metz\/\">metz<\/a> tun) &#8211; ten du\u017cy dom<\/p>\n\n\n\n<h3 class=\"wp-block-heading\" id=\"h-5-evidentiality-in-verbs\">5. Ewidentno\u015b\u0107 w czasownikach<\/h3>\n\n\n\n<p>Jednym z unikalnych aspekt\u00f3w gramatyki ormia\u0144skiej jest u\u017cycie czasownik\u00f3w dowodowych. Ta cecha pokazuje \u017ar\u00f3d\u0142o wiedzy m\u00f3wcy (osobiste do\u015bwiadczenie, pog\u0142oski lub wnioski) dotycz\u0105ce dzia\u0142ania w zdaniu. Zwr\u00f3cenie uwagi na te niuanse mo\u017ce pom\u00f3c w zapewnieniu kontekstu i jasno\u015bci w rozmowie.<\/p>\n\n\n\n<h3 class=\"wp-block-heading\" id=\"h-6-engaging-with-the-language\">6. Anga\u017cowanie si\u0119 w j\u0119zyk<\/h3>\n\n\n\n<p>Najskuteczniejszym sposobem zrozumienia i przyswojenia gramatyki ormia\u0144skiej jest regularna interakcja z j\u0119zykiem. Czytaj\u0105c literatur\u0119 ormia\u0144sk\u0105, ogl\u0105daj\u0105c filmy lub seriale telewizyjne i aktywnie komunikuj\u0105c si\u0119 z native speakerami, wzmocnisz swoje zrozumienie gramatyki i jednocze\u015bnie poszerzysz s\u0142ownictwo.<\/p>\n\n\n\n<h3 class=\"wp-block-heading\" id=\"h-conclusion\">Wnioski<\/h3>\n\n\n\n<p>Chocia\u017c gramatyka ormia\u0144ska mo\u017ce wydawa\u0107 si\u0119 skomplikowana, podej\u015bcie do niej krok po kroku i konsekwentne \u0107wiczenie pomo\u017ce Ci sta\u0107 si\u0119 bieg\u0142ym w tym pi\u0119knym j\u0119zyku. Podejmij wyzwanie, rozpoczynaj\u0105c swoj\u0105 przygod\u0119 z j\u0119zykiem ormia\u0144skim, a wkr\u00f3tce przekonasz si\u0119, \u017ce poruszasz si\u0119 po niuansach jego gramatyki z coraz wi\u0119ksz\u0105 pewno\u015bci\u0105 siebie. Mi\u0142ej nauki i mi\u0142ego odkrywania bogactwa gramatyki ormia\u0144skiej!<\/p>\n<\/div><\/div>\n\r\n<section class=\"learnNavigationSection\">\r\n            \r\n        <a href=\"https:\/\/talkpal.ai\/pl\/naucz-sie-ormianskiego\/\">\r\n            <div class=\"learnNavigationWrapper\">\r\n                <div class=\"learnNavigationContent\">\r\n                    <img decoding=\"async\" src=\"https:\/\/talkpal.ai\/wp-content\/uploads\/2024\/08\/Armenian.jpg\" alt=\"Armenian Flag\">\r\n                    <div>\r\n                        <h4>O Armenian Learning<\/h4>\r\n                        <p>Dowiedz si\u0119 wszystkiego o gramatyce ormia\u0144skiej .<\/p>\r\n                    <\/div>\r\n                <\/div>\r\n            <\/div>\r\n        <\/a>\r\n\r\n        \r\n        <a href=\"https:\/\/talkpal.ai\/pl\/cwiczenia-gramatyczne-z-jezyka-ormianskiego\/\">\r\n            <div class=\"learnNavigationWrapper\">\r\n                <div class=\"learnNavigationContent\">\r\n                    <img decoding=\"async\" src=\"https:\/\/talkpal.ai\/wp-content\/uploads\/2024\/08\/Armenian.jpg\" alt=\"Armenian Flag\">\r\n                    <div>\r\n                        <h4>\u0106wiczenie z gramatyki j\u0119zyka ormia\u0144skiego<\/h4>\r\n                        <p>\u0106wicz gramatyk\u0119 ormia\u0144sk\u0105 .<\/p>\r\n                    <\/div>\r\n                <\/div>\r\n            <\/div>\r\n        <\/a>\r\n\r\n        \r\n        <a href=\"https:\/\/talkpal.ai\/vocabulary_language\/armenian\/\">\r\n            <div class=\"learnNavigationWrapper\">\r\n                <div class=\"learnNavigationContent\">\r\n                    <img decoding=\"async\" src=\"https:\/\/talkpal.ai\/wp-content\/uploads\/2024\/08\/Armenian.jpg\" alt=\"Armenian Flag\">\r\n                    <div>\r\n                        <h4>S\u0142ownictwo ormia\u0144skie<\/h4>\r\n                        <p>Poszerz swoje arme\u0144skie s\u0142ownictwo.<\/p>\r\n                    <\/div>\r\n                <\/div>\r\n            <\/div>\r\n        <\/a>\r\n\r\n            <\/section>","protected":false},"excerpt":{"rendered":"<p>Odkrywanie bogactwa gramatyki ormia\u0144skiej Ormia\u0144ski, unikalny i fascynuj\u0105cy j\u0119zyk, zajmuje szczeg\u00f3lne miejsce w rodzinie indoeuropejskiej. Nauka j\u0119zyka ormia\u0144skiego nie tylko wzbogaca Tw\u00f3j repertuar j\u0119zykowy, ale tak\u017ce pozwala zanurzy\u0107 si\u0119 w bogatej historii i kulturze Armenii. Chocia\u017c gramatyka ormia\u0144ska mo\u017ce wydawa\u0107 si\u0119 zniech\u0119caj\u0105ca na pierwszy rzut oka, rozbicie jej na podstawowe elementy upraszcza proces. W tym [&hellip;]<\/p>\n","protected":false},"author":1,"featured_media":109090,"parent":0,"menu_order":0,"comment_status":"closed","ping_status":"closed","template":"LearningContentPage.php","meta":{"_acf_changed":false,"footnotes":""},"class_list":["post-140567","page","type-page","status-publish","has-post-thumbnail","hentry"],"acf":[],"yoast_head":"<!-- This site is optimized with the Yoast SEO Premium plugin v27.2 (Yoast SEO v27.2) - https:\/\/yoast.com\/product\/yoast-seo-premium-wordpress\/ -->\n<title>Gramatyka ormia\u0144ska - Talkpal<\/title>\n<meta name=\"description\" content=\"Odkryj sekrety ormia\u0144skiej gramatyki i poznaj bogat\u0105 kultur\u0119 Armenii, opanowuj\u0105c ten fascynuj\u0105cy j\u0119zyk.\" \/>\n<meta name=\"robots\" content=\"index, follow, max-snippet:-1, max-image-preview:large, max-video-preview:-1\" \/>\n<link rel=\"canonical\" href=\"https:\/\/talkpal.ai\/pl\/gramatyka-ormianska\/\" \/>\n<meta property=\"og:locale\" content=\"pl_PL\" \/>\n<meta property=\"og:type\" content=\"article\" \/>\n<meta property=\"og:title\" content=\"Gramatyka ormia\u0144ska\" \/>\n<meta property=\"og:description\" content=\"Odkrywanie bogactwa gramatyki ormia\u0144skiej Ormia\u0144ski, unikalny i fascynuj\u0105cy j\u0119zyk, zajmuje szczeg\u00f3lne miejsce w rodzinie indoeuropejskiej. Nauka j\u0119zyka\" \/>\n<meta property=\"og:url\" content=\"https:\/\/talkpal.ai\/pl\/gramatyka-ormianska\/\" \/>\n<meta property=\"og:site_name\" content=\"Talkpal\" \/>\n<meta property=\"article:publisher\" content=\"https:\/\/www.facebook.com\/profile.php?id=100090733639311\" \/>\n<meta property=\"article:modified_time\" content=\"2025-05-21T10:54:13+00:00\" \/>\n<meta property=\"og:image\" content=\"https:\/\/talkpal.ai\/wp-content\/uploads\/2023\/05\/armenia.png\" \/>\n\t<meta property=\"og:image:width\" content=\"512\" \/>\n\t<meta property=\"og:image:height\" content=\"512\" \/>\n\t<meta property=\"og:image:type\" content=\"image\/png\" \/>\n<meta name=\"twitter:card\" content=\"summary_large_image\" \/>\n<meta name=\"twitter:site\" content=\"@talkpalai\" \/>\n<meta name=\"twitter:label1\" content=\"Szacowany czas czytania\" \/>\n\t<meta name=\"twitter:data1\" content=\"3 minuty\" \/>\n<script type=\"application\/ld+json\" class=\"yoast-schema-graph\">{\"@context\":\"https:\/\/schema.org\",\"@graph\":[{\"@type\":\"WebPage\",\"@id\":\"https:\/\/talkpal.ai\/pl\/gramatyka-ormianska\/\",\"url\":\"https:\/\/talkpal.ai\/pl\/gramatyka-ormianska\/\",\"name\":\"Gramatyka ormia\u0144ska - Talkpal\",\"isPartOf\":{\"@id\":\"https:\/\/talkpal.ai\/pl\/#website\"},\"primaryImageOfPage\":{\"@id\":\"https:\/\/talkpal.ai\/pl\/gramatyka-ormianska\/#primaryimage\"},\"image\":{\"@id\":\"https:\/\/talkpal.ai\/pl\/gramatyka-ormianska\/#primaryimage\"},\"thumbnailUrl\":\"https:\/\/talkpal.ai\/wp-content\/uploads\/2023\/05\/armenia.png\",\"datePublished\":\"2023-05-14T13:54:14+00:00\",\"dateModified\":\"2025-05-21T10:54:13+00:00\",\"description\":\"Odkryj sekrety ormia\u0144skiej gramatyki i poznaj bogat\u0105 kultur\u0119 Armenii, opanowuj\u0105c ten fascynuj\u0105cy j\u0119zyk.\",\"breadcrumb\":{\"@id\":\"https:\/\/talkpal.ai\/pl\/gramatyka-ormianska\/#breadcrumb\"},\"inLanguage\":\"pl-PL\",\"potentialAction\":[{\"@type\":\"ReadAction\",\"target\":[\"https:\/\/talkpal.ai\/pl\/gramatyka-ormianska\/\"]}]},{\"@type\":\"ImageObject\",\"inLanguage\":\"pl-PL\",\"@id\":\"https:\/\/talkpal.ai\/pl\/gramatyka-ormianska\/#primaryimage\",\"url\":\"https:\/\/talkpal.ai\/wp-content\/uploads\/2023\/05\/armenia.png\",\"contentUrl\":\"https:\/\/talkpal.ai\/wp-content\/uploads\/2023\/05\/armenia.png\",\"width\":512,\"height\":512},{\"@type\":\"BreadcrumbList\",\"@id\":\"https:\/\/talkpal.ai\/pl\/gramatyka-ormianska\/#breadcrumb\",\"itemListElement\":[{\"@type\":\"ListItem\",\"position\":1,\"name\":\"Homepage\",\"item\":\"https:\/\/talkpal.ai\/pl\/\"},{\"@type\":\"ListItem\",\"position\":2,\"name\":\"Gramatyka ormia\u0144ska\"}]},{\"@type\":\"WebSite\",\"@id\":\"https:\/\/talkpal.ai\/pl\/#website\",\"url\":\"https:\/\/talkpal.ai\/pl\/\",\"name\":\"Talkpal\",\"description\":\"AI Language Learning\",\"publisher\":{\"@id\":\"https:\/\/talkpal.ai\/pl\/#organization\"},\"alternateName\":\"Talkpal AI\",\"potentialAction\":[{\"@type\":\"SearchAction\",\"target\":{\"@type\":\"EntryPoint\",\"urlTemplate\":\"https:\/\/talkpal.ai\/pl\/?s={search_term_string}\"},\"query-input\":{\"@type\":\"PropertyValueSpecification\",\"valueRequired\":true,\"valueName\":\"search_term_string\"}}],\"inLanguage\":\"pl-PL\"},{\"@type\":\"Organization\",\"@id\":\"https:\/\/talkpal.ai\/pl\/#organization\",\"name\":\"Talkpal, Inc.\",\"alternateName\":\"Talkpal AI\",\"url\":\"https:\/\/talkpal.ai\/pl\/\",\"logo\":{\"@type\":\"ImageObject\",\"inLanguage\":\"pl-PL\",\"@id\":\"https:\/\/talkpal.ai\/pl\/#\/schema\/logo\/image\/\",\"url\":\"https:\/\/talkpal.ai\/wp-content\/uploads\/2024\/03\/Talkpal-Logo-Icon.png\",\"contentUrl\":\"https:\/\/talkpal.ai\/wp-content\/uploads\/2024\/03\/Talkpal-Logo-Icon.png\",\"width\":2880,\"height\":2880,\"caption\":\"Talkpal, Inc.\"},\"image\":{\"@id\":\"https:\/\/talkpal.ai\/pl\/#\/schema\/logo\/image\/\"},\"sameAs\":[\"https:\/\/www.facebook.com\/profile.php?id=100090733639311\",\"https:\/\/x.com\/talkpalai\",\"https:\/\/www.linkedin.com\/company\/talkpal\/\",\"https:\/\/www.youtube.com\/@TalkPal\/\",\"https:\/\/www.tiktok.com\/@talkpal\",\"https:\/\/www.instagram.com\/talkpal_ai\/\",\"https:\/\/www.crunchbase.com\/organization\/talkpal-9cde\",\"https:\/\/www.g2.com\/products\/talkpal-for-business\/\",\"https:\/\/www.trustpilot.com\/review\/talkpal.ai\",\"https:\/\/www.capterra.com\/p\/10006800\/TalkPal\/\"],\"description\":\"Talkpal is a language learning web and mobile education app, powered by the latest AI technologies, that provides engaging experiences to its customers in many different languages to help them improve their language skills. Users can chat about unlimited amount of topics with the app and use other modes to practice their language learning.\",\"email\":\"support@talkpal.ai\",\"legalName\":\"Talkpal, Inc.\",\"foundingDate\":\"2023-04-03\",\"duns\":\"118989042\",\"numberOfEmployees\":{\"@type\":\"QuantitativeValue\",\"minValue\":\"11\",\"maxValue\":\"50\"},\"publishingPrinciples\":\"https:\/\/talkpal.ai\/publishing-principles\/\",\"actionableFeedbackPolicy\":\"https:\/\/talkpal.ai\/actionable-feedback-policy\/\",\"correctionsPolicy\":\"https:\/\/talkpal.ai\/corrections-policy\/\",\"ethicsPolicy\":\"https:\/\/talkpal.ai\/ethics-policy\/\",\"diversityPolicy\":\"https:\/\/talkpal.ai\/diversity-policy\/\",\"diversityStaffingReport\":\"https:\/\/talkpal.ai\/diversity-policy\/\"}]}<\/script>\n<!-- \/ Yoast SEO Premium plugin. -->","yoast_head_json":{"title":"Gramatyka ormia\u0144ska - Talkpal","description":"Odkryj sekrety ormia\u0144skiej gramatyki i poznaj bogat\u0105 kultur\u0119 Armenii, opanowuj\u0105c ten fascynuj\u0105cy j\u0119zyk.","robots":{"index":"index","follow":"follow","max-snippet":"max-snippet:-1","max-image-preview":"max-image-preview:large","max-video-preview":"max-video-preview:-1"},"canonical":"https:\/\/talkpal.ai\/pl\/gramatyka-ormianska\/","og_locale":"pl_PL","og_type":"article","og_title":"Gramatyka ormia\u0144ska","og_description":"Odkrywanie bogactwa gramatyki ormia\u0144skiej Ormia\u0144ski, unikalny i fascynuj\u0105cy j\u0119zyk, zajmuje szczeg\u00f3lne miejsce w rodzinie indoeuropejskiej. Nauka j\u0119zyka","og_url":"https:\/\/talkpal.ai\/pl\/gramatyka-ormianska\/","og_site_name":"Talkpal","article_publisher":"https:\/\/www.facebook.com\/profile.php?id=100090733639311","article_modified_time":"2025-05-21T10:54:13+00:00","og_image":[{"width":512,"height":512,"url":"https:\/\/talkpal.ai\/wp-content\/uploads\/2023\/05\/armenia.png","type":"image\/png"}],"twitter_card":"summary_large_image","twitter_site":"@talkpalai","twitter_misc":{"Szacowany czas czytania":"3 minuty"},"schema":{"@context":"https:\/\/schema.org","@graph":[{"@type":"WebPage","@id":"https:\/\/talkpal.ai\/pl\/gramatyka-ormianska\/","url":"https:\/\/talkpal.ai\/pl\/gramatyka-ormianska\/","name":"Gramatyka ormia\u0144ska - Talkpal","isPartOf":{"@id":"https:\/\/talkpal.ai\/pl\/#website"},"primaryImageOfPage":{"@id":"https:\/\/talkpal.ai\/pl\/gramatyka-ormianska\/#primaryimage"},"image":{"@id":"https:\/\/talkpal.ai\/pl\/gramatyka-ormianska\/#primaryimage"},"thumbnailUrl":"https:\/\/talkpal.ai\/wp-content\/uploads\/2023\/05\/armenia.png","datePublished":"2023-05-14T13:54:14+00:00","dateModified":"2025-05-21T10:54:13+00:00","description":"Odkryj sekrety ormia\u0144skiej gramatyki i poznaj bogat\u0105 kultur\u0119 Armenii, opanowuj\u0105c ten fascynuj\u0105cy j\u0119zyk.","breadcrumb":{"@id":"https:\/\/talkpal.ai\/pl\/gramatyka-ormianska\/#breadcrumb"},"inLanguage":"pl-PL","potentialAction":[{"@type":"ReadAction","target":["https:\/\/talkpal.ai\/pl\/gramatyka-ormianska\/"]}]},{"@type":"ImageObject","inLanguage":"pl-PL","@id":"https:\/\/talkpal.ai\/pl\/gramatyka-ormianska\/#primaryimage","url":"https:\/\/talkpal.ai\/wp-content\/uploads\/2023\/05\/armenia.png","contentUrl":"https:\/\/talkpal.ai\/wp-content\/uploads\/2023\/05\/armenia.png","width":512,"height":512},{"@type":"BreadcrumbList","@id":"https:\/\/talkpal.ai\/pl\/gramatyka-ormianska\/#breadcrumb","itemListElement":[{"@type":"ListItem","position":1,"name":"Homepage","item":"https:\/\/talkpal.ai\/pl\/"},{"@type":"ListItem","position":2,"name":"Gramatyka ormia\u0144ska"}]},{"@type":"WebSite","@id":"https:\/\/talkpal.ai\/pl\/#website","url":"https:\/\/talkpal.ai\/pl\/","name":"Talkpal","description":"AI Language Learning","publisher":{"@id":"https:\/\/talkpal.ai\/pl\/#organization"},"alternateName":"Talkpal AI","potentialAction":[{"@type":"SearchAction","target":{"@type":"EntryPoint","urlTemplate":"https:\/\/talkpal.ai\/pl\/?s={search_term_string}"},"query-input":{"@type":"PropertyValueSpecification","valueRequired":true,"valueName":"search_term_string"}}],"inLanguage":"pl-PL"},{"@type":"Organization","@id":"https:\/\/talkpal.ai\/pl\/#organization","name":"Talkpal, Inc.","alternateName":"Talkpal AI","url":"https:\/\/talkpal.ai\/pl\/","logo":{"@type":"ImageObject","inLanguage":"pl-PL","@id":"https:\/\/talkpal.ai\/pl\/#\/schema\/logo\/image\/","url":"https:\/\/talkpal.ai\/wp-content\/uploads\/2024\/03\/Talkpal-Logo-Icon.png","contentUrl":"https:\/\/talkpal.ai\/wp-content\/uploads\/2024\/03\/Talkpal-Logo-Icon.png","width":2880,"height":2880,"caption":"Talkpal, Inc."},"image":{"@id":"https:\/\/talkpal.ai\/pl\/#\/schema\/logo\/image\/"},"sameAs":["https:\/\/www.facebook.com\/profile.php?id=100090733639311","https:\/\/x.com\/talkpalai","https:\/\/www.linkedin.com\/company\/talkpal\/","https:\/\/www.youtube.com\/@TalkPal\/","https:\/\/www.tiktok.com\/@talkpal","https:\/\/www.instagram.com\/talkpal_ai\/","https:\/\/www.crunchbase.com\/organization\/talkpal-9cde","https:\/\/www.g2.com\/products\/talkpal-for-business\/","https:\/\/www.trustpilot.com\/review\/talkpal.ai","https:\/\/www.capterra.com\/p\/10006800\/TalkPal\/"],"description":"Talkpal is a language learning web and mobile education app, powered by the latest AI technologies, that provides engaging experiences to its customers in many different languages to help them improve their language skills. Users can chat about unlimited amount of topics with the app and use other modes to practice their language learning.","email":"support@talkpal.ai","legalName":"Talkpal, Inc.","foundingDate":"2023-04-03","duns":"118989042","numberOfEmployees":{"@type":"QuantitativeValue","minValue":"11","maxValue":"50"},"publishingPrinciples":"https:\/\/talkpal.ai\/publishing-principles\/","actionableFeedbackPolicy":"https:\/\/talkpal.ai\/actionable-feedback-policy\/","correctionsPolicy":"https:\/\/talkpal.ai\/corrections-policy\/","ethicsPolicy":"https:\/\/talkpal.ai\/ethics-policy\/","diversityPolicy":"https:\/\/talkpal.ai\/diversity-policy\/","diversityStaffingReport":"https:\/\/talkpal.ai\/diversity-policy\/"}]}},"_links":{"self":[{"href":"https:\/\/talkpal.ai\/pl\/wp-json\/wp\/v2\/pages\/140567","targetHints":{"allow":["GET"]}}],"collection":[{"href":"https:\/\/talkpal.ai\/pl\/wp-json\/wp\/v2\/pages"}],"about":[{"href":"https:\/\/talkpal.ai\/pl\/wp-json\/wp\/v2\/types\/page"}],"author":[{"embeddable":true,"href":"https:\/\/talkpal.ai\/pl\/wp-json\/wp\/v2\/users\/1"}],"replies":[{"embeddable":true,"href":"https:\/\/talkpal.ai\/pl\/wp-json\/wp\/v2\/comments?post=140567"}],"version-history":[{"count":0,"href":"https:\/\/talkpal.ai\/pl\/wp-json\/wp\/v2\/pages\/140567\/revisions"}],"wp:featuredmedia":[{"embeddable":true,"href":"https:\/\/talkpal.ai\/pl\/wp-json\/wp\/v2\/media\/109090"}],"wp:attachment":[{"href":"https:\/\/talkpal.ai\/pl\/wp-json\/wp\/v2\/media?parent=140567"}],"curies":[{"name":"wp","href":"https:\/\/api.w.org\/{rel}","templated":true}]}}