{"id":140275,"date":"2023-05-14T13:53:48","date_gmt":"2023-05-14T13:53:48","guid":{"rendered":"http:\/\/talkpal.ai\/gramatyka-azerbejdzanska\/"},"modified":"2025-05-22T08:23:57","modified_gmt":"2025-05-22T08:23:57","slug":"gramatyka-azerbejdzanska","status":"publish","type":"page","link":"https:\/\/talkpal.ai\/pl\/gramatyka-azerbejdzanska\/","title":{"rendered":"Gramatyka azerbejd\u017ca\u0144ska"},"content":{"rendered":"\r\n\r\n\r\n<section class=\"languageChallengeSection\">\r\n    <div class=\"languageInfoWrapper\">\r\n        \r\n        <h1>Gramatyka azerbejd\u017ca\u0144ska<\/h1>\r\n        <p>Gotowy, by odkry\u0107 pi\u0119kno j\u0119zyka azerbejd\u017ca\u0144skiego? Zanurz si\u0119 w gramatyce j\u0119zyka azerbejd\u017ca\u0144skiego i odkryj jego unikaln\u0105 struktur\u0119, od harmonii samog\u0142osek po ekspresyjne formy czasownik\u00f3w. Rozpocznij nauk\u0119 ju\u017c dzi\u015b i przekonaj si\u0119, jak opanowanie gramatyki naprawd\u0119 otwiera drog\u0119 do p\u0142ynnej konwersacji i g\u0142\u0119bszego zrozumienia kultury Azerbejd\u017canu!<\/p>\r\n\r\n                            <a class=\"getStartedHidden\" href=\"https:\/\/app.talkpal.ai\/pl\/signup?lng=\">Zaczynaj<\/a>\r\n        \r\n    <\/div>\r\n\r\n    <figure>\r\n    <img decoding=\"async\" width=\"768\" height=\"768\" src=\"https:\/\/talkpal.ai\/wp-content\/uploads\/2023\/06\/azerbaijani-768x768.png\" class=\"languageImage no-lazy\" alt=\"Language learning for enhanced cognitive skills\" fetchpriority=\"high\" sizes=\"(max-width: 768px) 150px, 768px\" srcset=\"https:\/\/talkpal.ai\/wp-content\/uploads\/2023\/06\/azerbaijani-768x768.png 768w, https:\/\/talkpal.ai\/wp-content\/uploads\/2023\/06\/azerbaijani-300x300.png 300w\" \/>\r\n    \r\n\r\n    <\/figure>\r\n\r\n            <a class=\"getStartedVisible\" href=\"https:\/\/app.talkpal.ai\/pl\/signup?lng=\">Zaczynaj<\/a>\r\n    \r\n<\/section>\r\n<section class=\"promotionalBanner\">\r\n    <p class=\"promotionalText\">Najbardziej efektywny spos\u00f3b nauki j\u0119zyka<\/p>\r\n    <a class=\"promotionalLink\" href=\"https:\/\/app.talkpal.ai\/pl\/signup?lng=\">Wypr\u00f3buj Talkpal za darmo<\/a>\r\n<\/section>\n<div class=\"wp-block-group pageContainerStyle\"><div class=\"wp-block-group__inner-container is-layout-constrained wp-block-group-is-layout-constrained\">\n<h2 class=\"wp-block-heading\" id=\"h-a-comprehensive-guide-to-azerbaijani-grammar\">Kompleksowy przewodnik po gramatyce azerbejd\u017ca\u0144skiej<\/h2>\n\n\n\n<p>Czy kiedykolwiek my\u015bla\u0142e\u015b o nauce azerbejd\u017ca\u0144skiego? Jako j\u0119zyk urz\u0119dowy Azerbejd\u017canu, kt\u00f3rym pos\u0142uguj\u0105 si\u0119 miliony ludzi w regionie Kaukazu, <a href=\"https:\/\/talkpal.ai\/learn-azerbaijani\/\">azerbejd\u017ca\u0144ski<\/a> jest j\u0119zykiem wyj\u0105tkowym i fascynuj\u0105cym. Dzi\u0119ki bogatej historii, r\u00f3\u017cnorodnej kulturze i mieszance wp\u0142yw\u00f3w j\u0119zyk\u00f3w tureckiego, rosyjskiego i perskiego, Azerbejd\u017can zapewnia wyj\u0105tkowe do\u015bwiadczenie j\u0119zykowe. Ale nie b\u00f3j si\u0119, przyjacielu! W tym artykule odkryjemy cuda gramatyki azerbejd\u017ca\u0144skiej, czyni\u0105c j\u0105 przyst\u0119pn\u0105 i o\u015bmiel\u0119 si\u0119 powiedzie\u0107, przyjemn\u0105 dla entuzjast\u00f3w j\u0119zyka, takich jak Ty.<\/p>\n\n\n\n<p><strong>Zacznijmy, dobrze?<\/strong><\/p>\n\n\n\n<h3 class=\"wp-block-heading\" id=\"h-1-the-azerbaijani-alphabet-a-fusion-of-beauty-and-simplicity\">1. Alfabet azerbejd\u017ca\u0144ski: po\u0142\u0105czenie pi\u0119kna i prostoty<\/h3>\n\n\n\n<p>Alfabet azerbejd\u017ca\u0144ski oparty jest na alfabecie \u0142aci\u0144skim, sk\u0142adaj\u0105cym si\u0119 z 32 liter. Nie martw si\u0119, nie b\u0119dziesz musia\u0142 rozszyfrowywa\u0107 zaszyfrowanych znak\u00f3w, poniewa\u017c bardzo przypomina on alfabet <a href=\"https:\/\/talkpal.ai\/learn-english-with-ai\/\">angielski<\/a>. Niekt\u00f3re litery posiadaj\u0105 jednak unikalne akcenty i znaki diakrytyczne, kt\u00f3re reprezentuj\u0105 specyficzne d\u017awi\u0119ki azerbejd\u017ca\u0144skie. Jaki jest kluczowy wniosek? Opanowanie alfabetu to pierwszy ma\u0142y, ale niezb\u0119dny krok w nauce j\u0119zyka.<\/p>\n\n\n\n<h3 class=\"wp-block-heading\" id=\"h-2-word-order-simple-as-s-o-v\">2. Szyk wyraz\u00f3w: prosty jak S-O-V!<\/h3>\n\n\n\n<p>W przeciwie\u0144stwie do j\u0119zyka angielskiego, kt\u00f3ry ma szyk zdania podmiot-orzeczenie-dope\u0142nienie (SVO), azerbejd\u017ca\u0144ski jest j\u0119zykiem SOV. Oznacza to, \u017ce zwykle znajdziesz podmiot na pocz\u0105tku zdania, po kt\u00f3rym nast\u0119puje dope\u0142nienie, a ko\u0144czy si\u0119 czasownikiem. Na pocz\u0105tku mo\u017ce si\u0119 to wydawa\u0107 nieco dziwne, ale uwierz mi, szybko to opanujesz! Na przyk\u0142ad w j\u0119zyku angielskim m\u00f3wimy &#8222;I love Azerbaijan&#8221;. W j\u0119zyku azerbejd\u017ca\u0144skim zdanie brzmia\u0142oby &#8222;M\u0259n Az\u0259rbaycan\u0131 sevir\u0259m&#8221; (dos\u0142ownie &#8222;Kocham Azerbejd\u017can&#8221;). Bu\u0142ka z mas\u0142em, prawda?<\/p>\n\n\n\n<h3 class=\"wp-block-heading\" id=\"h-3-noun-cases-a-colorful-display-of-linguistic-variety\">3. Przypadki rzeczownik\u00f3w: kolorowy pokaz r\u00f3\u017cnorodno\u015bci j\u0119zykowej<\/h3>\n\n\n\n<p>Jedn\u0105 z najbardziej uderzaj\u0105cych cech gramatyki azerbejd\u017ca\u0144skiej s\u0105 przypadki rzeczownik\u00f3w. J\u0119zyk ten mo\u017ce pochwali\u0107 si\u0119 sze\u015bcioma odr\u0119bnymi przypadkami, z kt\u00f3rych ka\u017cdy pe\u0142ni okre\u015blon\u0105 funkcj\u0119. S\u0105 to: mianownik, dope\u0142niacz, celownik, biernik, miejscownik i ablatyw. Mo\u017ce to zabrzmie\u0107 onie\u015bmielaj\u0105co, ale nie b\u00f3j si\u0119! Podobnie jak malowanie obrazu r\u00f3\u017cnymi kolorami, te przypadki dodaj\u0105 g\u0142\u0119bi i znaczenia Twoim zdaniom. Na przyk\u0142ad &#8222;kitab&#8221; (ksi\u0105\u017cka) mo\u017ce przekszta\u0142ci\u0107 si\u0119 w &#8222;kitab\u0131n&#8221; (z ksi\u0105\u017cki), aby przekaza\u0107 posiadanie. W miar\u0119 stopniowego zapoznawania si\u0119 z tymi przypadkami, zaczniesz docenia\u0107 ich znaczenie w j\u0119zyku.<\/p>\n\n\n\n<h3 class=\"wp-block-heading\" id=\"h-4-verb-conjugation-express-yourself-with-ease\">4. Koniugacja czasownik\u00f3w: wyra\u017a siebie z \u0142atwo\u015bci\u0105<\/h3>\n\n\n\n<p>Czasowniki azerbejd\u017ca\u0144skie s\u0105 bogate i wyraziste, co pozwala przekaza\u0107 szeroki zakres dzia\u0142a\u0144, emocji, intencji i nie tylko. Kluczem do opanowania koniugacji czasownik\u00f3w azerbejd\u017ca\u0144skich jest zrozumienie formy bezokolicznika (podstawowej, nieodmienionej formy czasownika) i r\u00f3\u017cnych przyrostk\u00f3w, kt\u00f3re wskazuj\u0105 czas, osob\u0119 i liczb\u0119. Na przyk\u0142ad bezokolicznik &#8222;g\u00f6rm\u0259k&#8221; (widzie\u0107) mo\u017ce sta\u0107 si\u0119 &#8222;g\u00f6r\u00fcr\u0259m&#8221; (widz\u0119) lub &#8222;g\u00f6rd\u00fcm&#8221; (widzia\u0142em) dzi\u0119ki magii koniugacji. Praktyka czyni mistrza, wi\u0119c nie przestawaj, a w mgnieniu oka staniesz si\u0119 mistrzem koniugacji czasownik\u00f3w!<\/p>\n\n\n\n<h3 class=\"wp-block-heading\" id=\"h-5-it-s-all-about-the-context-dig-deep-into-the-azerbaijani-mindset\">5. Wszystko zale\u017cy od kontekstu: Zag\u0142\u0119b si\u0119 w spos\u00f3b my\u015blenia Azer\u00f3w!<\/h3>\n\n\n\n<p>Kiedy zaczynasz sk\u0142ada\u0107 zdania i zanurza\u0107 si\u0119 w j\u0119zyku azerbejd\u017ca\u0144skim, zawsze pami\u0119taj, \u017ce kontekst jest kluczowy. Kultura, historia i \u015bwiatopogl\u0105d Azerbejd\u017canu odgrywaj\u0105 du\u017c\u0105 rol\u0119 w kszta\u0142towaniu j\u0119zyka. Dlatego, jak m\u00f3wi\u0105, &#8222;kiedy jeste\u015b w Rzymie, r\u00f3b to, co robi\u0105 Rzymianie&#8221;. Zanurz si\u0119 w azerbejd\u017ca\u0144skim sposobie my\u015blenia, aby uzyska\u0107 prawdziwe poczucie j\u0119zyka. Nawi\u0105\u017c <a href=\"https:\/\/talkpal.ai\/contact\/\">kontakt<\/a> z native speakerami, poznaj lokaln\u0105 literatur\u0119 i poznaj specyfik\u0119 j\u0119zyka. Zaufaj mi, nie tylko poprawisz swoj\u0105 znajomo\u015b\u0107 j\u0119zyka, ale tak\u017ce zdob\u0119dziesz niezapomniane do\u015bwiadczenia i wspomnienia.<\/p>\n\n\n\n<p>Podsumowuj\u0105c, <a href=\"https:\/\/talkpal.ai\/azerbaijani-grammar\/\">gramatyka azerbejd\u017ca\u0144ska<\/a> mo\u017ce pocz\u0105tkowo wydawa\u0107 si\u0119 trudna, ale dzi\u0119ki po\u015bwi\u0119ceniu, praktyce i \u017cywemu zainteresowaniu kultur\u0105, b\u0119dziesz profesjonalist\u0105 w mgnieniu oka! Po co wi\u0119c czeka\u0107? Zanurz si\u0119 i wyrusz w t\u0119 ekscytuj\u0105c\u0105 przygod\u0119 j\u0119zykow\u0105, kt\u00f3ra zachwyci Ci\u0119 pi\u0119knem i g\u0142\u0119bi\u0105 j\u0119zyka azerbejd\u017ca\u0144skiego.<\/p>\n<\/div><\/div>\n\r\n<section class=\"learnNavigationSection\">\r\n            \r\n        <a href=\"https:\/\/talkpal.ai\/pl\/naucz-sie-azerbejdzanski\/\">\r\n            <div class=\"learnNavigationWrapper\">\r\n                <div class=\"learnNavigationContent\">\r\n                    <img decoding=\"async\" src=\"https:\/\/talkpal.ai\/wp-content\/uploads\/2024\/08\/Azerbaijani.jpg\" alt=\"Azerbaijani Flag\">\r\n                    <div>\r\n                        <h4>O nauczaniu w Azerbejd\u017canie<\/h4>\r\n                        <p>Dowiedz si\u0119 wszystkiego o gramatyce azerbejd\u017ca\u0144skiej .<\/p>\r\n                    <\/div>\r\n                <\/div>\r\n            <\/div>\r\n        <\/a>\r\n\r\n        \r\n        <a href=\"https:\/\/talkpal.ai\/pl\/cwiczenia-gramatyczne-z-jezyka-azerbejdzanskiego\/\">\r\n            <div class=\"learnNavigationWrapper\">\r\n                <div class=\"learnNavigationContent\">\r\n                    <img decoding=\"async\" src=\"https:\/\/talkpal.ai\/wp-content\/uploads\/2024\/08\/Azerbaijani.jpg\" alt=\"Azerbaijani Flag\">\r\n                    <div>\r\n                        <h4>\u0106wiczenia z gramatyki j\u0119zyka azerbejd\u017ca\u0144skiego<\/h4>\r\n                        <p>\u0106wicz gramatyk\u0119 azerbejd\u017ca\u0144sk\u0105.<\/p>\r\n                    <\/div>\r\n                <\/div>\r\n            <\/div>\r\n        <\/a>\r\n\r\n        \r\n        <a href=\"https:\/\/talkpal.ai\/vocabulary_language\/azerbaijani\/\">\r\n            <div class=\"learnNavigationWrapper\">\r\n                <div class=\"learnNavigationContent\">\r\n                    <img decoding=\"async\" src=\"https:\/\/talkpal.ai\/wp-content\/uploads\/2024\/08\/Azerbaijani.jpg\" alt=\"Azerbaijani Flag\">\r\n                    <div>\r\n                        <h4>S\u0142ownictwo azerbejd\u017ca\u0144skie<\/h4>\r\n                        <p>Poszerz swoje s\u0142ownictwo w j\u0119zyku azerskim.<\/p>\r\n                    <\/div>\r\n                <\/div>\r\n            <\/div>\r\n        <\/a>\r\n\r\n            <\/section>","protected":false},"excerpt":{"rendered":"<p>Kompleksowy przewodnik po gramatyce azerbejd\u017ca\u0144skiej Czy kiedykolwiek my\u015bla\u0142e\u015b o nauce azerbejd\u017ca\u0144skiego? Jako j\u0119zyk urz\u0119dowy Azerbejd\u017canu, kt\u00f3rym pos\u0142uguj\u0105 si\u0119 miliony ludzi w regionie Kaukazu, azerbejd\u017ca\u0144ski jest j\u0119zykiem wyj\u0105tkowym i fascynuj\u0105cym. Dzi\u0119ki bogatej historii, r\u00f3\u017cnorodnej kulturze i mieszance wp\u0142yw\u00f3w j\u0119zyk\u00f3w tureckiego, rosyjskiego i perskiego, Azerbejd\u017can zapewnia wyj\u0105tkowe do\u015bwiadczenie j\u0119zykowe. Ale nie b\u00f3j si\u0119, przyjacielu! W tym artykule [&hellip;]<\/p>\n","protected":false},"author":1,"featured_media":109398,"parent":0,"menu_order":0,"comment_status":"closed","ping_status":"closed","template":"LearningContentPage.php","meta":{"_acf_changed":false,"footnotes":""},"class_list":["post-140275","page","type-page","status-publish","has-post-thumbnail","hentry"],"acf":[],"yoast_head":"<!-- This site is optimized with the Yoast SEO Premium plugin v27.2 (Yoast SEO v27.2) - https:\/\/yoast.com\/product\/yoast-seo-premium-wordpress\/ -->\n<title>Gramatyka azerbejd\u017ca\u0144ska - Talkpal<\/title>\n<meta name=\"description\" content=\"Opanuj gramatyk\u0119 azersk\u0105 bez wysi\u0142ku dzi\u0119ki Talkpali korepetytorem opartym na sztucznej inteligencji. Odkryj proste wyja\u015bnienia, interaktywne \u0107wiczenia i praktyczne wskaz\u00f3wki\" \/>\n<meta name=\"robots\" content=\"index, follow, max-snippet:-1, max-image-preview:large, max-video-preview:-1\" \/>\n<link rel=\"canonical\" href=\"https:\/\/talkpal.ai\/pl\/gramatyka-azerbejdzanska\/\" \/>\n<meta property=\"og:locale\" content=\"pl_PL\" \/>\n<meta property=\"og:type\" content=\"article\" \/>\n<meta property=\"og:title\" content=\"Gramatyka azerbejd\u017ca\u0144ska\" \/>\n<meta property=\"og:description\" content=\"Kompleksowy przewodnik po gramatyce azerbejd\u017ca\u0144skiej Czy kiedykolwiek my\u015bla\u0142e\u015b o nauce azerbejd\u017ca\u0144skiego? Jako j\u0119zyk urz\u0119dowy Azerbejd\u017canu, kt\u00f3rym\" \/>\n<meta property=\"og:url\" content=\"https:\/\/talkpal.ai\/pl\/gramatyka-azerbejdzanska\/\" \/>\n<meta property=\"og:site_name\" content=\"Talkpal\" \/>\n<meta property=\"article:publisher\" content=\"https:\/\/www.facebook.com\/profile.php?id=100090733639311\" \/>\n<meta property=\"article:modified_time\" content=\"2025-05-22T08:23:57+00:00\" \/>\n<meta property=\"og:image\" content=\"https:\/\/talkpal.ai\/wp-content\/uploads\/2023\/05\/azerbaijan.png\" \/>\n\t<meta property=\"og:image:width\" content=\"512\" \/>\n\t<meta property=\"og:image:height\" content=\"512\" \/>\n\t<meta property=\"og:image:type\" content=\"image\/png\" \/>\n<meta name=\"twitter:card\" content=\"summary_large_image\" \/>\n<meta name=\"twitter:site\" content=\"@talkpalai\" \/>\n<meta name=\"twitter:label1\" content=\"Szacowany czas czytania\" \/>\n\t<meta name=\"twitter:data1\" content=\"3 minuty\" \/>\n<script type=\"application\/ld+json\" class=\"yoast-schema-graph\">{\"@context\":\"https:\/\/schema.org\",\"@graph\":[{\"@type\":\"WebPage\",\"@id\":\"https:\/\/talkpal.ai\/pl\/gramatyka-azerbejdzanska\/\",\"url\":\"https:\/\/talkpal.ai\/pl\/gramatyka-azerbejdzanska\/\",\"name\":\"Gramatyka azerbejd\u017ca\u0144ska - Talkpal\",\"isPartOf\":{\"@id\":\"https:\/\/talkpal.ai\/pl\/#website\"},\"primaryImageOfPage\":{\"@id\":\"https:\/\/talkpal.ai\/pl\/gramatyka-azerbejdzanska\/#primaryimage\"},\"image\":{\"@id\":\"https:\/\/talkpal.ai\/pl\/gramatyka-azerbejdzanska\/#primaryimage\"},\"thumbnailUrl\":\"https:\/\/talkpal.ai\/wp-content\/uploads\/2023\/05\/azerbaijan.png\",\"datePublished\":\"2023-05-14T13:53:48+00:00\",\"dateModified\":\"2025-05-22T08:23:57+00:00\",\"description\":\"Opanuj gramatyk\u0119 azersk\u0105 bez wysi\u0142ku dzi\u0119ki Talkpali korepetytorem opartym na sztucznej inteligencji. Odkryj proste wyja\u015bnienia, interaktywne \u0107wiczenia i praktyczne wskaz\u00f3wki\",\"breadcrumb\":{\"@id\":\"https:\/\/talkpal.ai\/pl\/gramatyka-azerbejdzanska\/#breadcrumb\"},\"inLanguage\":\"pl-PL\",\"potentialAction\":[{\"@type\":\"ReadAction\",\"target\":[\"https:\/\/talkpal.ai\/pl\/gramatyka-azerbejdzanska\/\"]}]},{\"@type\":\"ImageObject\",\"inLanguage\":\"pl-PL\",\"@id\":\"https:\/\/talkpal.ai\/pl\/gramatyka-azerbejdzanska\/#primaryimage\",\"url\":\"https:\/\/talkpal.ai\/wp-content\/uploads\/2023\/05\/azerbaijan.png\",\"contentUrl\":\"https:\/\/talkpal.ai\/wp-content\/uploads\/2023\/05\/azerbaijan.png\",\"width\":512,\"height\":512},{\"@type\":\"BreadcrumbList\",\"@id\":\"https:\/\/talkpal.ai\/pl\/gramatyka-azerbejdzanska\/#breadcrumb\",\"itemListElement\":[{\"@type\":\"ListItem\",\"position\":1,\"name\":\"Homepage\",\"item\":\"https:\/\/talkpal.ai\/pl\/\"},{\"@type\":\"ListItem\",\"position\":2,\"name\":\"Gramatyka azerbejd\u017ca\u0144ska\"}]},{\"@type\":\"WebSite\",\"@id\":\"https:\/\/talkpal.ai\/pl\/#website\",\"url\":\"https:\/\/talkpal.ai\/pl\/\",\"name\":\"Talkpal\",\"description\":\"AI Language Learning\",\"publisher\":{\"@id\":\"https:\/\/talkpal.ai\/pl\/#organization\"},\"alternateName\":\"Talkpal AI\",\"potentialAction\":[{\"@type\":\"SearchAction\",\"target\":{\"@type\":\"EntryPoint\",\"urlTemplate\":\"https:\/\/talkpal.ai\/pl\/?s={search_term_string}\"},\"query-input\":{\"@type\":\"PropertyValueSpecification\",\"valueRequired\":true,\"valueName\":\"search_term_string\"}}],\"inLanguage\":\"pl-PL\"},{\"@type\":\"Organization\",\"@id\":\"https:\/\/talkpal.ai\/pl\/#organization\",\"name\":\"Talkpal, Inc.\",\"alternateName\":\"Talkpal AI\",\"url\":\"https:\/\/talkpal.ai\/pl\/\",\"logo\":{\"@type\":\"ImageObject\",\"inLanguage\":\"pl-PL\",\"@id\":\"https:\/\/talkpal.ai\/pl\/#\/schema\/logo\/image\/\",\"url\":\"https:\/\/talkpal.ai\/wp-content\/uploads\/2024\/03\/Talkpal-Logo-Icon.png\",\"contentUrl\":\"https:\/\/talkpal.ai\/wp-content\/uploads\/2024\/03\/Talkpal-Logo-Icon.png\",\"width\":2880,\"height\":2880,\"caption\":\"Talkpal, Inc.\"},\"image\":{\"@id\":\"https:\/\/talkpal.ai\/pl\/#\/schema\/logo\/image\/\"},\"sameAs\":[\"https:\/\/www.facebook.com\/profile.php?id=100090733639311\",\"https:\/\/x.com\/talkpalai\",\"https:\/\/www.linkedin.com\/company\/talkpal\/\",\"https:\/\/www.youtube.com\/@TalkPal\/\",\"https:\/\/www.tiktok.com\/@talkpal\",\"https:\/\/www.instagram.com\/talkpal_ai\/\",\"https:\/\/www.crunchbase.com\/organization\/talkpal-9cde\",\"https:\/\/www.g2.com\/products\/talkpal-for-business\/\",\"https:\/\/www.trustpilot.com\/review\/talkpal.ai\",\"https:\/\/www.capterra.com\/p\/10006800\/TalkPal\/\"],\"description\":\"Talkpal is a language learning web and mobile education app, powered by the latest AI technologies, that provides engaging experiences to its customers in many different languages to help them improve their language skills. Users can chat about unlimited amount of topics with the app and use other modes to practice their language learning.\",\"email\":\"support@talkpal.ai\",\"legalName\":\"Talkpal, Inc.\",\"foundingDate\":\"2023-04-03\",\"duns\":\"118989042\",\"numberOfEmployees\":{\"@type\":\"QuantitativeValue\",\"minValue\":\"11\",\"maxValue\":\"50\"},\"publishingPrinciples\":\"https:\/\/talkpal.ai\/publishing-principles\/\",\"actionableFeedbackPolicy\":\"https:\/\/talkpal.ai\/actionable-feedback-policy\/\",\"correctionsPolicy\":\"https:\/\/talkpal.ai\/corrections-policy\/\",\"ethicsPolicy\":\"https:\/\/talkpal.ai\/ethics-policy\/\",\"diversityPolicy\":\"https:\/\/talkpal.ai\/diversity-policy\/\",\"diversityStaffingReport\":\"https:\/\/talkpal.ai\/diversity-policy\/\"}]}<\/script>\n<!-- \/ Yoast SEO Premium plugin. -->","yoast_head_json":{"title":"Gramatyka azerbejd\u017ca\u0144ska - Talkpal","description":"Opanuj gramatyk\u0119 azersk\u0105 bez wysi\u0142ku dzi\u0119ki Talkpali korepetytorem opartym na sztucznej inteligencji. Odkryj proste wyja\u015bnienia, interaktywne \u0107wiczenia i praktyczne wskaz\u00f3wki","robots":{"index":"index","follow":"follow","max-snippet":"max-snippet:-1","max-image-preview":"max-image-preview:large","max-video-preview":"max-video-preview:-1"},"canonical":"https:\/\/talkpal.ai\/pl\/gramatyka-azerbejdzanska\/","og_locale":"pl_PL","og_type":"article","og_title":"Gramatyka azerbejd\u017ca\u0144ska","og_description":"Kompleksowy przewodnik po gramatyce azerbejd\u017ca\u0144skiej Czy kiedykolwiek my\u015bla\u0142e\u015b o nauce azerbejd\u017ca\u0144skiego? Jako j\u0119zyk urz\u0119dowy Azerbejd\u017canu, kt\u00f3rym","og_url":"https:\/\/talkpal.ai\/pl\/gramatyka-azerbejdzanska\/","og_site_name":"Talkpal","article_publisher":"https:\/\/www.facebook.com\/profile.php?id=100090733639311","article_modified_time":"2025-05-22T08:23:57+00:00","og_image":[{"width":512,"height":512,"url":"https:\/\/talkpal.ai\/wp-content\/uploads\/2023\/05\/azerbaijan.png","type":"image\/png"}],"twitter_card":"summary_large_image","twitter_site":"@talkpalai","twitter_misc":{"Szacowany czas czytania":"3 minuty"},"schema":{"@context":"https:\/\/schema.org","@graph":[{"@type":"WebPage","@id":"https:\/\/talkpal.ai\/pl\/gramatyka-azerbejdzanska\/","url":"https:\/\/talkpal.ai\/pl\/gramatyka-azerbejdzanska\/","name":"Gramatyka azerbejd\u017ca\u0144ska - Talkpal","isPartOf":{"@id":"https:\/\/talkpal.ai\/pl\/#website"},"primaryImageOfPage":{"@id":"https:\/\/talkpal.ai\/pl\/gramatyka-azerbejdzanska\/#primaryimage"},"image":{"@id":"https:\/\/talkpal.ai\/pl\/gramatyka-azerbejdzanska\/#primaryimage"},"thumbnailUrl":"https:\/\/talkpal.ai\/wp-content\/uploads\/2023\/05\/azerbaijan.png","datePublished":"2023-05-14T13:53:48+00:00","dateModified":"2025-05-22T08:23:57+00:00","description":"Opanuj gramatyk\u0119 azersk\u0105 bez wysi\u0142ku dzi\u0119ki Talkpali korepetytorem opartym na sztucznej inteligencji. Odkryj proste wyja\u015bnienia, interaktywne \u0107wiczenia i praktyczne wskaz\u00f3wki","breadcrumb":{"@id":"https:\/\/talkpal.ai\/pl\/gramatyka-azerbejdzanska\/#breadcrumb"},"inLanguage":"pl-PL","potentialAction":[{"@type":"ReadAction","target":["https:\/\/talkpal.ai\/pl\/gramatyka-azerbejdzanska\/"]}]},{"@type":"ImageObject","inLanguage":"pl-PL","@id":"https:\/\/talkpal.ai\/pl\/gramatyka-azerbejdzanska\/#primaryimage","url":"https:\/\/talkpal.ai\/wp-content\/uploads\/2023\/05\/azerbaijan.png","contentUrl":"https:\/\/talkpal.ai\/wp-content\/uploads\/2023\/05\/azerbaijan.png","width":512,"height":512},{"@type":"BreadcrumbList","@id":"https:\/\/talkpal.ai\/pl\/gramatyka-azerbejdzanska\/#breadcrumb","itemListElement":[{"@type":"ListItem","position":1,"name":"Homepage","item":"https:\/\/talkpal.ai\/pl\/"},{"@type":"ListItem","position":2,"name":"Gramatyka azerbejd\u017ca\u0144ska"}]},{"@type":"WebSite","@id":"https:\/\/talkpal.ai\/pl\/#website","url":"https:\/\/talkpal.ai\/pl\/","name":"Talkpal","description":"AI Language Learning","publisher":{"@id":"https:\/\/talkpal.ai\/pl\/#organization"},"alternateName":"Talkpal AI","potentialAction":[{"@type":"SearchAction","target":{"@type":"EntryPoint","urlTemplate":"https:\/\/talkpal.ai\/pl\/?s={search_term_string}"},"query-input":{"@type":"PropertyValueSpecification","valueRequired":true,"valueName":"search_term_string"}}],"inLanguage":"pl-PL"},{"@type":"Organization","@id":"https:\/\/talkpal.ai\/pl\/#organization","name":"Talkpal, Inc.","alternateName":"Talkpal AI","url":"https:\/\/talkpal.ai\/pl\/","logo":{"@type":"ImageObject","inLanguage":"pl-PL","@id":"https:\/\/talkpal.ai\/pl\/#\/schema\/logo\/image\/","url":"https:\/\/talkpal.ai\/wp-content\/uploads\/2024\/03\/Talkpal-Logo-Icon.png","contentUrl":"https:\/\/talkpal.ai\/wp-content\/uploads\/2024\/03\/Talkpal-Logo-Icon.png","width":2880,"height":2880,"caption":"Talkpal, Inc."},"image":{"@id":"https:\/\/talkpal.ai\/pl\/#\/schema\/logo\/image\/"},"sameAs":["https:\/\/www.facebook.com\/profile.php?id=100090733639311","https:\/\/x.com\/talkpalai","https:\/\/www.linkedin.com\/company\/talkpal\/","https:\/\/www.youtube.com\/@TalkPal\/","https:\/\/www.tiktok.com\/@talkpal","https:\/\/www.instagram.com\/talkpal_ai\/","https:\/\/www.crunchbase.com\/organization\/talkpal-9cde","https:\/\/www.g2.com\/products\/talkpal-for-business\/","https:\/\/www.trustpilot.com\/review\/talkpal.ai","https:\/\/www.capterra.com\/p\/10006800\/TalkPal\/"],"description":"Talkpal is a language learning web and mobile education app, powered by the latest AI technologies, that provides engaging experiences to its customers in many different languages to help them improve their language skills. Users can chat about unlimited amount of topics with the app and use other modes to practice their language learning.","email":"support@talkpal.ai","legalName":"Talkpal, Inc.","foundingDate":"2023-04-03","duns":"118989042","numberOfEmployees":{"@type":"QuantitativeValue","minValue":"11","maxValue":"50"},"publishingPrinciples":"https:\/\/talkpal.ai\/publishing-principles\/","actionableFeedbackPolicy":"https:\/\/talkpal.ai\/actionable-feedback-policy\/","correctionsPolicy":"https:\/\/talkpal.ai\/corrections-policy\/","ethicsPolicy":"https:\/\/talkpal.ai\/ethics-policy\/","diversityPolicy":"https:\/\/talkpal.ai\/diversity-policy\/","diversityStaffingReport":"https:\/\/talkpal.ai\/diversity-policy\/"}]}},"_links":{"self":[{"href":"https:\/\/talkpal.ai\/pl\/wp-json\/wp\/v2\/pages\/140275","targetHints":{"allow":["GET"]}}],"collection":[{"href":"https:\/\/talkpal.ai\/pl\/wp-json\/wp\/v2\/pages"}],"about":[{"href":"https:\/\/talkpal.ai\/pl\/wp-json\/wp\/v2\/types\/page"}],"author":[{"embeddable":true,"href":"https:\/\/talkpal.ai\/pl\/wp-json\/wp\/v2\/users\/1"}],"replies":[{"embeddable":true,"href":"https:\/\/talkpal.ai\/pl\/wp-json\/wp\/v2\/comments?post=140275"}],"version-history":[{"count":0,"href":"https:\/\/talkpal.ai\/pl\/wp-json\/wp\/v2\/pages\/140275\/revisions"}],"wp:featuredmedia":[{"embeddable":true,"href":"https:\/\/talkpal.ai\/pl\/wp-json\/wp\/v2\/media\/109398"}],"wp:attachment":[{"href":"https:\/\/talkpal.ai\/pl\/wp-json\/wp\/v2\/media?parent=140275"}],"curies":[{"name":"wp","href":"https:\/\/api.w.org\/{rel}","templated":true}]}}