{"id":139931,"date":"2023-05-14T13:52:49","date_gmt":"2023-05-14T13:52:49","guid":{"rendered":"http:\/\/talkpal.ai\/gramatyka-rosyjska\/"},"modified":"2025-12-13T15:16:01","modified_gmt":"2025-12-13T15:16:01","slug":"gramatyka-rosyjska","status":"publish","type":"page","link":"https:\/\/talkpal.ai\/pl\/gramatyka-rosyjska\/","title":{"rendered":"Gramatyka rosyjska"},"content":{"rendered":"\r\n\r\n\r\n<section class=\"languageChallengeSection\">\r\n    <div class=\"languageInfoWrapper\">\r\n        \r\n        <h1>Gramatyka rosyjska<\/h1>\r\n        <p>Rozpocznij swoj\u0105 przygod\u0119 z j\u0119zykiem rosyjskim i otw\u00f3rz drzwi do bogatej kultury i historii. Opanowanie rosyjskiej gramatyki i s\u0142ownictwa zwi\u0119kszy mo\u017cliwo\u015bci podr\u00f3\u017cowania, kariery i komunikacji. Rozpocznij nauk\u0119 rosyjskiego ju\u017c dzi\u015b i zr\u00f3b pierwszy krok w kierunku p\u0142ynnej nauki!\n\n<\/p>\r\n\r\n                            <a class=\"getStartedHidden\" href=\"https:\/\/app.talkpal.ai\/pl\/signup?lng=\">Zaczynaj<\/a>\r\n        \r\n    <\/div>\r\n\r\n    <figure>\r\n    <img decoding=\"async\" width=\"768\" height=\"768\" src=\"https:\/\/talkpal.ai\/wp-content\/uploads\/2023\/06\/russian-768x768.png\" class=\"languageImage no-lazy\" alt=\"Language learning for multicultural understanding\" fetchpriority=\"high\" sizes=\"(max-width: 768px) 150px, 768px\" srcset=\"https:\/\/talkpal.ai\/wp-content\/uploads\/2023\/06\/russian-768x768.png 768w, https:\/\/talkpal.ai\/wp-content\/uploads\/2023\/06\/russian-300x300.png 300w\" \/>\r\n    \r\n\r\n    <\/figure>\r\n\r\n            <a class=\"getStartedVisible\" href=\"https:\/\/app.talkpal.ai\/pl\/signup?lng=\">Zaczynaj<\/a>\r\n    \r\n<\/section>\r\n<section class=\"promotionalBanner\">\r\n    <p class=\"promotionalText\">Najbardziej efektywny spos\u00f3b nauki j\u0119zyka<\/p>\r\n    <a class=\"promotionalLink\" href=\"https:\/\/app.talkpal.ai\/pl\/signup?lng=\">Wypr\u00f3buj Talkpal za darmo<\/a>\r\n<\/section>\n<div class=\"wp-block-group pageContainerStyle\"><div class=\"wp-block-group__inner-container is-layout-constrained wp-block-group-is-layout-constrained\">\n<h1 class=\"wp-block-heading\" id=\"h-russian-grammar-unlock-the-secrets-to-mastering-russian\">Gramatyka rosyjska: odkryj sekrety opanowania rosyjskiego<\/h1>\n\n\n\n<p>Gratulujemy podj\u0119cia odwa\u017cnego kroku w kierunku nauki j\u0119zyka rosyjskiego! Z ponad 258 milionami u\u017cytkownik\u00f3w na ca\u0142ym <a href=\"https:\/\/talkpal.ai\/locations\/language-courses-in-swiecie\/\">\u015bwiecie<\/a>, <a href=\"https:\/\/talkpal.ai\/learn-russian\/\">rosyjski<\/a> jest fascynuj\u0105cym i satysfakcjonuj\u0105cym j\u0119zykiem, kt\u00f3ry oferuje wgl\u0105d w bogat\u0105 kultur\u0119 i histori\u0119. Je\u015bli chodzi o gramatyk\u0119 rosyjsk\u0105, mo\u017ce si\u0119 to wydawa\u0107 onie\u015bmielaj\u0105ce, ale nie b\u00f3j si\u0119! Ten przyjazny przewodnik dla pocz\u0105tkuj\u0105cych jest tutaj, aby w prosty i wci\u0105gaj\u0105cy spos\u00f3b om\u00f3wi\u0107 podstawy gramatyki rosyjskiej.<\/p>\n\n\n\n<h3 class=\"wp-block-heading\" id=\"h-1-the-russian-alphabet-your-starting-point\">1. Alfabet rosyjski: Tw\u00f3j punkt wyj\u015bcia<\/h3>\n\n\n\n<p>Kluczem do poruszania si\u0119 po gramatyce rosyjskiej jest opanowanie cyrylicy. Z 33 literami, 10 samog\u0142oskami i 21 sp\u00f3\u0142g\u0142oskami stanowi podstaw\u0119 do czytania, pisania i rozumienia j\u0119zyka. Zapoznanie si\u0119 z alfabetem stworzy solidn\u0105 podstaw\u0119 do budowania umiej\u0119tno\u015bci gramatyki rosyjskiej.<\/p>\n\n\n\n<h3 class=\"wp-block-heading\" id=\"h-2-nouns-and-cases-the-core-of-russian-grammar\">2. Rzeczowniki i przypadki: rdze\u0144 gramatyki rosyjskiej<\/h3>\n\n\n\n<p><a href=\"https:\/\/talkpal.ai\/russian-grammar\/\">Gramatyka rosyjska<\/a> k\u0142adzie nacisk na u\u017cycie przypadk\u00f3w do przekazania znaczenia i kontekstu. W sze\u015bciu przypadkach \u2014 mianownik, dope\u0142niacz, celownik, biernik, przysmakownik i przyimek \u2014 rzeczowniki rosyjskie zmieniaj\u0105 ko\u0144c\u00f3wki, aby pokaza\u0107 swoj\u0105 funkcj\u0119 w zdaniu. W zwi\u0105zku z tym szyk wyraz\u00f3w staje si\u0119 mniej krytyczny ni\u017c w j\u0119zyku angielskim. Na przyk\u0142ad:<\/p>\n\n\n\n<p><a href=\"https:\/\/talkpal.ai\/learn-english-with-ai\/\">Angielski<\/a>: Daj\u0119 ksi\u0105\u017ck\u0119 przyjacielowi.<\/p>\n\n\n\n<p>rosyjski: \u042f \u0434\u0430\u044e \u0434\u0440\u0443\u0433\u0443 \u043a\u043d\u0438\u0433\u0443 (Ya dayu drugu knigu)<\/p>\n\n\n\n<p>Tutaj &#8222;\u0434\u0440\u0443\u0433\u0443&#8221; (do przyjaciela) i &#8222;\u043a\u043d\u0438\u0433\u0443&#8221; (ksi\u0105\u017cka) s\u0105 odpowiednio w celowniku i bierniku.<\/p>\n\n\n\n<h3 class=\"wp-block-heading\" id=\"h-3-mastering-gender-and-plurals\">3. Opanowanie rodzaju i liczby mnogiej<\/h3>\n\n\n\n<p>W gramatyce rosyjskiej rzeczownikom przypisuje si\u0119 jeden z trzech rodzaj\u00f3w: m\u0119ski, \u017ce\u0144ski lub nijaki. Ko\u0144c\u00f3wka rzeczownika zazwyczaj wskazuje na jego rodzaj:<\/p>\n\n\n\n<p>&#8211; Rodzaj m\u0119ski: ko\u0144czy si\u0119 sp\u00f3\u0142g\u0142osk\u0105 lub &#8222;-\u0439&#8221;<\/p>\n\n\n\n<p>&#8211; Rodzaj \u017ce\u0144ski: ko\u0144czy si\u0119 na &#8222;-\u0430&#8221; lub &#8222;-\u044f&#8221;<\/p>\n\n\n\n<p>&#8211; Nijaki: ko\u0144czy si\u0119 na &#8222;-\u043e&#8221; lub &#8222;-\u0435&#8221;<\/p>\n\n\n\n<p>Aby utworzy\u0107 liczb\u0119 mnog\u0105, ko\u0144c\u00f3wki rzeczownik\u00f3w zmieniaj\u0105 si\u0119 w zale\u017cno\u015bci od ich p\u0142ci i przypadku, w kt\u00f3rym si\u0119 znajduj\u0105.<\/p>\n\n\n\n<h3 class=\"wp-block-heading\" id=\"h-4-conquer-verb-conjugation\">4. Podbij koniugacj\u0119 czasownik\u00f3w<\/h3>\n\n\n\n<p>Podobnie jak wiele j\u0119zyk\u00f3w, czasowniki rosyjskie zmieniaj\u0105 form\u0119 (koniugacj\u0119) w zale\u017cno\u015bci od czasu, osoby i liczby. Czasowniki rosyjskie wyst\u0119puj\u0105 r\u00f3wnie\u017c w dw\u00f3ch aspektach: dokonanym i niedokonanym. Aspekt dokonany sygnalizuje zako\u0144czone dzia\u0142anie, podczas gdy aspekt niedokonany odnosi si\u0119 do dzia\u0142a\u0144 trwaj\u0105cych lub nawykowych.<\/p>\n\n\n\n<p>Na pocz\u0105tek skup si\u0119 na zrozumieniu koniugacji czasu tera\u017aniejszego dla czasownik\u00f3w niedokonanych i czasu przesz\u0142ego dla obu aspekt\u00f3w. Na przyk\u0142ad:<\/p>\n\n\n\n<p>Czas tera\u017aniejszy (Imperfective): \u042f \u0447\u0438\u0442\u0430\u044e (Ya chitayu) &#8211; &#8222;czytam&#8221; lub &#8222;jestem w trakcie czytania&#8221;<\/p>\n\n\n\n<p>Czas przesz\u0142y niedokonany: \u042f \u0447\u0438\u0442\u0430\u043b (Ya chital) &#8211; &#8222;czyta\u0142em&#8221;.<\/p>\n\n\n\n<p>Czas przesz\u0142y (Perfekt): \u042f \u043f\u0440\u043e\u0447\u0438\u0442\u0430\u043b (Ya prochital) &#8211; &#8222;przeczyta\u0142em&#8221; lub &#8222;przeczyta\u0142em (i sko\u0144czy\u0142em)&#8221;<\/p>\n\n\n\n<h3 class=\"wp-block-heading\" id=\"h-5-embrace-russian-pronouns\">5. Obejmij rosyjskie zaimki<\/h3>\n\n\n\n<p>Zaimki w gramatyce rosyjskiej zast\u0119puj\u0105 rzeczowniki i maj\u0105 kluczowe znaczenie dla p\u0142ynnej mowy. Zanurz si\u0119 w nauce zaimk\u00f3w osobowych i dzier\u017cawczych, takich jak:<\/p>\n\n\n\n<p>Zaimki osobowe: \u044f (ja), \u0442\u044b (ty, nieformalny), \u043e\u043d\/\u043e\u043d\u0430\/\u043e\u043d\u043e (on\/ona\/to), \u0432\u044b (ty, formalny lub mnogi), \u043c\u044b (my), \u043e\u043d\u0438 (oni)<\/p>\n\n\n\n<p>Zaimki dzier\u017cawcze: \u043c\u043e\u0439\/\u043c\u043e\u044f\/\u043c\u043e\u0451 (m\u00f3j), \u0442\u0432\u043e\u0439\/\u0442\u0432\u043e\u044f\/\u0442\u0432\u043e\u0451 (tw\u00f3j, nieformalny), \u0435\u0433\u043e\/\u0435\u0451\/\u0438\u0445 (jego\/jej\/ich), \u0432\u0430\u0448\/\u0432\u0430\u0448\u0430\/\u0432\u0430\u0448\u0435 (tw\u00f3j, formalny lub w liczbie mnogiej), \u043d\u0430\u0448\/\u043d\u0430\u0448\u0430\/\u043d\u0430\u0448\u0435 (nasz)<\/p>\n\n\n\n<p>Nie zapominaj, \u017ce rosyjskie zaimki musz\u0105 zgadza\u0107 si\u0119 z p\u0142ci\u0105 i przypadkiem rzeczownika, kt\u00f3ry zast\u0119puj\u0105.<\/p>\n\n\n\n<p>Gratulacje! Podj\u0105\u0142e\u015b pierwsze kroki w kierunku opanowania zawi\u0142o\u015bci rosyjskiej gramatyki. Pami\u0119taj, \u017ce praktyka jest kluczowa, wi\u0119c zag\u0142\u0119b si\u0119 w j\u0119zyk, nawi\u0105\u017c <a href=\"https:\/\/talkpal.ai\/contact\/\">kontakt<\/a> z native speakerami i wzmocnij swoje podstawy nauki. \u0423\u0434\u0430\u0447\u0438! (<a href=\"https:\/\/talkpal.ai\/culture\/how-do-you-say-good-luck-in-polish\/\">Powodzenia<\/a>!)<\/p>\n<\/div><\/div>\n\r\n<section class=\"learnNavigationSection\">\r\n            \r\n        <a href=\"https:\/\/talkpal.ai\/pl\/naucz-sie-rosyjskiego\/\">\r\n            <div class=\"learnNavigationWrapper\">\r\n                <div class=\"learnNavigationContent\">\r\n                    <img decoding=\"async\" src=\"https:\/\/talkpal.ai\/wp-content\/uploads\/2024\/08\/Russian.jpg\" alt=\"Russian Flag\">\r\n                    <div>\r\n                        <h4>O nauce rosyjskiego<\/h4>\r\n                        <p>Dowiedz si\u0119 wszystkiego o gramatyce rosyjskiej .<\/p>\r\n                    <\/div>\r\n                <\/div>\r\n            <\/div>\r\n        <\/a>\r\n\r\n        \r\n        <a href=\"https:\/\/talkpal.ai\/pl\/cwiczenia-z-gramatyki-rosyjskiej\/\">\r\n            <div class=\"learnNavigationWrapper\">\r\n                <div class=\"learnNavigationContent\">\r\n                    <img decoding=\"async\" src=\"https:\/\/talkpal.ai\/wp-content\/uploads\/2024\/08\/Russian.jpg\" alt=\"Russian Flag\">\r\n                    <div>\r\n                        <h4>Rosyjski \u0106wiczenie gramatyczne<\/h4>\r\n                        <p>\u0106wicz gramatyk\u0119 rosyjsk\u0105.<\/p>\r\n                    <\/div>\r\n                <\/div>\r\n            <\/div>\r\n        <\/a>\r\n\r\n        \r\n        <a href=\"https:\/\/talkpal.ai\/vocabulary_language\/russian\/\">\r\n            <div class=\"learnNavigationWrapper\">\r\n                <div class=\"learnNavigationContent\">\r\n                    <img decoding=\"async\" src=\"https:\/\/talkpal.ai\/wp-content\/uploads\/2024\/08\/Russian.jpg\" alt=\"Russian Flag\">\r\n                    <div>\r\n                        <h4>Rosyjskie s\u0142ownictwo<\/h4>\r\n                        <p>Poszerz swoje rosyjskie s\u0142ownictwo.<\/p>\r\n                    <\/div>\r\n                <\/div>\r\n            <\/div>\r\n        <\/a>\r\n\r\n            <\/section>","protected":false},"excerpt":{"rendered":"<p>Gramatyka rosyjska: odkryj sekrety opanowania rosyjskiego Gratulujemy podj\u0119cia odwa\u017cnego kroku w kierunku nauki j\u0119zyka rosyjskiego! Z ponad 258 milionami u\u017cytkownik\u00f3w na ca\u0142ym \u015bwiecie, rosyjski jest fascynuj\u0105cym i satysfakcjonuj\u0105cym j\u0119zykiem, kt\u00f3ry oferuje wgl\u0105d w bogat\u0105 kultur\u0119 i histori\u0119. Je\u015bli chodzi o gramatyk\u0119 rosyjsk\u0105, mo\u017ce si\u0119 to wydawa\u0107 onie\u015bmielaj\u0105ce, ale nie b\u00f3j si\u0119! Ten przyjazny przewodnik dla [&hellip;]<\/p>\n","protected":false},"author":1,"featured_media":108041,"parent":0,"menu_order":0,"comment_status":"closed","ping_status":"closed","template":"LearningContentPage.php","meta":{"_acf_changed":false,"footnotes":""},"class_list":["post-139931","page","type-page","status-publish","has-post-thumbnail","hentry"],"acf":[],"yoast_head":"<!-- This site is optimized with the Yoast SEO Premium plugin v27.2 (Yoast SEO v27.2) - https:\/\/yoast.com\/product\/yoast-seo-premium-wordpress\/ -->\n<title>Gramatyka rosyjska - Talkpal<\/title>\n<meta name=\"description\" content=\"Odblokuj \u015bwiat gramatyki rosyjskiej dzi\u0119ki naszemu przewodnikowi dla pocz\u0105tkuj\u0105cych. Opanuj cyrylic\u0119 i rozwijaj swoje umiej\u0119tno\u015bci j\u0119zykowe.\" \/>\n<meta name=\"robots\" content=\"index, follow, max-snippet:-1, max-image-preview:large, max-video-preview:-1\" \/>\n<link rel=\"canonical\" href=\"https:\/\/talkpal.ai\/pl\/gramatyka-rosyjska\/\" \/>\n<meta property=\"og:locale\" content=\"pl_PL\" \/>\n<meta property=\"og:type\" content=\"article\" \/>\n<meta property=\"og:title\" content=\"Gramatyka rosyjska\" \/>\n<meta property=\"og:description\" content=\"Gramatyka rosyjska: odkryj sekrety opanowania rosyjskiego Gratulujemy podj\u0119cia odwa\u017cnego kroku w kierunku nauki j\u0119zyka rosyjskiego! Z ponad 258 milionami\" \/>\n<meta property=\"og:url\" content=\"https:\/\/talkpal.ai\/pl\/gramatyka-rosyjska\/\" \/>\n<meta property=\"og:site_name\" content=\"Talkpal\" \/>\n<meta property=\"article:publisher\" content=\"https:\/\/www.facebook.com\/profile.php?id=100090733639311\" \/>\n<meta property=\"article:modified_time\" content=\"2025-12-13T15:16:01+00:00\" \/>\n<meta property=\"og:image\" content=\"https:\/\/talkpal.ai\/wp-content\/uploads\/2023\/04\/rusia.png\" \/>\n\t<meta property=\"og:image:width\" content=\"512\" \/>\n\t<meta property=\"og:image:height\" content=\"512\" \/>\n\t<meta property=\"og:image:type\" content=\"image\/png\" \/>\n<meta name=\"twitter:card\" content=\"summary_large_image\" \/>\n<meta name=\"twitter:site\" content=\"@talkpalai\" \/>\n<meta name=\"twitter:label1\" content=\"Szacowany czas czytania\" \/>\n\t<meta name=\"twitter:data1\" content=\"3 minuty\" \/>\n<script type=\"application\/ld+json\" class=\"yoast-schema-graph\">{\"@context\":\"https:\/\/schema.org\",\"@graph\":[{\"@type\":\"WebPage\",\"@id\":\"https:\/\/talkpal.ai\/pl\/gramatyka-rosyjska\/\",\"url\":\"https:\/\/talkpal.ai\/pl\/gramatyka-rosyjska\/\",\"name\":\"Gramatyka rosyjska - Talkpal\",\"isPartOf\":{\"@id\":\"https:\/\/talkpal.ai\/pl\/#website\"},\"primaryImageOfPage\":{\"@id\":\"https:\/\/talkpal.ai\/pl\/gramatyka-rosyjska\/#primaryimage\"},\"image\":{\"@id\":\"https:\/\/talkpal.ai\/pl\/gramatyka-rosyjska\/#primaryimage\"},\"thumbnailUrl\":\"https:\/\/talkpal.ai\/wp-content\/uploads\/2023\/04\/rusia.png\",\"datePublished\":\"2023-05-14T13:52:49+00:00\",\"dateModified\":\"2025-12-13T15:16:01+00:00\",\"description\":\"Odblokuj \u015bwiat gramatyki rosyjskiej dzi\u0119ki naszemu przewodnikowi dla pocz\u0105tkuj\u0105cych. Opanuj cyrylic\u0119 i rozwijaj swoje umiej\u0119tno\u015bci j\u0119zykowe.\",\"breadcrumb\":{\"@id\":\"https:\/\/talkpal.ai\/pl\/gramatyka-rosyjska\/#breadcrumb\"},\"inLanguage\":\"pl-PL\",\"potentialAction\":[{\"@type\":\"ReadAction\",\"target\":[\"https:\/\/talkpal.ai\/pl\/gramatyka-rosyjska\/\"]}]},{\"@type\":\"ImageObject\",\"inLanguage\":\"pl-PL\",\"@id\":\"https:\/\/talkpal.ai\/pl\/gramatyka-rosyjska\/#primaryimage\",\"url\":\"https:\/\/talkpal.ai\/wp-content\/uploads\/2023\/04\/rusia.png\",\"contentUrl\":\"https:\/\/talkpal.ai\/wp-content\/uploads\/2023\/04\/rusia.png\",\"width\":512,\"height\":512},{\"@type\":\"BreadcrumbList\",\"@id\":\"https:\/\/talkpal.ai\/pl\/gramatyka-rosyjska\/#breadcrumb\",\"itemListElement\":[{\"@type\":\"ListItem\",\"position\":1,\"name\":\"Homepage\",\"item\":\"https:\/\/talkpal.ai\/pl\/\"},{\"@type\":\"ListItem\",\"position\":2,\"name\":\"Gramatyka rosyjska\"}]},{\"@type\":\"WebSite\",\"@id\":\"https:\/\/talkpal.ai\/pl\/#website\",\"url\":\"https:\/\/talkpal.ai\/pl\/\",\"name\":\"Talkpal\",\"description\":\"AI Language Learning\",\"publisher\":{\"@id\":\"https:\/\/talkpal.ai\/pl\/#organization\"},\"alternateName\":\"Talkpal AI\",\"potentialAction\":[{\"@type\":\"SearchAction\",\"target\":{\"@type\":\"EntryPoint\",\"urlTemplate\":\"https:\/\/talkpal.ai\/pl\/?s={search_term_string}\"},\"query-input\":{\"@type\":\"PropertyValueSpecification\",\"valueRequired\":true,\"valueName\":\"search_term_string\"}}],\"inLanguage\":\"pl-PL\"},{\"@type\":\"Organization\",\"@id\":\"https:\/\/talkpal.ai\/pl\/#organization\",\"name\":\"Talkpal, Inc.\",\"alternateName\":\"Talkpal AI\",\"url\":\"https:\/\/talkpal.ai\/pl\/\",\"logo\":{\"@type\":\"ImageObject\",\"inLanguage\":\"pl-PL\",\"@id\":\"https:\/\/talkpal.ai\/pl\/#\/schema\/logo\/image\/\",\"url\":\"https:\/\/talkpal.ai\/wp-content\/uploads\/2024\/03\/Talkpal-Logo-Icon.png\",\"contentUrl\":\"https:\/\/talkpal.ai\/wp-content\/uploads\/2024\/03\/Talkpal-Logo-Icon.png\",\"width\":2880,\"height\":2880,\"caption\":\"Talkpal, Inc.\"},\"image\":{\"@id\":\"https:\/\/talkpal.ai\/pl\/#\/schema\/logo\/image\/\"},\"sameAs\":[\"https:\/\/www.facebook.com\/profile.php?id=100090733639311\",\"https:\/\/x.com\/talkpalai\",\"https:\/\/www.linkedin.com\/company\/talkpal\/\",\"https:\/\/www.youtube.com\/@TalkPal\/\",\"https:\/\/www.tiktok.com\/@talkpal\",\"https:\/\/www.instagram.com\/talkpal_ai\/\",\"https:\/\/www.crunchbase.com\/organization\/talkpal-9cde\",\"https:\/\/www.g2.com\/products\/talkpal-for-business\/\",\"https:\/\/www.trustpilot.com\/review\/talkpal.ai\",\"https:\/\/www.capterra.com\/p\/10006800\/TalkPal\/\"],\"description\":\"Talkpal is a language learning web and mobile education app, powered by the latest AI technologies, that provides engaging experiences to its customers in many different languages to help them improve their language skills. Users can chat about unlimited amount of topics with the app and use other modes to practice their language learning.\",\"email\":\"support@talkpal.ai\",\"legalName\":\"Talkpal, Inc.\",\"foundingDate\":\"2023-04-03\",\"duns\":\"118989042\",\"numberOfEmployees\":{\"@type\":\"QuantitativeValue\",\"minValue\":\"11\",\"maxValue\":\"50\"},\"publishingPrinciples\":\"https:\/\/talkpal.ai\/publishing-principles\/\",\"actionableFeedbackPolicy\":\"https:\/\/talkpal.ai\/actionable-feedback-policy\/\",\"correctionsPolicy\":\"https:\/\/talkpal.ai\/corrections-policy\/\",\"ethicsPolicy\":\"https:\/\/talkpal.ai\/ethics-policy\/\",\"diversityPolicy\":\"https:\/\/talkpal.ai\/diversity-policy\/\",\"diversityStaffingReport\":\"https:\/\/talkpal.ai\/diversity-policy\/\"}]}<\/script>\n<!-- \/ Yoast SEO Premium plugin. -->","yoast_head_json":{"title":"Gramatyka rosyjska - Talkpal","description":"Odblokuj \u015bwiat gramatyki rosyjskiej dzi\u0119ki naszemu przewodnikowi dla pocz\u0105tkuj\u0105cych. Opanuj cyrylic\u0119 i rozwijaj swoje umiej\u0119tno\u015bci j\u0119zykowe.","robots":{"index":"index","follow":"follow","max-snippet":"max-snippet:-1","max-image-preview":"max-image-preview:large","max-video-preview":"max-video-preview:-1"},"canonical":"https:\/\/talkpal.ai\/pl\/gramatyka-rosyjska\/","og_locale":"pl_PL","og_type":"article","og_title":"Gramatyka rosyjska","og_description":"Gramatyka rosyjska: odkryj sekrety opanowania rosyjskiego Gratulujemy podj\u0119cia odwa\u017cnego kroku w kierunku nauki j\u0119zyka rosyjskiego! Z ponad 258 milionami","og_url":"https:\/\/talkpal.ai\/pl\/gramatyka-rosyjska\/","og_site_name":"Talkpal","article_publisher":"https:\/\/www.facebook.com\/profile.php?id=100090733639311","article_modified_time":"2025-12-13T15:16:01+00:00","og_image":[{"width":512,"height":512,"url":"https:\/\/talkpal.ai\/wp-content\/uploads\/2023\/04\/rusia.png","type":"image\/png"}],"twitter_card":"summary_large_image","twitter_site":"@talkpalai","twitter_misc":{"Szacowany czas czytania":"3 minuty"},"schema":{"@context":"https:\/\/schema.org","@graph":[{"@type":"WebPage","@id":"https:\/\/talkpal.ai\/pl\/gramatyka-rosyjska\/","url":"https:\/\/talkpal.ai\/pl\/gramatyka-rosyjska\/","name":"Gramatyka rosyjska - Talkpal","isPartOf":{"@id":"https:\/\/talkpal.ai\/pl\/#website"},"primaryImageOfPage":{"@id":"https:\/\/talkpal.ai\/pl\/gramatyka-rosyjska\/#primaryimage"},"image":{"@id":"https:\/\/talkpal.ai\/pl\/gramatyka-rosyjska\/#primaryimage"},"thumbnailUrl":"https:\/\/talkpal.ai\/wp-content\/uploads\/2023\/04\/rusia.png","datePublished":"2023-05-14T13:52:49+00:00","dateModified":"2025-12-13T15:16:01+00:00","description":"Odblokuj \u015bwiat gramatyki rosyjskiej dzi\u0119ki naszemu przewodnikowi dla pocz\u0105tkuj\u0105cych. Opanuj cyrylic\u0119 i rozwijaj swoje umiej\u0119tno\u015bci j\u0119zykowe.","breadcrumb":{"@id":"https:\/\/talkpal.ai\/pl\/gramatyka-rosyjska\/#breadcrumb"},"inLanguage":"pl-PL","potentialAction":[{"@type":"ReadAction","target":["https:\/\/talkpal.ai\/pl\/gramatyka-rosyjska\/"]}]},{"@type":"ImageObject","inLanguage":"pl-PL","@id":"https:\/\/talkpal.ai\/pl\/gramatyka-rosyjska\/#primaryimage","url":"https:\/\/talkpal.ai\/wp-content\/uploads\/2023\/04\/rusia.png","contentUrl":"https:\/\/talkpal.ai\/wp-content\/uploads\/2023\/04\/rusia.png","width":512,"height":512},{"@type":"BreadcrumbList","@id":"https:\/\/talkpal.ai\/pl\/gramatyka-rosyjska\/#breadcrumb","itemListElement":[{"@type":"ListItem","position":1,"name":"Homepage","item":"https:\/\/talkpal.ai\/pl\/"},{"@type":"ListItem","position":2,"name":"Gramatyka rosyjska"}]},{"@type":"WebSite","@id":"https:\/\/talkpal.ai\/pl\/#website","url":"https:\/\/talkpal.ai\/pl\/","name":"Talkpal","description":"AI Language Learning","publisher":{"@id":"https:\/\/talkpal.ai\/pl\/#organization"},"alternateName":"Talkpal AI","potentialAction":[{"@type":"SearchAction","target":{"@type":"EntryPoint","urlTemplate":"https:\/\/talkpal.ai\/pl\/?s={search_term_string}"},"query-input":{"@type":"PropertyValueSpecification","valueRequired":true,"valueName":"search_term_string"}}],"inLanguage":"pl-PL"},{"@type":"Organization","@id":"https:\/\/talkpal.ai\/pl\/#organization","name":"Talkpal, Inc.","alternateName":"Talkpal AI","url":"https:\/\/talkpal.ai\/pl\/","logo":{"@type":"ImageObject","inLanguage":"pl-PL","@id":"https:\/\/talkpal.ai\/pl\/#\/schema\/logo\/image\/","url":"https:\/\/talkpal.ai\/wp-content\/uploads\/2024\/03\/Talkpal-Logo-Icon.png","contentUrl":"https:\/\/talkpal.ai\/wp-content\/uploads\/2024\/03\/Talkpal-Logo-Icon.png","width":2880,"height":2880,"caption":"Talkpal, Inc."},"image":{"@id":"https:\/\/talkpal.ai\/pl\/#\/schema\/logo\/image\/"},"sameAs":["https:\/\/www.facebook.com\/profile.php?id=100090733639311","https:\/\/x.com\/talkpalai","https:\/\/www.linkedin.com\/company\/talkpal\/","https:\/\/www.youtube.com\/@TalkPal\/","https:\/\/www.tiktok.com\/@talkpal","https:\/\/www.instagram.com\/talkpal_ai\/","https:\/\/www.crunchbase.com\/organization\/talkpal-9cde","https:\/\/www.g2.com\/products\/talkpal-for-business\/","https:\/\/www.trustpilot.com\/review\/talkpal.ai","https:\/\/www.capterra.com\/p\/10006800\/TalkPal\/"],"description":"Talkpal is a language learning web and mobile education app, powered by the latest AI technologies, that provides engaging experiences to its customers in many different languages to help them improve their language skills. Users can chat about unlimited amount of topics with the app and use other modes to practice their language learning.","email":"support@talkpal.ai","legalName":"Talkpal, Inc.","foundingDate":"2023-04-03","duns":"118989042","numberOfEmployees":{"@type":"QuantitativeValue","minValue":"11","maxValue":"50"},"publishingPrinciples":"https:\/\/talkpal.ai\/publishing-principles\/","actionableFeedbackPolicy":"https:\/\/talkpal.ai\/actionable-feedback-policy\/","correctionsPolicy":"https:\/\/talkpal.ai\/corrections-policy\/","ethicsPolicy":"https:\/\/talkpal.ai\/ethics-policy\/","diversityPolicy":"https:\/\/talkpal.ai\/diversity-policy\/","diversityStaffingReport":"https:\/\/talkpal.ai\/diversity-policy\/"}]}},"_links":{"self":[{"href":"https:\/\/talkpal.ai\/pl\/wp-json\/wp\/v2\/pages\/139931","targetHints":{"allow":["GET"]}}],"collection":[{"href":"https:\/\/talkpal.ai\/pl\/wp-json\/wp\/v2\/pages"}],"about":[{"href":"https:\/\/talkpal.ai\/pl\/wp-json\/wp\/v2\/types\/page"}],"author":[{"embeddable":true,"href":"https:\/\/talkpal.ai\/pl\/wp-json\/wp\/v2\/users\/1"}],"replies":[{"embeddable":true,"href":"https:\/\/talkpal.ai\/pl\/wp-json\/wp\/v2\/comments?post=139931"}],"version-history":[{"count":0,"href":"https:\/\/talkpal.ai\/pl\/wp-json\/wp\/v2\/pages\/139931\/revisions"}],"wp:featuredmedia":[{"embeddable":true,"href":"https:\/\/talkpal.ai\/pl\/wp-json\/wp\/v2\/media\/108041"}],"wp:attachment":[{"href":"https:\/\/talkpal.ai\/pl\/wp-json\/wp\/v2\/media?parent=139931"}],"curies":[{"name":"wp","href":"https:\/\/api.w.org\/{rel}","templated":true}]}}