{"id":135740,"date":"2023-06-16T10:51:16","date_gmt":"2023-06-16T10:51:16","guid":{"rendered":"http:\/\/talkpal.ai\/cwiczenia-gramatyczne-z-jezyka-ukrainskiego\/"},"modified":"2025-12-17T16:21:19","modified_gmt":"2025-12-17T16:21:19","slug":"cwiczenia-gramatyczne-z-jezyka-ukrainskiego","status":"publish","type":"page","link":"https:\/\/talkpal.ai\/pl\/cwiczenia-gramatyczne-z-jezyka-ukrainskiego\/","title":{"rendered":"\u0106wiczenia gramatyczne z j\u0119zyka ukrai\u0144skiego"},"content":{"rendered":"\r\n\r\n\r\n<section class=\"languageChallengeSection\">\r\n    <div class=\"languageInfoWrapper\">\r\n        \r\n        <h1>\u0106wiczenia gramatyczne z j\u0119zyka ukrai\u0144skiego<\/h1>\r\n        <p>Chcesz przenie\u015b\u0107 swoje ukrai\u0144skie umiej\u0119tno\u015bci na wy\u017cszy poziom? \u0106wiczenie gramatyki jest kluczowym sposobem na opanowanie struktury zda\u0144, form czasownik\u00f3w i unikalnych wzorc\u00f3w j\u0119zyka ukrai\u0144skiego. Zacznij pracowa\u0107 nad ukrai\u0144sk\u0105 gramatyk\u0105 ju\u017c dzi\u015b i obserwuj, jak twoja pewno\u015b\u0107 siebie i p\u0142ynno\u015b\u0107 rosn\u0105 z ka\u017cdym \u0107wiczeniem!<\/p>\r\n\r\n                            <a class=\"getStartedHidden\" href=\"https:\/\/app.talkpal.ai\/pl\/signup?lng=\">Zaczynaj<\/a>\r\n        \r\n    <\/div>\r\n\r\n    <figure>\r\n    <img decoding=\"async\" width=\"768\" height=\"768\" src=\"https:\/\/talkpal.ai\/wp-content\/uploads\/2023\/06\/Ukrainian-768x768.png\" class=\"languageImage no-lazy\" alt=\"Language learning - Your doorway to the world\" fetchpriority=\"high\" sizes=\"(max-width: 768px) 150px, 768px\" srcset=\"https:\/\/talkpal.ai\/wp-content\/uploads\/2023\/06\/Ukrainian-768x768.png 768w, https:\/\/talkpal.ai\/wp-content\/uploads\/2023\/06\/Ukrainian-300x300.png 300w\" \/>\r\n    \r\n\r\n    <\/figure>\r\n\r\n            <a class=\"getStartedVisible\" href=\"https:\/\/app.talkpal.ai\/pl\/signup?lng=\">Zaczynaj<\/a>\r\n    \r\n<\/section>\r\n\r\n\r\n<!-- <section class=\"grammarSection\">\r\n    <div class=\"grammarLinks\">\r\n            <\/div>\r\n<\/section> -->\r\n\r\n\r\n\r\n\r\n<section class=\"promotionalBanner\">\r\n    <p class=\"promotionalText\">Najbardziej efektywny spos\u00f3b nauki j\u0119zyka<\/p>\r\n    <a class=\"promotionalLink\" href=\"https:\/\/app.talkpal.ai\/pl\/signup?lng=\">Wypr\u00f3buj Talkpal za darmo<\/a>\r\n<\/section>\n<div class=\"wp-block-group pageContainerStyle\"><div class=\"wp-block-group__inner-container is-layout-constrained wp-block-group-is-layout-constrained\">\n<h2 class=\"wp-block-heading\" id=\"h-ukrainian-grammar-topics\">Ukrai\u0144skie zagadnienia gramatyczne<\/h2>\n\n\n\n<p>Nauka nowego j\u0119zyka mo\u017ce by\u0107 ekscytuj\u0105cym, ale trudnym przedsi\u0119wzi\u0119ciem, a j\u0119zyk <a href=\"https:\/\/talkpal.ai\/learn-ukrainian\/\">ukrai\u0144ski<\/a> nie jest wyj\u0105tkiem. J\u0119zyk ukrai\u0144ski, j\u0119zyk wschodnios\u0142owia\u0144ski, jest j\u0119zykiem urz\u0119dowym Ukrainy i szczyci si\u0119 bogat\u0105 histori\u0105 i zr\u00f3\u017cnicowan\u0105 struktur\u0105 gramatyczn\u0105. Rozpoczynaj\u0105c swoj\u0105 podr\u00f3\u017c do osi\u0105gni\u0119cia bieg\u0142o\u015bci w j\u0119zyku ukrai\u0144skim, istnieje kilka kluczowych temat\u00f3w gramatycznych, kt\u00f3re musisz opanowa\u0107, w tym czasy, czasowniki, rzeczowniki, rodzajniki, zaimki, przymiotniki, przys\u0142\u00f3wki, przyimki i struktura zda\u0144. Zrozumienie i poprawne zastosowanie tych regu\u0142 gramatycznych znacznie poprawi Twoj\u0105 p\u0142ynno\u015b\u0107 w j\u0119zyku. Zanurzmy si\u0119 wi\u0119c w ka\u017cdy temat i zbadajmy kolejno\u015b\u0107, w jakiej nale\u017cy si\u0119 ich uczy\u0107.<\/p>\n\n\n\n<h3 class=\"wp-block-heading\" id=\"h-1-nouns\">1. Rzeczowniki:<\/h3>\n\n\n\n<p>Zacznij od nauki ukrai\u0144skich rzeczownik\u00f3w, poniewa\u017c s\u0105 one podstaw\u0105 j\u0119zyka. Zapoznaj si\u0119 z ich p\u0142ci\u0105 (m\u0119sk\u0105, \u017ce\u0144sk\u0105 i nijakiej) oraz ich formami liczby mnogiej. Zrozumienie deklinacji rzeczownik\u00f3w (przypadk\u00f3w) jest kluczowe dla prawid\u0142owego tworzenia zda\u0144.<\/p>\n\n\n\n<h3 class=\"wp-block-heading\" id=\"h-2-pronouns\">2. Zaimki:<\/h3>\n\n\n\n<p>Nast\u0119pnie <a href=\"https:\/\/talkpal.ai\/pl\/naucz-sie-malajskiego\/\">naucz si\u0119<\/a> zaimk\u00f3w \u2013 s\u0142\u00f3w, kt\u00f3re zast\u0119puj\u0105 rzeczowniki w zdaniu. Rozr\u00f3\u017cniaj\u0105 one r\u00f3wnie\u017c p\u0142e\u0107 i wielko\u015b\u0107 liter, wi\u0119c wa\u017cne jest, aby nauczy\u0107 si\u0119 odpowiednich form w zale\u017cno\u015bci od rzeczownika, kt\u00f3ry zast\u0119puj\u0105.<\/p>\n\n\n\n<h3 class=\"wp-block-heading\" id=\"h-3-verbs\">3. Czasowniki:<\/h3>\n\n\n\n<p>Czasowniki to s\u0142owa czynno\u015bci w zdaniu. W j\u0119zyku ukrai\u0144skim czasowniki maj\u0105 r\u00f3\u017cne formy w zale\u017cno\u015bci od czasu, nastroju i aspektu. Zacznij od nauki czasownik\u00f3w w czasie tera\u017aniejszym oznajmuj\u0105cych form, kt\u00f3re pomog\u0105 Ci zrozumie\u0107 podstawow\u0105 struktur\u0119 zda\u0144.<\/p>\n\n\n\n<h3 class=\"wp-block-heading\" id=\"h-4-tenses-indicative\">4. Czasy oznajmuj\u0105ce:<\/h3>\n\n\n\n<p>Gdy ju\u017c opanujesz czasowniki w czasie tera\u017aniejszym, przejd\u017a do nauki czas\u00f3w przesz\u0142ych i przysz\u0142ych w trybie oznajmuj\u0105cym. Umo\u017cliwi to komunikowanie si\u0119 o zdarzeniach, kt\u00f3re ju\u017c mia\u0142y miejsce lub wyst\u0105pi\u0105 w przysz\u0142o\u015bci.<\/p>\n\n\n\n<h3 class=\"wp-block-heading\" id=\"h-5-tenses-subjunctive\">5. Czasy \u0142\u0105cz\u0105ce:<\/h3>\n\n\n\n<p>Po opanowaniu trybu oznajmuj\u0105cego zbadaj tryb \u0142\u0105cz\u0105cy, kt\u00f3ry wyra\u017ca hipotetyczne sytuacje, \u017cyczenia lub sugestie. Tryb \u0142\u0105cz\u0105cy wyst\u0119puje g\u0142\u00f3wnie w czasie przesz\u0142ym i przysz\u0142ym w j\u0119zyku ukrai\u0144skim.<\/p>\n\n\n\n<h3 class=\"wp-block-heading\" id=\"h-6-tense-comparison\">6. Por\u00f3wnanie czasu pracy:<\/h3>\n\n\n\n<p>Dowiedz si\u0119, jak por\u00f3wnywa\u0107 czasy w j\u0119zyku ukrai\u0144skim, aby wyrazi\u0107 r\u00f3\u017cne stopnie pewno\u015bci lub mo\u017cliwo\u015bci. Pomo\u017ce Ci to zrozumie\u0107 i stworzy\u0107 bardziej z\u0142o\u017cone zdania.<\/p>\n\n\n\n<h3 class=\"wp-block-heading\" id=\"h-7-adjectives\">7. Przymiotniki:<\/h3>\n\n\n\n<p>Przymiotniki opisuj\u0105 cechy rzeczownik\u00f3w. Zgadzaj\u0105 si\u0119 co do rodzaju, liczby i wielko\u015bci liter z rzeczownikiem, kt\u00f3ry modyfikuj\u0105. Nauka przymiotnik\u00f3w pomo\u017ce Ci doda\u0107 wi\u0119cej szczeg\u00f3\u0142\u00f3w do zda\u0144.<\/p>\n\n\n\n<h3 class=\"wp-block-heading\" id=\"h-8-adverbs\">8. Przys\u0142\u00f3wki:<\/h3>\n\n\n\n<p>Przys\u0142\u00f3wki opisuj\u0105 spos\u00f3b, miejsce lub czas dzia\u0142ania. Nie s\u0105 one podobne do przymiotnik\u00f3w, ale odgrywaj\u0105 kluczow\u0105 rol\u0119 w uczynieniu zda\u0144 bardziej informacyjnymi i wci\u0105gaj\u0105cymi.<\/p>\n\n\n\n<h3 class=\"wp-block-heading\" id=\"h-9-prepositions\">9. Przyimki:<\/h3>\n\n\n\n<p>Przyimki pokazuj\u0105 zwi\u0105zek mi\u0119dzy s\u0142owami w zdaniu (np. miejsce, kierunek lub czas). Dowiedz si\u0119, jak poprawnie u\u017cywa\u0107 przyimk\u00f3w, aby unikn\u0105\u0107 nieporozumie\u0144 i przekaza\u0107 zamierzone znaczenie.<\/p>\n\n\n\n<h3 class=\"wp-block-heading\" id=\"h-10-sentence-structure\">10. Struktura zdania:<\/h3>\n\n\n\n<p>Na koniec zapoznaj si\u0119 z ukrai\u0144sk\u0105 struktur\u0105 zda\u0144. Obejmuje to zrozumienie kolejno\u015bci wyraz\u00f3w podmiot-czasownik-dope\u0142nienie (SVO) oraz spos\u00f3b u\u017cywania przypadk\u00f3w i innych element\u00f3w gramatycznych do tworzenia jasnych, sp\u00f3jnych zda\u0144.<\/p>\n\n\n\n<h3 class=\"wp-block-heading\" id=\"h-11-articles\">11. Artyku\u0142y:<\/h3>\n\n\n\n<p>W j\u0119zyku ukrai\u0144skim nie ma przedimk\u00f3w takich jak &#8222;the&#8221; czy &#8222;a&#8221; w j\u0119zyku angielskim, ale wa\u017cne jest, aby zrozumie\u0107, w jaki spos\u00f3b definicja i nieokre\u015blono\u015b\u0107 s\u0105 przekazywane w tym j\u0119zyku, zwykle poprzez u\u017cycie zaimk\u00f3w wskazuj\u0105cych lub kontekstu.<\/p>\n\n\n\n<p>Ucz\u0105c si\u0119 tych zagadnie\u0144 gramatycznych w sugerowanej kolejno\u015bci, stopniowo zbudujesz solidne podstawy w j\u0119zyku ukrai\u0144skim i osi\u0105gniesz post\u0119p w kierunku p\u0142ynno\u015bci w j\u0119zyku.<\/p>\n<\/div><\/div>\n\r\n<section class=\"learnNavigationSection\">\r\n            \r\n        <a href=\"https:\/\/talkpal.ai\/pl\/naucz-sie-ukrainski\/\">\r\n            <div class=\"learnNavigationWrapper\">\r\n                <div class=\"learnNavigationContent\">\r\n                    <img decoding=\"async\" src=\"https:\/\/talkpal.ai\/wp-content\/uploads\/2024\/08\/Ukrainian.jpg\" alt=\"Ukrainian Flag\">\r\n                    <div>\r\n                        <h4>O nauce j\u0119zyka ukrai\u0144skiego<\/h4>\r\n                        <p>Dowiedz si\u0119 wszystkiego o gramatyce ukrai\u0144skiej.<\/p>\r\n                    <\/div>\r\n                <\/div>\r\n            <\/div>\r\n        <\/a>\r\n\r\n        \r\n        <a href=\"https:\/\/talkpal.ai\/pl\/gramatyka-ukrainska\/\">\r\n            <div class=\"learnNavigationWrapper\">\r\n                <div class=\"learnNavigationContent\">\r\n                    <img decoding=\"async\" src=\"https:\/\/talkpal.ai\/wp-content\/uploads\/2024\/08\/Ukrainian.jpg\" alt=\"Ukrainian Flag\">\r\n                    <div>\r\n                        <h4>Lekcje gramatyki ukrai\u0144skiej<\/h4>\r\n                        <p>\u0106wicz gramatyk\u0119 ukrai\u0144sk\u0105.<\/p>\r\n                    <\/div>\r\n                <\/div>\r\n            <\/div>\r\n        <\/a>\r\n\r\n        \r\n        <a href=\"https:\/\/talkpal.ai\/vocabulary_language\/ukrainian\/\">\r\n            <div class=\"learnNavigationWrapper\">\r\n                <div class=\"learnNavigationContent\">\r\n                    <img decoding=\"async\" src=\"https:\/\/talkpal.ai\/wp-content\/uploads\/2024\/08\/Ukrainian.jpg\" alt=\"Ukrainian Flag\">\r\n                    <div>\r\n                        <h4>Ukrai\u0144skie s\u0142ownictwo<\/h4>\r\n                        <p>Poszerz swoje ukrai\u0144skie s\u0142ownictwo.<\/p>\r\n                    <\/div>\r\n                <\/div>\r\n            <\/div>\r\n        <\/a>\r\n\r\n            <\/section>","protected":false},"excerpt":{"rendered":"<p>Ukrai\u0144skie zagadnienia gramatyczne Nauka nowego j\u0119zyka mo\u017ce by\u0107 ekscytuj\u0105cym, ale trudnym przedsi\u0119wzi\u0119ciem, a j\u0119zyk ukrai\u0144ski nie jest wyj\u0105tkiem. J\u0119zyk ukrai\u0144ski, j\u0119zyk wschodnios\u0142owia\u0144ski, jest j\u0119zykiem urz\u0119dowym Ukrainy i szczyci si\u0119 bogat\u0105 histori\u0105 i zr\u00f3\u017cnicowan\u0105 struktur\u0105 gramatyczn\u0105. Rozpoczynaj\u0105c swoj\u0105 podr\u00f3\u017c do osi\u0105gni\u0119cia bieg\u0142o\u015bci w j\u0119zyku ukrai\u0144skim, istnieje kilka kluczowych temat\u00f3w gramatycznych, kt\u00f3re musisz opanowa\u0107, w tym czasy, [&hellip;]<\/p>\n","protected":false},"author":6,"featured_media":108599,"parent":0,"menu_order":0,"comment_status":"closed","ping_status":"closed","template":"LearningContentPage.php","meta":{"_acf_changed":false,"footnotes":""},"class_list":["post-135740","page","type-page","status-publish","has-post-thumbnail","hentry"],"acf":[],"yoast_head":"<!-- This site is optimized with the Yoast SEO Premium plugin v27.2 (Yoast SEO v27.2) - https:\/\/yoast.com\/product\/yoast-seo-premium-wordpress\/ -->\n<title>\u0106wiczenia gramatyczne z j\u0119zyka ukrai\u0144skiego - Talkpal<\/title>\n<meta name=\"description\" content=\"Wzmocnij swoje ukrai\u0144skie umiej\u0119tno\u015bci dzi\u0119ki wci\u0105gaj\u0105cym \u0107wiczeniom gramatycznym, kt\u00f3re obejmuj\u0105 niezb\u0119dne tematy gramatyczne dla p\u0142ynno\u015bci.\" \/>\n<meta name=\"robots\" content=\"index, follow, max-snippet:-1, max-image-preview:large, max-video-preview:-1\" \/>\n<link rel=\"canonical\" href=\"https:\/\/talkpal.ai\/pl\/cwiczenia-gramatyczne-z-jezyka-ukrainskiego\/\" \/>\n<meta property=\"og:locale\" content=\"pl_PL\" \/>\n<meta property=\"og:type\" content=\"article\" \/>\n<meta property=\"og:title\" content=\"\u0106wiczenia gramatyczne z j\u0119zyka ukrai\u0144skiego\" \/>\n<meta property=\"og:description\" content=\"Ukrai\u0144skie zagadnienia gramatyczne Nauka nowego j\u0119zyka mo\u017ce by\u0107 ekscytuj\u0105cym, ale trudnym przedsi\u0119wzi\u0119ciem, a j\u0119zyk ukrai\u0144ski nie jest wyj\u0105tkiem. J\u0119zyk\" \/>\n<meta property=\"og:url\" content=\"https:\/\/talkpal.ai\/pl\/cwiczenia-gramatyczne-z-jezyka-ukrainskiego\/\" \/>\n<meta property=\"og:site_name\" content=\"Talkpal\" \/>\n<meta property=\"article:publisher\" content=\"https:\/\/www.facebook.com\/profile.php?id=100090733639311\" \/>\n<meta property=\"article:modified_time\" content=\"2025-12-17T16:21:19+00:00\" \/>\n<meta property=\"og:image\" content=\"https:\/\/talkpal.ai\/wp-content\/uploads\/2023\/04\/ukraine.png\" \/>\n\t<meta property=\"og:image:width\" content=\"512\" \/>\n\t<meta property=\"og:image:height\" content=\"512\" \/>\n\t<meta property=\"og:image:type\" content=\"image\/png\" \/>\n<meta name=\"twitter:card\" content=\"summary_large_image\" \/>\n<meta name=\"twitter:site\" content=\"@talkpalai\" \/>\n<meta name=\"twitter:label1\" content=\"Szacowany czas czytania\" \/>\n\t<meta name=\"twitter:data1\" content=\"3 minuty\" \/>\n<script type=\"application\/ld+json\" class=\"yoast-schema-graph\">{\"@context\":\"https:\/\/schema.org\",\"@graph\":[{\"@type\":\"WebPage\",\"@id\":\"https:\/\/talkpal.ai\/pl\/cwiczenia-gramatyczne-z-jezyka-ukrainskiego\/\",\"url\":\"https:\/\/talkpal.ai\/pl\/cwiczenia-gramatyczne-z-jezyka-ukrainskiego\/\",\"name\":\"\u0106wiczenia gramatyczne z j\u0119zyka ukrai\u0144skiego - Talkpal\",\"isPartOf\":{\"@id\":\"https:\/\/talkpal.ai\/pl\/#website\"},\"primaryImageOfPage\":{\"@id\":\"https:\/\/talkpal.ai\/pl\/cwiczenia-gramatyczne-z-jezyka-ukrainskiego\/#primaryimage\"},\"image\":{\"@id\":\"https:\/\/talkpal.ai\/pl\/cwiczenia-gramatyczne-z-jezyka-ukrainskiego\/#primaryimage\"},\"thumbnailUrl\":\"https:\/\/talkpal.ai\/wp-content\/uploads\/2023\/04\/ukraine.png\",\"datePublished\":\"2023-06-16T10:51:16+00:00\",\"dateModified\":\"2025-12-17T16:21:19+00:00\",\"description\":\"Wzmocnij swoje ukrai\u0144skie umiej\u0119tno\u015bci dzi\u0119ki wci\u0105gaj\u0105cym \u0107wiczeniom gramatycznym, kt\u00f3re obejmuj\u0105 niezb\u0119dne tematy gramatyczne dla p\u0142ynno\u015bci.\",\"breadcrumb\":{\"@id\":\"https:\/\/talkpal.ai\/pl\/cwiczenia-gramatyczne-z-jezyka-ukrainskiego\/#breadcrumb\"},\"inLanguage\":\"pl-PL\",\"potentialAction\":[{\"@type\":\"ReadAction\",\"target\":[\"https:\/\/talkpal.ai\/pl\/cwiczenia-gramatyczne-z-jezyka-ukrainskiego\/\"]}]},{\"@type\":\"ImageObject\",\"inLanguage\":\"pl-PL\",\"@id\":\"https:\/\/talkpal.ai\/pl\/cwiczenia-gramatyczne-z-jezyka-ukrainskiego\/#primaryimage\",\"url\":\"https:\/\/talkpal.ai\/wp-content\/uploads\/2023\/04\/ukraine.png\",\"contentUrl\":\"https:\/\/talkpal.ai\/wp-content\/uploads\/2023\/04\/ukraine.png\",\"width\":512,\"height\":512,\"caption\":\"TalkPal Ukrainian Flag\"},{\"@type\":\"BreadcrumbList\",\"@id\":\"https:\/\/talkpal.ai\/pl\/cwiczenia-gramatyczne-z-jezyka-ukrainskiego\/#breadcrumb\",\"itemListElement\":[{\"@type\":\"ListItem\",\"position\":1,\"name\":\"Homepage\",\"item\":\"https:\/\/talkpal.ai\/pl\/\"},{\"@type\":\"ListItem\",\"position\":2,\"name\":\"\u0106wiczenia gramatyczne z j\u0119zyka ukrai\u0144skiego\"}]},{\"@type\":\"WebSite\",\"@id\":\"https:\/\/talkpal.ai\/pl\/#website\",\"url\":\"https:\/\/talkpal.ai\/pl\/\",\"name\":\"Talkpal\",\"description\":\"AI Language Learning\",\"publisher\":{\"@id\":\"https:\/\/talkpal.ai\/pl\/#organization\"},\"alternateName\":\"Talkpal AI\",\"potentialAction\":[{\"@type\":\"SearchAction\",\"target\":{\"@type\":\"EntryPoint\",\"urlTemplate\":\"https:\/\/talkpal.ai\/pl\/?s={search_term_string}\"},\"query-input\":{\"@type\":\"PropertyValueSpecification\",\"valueRequired\":true,\"valueName\":\"search_term_string\"}}],\"inLanguage\":\"pl-PL\"},{\"@type\":\"Organization\",\"@id\":\"https:\/\/talkpal.ai\/pl\/#organization\",\"name\":\"Talkpal, Inc.\",\"alternateName\":\"Talkpal AI\",\"url\":\"https:\/\/talkpal.ai\/pl\/\",\"logo\":{\"@type\":\"ImageObject\",\"inLanguage\":\"pl-PL\",\"@id\":\"https:\/\/talkpal.ai\/pl\/#\/schema\/logo\/image\/\",\"url\":\"https:\/\/talkpal.ai\/wp-content\/uploads\/2024\/03\/Talkpal-Logo-Icon.png\",\"contentUrl\":\"https:\/\/talkpal.ai\/wp-content\/uploads\/2024\/03\/Talkpal-Logo-Icon.png\",\"width\":2880,\"height\":2880,\"caption\":\"Talkpal, Inc.\"},\"image\":{\"@id\":\"https:\/\/talkpal.ai\/pl\/#\/schema\/logo\/image\/\"},\"sameAs\":[\"https:\/\/www.facebook.com\/profile.php?id=100090733639311\",\"https:\/\/x.com\/talkpalai\",\"https:\/\/www.linkedin.com\/company\/talkpal\/\",\"https:\/\/www.youtube.com\/@TalkPal\/\",\"https:\/\/www.tiktok.com\/@talkpal\",\"https:\/\/www.instagram.com\/talkpal_ai\/\",\"https:\/\/www.crunchbase.com\/organization\/talkpal-9cde\",\"https:\/\/www.g2.com\/products\/talkpal-for-business\/\",\"https:\/\/www.trustpilot.com\/review\/talkpal.ai\",\"https:\/\/www.capterra.com\/p\/10006800\/TalkPal\/\"],\"description\":\"Talkpal is a language learning web and mobile education app, powered by the latest AI technologies, that provides engaging experiences to its customers in many different languages to help them improve their language skills. Users can chat about unlimited amount of topics with the app and use other modes to practice their language learning.\",\"email\":\"support@talkpal.ai\",\"legalName\":\"Talkpal, Inc.\",\"foundingDate\":\"2023-04-03\",\"duns\":\"118989042\",\"numberOfEmployees\":{\"@type\":\"QuantitativeValue\",\"minValue\":\"11\",\"maxValue\":\"50\"},\"publishingPrinciples\":\"https:\/\/talkpal.ai\/publishing-principles\/\",\"actionableFeedbackPolicy\":\"https:\/\/talkpal.ai\/actionable-feedback-policy\/\",\"correctionsPolicy\":\"https:\/\/talkpal.ai\/corrections-policy\/\",\"ethicsPolicy\":\"https:\/\/talkpal.ai\/ethics-policy\/\",\"diversityPolicy\":\"https:\/\/talkpal.ai\/diversity-policy\/\",\"diversityStaffingReport\":\"https:\/\/talkpal.ai\/diversity-policy\/\"}]}<\/script>\n<!-- \/ Yoast SEO Premium plugin. -->","yoast_head_json":{"title":"\u0106wiczenia gramatyczne z j\u0119zyka ukrai\u0144skiego - Talkpal","description":"Wzmocnij swoje ukrai\u0144skie umiej\u0119tno\u015bci dzi\u0119ki wci\u0105gaj\u0105cym \u0107wiczeniom gramatycznym, kt\u00f3re obejmuj\u0105 niezb\u0119dne tematy gramatyczne dla p\u0142ynno\u015bci.","robots":{"index":"index","follow":"follow","max-snippet":"max-snippet:-1","max-image-preview":"max-image-preview:large","max-video-preview":"max-video-preview:-1"},"canonical":"https:\/\/talkpal.ai\/pl\/cwiczenia-gramatyczne-z-jezyka-ukrainskiego\/","og_locale":"pl_PL","og_type":"article","og_title":"\u0106wiczenia gramatyczne z j\u0119zyka ukrai\u0144skiego","og_description":"Ukrai\u0144skie zagadnienia gramatyczne Nauka nowego j\u0119zyka mo\u017ce by\u0107 ekscytuj\u0105cym, ale trudnym przedsi\u0119wzi\u0119ciem, a j\u0119zyk ukrai\u0144ski nie jest wyj\u0105tkiem. J\u0119zyk","og_url":"https:\/\/talkpal.ai\/pl\/cwiczenia-gramatyczne-z-jezyka-ukrainskiego\/","og_site_name":"Talkpal","article_publisher":"https:\/\/www.facebook.com\/profile.php?id=100090733639311","article_modified_time":"2025-12-17T16:21:19+00:00","og_image":[{"width":512,"height":512,"url":"https:\/\/talkpal.ai\/wp-content\/uploads\/2023\/04\/ukraine.png","type":"image\/png"}],"twitter_card":"summary_large_image","twitter_site":"@talkpalai","twitter_misc":{"Szacowany czas czytania":"3 minuty"},"schema":{"@context":"https:\/\/schema.org","@graph":[{"@type":"WebPage","@id":"https:\/\/talkpal.ai\/pl\/cwiczenia-gramatyczne-z-jezyka-ukrainskiego\/","url":"https:\/\/talkpal.ai\/pl\/cwiczenia-gramatyczne-z-jezyka-ukrainskiego\/","name":"\u0106wiczenia gramatyczne z j\u0119zyka ukrai\u0144skiego - Talkpal","isPartOf":{"@id":"https:\/\/talkpal.ai\/pl\/#website"},"primaryImageOfPage":{"@id":"https:\/\/talkpal.ai\/pl\/cwiczenia-gramatyczne-z-jezyka-ukrainskiego\/#primaryimage"},"image":{"@id":"https:\/\/talkpal.ai\/pl\/cwiczenia-gramatyczne-z-jezyka-ukrainskiego\/#primaryimage"},"thumbnailUrl":"https:\/\/talkpal.ai\/wp-content\/uploads\/2023\/04\/ukraine.png","datePublished":"2023-06-16T10:51:16+00:00","dateModified":"2025-12-17T16:21:19+00:00","description":"Wzmocnij swoje ukrai\u0144skie umiej\u0119tno\u015bci dzi\u0119ki wci\u0105gaj\u0105cym \u0107wiczeniom gramatycznym, kt\u00f3re obejmuj\u0105 niezb\u0119dne tematy gramatyczne dla p\u0142ynno\u015bci.","breadcrumb":{"@id":"https:\/\/talkpal.ai\/pl\/cwiczenia-gramatyczne-z-jezyka-ukrainskiego\/#breadcrumb"},"inLanguage":"pl-PL","potentialAction":[{"@type":"ReadAction","target":["https:\/\/talkpal.ai\/pl\/cwiczenia-gramatyczne-z-jezyka-ukrainskiego\/"]}]},{"@type":"ImageObject","inLanguage":"pl-PL","@id":"https:\/\/talkpal.ai\/pl\/cwiczenia-gramatyczne-z-jezyka-ukrainskiego\/#primaryimage","url":"https:\/\/talkpal.ai\/wp-content\/uploads\/2023\/04\/ukraine.png","contentUrl":"https:\/\/talkpal.ai\/wp-content\/uploads\/2023\/04\/ukraine.png","width":512,"height":512,"caption":"TalkPal Ukrainian Flag"},{"@type":"BreadcrumbList","@id":"https:\/\/talkpal.ai\/pl\/cwiczenia-gramatyczne-z-jezyka-ukrainskiego\/#breadcrumb","itemListElement":[{"@type":"ListItem","position":1,"name":"Homepage","item":"https:\/\/talkpal.ai\/pl\/"},{"@type":"ListItem","position":2,"name":"\u0106wiczenia gramatyczne z j\u0119zyka ukrai\u0144skiego"}]},{"@type":"WebSite","@id":"https:\/\/talkpal.ai\/pl\/#website","url":"https:\/\/talkpal.ai\/pl\/","name":"Talkpal","description":"AI Language Learning","publisher":{"@id":"https:\/\/talkpal.ai\/pl\/#organization"},"alternateName":"Talkpal AI","potentialAction":[{"@type":"SearchAction","target":{"@type":"EntryPoint","urlTemplate":"https:\/\/talkpal.ai\/pl\/?s={search_term_string}"},"query-input":{"@type":"PropertyValueSpecification","valueRequired":true,"valueName":"search_term_string"}}],"inLanguage":"pl-PL"},{"@type":"Organization","@id":"https:\/\/talkpal.ai\/pl\/#organization","name":"Talkpal, Inc.","alternateName":"Talkpal AI","url":"https:\/\/talkpal.ai\/pl\/","logo":{"@type":"ImageObject","inLanguage":"pl-PL","@id":"https:\/\/talkpal.ai\/pl\/#\/schema\/logo\/image\/","url":"https:\/\/talkpal.ai\/wp-content\/uploads\/2024\/03\/Talkpal-Logo-Icon.png","contentUrl":"https:\/\/talkpal.ai\/wp-content\/uploads\/2024\/03\/Talkpal-Logo-Icon.png","width":2880,"height":2880,"caption":"Talkpal, Inc."},"image":{"@id":"https:\/\/talkpal.ai\/pl\/#\/schema\/logo\/image\/"},"sameAs":["https:\/\/www.facebook.com\/profile.php?id=100090733639311","https:\/\/x.com\/talkpalai","https:\/\/www.linkedin.com\/company\/talkpal\/","https:\/\/www.youtube.com\/@TalkPal\/","https:\/\/www.tiktok.com\/@talkpal","https:\/\/www.instagram.com\/talkpal_ai\/","https:\/\/www.crunchbase.com\/organization\/talkpal-9cde","https:\/\/www.g2.com\/products\/talkpal-for-business\/","https:\/\/www.trustpilot.com\/review\/talkpal.ai","https:\/\/www.capterra.com\/p\/10006800\/TalkPal\/"],"description":"Talkpal is a language learning web and mobile education app, powered by the latest AI technologies, that provides engaging experiences to its customers in many different languages to help them improve their language skills. Users can chat about unlimited amount of topics with the app and use other modes to practice their language learning.","email":"support@talkpal.ai","legalName":"Talkpal, Inc.","foundingDate":"2023-04-03","duns":"118989042","numberOfEmployees":{"@type":"QuantitativeValue","minValue":"11","maxValue":"50"},"publishingPrinciples":"https:\/\/talkpal.ai\/publishing-principles\/","actionableFeedbackPolicy":"https:\/\/talkpal.ai\/actionable-feedback-policy\/","correctionsPolicy":"https:\/\/talkpal.ai\/corrections-policy\/","ethicsPolicy":"https:\/\/talkpal.ai\/ethics-policy\/","diversityPolicy":"https:\/\/talkpal.ai\/diversity-policy\/","diversityStaffingReport":"https:\/\/talkpal.ai\/diversity-policy\/"}]}},"_links":{"self":[{"href":"https:\/\/talkpal.ai\/pl\/wp-json\/wp\/v2\/pages\/135740","targetHints":{"allow":["GET"]}}],"collection":[{"href":"https:\/\/talkpal.ai\/pl\/wp-json\/wp\/v2\/pages"}],"about":[{"href":"https:\/\/talkpal.ai\/pl\/wp-json\/wp\/v2\/types\/page"}],"author":[{"embeddable":true,"href":"https:\/\/talkpal.ai\/pl\/wp-json\/wp\/v2\/users\/6"}],"replies":[{"embeddable":true,"href":"https:\/\/talkpal.ai\/pl\/wp-json\/wp\/v2\/comments?post=135740"}],"version-history":[{"count":0,"href":"https:\/\/talkpal.ai\/pl\/wp-json\/wp\/v2\/pages\/135740\/revisions"}],"wp:featuredmedia":[{"embeddable":true,"href":"https:\/\/talkpal.ai\/pl\/wp-json\/wp\/v2\/media\/108599"}],"wp:attachment":[{"href":"https:\/\/talkpal.ai\/pl\/wp-json\/wp\/v2\/media?parent=135740"}],"curies":[{"name":"wp","href":"https:\/\/api.w.org\/{rel}","templated":true}]}}