{"id":135379,"date":"2023-06-16T10:42:00","date_gmt":"2023-06-16T10:42:00","guid":{"rendered":"http:\/\/talkpal.ai\/cwiczenia-gramatyczne-z-jezyka-portugalskiego\/"},"modified":"2025-12-17T16:16:27","modified_gmt":"2025-12-17T16:16:27","slug":"cwiczenia-gramatyczne-z-jezyka-portugalskiego","status":"publish","type":"page","link":"https:\/\/talkpal.ai\/pl\/cwiczenia-gramatyczne-z-jezyka-portugalskiego\/","title":{"rendered":"\u0106wiczenia gramatyczne z j\u0119zyka portugalskiego"},"content":{"rendered":"\r\n\r\n\r\n<section class=\"languageChallengeSection\">\r\n    <div class=\"languageInfoWrapper\">\r\n        \r\n        <h1>\u0106wiczenia gramatyczne z j\u0119zyka portugalskiego<\/h1>\r\n        <p>Chcesz wzmocni\u0107 swoje umiej\u0119tno\u015bci pos\u0142ugiwania si\u0119 j\u0119zykiem portugalskim? Przejd\u017a do \u0107wicze\u0144 gramatycznych, aby opanowa\u0107 struktur\u0119 zda\u0144, koniugacje czasownik\u00f3w i unikalne wzorce j\u0119zyka portugalskiego. Zacznij \u0107wiczy\u0107 gramatyk\u0119 portugalsk\u0105 ju\u017c teraz i zobacz, jak twoja pewno\u015b\u0107 siebie i p\u0142ynno\u015b\u0107 rosn\u0105 z ka\u017cdym \u0107wiczeniem!<\/p>\r\n\r\n                            <a class=\"getStartedHidden\" href=\"https:\/\/app.talkpal.ai\/pl\/signup?lng=\">Zaczynaj<\/a>\r\n        \r\n    <\/div>\r\n\r\n    <figure>\r\n    <img decoding=\"async\" width=\"768\" height=\"768\" src=\"https:\/\/talkpal.ai\/wp-content\/uploads\/2023\/06\/portuguese-768x768.png\" class=\"languageImage no-lazy\" alt=\"Language learning for broader world view\" fetchpriority=\"high\" sizes=\"(max-width: 768px) 150px, 768px\" srcset=\"https:\/\/talkpal.ai\/wp-content\/uploads\/2023\/06\/portuguese-768x768.png 768w, https:\/\/talkpal.ai\/wp-content\/uploads\/2023\/06\/portuguese-300x300.png 300w\" \/>\r\n    \r\n\r\n    <\/figure>\r\n\r\n            <a class=\"getStartedVisible\" href=\"https:\/\/app.talkpal.ai\/pl\/signup?lng=\">Zaczynaj<\/a>\r\n    \r\n<\/section>\r\n\r\n\r\n<!-- <section class=\"grammarSection\">\r\n    <div class=\"grammarLinks\">\r\n            <\/div>\r\n<\/section> -->\r\n\r\n\r\n\r\n\r\n<section class=\"promotionalBanner\">\r\n    <p class=\"promotionalText\">Najbardziej efektywny spos\u00f3b nauki j\u0119zyka<\/p>\r\n    <a class=\"promotionalLink\" href=\"https:\/\/app.talkpal.ai\/pl\/signup?lng=\">Wypr\u00f3buj Talkpal za darmo<\/a>\r\n<\/section>\n<div class=\"wp-block-group pageContainerStyle\"><div class=\"wp-block-group__inner-container is-layout-constrained wp-block-group-is-layout-constrained\">\n<h2 class=\"wp-block-heading\" id=\"h-portuguese-grammar-topics\">Zagadnienia gramatyczne portugalskie<\/h2>\n\n\n\n<p>Nauka nowego j\u0119zyka mo\u017ce by\u0107 ekscytuj\u0105cym i satysfakcjonuj\u0105cym do\u015bwiadczeniem, a <a href=\"https:\/\/talkpal.ai\/learn-portuguese\/\">portugalski<\/a> nie jest wyj\u0105tkiem. Jako sz\u00f3sty najcz\u0119\u015bciej u\u017cywany j\u0119zyk na <a href=\"https:\/\/talkpal.ai\/locations\/language-courses-in-swiecie\/\">\u015bwiecie<\/a>, oferuje liczne mo\u017cliwo\u015bci rozwoju osobistego i zawodowego. Zrozumienie i opanowanie jego zawi\u0142o\u015bci j\u0119zykowych i gramatyki mo\u017ce otworzy\u0107 drzwi do bogatych do\u015bwiadcze\u0144 kulturowych w krajach takich jak Portugalia, Brazylia i r\u00f3\u017cne narody afryka\u0144skie. Aby u\u0142atwi\u0107 Ci podr\u00f3\u017c do \u015bwiata portugalskiego, ten przewodnik przedstawia sekwencj\u0119 temat\u00f3w gramatycznych, kt\u00f3rych powiniene\u015b przestrzega\u0107, zapewniaj\u0105c zbudowanie solidnych podstaw i post\u0119py w wygodnym tempie.<\/p>\n\n\n\n<h3 class=\"wp-block-heading\" id=\"h-1-articles\">1. Artyku\u0142y:<\/h3>\n\n\n\n<p>Zacznij od nauki przedimk\u00f3w okre\u015blonych i nieokre\u015blonych, kt\u00f3re s\u0105 niezb\u0119dnymi elementami sk\u0142adowymi j\u0119zyka. Zapewniaj\u0105 one ramy do zrozumienia rodzaju i liczby rzeczownik\u00f3w w zdaniach.<\/p>\n\n\n\n<h3 class=\"wp-block-heading\" id=\"h-2-nouns\">2. Rzeczowniki:<\/h3>\n\n\n\n<p>Zapoznaj si\u0119 z portugalskimi rzeczownikami, w tym ich rodzajem (m\u0119skim lub \u017ce\u0144skim) i liczb\u0105 (w liczbie pojedynczej lub mnogiej). Wiedza ta b\u0119dzie kluczowa dla tworzenia sp\u00f3jnych zda\u0144 i zgodno\u015bci z innymi elementami, takimi jak przymiotniki.<\/p>\n\n\n\n<h3 class=\"wp-block-heading\" id=\"h-3-adjectives\">3. Przymiotniki:<\/h3>\n\n\n\n<p>Dowiedz si\u0119, jak opisywa\u0107 rzeczowniki za pomoc\u0105 przymiotnik\u00f3w, kt\u00f3re musz\u0105 zgadza\u0107 si\u0119 z rzeczownikiem pod wzgl\u0119dem rodzaju i liczby. Zwi\u0119kszy to Twoj\u0105 zdolno\u015b\u0107 do wyra\u017cania pomys\u0142\u00f3w i opisywania przedmiot\u00f3w lub os\u00f3b w j\u0119zyku portugalskim.<\/p>\n\n\n\n<h3 class=\"wp-block-heading\" id=\"h-4-pronouns\">4. Zaimki:<\/h3>\n\n\n\n<p>Zanurz si\u0119 w \u015bwiecie zaimk\u00f3w, w tym zaimk\u00f3w osobowych, dzier\u017cawczych, wskazuj\u0105cych i wzgl\u0119dnych. Zast\u0119puj\u0105 one rzeczowniki w zdaniach i pomagaj\u0105 unikn\u0105\u0107 niepotrzebnych powt\u00f3rze\u0144.<\/p>\n\n\n\n<h3 class=\"wp-block-heading\" id=\"h-5-verbs\">5. Czasowniki:<\/h3>\n\n\n\n<p>Zrozum r\u00f3\u017cne koniugacje czasownik\u00f3w w j\u0119zyku portugalskim, kt\u00f3re s\u0105 niezb\u0119dne do wyra\u017cania dzia\u0142a\u0144, wydarze\u0144 i stan\u00f3w. Zacznij od czasownik\u00f3w regularnych, a nast\u0119pnie przejd\u017a do czasownik\u00f3w nieregularnych i ich r\u00f3\u017cnych odmian.<\/p>\n\n\n\n<h3 class=\"wp-block-heading\" id=\"h-6-tenses-indicative\">6. Czasy oznajmuj\u0105ce:<\/h3>\n\n\n\n<p><a href=\"https:\/\/talkpal.ai\/pl\/naucz-sie-malajskiego\/\">Naucz si\u0119<\/a> trybu oznajmuj\u0105cego, kt\u00f3ry s\u0142u\u017cy do wyra\u017cania fakt\u00f3w lub pewno\u015bci. Obejmuje to zrozumienie r\u00f3\u017cnych czas\u00f3w, takich jak tera\u017aniejszo\u015b\u0107, przesz\u0142o\u015b\u0107 i przysz\u0142o\u015b\u0107, a tak\u017ce ich koniugacji dla r\u00f3\u017cnych typ\u00f3w czasownik\u00f3w.<\/p>\n\n\n\n<h3 class=\"wp-block-heading\" id=\"h-7-tenses-subjunctive\">7. Czas \u0142\u0105cz\u0105cy:<\/h3>\n\n\n\n<p>Zag\u0142\u0119b si\u0119 w tryb \u0142\u0105cz\u0105cy, kt\u00f3ry przekazuje w\u0105tpliwo\u015b\u0107, mo\u017cliwo\u015b\u0107 lub niepewno\u015b\u0107. Obejmuje to nauk\u0119 czasu tera\u017aniejszego, przesz\u0142ego i przysz\u0142ego \u0142\u0105cz\u0105cego oraz ich odpowiednich koniugacji.<\/p>\n\n\n\n<h3 class=\"wp-block-heading\" id=\"h-8-tense-comparison\">8. Por\u00f3wnanie czasu:<\/h3>\n\n\n\n<p>Dowiedz si\u0119, jak por\u00f3wnywa\u0107 i kontrastowa\u0107 r\u00f3\u017cne czasy zar\u00f3wno w trybie oznajmuj\u0105cym, jak i \u0142\u0105cz\u0105cym. Pomo\u017ce Ci to wybra\u0107 odpowiedni czas do r\u00f3\u017cnych kontekst\u00f3w i sytuacji.<\/p>\n\n\n\n<h3 class=\"wp-block-heading\" id=\"h-9-adverbs\">9. Przys\u0142\u00f3wki:<\/h3>\n\n\n\n<p>Dowiedz si\u0119 wi\u0119cej o przys\u0142\u00f3wkach, kt\u00f3re modyfikuj\u0105 czasowniki, przymiotniki lub inne przys\u0142\u00f3wki, dostarczaj\u0105c dodatkowych informacji o sposobie, miejscu lub czasie dzia\u0142ania.<\/p>\n\n\n\n<h3 class=\"wp-block-heading\" id=\"h-10-prepositions\">10. Przyimki:<\/h3>\n\n\n\n<p>Zapoznaj si\u0119 z u\u017cyciem przyimk\u00f3w, kt\u00f3re ustanawiaj\u0105 relacje mi\u0119dzy s\u0142owami w zdaniu, takie jak lokalizacja, kierunek, czas lub cel.<\/p>\n\n\n\n<h3 class=\"wp-block-heading\" id=\"h-11-sentence-structure\">11. Struktura zdania:<\/h3>\n\n\n\n<p>Na koniec zrozum podstawow\u0105 struktur\u0119 zda\u0144 w j\u0119zyku portugalskim, w tym szyk wyraz\u00f3w, negacj\u0119 i pytania formu\u0142uj\u0105ce. Umo\u017cliwi to konstruowanie sensownych i poprawnych gramatycznie zda\u0144, pozwalaj\u0105cych na efektywn\u0105 komunikacj\u0119 w j\u0119zyku portugalskim.<\/p>\n<\/div><\/div>\n\r\n<section class=\"learnNavigationSection\">\r\n            \r\n        <a href=\"https:\/\/talkpal.ai\/pl\/ucz-sie-portugalskiego\/\">\r\n            <div class=\"learnNavigationWrapper\">\r\n                <div class=\"learnNavigationContent\">\r\n                    <img decoding=\"async\" src=\"https:\/\/talkpal.ai\/wp-content\/uploads\/2024\/08\/Portuguese.jpg\" alt=\"Portuguese Flag\">\r\n                    <div>\r\n                        <h4>Informacje o Portugal Learning<\/h4>\r\n                        <p>Dowiedz si\u0119 wszystkiego o gramatyce portugalskiej.<\/p>\r\n                    <\/div>\r\n                <\/div>\r\n            <\/div>\r\n        <\/a>\r\n\r\n        \r\n        <a href=\"https:\/\/talkpal.ai\/pl\/gramatyka-portugalska\/\">\r\n            <div class=\"learnNavigationWrapper\">\r\n                <div class=\"learnNavigationContent\">\r\n                    <img decoding=\"async\" src=\"https:\/\/talkpal.ai\/wp-content\/uploads\/2024\/08\/Portuguese.jpg\" alt=\"Portuguese Flag\">\r\n                    <div>\r\n                        <h4>Lekcje gramatyki portugalskiej<\/h4>\r\n                        <p>\u0106wicz gramatyk\u0119 portugalsk\u0105.<\/p>\r\n                    <\/div>\r\n                <\/div>\r\n            <\/div>\r\n        <\/a>\r\n\r\n        \r\n        <a href=\"https:\/\/talkpal.ai\/vocabulary_language\/portuguese\/\">\r\n            <div class=\"learnNavigationWrapper\">\r\n                <div class=\"learnNavigationContent\">\r\n                    <img decoding=\"async\" src=\"https:\/\/talkpal.ai\/wp-content\/uploads\/2024\/08\/Portuguese.jpg\" alt=\"Portuguese Flag\">\r\n                    <div>\r\n                        <h4>S\u0142ownictwo portugalskie<\/h4>\r\n                        <p>Poszerz swoje portugalskie s\u0142ownictwo.<\/p>\r\n                    <\/div>\r\n                <\/div>\r\n            <\/div>\r\n        <\/a>\r\n\r\n            <\/section>","protected":false},"excerpt":{"rendered":"<p>Zagadnienia gramatyczne portugalskie Nauka nowego j\u0119zyka mo\u017ce by\u0107 ekscytuj\u0105cym i satysfakcjonuj\u0105cym do\u015bwiadczeniem, a portugalski nie jest wyj\u0105tkiem. Jako sz\u00f3sty najcz\u0119\u015bciej u\u017cywany j\u0119zyk na \u015bwiecie, oferuje liczne mo\u017cliwo\u015bci rozwoju osobistego i zawodowego. Zrozumienie i opanowanie jego zawi\u0142o\u015bci j\u0119zykowych i gramatyki mo\u017ce otworzy\u0107 drzwi do bogatych do\u015bwiadcze\u0144 kulturowych w krajach takich jak Portugalia, Brazylia i r\u00f3\u017cne narody [&hellip;]<\/p>\n","protected":false},"author":6,"featured_media":107802,"parent":0,"menu_order":0,"comment_status":"closed","ping_status":"closed","template":"LearningContentPage.php","meta":{"_acf_changed":false,"footnotes":""},"class_list":["post-135379","page","type-page","status-publish","has-post-thumbnail","hentry"],"acf":[],"yoast_head":"<!-- This site is optimized with the Yoast SEO Premium plugin v27.2 (Yoast SEO v27.2) - https:\/\/yoast.com\/product\/yoast-seo-premium-wordpress\/ -->\n<title>\u0106wiczenia gramatyczne z j\u0119zyka portugalskiego - Talkpal<\/title>\n<meta name=\"description\" content=\"Wzmocnij swoje umiej\u0119tno\u015bci gramatyczne w j\u0119zyku portugalskim dzi\u0119ki interaktywnym \u0107wiczeniom przeznaczonym dla wszystkich poziom\u00f3w.\" \/>\n<meta name=\"robots\" content=\"index, follow, max-snippet:-1, max-image-preview:large, max-video-preview:-1\" \/>\n<link rel=\"canonical\" href=\"https:\/\/talkpal.ai\/pl\/cwiczenia-gramatyczne-z-jezyka-portugalskiego\/\" \/>\n<meta property=\"og:locale\" content=\"pl_PL\" \/>\n<meta property=\"og:type\" content=\"article\" \/>\n<meta property=\"og:title\" content=\"\u0106wiczenia gramatyczne z j\u0119zyka portugalskiego\" \/>\n<meta property=\"og:description\" content=\"Zagadnienia gramatyczne portugalskie Nauka nowego j\u0119zyka mo\u017ce by\u0107 ekscytuj\u0105cym i satysfakcjonuj\u0105cym do\u015bwiadczeniem, a portugalski nie jest wyj\u0105tkiem. Jako\" \/>\n<meta property=\"og:url\" content=\"https:\/\/talkpal.ai\/pl\/cwiczenia-gramatyczne-z-jezyka-portugalskiego\/\" \/>\n<meta property=\"og:site_name\" content=\"Talkpal\" \/>\n<meta property=\"article:publisher\" content=\"https:\/\/www.facebook.com\/profile.php?id=100090733639311\" \/>\n<meta property=\"article:modified_time\" content=\"2025-12-17T16:16:27+00:00\" \/>\n<meta property=\"og:image\" content=\"https:\/\/talkpal.ai\/wp-content\/uploads\/2023\/04\/portugal.png\" \/>\n\t<meta property=\"og:image:width\" content=\"512\" \/>\n\t<meta property=\"og:image:height\" content=\"512\" \/>\n\t<meta property=\"og:image:type\" content=\"image\/png\" \/>\n<meta name=\"twitter:card\" content=\"summary_large_image\" \/>\n<meta name=\"twitter:site\" content=\"@talkpalai\" \/>\n<meta name=\"twitter:label1\" content=\"Szacowany czas czytania\" \/>\n\t<meta name=\"twitter:data1\" content=\"3 minuty\" \/>\n<script type=\"application\/ld+json\" class=\"yoast-schema-graph\">{\"@context\":\"https:\/\/schema.org\",\"@graph\":[{\"@type\":\"WebPage\",\"@id\":\"https:\/\/talkpal.ai\/pl\/cwiczenia-gramatyczne-z-jezyka-portugalskiego\/\",\"url\":\"https:\/\/talkpal.ai\/pl\/cwiczenia-gramatyczne-z-jezyka-portugalskiego\/\",\"name\":\"\u0106wiczenia gramatyczne z j\u0119zyka portugalskiego - Talkpal\",\"isPartOf\":{\"@id\":\"https:\/\/talkpal.ai\/pl\/#website\"},\"primaryImageOfPage\":{\"@id\":\"https:\/\/talkpal.ai\/pl\/cwiczenia-gramatyczne-z-jezyka-portugalskiego\/#primaryimage\"},\"image\":{\"@id\":\"https:\/\/talkpal.ai\/pl\/cwiczenia-gramatyczne-z-jezyka-portugalskiego\/#primaryimage\"},\"thumbnailUrl\":\"https:\/\/talkpal.ai\/wp-content\/uploads\/2023\/04\/portugal.png\",\"datePublished\":\"2023-06-16T10:42:00+00:00\",\"dateModified\":\"2025-12-17T16:16:27+00:00\",\"description\":\"Wzmocnij swoje umiej\u0119tno\u015bci gramatyczne w j\u0119zyku portugalskim dzi\u0119ki interaktywnym \u0107wiczeniom przeznaczonym dla wszystkich poziom\u00f3w.\",\"breadcrumb\":{\"@id\":\"https:\/\/talkpal.ai\/pl\/cwiczenia-gramatyczne-z-jezyka-portugalskiego\/#breadcrumb\"},\"inLanguage\":\"pl-PL\",\"potentialAction\":[{\"@type\":\"ReadAction\",\"target\":[\"https:\/\/talkpal.ai\/pl\/cwiczenia-gramatyczne-z-jezyka-portugalskiego\/\"]}]},{\"@type\":\"ImageObject\",\"inLanguage\":\"pl-PL\",\"@id\":\"https:\/\/talkpal.ai\/pl\/cwiczenia-gramatyczne-z-jezyka-portugalskiego\/#primaryimage\",\"url\":\"https:\/\/talkpal.ai\/wp-content\/uploads\/2023\/04\/portugal.png\",\"contentUrl\":\"https:\/\/talkpal.ai\/wp-content\/uploads\/2023\/04\/portugal.png\",\"width\":512,\"height\":512},{\"@type\":\"BreadcrumbList\",\"@id\":\"https:\/\/talkpal.ai\/pl\/cwiczenia-gramatyczne-z-jezyka-portugalskiego\/#breadcrumb\",\"itemListElement\":[{\"@type\":\"ListItem\",\"position\":1,\"name\":\"Homepage\",\"item\":\"https:\/\/talkpal.ai\/pl\/\"},{\"@type\":\"ListItem\",\"position\":2,\"name\":\"\u0106wiczenia gramatyczne z j\u0119zyka portugalskiego\"}]},{\"@type\":\"WebSite\",\"@id\":\"https:\/\/talkpal.ai\/pl\/#website\",\"url\":\"https:\/\/talkpal.ai\/pl\/\",\"name\":\"Talkpal\",\"description\":\"AI Language Learning\",\"publisher\":{\"@id\":\"https:\/\/talkpal.ai\/pl\/#organization\"},\"alternateName\":\"Talkpal AI\",\"potentialAction\":[{\"@type\":\"SearchAction\",\"target\":{\"@type\":\"EntryPoint\",\"urlTemplate\":\"https:\/\/talkpal.ai\/pl\/?s={search_term_string}\"},\"query-input\":{\"@type\":\"PropertyValueSpecification\",\"valueRequired\":true,\"valueName\":\"search_term_string\"}}],\"inLanguage\":\"pl-PL\"},{\"@type\":\"Organization\",\"@id\":\"https:\/\/talkpal.ai\/pl\/#organization\",\"name\":\"Talkpal, Inc.\",\"alternateName\":\"Talkpal AI\",\"url\":\"https:\/\/talkpal.ai\/pl\/\",\"logo\":{\"@type\":\"ImageObject\",\"inLanguage\":\"pl-PL\",\"@id\":\"https:\/\/talkpal.ai\/pl\/#\/schema\/logo\/image\/\",\"url\":\"https:\/\/talkpal.ai\/wp-content\/uploads\/2024\/03\/Talkpal-Logo-Icon.png\",\"contentUrl\":\"https:\/\/talkpal.ai\/wp-content\/uploads\/2024\/03\/Talkpal-Logo-Icon.png\",\"width\":2880,\"height\":2880,\"caption\":\"Talkpal, Inc.\"},\"image\":{\"@id\":\"https:\/\/talkpal.ai\/pl\/#\/schema\/logo\/image\/\"},\"sameAs\":[\"https:\/\/www.facebook.com\/profile.php?id=100090733639311\",\"https:\/\/x.com\/talkpalai\",\"https:\/\/www.linkedin.com\/company\/talkpal\/\",\"https:\/\/www.youtube.com\/@TalkPal\/\",\"https:\/\/www.tiktok.com\/@talkpal\",\"https:\/\/www.instagram.com\/talkpal_ai\/\",\"https:\/\/www.crunchbase.com\/organization\/talkpal-9cde\",\"https:\/\/www.g2.com\/products\/talkpal-for-business\/\",\"https:\/\/www.trustpilot.com\/review\/talkpal.ai\",\"https:\/\/www.capterra.com\/p\/10006800\/TalkPal\/\"],\"description\":\"Talkpal is a language learning web and mobile education app, powered by the latest AI technologies, that provides engaging experiences to its customers in many different languages to help them improve their language skills. Users can chat about unlimited amount of topics with the app and use other modes to practice their language learning.\",\"email\":\"support@talkpal.ai\",\"legalName\":\"Talkpal, Inc.\",\"foundingDate\":\"2023-04-03\",\"duns\":\"118989042\",\"numberOfEmployees\":{\"@type\":\"QuantitativeValue\",\"minValue\":\"11\",\"maxValue\":\"50\"},\"publishingPrinciples\":\"https:\/\/talkpal.ai\/publishing-principles\/\",\"actionableFeedbackPolicy\":\"https:\/\/talkpal.ai\/actionable-feedback-policy\/\",\"correctionsPolicy\":\"https:\/\/talkpal.ai\/corrections-policy\/\",\"ethicsPolicy\":\"https:\/\/talkpal.ai\/ethics-policy\/\",\"diversityPolicy\":\"https:\/\/talkpal.ai\/diversity-policy\/\",\"diversityStaffingReport\":\"https:\/\/talkpal.ai\/diversity-policy\/\"}]}<\/script>\n<!-- \/ Yoast SEO Premium plugin. -->","yoast_head_json":{"title":"\u0106wiczenia gramatyczne z j\u0119zyka portugalskiego - Talkpal","description":"Wzmocnij swoje umiej\u0119tno\u015bci gramatyczne w j\u0119zyku portugalskim dzi\u0119ki interaktywnym \u0107wiczeniom przeznaczonym dla wszystkich poziom\u00f3w.","robots":{"index":"index","follow":"follow","max-snippet":"max-snippet:-1","max-image-preview":"max-image-preview:large","max-video-preview":"max-video-preview:-1"},"canonical":"https:\/\/talkpal.ai\/pl\/cwiczenia-gramatyczne-z-jezyka-portugalskiego\/","og_locale":"pl_PL","og_type":"article","og_title":"\u0106wiczenia gramatyczne z j\u0119zyka portugalskiego","og_description":"Zagadnienia gramatyczne portugalskie Nauka nowego j\u0119zyka mo\u017ce by\u0107 ekscytuj\u0105cym i satysfakcjonuj\u0105cym do\u015bwiadczeniem, a portugalski nie jest wyj\u0105tkiem. Jako","og_url":"https:\/\/talkpal.ai\/pl\/cwiczenia-gramatyczne-z-jezyka-portugalskiego\/","og_site_name":"Talkpal","article_publisher":"https:\/\/www.facebook.com\/profile.php?id=100090733639311","article_modified_time":"2025-12-17T16:16:27+00:00","og_image":[{"width":512,"height":512,"url":"https:\/\/talkpal.ai\/wp-content\/uploads\/2023\/04\/portugal.png","type":"image\/png"}],"twitter_card":"summary_large_image","twitter_site":"@talkpalai","twitter_misc":{"Szacowany czas czytania":"3 minuty"},"schema":{"@context":"https:\/\/schema.org","@graph":[{"@type":"WebPage","@id":"https:\/\/talkpal.ai\/pl\/cwiczenia-gramatyczne-z-jezyka-portugalskiego\/","url":"https:\/\/talkpal.ai\/pl\/cwiczenia-gramatyczne-z-jezyka-portugalskiego\/","name":"\u0106wiczenia gramatyczne z j\u0119zyka portugalskiego - Talkpal","isPartOf":{"@id":"https:\/\/talkpal.ai\/pl\/#website"},"primaryImageOfPage":{"@id":"https:\/\/talkpal.ai\/pl\/cwiczenia-gramatyczne-z-jezyka-portugalskiego\/#primaryimage"},"image":{"@id":"https:\/\/talkpal.ai\/pl\/cwiczenia-gramatyczne-z-jezyka-portugalskiego\/#primaryimage"},"thumbnailUrl":"https:\/\/talkpal.ai\/wp-content\/uploads\/2023\/04\/portugal.png","datePublished":"2023-06-16T10:42:00+00:00","dateModified":"2025-12-17T16:16:27+00:00","description":"Wzmocnij swoje umiej\u0119tno\u015bci gramatyczne w j\u0119zyku portugalskim dzi\u0119ki interaktywnym \u0107wiczeniom przeznaczonym dla wszystkich poziom\u00f3w.","breadcrumb":{"@id":"https:\/\/talkpal.ai\/pl\/cwiczenia-gramatyczne-z-jezyka-portugalskiego\/#breadcrumb"},"inLanguage":"pl-PL","potentialAction":[{"@type":"ReadAction","target":["https:\/\/talkpal.ai\/pl\/cwiczenia-gramatyczne-z-jezyka-portugalskiego\/"]}]},{"@type":"ImageObject","inLanguage":"pl-PL","@id":"https:\/\/talkpal.ai\/pl\/cwiczenia-gramatyczne-z-jezyka-portugalskiego\/#primaryimage","url":"https:\/\/talkpal.ai\/wp-content\/uploads\/2023\/04\/portugal.png","contentUrl":"https:\/\/talkpal.ai\/wp-content\/uploads\/2023\/04\/portugal.png","width":512,"height":512},{"@type":"BreadcrumbList","@id":"https:\/\/talkpal.ai\/pl\/cwiczenia-gramatyczne-z-jezyka-portugalskiego\/#breadcrumb","itemListElement":[{"@type":"ListItem","position":1,"name":"Homepage","item":"https:\/\/talkpal.ai\/pl\/"},{"@type":"ListItem","position":2,"name":"\u0106wiczenia gramatyczne z j\u0119zyka portugalskiego"}]},{"@type":"WebSite","@id":"https:\/\/talkpal.ai\/pl\/#website","url":"https:\/\/talkpal.ai\/pl\/","name":"Talkpal","description":"AI Language Learning","publisher":{"@id":"https:\/\/talkpal.ai\/pl\/#organization"},"alternateName":"Talkpal AI","potentialAction":[{"@type":"SearchAction","target":{"@type":"EntryPoint","urlTemplate":"https:\/\/talkpal.ai\/pl\/?s={search_term_string}"},"query-input":{"@type":"PropertyValueSpecification","valueRequired":true,"valueName":"search_term_string"}}],"inLanguage":"pl-PL"},{"@type":"Organization","@id":"https:\/\/talkpal.ai\/pl\/#organization","name":"Talkpal, Inc.","alternateName":"Talkpal AI","url":"https:\/\/talkpal.ai\/pl\/","logo":{"@type":"ImageObject","inLanguage":"pl-PL","@id":"https:\/\/talkpal.ai\/pl\/#\/schema\/logo\/image\/","url":"https:\/\/talkpal.ai\/wp-content\/uploads\/2024\/03\/Talkpal-Logo-Icon.png","contentUrl":"https:\/\/talkpal.ai\/wp-content\/uploads\/2024\/03\/Talkpal-Logo-Icon.png","width":2880,"height":2880,"caption":"Talkpal, Inc."},"image":{"@id":"https:\/\/talkpal.ai\/pl\/#\/schema\/logo\/image\/"},"sameAs":["https:\/\/www.facebook.com\/profile.php?id=100090733639311","https:\/\/x.com\/talkpalai","https:\/\/www.linkedin.com\/company\/talkpal\/","https:\/\/www.youtube.com\/@TalkPal\/","https:\/\/www.tiktok.com\/@talkpal","https:\/\/www.instagram.com\/talkpal_ai\/","https:\/\/www.crunchbase.com\/organization\/talkpal-9cde","https:\/\/www.g2.com\/products\/talkpal-for-business\/","https:\/\/www.trustpilot.com\/review\/talkpal.ai","https:\/\/www.capterra.com\/p\/10006800\/TalkPal\/"],"description":"Talkpal is a language learning web and mobile education app, powered by the latest AI technologies, that provides engaging experiences to its customers in many different languages to help them improve their language skills. Users can chat about unlimited amount of topics with the app and use other modes to practice their language learning.","email":"support@talkpal.ai","legalName":"Talkpal, Inc.","foundingDate":"2023-04-03","duns":"118989042","numberOfEmployees":{"@type":"QuantitativeValue","minValue":"11","maxValue":"50"},"publishingPrinciples":"https:\/\/talkpal.ai\/publishing-principles\/","actionableFeedbackPolicy":"https:\/\/talkpal.ai\/actionable-feedback-policy\/","correctionsPolicy":"https:\/\/talkpal.ai\/corrections-policy\/","ethicsPolicy":"https:\/\/talkpal.ai\/ethics-policy\/","diversityPolicy":"https:\/\/talkpal.ai\/diversity-policy\/","diversityStaffingReport":"https:\/\/talkpal.ai\/diversity-policy\/"}]}},"_links":{"self":[{"href":"https:\/\/talkpal.ai\/pl\/wp-json\/wp\/v2\/pages\/135379","targetHints":{"allow":["GET"]}}],"collection":[{"href":"https:\/\/talkpal.ai\/pl\/wp-json\/wp\/v2\/pages"}],"about":[{"href":"https:\/\/talkpal.ai\/pl\/wp-json\/wp\/v2\/types\/page"}],"author":[{"embeddable":true,"href":"https:\/\/talkpal.ai\/pl\/wp-json\/wp\/v2\/users\/6"}],"replies":[{"embeddable":true,"href":"https:\/\/talkpal.ai\/pl\/wp-json\/wp\/v2\/comments?post=135379"}],"version-history":[{"count":0,"href":"https:\/\/talkpal.ai\/pl\/wp-json\/wp\/v2\/pages\/135379\/revisions"}],"wp:featuredmedia":[{"embeddable":true,"href":"https:\/\/talkpal.ai\/pl\/wp-json\/wp\/v2\/media\/107802"}],"wp:attachment":[{"href":"https:\/\/talkpal.ai\/pl\/wp-json\/wp\/v2\/media?parent=135379"}],"curies":[{"name":"wp","href":"https:\/\/api.w.org\/{rel}","templated":true}]}}