{"id":135193,"date":"2023-06-16T10:27:33","date_gmt":"2023-06-16T10:27:33","guid":{"rendered":"http:\/\/talkpal.ai\/cwiczenia-z-gramatyki-koreanskiej\/"},"modified":"2025-12-17T16:49:20","modified_gmt":"2025-12-17T16:49:20","slug":"cwiczenia-z-gramatyki-koreanskiej","status":"publish","type":"page","link":"https:\/\/talkpal.ai\/pl\/cwiczenia-z-gramatyki-koreanskiej\/","title":{"rendered":"\u0106wiczenia z gramatyki korea\u0144skiej"},"content":{"rendered":"\r\n\r\n\r\n<section class=\"languageChallengeSection\">\r\n    <div class=\"languageInfoWrapper\">\r\n        \r\n        <h1>\u0106wiczenia z gramatyki korea\u0144skiej<\/h1>\r\n        <p>Chcesz wzmocni\u0107 swoje umiej\u0119tno\u015bci j\u0119zykowe? Skupienie si\u0119 na \u0107wiczeniach gramatycznych to \u015bwietny spos\u00f3b na opanowanie struktury zda\u0144, ko\u0144c\u00f3wek czasownik\u00f3w i codziennych zwrot\u00f3w. Zanurz si\u0119 i regularnie \u0107wicz korea\u0144sk\u0105 gramatyk\u0119 &#8211; ka\u017cde \u0107wiczenie przybli\u017ca Ci\u0119 do naturalnej, pewnej siebie komunikacji. Zacznij ju\u017c dzi\u015b i obserwuj, jak Twoje korea\u0144skie umiej\u0119tno\u015bci rosn\u0105 krok po kroku!<\/p>\r\n\r\n                            <a class=\"getStartedHidden\" href=\"https:\/\/app.talkpal.ai\/pl\/signup?lng=\">Zaczynaj<\/a>\r\n        \r\n    <\/div>\r\n\r\n    <figure>\r\n    <img decoding=\"async\" width=\"768\" height=\"768\" src=\"https:\/\/talkpal.ai\/wp-content\/uploads\/2023\/06\/korean-768x768.png\" class=\"languageImage no-lazy\" alt=\"Line-by-line learning for language acquisition\" fetchpriority=\"high\" sizes=\"(max-width: 768px) 150px, 768px\" srcset=\"https:\/\/talkpal.ai\/wp-content\/uploads\/2023\/06\/korean-768x768.png 768w, https:\/\/talkpal.ai\/wp-content\/uploads\/2023\/06\/korean-300x300.png 300w\" \/>\r\n    \r\n\r\n    <\/figure>\r\n\r\n            <a class=\"getStartedVisible\" href=\"https:\/\/app.talkpal.ai\/pl\/signup?lng=\">Zaczynaj<\/a>\r\n    \r\n<\/section>\r\n\r\n\r\n<!-- <section class=\"grammarSection\">\r\n    <div class=\"grammarLinks\">\r\n            <\/div>\r\n<\/section> -->\r\n\r\n\r\n\r\n\r\n<section class=\"promotionalBanner\">\r\n    <p class=\"promotionalText\">Najbardziej efektywny spos\u00f3b nauki j\u0119zyka<\/p>\r\n    <a class=\"promotionalLink\" href=\"https:\/\/app.talkpal.ai\/pl\/signup?lng=\">Wypr\u00f3buj Talkpal za darmo<\/a>\r\n<\/section>\n<div class=\"wp-block-group pageContainerStyle\"><div class=\"wp-block-group__inner-container is-layout-constrained wp-block-group-is-layout-constrained\">\n<h2 class=\"wp-block-heading\" id=\"h-korean-grammar-topics\">Zagadnienia gramatyczne j\u0119zyka korea\u0144skiego<\/h2>\n\n\n\n<p><a href=\"https:\/\/talkpal.ai\/pl\/nauka-koreanskiego-szybki-start-i-skuteczne-metody\/\">Nauka korea\u0144skiego<\/a> mo\u017ce by\u0107 ekscytuj\u0105cym i satysfakcjonuj\u0105cym do\u015bwiadczeniem, poniewa\u017c otwiera nowe mo\u017cliwo\u015bci kulturowe i zawodowe. J\u0119zyk <a href=\"https:\/\/talkpal.ai\/learn-korean\/\">korea\u0144ski<\/a> ma bogat\u0105 histori\u0119 i pos\u0142uguj\u0105 si\u0119 nim miliony ludzi na ca\u0142ym <a href=\"https:\/\/talkpal.ai\/locations\/language-courses-in-swiecie\/\">\u015bwiecie<\/a>. Jednym z kluczowych aspekt\u00f3w nauki ka\u017cdego j\u0119zyka jest zrozumienie jego gramatyki. W przypadku j\u0119zyka korea\u0144skiego <a href=\"https:\/\/talkpal.ai\/grammar\/\">gramatyka<\/a> jest zupe\u0142nie inna ni\u017c w wielu j\u0119zykach zachodnich, ale przy odpowiednim podej\u015bciu mo\u017cna j\u0105 systematycznie przyswaja\u0107. W tym artykule om\u00f3wimy r\u00f3\u017cne tematy gramatyki korea\u0144skiej, w tym czasy, czasowniki, rzeczowniki, rodzajniki, zaimki, przymiotniki, przys\u0142\u00f3wki, przyimki i struktur\u0119 zda\u0144. Rozumiej\u0105c i opanowuj\u0105c te poj\u0119cia, b\u0119dziesz na dobrej drodze do osi\u0105gni\u0119cia bieg\u0142o\u015bci w j\u0119zyku korea\u0144skim.<\/p>\n\n\n\n<h3 class=\"wp-block-heading\" id=\"h-1-nouns\">1. Rzeczowniki:<\/h3>\n\n\n\n<p>W j\u0119zyku korea\u0144skim rzeczowniki s\u0105 niezb\u0119dnymi elementami sk\u0142adowymi zda\u0144. Reprezentuj\u0105 ludzi, miejsca, rzeczy lub idee. Korea\u0144skie rzeczowniki nie maj\u0105 rozr\u00f3\u017cnienia mi\u0119dzy p\u0142ciami ani liczbami, co czyni je stosunkowo \u0142atwymi do nauczenia. Zapoznanie si\u0119 z popularnymi korea\u0144skimi rzeczownikami pomo\u017ce Ci zbudowa\u0107 silne podstawy s\u0142ownictwa.<\/p>\n\n\n\n<h3 class=\"wp-block-heading\" id=\"h-2-verbs\">2. Czasowniki:<\/h3>\n\n\n\n<p>Czasowniki korea\u0144skie maj\u0105 kluczowe znaczenie dla przekazywania dzia\u0142a\u0144 i stan\u00f3w bycia. Zwykle pojawiaj\u0105 si\u0119 na ko\u0144cu zdania i maj\u0105 r\u00f3\u017cne formy w zale\u017cno\u015bci od poziomu czasu i grzeczno\u015bci. Zrozumienie zasad koniugacji dla r\u00f3\u017cnych form czasownik\u00f3w jest niezb\u0119dne do skutecznej komunikacji w j\u0119zyku korea\u0144skim.<\/p>\n\n\n\n<h3 class=\"wp-block-heading\" id=\"h-3-adjectives\">3. Przymiotniki:<\/h3>\n\n\n\n<p>W j\u0119zyku korea\u0144skim przymiotniki s\u0105 u\u017cywane do opisywania rzeczownik\u00f3w i maj\u0105 podobne zasady koniugacji do czasownik\u00f3w. Mog\u0105 by\u0107 u\u017cywane przed lub po rzeczowniku, a ich forma mo\u017ce si\u0119 zmienia\u0107 w zale\u017cno\u015bci od poziomu czasu i grzeczno\u015bci. Nauka popularnych przymiotnik\u00f3w i ich u\u017cycia zwi\u0119kszy Twoje umiej\u0119tno\u015bci opisowe w j\u0119zyku korea\u0144skim.<\/p>\n\n\n\n<h3 class=\"wp-block-heading\" id=\"h-4-adverbs\">4. Przys\u0142\u00f3wki:<\/h3>\n\n\n\n<p>Przys\u0142\u00f3wki w j\u0119zyku korea\u0144skim dostarczaj\u0105 dodatkowych informacji o czasownikach, przymiotnikach lub innych przys\u0142\u00f3wkach. Zwykle wyst\u0119puj\u0105 przed s\u0142owem, kt\u00f3re modyfikuj\u0105 i nie maj\u0105 okre\u015blonych zasad koniugacji. W\u0142\u0105czenie przys\u0142\u00f3wk\u00f3w do korea\u0144skich zda\u0144 mo\u017ce doda\u0107 g\u0142\u0119bi i niuans\u00f3w do Twojej ekspresji.<\/p>\n\n\n\n<h3 class=\"wp-block-heading\" id=\"h-5-pronouns\">5. Zaimki:<\/h3>\n\n\n\n<p>Zaimki korea\u0144skie pomagaj\u0105 unikn\u0105\u0107 redundancji i sprawiaj\u0105, \u017ce zdania s\u0105 bardziej zwi\u0119z\u0142e. Zast\u0119puj\u0105 rzeczowniki, kt\u00f3re zosta\u0142y ju\u017c wspomniane lub s\u0105 rozumiane w kontek\u015bcie. Korea\u0144skie zaimki maj\u0105 r\u00f3\u017cne formy w zale\u017cno\u015bci od statusu spo\u0142ecznego i p\u0142ci podmiotu, co czyni je wa\u017cnym aspektem j\u0119zyka do opanowania.<\/p>\n\n\n\n<h3 class=\"wp-block-heading\" id=\"h-6-prepositions\">6. Przyimki:<\/h3>\n\n\n\n<p>W j\u0119zyku korea\u0144skim przyimki s\u0105 u\u017cywane do wyra\u017cania relacji mi\u0119dzy rzeczownikami w zdaniu, takich jak lokalizacja, kierunek lub posiadanie. W przeciwie\u0144stwie do angielskiego, korea\u0144skie przyimki zwykle wyst\u0119puj\u0105 po rzeczowniku, kt\u00f3ry modyfikuj\u0105, tworz\u0105c pojedyncz\u0105 jednostk\u0119 zwan\u0105 fraz\u0105 postpozycyjn\u0105. Zrozumienie poprawnego u\u017cycia tych partyku\u0142ek ma kluczowe znaczenie dla konstruowania sp\u00f3jnych zda\u0144 korea\u0144skich.<\/p>\n\n\n\n<h3 class=\"wp-block-heading\" id=\"h-7-sentence-structure\">7. Struktura zdania:<\/h3>\n\n\n\n<p>Podstawow\u0105 struktur\u0105 zdania korea\u0144skiego jest podmiot-dope\u0142nienie-czasownik (SOV). Oznacza to, \u017ce czasownik zazwyczaj pojawia si\u0119 na ko\u0144cu zdania, co mo\u017ce by\u0107 znacz\u0105c\u0105 zmian\u0105 dla os\u00f3b angloj\u0119zycznych. Nauka prawid\u0142owego szyku wyraz\u00f3w i struktury zda\u0144 pozwoli Ci skuteczniej komunikowa\u0107 si\u0119 po korea\u0144sku.<\/p>\n\n\n\n<h3 class=\"wp-block-heading\" id=\"h-8-tenses-indicative-and-subjunctive\">8. Czasy oznajmuj\u0105ce i \u0142\u0105cz\u0105ce:<\/h3>\n\n\n\n<p><a href=\"https:\/\/talkpal.ai\/learn-korean\/\">Korea\u0144ski<\/a> ma r\u00f3\u017cne formy czasownik\u00f3w do wyra\u017cania przesz\u0142ych, obecnych i przysz\u0142ych dzia\u0142a\u0144 lub stan\u00f3w. Tryb oznajmuj\u0105cy jest u\u017cywany do stwierdze\u0144 fakt\u00f3w, podczas gdy tryb \u0142\u0105cz\u0105cy przekazuje niepewno\u015b\u0107, mo\u017cliwo\u015b\u0107 lub hipotetyczne sytuacje. Prawid\u0142owe rozpoznawanie i u\u017cywanie tych form czasownik\u00f3w jest niezb\u0119dne do jasnej komunikacji w j\u0119zyku korea\u0144skim.<\/p>\n\n\n\n<h3 class=\"wp-block-heading\" id=\"h-9-tense-comparison\">9. Por\u00f3wnanie czas\u00f3w:<\/h3>\n\n\n\n<p>Por\u00f3wnywanie wydarze\u0144 w r\u00f3\u017cnych ramach czasowych wymaga zrozumienia niuans\u00f3w koniugacji korea\u0144skich czasownik\u00f3w. Ucz\u0105c si\u0119, jak por\u00f3wnywa\u0107 przesz\u0142e, tera\u017aniejsze i przysz\u0142e wydarzenia za pomoc\u0105 odpowiednich form czasownik\u00f3w, mo\u017cesz przekaza\u0107 z\u0142o\u017cone idee i relacje w j\u0119zyku korea\u0144skim.<\/p>\n\n\n\n<h3 class=\"wp-block-heading\" id=\"h-10-articles\">10. Artyku\u0142y:<\/h3>\n\n\n\n<p>W przeciwie\u0144stwie do angielskiego, korea\u0144ski nie ma rodzajnik\u00f3w okre\u015blonych ani nieokre\u015blonych. Zamiast tego j\u0119zyk opiera si\u0119 na kontek\u015bcie i u\u017cyciu okre\u015blonych cz\u0105stek, aby przekaza\u0107 okre\u015blono\u015b\u0107 lub nieokre\u015blono\u015b\u0107 rzeczownika. Opanowanie tych cz\u0105stek pozwoli Ci dok\u0142adniej wyrazi\u0107 siebie po korea\u0144sku.<\/p>\n<\/div><\/div>\n\r\n<section class=\"learnNavigationSection\">\r\n            \r\n        <a href=\"https:\/\/talkpal.ai\/pl\/naucz-sie-koreanskiego\/\">\r\n            <div class=\"learnNavigationWrapper\">\r\n                <div class=\"learnNavigationContent\">\r\n                    <img decoding=\"async\" src=\"https:\/\/talkpal.ai\/wp-content\/uploads\/2024\/08\/Korean.jpg\" alt=\"Korean Flag\">\r\n                    <div>\r\n                        <h4>O nauce korea\u0144skiego<\/h4>\r\n                        <p>Dowiedz si\u0119 wszystkiego o gramatyce korea\u0144skiej.<\/p>\r\n                    <\/div>\r\n                <\/div>\r\n            <\/div>\r\n        <\/a>\r\n\r\n        \r\n        <a href=\"https:\/\/talkpal.ai\/pl\/gramatyka-koreanska\/\">\r\n            <div class=\"learnNavigationWrapper\">\r\n                <div class=\"learnNavigationContent\">\r\n                    <img decoding=\"async\" src=\"https:\/\/talkpal.ai\/wp-content\/uploads\/2024\/08\/Korean.jpg\" alt=\"Korean Flag\">\r\n                    <div>\r\n                        <h4>Lekcje gramatyki j\u0119zyka korea\u0144skiego<\/h4>\r\n                        <p>\u0106wicz gramatyk\u0119 korea\u0144sk\u0105.<\/p>\r\n                    <\/div>\r\n                <\/div>\r\n            <\/div>\r\n        <\/a>\r\n\r\n        \r\n        <a href=\"https:\/\/talkpal.ai\/vocabulary_language\/korean\/\">\r\n            <div class=\"learnNavigationWrapper\">\r\n                <div class=\"learnNavigationContent\">\r\n                    <img decoding=\"async\" src=\"https:\/\/talkpal.ai\/wp-content\/uploads\/2024\/08\/Korean.jpg\" alt=\"Korean Flag\">\r\n                    <div>\r\n                        <h4>S\u0142ownictwo korea\u0144skie<\/h4>\r\n                        <p>Poszerz swoje korea\u0144skie s\u0142ownictwo.<\/p>\r\n                    <\/div>\r\n                <\/div>\r\n            <\/div>\r\n        <\/a>\r\n\r\n            <\/section>","protected":false},"excerpt":{"rendered":"<p>Zagadnienia gramatyczne j\u0119zyka korea\u0144skiego Nauka korea\u0144skiego mo\u017ce by\u0107 ekscytuj\u0105cym i satysfakcjonuj\u0105cym do\u015bwiadczeniem, poniewa\u017c otwiera nowe mo\u017cliwo\u015bci kulturowe i zawodowe. J\u0119zyk korea\u0144ski ma bogat\u0105 histori\u0119 i pos\u0142uguj\u0105 si\u0119 nim miliony ludzi na ca\u0142ym \u015bwiecie. Jednym z kluczowych aspekt\u00f3w nauki ka\u017cdego j\u0119zyka jest zrozumienie jego gramatyki. W przypadku j\u0119zyka korea\u0144skiego gramatyka jest zupe\u0142nie inna ni\u017c w wielu [&hellip;]<\/p>\n","protected":false},"author":6,"featured_media":107576,"parent":0,"menu_order":0,"comment_status":"closed","ping_status":"closed","template":"LearningContentPage.php","meta":{"_acf_changed":false,"footnotes":""},"class_list":["post-135193","page","type-page","status-publish","has-post-thumbnail","hentry"],"acf":[],"yoast_head":"<!-- This site is optimized with the Yoast SEO Premium plugin v27.2 (Yoast SEO v27.2) - https:\/\/yoast.com\/product\/yoast-seo-premium-wordpress\/ -->\n<title>\u0106wiczenia z gramatyki korea\u0144skiej - Talkpal<\/title>\n<meta name=\"description\" content=\"Popraw swoj\u0105 gramatyk\u0119 korea\u0144sk\u0105 z \u0142atwo\u015bci\u0105 - \u0107wicz dzi\u0119ki interaktywnym \u0107wiczeniom, opanuj wzorce j\u0119zykowe i buduj pewno\u015b\u0107 siebie\" \/>\n<meta name=\"robots\" content=\"index, follow, max-snippet:-1, max-image-preview:large, max-video-preview:-1\" \/>\n<link rel=\"canonical\" href=\"https:\/\/talkpal.ai\/pl\/cwiczenia-z-gramatyki-koreanskiej\/\" \/>\n<meta property=\"og:locale\" content=\"pl_PL\" \/>\n<meta property=\"og:type\" content=\"article\" \/>\n<meta property=\"og:title\" content=\"\u0106wiczenia z gramatyki korea\u0144skiej\" \/>\n<meta property=\"og:description\" content=\"Zagadnienia gramatyczne j\u0119zyka korea\u0144skiego Nauka korea\u0144skiego mo\u017ce by\u0107 ekscytuj\u0105cym i satysfakcjonuj\u0105cym do\u015bwiadczeniem, poniewa\u017c otwiera nowe mo\u017cliwo\u015bci\" \/>\n<meta property=\"og:url\" content=\"https:\/\/talkpal.ai\/pl\/cwiczenia-z-gramatyki-koreanskiej\/\" \/>\n<meta property=\"og:site_name\" content=\"Talkpal\" \/>\n<meta property=\"article:publisher\" content=\"https:\/\/www.facebook.com\/profile.php?id=100090733639311\" \/>\n<meta property=\"article:modified_time\" content=\"2025-12-17T16:49:20+00:00\" \/>\n<meta property=\"og:image\" content=\"https:\/\/talkpal.ai\/wp-content\/uploads\/2023\/04\/south-korea.png\" \/>\n\t<meta property=\"og:image:width\" content=\"512\" \/>\n\t<meta property=\"og:image:height\" content=\"512\" \/>\n\t<meta property=\"og:image:type\" content=\"image\/png\" \/>\n<meta name=\"twitter:card\" content=\"summary_large_image\" \/>\n<meta name=\"twitter:site\" content=\"@talkpalai\" \/>\n<meta name=\"twitter:label1\" content=\"Szacowany czas czytania\" \/>\n\t<meta name=\"twitter:data1\" content=\"4 minuty\" \/>\n<script type=\"application\/ld+json\" class=\"yoast-schema-graph\">{\"@context\":\"https:\/\/schema.org\",\"@graph\":[{\"@type\":\"WebPage\",\"@id\":\"https:\/\/talkpal.ai\/pl\/cwiczenia-z-gramatyki-koreanskiej\/\",\"url\":\"https:\/\/talkpal.ai\/pl\/cwiczenia-z-gramatyki-koreanskiej\/\",\"name\":\"\u0106wiczenia z gramatyki korea\u0144skiej - Talkpal\",\"isPartOf\":{\"@id\":\"https:\/\/talkpal.ai\/pl\/#website\"},\"primaryImageOfPage\":{\"@id\":\"https:\/\/talkpal.ai\/pl\/cwiczenia-z-gramatyki-koreanskiej\/#primaryimage\"},\"image\":{\"@id\":\"https:\/\/talkpal.ai\/pl\/cwiczenia-z-gramatyki-koreanskiej\/#primaryimage\"},\"thumbnailUrl\":\"https:\/\/talkpal.ai\/wp-content\/uploads\/2023\/04\/south-korea.png\",\"datePublished\":\"2023-06-16T10:27:33+00:00\",\"dateModified\":\"2025-12-17T16:49:20+00:00\",\"description\":\"Popraw swoj\u0105 gramatyk\u0119 korea\u0144sk\u0105 z \u0142atwo\u015bci\u0105 - \u0107wicz dzi\u0119ki interaktywnym \u0107wiczeniom, opanuj wzorce j\u0119zykowe i buduj pewno\u015b\u0107 siebie\",\"breadcrumb\":{\"@id\":\"https:\/\/talkpal.ai\/pl\/cwiczenia-z-gramatyki-koreanskiej\/#breadcrumb\"},\"inLanguage\":\"pl-PL\",\"potentialAction\":[{\"@type\":\"ReadAction\",\"target\":[\"https:\/\/talkpal.ai\/pl\/cwiczenia-z-gramatyki-koreanskiej\/\"]}]},{\"@type\":\"ImageObject\",\"inLanguage\":\"pl-PL\",\"@id\":\"https:\/\/talkpal.ai\/pl\/cwiczenia-z-gramatyki-koreanskiej\/#primaryimage\",\"url\":\"https:\/\/talkpal.ai\/wp-content\/uploads\/2023\/04\/south-korea.png\",\"contentUrl\":\"https:\/\/talkpal.ai\/wp-content\/uploads\/2023\/04\/south-korea.png\",\"width\":512,\"height\":512},{\"@type\":\"BreadcrumbList\",\"@id\":\"https:\/\/talkpal.ai\/pl\/cwiczenia-z-gramatyki-koreanskiej\/#breadcrumb\",\"itemListElement\":[{\"@type\":\"ListItem\",\"position\":1,\"name\":\"Homepage\",\"item\":\"https:\/\/talkpal.ai\/pl\/\"},{\"@type\":\"ListItem\",\"position\":2,\"name\":\"\u0106wiczenia z gramatyki korea\u0144skiej\"}]},{\"@type\":\"WebSite\",\"@id\":\"https:\/\/talkpal.ai\/pl\/#website\",\"url\":\"https:\/\/talkpal.ai\/pl\/\",\"name\":\"Talkpal\",\"description\":\"AI Language Learning\",\"publisher\":{\"@id\":\"https:\/\/talkpal.ai\/pl\/#organization\"},\"alternateName\":\"Talkpal AI\",\"potentialAction\":[{\"@type\":\"SearchAction\",\"target\":{\"@type\":\"EntryPoint\",\"urlTemplate\":\"https:\/\/talkpal.ai\/pl\/?s={search_term_string}\"},\"query-input\":{\"@type\":\"PropertyValueSpecification\",\"valueRequired\":true,\"valueName\":\"search_term_string\"}}],\"inLanguage\":\"pl-PL\"},{\"@type\":\"Organization\",\"@id\":\"https:\/\/talkpal.ai\/pl\/#organization\",\"name\":\"Talkpal, Inc.\",\"alternateName\":\"Talkpal AI\",\"url\":\"https:\/\/talkpal.ai\/pl\/\",\"logo\":{\"@type\":\"ImageObject\",\"inLanguage\":\"pl-PL\",\"@id\":\"https:\/\/talkpal.ai\/pl\/#\/schema\/logo\/image\/\",\"url\":\"https:\/\/talkpal.ai\/wp-content\/uploads\/2024\/03\/Talkpal-Logo-Icon.png\",\"contentUrl\":\"https:\/\/talkpal.ai\/wp-content\/uploads\/2024\/03\/Talkpal-Logo-Icon.png\",\"width\":2880,\"height\":2880,\"caption\":\"Talkpal, Inc.\"},\"image\":{\"@id\":\"https:\/\/talkpal.ai\/pl\/#\/schema\/logo\/image\/\"},\"sameAs\":[\"https:\/\/www.facebook.com\/profile.php?id=100090733639311\",\"https:\/\/x.com\/talkpalai\",\"https:\/\/www.linkedin.com\/company\/talkpal\/\",\"https:\/\/www.youtube.com\/@TalkPal\/\",\"https:\/\/www.tiktok.com\/@talkpal\",\"https:\/\/www.instagram.com\/talkpal_ai\/\",\"https:\/\/www.crunchbase.com\/organization\/talkpal-9cde\",\"https:\/\/www.g2.com\/products\/talkpal-for-business\/\",\"https:\/\/www.trustpilot.com\/review\/talkpal.ai\",\"https:\/\/www.capterra.com\/p\/10006800\/TalkPal\/\"],\"description\":\"Talkpal is a language learning web and mobile education app, powered by the latest AI technologies, that provides engaging experiences to its customers in many different languages to help them improve their language skills. Users can chat about unlimited amount of topics with the app and use other modes to practice their language learning.\",\"email\":\"support@talkpal.ai\",\"legalName\":\"Talkpal, Inc.\",\"foundingDate\":\"2023-04-03\",\"duns\":\"118989042\",\"numberOfEmployees\":{\"@type\":\"QuantitativeValue\",\"minValue\":\"11\",\"maxValue\":\"50\"},\"publishingPrinciples\":\"https:\/\/talkpal.ai\/publishing-principles\/\",\"actionableFeedbackPolicy\":\"https:\/\/talkpal.ai\/actionable-feedback-policy\/\",\"correctionsPolicy\":\"https:\/\/talkpal.ai\/corrections-policy\/\",\"ethicsPolicy\":\"https:\/\/talkpal.ai\/ethics-policy\/\",\"diversityPolicy\":\"https:\/\/talkpal.ai\/diversity-policy\/\",\"diversityStaffingReport\":\"https:\/\/talkpal.ai\/diversity-policy\/\"}]}<\/script>\n<!-- \/ Yoast SEO Premium plugin. -->","yoast_head_json":{"title":"\u0106wiczenia z gramatyki korea\u0144skiej - Talkpal","description":"Popraw swoj\u0105 gramatyk\u0119 korea\u0144sk\u0105 z \u0142atwo\u015bci\u0105 - \u0107wicz dzi\u0119ki interaktywnym \u0107wiczeniom, opanuj wzorce j\u0119zykowe i buduj pewno\u015b\u0107 siebie","robots":{"index":"index","follow":"follow","max-snippet":"max-snippet:-1","max-image-preview":"max-image-preview:large","max-video-preview":"max-video-preview:-1"},"canonical":"https:\/\/talkpal.ai\/pl\/cwiczenia-z-gramatyki-koreanskiej\/","og_locale":"pl_PL","og_type":"article","og_title":"\u0106wiczenia z gramatyki korea\u0144skiej","og_description":"Zagadnienia gramatyczne j\u0119zyka korea\u0144skiego Nauka korea\u0144skiego mo\u017ce by\u0107 ekscytuj\u0105cym i satysfakcjonuj\u0105cym do\u015bwiadczeniem, poniewa\u017c otwiera nowe mo\u017cliwo\u015bci","og_url":"https:\/\/talkpal.ai\/pl\/cwiczenia-z-gramatyki-koreanskiej\/","og_site_name":"Talkpal","article_publisher":"https:\/\/www.facebook.com\/profile.php?id=100090733639311","article_modified_time":"2025-12-17T16:49:20+00:00","og_image":[{"width":512,"height":512,"url":"https:\/\/talkpal.ai\/wp-content\/uploads\/2023\/04\/south-korea.png","type":"image\/png"}],"twitter_card":"summary_large_image","twitter_site":"@talkpalai","twitter_misc":{"Szacowany czas czytania":"4 minuty"},"schema":{"@context":"https:\/\/schema.org","@graph":[{"@type":"WebPage","@id":"https:\/\/talkpal.ai\/pl\/cwiczenia-z-gramatyki-koreanskiej\/","url":"https:\/\/talkpal.ai\/pl\/cwiczenia-z-gramatyki-koreanskiej\/","name":"\u0106wiczenia z gramatyki korea\u0144skiej - Talkpal","isPartOf":{"@id":"https:\/\/talkpal.ai\/pl\/#website"},"primaryImageOfPage":{"@id":"https:\/\/talkpal.ai\/pl\/cwiczenia-z-gramatyki-koreanskiej\/#primaryimage"},"image":{"@id":"https:\/\/talkpal.ai\/pl\/cwiczenia-z-gramatyki-koreanskiej\/#primaryimage"},"thumbnailUrl":"https:\/\/talkpal.ai\/wp-content\/uploads\/2023\/04\/south-korea.png","datePublished":"2023-06-16T10:27:33+00:00","dateModified":"2025-12-17T16:49:20+00:00","description":"Popraw swoj\u0105 gramatyk\u0119 korea\u0144sk\u0105 z \u0142atwo\u015bci\u0105 - \u0107wicz dzi\u0119ki interaktywnym \u0107wiczeniom, opanuj wzorce j\u0119zykowe i buduj pewno\u015b\u0107 siebie","breadcrumb":{"@id":"https:\/\/talkpal.ai\/pl\/cwiczenia-z-gramatyki-koreanskiej\/#breadcrumb"},"inLanguage":"pl-PL","potentialAction":[{"@type":"ReadAction","target":["https:\/\/talkpal.ai\/pl\/cwiczenia-z-gramatyki-koreanskiej\/"]}]},{"@type":"ImageObject","inLanguage":"pl-PL","@id":"https:\/\/talkpal.ai\/pl\/cwiczenia-z-gramatyki-koreanskiej\/#primaryimage","url":"https:\/\/talkpal.ai\/wp-content\/uploads\/2023\/04\/south-korea.png","contentUrl":"https:\/\/talkpal.ai\/wp-content\/uploads\/2023\/04\/south-korea.png","width":512,"height":512},{"@type":"BreadcrumbList","@id":"https:\/\/talkpal.ai\/pl\/cwiczenia-z-gramatyki-koreanskiej\/#breadcrumb","itemListElement":[{"@type":"ListItem","position":1,"name":"Homepage","item":"https:\/\/talkpal.ai\/pl\/"},{"@type":"ListItem","position":2,"name":"\u0106wiczenia z gramatyki korea\u0144skiej"}]},{"@type":"WebSite","@id":"https:\/\/talkpal.ai\/pl\/#website","url":"https:\/\/talkpal.ai\/pl\/","name":"Talkpal","description":"AI Language Learning","publisher":{"@id":"https:\/\/talkpal.ai\/pl\/#organization"},"alternateName":"Talkpal AI","potentialAction":[{"@type":"SearchAction","target":{"@type":"EntryPoint","urlTemplate":"https:\/\/talkpal.ai\/pl\/?s={search_term_string}"},"query-input":{"@type":"PropertyValueSpecification","valueRequired":true,"valueName":"search_term_string"}}],"inLanguage":"pl-PL"},{"@type":"Organization","@id":"https:\/\/talkpal.ai\/pl\/#organization","name":"Talkpal, Inc.","alternateName":"Talkpal AI","url":"https:\/\/talkpal.ai\/pl\/","logo":{"@type":"ImageObject","inLanguage":"pl-PL","@id":"https:\/\/talkpal.ai\/pl\/#\/schema\/logo\/image\/","url":"https:\/\/talkpal.ai\/wp-content\/uploads\/2024\/03\/Talkpal-Logo-Icon.png","contentUrl":"https:\/\/talkpal.ai\/wp-content\/uploads\/2024\/03\/Talkpal-Logo-Icon.png","width":2880,"height":2880,"caption":"Talkpal, Inc."},"image":{"@id":"https:\/\/talkpal.ai\/pl\/#\/schema\/logo\/image\/"},"sameAs":["https:\/\/www.facebook.com\/profile.php?id=100090733639311","https:\/\/x.com\/talkpalai","https:\/\/www.linkedin.com\/company\/talkpal\/","https:\/\/www.youtube.com\/@TalkPal\/","https:\/\/www.tiktok.com\/@talkpal","https:\/\/www.instagram.com\/talkpal_ai\/","https:\/\/www.crunchbase.com\/organization\/talkpal-9cde","https:\/\/www.g2.com\/products\/talkpal-for-business\/","https:\/\/www.trustpilot.com\/review\/talkpal.ai","https:\/\/www.capterra.com\/p\/10006800\/TalkPal\/"],"description":"Talkpal is a language learning web and mobile education app, powered by the latest AI technologies, that provides engaging experiences to its customers in many different languages to help them improve their language skills. Users can chat about unlimited amount of topics with the app and use other modes to practice their language learning.","email":"support@talkpal.ai","legalName":"Talkpal, Inc.","foundingDate":"2023-04-03","duns":"118989042","numberOfEmployees":{"@type":"QuantitativeValue","minValue":"11","maxValue":"50"},"publishingPrinciples":"https:\/\/talkpal.ai\/publishing-principles\/","actionableFeedbackPolicy":"https:\/\/talkpal.ai\/actionable-feedback-policy\/","correctionsPolicy":"https:\/\/talkpal.ai\/corrections-policy\/","ethicsPolicy":"https:\/\/talkpal.ai\/ethics-policy\/","diversityPolicy":"https:\/\/talkpal.ai\/diversity-policy\/","diversityStaffingReport":"https:\/\/talkpal.ai\/diversity-policy\/"}]}},"_links":{"self":[{"href":"https:\/\/talkpal.ai\/pl\/wp-json\/wp\/v2\/pages\/135193","targetHints":{"allow":["GET"]}}],"collection":[{"href":"https:\/\/talkpal.ai\/pl\/wp-json\/wp\/v2\/pages"}],"about":[{"href":"https:\/\/talkpal.ai\/pl\/wp-json\/wp\/v2\/types\/page"}],"author":[{"embeddable":true,"href":"https:\/\/talkpal.ai\/pl\/wp-json\/wp\/v2\/users\/6"}],"replies":[{"embeddable":true,"href":"https:\/\/talkpal.ai\/pl\/wp-json\/wp\/v2\/comments?post=135193"}],"version-history":[{"count":0,"href":"https:\/\/talkpal.ai\/pl\/wp-json\/wp\/v2\/pages\/135193\/revisions"}],"wp:featuredmedia":[{"embeddable":true,"href":"https:\/\/talkpal.ai\/pl\/wp-json\/wp\/v2\/media\/107576"}],"wp:attachment":[{"href":"https:\/\/talkpal.ai\/pl\/wp-json\/wp\/v2\/media?parent=135193"}],"curies":[{"name":"wp","href":"https:\/\/api.w.org\/{rel}","templated":true}]}}