{"id":134884,"date":"2023-06-16T10:21:59","date_gmt":"2023-06-16T10:21:59","guid":{"rendered":"http:\/\/talkpal.ai\/cwiczenia-z-gramatyki-japonskiej\/"},"modified":"2025-12-17T16:55:56","modified_gmt":"2025-12-17T16:55:56","slug":"cwiczenia-z-gramatyki-japonskiej","status":"publish","type":"page","link":"https:\/\/talkpal.ai\/pl\/cwiczenia-z-gramatyki-japonskiej\/","title":{"rendered":"\u0106wiczenia z gramatyki japo\u0144skiej"},"content":{"rendered":"\r\n\r\n\r\n<section class=\"languageChallengeSection\">\r\n    <div class=\"languageInfoWrapper\">\r\n        \r\n        <h1>\u0106wiczenia z gramatyki japo\u0144skiej<\/h1>\r\n        <p>Gotowy, by przenie\u015b\u0107 sw\u00f3j <a href=\"https:\/\/talkpal.ai\/learn-japanese\/\">japo\u0144ski<\/a> na wy\u017cszy poziom? \u0106wiczenie gramatyki to fantastyczny spos\u00f3b na zrozumienie schemat\u00f3w zda\u0144, poprawne u\u017cywanie cz\u0105stek i poczucie si\u0119 bardziej jak w domu z j\u0119zykiem. Wskocz, wypr\u00f3buj nowe punkty gramatyczne i zobacz, jak ka\u017cde \u0107wiczenie przybli\u017ca Ci\u0119 do p\u0142ynno\u015bci &#8211; zacznij \u0107wiczy\u0107 japo\u0144sk\u0105 gramatyk\u0119 ju\u017c dzi\u015b!<\/p>\r\n\r\n                            <a class=\"getStartedHidden\" href=\"https:\/\/app.talkpal.ai\/pl\/signup?lng=\">Zaczynaj<\/a>\r\n        \r\n    <\/div>\r\n\r\n    <figure>\r\n    <img decoding=\"async\" width=\"768\" height=\"768\" src=\"https:\/\/talkpal.ai\/wp-content\/uploads\/2023\/06\/japanese-768x768.png\" class=\"languageImage no-lazy\" alt=\"Language learning for world travelers\" fetchpriority=\"high\" sizes=\"(max-width: 768px) 150px, 768px\" srcset=\"https:\/\/talkpal.ai\/wp-content\/uploads\/2023\/06\/japanese-768x768.png 768w, https:\/\/talkpal.ai\/wp-content\/uploads\/2023\/06\/japanese-300x300.png 300w\" \/>\r\n    \r\n\r\n    <\/figure>\r\n\r\n            <a class=\"getStartedVisible\" href=\"https:\/\/app.talkpal.ai\/pl\/signup?lng=\">Zaczynaj<\/a>\r\n    \r\n<\/section>\r\n\r\n\r\n<!-- <section class=\"grammarSection\">\r\n    <div class=\"grammarLinks\">\r\n            <\/div>\r\n<\/section> -->\r\n\r\n\r\n\r\n\r\n<section class=\"promotionalBanner\">\r\n    <p class=\"promotionalText\">Najbardziej efektywny spos\u00f3b nauki j\u0119zyka<\/p>\r\n    <a class=\"promotionalLink\" href=\"https:\/\/app.talkpal.ai\/pl\/signup?lng=\">Wypr\u00f3buj Talkpal za darmo<\/a>\r\n<\/section>\n<div class=\"wp-block-group pageContainerStyle\"><div class=\"wp-block-group__inner-container is-layout-constrained wp-block-group-is-layout-constrained\">\n<h2 class=\"wp-block-heading\" id=\"h-japanese-grammar-topics\">Zagadnienia gramatyczne j\u0119zyka japo\u0144skiego<\/h2>\n\n\n\n<p><a href=\"https:\/\/talkpal.ai\/pl\/skuteczna-nauka-japonskiego-zacznij-mowic-po-japonsku-juz-dzis\/\">Nauka japo\u0144skiego<\/a> mo\u017ce by\u0107 ekscytuj\u0105cym i satysfakcjonuj\u0105cym do\u015bwiadczeniem, poniewa\u017c otwiera zupe\u0142nie <a href=\"https:\/\/talkpal.ai\/talkpal-new-years-discount\/\">nowy<\/a> \u015bwiat kultury, komunikacji i rozwoju osobistego. J\u0119zyk japo\u0144ski ma unikaln\u0105 struktur\u0119 i system gramatyczny, kt\u00f3ry na pocz\u0105tku mo\u017ce wydawa\u0107 si\u0119 zniech\u0119caj\u0105cy, ale mo\u017cna go opanowa\u0107 poprzez konsekwentn\u0105 praktyk\u0119 i dobrze zorganizowany plan nauki. Aby u\u0142atwi\u0107 Ci podr\u00f3\u017c do \u015bwiata j\u0119zyka japo\u0144skiego, zebrali\u015bmy najwa\u017cniejsze tematy gramatyczne w kolejno\u015bci, kt\u00f3ra pomo\u017ce Ci zbudowa\u0107 solidne podstawy i p\u0142ynnie robi\u0107 post\u0119py. Koncentruj\u0105c si\u0119 na tych elementach gramatycznych, b\u0119dziesz na dobrej drodze do osi\u0105gni\u0119cia bieg\u0142o\u015bci w j\u0119zyku japo\u0144skim.<\/p>\n\n\n\n<h3 class=\"wp-block-heading\" id=\"h-1-particles\">1. Cz\u0105stki:<\/h3>\n\n\n\n<p>Partyku\u0142y s\u0105 niezb\u0119dne w j\u0119zyku japo\u0144skim, poniewa\u017c wskazuj\u0105 zwi\u0105zek mi\u0119dzy s\u0142owami w zdaniu. Funkcjonuj\u0105 one jak przyimki i postpozycje w innych j\u0119zykach. Nauka partyku\u0142, takich jak \u306f (wa), \u304c (ga), \u3092 (wo), \u306b (ni), \u3067 (de) i \u3068 (to) pomo\u017ce Ci tworzy\u0107 podstawowe zdania i zrozumie\u0107 funkcj\u0119 ka\u017cdego s\u0142owa.<\/p>\n\n\n\n<h3 class=\"wp-block-heading\" id=\"h-2-nouns\">2. Rzeczowniki:<\/h3>\n\n\n\n<p>Zapoznanie si\u0119 z rzeczownikami pospolitymi pozwoli Ci zacz\u0105\u0107 budowa\u0107 swoje s\u0142ownictwo. Japo\u0144skie rzeczowniki nie maj\u0105 rodzaju, liczby ani rodzajnik\u00f3w, co upraszcza proces uczenia si\u0119.<\/p>\n\n\n\n<h3 class=\"wp-block-heading\" id=\"h-3-pronouns\">3. Zaimki:<\/h3>\n\n\n\n<p>Zaimki japo\u0144skie s\u0105 u\u017cywane w odniesieniu do ludzi i rzeczy. Niekt\u00f3re popularne zaimki to \u79c1 (watashi &#8211; ja), \u3042\u306a\u305f (anata &#8211; ty), \u5f7c (kare &#8211; on), \u5f7c\u5973 (kanojo &#8211; ona) i \u305d\u308c (sore &#8211; to).<\/p>\n\n\n\n<h3 class=\"wp-block-heading\" id=\"h-4-verb-conjugation\">4. Koniugacja czasownik\u00f3w:<\/h3>\n\n\n\n<p>Czasowniki japo\u0144skie maj\u0105 r\u00f3\u017cne koniugacje w zale\u017cno\u015bci od czasu, uprzejmo\u015bci i innych czynnik\u00f3w. Nauka podstawowych form czasownik\u00f3w, takich jak forma s\u0142ownikowa, forma -masu i forma -te, pomo\u017ce ci wyrazi\u0107 r\u00f3\u017cne dzia\u0142ania i stany.<\/p>\n\n\n\n<h3 class=\"wp-block-heading\" id=\"h-5-tenses\">5. Czasy:<\/h3>\n\n\n\n<p>W j\u0119zyku japo\u0144skim wyst\u0119puje czas przesz\u0142y i nieprzesz\u0142y, przy czym ten ostatni jest u\u017cywany do dzia\u0142a\u0144 tera\u017aniejszych i przysz\u0142ych. Zrozumienie, jak odmienia\u0107 czasowniki w tych czasach, pomo\u017ce ci dok\u0142adnie wyrazi\u0107 czas.<\/p>\n\n\n\n<h3 class=\"wp-block-heading\" id=\"h-6-adjectives\">6. Przymiotniki:<\/h3>\n\n\n\n<p>Japo\u0144skie przymiotniki dziel\u0105 si\u0119 na dwie grupy: i-przymiotniki i na-przymiotniki. Poznanie zasad ich koniugacji i u\u017cywania ich w zdaniach pomo\u017ce Ci opisa\u0107 przedmioty, ludzi i sytuacje.<\/p>\n\n\n\n<h3 class=\"wp-block-heading\" id=\"h-7-adverbs\">7. Przys\u0142\u00f3wki:<\/h3>\n\n\n\n<p>Przys\u0142\u00f3wki modyfikuj\u0105 czasowniki, przymiotniki i inne przys\u0142\u00f3wki, dodaj\u0105c niuanse do zda\u0144. Popularne japo\u0144skie przys\u0142\u00f3wki to \u901f\u304f (hayaku &#8211; szybko), \u3086\u3063\u304f\u308a (yukkuri &#8211; powoli) i \u3068\u3066\u3082 (totemo &#8211; bardzo).<\/p>\n\n\n\n<h3 class=\"wp-block-heading\" id=\"h-8-prepositions\">8. Przyimki:<\/h3>\n\n\n\n<p>Chocia\u017c w j\u0119zyku japo\u0144skim nie ma przyimk\u00f3w w taki sam spos\u00f3b jak w j\u0119zyku angielskim, niekt\u00f3re cz\u0105stki funkcjonuj\u0105 podobnie. Poznanie tych cz\u0105stek i ich zastosowa\u0144 pomo\u017ce ci wyrazi\u0107 relacje przestrzenne i czasowe.<\/p>\n\n\n\n<h3 class=\"wp-block-heading\" id=\"h-9-conjunctions\">9. Sp\u00f3jniki:<\/h3>\n\n\n\n<p>Sp\u00f3jniki s\u0142u\u017c\u0105 do \u0142\u0105czenia s\u0142\u00f3w, fraz i zda\u0144. Popularne japo\u0144skie sp\u00f3jniki to \u305d\u3057\u3066 (soshite &#8211; i), \u3057\u304b\u3057 (shikashi &#8211; jednak) i \u3060\u304b\u3089 (dakara &#8211; dlatego).<\/p>\n\n\n\n<h3 class=\"wp-block-heading\" id=\"h-10-sentence-structure\">10. Struktura zdania:<\/h3>\n\n\n\n<p>J\u0119zyk japo\u0144ski ma struktur\u0119 zdania podmiot-dope\u0142nienie-czasownik (SOV). Zrozumienie tej struktury i innych wzorc\u00f3w zda\u0144 pomo\u017ce Ci tworzy\u0107 dok\u0142adne i z\u0142o\u017cone zdania.<\/p>\n\n\n\n<h3 class=\"wp-block-heading\" id=\"h-11-honorifics\">11. Zwroty grzeczno\u015bciowe:<\/h3>\n\n\n\n<p>J\u0119zyk japo\u0144ski ma z\u0142o\u017cony system zwrot\u00f3w grzeczno\u015bciowych, kt\u00f3re wyra\u017caj\u0105 uprzejmo\u015b\u0107 i szacunek. Nauka podstaw mowy grzeczno\u015bciowej, takich jak u\u017cywanie \u3067\u3059 (desu) i \u307e\u3059 (masu), pomo\u017ce ci porusza\u0107 si\u0119 w sytuacjach spo\u0142ecznych.<\/p>\n\n\n\n<h3 class=\"wp-block-heading\" id=\"h-12-expressions\">12. Wyra\u017cenia:<\/h3>\n\n\n\n<p>Zapoznanie si\u0119 z popularnymi japo\u0144skimi wyra\u017ceniami i idiomami pomo\u017ce Ci brzmie\u0107 bardziej naturalnie i p\u0142ynnie w rozmowie.<\/p>\n\n\n\n<h3 class=\"wp-block-heading\" id=\"h-13-numbers\">13. Liczby:<\/h3>\n\n\n\n<p>J\u0119zyk japo\u0144ski ma unikalny system numer\u00f3w, z r\u00f3\u017cnymi licznikami dla r\u00f3\u017cnych obiekt\u00f3w. Nauka liczenia i u\u017cywania liczb w kontek\u015bcie jest niezb\u0119dna w codziennej komunikacji.<\/p>\n\n\n\n<h3 class=\"wp-block-heading\" id=\"h-14-verbs\">14. Czasowniki:<\/h3>\n\n\n\n<p>Wreszcie, poszerzenie s\u0142ownictwa czasownikowego pozwoli Ci wyrazi\u0107 szeroki zakres dzia\u0142a\u0144 i stan\u00f3w, umo\u017cliwiaj\u0105c skuteczniejsz\u0105 komunikacj\u0119 w j\u0119zyku japo\u0144skim.<\/p>\n<\/div><\/div>\n\r\n<section class=\"learnNavigationSection\">\r\n            \r\n        <a href=\"https:\/\/talkpal.ai\/pl\/naucz-sie-japonskiego\/\">\r\n            <div class=\"learnNavigationWrapper\">\r\n                <div class=\"learnNavigationContent\">\r\n                    <img decoding=\"async\" src=\"https:\/\/talkpal.ai\/wp-content\/uploads\/2024\/08\/Japanese.jpg\" alt=\"Japanese Flag\">\r\n                    <div>\r\n                        <h4>O nauce japo\u0144skiego<\/h4>\r\n                        <p>Dowiedz si\u0119 wszystkiego o gramatyce japo\u0144skiej.<\/p>\r\n                    <\/div>\r\n                <\/div>\r\n            <\/div>\r\n        <\/a>\r\n\r\n        \r\n        <a href=\"https:\/\/talkpal.ai\/pl\/gramatyka-japonska\/\">\r\n            <div class=\"learnNavigationWrapper\">\r\n                <div class=\"learnNavigationContent\">\r\n                    <img decoding=\"async\" src=\"https:\/\/talkpal.ai\/wp-content\/uploads\/2024\/08\/Japanese.jpg\" alt=\"Japanese Flag\">\r\n                    <div>\r\n                        <h4>Lekcje gramatyki japo\u0144skiej<\/h4>\r\n                        <p>\u0106wicz gramatyk\u0119 japo\u0144sk\u0105.<\/p>\r\n                    <\/div>\r\n                <\/div>\r\n            <\/div>\r\n        <\/a>\r\n\r\n        \r\n        <a href=\"https:\/\/talkpal.ai\/vocabulary_language\/japanese\/\">\r\n            <div class=\"learnNavigationWrapper\">\r\n                <div class=\"learnNavigationContent\">\r\n                    <img decoding=\"async\" src=\"https:\/\/talkpal.ai\/wp-content\/uploads\/2024\/08\/Japanese.jpg\" alt=\"Japanese Flag\">\r\n                    <div>\r\n                        <h4>S\u0142ownictwo japo\u0144skie<\/h4>\r\n                        <p>Poszerz swoje japo\u0144skie s\u0142ownictwo.<\/p>\r\n                    <\/div>\r\n                <\/div>\r\n            <\/div>\r\n        <\/a>\r\n\r\n            <\/section>","protected":false},"excerpt":{"rendered":"<p>Zagadnienia gramatyczne j\u0119zyka japo\u0144skiego Nauka japo\u0144skiego mo\u017ce by\u0107 ekscytuj\u0105cym i satysfakcjonuj\u0105cym do\u015bwiadczeniem, poniewa\u017c otwiera zupe\u0142nie nowy \u015bwiat kultury, komunikacji i rozwoju osobistego. J\u0119zyk japo\u0144ski ma unikaln\u0105 struktur\u0119 i system gramatyczny, kt\u00f3ry na pocz\u0105tku mo\u017ce wydawa\u0107 si\u0119 zniech\u0119caj\u0105cy, ale mo\u017cna go opanowa\u0107 poprzez konsekwentn\u0105 praktyk\u0119 i dobrze zorganizowany plan nauki. Aby u\u0142atwi\u0107 Ci podr\u00f3\u017c do \u015bwiata [&hellip;]<\/p>\n","protected":false},"author":6,"featured_media":107260,"parent":0,"menu_order":0,"comment_status":"closed","ping_status":"closed","template":"LearningContentPage.php","meta":{"_acf_changed":false,"footnotes":""},"class_list":["post-134884","page","type-page","status-publish","has-post-thumbnail","hentry"],"acf":[],"yoast_head":"<!-- This site is optimized with the Yoast SEO Premium plugin v27.2 (Yoast SEO v27.2) - https:\/\/yoast.com\/product\/yoast-seo-premium-wordpress\/ -->\n<title>\u0106wiczenia z gramatyki japo\u0144skiej - Talkpal<\/title>\n<meta name=\"description\" content=\"Popraw swoje umiej\u0119tno\u015bci gramatyczne w j\u0119zyku japo\u0144skim - opanuj struktury zda\u0144, \u0107wicz interaktywne dzia\u0142ania i zwi\u0119ksz p\u0142ynno\u015b\u0107.\" \/>\n<meta name=\"robots\" content=\"index, follow, max-snippet:-1, max-image-preview:large, max-video-preview:-1\" \/>\n<link rel=\"canonical\" href=\"https:\/\/talkpal.ai\/pl\/cwiczenia-z-gramatyki-japonskiej\/\" \/>\n<meta property=\"og:locale\" content=\"pl_PL\" \/>\n<meta property=\"og:type\" content=\"article\" \/>\n<meta property=\"og:title\" content=\"\u0106wiczenia z gramatyki japo\u0144skiej\" \/>\n<meta property=\"og:description\" content=\"Zagadnienia gramatyczne j\u0119zyka japo\u0144skiego Nauka japo\u0144skiego mo\u017ce by\u0107 ekscytuj\u0105cym i satysfakcjonuj\u0105cym do\u015bwiadczeniem, poniewa\u017c otwiera zupe\u0142nie nowy\" \/>\n<meta property=\"og:url\" content=\"https:\/\/talkpal.ai\/pl\/cwiczenia-z-gramatyki-japonskiej\/\" \/>\n<meta property=\"og:site_name\" content=\"Talkpal\" \/>\n<meta property=\"article:publisher\" content=\"https:\/\/www.facebook.com\/profile.php?id=100090733639311\" \/>\n<meta property=\"article:modified_time\" content=\"2025-12-17T16:55:56+00:00\" \/>\n<meta property=\"og:image\" content=\"https:\/\/talkpal.ai\/wp-content\/uploads\/2023\/04\/japan.png\" \/>\n\t<meta property=\"og:image:width\" content=\"512\" \/>\n\t<meta property=\"og:image:height\" content=\"512\" \/>\n\t<meta property=\"og:image:type\" content=\"image\/png\" \/>\n<meta name=\"twitter:card\" content=\"summary_large_image\" \/>\n<meta name=\"twitter:site\" content=\"@talkpalai\" \/>\n<meta name=\"twitter:label1\" content=\"Szacowany czas czytania\" \/>\n\t<meta name=\"twitter:data1\" content=\"3 minuty\" \/>\n<script type=\"application\/ld+json\" class=\"yoast-schema-graph\">{\"@context\":\"https:\/\/schema.org\",\"@graph\":[{\"@type\":\"WebPage\",\"@id\":\"https:\/\/talkpal.ai\/pl\/cwiczenia-z-gramatyki-japonskiej\/\",\"url\":\"https:\/\/talkpal.ai\/pl\/cwiczenia-z-gramatyki-japonskiej\/\",\"name\":\"\u0106wiczenia z gramatyki japo\u0144skiej - Talkpal\",\"isPartOf\":{\"@id\":\"https:\/\/talkpal.ai\/pl\/#website\"},\"primaryImageOfPage\":{\"@id\":\"https:\/\/talkpal.ai\/pl\/cwiczenia-z-gramatyki-japonskiej\/#primaryimage\"},\"image\":{\"@id\":\"https:\/\/talkpal.ai\/pl\/cwiczenia-z-gramatyki-japonskiej\/#primaryimage\"},\"thumbnailUrl\":\"https:\/\/talkpal.ai\/wp-content\/uploads\/2023\/04\/japan.png\",\"datePublished\":\"2023-06-16T10:21:59+00:00\",\"dateModified\":\"2025-12-17T16:55:56+00:00\",\"description\":\"Popraw swoje umiej\u0119tno\u015bci gramatyczne w j\u0119zyku japo\u0144skim - opanuj struktury zda\u0144, \u0107wicz interaktywne dzia\u0142ania i zwi\u0119ksz p\u0142ynno\u015b\u0107.\",\"breadcrumb\":{\"@id\":\"https:\/\/talkpal.ai\/pl\/cwiczenia-z-gramatyki-japonskiej\/#breadcrumb\"},\"inLanguage\":\"pl-PL\",\"potentialAction\":[{\"@type\":\"ReadAction\",\"target\":[\"https:\/\/talkpal.ai\/pl\/cwiczenia-z-gramatyki-japonskiej\/\"]}]},{\"@type\":\"ImageObject\",\"inLanguage\":\"pl-PL\",\"@id\":\"https:\/\/talkpal.ai\/pl\/cwiczenia-z-gramatyki-japonskiej\/#primaryimage\",\"url\":\"https:\/\/talkpal.ai\/wp-content\/uploads\/2023\/04\/japan.png\",\"contentUrl\":\"https:\/\/talkpal.ai\/wp-content\/uploads\/2023\/04\/japan.png\",\"width\":512,\"height\":512},{\"@type\":\"BreadcrumbList\",\"@id\":\"https:\/\/talkpal.ai\/pl\/cwiczenia-z-gramatyki-japonskiej\/#breadcrumb\",\"itemListElement\":[{\"@type\":\"ListItem\",\"position\":1,\"name\":\"Homepage\",\"item\":\"https:\/\/talkpal.ai\/pl\/\"},{\"@type\":\"ListItem\",\"position\":2,\"name\":\"\u0106wiczenia z gramatyki japo\u0144skiej\"}]},{\"@type\":\"WebSite\",\"@id\":\"https:\/\/talkpal.ai\/pl\/#website\",\"url\":\"https:\/\/talkpal.ai\/pl\/\",\"name\":\"Talkpal\",\"description\":\"AI Language Learning\",\"publisher\":{\"@id\":\"https:\/\/talkpal.ai\/pl\/#organization\"},\"alternateName\":\"Talkpal AI\",\"potentialAction\":[{\"@type\":\"SearchAction\",\"target\":{\"@type\":\"EntryPoint\",\"urlTemplate\":\"https:\/\/talkpal.ai\/pl\/?s={search_term_string}\"},\"query-input\":{\"@type\":\"PropertyValueSpecification\",\"valueRequired\":true,\"valueName\":\"search_term_string\"}}],\"inLanguage\":\"pl-PL\"},{\"@type\":\"Organization\",\"@id\":\"https:\/\/talkpal.ai\/pl\/#organization\",\"name\":\"Talkpal, Inc.\",\"alternateName\":\"Talkpal AI\",\"url\":\"https:\/\/talkpal.ai\/pl\/\",\"logo\":{\"@type\":\"ImageObject\",\"inLanguage\":\"pl-PL\",\"@id\":\"https:\/\/talkpal.ai\/pl\/#\/schema\/logo\/image\/\",\"url\":\"https:\/\/talkpal.ai\/wp-content\/uploads\/2024\/03\/Talkpal-Logo-Icon.png\",\"contentUrl\":\"https:\/\/talkpal.ai\/wp-content\/uploads\/2024\/03\/Talkpal-Logo-Icon.png\",\"width\":2880,\"height\":2880,\"caption\":\"Talkpal, Inc.\"},\"image\":{\"@id\":\"https:\/\/talkpal.ai\/pl\/#\/schema\/logo\/image\/\"},\"sameAs\":[\"https:\/\/www.facebook.com\/profile.php?id=100090733639311\",\"https:\/\/x.com\/talkpalai\",\"https:\/\/www.linkedin.com\/company\/talkpal\/\",\"https:\/\/www.youtube.com\/@TalkPal\/\",\"https:\/\/www.tiktok.com\/@talkpal\",\"https:\/\/www.instagram.com\/talkpal_ai\/\",\"https:\/\/www.crunchbase.com\/organization\/talkpal-9cde\",\"https:\/\/www.g2.com\/products\/talkpal-for-business\/\",\"https:\/\/www.trustpilot.com\/review\/talkpal.ai\",\"https:\/\/www.capterra.com\/p\/10006800\/TalkPal\/\"],\"description\":\"Talkpal is a language learning web and mobile education app, powered by the latest AI technologies, that provides engaging experiences to its customers in many different languages to help them improve their language skills. Users can chat about unlimited amount of topics with the app and use other modes to practice their language learning.\",\"email\":\"support@talkpal.ai\",\"legalName\":\"Talkpal, Inc.\",\"foundingDate\":\"2023-04-03\",\"duns\":\"118989042\",\"numberOfEmployees\":{\"@type\":\"QuantitativeValue\",\"minValue\":\"11\",\"maxValue\":\"50\"},\"publishingPrinciples\":\"https:\/\/talkpal.ai\/publishing-principles\/\",\"actionableFeedbackPolicy\":\"https:\/\/talkpal.ai\/actionable-feedback-policy\/\",\"correctionsPolicy\":\"https:\/\/talkpal.ai\/corrections-policy\/\",\"ethicsPolicy\":\"https:\/\/talkpal.ai\/ethics-policy\/\",\"diversityPolicy\":\"https:\/\/talkpal.ai\/diversity-policy\/\",\"diversityStaffingReport\":\"https:\/\/talkpal.ai\/diversity-policy\/\"}]}<\/script>\n<!-- \/ Yoast SEO Premium plugin. -->","yoast_head_json":{"title":"\u0106wiczenia z gramatyki japo\u0144skiej - Talkpal","description":"Popraw swoje umiej\u0119tno\u015bci gramatyczne w j\u0119zyku japo\u0144skim - opanuj struktury zda\u0144, \u0107wicz interaktywne dzia\u0142ania i zwi\u0119ksz p\u0142ynno\u015b\u0107.","robots":{"index":"index","follow":"follow","max-snippet":"max-snippet:-1","max-image-preview":"max-image-preview:large","max-video-preview":"max-video-preview:-1"},"canonical":"https:\/\/talkpal.ai\/pl\/cwiczenia-z-gramatyki-japonskiej\/","og_locale":"pl_PL","og_type":"article","og_title":"\u0106wiczenia z gramatyki japo\u0144skiej","og_description":"Zagadnienia gramatyczne j\u0119zyka japo\u0144skiego Nauka japo\u0144skiego mo\u017ce by\u0107 ekscytuj\u0105cym i satysfakcjonuj\u0105cym do\u015bwiadczeniem, poniewa\u017c otwiera zupe\u0142nie nowy","og_url":"https:\/\/talkpal.ai\/pl\/cwiczenia-z-gramatyki-japonskiej\/","og_site_name":"Talkpal","article_publisher":"https:\/\/www.facebook.com\/profile.php?id=100090733639311","article_modified_time":"2025-12-17T16:55:56+00:00","og_image":[{"width":512,"height":512,"url":"https:\/\/talkpal.ai\/wp-content\/uploads\/2023\/04\/japan.png","type":"image\/png"}],"twitter_card":"summary_large_image","twitter_site":"@talkpalai","twitter_misc":{"Szacowany czas czytania":"3 minuty"},"schema":{"@context":"https:\/\/schema.org","@graph":[{"@type":"WebPage","@id":"https:\/\/talkpal.ai\/pl\/cwiczenia-z-gramatyki-japonskiej\/","url":"https:\/\/talkpal.ai\/pl\/cwiczenia-z-gramatyki-japonskiej\/","name":"\u0106wiczenia z gramatyki japo\u0144skiej - Talkpal","isPartOf":{"@id":"https:\/\/talkpal.ai\/pl\/#website"},"primaryImageOfPage":{"@id":"https:\/\/talkpal.ai\/pl\/cwiczenia-z-gramatyki-japonskiej\/#primaryimage"},"image":{"@id":"https:\/\/talkpal.ai\/pl\/cwiczenia-z-gramatyki-japonskiej\/#primaryimage"},"thumbnailUrl":"https:\/\/talkpal.ai\/wp-content\/uploads\/2023\/04\/japan.png","datePublished":"2023-06-16T10:21:59+00:00","dateModified":"2025-12-17T16:55:56+00:00","description":"Popraw swoje umiej\u0119tno\u015bci gramatyczne w j\u0119zyku japo\u0144skim - opanuj struktury zda\u0144, \u0107wicz interaktywne dzia\u0142ania i zwi\u0119ksz p\u0142ynno\u015b\u0107.","breadcrumb":{"@id":"https:\/\/talkpal.ai\/pl\/cwiczenia-z-gramatyki-japonskiej\/#breadcrumb"},"inLanguage":"pl-PL","potentialAction":[{"@type":"ReadAction","target":["https:\/\/talkpal.ai\/pl\/cwiczenia-z-gramatyki-japonskiej\/"]}]},{"@type":"ImageObject","inLanguage":"pl-PL","@id":"https:\/\/talkpal.ai\/pl\/cwiczenia-z-gramatyki-japonskiej\/#primaryimage","url":"https:\/\/talkpal.ai\/wp-content\/uploads\/2023\/04\/japan.png","contentUrl":"https:\/\/talkpal.ai\/wp-content\/uploads\/2023\/04\/japan.png","width":512,"height":512},{"@type":"BreadcrumbList","@id":"https:\/\/talkpal.ai\/pl\/cwiczenia-z-gramatyki-japonskiej\/#breadcrumb","itemListElement":[{"@type":"ListItem","position":1,"name":"Homepage","item":"https:\/\/talkpal.ai\/pl\/"},{"@type":"ListItem","position":2,"name":"\u0106wiczenia z gramatyki japo\u0144skiej"}]},{"@type":"WebSite","@id":"https:\/\/talkpal.ai\/pl\/#website","url":"https:\/\/talkpal.ai\/pl\/","name":"Talkpal","description":"AI Language Learning","publisher":{"@id":"https:\/\/talkpal.ai\/pl\/#organization"},"alternateName":"Talkpal AI","potentialAction":[{"@type":"SearchAction","target":{"@type":"EntryPoint","urlTemplate":"https:\/\/talkpal.ai\/pl\/?s={search_term_string}"},"query-input":{"@type":"PropertyValueSpecification","valueRequired":true,"valueName":"search_term_string"}}],"inLanguage":"pl-PL"},{"@type":"Organization","@id":"https:\/\/talkpal.ai\/pl\/#organization","name":"Talkpal, Inc.","alternateName":"Talkpal AI","url":"https:\/\/talkpal.ai\/pl\/","logo":{"@type":"ImageObject","inLanguage":"pl-PL","@id":"https:\/\/talkpal.ai\/pl\/#\/schema\/logo\/image\/","url":"https:\/\/talkpal.ai\/wp-content\/uploads\/2024\/03\/Talkpal-Logo-Icon.png","contentUrl":"https:\/\/talkpal.ai\/wp-content\/uploads\/2024\/03\/Talkpal-Logo-Icon.png","width":2880,"height":2880,"caption":"Talkpal, Inc."},"image":{"@id":"https:\/\/talkpal.ai\/pl\/#\/schema\/logo\/image\/"},"sameAs":["https:\/\/www.facebook.com\/profile.php?id=100090733639311","https:\/\/x.com\/talkpalai","https:\/\/www.linkedin.com\/company\/talkpal\/","https:\/\/www.youtube.com\/@TalkPal\/","https:\/\/www.tiktok.com\/@talkpal","https:\/\/www.instagram.com\/talkpal_ai\/","https:\/\/www.crunchbase.com\/organization\/talkpal-9cde","https:\/\/www.g2.com\/products\/talkpal-for-business\/","https:\/\/www.trustpilot.com\/review\/talkpal.ai","https:\/\/www.capterra.com\/p\/10006800\/TalkPal\/"],"description":"Talkpal is a language learning web and mobile education app, powered by the latest AI technologies, that provides engaging experiences to its customers in many different languages to help them improve their language skills. Users can chat about unlimited amount of topics with the app and use other modes to practice their language learning.","email":"support@talkpal.ai","legalName":"Talkpal, Inc.","foundingDate":"2023-04-03","duns":"118989042","numberOfEmployees":{"@type":"QuantitativeValue","minValue":"11","maxValue":"50"},"publishingPrinciples":"https:\/\/talkpal.ai\/publishing-principles\/","actionableFeedbackPolicy":"https:\/\/talkpal.ai\/actionable-feedback-policy\/","correctionsPolicy":"https:\/\/talkpal.ai\/corrections-policy\/","ethicsPolicy":"https:\/\/talkpal.ai\/ethics-policy\/","diversityPolicy":"https:\/\/talkpal.ai\/diversity-policy\/","diversityStaffingReport":"https:\/\/talkpal.ai\/diversity-policy\/"}]}},"_links":{"self":[{"href":"https:\/\/talkpal.ai\/pl\/wp-json\/wp\/v2\/pages\/134884","targetHints":{"allow":["GET"]}}],"collection":[{"href":"https:\/\/talkpal.ai\/pl\/wp-json\/wp\/v2\/pages"}],"about":[{"href":"https:\/\/talkpal.ai\/pl\/wp-json\/wp\/v2\/types\/page"}],"author":[{"embeddable":true,"href":"https:\/\/talkpal.ai\/pl\/wp-json\/wp\/v2\/users\/6"}],"replies":[{"embeddable":true,"href":"https:\/\/talkpal.ai\/pl\/wp-json\/wp\/v2\/comments?post=134884"}],"version-history":[{"count":0,"href":"https:\/\/talkpal.ai\/pl\/wp-json\/wp\/v2\/pages\/134884\/revisions"}],"wp:featuredmedia":[{"embeddable":true,"href":"https:\/\/talkpal.ai\/pl\/wp-json\/wp\/v2\/media\/107260"}],"wp:attachment":[{"href":"https:\/\/talkpal.ai\/pl\/wp-json\/wp\/v2\/media?parent=134884"}],"curies":[{"name":"wp","href":"https:\/\/api.w.org\/{rel}","templated":true}]}}