{"id":134524,"date":"2023-06-16T10:15:21","date_gmt":"2023-06-16T10:15:21","guid":{"rendered":"http:\/\/talkpal.ai\/cwiczenia-gramatyczne-hindi\/"},"modified":"2025-12-17T16:17:55","modified_gmt":"2025-12-17T16:17:55","slug":"cwiczenia-gramatyczne-hindi","status":"publish","type":"page","link":"https:\/\/talkpal.ai\/pl\/cwiczenia-gramatyczne-hindi\/","title":{"rendered":"\u0106wiczenia gramatyczne hindi"},"content":{"rendered":"\r\n\r\n\r\n<section class=\"languageChallengeSection\">\r\n    <div class=\"languageInfoWrapper\">\r\n        \r\n        <h1>\u0106wiczenia gramatyczne hindi<\/h1>\r\n        <p>Chcesz nabra\u0107 pewno\u015bci siebie w j\u0119zyku <a href=\"https:\/\/talkpal.ai\/learn-hindi\/\">hindi<\/a>? \u0106wiczenie gramatyki to \u015bwietny spos\u00f3b na opanowanie struktury zda\u0144, form czasownik\u00f3w i unikalnych wzorc\u00f3w j\u0119zyka <a href=\"https:\/\/talkpal.ai\/learn-hindi\/\">hindi<\/a>. Zacznij pracowa\u0107 nad gramatyk\u0105 hindi ju\u017c dzi\u015b i zobacz, jak twoje zrozumienie i p\u0142ynno\u015b\u0107 rosn\u0105 z ka\u017cdym \u0107wiczeniem!\n\n<\/p>\r\n\r\n                            <a class=\"getStartedHidden\" href=\"https:\/\/app.talkpal.ai\/pl\/signup?lng=\">Zaczynaj<\/a>\r\n        \r\n    <\/div>\r\n\r\n    <figure>\r\n    <img decoding=\"async\" width=\"768\" height=\"768\" src=\"https:\/\/talkpal.ai\/wp-content\/uploads\/2023\/06\/hindi-768x768.png\" class=\"languageImage no-lazy\" alt=\"Language learning for mental agility\" fetchpriority=\"high\" sizes=\"(max-width: 768px) 150px, 768px\" srcset=\"https:\/\/talkpal.ai\/wp-content\/uploads\/2023\/06\/hindi-768x768.png 768w, https:\/\/talkpal.ai\/wp-content\/uploads\/2023\/06\/hindi-300x300.png 300w\" \/>\r\n    \r\n\r\n    <\/figure>\r\n\r\n            <a class=\"getStartedVisible\" href=\"https:\/\/app.talkpal.ai\/pl\/signup?lng=\">Zaczynaj<\/a>\r\n    \r\n<\/section>\r\n\r\n\r\n<!-- <section class=\"grammarSection\">\r\n    <div class=\"grammarLinks\">\r\n            <\/div>\r\n<\/section> -->\r\n\r\n\r\n\r\n\r\n<section class=\"promotionalBanner\">\r\n    <p class=\"promotionalText\">Najbardziej efektywny spos\u00f3b nauki j\u0119zyka<\/p>\r\n    <a class=\"promotionalLink\" href=\"https:\/\/app.talkpal.ai\/pl\/signup?lng=\">Wypr\u00f3buj Talkpal za darmo<\/a>\r\n<\/section>\n<div class=\"wp-block-group pageContainerStyle\"><div class=\"wp-block-group__inner-container is-layout-constrained wp-block-group-is-layout-constrained\">\n<h2 class=\"wp-block-heading\" id=\"h-hindi-grammar-topics\">Tematy gramatyczne hindi<\/h2>\n\n\n\n<p>Nauka nowego j\u0119zyka mo\u017ce by\u0107 ekscytuj\u0105cym, ale wymagaj\u0105cym do\u015bwiadczeniem, zw\u0142aszcza je\u015bli chodzi o zrozumienie i opanowanie jego gramatyki. Hindi, b\u0119d\u0105c jednym z najcz\u0119\u015bciej u\u017cywanych j\u0119zyk\u00f3w na <a href=\"https:\/\/talkpal.ai\/locations\/language-courses-in-swiecie\/\">\u015bwiecie<\/a>, oferuje unikalne i bogate do\u015bwiadczenie j\u0119zykowe. Rozpoczynaj\u0105c swoj\u0105 podr\u00f3\u017c do nauki j\u0119zyka hindi, wa\u017cne jest, aby zrozumie\u0107 podstawowe zagadnienia gramatyczne, kt\u00f3re po\u0142o\u017c\u0105 solidne podstawy Twoich umiej\u0119tno\u015bci j\u0119zykowych. Ten przewodnik wprowadzi Ci\u0119 w kluczowe tematy gramatyczne hindi, pogrupowane w sekwencj\u0119, kt\u00f3ra u\u0142atwi Ci proces uczenia si\u0119.<\/p>\n\n\n\n<h3 class=\"wp-block-heading\" id=\"h-1-nouns\">1. Rzeczowniki:<\/h3>\n\n\n\n<p>Rozpocznij swoj\u0105 przygod\u0119 z nauk\u0105 hindi od rzeczownik\u00f3w, poniewa\u017c s\u0105 one budulcem ka\u017cdego j\u0119zyka. W j\u0119zyku hindi rzeczowniki s\u0105 podzielone na dwa rodzaje (m\u0119ski i \u017ce\u0144ski) i mog\u0105 by\u0107 w liczbie pojedynczej lub mnogiej. Zrozumienie podstaw rzeczownik\u00f3w w j\u0119zyku hindi pomo\u017ce w tworzeniu prostych zda\u0144 i zwrot\u00f3w.<\/p>\n\n\n\n<h3 class=\"wp-block-heading\" id=\"h-2-pronouns\">2. Zaimki:<\/h3>\n\n\n\n<p>Zaimki zast\u0119puj\u0105 rzeczowniki w zdaniu i pomagaj\u0105 unikn\u0105\u0107 powt\u00f3rze\u0144. Zaimki hindi dziel\u0105 si\u0119 na trzy kategorie \u2013 osobowe, wskazuj\u0105ce i pytaj\u0105ce. Zapoznaj si\u0119 z r\u00f3\u017cnymi formami zaimk\u00f3w, aby poprawi\u0107 swoje umiej\u0119tno\u015bci komunikacyjne.<\/p>\n\n\n\n<h3 class=\"wp-block-heading\" id=\"h-3-adjectives\">3. Przymiotniki:<\/h3>\n\n\n\n<p>Przymiotniki opisuj\u0105 cechy rzeczownik\u00f3w i zaimk\u00f3w. W j\u0119zyku hindi przymiotniki zgadzaj\u0105 si\u0119 z rzeczownikiem, kt\u00f3ry opisuj\u0105 rodzajem i liczb\u0105. Nauka przymiotnik\u00f3w pozwoli Ci bardziej wyrazisto wyra\u017ca\u0107 swoje my\u015bli i opinie.<\/p>\n\n\n\n<h3 class=\"wp-block-heading\" id=\"h-4-verbs\">4. Czasowniki:<\/h3>\n\n\n\n<p>Czasowniki oznaczaj\u0105 czynno\u015bci lub stany bycia. Czasowniki hindi maj\u0105 trzy g\u0142\u00f3wne czasy \u2013 przesz\u0142y, tera\u017aniejszy i przysz\u0142y \u2013 i mog\u0105 by\u0107 oznajmuj\u0105ce lub \u0142\u0105cz\u0105ce. Solidne zrozumienie czasownik\u00f3w hindi i ich koniugacji pozwoli ci dok\u0142adnie wyrazi\u0107 dzia\u0142ania i wydarzenia.<\/p>\n\n\n\n<h3 class=\"wp-block-heading\" id=\"h-5-tenses-indicative\">5. Czasy oznajmuj\u0105ce:<\/h3>\n\n\n\n<p>Czasy oznajmuj\u0105ce w j\u0119zyku hindi wyra\u017caj\u0105 fakty lub pewno\u015b\u0107 i s\u0105 u\u017cywane w codziennych rozmowach. <a href=\"https:\/\/talkpal.ai\/pl\/naucz-sie-malajskiego\/\">Naucz si\u0119<\/a> regu\u0142 i koniugacji dla czasu przesz\u0142ego, tera\u017aniejszego i przysz\u0142ego oznajmuj\u0105cego, aby komunikowa\u0107 si\u0119 jasno i skutecznie.<\/p>\n\n\n\n<h3 class=\"wp-block-heading\" id=\"h-6-tenses-subjunctive\">6. Czasy \u0142\u0105cz\u0105ce:<\/h3>\n\n\n\n<p>Czasy \u0142\u0105cz\u0105ce w j\u0119zyku hindi reprezentuj\u0105 dzia\u0142ania lub wydarzenia, kt\u00f3re s\u0105 niepewne, hipotetyczne lub sprzeczne z faktami. Opanowanie trybu \u0142\u0105cz\u0105cego pozwoli ci wyrazi\u0107 w\u0105tpliwo\u015bci, mo\u017cliwo\u015bci i \u017cyczenia.<\/p>\n\n\n\n<h3 class=\"wp-block-heading\" id=\"h-7-tense-comparison\">7. Por\u00f3wnanie czasu:<\/h3>\n\n\n\n<p>Por\u00f3wnywanie r\u00f3\u017cnych czas\u00f3w w j\u0119zyku hindi pomaga zrozumie\u0107 relacje mi\u0119dzy dzia\u0142aniami i wydarzeniami w czasie. \u0106wicz tworzenie zda\u0144 przy u\u017cyciu r\u00f3\u017cnych czas\u00f3w, aby rozwin\u0105\u0107 kompleksowe zrozumienie relacji czasowych.<\/p>\n\n\n\n<h3 class=\"wp-block-heading\" id=\"h-8-adverbs\">8. Przys\u0142\u00f3wki:<\/h3>\n\n\n\n<p>Przys\u0142\u00f3wki modyfikuj\u0105 czasowniki, przymiotniki lub inne przys\u0142\u00f3wki i dostarczaj\u0105 dodatkowych informacji o dzia\u0142aniach lub cechach. Naucz si\u0119 popularnych przys\u0142\u00f3wk\u00f3w hindi i ich umieszczania w zdaniach, aby zwi\u0119kszy\u0107 swoje umiej\u0119tno\u015bci opisowe.<\/p>\n\n\n\n<h3 class=\"wp-block-heading\" id=\"h-9-prepositions\">9. Przyimki:<\/h3>\n\n\n\n<p>Przyimki w j\u0119zyku hindi \u0142\u0105cz\u0105 rzeczowniki, zaimki lub frazy z innymi s\u0142owami w zdaniu. Wskazuj\u0105 relacje, takie jak lokalizacja, czas i kierunek. Zapoznaj si\u0119 z przyimkami hindi i ich u\u017cyciem, aby tworzy\u0107 bardziej z\u0142o\u017cone zdania.<\/p>\n\n\n\n<h3 class=\"wp-block-heading\" id=\"h-10-articles\">10. Artyku\u0142y:<\/h3>\n\n\n\n<p>Hindi nie ma rodzajnik\u00f3w takich jak <a href=\"https:\/\/talkpal.ai\/learn-english-with-ai\/\">angielski<\/a> (the, a, an), ale u\u017cywa postpozycji, aby przekaza\u0107 podobne znaczenia. Zrozumienie u\u017cycia postpozycji w j\u0119zyku hindi pomo\u017ce ci poprawnie przekaza\u0107 okre\u015blono\u015b\u0107 i nieokre\u015blono\u015b\u0107 w twoich zdaniach.<\/p>\n\n\n\n<h3 class=\"wp-block-heading\" id=\"h-11-sentence-structure\">11. Struktura zdania:<\/h3>\n\n\n\n<p>Na koniec naucz si\u0119 podstawowej struktury zda\u0144 w j\u0119zyku hindi, kt\u00f3ra jest zgodna ze wzorcem Podmiot-Przedmiot-Czasownik (SOV). Zrozumienie struktury zda\u0144 w j\u0119zyku hindi pozwoli Ci skutecznie i jasno si\u0119 komunikowa\u0107.<\/p>\n\n\n\n<p>Post\u0119puj\u0105c zgodnie z t\u0105 sekwencj\u0105 temat\u00f3w gramatyki hindi, b\u0119dziesz dobrze przygotowany do rozumienia, m\u00f3wienia i pisania w j\u0119zyku hindi, co pozwoli Ci w pe\u0142ni zanurzy\u0107 si\u0119 w bogatej kulturze i tradycjach region\u00f3w m\u00f3wi\u0105cych w j\u0119zyku hindi.<\/p>\n<\/div><\/div>\n\r\n<section class=\"learnNavigationSection\">\r\n            \r\n        <a href=\"https:\/\/talkpal.ai\/pl\/naucz-sie-hindi\/\">\r\n            <div class=\"learnNavigationWrapper\">\r\n                <div class=\"learnNavigationContent\">\r\n                    <img decoding=\"async\" src=\"https:\/\/talkpal.ai\/wp-content\/uploads\/2024\/08\/Hindi.jpg\" alt=\"Indian Flag\">\r\n                    <div>\r\n                        <h4>O nauce j\u0119zyka hindi<\/h4>\r\n                        <p>Dowiedz si\u0119 wszystkiego o gramatyce hindi.<\/p>\r\n                    <\/div>\r\n                <\/div>\r\n            <\/div>\r\n        <\/a>\r\n\r\n        \r\n        <a href=\"https:\/\/talkpal.ai\/pl\/gramatyka-hindi\/\">\r\n            <div class=\"learnNavigationWrapper\">\r\n                <div class=\"learnNavigationContent\">\r\n                    <img decoding=\"async\" src=\"https:\/\/talkpal.ai\/wp-content\/uploads\/2024\/08\/Hindi.jpg\" alt=\"Indian Flag\">\r\n                    <div>\r\n                        <h4>Lekcje gramatyki hindi<\/h4>\r\n                        <p>\u0106wicz gramatyk\u0119 hindi.<\/p>\r\n                    <\/div>\r\n                <\/div>\r\n            <\/div>\r\n        <\/a>\r\n\r\n        \r\n        <a href=\"https:\/\/talkpal.ai\/vocabulary_language\/hindi\/\">\r\n            <div class=\"learnNavigationWrapper\">\r\n                <div class=\"learnNavigationContent\">\r\n                    <img decoding=\"async\" src=\"https:\/\/talkpal.ai\/wp-content\/uploads\/2024\/08\/Hindi.jpg\" alt=\"Indian Flag\">\r\n                    <div>\r\n                        <h4>S\u0142ownictwo hindi<\/h4>\r\n                        <p>Poszerz swoje s\u0142ownictwo w j\u0119zyku hindi.<\/p>\r\n                    <\/div>\r\n                <\/div>\r\n            <\/div>\r\n        <\/a>\r\n\r\n            <\/section>","protected":false},"excerpt":{"rendered":"<p>Tematy gramatyczne hindi Nauka nowego j\u0119zyka mo\u017ce by\u0107 ekscytuj\u0105cym, ale wymagaj\u0105cym do\u015bwiadczeniem, zw\u0142aszcza je\u015bli chodzi o zrozumienie i opanowanie jego gramatyki. Hindi, b\u0119d\u0105c jednym z najcz\u0119\u015bciej u\u017cywanych j\u0119zyk\u00f3w na \u015bwiecie, oferuje unikalne i bogate do\u015bwiadczenie j\u0119zykowe. Rozpoczynaj\u0105c swoj\u0105 podr\u00f3\u017c do nauki j\u0119zyka hindi, wa\u017cne jest, aby zrozumie\u0107 podstawowe zagadnienia gramatyczne, kt\u00f3re po\u0142o\u017c\u0105 solidne podstawy Twoich [&hellip;]<\/p>\n","protected":false},"author":6,"featured_media":188224,"parent":0,"menu_order":0,"comment_status":"closed","ping_status":"closed","template":"LearningContentPage.php","meta":{"_acf_changed":false,"footnotes":""},"class_list":["post-134524","page","type-page","status-publish","has-post-thumbnail","hentry"],"acf":[],"yoast_head":"<!-- This site is optimized with the Yoast SEO Premium plugin v27.2 (Yoast SEO v27.2) - https:\/\/yoast.com\/product\/yoast-seo-premium-wordpress\/ -->\n<title>\u0106wiczenia gramatyczne hindi - Talkpal<\/title>\n<meta name=\"description\" content=\"\u0141atwo \u0107wicz gramatyk\u0119 hindi - wypr\u00f3buj interaktywne \u0107wiczenia, aby poprawi\u0107 swoje umiej\u0119tno\u015bci i uczy\u0107 si\u0119 szybciej dzi\u0119ki Talkpal AI.\" \/>\n<meta name=\"robots\" content=\"index, follow, max-snippet:-1, max-image-preview:large, max-video-preview:-1\" \/>\n<link rel=\"canonical\" href=\"https:\/\/talkpal.ai\/pl\/cwiczenia-gramatyczne-hindi\/\" \/>\n<meta property=\"og:locale\" content=\"pl_PL\" \/>\n<meta property=\"og:type\" content=\"article\" \/>\n<meta property=\"og:title\" content=\"\u0106wiczenia gramatyczne hindi\" \/>\n<meta property=\"og:description\" content=\"Tematy gramatyczne hindi Nauka nowego j\u0119zyka mo\u017ce by\u0107 ekscytuj\u0105cym, ale wymagaj\u0105cym do\u015bwiadczeniem, zw\u0142aszcza je\u015bli chodzi o zrozumienie i opanowanie jego\" \/>\n<meta property=\"og:url\" content=\"https:\/\/talkpal.ai\/pl\/cwiczenia-gramatyczne-hindi\/\" \/>\n<meta property=\"og:site_name\" content=\"Talkpal\" \/>\n<meta property=\"article:publisher\" content=\"https:\/\/www.facebook.com\/profile.php?id=100090733639311\" \/>\n<meta property=\"article:modified_time\" content=\"2025-12-17T16:17:55+00:00\" \/>\n<meta property=\"og:image\" content=\"https:\/\/talkpal.ai\/wp-content\/uploads\/2024\/02\/india.png\" \/>\n\t<meta property=\"og:image:width\" content=\"517\" \/>\n\t<meta property=\"og:image:height\" content=\"517\" \/>\n\t<meta property=\"og:image:type\" content=\"image\/png\" \/>\n<meta name=\"twitter:card\" content=\"summary_large_image\" \/>\n<meta name=\"twitter:site\" content=\"@talkpalai\" \/>\n<meta name=\"twitter:label1\" content=\"Szacowany czas czytania\" \/>\n\t<meta name=\"twitter:data1\" content=\"3 minuty\" \/>\n<script type=\"application\/ld+json\" class=\"yoast-schema-graph\">{\"@context\":\"https:\/\/schema.org\",\"@graph\":[{\"@type\":\"WebPage\",\"@id\":\"https:\/\/talkpal.ai\/pl\/cwiczenia-gramatyczne-hindi\/\",\"url\":\"https:\/\/talkpal.ai\/pl\/cwiczenia-gramatyczne-hindi\/\",\"name\":\"\u0106wiczenia gramatyczne hindi - Talkpal\",\"isPartOf\":{\"@id\":\"https:\/\/talkpal.ai\/pl\/#website\"},\"primaryImageOfPage\":{\"@id\":\"https:\/\/talkpal.ai\/pl\/cwiczenia-gramatyczne-hindi\/#primaryimage\"},\"image\":{\"@id\":\"https:\/\/talkpal.ai\/pl\/cwiczenia-gramatyczne-hindi\/#primaryimage\"},\"thumbnailUrl\":\"https:\/\/talkpal.ai\/wp-content\/uploads\/2024\/02\/india.png\",\"datePublished\":\"2023-06-16T10:15:21+00:00\",\"dateModified\":\"2025-12-17T16:17:55+00:00\",\"description\":\"\u0141atwo \u0107wicz gramatyk\u0119 hindi - wypr\u00f3buj interaktywne \u0107wiczenia, aby poprawi\u0107 swoje umiej\u0119tno\u015bci i uczy\u0107 si\u0119 szybciej dzi\u0119ki Talkpal AI.\",\"breadcrumb\":{\"@id\":\"https:\/\/talkpal.ai\/pl\/cwiczenia-gramatyczne-hindi\/#breadcrumb\"},\"inLanguage\":\"pl-PL\",\"potentialAction\":[{\"@type\":\"ReadAction\",\"target\":[\"https:\/\/talkpal.ai\/pl\/cwiczenia-gramatyczne-hindi\/\"]}]},{\"@type\":\"ImageObject\",\"inLanguage\":\"pl-PL\",\"@id\":\"https:\/\/talkpal.ai\/pl\/cwiczenia-gramatyczne-hindi\/#primaryimage\",\"url\":\"https:\/\/talkpal.ai\/wp-content\/uploads\/2024\/02\/india.png\",\"contentUrl\":\"https:\/\/talkpal.ai\/wp-content\/uploads\/2024\/02\/india.png\",\"width\":517,\"height\":517,\"caption\":\"TalkPal Indian Flag\"},{\"@type\":\"BreadcrumbList\",\"@id\":\"https:\/\/talkpal.ai\/pl\/cwiczenia-gramatyczne-hindi\/#breadcrumb\",\"itemListElement\":[{\"@type\":\"ListItem\",\"position\":1,\"name\":\"Homepage\",\"item\":\"https:\/\/talkpal.ai\/pl\/\"},{\"@type\":\"ListItem\",\"position\":2,\"name\":\"\u0106wiczenia gramatyczne hindi\"}]},{\"@type\":\"WebSite\",\"@id\":\"https:\/\/talkpal.ai\/pl\/#website\",\"url\":\"https:\/\/talkpal.ai\/pl\/\",\"name\":\"Talkpal\",\"description\":\"AI Language Learning\",\"publisher\":{\"@id\":\"https:\/\/talkpal.ai\/pl\/#organization\"},\"alternateName\":\"Talkpal AI\",\"potentialAction\":[{\"@type\":\"SearchAction\",\"target\":{\"@type\":\"EntryPoint\",\"urlTemplate\":\"https:\/\/talkpal.ai\/pl\/?s={search_term_string}\"},\"query-input\":{\"@type\":\"PropertyValueSpecification\",\"valueRequired\":true,\"valueName\":\"search_term_string\"}}],\"inLanguage\":\"pl-PL\"},{\"@type\":\"Organization\",\"@id\":\"https:\/\/talkpal.ai\/pl\/#organization\",\"name\":\"Talkpal, Inc.\",\"alternateName\":\"Talkpal AI\",\"url\":\"https:\/\/talkpal.ai\/pl\/\",\"logo\":{\"@type\":\"ImageObject\",\"inLanguage\":\"pl-PL\",\"@id\":\"https:\/\/talkpal.ai\/pl\/#\/schema\/logo\/image\/\",\"url\":\"https:\/\/talkpal.ai\/wp-content\/uploads\/2024\/03\/Talkpal-Logo-Icon.png\",\"contentUrl\":\"https:\/\/talkpal.ai\/wp-content\/uploads\/2024\/03\/Talkpal-Logo-Icon.png\",\"width\":2880,\"height\":2880,\"caption\":\"Talkpal, Inc.\"},\"image\":{\"@id\":\"https:\/\/talkpal.ai\/pl\/#\/schema\/logo\/image\/\"},\"sameAs\":[\"https:\/\/www.facebook.com\/profile.php?id=100090733639311\",\"https:\/\/x.com\/talkpalai\",\"https:\/\/www.linkedin.com\/company\/talkpal\/\",\"https:\/\/www.youtube.com\/@TalkPal\/\",\"https:\/\/www.tiktok.com\/@talkpal\",\"https:\/\/www.instagram.com\/talkpal_ai\/\",\"https:\/\/www.crunchbase.com\/organization\/talkpal-9cde\",\"https:\/\/www.g2.com\/products\/talkpal-for-business\/\",\"https:\/\/www.trustpilot.com\/review\/talkpal.ai\",\"https:\/\/www.capterra.com\/p\/10006800\/TalkPal\/\"],\"description\":\"Talkpal is a language learning web and mobile education app, powered by the latest AI technologies, that provides engaging experiences to its customers in many different languages to help them improve their language skills. Users can chat about unlimited amount of topics with the app and use other modes to practice their language learning.\",\"email\":\"support@talkpal.ai\",\"legalName\":\"Talkpal, Inc.\",\"foundingDate\":\"2023-04-03\",\"duns\":\"118989042\",\"numberOfEmployees\":{\"@type\":\"QuantitativeValue\",\"minValue\":\"11\",\"maxValue\":\"50\"},\"publishingPrinciples\":\"https:\/\/talkpal.ai\/publishing-principles\/\",\"actionableFeedbackPolicy\":\"https:\/\/talkpal.ai\/actionable-feedback-policy\/\",\"correctionsPolicy\":\"https:\/\/talkpal.ai\/corrections-policy\/\",\"ethicsPolicy\":\"https:\/\/talkpal.ai\/ethics-policy\/\",\"diversityPolicy\":\"https:\/\/talkpal.ai\/diversity-policy\/\",\"diversityStaffingReport\":\"https:\/\/talkpal.ai\/diversity-policy\/\"}]}<\/script>\n<!-- \/ Yoast SEO Premium plugin. -->","yoast_head_json":{"title":"\u0106wiczenia gramatyczne hindi - Talkpal","description":"\u0141atwo \u0107wicz gramatyk\u0119 hindi - wypr\u00f3buj interaktywne \u0107wiczenia, aby poprawi\u0107 swoje umiej\u0119tno\u015bci i uczy\u0107 si\u0119 szybciej dzi\u0119ki Talkpal AI.","robots":{"index":"index","follow":"follow","max-snippet":"max-snippet:-1","max-image-preview":"max-image-preview:large","max-video-preview":"max-video-preview:-1"},"canonical":"https:\/\/talkpal.ai\/pl\/cwiczenia-gramatyczne-hindi\/","og_locale":"pl_PL","og_type":"article","og_title":"\u0106wiczenia gramatyczne hindi","og_description":"Tematy gramatyczne hindi Nauka nowego j\u0119zyka mo\u017ce by\u0107 ekscytuj\u0105cym, ale wymagaj\u0105cym do\u015bwiadczeniem, zw\u0142aszcza je\u015bli chodzi o zrozumienie i opanowanie jego","og_url":"https:\/\/talkpal.ai\/pl\/cwiczenia-gramatyczne-hindi\/","og_site_name":"Talkpal","article_publisher":"https:\/\/www.facebook.com\/profile.php?id=100090733639311","article_modified_time":"2025-12-17T16:17:55+00:00","og_image":[{"width":517,"height":517,"url":"https:\/\/talkpal.ai\/wp-content\/uploads\/2024\/02\/india.png","type":"image\/png"}],"twitter_card":"summary_large_image","twitter_site":"@talkpalai","twitter_misc":{"Szacowany czas czytania":"3 minuty"},"schema":{"@context":"https:\/\/schema.org","@graph":[{"@type":"WebPage","@id":"https:\/\/talkpal.ai\/pl\/cwiczenia-gramatyczne-hindi\/","url":"https:\/\/talkpal.ai\/pl\/cwiczenia-gramatyczne-hindi\/","name":"\u0106wiczenia gramatyczne hindi - Talkpal","isPartOf":{"@id":"https:\/\/talkpal.ai\/pl\/#website"},"primaryImageOfPage":{"@id":"https:\/\/talkpal.ai\/pl\/cwiczenia-gramatyczne-hindi\/#primaryimage"},"image":{"@id":"https:\/\/talkpal.ai\/pl\/cwiczenia-gramatyczne-hindi\/#primaryimage"},"thumbnailUrl":"https:\/\/talkpal.ai\/wp-content\/uploads\/2024\/02\/india.png","datePublished":"2023-06-16T10:15:21+00:00","dateModified":"2025-12-17T16:17:55+00:00","description":"\u0141atwo \u0107wicz gramatyk\u0119 hindi - wypr\u00f3buj interaktywne \u0107wiczenia, aby poprawi\u0107 swoje umiej\u0119tno\u015bci i uczy\u0107 si\u0119 szybciej dzi\u0119ki Talkpal AI.","breadcrumb":{"@id":"https:\/\/talkpal.ai\/pl\/cwiczenia-gramatyczne-hindi\/#breadcrumb"},"inLanguage":"pl-PL","potentialAction":[{"@type":"ReadAction","target":["https:\/\/talkpal.ai\/pl\/cwiczenia-gramatyczne-hindi\/"]}]},{"@type":"ImageObject","inLanguage":"pl-PL","@id":"https:\/\/talkpal.ai\/pl\/cwiczenia-gramatyczne-hindi\/#primaryimage","url":"https:\/\/talkpal.ai\/wp-content\/uploads\/2024\/02\/india.png","contentUrl":"https:\/\/talkpal.ai\/wp-content\/uploads\/2024\/02\/india.png","width":517,"height":517,"caption":"TalkPal Indian Flag"},{"@type":"BreadcrumbList","@id":"https:\/\/talkpal.ai\/pl\/cwiczenia-gramatyczne-hindi\/#breadcrumb","itemListElement":[{"@type":"ListItem","position":1,"name":"Homepage","item":"https:\/\/talkpal.ai\/pl\/"},{"@type":"ListItem","position":2,"name":"\u0106wiczenia gramatyczne hindi"}]},{"@type":"WebSite","@id":"https:\/\/talkpal.ai\/pl\/#website","url":"https:\/\/talkpal.ai\/pl\/","name":"Talkpal","description":"AI Language Learning","publisher":{"@id":"https:\/\/talkpal.ai\/pl\/#organization"},"alternateName":"Talkpal AI","potentialAction":[{"@type":"SearchAction","target":{"@type":"EntryPoint","urlTemplate":"https:\/\/talkpal.ai\/pl\/?s={search_term_string}"},"query-input":{"@type":"PropertyValueSpecification","valueRequired":true,"valueName":"search_term_string"}}],"inLanguage":"pl-PL"},{"@type":"Organization","@id":"https:\/\/talkpal.ai\/pl\/#organization","name":"Talkpal, Inc.","alternateName":"Talkpal AI","url":"https:\/\/talkpal.ai\/pl\/","logo":{"@type":"ImageObject","inLanguage":"pl-PL","@id":"https:\/\/talkpal.ai\/pl\/#\/schema\/logo\/image\/","url":"https:\/\/talkpal.ai\/wp-content\/uploads\/2024\/03\/Talkpal-Logo-Icon.png","contentUrl":"https:\/\/talkpal.ai\/wp-content\/uploads\/2024\/03\/Talkpal-Logo-Icon.png","width":2880,"height":2880,"caption":"Talkpal, Inc."},"image":{"@id":"https:\/\/talkpal.ai\/pl\/#\/schema\/logo\/image\/"},"sameAs":["https:\/\/www.facebook.com\/profile.php?id=100090733639311","https:\/\/x.com\/talkpalai","https:\/\/www.linkedin.com\/company\/talkpal\/","https:\/\/www.youtube.com\/@TalkPal\/","https:\/\/www.tiktok.com\/@talkpal","https:\/\/www.instagram.com\/talkpal_ai\/","https:\/\/www.crunchbase.com\/organization\/talkpal-9cde","https:\/\/www.g2.com\/products\/talkpal-for-business\/","https:\/\/www.trustpilot.com\/review\/talkpal.ai","https:\/\/www.capterra.com\/p\/10006800\/TalkPal\/"],"description":"Talkpal is a language learning web and mobile education app, powered by the latest AI technologies, that provides engaging experiences to its customers in many different languages to help them improve their language skills. Users can chat about unlimited amount of topics with the app and use other modes to practice their language learning.","email":"support@talkpal.ai","legalName":"Talkpal, Inc.","foundingDate":"2023-04-03","duns":"118989042","numberOfEmployees":{"@type":"QuantitativeValue","minValue":"11","maxValue":"50"},"publishingPrinciples":"https:\/\/talkpal.ai\/publishing-principles\/","actionableFeedbackPolicy":"https:\/\/talkpal.ai\/actionable-feedback-policy\/","correctionsPolicy":"https:\/\/talkpal.ai\/corrections-policy\/","ethicsPolicy":"https:\/\/talkpal.ai\/ethics-policy\/","diversityPolicy":"https:\/\/talkpal.ai\/diversity-policy\/","diversityStaffingReport":"https:\/\/talkpal.ai\/diversity-policy\/"}]}},"_links":{"self":[{"href":"https:\/\/talkpal.ai\/pl\/wp-json\/wp\/v2\/pages\/134524","targetHints":{"allow":["GET"]}}],"collection":[{"href":"https:\/\/talkpal.ai\/pl\/wp-json\/wp\/v2\/pages"}],"about":[{"href":"https:\/\/talkpal.ai\/pl\/wp-json\/wp\/v2\/types\/page"}],"author":[{"embeddable":true,"href":"https:\/\/talkpal.ai\/pl\/wp-json\/wp\/v2\/users\/6"}],"replies":[{"embeddable":true,"href":"https:\/\/talkpal.ai\/pl\/wp-json\/wp\/v2\/comments?post=134524"}],"version-history":[{"count":0,"href":"https:\/\/talkpal.ai\/pl\/wp-json\/wp\/v2\/pages\/134524\/revisions"}],"wp:featuredmedia":[{"embeddable":true,"href":"https:\/\/talkpal.ai\/pl\/wp-json\/wp\/v2\/media\/188224"}],"wp:attachment":[{"href":"https:\/\/talkpal.ai\/pl\/wp-json\/wp\/v2\/media?parent=134524"}],"curies":[{"name":"wp","href":"https:\/\/api.w.org\/{rel}","templated":true}]}}