{"id":134087,"date":"2023-06-16T10:07:13","date_gmt":"2023-06-16T10:07:13","guid":{"rendered":"http:\/\/talkpal.ai\/cwiczenia-gramatyczne-z-jezyka-finskiego\/"},"modified":"2025-12-17T15:32:02","modified_gmt":"2025-12-17T15:32:02","slug":"cwiczenia-gramatyczne-z-jezyka-finskiego","status":"publish","type":"page","link":"https:\/\/talkpal.ai\/pl\/cwiczenia-gramatyczne-z-jezyka-finskiego\/","title":{"rendered":"\u0106wiczenia gramatyczne z j\u0119zyka fi\u0144skiego"},"content":{"rendered":"\r\n\r\n\r\n<section class=\"languageChallengeSection\">\r\n    <div class=\"languageInfoWrapper\">\r\n        \r\n        <h1>\u0106wiczenia gramatyczne z j\u0119zyka fi\u0144skiego<\/h1>\r\n        <p>Gotowy, by zmierzy\u0107 si\u0119 z unikaln\u0105 struktur\u0105 j\u0119zyka fi\u0144skiego? \u0106wiczenie gramatyki to \u015bwietny spos\u00f3b na poznanie ko\u0144c\u00f3wek wyraz\u00f3w, przypadk\u00f3w i wzor\u00f3w zda\u0144, kt\u00f3re sprawiaj\u0105, \u017ce fi\u0144ski jest wyj\u0105tkowy. Zanurz si\u0119 w fi\u0144skiej gramatyce ju\u017c dzi\u015b i zobacz, jak twoje umiej\u0119tno\u015bci i pewno\u015b\u0107 siebie rosn\u0105 z ka\u017cdym \u0107wiczeniem!<\/p>\r\n\r\n                            <a class=\"getStartedHidden\" href=\"https:\/\/app.talkpal.ai\/pl\/signup?lng=\">Zaczynaj<\/a>\r\n        \r\n    <\/div>\r\n\r\n    <figure>\r\n    <img decoding=\"async\" width=\"768\" height=\"768\" src=\"https:\/\/talkpal.ai\/wp-content\/uploads\/2023\/06\/Finnish-768x768.png\" class=\"languageImage no-lazy\" alt=\"Develop your language aptitude learning\" fetchpriority=\"high\" sizes=\"(max-width: 768px) 150px, 768px\" srcset=\"https:\/\/talkpal.ai\/wp-content\/uploads\/2023\/06\/Finnish-768x768.png 768w, https:\/\/talkpal.ai\/wp-content\/uploads\/2023\/06\/Finnish-300x300.png 300w\" \/>\r\n    \r\n\r\n    <\/figure>\r\n\r\n            <a class=\"getStartedVisible\" href=\"https:\/\/app.talkpal.ai\/pl\/signup?lng=\">Zaczynaj<\/a>\r\n    \r\n<\/section>\r\n\r\n\r\n<!-- <section class=\"grammarSection\">\r\n    <div class=\"grammarLinks\">\r\n            <\/div>\r\n<\/section> -->\r\n\r\n\r\n\r\n\r\n<section class=\"promotionalBanner\">\r\n    <p class=\"promotionalText\">Najbardziej efektywny spos\u00f3b nauki j\u0119zyka<\/p>\r\n    <a class=\"promotionalLink\" href=\"https:\/\/app.talkpal.ai\/pl\/signup?lng=\">Wypr\u00f3buj Talkpal za darmo<\/a>\r\n<\/section>\n<div class=\"wp-block-group pageContainerStyle\"><div class=\"wp-block-group__inner-container is-layout-constrained wp-block-group-is-layout-constrained\">\n<h2 class=\"wp-block-heading\" id=\"h-finnish-grammar-topics\">Zagadnienia gramatyczne w j\u0119zyku fi\u0144skim<\/h2>\n\n\n\n<p><a href=\"https:\/\/talkpal.ai\/pl\/nauka-finskiego-szybkie-i-skuteczne-metody-dla-poczatkujacych\/\">Nauka fi\u0144skiego<\/a> mo\u017ce by\u0107 satysfakcjonuj\u0105cym do\u015bwiadczeniem dla entuzjast\u00f3w j\u0119zyka, poniewa\u017c jest to wyj\u0105tkowy i fascynuj\u0105cy j\u0119zyk o bogatej historii kulturowej. <a href=\"https:\/\/talkpal.ai\/finnish-grammar\/\">Gramatyka fi\u0144ska<\/a> mo\u017ce pocz\u0105tkowo wydawa\u0107 si\u0119 trudna, ale dzi\u0119ki systematycznemu podej\u015bciu i skupieniu si\u0119 na najwa\u017cniejszych tematach mo\u017cesz robi\u0107 sta\u0142e post\u0119py i ostatecznie osi\u0105gn\u0105\u0107 bieg\u0142o\u015b\u0107 w tym pi\u0119knym j\u0119zyku. W tym przewodniku om\u00f3wimy zagadnienia gramatyki fi\u0144skiej w kolejno\u015bci, kt\u00f3ra pomo\u017ce Ci skutecznie <a href=\"https:\/\/talkpal.ai\/pl\/jak-szybko-i-skutecznie-nauczyc-sie-nowego-jezyka\/\">nauczy\u0107 si\u0119 j\u0119zyka<\/a>, obejmuj\u0105c czasy, czasowniki, rzeczowniki, rodzajniki, przymiotniki, przys\u0142\u00f3wki, postpozycje i struktur\u0119 zda\u0144.<\/p>\n\n\n\n<h3 class=\"wp-block-heading\" id=\"h-1-nouns\">1. Rzeczowniki:<\/h3>\n\n\n\n<p>Zacznij od nauki fi\u0144skich rzeczownik\u00f3w, poniewa\u017c stanowi\u0105 one podstaw\u0119 do konstruowania zda\u0144. Fi\u0144skie rzeczowniki maj\u0105 15 przypadk\u00f3w, kt\u00f3re s\u0105 niezb\u0119dne do zrozumienia struktury j\u0119zyka. Zapoznaj si\u0119 z r\u00f3\u017cnymi przypadkami rzeczownik\u00f3w i ich rolami w zdaniu.<\/p>\n\n\n\n<h3 class=\"wp-block-heading\" id=\"h-2-articles\">2. Artyku\u0142y:<\/h3>\n\n\n\n<p>W j\u0119zyku fi\u0144skim nie ma przedimk\u00f3w takich jak &#8222;the&#8221; czy &#8222;a&#8221; w j\u0119zyku angielskim, co u\u0142atwia nauk\u0119. Zamiast tego znaczenie rzeczownika zale\u017cy od kontekstu i ko\u0144c\u00f3wek przypadk\u00f3w.<\/p>\n\n\n\n<h3 class=\"wp-block-heading\" id=\"h-3-adjectives\">3. Przymiotniki:<\/h3>\n\n\n\n<p>Przymiotniki opisuj\u0105 rzeczowniki i zgadzaj\u0105 si\u0119 z nimi w przypadku i liczbie. Dowiedz si\u0119, jak tworzy\u0107 i u\u017cywa\u0107 przymiotnik\u00f3w, aby Twoje zdania by\u0142y bardziej opisowe i wyraziste.<\/p>\n\n\n\n<h3 class=\"wp-block-heading\" id=\"h-4-verbs\">4. Czasowniki:<\/h3>\n\n\n\n<p>Czasowniki fi\u0144skie maj\u0105 kluczowe znaczenie dla wyra\u017cania dzia\u0142a\u0144 i stan\u00f3w. Zapoznaj si\u0119 z podstawowymi wzorcami koniugacji czasownik\u00f3w i najcz\u0119stszymi czasownikami nieregularnymi.<\/p>\n\n\n\n<h3 class=\"wp-block-heading\" id=\"h-5-tenses-indicative\">5. Czasy oznajmuj\u0105ce:<\/h3>\n\n\n\n<p>Zrozum tryb oznajmuj\u0105cy, kt\u00f3ry s\u0142u\u017cy do wyra\u017cania stwierdze\u0144, fakt\u00f3w i opinii. W trybie oznajmuj\u0105cym w j\u0119zyku fi\u0144skim wyst\u0119puj\u0105 cztery g\u0142\u00f3wne czasy: tera\u017aniejszy, przesz\u0142y (niedokonany), dokonany i z\u0142o\u017cony dokonany. Dowiedz si\u0119, jak poprawnie tworzy\u0107 i u\u017cywa\u0107 tych czas\u00f3w.<\/p>\n\n\n\n<h3 class=\"wp-block-heading\" id=\"h-6-tenses-potential\">6. Potencja\u0142 czas\u00f3w:<\/h3>\n\n\n\n<p>Nastr\u00f3j potencjalny s\u0142u\u017cy do wyra\u017cenia mo\u017cliwo\u015bci, prawdopodobie\u0144stwa lub w\u0105tpliwo\u015bci. Ma dwa czasy: tera\u017aniejszy i przesz\u0142y. Dowiedz si\u0119, jak tworzy\u0107 i u\u017cywa\u0107 tych czas\u00f3w, aby doda\u0107 niuanse do swoich zda\u0144.<\/p>\n\n\n\n<h3 class=\"wp-block-heading\" id=\"h-7-tenses-imperative\">7. Czas Tryb rozkazuj\u0105cy:<\/h3>\n\n\n\n<p>Tryb rozkazuj\u0105cy s\u0142u\u017cy do wydawania polece\u0144 i sk\u0142adania pr\u00f3\u015bb. Dowiedz si\u0119, jak formu\u0142owa\u0107 tryb rozkazuj\u0105cy w j\u0119zyku fi\u0144skim i u\u017cywa\u0107 go odpowiednio w r\u00f3\u017cnych sytuacjach.<\/p>\n\n\n\n<h3 class=\"wp-block-heading\" id=\"h-8-tense-comparison\">8. Por\u00f3wnanie czasu:<\/h3>\n\n\n\n<p>Dowiedz si\u0119, jak por\u00f3wnywa\u0107 r\u00f3\u017cne czasy i nastroje w j\u0119zyku fi\u0144skim. Ta umiej\u0119tno\u015b\u0107 pozwoli ci wyrazi\u0107 z\u0142o\u017cone idee i relacje mi\u0119dzy wydarzeniami.<\/p>\n\n\n\n<h3 class=\"wp-block-heading\" id=\"h-9-adverbs\">9. Przys\u0142\u00f3wki:<\/h3>\n\n\n\n<p>Przys\u0142\u00f3wki modyfikuj\u0105 czasowniki, przymiotniki lub inne przys\u0142\u00f3wki, dostarczaj\u0105c dodatkowych informacji o dzia\u0142aniach lub cechach. <a href=\"https:\/\/talkpal.ai\/pl\/naucz-sie-malajskiego\/\">Naucz si\u0119<\/a> r\u00f3\u017cnych rodzaj\u00f3w przys\u0142\u00f3wk\u00f3w i jak skutecznie ich u\u017cywa\u0107 w swoich zdaniach.<\/p>\n\n\n\n<h3 class=\"wp-block-heading\" id=\"h-10-postpositions\">10. Stanowiska:<\/h3>\n\n\n\n<p>W j\u0119zyku fi\u0144skim u\u017cywa si\u0119 postpozycji zamiast przyimk\u00f3w, aby wskaza\u0107 relacje mi\u0119dzy s\u0142owami. Poznaj najcz\u0119stsze postpozycje i ich funkcjonowanie w zdaniu.<\/p>\n\n\n\n<h3 class=\"wp-block-heading\" id=\"h-11-sentence-structure\">11. Struktura zdania:<\/h3>\n\n\n\n<p>Na koniec przestudiuj podstawow\u0105 struktur\u0119 zda\u0144 w j\u0119zyku fi\u0144skim, kt\u00f3ra jest zgodna ze wzorcem podmiot-orzeczenie-dope\u0142nienie (SVO). Dowiedz si\u0119, jak tworzy\u0107 proste i z\u0142o\u017cone zdania przy u\u017cyciu poznanych zagadnie\u0144 gramatycznych i \u0107wicz ich \u0142\u0105czenie, aby dok\u0142adnie i p\u0142ynnie wyra\u017ca\u0107 swoje my\u015bli.<\/p>\n<\/div><\/div>\n\r\n<section class=\"learnNavigationSection\">\r\n            \r\n        <a href=\"https:\/\/talkpal.ai\/pl\/naucz-sie-finskiego\/\">\r\n            <div class=\"learnNavigationWrapper\">\r\n                <div class=\"learnNavigationContent\">\r\n                    <img decoding=\"async\" src=\"https:\/\/talkpal.ai\/wp-content\/uploads\/2024\/08\/Finnish.jpg\" alt=\"Finnish Flag\">\r\n                    <div>\r\n                        <h4>O fi\u0144skiej nauce<\/h4>\r\n                        <p>Dowiedz si\u0119 wszystkiego o gramatyce fi\u0144skiej .<\/p>\r\n                    <\/div>\r\n                <\/div>\r\n            <\/div>\r\n        <\/a>\r\n\r\n        \r\n        <a href=\"https:\/\/talkpal.ai\/pl\/gramatyka-finska\/\">\r\n            <div class=\"learnNavigationWrapper\">\r\n                <div class=\"learnNavigationContent\">\r\n                    <img decoding=\"async\" src=\"https:\/\/talkpal.ai\/wp-content\/uploads\/2024\/08\/Finnish.jpg\" alt=\"Finnish Flag\">\r\n                    <div>\r\n                        <h4>Lekcje gramatyki fi\u0144skiej<\/h4>\r\n                        <p>\u0106wicz gramatyk\u0119 fi\u0144sk\u0105 .<\/p>\r\n                    <\/div>\r\n                <\/div>\r\n            <\/div>\r\n        <\/a>\r\n\r\n        \r\n        <a href=\"https:\/\/talkpal.ai\/vocabulary_language\/finnish\/\">\r\n            <div class=\"learnNavigationWrapper\">\r\n                <div class=\"learnNavigationContent\">\r\n                    <img decoding=\"async\" src=\"https:\/\/talkpal.ai\/wp-content\/uploads\/2024\/08\/Finnish.jpg\" alt=\"Finnish Flag\">\r\n                    <div>\r\n                        <h4>S\u0142ownictwo fi\u0144skie<\/h4>\r\n                        <p>Poszerz swoje fi\u0144skie s\u0142ownictwo.<\/p>\r\n                    <\/div>\r\n                <\/div>\r\n            <\/div>\r\n        <\/a>\r\n\r\n            <\/section>\n<p><\/p>\n","protected":false},"excerpt":{"rendered":"<p>Zagadnienia gramatyczne w j\u0119zyku fi\u0144skim Nauka fi\u0144skiego mo\u017ce by\u0107 satysfakcjonuj\u0105cym do\u015bwiadczeniem dla entuzjast\u00f3w j\u0119zyka, poniewa\u017c jest to wyj\u0105tkowy i fascynuj\u0105cy j\u0119zyk o bogatej historii kulturowej. Gramatyka fi\u0144ska mo\u017ce pocz\u0105tkowo wydawa\u0107 si\u0119 trudna, ale dzi\u0119ki systematycznemu podej\u015bciu i skupieniu si\u0119 na najwa\u017cniejszych tematach mo\u017cesz robi\u0107 sta\u0142e post\u0119py i ostatecznie osi\u0105gn\u0105\u0107 bieg\u0142o\u015b\u0107 w tym pi\u0119knym j\u0119zyku. W [&hellip;]<\/p>\n","protected":false},"author":6,"featured_media":106667,"parent":0,"menu_order":0,"comment_status":"closed","ping_status":"closed","template":"LearningContentPage.php","meta":{"_acf_changed":false,"footnotes":""},"class_list":["post-134087","page","type-page","status-publish","has-post-thumbnail","hentry"],"acf":[],"yoast_head":"<!-- This site is optimized with the Yoast SEO Premium plugin v27.2 (Yoast SEO v27.2) - https:\/\/yoast.com\/product\/yoast-seo-premium-wordpress\/ -->\n<title>\u0106wiczenia gramatyczne z j\u0119zyka fi\u0144skiego - Talkpal<\/title>\n<meta name=\"description\" content=\"\u0106wicz i doskonal swoje umiej\u0119tno\u015bci w zakresie gramatyki fi\u0144skiej dzi\u0119ki tym interaktywnym i skutecznym \u0107wiczeniom. Odpowiedni dla wszystkich poziom\u00f3w nauczania.\" \/>\n<meta name=\"robots\" content=\"index, follow, max-snippet:-1, max-image-preview:large, max-video-preview:-1\" \/>\n<link rel=\"canonical\" href=\"https:\/\/talkpal.ai\/pl\/cwiczenia-gramatyczne-z-jezyka-finskiego\/\" \/>\n<meta property=\"og:locale\" content=\"pl_PL\" \/>\n<meta property=\"og:type\" content=\"article\" \/>\n<meta property=\"og:title\" content=\"\u0106wiczenia gramatyczne z j\u0119zyka fi\u0144skiego\" \/>\n<meta property=\"og:description\" content=\"Zagadnienia gramatyczne w j\u0119zyku fi\u0144skim Nauka fi\u0144skiego mo\u017ce by\u0107 satysfakcjonuj\u0105cym do\u015bwiadczeniem dla entuzjast\u00f3w j\u0119zyka, poniewa\u017c jest to wyj\u0105tkowy i\" \/>\n<meta property=\"og:url\" content=\"https:\/\/talkpal.ai\/pl\/cwiczenia-gramatyczne-z-jezyka-finskiego\/\" \/>\n<meta property=\"og:site_name\" content=\"Talkpal\" \/>\n<meta property=\"article:publisher\" content=\"https:\/\/www.facebook.com\/profile.php?id=100090733639311\" \/>\n<meta property=\"article:modified_time\" content=\"2025-12-17T15:32:02+00:00\" \/>\n<meta property=\"og:image\" content=\"https:\/\/talkpal.ai\/wp-content\/uploads\/2023\/04\/finland.png\" \/>\n\t<meta property=\"og:image:width\" content=\"512\" \/>\n\t<meta property=\"og:image:height\" content=\"512\" \/>\n\t<meta property=\"og:image:type\" content=\"image\/png\" \/>\n<meta name=\"twitter:card\" content=\"summary_large_image\" \/>\n<meta name=\"twitter:site\" content=\"@talkpalai\" \/>\n<meta name=\"twitter:label1\" content=\"Szacowany czas czytania\" \/>\n\t<meta name=\"twitter:data1\" content=\"3 minuty\" \/>\n<script type=\"application\/ld+json\" class=\"yoast-schema-graph\">{\"@context\":\"https:\/\/schema.org\",\"@graph\":[{\"@type\":\"WebPage\",\"@id\":\"https:\/\/talkpal.ai\/pl\/cwiczenia-gramatyczne-z-jezyka-finskiego\/\",\"url\":\"https:\/\/talkpal.ai\/pl\/cwiczenia-gramatyczne-z-jezyka-finskiego\/\",\"name\":\"\u0106wiczenia gramatyczne z j\u0119zyka fi\u0144skiego - Talkpal\",\"isPartOf\":{\"@id\":\"https:\/\/talkpal.ai\/pl\/#website\"},\"primaryImageOfPage\":{\"@id\":\"https:\/\/talkpal.ai\/pl\/cwiczenia-gramatyczne-z-jezyka-finskiego\/#primaryimage\"},\"image\":{\"@id\":\"https:\/\/talkpal.ai\/pl\/cwiczenia-gramatyczne-z-jezyka-finskiego\/#primaryimage\"},\"thumbnailUrl\":\"https:\/\/talkpal.ai\/wp-content\/uploads\/2023\/04\/finland.png\",\"datePublished\":\"2023-06-16T10:07:13+00:00\",\"dateModified\":\"2025-12-17T15:32:02+00:00\",\"description\":\"\u0106wicz i doskonal swoje umiej\u0119tno\u015bci w zakresie gramatyki fi\u0144skiej dzi\u0119ki tym interaktywnym i skutecznym \u0107wiczeniom. Odpowiedni dla wszystkich poziom\u00f3w nauczania.\",\"breadcrumb\":{\"@id\":\"https:\/\/talkpal.ai\/pl\/cwiczenia-gramatyczne-z-jezyka-finskiego\/#breadcrumb\"},\"inLanguage\":\"pl-PL\",\"potentialAction\":[{\"@type\":\"ReadAction\",\"target\":[\"https:\/\/talkpal.ai\/pl\/cwiczenia-gramatyczne-z-jezyka-finskiego\/\"]}]},{\"@type\":\"ImageObject\",\"inLanguage\":\"pl-PL\",\"@id\":\"https:\/\/talkpal.ai\/pl\/cwiczenia-gramatyczne-z-jezyka-finskiego\/#primaryimage\",\"url\":\"https:\/\/talkpal.ai\/wp-content\/uploads\/2023\/04\/finland.png\",\"contentUrl\":\"https:\/\/talkpal.ai\/wp-content\/uploads\/2023\/04\/finland.png\",\"width\":512,\"height\":512,\"caption\":\"TalkPal finland Flag\"},{\"@type\":\"BreadcrumbList\",\"@id\":\"https:\/\/talkpal.ai\/pl\/cwiczenia-gramatyczne-z-jezyka-finskiego\/#breadcrumb\",\"itemListElement\":[{\"@type\":\"ListItem\",\"position\":1,\"name\":\"Homepage\",\"item\":\"https:\/\/talkpal.ai\/pl\/\"},{\"@type\":\"ListItem\",\"position\":2,\"name\":\"\u0106wiczenia gramatyczne z j\u0119zyka fi\u0144skiego\"}]},{\"@type\":\"WebSite\",\"@id\":\"https:\/\/talkpal.ai\/pl\/#website\",\"url\":\"https:\/\/talkpal.ai\/pl\/\",\"name\":\"Talkpal\",\"description\":\"AI Language Learning\",\"publisher\":{\"@id\":\"https:\/\/talkpal.ai\/pl\/#organization\"},\"alternateName\":\"Talkpal AI\",\"potentialAction\":[{\"@type\":\"SearchAction\",\"target\":{\"@type\":\"EntryPoint\",\"urlTemplate\":\"https:\/\/talkpal.ai\/pl\/?s={search_term_string}\"},\"query-input\":{\"@type\":\"PropertyValueSpecification\",\"valueRequired\":true,\"valueName\":\"search_term_string\"}}],\"inLanguage\":\"pl-PL\"},{\"@type\":\"Organization\",\"@id\":\"https:\/\/talkpal.ai\/pl\/#organization\",\"name\":\"Talkpal, Inc.\",\"alternateName\":\"Talkpal AI\",\"url\":\"https:\/\/talkpal.ai\/pl\/\",\"logo\":{\"@type\":\"ImageObject\",\"inLanguage\":\"pl-PL\",\"@id\":\"https:\/\/talkpal.ai\/pl\/#\/schema\/logo\/image\/\",\"url\":\"https:\/\/talkpal.ai\/wp-content\/uploads\/2024\/03\/Talkpal-Logo-Icon.png\",\"contentUrl\":\"https:\/\/talkpal.ai\/wp-content\/uploads\/2024\/03\/Talkpal-Logo-Icon.png\",\"width\":2880,\"height\":2880,\"caption\":\"Talkpal, Inc.\"},\"image\":{\"@id\":\"https:\/\/talkpal.ai\/pl\/#\/schema\/logo\/image\/\"},\"sameAs\":[\"https:\/\/www.facebook.com\/profile.php?id=100090733639311\",\"https:\/\/x.com\/talkpalai\",\"https:\/\/www.linkedin.com\/company\/talkpal\/\",\"https:\/\/www.youtube.com\/@TalkPal\/\",\"https:\/\/www.tiktok.com\/@talkpal\",\"https:\/\/www.instagram.com\/talkpal_ai\/\",\"https:\/\/www.crunchbase.com\/organization\/talkpal-9cde\",\"https:\/\/www.g2.com\/products\/talkpal-for-business\/\",\"https:\/\/www.trustpilot.com\/review\/talkpal.ai\",\"https:\/\/www.capterra.com\/p\/10006800\/TalkPal\/\"],\"description\":\"Talkpal is a language learning web and mobile education app, powered by the latest AI technologies, that provides engaging experiences to its customers in many different languages to help them improve their language skills. Users can chat about unlimited amount of topics with the app and use other modes to practice their language learning.\",\"email\":\"support@talkpal.ai\",\"legalName\":\"Talkpal, Inc.\",\"foundingDate\":\"2023-04-03\",\"duns\":\"118989042\",\"numberOfEmployees\":{\"@type\":\"QuantitativeValue\",\"minValue\":\"11\",\"maxValue\":\"50\"},\"publishingPrinciples\":\"https:\/\/talkpal.ai\/publishing-principles\/\",\"actionableFeedbackPolicy\":\"https:\/\/talkpal.ai\/actionable-feedback-policy\/\",\"correctionsPolicy\":\"https:\/\/talkpal.ai\/corrections-policy\/\",\"ethicsPolicy\":\"https:\/\/talkpal.ai\/ethics-policy\/\",\"diversityPolicy\":\"https:\/\/talkpal.ai\/diversity-policy\/\",\"diversityStaffingReport\":\"https:\/\/talkpal.ai\/diversity-policy\/\"}]}<\/script>\n<!-- \/ Yoast SEO Premium plugin. -->","yoast_head_json":{"title":"\u0106wiczenia gramatyczne z j\u0119zyka fi\u0144skiego - Talkpal","description":"\u0106wicz i doskonal swoje umiej\u0119tno\u015bci w zakresie gramatyki fi\u0144skiej dzi\u0119ki tym interaktywnym i skutecznym \u0107wiczeniom. Odpowiedni dla wszystkich poziom\u00f3w nauczania.","robots":{"index":"index","follow":"follow","max-snippet":"max-snippet:-1","max-image-preview":"max-image-preview:large","max-video-preview":"max-video-preview:-1"},"canonical":"https:\/\/talkpal.ai\/pl\/cwiczenia-gramatyczne-z-jezyka-finskiego\/","og_locale":"pl_PL","og_type":"article","og_title":"\u0106wiczenia gramatyczne z j\u0119zyka fi\u0144skiego","og_description":"Zagadnienia gramatyczne w j\u0119zyku fi\u0144skim Nauka fi\u0144skiego mo\u017ce by\u0107 satysfakcjonuj\u0105cym do\u015bwiadczeniem dla entuzjast\u00f3w j\u0119zyka, poniewa\u017c jest to wyj\u0105tkowy i","og_url":"https:\/\/talkpal.ai\/pl\/cwiczenia-gramatyczne-z-jezyka-finskiego\/","og_site_name":"Talkpal","article_publisher":"https:\/\/www.facebook.com\/profile.php?id=100090733639311","article_modified_time":"2025-12-17T15:32:02+00:00","og_image":[{"width":512,"height":512,"url":"https:\/\/talkpal.ai\/wp-content\/uploads\/2023\/04\/finland.png","type":"image\/png"}],"twitter_card":"summary_large_image","twitter_site":"@talkpalai","twitter_misc":{"Szacowany czas czytania":"3 minuty"},"schema":{"@context":"https:\/\/schema.org","@graph":[{"@type":"WebPage","@id":"https:\/\/talkpal.ai\/pl\/cwiczenia-gramatyczne-z-jezyka-finskiego\/","url":"https:\/\/talkpal.ai\/pl\/cwiczenia-gramatyczne-z-jezyka-finskiego\/","name":"\u0106wiczenia gramatyczne z j\u0119zyka fi\u0144skiego - Talkpal","isPartOf":{"@id":"https:\/\/talkpal.ai\/pl\/#website"},"primaryImageOfPage":{"@id":"https:\/\/talkpal.ai\/pl\/cwiczenia-gramatyczne-z-jezyka-finskiego\/#primaryimage"},"image":{"@id":"https:\/\/talkpal.ai\/pl\/cwiczenia-gramatyczne-z-jezyka-finskiego\/#primaryimage"},"thumbnailUrl":"https:\/\/talkpal.ai\/wp-content\/uploads\/2023\/04\/finland.png","datePublished":"2023-06-16T10:07:13+00:00","dateModified":"2025-12-17T15:32:02+00:00","description":"\u0106wicz i doskonal swoje umiej\u0119tno\u015bci w zakresie gramatyki fi\u0144skiej dzi\u0119ki tym interaktywnym i skutecznym \u0107wiczeniom. Odpowiedni dla wszystkich poziom\u00f3w nauczania.","breadcrumb":{"@id":"https:\/\/talkpal.ai\/pl\/cwiczenia-gramatyczne-z-jezyka-finskiego\/#breadcrumb"},"inLanguage":"pl-PL","potentialAction":[{"@type":"ReadAction","target":["https:\/\/talkpal.ai\/pl\/cwiczenia-gramatyczne-z-jezyka-finskiego\/"]}]},{"@type":"ImageObject","inLanguage":"pl-PL","@id":"https:\/\/talkpal.ai\/pl\/cwiczenia-gramatyczne-z-jezyka-finskiego\/#primaryimage","url":"https:\/\/talkpal.ai\/wp-content\/uploads\/2023\/04\/finland.png","contentUrl":"https:\/\/talkpal.ai\/wp-content\/uploads\/2023\/04\/finland.png","width":512,"height":512,"caption":"TalkPal finland Flag"},{"@type":"BreadcrumbList","@id":"https:\/\/talkpal.ai\/pl\/cwiczenia-gramatyczne-z-jezyka-finskiego\/#breadcrumb","itemListElement":[{"@type":"ListItem","position":1,"name":"Homepage","item":"https:\/\/talkpal.ai\/pl\/"},{"@type":"ListItem","position":2,"name":"\u0106wiczenia gramatyczne z j\u0119zyka fi\u0144skiego"}]},{"@type":"WebSite","@id":"https:\/\/talkpal.ai\/pl\/#website","url":"https:\/\/talkpal.ai\/pl\/","name":"Talkpal","description":"AI Language Learning","publisher":{"@id":"https:\/\/talkpal.ai\/pl\/#organization"},"alternateName":"Talkpal AI","potentialAction":[{"@type":"SearchAction","target":{"@type":"EntryPoint","urlTemplate":"https:\/\/talkpal.ai\/pl\/?s={search_term_string}"},"query-input":{"@type":"PropertyValueSpecification","valueRequired":true,"valueName":"search_term_string"}}],"inLanguage":"pl-PL"},{"@type":"Organization","@id":"https:\/\/talkpal.ai\/pl\/#organization","name":"Talkpal, Inc.","alternateName":"Talkpal AI","url":"https:\/\/talkpal.ai\/pl\/","logo":{"@type":"ImageObject","inLanguage":"pl-PL","@id":"https:\/\/talkpal.ai\/pl\/#\/schema\/logo\/image\/","url":"https:\/\/talkpal.ai\/wp-content\/uploads\/2024\/03\/Talkpal-Logo-Icon.png","contentUrl":"https:\/\/talkpal.ai\/wp-content\/uploads\/2024\/03\/Talkpal-Logo-Icon.png","width":2880,"height":2880,"caption":"Talkpal, Inc."},"image":{"@id":"https:\/\/talkpal.ai\/pl\/#\/schema\/logo\/image\/"},"sameAs":["https:\/\/www.facebook.com\/profile.php?id=100090733639311","https:\/\/x.com\/talkpalai","https:\/\/www.linkedin.com\/company\/talkpal\/","https:\/\/www.youtube.com\/@TalkPal\/","https:\/\/www.tiktok.com\/@talkpal","https:\/\/www.instagram.com\/talkpal_ai\/","https:\/\/www.crunchbase.com\/organization\/talkpal-9cde","https:\/\/www.g2.com\/products\/talkpal-for-business\/","https:\/\/www.trustpilot.com\/review\/talkpal.ai","https:\/\/www.capterra.com\/p\/10006800\/TalkPal\/"],"description":"Talkpal is a language learning web and mobile education app, powered by the latest AI technologies, that provides engaging experiences to its customers in many different languages to help them improve their language skills. Users can chat about unlimited amount of topics with the app and use other modes to practice their language learning.","email":"support@talkpal.ai","legalName":"Talkpal, Inc.","foundingDate":"2023-04-03","duns":"118989042","numberOfEmployees":{"@type":"QuantitativeValue","minValue":"11","maxValue":"50"},"publishingPrinciples":"https:\/\/talkpal.ai\/publishing-principles\/","actionableFeedbackPolicy":"https:\/\/talkpal.ai\/actionable-feedback-policy\/","correctionsPolicy":"https:\/\/talkpal.ai\/corrections-policy\/","ethicsPolicy":"https:\/\/talkpal.ai\/ethics-policy\/","diversityPolicy":"https:\/\/talkpal.ai\/diversity-policy\/","diversityStaffingReport":"https:\/\/talkpal.ai\/diversity-policy\/"}]}},"_links":{"self":[{"href":"https:\/\/talkpal.ai\/pl\/wp-json\/wp\/v2\/pages\/134087","targetHints":{"allow":["GET"]}}],"collection":[{"href":"https:\/\/talkpal.ai\/pl\/wp-json\/wp\/v2\/pages"}],"about":[{"href":"https:\/\/talkpal.ai\/pl\/wp-json\/wp\/v2\/types\/page"}],"author":[{"embeddable":true,"href":"https:\/\/talkpal.ai\/pl\/wp-json\/wp\/v2\/users\/6"}],"replies":[{"embeddable":true,"href":"https:\/\/talkpal.ai\/pl\/wp-json\/wp\/v2\/comments?post=134087"}],"version-history":[{"count":0,"href":"https:\/\/talkpal.ai\/pl\/wp-json\/wp\/v2\/pages\/134087\/revisions"}],"wp:featuredmedia":[{"embeddable":true,"href":"https:\/\/talkpal.ai\/pl\/wp-json\/wp\/v2\/media\/106667"}],"wp:attachment":[{"href":"https:\/\/talkpal.ai\/pl\/wp-json\/wp\/v2\/media?parent=134087"}],"curies":[{"name":"wp","href":"https:\/\/api.w.org\/{rel}","templated":true}]}}