{"id":133875,"date":"2023-06-16T10:01:38","date_gmt":"2023-06-16T10:01:38","guid":{"rendered":"http:\/\/talkpal.ai\/cwiczenia-gramatyczne-ze-szwedzkiego\/"},"modified":"2025-12-17T15:29:43","modified_gmt":"2025-12-17T15:29:43","slug":"cwiczenia-gramatyczne-ze-szwedzkiego","status":"publish","type":"page","link":"https:\/\/talkpal.ai\/pl\/cwiczenia-gramatyczne-ze-szwedzkiego\/","title":{"rendered":"\u0106wiczenia gramatyczne ze szwedzkiego"},"content":{"rendered":"\r\n\r\n\r\n<section class=\"languageChallengeSection\">\r\n    <div class=\"languageInfoWrapper\">\r\n        \r\n        <h1>\u0106wiczenia gramatyczne ze szwedzkiego<\/h1>\r\n        <p>Chcesz poprawi\u0107 sw\u00f3j <a href=\"https:\/\/talkpal.ai\/learn-swedish\/\">szwedzki<\/a>? \u0106wiczenie gramatyki to \u015bwietny spos\u00f3b na opanowanie struktury zda\u0144, form czasownik\u00f3w i unikalnych wzorc\u00f3w j\u0119zyka szwedzkiego. Zacznij pracowa\u0107 nad szwedzk\u0105 gramatyk\u0105 ju\u017c dzi\u015b i obserwuj, jak twoje umiej\u0119tno\u015bci i pewno\u015b\u0107 siebie rosn\u0105 z ka\u017cdym \u0107wiczeniem!\n\n<\/p>\r\n\r\n                            <a class=\"getStartedHidden\" href=\"https:\/\/app.talkpal.ai\/pl\/signup?lng=\">Zaczynaj<\/a>\r\n        \r\n    <\/div>\r\n\r\n    <figure>\r\n    <img decoding=\"async\" width=\"768\" height=\"768\" src=\"https:\/\/talkpal.ai\/wp-content\/uploads\/2023\/06\/swedish-768x768.png\" class=\"languageImage no-lazy\" alt=\"Language learning for improved concentration\" fetchpriority=\"high\" sizes=\"(max-width: 768px) 150px, 768px\" srcset=\"https:\/\/talkpal.ai\/wp-content\/uploads\/2023\/06\/swedish-768x768.png 768w, https:\/\/talkpal.ai\/wp-content\/uploads\/2023\/06\/swedish-300x300.png 300w\" \/>\r\n    \r\n\r\n    <\/figure>\r\n\r\n            <a class=\"getStartedVisible\" href=\"https:\/\/app.talkpal.ai\/pl\/signup?lng=\">Zaczynaj<\/a>\r\n    \r\n<\/section>\r\n\r\n\r\n<!-- <section class=\"grammarSection\">\r\n    <div class=\"grammarLinks\">\r\n            <\/div>\r\n<\/section> -->\r\n\r\n\r\n\r\n\r\n<section class=\"promotionalBanner\">\r\n    <p class=\"promotionalText\">Najbardziej efektywny spos\u00f3b nauki j\u0119zyka<\/p>\r\n    <a class=\"promotionalLink\" href=\"https:\/\/app.talkpal.ai\/pl\/signup?lng=\">Wypr\u00f3buj Talkpal za darmo<\/a>\r\n<\/section>\n<div class=\"wp-block-group pageContainerStyle\"><div class=\"wp-block-group__inner-container is-layout-constrained wp-block-group-is-layout-constrained\">\n<h2 class=\"wp-block-heading\" id=\"h-swedish-grammar-topics\">Zagadnienia gramatyczne j\u0119zyka szwedzkiego<\/h2>\n\n\n\n<p>Nauka szwedzkiego, j\u0119zyka urz\u0119dowego Szwecji i jednego z j\u0119zyk\u00f3w urz\u0119dowych Finlandii, mo\u017ce by\u0107 satysfakcjonuj\u0105cym do\u015bwiadczeniem. Nie tylko pozwoli Ci pozna\u0107 bogat\u0105 kultur\u0119 i histori\u0119, ale tak\u017ce u\u0142atwi komunikacj\u0119 z ponad 10 milionami native speaker\u00f3w. Aby skutecznie uczy\u0107 si\u0119 szwedzkiego, wa\u017cne jest, aby zrozumie\u0107 r\u00f3\u017cne zagadnienia gramatyczne i ich wzajemne powi\u0105zania. Ten przewodnik zawiera przegl\u0105d kluczowych zagadnie\u0144 gramatyki szwedzkiej, uporz\u0105dkowanych w kolejno\u015bci, kt\u00f3ra pomo\u017ce Ci stopniowo i skutecznie budowa\u0107 umiej\u0119tno\u015bci j\u0119zykowe.<\/p>\n\n\n\n<h3 class=\"wp-block-heading\" id=\"h-1-nouns\">1. Rzeczowniki:<\/h3>\n\n\n\n<p>Rozpocznij swoj\u0105 przygod\u0119 z j\u0119zykiem szwedzkim od zapoznania si\u0119 z rzeczownikami, poniewa\u017c s\u0105 one budulcem ka\u017cdego j\u0119zyka. W j\u0119zyku szwedzkim rzeczowniki maj\u0105 dwa rodzaje (pospolity i nijaki), kt\u00f3re wp\u0142ywaj\u0105 na rodzajniki i u\u017cywane z nimi przymiotniki. Maj\u0105 r\u00f3wnie\u017c formy liczby pojedynczej i mnogiej, a tak\u017ce formy okre\u015blone i nieokre\u015blone.<\/p>\n\n\n\n<h3 class=\"wp-block-heading\" id=\"h-2-articles\">2. Artyku\u0142y:<\/h3>\n\n\n\n<p>Gdy ju\u017c zrozumiesz rzeczowniki, przejd\u017a do artyku\u0142\u00f3w, kt\u00f3re s\u0105 niezb\u0119dne do okre\u015blenia rodzaju i liczby rzeczownika. Szwedzki ma rodzajniki okre\u015blone i nieokre\u015blone, kt\u00f3re zgadzaj\u0105 si\u0119 z rodzajem i liczb\u0105 rzeczownika, kt\u00f3ry modyfikuj\u0105.<\/p>\n\n\n\n<h3 class=\"wp-block-heading\" id=\"h-3-adjectives\">3. Przymiotniki:<\/h3>\n\n\n\n<p>Przymiotniki s\u0105 u\u017cywane do opisywania rzeczownik\u00f3w i zgadzaj\u0105 si\u0119 pod wzgl\u0119dem rodzaju, liczby i okre\u015blono\u015bci z rzeczownikiem, kt\u00f3ry modyfikuj\u0105. Nauka przymiotnik\u00f3w pomo\u017ce Ci wyrazi\u0107 bardziej z\u0142o\u017cone idee i opisy w j\u0119zyku szwedzkim.<\/p>\n\n\n\n<h3 class=\"wp-block-heading\" id=\"h-4-pronouns\">4. Zaimki:<\/h3>\n\n\n\n<p>Zaimki zast\u0119puj\u0105 rzeczowniki w zdaniach i s\u0105 niezb\u0119dne, aby Twoja mowa by\u0142a bardziej p\u0142ynna i naturalna. Szwedzki ma zaimki osobowe, dzier\u017cawcze, zwrotne i wzgl\u0119dne, z kt\u00f3rych ka\u017cdy ma swoje w\u0142asne zasady dotycz\u0105ce zgody i u\u017cycia.<\/p>\n\n\n\n<h3 class=\"wp-block-heading\" id=\"h-5-verbs\">5. Czasowniki:<\/h3>\n\n\n\n<p>Czasowniki wyra\u017caj\u0105 czynno\u015bci, wydarzenia lub stany istnienia i s\u0105 kluczow\u0105 cz\u0119\u015bci\u0105 ka\u017cdego j\u0119zyka. W j\u0119zyku szwedzkim czasowniki odmieniaj\u0105 si\u0119 zgodnie z czasem i nastrojem. Zacznij od nauki trybu oznajmuj\u0105cego czasu tera\u017aniejszego, kt\u00f3ry jest najcz\u0119stsz\u0105 i najbardziej u\u017cyteczn\u0105 form\u0105.<\/p>\n\n\n\n<h3 class=\"wp-block-heading\" id=\"h-6-tenses-indicative\">6. Czasy oznajmuj\u0105ce:<\/h3>\n\n\n\n<p>Przechodz\u0105c od czasu tera\u017aniejszego, <a href=\"https:\/\/talkpal.ai\/pl\/naucz-sie-malajskiego\/\">naucz si\u0119<\/a> czasu przesz\u0142ego i przysz\u0142ego w trybie oznajmuj\u0105cym. Pozwol\u0105 Ci one m\u00f3wi\u0107 o wydarzeniach i dzia\u0142aniach, kt\u00f3re mia\u0142y miejsce lub b\u0119d\u0105 mia\u0142y miejsce, poszerzaj\u0105c Twoj\u0105 zdolno\u015b\u0107 komunikowania si\u0119 w j\u0119zyku szwedzkim.<\/p>\n\n\n\n<h3 class=\"wp-block-heading\" id=\"h-7-tenses-subjunctive\">7. Czas \u0142\u0105cz\u0105cy:<\/h3>\n\n\n\n<p>Chocia\u017c mniej powszechny ni\u017c tryb oznajmuj\u0105cy, tryb \u0142\u0105cz\u0105cy jest u\u017cywany do wyra\u017cania hipotetycznych lub niepewnych zdarze\u0144. Nauka form \u0142\u0105cz\u0105cych czasownik\u00f3w zwi\u0119kszy twoj\u0105 zdolno\u015b\u0107 do wyra\u017cania bardziej zniuansowanych pomys\u0142\u00f3w.<\/p>\n\n\n\n<h3 class=\"wp-block-heading\" id=\"h-8-tense-comparison\">8. Por\u00f3wnanie czasu:<\/h3>\n\n\n\n<p>Zrozumienie, jak por\u00f3wnywa\u0107 r\u00f3\u017cne czasy, pozwoli ci wyrazi\u0107 bardziej z\u0142o\u017cone idee dotycz\u0105ce czasu i wydarze\u0144. Obejmuje to umiej\u0119tno\u015b\u0107 jednoczesnego u\u017cywania czas\u00f3w przesz\u0142ych i przysz\u0142ych, a tak\u017ce zrozumienie, w jaki spos\u00f3b r\u00f3\u017cne czasy oddzia\u0142uj\u0105 na siebie w zdaniach z\u0142o\u017conych.<\/p>\n\n\n\n<h3 class=\"wp-block-heading\" id=\"h-9-adverbs\">9. Przys\u0142\u00f3wki:<\/h3>\n\n\n\n<p>Przys\u0142\u00f3wki modyfikuj\u0105 czasowniki, przymiotniki lub inne przys\u0142\u00f3wki, dostarczaj\u0105c dodatkowych informacji o dzia\u0142aniach lub cechach. Nauka szwedzkich przys\u0142\u00f3wk\u00f3w pomo\u017ce Ci precyzyjniej i skuteczniej wyra\u017ca\u0107 pomys\u0142y.<\/p>\n\n\n\n<h3 class=\"wp-block-heading\" id=\"h-10-prepositions\">10. Przyimki:<\/h3>\n\n\n\n<p>Przyimki \u0142\u0105cz\u0105 rzeczowniki, zaimki i frazy z innymi s\u0142owami w zdaniu, wyra\u017caj\u0105c relacje, takie jak lokalizacja, kierunek i czas. Opanowanie przyimk\u00f3w ma fundamentalne znaczenie dla konstruowania jasnych i znacz\u0105cych zda\u0144 w j\u0119zyku szwedzkim.<\/p>\n\n\n\n<h3 class=\"wp-block-heading\" id=\"h-11-sentence-structure\">11. Struktura zdania:<\/h3>\n\n\n\n<p>Wreszcie, zrozumienie podstawowych zasad szwedzkiej struktury zda\u0144 po\u0142\u0105czy wszystkie poprzednie tematy gramatyczne, umo\u017cliwiaj\u0105c tworzenie dobrze sformu\u0142owanych zda\u0144 oraz dok\u0142adne i skuteczne wyra\u017canie si\u0119 w j\u0119zyku.<\/p>\n<\/div><\/div>\n\r\n<section class=\"learnNavigationSection\">\r\n            \r\n        <a href=\"https:\/\/talkpal.ai\/pl\/naucz-sie-szwedzkiego\/\">\r\n            <div class=\"learnNavigationWrapper\">\r\n                <div class=\"learnNavigationContent\">\r\n                    <img decoding=\"async\" src=\"https:\/\/talkpal.ai\/wp-content\/uploads\/2024\/08\/Swedish.jpg\" alt=\"Swedish Flag\">\r\n                    <div>\r\n                        <h4>Informacje o nauce szwedzkiego<\/h4>\r\n                        <p>Dowiedz si\u0119 wszystkiego o szwedzkiej gramatyce.<\/p>\r\n                    <\/div>\r\n                <\/div>\r\n            <\/div>\r\n        <\/a>\r\n\r\n        \r\n        <a href=\"https:\/\/talkpal.ai\/pl\/gramatyka-szwedzka\/\">\r\n            <div class=\"learnNavigationWrapper\">\r\n                <div class=\"learnNavigationContent\">\r\n                    <img decoding=\"async\" src=\"https:\/\/talkpal.ai\/wp-content\/uploads\/2024\/08\/Swedish.jpg\" alt=\"Swedish Flag\">\r\n                    <div>\r\n                        <h4>Szwedzki \u0106wiczenie gramatyczne<\/h4>\r\n                        <p>\u0106wicz gramatyk\u0119 szwedzk\u0105.<\/p>\r\n                    <\/div>\r\n                <\/div>\r\n            <\/div>\r\n        <\/a>\r\n\r\n        \r\n        <a href=\"https:\/\/talkpal.ai\/vocabulary_language\/swedish\/\">\r\n            <div class=\"learnNavigationWrapper\">\r\n                <div class=\"learnNavigationContent\">\r\n                    <img decoding=\"async\" src=\"https:\/\/talkpal.ai\/wp-content\/uploads\/2024\/08\/Swedish.jpg\" alt=\"Swedish Flag\">\r\n                    <div>\r\n                        <h4>S\u0142ownictwo szwedzkie<\/h4>\r\n                        <p>Poszerz swoje szwedzkie s\u0142ownictwo.<\/p>\r\n                    <\/div>\r\n                <\/div>\r\n            <\/div>\r\n        <\/a>\r\n\r\n            <\/section>","protected":false},"excerpt":{"rendered":"<p>Zagadnienia gramatyczne j\u0119zyka szwedzkiego Nauka szwedzkiego, j\u0119zyka urz\u0119dowego Szwecji i jednego z j\u0119zyk\u00f3w urz\u0119dowych Finlandii, mo\u017ce by\u0107 satysfakcjonuj\u0105cym do\u015bwiadczeniem. Nie tylko pozwoli Ci pozna\u0107 bogat\u0105 kultur\u0119 i histori\u0119, ale tak\u017ce u\u0142atwi komunikacj\u0119 z ponad 10 milionami native speaker\u00f3w. Aby skutecznie uczy\u0107 si\u0119 szwedzkiego, wa\u017cne jest, aby zrozumie\u0107 r\u00f3\u017cne zagadnienia gramatyczne i ich wzajemne powi\u0105zania. Ten [&hellip;]<\/p>\n","protected":false},"author":6,"featured_media":108317,"parent":0,"menu_order":0,"comment_status":"closed","ping_status":"closed","template":"LearningContentPage.php","meta":{"_acf_changed":false,"footnotes":""},"class_list":["post-133875","page","type-page","status-publish","has-post-thumbnail","hentry"],"acf":[],"yoast_head":"<!-- This site is optimized with the Yoast SEO Premium plugin v27.2 (Yoast SEO v27.2) - https:\/\/yoast.com\/product\/yoast-seo-premium-wordpress\/ -->\n<title>\u0106wiczenia gramatyczne ze szwedzkiego - Talkpal<\/title>\n<meta name=\"description\" content=\"Rozwijaj swoje umiej\u0119tno\u015bci j\u0119zykowe dzi\u0119ki ciekawym \u0107wiczeniom z gramatyki j\u0119zyka szwedzkiego przeznaczonym dla os\u00f3b na wszystkich poziomach zaawansowania.\" \/>\n<meta name=\"robots\" content=\"index, follow, max-snippet:-1, max-image-preview:large, max-video-preview:-1\" \/>\n<link rel=\"canonical\" href=\"https:\/\/talkpal.ai\/pl\/cwiczenia-gramatyczne-ze-szwedzkiego\/\" \/>\n<meta property=\"og:locale\" content=\"pl_PL\" \/>\n<meta property=\"og:type\" content=\"article\" \/>\n<meta property=\"og:title\" content=\"\u0106wiczenia gramatyczne ze szwedzkiego\" \/>\n<meta property=\"og:description\" content=\"Zagadnienia gramatyczne j\u0119zyka szwedzkiego Nauka szwedzkiego, j\u0119zyka urz\u0119dowego Szwecji i jednego z j\u0119zyk\u00f3w urz\u0119dowych Finlandii, mo\u017ce by\u0107\" \/>\n<meta property=\"og:url\" content=\"https:\/\/talkpal.ai\/pl\/cwiczenia-gramatyczne-ze-szwedzkiego\/\" \/>\n<meta property=\"og:site_name\" content=\"Talkpal\" \/>\n<meta property=\"article:publisher\" content=\"https:\/\/www.facebook.com\/profile.php?id=100090733639311\" \/>\n<meta property=\"article:modified_time\" content=\"2025-12-17T15:29:43+00:00\" \/>\n<meta property=\"og:image\" content=\"https:\/\/talkpal.ai\/wp-content\/uploads\/2023\/04\/sweden.png\" \/>\n\t<meta property=\"og:image:width\" content=\"512\" \/>\n\t<meta property=\"og:image:height\" content=\"512\" \/>\n\t<meta property=\"og:image:type\" content=\"image\/png\" \/>\n<meta name=\"twitter:card\" content=\"summary_large_image\" \/>\n<meta name=\"twitter:site\" content=\"@talkpalai\" \/>\n<meta name=\"twitter:label1\" content=\"Szacowany czas czytania\" \/>\n\t<meta name=\"twitter:data1\" content=\"3 minuty\" \/>\n<script type=\"application\/ld+json\" class=\"yoast-schema-graph\">{\"@context\":\"https:\/\/schema.org\",\"@graph\":[{\"@type\":\"WebPage\",\"@id\":\"https:\/\/talkpal.ai\/pl\/cwiczenia-gramatyczne-ze-szwedzkiego\/\",\"url\":\"https:\/\/talkpal.ai\/pl\/cwiczenia-gramatyczne-ze-szwedzkiego\/\",\"name\":\"\u0106wiczenia gramatyczne ze szwedzkiego - Talkpal\",\"isPartOf\":{\"@id\":\"https:\/\/talkpal.ai\/pl\/#website\"},\"primaryImageOfPage\":{\"@id\":\"https:\/\/talkpal.ai\/pl\/cwiczenia-gramatyczne-ze-szwedzkiego\/#primaryimage\"},\"image\":{\"@id\":\"https:\/\/talkpal.ai\/pl\/cwiczenia-gramatyczne-ze-szwedzkiego\/#primaryimage\"},\"thumbnailUrl\":\"https:\/\/talkpal.ai\/wp-content\/uploads\/2023\/04\/sweden.png\",\"datePublished\":\"2023-06-16T10:01:38+00:00\",\"dateModified\":\"2025-12-17T15:29:43+00:00\",\"description\":\"Rozwijaj swoje umiej\u0119tno\u015bci j\u0119zykowe dzi\u0119ki ciekawym \u0107wiczeniom z gramatyki j\u0119zyka szwedzkiego przeznaczonym dla os\u00f3b na wszystkich poziomach zaawansowania.\",\"breadcrumb\":{\"@id\":\"https:\/\/talkpal.ai\/pl\/cwiczenia-gramatyczne-ze-szwedzkiego\/#breadcrumb\"},\"inLanguage\":\"pl-PL\",\"potentialAction\":[{\"@type\":\"ReadAction\",\"target\":[\"https:\/\/talkpal.ai\/pl\/cwiczenia-gramatyczne-ze-szwedzkiego\/\"]}]},{\"@type\":\"ImageObject\",\"inLanguage\":\"pl-PL\",\"@id\":\"https:\/\/talkpal.ai\/pl\/cwiczenia-gramatyczne-ze-szwedzkiego\/#primaryimage\",\"url\":\"https:\/\/talkpal.ai\/wp-content\/uploads\/2023\/04\/sweden.png\",\"contentUrl\":\"https:\/\/talkpal.ai\/wp-content\/uploads\/2023\/04\/sweden.png\",\"width\":512,\"height\":512},{\"@type\":\"BreadcrumbList\",\"@id\":\"https:\/\/talkpal.ai\/pl\/cwiczenia-gramatyczne-ze-szwedzkiego\/#breadcrumb\",\"itemListElement\":[{\"@type\":\"ListItem\",\"position\":1,\"name\":\"Homepage\",\"item\":\"https:\/\/talkpal.ai\/pl\/\"},{\"@type\":\"ListItem\",\"position\":2,\"name\":\"\u0106wiczenia gramatyczne ze szwedzkiego\"}]},{\"@type\":\"WebSite\",\"@id\":\"https:\/\/talkpal.ai\/pl\/#website\",\"url\":\"https:\/\/talkpal.ai\/pl\/\",\"name\":\"Talkpal\",\"description\":\"AI Language Learning\",\"publisher\":{\"@id\":\"https:\/\/talkpal.ai\/pl\/#organization\"},\"alternateName\":\"Talkpal AI\",\"potentialAction\":[{\"@type\":\"SearchAction\",\"target\":{\"@type\":\"EntryPoint\",\"urlTemplate\":\"https:\/\/talkpal.ai\/pl\/?s={search_term_string}\"},\"query-input\":{\"@type\":\"PropertyValueSpecification\",\"valueRequired\":true,\"valueName\":\"search_term_string\"}}],\"inLanguage\":\"pl-PL\"},{\"@type\":\"Organization\",\"@id\":\"https:\/\/talkpal.ai\/pl\/#organization\",\"name\":\"Talkpal, Inc.\",\"alternateName\":\"Talkpal AI\",\"url\":\"https:\/\/talkpal.ai\/pl\/\",\"logo\":{\"@type\":\"ImageObject\",\"inLanguage\":\"pl-PL\",\"@id\":\"https:\/\/talkpal.ai\/pl\/#\/schema\/logo\/image\/\",\"url\":\"https:\/\/talkpal.ai\/wp-content\/uploads\/2024\/03\/Talkpal-Logo-Icon.png\",\"contentUrl\":\"https:\/\/talkpal.ai\/wp-content\/uploads\/2024\/03\/Talkpal-Logo-Icon.png\",\"width\":2880,\"height\":2880,\"caption\":\"Talkpal, Inc.\"},\"image\":{\"@id\":\"https:\/\/talkpal.ai\/pl\/#\/schema\/logo\/image\/\"},\"sameAs\":[\"https:\/\/www.facebook.com\/profile.php?id=100090733639311\",\"https:\/\/x.com\/talkpalai\",\"https:\/\/www.linkedin.com\/company\/talkpal\/\",\"https:\/\/www.youtube.com\/@TalkPal\/\",\"https:\/\/www.tiktok.com\/@talkpal\",\"https:\/\/www.instagram.com\/talkpal_ai\/\",\"https:\/\/www.crunchbase.com\/organization\/talkpal-9cde\",\"https:\/\/www.g2.com\/products\/talkpal-for-business\/\",\"https:\/\/www.trustpilot.com\/review\/talkpal.ai\",\"https:\/\/www.capterra.com\/p\/10006800\/TalkPal\/\"],\"description\":\"Talkpal is a language learning web and mobile education app, powered by the latest AI technologies, that provides engaging experiences to its customers in many different languages to help them improve their language skills. Users can chat about unlimited amount of topics with the app and use other modes to practice their language learning.\",\"email\":\"support@talkpal.ai\",\"legalName\":\"Talkpal, Inc.\",\"foundingDate\":\"2023-04-03\",\"duns\":\"118989042\",\"numberOfEmployees\":{\"@type\":\"QuantitativeValue\",\"minValue\":\"11\",\"maxValue\":\"50\"},\"publishingPrinciples\":\"https:\/\/talkpal.ai\/publishing-principles\/\",\"actionableFeedbackPolicy\":\"https:\/\/talkpal.ai\/actionable-feedback-policy\/\",\"correctionsPolicy\":\"https:\/\/talkpal.ai\/corrections-policy\/\",\"ethicsPolicy\":\"https:\/\/talkpal.ai\/ethics-policy\/\",\"diversityPolicy\":\"https:\/\/talkpal.ai\/diversity-policy\/\",\"diversityStaffingReport\":\"https:\/\/talkpal.ai\/diversity-policy\/\"}]}<\/script>\n<!-- \/ Yoast SEO Premium plugin. -->","yoast_head_json":{"title":"\u0106wiczenia gramatyczne ze szwedzkiego - Talkpal","description":"Rozwijaj swoje umiej\u0119tno\u015bci j\u0119zykowe dzi\u0119ki ciekawym \u0107wiczeniom z gramatyki j\u0119zyka szwedzkiego przeznaczonym dla os\u00f3b na wszystkich poziomach zaawansowania.","robots":{"index":"index","follow":"follow","max-snippet":"max-snippet:-1","max-image-preview":"max-image-preview:large","max-video-preview":"max-video-preview:-1"},"canonical":"https:\/\/talkpal.ai\/pl\/cwiczenia-gramatyczne-ze-szwedzkiego\/","og_locale":"pl_PL","og_type":"article","og_title":"\u0106wiczenia gramatyczne ze szwedzkiego","og_description":"Zagadnienia gramatyczne j\u0119zyka szwedzkiego Nauka szwedzkiego, j\u0119zyka urz\u0119dowego Szwecji i jednego z j\u0119zyk\u00f3w urz\u0119dowych Finlandii, mo\u017ce by\u0107","og_url":"https:\/\/talkpal.ai\/pl\/cwiczenia-gramatyczne-ze-szwedzkiego\/","og_site_name":"Talkpal","article_publisher":"https:\/\/www.facebook.com\/profile.php?id=100090733639311","article_modified_time":"2025-12-17T15:29:43+00:00","og_image":[{"width":512,"height":512,"url":"https:\/\/talkpal.ai\/wp-content\/uploads\/2023\/04\/sweden.png","type":"image\/png"}],"twitter_card":"summary_large_image","twitter_site":"@talkpalai","twitter_misc":{"Szacowany czas czytania":"3 minuty"},"schema":{"@context":"https:\/\/schema.org","@graph":[{"@type":"WebPage","@id":"https:\/\/talkpal.ai\/pl\/cwiczenia-gramatyczne-ze-szwedzkiego\/","url":"https:\/\/talkpal.ai\/pl\/cwiczenia-gramatyczne-ze-szwedzkiego\/","name":"\u0106wiczenia gramatyczne ze szwedzkiego - Talkpal","isPartOf":{"@id":"https:\/\/talkpal.ai\/pl\/#website"},"primaryImageOfPage":{"@id":"https:\/\/talkpal.ai\/pl\/cwiczenia-gramatyczne-ze-szwedzkiego\/#primaryimage"},"image":{"@id":"https:\/\/talkpal.ai\/pl\/cwiczenia-gramatyczne-ze-szwedzkiego\/#primaryimage"},"thumbnailUrl":"https:\/\/talkpal.ai\/wp-content\/uploads\/2023\/04\/sweden.png","datePublished":"2023-06-16T10:01:38+00:00","dateModified":"2025-12-17T15:29:43+00:00","description":"Rozwijaj swoje umiej\u0119tno\u015bci j\u0119zykowe dzi\u0119ki ciekawym \u0107wiczeniom z gramatyki j\u0119zyka szwedzkiego przeznaczonym dla os\u00f3b na wszystkich poziomach zaawansowania.","breadcrumb":{"@id":"https:\/\/talkpal.ai\/pl\/cwiczenia-gramatyczne-ze-szwedzkiego\/#breadcrumb"},"inLanguage":"pl-PL","potentialAction":[{"@type":"ReadAction","target":["https:\/\/talkpal.ai\/pl\/cwiczenia-gramatyczne-ze-szwedzkiego\/"]}]},{"@type":"ImageObject","inLanguage":"pl-PL","@id":"https:\/\/talkpal.ai\/pl\/cwiczenia-gramatyczne-ze-szwedzkiego\/#primaryimage","url":"https:\/\/talkpal.ai\/wp-content\/uploads\/2023\/04\/sweden.png","contentUrl":"https:\/\/talkpal.ai\/wp-content\/uploads\/2023\/04\/sweden.png","width":512,"height":512},{"@type":"BreadcrumbList","@id":"https:\/\/talkpal.ai\/pl\/cwiczenia-gramatyczne-ze-szwedzkiego\/#breadcrumb","itemListElement":[{"@type":"ListItem","position":1,"name":"Homepage","item":"https:\/\/talkpal.ai\/pl\/"},{"@type":"ListItem","position":2,"name":"\u0106wiczenia gramatyczne ze szwedzkiego"}]},{"@type":"WebSite","@id":"https:\/\/talkpal.ai\/pl\/#website","url":"https:\/\/talkpal.ai\/pl\/","name":"Talkpal","description":"AI Language Learning","publisher":{"@id":"https:\/\/talkpal.ai\/pl\/#organization"},"alternateName":"Talkpal AI","potentialAction":[{"@type":"SearchAction","target":{"@type":"EntryPoint","urlTemplate":"https:\/\/talkpal.ai\/pl\/?s={search_term_string}"},"query-input":{"@type":"PropertyValueSpecification","valueRequired":true,"valueName":"search_term_string"}}],"inLanguage":"pl-PL"},{"@type":"Organization","@id":"https:\/\/talkpal.ai\/pl\/#organization","name":"Talkpal, Inc.","alternateName":"Talkpal AI","url":"https:\/\/talkpal.ai\/pl\/","logo":{"@type":"ImageObject","inLanguage":"pl-PL","@id":"https:\/\/talkpal.ai\/pl\/#\/schema\/logo\/image\/","url":"https:\/\/talkpal.ai\/wp-content\/uploads\/2024\/03\/Talkpal-Logo-Icon.png","contentUrl":"https:\/\/talkpal.ai\/wp-content\/uploads\/2024\/03\/Talkpal-Logo-Icon.png","width":2880,"height":2880,"caption":"Talkpal, Inc."},"image":{"@id":"https:\/\/talkpal.ai\/pl\/#\/schema\/logo\/image\/"},"sameAs":["https:\/\/www.facebook.com\/profile.php?id=100090733639311","https:\/\/x.com\/talkpalai","https:\/\/www.linkedin.com\/company\/talkpal\/","https:\/\/www.youtube.com\/@TalkPal\/","https:\/\/www.tiktok.com\/@talkpal","https:\/\/www.instagram.com\/talkpal_ai\/","https:\/\/www.crunchbase.com\/organization\/talkpal-9cde","https:\/\/www.g2.com\/products\/talkpal-for-business\/","https:\/\/www.trustpilot.com\/review\/talkpal.ai","https:\/\/www.capterra.com\/p\/10006800\/TalkPal\/"],"description":"Talkpal is a language learning web and mobile education app, powered by the latest AI technologies, that provides engaging experiences to its customers in many different languages to help them improve their language skills. Users can chat about unlimited amount of topics with the app and use other modes to practice their language learning.","email":"support@talkpal.ai","legalName":"Talkpal, Inc.","foundingDate":"2023-04-03","duns":"118989042","numberOfEmployees":{"@type":"QuantitativeValue","minValue":"11","maxValue":"50"},"publishingPrinciples":"https:\/\/talkpal.ai\/publishing-principles\/","actionableFeedbackPolicy":"https:\/\/talkpal.ai\/actionable-feedback-policy\/","correctionsPolicy":"https:\/\/talkpal.ai\/corrections-policy\/","ethicsPolicy":"https:\/\/talkpal.ai\/ethics-policy\/","diversityPolicy":"https:\/\/talkpal.ai\/diversity-policy\/","diversityStaffingReport":"https:\/\/talkpal.ai\/diversity-policy\/"}]}},"_links":{"self":[{"href":"https:\/\/talkpal.ai\/pl\/wp-json\/wp\/v2\/pages\/133875","targetHints":{"allow":["GET"]}}],"collection":[{"href":"https:\/\/talkpal.ai\/pl\/wp-json\/wp\/v2\/pages"}],"about":[{"href":"https:\/\/talkpal.ai\/pl\/wp-json\/wp\/v2\/types\/page"}],"author":[{"embeddable":true,"href":"https:\/\/talkpal.ai\/pl\/wp-json\/wp\/v2\/users\/6"}],"replies":[{"embeddable":true,"href":"https:\/\/talkpal.ai\/pl\/wp-json\/wp\/v2\/comments?post=133875"}],"version-history":[{"count":0,"href":"https:\/\/talkpal.ai\/pl\/wp-json\/wp\/v2\/pages\/133875\/revisions"}],"wp:featuredmedia":[{"embeddable":true,"href":"https:\/\/talkpal.ai\/pl\/wp-json\/wp\/v2\/media\/108317"}],"wp:attachment":[{"href":"https:\/\/talkpal.ai\/pl\/wp-json\/wp\/v2\/media?parent=133875"}],"curies":[{"name":"wp","href":"https:\/\/api.w.org\/{rel}","templated":true}]}}