{"id":132966,"date":"2023-06-16T09:39:29","date_gmt":"2023-06-16T09:39:29","guid":{"rendered":"http:\/\/talkpal.ai\/cwiczenia-z-gramatyki-chinskiej\/"},"modified":"2025-05-22T21:24:52","modified_gmt":"2025-05-22T21:24:52","slug":"cwiczenia-z-gramatyki-chinskiej","status":"publish","type":"page","link":"https:\/\/talkpal.ai\/pl\/cwiczenia-z-gramatyki-chinskiej\/","title":{"rendered":"\u0106wiczenia z gramatyki chi\u0144skiej"},"content":{"rendered":"\r\n\r\n\r\n<section class=\"languageChallengeSection\">\r\n    <div class=\"languageInfoWrapper\">\r\n        \r\n        <h1>\u0106wiczenia z gramatyki chi\u0144skiej<\/h1>\r\n        <p>Chcesz poprawi\u0107 swoje umiej\u0119tno\u015bci j\u0119zykowe? Skupienie si\u0119 na \u0107wiczeniach gramatycznych pomo\u017ce ci zrozumie\u0107 struktur\u0119 zda\u0144, opanowa\u0107 podstawowe wzorce i zbudowa\u0107 pewno\u015b\u0107 siebie w codziennych rozmowach. Zacznij \u0107wiczy\u0107 chi\u0144sk\u0105 gramatyk\u0119 ju\u017c dzi\u015b i z ka\u017cdym \u0107wiczeniem stawiaj kolejne kroki w kierunku p\u0142ynno\u015bci!<\/p>\r\n\r\n                            <a class=\"getStartedHidden\" href=\"https:\/\/app.talkpal.ai\/pl\/signup?lng=\">Zaczynaj<\/a>\r\n        \r\n    <\/div>\r\n\r\n    <figure>\r\n    <img decoding=\"async\" width=\"768\" height=\"768\" src=\"https:\/\/talkpal.ai\/wp-content\/uploads\/2023\/06\/chinese-768x768.png\" class=\"languageImage no-lazy\" alt=\"Language learning for flexible communication\" fetchpriority=\"high\" sizes=\"(max-width: 768px) 150px, 768px\" srcset=\"https:\/\/talkpal.ai\/wp-content\/uploads\/2023\/06\/chinese-768x768.png 768w, https:\/\/talkpal.ai\/wp-content\/uploads\/2023\/06\/chinese-300x300.png 300w\" \/>\r\n    \r\n\r\n    <\/figure>\r\n\r\n            <a class=\"getStartedVisible\" href=\"https:\/\/app.talkpal.ai\/pl\/signup?lng=\">Zaczynaj<\/a>\r\n    \r\n<\/section>\r\n\r\n\r\n<!-- <section class=\"grammarSection\">\r\n    <div class=\"grammarLinks\">\r\n            <\/div>\r\n<\/section> -->\r\n\r\n\r\n\r\n\r\n<section class=\"promotionalBanner\">\r\n    <p class=\"promotionalText\">Najbardziej efektywny spos\u00f3b nauki j\u0119zyka<\/p>\r\n    <a class=\"promotionalLink\" href=\"https:\/\/app.talkpal.ai\/pl\/signup?lng=\">Wypr\u00f3buj Talkpal za darmo<\/a>\r\n<\/section>\n<div class=\"wp-block-group pageContainerStyle\"><div class=\"wp-block-group__inner-container is-layout-constrained wp-block-group-is-layout-constrained\">\n<h2 class=\"wp-block-heading\" id=\"h-chinese-grammar-topics\">Tematy gramatyki chi\u0144skiej<\/h2>\n\n\n\n<p><a href=\"https:\/\/talkpal.ai\/chinese-grammar\/\">Gramatyka chi\u0144ska<\/a> mo\u017ce pocz\u0105tkowo wydawa\u0107 si\u0119 onie\u015bmielaj\u0105ca, ale jest niezb\u0119dna do opanowania j\u0119zyka. Dzi\u0119ki unikalnemu systemowi znak\u00f3w i tonalnemu charakterowi, <a href=\"https:\/\/talkpal.ai\/chinese-grammar\/\">gramatyka chi\u0144ska<\/a> podlega innemu zestawowi zasad ni\u017c j\u0119zyki takie jak <a href=\"https:\/\/talkpal.ai\/learn-english-with-ai\/\">angielski<\/a>. Nauka tych zasad we w\u0142a\u015bciwej kolejno\u015bci pomo\u017ce Ci skuteczniej rozwija\u0107 si\u0119 w nauce j\u0119zyka. Nast\u0119puj\u0105ce tematy zostan\u0105 om\u00f3wione w zalecanej kolejno\u015bci nauki: czasy, czasowniki, rzeczowniki, rodzajniki, zaimki, przymiotniki, przys\u0142\u00f3wki, przyimki i struktura zda\u0144. Ten przewodnik zawiera kr\u00f3tkie wyja\u015bnienia ka\u017cdego tematu, kt\u00f3re pomog\u0105 Ci lepiej zrozumie\u0107 ich funkcje w j\u0119zyku chi\u0144skim.<\/p>\n\n\n\n<h3 class=\"wp-block-heading\" id=\"h-1-tenses\">1. Czasy:<\/h3>\n\n\n\n<p>W przeciwie\u0144stwie do angielskiego, <a href=\"https:\/\/talkpal.ai\/learn-chinese\/\">chi\u0144ski<\/a> nie ma z\u0142o\u017conych koniugacji czasownik\u00f3w, kt\u00f3re wskazywa\u0142yby czas. Zamiast tego u\u017cywa s\u0142\u00f3w lub cz\u0105stek czasu, aby pokaza\u0107, kiedy ma miejsce akcja. Aby wyrazi\u0107 przesz\u0142e, tera\u017aniejsze lub przysz\u0142e dzia\u0142ania, powiniene\u015b najpierw zapozna\u0107 si\u0119 z popularnymi s\u0142owami czasu, takimi jak &#8222;wczoraj&#8221;, &#8222;dzi\u015b&#8221; i &#8222;jutro&#8221;.<\/p>\n\n\n\n<h3 class=\"wp-block-heading\" id=\"h-2-verbs\">2. Czasowniki:<\/h3>\n\n\n\n<p>Kiedy ju\u017c zrozumiesz czasy, koniecznie <a href=\"https:\/\/talkpal.ai\/pl\/naucz-sie-malajskiego\/\">naucz si\u0119<\/a> podstawowych czasownik\u00f3w w j\u0119zyku chi\u0144skim. Czasowniki s\u0105 kluczowe, poniewa\u017c wyra\u017caj\u0105 czynno\u015bci i stany i cz\u0119sto pozostaj\u0105 niezmienione w r\u00f3\u017cnych czasach. Skoncentruj si\u0119 na nauce najpopularniejszych czasownik\u00f3w i ich odpowiednim u\u017cyciu.<\/p>\n\n\n\n<h3 class=\"wp-block-heading\" id=\"h-3-nouns\">3. Rzeczowniki:<\/h3>\n\n\n\n<p>Rzeczowniki s\u0105 budulcem j\u0119zyka, reprezentuj\u0105cym ludzi, miejsca, rzeczy lub idee. W j\u0119zyku chi\u0144skim rzeczowniki s\u0105 na og\u00f3\u0142 proste i mo\u017cesz zacz\u0105\u0107 od nauki najpopularniejszych i najbardziej przydatnych, aby poszerzy\u0107 swoje s\u0142ownictwo.<\/p>\n\n\n\n<h3 class=\"wp-block-heading\" id=\"h-4-articles\">4. Artyku\u0142y:<\/h3>\n\n\n\n<p>W j\u0119zyku chi\u0144skim nie ma przedimk\u00f3w takich jak &#8222;a&#8221; czy &#8222;the&#8221; w j\u0119zyku angielskim. Istniej\u0105 jednak s\u0142owa miary, kt\u00f3re towarzysz\u0105 rzeczownikom wskazuj\u0105cym ilo\u015b\u0107. Te s\u0142owa miary s\u0105 niezb\u0119dne przy omawianiu ilo\u015bci lub liczby konkretnych pozycji.<\/p>\n\n\n\n<h3 class=\"wp-block-heading\" id=\"h-5-pronouns\">5. Zaimki:<\/h3>\n\n\n\n<p>Zaimki s\u0142u\u017c\u0105 do zast\u0119powania rzeczownik\u00f3w w zdaniu i maj\u0105 kluczowe znaczenie dla unikni\u0119cia powt\u00f3rze\u0144. W j\u0119zyku chi\u0144skim zaimki zmieniaj\u0105 si\u0119 w zale\u017cno\u015bci od ich funkcji w zdaniu, takiej jak podmiot, dope\u0142nienie lub dzier\u017cawczy. <a href=\"https:\/\/talkpal.ai\/pl\/naucz-sie-malajskiego\/\">Naucz si\u0119<\/a> r\u00f3\u017cnych zaimk\u00f3w i ich w\u0142a\u015bciwego u\u017cycia, aby poprawi\u0107 konstrukcj\u0119 zdania.<\/p>\n\n\n\n<h3 class=\"wp-block-heading\" id=\"h-6-adjectives\">6. Przymiotniki:<\/h3>\n\n\n\n<p>Przymiotniki s\u0105 u\u017cywane do opisywania lub modyfikowania rzeczownik\u00f3w i odgrywaj\u0105 znacz\u0105c\u0105 rol\u0119 w czynieniu zda\u0144 bardziej wyrazistymi i wci\u0105gaj\u0105cymi. Naucz si\u0119 najcz\u0119stszych przymiotnik\u00f3w i ich rozmieszczenia w stosunku do rzeczownika w zdaniu.<\/p>\n\n\n\n<h3 class=\"wp-block-heading\" id=\"h-7-adverbs\">7. Przys\u0142\u00f3wki:<\/h3>\n\n\n\n<p>Przys\u0142\u00f3wki s\u0105 niezb\u0119dne do dostarczania dodatkowych informacji o czasownikach, przymiotnikach lub innych przys\u0142\u00f3wkach. Mog\u0105 opisywa\u0107, jak, kiedy lub gdzie ma miejsce dzia\u0142anie. Zapoznaj si\u0119 z popularnymi przys\u0142\u00f3wkami i ich u\u017cyciem, aby zwi\u0119kszy\u0107 swoje umiej\u0119tno\u015bci opisowe.<\/p>\n\n\n\n<h3 class=\"wp-block-heading\" id=\"h-8-prepositions\">8. Przyimki:<\/h3>\n\n\n\n<p>Przyimki s\u0105 u\u017cywane do wskazania zwi\u0105zku mi\u0119dzy rzeczownikami lub zaimkami w zdaniu. Cz\u0119sto wyra\u017caj\u0105 one relacje przestrzenne lub czasowe, takie jak &#8222;w&#8221;, &#8222;na&#8221; lub &#8222;przy&#8221;. Poznanie najpopularniejszych przyimk\u00f3w i ich poprawne u\u017cycie znacznie poprawi struktur\u0119 zda\u0144.<\/p>\n\n\n\n<h3 class=\"wp-block-heading\" id=\"h-9-sentence-structure\">9. Struktura zdania:<\/h3>\n\n\n\n<p>Wreszcie, zrozumienie chi\u0144skiej struktury zda\u0144 jest kluczem do tworzenia sp\u00f3jnych i poprawnych gramatycznie zda\u0144. J\u0119zyk chi\u0144ski ma struktur\u0119 podmiot-orzeczenie-dope\u0142nienie (SVO), podobn\u0105 do j\u0119zyka angielskiego. Istniej\u0105 jednak r\u00f3\u017cnice w szyku wyraz\u00f3w i rozmieszczeniu r\u00f3\u017cnych element\u00f3w gramatycznych. Naucz si\u0119 podstawowych wzorc\u00f3w zda\u0144 i \u0107wicz konstruowanie zda\u0144 z element\u00f3w, kt\u00f3rych si\u0119 nauczy\u0142e\u015b, takich jak czasy, czasowniki, rzeczowniki, zaimki, przymiotniki, przys\u0142\u00f3wki i przyimki.<\/p>\n\n\n\n<p>Post\u0119puj\u0105c zgodnie z t\u0105 sekwencj\u0105 i skupiaj\u0105c si\u0119 na ka\u017cdym temacie, rozwiniesz solidne podstawy gramatyki chi\u0144skiej i b\u0119dziesz na dobrej drodze do bieg\u0142o\u015bci w j\u0119zyku.<\/p>\n<\/div><\/div>\n\r\n<section class=\"learnNavigationSection\">\r\n            \r\n        <a href=\"https:\/\/talkpal.ai\/pl\/naucz-sie-chinskiego\/\">\r\n            <div class=\"learnNavigationWrapper\">\r\n                <div class=\"learnNavigationContent\">\r\n                    <img decoding=\"async\" src=\"https:\/\/talkpal.ai\/wp-content\/uploads\/2024\/08\/Chinese.jpg\" alt=\"Chinese Flag\u00a0\">\r\n                    <div>\r\n                        <h4>O nauce chi\u0144skiego<\/h4>\r\n                        <p>Dowiedz si\u0119 wszystkiego o gramatyce chi\u0144skiej.<\/p>\r\n                    <\/div>\r\n                <\/div>\r\n            <\/div>\r\n        <\/a>\r\n\r\n        \r\n        <a href=\"https:\/\/talkpal.ai\/pl\/gramatyka-chinska\/\">\r\n            <div class=\"learnNavigationWrapper\">\r\n                <div class=\"learnNavigationContent\">\r\n                    <img decoding=\"async\" src=\"https:\/\/talkpal.ai\/wp-content\/uploads\/2024\/08\/Chinese.jpg\" alt=\"Chinese Flag\u00a0\">\r\n                    <div>\r\n                        <h4>Lekcje gramatyki chi\u0144skiej<\/h4>\r\n                        <p>\u0106wicz gramatyk\u0119 chi\u0144sk\u0105.<\/p>\r\n                    <\/div>\r\n                <\/div>\r\n            <\/div>\r\n        <\/a>\r\n\r\n        \r\n        <a href=\"https:\/\/talkpal.ai\/vocabulary_language\/chinese\/\">\r\n            <div class=\"learnNavigationWrapper\">\r\n                <div class=\"learnNavigationContent\">\r\n                    <img decoding=\"async\" src=\"https:\/\/talkpal.ai\/wp-content\/uploads\/2024\/08\/Chinese.jpg\" alt=\"Chinese Flag\u00a0\">\r\n                    <div>\r\n                        <h4>Chi\u0144skie s\u0142ownictwo<\/h4>\r\n                        <p>Poszerz swoje chi\u0144skie s\u0142ownictwo.<\/p>\r\n                    <\/div>\r\n                <\/div>\r\n            <\/div>\r\n        <\/a>\r\n\r\n            <\/section>","protected":false},"excerpt":{"rendered":"<p>Tematy gramatyki chi\u0144skiej Gramatyka chi\u0144ska mo\u017ce pocz\u0105tkowo wydawa\u0107 si\u0119 onie\u015bmielaj\u0105ca, ale jest niezb\u0119dna do opanowania j\u0119zyka. Dzi\u0119ki unikalnemu systemowi znak\u00f3w i tonalnemu charakterowi, gramatyka chi\u0144ska podlega innemu zestawowi zasad ni\u017c j\u0119zyki takie jak angielski. Nauka tych zasad we w\u0142a\u015bciwej kolejno\u015bci pomo\u017ce Ci skuteczniej rozwija\u0107 si\u0119 w nauce j\u0119zyka. Nast\u0119puj\u0105ce tematy zostan\u0105 om\u00f3wione w zalecanej kolejno\u015bci [&hellip;]<\/p>\n","protected":false},"author":6,"featured_media":106061,"parent":0,"menu_order":0,"comment_status":"closed","ping_status":"closed","template":"LearningContentPage.php","meta":{"_acf_changed":false,"footnotes":""},"class_list":["post-132966","page","type-page","status-publish","has-post-thumbnail","hentry"],"acf":[],"yoast_head":"<!-- This site is optimized with the Yoast SEO Premium plugin v27.2 (Yoast SEO v27.2) - https:\/\/yoast.com\/product\/yoast-seo-premium-wordpress\/ -->\n<title>\u0106wiczenia z gramatyki chi\u0144skiej - Talkpal<\/title>\n<meta name=\"description\" content=\"Opanuj gramatyk\u0119 j\u0119zyka chi\u0144skiego dzi\u0119ki naszemu kompleksowemu przewodnikowi obejmuj\u0105cemu czasy, czasowniki i wiele wi\u0119cej, aby poprawi\u0107 swoje umiej\u0119tno\u015bci j\u0119zykowe.\" \/>\n<meta name=\"robots\" content=\"index, follow, max-snippet:-1, max-image-preview:large, max-video-preview:-1\" \/>\n<link rel=\"canonical\" href=\"https:\/\/talkpal.ai\/pl\/cwiczenia-z-gramatyki-chinskiej\/\" \/>\n<meta property=\"og:locale\" content=\"pl_PL\" \/>\n<meta property=\"og:type\" content=\"article\" \/>\n<meta property=\"og:title\" content=\"\u0106wiczenia z gramatyki chi\u0144skiej\" \/>\n<meta property=\"og:description\" content=\"Tematy gramatyki chi\u0144skiej Gramatyka chi\u0144ska mo\u017ce pocz\u0105tkowo wydawa\u0107 si\u0119 onie\u015bmielaj\u0105ca, ale jest niezb\u0119dna do opanowania j\u0119zyka. Dzi\u0119ki unikalnemu\" \/>\n<meta property=\"og:url\" content=\"https:\/\/talkpal.ai\/pl\/cwiczenia-z-gramatyki-chinskiej\/\" \/>\n<meta property=\"og:site_name\" content=\"Talkpal\" \/>\n<meta property=\"article:publisher\" content=\"https:\/\/www.facebook.com\/profile.php?id=100090733639311\" \/>\n<meta property=\"article:modified_time\" content=\"2025-05-22T21:24:52+00:00\" \/>\n<meta property=\"og:image\" content=\"https:\/\/talkpal.ai\/wp-content\/uploads\/2023\/04\/china.png\" \/>\n\t<meta property=\"og:image:width\" content=\"512\" \/>\n\t<meta property=\"og:image:height\" content=\"512\" \/>\n\t<meta property=\"og:image:type\" content=\"image\/png\" \/>\n<meta name=\"twitter:card\" content=\"summary_large_image\" \/>\n<meta name=\"twitter:site\" content=\"@talkpalai\" \/>\n<meta name=\"twitter:label1\" content=\"Szacowany czas czytania\" \/>\n\t<meta name=\"twitter:data1\" content=\"3 minuty\" \/>\n<script type=\"application\/ld+json\" class=\"yoast-schema-graph\">{\"@context\":\"https:\/\/schema.org\",\"@graph\":[{\"@type\":\"WebPage\",\"@id\":\"https:\/\/talkpal.ai\/pl\/cwiczenia-z-gramatyki-chinskiej\/\",\"url\":\"https:\/\/talkpal.ai\/pl\/cwiczenia-z-gramatyki-chinskiej\/\",\"name\":\"\u0106wiczenia z gramatyki chi\u0144skiej - Talkpal\",\"isPartOf\":{\"@id\":\"https:\/\/talkpal.ai\/pl\/#website\"},\"primaryImageOfPage\":{\"@id\":\"https:\/\/talkpal.ai\/pl\/cwiczenia-z-gramatyki-chinskiej\/#primaryimage\"},\"image\":{\"@id\":\"https:\/\/talkpal.ai\/pl\/cwiczenia-z-gramatyki-chinskiej\/#primaryimage\"},\"thumbnailUrl\":\"https:\/\/talkpal.ai\/wp-content\/uploads\/2023\/04\/china.png\",\"datePublished\":\"2023-06-16T09:39:29+00:00\",\"dateModified\":\"2025-05-22T21:24:52+00:00\",\"description\":\"Opanuj gramatyk\u0119 j\u0119zyka chi\u0144skiego dzi\u0119ki naszemu kompleksowemu przewodnikowi obejmuj\u0105cemu czasy, czasowniki i wiele wi\u0119cej, aby poprawi\u0107 swoje umiej\u0119tno\u015bci j\u0119zykowe.\",\"breadcrumb\":{\"@id\":\"https:\/\/talkpal.ai\/pl\/cwiczenia-z-gramatyki-chinskiej\/#breadcrumb\"},\"inLanguage\":\"pl-PL\",\"potentialAction\":[{\"@type\":\"ReadAction\",\"target\":[\"https:\/\/talkpal.ai\/pl\/cwiczenia-z-gramatyki-chinskiej\/\"]}]},{\"@type\":\"ImageObject\",\"inLanguage\":\"pl-PL\",\"@id\":\"https:\/\/talkpal.ai\/pl\/cwiczenia-z-gramatyki-chinskiej\/#primaryimage\",\"url\":\"https:\/\/talkpal.ai\/wp-content\/uploads\/2023\/04\/china.png\",\"contentUrl\":\"https:\/\/talkpal.ai\/wp-content\/uploads\/2023\/04\/china.png\",\"width\":512,\"height\":512},{\"@type\":\"BreadcrumbList\",\"@id\":\"https:\/\/talkpal.ai\/pl\/cwiczenia-z-gramatyki-chinskiej\/#breadcrumb\",\"itemListElement\":[{\"@type\":\"ListItem\",\"position\":1,\"name\":\"Homepage\",\"item\":\"https:\/\/talkpal.ai\/pl\/\"},{\"@type\":\"ListItem\",\"position\":2,\"name\":\"\u0106wiczenia z gramatyki chi\u0144skiej\"}]},{\"@type\":\"WebSite\",\"@id\":\"https:\/\/talkpal.ai\/pl\/#website\",\"url\":\"https:\/\/talkpal.ai\/pl\/\",\"name\":\"Talkpal\",\"description\":\"AI Language Learning\",\"publisher\":{\"@id\":\"https:\/\/talkpal.ai\/pl\/#organization\"},\"alternateName\":\"Talkpal AI\",\"potentialAction\":[{\"@type\":\"SearchAction\",\"target\":{\"@type\":\"EntryPoint\",\"urlTemplate\":\"https:\/\/talkpal.ai\/pl\/?s={search_term_string}\"},\"query-input\":{\"@type\":\"PropertyValueSpecification\",\"valueRequired\":true,\"valueName\":\"search_term_string\"}}],\"inLanguage\":\"pl-PL\"},{\"@type\":\"Organization\",\"@id\":\"https:\/\/talkpal.ai\/pl\/#organization\",\"name\":\"Talkpal, Inc.\",\"alternateName\":\"Talkpal AI\",\"url\":\"https:\/\/talkpal.ai\/pl\/\",\"logo\":{\"@type\":\"ImageObject\",\"inLanguage\":\"pl-PL\",\"@id\":\"https:\/\/talkpal.ai\/pl\/#\/schema\/logo\/image\/\",\"url\":\"https:\/\/talkpal.ai\/wp-content\/uploads\/2024\/03\/Talkpal-Logo-Icon.png\",\"contentUrl\":\"https:\/\/talkpal.ai\/wp-content\/uploads\/2024\/03\/Talkpal-Logo-Icon.png\",\"width\":2880,\"height\":2880,\"caption\":\"Talkpal, Inc.\"},\"image\":{\"@id\":\"https:\/\/talkpal.ai\/pl\/#\/schema\/logo\/image\/\"},\"sameAs\":[\"https:\/\/www.facebook.com\/profile.php?id=100090733639311\",\"https:\/\/x.com\/talkpalai\",\"https:\/\/www.linkedin.com\/company\/talkpal\/\",\"https:\/\/www.youtube.com\/@TalkPal\/\",\"https:\/\/www.tiktok.com\/@talkpal\",\"https:\/\/www.instagram.com\/talkpal_ai\/\",\"https:\/\/www.crunchbase.com\/organization\/talkpal-9cde\",\"https:\/\/www.g2.com\/products\/talkpal-for-business\/\",\"https:\/\/www.trustpilot.com\/review\/talkpal.ai\",\"https:\/\/www.capterra.com\/p\/10006800\/TalkPal\/\"],\"description\":\"Talkpal is a language learning web and mobile education app, powered by the latest AI technologies, that provides engaging experiences to its customers in many different languages to help them improve their language skills. Users can chat about unlimited amount of topics with the app and use other modes to practice their language learning.\",\"email\":\"support@talkpal.ai\",\"legalName\":\"Talkpal, Inc.\",\"foundingDate\":\"2023-04-03\",\"duns\":\"118989042\",\"numberOfEmployees\":{\"@type\":\"QuantitativeValue\",\"minValue\":\"11\",\"maxValue\":\"50\"},\"publishingPrinciples\":\"https:\/\/talkpal.ai\/publishing-principles\/\",\"actionableFeedbackPolicy\":\"https:\/\/talkpal.ai\/actionable-feedback-policy\/\",\"correctionsPolicy\":\"https:\/\/talkpal.ai\/corrections-policy\/\",\"ethicsPolicy\":\"https:\/\/talkpal.ai\/ethics-policy\/\",\"diversityPolicy\":\"https:\/\/talkpal.ai\/diversity-policy\/\",\"diversityStaffingReport\":\"https:\/\/talkpal.ai\/diversity-policy\/\"}]}<\/script>\n<!-- \/ Yoast SEO Premium plugin. -->","yoast_head_json":{"title":"\u0106wiczenia z gramatyki chi\u0144skiej - Talkpal","description":"Opanuj gramatyk\u0119 j\u0119zyka chi\u0144skiego dzi\u0119ki naszemu kompleksowemu przewodnikowi obejmuj\u0105cemu czasy, czasowniki i wiele wi\u0119cej, aby poprawi\u0107 swoje umiej\u0119tno\u015bci j\u0119zykowe.","robots":{"index":"index","follow":"follow","max-snippet":"max-snippet:-1","max-image-preview":"max-image-preview:large","max-video-preview":"max-video-preview:-1"},"canonical":"https:\/\/talkpal.ai\/pl\/cwiczenia-z-gramatyki-chinskiej\/","og_locale":"pl_PL","og_type":"article","og_title":"\u0106wiczenia z gramatyki chi\u0144skiej","og_description":"Tematy gramatyki chi\u0144skiej Gramatyka chi\u0144ska mo\u017ce pocz\u0105tkowo wydawa\u0107 si\u0119 onie\u015bmielaj\u0105ca, ale jest niezb\u0119dna do opanowania j\u0119zyka. Dzi\u0119ki unikalnemu","og_url":"https:\/\/talkpal.ai\/pl\/cwiczenia-z-gramatyki-chinskiej\/","og_site_name":"Talkpal","article_publisher":"https:\/\/www.facebook.com\/profile.php?id=100090733639311","article_modified_time":"2025-05-22T21:24:52+00:00","og_image":[{"width":512,"height":512,"url":"https:\/\/talkpal.ai\/wp-content\/uploads\/2023\/04\/china.png","type":"image\/png"}],"twitter_card":"summary_large_image","twitter_site":"@talkpalai","twitter_misc":{"Szacowany czas czytania":"3 minuty"},"schema":{"@context":"https:\/\/schema.org","@graph":[{"@type":"WebPage","@id":"https:\/\/talkpal.ai\/pl\/cwiczenia-z-gramatyki-chinskiej\/","url":"https:\/\/talkpal.ai\/pl\/cwiczenia-z-gramatyki-chinskiej\/","name":"\u0106wiczenia z gramatyki chi\u0144skiej - Talkpal","isPartOf":{"@id":"https:\/\/talkpal.ai\/pl\/#website"},"primaryImageOfPage":{"@id":"https:\/\/talkpal.ai\/pl\/cwiczenia-z-gramatyki-chinskiej\/#primaryimage"},"image":{"@id":"https:\/\/talkpal.ai\/pl\/cwiczenia-z-gramatyki-chinskiej\/#primaryimage"},"thumbnailUrl":"https:\/\/talkpal.ai\/wp-content\/uploads\/2023\/04\/china.png","datePublished":"2023-06-16T09:39:29+00:00","dateModified":"2025-05-22T21:24:52+00:00","description":"Opanuj gramatyk\u0119 j\u0119zyka chi\u0144skiego dzi\u0119ki naszemu kompleksowemu przewodnikowi obejmuj\u0105cemu czasy, czasowniki i wiele wi\u0119cej, aby poprawi\u0107 swoje umiej\u0119tno\u015bci j\u0119zykowe.","breadcrumb":{"@id":"https:\/\/talkpal.ai\/pl\/cwiczenia-z-gramatyki-chinskiej\/#breadcrumb"},"inLanguage":"pl-PL","potentialAction":[{"@type":"ReadAction","target":["https:\/\/talkpal.ai\/pl\/cwiczenia-z-gramatyki-chinskiej\/"]}]},{"@type":"ImageObject","inLanguage":"pl-PL","@id":"https:\/\/talkpal.ai\/pl\/cwiczenia-z-gramatyki-chinskiej\/#primaryimage","url":"https:\/\/talkpal.ai\/wp-content\/uploads\/2023\/04\/china.png","contentUrl":"https:\/\/talkpal.ai\/wp-content\/uploads\/2023\/04\/china.png","width":512,"height":512},{"@type":"BreadcrumbList","@id":"https:\/\/talkpal.ai\/pl\/cwiczenia-z-gramatyki-chinskiej\/#breadcrumb","itemListElement":[{"@type":"ListItem","position":1,"name":"Homepage","item":"https:\/\/talkpal.ai\/pl\/"},{"@type":"ListItem","position":2,"name":"\u0106wiczenia z gramatyki chi\u0144skiej"}]},{"@type":"WebSite","@id":"https:\/\/talkpal.ai\/pl\/#website","url":"https:\/\/talkpal.ai\/pl\/","name":"Talkpal","description":"AI Language Learning","publisher":{"@id":"https:\/\/talkpal.ai\/pl\/#organization"},"alternateName":"Talkpal AI","potentialAction":[{"@type":"SearchAction","target":{"@type":"EntryPoint","urlTemplate":"https:\/\/talkpal.ai\/pl\/?s={search_term_string}"},"query-input":{"@type":"PropertyValueSpecification","valueRequired":true,"valueName":"search_term_string"}}],"inLanguage":"pl-PL"},{"@type":"Organization","@id":"https:\/\/talkpal.ai\/pl\/#organization","name":"Talkpal, Inc.","alternateName":"Talkpal AI","url":"https:\/\/talkpal.ai\/pl\/","logo":{"@type":"ImageObject","inLanguage":"pl-PL","@id":"https:\/\/talkpal.ai\/pl\/#\/schema\/logo\/image\/","url":"https:\/\/talkpal.ai\/wp-content\/uploads\/2024\/03\/Talkpal-Logo-Icon.png","contentUrl":"https:\/\/talkpal.ai\/wp-content\/uploads\/2024\/03\/Talkpal-Logo-Icon.png","width":2880,"height":2880,"caption":"Talkpal, Inc."},"image":{"@id":"https:\/\/talkpal.ai\/pl\/#\/schema\/logo\/image\/"},"sameAs":["https:\/\/www.facebook.com\/profile.php?id=100090733639311","https:\/\/x.com\/talkpalai","https:\/\/www.linkedin.com\/company\/talkpal\/","https:\/\/www.youtube.com\/@TalkPal\/","https:\/\/www.tiktok.com\/@talkpal","https:\/\/www.instagram.com\/talkpal_ai\/","https:\/\/www.crunchbase.com\/organization\/talkpal-9cde","https:\/\/www.g2.com\/products\/talkpal-for-business\/","https:\/\/www.trustpilot.com\/review\/talkpal.ai","https:\/\/www.capterra.com\/p\/10006800\/TalkPal\/"],"description":"Talkpal is a language learning web and mobile education app, powered by the latest AI technologies, that provides engaging experiences to its customers in many different languages to help them improve their language skills. Users can chat about unlimited amount of topics with the app and use other modes to practice their language learning.","email":"support@talkpal.ai","legalName":"Talkpal, Inc.","foundingDate":"2023-04-03","duns":"118989042","numberOfEmployees":{"@type":"QuantitativeValue","minValue":"11","maxValue":"50"},"publishingPrinciples":"https:\/\/talkpal.ai\/publishing-principles\/","actionableFeedbackPolicy":"https:\/\/talkpal.ai\/actionable-feedback-policy\/","correctionsPolicy":"https:\/\/talkpal.ai\/corrections-policy\/","ethicsPolicy":"https:\/\/talkpal.ai\/ethics-policy\/","diversityPolicy":"https:\/\/talkpal.ai\/diversity-policy\/","diversityStaffingReport":"https:\/\/talkpal.ai\/diversity-policy\/"}]}},"_links":{"self":[{"href":"https:\/\/talkpal.ai\/pl\/wp-json\/wp\/v2\/pages\/132966","targetHints":{"allow":["GET"]}}],"collection":[{"href":"https:\/\/talkpal.ai\/pl\/wp-json\/wp\/v2\/pages"}],"about":[{"href":"https:\/\/talkpal.ai\/pl\/wp-json\/wp\/v2\/types\/page"}],"author":[{"embeddable":true,"href":"https:\/\/talkpal.ai\/pl\/wp-json\/wp\/v2\/users\/6"}],"replies":[{"embeddable":true,"href":"https:\/\/talkpal.ai\/pl\/wp-json\/wp\/v2\/comments?post=132966"}],"version-history":[{"count":0,"href":"https:\/\/talkpal.ai\/pl\/wp-json\/wp\/v2\/pages\/132966\/revisions"}],"wp:featuredmedia":[{"embeddable":true,"href":"https:\/\/talkpal.ai\/pl\/wp-json\/wp\/v2\/media\/106061"}],"wp:attachment":[{"href":"https:\/\/talkpal.ai\/pl\/wp-json\/wp\/v2\/media?parent=132966"}],"curies":[{"name":"wp","href":"https:\/\/api.w.org\/{rel}","templated":true}]}}