{"id":132691,"date":"2023-06-16T09:31:38","date_gmt":"2023-06-16T09:31:38","guid":{"rendered":"http:\/\/talkpal.ai\/cwiczenia-z-gramatyki-arabskiej\/"},"modified":"2025-05-22T20:15:47","modified_gmt":"2025-05-22T20:15:47","slug":"cwiczenia-z-gramatyki-arabskiej","status":"publish","type":"page","link":"https:\/\/talkpal.ai\/pl\/cwiczenia-z-gramatyki-arabskiej\/","title":{"rendered":"\u0106wiczenia z gramatyki arabskiej"},"content":{"rendered":"\r\n\r\n\r\n<section class=\"languageChallengeSection\">\r\n    <div class=\"languageInfoWrapper\">\r\n        \r\n        <h1>\u0106wiczenia z gramatyki arabskiej<\/h1>\r\n        <p>Chcesz podnie\u015b\u0107 swoje umiej\u0119tno\u015bci arabskie? \u0106wiczenie gramatyki jest niezb\u0119dne do opanowania struktury zda\u0144, form czasownik\u00f3w i unikalnych wzorc\u00f3w j\u0119zyka arabskiego. Skoncentruj si\u0119 na tych \u0107wiczeniach, aby zwi\u0119kszy\u0107 swoj\u0105 pewno\u015b\u0107 siebie, poszerzy\u0107 s\u0142ownictwo i sprawi\u0107, \u017ce wyra\u017canie si\u0119 po arabsku b\u0119dzie znacznie \u0142atwiejsze. Zacznij \u0107wiczy\u0107 ju\u017c dzi\u015b i obserwuj, jak rosn\u0105 Twoje umiej\u0119tno\u015bci j\u0119zykowe!<\/p>\r\n\r\n                            <a class=\"getStartedHidden\" href=\"https:\/\/app.talkpal.ai\/pl\/signup?lng=\">Zaczynaj<\/a>\r\n        \r\n    <\/div>\r\n\r\n    <figure>\r\n    <img decoding=\"async\" width=\"768\" height=\"768\" src=\"https:\/\/talkpal.ai\/wp-content\/uploads\/2023\/06\/arabic-768x768.png\" class=\"languageImage no-lazy\" alt=\"Language learning for linguistic diversity\" fetchpriority=\"high\" sizes=\"(max-width: 768px) 150px, 768px\" srcset=\"https:\/\/talkpal.ai\/wp-content\/uploads\/2023\/06\/arabic-768x768.png 768w, https:\/\/talkpal.ai\/wp-content\/uploads\/2023\/06\/arabic-300x300.png 300w\" \/>\r\n    \r\n\r\n    <\/figure>\r\n\r\n            <a class=\"getStartedVisible\" href=\"https:\/\/app.talkpal.ai\/pl\/signup?lng=\">Zaczynaj<\/a>\r\n    \r\n<\/section>\r\n\r\n\r\n<!-- <section class=\"grammarSection\">\r\n    <div class=\"grammarLinks\">\r\n            <\/div>\r\n<\/section> -->\r\n\r\n\r\n\r\n\r\n<section class=\"promotionalBanner\">\r\n    <p class=\"promotionalText\">Najbardziej efektywny spos\u00f3b nauki j\u0119zyka<\/p>\r\n    <a class=\"promotionalLink\" href=\"https:\/\/app.talkpal.ai\/pl\/signup?lng=\">Wypr\u00f3buj Talkpal za darmo<\/a>\r\n<\/section>\n<div class=\"wp-block-group pageContainerStyle\"><div class=\"wp-block-group__inner-container is-layout-constrained wp-block-group-is-layout-constrained\">\n<h2 class=\"wp-block-heading\" id=\"h-arabic-grammar-topics\">Tematy gramatyczne arabskie<\/h2>\n\n\n\n<p>J\u0119zyk arabski, ze swoj\u0105 bogat\u0105 histori\u0105 i znaczeniem kulturowym, jest fascynuj\u0105cym i satysfakcjonuj\u0105cym przedsi\u0119wzi\u0119ciem dla os\u00f3b ucz\u0105cych si\u0119 j\u0119zyka. Jako jeden z sze\u015bciu oficjalnych j\u0119zyk\u00f3w Organizacji Narod\u00f3w Zjednoczonych, kt\u00f3rym pos\u0142uguje si\u0119 ponad 420 milion\u00f3w ludzi na ca\u0142ym <a href=\"https:\/\/talkpal.ai\/locations\/language-courses-in-swiecie\/\">\u015bwiecie<\/a>, <a href=\"https:\/\/talkpal.ai\/pl\/najlepsza-aplikacja-do-nauki-arabskiego-szybkie-efekty-i-latwa-nauka\/\">nauka arabskiego<\/a> otwiera mo\u017cliwo\u015bci globalnej komunikacji i zrozumienia. Jednak opanowanie j\u0119zyka wymaga dog\u0142\u0119bnego zrozumienia jego unikalnych regu\u0142 i struktur gramatycznych. W tym artykule przyjrzymy si\u0119 podstawowym tematom gramatyki arabskiej, kt\u00f3re pomog\u0105 Ci zbudowa\u0107 solidne podstawy w j\u0119zyku, od podstawowych czas\u00f3w i koniugacji czasownik\u00f3w po bardziej z\u0142o\u017cone nominalne i werbalne struktury zda\u0144.<\/p>\n\n\n\n<h3 class=\"wp-block-heading\" id=\"h-1-tenses-indicative\">1. Czasy oznajmuj\u0105ce:<\/h3>\n\n\n\n<p>Czas oznajmuj\u0105cy s\u0142u\u017cy do wyra\u017cania dzia\u0142a\u0144 lub stan\u00f3w w tera\u017aniejszo\u015bci, przesz\u0142o\u015bci lub przysz\u0142o\u015bci. W j\u0119zyku arabskim koniugacja czasownika zmienia si\u0119 w zale\u017cno\u015bci od czasu. Zacznij od nauki podstawowych odmian czasownik\u00f3w regularnych i zapoznaj si\u0119 z r\u00f3\u017cnymi wzorcami czasu tera\u017aniejszego, przesz\u0142ego i przysz\u0142ego.<\/p>\n\n\n\n<h3 class=\"wp-block-heading\" id=\"h-2-tenses-subjunctive\">2. Czasy \u0142\u0105cz\u0105ce:<\/h3>\n\n\n\n<p>Czas \u0142\u0105cz\u0105cy s\u0142u\u017cy do wyra\u017cenia niepewno\u015bci, w\u0105tpliwo\u015bci lub pragnienia. Wa\u017cne jest, aby nauczy\u0107 si\u0119 konkretnych koniugacji czasownik\u00f3w i tego, jak r\u00f3\u017cni\u0105 si\u0119 one od czasu oznajmuj\u0105cego. Pomo\u017ce Ci to przekaza\u0107 bardziej zniuansowane my\u015bli i uczucia w komunikacji.<\/p>\n\n\n\n<h3 class=\"wp-block-heading\" id=\"h-3-tense-comparison\">3. Por\u00f3wnanie czasu:<\/h3>\n\n\n\n<p>Zrozumienie r\u00f3\u017cnic mi\u0119dzy czasem oznajmuj\u0105cym a \u0142\u0105cz\u0105cym jest niezb\u0119dne. Skoncentruj si\u0119 na tym, jak modyfikowane s\u0105 koniugacje czasownik\u00f3w i w jakim kontek\u015bcie ka\u017cdy czas jest u\u017cywany.<\/p>\n\n\n\n<h3 class=\"wp-block-heading\" id=\"h-4-verbs\">4. Czasowniki:<\/h3>\n\n\n\n<p>Czasowniki arabskie s\u0105 podzielone na r\u00f3\u017cne formy na podstawie ich g\u0142\u00f3wnych liter i wzorc\u00f3w. Poznaj dziesi\u0119\u0107 podstawowych form czasownik\u00f3w i zasady ich koniugacji, kt\u00f3re pomog\u0105 Ci poprawnie rozpoznawa\u0107 i u\u017cywa\u0107 czasownik\u00f3w w r\u00f3\u017cnych sytuacjach.<\/p>\n\n\n\n<h3 class=\"wp-block-heading\" id=\"h-5-nouns\">5. Rzeczowniki:<\/h3>\n\n\n\n<p>Rzeczowniki arabskie s\u0105 rodzaju m\u0119skiego lub \u017ce\u0144skiego, a ich ko\u0144c\u00f3wki zmieniaj\u0105 si\u0119 w zale\u017cno\u015bci od ich roli gramatycznej w zdaniu. <a href=\"https:\/\/talkpal.ai\/pl\/naucz-sie-malajskiego\/\">Naucz si\u0119<\/a> r\u00f3\u017cnych wzor\u00f3w rzeczownik\u00f3w i tego, jak wp\u0142ywaj\u0105 na nie oznaczenia wielko\u015bci liter i inne elementy gramatyczne.<\/p>\n\n\n\n<h3 class=\"wp-block-heading\" id=\"h-6-articles\">6. Artyku\u0142y:<\/h3>\n\n\n\n<p>J\u0119zyk arabski ma rodzajniki okre\u015blone i nieokre\u015blone, kt\u00f3re odgrywaj\u0105 kluczow\u0105 rol\u0119 w identyfikacji rzeczownik\u00f3w. Poznaj zasady i u\u017cycie przedimka okre\u015blonego &#8222;al-&#8221; oraz brak przedimka nieokre\u015blonego w j\u0119zyku arabskim.<\/p>\n\n\n\n<h3 class=\"wp-block-heading\" id=\"h-7-definite-and-indefinite-articles\">7. Przedimki okre\u015blone i nieokre\u015blone:<\/h3>\n\n\n\n<p>Jak wspomniano wcze\u015bniej, zrozumienie u\u017cycia rodzajnik\u00f3w okre\u015blonych i nieokre\u015blonych w j\u0119zyku arabskim jest niezb\u0119dne. Prze\u0107wicz u\u017cywanie ich w zdaniach z r\u00f3\u017cnymi rzeczownikami, aby wzmocni\u0107 zrozumienie koncepcji.<\/p>\n\n\n\n<h3 class=\"wp-block-heading\" id=\"h-8-pronouns\">8. Zaimki:<\/h3>\n\n\n\n<p>Zaimki arabskie dziel\u0105 si\u0119 na zaimki osobowe, wskazuj\u0105ce i wzgl\u0119dne. Naucz si\u0119 ich form i u\u017cycia, a tak\u017ce zasad do\u0142\u0105czania ich do czasownik\u00f3w, rzeczownik\u00f3w i przyimk\u00f3w.<\/p>\n\n\n\n<h3 class=\"wp-block-heading\" id=\"h-9-adjectives\">9. Przymiotniki:<\/h3>\n\n\n\n<p>Przymiotniki w j\u0119zyku arabskim zgadzaj\u0105 si\u0119 z rzeczownikami, kt\u00f3re modyfikuj\u0105 pod wzgl\u0119dem rodzaju i liczby. Poznaj zasady zgodno\u015bci przymiotnik\u00f3w i podstawowe wzorce przymiotnik\u00f3w.<\/p>\n\n\n\n<h3 class=\"wp-block-heading\" id=\"h-10-adverbs\">10. Przys\u0142\u00f3wki:<\/h3>\n\n\n\n<p>Zapoznaj si\u0119 z popularnymi arabskimi przys\u0142\u00f3wkami i ich rozmieszczeniem w zdaniach. Zrozumienie funkcji przys\u0142\u00f3wk\u00f3w pomo\u017ce Ci przekaza\u0107 bardziej szczeg\u00f3\u0142owe informacje w komunikacji.<\/p>\n\n\n\n<h3 class=\"wp-block-heading\" id=\"h-11-prepositions\">11. Przyimki:<\/h3>\n\n\n\n<p>Przyimki arabskie s\u0105 niezb\u0119dne do \u0142\u0105czenia s\u0142\u00f3w i zwrot\u00f3w oraz wyra\u017cania relacji mi\u0119dzy nimi. Naucz si\u0119 r\u00f3\u017cnych przyimk\u00f3w i ich u\u017cycia w zdaniach.<\/p>\n\n\n\n<h3 class=\"wp-block-heading\" id=\"h-12-idaafa-genitive-construction\">12. Idaafa (konstrukcja dope\u0142niacza):<\/h3>\n\n\n\n<p>Konstrukcja Idaafa s\u0142u\u017cy do wyra\u017cenia posiadania lub relacji mi\u0119dzy rzeczownikami. Poznaj zasady i wzorce tworzenia konstrukcji Idaafa, kt\u00f3re s\u0105 integraln\u0105 cz\u0119\u015bci\u0105 gramatyki arabskiej.<\/p>\n\n\n\n<h3 class=\"wp-block-heading\" id=\"h-13-sentence-structure\">13. Struktura zdania:<\/h3>\n\n\n\n<p>Zdania arabskie mog\u0105 by\u0107 nominalne lub werbalne. Naucz si\u0119 podstawowej struktury obu typ\u00f3w zda\u0144 i \u0107wicz tworzenie zda\u0144 z r\u00f3\u017cnych sk\u0142adnik\u00f3w.<\/p>\n\n\n\n<h3 class=\"wp-block-heading\" id=\"h-14-nominal-and-verbal-sentences\">14. Zdania nominalne i s\u0142owne:<\/h3>\n\n\n\n<p>Zanurz si\u0119 g\u0142\u0119biej w r\u00f3\u017cnice mi\u0119dzy zdaniami nominalnymi i werbalnymi i naucz si\u0119, jak skutecznie ich u\u017cywa\u0107 w r\u00f3\u017cnych kontekstach.<\/p>\n\n\n\n<h3 class=\"wp-block-heading\" id=\"h-15-subject-and-predicate-in-arabic\">15. Podmiot i orzeczenie w j\u0119zyku arabskim:<\/h3>\n\n\n\n<p>Zrozumienie roli podmiotu i orzeczenia w zdaniach arabskich ma fundamentalne znaczenie dla skutecznej komunikacji. Poznaj zasady identyfikowania i u\u017cywania podmiot\u00f3w i predykat\u00f3w w r\u00f3\u017cnych typach zda\u0144.<\/p>\n<\/div><\/div>\n\r\n<section class=\"learnNavigationSection\">\r\n            \r\n        <a href=\"https:\/\/talkpal.ai\/pl\/naucz-sie-arabskiego\/\">\r\n            <div class=\"learnNavigationWrapper\">\r\n                <div class=\"learnNavigationContent\">\r\n                    <img decoding=\"async\" src=\"https:\/\/talkpal.ai\/wp-content\/uploads\/2024\/08\/Arabic.jpg\" alt=\"Arabic Flag\">\r\n                    <div>\r\n                        <h4>O nauce j\u0119zyka arabskiego<\/h4>\r\n                        <p>Dowiedz si\u0119 wszystkiego o gramatyce arabskiej.<\/p>\r\n                    <\/div>\r\n                <\/div>\r\n            <\/div>\r\n        <\/a>\r\n\r\n        \r\n        <a href=\"https:\/\/talkpal.ai\/pl\/gramatyka-arabska\/\">\r\n            <div class=\"learnNavigationWrapper\">\r\n                <div class=\"learnNavigationContent\">\r\n                    <img decoding=\"async\" src=\"https:\/\/talkpal.ai\/wp-content\/uploads\/2024\/08\/Arabic.jpg\" alt=\"Arabic Flag\">\r\n                    <div>\r\n                        <h4>Lekcje gramatyki arabskiej<\/h4>\r\n                        <p>\u0106wicz gramatyk\u0119 arabsk\u0105.<\/p>\r\n                    <\/div>\r\n                <\/div>\r\n            <\/div>\r\n        <\/a>\r\n\r\n        \r\n        <a href=\"https:\/\/talkpal.ai\/vocabulary_language\/arabic\/\">\r\n            <div class=\"learnNavigationWrapper\">\r\n                <div class=\"learnNavigationContent\">\r\n                    <img decoding=\"async\" src=\"https:\/\/talkpal.ai\/wp-content\/uploads\/2024\/08\/Arabic.jpg\" alt=\"Arabic Flag\">\r\n                    <div>\r\n                        <h4>S\u0142ownictwo arabskie<\/h4>\r\n                        <p>Poszerz swoje arabskie s\u0142ownictwo.<\/p>\r\n                    <\/div>\r\n                <\/div>\r\n            <\/div>\r\n        <\/a>\r\n\r\n            <\/section>","protected":false},"excerpt":{"rendered":"<p>Tematy gramatyczne arabskie J\u0119zyk arabski, ze swoj\u0105 bogat\u0105 histori\u0105 i znaczeniem kulturowym, jest fascynuj\u0105cym i satysfakcjonuj\u0105cym przedsi\u0119wzi\u0119ciem dla os\u00f3b ucz\u0105cych si\u0119 j\u0119zyka. Jako jeden z sze\u015bciu oficjalnych j\u0119zyk\u00f3w Organizacji Narod\u00f3w Zjednoczonych, kt\u00f3rym pos\u0142uguje si\u0119 ponad 420 milion\u00f3w ludzi na ca\u0142ym \u015bwiecie, nauka arabskiego otwiera mo\u017cliwo\u015bci globalnej komunikacji i zrozumienia. Jednak opanowanie j\u0119zyka wymaga dog\u0142\u0119bnego zrozumienia [&hellip;]<\/p>\n","protected":false},"author":6,"featured_media":105858,"parent":0,"menu_order":0,"comment_status":"closed","ping_status":"closed","template":"LearningContentPage.php","meta":{"_acf_changed":false,"footnotes":""},"class_list":["post-132691","page","type-page","status-publish","has-post-thumbnail","hentry"],"acf":[],"yoast_head":"<!-- This site is optimized with the Yoast SEO Premium plugin v27.2 (Yoast SEO v27.2) - https:\/\/yoast.com\/product\/yoast-seo-premium-wordpress\/ -->\n<title>\u0106wiczenia z gramatyki arabskiej - Talkpal<\/title>\n<meta name=\"description\" content=\"Zwi\u0119ksz swoje zrozumienie dzi\u0119ki \u0107wiczeniom z gramatyki arabskiej, kt\u00f3re obejmuj\u0105 podstawowe zasady i struktury niezb\u0119dne do opanowania j\u0119zyka.\" \/>\n<meta name=\"robots\" content=\"index, follow, max-snippet:-1, max-image-preview:large, max-video-preview:-1\" \/>\n<link rel=\"canonical\" href=\"https:\/\/talkpal.ai\/pl\/cwiczenia-z-gramatyki-arabskiej\/\" \/>\n<meta property=\"og:locale\" content=\"pl_PL\" \/>\n<meta property=\"og:type\" content=\"article\" \/>\n<meta property=\"og:title\" content=\"\u0106wiczenia z gramatyki arabskiej\" \/>\n<meta property=\"og:description\" content=\"Tematy gramatyczne arabskie J\u0119zyk arabski, ze swoj\u0105 bogat\u0105 histori\u0105 i znaczeniem kulturowym, jest fascynuj\u0105cym i satysfakcjonuj\u0105cym przedsi\u0119wzi\u0119ciem dla\" \/>\n<meta property=\"og:url\" content=\"https:\/\/talkpal.ai\/pl\/cwiczenia-z-gramatyki-arabskiej\/\" \/>\n<meta property=\"og:site_name\" content=\"Talkpal\" \/>\n<meta property=\"article:publisher\" content=\"https:\/\/www.facebook.com\/profile.php?id=100090733639311\" \/>\n<meta property=\"article:modified_time\" content=\"2025-05-22T20:15:47+00:00\" \/>\n<meta property=\"og:image\" content=\"https:\/\/talkpal.ai\/wp-content\/uploads\/2023\/04\/arabic-united-arab-emirates.png\" \/>\n\t<meta property=\"og:image:width\" content=\"512\" \/>\n\t<meta property=\"og:image:height\" content=\"512\" \/>\n\t<meta property=\"og:image:type\" content=\"image\/png\" \/>\n<meta name=\"twitter:card\" content=\"summary_large_image\" \/>\n<meta name=\"twitter:site\" content=\"@talkpalai\" \/>\n<meta name=\"twitter:label1\" content=\"Szacowany czas czytania\" \/>\n\t<meta name=\"twitter:data1\" content=\"4 minuty\" \/>\n<script type=\"application\/ld+json\" class=\"yoast-schema-graph\">{\"@context\":\"https:\/\/schema.org\",\"@graph\":[{\"@type\":\"WebPage\",\"@id\":\"https:\/\/talkpal.ai\/pl\/cwiczenia-z-gramatyki-arabskiej\/\",\"url\":\"https:\/\/talkpal.ai\/pl\/cwiczenia-z-gramatyki-arabskiej\/\",\"name\":\"\u0106wiczenia z gramatyki arabskiej - Talkpal\",\"isPartOf\":{\"@id\":\"https:\/\/talkpal.ai\/pl\/#website\"},\"primaryImageOfPage\":{\"@id\":\"https:\/\/talkpal.ai\/pl\/cwiczenia-z-gramatyki-arabskiej\/#primaryimage\"},\"image\":{\"@id\":\"https:\/\/talkpal.ai\/pl\/cwiczenia-z-gramatyki-arabskiej\/#primaryimage\"},\"thumbnailUrl\":\"https:\/\/talkpal.ai\/wp-content\/uploads\/2023\/04\/arabic-united-arab-emirates.png\",\"datePublished\":\"2023-06-16T09:31:38+00:00\",\"dateModified\":\"2025-05-22T20:15:47+00:00\",\"description\":\"Zwi\u0119ksz swoje zrozumienie dzi\u0119ki \u0107wiczeniom z gramatyki arabskiej, kt\u00f3re obejmuj\u0105 podstawowe zasady i struktury niezb\u0119dne do opanowania j\u0119zyka.\",\"breadcrumb\":{\"@id\":\"https:\/\/talkpal.ai\/pl\/cwiczenia-z-gramatyki-arabskiej\/#breadcrumb\"},\"inLanguage\":\"pl-PL\",\"potentialAction\":[{\"@type\":\"ReadAction\",\"target\":[\"https:\/\/talkpal.ai\/pl\/cwiczenia-z-gramatyki-arabskiej\/\"]}]},{\"@type\":\"ImageObject\",\"inLanguage\":\"pl-PL\",\"@id\":\"https:\/\/talkpal.ai\/pl\/cwiczenia-z-gramatyki-arabskiej\/#primaryimage\",\"url\":\"https:\/\/talkpal.ai\/wp-content\/uploads\/2023\/04\/arabic-united-arab-emirates.png\",\"contentUrl\":\"https:\/\/talkpal.ai\/wp-content\/uploads\/2023\/04\/arabic-united-arab-emirates.png\",\"width\":512,\"height\":512},{\"@type\":\"BreadcrumbList\",\"@id\":\"https:\/\/talkpal.ai\/pl\/cwiczenia-z-gramatyki-arabskiej\/#breadcrumb\",\"itemListElement\":[{\"@type\":\"ListItem\",\"position\":1,\"name\":\"Homepage\",\"item\":\"https:\/\/talkpal.ai\/pl\/\"},{\"@type\":\"ListItem\",\"position\":2,\"name\":\"\u0106wiczenia z gramatyki arabskiej\"}]},{\"@type\":\"WebSite\",\"@id\":\"https:\/\/talkpal.ai\/pl\/#website\",\"url\":\"https:\/\/talkpal.ai\/pl\/\",\"name\":\"Talkpal\",\"description\":\"AI Language Learning\",\"publisher\":{\"@id\":\"https:\/\/talkpal.ai\/pl\/#organization\"},\"alternateName\":\"Talkpal AI\",\"potentialAction\":[{\"@type\":\"SearchAction\",\"target\":{\"@type\":\"EntryPoint\",\"urlTemplate\":\"https:\/\/talkpal.ai\/pl\/?s={search_term_string}\"},\"query-input\":{\"@type\":\"PropertyValueSpecification\",\"valueRequired\":true,\"valueName\":\"search_term_string\"}}],\"inLanguage\":\"pl-PL\"},{\"@type\":\"Organization\",\"@id\":\"https:\/\/talkpal.ai\/pl\/#organization\",\"name\":\"Talkpal, Inc.\",\"alternateName\":\"Talkpal AI\",\"url\":\"https:\/\/talkpal.ai\/pl\/\",\"logo\":{\"@type\":\"ImageObject\",\"inLanguage\":\"pl-PL\",\"@id\":\"https:\/\/talkpal.ai\/pl\/#\/schema\/logo\/image\/\",\"url\":\"https:\/\/talkpal.ai\/wp-content\/uploads\/2024\/03\/Talkpal-Logo-Icon.png\",\"contentUrl\":\"https:\/\/talkpal.ai\/wp-content\/uploads\/2024\/03\/Talkpal-Logo-Icon.png\",\"width\":2880,\"height\":2880,\"caption\":\"Talkpal, Inc.\"},\"image\":{\"@id\":\"https:\/\/talkpal.ai\/pl\/#\/schema\/logo\/image\/\"},\"sameAs\":[\"https:\/\/www.facebook.com\/profile.php?id=100090733639311\",\"https:\/\/x.com\/talkpalai\",\"https:\/\/www.linkedin.com\/company\/talkpal\/\",\"https:\/\/www.youtube.com\/@TalkPal\/\",\"https:\/\/www.tiktok.com\/@talkpal\",\"https:\/\/www.instagram.com\/talkpal_ai\/\",\"https:\/\/www.crunchbase.com\/organization\/talkpal-9cde\",\"https:\/\/www.g2.com\/products\/talkpal-for-business\/\",\"https:\/\/www.trustpilot.com\/review\/talkpal.ai\",\"https:\/\/www.capterra.com\/p\/10006800\/TalkPal\/\"],\"description\":\"Talkpal is a language learning web and mobile education app, powered by the latest AI technologies, that provides engaging experiences to its customers in many different languages to help them improve their language skills. Users can chat about unlimited amount of topics with the app and use other modes to practice their language learning.\",\"email\":\"support@talkpal.ai\",\"legalName\":\"Talkpal, Inc.\",\"foundingDate\":\"2023-04-03\",\"duns\":\"118989042\",\"numberOfEmployees\":{\"@type\":\"QuantitativeValue\",\"minValue\":\"11\",\"maxValue\":\"50\"},\"publishingPrinciples\":\"https:\/\/talkpal.ai\/publishing-principles\/\",\"actionableFeedbackPolicy\":\"https:\/\/talkpal.ai\/actionable-feedback-policy\/\",\"correctionsPolicy\":\"https:\/\/talkpal.ai\/corrections-policy\/\",\"ethicsPolicy\":\"https:\/\/talkpal.ai\/ethics-policy\/\",\"diversityPolicy\":\"https:\/\/talkpal.ai\/diversity-policy\/\",\"diversityStaffingReport\":\"https:\/\/talkpal.ai\/diversity-policy\/\"}]}<\/script>\n<!-- \/ Yoast SEO Premium plugin. -->","yoast_head_json":{"title":"\u0106wiczenia z gramatyki arabskiej - Talkpal","description":"Zwi\u0119ksz swoje zrozumienie dzi\u0119ki \u0107wiczeniom z gramatyki arabskiej, kt\u00f3re obejmuj\u0105 podstawowe zasady i struktury niezb\u0119dne do opanowania j\u0119zyka.","robots":{"index":"index","follow":"follow","max-snippet":"max-snippet:-1","max-image-preview":"max-image-preview:large","max-video-preview":"max-video-preview:-1"},"canonical":"https:\/\/talkpal.ai\/pl\/cwiczenia-z-gramatyki-arabskiej\/","og_locale":"pl_PL","og_type":"article","og_title":"\u0106wiczenia z gramatyki arabskiej","og_description":"Tematy gramatyczne arabskie J\u0119zyk arabski, ze swoj\u0105 bogat\u0105 histori\u0105 i znaczeniem kulturowym, jest fascynuj\u0105cym i satysfakcjonuj\u0105cym przedsi\u0119wzi\u0119ciem dla","og_url":"https:\/\/talkpal.ai\/pl\/cwiczenia-z-gramatyki-arabskiej\/","og_site_name":"Talkpal","article_publisher":"https:\/\/www.facebook.com\/profile.php?id=100090733639311","article_modified_time":"2025-05-22T20:15:47+00:00","og_image":[{"width":512,"height":512,"url":"https:\/\/talkpal.ai\/wp-content\/uploads\/2023\/04\/arabic-united-arab-emirates.png","type":"image\/png"}],"twitter_card":"summary_large_image","twitter_site":"@talkpalai","twitter_misc":{"Szacowany czas czytania":"4 minuty"},"schema":{"@context":"https:\/\/schema.org","@graph":[{"@type":"WebPage","@id":"https:\/\/talkpal.ai\/pl\/cwiczenia-z-gramatyki-arabskiej\/","url":"https:\/\/talkpal.ai\/pl\/cwiczenia-z-gramatyki-arabskiej\/","name":"\u0106wiczenia z gramatyki arabskiej - Talkpal","isPartOf":{"@id":"https:\/\/talkpal.ai\/pl\/#website"},"primaryImageOfPage":{"@id":"https:\/\/talkpal.ai\/pl\/cwiczenia-z-gramatyki-arabskiej\/#primaryimage"},"image":{"@id":"https:\/\/talkpal.ai\/pl\/cwiczenia-z-gramatyki-arabskiej\/#primaryimage"},"thumbnailUrl":"https:\/\/talkpal.ai\/wp-content\/uploads\/2023\/04\/arabic-united-arab-emirates.png","datePublished":"2023-06-16T09:31:38+00:00","dateModified":"2025-05-22T20:15:47+00:00","description":"Zwi\u0119ksz swoje zrozumienie dzi\u0119ki \u0107wiczeniom z gramatyki arabskiej, kt\u00f3re obejmuj\u0105 podstawowe zasady i struktury niezb\u0119dne do opanowania j\u0119zyka.","breadcrumb":{"@id":"https:\/\/talkpal.ai\/pl\/cwiczenia-z-gramatyki-arabskiej\/#breadcrumb"},"inLanguage":"pl-PL","potentialAction":[{"@type":"ReadAction","target":["https:\/\/talkpal.ai\/pl\/cwiczenia-z-gramatyki-arabskiej\/"]}]},{"@type":"ImageObject","inLanguage":"pl-PL","@id":"https:\/\/talkpal.ai\/pl\/cwiczenia-z-gramatyki-arabskiej\/#primaryimage","url":"https:\/\/talkpal.ai\/wp-content\/uploads\/2023\/04\/arabic-united-arab-emirates.png","contentUrl":"https:\/\/talkpal.ai\/wp-content\/uploads\/2023\/04\/arabic-united-arab-emirates.png","width":512,"height":512},{"@type":"BreadcrumbList","@id":"https:\/\/talkpal.ai\/pl\/cwiczenia-z-gramatyki-arabskiej\/#breadcrumb","itemListElement":[{"@type":"ListItem","position":1,"name":"Homepage","item":"https:\/\/talkpal.ai\/pl\/"},{"@type":"ListItem","position":2,"name":"\u0106wiczenia z gramatyki arabskiej"}]},{"@type":"WebSite","@id":"https:\/\/talkpal.ai\/pl\/#website","url":"https:\/\/talkpal.ai\/pl\/","name":"Talkpal","description":"AI Language Learning","publisher":{"@id":"https:\/\/talkpal.ai\/pl\/#organization"},"alternateName":"Talkpal AI","potentialAction":[{"@type":"SearchAction","target":{"@type":"EntryPoint","urlTemplate":"https:\/\/talkpal.ai\/pl\/?s={search_term_string}"},"query-input":{"@type":"PropertyValueSpecification","valueRequired":true,"valueName":"search_term_string"}}],"inLanguage":"pl-PL"},{"@type":"Organization","@id":"https:\/\/talkpal.ai\/pl\/#organization","name":"Talkpal, Inc.","alternateName":"Talkpal AI","url":"https:\/\/talkpal.ai\/pl\/","logo":{"@type":"ImageObject","inLanguage":"pl-PL","@id":"https:\/\/talkpal.ai\/pl\/#\/schema\/logo\/image\/","url":"https:\/\/talkpal.ai\/wp-content\/uploads\/2024\/03\/Talkpal-Logo-Icon.png","contentUrl":"https:\/\/talkpal.ai\/wp-content\/uploads\/2024\/03\/Talkpal-Logo-Icon.png","width":2880,"height":2880,"caption":"Talkpal, Inc."},"image":{"@id":"https:\/\/talkpal.ai\/pl\/#\/schema\/logo\/image\/"},"sameAs":["https:\/\/www.facebook.com\/profile.php?id=100090733639311","https:\/\/x.com\/talkpalai","https:\/\/www.linkedin.com\/company\/talkpal\/","https:\/\/www.youtube.com\/@TalkPal\/","https:\/\/www.tiktok.com\/@talkpal","https:\/\/www.instagram.com\/talkpal_ai\/","https:\/\/www.crunchbase.com\/organization\/talkpal-9cde","https:\/\/www.g2.com\/products\/talkpal-for-business\/","https:\/\/www.trustpilot.com\/review\/talkpal.ai","https:\/\/www.capterra.com\/p\/10006800\/TalkPal\/"],"description":"Talkpal is a language learning web and mobile education app, powered by the latest AI technologies, that provides engaging experiences to its customers in many different languages to help them improve their language skills. Users can chat about unlimited amount of topics with the app and use other modes to practice their language learning.","email":"support@talkpal.ai","legalName":"Talkpal, Inc.","foundingDate":"2023-04-03","duns":"118989042","numberOfEmployees":{"@type":"QuantitativeValue","minValue":"11","maxValue":"50"},"publishingPrinciples":"https:\/\/talkpal.ai\/publishing-principles\/","actionableFeedbackPolicy":"https:\/\/talkpal.ai\/actionable-feedback-policy\/","correctionsPolicy":"https:\/\/talkpal.ai\/corrections-policy\/","ethicsPolicy":"https:\/\/talkpal.ai\/ethics-policy\/","diversityPolicy":"https:\/\/talkpal.ai\/diversity-policy\/","diversityStaffingReport":"https:\/\/talkpal.ai\/diversity-policy\/"}]}},"_links":{"self":[{"href":"https:\/\/talkpal.ai\/pl\/wp-json\/wp\/v2\/pages\/132691","targetHints":{"allow":["GET"]}}],"collection":[{"href":"https:\/\/talkpal.ai\/pl\/wp-json\/wp\/v2\/pages"}],"about":[{"href":"https:\/\/talkpal.ai\/pl\/wp-json\/wp\/v2\/types\/page"}],"author":[{"embeddable":true,"href":"https:\/\/talkpal.ai\/pl\/wp-json\/wp\/v2\/users\/6"}],"replies":[{"embeddable":true,"href":"https:\/\/talkpal.ai\/pl\/wp-json\/wp\/v2\/comments?post=132691"}],"version-history":[{"count":0,"href":"https:\/\/talkpal.ai\/pl\/wp-json\/wp\/v2\/pages\/132691\/revisions"}],"wp:featuredmedia":[{"embeddable":true,"href":"https:\/\/talkpal.ai\/pl\/wp-json\/wp\/v2\/media\/105858"}],"wp:attachment":[{"href":"https:\/\/talkpal.ai\/pl\/wp-json\/wp\/v2\/media?parent=132691"}],"curies":[{"name":"wp","href":"https:\/\/api.w.org\/{rel}","templated":true}]}}