{"id":132283,"date":"2023-06-16T09:22:36","date_gmt":"2023-06-16T09:22:36","guid":{"rendered":"http:\/\/talkpal.ai\/cwiczenia-z-gramatyki-wloskiej\/"},"modified":"2025-12-17T16:13:57","modified_gmt":"2025-12-17T16:13:57","slug":"cwiczenia-z-gramatyki-wloskiej","status":"publish","type":"page","link":"https:\/\/talkpal.ai\/pl\/cwiczenia-z-gramatyki-wloskiej\/","title":{"rendered":"\u0106wiczenia z gramatyki w\u0142oskiej"},"content":{"rendered":"\r\n\r\n\r\n<section class=\"languageChallengeSection\">\r\n    <div class=\"languageInfoWrapper\">\r\n        \r\n        <h1>\u0106wiczenia z gramatyki w\u0142oskiej<\/h1>\r\n        <p>Gotowy do budowania pewno\u015bci siebie w j\u0119zyku w\u0142oskim? \u0106wiczenie gramatyki to najlepszy spos\u00f3b na opanowanie struktury zda\u0144, koniugacji czasownik\u00f3w i unikalnych cech j\u0119zyka w\u0142oskiego. Zacznij pracowa\u0107 nad swoj\u0105 w\u0142osk\u0105 gramatyk\u0105 ju\u017c dzi\u015b i zobacz, jak twoje umiej\u0119tno\u015bci i p\u0142ynno\u015b\u0107 poprawiaj\u0105 si\u0119 z ka\u017cdym krokiem!\n\n<\/p>\r\n\r\n                            <a class=\"getStartedHidden\" href=\"https:\/\/app.talkpal.ai\/pl\/signup?lng=\">Zaczynaj<\/a>\r\n        \r\n    <\/div>\r\n\r\n    <figure>\r\n    <img decoding=\"async\" width=\"768\" height=\"768\" src=\"https:\/\/talkpal.ai\/wp-content\/uploads\/2023\/06\/italian-768x768.png\" class=\"languageImage no-lazy\" alt=\"Language learning for increased memory capacity\" fetchpriority=\"high\" sizes=\"(max-width: 768px) 150px, 768px\" srcset=\"https:\/\/talkpal.ai\/wp-content\/uploads\/2023\/06\/italian-768x768.png 768w, https:\/\/talkpal.ai\/wp-content\/uploads\/2023\/06\/italian-300x300.png 300w\" \/>\r\n    \r\n\r\n    <\/figure>\r\n\r\n            <a class=\"getStartedVisible\" href=\"https:\/\/app.talkpal.ai\/pl\/signup?lng=\">Zaczynaj<\/a>\r\n    \r\n<\/section>\r\n\r\n\r\n<!-- <section class=\"grammarSection\">\r\n    <div class=\"grammarLinks\">\r\n        <a href=\"https:\/\/talkpal.ai\/pl\/exercise_language\/artykuly-gramatyka-wloska\/\">Artyku\u0142y <\/a><a href=\"https:\/\/talkpal.ai\/pl\/exercise_language\/czasowniki-gramatyka-wloska\/\">Czasowniki <\/a><a href=\"https:\/\/talkpal.ai\/pl\/exercise_language\/czasy-laczace-gramatyka-wloska\/\">Czasy \u0142\u0105cz\u0105ce <\/a><a href=\"https:\/\/talkpal.ai\/pl\/exercise_language\/czasy-oznajmujace-gramatyka-wloska\/\">Czasy oznajmuj\u0105ce <\/a><a href=\"https:\/\/talkpal.ai\/pl\/exercise_language\/porownanie-czasow-gramatyka-wloska\/\">Por\u00f3wnanie czas\u00f3w <\/a><a href=\"https:\/\/talkpal.ai\/pl\/exercise_language\/przyimki-gramatyka-wloska\/\">Przyimki <\/a><a href=\"https:\/\/talkpal.ai\/pl\/exercise_language\/przymiotniki-gramatyka-wloska\/\">Przymiotniki <\/a><a href=\"https:\/\/talkpal.ai\/pl\/exercise_language\/przyslowki-gramatyka-wloska\/\">Przys\u0142\u00f3wki <\/a><a href=\"https:\/\/talkpal.ai\/pl\/exercise_language\/rzeczowniki-gramatyka-wloska\/\">Rzeczowniki <\/a><a href=\"https:\/\/talkpal.ai\/pl\/exercise_language\/struktura-zdania-gramatyka-wloska\/\">Struktura zdania <\/a><a href=\"https:\/\/talkpal.ai\/pl\/exercise_language\/zaimki-gramatyka-wloska\/\">Zaimki <\/a>    <\/div>\r\n<\/section> -->\r\n\r\n\r\n\r\n\r\n        <section class=\"grammarSection\">\r\n            <div class=\"grammarLinks\">\r\n                <a href=\"https:\/\/talkpal.ai\/pl\/exercise_language\/artykuly-gramatyka-wloska\/\">Artyku\u0142y <\/a><a href=\"https:\/\/talkpal.ai\/pl\/exercise_language\/czasowniki-gramatyka-wloska\/\">Czasowniki <\/a><a href=\"https:\/\/talkpal.ai\/pl\/exercise_language\/czasy-laczace-gramatyka-wloska\/\">Czasy \u0142\u0105cz\u0105ce <\/a><a href=\"https:\/\/talkpal.ai\/pl\/exercise_language\/czasy-oznajmujace-gramatyka-wloska\/\">Czasy oznajmuj\u0105ce <\/a><a href=\"https:\/\/talkpal.ai\/pl\/exercise_language\/porownanie-czasow-gramatyka-wloska\/\">Por\u00f3wnanie czas\u00f3w <\/a><a href=\"https:\/\/talkpal.ai\/pl\/exercise_language\/przyimki-gramatyka-wloska\/\">Przyimki <\/a><a href=\"https:\/\/talkpal.ai\/pl\/exercise_language\/przymiotniki-gramatyka-wloska\/\">Przymiotniki <\/a><a href=\"https:\/\/talkpal.ai\/pl\/exercise_language\/przyslowki-gramatyka-wloska\/\">Przys\u0142\u00f3wki <\/a><a href=\"https:\/\/talkpal.ai\/pl\/exercise_language\/rzeczowniki-gramatyka-wloska\/\">Rzeczowniki <\/a><a href=\"https:\/\/talkpal.ai\/pl\/exercise_language\/struktura-zdania-gramatyka-wloska\/\">Struktura zdania <\/a><a href=\"https:\/\/talkpal.ai\/pl\/exercise_language\/zaimki-gramatyka-wloska\/\">Zaimki <\/a>            <\/div>\r\n        <\/section>\r\n<section class=\"promotionalBanner\">\r\n    <p class=\"promotionalText\">Najbardziej efektywny spos\u00f3b nauki j\u0119zyka<\/p>\r\n    <a class=\"promotionalLink\" href=\"https:\/\/app.talkpal.ai\/pl\/signup?lng=\">Wypr\u00f3buj Talkpal za darmo<\/a>\r\n<\/section>\n<div class=\"wp-block-group pageContainerStyle\"><div class=\"wp-block-group__inner-container is-layout-constrained wp-block-group-is-layout-constrained\">\n<h2 class=\"wp-block-heading\" id=\"h-italian-grammar-topics\">Zagadnienia gramatyki w\u0142oskiej<\/h2>\n\n\n\n<p>Nauka nowego j\u0119zyka to ekscytuj\u0105ca podr\u00f3\u017c, kt\u00f3ra otwiera nowe mo\u017cliwo\u015bci i do\u015bwiadczenia kulturowe. Jednym z najpi\u0119kniejszych i najcz\u0119\u015bciej u\u017cywanych j\u0119zyk\u00f3w jest <a href=\"https:\/\/talkpal.ai\/learn-italian\/\">w\u0142oski<\/a>, znany ze swojej muzykalno\u015bci, ekspresji i bogatej historii. Aby skutecznie uczy\u0107 si\u0119 j\u0119zyka w\u0142oskiego, kluczowe jest jasne zrozumienie jego gramatyki, kt\u00f3ra s\u0142u\u017cy jako podstawa do budowania umiej\u0119tno\u015bci j\u0119zykowych. Obejmuje to opanowanie r\u00f3\u017cnych aspekt\u00f3w, takich jak czasy, czasowniki, rzeczowniki, rodzajniki i inne. W tym przewodniku om\u00f3wimy sekwencj\u0119 zagadnie\u0144 gramatycznych, kt\u00f3re pomog\u0105 Ci <a href=\"https:\/\/talkpal.ai\/pl\/jak-szybko-i-skutecznie-nauczyc-sie-jezyka-wloskiego\/\">nauczy\u0107 si\u0119 w\u0142oskiego<\/a> w zorganizowany i efektywny spos\u00f3b.<\/p>\n\n\n\n<h3 class=\"wp-block-heading\" id=\"h-1-nouns-and-articles\">1. Rzeczowniki i rodzajniki:<\/h3>\n\n\n\n<p>Rozpocznij swoj\u0105 przygod\u0119 z nauk\u0105 w\u0142oskiego od rzeczownik\u00f3w i rodzajnik\u00f3w, poniewa\u017c s\u0105 one podstawowymi elementami sk\u0142adowymi ka\u017cdego zdania. Rzeczowniki to s\u0142owa, kt\u00f3re reprezentuj\u0105 ludzi, miejsca, rzeczy lub idee. W j\u0119zyku w\u0142oskim rzeczowniki maj\u0105 rodzaje (m\u0119ski i \u017ce\u0144ski) oraz liczebniki (w liczbie pojedynczej i mnogiej). Rodzajniki to s\u0142owa towarzysz\u0105ce rzeczownikom, a tak\u017ce maj\u0105 rodzaj i liczb\u0119. Zapoznaj si\u0119 z rodzajnikami okre\u015blonymi (il, la, itp.) i nieokre\u015blonymi (un, una itp.), aby utworzy\u0107 proste frazy.<\/p>\n\n\n\n<h3 class=\"wp-block-heading\" id=\"h-2-adjectives\">2. Przymiotniki:<\/h3>\n\n\n\n<p>Przymiotniki dostarczaj\u0105 informacji o rzeczownikach, takich jak kolor, rozmiar lub jako\u015b\u0107. W j\u0119zyku w\u0142oskim przymiotniki zgadzaj\u0105 si\u0119 pod wzgl\u0119dem rodzaju i liczby z rzeczownikiem, kt\u00f3ry opisuj\u0105. <a href=\"https:\/\/talkpal.ai\/pl\/naucz-sie-malajskiego\/\">Naucz si\u0119<\/a> zasad umieszczania przymiotnik\u00f3w i uzgadniania, aby poprawi\u0107 swoje umiej\u0119tno\u015bci j\u0119zyka opisowego.<\/p>\n\n\n\n<h3 class=\"wp-block-heading\" id=\"h-3-pronouns\">3. Zaimki:<\/h3>\n\n\n\n<p>Zaimki zast\u0119puj\u0105 rzeczowniki w zdaniach, aby unikn\u0105\u0107 powt\u00f3rze\u0144. Ucz si\u0119 zaimk\u00f3w podmiotowych (io, tu, lui itp.), zaimk\u00f3w dope\u0142nieniowych bezpo\u015brednich i po\u015brednich (lo, la, gli itp.) oraz zaimk\u00f3w dzier\u017cawczych (mio, tuo, suo itp.), aby urozmaici\u0107 swoj\u0105 mow\u0119.<\/p>\n\n\n\n<h3 class=\"wp-block-heading\" id=\"h-4-verbs-and-tenses-indicative\">4. Czasowniki i czasy oznajmuj\u0105ce:<\/h3>\n\n\n\n<p>Czasowniki wyra\u017caj\u0105 czynno\u015bci, stany lub wyst\u0105pienia. Czasowniki w\u0142oskie maj\u0105 r\u00f3\u017cne koniugacje w zale\u017cno\u015bci od podmiotu, czasu i nastroju. Zacznij od czasownik\u00f3w regularnych w czasie tera\u017aniejszym oznajmuj\u0105cym, takich jak parlare (m\u00f3wi\u0107) i stopniowo ucz si\u0119 innych czas\u00f3w, takich jak czas przesz\u0142y (<a href=\"https:\/\/talkpal.ai\/ar\/grammar_exercises\/passato-prossimo-%d8%aa%d9%85%d8%a7%d8%b1%d9%8a%d9%86-%d9%84%d9%84%d9%82%d9%88%d8%a7%d8%b9%d8%af-%d8%a7%d9%84%d8%a5%d9%8a%d8%b7%d8%a7%d9%84%d9%8a%d8%a9\/\">passato prossimo<\/a>) i przysz\u0142y (<a href=\"https:\/\/talkpal.ai\/ar\/grammar_exercises\/futuro-semplice-%d8%aa%d9%85%d8%a7%d8%b1%d9%8a%d9%86-%d9%84%d9%84%d9%82%d9%88%d8%a7%d8%b9%d8%af-%d8%a7%d9%84%d8%a5%d9%8a%d8%b7%d8%a7%d9%84%d9%8a%d8%a9\/\">futuro semplice<\/a>).<\/p>\n\n\n\n<h3 class=\"wp-block-heading\" id=\"h-5-tenses-subjunctive\">5. Czasy \u0142\u0105cz\u0105ce:<\/h3>\n\n\n\n<p>Tryb \u0142\u0105cz\u0105cy wyra\u017ca w\u0105tpliwo\u015bci, niepewno\u015b\u0107 lub osobiste opinie. Naucz si\u0119 czterech czas\u00f3w \u0142\u0105cz\u0105cych (tera\u017aniejszego, przesz\u0142ego, dokonanego i przesz\u0142ego dokonanego) oraz ich zastosowa\u0144 w wyra\u017caniu pragnie\u0144, \u017cycze\u0144 i hipotetycznych sytuacji.<\/p>\n\n\n\n<h3 class=\"wp-block-heading\" id=\"h-6-tense-comparison\">6. Por\u00f3wnanie czasu pracy:<\/h3>\n\n\n\n<p>Rozwi\u0144 swoj\u0105 umiej\u0119tno\u015b\u0107 por\u00f3wnywania dzia\u0142a\u0144 w r\u00f3\u017cnych ramach czasowych, ucz\u0105c si\u0119, jak u\u017cywa\u0107 form por\u00f3wnawczych i najwy\u017cszych, przymiotnik\u00f3w i przys\u0142\u00f3wk\u00f3w. Umo\u017cliwi to dokonywanie por\u00f3wna\u0144 mi\u0119dzy lud\u017ami, przedmiotami lub sytuacjami.<\/p>\n\n\n\n<h3 class=\"wp-block-heading\" id=\"h-7-adverbs\">7. Przys\u0142\u00f3wki:<\/h3>\n\n\n\n<p>Przys\u0142\u00f3wki modyfikuj\u0105 czasowniki, przymiotniki lub inne przys\u0142\u00f3wki, dostarczaj\u0105c dodatkowych informacji o czasie, sposobie lub stopniu. Naucz si\u0119 popularnych w\u0142oskich przys\u0142\u00f3wk\u00f3w i ich rozmieszczenia w zdaniach, aby poprawi\u0107 swoj\u0105 p\u0142ynno\u015b\u0107.<\/p>\n\n\n\n<h3 class=\"wp-block-heading\" id=\"h-8-prepositions\">8. Przyimki:<\/h3>\n\n\n\n<p>Przyimki s\u0105 niezb\u0119dne do \u0142\u0105czenia s\u0142\u00f3w i fraz, wskazuj\u0105c relacje, takie jak lokalizacja, czas lub przyczyna. Opanuj popularne w\u0142oskie przyimki (di, a, da itp.) i ich u\u017cycie w r\u00f3\u017cnych kontekstach.<\/p>\n\n\n\n<h3 class=\"wp-block-heading\" id=\"h-9-sentence-structure\">9. Struktura zdania:<\/h3>\n\n\n\n<p>Na koniec po\u0142\u0105cz wszystkie elementy gramatyczne, ucz\u0105c si\u0119 w\u0142oskiej struktury zda\u0144. Dowiedz si\u0119 wi\u0119cej o kolejno\u015bci podmiot-czasownik-dope\u0142nienie, negacji i tworzeniu pyta\u0144, aby tworzy\u0107 dok\u0142adne i znacz\u0105ce zdania.<\/p>\n\n\n\n<p>Post\u0119puj\u0105c zgodnie z t\u0105 sekwencj\u0105 temat\u00f3w gramatycznych i po\u015bwi\u0119caj\u0105c czas na \u0107wiczenie i powt\u00f3rk\u0119, b\u0119dziesz na dobrej drodze do opanowania j\u0119zyka w\u0142oskiego i cieszenia si\u0119 bogatymi do\u015bwiadczeniami j\u0119zykowymi i kulturowymi, jakie oferuje.<\/p>\n<\/div><\/div>\n\r\n<section class=\"learnNavigationSection\">\r\n            \r\n        <a href=\"https:\/\/talkpal.ai\/pl\/nauka-wloskiego\/\">\r\n            <div class=\"learnNavigationWrapper\">\r\n                <div class=\"learnNavigationContent\">\r\n                    <img decoding=\"async\" src=\"https:\/\/talkpal.ai\/wp-content\/uploads\/2024\/08\/Italian.jpg\" alt=\"Italian Flag\">\r\n                    <div>\r\n                        <h4>O nauce w\u0142oskiego<\/h4>\r\n                        <p>Dowiedz si\u0119 wszystkiego o gramatyce w\u0142oskiej.<\/p>\r\n                    <\/div>\r\n                <\/div>\r\n            <\/div>\r\n        <\/a>\r\n\r\n        \r\n        <a href=\"https:\/\/talkpal.ai\/pl\/gramatyka-wloska\/\">\r\n            <div class=\"learnNavigationWrapper\">\r\n                <div class=\"learnNavigationContent\">\r\n                    <img decoding=\"async\" src=\"https:\/\/talkpal.ai\/wp-content\/uploads\/2024\/08\/Italian.jpg\" alt=\"Italian Flag\">\r\n                    <div>\r\n                        <h4>Lekcje gramatyki w\u0142oskiej<\/h4>\r\n                        <p>\u0106wicz gramatyk\u0119 w\u0142osk\u0105.<\/p>\r\n                    <\/div>\r\n                <\/div>\r\n            <\/div>\r\n        <\/a>\r\n\r\n        \r\n        <a href=\"https:\/\/talkpal.ai\/vocabulary_language\/italian\/\">\r\n            <div class=\"learnNavigationWrapper\">\r\n                <div class=\"learnNavigationContent\">\r\n                    <img decoding=\"async\" src=\"https:\/\/talkpal.ai\/wp-content\/uploads\/2024\/08\/Italian.jpg\" alt=\"Italian Flag\">\r\n                    <div>\r\n                        <h4>S\u0142ownictwo w\u0142oskie<\/h4>\r\n                        <p>Poszerz swoje w\u0142oskie s\u0142ownictwo.<\/p>\r\n                    <\/div>\r\n                <\/div>\r\n            <\/div>\r\n        <\/a>\r\n\r\n            <\/section>","protected":false},"excerpt":{"rendered":"<p>Zagadnienia gramatyki w\u0142oskiej Nauka nowego j\u0119zyka to ekscytuj\u0105ca podr\u00f3\u017c, kt\u00f3ra otwiera nowe mo\u017cliwo\u015bci i do\u015bwiadczenia kulturowe. Jednym z najpi\u0119kniejszych i najcz\u0119\u015bciej u\u017cywanych j\u0119zyk\u00f3w jest w\u0142oski, znany ze swojej muzykalno\u015bci, ekspresji i bogatej historii. Aby skutecznie uczy\u0107 si\u0119 j\u0119zyka w\u0142oskiego, kluczowe jest jasne zrozumienie jego gramatyki, kt\u00f3ra s\u0142u\u017cy jako podstawa do budowania umiej\u0119tno\u015bci j\u0119zykowych. Obejmuje to [&hellip;]<\/p>\n","protected":false},"author":6,"featured_media":76178,"parent":0,"menu_order":0,"comment_status":"closed","ping_status":"closed","template":"LearningContentPage.php","meta":{"_acf_changed":false,"footnotes":""},"class_list":["post-132283","page","type-page","status-publish","has-post-thumbnail","hentry"],"acf":[],"yoast_head":"<!-- This site is optimized with the Yoast SEO Premium plugin v27.2 (Yoast SEO v27.2) - https:\/\/yoast.com\/product\/yoast-seo-premium-wordpress\/ -->\n<title>\u0106wiczenia z gramatyki w\u0142oskiej - Talkpal<\/title>\n<meta name=\"description\" content=\"Skutecznie popraw swoj\u0105 znajomo\u015b\u0107 gramatyki w\u0142oskiej - doskonal swoje umiej\u0119tno\u015bci dzi\u0119ki praktycznym \u0107wiczeniom, interaktywnej praktyce i natychmiastowym informacjom zwrotnym.\" \/>\n<meta name=\"robots\" content=\"index, follow, max-snippet:-1, max-image-preview:large, max-video-preview:-1\" \/>\n<link rel=\"canonical\" href=\"https:\/\/talkpal.ai\/pl\/cwiczenia-z-gramatyki-wloskiej\/\" \/>\n<meta property=\"og:locale\" content=\"pl_PL\" \/>\n<meta property=\"og:type\" content=\"article\" \/>\n<meta property=\"og:title\" content=\"\u0106wiczenia z gramatyki w\u0142oskiej\" \/>\n<meta property=\"og:description\" content=\"Zagadnienia gramatyki w\u0142oskiej Nauka nowego j\u0119zyka to ekscytuj\u0105ca podr\u00f3\u017c, kt\u00f3ra otwiera nowe mo\u017cliwo\u015bci i do\u015bwiadczenia kulturowe. Jednym z\" \/>\n<meta property=\"og:url\" content=\"https:\/\/talkpal.ai\/pl\/cwiczenia-z-gramatyki-wloskiej\/\" \/>\n<meta property=\"og:site_name\" content=\"Talkpal\" \/>\n<meta property=\"article:publisher\" content=\"https:\/\/www.facebook.com\/profile.php?id=100090733639311\" \/>\n<meta property=\"article:modified_time\" content=\"2025-12-17T16:13:57+00:00\" \/>\n<meta property=\"og:image\" content=\"https:\/\/talkpal.ai\/wp-content\/uploads\/2023\/03\/italy.png\" \/>\n\t<meta property=\"og:image:width\" content=\"512\" \/>\n\t<meta property=\"og:image:height\" content=\"512\" \/>\n\t<meta property=\"og:image:type\" content=\"image\/png\" \/>\n<meta name=\"twitter:card\" content=\"summary_large_image\" \/>\n<meta name=\"twitter:site\" content=\"@talkpalai\" \/>\n<meta name=\"twitter:label1\" content=\"Szacowany czas czytania\" \/>\n\t<meta name=\"twitter:data1\" content=\"3 minuty\" \/>\n<script type=\"application\/ld+json\" class=\"yoast-schema-graph\">{\"@context\":\"https:\/\/schema.org\",\"@graph\":[{\"@type\":\"WebPage\",\"@id\":\"https:\/\/talkpal.ai\/pl\/cwiczenia-z-gramatyki-wloskiej\/\",\"url\":\"https:\/\/talkpal.ai\/pl\/cwiczenia-z-gramatyki-wloskiej\/\",\"name\":\"\u0106wiczenia z gramatyki w\u0142oskiej - Talkpal\",\"isPartOf\":{\"@id\":\"https:\/\/talkpal.ai\/pl\/#website\"},\"primaryImageOfPage\":{\"@id\":\"https:\/\/talkpal.ai\/pl\/cwiczenia-z-gramatyki-wloskiej\/#primaryimage\"},\"image\":{\"@id\":\"https:\/\/talkpal.ai\/pl\/cwiczenia-z-gramatyki-wloskiej\/#primaryimage\"},\"thumbnailUrl\":\"https:\/\/talkpal.ai\/wp-content\/uploads\/2023\/03\/italy.png\",\"datePublished\":\"2023-06-16T09:22:36+00:00\",\"dateModified\":\"2025-12-17T16:13:57+00:00\",\"description\":\"Skutecznie popraw swoj\u0105 znajomo\u015b\u0107 gramatyki w\u0142oskiej - doskonal swoje umiej\u0119tno\u015bci dzi\u0119ki praktycznym \u0107wiczeniom, interaktywnej praktyce i natychmiastowym informacjom zwrotnym.\",\"breadcrumb\":{\"@id\":\"https:\/\/talkpal.ai\/pl\/cwiczenia-z-gramatyki-wloskiej\/#breadcrumb\"},\"inLanguage\":\"pl-PL\",\"potentialAction\":[{\"@type\":\"ReadAction\",\"target\":[\"https:\/\/talkpal.ai\/pl\/cwiczenia-z-gramatyki-wloskiej\/\"]}]},{\"@type\":\"ImageObject\",\"inLanguage\":\"pl-PL\",\"@id\":\"https:\/\/talkpal.ai\/pl\/cwiczenia-z-gramatyki-wloskiej\/#primaryimage\",\"url\":\"https:\/\/talkpal.ai\/wp-content\/uploads\/2023\/03\/italy.png\",\"contentUrl\":\"https:\/\/talkpal.ai\/wp-content\/uploads\/2023\/03\/italy.png\",\"width\":512,\"height\":512,\"caption\":\"TalkPal AI learn Italian\"},{\"@type\":\"BreadcrumbList\",\"@id\":\"https:\/\/talkpal.ai\/pl\/cwiczenia-z-gramatyki-wloskiej\/#breadcrumb\",\"itemListElement\":[{\"@type\":\"ListItem\",\"position\":1,\"name\":\"Homepage\",\"item\":\"https:\/\/talkpal.ai\/pl\/\"},{\"@type\":\"ListItem\",\"position\":2,\"name\":\"\u0106wiczenia z gramatyki w\u0142oskiej\"}]},{\"@type\":\"WebSite\",\"@id\":\"https:\/\/talkpal.ai\/pl\/#website\",\"url\":\"https:\/\/talkpal.ai\/pl\/\",\"name\":\"Talkpal\",\"description\":\"AI Language Learning\",\"publisher\":{\"@id\":\"https:\/\/talkpal.ai\/pl\/#organization\"},\"alternateName\":\"Talkpal AI\",\"potentialAction\":[{\"@type\":\"SearchAction\",\"target\":{\"@type\":\"EntryPoint\",\"urlTemplate\":\"https:\/\/talkpal.ai\/pl\/?s={search_term_string}\"},\"query-input\":{\"@type\":\"PropertyValueSpecification\",\"valueRequired\":true,\"valueName\":\"search_term_string\"}}],\"inLanguage\":\"pl-PL\"},{\"@type\":\"Organization\",\"@id\":\"https:\/\/talkpal.ai\/pl\/#organization\",\"name\":\"Talkpal, Inc.\",\"alternateName\":\"Talkpal AI\",\"url\":\"https:\/\/talkpal.ai\/pl\/\",\"logo\":{\"@type\":\"ImageObject\",\"inLanguage\":\"pl-PL\",\"@id\":\"https:\/\/talkpal.ai\/pl\/#\/schema\/logo\/image\/\",\"url\":\"https:\/\/talkpal.ai\/wp-content\/uploads\/2024\/03\/Talkpal-Logo-Icon.png\",\"contentUrl\":\"https:\/\/talkpal.ai\/wp-content\/uploads\/2024\/03\/Talkpal-Logo-Icon.png\",\"width\":2880,\"height\":2880,\"caption\":\"Talkpal, Inc.\"},\"image\":{\"@id\":\"https:\/\/talkpal.ai\/pl\/#\/schema\/logo\/image\/\"},\"sameAs\":[\"https:\/\/www.facebook.com\/profile.php?id=100090733639311\",\"https:\/\/x.com\/talkpalai\",\"https:\/\/www.linkedin.com\/company\/talkpal\/\",\"https:\/\/www.youtube.com\/@TalkPal\/\",\"https:\/\/www.tiktok.com\/@talkpal\",\"https:\/\/www.instagram.com\/talkpal_ai\/\",\"https:\/\/www.crunchbase.com\/organization\/talkpal-9cde\",\"https:\/\/www.g2.com\/products\/talkpal-for-business\/\",\"https:\/\/www.trustpilot.com\/review\/talkpal.ai\",\"https:\/\/www.capterra.com\/p\/10006800\/TalkPal\/\"],\"description\":\"Talkpal is a language learning web and mobile education app, powered by the latest AI technologies, that provides engaging experiences to its customers in many different languages to help them improve their language skills. Users can chat about unlimited amount of topics with the app and use other modes to practice their language learning.\",\"email\":\"support@talkpal.ai\",\"legalName\":\"Talkpal, Inc.\",\"foundingDate\":\"2023-04-03\",\"duns\":\"118989042\",\"numberOfEmployees\":{\"@type\":\"QuantitativeValue\",\"minValue\":\"11\",\"maxValue\":\"50\"},\"publishingPrinciples\":\"https:\/\/talkpal.ai\/publishing-principles\/\",\"actionableFeedbackPolicy\":\"https:\/\/talkpal.ai\/actionable-feedback-policy\/\",\"correctionsPolicy\":\"https:\/\/talkpal.ai\/corrections-policy\/\",\"ethicsPolicy\":\"https:\/\/talkpal.ai\/ethics-policy\/\",\"diversityPolicy\":\"https:\/\/talkpal.ai\/diversity-policy\/\",\"diversityStaffingReport\":\"https:\/\/talkpal.ai\/diversity-policy\/\"}]}<\/script>\n<!-- \/ Yoast SEO Premium plugin. -->","yoast_head_json":{"title":"\u0106wiczenia z gramatyki w\u0142oskiej - Talkpal","description":"Skutecznie popraw swoj\u0105 znajomo\u015b\u0107 gramatyki w\u0142oskiej - doskonal swoje umiej\u0119tno\u015bci dzi\u0119ki praktycznym \u0107wiczeniom, interaktywnej praktyce i natychmiastowym informacjom zwrotnym.","robots":{"index":"index","follow":"follow","max-snippet":"max-snippet:-1","max-image-preview":"max-image-preview:large","max-video-preview":"max-video-preview:-1"},"canonical":"https:\/\/talkpal.ai\/pl\/cwiczenia-z-gramatyki-wloskiej\/","og_locale":"pl_PL","og_type":"article","og_title":"\u0106wiczenia z gramatyki w\u0142oskiej","og_description":"Zagadnienia gramatyki w\u0142oskiej Nauka nowego j\u0119zyka to ekscytuj\u0105ca podr\u00f3\u017c, kt\u00f3ra otwiera nowe mo\u017cliwo\u015bci i do\u015bwiadczenia kulturowe. Jednym z","og_url":"https:\/\/talkpal.ai\/pl\/cwiczenia-z-gramatyki-wloskiej\/","og_site_name":"Talkpal","article_publisher":"https:\/\/www.facebook.com\/profile.php?id=100090733639311","article_modified_time":"2025-12-17T16:13:57+00:00","og_image":[{"width":512,"height":512,"url":"https:\/\/talkpal.ai\/wp-content\/uploads\/2023\/03\/italy.png","type":"image\/png"}],"twitter_card":"summary_large_image","twitter_site":"@talkpalai","twitter_misc":{"Szacowany czas czytania":"3 minuty"},"schema":{"@context":"https:\/\/schema.org","@graph":[{"@type":"WebPage","@id":"https:\/\/talkpal.ai\/pl\/cwiczenia-z-gramatyki-wloskiej\/","url":"https:\/\/talkpal.ai\/pl\/cwiczenia-z-gramatyki-wloskiej\/","name":"\u0106wiczenia z gramatyki w\u0142oskiej - Talkpal","isPartOf":{"@id":"https:\/\/talkpal.ai\/pl\/#website"},"primaryImageOfPage":{"@id":"https:\/\/talkpal.ai\/pl\/cwiczenia-z-gramatyki-wloskiej\/#primaryimage"},"image":{"@id":"https:\/\/talkpal.ai\/pl\/cwiczenia-z-gramatyki-wloskiej\/#primaryimage"},"thumbnailUrl":"https:\/\/talkpal.ai\/wp-content\/uploads\/2023\/03\/italy.png","datePublished":"2023-06-16T09:22:36+00:00","dateModified":"2025-12-17T16:13:57+00:00","description":"Skutecznie popraw swoj\u0105 znajomo\u015b\u0107 gramatyki w\u0142oskiej - doskonal swoje umiej\u0119tno\u015bci dzi\u0119ki praktycznym \u0107wiczeniom, interaktywnej praktyce i natychmiastowym informacjom zwrotnym.","breadcrumb":{"@id":"https:\/\/talkpal.ai\/pl\/cwiczenia-z-gramatyki-wloskiej\/#breadcrumb"},"inLanguage":"pl-PL","potentialAction":[{"@type":"ReadAction","target":["https:\/\/talkpal.ai\/pl\/cwiczenia-z-gramatyki-wloskiej\/"]}]},{"@type":"ImageObject","inLanguage":"pl-PL","@id":"https:\/\/talkpal.ai\/pl\/cwiczenia-z-gramatyki-wloskiej\/#primaryimage","url":"https:\/\/talkpal.ai\/wp-content\/uploads\/2023\/03\/italy.png","contentUrl":"https:\/\/talkpal.ai\/wp-content\/uploads\/2023\/03\/italy.png","width":512,"height":512,"caption":"TalkPal AI learn Italian"},{"@type":"BreadcrumbList","@id":"https:\/\/talkpal.ai\/pl\/cwiczenia-z-gramatyki-wloskiej\/#breadcrumb","itemListElement":[{"@type":"ListItem","position":1,"name":"Homepage","item":"https:\/\/talkpal.ai\/pl\/"},{"@type":"ListItem","position":2,"name":"\u0106wiczenia z gramatyki w\u0142oskiej"}]},{"@type":"WebSite","@id":"https:\/\/talkpal.ai\/pl\/#website","url":"https:\/\/talkpal.ai\/pl\/","name":"Talkpal","description":"AI Language Learning","publisher":{"@id":"https:\/\/talkpal.ai\/pl\/#organization"},"alternateName":"Talkpal AI","potentialAction":[{"@type":"SearchAction","target":{"@type":"EntryPoint","urlTemplate":"https:\/\/talkpal.ai\/pl\/?s={search_term_string}"},"query-input":{"@type":"PropertyValueSpecification","valueRequired":true,"valueName":"search_term_string"}}],"inLanguage":"pl-PL"},{"@type":"Organization","@id":"https:\/\/talkpal.ai\/pl\/#organization","name":"Talkpal, Inc.","alternateName":"Talkpal AI","url":"https:\/\/talkpal.ai\/pl\/","logo":{"@type":"ImageObject","inLanguage":"pl-PL","@id":"https:\/\/talkpal.ai\/pl\/#\/schema\/logo\/image\/","url":"https:\/\/talkpal.ai\/wp-content\/uploads\/2024\/03\/Talkpal-Logo-Icon.png","contentUrl":"https:\/\/talkpal.ai\/wp-content\/uploads\/2024\/03\/Talkpal-Logo-Icon.png","width":2880,"height":2880,"caption":"Talkpal, Inc."},"image":{"@id":"https:\/\/talkpal.ai\/pl\/#\/schema\/logo\/image\/"},"sameAs":["https:\/\/www.facebook.com\/profile.php?id=100090733639311","https:\/\/x.com\/talkpalai","https:\/\/www.linkedin.com\/company\/talkpal\/","https:\/\/www.youtube.com\/@TalkPal\/","https:\/\/www.tiktok.com\/@talkpal","https:\/\/www.instagram.com\/talkpal_ai\/","https:\/\/www.crunchbase.com\/organization\/talkpal-9cde","https:\/\/www.g2.com\/products\/talkpal-for-business\/","https:\/\/www.trustpilot.com\/review\/talkpal.ai","https:\/\/www.capterra.com\/p\/10006800\/TalkPal\/"],"description":"Talkpal is a language learning web and mobile education app, powered by the latest AI technologies, that provides engaging experiences to its customers in many different languages to help them improve their language skills. Users can chat about unlimited amount of topics with the app and use other modes to practice their language learning.","email":"support@talkpal.ai","legalName":"Talkpal, Inc.","foundingDate":"2023-04-03","duns":"118989042","numberOfEmployees":{"@type":"QuantitativeValue","minValue":"11","maxValue":"50"},"publishingPrinciples":"https:\/\/talkpal.ai\/publishing-principles\/","actionableFeedbackPolicy":"https:\/\/talkpal.ai\/actionable-feedback-policy\/","correctionsPolicy":"https:\/\/talkpal.ai\/corrections-policy\/","ethicsPolicy":"https:\/\/talkpal.ai\/ethics-policy\/","diversityPolicy":"https:\/\/talkpal.ai\/diversity-policy\/","diversityStaffingReport":"https:\/\/talkpal.ai\/diversity-policy\/"}]}},"_links":{"self":[{"href":"https:\/\/talkpal.ai\/pl\/wp-json\/wp\/v2\/pages\/132283","targetHints":{"allow":["GET"]}}],"collection":[{"href":"https:\/\/talkpal.ai\/pl\/wp-json\/wp\/v2\/pages"}],"about":[{"href":"https:\/\/talkpal.ai\/pl\/wp-json\/wp\/v2\/types\/page"}],"author":[{"embeddable":true,"href":"https:\/\/talkpal.ai\/pl\/wp-json\/wp\/v2\/users\/6"}],"replies":[{"embeddable":true,"href":"https:\/\/talkpal.ai\/pl\/wp-json\/wp\/v2\/comments?post=132283"}],"version-history":[{"count":0,"href":"https:\/\/talkpal.ai\/pl\/wp-json\/wp\/v2\/pages\/132283\/revisions"}],"wp:featuredmedia":[{"embeddable":true,"href":"https:\/\/talkpal.ai\/pl\/wp-json\/wp\/v2\/media\/76178"}],"wp:attachment":[{"href":"https:\/\/talkpal.ai\/pl\/wp-json\/wp\/v2\/media?parent=132283"}],"curies":[{"name":"wp","href":"https:\/\/api.w.org\/{rel}","templated":true}]}}