{"id":132098,"date":"2023-06-16T09:14:18","date_gmt":"2023-06-16T09:14:18","guid":{"rendered":"http:\/\/talkpal.ai\/cwiczenia-z-gramatyki-niemieckiej\/"},"modified":"2025-12-17T16:11:28","modified_gmt":"2025-12-17T16:11:28","slug":"cwiczenia-z-gramatyki-niemieckiej","status":"publish","type":"page","link":"https:\/\/talkpal.ai\/pl\/cwiczenia-z-gramatyki-niemieckiej\/","title":{"rendered":"\u0106wiczenia z gramatyki niemieckiej"},"content":{"rendered":"\r\n\r\n\r\n<section class=\"languageChallengeSection\">\r\n    <div class=\"languageInfoWrapper\">\r\n        \r\n        <h1>\u0106wiczenia z gramatyki niemieckiej<\/h1>\r\n        <p>Gotowy, aby wzmocni\u0107 swoj\u0105 niemieck\u0105 gramatyk\u0119? \u0106wiczenie gramatyki to doskona\u0142y spos\u00f3b na opanowanie j\u0119zyka niemieckiego. Zacznij pracowa\u0107 nad nim ju\u017c dzi\u015b i zobacz, jak z ka\u017cdym \u0107wiczeniem ro\u015bnie twoja pewno\u015b\u0107 siebie i p\u0142ynno\u015b\u0107!\n\n<\/p>\r\n\r\n                            <a class=\"getStartedHidden\" href=\"https:\/\/app.talkpal.ai\/pl\/signup?lng=\">Zaczynaj<\/a>\r\n        \r\n    <\/div>\r\n\r\n    <figure>\r\n    <img decoding=\"async\" width=\"768\" height=\"768\" src=\"https:\/\/talkpal.ai\/wp-content\/uploads\/2023\/06\/german-768x768.png\" class=\"languageImage no-lazy\" alt=\"Language learning for global networking\" fetchpriority=\"high\" sizes=\"(max-width: 768px) 150px, 768px\" srcset=\"https:\/\/talkpal.ai\/wp-content\/uploads\/2023\/06\/german-768x768.png 768w, https:\/\/talkpal.ai\/wp-content\/uploads\/2023\/06\/german-300x300.png 300w\" \/>\r\n    \r\n\r\n    <\/figure>\r\n\r\n            <a class=\"getStartedVisible\" href=\"https:\/\/app.talkpal.ai\/pl\/signup?lng=\">Zaczynaj<\/a>\r\n    \r\n<\/section>\r\n\r\n\r\n<!-- <section class=\"grammarSection\">\r\n    <div class=\"grammarLinks\">\r\n        <a href=\"https:\/\/talkpal.ai\/pl\/exercise_language\/czasowniki-gramatyka-niemiecka\/\">Czasowniki <\/a><a href=\"https:\/\/talkpal.ai\/pl\/exercise_language\/czasy-gramatyka-niemiecka\/\">Czasy <\/a><a href=\"https:\/\/talkpal.ai\/pl\/exercise_language\/deklinacja-gramatyka-niemiecka\/\">Deklinacja <\/a><a href=\"https:\/\/talkpal.ai\/pl\/exercise_language\/przyimki-gramatyka-niemiecka\/\">Przyimki <\/a><a href=\"https:\/\/talkpal.ai\/pl\/exercise_language\/przymiotniki-gramatyka-niemiecka\/\">Przymiotniki <\/a><a href=\"https:\/\/talkpal.ai\/pl\/exercise_language\/przyslowki-gramatyka-niemiecka\/\">Przys\u0142\u00f3wki <\/a><a href=\"https:\/\/talkpal.ai\/pl\/exercise_language\/rzeczowniki-i-rodzajniki-gramatyka-niemiecka\/\">Rzeczowniki i rodzajniki <\/a><a href=\"https:\/\/talkpal.ai\/pl\/exercise_language\/struktura-zdania-gramatyka-niemiecka\/\">Struktura zdania <\/a><a href=\"https:\/\/talkpal.ai\/pl\/exercise_language\/zaimki-gramatyka-niemiecka\/\">Zaimki <\/a>    <\/div>\r\n<\/section> -->\r\n\r\n\r\n\r\n\r\n        <section class=\"grammarSection\">\r\n            <div class=\"grammarLinks\">\r\n                <a href=\"https:\/\/talkpal.ai\/pl\/exercise_language\/czasowniki-gramatyka-niemiecka\/\">Czasowniki <\/a><a href=\"https:\/\/talkpal.ai\/pl\/exercise_language\/czasy-gramatyka-niemiecka\/\">Czasy <\/a><a href=\"https:\/\/talkpal.ai\/pl\/exercise_language\/deklinacja-gramatyka-niemiecka\/\">Deklinacja <\/a><a href=\"https:\/\/talkpal.ai\/pl\/exercise_language\/przyimki-gramatyka-niemiecka\/\">Przyimki <\/a><a href=\"https:\/\/talkpal.ai\/pl\/exercise_language\/przymiotniki-gramatyka-niemiecka\/\">Przymiotniki <\/a><a href=\"https:\/\/talkpal.ai\/pl\/exercise_language\/przyslowki-gramatyka-niemiecka\/\">Przys\u0142\u00f3wki <\/a><a href=\"https:\/\/talkpal.ai\/pl\/exercise_language\/rzeczowniki-i-rodzajniki-gramatyka-niemiecka\/\">Rzeczowniki i rodzajniki <\/a><a href=\"https:\/\/talkpal.ai\/pl\/exercise_language\/struktura-zdania-gramatyka-niemiecka\/\">Struktura zdania <\/a><a href=\"https:\/\/talkpal.ai\/pl\/exercise_language\/zaimki-gramatyka-niemiecka\/\">Zaimki <\/a>            <\/div>\r\n        <\/section>\r\n<section class=\"promotionalBanner\">\r\n    <p class=\"promotionalText\">Najbardziej efektywny spos\u00f3b nauki j\u0119zyka<\/p>\r\n    <a class=\"promotionalLink\" href=\"https:\/\/app.talkpal.ai\/pl\/signup?lng=\">Wypr\u00f3buj Talkpal za darmo<\/a>\r\n<\/section>\n<div class=\"wp-block-group pageContainerStyle\"><div class=\"wp-block-group__inner-container is-layout-constrained wp-block-group-is-layout-constrained\">\n<h2 class=\"wp-block-heading\" id=\"h-german-grammar-topics\">Zagadnienia gramatyczne j\u0119zyka niemieckiego<\/h2>\n\n\n\n<p>Nauka nowego j\u0119zyka mo\u017ce by\u0107 trudnym zadaniem, ale przy odpowiednim podej\u015bciu mo\u017ce by\u0107 ekscytuj\u0105cym i satysfakcjonuj\u0105cym do\u015bwiadczeniem. <a href=\"https:\/\/talkpal.ai\/learn-german\/\">Niemiecki<\/a> jest wysoce ustrukturyzowanym i logicznym j\u0119zykiem, co u\u0142atwia nauk\u0119, je\u015bli dobrze rozumiesz jego zasady gramatyczne. Ten przewodnik pomo\u017ce Ci zrozumie\u0107 kluczowe aspekty gramatyki niemieckiej, takie jak czasy, czasowniki, rzeczowniki i rodzajniki, zaimki, przymiotniki, deklinacja, przys\u0142\u00f3wki, przyimki i struktura zda\u0144. Post\u0119puj\u0105c zgodnie z t\u0105 sekwencj\u0105, b\u0119dziesz w stanie skutecznie i wydajnie robi\u0107 post\u0119py w nauce j\u0119zyka niemieckiego.<\/p>\n\n\n\n<h3 class=\"wp-block-heading\" id=\"h-1-nouns-and-articles\">1. Rzeczowniki i rodzajniki:<\/h3>\n\n\n\n<p>Zacznij od poznania podstaw niemieckich rzeczownik\u00f3w i towarzysz\u0105cych im przedimk\u00f3w. Niemiecki ma trzy rodzaje (m\u0119ski, \u017ce\u0144ski i nijaki) i cztery przypadki (mianownik, biernik, celownik i dope\u0142niacz). Zrozumienie tych zasad pomo\u017ce Ci okre\u015bli\u0107 w\u0142a\u015bciwy rodzajnik dla ka\u017cdego rzeczownika i po\u0142o\u017cy\u0107 podwaliny pod znajomo\u015b\u0107 gramatyki niemieckiej.<\/p>\n\n\n\n<h3 class=\"wp-block-heading\" id=\"h-2-pronouns\">2. Zaimki:<\/h3>\n\n\n\n<p>Zaimki zast\u0119puj\u0105 rzeczowniki w zdaniu i maj\u0105 r\u00f3\u017cne formy w zale\u017cno\u015bci od ich rodzaju, liczby i przypadku. Zapoznaj si\u0119 z niemieckimi zaimkami, takimi jak zaimki osobowe, dzier\u017cawcze, zwrotne i wzgl\u0119dne, aby tworzy\u0107 bardziej z\u0142o\u017cone zdania i dok\u0142adniej wyra\u017ca\u0107 swoje my\u015bli.<\/p>\n\n\n\n<h3 class=\"wp-block-heading\" id=\"h-3-verbs\">3. Czasowniki:<\/h3>\n\n\n\n<p>Czasowniki maj\u0105 kluczowe znaczenie w tworzeniu zda\u0144, poniewa\u017c wyra\u017caj\u0105 czynno\u015bci i stany. <a href=\"https:\/\/talkpal.ai\/pl\/naucz-sie-malajskiego\/\">Naucz si\u0119<\/a> r\u00f3\u017cnych typ\u00f3w czasownik\u00f3w niemieckich, takich jak czasowniki regularne, nieregularne, modalne i zwrotne, wraz z ich koniugacjami w czasie tera\u017aniejszym, przesz\u0142ym i przysz\u0142ym. Umo\u017cliwi Ci to skuteczn\u0105 komunikacj\u0119 w r\u00f3\u017cnych sytuacjach.<\/p>\n\n\n\n<h3 class=\"wp-block-heading\" id=\"h-4-tenses\">4. Czasy:<\/h3>\n\n\n\n<p>Czasy wskazuj\u0105 czas, w kt\u00f3rym nast\u0119puje czynno\u015b\u0107. W j\u0119zyku niemieckim istnieje sze\u015b\u0107 czas\u00f3w: tera\u017aniejszy, przesz\u0142y prosty, czas tera\u017aniejszy dokonany, czas przesz\u0142y dokonany, czas przysz\u0142y i czas przysz\u0142y dokonany. Zrozumienie zasad i u\u017cycia tych czas\u00f3w pomo\u017ce ci wyrazi\u0107 si\u0119 jasno i dok\u0142adnie.<\/p>\n\n\n\n<h3 class=\"wp-block-heading\" id=\"h-5-adjectives\">5. Przymiotniki:<\/h3>\n\n\n\n<p>Przymiotniki opisuj\u0105 cechy rzeczownik\u00f3w i zaimk\u00f3w oraz zgadzaj\u0105 si\u0119 pod wzgl\u0119dem rodzaju, liczby i wielko\u015bci liter z rzeczownikiem, kt\u00f3ry modyfikuj\u0105. Naucz si\u0119 zasad deklinacji przymiotnik\u00f3w, a tak\u017ce form por\u00f3wnawczych i najwy\u017cszych, aby wzbogaci\u0107 swoje opisy i uczyni\u0107 mow\u0119 bardziej kolorow\u0105.<\/p>\n\n\n\n<h3 class=\"wp-block-heading\" id=\"h-6-declension\">6. Deklinacja:<\/h3>\n\n\n\n<p>Deklinacja to proces zmiany rzeczownik\u00f3w, zaimk\u00f3w i przymiotnik\u00f3w w celu wskazania ich funkcji gramatycznej w zdaniu. Zapoznaj si\u0119 z czterema niemieckimi przypadkami i ich wp\u0142ywem na ko\u0144c\u00f3wki wyraz\u00f3w, co umo\u017cliwi Ci konstruowanie poprawnych gramatycznie zda\u0144.<\/p>\n\n\n\n<h3 class=\"wp-block-heading\" id=\"h-7-adverbs\">7. Przys\u0142\u00f3wki:<\/h3>\n\n\n\n<p>Przys\u0142\u00f3wki dostarczaj\u0105 dodatkowych informacji o czasownikach, przymiotnikach lub innych przys\u0142\u00f3wkach. Naucz si\u0119 r\u00f3\u017cnych rodzaj\u00f3w niemieckich przys\u0142\u00f3wk\u00f3w, takich jak te wskazuj\u0105ce czas, spos\u00f3b i miejsce, oraz jak skutecznie ich u\u017cywa\u0107, aby doda\u0107 niuans\u00f3w i precyzji do swojej mowy.<\/p>\n\n\n\n<h3 class=\"wp-block-heading\" id=\"h-8-prepositions\">8. Przyimki:<\/h3>\n\n\n\n<p>Przyimki s\u0142u\u017c\u0105 do wskazania zwi\u0105zku mi\u0119dzy rzeczownikami lub zaimkami a innymi elementami w zdaniu. Przestudiuj r\u00f3\u017cne niemieckie przyimki i ich u\u017cycie w r\u00f3\u017cnych przypadkach, aby lepiej zrozumie\u0107, jak zbudowane s\u0105 zdania.<\/p>\n\n\n\n<h3 class=\"wp-block-heading\" id=\"h-9-sentence-structure\">9. Struktura zdania:<\/h3>\n\n\n\n<p>Na koniec zapoznaj si\u0119 z niemieck\u0105 struktur\u0105 zda\u0144, w tym szykiem wyraz\u00f3w, zdaniami podrz\u0119dnymi i sp\u00f3jnikami. Zrozumienie tych zasad pomo\u017ce Ci stworzy\u0107 sp\u00f3jne i dobrze skonstruowane zdania, co pozwoli Ci jasno i skutecznie wyra\u017ca\u0107 swoje my\u015bli w j\u0119zyku niemieckim.<\/p>\n<\/div><\/div>\n\r\n<section class=\"learnNavigationSection\">\r\n            \r\n        <a href=\"https:\/\/talkpal.ai\/pl\/nauka-niemieckiego\/\">\r\n            <div class=\"learnNavigationWrapper\">\r\n                <div class=\"learnNavigationContent\">\r\n                    <img decoding=\"async\" src=\"https:\/\/talkpal.ai\/wp-content\/uploads\/2024\/08\/German.jpg\" alt=\"German Flag\">\r\n                    <div>\r\n                        <h4>O nauce niemieckiego<\/h4>\r\n                        <p>Dowiedz si\u0119 wszystkiego o gramatyce niemieckiej.<\/p>\r\n                    <\/div>\r\n                <\/div>\r\n            <\/div>\r\n        <\/a>\r\n\r\n        \r\n        <a href=\"https:\/\/talkpal.ai\/pl\/gramatyka-niemiecka\/\">\r\n            <div class=\"learnNavigationWrapper\">\r\n                <div class=\"learnNavigationContent\">\r\n                    <img decoding=\"async\" src=\"https:\/\/talkpal.ai\/wp-content\/uploads\/2024\/08\/German.jpg\" alt=\"German Flag\">\r\n                    <div>\r\n                        <h4>Lekcje gramatyki niemieckiej<\/h4>\r\n                        <p>\u0106wicz gramatyk\u0119 niemieck\u0105.<\/p>\r\n                    <\/div>\r\n                <\/div>\r\n            <\/div>\r\n        <\/a>\r\n\r\n        \r\n        <a href=\"https:\/\/talkpal.ai\/vocabulary_language\/german\/\">\r\n            <div class=\"learnNavigationWrapper\">\r\n                <div class=\"learnNavigationContent\">\r\n                    <img decoding=\"async\" src=\"https:\/\/talkpal.ai\/wp-content\/uploads\/2024\/08\/German.jpg\" alt=\"German Flag\">\r\n                    <div>\r\n                        <h4>S\u0142ownictwo niemieckie<\/h4>\r\n                        <p>Poszerz swoje niemieckie s\u0142ownictwo.<\/p>\r\n                    <\/div>\r\n                <\/div>\r\n            <\/div>\r\n        <\/a>\r\n\r\n            <\/section>","protected":false},"excerpt":{"rendered":"<p>Zagadnienia gramatyczne j\u0119zyka niemieckiego Nauka nowego j\u0119zyka mo\u017ce by\u0107 trudnym zadaniem, ale przy odpowiednim podej\u015bciu mo\u017ce by\u0107 ekscytuj\u0105cym i satysfakcjonuj\u0105cym do\u015bwiadczeniem. Niemiecki jest wysoce ustrukturyzowanym i logicznym j\u0119zykiem, co u\u0142atwia nauk\u0119, je\u015bli dobrze rozumiesz jego zasady gramatyczne. Ten przewodnik pomo\u017ce Ci zrozumie\u0107 kluczowe aspekty gramatyki niemieckiej, takie jak czasy, czasowniki, rzeczowniki i rodzajniki, zaimki, przymiotniki, [&hellip;]<\/p>\n","protected":false},"author":6,"featured_media":75568,"parent":0,"menu_order":0,"comment_status":"closed","ping_status":"closed","template":"LearningContentPage.php","meta":{"_acf_changed":false,"footnotes":""},"class_list":["post-132098","page","type-page","status-publish","has-post-thumbnail","hentry"],"acf":[],"yoast_head":"<!-- This site is optimized with the Yoast SEO Premium plugin v27.2 (Yoast SEO v27.2) - https:\/\/yoast.com\/product\/yoast-seo-premium-wordpress\/ -->\n<title>\u0106wiczenia z gramatyki niemieckiej - Talkpal<\/title>\n<meta name=\"description\" content=\"Wzmocnij swoj\u0105 gramatyk\u0119 niemieck\u0105 dzi\u0119ki praktycznym \u0107wiczeniom - popraw si\u0119 szybko, \u0107wicz interaktywnie i zyskaj pewno\u015b\u0107 siebie dzi\u0119ki Talkpal AI.\" \/>\n<meta name=\"robots\" content=\"index, follow, max-snippet:-1, max-image-preview:large, max-video-preview:-1\" \/>\n<link rel=\"canonical\" href=\"https:\/\/talkpal.ai\/pl\/cwiczenia-z-gramatyki-niemieckiej\/\" \/>\n<meta property=\"og:locale\" content=\"pl_PL\" \/>\n<meta property=\"og:type\" content=\"article\" \/>\n<meta property=\"og:title\" content=\"\u0106wiczenia z gramatyki niemieckiej\" \/>\n<meta property=\"og:description\" content=\"Zagadnienia gramatyczne j\u0119zyka niemieckiego Nauka nowego j\u0119zyka mo\u017ce by\u0107 trudnym zadaniem, ale przy odpowiednim podej\u015bciu mo\u017ce by\u0107 ekscytuj\u0105cym i\" \/>\n<meta property=\"og:url\" content=\"https:\/\/talkpal.ai\/pl\/cwiczenia-z-gramatyki-niemieckiej\/\" \/>\n<meta property=\"og:site_name\" content=\"Talkpal\" \/>\n<meta property=\"article:publisher\" content=\"https:\/\/www.facebook.com\/profile.php?id=100090733639311\" \/>\n<meta property=\"article:modified_time\" content=\"2025-12-17T16:11:28+00:00\" \/>\n<meta property=\"og:image\" content=\"https:\/\/talkpal.ai\/wp-content\/uploads\/2023\/03\/germany.png\" \/>\n\t<meta property=\"og:image:width\" content=\"512\" \/>\n\t<meta property=\"og:image:height\" content=\"512\" \/>\n\t<meta property=\"og:image:type\" content=\"image\/png\" \/>\n<meta name=\"twitter:card\" content=\"summary_large_image\" \/>\n<meta name=\"twitter:site\" content=\"@talkpalai\" \/>\n<meta name=\"twitter:label1\" content=\"Szacowany czas czytania\" \/>\n\t<meta name=\"twitter:data1\" content=\"3 minuty\" \/>\n<script type=\"application\/ld+json\" class=\"yoast-schema-graph\">{\"@context\":\"https:\/\/schema.org\",\"@graph\":[{\"@type\":\"WebPage\",\"@id\":\"https:\/\/talkpal.ai\/pl\/cwiczenia-z-gramatyki-niemieckiej\/\",\"url\":\"https:\/\/talkpal.ai\/pl\/cwiczenia-z-gramatyki-niemieckiej\/\",\"name\":\"\u0106wiczenia z gramatyki niemieckiej - Talkpal\",\"isPartOf\":{\"@id\":\"https:\/\/talkpal.ai\/pl\/#website\"},\"primaryImageOfPage\":{\"@id\":\"https:\/\/talkpal.ai\/pl\/cwiczenia-z-gramatyki-niemieckiej\/#primaryimage\"},\"image\":{\"@id\":\"https:\/\/talkpal.ai\/pl\/cwiczenia-z-gramatyki-niemieckiej\/#primaryimage\"},\"thumbnailUrl\":\"https:\/\/talkpal.ai\/wp-content\/uploads\/2023\/03\/germany.png\",\"datePublished\":\"2023-06-16T09:14:18+00:00\",\"dateModified\":\"2025-12-17T16:11:28+00:00\",\"description\":\"Wzmocnij swoj\u0105 gramatyk\u0119 niemieck\u0105 dzi\u0119ki praktycznym \u0107wiczeniom - popraw si\u0119 szybko, \u0107wicz interaktywnie i zyskaj pewno\u015b\u0107 siebie dzi\u0119ki Talkpal AI.\",\"breadcrumb\":{\"@id\":\"https:\/\/talkpal.ai\/pl\/cwiczenia-z-gramatyki-niemieckiej\/#breadcrumb\"},\"inLanguage\":\"pl-PL\",\"potentialAction\":[{\"@type\":\"ReadAction\",\"target\":[\"https:\/\/talkpal.ai\/pl\/cwiczenia-z-gramatyki-niemieckiej\/\"]}]},{\"@type\":\"ImageObject\",\"inLanguage\":\"pl-PL\",\"@id\":\"https:\/\/talkpal.ai\/pl\/cwiczenia-z-gramatyki-niemieckiej\/#primaryimage\",\"url\":\"https:\/\/talkpal.ai\/wp-content\/uploads\/2023\/03\/germany.png\",\"contentUrl\":\"https:\/\/talkpal.ai\/wp-content\/uploads\/2023\/03\/germany.png\",\"width\":512,\"height\":512,\"caption\":\"TalkPal AI learn German\"},{\"@type\":\"BreadcrumbList\",\"@id\":\"https:\/\/talkpal.ai\/pl\/cwiczenia-z-gramatyki-niemieckiej\/#breadcrumb\",\"itemListElement\":[{\"@type\":\"ListItem\",\"position\":1,\"name\":\"Homepage\",\"item\":\"https:\/\/talkpal.ai\/pl\/\"},{\"@type\":\"ListItem\",\"position\":2,\"name\":\"\u0106wiczenia z gramatyki niemieckiej\"}]},{\"@type\":\"WebSite\",\"@id\":\"https:\/\/talkpal.ai\/pl\/#website\",\"url\":\"https:\/\/talkpal.ai\/pl\/\",\"name\":\"Talkpal\",\"description\":\"AI Language Learning\",\"publisher\":{\"@id\":\"https:\/\/talkpal.ai\/pl\/#organization\"},\"alternateName\":\"Talkpal AI\",\"potentialAction\":[{\"@type\":\"SearchAction\",\"target\":{\"@type\":\"EntryPoint\",\"urlTemplate\":\"https:\/\/talkpal.ai\/pl\/?s={search_term_string}\"},\"query-input\":{\"@type\":\"PropertyValueSpecification\",\"valueRequired\":true,\"valueName\":\"search_term_string\"}}],\"inLanguage\":\"pl-PL\"},{\"@type\":\"Organization\",\"@id\":\"https:\/\/talkpal.ai\/pl\/#organization\",\"name\":\"Talkpal, Inc.\",\"alternateName\":\"Talkpal AI\",\"url\":\"https:\/\/talkpal.ai\/pl\/\",\"logo\":{\"@type\":\"ImageObject\",\"inLanguage\":\"pl-PL\",\"@id\":\"https:\/\/talkpal.ai\/pl\/#\/schema\/logo\/image\/\",\"url\":\"https:\/\/talkpal.ai\/wp-content\/uploads\/2024\/03\/Talkpal-Logo-Icon.png\",\"contentUrl\":\"https:\/\/talkpal.ai\/wp-content\/uploads\/2024\/03\/Talkpal-Logo-Icon.png\",\"width\":2880,\"height\":2880,\"caption\":\"Talkpal, Inc.\"},\"image\":{\"@id\":\"https:\/\/talkpal.ai\/pl\/#\/schema\/logo\/image\/\"},\"sameAs\":[\"https:\/\/www.facebook.com\/profile.php?id=100090733639311\",\"https:\/\/x.com\/talkpalai\",\"https:\/\/www.linkedin.com\/company\/talkpal\/\",\"https:\/\/www.youtube.com\/@TalkPal\/\",\"https:\/\/www.tiktok.com\/@talkpal\",\"https:\/\/www.instagram.com\/talkpal_ai\/\",\"https:\/\/www.crunchbase.com\/organization\/talkpal-9cde\",\"https:\/\/www.g2.com\/products\/talkpal-for-business\/\",\"https:\/\/www.trustpilot.com\/review\/talkpal.ai\",\"https:\/\/www.capterra.com\/p\/10006800\/TalkPal\/\"],\"description\":\"Talkpal is a language learning web and mobile education app, powered by the latest AI technologies, that provides engaging experiences to its customers in many different languages to help them improve their language skills. Users can chat about unlimited amount of topics with the app and use other modes to practice their language learning.\",\"email\":\"support@talkpal.ai\",\"legalName\":\"Talkpal, Inc.\",\"foundingDate\":\"2023-04-03\",\"duns\":\"118989042\",\"numberOfEmployees\":{\"@type\":\"QuantitativeValue\",\"minValue\":\"11\",\"maxValue\":\"50\"},\"publishingPrinciples\":\"https:\/\/talkpal.ai\/publishing-principles\/\",\"actionableFeedbackPolicy\":\"https:\/\/talkpal.ai\/actionable-feedback-policy\/\",\"correctionsPolicy\":\"https:\/\/talkpal.ai\/corrections-policy\/\",\"ethicsPolicy\":\"https:\/\/talkpal.ai\/ethics-policy\/\",\"diversityPolicy\":\"https:\/\/talkpal.ai\/diversity-policy\/\",\"diversityStaffingReport\":\"https:\/\/talkpal.ai\/diversity-policy\/\"}]}<\/script>\n<!-- \/ Yoast SEO Premium plugin. -->","yoast_head_json":{"title":"\u0106wiczenia z gramatyki niemieckiej - Talkpal","description":"Wzmocnij swoj\u0105 gramatyk\u0119 niemieck\u0105 dzi\u0119ki praktycznym \u0107wiczeniom - popraw si\u0119 szybko, \u0107wicz interaktywnie i zyskaj pewno\u015b\u0107 siebie dzi\u0119ki Talkpal AI.","robots":{"index":"index","follow":"follow","max-snippet":"max-snippet:-1","max-image-preview":"max-image-preview:large","max-video-preview":"max-video-preview:-1"},"canonical":"https:\/\/talkpal.ai\/pl\/cwiczenia-z-gramatyki-niemieckiej\/","og_locale":"pl_PL","og_type":"article","og_title":"\u0106wiczenia z gramatyki niemieckiej","og_description":"Zagadnienia gramatyczne j\u0119zyka niemieckiego Nauka nowego j\u0119zyka mo\u017ce by\u0107 trudnym zadaniem, ale przy odpowiednim podej\u015bciu mo\u017ce by\u0107 ekscytuj\u0105cym i","og_url":"https:\/\/talkpal.ai\/pl\/cwiczenia-z-gramatyki-niemieckiej\/","og_site_name":"Talkpal","article_publisher":"https:\/\/www.facebook.com\/profile.php?id=100090733639311","article_modified_time":"2025-12-17T16:11:28+00:00","og_image":[{"width":512,"height":512,"url":"https:\/\/talkpal.ai\/wp-content\/uploads\/2023\/03\/germany.png","type":"image\/png"}],"twitter_card":"summary_large_image","twitter_site":"@talkpalai","twitter_misc":{"Szacowany czas czytania":"3 minuty"},"schema":{"@context":"https:\/\/schema.org","@graph":[{"@type":"WebPage","@id":"https:\/\/talkpal.ai\/pl\/cwiczenia-z-gramatyki-niemieckiej\/","url":"https:\/\/talkpal.ai\/pl\/cwiczenia-z-gramatyki-niemieckiej\/","name":"\u0106wiczenia z gramatyki niemieckiej - Talkpal","isPartOf":{"@id":"https:\/\/talkpal.ai\/pl\/#website"},"primaryImageOfPage":{"@id":"https:\/\/talkpal.ai\/pl\/cwiczenia-z-gramatyki-niemieckiej\/#primaryimage"},"image":{"@id":"https:\/\/talkpal.ai\/pl\/cwiczenia-z-gramatyki-niemieckiej\/#primaryimage"},"thumbnailUrl":"https:\/\/talkpal.ai\/wp-content\/uploads\/2023\/03\/germany.png","datePublished":"2023-06-16T09:14:18+00:00","dateModified":"2025-12-17T16:11:28+00:00","description":"Wzmocnij swoj\u0105 gramatyk\u0119 niemieck\u0105 dzi\u0119ki praktycznym \u0107wiczeniom - popraw si\u0119 szybko, \u0107wicz interaktywnie i zyskaj pewno\u015b\u0107 siebie dzi\u0119ki Talkpal AI.","breadcrumb":{"@id":"https:\/\/talkpal.ai\/pl\/cwiczenia-z-gramatyki-niemieckiej\/#breadcrumb"},"inLanguage":"pl-PL","potentialAction":[{"@type":"ReadAction","target":["https:\/\/talkpal.ai\/pl\/cwiczenia-z-gramatyki-niemieckiej\/"]}]},{"@type":"ImageObject","inLanguage":"pl-PL","@id":"https:\/\/talkpal.ai\/pl\/cwiczenia-z-gramatyki-niemieckiej\/#primaryimage","url":"https:\/\/talkpal.ai\/wp-content\/uploads\/2023\/03\/germany.png","contentUrl":"https:\/\/talkpal.ai\/wp-content\/uploads\/2023\/03\/germany.png","width":512,"height":512,"caption":"TalkPal AI learn German"},{"@type":"BreadcrumbList","@id":"https:\/\/talkpal.ai\/pl\/cwiczenia-z-gramatyki-niemieckiej\/#breadcrumb","itemListElement":[{"@type":"ListItem","position":1,"name":"Homepage","item":"https:\/\/talkpal.ai\/pl\/"},{"@type":"ListItem","position":2,"name":"\u0106wiczenia z gramatyki niemieckiej"}]},{"@type":"WebSite","@id":"https:\/\/talkpal.ai\/pl\/#website","url":"https:\/\/talkpal.ai\/pl\/","name":"Talkpal","description":"AI Language Learning","publisher":{"@id":"https:\/\/talkpal.ai\/pl\/#organization"},"alternateName":"Talkpal AI","potentialAction":[{"@type":"SearchAction","target":{"@type":"EntryPoint","urlTemplate":"https:\/\/talkpal.ai\/pl\/?s={search_term_string}"},"query-input":{"@type":"PropertyValueSpecification","valueRequired":true,"valueName":"search_term_string"}}],"inLanguage":"pl-PL"},{"@type":"Organization","@id":"https:\/\/talkpal.ai\/pl\/#organization","name":"Talkpal, Inc.","alternateName":"Talkpal AI","url":"https:\/\/talkpal.ai\/pl\/","logo":{"@type":"ImageObject","inLanguage":"pl-PL","@id":"https:\/\/talkpal.ai\/pl\/#\/schema\/logo\/image\/","url":"https:\/\/talkpal.ai\/wp-content\/uploads\/2024\/03\/Talkpal-Logo-Icon.png","contentUrl":"https:\/\/talkpal.ai\/wp-content\/uploads\/2024\/03\/Talkpal-Logo-Icon.png","width":2880,"height":2880,"caption":"Talkpal, Inc."},"image":{"@id":"https:\/\/talkpal.ai\/pl\/#\/schema\/logo\/image\/"},"sameAs":["https:\/\/www.facebook.com\/profile.php?id=100090733639311","https:\/\/x.com\/talkpalai","https:\/\/www.linkedin.com\/company\/talkpal\/","https:\/\/www.youtube.com\/@TalkPal\/","https:\/\/www.tiktok.com\/@talkpal","https:\/\/www.instagram.com\/talkpal_ai\/","https:\/\/www.crunchbase.com\/organization\/talkpal-9cde","https:\/\/www.g2.com\/products\/talkpal-for-business\/","https:\/\/www.trustpilot.com\/review\/talkpal.ai","https:\/\/www.capterra.com\/p\/10006800\/TalkPal\/"],"description":"Talkpal is a language learning web and mobile education app, powered by the latest AI technologies, that provides engaging experiences to its customers in many different languages to help them improve their language skills. Users can chat about unlimited amount of topics with the app and use other modes to practice their language learning.","email":"support@talkpal.ai","legalName":"Talkpal, Inc.","foundingDate":"2023-04-03","duns":"118989042","numberOfEmployees":{"@type":"QuantitativeValue","minValue":"11","maxValue":"50"},"publishingPrinciples":"https:\/\/talkpal.ai\/publishing-principles\/","actionableFeedbackPolicy":"https:\/\/talkpal.ai\/actionable-feedback-policy\/","correctionsPolicy":"https:\/\/talkpal.ai\/corrections-policy\/","ethicsPolicy":"https:\/\/talkpal.ai\/ethics-policy\/","diversityPolicy":"https:\/\/talkpal.ai\/diversity-policy\/","diversityStaffingReport":"https:\/\/talkpal.ai\/diversity-policy\/"}]}},"_links":{"self":[{"href":"https:\/\/talkpal.ai\/pl\/wp-json\/wp\/v2\/pages\/132098","targetHints":{"allow":["GET"]}}],"collection":[{"href":"https:\/\/talkpal.ai\/pl\/wp-json\/wp\/v2\/pages"}],"about":[{"href":"https:\/\/talkpal.ai\/pl\/wp-json\/wp\/v2\/types\/page"}],"author":[{"embeddable":true,"href":"https:\/\/talkpal.ai\/pl\/wp-json\/wp\/v2\/users\/6"}],"replies":[{"embeddable":true,"href":"https:\/\/talkpal.ai\/pl\/wp-json\/wp\/v2\/comments?post=132098"}],"version-history":[{"count":0,"href":"https:\/\/talkpal.ai\/pl\/wp-json\/wp\/v2\/pages\/132098\/revisions"}],"wp:featuredmedia":[{"embeddable":true,"href":"https:\/\/talkpal.ai\/pl\/wp-json\/wp\/v2\/media\/75568"}],"wp:attachment":[{"href":"https:\/\/talkpal.ai\/pl\/wp-json\/wp\/v2\/media?parent=132098"}],"curies":[{"name":"wp","href":"https:\/\/api.w.org\/{rel}","templated":true}]}}