{"id":131808,"date":"2023-06-16T08:35:52","date_gmt":"2023-06-16T08:35:52","guid":{"rendered":"http:\/\/talkpal.ai\/cwiczenia-z-gramatyki-francuskiej\/"},"modified":"2025-12-17T16:47:08","modified_gmt":"2025-12-17T16:47:08","slug":"cwiczenia-z-gramatyki-francuskiej","status":"publish","type":"page","link":"https:\/\/talkpal.ai\/pl\/cwiczenia-z-gramatyki-francuskiej\/","title":{"rendered":"\u0106wiczenia z gramatyki francuskiej"},"content":{"rendered":"\r\n\r\n\r\n<section class=\"languageChallengeSection\">\r\n    <div class=\"languageInfoWrapper\">\r\n        \r\n        <h1>\u0106wiczenia z gramatyki francuskiej<\/h1>\r\n        <p>Chcesz opanowa\u0107 j\u0119zyk <a href=\"https:\/\/talkpal.ai\/learn-french\/\">francuski<\/a>? \u0106wiczenie gramatyki to fantastyczny spos\u00f3b na zrozumienie struktury zda\u0144, koniugacji czasownik\u00f3w i unikalnych wzorc\u00f3w j\u0119zyka francuskiego. Zacznij pracowa\u0107 nad francusk\u0105 gramatyk\u0105 ju\u017c dzi\u015b i obserwuj, jak twoja pewno\u015b\u0107 siebie i p\u0142ynno\u015b\u0107 rosn\u0105 z ka\u017cdym \u0107wiczeniem!\n\n<\/p>\r\n\r\n                            <a class=\"getStartedHidden\" href=\"https:\/\/app.talkpal.ai\/pl\/signup?lng=\">Zaczynaj<\/a>\r\n        \r\n    <\/div>\r\n\r\n    <figure>\r\n    <img decoding=\"async\" width=\"768\" height=\"768\" src=\"https:\/\/talkpal.ai\/wp-content\/uploads\/2023\/06\/french-768x768.png\" class=\"languageImage no-lazy\" alt=\"Language learning strategies for professionals\" fetchpriority=\"high\" sizes=\"(max-width: 768px) 150px, 768px\" srcset=\"https:\/\/talkpal.ai\/wp-content\/uploads\/2023\/06\/french-768x768.png 768w, https:\/\/talkpal.ai\/wp-content\/uploads\/2023\/06\/french-300x300.png 300w\" \/>\r\n    \r\n\r\n    <\/figure>\r\n\r\n            <a class=\"getStartedVisible\" href=\"https:\/\/app.talkpal.ai\/pl\/signup?lng=\">Zaczynaj<\/a>\r\n    \r\n<\/section>\r\n\r\n\r\n<!-- <section class=\"grammarSection\">\r\n    <div class=\"grammarLinks\">\r\n        <a href=\"https:\/\/talkpal.ai\/pl\/exercise_language\/artykuly-gramatyka-francuska\/\">Artyku\u0142y <\/a><a href=\"https:\/\/talkpal.ai\/pl\/exercise_language\/czasowniki-gramatyka-francuska\/\">Czasowniki <\/a><a href=\"https:\/\/talkpal.ai\/pl\/exercise_language\/czasy-oznajmujace-gramatyka-francuska\/\">Czasy \u2013 Oznajmuj\u0105ce <\/a><a href=\"https:\/\/talkpal.ai\/pl\/exercise_language\/przyimki-gramatyka-francuska\/\">Przyimki <\/a><a href=\"https:\/\/talkpal.ai\/pl\/exercise_language\/przymiotniki-gramatyka-francuska\/\">Przymiotniki <\/a><a href=\"https:\/\/talkpal.ai\/pl\/exercise_language\/przyslowki-gramatyka-francuska\/\">Przys\u0142\u00f3wki <\/a><a href=\"https:\/\/talkpal.ai\/pl\/exercise_language\/rzeczowniki-gramatyka-francuska\/\">Rzeczowniki <\/a><a href=\"https:\/\/talkpal.ai\/pl\/exercise_language\/struktura-zdania-gramatyka-francuska\/\">Struktura zdania <\/a><a href=\"https:\/\/talkpal.ai\/pl\/exercise_language\/zaimki-i-okreslniki-gramatyka-francuska\/\">Zaimki i okre\u015blniki <\/a>    <\/div>\r\n<\/section> -->\r\n\r\n\r\n\r\n\r\n        <section class=\"grammarSection\">\r\n            <div class=\"grammarLinks\">\r\n                <a href=\"https:\/\/talkpal.ai\/pl\/exercise_language\/artykuly-gramatyka-francuska\/\">Artyku\u0142y <\/a><a href=\"https:\/\/talkpal.ai\/pl\/exercise_language\/czasowniki-gramatyka-francuska\/\">Czasowniki <\/a><a href=\"https:\/\/talkpal.ai\/pl\/exercise_language\/czasy-oznajmujace-gramatyka-francuska\/\">Czasy \u2013 Oznajmuj\u0105ce <\/a><a href=\"https:\/\/talkpal.ai\/pl\/exercise_language\/przyimki-gramatyka-francuska\/\">Przyimki <\/a><a href=\"https:\/\/talkpal.ai\/pl\/exercise_language\/przymiotniki-gramatyka-francuska\/\">Przymiotniki <\/a><a href=\"https:\/\/talkpal.ai\/pl\/exercise_language\/przyslowki-gramatyka-francuska\/\">Przys\u0142\u00f3wki <\/a><a href=\"https:\/\/talkpal.ai\/pl\/exercise_language\/rzeczowniki-gramatyka-francuska\/\">Rzeczowniki <\/a><a href=\"https:\/\/talkpal.ai\/pl\/exercise_language\/struktura-zdania-gramatyka-francuska\/\">Struktura zdania <\/a><a href=\"https:\/\/talkpal.ai\/pl\/exercise_language\/zaimki-i-okreslniki-gramatyka-francuska\/\">Zaimki i okre\u015blniki <\/a>            <\/div>\r\n        <\/section>\r\n<section class=\"promotionalBanner\">\r\n    <p class=\"promotionalText\">Najbardziej efektywny spos\u00f3b nauki j\u0119zyka<\/p>\r\n    <a class=\"promotionalLink\" href=\"https:\/\/app.talkpal.ai\/pl\/signup?lng=\">Wypr\u00f3buj Talkpal za darmo<\/a>\r\n<\/section>\n<div class=\"wp-block-group pageContainerStyle\"><div class=\"wp-block-group__inner-container is-layout-constrained wp-block-group-is-layout-constrained\">\n<h2 class=\"wp-block-heading\" id=\"h-french-grammar-topics\">Zagadnienia gramatyki francuskiej<\/h2>\n\n\n\n<p><a href=\"https:\/\/talkpal.ai\/pl\/nauka-francuskiego\/\">Nauka francuskiego<\/a> mo\u017ce by\u0107 ekscytuj\u0105cym i satysfakcjonuj\u0105cym do\u015bwiadczeniem. Jako j\u0119zyk bogaty w histori\u0119 i kultur\u0119, francuski oferuje unikaln\u0105 perspektyw\u0119 na \u015bwiat i jest podstawowym narz\u0119dziem komunikacji w r\u00f3\u017cnych dziedzinach. Aby skutecznie uczy\u0107 si\u0119 j\u0119zyka francuskiego, wa\u017cne jest, aby dobrze opanowa\u0107 jego gramatyk\u0119, kt\u00f3ra jest podstaw\u0105 ka\u017cdego j\u0119zyka. Poni\u017csza sekwencja temat\u00f3w gramatyki francuskiej, w tym przymiotniki, przys\u0142\u00f3wki, rodzajniki, rzeczowniki, przyimki, zaimki i okre\u015blniki, struktura zda\u0144, czasy \u2013 oznajmuj\u0105ce i czasowniki, pomog\u0105 Ci w drodze do opanowania j\u0119zyka.<\/p>\n\n\n\n<h3 class=\"wp-block-heading\" id=\"h-1-nouns\">1. Rzeczowniki:<\/h3>\n\n\n\n<p>Rzeczowniki s\u0105 g\u0142\u00f3wnymi elementami sk\u0142adowymi ka\u017cdego j\u0119zyka, poniewa\u017c reprezentuj\u0105 ludzi, miejsca, rzeczy lub idee. W j\u0119zyku francuskim rzeczowniki maj\u0105 rodzaj (m\u0119ski lub \u017ce\u0144ski) i mog\u0105 by\u0107 w liczbie pojedynczej lub mnogiej. Zrozumienie rodzaju i liczby rzeczownik\u00f3w jest niezb\u0119dne, poniewa\u017c wp\u0142ywa na formy innych s\u0142\u00f3w w zdaniu, takich jak przymiotniki, rodzajniki i zaimki.<\/p>\n\n\n\n<h3 class=\"wp-block-heading\" id=\"h-2-articles\">2. Artyku\u0142y:<\/h3>\n\n\n\n<p>Rodzajniki s\u0105 niezb\u0119dne w gramatyce francuskiej, poniewa\u017c dostarczaj\u0105 informacji o rodzaju i liczbie rzeczownika. W j\u0119zyku francuskim istniej\u0105 trzy rodzaje rodzajnik\u00f3w: okre\u015blone (le, la, les), nieokre\u015blone (un, une, des) i imies\u0142\u00f3w (du, de la, des). U\u017cycie odpowiedniego rodzajnika pomaga przekaza\u0107 zamierzone znaczenie zdania.<\/p>\n\n\n\n<h3 class=\"wp-block-heading\" id=\"h-3-adjectives\">3. Przymiotniki:<\/h3>\n\n\n\n<p>Przymiotniki s\u0105 u\u017cywane do opisywania lub modyfikowania rzeczownik\u00f3w. W j\u0119zyku francuskim przymiotniki musz\u0105 zgadza\u0107 si\u0119 z rzeczownikiem, kt\u00f3ry modyfikuj\u0105 pod wzgl\u0119dem rodzaju i liczby. Ponadto pozycja przymiotnik\u00f3w w zdaniu mo\u017ce si\u0119 r\u00f3\u017cni\u0107, chocia\u017c wi\u0119kszo\u015b\u0107 przymiotnik\u00f3w pod\u0105\u017ca za rzeczownikiem, kt\u00f3ry opisuj\u0105.<\/p>\n\n\n\n<h3 class=\"wp-block-heading\" id=\"h-4-pronouns-and-determiners\">4. Zaimki i okre\u015blniki:<\/h3>\n\n\n\n<p>Zaimki zast\u0119puj\u0105 rzeczowniki, aby unikn\u0105\u0107 powt\u00f3rze\u0144, podczas gdy okre\u015blniki okre\u015blaj\u0105 lub kwantyfikuj\u0105 rzeczowniki. Zar\u00f3wno zaimki, jak i okre\u015blniki musz\u0105 zgadza\u0107 si\u0119 z rzeczownikiem, kt\u00f3ry zast\u0119puj\u0105 lub towarzysz\u0105 rodzajowi i liczbie. Zaimki francuskie obejmuj\u0105 zaimki podmiotowe (je, tu, il itp.), zaimki dope\u0142nieniowe (me, te, lui itp.) oraz zaimki zwrotne (me, te, se itp.). Okre\u015blniki obejmuj\u0105 przymiotniki dzier\u017cawcze (mon, ma, mes itp.) i przymiotniki wskazuj\u0105ce (ce, cette, ces itp.).<\/p>\n\n\n\n<h3 class=\"wp-block-heading\" id=\"h-5-verbs\">5. Czasowniki:<\/h3>\n\n\n\n<p>Czasowniki wyra\u017caj\u0105 czynno\u015bci, stany lub wyst\u0105pienia. W j\u0119zyku francuskim czasowniki s\u0105 odmieniane, aby zgadza\u0107 si\u0119 z podmiotem w osobie i liczbie oraz wyra\u017ca\u0107 r\u00f3\u017cne czasy i nastroje. Czasowniki regularne maj\u0105 przewidywalny wz\u00f3r, podczas gdy czasowniki nieregularne wymagaj\u0105 zapami\u0119tania.<\/p>\n\n\n\n<h3 class=\"wp-block-heading\" id=\"h-6-tenses-indicative\">6. Czasy &#8211; Czas oznajmuj\u0105cy:<\/h3>\n\n\n\n<p>Tryb oznajmuj\u0105cy s\u0142u\u017cy do wyra\u017cania fakt\u00f3w i obiektywnych stwierdze\u0144. W oznajmuj\u0105cym j\u0119zyku francuskim istnieje osiem czas\u00f3w: tera\u017aniejszy, przysz\u0142y, niedokonany, czas przesz\u0142y prosty, czas przesz\u0142y dokonany, czas przysz\u0142y dokonany, czas przesz\u0142y warunkowy i czas przesz\u0142y dokonany. Zrozumienie i opanowanie tych czas\u00f3w ma kluczowe znaczenie dla wyra\u017cania czasu i sekwencji w j\u0119zyku francuskim.<\/p>\n\n\n\n<h3 class=\"wp-block-heading\" id=\"h-7-adverbs\">7. Przys\u0142\u00f3wki:<\/h3>\n\n\n\n<p>Przys\u0142\u00f3wki modyfikuj\u0105 czasowniki, przymiotniki lub inne przys\u0142\u00f3wki, dostarczaj\u0105c dodatkowych informacji o akcji, stanie lub jako\u015bci. W j\u0119zyku francuskim wi\u0119kszo\u015b\u0107 przys\u0142\u00f3wk\u00f3w jest tworzona przez dodanie -ment do \u017ce\u0144skiej formy przymiotnika. Przys\u0142\u00f3wki zazwyczaj nast\u0119puj\u0105 po czasowniku, kt\u00f3ry modyfikuj\u0105.<\/p>\n\n\n\n<h3 class=\"wp-block-heading\" id=\"h-8-prepositions\">8. Przyimki:<\/h3>\n\n\n\n<p>Przyimki \u0142\u0105cz\u0105 s\u0142owa lub grupy s\u0142\u00f3w, wskazuj\u0105c relacje, takie jak lokalizacja, kierunek, czas lub przyczyna. Popularne francuskie przyimki to \u00e0 (at, to), de (z, z), en (w, na) i pour (dla). Nauka przyimk\u00f3w i ich u\u017cycia jest niezb\u0119dna do konstruowania sp\u00f3jnych zda\u0144.<\/p>\n\n\n\n<h3 class=\"wp-block-heading\" id=\"h-9-sentence-structure\">9. Struktura zdania:<\/h3>\n\n\n\n<p>Zdania francuskie maj\u0105 struktur\u0119 podmiot-orzeczenie-dope\u0142nienie (SVO), podobn\u0105 do angielskiej. Jednak kolejno\u015b\u0107 wyraz\u00f3w mo\u017ce si\u0119 r\u00f3\u017cni\u0107 w zale\u017cno\u015bci od u\u017cycia zaimk\u00f3w, negacji i akcentu. Zrozumienie struktury zda\u0144 jest niezb\u0119dne do formu\u0142owania jasnych i dok\u0142adnych stwierdze\u0144 i pyta\u0144 w j\u0119zyku francuskim.<\/p>\n<\/div><\/div>\n\r\n<section class=\"learnNavigationSection\">\r\n            \r\n        <a href=\"https:\/\/talkpal.ai\/pl\/nauka-francuskiego\/\">\r\n            <div class=\"learnNavigationWrapper\">\r\n                <div class=\"learnNavigationContent\">\r\n                    <img decoding=\"async\" src=\"https:\/\/talkpal.ai\/wp-content\/uploads\/2024\/08\/French.jpg\" alt=\"French Flag\">\r\n                    <div>\r\n                        <h4>O nauce francuskiego<\/h4>\r\n                        <p>Dowiedz si\u0119 wszystkiego o gramatyce francuskiej.<\/p>\r\n                    <\/div>\r\n                <\/div>\r\n            <\/div>\r\n        <\/a>\r\n\r\n        \r\n        <a href=\"https:\/\/talkpal.ai\/pl\/gramatyka-francuska\/\">\r\n            <div class=\"learnNavigationWrapper\">\r\n                <div class=\"learnNavigationContent\">\r\n                    <img decoding=\"async\" src=\"https:\/\/talkpal.ai\/wp-content\/uploads\/2024\/08\/French.jpg\" alt=\"French Flag\">\r\n                    <div>\r\n                        <h4>Lekcje gramatyki francuskiej<\/h4>\r\n                        <p>\u0106wicz gramatyk\u0119 francusk\u0105.<\/p>\r\n                    <\/div>\r\n                <\/div>\r\n            <\/div>\r\n        <\/a>\r\n\r\n        \r\n        <a href=\"https:\/\/talkpal.ai\/vocabulary_language\/french\/\">\r\n            <div class=\"learnNavigationWrapper\">\r\n                <div class=\"learnNavigationContent\">\r\n                    <img decoding=\"async\" src=\"https:\/\/talkpal.ai\/wp-content\/uploads\/2024\/08\/French.jpg\" alt=\"French Flag\">\r\n                    <div>\r\n                        <h4>S\u0142ownictwo francuskie<\/h4>\r\n                        <p>Poszerz swoje francuskie s\u0142ownictwo.<\/p>\r\n                    <\/div>\r\n                <\/div>\r\n            <\/div>\r\n        <\/a>\r\n\r\n            <\/section>","protected":false},"excerpt":{"rendered":"<p>Zagadnienia gramatyki francuskiej Nauka francuskiego mo\u017ce by\u0107 ekscytuj\u0105cym i satysfakcjonuj\u0105cym do\u015bwiadczeniem. Jako j\u0119zyk bogaty w histori\u0119 i kultur\u0119, francuski oferuje unikaln\u0105 perspektyw\u0119 na \u015bwiat i jest podstawowym narz\u0119dziem komunikacji w r\u00f3\u017cnych dziedzinach. Aby skutecznie uczy\u0107 si\u0119 j\u0119zyka francuskiego, wa\u017cne jest, aby dobrze opanowa\u0107 jego gramatyk\u0119, kt\u00f3ra jest podstaw\u0105 ka\u017cdego j\u0119zyka. Poni\u017csza sekwencja temat\u00f3w gramatyki francuskiej, [&hellip;]<\/p>\n","protected":false},"author":6,"featured_media":75880,"parent":0,"menu_order":0,"comment_status":"closed","ping_status":"closed","template":"LearningContentPage.php","meta":{"_acf_changed":false,"footnotes":""},"class_list":["post-131808","page","type-page","status-publish","has-post-thumbnail","hentry"],"acf":[],"yoast_head":"<!-- This site is optimized with the Yoast SEO Premium plugin v27.2 (Yoast SEO v27.2) - https:\/\/yoast.com\/product\/yoast-seo-premium-wordpress\/ -->\n<title>\u0106wiczenia z gramatyki francuskiej - Talkpal<\/title>\n<meta name=\"description\" content=\"\u0106wicz i doskonal swoje umiej\u0119tno\u015bci gramatyczne w j\u0119zyku francuskim dzi\u0119ki interaktywnym \u0107wiczeniom przeznaczonym dla wszystkich poziom\u00f3w. Zwi\u0119ksz swoj\u0105 bieg\u0142o\u015b\u0107 j\u0119zykow\u0105!\" \/>\n<meta name=\"robots\" content=\"index, follow, max-snippet:-1, max-image-preview:large, max-video-preview:-1\" \/>\n<link rel=\"canonical\" href=\"https:\/\/talkpal.ai\/pl\/cwiczenia-z-gramatyki-francuskiej\/\" \/>\n<meta property=\"og:locale\" content=\"pl_PL\" \/>\n<meta property=\"og:type\" content=\"article\" \/>\n<meta property=\"og:title\" content=\"\u0106wiczenia z gramatyki francuskiej\" \/>\n<meta property=\"og:description\" content=\"Zagadnienia gramatyki francuskiej Nauka francuskiego mo\u017ce by\u0107 ekscytuj\u0105cym i satysfakcjonuj\u0105cym do\u015bwiadczeniem. Jako j\u0119zyk bogaty w histori\u0119 i kultur\u0119,\" \/>\n<meta property=\"og:url\" content=\"https:\/\/talkpal.ai\/pl\/cwiczenia-z-gramatyki-francuskiej\/\" \/>\n<meta property=\"og:site_name\" content=\"Talkpal\" \/>\n<meta property=\"article:publisher\" content=\"https:\/\/www.facebook.com\/profile.php?id=100090733639311\" \/>\n<meta property=\"article:modified_time\" content=\"2025-12-17T16:47:08+00:00\" \/>\n<meta property=\"og:image\" content=\"https:\/\/talkpal.ai\/wp-content\/uploads\/2023\/03\/france.png\" \/>\n\t<meta property=\"og:image:width\" content=\"512\" \/>\n\t<meta property=\"og:image:height\" content=\"512\" \/>\n\t<meta property=\"og:image:type\" content=\"image\/png\" \/>\n<meta name=\"twitter:card\" content=\"summary_large_image\" \/>\n<meta name=\"twitter:site\" content=\"@talkpalai\" \/>\n<meta name=\"twitter:label1\" content=\"Szacowany czas czytania\" \/>\n\t<meta name=\"twitter:data1\" content=\"3 minuty\" \/>\n<script type=\"application\/ld+json\" class=\"yoast-schema-graph\">{\"@context\":\"https:\/\/schema.org\",\"@graph\":[{\"@type\":\"WebPage\",\"@id\":\"https:\/\/talkpal.ai\/pl\/cwiczenia-z-gramatyki-francuskiej\/\",\"url\":\"https:\/\/talkpal.ai\/pl\/cwiczenia-z-gramatyki-francuskiej\/\",\"name\":\"\u0106wiczenia z gramatyki francuskiej - Talkpal\",\"isPartOf\":{\"@id\":\"https:\/\/talkpal.ai\/pl\/#website\"},\"primaryImageOfPage\":{\"@id\":\"https:\/\/talkpal.ai\/pl\/cwiczenia-z-gramatyki-francuskiej\/#primaryimage\"},\"image\":{\"@id\":\"https:\/\/talkpal.ai\/pl\/cwiczenia-z-gramatyki-francuskiej\/#primaryimage\"},\"thumbnailUrl\":\"https:\/\/talkpal.ai\/wp-content\/uploads\/2023\/03\/france.png\",\"datePublished\":\"2023-06-16T08:35:52+00:00\",\"dateModified\":\"2025-12-17T16:47:08+00:00\",\"description\":\"\u0106wicz i doskonal swoje umiej\u0119tno\u015bci gramatyczne w j\u0119zyku francuskim dzi\u0119ki interaktywnym \u0107wiczeniom przeznaczonym dla wszystkich poziom\u00f3w. Zwi\u0119ksz swoj\u0105 bieg\u0142o\u015b\u0107 j\u0119zykow\u0105!\",\"breadcrumb\":{\"@id\":\"https:\/\/talkpal.ai\/pl\/cwiczenia-z-gramatyki-francuskiej\/#breadcrumb\"},\"inLanguage\":\"pl-PL\",\"potentialAction\":[{\"@type\":\"ReadAction\",\"target\":[\"https:\/\/talkpal.ai\/pl\/cwiczenia-z-gramatyki-francuskiej\/\"]}]},{\"@type\":\"ImageObject\",\"inLanguage\":\"pl-PL\",\"@id\":\"https:\/\/talkpal.ai\/pl\/cwiczenia-z-gramatyki-francuskiej\/#primaryimage\",\"url\":\"https:\/\/talkpal.ai\/wp-content\/uploads\/2023\/03\/france.png\",\"contentUrl\":\"https:\/\/talkpal.ai\/wp-content\/uploads\/2023\/03\/france.png\",\"width\":512,\"height\":512,\"caption\":\"TalkPal AI learn French\"},{\"@type\":\"BreadcrumbList\",\"@id\":\"https:\/\/talkpal.ai\/pl\/cwiczenia-z-gramatyki-francuskiej\/#breadcrumb\",\"itemListElement\":[{\"@type\":\"ListItem\",\"position\":1,\"name\":\"Homepage\",\"item\":\"https:\/\/talkpal.ai\/pl\/\"},{\"@type\":\"ListItem\",\"position\":2,\"name\":\"\u0106wiczenia z gramatyki francuskiej\"}]},{\"@type\":\"WebSite\",\"@id\":\"https:\/\/talkpal.ai\/pl\/#website\",\"url\":\"https:\/\/talkpal.ai\/pl\/\",\"name\":\"Talkpal\",\"description\":\"AI Language Learning\",\"publisher\":{\"@id\":\"https:\/\/talkpal.ai\/pl\/#organization\"},\"alternateName\":\"Talkpal AI\",\"potentialAction\":[{\"@type\":\"SearchAction\",\"target\":{\"@type\":\"EntryPoint\",\"urlTemplate\":\"https:\/\/talkpal.ai\/pl\/?s={search_term_string}\"},\"query-input\":{\"@type\":\"PropertyValueSpecification\",\"valueRequired\":true,\"valueName\":\"search_term_string\"}}],\"inLanguage\":\"pl-PL\"},{\"@type\":\"Organization\",\"@id\":\"https:\/\/talkpal.ai\/pl\/#organization\",\"name\":\"Talkpal, Inc.\",\"alternateName\":\"Talkpal AI\",\"url\":\"https:\/\/talkpal.ai\/pl\/\",\"logo\":{\"@type\":\"ImageObject\",\"inLanguage\":\"pl-PL\",\"@id\":\"https:\/\/talkpal.ai\/pl\/#\/schema\/logo\/image\/\",\"url\":\"https:\/\/talkpal.ai\/wp-content\/uploads\/2024\/03\/Talkpal-Logo-Icon.png\",\"contentUrl\":\"https:\/\/talkpal.ai\/wp-content\/uploads\/2024\/03\/Talkpal-Logo-Icon.png\",\"width\":2880,\"height\":2880,\"caption\":\"Talkpal, Inc.\"},\"image\":{\"@id\":\"https:\/\/talkpal.ai\/pl\/#\/schema\/logo\/image\/\"},\"sameAs\":[\"https:\/\/www.facebook.com\/profile.php?id=100090733639311\",\"https:\/\/x.com\/talkpalai\",\"https:\/\/www.linkedin.com\/company\/talkpal\/\",\"https:\/\/www.youtube.com\/@TalkPal\/\",\"https:\/\/www.tiktok.com\/@talkpal\",\"https:\/\/www.instagram.com\/talkpal_ai\/\",\"https:\/\/www.crunchbase.com\/organization\/talkpal-9cde\",\"https:\/\/www.g2.com\/products\/talkpal-for-business\/\",\"https:\/\/www.trustpilot.com\/review\/talkpal.ai\",\"https:\/\/www.capterra.com\/p\/10006800\/TalkPal\/\"],\"description\":\"Talkpal is a language learning web and mobile education app, powered by the latest AI technologies, that provides engaging experiences to its customers in many different languages to help them improve their language skills. Users can chat about unlimited amount of topics with the app and use other modes to practice their language learning.\",\"email\":\"support@talkpal.ai\",\"legalName\":\"Talkpal, Inc.\",\"foundingDate\":\"2023-04-03\",\"duns\":\"118989042\",\"numberOfEmployees\":{\"@type\":\"QuantitativeValue\",\"minValue\":\"11\",\"maxValue\":\"50\"},\"publishingPrinciples\":\"https:\/\/talkpal.ai\/publishing-principles\/\",\"actionableFeedbackPolicy\":\"https:\/\/talkpal.ai\/actionable-feedback-policy\/\",\"correctionsPolicy\":\"https:\/\/talkpal.ai\/corrections-policy\/\",\"ethicsPolicy\":\"https:\/\/talkpal.ai\/ethics-policy\/\",\"diversityPolicy\":\"https:\/\/talkpal.ai\/diversity-policy\/\",\"diversityStaffingReport\":\"https:\/\/talkpal.ai\/diversity-policy\/\"}]}<\/script>\n<!-- \/ Yoast SEO Premium plugin. -->","yoast_head_json":{"title":"\u0106wiczenia z gramatyki francuskiej - Talkpal","description":"\u0106wicz i doskonal swoje umiej\u0119tno\u015bci gramatyczne w j\u0119zyku francuskim dzi\u0119ki interaktywnym \u0107wiczeniom przeznaczonym dla wszystkich poziom\u00f3w. Zwi\u0119ksz swoj\u0105 bieg\u0142o\u015b\u0107 j\u0119zykow\u0105!","robots":{"index":"index","follow":"follow","max-snippet":"max-snippet:-1","max-image-preview":"max-image-preview:large","max-video-preview":"max-video-preview:-1"},"canonical":"https:\/\/talkpal.ai\/pl\/cwiczenia-z-gramatyki-francuskiej\/","og_locale":"pl_PL","og_type":"article","og_title":"\u0106wiczenia z gramatyki francuskiej","og_description":"Zagadnienia gramatyki francuskiej Nauka francuskiego mo\u017ce by\u0107 ekscytuj\u0105cym i satysfakcjonuj\u0105cym do\u015bwiadczeniem. Jako j\u0119zyk bogaty w histori\u0119 i kultur\u0119,","og_url":"https:\/\/talkpal.ai\/pl\/cwiczenia-z-gramatyki-francuskiej\/","og_site_name":"Talkpal","article_publisher":"https:\/\/www.facebook.com\/profile.php?id=100090733639311","article_modified_time":"2025-12-17T16:47:08+00:00","og_image":[{"width":512,"height":512,"url":"https:\/\/talkpal.ai\/wp-content\/uploads\/2023\/03\/france.png","type":"image\/png"}],"twitter_card":"summary_large_image","twitter_site":"@talkpalai","twitter_misc":{"Szacowany czas czytania":"3 minuty"},"schema":{"@context":"https:\/\/schema.org","@graph":[{"@type":"WebPage","@id":"https:\/\/talkpal.ai\/pl\/cwiczenia-z-gramatyki-francuskiej\/","url":"https:\/\/talkpal.ai\/pl\/cwiczenia-z-gramatyki-francuskiej\/","name":"\u0106wiczenia z gramatyki francuskiej - Talkpal","isPartOf":{"@id":"https:\/\/talkpal.ai\/pl\/#website"},"primaryImageOfPage":{"@id":"https:\/\/talkpal.ai\/pl\/cwiczenia-z-gramatyki-francuskiej\/#primaryimage"},"image":{"@id":"https:\/\/talkpal.ai\/pl\/cwiczenia-z-gramatyki-francuskiej\/#primaryimage"},"thumbnailUrl":"https:\/\/talkpal.ai\/wp-content\/uploads\/2023\/03\/france.png","datePublished":"2023-06-16T08:35:52+00:00","dateModified":"2025-12-17T16:47:08+00:00","description":"\u0106wicz i doskonal swoje umiej\u0119tno\u015bci gramatyczne w j\u0119zyku francuskim dzi\u0119ki interaktywnym \u0107wiczeniom przeznaczonym dla wszystkich poziom\u00f3w. Zwi\u0119ksz swoj\u0105 bieg\u0142o\u015b\u0107 j\u0119zykow\u0105!","breadcrumb":{"@id":"https:\/\/talkpal.ai\/pl\/cwiczenia-z-gramatyki-francuskiej\/#breadcrumb"},"inLanguage":"pl-PL","potentialAction":[{"@type":"ReadAction","target":["https:\/\/talkpal.ai\/pl\/cwiczenia-z-gramatyki-francuskiej\/"]}]},{"@type":"ImageObject","inLanguage":"pl-PL","@id":"https:\/\/talkpal.ai\/pl\/cwiczenia-z-gramatyki-francuskiej\/#primaryimage","url":"https:\/\/talkpal.ai\/wp-content\/uploads\/2023\/03\/france.png","contentUrl":"https:\/\/talkpal.ai\/wp-content\/uploads\/2023\/03\/france.png","width":512,"height":512,"caption":"TalkPal AI learn French"},{"@type":"BreadcrumbList","@id":"https:\/\/talkpal.ai\/pl\/cwiczenia-z-gramatyki-francuskiej\/#breadcrumb","itemListElement":[{"@type":"ListItem","position":1,"name":"Homepage","item":"https:\/\/talkpal.ai\/pl\/"},{"@type":"ListItem","position":2,"name":"\u0106wiczenia z gramatyki francuskiej"}]},{"@type":"WebSite","@id":"https:\/\/talkpal.ai\/pl\/#website","url":"https:\/\/talkpal.ai\/pl\/","name":"Talkpal","description":"AI Language Learning","publisher":{"@id":"https:\/\/talkpal.ai\/pl\/#organization"},"alternateName":"Talkpal AI","potentialAction":[{"@type":"SearchAction","target":{"@type":"EntryPoint","urlTemplate":"https:\/\/talkpal.ai\/pl\/?s={search_term_string}"},"query-input":{"@type":"PropertyValueSpecification","valueRequired":true,"valueName":"search_term_string"}}],"inLanguage":"pl-PL"},{"@type":"Organization","@id":"https:\/\/talkpal.ai\/pl\/#organization","name":"Talkpal, Inc.","alternateName":"Talkpal AI","url":"https:\/\/talkpal.ai\/pl\/","logo":{"@type":"ImageObject","inLanguage":"pl-PL","@id":"https:\/\/talkpal.ai\/pl\/#\/schema\/logo\/image\/","url":"https:\/\/talkpal.ai\/wp-content\/uploads\/2024\/03\/Talkpal-Logo-Icon.png","contentUrl":"https:\/\/talkpal.ai\/wp-content\/uploads\/2024\/03\/Talkpal-Logo-Icon.png","width":2880,"height":2880,"caption":"Talkpal, Inc."},"image":{"@id":"https:\/\/talkpal.ai\/pl\/#\/schema\/logo\/image\/"},"sameAs":["https:\/\/www.facebook.com\/profile.php?id=100090733639311","https:\/\/x.com\/talkpalai","https:\/\/www.linkedin.com\/company\/talkpal\/","https:\/\/www.youtube.com\/@TalkPal\/","https:\/\/www.tiktok.com\/@talkpal","https:\/\/www.instagram.com\/talkpal_ai\/","https:\/\/www.crunchbase.com\/organization\/talkpal-9cde","https:\/\/www.g2.com\/products\/talkpal-for-business\/","https:\/\/www.trustpilot.com\/review\/talkpal.ai","https:\/\/www.capterra.com\/p\/10006800\/TalkPal\/"],"description":"Talkpal is a language learning web and mobile education app, powered by the latest AI technologies, that provides engaging experiences to its customers in many different languages to help them improve their language skills. Users can chat about unlimited amount of topics with the app and use other modes to practice their language learning.","email":"support@talkpal.ai","legalName":"Talkpal, Inc.","foundingDate":"2023-04-03","duns":"118989042","numberOfEmployees":{"@type":"QuantitativeValue","minValue":"11","maxValue":"50"},"publishingPrinciples":"https:\/\/talkpal.ai\/publishing-principles\/","actionableFeedbackPolicy":"https:\/\/talkpal.ai\/actionable-feedback-policy\/","correctionsPolicy":"https:\/\/talkpal.ai\/corrections-policy\/","ethicsPolicy":"https:\/\/talkpal.ai\/ethics-policy\/","diversityPolicy":"https:\/\/talkpal.ai\/diversity-policy\/","diversityStaffingReport":"https:\/\/talkpal.ai\/diversity-policy\/"}]}},"_links":{"self":[{"href":"https:\/\/talkpal.ai\/pl\/wp-json\/wp\/v2\/pages\/131808","targetHints":{"allow":["GET"]}}],"collection":[{"href":"https:\/\/talkpal.ai\/pl\/wp-json\/wp\/v2\/pages"}],"about":[{"href":"https:\/\/talkpal.ai\/pl\/wp-json\/wp\/v2\/types\/page"}],"author":[{"embeddable":true,"href":"https:\/\/talkpal.ai\/pl\/wp-json\/wp\/v2\/users\/6"}],"replies":[{"embeddable":true,"href":"https:\/\/talkpal.ai\/pl\/wp-json\/wp\/v2\/comments?post=131808"}],"version-history":[{"count":0,"href":"https:\/\/talkpal.ai\/pl\/wp-json\/wp\/v2\/pages\/131808\/revisions"}],"wp:featuredmedia":[{"embeddable":true,"href":"https:\/\/talkpal.ai\/pl\/wp-json\/wp\/v2\/media\/75880"}],"wp:attachment":[{"href":"https:\/\/talkpal.ai\/pl\/wp-json\/wp\/v2\/media?parent=131808"}],"curies":[{"name":"wp","href":"https:\/\/api.w.org\/{rel}","templated":true}]}}