{"id":131543,"date":"2023-06-15T07:00:21","date_gmt":"2023-06-15T07:00:21","guid":{"rendered":"http:\/\/talkpal.ai\/cwiczenia-z-gramatyki-hiszpanskiej\/"},"modified":"2025-12-17T16:37:23","modified_gmt":"2025-12-17T16:37:23","slug":"cwiczenia-z-gramatyki-hiszpanskiej","status":"publish","type":"page","link":"https:\/\/talkpal.ai\/pl\/cwiczenia-z-gramatyki-hiszpanskiej\/","title":{"rendered":"\u0106wiczenia z gramatyki hiszpa\u0144skiej"},"content":{"rendered":"\r\n\r\n\r\n<section class=\"languageChallengeSection\">\r\n    <div class=\"languageInfoWrapper\">\r\n        \r\n        <h1>\u0106wiczenia z gramatyki hiszpa\u0144skiej<\/h1>\r\n        <p>Gotowy, aby poprawi\u0107 sw\u00f3j <a href=\"https:\/\/talkpal.ai\/learn-spanish\/\">hiszpa\u0144ski<\/a>? \u0106wiczenie gramatyki to \u015bwietny spos\u00f3b na opanowanie struktury zda\u0144, koniugacji czasownik\u00f3w i unikalnych wzorc\u00f3w j\u0119zyka hiszpa\u0144skiego. Zacznij pracowa\u0107 nad hiszpa\u0144sk\u0105 gramatyk\u0105 ju\u017c dzi\u015b i zobacz, jak twoja pewno\u015b\u0107 siebie i p\u0142ynno\u015b\u0107 rosn\u0105 z ka\u017cdym \u0107wiczeniem!\n\n<\/p>\r\n\r\n                            <a class=\"getStartedHidden\" href=\"https:\/\/app.talkpal.ai\/pl\/signup?lng=\">Zaczynaj<\/a>\r\n        \r\n    <\/div>\r\n\r\n    <figure>\r\n    <img decoding=\"async\" width=\"768\" height=\"768\" src=\"https:\/\/talkpal.ai\/wp-content\/uploads\/2023\/06\/Spanish-768x768.png\" class=\"languageImage no-lazy\" alt=\"Practical application of language learning\" fetchpriority=\"high\" sizes=\"(max-width: 768px) 150px, 768px\" srcset=\"https:\/\/talkpal.ai\/wp-content\/uploads\/2023\/06\/Spanish-768x768.png 768w, https:\/\/talkpal.ai\/wp-content\/uploads\/2023\/06\/Spanish-300x300.png 300w\" \/>\r\n    \r\n\r\n    <\/figure>\r\n\r\n            <a class=\"getStartedVisible\" href=\"https:\/\/app.talkpal.ai\/pl\/signup?lng=\">Zaczynaj<\/a>\r\n    \r\n<\/section>\r\n\r\n\r\n<!-- <section class=\"grammarSection\">\r\n    <div class=\"grammarLinks\">\r\n        <a href=\"https:\/\/talkpal.ai\/pl\/exercise_language\/artykuly-gramatyka-hiszpanska\/\">Artyku\u0142y <\/a><a href=\"https:\/\/talkpal.ai\/pl\/exercise_language\/czasowniki-gramatyka-hiszpanska\/\">Czasowniki <\/a><a href=\"https:\/\/talkpal.ai\/pl\/exercise_language\/czasy-laczace-gramatyka-hiszpanska\/\">Czasy \u0142\u0105cz\u0105ce <\/a><a href=\"https:\/\/talkpal.ai\/pl\/exercise_language\/czasy-oznajmujace-gramatyka-hiszpanska\/\">Czasy oznajmuj\u0105ce <\/a><a href=\"https:\/\/talkpal.ai\/pl\/exercise_language\/porownanie-czasow-gramatyka-hiszpanska\/\">Por\u00f3wnanie czas\u00f3w <\/a><a href=\"https:\/\/talkpal.ai\/pl\/exercise_language\/przyimki-gramatyka-hiszpanska\/\">Przyimki <\/a><a href=\"https:\/\/talkpal.ai\/pl\/exercise_language\/przymiotniki-gramatyka-hiszpanska\/\">Przymiotniki <\/a><a href=\"https:\/\/talkpal.ai\/pl\/exercise_language\/przyslowki-gramatyka-hiszpanska\/\">Przys\u0142\u00f3wki <\/a><a href=\"https:\/\/talkpal.ai\/pl\/exercise_language\/rzeczowniki-gramatyka-hiszpanska\/\">Rzeczowniki <\/a><a href=\"https:\/\/talkpal.ai\/pl\/exercise_language\/struktura-zdania-gramatyka-hiszpanska\/\">Struktura zdania <\/a><a href=\"https:\/\/talkpal.ai\/pl\/exercise_language\/zaimki-gramatyka-hiszpanska\/\">Zaimki <\/a>    <\/div>\r\n<\/section> -->\r\n\r\n\r\n\r\n\r\n        <section class=\"grammarSection\">\r\n            <div class=\"grammarLinks\">\r\n                <a href=\"https:\/\/talkpal.ai\/pl\/exercise_language\/artykuly-gramatyka-hiszpanska\/\">Artyku\u0142y <\/a><a href=\"https:\/\/talkpal.ai\/pl\/exercise_language\/czasowniki-gramatyka-hiszpanska\/\">Czasowniki <\/a><a href=\"https:\/\/talkpal.ai\/pl\/exercise_language\/czasy-laczace-gramatyka-hiszpanska\/\">Czasy \u0142\u0105cz\u0105ce <\/a><a href=\"https:\/\/talkpal.ai\/pl\/exercise_language\/czasy-oznajmujace-gramatyka-hiszpanska\/\">Czasy oznajmuj\u0105ce <\/a><a href=\"https:\/\/talkpal.ai\/pl\/exercise_language\/porownanie-czasow-gramatyka-hiszpanska\/\">Por\u00f3wnanie czas\u00f3w <\/a><a href=\"https:\/\/talkpal.ai\/pl\/exercise_language\/przyimki-gramatyka-hiszpanska\/\">Przyimki <\/a><a href=\"https:\/\/talkpal.ai\/pl\/exercise_language\/przymiotniki-gramatyka-hiszpanska\/\">Przymiotniki <\/a><a href=\"https:\/\/talkpal.ai\/pl\/exercise_language\/przyslowki-gramatyka-hiszpanska\/\">Przys\u0142\u00f3wki <\/a><a href=\"https:\/\/talkpal.ai\/pl\/exercise_language\/rzeczowniki-gramatyka-hiszpanska\/\">Rzeczowniki <\/a><a href=\"https:\/\/talkpal.ai\/pl\/exercise_language\/struktura-zdania-gramatyka-hiszpanska\/\">Struktura zdania <\/a><a href=\"https:\/\/talkpal.ai\/pl\/exercise_language\/zaimki-gramatyka-hiszpanska\/\">Zaimki <\/a>            <\/div>\r\n        <\/section>\r\n<section class=\"promotionalBanner\">\r\n    <p class=\"promotionalText\">Najbardziej efektywny spos\u00f3b nauki j\u0119zyka<\/p>\r\n    <a class=\"promotionalLink\" href=\"https:\/\/app.talkpal.ai\/pl\/signup?lng=\">Wypr\u00f3buj Talkpal za darmo<\/a>\r\n<\/section>\n<div class=\"wp-block-group pageContainerStyle\"><div class=\"wp-block-group__inner-container is-layout-constrained wp-block-group-is-layout-constrained\">\n<h2 class=\"wp-block-heading\" id=\"h-spanish-grammar-topics\">Zagadnienia gramatyczne j\u0119zyka hiszpa\u0144skiego<\/h2>\n\n\n\n<p>Nauka nowego j\u0119zyka mo\u017ce by\u0107 ekscytuj\u0105cym i satysfakcjonuj\u0105cym przedsi\u0119wzi\u0119ciem, a hiszpa\u0144ski nie jest wyj\u0105tkiem. Jako drugi najcz\u0119\u015bciej u\u017cywany j\u0119zyk na <a href=\"https:\/\/talkpal.ai\/locations\/language-courses-in-swiecie\/\">\u015bwiecie<\/a>, mo\u017ce otworzy\u0107 nowe mo\u017cliwo\u015bci podr\u00f3\u017cowania, pracy i wymiany kulturalnej. Niezale\u017cnie od tego, czy jeste\u015b kompletnym pocz\u0105tkuj\u0105cym, czy chcesz poprawi\u0107 swoje istniej\u0105ce umiej\u0119tno\u015bci, zrozumienie i opanowanie gramatyki hiszpa\u0144skiej jest niezb\u0119dne. Od czas\u00f3w i czasownik\u00f3w po struktur\u0119 zda\u0144 i przyimki, ka\u017cdy aspekt j\u0119zyka odgrywa kluczow\u0105 rol\u0119 w zdolno\u015bci do skutecznego komunikowania si\u0119. W tym przewodniku om\u00f3wimy wa\u017cne tematy gramatyki hiszpa\u0144skiej, przedstawiaj\u0105c je w logicznej kolejno\u015bci, aby pom\u00f3c Ci z \u0142atwo\u015bci\u0105 <a href=\"https:\/\/talkpal.ai\/pl\/jak-szybko-i-skutecznie-nauczyc-sie-nowego-jezyka\/\">nauczy\u0107 si\u0119 j\u0119zyka<\/a>.<\/p>\n\n\n\n<h3 class=\"wp-block-heading\" id=\"h-1-nouns-and-articles\">1. Rzeczowniki i rodzajniki:<\/h3>\n\n\n\n<p>Zacznij od zapoznania si\u0119 z hiszpa\u0144skimi rzeczownikami i ich rodzajem, a tak\u017ce rodzajnikami okre\u015blonymi i nieokre\u015blonymi. Te podstawowe elementy sk\u0142adowe pomog\u0105 Ci zrozumie\u0107 i utworzy\u0107 proste frazy i zdania.<\/p>\n\n\n\n<h3 class=\"wp-block-heading\" id=\"h-2-adjectives\">2. Przymiotniki:<\/h3>\n\n\n\n<p>Przymiotniki s\u0105 niezb\u0119dne do opisywania rzeczownik\u00f3w, a w j\u0119zyku hiszpa\u0144skim musz\u0105 zgadza\u0107 si\u0119 pod wzgl\u0119dem rodzaju i liczby z rzeczownikiem, kt\u00f3ry modyfikuj\u0105. Poznanie zasad umieszczania przymiotnik\u00f3w i uzgadniania znacznie poprawi Twoj\u0105 zdolno\u015b\u0107 wyra\u017cania siebie w j\u0119zyku hiszpa\u0144skim.<\/p>\n\n\n\n<h3 class=\"wp-block-heading\" id=\"h-3-pronouns\">3. Zaimki:<\/h3>\n\n\n\n<p>Zaimki zast\u0119puj\u0105 rzeczowniki i s\u0105 niezb\u0119dne, aby rozmowa by\u0142a bardziej p\u0142ynna i naturalna. Skoncentruj si\u0119 na zaimkach podmiotowych, zaimkach dope\u0142nieniowych bezpo\u015brednich i po\u015brednich oraz zaimkach zwrotnych, upewniaj\u0105c si\u0119, \u017ce rozumiesz ich u\u017cycie i rozmieszczenie w zdaniach.<\/p>\n\n\n\n<h3 class=\"wp-block-heading\" id=\"h-4-verbs\">4. Czasowniki:<\/h3>\n\n\n\n<p>Czasowniki s\u0105 podstaw\u0105 ka\u017cdego j\u0119zyka, a hiszpa\u0144ski nie jest wyj\u0105tkiem. Zacznij od poznania najcz\u0119stszych czasownik\u00f3w regularnych i nieregularnych, a tak\u017ce ich koniugacji w trybie oznajmuj\u0105cym czasu tera\u017aniejszego.<\/p>\n\n\n\n<h3 class=\"wp-block-heading\" id=\"h-5-tenses-indicative\">5. Czasy oznajmuj\u0105ce:<\/h3>\n\n\n\n<p>Gdy ju\u017c opanujesz podstawow\u0105 koniugacj\u0119 czasownik\u00f3w, poszerz swoj\u0105 wiedz\u0119 o inne czasy oznajmuj\u0105ce, takie jak czasy przedpoznawcze, niedokonane, przysz\u0142e i warunkowe. Umo\u017cliwi to wyra\u017canie dzia\u0142a\u0144 i zdarze\u0144 w r\u00f3\u017cnych ramach czasowych.<\/p>\n\n\n\n<h3 class=\"wp-block-heading\" id=\"h-6-adverbs\">6. Przys\u0142\u00f3wki:<\/h3>\n\n\n\n<p>Przys\u0142\u00f3wki dostarczaj\u0105 dodatkowych informacji o czasownikach, przymiotnikach lub innych przys\u0142\u00f3wkach. <a href=\"https:\/\/talkpal.ai\/pl\/naucz-sie-malajskiego\/\">Naucz si\u0119<\/a> r\u00f3\u017cnych rodzaj\u00f3w przys\u0142\u00f3wk\u00f3w i ich rozmieszczenia w zdaniach, aby doda\u0107 wi\u0119cej szczeg\u00f3\u0142\u00f3w i niuans\u00f3w do swojej mowy.<\/p>\n\n\n\n<h3 class=\"wp-block-heading\" id=\"h-7-prepositions\">7. Przyimki:<\/h3>\n\n\n\n<p>Przyimki s\u0105 niezb\u0119dne do wyra\u017cania relacji mi\u0119dzy s\u0142owami, takich jak lokalizacja, kierunek lub czas. Zapoznaj si\u0119 z najpopularniejszymi hiszpa\u0144skimi przyimkami i ich u\u017cyciem w r\u00f3\u017cnych kontekstach.<\/p>\n\n\n\n<h3 class=\"wp-block-heading\" id=\"h-8-tenses-subjunctive\">8. Czasy \u0142\u0105cz\u0105ce:<\/h3>\n\n\n\n<p>Tryb \u0142\u0105cz\u0105cy s\u0142u\u017cy do wyra\u017cania w\u0105tpliwo\u015bci, niepewno\u015bci lub hipotetycznych sytuacji. Przestudiuj zasady koniugacji czasownik\u00f3w regularnych i nieregularnych w czasie \u0142\u0105cz\u0105cym czasu tera\u017aniejszego, przesz\u0142ego i przysz\u0142ego, aby poszerzy\u0107 swoje mo\u017cliwo\u015bci ekspresyjne.<\/p>\n\n\n\n<h3 class=\"wp-block-heading\" id=\"h-9-tense-comparison\">9. Por\u00f3wnanie czas\u00f3w:<\/h3>\n\n\n\n<p>Zrozumienie niuans\u00f3w mi\u0119dzy r\u00f3\u017cnymi czasami i nastrojami pomo\u017ce Ci wybra\u0107 odpowiedni\u0105 form\u0119, aby przekaza\u0107 zamierzone znaczenie. \u0106wicz por\u00f3wnywanie i kontrastowanie czas\u00f3w oznajmuj\u0105cych i \u0142\u0105cz\u0105cych, a tak\u017ce r\u00f3\u017cnych czas\u00f3w przesz\u0142ych, aby uzyska\u0107 lepsz\u0105 znajomo\u015b\u0107 j\u0119zyka.<\/p>\n\n\n\n<h3 class=\"wp-block-heading\" id=\"h-10-sentence-structure\">10. Struktura zdania:<\/h3>\n\n\n\n<p>Na koniec zapoznaj si\u0119 z r\u00f3\u017cnymi strukturami zda\u0144, w tym zdaniami prostymi, z\u0142o\u017conymi i z\u0142o\u017conymi. Dowiedz si\u0119, jak u\u017cywa\u0107 sp\u00f3jnik\u00f3w koordynuj\u0105cych i podrz\u0119dnych, aby tworzy\u0107 bardziej z\u0142o\u017cone pomys\u0142y i rozwija\u0107 umiej\u0119tno\u015b\u0107 skutecznego komunikowania si\u0119 w j\u0119zyku hiszpa\u0144skim.<\/p>\n<\/div><\/div>\n\r\n<section class=\"learnNavigationSection\">\r\n            \r\n        <a href=\"https:\/\/talkpal.ai\/pl\/nauka-hiszpanskiego\/\">\r\n            <div class=\"learnNavigationWrapper\">\r\n                <div class=\"learnNavigationContent\">\r\n                    <img decoding=\"async\" src=\"https:\/\/talkpal.ai\/wp-content\/uploads\/2024\/08\/Spanish.jpg\" alt=\"Spanish Flag\">\r\n                    <div>\r\n                        <h4>O nauce hiszpa\u0144skiego<\/h4>\r\n                        <p>Dowiedz si\u0119 wszystkiego o gramatyce hiszpa\u0144skiej.<\/p>\r\n                    <\/div>\r\n                <\/div>\r\n            <\/div>\r\n        <\/a>\r\n\r\n        \r\n        <a href=\"https:\/\/talkpal.ai\/pl\/gramatyka-hiszpanska\/\">\r\n            <div class=\"learnNavigationWrapper\">\r\n                <div class=\"learnNavigationContent\">\r\n                    <img decoding=\"async\" src=\"https:\/\/talkpal.ai\/wp-content\/uploads\/2024\/08\/Spanish.jpg\" alt=\"Spanish Flag\">\r\n                    <div>\r\n                        <h4>Lekcje gramatyki hiszpa\u0144skiej<\/h4>\r\n                        <p>\u0106wicz gramatyk\u0119 hiszpa\u0144sk\u0105.<\/p>\r\n                    <\/div>\r\n                <\/div>\r\n            <\/div>\r\n        <\/a>\r\n\r\n        \r\n        <a href=\"https:\/\/talkpal.ai\/vocabulary_language\/spanish\/\">\r\n            <div class=\"learnNavigationWrapper\">\r\n                <div class=\"learnNavigationContent\">\r\n                    <img decoding=\"async\" src=\"https:\/\/talkpal.ai\/wp-content\/uploads\/2024\/08\/Spanish.jpg\" alt=\"Spanish Flag\">\r\n                    <div>\r\n                        <h4>S\u0142ownictwo hiszpa\u0144skie<\/h4>\r\n                        <p>Poszerz swoje hiszpa\u0144skie s\u0142ownictwo.<\/p>\r\n                    <\/div>\r\n                <\/div>\r\n            <\/div>\r\n        <\/a>\r\n\r\n            <\/section>","protected":false},"excerpt":{"rendered":"<p>Zagadnienia gramatyczne j\u0119zyka hiszpa\u0144skiego Nauka nowego j\u0119zyka mo\u017ce by\u0107 ekscytuj\u0105cym i satysfakcjonuj\u0105cym przedsi\u0119wzi\u0119ciem, a hiszpa\u0144ski nie jest wyj\u0105tkiem. Jako drugi najcz\u0119\u015bciej u\u017cywany j\u0119zyk na \u015bwiecie, mo\u017ce otworzy\u0107 nowe mo\u017cliwo\u015bci podr\u00f3\u017cowania, pracy i wymiany kulturalnej. Niezale\u017cnie od tego, czy jeste\u015b kompletnym pocz\u0105tkuj\u0105cym, czy chcesz poprawi\u0107 swoje istniej\u0105ce umiej\u0119tno\u015bci, zrozumienie i opanowanie gramatyki hiszpa\u0144skiej jest niezb\u0119dne. Od [&hellip;]<\/p>\n","protected":false},"author":1,"featured_media":75344,"parent":0,"menu_order":0,"comment_status":"closed","ping_status":"closed","template":"LearningContentPage.php","meta":{"_acf_changed":false,"footnotes":""},"class_list":["post-131543","page","type-page","status-publish","has-post-thumbnail","hentry"],"acf":[],"yoast_head":"<!-- This site is optimized with the Yoast SEO Premium plugin v27.2 (Yoast SEO v27.2) - https:\/\/yoast.com\/product\/yoast-seo-premium-wordpress\/ -->\n<title>\u0106wiczenia z gramatyki hiszpa\u0144skiej - Talkpal<\/title>\n<meta name=\"description\" content=\"Popraw swoj\u0105 hiszpa\u0144sk\u0105 gramatyk\u0119 dzi\u0119ki interaktywnym \u0107wiczeniom zaprojektowanym dla wszystkich poziom\u00f3w umiej\u0119tno\u015bci. \u0106wicz czasowniki, struktur\u0119 zda\u0144, s\u0142ownictwo i nie tylko!\" \/>\n<meta name=\"robots\" content=\"index, follow, max-snippet:-1, max-image-preview:large, max-video-preview:-1\" \/>\n<link rel=\"canonical\" href=\"https:\/\/talkpal.ai\/pl\/cwiczenia-z-gramatyki-hiszpanskiej\/\" \/>\n<meta property=\"og:locale\" content=\"pl_PL\" \/>\n<meta property=\"og:type\" content=\"article\" \/>\n<meta property=\"og:title\" content=\"\u0106wiczenia z gramatyki hiszpa\u0144skiej\" \/>\n<meta property=\"og:description\" content=\"Zagadnienia gramatyczne j\u0119zyka hiszpa\u0144skiego Nauka nowego j\u0119zyka mo\u017ce by\u0107 ekscytuj\u0105cym i satysfakcjonuj\u0105cym przedsi\u0119wzi\u0119ciem, a hiszpa\u0144ski nie jest\" \/>\n<meta property=\"og:url\" content=\"https:\/\/talkpal.ai\/pl\/cwiczenia-z-gramatyki-hiszpanskiej\/\" \/>\n<meta property=\"og:site_name\" content=\"Talkpal\" \/>\n<meta property=\"article:publisher\" content=\"https:\/\/www.facebook.com\/profile.php?id=100090733639311\" \/>\n<meta property=\"article:modified_time\" content=\"2025-12-17T16:37:23+00:00\" \/>\n<meta property=\"og:image\" content=\"https:\/\/talkpal.ai\/wp-content\/uploads\/2023\/03\/spain.png\" \/>\n\t<meta property=\"og:image:width\" content=\"512\" \/>\n\t<meta property=\"og:image:height\" content=\"512\" \/>\n\t<meta property=\"og:image:type\" content=\"image\/png\" \/>\n<meta name=\"twitter:card\" content=\"summary_large_image\" \/>\n<meta name=\"twitter:site\" content=\"@talkpalai\" \/>\n<meta name=\"twitter:label1\" content=\"Szacowany czas czytania\" \/>\n\t<meta name=\"twitter:data1\" content=\"3 minuty\" \/>\n<script type=\"application\/ld+json\" class=\"yoast-schema-graph\">{\"@context\":\"https:\/\/schema.org\",\"@graph\":[{\"@type\":\"WebPage\",\"@id\":\"https:\/\/talkpal.ai\/pl\/cwiczenia-z-gramatyki-hiszpanskiej\/\",\"url\":\"https:\/\/talkpal.ai\/pl\/cwiczenia-z-gramatyki-hiszpanskiej\/\",\"name\":\"\u0106wiczenia z gramatyki hiszpa\u0144skiej - Talkpal\",\"isPartOf\":{\"@id\":\"https:\/\/talkpal.ai\/pl\/#website\"},\"primaryImageOfPage\":{\"@id\":\"https:\/\/talkpal.ai\/pl\/cwiczenia-z-gramatyki-hiszpanskiej\/#primaryimage\"},\"image\":{\"@id\":\"https:\/\/talkpal.ai\/pl\/cwiczenia-z-gramatyki-hiszpanskiej\/#primaryimage\"},\"thumbnailUrl\":\"https:\/\/talkpal.ai\/wp-content\/uploads\/2023\/03\/spain.png\",\"datePublished\":\"2023-06-15T07:00:21+00:00\",\"dateModified\":\"2025-12-17T16:37:23+00:00\",\"description\":\"Popraw swoj\u0105 hiszpa\u0144sk\u0105 gramatyk\u0119 dzi\u0119ki interaktywnym \u0107wiczeniom zaprojektowanym dla wszystkich poziom\u00f3w umiej\u0119tno\u015bci. \u0106wicz czasowniki, struktur\u0119 zda\u0144, s\u0142ownictwo i nie tylko!\",\"breadcrumb\":{\"@id\":\"https:\/\/talkpal.ai\/pl\/cwiczenia-z-gramatyki-hiszpanskiej\/#breadcrumb\"},\"inLanguage\":\"pl-PL\",\"potentialAction\":[{\"@type\":\"ReadAction\",\"target\":[\"https:\/\/talkpal.ai\/pl\/cwiczenia-z-gramatyki-hiszpanskiej\/\"]}]},{\"@type\":\"ImageObject\",\"inLanguage\":\"pl-PL\",\"@id\":\"https:\/\/talkpal.ai\/pl\/cwiczenia-z-gramatyki-hiszpanskiej\/#primaryimage\",\"url\":\"https:\/\/talkpal.ai\/wp-content\/uploads\/2023\/03\/spain.png\",\"contentUrl\":\"https:\/\/talkpal.ai\/wp-content\/uploads\/2023\/03\/spain.png\",\"width\":512,\"height\":512,\"caption\":\"TalkPal AI learn Spanish\"},{\"@type\":\"BreadcrumbList\",\"@id\":\"https:\/\/talkpal.ai\/pl\/cwiczenia-z-gramatyki-hiszpanskiej\/#breadcrumb\",\"itemListElement\":[{\"@type\":\"ListItem\",\"position\":1,\"name\":\"Homepage\",\"item\":\"https:\/\/talkpal.ai\/pl\/\"},{\"@type\":\"ListItem\",\"position\":2,\"name\":\"\u0106wiczenia z gramatyki hiszpa\u0144skiej\"}]},{\"@type\":\"WebSite\",\"@id\":\"https:\/\/talkpal.ai\/pl\/#website\",\"url\":\"https:\/\/talkpal.ai\/pl\/\",\"name\":\"Talkpal\",\"description\":\"AI Language Learning\",\"publisher\":{\"@id\":\"https:\/\/talkpal.ai\/pl\/#organization\"},\"alternateName\":\"Talkpal AI\",\"potentialAction\":[{\"@type\":\"SearchAction\",\"target\":{\"@type\":\"EntryPoint\",\"urlTemplate\":\"https:\/\/talkpal.ai\/pl\/?s={search_term_string}\"},\"query-input\":{\"@type\":\"PropertyValueSpecification\",\"valueRequired\":true,\"valueName\":\"search_term_string\"}}],\"inLanguage\":\"pl-PL\"},{\"@type\":\"Organization\",\"@id\":\"https:\/\/talkpal.ai\/pl\/#organization\",\"name\":\"Talkpal, Inc.\",\"alternateName\":\"Talkpal AI\",\"url\":\"https:\/\/talkpal.ai\/pl\/\",\"logo\":{\"@type\":\"ImageObject\",\"inLanguage\":\"pl-PL\",\"@id\":\"https:\/\/talkpal.ai\/pl\/#\/schema\/logo\/image\/\",\"url\":\"https:\/\/talkpal.ai\/wp-content\/uploads\/2024\/03\/Talkpal-Logo-Icon.png\",\"contentUrl\":\"https:\/\/talkpal.ai\/wp-content\/uploads\/2024\/03\/Talkpal-Logo-Icon.png\",\"width\":2880,\"height\":2880,\"caption\":\"Talkpal, Inc.\"},\"image\":{\"@id\":\"https:\/\/talkpal.ai\/pl\/#\/schema\/logo\/image\/\"},\"sameAs\":[\"https:\/\/www.facebook.com\/profile.php?id=100090733639311\",\"https:\/\/x.com\/talkpalai\",\"https:\/\/www.linkedin.com\/company\/talkpal\/\",\"https:\/\/www.youtube.com\/@TalkPal\/\",\"https:\/\/www.tiktok.com\/@talkpal\",\"https:\/\/www.instagram.com\/talkpal_ai\/\",\"https:\/\/www.crunchbase.com\/organization\/talkpal-9cde\",\"https:\/\/www.g2.com\/products\/talkpal-for-business\/\",\"https:\/\/www.trustpilot.com\/review\/talkpal.ai\",\"https:\/\/www.capterra.com\/p\/10006800\/TalkPal\/\"],\"description\":\"Talkpal is a language learning web and mobile education app, powered by the latest AI technologies, that provides engaging experiences to its customers in many different languages to help them improve their language skills. Users can chat about unlimited amount of topics with the app and use other modes to practice their language learning.\",\"email\":\"support@talkpal.ai\",\"legalName\":\"Talkpal, Inc.\",\"foundingDate\":\"2023-04-03\",\"duns\":\"118989042\",\"numberOfEmployees\":{\"@type\":\"QuantitativeValue\",\"minValue\":\"11\",\"maxValue\":\"50\"},\"publishingPrinciples\":\"https:\/\/talkpal.ai\/publishing-principles\/\",\"actionableFeedbackPolicy\":\"https:\/\/talkpal.ai\/actionable-feedback-policy\/\",\"correctionsPolicy\":\"https:\/\/talkpal.ai\/corrections-policy\/\",\"ethicsPolicy\":\"https:\/\/talkpal.ai\/ethics-policy\/\",\"diversityPolicy\":\"https:\/\/talkpal.ai\/diversity-policy\/\",\"diversityStaffingReport\":\"https:\/\/talkpal.ai\/diversity-policy\/\"}]}<\/script>\n<!-- \/ Yoast SEO Premium plugin. -->","yoast_head_json":{"title":"\u0106wiczenia z gramatyki hiszpa\u0144skiej - Talkpal","description":"Popraw swoj\u0105 hiszpa\u0144sk\u0105 gramatyk\u0119 dzi\u0119ki interaktywnym \u0107wiczeniom zaprojektowanym dla wszystkich poziom\u00f3w umiej\u0119tno\u015bci. \u0106wicz czasowniki, struktur\u0119 zda\u0144, s\u0142ownictwo i nie tylko!","robots":{"index":"index","follow":"follow","max-snippet":"max-snippet:-1","max-image-preview":"max-image-preview:large","max-video-preview":"max-video-preview:-1"},"canonical":"https:\/\/talkpal.ai\/pl\/cwiczenia-z-gramatyki-hiszpanskiej\/","og_locale":"pl_PL","og_type":"article","og_title":"\u0106wiczenia z gramatyki hiszpa\u0144skiej","og_description":"Zagadnienia gramatyczne j\u0119zyka hiszpa\u0144skiego Nauka nowego j\u0119zyka mo\u017ce by\u0107 ekscytuj\u0105cym i satysfakcjonuj\u0105cym przedsi\u0119wzi\u0119ciem, a hiszpa\u0144ski nie jest","og_url":"https:\/\/talkpal.ai\/pl\/cwiczenia-z-gramatyki-hiszpanskiej\/","og_site_name":"Talkpal","article_publisher":"https:\/\/www.facebook.com\/profile.php?id=100090733639311","article_modified_time":"2025-12-17T16:37:23+00:00","og_image":[{"width":512,"height":512,"url":"https:\/\/talkpal.ai\/wp-content\/uploads\/2023\/03\/spain.png","type":"image\/png"}],"twitter_card":"summary_large_image","twitter_site":"@talkpalai","twitter_misc":{"Szacowany czas czytania":"3 minuty"},"schema":{"@context":"https:\/\/schema.org","@graph":[{"@type":"WebPage","@id":"https:\/\/talkpal.ai\/pl\/cwiczenia-z-gramatyki-hiszpanskiej\/","url":"https:\/\/talkpal.ai\/pl\/cwiczenia-z-gramatyki-hiszpanskiej\/","name":"\u0106wiczenia z gramatyki hiszpa\u0144skiej - Talkpal","isPartOf":{"@id":"https:\/\/talkpal.ai\/pl\/#website"},"primaryImageOfPage":{"@id":"https:\/\/talkpal.ai\/pl\/cwiczenia-z-gramatyki-hiszpanskiej\/#primaryimage"},"image":{"@id":"https:\/\/talkpal.ai\/pl\/cwiczenia-z-gramatyki-hiszpanskiej\/#primaryimage"},"thumbnailUrl":"https:\/\/talkpal.ai\/wp-content\/uploads\/2023\/03\/spain.png","datePublished":"2023-06-15T07:00:21+00:00","dateModified":"2025-12-17T16:37:23+00:00","description":"Popraw swoj\u0105 hiszpa\u0144sk\u0105 gramatyk\u0119 dzi\u0119ki interaktywnym \u0107wiczeniom zaprojektowanym dla wszystkich poziom\u00f3w umiej\u0119tno\u015bci. \u0106wicz czasowniki, struktur\u0119 zda\u0144, s\u0142ownictwo i nie tylko!","breadcrumb":{"@id":"https:\/\/talkpal.ai\/pl\/cwiczenia-z-gramatyki-hiszpanskiej\/#breadcrumb"},"inLanguage":"pl-PL","potentialAction":[{"@type":"ReadAction","target":["https:\/\/talkpal.ai\/pl\/cwiczenia-z-gramatyki-hiszpanskiej\/"]}]},{"@type":"ImageObject","inLanguage":"pl-PL","@id":"https:\/\/talkpal.ai\/pl\/cwiczenia-z-gramatyki-hiszpanskiej\/#primaryimage","url":"https:\/\/talkpal.ai\/wp-content\/uploads\/2023\/03\/spain.png","contentUrl":"https:\/\/talkpal.ai\/wp-content\/uploads\/2023\/03\/spain.png","width":512,"height":512,"caption":"TalkPal AI learn Spanish"},{"@type":"BreadcrumbList","@id":"https:\/\/talkpal.ai\/pl\/cwiczenia-z-gramatyki-hiszpanskiej\/#breadcrumb","itemListElement":[{"@type":"ListItem","position":1,"name":"Homepage","item":"https:\/\/talkpal.ai\/pl\/"},{"@type":"ListItem","position":2,"name":"\u0106wiczenia z gramatyki hiszpa\u0144skiej"}]},{"@type":"WebSite","@id":"https:\/\/talkpal.ai\/pl\/#website","url":"https:\/\/talkpal.ai\/pl\/","name":"Talkpal","description":"AI Language Learning","publisher":{"@id":"https:\/\/talkpal.ai\/pl\/#organization"},"alternateName":"Talkpal AI","potentialAction":[{"@type":"SearchAction","target":{"@type":"EntryPoint","urlTemplate":"https:\/\/talkpal.ai\/pl\/?s={search_term_string}"},"query-input":{"@type":"PropertyValueSpecification","valueRequired":true,"valueName":"search_term_string"}}],"inLanguage":"pl-PL"},{"@type":"Organization","@id":"https:\/\/talkpal.ai\/pl\/#organization","name":"Talkpal, Inc.","alternateName":"Talkpal AI","url":"https:\/\/talkpal.ai\/pl\/","logo":{"@type":"ImageObject","inLanguage":"pl-PL","@id":"https:\/\/talkpal.ai\/pl\/#\/schema\/logo\/image\/","url":"https:\/\/talkpal.ai\/wp-content\/uploads\/2024\/03\/Talkpal-Logo-Icon.png","contentUrl":"https:\/\/talkpal.ai\/wp-content\/uploads\/2024\/03\/Talkpal-Logo-Icon.png","width":2880,"height":2880,"caption":"Talkpal, Inc."},"image":{"@id":"https:\/\/talkpal.ai\/pl\/#\/schema\/logo\/image\/"},"sameAs":["https:\/\/www.facebook.com\/profile.php?id=100090733639311","https:\/\/x.com\/talkpalai","https:\/\/www.linkedin.com\/company\/talkpal\/","https:\/\/www.youtube.com\/@TalkPal\/","https:\/\/www.tiktok.com\/@talkpal","https:\/\/www.instagram.com\/talkpal_ai\/","https:\/\/www.crunchbase.com\/organization\/talkpal-9cde","https:\/\/www.g2.com\/products\/talkpal-for-business\/","https:\/\/www.trustpilot.com\/review\/talkpal.ai","https:\/\/www.capterra.com\/p\/10006800\/TalkPal\/"],"description":"Talkpal is a language learning web and mobile education app, powered by the latest AI technologies, that provides engaging experiences to its customers in many different languages to help them improve their language skills. Users can chat about unlimited amount of topics with the app and use other modes to practice their language learning.","email":"support@talkpal.ai","legalName":"Talkpal, Inc.","foundingDate":"2023-04-03","duns":"118989042","numberOfEmployees":{"@type":"QuantitativeValue","minValue":"11","maxValue":"50"},"publishingPrinciples":"https:\/\/talkpal.ai\/publishing-principles\/","actionableFeedbackPolicy":"https:\/\/talkpal.ai\/actionable-feedback-policy\/","correctionsPolicy":"https:\/\/talkpal.ai\/corrections-policy\/","ethicsPolicy":"https:\/\/talkpal.ai\/ethics-policy\/","diversityPolicy":"https:\/\/talkpal.ai\/diversity-policy\/","diversityStaffingReport":"https:\/\/talkpal.ai\/diversity-policy\/"}]}},"_links":{"self":[{"href":"https:\/\/talkpal.ai\/pl\/wp-json\/wp\/v2\/pages\/131543","targetHints":{"allow":["GET"]}}],"collection":[{"href":"https:\/\/talkpal.ai\/pl\/wp-json\/wp\/v2\/pages"}],"about":[{"href":"https:\/\/talkpal.ai\/pl\/wp-json\/wp\/v2\/types\/page"}],"author":[{"embeddable":true,"href":"https:\/\/talkpal.ai\/pl\/wp-json\/wp\/v2\/users\/1"}],"replies":[{"embeddable":true,"href":"https:\/\/talkpal.ai\/pl\/wp-json\/wp\/v2\/comments?post=131543"}],"version-history":[{"count":0,"href":"https:\/\/talkpal.ai\/pl\/wp-json\/wp\/v2\/pages\/131543\/revisions"}],"wp:featuredmedia":[{"embeddable":true,"href":"https:\/\/talkpal.ai\/pl\/wp-json\/wp\/v2\/media\/75344"}],"wp:attachment":[{"href":"https:\/\/talkpal.ai\/pl\/wp-json\/wp\/v2\/media?parent=131543"}],"curies":[{"name":"wp","href":"https:\/\/api.w.org\/{rel}","templated":true}]}}