{"id":131035,"date":"2023-05-14T13:53:24","date_gmt":"2023-05-14T13:53:24","guid":{"rendered":"http:\/\/talkpal.ai\/gramatyka-ukrainska\/"},"modified":"2025-12-11T16:36:15","modified_gmt":"2025-12-11T16:36:15","slug":"gramatyka-ukrainska","status":"publish","type":"page","link":"https:\/\/talkpal.ai\/pl\/gramatyka-ukrainska\/","title":{"rendered":"Gramatyka ukrai\u0144ska"},"content":{"rendered":"\r\n\r\n\r\n<section class=\"languageChallengeSection\">\r\n    <div class=\"languageInfoWrapper\">\r\n        \r\n        <h1>Gramatyka ukrai\u0144ska<\/h1>\r\n        <p>Poznaj struktur\u0119 j\u0119zyka ukrai\u0144skiego, ucz\u0105c si\u0119 jego podstawowych zasad gramatycznych. Opanowanie ukrai\u0144skiej gramatyki pomo\u017ce ci komunikowa\u0107 si\u0119 pewnie i g\u0142\u0119biej po\u0142\u0105czy\u0107 si\u0119 z ukrai\u0144sk\u0105 kultur\u0105 i dziedzictwem. Rozpocznij swoj\u0105 przygod\u0119 z ukrai\u0144sk\u0105 gramatyk\u0105 ju\u017c dzi\u015b i zr\u00f3b pierwszy krok w kierunku p\u0142ynno\u015bci!<\/p>\r\n\r\n                            <a class=\"getStartedHidden\" href=\"https:\/\/app.talkpal.ai\/pl\/signup?lng=\">Zaczynaj<\/a>\r\n        \r\n    <\/div>\r\n\r\n    <figure>\r\n    <img decoding=\"async\" width=\"768\" height=\"768\" src=\"https:\/\/talkpal.ai\/wp-content\/uploads\/2023\/06\/Ukrainian-768x768.png\" class=\"languageImage no-lazy\" alt=\"Language learning - Your doorway to the world\" fetchpriority=\"high\" sizes=\"(max-width: 768px) 150px, 768px\" srcset=\"https:\/\/talkpal.ai\/wp-content\/uploads\/2023\/06\/Ukrainian-768x768.png 768w, https:\/\/talkpal.ai\/wp-content\/uploads\/2023\/06\/Ukrainian-300x300.png 300w\" \/>\r\n    \r\n\r\n    <\/figure>\r\n\r\n            <a class=\"getStartedVisible\" href=\"https:\/\/app.talkpal.ai\/pl\/signup?lng=\">Zaczynaj<\/a>\r\n    \r\n<\/section>\r\n<section class=\"promotionalBanner\">\r\n    <p class=\"promotionalText\">Najbardziej efektywny spos\u00f3b nauki j\u0119zyka<\/p>\r\n    <a class=\"promotionalLink\" href=\"https:\/\/app.talkpal.ai\/pl\/signup?lng=\">Wypr\u00f3buj Talkpal za darmo<\/a>\r\n<\/section>\n<div class=\"wp-block-group pageContainerStyle\"><div class=\"wp-block-group__inner-container is-layout-constrained wp-block-group-is-layout-constrained\">\n<h2 class=\"wp-block-heading\" id=\"h-a-comprehensive-guide-to-mastering-ukrainian-grammar\">Kompleksowy przewodnik po opanowaniu gramatyki ukrai\u0144skiej<\/h2>\n\n\n\n<p><a href=\"https:\/\/talkpal.ai\/learn-ukrainian\/\">Ukrai\u0144ski<\/a>, pi\u0119kny i melodyjny j\u0119zyk, cieszy si\u0119 coraz wi\u0119kszym zainteresowaniem entuzjast\u00f3w j\u0119zyka na ca\u0142ym <a href=\"https:\/\/talkpal.ai\/locations\/language-courses-in-swiecie\/\">\u015bwiecie<\/a>. <a href=\"https:\/\/talkpal.ai\/pl\/najlepsze-aplikacje-do-nauki-jezyka-ukrainskiego-efektywna-nauka-krok-po-kroku\/\">Nauka j\u0119zyka ukrai\u0144skiego<\/a> daje dost\u0119p do bogatego dziedzictwa kulturowego i umo\u017cliwia komunikowanie si\u0119 z milionami ludzi na Ukrainie i w krajach s\u0105siednich. Chocia\u017c zag\u0142\u0119bienie si\u0119 w gramatyk\u0119 ukrai\u0144sk\u0105 mo\u017ce pocz\u0105tkowo wydawa\u0107 si\u0119 zniech\u0119caj\u0105ce, posiadanie w niej silnych podstaw pozwoli Ci odkry\u0107 niuanse j\u0119zyka i w pe\u0142ni doceni\u0107 jego pi\u0119kno. Ten artyku\u0142 poprowadzi Ci\u0119 krok po kroku przez podstawy gramatyki ukrai\u0144skiej, przygotowuj\u0105c Ci\u0119 do pewnego rozpocz\u0119cia podr\u00f3\u017cy j\u0119zykowej.<\/p>\n\n\n\n<h3 class=\"wp-block-heading\" id=\"h-1-mastering-ukrainian-nouns-and-cases\">1. Opanowanie ukrai\u0144skich rzeczownik\u00f3w i przypadk\u00f3w<\/h3>\n\n\n\n<p>Centraln\u0105 cech\u0105 gramatyki ukrai\u0144skiej jest system przypadk\u00f3w. U\u017cywaj\u0105c rzeczownik\u00f3w, musisz zna\u0107 ich rodzaj (m\u0119ski, \u017ce\u0144ski lub nijaki) i zdawa\u0107 sobie spraw\u0119 z kontekstu, kt\u00f3ry mo\u017ce wymaga\u0107 zmiany ich ko\u0144c\u00f3wek. W j\u0119zyku ukrai\u0144skim wyst\u0119puje siedem przypadk\u00f3w:<\/p>\n\n\n\n<p>&#8211; Mianownik: podmiot zdania<\/p>\n\n\n\n<p>&#8211; Rodzajnik: wskazuj\u0105cy na posiadanie, ilo\u015b\u0107 i zaprzeczenie<\/p>\n\n\n\n<p>&#8211; Celownik: obiekt po\u015bredni lub ruch w kierunku celu<\/p>\n\n\n\n<p>&#8211; Accusative: bezpo\u015bredni obiekt lub ruch skierowany na co\u015b<\/p>\n\n\n\n<p>&#8211; Instrumentalny: oznacza \u015brodek lub narz\u0119dzie dzia\u0142ania<\/p>\n\n\n\n<p>&#8211; Miejscownik: wskazuje lokalizacj\u0119<\/p>\n\n\n\n<p>&#8211; Wo\u0142acz: u\u017cywany do zwracania si\u0119 do kogo\u015b lub wzywania kogo\u015b<\/p>\n\n\n\n<p>Nale\u017cy zwr\u00f3ci\u0107 uwag\u0119 na ko\u0144c\u00f3wki i deklinacje rzeczownik\u00f3w, poniewa\u017c zmieniaj\u0105 si\u0119 one w zale\u017cno\u015bci od u\u017cytego przypadku oraz rodzaju i liczby rzeczownika.<\/p>\n\n\n\n<h3 class=\"wp-block-heading\" id=\"h-2-navigating-the-ukrainian-verb-system\">2. Poruszanie si\u0119 po ukrai\u0144skim systemie czasownik\u00f3w<\/h3>\n\n\n\n<p>Czasowniki ukrai\u0144skie odmieniaj\u0105 si\u0119 na podstawie osoby, liczby, czasu, nastroju i g\u0142osu. W j\u0119zyku ukrai\u0144skim istniej\u0105 cztery aspekty czasownik\u00f3w \u2013 dokonany, niedokonany, iteracyjny i inceptywny:<\/p>\n\n\n\n<p>&#8211; Perfekt: oznacza zako\u0144czone dzia\u0142ania<\/p>\n\n\n\n<p>&#8211; Czas niedokonany: opisuje trwaj\u0105ce, nawykowe lub powtarzaj\u0105ce si\u0119 czynno\u015bci.<\/p>\n\n\n\n<p>&#8211; Iteracyjny: przekazuje dzia\u0142ania powtarzane w okre\u015blonym przedziale czasu.<\/p>\n\n\n\n<p>&#8211; Incepcyjny: wskazuje pocz\u0105tek dzia\u0142ania<\/p>\n\n\n\n<p>Aby porusza\u0107 si\u0119 po ukrai\u0144skim systemie czasownik\u00f3w, nale\u017cy zapozna\u0107 si\u0119 z trzema podstawowymi koniugacjami czasownik\u00f3w. Proces koniugacji polega na zmianie ko\u0144c\u00f3wek rdzenia czasownika w zale\u017cno\u015bci od czasu, nastroju i podmiotu.<\/p>\n\n\n\n<h3 class=\"wp-block-heading\" id=\"h-3-perfecting-ukrainian-adjectives-and-pronouns\">3. Doskonalenie ukrai\u0144skich przymiotnik\u00f3w i zaimk\u00f3w<\/h3>\n\n\n\n<p>Przymiotniki w j\u0119zyku ukrai\u0144skim musz\u0105 zgadza\u0107 si\u0119 z rzeczownikiem, kt\u00f3ry opisuj\u0105, pod wzgl\u0119dem rodzaju, liczby i przypadku. Oznacza to, \u017ce u\u017cywaj\u0105c przymiotnika, musisz zwraca\u0107 uwag\u0119 na jego ko\u0144c\u00f3wki, poniewa\u017c zmieni\u0105 si\u0119, aby dopasowa\u0107 si\u0119 do rzeczownika. Ponadto przymiotniki w j\u0119zyku ukrai\u0144skim mog\u0105 by\u0107 d\u0142ugimi lub kr\u00f3tkimi formami, przy czym ka\u017cda z nich ma swoje u\u017cycie w zale\u017cno\u015bci od kontekstu.<\/p>\n\n\n\n<p>Zaimki s\u0105 u\u017cywane zamiast rzeczownik\u00f3w i musz\u0105 r\u00f3wnie\u017c zgadza\u0107 si\u0119 z rzeczownikiem, kt\u00f3ry zast\u0119puj\u0105, pod wzgl\u0119dem rodzaju, liczby i przypadku. Zaimki osobowe w j\u0119zyku ukrai\u0144skim obejmuj\u0105 &#8222;\u044f&#8221; (ja), &#8222;\u0442\u0438&#8221; (ty, liczba pojedyncza), &#8222;\u0432\u0456\u043d\/\u0432\u043e\u043d\u0430\/\u0432\u043e\u043d\u043e&#8221; (on\/ona), &#8222;\u043c\u0438&#8221; (my), &#8222;\u0432\u0438&#8221; (ty, liczba mnoga lub formalna) i &#8222;\u0432\u043e\u043d\u0438&#8221; (oni). W j\u0119zyku ukrai\u0144skim istniej\u0105 r\u00f3wnie\u017c zaimki dzier\u017cawcze, wskazuj\u0105ce i wzgl\u0119dne.<\/p>\n\n\n\n<h3 class=\"wp-block-heading\" id=\"h-4-putting-it-all-together-sentence-structure\">4. Sk\u0142adanie wszystkiego w ca\u0142o\u015b\u0107: struktura zdania<\/h3>\n\n\n\n<p>J\u0119zyk <a href=\"https:\/\/talkpal.ai\/learn-ukrainian\/\">ukrai\u0144ski<\/a> ma struktur\u0119 zdania podmiot-orzeczenie-dope\u0142nienie (SVO), podobn\u0105 do angielskiej. Jednak w przeciwie\u0144stwie do j\u0119zyka angielskiego, j\u0119zyk ukrai\u0144ski ma wi\u0119ksz\u0105 elastyczno\u015b\u0107 w szyku wyraz\u00f3w ze wzgl\u0119du na system wielko\u015bci liter. Ta elastyczno\u015b\u0107 umo\u017cliwia m\u00f3wcom podkre\u015blanie okre\u015blonych s\u0142\u00f3w lub idei poprzez umieszczanie ich w r\u00f3\u017cnych pozycjach w zdaniu. Chocia\u017c opanowanie tej wszechstronno\u015bci mo\u017ce zaj\u0105\u0107 troch\u0119 czasu, pozwala wyrazi\u0107 si\u0119 bardziej artystycznie i p\u0142ynnie po ukrai\u0144sku.<\/p>\n\n\n\n<h3 class=\"wp-block-heading\" id=\"h-conclusion\">Wnioski<\/h3>\n\n\n\n<p>Rozpoczynaj\u0105c swoj\u0105 przygod\u0119 z j\u0119zykiem ukrai\u0144skim, pami\u0119taj, \u017ce bieg\u0142o\u015b\u0107 w gramatyce wymaga praktyki i wytrwa\u0142o\u015bci. Stopniowo zapoznawaj si\u0119 z r\u00f3\u017cnymi aspektami gramatyki ukrai\u0144skiej, od rzeczownik\u00f3w i przypadk\u00f3w po czasowniki i struktur\u0119 zda\u0144. Ciesz si\u0119 procesem nauki i rozkoszuj si\u0119 pi\u0119knem i ekspresj\u0105 j\u0119zyka ukrai\u0144skiego. \u0412\u0434\u0430\u0447\u0456! (<a href=\"https:\/\/talkpal.ai\/culture\/how-do-you-say-good-luck-in-polish\/\">Powodzenia<\/a>!)<\/p>\n<\/div><\/div>\n\r\n<section class=\"learnNavigationSection\">\r\n            \r\n        <a href=\"https:\/\/talkpal.ai\/pl\/naucz-sie-ukrainski\/\">\r\n            <div class=\"learnNavigationWrapper\">\r\n                <div class=\"learnNavigationContent\">\r\n                    <img decoding=\"async\" src=\"https:\/\/talkpal.ai\/wp-content\/uploads\/2024\/08\/Ukrainian.jpg\" alt=\"Ukrainian Flag\">\r\n                    <div>\r\n                        <h4>O nauce j\u0119zyka ukrai\u0144skiego<\/h4>\r\n                        <p>Dowiedz si\u0119 wszystkiego o gramatyce ukrai\u0144skiej.<\/p>\r\n                    <\/div>\r\n                <\/div>\r\n            <\/div>\r\n        <\/a>\r\n\r\n        \r\n        <a href=\"https:\/\/talkpal.ai\/pl\/cwiczenia-gramatyczne-z-jezyka-ukrainskiego\/\">\r\n            <div class=\"learnNavigationWrapper\">\r\n                <div class=\"learnNavigationContent\">\r\n                    <img decoding=\"async\" src=\"https:\/\/talkpal.ai\/wp-content\/uploads\/2024\/08\/Ukrainian.jpg\" alt=\"Ukrainian Flag\">\r\n                    <div>\r\n                        <h4>Ukrai\u0144skie \u0107wiczenia gramatyczne<\/h4>\r\n                        <p>\u0106wicz gramatyk\u0119 ukrai\u0144sk\u0105.<\/p>\r\n                    <\/div>\r\n                <\/div>\r\n            <\/div>\r\n        <\/a>\r\n\r\n        \r\n        <a href=\"https:\/\/talkpal.ai\/vocabulary_language\/ukrainian\/\">\r\n            <div class=\"learnNavigationWrapper\">\r\n                <div class=\"learnNavigationContent\">\r\n                    <img decoding=\"async\" src=\"https:\/\/talkpal.ai\/wp-content\/uploads\/2024\/08\/Ukrainian.jpg\" alt=\"Ukrainian Flag\">\r\n                    <div>\r\n                        <h4>Ukrai\u0144skie s\u0142ownictwo<\/h4>\r\n                        <p>Poszerz swoje ukrai\u0144skie s\u0142ownictwo.<\/p>\r\n                    <\/div>\r\n                <\/div>\r\n            <\/div>\r\n        <\/a>\r\n\r\n            <\/section>","protected":false},"excerpt":{"rendered":"<p>Kompleksowy przewodnik po opanowaniu gramatyki ukrai\u0144skiej Ukrai\u0144ski, pi\u0119kny i melodyjny j\u0119zyk, cieszy si\u0119 coraz wi\u0119kszym zainteresowaniem entuzjast\u00f3w j\u0119zyka na ca\u0142ym \u015bwiecie. Nauka j\u0119zyka ukrai\u0144skiego daje dost\u0119p do bogatego dziedzictwa kulturowego i umo\u017cliwia komunikowanie si\u0119 z milionami ludzi na Ukrainie i w krajach s\u0105siednich. Chocia\u017c zag\u0142\u0119bienie si\u0119 w gramatyk\u0119 ukrai\u0144sk\u0105 mo\u017ce pocz\u0105tkowo wydawa\u0107 si\u0119 zniech\u0119caj\u0105ce, posiadanie [&hellip;]<\/p>\n","protected":false},"author":1,"featured_media":108599,"parent":0,"menu_order":0,"comment_status":"closed","ping_status":"closed","template":"LearningContentPage.php","meta":{"_acf_changed":false,"footnotes":""},"class_list":["post-131035","page","type-page","status-publish","has-post-thumbnail","hentry"],"acf":[],"yoast_head":"<!-- This site is optimized with the Yoast SEO Premium plugin v27.2 (Yoast SEO v27.2) - https:\/\/yoast.com\/product\/yoast-seo-premium-wordpress\/ -->\n<title>Gramatyka ukrai\u0144ska - Talkpal<\/title>\n<meta name=\"description\" content=\"Odkryj pi\u0119kno ukrai\u0144skiej gramatyki dzi\u0119ki niezb\u0119dnym wskaz\u00f3wkom i spostrze\u017ceniom, kt\u00f3re usprawni\u0105 Twoj\u0105 nauk\u0119 j\u0119zyka.\" \/>\n<meta name=\"robots\" content=\"index, follow, max-snippet:-1, max-image-preview:large, max-video-preview:-1\" \/>\n<link rel=\"canonical\" href=\"https:\/\/talkpal.ai\/pl\/gramatyka-ukrainska\/\" \/>\n<meta property=\"og:locale\" content=\"pl_PL\" \/>\n<meta property=\"og:type\" content=\"article\" \/>\n<meta property=\"og:title\" content=\"Gramatyka ukrai\u0144ska\" \/>\n<meta property=\"og:description\" content=\"Kompleksowy przewodnik po opanowaniu gramatyki ukrai\u0144skiej Ukrai\u0144ski, pi\u0119kny i melodyjny j\u0119zyk, cieszy si\u0119 coraz wi\u0119kszym zainteresowaniem entuzjast\u00f3w\" \/>\n<meta property=\"og:url\" content=\"https:\/\/talkpal.ai\/pl\/gramatyka-ukrainska\/\" \/>\n<meta property=\"og:site_name\" content=\"Talkpal\" \/>\n<meta property=\"article:publisher\" content=\"https:\/\/www.facebook.com\/profile.php?id=100090733639311\" \/>\n<meta property=\"article:modified_time\" content=\"2025-12-11T16:36:15+00:00\" \/>\n<meta property=\"og:image\" content=\"https:\/\/talkpal.ai\/wp-content\/uploads\/2023\/04\/ukraine.png\" \/>\n\t<meta property=\"og:image:width\" content=\"512\" \/>\n\t<meta property=\"og:image:height\" content=\"512\" \/>\n\t<meta property=\"og:image:type\" content=\"image\/png\" \/>\n<meta name=\"twitter:card\" content=\"summary_large_image\" \/>\n<meta name=\"twitter:site\" content=\"@talkpalai\" \/>\n<meta name=\"twitter:label1\" content=\"Szacowany czas czytania\" \/>\n\t<meta name=\"twitter:data1\" content=\"3 minuty\" \/>\n<script type=\"application\/ld+json\" class=\"yoast-schema-graph\">{\"@context\":\"https:\/\/schema.org\",\"@graph\":[{\"@type\":\"WebPage\",\"@id\":\"https:\/\/talkpal.ai\/pl\/gramatyka-ukrainska\/\",\"url\":\"https:\/\/talkpal.ai\/pl\/gramatyka-ukrainska\/\",\"name\":\"Gramatyka ukrai\u0144ska - Talkpal\",\"isPartOf\":{\"@id\":\"https:\/\/talkpal.ai\/pl\/#website\"},\"primaryImageOfPage\":{\"@id\":\"https:\/\/talkpal.ai\/pl\/gramatyka-ukrainska\/#primaryimage\"},\"image\":{\"@id\":\"https:\/\/talkpal.ai\/pl\/gramatyka-ukrainska\/#primaryimage\"},\"thumbnailUrl\":\"https:\/\/talkpal.ai\/wp-content\/uploads\/2023\/04\/ukraine.png\",\"datePublished\":\"2023-05-14T13:53:24+00:00\",\"dateModified\":\"2025-12-11T16:36:15+00:00\",\"description\":\"Odkryj pi\u0119kno ukrai\u0144skiej gramatyki dzi\u0119ki niezb\u0119dnym wskaz\u00f3wkom i spostrze\u017ceniom, kt\u00f3re usprawni\u0105 Twoj\u0105 nauk\u0119 j\u0119zyka.\",\"breadcrumb\":{\"@id\":\"https:\/\/talkpal.ai\/pl\/gramatyka-ukrainska\/#breadcrumb\"},\"inLanguage\":\"pl-PL\",\"potentialAction\":[{\"@type\":\"ReadAction\",\"target\":[\"https:\/\/talkpal.ai\/pl\/gramatyka-ukrainska\/\"]}]},{\"@type\":\"ImageObject\",\"inLanguage\":\"pl-PL\",\"@id\":\"https:\/\/talkpal.ai\/pl\/gramatyka-ukrainska\/#primaryimage\",\"url\":\"https:\/\/talkpal.ai\/wp-content\/uploads\/2023\/04\/ukraine.png\",\"contentUrl\":\"https:\/\/talkpal.ai\/wp-content\/uploads\/2023\/04\/ukraine.png\",\"width\":512,\"height\":512,\"caption\":\"TalkPal Ukrainian Flag\"},{\"@type\":\"BreadcrumbList\",\"@id\":\"https:\/\/talkpal.ai\/pl\/gramatyka-ukrainska\/#breadcrumb\",\"itemListElement\":[{\"@type\":\"ListItem\",\"position\":1,\"name\":\"Homepage\",\"item\":\"https:\/\/talkpal.ai\/pl\/\"},{\"@type\":\"ListItem\",\"position\":2,\"name\":\"Gramatyka ukrai\u0144ska\"}]},{\"@type\":\"WebSite\",\"@id\":\"https:\/\/talkpal.ai\/pl\/#website\",\"url\":\"https:\/\/talkpal.ai\/pl\/\",\"name\":\"Talkpal\",\"description\":\"AI Language Learning\",\"publisher\":{\"@id\":\"https:\/\/talkpal.ai\/pl\/#organization\"},\"alternateName\":\"Talkpal AI\",\"potentialAction\":[{\"@type\":\"SearchAction\",\"target\":{\"@type\":\"EntryPoint\",\"urlTemplate\":\"https:\/\/talkpal.ai\/pl\/?s={search_term_string}\"},\"query-input\":{\"@type\":\"PropertyValueSpecification\",\"valueRequired\":true,\"valueName\":\"search_term_string\"}}],\"inLanguage\":\"pl-PL\"},{\"@type\":\"Organization\",\"@id\":\"https:\/\/talkpal.ai\/pl\/#organization\",\"name\":\"Talkpal, Inc.\",\"alternateName\":\"Talkpal AI\",\"url\":\"https:\/\/talkpal.ai\/pl\/\",\"logo\":{\"@type\":\"ImageObject\",\"inLanguage\":\"pl-PL\",\"@id\":\"https:\/\/talkpal.ai\/pl\/#\/schema\/logo\/image\/\",\"url\":\"https:\/\/talkpal.ai\/wp-content\/uploads\/2024\/03\/Talkpal-Logo-Icon.png\",\"contentUrl\":\"https:\/\/talkpal.ai\/wp-content\/uploads\/2024\/03\/Talkpal-Logo-Icon.png\",\"width\":2880,\"height\":2880,\"caption\":\"Talkpal, Inc.\"},\"image\":{\"@id\":\"https:\/\/talkpal.ai\/pl\/#\/schema\/logo\/image\/\"},\"sameAs\":[\"https:\/\/www.facebook.com\/profile.php?id=100090733639311\",\"https:\/\/x.com\/talkpalai\",\"https:\/\/www.linkedin.com\/company\/talkpal\/\",\"https:\/\/www.youtube.com\/@TalkPal\/\",\"https:\/\/www.tiktok.com\/@talkpal\",\"https:\/\/www.instagram.com\/talkpal_ai\/\",\"https:\/\/www.crunchbase.com\/organization\/talkpal-9cde\",\"https:\/\/www.g2.com\/products\/talkpal-for-business\/\",\"https:\/\/www.trustpilot.com\/review\/talkpal.ai\",\"https:\/\/www.capterra.com\/p\/10006800\/TalkPal\/\"],\"description\":\"Talkpal is a language learning web and mobile education app, powered by the latest AI technologies, that provides engaging experiences to its customers in many different languages to help them improve their language skills. Users can chat about unlimited amount of topics with the app and use other modes to practice their language learning.\",\"email\":\"support@talkpal.ai\",\"legalName\":\"Talkpal, Inc.\",\"foundingDate\":\"2023-04-03\",\"duns\":\"118989042\",\"numberOfEmployees\":{\"@type\":\"QuantitativeValue\",\"minValue\":\"11\",\"maxValue\":\"50\"},\"publishingPrinciples\":\"https:\/\/talkpal.ai\/publishing-principles\/\",\"actionableFeedbackPolicy\":\"https:\/\/talkpal.ai\/actionable-feedback-policy\/\",\"correctionsPolicy\":\"https:\/\/talkpal.ai\/corrections-policy\/\",\"ethicsPolicy\":\"https:\/\/talkpal.ai\/ethics-policy\/\",\"diversityPolicy\":\"https:\/\/talkpal.ai\/diversity-policy\/\",\"diversityStaffingReport\":\"https:\/\/talkpal.ai\/diversity-policy\/\"}]}<\/script>\n<!-- \/ Yoast SEO Premium plugin. -->","yoast_head_json":{"title":"Gramatyka ukrai\u0144ska - Talkpal","description":"Odkryj pi\u0119kno ukrai\u0144skiej gramatyki dzi\u0119ki niezb\u0119dnym wskaz\u00f3wkom i spostrze\u017ceniom, kt\u00f3re usprawni\u0105 Twoj\u0105 nauk\u0119 j\u0119zyka.","robots":{"index":"index","follow":"follow","max-snippet":"max-snippet:-1","max-image-preview":"max-image-preview:large","max-video-preview":"max-video-preview:-1"},"canonical":"https:\/\/talkpal.ai\/pl\/gramatyka-ukrainska\/","og_locale":"pl_PL","og_type":"article","og_title":"Gramatyka ukrai\u0144ska","og_description":"Kompleksowy przewodnik po opanowaniu gramatyki ukrai\u0144skiej Ukrai\u0144ski, pi\u0119kny i melodyjny j\u0119zyk, cieszy si\u0119 coraz wi\u0119kszym zainteresowaniem entuzjast\u00f3w","og_url":"https:\/\/talkpal.ai\/pl\/gramatyka-ukrainska\/","og_site_name":"Talkpal","article_publisher":"https:\/\/www.facebook.com\/profile.php?id=100090733639311","article_modified_time":"2025-12-11T16:36:15+00:00","og_image":[{"width":512,"height":512,"url":"https:\/\/talkpal.ai\/wp-content\/uploads\/2023\/04\/ukraine.png","type":"image\/png"}],"twitter_card":"summary_large_image","twitter_site":"@talkpalai","twitter_misc":{"Szacowany czas czytania":"3 minuty"},"schema":{"@context":"https:\/\/schema.org","@graph":[{"@type":"WebPage","@id":"https:\/\/talkpal.ai\/pl\/gramatyka-ukrainska\/","url":"https:\/\/talkpal.ai\/pl\/gramatyka-ukrainska\/","name":"Gramatyka ukrai\u0144ska - Talkpal","isPartOf":{"@id":"https:\/\/talkpal.ai\/pl\/#website"},"primaryImageOfPage":{"@id":"https:\/\/talkpal.ai\/pl\/gramatyka-ukrainska\/#primaryimage"},"image":{"@id":"https:\/\/talkpal.ai\/pl\/gramatyka-ukrainska\/#primaryimage"},"thumbnailUrl":"https:\/\/talkpal.ai\/wp-content\/uploads\/2023\/04\/ukraine.png","datePublished":"2023-05-14T13:53:24+00:00","dateModified":"2025-12-11T16:36:15+00:00","description":"Odkryj pi\u0119kno ukrai\u0144skiej gramatyki dzi\u0119ki niezb\u0119dnym wskaz\u00f3wkom i spostrze\u017ceniom, kt\u00f3re usprawni\u0105 Twoj\u0105 nauk\u0119 j\u0119zyka.","breadcrumb":{"@id":"https:\/\/talkpal.ai\/pl\/gramatyka-ukrainska\/#breadcrumb"},"inLanguage":"pl-PL","potentialAction":[{"@type":"ReadAction","target":["https:\/\/talkpal.ai\/pl\/gramatyka-ukrainska\/"]}]},{"@type":"ImageObject","inLanguage":"pl-PL","@id":"https:\/\/talkpal.ai\/pl\/gramatyka-ukrainska\/#primaryimage","url":"https:\/\/talkpal.ai\/wp-content\/uploads\/2023\/04\/ukraine.png","contentUrl":"https:\/\/talkpal.ai\/wp-content\/uploads\/2023\/04\/ukraine.png","width":512,"height":512,"caption":"TalkPal Ukrainian Flag"},{"@type":"BreadcrumbList","@id":"https:\/\/talkpal.ai\/pl\/gramatyka-ukrainska\/#breadcrumb","itemListElement":[{"@type":"ListItem","position":1,"name":"Homepage","item":"https:\/\/talkpal.ai\/pl\/"},{"@type":"ListItem","position":2,"name":"Gramatyka ukrai\u0144ska"}]},{"@type":"WebSite","@id":"https:\/\/talkpal.ai\/pl\/#website","url":"https:\/\/talkpal.ai\/pl\/","name":"Talkpal","description":"AI Language Learning","publisher":{"@id":"https:\/\/talkpal.ai\/pl\/#organization"},"alternateName":"Talkpal AI","potentialAction":[{"@type":"SearchAction","target":{"@type":"EntryPoint","urlTemplate":"https:\/\/talkpal.ai\/pl\/?s={search_term_string}"},"query-input":{"@type":"PropertyValueSpecification","valueRequired":true,"valueName":"search_term_string"}}],"inLanguage":"pl-PL"},{"@type":"Organization","@id":"https:\/\/talkpal.ai\/pl\/#organization","name":"Talkpal, Inc.","alternateName":"Talkpal AI","url":"https:\/\/talkpal.ai\/pl\/","logo":{"@type":"ImageObject","inLanguage":"pl-PL","@id":"https:\/\/talkpal.ai\/pl\/#\/schema\/logo\/image\/","url":"https:\/\/talkpal.ai\/wp-content\/uploads\/2024\/03\/Talkpal-Logo-Icon.png","contentUrl":"https:\/\/talkpal.ai\/wp-content\/uploads\/2024\/03\/Talkpal-Logo-Icon.png","width":2880,"height":2880,"caption":"Talkpal, Inc."},"image":{"@id":"https:\/\/talkpal.ai\/pl\/#\/schema\/logo\/image\/"},"sameAs":["https:\/\/www.facebook.com\/profile.php?id=100090733639311","https:\/\/x.com\/talkpalai","https:\/\/www.linkedin.com\/company\/talkpal\/","https:\/\/www.youtube.com\/@TalkPal\/","https:\/\/www.tiktok.com\/@talkpal","https:\/\/www.instagram.com\/talkpal_ai\/","https:\/\/www.crunchbase.com\/organization\/talkpal-9cde","https:\/\/www.g2.com\/products\/talkpal-for-business\/","https:\/\/www.trustpilot.com\/review\/talkpal.ai","https:\/\/www.capterra.com\/p\/10006800\/TalkPal\/"],"description":"Talkpal is a language learning web and mobile education app, powered by the latest AI technologies, that provides engaging experiences to its customers in many different languages to help them improve their language skills. Users can chat about unlimited amount of topics with the app and use other modes to practice their language learning.","email":"support@talkpal.ai","legalName":"Talkpal, Inc.","foundingDate":"2023-04-03","duns":"118989042","numberOfEmployees":{"@type":"QuantitativeValue","minValue":"11","maxValue":"50"},"publishingPrinciples":"https:\/\/talkpal.ai\/publishing-principles\/","actionableFeedbackPolicy":"https:\/\/talkpal.ai\/actionable-feedback-policy\/","correctionsPolicy":"https:\/\/talkpal.ai\/corrections-policy\/","ethicsPolicy":"https:\/\/talkpal.ai\/ethics-policy\/","diversityPolicy":"https:\/\/talkpal.ai\/diversity-policy\/","diversityStaffingReport":"https:\/\/talkpal.ai\/diversity-policy\/"}]}},"_links":{"self":[{"href":"https:\/\/talkpal.ai\/pl\/wp-json\/wp\/v2\/pages\/131035","targetHints":{"allow":["GET"]}}],"collection":[{"href":"https:\/\/talkpal.ai\/pl\/wp-json\/wp\/v2\/pages"}],"about":[{"href":"https:\/\/talkpal.ai\/pl\/wp-json\/wp\/v2\/types\/page"}],"author":[{"embeddable":true,"href":"https:\/\/talkpal.ai\/pl\/wp-json\/wp\/v2\/users\/1"}],"replies":[{"embeddable":true,"href":"https:\/\/talkpal.ai\/pl\/wp-json\/wp\/v2\/comments?post=131035"}],"version-history":[{"count":0,"href":"https:\/\/talkpal.ai\/pl\/wp-json\/wp\/v2\/pages\/131035\/revisions"}],"wp:featuredmedia":[{"embeddable":true,"href":"https:\/\/talkpal.ai\/pl\/wp-json\/wp\/v2\/media\/108599"}],"wp:attachment":[{"href":"https:\/\/talkpal.ai\/pl\/wp-json\/wp\/v2\/media?parent=131035"}],"curies":[{"name":"wp","href":"https:\/\/api.w.org\/{rel}","templated":true}]}}