{"id":130655,"date":"2023-05-14T13:53:07","date_gmt":"2023-05-14T13:53:07","guid":{"rendered":"http:\/\/talkpal.ai\/gramatyka-szwedzka\/"},"modified":"2025-12-11T16:31:41","modified_gmt":"2025-12-11T16:31:41","slug":"gramatyka-szwedzka","status":"publish","type":"page","link":"https:\/\/talkpal.ai\/pl\/gramatyka-szwedzka\/","title":{"rendered":"Gramatyka szwedzka"},"content":{"rendered":"\r\n\r\n\r\n<section class=\"languageChallengeSection\">\r\n    <div class=\"languageInfoWrapper\">\r\n        \r\n        <h1>Gramatyka szwedzka<\/h1>\r\n        <p>Odkryj pi\u0119kno j\u0119zyka szwedzkiego, opanowuj\u0105c jego podstawowe zasady gramatyczne. Solidne zrozumienie szwedzkiej gramatyki umo\u017cliwi ci pewn\u0105 komunikacj\u0119 i nawi\u0105zanie kontaktu ze szwedzk\u0105 kultur\u0105. Rozpocznij nauk\u0119 gramatyki szwedzkiej ju\u017c dzi\u015b i zr\u00f3b pierwszy krok w kierunku p\u0142ynnego pos\u0142ugiwania si\u0119 tym j\u0119zykiem!<\/p>\r\n\r\n                            <a class=\"getStartedHidden\" href=\"https:\/\/app.talkpal.ai\/pl\/signup?lng=\">Zaczynaj<\/a>\r\n        \r\n    <\/div>\r\n\r\n    <figure>\r\n    <img decoding=\"async\" width=\"768\" height=\"768\" src=\"https:\/\/talkpal.ai\/wp-content\/uploads\/2023\/06\/swedish-768x768.png\" class=\"languageImage no-lazy\" alt=\"Language learning for improved concentration\" fetchpriority=\"high\" sizes=\"(max-width: 768px) 150px, 768px\" srcset=\"https:\/\/talkpal.ai\/wp-content\/uploads\/2023\/06\/swedish-768x768.png 768w, https:\/\/talkpal.ai\/wp-content\/uploads\/2023\/06\/swedish-300x300.png 300w\" \/>\r\n    \r\n\r\n    <\/figure>\r\n\r\n            <a class=\"getStartedVisible\" href=\"https:\/\/app.talkpal.ai\/pl\/signup?lng=\">Zaczynaj<\/a>\r\n    \r\n<\/section>\r\n<section class=\"promotionalBanner\">\r\n    <p class=\"promotionalText\">Najbardziej efektywny spos\u00f3b nauki j\u0119zyka<\/p>\r\n    <a class=\"promotionalLink\" href=\"https:\/\/app.talkpal.ai\/pl\/signup?lng=\">Wypr\u00f3buj Talkpal za darmo<\/a>\r\n<\/section>\n<div class=\"wp-block-group pageContainerStyle\"><div class=\"wp-block-group__inner-container is-layout-constrained wp-block-group-is-layout-constrained\">\n<h2 class=\"wp-block-heading\" id=\"h-demystifying-swedish-grammar-a-comprehensive-guide-to-master-its-rules-and-nuances\">Demistyfikacja gramatyki szwedzkiej: kompleksowy przewodnik po opanowaniu jej zasad i niuans\u00f3w<\/h2>\n\n\n\n<p>J\u0119zyk <a href=\"https:\/\/talkpal.ai\/learn-swedish\/\">szwedzki<\/a>, kt\u00f3rym pos\u0142uguje si\u0119 oko\u0142o 10 milion\u00f3w ludzi, jest bogatym i melodyjnym j\u0119zykiem nale\u017c\u0105cym do rodziny p\u00f3\u0142nocnogerma\u0144skiej. Chocia\u017c <a href=\"https:\/\/talkpal.ai\/swedish-grammar\/\">gramatyka szwedzka<\/a> jest stosunkowo prosta w por\u00f3wnaniu z niekt\u00f3rymi innymi j\u0119zykami, zrozumienie jej zasad i struktury jest kluczem do poprawy bieg\u0142o\u015bci j\u0119zykowej. W tym artykule przeprowadzimy Ci\u0119 przez podstawowe aspekty szwedzkiej gramatyki i przedstawimy pomocne wskaz\u00f3wki, kt\u00f3re pomog\u0105 Ci poprawi\u0107 swoje umiej\u0119tno\u015bci j\u0119zykowe.<\/p>\n\n\n\n<h3 class=\"wp-block-heading\" id=\"h-essential-components-of-swedish-grammar\">Podstawowe elementy gramatyki szwedzkiej:<\/h3>\n\n\n\n<p><a href=\"https:\/\/talkpal.ai\/swedish-grammar\/\">Gramatyka szwedzka<\/a> jest podobna do gramatyki angielskiej, dzi\u0119ki czemu osoby m\u00f3wi\u0105ce po angielsku \u0142atwiej j\u0105 przyswoi\u0107. Oto kilka krytycznych aspekt\u00f3w gramatyki szwedzkiej, z kt\u00f3rymi warto si\u0119 zapozna\u0107:<\/p>\n\n\n\n<p><strong>1. Rzeczowniki: Szwedzkie rzeczowniki<\/strong> dziel\u0105 si\u0119 na dwa rodzaje gramatyczne: pospolity (en) i nijaki (ett). Ka\u017cdy rzeczownik nale\u017cy do jednej z tych kategorii, co nale\u017cy wzi\u0105\u0107 pod uwag\u0119 przy u\u017cywaniu przedimk\u00f3w nieokre\u015blonych i okre\u015blonych. Szwedzkie rzeczowniki maj\u0105 r\u00f3wnie\u017c liczb\u0119 mnog\u0105, z kilkoma wyra\u017anymi wzorami do zapami\u0119tania.<\/p>\n\n\n\n<p><strong>2. Przymiotniki:<\/strong> Przymiotniki w j\u0119zyku szwedzkim zgadzaj\u0105 si\u0119 z rodzajem rzeczownika. W zale\u017cno\u015bci od rodzaju rzeczownika istniej\u0105 trzy formy przymiotnik\u00f3w: pozytywny, por\u00f3wnawczy i najwy\u017cszy. Przymiotniki zgadzaj\u0105 si\u0119 r\u00f3wnie\u017c co do liczby (w liczbie pojedynczej lub mnogiej).<\/p>\n\n\n\n<p><strong>3. Czasowniki: Czasowniki<\/strong> szwedzkie s\u0105 podzielone na cztery grupy, z kt\u00f3rych ka\u017cda ma sw\u00f3j wz\u00f3r koniugacji. Czasowniki s\u0105 odmieniane w zale\u017cno\u015bci od czasu (tera\u017aniejszy, przesz\u0142y lub przysz\u0142y), ale nie s\u0105 odmieniane w zale\u017cno\u015bci od podmiotu, jak w j\u0119zyku angielskim. Zamiast tego szwedzkie formy czasownik\u00f3w pozostaj\u0105 sp\u00f3jne niezale\u017cnie od podmiotu. Ponadto czasowniki szwedzkie nie maj\u0105 form ci\u0105g\u0142ych (tj. -ing), jak w j\u0119zyku angielskim.<\/p>\n\n\n\n<p><strong>4. Struktura zdania:<\/strong> Szwedzka struktura zdania to zazwyczaj Podmiot-Orzeczenie-Dope\u0142nienie (SVO), podobnie jak <a href=\"https:\/\/talkpal.ai\/learn-english-with-ai\/\">angielski<\/a>. Jednak w j\u0119zyku szwedzkim cz\u0119sto stosuje si\u0119 regu\u0142\u0119 szyku wyraz\u00f3w V2, w kt\u00f3rej czasownik pojawia si\u0119 na drugiej pozycji w zdaniach oznajmuj\u0105cych i pytaniach.<\/p>\n\n\n\n<h3 class=\"wp-block-heading\" id=\"h-tips-for-learning-swedish-grammar\">Wskaz\u00f3wki dotycz\u0105ce nauki gramatyki szwedzkiej:<\/h3>\n\n\n\n<p>Aby Twoja podr\u00f3\u017c do nauki gramatyki szwedzkiej by\u0142a p\u0142ynniejsza, oto kilka praktycznych wskaz\u00f3wek, kt\u00f3rych nale\u017cy przestrzega\u0107:<\/p>\n\n\n\n<p><strong>1. \u0106wicz regularnie:<\/strong> Konsekwencja jest kluczowa. Ka\u017cdego dnia lub tygodnia przeznacz czas na \u0107wiczenie \u0107wicze\u0144 gramatycznych, czytanie i pisanie po szwedzku.<\/p>\n\n\n\n<p><strong>2. Korzystaj z natywnych zasob\u00f3w:<\/strong> Zanurz si\u0119 w rodzimych szwedzkich materia\u0142ach, takich jak literatura, artyku\u0142y prasowe i podcasty. Pomo\u017ce Ci to nie tylko zrozumie\u0107 gramatyk\u0119 szwedzk\u0105 w kontek\u015bcie, ale tak\u017ce poprawi umiej\u0119tno\u015bci czytania i s\u0142uchania.<\/p>\n\n\n\n<p>3. <a href=\"https:\/\/talkpal.ai\/pl\/naucz-sie-malajskiego\/\">Naucz si\u0119<\/a> rodzaj\u00f3w rzeczownik\u00f3w i liczby mnogiej: Zapami\u0119tywanie rodzaju (en lub ett) <strong>i liczby mnogiej szwedzkich rzeczownik\u00f3w<\/strong> ma kluczowe znaczenie. \u0106wiczenie z czasem ostatecznie pomo\u017ce ci zinternalizowa\u0107 te zasady.<\/p>\n\n\n\n<p>4. Nawi\u0105\u017c <a href=\"https:\/\/talkpal.ai\/contact\/\">kontakt<\/a> z native speakerami: Anga\u017cowanie si\u0119 w rozmowy <strong>z native speakerami<\/strong> j\u0119zyka szwedzkiego pozwoli Ci <a href=\"https:\/\/talkpal.ai\/grammar\/\">\u0107wiczy\u0107 gramatyk\u0119<\/a> i otrzymywa\u0107 cenne informacje zwrotne. Rozwa\u017c do\u0142\u0105czenie do grup wymiany j\u0119zykowej lub for\u00f3w internetowych, aby nawi\u0105za\u0107 kontakt z osobami m\u00f3wi\u0105cymi po szwedzku.<\/p>\n\n\n\n<p><strong>5. B\u0105d\u017a cierpliwy i wytrwa\u0142y:<\/strong> Pami\u0119taj, \u017ce nauka gramatyki to proces. B\u0105d\u017a zaanga\u017cowany, \u0107wicz i \u015bwi\u0119tuj post\u0119py po drodze.<\/p>\n\n\n\n<h2 class=\"wp-block-heading\" id=\"h-conclusion\">Wnioski:<\/h2>\n\n\n\n<p><a href=\"https:\/\/talkpal.ai\/grammar\/\">Gramatyka<\/a> szwedzka, cho\u0107 pozornie z\u0142o\u017cona, mo\u017ce by\u0107 opanowana dzi\u0119ki po\u015bwi\u0119ceniu i zrozumieniu jej integralnych element\u00f3w. Post\u0119puj\u0105c zgodnie z naszymi sugestiami i zanurzaj\u0105c si\u0119 w j\u0119zyku, b\u0119dziesz \u015bwiadkiem sta\u0142ej poprawy swoich szwedzkich umiej\u0119tno\u015bci j\u0119zykowych. Podejmij wyzwanie i ciesz si\u0119 podr\u00f3\u017c\u0105 w kierunku szwedzkiego mistrzostwa gramatycznego!<\/p>\n<\/div><\/div>\n\r\n<section class=\"learnNavigationSection\">\r\n            \r\n        <a href=\"https:\/\/talkpal.ai\/pl\/naucz-sie-szwedzkiego\/\">\r\n            <div class=\"learnNavigationWrapper\">\r\n                <div class=\"learnNavigationContent\">\r\n                    <img decoding=\"async\" src=\"https:\/\/talkpal.ai\/wp-content\/uploads\/2024\/08\/Swedish.jpg\" alt=\"Swedish Flag\">\r\n                    <div>\r\n                        <h4>Informacje o nauce szwedzkiego<\/h4>\r\n                        <p>Dowiedz si\u0119 wszystkiego o szwedzkiej gramatyce.<\/p>\r\n                    <\/div>\r\n                <\/div>\r\n            <\/div>\r\n        <\/a>\r\n\r\n        \r\n        <a href=\"https:\/\/talkpal.ai\/pl\/cwiczenia-gramatyczne-ze-szwedzkiego\/\">\r\n            <div class=\"learnNavigationWrapper\">\r\n                <div class=\"learnNavigationContent\">\r\n                    <img decoding=\"async\" src=\"https:\/\/talkpal.ai\/wp-content\/uploads\/2024\/08\/Swedish.jpg\" alt=\"Swedish Flag\">\r\n                    <div>\r\n                        <h4>Szwedzki \u0106wiczenie gramatyczne<\/h4>\r\n                        <p>\u0106wicz gramatyk\u0119 szwedzk\u0105.<\/p>\r\n                    <\/div>\r\n                <\/div>\r\n            <\/div>\r\n        <\/a>\r\n\r\n        \r\n        <a href=\"https:\/\/talkpal.ai\/vocabulary_language\/swedish\/\">\r\n            <div class=\"learnNavigationWrapper\">\r\n                <div class=\"learnNavigationContent\">\r\n                    <img decoding=\"async\" src=\"https:\/\/talkpal.ai\/wp-content\/uploads\/2024\/08\/Swedish.jpg\" alt=\"Swedish Flag\">\r\n                    <div>\r\n                        <h4>S\u0142ownictwo szwedzkie<\/h4>\r\n                        <p>Poszerz swoje szwedzkie s\u0142ownictwo.<\/p>\r\n                    <\/div>\r\n                <\/div>\r\n            <\/div>\r\n        <\/a>\r\n\r\n            <\/section>","protected":false},"excerpt":{"rendered":"<p>Demistyfikacja gramatyki szwedzkiej: kompleksowy przewodnik po opanowaniu jej zasad i niuans\u00f3w J\u0119zyk szwedzki, kt\u00f3rym pos\u0142uguje si\u0119 oko\u0142o 10 milion\u00f3w ludzi, jest bogatym i melodyjnym j\u0119zykiem nale\u017c\u0105cym do rodziny p\u00f3\u0142nocnogerma\u0144skiej. Chocia\u017c gramatyka szwedzka jest stosunkowo prosta w por\u00f3wnaniu z niekt\u00f3rymi innymi j\u0119zykami, zrozumienie jej zasad i struktury jest kluczem do poprawy bieg\u0142o\u015bci j\u0119zykowej. W tym artykule [&hellip;]<\/p>\n","protected":false},"author":1,"featured_media":108317,"parent":0,"menu_order":0,"comment_status":"closed","ping_status":"closed","template":"LearningContentPage.php","meta":{"_acf_changed":false,"footnotes":""},"class_list":["post-130655","page","type-page","status-publish","has-post-thumbnail","hentry"],"acf":[],"yoast_head":"<!-- This site is optimized with the Yoast SEO Premium plugin v27.2 (Yoast SEO v27.2) - https:\/\/yoast.com\/product\/yoast-seo-premium-wordpress\/ -->\n<title>Gramatyka szwedzka - Talkpal<\/title>\n<meta name=\"description\" content=\"Odkryj sekrety szwedzkiej gramatyki, aby poprawi\u0107 swoje umiej\u0119tno\u015bci j\u0119zykowe dzi\u0119ki podstawowym zasadom i pomocnym wskaz\u00f3wkom.\" \/>\n<meta name=\"robots\" content=\"index, follow, max-snippet:-1, max-image-preview:large, max-video-preview:-1\" \/>\n<link rel=\"canonical\" href=\"https:\/\/talkpal.ai\/pl\/gramatyka-szwedzka\/\" \/>\n<meta property=\"og:locale\" content=\"pl_PL\" \/>\n<meta property=\"og:type\" content=\"article\" \/>\n<meta property=\"og:title\" content=\"Gramatyka szwedzka\" \/>\n<meta property=\"og:description\" content=\"Demistyfikacja gramatyki szwedzkiej: kompleksowy przewodnik po opanowaniu jej zasad i niuans\u00f3w J\u0119zyk szwedzki, kt\u00f3rym pos\u0142uguje si\u0119 oko\u0142o 10 milion\u00f3w\" \/>\n<meta property=\"og:url\" content=\"https:\/\/talkpal.ai\/pl\/gramatyka-szwedzka\/\" \/>\n<meta property=\"og:site_name\" content=\"Talkpal\" \/>\n<meta property=\"article:publisher\" content=\"https:\/\/www.facebook.com\/profile.php?id=100090733639311\" \/>\n<meta property=\"article:modified_time\" content=\"2025-12-11T16:31:41+00:00\" \/>\n<meta property=\"og:image\" content=\"https:\/\/talkpal.ai\/wp-content\/uploads\/2023\/04\/sweden.png\" \/>\n\t<meta property=\"og:image:width\" content=\"512\" \/>\n\t<meta property=\"og:image:height\" content=\"512\" \/>\n\t<meta property=\"og:image:type\" content=\"image\/png\" \/>\n<meta name=\"twitter:card\" content=\"summary_large_image\" \/>\n<meta name=\"twitter:site\" content=\"@talkpalai\" \/>\n<meta name=\"twitter:label1\" content=\"Szacowany czas czytania\" \/>\n\t<meta name=\"twitter:data1\" content=\"3 minuty\" \/>\n<script type=\"application\/ld+json\" class=\"yoast-schema-graph\">{\"@context\":\"https:\/\/schema.org\",\"@graph\":[{\"@type\":\"WebPage\",\"@id\":\"https:\/\/talkpal.ai\/pl\/gramatyka-szwedzka\/\",\"url\":\"https:\/\/talkpal.ai\/pl\/gramatyka-szwedzka\/\",\"name\":\"Gramatyka szwedzka - Talkpal\",\"isPartOf\":{\"@id\":\"https:\/\/talkpal.ai\/pl\/#website\"},\"primaryImageOfPage\":{\"@id\":\"https:\/\/talkpal.ai\/pl\/gramatyka-szwedzka\/#primaryimage\"},\"image\":{\"@id\":\"https:\/\/talkpal.ai\/pl\/gramatyka-szwedzka\/#primaryimage\"},\"thumbnailUrl\":\"https:\/\/talkpal.ai\/wp-content\/uploads\/2023\/04\/sweden.png\",\"datePublished\":\"2023-05-14T13:53:07+00:00\",\"dateModified\":\"2025-12-11T16:31:41+00:00\",\"description\":\"Odkryj sekrety szwedzkiej gramatyki, aby poprawi\u0107 swoje umiej\u0119tno\u015bci j\u0119zykowe dzi\u0119ki podstawowym zasadom i pomocnym wskaz\u00f3wkom.\",\"breadcrumb\":{\"@id\":\"https:\/\/talkpal.ai\/pl\/gramatyka-szwedzka\/#breadcrumb\"},\"inLanguage\":\"pl-PL\",\"potentialAction\":[{\"@type\":\"ReadAction\",\"target\":[\"https:\/\/talkpal.ai\/pl\/gramatyka-szwedzka\/\"]}]},{\"@type\":\"ImageObject\",\"inLanguage\":\"pl-PL\",\"@id\":\"https:\/\/talkpal.ai\/pl\/gramatyka-szwedzka\/#primaryimage\",\"url\":\"https:\/\/talkpal.ai\/wp-content\/uploads\/2023\/04\/sweden.png\",\"contentUrl\":\"https:\/\/talkpal.ai\/wp-content\/uploads\/2023\/04\/sweden.png\",\"width\":512,\"height\":512},{\"@type\":\"BreadcrumbList\",\"@id\":\"https:\/\/talkpal.ai\/pl\/gramatyka-szwedzka\/#breadcrumb\",\"itemListElement\":[{\"@type\":\"ListItem\",\"position\":1,\"name\":\"Homepage\",\"item\":\"https:\/\/talkpal.ai\/pl\/\"},{\"@type\":\"ListItem\",\"position\":2,\"name\":\"Gramatyka szwedzka\"}]},{\"@type\":\"WebSite\",\"@id\":\"https:\/\/talkpal.ai\/pl\/#website\",\"url\":\"https:\/\/talkpal.ai\/pl\/\",\"name\":\"Talkpal\",\"description\":\"AI Language Learning\",\"publisher\":{\"@id\":\"https:\/\/talkpal.ai\/pl\/#organization\"},\"alternateName\":\"Talkpal AI\",\"potentialAction\":[{\"@type\":\"SearchAction\",\"target\":{\"@type\":\"EntryPoint\",\"urlTemplate\":\"https:\/\/talkpal.ai\/pl\/?s={search_term_string}\"},\"query-input\":{\"@type\":\"PropertyValueSpecification\",\"valueRequired\":true,\"valueName\":\"search_term_string\"}}],\"inLanguage\":\"pl-PL\"},{\"@type\":\"Organization\",\"@id\":\"https:\/\/talkpal.ai\/pl\/#organization\",\"name\":\"Talkpal, Inc.\",\"alternateName\":\"Talkpal AI\",\"url\":\"https:\/\/talkpal.ai\/pl\/\",\"logo\":{\"@type\":\"ImageObject\",\"inLanguage\":\"pl-PL\",\"@id\":\"https:\/\/talkpal.ai\/pl\/#\/schema\/logo\/image\/\",\"url\":\"https:\/\/talkpal.ai\/wp-content\/uploads\/2024\/03\/Talkpal-Logo-Icon.png\",\"contentUrl\":\"https:\/\/talkpal.ai\/wp-content\/uploads\/2024\/03\/Talkpal-Logo-Icon.png\",\"width\":2880,\"height\":2880,\"caption\":\"Talkpal, Inc.\"},\"image\":{\"@id\":\"https:\/\/talkpal.ai\/pl\/#\/schema\/logo\/image\/\"},\"sameAs\":[\"https:\/\/www.facebook.com\/profile.php?id=100090733639311\",\"https:\/\/x.com\/talkpalai\",\"https:\/\/www.linkedin.com\/company\/talkpal\/\",\"https:\/\/www.youtube.com\/@TalkPal\/\",\"https:\/\/www.tiktok.com\/@talkpal\",\"https:\/\/www.instagram.com\/talkpal_ai\/\",\"https:\/\/www.crunchbase.com\/organization\/talkpal-9cde\",\"https:\/\/www.g2.com\/products\/talkpal-for-business\/\",\"https:\/\/www.trustpilot.com\/review\/talkpal.ai\",\"https:\/\/www.capterra.com\/p\/10006800\/TalkPal\/\"],\"description\":\"Talkpal is a language learning web and mobile education app, powered by the latest AI technologies, that provides engaging experiences to its customers in many different languages to help them improve their language skills. Users can chat about unlimited amount of topics with the app and use other modes to practice their language learning.\",\"email\":\"support@talkpal.ai\",\"legalName\":\"Talkpal, Inc.\",\"foundingDate\":\"2023-04-03\",\"duns\":\"118989042\",\"numberOfEmployees\":{\"@type\":\"QuantitativeValue\",\"minValue\":\"11\",\"maxValue\":\"50\"},\"publishingPrinciples\":\"https:\/\/talkpal.ai\/publishing-principles\/\",\"actionableFeedbackPolicy\":\"https:\/\/talkpal.ai\/actionable-feedback-policy\/\",\"correctionsPolicy\":\"https:\/\/talkpal.ai\/corrections-policy\/\",\"ethicsPolicy\":\"https:\/\/talkpal.ai\/ethics-policy\/\",\"diversityPolicy\":\"https:\/\/talkpal.ai\/diversity-policy\/\",\"diversityStaffingReport\":\"https:\/\/talkpal.ai\/diversity-policy\/\"}]}<\/script>\n<!-- \/ Yoast SEO Premium plugin. -->","yoast_head_json":{"title":"Gramatyka szwedzka - Talkpal","description":"Odkryj sekrety szwedzkiej gramatyki, aby poprawi\u0107 swoje umiej\u0119tno\u015bci j\u0119zykowe dzi\u0119ki podstawowym zasadom i pomocnym wskaz\u00f3wkom.","robots":{"index":"index","follow":"follow","max-snippet":"max-snippet:-1","max-image-preview":"max-image-preview:large","max-video-preview":"max-video-preview:-1"},"canonical":"https:\/\/talkpal.ai\/pl\/gramatyka-szwedzka\/","og_locale":"pl_PL","og_type":"article","og_title":"Gramatyka szwedzka","og_description":"Demistyfikacja gramatyki szwedzkiej: kompleksowy przewodnik po opanowaniu jej zasad i niuans\u00f3w J\u0119zyk szwedzki, kt\u00f3rym pos\u0142uguje si\u0119 oko\u0142o 10 milion\u00f3w","og_url":"https:\/\/talkpal.ai\/pl\/gramatyka-szwedzka\/","og_site_name":"Talkpal","article_publisher":"https:\/\/www.facebook.com\/profile.php?id=100090733639311","article_modified_time":"2025-12-11T16:31:41+00:00","og_image":[{"width":512,"height":512,"url":"https:\/\/talkpal.ai\/wp-content\/uploads\/2023\/04\/sweden.png","type":"image\/png"}],"twitter_card":"summary_large_image","twitter_site":"@talkpalai","twitter_misc":{"Szacowany czas czytania":"3 minuty"},"schema":{"@context":"https:\/\/schema.org","@graph":[{"@type":"WebPage","@id":"https:\/\/talkpal.ai\/pl\/gramatyka-szwedzka\/","url":"https:\/\/talkpal.ai\/pl\/gramatyka-szwedzka\/","name":"Gramatyka szwedzka - Talkpal","isPartOf":{"@id":"https:\/\/talkpal.ai\/pl\/#website"},"primaryImageOfPage":{"@id":"https:\/\/talkpal.ai\/pl\/gramatyka-szwedzka\/#primaryimage"},"image":{"@id":"https:\/\/talkpal.ai\/pl\/gramatyka-szwedzka\/#primaryimage"},"thumbnailUrl":"https:\/\/talkpal.ai\/wp-content\/uploads\/2023\/04\/sweden.png","datePublished":"2023-05-14T13:53:07+00:00","dateModified":"2025-12-11T16:31:41+00:00","description":"Odkryj sekrety szwedzkiej gramatyki, aby poprawi\u0107 swoje umiej\u0119tno\u015bci j\u0119zykowe dzi\u0119ki podstawowym zasadom i pomocnym wskaz\u00f3wkom.","breadcrumb":{"@id":"https:\/\/talkpal.ai\/pl\/gramatyka-szwedzka\/#breadcrumb"},"inLanguage":"pl-PL","potentialAction":[{"@type":"ReadAction","target":["https:\/\/talkpal.ai\/pl\/gramatyka-szwedzka\/"]}]},{"@type":"ImageObject","inLanguage":"pl-PL","@id":"https:\/\/talkpal.ai\/pl\/gramatyka-szwedzka\/#primaryimage","url":"https:\/\/talkpal.ai\/wp-content\/uploads\/2023\/04\/sweden.png","contentUrl":"https:\/\/talkpal.ai\/wp-content\/uploads\/2023\/04\/sweden.png","width":512,"height":512},{"@type":"BreadcrumbList","@id":"https:\/\/talkpal.ai\/pl\/gramatyka-szwedzka\/#breadcrumb","itemListElement":[{"@type":"ListItem","position":1,"name":"Homepage","item":"https:\/\/talkpal.ai\/pl\/"},{"@type":"ListItem","position":2,"name":"Gramatyka szwedzka"}]},{"@type":"WebSite","@id":"https:\/\/talkpal.ai\/pl\/#website","url":"https:\/\/talkpal.ai\/pl\/","name":"Talkpal","description":"AI Language Learning","publisher":{"@id":"https:\/\/talkpal.ai\/pl\/#organization"},"alternateName":"Talkpal AI","potentialAction":[{"@type":"SearchAction","target":{"@type":"EntryPoint","urlTemplate":"https:\/\/talkpal.ai\/pl\/?s={search_term_string}"},"query-input":{"@type":"PropertyValueSpecification","valueRequired":true,"valueName":"search_term_string"}}],"inLanguage":"pl-PL"},{"@type":"Organization","@id":"https:\/\/talkpal.ai\/pl\/#organization","name":"Talkpal, Inc.","alternateName":"Talkpal AI","url":"https:\/\/talkpal.ai\/pl\/","logo":{"@type":"ImageObject","inLanguage":"pl-PL","@id":"https:\/\/talkpal.ai\/pl\/#\/schema\/logo\/image\/","url":"https:\/\/talkpal.ai\/wp-content\/uploads\/2024\/03\/Talkpal-Logo-Icon.png","contentUrl":"https:\/\/talkpal.ai\/wp-content\/uploads\/2024\/03\/Talkpal-Logo-Icon.png","width":2880,"height":2880,"caption":"Talkpal, Inc."},"image":{"@id":"https:\/\/talkpal.ai\/pl\/#\/schema\/logo\/image\/"},"sameAs":["https:\/\/www.facebook.com\/profile.php?id=100090733639311","https:\/\/x.com\/talkpalai","https:\/\/www.linkedin.com\/company\/talkpal\/","https:\/\/www.youtube.com\/@TalkPal\/","https:\/\/www.tiktok.com\/@talkpal","https:\/\/www.instagram.com\/talkpal_ai\/","https:\/\/www.crunchbase.com\/organization\/talkpal-9cde","https:\/\/www.g2.com\/products\/talkpal-for-business\/","https:\/\/www.trustpilot.com\/review\/talkpal.ai","https:\/\/www.capterra.com\/p\/10006800\/TalkPal\/"],"description":"Talkpal is a language learning web and mobile education app, powered by the latest AI technologies, that provides engaging experiences to its customers in many different languages to help them improve their language skills. Users can chat about unlimited amount of topics with the app and use other modes to practice their language learning.","email":"support@talkpal.ai","legalName":"Talkpal, Inc.","foundingDate":"2023-04-03","duns":"118989042","numberOfEmployees":{"@type":"QuantitativeValue","minValue":"11","maxValue":"50"},"publishingPrinciples":"https:\/\/talkpal.ai\/publishing-principles\/","actionableFeedbackPolicy":"https:\/\/talkpal.ai\/actionable-feedback-policy\/","correctionsPolicy":"https:\/\/talkpal.ai\/corrections-policy\/","ethicsPolicy":"https:\/\/talkpal.ai\/ethics-policy\/","diversityPolicy":"https:\/\/talkpal.ai\/diversity-policy\/","diversityStaffingReport":"https:\/\/talkpal.ai\/diversity-policy\/"}]}},"_links":{"self":[{"href":"https:\/\/talkpal.ai\/pl\/wp-json\/wp\/v2\/pages\/130655","targetHints":{"allow":["GET"]}}],"collection":[{"href":"https:\/\/talkpal.ai\/pl\/wp-json\/wp\/v2\/pages"}],"about":[{"href":"https:\/\/talkpal.ai\/pl\/wp-json\/wp\/v2\/types\/page"}],"author":[{"embeddable":true,"href":"https:\/\/talkpal.ai\/pl\/wp-json\/wp\/v2\/users\/1"}],"replies":[{"embeddable":true,"href":"https:\/\/talkpal.ai\/pl\/wp-json\/wp\/v2\/comments?post=130655"}],"version-history":[{"count":0,"href":"https:\/\/talkpal.ai\/pl\/wp-json\/wp\/v2\/pages\/130655\/revisions"}],"wp:featuredmedia":[{"embeddable":true,"href":"https:\/\/talkpal.ai\/pl\/wp-json\/wp\/v2\/media\/108317"}],"wp:attachment":[{"href":"https:\/\/talkpal.ai\/pl\/wp-json\/wp\/v2\/media?parent=130655"}],"curies":[{"name":"wp","href":"https:\/\/api.w.org\/{rel}","templated":true}]}}