{"id":130534,"date":"2023-05-14T13:52:27","date_gmt":"2023-05-14T13:52:27","guid":{"rendered":"http:\/\/talkpal.ai\/gramatyka-koreanska\/"},"modified":"2025-12-11T16:28:15","modified_gmt":"2025-12-11T16:28:15","slug":"gramatyka-koreanska","status":"publish","type":"page","link":"https:\/\/talkpal.ai\/pl\/gramatyka-koreanska\/","title":{"rendered":"Gramatyka korea\u0144ska"},"content":{"rendered":"\r\n\r\n\r\n<section class=\"languageChallengeSection\">\r\n    <div class=\"languageInfoWrapper\">\r\n        \r\n        <h1>Gramatyka korea\u0144ska<\/h1>\r\n        <p>Zacznij opanowywa\u0107 gramatyk\u0119 korea\u0144sk\u0105 dzi\u0119ki \u0142atwym w u\u017cyciu przewodnikom i praktycznym przyk\u0142adom. Dowiedz si\u0119, jak tworzy\u0107 zdania, u\u017cywa\u0107 cz\u0105stek i odmienia\u0107 czasowniki, aby precyzyjnie wyra\u017ca\u0107 siebie. \u0106wicz swoje umiej\u0119tno\u015bci za pomoc\u0105 interaktywnych \u0107wicze\u0144 zaprojektowanych w celu budowania pewno\u015bci siebie. Zr\u00f3b kolejny krok w swojej korea\u0144skiej podr\u00f3\u017cy j\u0119zykowej i popraw swoj\u0105 p\u0142ynno\u015b\u0107 ju\u017c dzi\u015b!<\/p>\r\n\r\n                            <a class=\"getStartedHidden\" href=\"https:\/\/app.talkpal.ai\/pl\/signup?lng=\">Zaczynaj<\/a>\r\n        \r\n    <\/div>\r\n\r\n    <figure>\r\n    <img decoding=\"async\" width=\"768\" height=\"768\" src=\"https:\/\/talkpal.ai\/wp-content\/uploads\/2023\/06\/korean-768x768.png\" class=\"languageImage no-lazy\" alt=\"Line-by-line learning for language acquisition\" fetchpriority=\"high\" sizes=\"(max-width: 768px) 150px, 768px\" srcset=\"https:\/\/talkpal.ai\/wp-content\/uploads\/2023\/06\/korean-768x768.png 768w, https:\/\/talkpal.ai\/wp-content\/uploads\/2023\/06\/korean-300x300.png 300w\" \/>\r\n    \r\n\r\n    <\/figure>\r\n\r\n            <a class=\"getStartedVisible\" href=\"https:\/\/app.talkpal.ai\/pl\/signup?lng=\">Zaczynaj<\/a>\r\n    \r\n<\/section>\r\n<section class=\"promotionalBanner\">\r\n    <p class=\"promotionalText\">Najbardziej efektywny spos\u00f3b nauki j\u0119zyka<\/p>\r\n    <a class=\"promotionalLink\" href=\"https:\/\/app.talkpal.ai\/pl\/signup?lng=\">Wypr\u00f3buj Talkpal za darmo<\/a>\r\n<\/section>\n<div class=\"wp-block-group pageContainerStyle\"><div class=\"wp-block-group__inner-container is-layout-constrained wp-block-group-is-layout-constrained\">\n<h2 class=\"wp-block-heading\" id=\"h-demystifying-korean-grammar-a-beginner-s-guide\">Demistyfikacja gramatyki korea\u0144skiej: przewodnik dla pocz\u0105tkuj\u0105cych<\/h2>\n\n\n\n<p><a href=\"https:\/\/talkpal.ai\/pl\/nauka-koreanskiego-szybki-start-i-skuteczne-metody\/\">Nauka korea\u0144skiego<\/a> mo\u017ce otworzy\u0107 \u015bwiat mo\u017cliwo\u015bci, niezale\u017cnie od tego, czy chodzi o odkrywanie korea\u0144skiej kuchni, ogl\u0105danie najnowszych K-dram, czy prac\u0119 w jednej z wielu innowacyjnych firm w Korei Po\u0142udniowej. Jako obcokrajowiec, kt\u00f3ry zag\u0142\u0119bia si\u0119 w ten fascynuj\u0105cy j\u0119zyk, jednym z najtrudniejszych aspekt\u00f3w mo\u017ce by\u0107 opanowanie jego gramatyki. <a href=\"https:\/\/talkpal.ai\/korean-grammar\/\">Gramatyka korea\u0144ska<\/a> mo\u017ce na pierwszy rzut oka wydawa\u0107 si\u0119 skomplikowana, ale ma logik\u0119 i sp\u00f3jno\u015b\u0107, kt\u00f3ra mo\u017ce by\u0107 bardziej przyst\u0119pna, ni\u017c mog\u0142oby si\u0119 wydawa\u0107. W tym artykule om\u00f3wimy kluczowe cechy gramatyki korea\u0144skiej i przedstawimy cenne spostrze\u017cenia, kt\u00f3re sprawi\u0105, \u017ce Twoja podr\u00f3\u017c do p\u0142ynno\u015bci b\u0119dzie p\u0142ynna i przyjemna.<\/p>\n\n\n\n<h3 class=\"wp-block-heading\" id=\"h-1-word-nbsp-order-nbsp-get-in-the-flow\"><b>1. Szyk wyraz\u00f3w<\/b><b> \u2013 Wejd\u017a w przep\u0142yw!<\/b><\/h3>\n\n\n\n<p>Pierwsz\u0105 rzecz\u0105, kt\u00f3r\u0105 musisz wiedzie\u0107 o gramatyce korea\u0144skiej, jest jej podstawowy szyk wyraz\u00f3w: podmiot-dope\u0142nienie-czasownik (SOV). Oznacza to, \u017ce czasowniki wyst\u0119puj\u0105 na ko\u0144cu zdania, w przeciwie\u0144stwie do angielskiej kolejno\u015bci podmiot-rzeczownik-przedmiot (SVO). Mo\u017ce to zaj\u0105\u0107 troch\u0119 czasu, ale kluczem do p\u0142ynno\u015bci jest oswojenie si\u0119 z t\u0105 now\u0105 struktur\u0105.<\/p>\n\n\n\n<p>Wskaz\u00f3wka: \u0106wicz tworzenie prostych zda\u0144 po korea\u0144sku, t\u0142umacz\u0105c angielskie zwroty i zmieniaj\u0105c kolejno\u015b\u0107 s\u0142\u00f3w. Skoncentruj si\u0119 na zrozumieniu logiki stoj\u0105cej za struktur\u0105 SOV, aby poczu\u0107 si\u0119 z ni\u0105 bardziej komfortowo.<\/p>\n\n\n\n<h3 class=\"wp-block-heading\" id=\"h-2-particles-attach-and-connect\">2. Cz\u0105steczki \u2013 Pod\u0142\u0105cz i po\u0142\u0105cz!<\/h3>\n\n\n\n<p>Zdania korea\u0144skie wykorzystuj\u0105 male\u0144kie fragmenty informacji gramatycznych zwane partyku\u0142ami, aby pom\u00f3c okre\u015bli\u0107 funkcj\u0119 s\u0142owa w zdaniu. Na przyk\u0142ad, \uc774\/\uac00 i \uc740\/\ub294 oznaczaj\u0105 podmiot, podczas gdy \uc744\/\ub97c wskazuje przedmiot. Partyku\u0142y s\u0105 istotnym sk\u0142adnikiem gramatyki korea\u0144skiej, ale ich u\u017cycie mo\u017ce pocz\u0105tkowo wydawa\u0107 si\u0119 przyt\u0142aczaj\u0105ce.<\/p>\n\n\n\n<p>Wskaz\u00f3wka: Zajmij si\u0119 jedn\u0105 cz\u0105steczk\u0105 na raz, czuj\u0105c si\u0119 komfortowo z jej u\u017cyciem i znaczeniem. Opracuj list\u0119 przyk\u0142adowych zda\u0144, u\u017cywaj\u0105c ka\u017cdej cz\u0105stki, aby stworzy\u0107 zbi\u00f3r materia\u0142\u00f3w referencyjnych.<\/p>\n\n\n\n<h3 class=\"wp-block-heading\" id=\"h-3-verb-conjugation-keep-it-simple\">3. Koniugacja czasownik\u00f3w \u2013 Zachowaj prostot\u0119!<\/h3>\n\n\n\n<p>Czasowniki korea\u0144skie s\u0105 niezwykle sp\u00f3jne, co mo\u017ce sprawi\u0107, \u017ce b\u0119d\u0105 \u0142atwiejsze do nauczenia ni\u017c czasowniki w innych j\u0119zykach. Wszystkie korea\u0144skie czasowniki ko\u0144cz\u0105 si\u0119 na \ub2e4 (da) w swojej podstawowej formie, a aby utworzy\u0107 r\u00f3\u017cne czasy lub poziomy grzeczno\u015bci, wystarczy doda\u0107 r\u00f3\u017cne ko\u0144c\u00f3wki. Najpopularniejsze z nich to -\uc694 (yo) dla nieformalnych form grzeczno\u015bciowych i -\uc2b5\ub2c8\ub2e4 (seumnida) dla bardziej formalnych sytuacji.<\/p>\n\n\n\n<p>Wskaz\u00f3wka: <a href=\"https:\/\/talkpal.ai\/pl\/naucz-sie-malajskiego\/\">Naucz si\u0119<\/a> odmienia\u0107 kilka podstawowych czasownik\u00f3w na r\u00f3\u017cnych poziomach grzeczno\u015bci, takich jak \ud558\ub2e4 (robi\u0107), \uba39\ub2e4 (je\u015b\u0107), \uc790\ub2e4 (spa\u0107) i \uac00\ub2e4 (i\u015b\u0107). Nast\u0119pnie zacznij w\u0142\u0105cza\u0107 je do zda\u0144, aby lepiej pozna\u0107 i poczu\u0107 si\u0119 komfortowo w u\u017cywaniu r\u00f3\u017cnych koniugacji.<\/p>\n\n\n\n<h3 class=\"wp-block-heading\" id=\"h-4-adjectives-treat-them-like-verbs\">4. Przymiotniki \u2013 Traktuj je jak czasowniki!<\/h3>\n\n\n\n<p>W gramatyce korea\u0144skiej przymiotniki funkcjonuj\u0105 podobnie do czasownik\u00f3w i s\u0105 odmieniane przy u\u017cyciu tego samego systemu. Wiele przymiotnik\u00f3w ko\u0144czy si\u0119 na ~\ud558\ub2e4 (-hada) i mog\u0105 by\u0107 odmieniane w taki sam spos\u00f3b jak czasowniki.<\/p>\n\n\n\n<p>Wskaz\u00f3wka: \u0106wicz koniugacj\u0119 popularnych przymiotnik\u00f3w, takich jak \uc88b\ub2e4 (by\u0107 dobrym), \uc608\uc058\ub2e4 (by\u0107 \u0142adnym), \ub192\ub2e4 (by\u0107 wysokim), \ub0ae\ub2e4 (by\u0107 niskim) i \ud06c\ub2e4 (by\u0107 du\u017cym). W\u0142\u0105czenie ich do zda\u0144 pomo\u017ce ugruntowa\u0107 twoje zrozumienie.<\/p>\n\n\n\n<h3 class=\"wp-block-heading\" id=\"h-5-honorifics-show-your-respect\">5. Zwroty grzeczno\u015bciowe \u2013 Oka\u017c szacunek!<\/h3>\n\n\n\n<p>Kultura korea\u0144ska k\u0142adzie nacisk na okazywanie szacunku starszym i osobom sprawuj\u0105cym w\u0142adz\u0119. Znajduje to odzwierciedlenie w jego j\u0119zyku poprzez zwroty grzeczno\u015bciowe, kt\u00f3re s\u0105 specjalnymi formami s\u0142\u00f3w i struktur gramatycznych u\u017cywanymi do okazywania uprzejmo\u015bci. Niekt\u00f3re kluczowe przyk\u0142ady obejmuj\u0105 u\u017cywanie cz\u0105stki -\uaed8\uc11c (-kkeseo) zamiast -\uc774\/\uac00, gdy odnosimy si\u0119 do kogo\u015b z szacunkiem lub do\u0142\u0105czanie -\uc2dc (-si) do czasownik\u00f3w jako znacznika grzeczno\u015bci.<\/p>\n\n\n\n<p>Wskaz\u00f3wka: Naucz si\u0119 podstaw u\u017cywania honoryfikator\u00f3w, ale nie martw si\u0119 zbytnio o to, \u017ce od razu staniesz si\u0119 ekspertem. Jako osoba m\u00f3wi\u0105ca po angielsku, Korea\u0144czycy prawdopodobnie zrozumiej\u0105, je\u015bli pope\u0142nisz b\u0142\u0119dy, ale okazanie szacunku b\u0119dzie mile widziane.<\/p>\n\n\n\n<h3 class=\"wp-block-heading\" id=\"h-conclusion\">Wnioski:<\/h3>\n\n\n\n<p>Korea\u0144ska <a href=\"https:\/\/talkpal.ai\/grammar\/\">gramatyka<\/a> mo\u017ce pocz\u0105tkowo wydawa\u0107 si\u0119 trudna, ale w miar\u0119 zdobywania do\u015bwiadczenia i zrozumienia, znajdziesz logiczne i sp\u00f3jne ramy. Skupiaj\u0105c si\u0119 na kluczowych poj\u0119ciach, takich jak szyk wyraz\u00f3w, cz\u0105stki i koniugacja czasownik\u00f3w, wkr\u00f3tce b\u0119dziesz budowa\u0107 zdania jak profesjonalista. Rozkochaj si\u0119 w tym ekspresyjnym j\u0119zyku i obserwuj, jak opanowanie korea\u0144skiej gramatyki prowadzi do \u015bwiata mo\u017cliwo\u015bci. \ud654\uc774\ud305 (hwaiting) &#8211; niech<\/p>\n<\/div><\/div>\n\r\n<section class=\"learnNavigationSection\">\r\n            \r\n        <a href=\"https:\/\/talkpal.ai\/pl\/naucz-sie-koreanskiego\/\">\r\n            <div class=\"learnNavigationWrapper\">\r\n                <div class=\"learnNavigationContent\">\r\n                    <img decoding=\"async\" src=\"https:\/\/talkpal.ai\/wp-content\/uploads\/2024\/08\/Korean.jpg\" alt=\"Korean Flag\">\r\n                    <div>\r\n                        <h4>O nauce korea\u0144skiego<\/h4>\r\n                        <p>Dowiedz si\u0119 wszystkiego o gramatyce korea\u0144skiej.<\/p>\r\n                    <\/div>\r\n                <\/div>\r\n            <\/div>\r\n        <\/a>\r\n\r\n        \r\n        <a href=\"https:\/\/talkpal.ai\/pl\/cwiczenia-z-gramatyki-koreanskiej\/\">\r\n            <div class=\"learnNavigationWrapper\">\r\n                <div class=\"learnNavigationContent\">\r\n                    <img decoding=\"async\" src=\"https:\/\/talkpal.ai\/wp-content\/uploads\/2024\/08\/Korean.jpg\" alt=\"Korean Flag\">\r\n                    <div>\r\n                        <h4>Korea\u0144skie \u0107wiczenia gramatyczne<\/h4>\r\n                        <p>\u0106wicz gramatyk\u0119 korea\u0144sk\u0105.<\/p>\r\n                    <\/div>\r\n                <\/div>\r\n            <\/div>\r\n        <\/a>\r\n\r\n        \r\n        <a href=\"https:\/\/talkpal.ai\/vocabulary_language\/korean\/\">\r\n            <div class=\"learnNavigationWrapper\">\r\n                <div class=\"learnNavigationContent\">\r\n                    <img decoding=\"async\" src=\"https:\/\/talkpal.ai\/wp-content\/uploads\/2024\/08\/Korean.jpg\" alt=\"Korean Flag\">\r\n                    <div>\r\n                        <h4>S\u0142ownictwo korea\u0144skie<\/h4>\r\n                        <p>Poszerz swoje korea\u0144skie s\u0142ownictwo.<\/p>\r\n                    <\/div>\r\n                <\/div>\r\n            <\/div>\r\n        <\/a>\r\n\r\n            <\/section>","protected":false},"excerpt":{"rendered":"<p>Demistyfikacja gramatyki korea\u0144skiej: przewodnik dla pocz\u0105tkuj\u0105cych Nauka korea\u0144skiego mo\u017ce otworzy\u0107 \u015bwiat mo\u017cliwo\u015bci, niezale\u017cnie od tego, czy chodzi o odkrywanie korea\u0144skiej kuchni, ogl\u0105danie najnowszych K-dram, czy prac\u0119 w jednej z wielu innowacyjnych firm w Korei Po\u0142udniowej. Jako obcokrajowiec, kt\u00f3ry zag\u0142\u0119bia si\u0119 w ten fascynuj\u0105cy j\u0119zyk, jednym z najtrudniejszych aspekt\u00f3w mo\u017ce by\u0107 opanowanie jego gramatyki. Gramatyka korea\u0144ska [&hellip;]<\/p>\n","protected":false},"author":1,"featured_media":107576,"parent":0,"menu_order":0,"comment_status":"closed","ping_status":"closed","template":"LearningContentPage.php","meta":{"_acf_changed":false,"footnotes":""},"class_list":["post-130534","page","type-page","status-publish","has-post-thumbnail","hentry"],"acf":[],"yoast_head":"<!-- This site is optimized with the Yoast SEO Premium plugin v27.2 (Yoast SEO v27.2) - https:\/\/yoast.com\/product\/yoast-seo-premium-wordpress\/ -->\n<title>Gramatyka korea\u0144ska - Talkpal<\/title>\n<meta name=\"description\" content=\"Opanuj gramatyk\u0119 korea\u0144sk\u0105 - wzmocnij struktur\u0119 zda\u0144, wyja\u015bnij zasady i z \u0142atwo\u015bci\u0105 popraw p\u0142ynno\u015b\u0107.\" \/>\n<meta name=\"robots\" content=\"index, follow, max-snippet:-1, max-image-preview:large, max-video-preview:-1\" \/>\n<link rel=\"canonical\" href=\"https:\/\/talkpal.ai\/pl\/gramatyka-koreanska\/\" \/>\n<meta property=\"og:locale\" content=\"pl_PL\" \/>\n<meta property=\"og:type\" content=\"article\" \/>\n<meta property=\"og:title\" content=\"Gramatyka korea\u0144ska\" \/>\n<meta property=\"og:description\" content=\"Demistyfikacja gramatyki korea\u0144skiej: przewodnik dla pocz\u0105tkuj\u0105cych Nauka korea\u0144skiego mo\u017ce otworzy\u0107 \u015bwiat mo\u017cliwo\u015bci, niezale\u017cnie od tego, czy chodzi o\" \/>\n<meta property=\"og:url\" content=\"https:\/\/talkpal.ai\/pl\/gramatyka-koreanska\/\" \/>\n<meta property=\"og:site_name\" content=\"Talkpal\" \/>\n<meta property=\"article:publisher\" content=\"https:\/\/www.facebook.com\/profile.php?id=100090733639311\" \/>\n<meta property=\"article:modified_time\" content=\"2025-12-11T16:28:15+00:00\" \/>\n<meta property=\"og:image\" content=\"https:\/\/talkpal.ai\/wp-content\/uploads\/2023\/04\/south-korea.png\" \/>\n\t<meta property=\"og:image:width\" content=\"512\" \/>\n\t<meta property=\"og:image:height\" content=\"512\" \/>\n\t<meta property=\"og:image:type\" content=\"image\/png\" \/>\n<meta name=\"twitter:card\" content=\"summary_large_image\" \/>\n<meta name=\"twitter:site\" content=\"@talkpalai\" \/>\n<meta name=\"twitter:label1\" content=\"Szacowany czas czytania\" \/>\n\t<meta name=\"twitter:data1\" content=\"4 minuty\" \/>\n<script type=\"application\/ld+json\" class=\"yoast-schema-graph\">{\"@context\":\"https:\/\/schema.org\",\"@graph\":[{\"@type\":\"WebPage\",\"@id\":\"https:\/\/talkpal.ai\/pl\/gramatyka-koreanska\/\",\"url\":\"https:\/\/talkpal.ai\/pl\/gramatyka-koreanska\/\",\"name\":\"Gramatyka korea\u0144ska - Talkpal\",\"isPartOf\":{\"@id\":\"https:\/\/talkpal.ai\/pl\/#website\"},\"primaryImageOfPage\":{\"@id\":\"https:\/\/talkpal.ai\/pl\/gramatyka-koreanska\/#primaryimage\"},\"image\":{\"@id\":\"https:\/\/talkpal.ai\/pl\/gramatyka-koreanska\/#primaryimage\"},\"thumbnailUrl\":\"https:\/\/talkpal.ai\/wp-content\/uploads\/2023\/04\/south-korea.png\",\"datePublished\":\"2023-05-14T13:52:27+00:00\",\"dateModified\":\"2025-12-11T16:28:15+00:00\",\"description\":\"Opanuj gramatyk\u0119 korea\u0144sk\u0105 - wzmocnij struktur\u0119 zda\u0144, wyja\u015bnij zasady i z \u0142atwo\u015bci\u0105 popraw p\u0142ynno\u015b\u0107.\",\"breadcrumb\":{\"@id\":\"https:\/\/talkpal.ai\/pl\/gramatyka-koreanska\/#breadcrumb\"},\"inLanguage\":\"pl-PL\",\"potentialAction\":[{\"@type\":\"ReadAction\",\"target\":[\"https:\/\/talkpal.ai\/pl\/gramatyka-koreanska\/\"]}]},{\"@type\":\"ImageObject\",\"inLanguage\":\"pl-PL\",\"@id\":\"https:\/\/talkpal.ai\/pl\/gramatyka-koreanska\/#primaryimage\",\"url\":\"https:\/\/talkpal.ai\/wp-content\/uploads\/2023\/04\/south-korea.png\",\"contentUrl\":\"https:\/\/talkpal.ai\/wp-content\/uploads\/2023\/04\/south-korea.png\",\"width\":512,\"height\":512},{\"@type\":\"BreadcrumbList\",\"@id\":\"https:\/\/talkpal.ai\/pl\/gramatyka-koreanska\/#breadcrumb\",\"itemListElement\":[{\"@type\":\"ListItem\",\"position\":1,\"name\":\"Homepage\",\"item\":\"https:\/\/talkpal.ai\/pl\/\"},{\"@type\":\"ListItem\",\"position\":2,\"name\":\"Gramatyka korea\u0144ska\"}]},{\"@type\":\"WebSite\",\"@id\":\"https:\/\/talkpal.ai\/pl\/#website\",\"url\":\"https:\/\/talkpal.ai\/pl\/\",\"name\":\"Talkpal\",\"description\":\"AI Language Learning\",\"publisher\":{\"@id\":\"https:\/\/talkpal.ai\/pl\/#organization\"},\"alternateName\":\"Talkpal AI\",\"potentialAction\":[{\"@type\":\"SearchAction\",\"target\":{\"@type\":\"EntryPoint\",\"urlTemplate\":\"https:\/\/talkpal.ai\/pl\/?s={search_term_string}\"},\"query-input\":{\"@type\":\"PropertyValueSpecification\",\"valueRequired\":true,\"valueName\":\"search_term_string\"}}],\"inLanguage\":\"pl-PL\"},{\"@type\":\"Organization\",\"@id\":\"https:\/\/talkpal.ai\/pl\/#organization\",\"name\":\"Talkpal, Inc.\",\"alternateName\":\"Talkpal AI\",\"url\":\"https:\/\/talkpal.ai\/pl\/\",\"logo\":{\"@type\":\"ImageObject\",\"inLanguage\":\"pl-PL\",\"@id\":\"https:\/\/talkpal.ai\/pl\/#\/schema\/logo\/image\/\",\"url\":\"https:\/\/talkpal.ai\/wp-content\/uploads\/2024\/03\/Talkpal-Logo-Icon.png\",\"contentUrl\":\"https:\/\/talkpal.ai\/wp-content\/uploads\/2024\/03\/Talkpal-Logo-Icon.png\",\"width\":2880,\"height\":2880,\"caption\":\"Talkpal, Inc.\"},\"image\":{\"@id\":\"https:\/\/talkpal.ai\/pl\/#\/schema\/logo\/image\/\"},\"sameAs\":[\"https:\/\/www.facebook.com\/profile.php?id=100090733639311\",\"https:\/\/x.com\/talkpalai\",\"https:\/\/www.linkedin.com\/company\/talkpal\/\",\"https:\/\/www.youtube.com\/@TalkPal\/\",\"https:\/\/www.tiktok.com\/@talkpal\",\"https:\/\/www.instagram.com\/talkpal_ai\/\",\"https:\/\/www.crunchbase.com\/organization\/talkpal-9cde\",\"https:\/\/www.g2.com\/products\/talkpal-for-business\/\",\"https:\/\/www.trustpilot.com\/review\/talkpal.ai\",\"https:\/\/www.capterra.com\/p\/10006800\/TalkPal\/\"],\"description\":\"Talkpal is a language learning web and mobile education app, powered by the latest AI technologies, that provides engaging experiences to its customers in many different languages to help them improve their language skills. Users can chat about unlimited amount of topics with the app and use other modes to practice their language learning.\",\"email\":\"support@talkpal.ai\",\"legalName\":\"Talkpal, Inc.\",\"foundingDate\":\"2023-04-03\",\"duns\":\"118989042\",\"numberOfEmployees\":{\"@type\":\"QuantitativeValue\",\"minValue\":\"11\",\"maxValue\":\"50\"},\"publishingPrinciples\":\"https:\/\/talkpal.ai\/publishing-principles\/\",\"actionableFeedbackPolicy\":\"https:\/\/talkpal.ai\/actionable-feedback-policy\/\",\"correctionsPolicy\":\"https:\/\/talkpal.ai\/corrections-policy\/\",\"ethicsPolicy\":\"https:\/\/talkpal.ai\/ethics-policy\/\",\"diversityPolicy\":\"https:\/\/talkpal.ai\/diversity-policy\/\",\"diversityStaffingReport\":\"https:\/\/talkpal.ai\/diversity-policy\/\"}]}<\/script>\n<!-- \/ Yoast SEO Premium plugin. -->","yoast_head_json":{"title":"Gramatyka korea\u0144ska - Talkpal","description":"Opanuj gramatyk\u0119 korea\u0144sk\u0105 - wzmocnij struktur\u0119 zda\u0144, wyja\u015bnij zasady i z \u0142atwo\u015bci\u0105 popraw p\u0142ynno\u015b\u0107.","robots":{"index":"index","follow":"follow","max-snippet":"max-snippet:-1","max-image-preview":"max-image-preview:large","max-video-preview":"max-video-preview:-1"},"canonical":"https:\/\/talkpal.ai\/pl\/gramatyka-koreanska\/","og_locale":"pl_PL","og_type":"article","og_title":"Gramatyka korea\u0144ska","og_description":"Demistyfikacja gramatyki korea\u0144skiej: przewodnik dla pocz\u0105tkuj\u0105cych Nauka korea\u0144skiego mo\u017ce otworzy\u0107 \u015bwiat mo\u017cliwo\u015bci, niezale\u017cnie od tego, czy chodzi o","og_url":"https:\/\/talkpal.ai\/pl\/gramatyka-koreanska\/","og_site_name":"Talkpal","article_publisher":"https:\/\/www.facebook.com\/profile.php?id=100090733639311","article_modified_time":"2025-12-11T16:28:15+00:00","og_image":[{"width":512,"height":512,"url":"https:\/\/talkpal.ai\/wp-content\/uploads\/2023\/04\/south-korea.png","type":"image\/png"}],"twitter_card":"summary_large_image","twitter_site":"@talkpalai","twitter_misc":{"Szacowany czas czytania":"4 minuty"},"schema":{"@context":"https:\/\/schema.org","@graph":[{"@type":"WebPage","@id":"https:\/\/talkpal.ai\/pl\/gramatyka-koreanska\/","url":"https:\/\/talkpal.ai\/pl\/gramatyka-koreanska\/","name":"Gramatyka korea\u0144ska - Talkpal","isPartOf":{"@id":"https:\/\/talkpal.ai\/pl\/#website"},"primaryImageOfPage":{"@id":"https:\/\/talkpal.ai\/pl\/gramatyka-koreanska\/#primaryimage"},"image":{"@id":"https:\/\/talkpal.ai\/pl\/gramatyka-koreanska\/#primaryimage"},"thumbnailUrl":"https:\/\/talkpal.ai\/wp-content\/uploads\/2023\/04\/south-korea.png","datePublished":"2023-05-14T13:52:27+00:00","dateModified":"2025-12-11T16:28:15+00:00","description":"Opanuj gramatyk\u0119 korea\u0144sk\u0105 - wzmocnij struktur\u0119 zda\u0144, wyja\u015bnij zasady i z \u0142atwo\u015bci\u0105 popraw p\u0142ynno\u015b\u0107.","breadcrumb":{"@id":"https:\/\/talkpal.ai\/pl\/gramatyka-koreanska\/#breadcrumb"},"inLanguage":"pl-PL","potentialAction":[{"@type":"ReadAction","target":["https:\/\/talkpal.ai\/pl\/gramatyka-koreanska\/"]}]},{"@type":"ImageObject","inLanguage":"pl-PL","@id":"https:\/\/talkpal.ai\/pl\/gramatyka-koreanska\/#primaryimage","url":"https:\/\/talkpal.ai\/wp-content\/uploads\/2023\/04\/south-korea.png","contentUrl":"https:\/\/talkpal.ai\/wp-content\/uploads\/2023\/04\/south-korea.png","width":512,"height":512},{"@type":"BreadcrumbList","@id":"https:\/\/talkpal.ai\/pl\/gramatyka-koreanska\/#breadcrumb","itemListElement":[{"@type":"ListItem","position":1,"name":"Homepage","item":"https:\/\/talkpal.ai\/pl\/"},{"@type":"ListItem","position":2,"name":"Gramatyka korea\u0144ska"}]},{"@type":"WebSite","@id":"https:\/\/talkpal.ai\/pl\/#website","url":"https:\/\/talkpal.ai\/pl\/","name":"Talkpal","description":"AI Language Learning","publisher":{"@id":"https:\/\/talkpal.ai\/pl\/#organization"},"alternateName":"Talkpal AI","potentialAction":[{"@type":"SearchAction","target":{"@type":"EntryPoint","urlTemplate":"https:\/\/talkpal.ai\/pl\/?s={search_term_string}"},"query-input":{"@type":"PropertyValueSpecification","valueRequired":true,"valueName":"search_term_string"}}],"inLanguage":"pl-PL"},{"@type":"Organization","@id":"https:\/\/talkpal.ai\/pl\/#organization","name":"Talkpal, Inc.","alternateName":"Talkpal AI","url":"https:\/\/talkpal.ai\/pl\/","logo":{"@type":"ImageObject","inLanguage":"pl-PL","@id":"https:\/\/talkpal.ai\/pl\/#\/schema\/logo\/image\/","url":"https:\/\/talkpal.ai\/wp-content\/uploads\/2024\/03\/Talkpal-Logo-Icon.png","contentUrl":"https:\/\/talkpal.ai\/wp-content\/uploads\/2024\/03\/Talkpal-Logo-Icon.png","width":2880,"height":2880,"caption":"Talkpal, Inc."},"image":{"@id":"https:\/\/talkpal.ai\/pl\/#\/schema\/logo\/image\/"},"sameAs":["https:\/\/www.facebook.com\/profile.php?id=100090733639311","https:\/\/x.com\/talkpalai","https:\/\/www.linkedin.com\/company\/talkpal\/","https:\/\/www.youtube.com\/@TalkPal\/","https:\/\/www.tiktok.com\/@talkpal","https:\/\/www.instagram.com\/talkpal_ai\/","https:\/\/www.crunchbase.com\/organization\/talkpal-9cde","https:\/\/www.g2.com\/products\/talkpal-for-business\/","https:\/\/www.trustpilot.com\/review\/talkpal.ai","https:\/\/www.capterra.com\/p\/10006800\/TalkPal\/"],"description":"Talkpal is a language learning web and mobile education app, powered by the latest AI technologies, that provides engaging experiences to its customers in many different languages to help them improve their language skills. Users can chat about unlimited amount of topics with the app and use other modes to practice their language learning.","email":"support@talkpal.ai","legalName":"Talkpal, Inc.","foundingDate":"2023-04-03","duns":"118989042","numberOfEmployees":{"@type":"QuantitativeValue","minValue":"11","maxValue":"50"},"publishingPrinciples":"https:\/\/talkpal.ai\/publishing-principles\/","actionableFeedbackPolicy":"https:\/\/talkpal.ai\/actionable-feedback-policy\/","correctionsPolicy":"https:\/\/talkpal.ai\/corrections-policy\/","ethicsPolicy":"https:\/\/talkpal.ai\/ethics-policy\/","diversityPolicy":"https:\/\/talkpal.ai\/diversity-policy\/","diversityStaffingReport":"https:\/\/talkpal.ai\/diversity-policy\/"}]}},"_links":{"self":[{"href":"https:\/\/talkpal.ai\/pl\/wp-json\/wp\/v2\/pages\/130534","targetHints":{"allow":["GET"]}}],"collection":[{"href":"https:\/\/talkpal.ai\/pl\/wp-json\/wp\/v2\/pages"}],"about":[{"href":"https:\/\/talkpal.ai\/pl\/wp-json\/wp\/v2\/types\/page"}],"author":[{"embeddable":true,"href":"https:\/\/talkpal.ai\/pl\/wp-json\/wp\/v2\/users\/1"}],"replies":[{"embeddable":true,"href":"https:\/\/talkpal.ai\/pl\/wp-json\/wp\/v2\/comments?post=130534"}],"version-history":[{"count":0,"href":"https:\/\/talkpal.ai\/pl\/wp-json\/wp\/v2\/pages\/130534\/revisions"}],"wp:featuredmedia":[{"embeddable":true,"href":"https:\/\/talkpal.ai\/pl\/wp-json\/wp\/v2\/media\/107576"}],"wp:attachment":[{"href":"https:\/\/talkpal.ai\/pl\/wp-json\/wp\/v2\/media?parent=130534"}],"curies":[{"name":"wp","href":"https:\/\/api.w.org\/{rel}","templated":true}]}}