{"id":129987,"date":"2023-05-14T13:51:46","date_gmt":"2023-05-14T13:51:46","guid":{"rendered":"http:\/\/talkpal.ai\/gramatyka-portugalska\/"},"modified":"2025-12-11T16:46:52","modified_gmt":"2025-12-11T16:46:52","slug":"gramatyka-portugalska","status":"publish","type":"page","link":"https:\/\/talkpal.ai\/pl\/gramatyka-portugalska\/","title":{"rendered":"Gramatyka portugalska"},"content":{"rendered":"\r\n\r\n\r\n<section class=\"languageChallengeSection\">\r\n    <div class=\"languageInfoWrapper\">\r\n        \r\n        <h1>Gramatyka portugalska<\/h1>\r\n        <p>Poznaj podstawy gramatyki portugalskiej i odblokuj \u015bwiat mo\u017cliwo\u015bci \u0142\u0105czenia si\u0119 z milionami u\u017cytkownik\u00f3w tego j\u0119zyka na ca\u0142ym <a href=\"https:\/\/talkpal.ai\/locations\/language-courses-in-swiecie\/\">\u015bwiecie<\/a>. Opanowuj\u0105c kluczowe zasady i struktury, b\u0119dziesz gotowy komunikowa\u0107 si\u0119 z pewno\u015bci\u0105 siebie i w pe\u0142ni cieszy\u0107 si\u0119 portugalsk\u0105 kultur\u0105. Zacznij uczy\u0107 si\u0119 gramatyki portugalskiej ju\u017c dzi\u015b i zr\u00f3b pierwszy krok w kierunku p\u0142ynnego pos\u0142ugiwania si\u0119 tym j\u0119zykiem!<\/p>\r\n\r\n                            <a class=\"getStartedHidden\" href=\"https:\/\/app.talkpal.ai\/pl\/signup?lng=\">Zaczynaj<\/a>\r\n        \r\n    <\/div>\r\n\r\n    <figure>\r\n    <img decoding=\"async\" width=\"768\" height=\"768\" src=\"https:\/\/talkpal.ai\/wp-content\/uploads\/2023\/06\/portuguese-768x768.png\" class=\"languageImage no-lazy\" alt=\"Language learning for broader world view\" fetchpriority=\"high\" sizes=\"(max-width: 768px) 150px, 768px\" srcset=\"https:\/\/talkpal.ai\/wp-content\/uploads\/2023\/06\/portuguese-768x768.png 768w, https:\/\/talkpal.ai\/wp-content\/uploads\/2023\/06\/portuguese-300x300.png 300w\" \/>\r\n    \r\n\r\n    <\/figure>\r\n\r\n            <a class=\"getStartedVisible\" href=\"https:\/\/app.talkpal.ai\/pl\/signup?lng=\">Zaczynaj<\/a>\r\n    \r\n<\/section>\r\n<section class=\"promotionalBanner\">\r\n    <p class=\"promotionalText\">Najbardziej efektywny spos\u00f3b nauki j\u0119zyka<\/p>\r\n    <a class=\"promotionalLink\" href=\"https:\/\/app.talkpal.ai\/pl\/signup?lng=\">Wypr\u00f3buj Talkpal za darmo<\/a>\r\n<\/section>\n<div class=\"wp-block-group pageContainerStyle\"><div class=\"wp-block-group__inner-container is-layout-constrained wp-block-group-is-layout-constrained\">\n<h2 class=\"wp-block-heading\" id=\"h-a-beginner-s-guide-to-understanding-portuguese-grammar\">Przewodnik dla pocz\u0105tkuj\u0105cych po gramatyce portugalskiej<\/h2>\n\n\n\n<p>Niezale\u017cnie od tego, czy planujesz podr\u00f3\u017c do Portugalii, czy po prostu chcesz opanowa\u0107 <a href=\"https:\/\/talkpal.ai\/talkpal-new-years-discount\/\">nowy<\/a> j\u0119zyk, <a href=\"https:\/\/talkpal.ai\/pl\/nauka-portugalskiego-za-darmo-skuteczne-metody-i-najlepsze-materialy-online\/\">nauka portugalskiego<\/a> mo\u017ce by\u0107 ekscytuj\u0105cym i satysfakcjonuj\u0105cym do\u015bwiadczeniem. Jednym z istotnych aspekt\u00f3w nauki j\u0119zyka portugalskiego, jak ka\u017cdego innego, jest zrozumienie jego gramatyki. Ten artyku\u0142 poprowadzi Ci\u0119 przez podstawy gramatyki portugalskiej, dostarczaj\u0105c niezb\u0119dnych wskaz\u00f3wek i spostrze\u017ce\u0144, kt\u00f3re pomog\u0105 Ci bez wysi\u0142ku nawigowa\u0107 i komunikowa\u0107 si\u0119. Tak wi\u0119c, je\u015bli czeka\u0142e\u015b, aby zanurzy\u0107 si\u0119 w \u015bwiecie portugalskiego, zacznijmy!<\/p>\n\n\n\n<h3 class=\"wp-block-heading\" id=\"h-1-the-basics-nouns-pronouns-and-articles\">1. Podstawy: rzeczowniki, zaimki i rodzajniki<\/h3>\n\n\n\n<p>Podobnie jak w j\u0119zyku angielskim, <a href=\"https:\/\/talkpal.ai\/portuguese-grammar\/\">gramatyka portugalska<\/a> opiera si\u0119 na rzeczownikach, zaimkach i rodzajnikach. Rzeczowniki w j\u0119zyku portugalskim mog\u0105 by\u0107 rodzaju m\u0119skiego lub \u017ce\u0144skiego, a ustalenie rodzaju jest wa\u017cne dla prawid\u0142owego tworzenia zda\u0144. Na przyk\u0142ad &#8222;o menino&#8221; t\u0142umaczy si\u0119 jako &#8222;ch\u0142opiec&#8221;, a &#8222;a menina&#8221; jako &#8222;dziewczyna&#8221;.<\/p>\n\n\n\n<p>Zaimki w j\u0119zyku portugalskim, podobnie jak <a href=\"https:\/\/talkpal.ai\/learn-english-with-ai\/\">angielski<\/a>, dzia\u0142aj\u0105 jako substytuty rzeczownik\u00f3w. Oni te\u017c maj\u0105 p\u0142e\u0107. Zaimki osobowe obejmuj\u0105 eu (ja), voc\u00ea\/tu (ty), ele\/ela (on\/ona), n\u00f3s (my) i eles\/elas (oni).<\/p>\n\n\n\n<p>Rodzajniki okre\u015blone (the) i nieokre\u015blone (a\/an) s\u0105 r\u00f3wnie\u017c specyficzne dla p\u0142ci i s\u0105 niezb\u0119dne do prawid\u0142owej konstrukcji zda\u0144. W j\u0119zyku portugalskim przedimki okre\u015blone to &#8222;o&#8221; (rodzaj m\u0119ski) i &#8222;a&#8221; (rodzaj \u017ce\u0144ski), a przedimki nieokre\u015blone to &#8222;um&#8221; (rodzaj m\u0119ski) i &#8222;uma&#8221; (rodzaj \u017ce\u0144ski).<\/p>\n\n\n\n<h3 class=\"wp-block-heading\" id=\"h-2-adjectives-and-adverbs-add-spice-to-your-sentences\">2. Przymiotniki i przys\u0142\u00f3wki: dodaj pikanterii swoim zdaniom<\/h3>\n\n\n\n<p>Przymiotniki to s\u0142owa, kt\u00f3re opisuj\u0105 lub modyfikuj\u0105 rzeczowniki i podobnie jak rzeczowniki maj\u0105 rodzaje. Zazwyczaj przymiotniki zako\u0144czone na &#8222;o&#8221; s\u0105 rodzaju m\u0119skiego, podczas gdy te zako\u0144czone na &#8222;a&#8221; s\u0105 rodzaju \u017ce\u0144skiego. Wa\u017cne jest, aby dopasowa\u0107 p\u0142e\u0107 przymiotnika do rzeczownika, kt\u00f3ry opisuje. Na przyk\u0142ad, &#8222;homem alto&#8221; t\u0142umaczy si\u0119 jako &#8222;wysoki m\u0119\u017cczyzna&#8221;, podczas gdy &#8222;mulher alta&#8221; oznacza &#8222;wysok\u0105 kobiet\u0119&#8221;.<\/p>\n\n\n\n<p>Z drugiej strony przys\u0142\u00f3wki modyfikuj\u0105 czasowniki, przymiotniki lub inne przys\u0142\u00f3wki. W j\u0119zyku portugalskim przys\u0142\u00f3wki zazwyczaj nie maj\u0105 form zale\u017cnych od p\u0142ci. Niekt\u00f3re popularne przys\u0142\u00f3wki to &#8222;rapidamente&#8221; (szybko), &#8222;lentamente&#8221; (powoli) i &#8222;sempre&#8221; (zawsze).<\/p>\n\n\n\n<h3 class=\"wp-block-heading\" id=\"h-3-verbs-the-action-words\">3. Czasowniki: s\u0142owa czynno\u015bci<\/h3>\n\n\n\n<p>Czasowniki portugalskie dziel\u0105 si\u0119 na trzy grupy koniugacyjne (-ar, -er, -ir), a ich formy zmieniaj\u0105 si\u0119 w zale\u017cno\u015bci od czasu i podmiotu. Oto kilka podstawowych czas\u00f3w, kt\u00f3re musisz zna\u0107:<\/p>\n\n\n\n<p>&#8211; Czas tera\u017aniejszy (<a href=\"https:\/\/talkpal.ai\/zh-hans\/grammar_exercises\/presente-%e8%a5%bf%e7%8f%ad%e7%89%99%e8%af%ad%e6%b3%95%e7%bb%83%e4%b9%a0\/\">Presente<\/a>): Opisuje dzia\u0142ania maj\u0105ce miejsce teraz lub dzia\u0142ania nawykowe.<br\/>&#8211; Czas przesz\u0142y (Pret\u00e9rito): Opisuje czynno\u015bci, kt\u00f3re mia\u0142y miejsce w przesz\u0142o\u015bci. Istniej\u0105 dwa typy: <a href=\"https:\/\/talkpal.ai\/grammar\/preterite-perfect-in-portuguese-grammar\/\">Pret\u00e9rito Perfeito<\/a> (czas przesz\u0142y prosty) i <a href=\"https:\/\/talkpal.ai\/grammar\/preterito-imperfeito-in-portuguese-grammar\/\">Pret\u00e9rito Imperfeito<\/a> (czas przesz\u0142y ci\u0105g\u0142y).<br\/>&#8211; Czas przysz\u0142y (<a href=\"https:\/\/talkpal.ai\/ja\/grammar_exercises\/futuro-%e3%82%b9%e3%83%9a%e3%82%a4%e3%83%b3%e8%aa%9e%e3%81%ae%e6%96%87%e6%b3%95%e3%81%ae%e6%bc%94%e7%bf%92\/\">Futuro<\/a>): Opisuje czynno\u015bci, kt\u00f3re wydarz\u0105 si\u0119 w przysz\u0142o\u015bci.<\/p>\n\n\n\n<p>Opanowanie koniugacji czasownik\u00f3w mo\u017ce by\u0107 wyzwaniem w j\u0119zyku portugalskim, ale praktyka i konsekwencja pomog\u0105 Ci skuteczniej go zrozumie\u0107.<\/p>\n\n\n\n<h3 class=\"wp-block-heading\" id=\"h-4-word-order-building-understandable-sentences\">4. Szyk s\u0142\u00f3w: budowanie zrozumia\u0142ych zda\u0144<\/h3>\n\n\n\n<p>Typowa portugalska struktura zdania jest zgodna z kolejno\u015bci\u0105 podmiot-orzeczenie-dope\u0142nienie (SVO). Na przyk\u0142ad zdanie &#8222;Eu amo pizza&#8221; (&#8222;Uwielbiam pizz\u0119&#8221;) jest zgodne z tym wzorem. Jednak gramatyka portugalska mo\u017ce by\u0107 do\u015b\u0107 elastyczna i mo\u017cesz napotka\u0107 r\u00f3\u017cnice w kolejno\u015bci s\u0142\u00f3w, zw\u0142aszcza w literaturze lub nieformalnych rozmowach. Kontekst i zdrowy rozs\u0105dek s\u0105 kluczowe dla zrozumienia tych r\u00f3\u017cnic.<\/p>\n\n\n\n<h3 class=\"wp-block-heading\" id=\"h-5-negation-and-interrogation-say-no-and-ask-questions\">5. Negacja i przes\u0142uchanie: m\u00f3w &#8222;nie&#8221; i zadawaj pytania<\/h3>\n\n\n\n<p>Aby zanegowa\u0107 zdanie w j\u0119zyku portugalskim, wystarczy umie\u015bci\u0107 s\u0142owo &#8222;n\u00e3o&#8221; przed czasownikiem. Na przyk\u0142ad &#8222;Eu n\u00e3o falo portugu\u00eas&#8221; oznacza &#8222;Nie m\u00f3wi\u0119 po portugalsku&#8221;.<\/p>\n\n\n\n<p>Aby przekszta\u0142ci\u0107 stwierdzenie w pytanie w j\u0119zyku portugalskim, mo\u017cna zmieni\u0107 szyk wyraz\u00f3w lub u\u017cy\u0107 s\u0142owa pytaj\u0105cego (np. &#8222;quem&#8221; dla &#8222;kto&#8221;, &#8222;o que&#8221; dla &#8222;co&#8221; lub &#8222;onde&#8221; dla &#8222;gdzie&#8221;). Na przyk\u0142ad &#8222;Voc\u00ea fala ingl\u00eas?&#8221; t\u0142umaczy si\u0119 jako &#8222;Czy m\u00f3wisz po angielsku?&#8221;.<\/p>\n\n\n\n<h3 class=\"wp-block-heading\" id=\"h-conclusion\">Wnioski<\/h3>\n\n\n\n<p>Nauka portugalskiej gramatyki mo\u017ce wydawa\u0107 si\u0119 zniech\u0119caj\u0105ca, ale nie zniech\u0119caj si\u0119! Ka\u017cdy j\u0119zyk ma swoje zawi\u0142o\u015bci, ale konsekwencja, praktyka i odrobina cierpliwo\u015bci sprawi\u0105, \u017ce b\u0119dziesz komunikowa\u0107 si\u0119 pewnie i skutecznie. Pami\u0119taj, \u017ce nauka gramatyki to tylko jedna cz\u0119\u015b\u0107 przyswajania j\u0119zyka, a tak\u017ce powiniene\u015b \u0107wiczy\u0107 s\u0142uchanie, m\u00f3wienie i czytanie w j\u0119zyku portugalskim. Boa sorte! (Powodzenia!)<\/p>\n<\/div><\/div>\n\r\n<section class=\"learnNavigationSection\">\r\n            \r\n        <a href=\"https:\/\/talkpal.ai\/pl\/ucz-sie-portugalskiego\/\">\r\n            <div class=\"learnNavigationWrapper\">\r\n                <div class=\"learnNavigationContent\">\r\n                    <img decoding=\"async\" src=\"https:\/\/talkpal.ai\/wp-content\/uploads\/2024\/08\/Portuguese.jpg\" alt=\"Portuguese Flag\">\r\n                    <div>\r\n                        <h4>Informacje o Portugal Learning<\/h4>\r\n                        <p>Dowiedz si\u0119 wszystkiego o gramatyce portugalskiej.<\/p>\r\n                    <\/div>\r\n                <\/div>\r\n            <\/div>\r\n        <\/a>\r\n\r\n        \r\n        <a href=\"https:\/\/talkpal.ai\/pl\/cwiczenia-gramatyczne-z-jezyka-portugalskiego\/\">\r\n            <div class=\"learnNavigationWrapper\">\r\n                <div class=\"learnNavigationContent\">\r\n                    <img decoding=\"async\" src=\"https:\/\/talkpal.ai\/wp-content\/uploads\/2024\/08\/Portuguese.jpg\" alt=\"Portuguese Flag\">\r\n                    <div>\r\n                        <h4>\u0106wiczenia z gramatyki portugalskiej<\/h4>\r\n                        <p>\u0106wicz gramatyk\u0119 portugalsk\u0105.<\/p>\r\n                    <\/div>\r\n                <\/div>\r\n            <\/div>\r\n        <\/a>\r\n\r\n        \r\n        <a href=\"https:\/\/talkpal.ai\/vocabulary_language\/portuguese\/\">\r\n            <div class=\"learnNavigationWrapper\">\r\n                <div class=\"learnNavigationContent\">\r\n                    <img decoding=\"async\" src=\"https:\/\/talkpal.ai\/wp-content\/uploads\/2024\/08\/Portuguese.jpg\" alt=\"Portuguese Flag\">\r\n                    <div>\r\n                        <h4>S\u0142ownictwo portugalskie<\/h4>\r\n                        <p>Poszerz swoje portugalskie s\u0142ownictwo.<\/p>\r\n                    <\/div>\r\n                <\/div>\r\n            <\/div>\r\n        <\/a>\r\n\r\n            <\/section>","protected":false},"excerpt":{"rendered":"<p>Przewodnik dla pocz\u0105tkuj\u0105cych po gramatyce portugalskiej Niezale\u017cnie od tego, czy planujesz podr\u00f3\u017c do Portugalii, czy po prostu chcesz opanowa\u0107 nowy j\u0119zyk, nauka portugalskiego mo\u017ce by\u0107 ekscytuj\u0105cym i satysfakcjonuj\u0105cym do\u015bwiadczeniem. Jednym z istotnych aspekt\u00f3w nauki j\u0119zyka portugalskiego, jak ka\u017cdego innego, jest zrozumienie jego gramatyki. Ten artyku\u0142 poprowadzi Ci\u0119 przez podstawy gramatyki portugalskiej, dostarczaj\u0105c niezb\u0119dnych wskaz\u00f3wek i [&hellip;]<\/p>\n","protected":false},"author":1,"featured_media":107802,"parent":0,"menu_order":0,"comment_status":"closed","ping_status":"closed","template":"LearningContentPage.php","meta":{"_acf_changed":false,"footnotes":""},"class_list":["post-129987","page","type-page","status-publish","has-post-thumbnail","hentry"],"acf":[],"yoast_head":"<!-- This site is optimized with the Yoast SEO Premium plugin v27.2 (Yoast SEO v27.2) - https:\/\/yoast.com\/product\/yoast-seo-premium-wordpress\/ -->\n<title>Gramatyka portugalska - Talkpal<\/title>\n<meta name=\"description\" content=\"Opanuj gramatyk\u0119 portugalsk\u0105 dzi\u0119ki interaktywnym \u0107wiczeniom zaprojektowanym dla wszystkich poziom\u00f3w umiej\u0119tno\u015bci. Zwi\u0119ksz swoj\u0105 bieg\u0142o\u015b\u0107 j\u0119zykow\u0105!\" \/>\n<meta name=\"robots\" content=\"index, follow, max-snippet:-1, max-image-preview:large, max-video-preview:-1\" \/>\n<link rel=\"canonical\" href=\"https:\/\/talkpal.ai\/pl\/gramatyka-portugalska\/\" \/>\n<meta property=\"og:locale\" content=\"pl_PL\" \/>\n<meta property=\"og:type\" content=\"article\" \/>\n<meta property=\"og:title\" content=\"Gramatyka portugalska\" \/>\n<meta property=\"og:description\" content=\"Przewodnik dla pocz\u0105tkuj\u0105cych po gramatyce portugalskiej Niezale\u017cnie od tego, czy planujesz podr\u00f3\u017c do Portugalii, czy po prostu chcesz opanowa\u0107 nowy\" \/>\n<meta property=\"og:url\" content=\"https:\/\/talkpal.ai\/pl\/gramatyka-portugalska\/\" \/>\n<meta property=\"og:site_name\" content=\"Talkpal\" \/>\n<meta property=\"article:publisher\" content=\"https:\/\/www.facebook.com\/profile.php?id=100090733639311\" \/>\n<meta property=\"article:modified_time\" content=\"2025-12-11T16:46:52+00:00\" \/>\n<meta property=\"og:image\" content=\"https:\/\/talkpal.ai\/wp-content\/uploads\/2023\/04\/portugal.png\" \/>\n\t<meta property=\"og:image:width\" content=\"512\" \/>\n\t<meta property=\"og:image:height\" content=\"512\" \/>\n\t<meta property=\"og:image:type\" content=\"image\/png\" \/>\n<meta name=\"twitter:card\" content=\"summary_large_image\" \/>\n<meta name=\"twitter:site\" content=\"@talkpalai\" \/>\n<meta name=\"twitter:label1\" content=\"Szacowany czas czytania\" \/>\n\t<meta name=\"twitter:data1\" content=\"4 minuty\" \/>\n<script type=\"application\/ld+json\" class=\"yoast-schema-graph\">{\"@context\":\"https:\/\/schema.org\",\"@graph\":[{\"@type\":\"WebPage\",\"@id\":\"https:\/\/talkpal.ai\/pl\/gramatyka-portugalska\/\",\"url\":\"https:\/\/talkpal.ai\/pl\/gramatyka-portugalska\/\",\"name\":\"Gramatyka portugalska - Talkpal\",\"isPartOf\":{\"@id\":\"https:\/\/talkpal.ai\/pl\/#website\"},\"primaryImageOfPage\":{\"@id\":\"https:\/\/talkpal.ai\/pl\/gramatyka-portugalska\/#primaryimage\"},\"image\":{\"@id\":\"https:\/\/talkpal.ai\/pl\/gramatyka-portugalska\/#primaryimage\"},\"thumbnailUrl\":\"https:\/\/talkpal.ai\/wp-content\/uploads\/2023\/04\/portugal.png\",\"datePublished\":\"2023-05-14T13:51:46+00:00\",\"dateModified\":\"2025-12-11T16:46:52+00:00\",\"description\":\"Opanuj gramatyk\u0119 portugalsk\u0105 dzi\u0119ki interaktywnym \u0107wiczeniom zaprojektowanym dla wszystkich poziom\u00f3w umiej\u0119tno\u015bci. Zwi\u0119ksz swoj\u0105 bieg\u0142o\u015b\u0107 j\u0119zykow\u0105!\",\"breadcrumb\":{\"@id\":\"https:\/\/talkpal.ai\/pl\/gramatyka-portugalska\/#breadcrumb\"},\"inLanguage\":\"pl-PL\",\"potentialAction\":[{\"@type\":\"ReadAction\",\"target\":[\"https:\/\/talkpal.ai\/pl\/gramatyka-portugalska\/\"]}]},{\"@type\":\"ImageObject\",\"inLanguage\":\"pl-PL\",\"@id\":\"https:\/\/talkpal.ai\/pl\/gramatyka-portugalska\/#primaryimage\",\"url\":\"https:\/\/talkpal.ai\/wp-content\/uploads\/2023\/04\/portugal.png\",\"contentUrl\":\"https:\/\/talkpal.ai\/wp-content\/uploads\/2023\/04\/portugal.png\",\"width\":512,\"height\":512},{\"@type\":\"BreadcrumbList\",\"@id\":\"https:\/\/talkpal.ai\/pl\/gramatyka-portugalska\/#breadcrumb\",\"itemListElement\":[{\"@type\":\"ListItem\",\"position\":1,\"name\":\"Homepage\",\"item\":\"https:\/\/talkpal.ai\/pl\/\"},{\"@type\":\"ListItem\",\"position\":2,\"name\":\"Gramatyka portugalska\"}]},{\"@type\":\"WebSite\",\"@id\":\"https:\/\/talkpal.ai\/pl\/#website\",\"url\":\"https:\/\/talkpal.ai\/pl\/\",\"name\":\"Talkpal\",\"description\":\"AI Language Learning\",\"publisher\":{\"@id\":\"https:\/\/talkpal.ai\/pl\/#organization\"},\"alternateName\":\"Talkpal AI\",\"potentialAction\":[{\"@type\":\"SearchAction\",\"target\":{\"@type\":\"EntryPoint\",\"urlTemplate\":\"https:\/\/talkpal.ai\/pl\/?s={search_term_string}\"},\"query-input\":{\"@type\":\"PropertyValueSpecification\",\"valueRequired\":true,\"valueName\":\"search_term_string\"}}],\"inLanguage\":\"pl-PL\"},{\"@type\":\"Organization\",\"@id\":\"https:\/\/talkpal.ai\/pl\/#organization\",\"name\":\"Talkpal, Inc.\",\"alternateName\":\"Talkpal AI\",\"url\":\"https:\/\/talkpal.ai\/pl\/\",\"logo\":{\"@type\":\"ImageObject\",\"inLanguage\":\"pl-PL\",\"@id\":\"https:\/\/talkpal.ai\/pl\/#\/schema\/logo\/image\/\",\"url\":\"https:\/\/talkpal.ai\/wp-content\/uploads\/2024\/03\/Talkpal-Logo-Icon.png\",\"contentUrl\":\"https:\/\/talkpal.ai\/wp-content\/uploads\/2024\/03\/Talkpal-Logo-Icon.png\",\"width\":2880,\"height\":2880,\"caption\":\"Talkpal, Inc.\"},\"image\":{\"@id\":\"https:\/\/talkpal.ai\/pl\/#\/schema\/logo\/image\/\"},\"sameAs\":[\"https:\/\/www.facebook.com\/profile.php?id=100090733639311\",\"https:\/\/x.com\/talkpalai\",\"https:\/\/www.linkedin.com\/company\/talkpal\/\",\"https:\/\/www.youtube.com\/@TalkPal\/\",\"https:\/\/www.tiktok.com\/@talkpal\",\"https:\/\/www.instagram.com\/talkpal_ai\/\",\"https:\/\/www.crunchbase.com\/organization\/talkpal-9cde\",\"https:\/\/www.g2.com\/products\/talkpal-for-business\/\",\"https:\/\/www.trustpilot.com\/review\/talkpal.ai\",\"https:\/\/www.capterra.com\/p\/10006800\/TalkPal\/\"],\"description\":\"Talkpal is a language learning web and mobile education app, powered by the latest AI technologies, that provides engaging experiences to its customers in many different languages to help them improve their language skills. Users can chat about unlimited amount of topics with the app and use other modes to practice their language learning.\",\"email\":\"support@talkpal.ai\",\"legalName\":\"Talkpal, Inc.\",\"foundingDate\":\"2023-04-03\",\"duns\":\"118989042\",\"numberOfEmployees\":{\"@type\":\"QuantitativeValue\",\"minValue\":\"11\",\"maxValue\":\"50\"},\"publishingPrinciples\":\"https:\/\/talkpal.ai\/publishing-principles\/\",\"actionableFeedbackPolicy\":\"https:\/\/talkpal.ai\/actionable-feedback-policy\/\",\"correctionsPolicy\":\"https:\/\/talkpal.ai\/corrections-policy\/\",\"ethicsPolicy\":\"https:\/\/talkpal.ai\/ethics-policy\/\",\"diversityPolicy\":\"https:\/\/talkpal.ai\/diversity-policy\/\",\"diversityStaffingReport\":\"https:\/\/talkpal.ai\/diversity-policy\/\"}]}<\/script>\n<!-- \/ Yoast SEO Premium plugin. -->","yoast_head_json":{"title":"Gramatyka portugalska - Talkpal","description":"Opanuj gramatyk\u0119 portugalsk\u0105 dzi\u0119ki interaktywnym \u0107wiczeniom zaprojektowanym dla wszystkich poziom\u00f3w umiej\u0119tno\u015bci. Zwi\u0119ksz swoj\u0105 bieg\u0142o\u015b\u0107 j\u0119zykow\u0105!","robots":{"index":"index","follow":"follow","max-snippet":"max-snippet:-1","max-image-preview":"max-image-preview:large","max-video-preview":"max-video-preview:-1"},"canonical":"https:\/\/talkpal.ai\/pl\/gramatyka-portugalska\/","og_locale":"pl_PL","og_type":"article","og_title":"Gramatyka portugalska","og_description":"Przewodnik dla pocz\u0105tkuj\u0105cych po gramatyce portugalskiej Niezale\u017cnie od tego, czy planujesz podr\u00f3\u017c do Portugalii, czy po prostu chcesz opanowa\u0107 nowy","og_url":"https:\/\/talkpal.ai\/pl\/gramatyka-portugalska\/","og_site_name":"Talkpal","article_publisher":"https:\/\/www.facebook.com\/profile.php?id=100090733639311","article_modified_time":"2025-12-11T16:46:52+00:00","og_image":[{"width":512,"height":512,"url":"https:\/\/talkpal.ai\/wp-content\/uploads\/2023\/04\/portugal.png","type":"image\/png"}],"twitter_card":"summary_large_image","twitter_site":"@talkpalai","twitter_misc":{"Szacowany czas czytania":"4 minuty"},"schema":{"@context":"https:\/\/schema.org","@graph":[{"@type":"WebPage","@id":"https:\/\/talkpal.ai\/pl\/gramatyka-portugalska\/","url":"https:\/\/talkpal.ai\/pl\/gramatyka-portugalska\/","name":"Gramatyka portugalska - Talkpal","isPartOf":{"@id":"https:\/\/talkpal.ai\/pl\/#website"},"primaryImageOfPage":{"@id":"https:\/\/talkpal.ai\/pl\/gramatyka-portugalska\/#primaryimage"},"image":{"@id":"https:\/\/talkpal.ai\/pl\/gramatyka-portugalska\/#primaryimage"},"thumbnailUrl":"https:\/\/talkpal.ai\/wp-content\/uploads\/2023\/04\/portugal.png","datePublished":"2023-05-14T13:51:46+00:00","dateModified":"2025-12-11T16:46:52+00:00","description":"Opanuj gramatyk\u0119 portugalsk\u0105 dzi\u0119ki interaktywnym \u0107wiczeniom zaprojektowanym dla wszystkich poziom\u00f3w umiej\u0119tno\u015bci. Zwi\u0119ksz swoj\u0105 bieg\u0142o\u015b\u0107 j\u0119zykow\u0105!","breadcrumb":{"@id":"https:\/\/talkpal.ai\/pl\/gramatyka-portugalska\/#breadcrumb"},"inLanguage":"pl-PL","potentialAction":[{"@type":"ReadAction","target":["https:\/\/talkpal.ai\/pl\/gramatyka-portugalska\/"]}]},{"@type":"ImageObject","inLanguage":"pl-PL","@id":"https:\/\/talkpal.ai\/pl\/gramatyka-portugalska\/#primaryimage","url":"https:\/\/talkpal.ai\/wp-content\/uploads\/2023\/04\/portugal.png","contentUrl":"https:\/\/talkpal.ai\/wp-content\/uploads\/2023\/04\/portugal.png","width":512,"height":512},{"@type":"BreadcrumbList","@id":"https:\/\/talkpal.ai\/pl\/gramatyka-portugalska\/#breadcrumb","itemListElement":[{"@type":"ListItem","position":1,"name":"Homepage","item":"https:\/\/talkpal.ai\/pl\/"},{"@type":"ListItem","position":2,"name":"Gramatyka portugalska"}]},{"@type":"WebSite","@id":"https:\/\/talkpal.ai\/pl\/#website","url":"https:\/\/talkpal.ai\/pl\/","name":"Talkpal","description":"AI Language Learning","publisher":{"@id":"https:\/\/talkpal.ai\/pl\/#organization"},"alternateName":"Talkpal AI","potentialAction":[{"@type":"SearchAction","target":{"@type":"EntryPoint","urlTemplate":"https:\/\/talkpal.ai\/pl\/?s={search_term_string}"},"query-input":{"@type":"PropertyValueSpecification","valueRequired":true,"valueName":"search_term_string"}}],"inLanguage":"pl-PL"},{"@type":"Organization","@id":"https:\/\/talkpal.ai\/pl\/#organization","name":"Talkpal, Inc.","alternateName":"Talkpal AI","url":"https:\/\/talkpal.ai\/pl\/","logo":{"@type":"ImageObject","inLanguage":"pl-PL","@id":"https:\/\/talkpal.ai\/pl\/#\/schema\/logo\/image\/","url":"https:\/\/talkpal.ai\/wp-content\/uploads\/2024\/03\/Talkpal-Logo-Icon.png","contentUrl":"https:\/\/talkpal.ai\/wp-content\/uploads\/2024\/03\/Talkpal-Logo-Icon.png","width":2880,"height":2880,"caption":"Talkpal, Inc."},"image":{"@id":"https:\/\/talkpal.ai\/pl\/#\/schema\/logo\/image\/"},"sameAs":["https:\/\/www.facebook.com\/profile.php?id=100090733639311","https:\/\/x.com\/talkpalai","https:\/\/www.linkedin.com\/company\/talkpal\/","https:\/\/www.youtube.com\/@TalkPal\/","https:\/\/www.tiktok.com\/@talkpal","https:\/\/www.instagram.com\/talkpal_ai\/","https:\/\/www.crunchbase.com\/organization\/talkpal-9cde","https:\/\/www.g2.com\/products\/talkpal-for-business\/","https:\/\/www.trustpilot.com\/review\/talkpal.ai","https:\/\/www.capterra.com\/p\/10006800\/TalkPal\/"],"description":"Talkpal is a language learning web and mobile education app, powered by the latest AI technologies, that provides engaging experiences to its customers in many different languages to help them improve their language skills. Users can chat about unlimited amount of topics with the app and use other modes to practice their language learning.","email":"support@talkpal.ai","legalName":"Talkpal, Inc.","foundingDate":"2023-04-03","duns":"118989042","numberOfEmployees":{"@type":"QuantitativeValue","minValue":"11","maxValue":"50"},"publishingPrinciples":"https:\/\/talkpal.ai\/publishing-principles\/","actionableFeedbackPolicy":"https:\/\/talkpal.ai\/actionable-feedback-policy\/","correctionsPolicy":"https:\/\/talkpal.ai\/corrections-policy\/","ethicsPolicy":"https:\/\/talkpal.ai\/ethics-policy\/","diversityPolicy":"https:\/\/talkpal.ai\/diversity-policy\/","diversityStaffingReport":"https:\/\/talkpal.ai\/diversity-policy\/"}]}},"_links":{"self":[{"href":"https:\/\/talkpal.ai\/pl\/wp-json\/wp\/v2\/pages\/129987","targetHints":{"allow":["GET"]}}],"collection":[{"href":"https:\/\/talkpal.ai\/pl\/wp-json\/wp\/v2\/pages"}],"about":[{"href":"https:\/\/talkpal.ai\/pl\/wp-json\/wp\/v2\/types\/page"}],"author":[{"embeddable":true,"href":"https:\/\/talkpal.ai\/pl\/wp-json\/wp\/v2\/users\/1"}],"replies":[{"embeddable":true,"href":"https:\/\/talkpal.ai\/pl\/wp-json\/wp\/v2\/comments?post=129987"}],"version-history":[{"count":0,"href":"https:\/\/talkpal.ai\/pl\/wp-json\/wp\/v2\/pages\/129987\/revisions"}],"wp:featuredmedia":[{"embeddable":true,"href":"https:\/\/talkpal.ai\/pl\/wp-json\/wp\/v2\/media\/107802"}],"wp:attachment":[{"href":"https:\/\/talkpal.ai\/pl\/wp-json\/wp\/v2\/media?parent=129987"}],"curies":[{"name":"wp","href":"https:\/\/api.w.org\/{rel}","templated":true}]}}