{"id":129785,"date":"2023-05-14T13:51:09","date_gmt":"2023-05-14T13:51:09","guid":{"rendered":"http:\/\/talkpal.ai\/gramatyka-japonska\/"},"modified":"2025-12-11T16:43:34","modified_gmt":"2025-12-11T16:43:34","slug":"gramatyka-japonska","status":"publish","type":"page","link":"https:\/\/talkpal.ai\/pl\/gramatyka-japonska\/","title":{"rendered":"Gramatyka japo\u0144ska"},"content":{"rendered":"\r\n\r\n\r\n<section class=\"languageChallengeSection\">\r\n    <div class=\"languageInfoWrapper\">\r\n        \r\n        <h1>Gramatyka japo\u0144ska<\/h1>\r\n        <p>Zwi\u0119ksz swoje umiej\u0119tno\u015bci j\u0119zykowe, opanowuj\u0105c podstawowe zagadnienia gramatyczne dzi\u0119ki jasnym wyja\u015bnieniom i przyk\u0142adom. Rozpocznij swoj\u0105 podr\u00f3\u017c do p\u0142ynno\u015bci &#8211; zanurz si\u0119 w japo\u0144skiej gramatyce ju\u017c dzi\u015b!<\/p>\r\n\r\n                            <a class=\"getStartedHidden\" href=\"https:\/\/app.talkpal.ai\/pl\/signup?lng=\">Zaczynaj<\/a>\r\n        \r\n    <\/div>\r\n\r\n    <figure>\r\n    <img decoding=\"async\" width=\"768\" height=\"768\" src=\"https:\/\/talkpal.ai\/wp-content\/uploads\/2023\/06\/japanese-768x768.png\" class=\"languageImage no-lazy\" alt=\"Language learning for world travelers\" fetchpriority=\"high\" sizes=\"(max-width: 768px) 150px, 768px\" srcset=\"https:\/\/talkpal.ai\/wp-content\/uploads\/2023\/06\/japanese-768x768.png 768w, https:\/\/talkpal.ai\/wp-content\/uploads\/2023\/06\/japanese-300x300.png 300w\" \/>\r\n    \r\n\r\n    <\/figure>\r\n\r\n            <a class=\"getStartedVisible\" href=\"https:\/\/app.talkpal.ai\/pl\/signup?lng=\">Zaczynaj<\/a>\r\n    \r\n<\/section>\r\n<section class=\"promotionalBanner\">\r\n    <p class=\"promotionalText\">Najbardziej efektywny spos\u00f3b nauki j\u0119zyka<\/p>\r\n    <a class=\"promotionalLink\" href=\"https:\/\/app.talkpal.ai\/pl\/signup?lng=\">Wypr\u00f3buj Talkpal za darmo<\/a>\r\n<\/section>\n<div class=\"wp-block-group pageContainerStyle\"><div class=\"wp-block-group__inner-container is-layout-constrained wp-block-group-is-layout-constrained\">\n<h2 class=\"wp-block-heading\" id=\"h-mastering-the-intricacies-of-japanese-grammar\">Opanowanie zawi\u0142o\u015bci gramatyki japo\u0144skiej<\/h2>\n\n\n\n<p>Entuzja\u015bci lingwistyki cz\u0119sto uwa\u017caj\u0105 <a href=\"https:\/\/talkpal.ai\/learn-japanese\/\">japo\u0144ski<\/a> za fascynuj\u0105cy i wymagaj\u0105cy j\u0119zyk do nauki, g\u0142\u00f3wnie ze wzgl\u0119du na unikalny system gramatyczny. Mimo to zrozumienie gramatyki japo\u0144skiej mo\u017ce znacznie poprawi\u0107 Twoje umiej\u0119tno\u015bci komunikacyjne i zrozumienie kultury. W tym artykule om\u00f3wimy kilka podstawowych aspekt\u00f3w gramatyki japo\u0144skiej, kt\u00f3re pomog\u0105 Ci w nauce j\u0119zyka. Zapnij wi\u0119c pasy i zag\u0142\u0119bmy si\u0119 w urzekaj\u0105cy \u015bwiat japo\u0144skiej gramatyki.<\/p>\n\n\n\n<h3 class=\"wp-block-heading\" id=\"h-1-sentence-structure-sov\">1. Struktura zdania: SOV<\/h3>\n\n\n\n<p>W przeciwie\u0144stwie do j\u0119zyka angielskiego (Subject &#8211; Verb &#8211; Object lub SVO), j\u0119zyk japo\u0144ski posiada struktur\u0119 zda\u0144 Subject &#8211; Object &#8211; Verb (SOV). Oznacza to, \u017ce czasownik zazwyczaj pojawia si\u0119 na ko\u0144cu zdania. Opanowanie tego unikalnego szyku wyraz\u00f3w jest niezb\u0119dne do tworzenia zrozumia\u0142ych zda\u0144 w j\u0119zyku japo\u0144skim.<\/p>\n\n\n\n<p>Przyk\u0142ad:  <\/p>\n\n\n\n<p>&#8211; \u308f\u305f\u3057\u306f\u308a\u3093\u3054\u3092\u305f\u3079\u307e\u3059\u3002 (Jem jab\u0142ko)<\/p>\n\n\n\n<p>&#8211; Watashi wa ringo o tabemasu. (dos\u0142. Ja jab\u0142ko jem)<\/p>\n\n\n\n<h3 class=\"wp-block-heading\" id=\"h-2-particles-the-sentence-connectors\">2. Partyku\u0142y: \u0142\u0105czniki zda\u0144<\/h3>\n\n\n\n<p>Cz\u0105stki odgrywaj\u0105 kluczow\u0105 rol\u0119 w japo\u0144skiej gramatyce, oznaczaj\u0105c funkcj\u0119 s\u0142owa w zdaniu. Niekt\u00f3re popularne cz\u0105stki to \u306f (wa), \u3092 (o), \u304c (ga), \u3067 (de) i \u306b (ni). Zrozumienie, jak dzia\u0142aj\u0105 te cz\u0105stki, sprawi, \u017ce rozszyfrowywanie i konstruowanie japo\u0144skich zda\u0144 stanie si\u0119 znacznie \u0142atwiejsze.<\/p>\n\n\n\n<h3 class=\"wp-block-heading\" id=\"h-3-verbs-an-introduction-to-conjugation\">3. Czasowniki: wprowadzenie do koniugacji<\/h3>\n\n\n\n<p>Japo\u0144skie czasowniki dziel\u0105 si\u0119 na trzy g\u0142\u00f3wne grupy, identyfikowane przez ko\u0144c\u00f3wk\u0119 formy podstawowej. Te grupy s\u0105 brane pod uwag\u0119 przy koniugacji czasu, uprzejmo\u015bci i nastroju. Dobr\u0105 wiadomo\u015bci\u0105 jest to, \u017ce czasowniki japo\u0144skie nie zmieniaj\u0105 si\u0119 w zale\u017cno\u015bci od tematu, co czyni je mniej z\u0142o\u017conymi ni\u017c te w niekt\u00f3rych innych j\u0119zykach.<\/p>\n\n\n\n<p>&#8211; Grupa 1: Czasowniki U<\/p>\n\n\n\n<p>&#8211; Grupa 2: Ru-czasowniki<\/p>\n\n\n\n<p>&#8211; Grupa 3: Czasowniki nieregularne (tylko dwa czasowniki &#8211; \u3059\u308b (suru) i \u6765\u308b (kuru))<\/p>\n\n\n\n<h3 class=\"wp-block-heading\" id=\"h-4-politeness-levels\">4. Poziomy grzeczno\u015bci<\/h3>\n\n\n\n<p>Japo\u0144ski jest j\u0119zykiem bogatym w zwroty grzeczno\u015bciowe, a jego <a href=\"https:\/\/talkpal.ai\/grammar\/\">gramatyka<\/a> to odzwierciedla. Istniej\u0105 trzy podstawowe poziomy grzeczno\u015bci: swobodny, uprzejmy i honorowy. Rozpoznanie i w\u0142a\u015bciwe wykorzystanie ich jest niezb\u0119dne do naturalnej i pe\u0142nej szacunku komunikacji.<\/p>\n\n\n\n<p>&#8211; Przypadkowe: zwyk\u0142e formy czasownik\u00f3w (np. \u98df\u3079\u308b &#8211; taberu &#8211; je\u015b\u0107)<\/p>\n\n\n\n<p>&#8211; Grzeczny: \u307e\u3059 (masu) koniugacja (np. \u98df\u3079\u307e\u3059 &#8211; tabemasu &#8211; je\u015b\u0107 (grzecznie))<\/p>\n\n\n\n<p>&#8211; Honorific: specjalne koniugacje i przedrostki (np. \u304a\u53ec\u3057\u4e0a\u304c\u308a\u306b\u306a\u308b &#8211; omeshiagari ni naru &#8211; je\u015b\u0107 (honorific))<\/p>\n\n\n\n<h3 class=\"wp-block-heading\" id=\"h-5-japanese-adjectives\">5. Japo\u0144skie przymiotniki<\/h3>\n\n\n\n<p>Japo\u0144skie przymiotniki wyst\u0119puj\u0105 w dw\u00f3ch rodzajach: i-przymiotniki i na-przymiotniki. Oba typy maj\u0105 unikalne zasady koniugacji i inaczej wchodz\u0105 w interakcje z rzeczownikami. Opanowanie u\u017cycia tych dw\u00f3ch rodzaj\u00f3w przymiotnik\u00f3w ma kluczowe znaczenie dla skutecznej komunikacji w j\u0119zyku japo\u0144skim.<\/p>\n\n\n\n<h3 class=\"wp-block-heading\" id=\"h-6-engaging-with-the-language\">6. Anga\u017cowanie si\u0119 w j\u0119zyk<\/h3>\n\n\n\n<p>Jednym z najskuteczniejszych sposob\u00f3w nauki gramatyki japo\u0144skiej jest konsekwentne anga\u017cowanie si\u0119 w j\u0119zyk. Od ogl\u0105dania japo\u0144skich film\u00f3w i anime po udzia\u0142 w rozmowach z native speakerami, zanurzenie si\u0119 w j\u0119zyku pomo\u017ce utrwali\u0107 poj\u0119cia gramatyczne i poszerzy\u0107 s\u0142ownictwo.<\/p>\n\n\n\n<h3 class=\"wp-block-heading\" id=\"h-conclusion\">Wnioski<\/h3>\n\n\n\n<p>Japo\u0144ska gramatyka mo\u017ce pocz\u0105tkowo wydawa\u0107 si\u0119 przyt\u0142aczaj\u0105ca, ale po\u015bwi\u0119cenie i czas pozwol\u0105 ci z \u0142atwo\u015bci\u0105 porusza\u0107 si\u0119 w jej zawi\u0142o\u015bciach. Kluczem jest zachowanie ciekawo\u015bci i regularna praktyka. <a href=\"https:\/\/talkpal.ai\/culture\/how-do-you-say-good-luck-in-polish\/\">Powodzenia<\/a> w nauce gramatyki japo\u0144skiej i ciesz si\u0119 j\u0119zykow\u0105 przygod\u0105!<\/p>\n<\/div><\/div>\n\r\n<section class=\"learnNavigationSection\">\r\n            \r\n        <a href=\"https:\/\/talkpal.ai\/pl\/naucz-sie-japonskiego\/\">\r\n            <div class=\"learnNavigationWrapper\">\r\n                <div class=\"learnNavigationContent\">\r\n                    <img decoding=\"async\" src=\"https:\/\/talkpal.ai\/wp-content\/uploads\/2024\/08\/Japanese.jpg\" alt=\"Japanese Flag\">\r\n                    <div>\r\n                        <h4>O nauce japo\u0144skiego<\/h4>\r\n                        <p>Dowiedz si\u0119 wszystkiego o gramatyce japo\u0144skiej.<\/p>\r\n                    <\/div>\r\n                <\/div>\r\n            <\/div>\r\n        <\/a>\r\n\r\n        \r\n        <a href=\"https:\/\/talkpal.ai\/pl\/cwiczenia-z-gramatyki-japonskiej\/\">\r\n            <div class=\"learnNavigationWrapper\">\r\n                <div class=\"learnNavigationContent\">\r\n                    <img decoding=\"async\" src=\"https:\/\/talkpal.ai\/wp-content\/uploads\/2024\/08\/Japanese.jpg\" alt=\"Japanese Flag\">\r\n                    <div>\r\n                        <h4>\u0106wiczenie gramatyki japo\u0144skiej<\/h4>\r\n                        <p>\u0106wicz gramatyk\u0119 japo\u0144sk\u0105.<\/p>\r\n                    <\/div>\r\n                <\/div>\r\n            <\/div>\r\n        <\/a>\r\n\r\n        \r\n        <a href=\"https:\/\/talkpal.ai\/vocabulary_language\/japanese\/\">\r\n            <div class=\"learnNavigationWrapper\">\r\n                <div class=\"learnNavigationContent\">\r\n                    <img decoding=\"async\" src=\"https:\/\/talkpal.ai\/wp-content\/uploads\/2024\/08\/Japanese.jpg\" alt=\"Japanese Flag\">\r\n                    <div>\r\n                        <h4>S\u0142ownictwo japo\u0144skie<\/h4>\r\n                        <p>Poszerz swoje japo\u0144skie s\u0142ownictwo.<\/p>\r\n                    <\/div>\r\n                <\/div>\r\n            <\/div>\r\n        <\/a>\r\n\r\n            <\/section>","protected":false},"excerpt":{"rendered":"<p>Opanowanie zawi\u0142o\u015bci gramatyki japo\u0144skiej Entuzja\u015bci lingwistyki cz\u0119sto uwa\u017caj\u0105 japo\u0144ski za fascynuj\u0105cy i wymagaj\u0105cy j\u0119zyk do nauki, g\u0142\u00f3wnie ze wzgl\u0119du na unikalny system gramatyczny. Mimo to zrozumienie gramatyki japo\u0144skiej mo\u017ce znacznie poprawi\u0107 Twoje umiej\u0119tno\u015bci komunikacyjne i zrozumienie kultury. W tym artykule om\u00f3wimy kilka podstawowych aspekt\u00f3w gramatyki japo\u0144skiej, kt\u00f3re pomog\u0105 Ci w nauce j\u0119zyka. Zapnij wi\u0119c pasy [&hellip;]<\/p>\n","protected":false},"author":1,"featured_media":107260,"parent":0,"menu_order":0,"comment_status":"closed","ping_status":"closed","template":"LearningContentPage.php","meta":{"_acf_changed":false,"footnotes":""},"class_list":["post-129785","page","type-page","status-publish","has-post-thumbnail","hentry"],"acf":[],"yoast_head":"<!-- This site is optimized with the Yoast SEO Premium plugin v27.2 (Yoast SEO v27.2) - https:\/\/yoast.com\/product\/yoast-seo-premium-wordpress\/ -->\n<title>Gramatyka japo\u0144ska - Talkpal<\/title>\n<meta name=\"description\" content=\"Opanuj gramatyk\u0119 japo\u0144sk\u0105 dzi\u0119ki naszej aplikacji do nauki j\u0119zyka AI. \u0141atwo popraw swoje umiej\u0119tno\u015bci j\u0119zykowe dzi\u0119ki Talkpaldzi\u0119ki wsparciu sztucznej inteligencji.\" \/>\n<meta name=\"robots\" content=\"index, follow, max-snippet:-1, max-image-preview:large, max-video-preview:-1\" \/>\n<link rel=\"canonical\" href=\"https:\/\/talkpal.ai\/pl\/gramatyka-japonska\/\" \/>\n<meta property=\"og:locale\" content=\"pl_PL\" \/>\n<meta property=\"og:type\" content=\"article\" \/>\n<meta property=\"og:title\" content=\"Gramatyka japo\u0144ska\" \/>\n<meta property=\"og:description\" content=\"Opanowanie zawi\u0142o\u015bci gramatyki japo\u0144skiej Entuzja\u015bci lingwistyki cz\u0119sto uwa\u017caj\u0105 japo\u0144ski za fascynuj\u0105cy i wymagaj\u0105cy j\u0119zyk do nauki, g\u0142\u00f3wnie ze wzgl\u0119du na\" \/>\n<meta property=\"og:url\" content=\"https:\/\/talkpal.ai\/pl\/gramatyka-japonska\/\" \/>\n<meta property=\"og:site_name\" content=\"Talkpal\" \/>\n<meta property=\"article:publisher\" content=\"https:\/\/www.facebook.com\/profile.php?id=100090733639311\" \/>\n<meta property=\"article:modified_time\" content=\"2025-12-11T16:43:34+00:00\" \/>\n<meta property=\"og:image\" content=\"https:\/\/talkpal.ai\/wp-content\/uploads\/2023\/04\/japan.png\" \/>\n\t<meta property=\"og:image:width\" content=\"512\" \/>\n\t<meta property=\"og:image:height\" content=\"512\" \/>\n\t<meta property=\"og:image:type\" content=\"image\/png\" \/>\n<meta name=\"twitter:card\" content=\"summary_large_image\" \/>\n<meta name=\"twitter:site\" content=\"@talkpalai\" \/>\n<meta name=\"twitter:label1\" content=\"Szacowany czas czytania\" \/>\n\t<meta name=\"twitter:data1\" content=\"3 minuty\" \/>\n<script type=\"application\/ld+json\" class=\"yoast-schema-graph\">{\"@context\":\"https:\/\/schema.org\",\"@graph\":[{\"@type\":\"WebPage\",\"@id\":\"https:\/\/talkpal.ai\/pl\/gramatyka-japonska\/\",\"url\":\"https:\/\/talkpal.ai\/pl\/gramatyka-japonska\/\",\"name\":\"Gramatyka japo\u0144ska - Talkpal\",\"isPartOf\":{\"@id\":\"https:\/\/talkpal.ai\/pl\/#website\"},\"primaryImageOfPage\":{\"@id\":\"https:\/\/talkpal.ai\/pl\/gramatyka-japonska\/#primaryimage\"},\"image\":{\"@id\":\"https:\/\/talkpal.ai\/pl\/gramatyka-japonska\/#primaryimage\"},\"thumbnailUrl\":\"https:\/\/talkpal.ai\/wp-content\/uploads\/2023\/04\/japan.png\",\"datePublished\":\"2023-05-14T13:51:09+00:00\",\"dateModified\":\"2025-12-11T16:43:34+00:00\",\"description\":\"Opanuj gramatyk\u0119 japo\u0144sk\u0105 dzi\u0119ki naszej aplikacji do nauki j\u0119zyka AI. \u0141atwo popraw swoje umiej\u0119tno\u015bci j\u0119zykowe dzi\u0119ki Talkpaldzi\u0119ki wsparciu sztucznej inteligencji.\",\"breadcrumb\":{\"@id\":\"https:\/\/talkpal.ai\/pl\/gramatyka-japonska\/#breadcrumb\"},\"inLanguage\":\"pl-PL\",\"potentialAction\":[{\"@type\":\"ReadAction\",\"target\":[\"https:\/\/talkpal.ai\/pl\/gramatyka-japonska\/\"]}]},{\"@type\":\"ImageObject\",\"inLanguage\":\"pl-PL\",\"@id\":\"https:\/\/talkpal.ai\/pl\/gramatyka-japonska\/#primaryimage\",\"url\":\"https:\/\/talkpal.ai\/wp-content\/uploads\/2023\/04\/japan.png\",\"contentUrl\":\"https:\/\/talkpal.ai\/wp-content\/uploads\/2023\/04\/japan.png\",\"width\":512,\"height\":512},{\"@type\":\"BreadcrumbList\",\"@id\":\"https:\/\/talkpal.ai\/pl\/gramatyka-japonska\/#breadcrumb\",\"itemListElement\":[{\"@type\":\"ListItem\",\"position\":1,\"name\":\"Homepage\",\"item\":\"https:\/\/talkpal.ai\/pl\/\"},{\"@type\":\"ListItem\",\"position\":2,\"name\":\"Gramatyka japo\u0144ska\"}]},{\"@type\":\"WebSite\",\"@id\":\"https:\/\/talkpal.ai\/pl\/#website\",\"url\":\"https:\/\/talkpal.ai\/pl\/\",\"name\":\"Talkpal\",\"description\":\"AI Language Learning\",\"publisher\":{\"@id\":\"https:\/\/talkpal.ai\/pl\/#organization\"},\"alternateName\":\"Talkpal AI\",\"potentialAction\":[{\"@type\":\"SearchAction\",\"target\":{\"@type\":\"EntryPoint\",\"urlTemplate\":\"https:\/\/talkpal.ai\/pl\/?s={search_term_string}\"},\"query-input\":{\"@type\":\"PropertyValueSpecification\",\"valueRequired\":true,\"valueName\":\"search_term_string\"}}],\"inLanguage\":\"pl-PL\"},{\"@type\":\"Organization\",\"@id\":\"https:\/\/talkpal.ai\/pl\/#organization\",\"name\":\"Talkpal, Inc.\",\"alternateName\":\"Talkpal AI\",\"url\":\"https:\/\/talkpal.ai\/pl\/\",\"logo\":{\"@type\":\"ImageObject\",\"inLanguage\":\"pl-PL\",\"@id\":\"https:\/\/talkpal.ai\/pl\/#\/schema\/logo\/image\/\",\"url\":\"https:\/\/talkpal.ai\/wp-content\/uploads\/2024\/03\/Talkpal-Logo-Icon.png\",\"contentUrl\":\"https:\/\/talkpal.ai\/wp-content\/uploads\/2024\/03\/Talkpal-Logo-Icon.png\",\"width\":2880,\"height\":2880,\"caption\":\"Talkpal, Inc.\"},\"image\":{\"@id\":\"https:\/\/talkpal.ai\/pl\/#\/schema\/logo\/image\/\"},\"sameAs\":[\"https:\/\/www.facebook.com\/profile.php?id=100090733639311\",\"https:\/\/x.com\/talkpalai\",\"https:\/\/www.linkedin.com\/company\/talkpal\/\",\"https:\/\/www.youtube.com\/@TalkPal\/\",\"https:\/\/www.tiktok.com\/@talkpal\",\"https:\/\/www.instagram.com\/talkpal_ai\/\",\"https:\/\/www.crunchbase.com\/organization\/talkpal-9cde\",\"https:\/\/www.g2.com\/products\/talkpal-for-business\/\",\"https:\/\/www.trustpilot.com\/review\/talkpal.ai\",\"https:\/\/www.capterra.com\/p\/10006800\/TalkPal\/\"],\"description\":\"Talkpal is a language learning web and mobile education app, powered by the latest AI technologies, that provides engaging experiences to its customers in many different languages to help them improve their language skills. Users can chat about unlimited amount of topics with the app and use other modes to practice their language learning.\",\"email\":\"support@talkpal.ai\",\"legalName\":\"Talkpal, Inc.\",\"foundingDate\":\"2023-04-03\",\"duns\":\"118989042\",\"numberOfEmployees\":{\"@type\":\"QuantitativeValue\",\"minValue\":\"11\",\"maxValue\":\"50\"},\"publishingPrinciples\":\"https:\/\/talkpal.ai\/publishing-principles\/\",\"actionableFeedbackPolicy\":\"https:\/\/talkpal.ai\/actionable-feedback-policy\/\",\"correctionsPolicy\":\"https:\/\/talkpal.ai\/corrections-policy\/\",\"ethicsPolicy\":\"https:\/\/talkpal.ai\/ethics-policy\/\",\"diversityPolicy\":\"https:\/\/talkpal.ai\/diversity-policy\/\",\"diversityStaffingReport\":\"https:\/\/talkpal.ai\/diversity-policy\/\"}]}<\/script>\n<!-- \/ Yoast SEO Premium plugin. -->","yoast_head_json":{"title":"Gramatyka japo\u0144ska - Talkpal","description":"Opanuj gramatyk\u0119 japo\u0144sk\u0105 dzi\u0119ki naszej aplikacji do nauki j\u0119zyka AI. \u0141atwo popraw swoje umiej\u0119tno\u015bci j\u0119zykowe dzi\u0119ki Talkpaldzi\u0119ki wsparciu sztucznej inteligencji.","robots":{"index":"index","follow":"follow","max-snippet":"max-snippet:-1","max-image-preview":"max-image-preview:large","max-video-preview":"max-video-preview:-1"},"canonical":"https:\/\/talkpal.ai\/pl\/gramatyka-japonska\/","og_locale":"pl_PL","og_type":"article","og_title":"Gramatyka japo\u0144ska","og_description":"Opanowanie zawi\u0142o\u015bci gramatyki japo\u0144skiej Entuzja\u015bci lingwistyki cz\u0119sto uwa\u017caj\u0105 japo\u0144ski za fascynuj\u0105cy i wymagaj\u0105cy j\u0119zyk do nauki, g\u0142\u00f3wnie ze wzgl\u0119du na","og_url":"https:\/\/talkpal.ai\/pl\/gramatyka-japonska\/","og_site_name":"Talkpal","article_publisher":"https:\/\/www.facebook.com\/profile.php?id=100090733639311","article_modified_time":"2025-12-11T16:43:34+00:00","og_image":[{"width":512,"height":512,"url":"https:\/\/talkpal.ai\/wp-content\/uploads\/2023\/04\/japan.png","type":"image\/png"}],"twitter_card":"summary_large_image","twitter_site":"@talkpalai","twitter_misc":{"Szacowany czas czytania":"3 minuty"},"schema":{"@context":"https:\/\/schema.org","@graph":[{"@type":"WebPage","@id":"https:\/\/talkpal.ai\/pl\/gramatyka-japonska\/","url":"https:\/\/talkpal.ai\/pl\/gramatyka-japonska\/","name":"Gramatyka japo\u0144ska - Talkpal","isPartOf":{"@id":"https:\/\/talkpal.ai\/pl\/#website"},"primaryImageOfPage":{"@id":"https:\/\/talkpal.ai\/pl\/gramatyka-japonska\/#primaryimage"},"image":{"@id":"https:\/\/talkpal.ai\/pl\/gramatyka-japonska\/#primaryimage"},"thumbnailUrl":"https:\/\/talkpal.ai\/wp-content\/uploads\/2023\/04\/japan.png","datePublished":"2023-05-14T13:51:09+00:00","dateModified":"2025-12-11T16:43:34+00:00","description":"Opanuj gramatyk\u0119 japo\u0144sk\u0105 dzi\u0119ki naszej aplikacji do nauki j\u0119zyka AI. \u0141atwo popraw swoje umiej\u0119tno\u015bci j\u0119zykowe dzi\u0119ki Talkpaldzi\u0119ki wsparciu sztucznej inteligencji.","breadcrumb":{"@id":"https:\/\/talkpal.ai\/pl\/gramatyka-japonska\/#breadcrumb"},"inLanguage":"pl-PL","potentialAction":[{"@type":"ReadAction","target":["https:\/\/talkpal.ai\/pl\/gramatyka-japonska\/"]}]},{"@type":"ImageObject","inLanguage":"pl-PL","@id":"https:\/\/talkpal.ai\/pl\/gramatyka-japonska\/#primaryimage","url":"https:\/\/talkpal.ai\/wp-content\/uploads\/2023\/04\/japan.png","contentUrl":"https:\/\/talkpal.ai\/wp-content\/uploads\/2023\/04\/japan.png","width":512,"height":512},{"@type":"BreadcrumbList","@id":"https:\/\/talkpal.ai\/pl\/gramatyka-japonska\/#breadcrumb","itemListElement":[{"@type":"ListItem","position":1,"name":"Homepage","item":"https:\/\/talkpal.ai\/pl\/"},{"@type":"ListItem","position":2,"name":"Gramatyka japo\u0144ska"}]},{"@type":"WebSite","@id":"https:\/\/talkpal.ai\/pl\/#website","url":"https:\/\/talkpal.ai\/pl\/","name":"Talkpal","description":"AI Language Learning","publisher":{"@id":"https:\/\/talkpal.ai\/pl\/#organization"},"alternateName":"Talkpal AI","potentialAction":[{"@type":"SearchAction","target":{"@type":"EntryPoint","urlTemplate":"https:\/\/talkpal.ai\/pl\/?s={search_term_string}"},"query-input":{"@type":"PropertyValueSpecification","valueRequired":true,"valueName":"search_term_string"}}],"inLanguage":"pl-PL"},{"@type":"Organization","@id":"https:\/\/talkpal.ai\/pl\/#organization","name":"Talkpal, Inc.","alternateName":"Talkpal AI","url":"https:\/\/talkpal.ai\/pl\/","logo":{"@type":"ImageObject","inLanguage":"pl-PL","@id":"https:\/\/talkpal.ai\/pl\/#\/schema\/logo\/image\/","url":"https:\/\/talkpal.ai\/wp-content\/uploads\/2024\/03\/Talkpal-Logo-Icon.png","contentUrl":"https:\/\/talkpal.ai\/wp-content\/uploads\/2024\/03\/Talkpal-Logo-Icon.png","width":2880,"height":2880,"caption":"Talkpal, Inc."},"image":{"@id":"https:\/\/talkpal.ai\/pl\/#\/schema\/logo\/image\/"},"sameAs":["https:\/\/www.facebook.com\/profile.php?id=100090733639311","https:\/\/x.com\/talkpalai","https:\/\/www.linkedin.com\/company\/talkpal\/","https:\/\/www.youtube.com\/@TalkPal\/","https:\/\/www.tiktok.com\/@talkpal","https:\/\/www.instagram.com\/talkpal_ai\/","https:\/\/www.crunchbase.com\/organization\/talkpal-9cde","https:\/\/www.g2.com\/products\/talkpal-for-business\/","https:\/\/www.trustpilot.com\/review\/talkpal.ai","https:\/\/www.capterra.com\/p\/10006800\/TalkPal\/"],"description":"Talkpal is a language learning web and mobile education app, powered by the latest AI technologies, that provides engaging experiences to its customers in many different languages to help them improve their language skills. Users can chat about unlimited amount of topics with the app and use other modes to practice their language learning.","email":"support@talkpal.ai","legalName":"Talkpal, Inc.","foundingDate":"2023-04-03","duns":"118989042","numberOfEmployees":{"@type":"QuantitativeValue","minValue":"11","maxValue":"50"},"publishingPrinciples":"https:\/\/talkpal.ai\/publishing-principles\/","actionableFeedbackPolicy":"https:\/\/talkpal.ai\/actionable-feedback-policy\/","correctionsPolicy":"https:\/\/talkpal.ai\/corrections-policy\/","ethicsPolicy":"https:\/\/talkpal.ai\/ethics-policy\/","diversityPolicy":"https:\/\/talkpal.ai\/diversity-policy\/","diversityStaffingReport":"https:\/\/talkpal.ai\/diversity-policy\/"}]}},"_links":{"self":[{"href":"https:\/\/talkpal.ai\/pl\/wp-json\/wp\/v2\/pages\/129785","targetHints":{"allow":["GET"]}}],"collection":[{"href":"https:\/\/talkpal.ai\/pl\/wp-json\/wp\/v2\/pages"}],"about":[{"href":"https:\/\/talkpal.ai\/pl\/wp-json\/wp\/v2\/types\/page"}],"author":[{"embeddable":true,"href":"https:\/\/talkpal.ai\/pl\/wp-json\/wp\/v2\/users\/1"}],"replies":[{"embeddable":true,"href":"https:\/\/talkpal.ai\/pl\/wp-json\/wp\/v2\/comments?post=129785"}],"version-history":[{"count":0,"href":"https:\/\/talkpal.ai\/pl\/wp-json\/wp\/v2\/pages\/129785\/revisions"}],"wp:featuredmedia":[{"embeddable":true,"href":"https:\/\/talkpal.ai\/pl\/wp-json\/wp\/v2\/media\/107260"}],"wp:attachment":[{"href":"https:\/\/talkpal.ai\/pl\/wp-json\/wp\/v2\/media?parent=129785"}],"curies":[{"name":"wp","href":"https:\/\/api.w.org\/{rel}","templated":true}]}}