{"id":129556,"date":"2023-05-14T13:50:44","date_gmt":"2023-05-14T13:50:44","guid":{"rendered":"http:\/\/talkpal.ai\/gramatyka-hindi\/"},"modified":"2025-12-13T14:59:48","modified_gmt":"2025-12-13T14:59:48","slug":"gramatyka-hindi","status":"publish","type":"page","link":"https:\/\/talkpal.ai\/pl\/gramatyka-hindi\/","title":{"rendered":"Gramatyka hindi"},"content":{"rendered":"\r\n\r\n\r\n<section class=\"languageChallengeSection\">\r\n    <div class=\"languageInfoWrapper\">\r\n        \r\n        <h1>Gramatyka hindi<\/h1>\r\n        <p>Gotowy do nauki <a href=\"https:\/\/talkpal.ai\/learn-hindi\/\">hindi<\/a>? Zanurz si\u0119 w gramatyce hindi, w kt\u00f3rej rzeczowniki rodzaju, struktura zda\u0144 podmiot-przedmiot-czasownik i ekspresywne koniugacje czasownik\u00f3w o\u017cywiaj\u0105 j\u0119zyk. Rozpocznij swoj\u0105 przygod\u0119 z j\u0119zykiem hindi ju\u017c dzi\u015b &#8211; opanowanie gramatyki pozwoli ci komunikowa\u0107 si\u0119 z pewno\u015bci\u0105 siebie i nawi\u0105za\u0107 kontakt z t\u0119tni\u0105c\u0105 \u017cyciem kultur\u0105 i tradycjami Indii!<\/p>\r\n\r\n                            <a class=\"getStartedHidden\" href=\"https:\/\/app.talkpal.ai\/pl\/signup?lng=\">Zaczynaj<\/a>\r\n        \r\n    <\/div>\r\n\r\n    <figure>\r\n    <img decoding=\"async\" width=\"768\" height=\"768\" src=\"https:\/\/talkpal.ai\/wp-content\/uploads\/2023\/06\/hindi-768x768.png\" class=\"languageImage no-lazy\" alt=\"Language learning for mental agility\" fetchpriority=\"high\" sizes=\"(max-width: 768px) 150px, 768px\" srcset=\"https:\/\/talkpal.ai\/wp-content\/uploads\/2023\/06\/hindi-768x768.png 768w, https:\/\/talkpal.ai\/wp-content\/uploads\/2023\/06\/hindi-300x300.png 300w\" \/>\r\n    \r\n\r\n    <\/figure>\r\n\r\n            <a class=\"getStartedVisible\" href=\"https:\/\/app.talkpal.ai\/pl\/signup?lng=\">Zaczynaj<\/a>\r\n    \r\n<\/section>\r\n<section class=\"promotionalBanner\">\r\n    <p class=\"promotionalText\">Najbardziej efektywny spos\u00f3b nauki j\u0119zyka<\/p>\r\n    <a class=\"promotionalLink\" href=\"https:\/\/app.talkpal.ai\/pl\/signup?lng=\">Wypr\u00f3buj Talkpal za darmo<\/a>\r\n<\/section>\n<div class=\"wp-block-group pageContainerStyle\"><div class=\"wp-block-group__inner-container is-layout-constrained wp-block-group-is-layout-constrained\">\n<h2 class=\"wp-block-heading\" id=\"h-mastering-hindi-grammar-your-ultimate-guide\">Opanowanie gramatyki hindi: Tw\u00f3j ostateczny przewodnik<\/h2>\n\n\n\n<p>Namaste, mi\u0142o\u015bnicy j\u0119zyk\u00f3w! Czy jeste\u015b gotowy, aby odkry\u0107 \u015bwiat gramatyki hindi? Trafi\u0142e\u015b we w\u0142a\u015bciwe miejsce. Ten artyku\u0142, wype\u0142niony \u0142atwymi do zrozumienia informacjami i konwersacyjnym tonem, poprowadzi Ci\u0119 przez fascynuj\u0105c\u0105 dziedzin\u0119 gramatyki hindi. Wkr\u00f3tce b\u0119dziesz w stanie konstruowa\u0107 zdania i prowadzi\u0107 sensowne rozmowy z rodzimymi u\u017cytkownikami j\u0119zyka. Zanurzmy si\u0119 wi\u0119c od razu!<\/p>\n\n\n\n<p><strong>Ale najpierw, dlaczego gramatyka hindi?<\/strong><\/p>\n\n\n\n<p>Je\u015bli uczysz si\u0119 j\u0119zyka hindi, solidne podstawy gramatyki s\u0105 kluczowe dla p\u0142ynnego m\u00f3wienia, czytania i pisania. Chocia\u017c <a href=\"https:\/\/talkpal.ai\/hindi-grammar\/\">gramatyka hindi<\/a> mo\u017ce pocz\u0105tkowo wydawa\u0107 si\u0119 skomplikowana, staje si\u0119 bardziej przyst\u0119pna, gdy zostanie podzielona na mniejsze, \u0142atwe do opanowania segmenty. Ten artyku\u0142 b\u0119dzie idealnym miejscem do rozpocz\u0119cia podr\u00f3\u017cy w kierunku opanowania gramatyki hindi!<\/p>\n\n\n\n<h3 class=\"wp-block-heading\" id=\"h-1-nouns-gender-and-cases\">1. Rzeczowniki, rodzaj i przypadki<\/h3>\n\n\n\n<p>Rzeczowniki hindi wyst\u0119puj\u0105 w dw\u00f3ch rodzajach: m\u0119skim i \u017ce\u0144skim. Wa\u017cne jest, aby okre\u015bli\u0107 p\u0142e\u0107 rzeczownik\u00f3w, poniewa\u017c ma to wp\u0142yw na inne cz\u0119\u015bci mowy, takie jak przymiotniki i czasowniki.  <\/p>\n\n\n\n<p>Prosta zasada: je\u015bli rzeczownik ko\u0144czy si\u0119 na \u201e-aa\u201d (\u201e\u0906\u201d), jest zazwyczaj rodzaju m\u0119skiego, podczas gdy rzeczownik ko\u0144cz\u0105cy si\u0119 na \u201e-ii\u201d (\u201e\u0908\u201d) jest zazwyczaj rodzaju \u017ce\u0144skiego. Ale pami\u0119taj &#8211; jak zawsze, istniej\u0105 wyj\u0105tki!  <\/p>\n\n\n\n<p>Rzeczowniki hindi przybieraj\u0105 r\u00f3\u017cne formy w zale\u017cno\u015bci od ich roli w zdaniu (podmiot, dope\u0142nienie, dzier\u017cawczy itp.). Formularze te nazywane s\u0105 obserwacjami. Podstawowe przypadki w j\u0119zyku hindi s\u0105 bezpo\u015brednie (\u201e\u0906\u092e \u0915\u094d\u0930\u092e\u201d), uko\u015bne (\u201e\u0909\u092a \u0935\u093f\u0932\u094b\u092e\u201d) i wo\u0142acz (\u201e\u0938\u0902\u092c\u094b\u0927\u0928\u201d).<\/p>\n\n\n\n<h3 class=\"wp-block-heading\" id=\"h-2-pronouns-and-agreement\">2. Zaimki i umowa<\/h3>\n\n\n\n<p>Zaimki hindi (ja, ty, on, ona itp.) zmieniaj\u0105 si\u0119 w zale\u017cno\u015bci od p\u0142ci i hierarchii. Na przyk\u0142ad: \u092e\u0948\u0902 (main &#8211; ja), \u0924\u0941\u092e (tum &#8211; ty, nieformalne), \u0906\u092a (aap &#8211; ty, formalne), \u0935\u0939 (vah &#8211; on\/ona), \u0939\u092e (hum &#8211; my) i \u0935\u0947 (ve &#8211; oni).  <\/p>\n\n\n\n<p>Wa\u017cne jest, aby by\u0107 \u015bwiadomym hierarchii podczas u\u017cywania zaimk\u00f3w. Na przyk\u0142ad, podczas gdy \u201e\u0924\u0941\u092e\u201d mo\u017ce by\u0107 odpowiednie w\u015br\u00f3d przyjaci\u00f3\u0142, u\u017cycie \u201e\u0906\u092a\u201d pokazuje szacunek, gdy zwracamy si\u0119 do starszych lub nieznajomych.<\/p>\n\n\n\n<h3 class=\"wp-block-heading\" id=\"h-3-verbs-tense-and-conjugation\">3. Czasowniki, czasy i koniugacja<\/h3>\n\n\n\n<p>Czasowniki stanowi\u0105 podstaw\u0119 gramatyki hindi, a ich zrozumienie jest niezb\u0119dne do konstruowania zda\u0144. Czasowniki hindi s\u0105 og\u00f3lnie podzielone na przechodnie (\u201e\u0938\u0915\u0930\u094d\u092e\u0915\u201d) i nieprzechodnie (\u201e\u0905\u0915\u0930\u094d\u092e\u0915\u201d), z r\u00f3\u017cnymi zasadami koniugacji dla ka\u017cdego z nich.  <\/p>\n\n\n\n<p>Aby da\u0107 ci szybki przegl\u0105d, om\u00f3wmy koniugacj\u0119 czasu tera\u017aniejszego czasownik\u00f3w regularnych:<\/p>\n\n\n\n<p>&#8211; \u092e\u0948\u0902 \u092a\u0922\u093c\u0924\u093e \u0939\u0942\u0901 (main padhta hoon &#8211; czytam, rodzaj m\u0119ski)<\/p>\n\n\n\n<p>&#8211; \u092e\u0948\u0902 \u092a\u0922\u093c\u0924\u0940 \u0939\u0942\u0901 (main padhti hoon &#8211; czytam, rodzaj \u017ce\u0144ski)<\/p>\n\n\n\n<p>&#8211; \u0924\u0941\u092e \u092a\u0922\u093c\u0924\u0947 \u0939\u094b (tum padhte ho &#8211; czytasz, nieformalne, m\u0119skie)<\/p>\n\n\n\n<p>&#8211; \u0924\u0941\u092e \u092a\u0922\u093c\u0924\u0940 \u0939\u094b (tum padhti ho &#8211; czytasz, nieformalne, \u017ce\u0144skie)<\/p>\n\n\n\n<p>Pami\u0119taj, \u017ce to dopiero pocz\u0105tek! Jest wiele czas\u00f3w i czasownik\u00f3w nieregularnych do opanowania, ale ka\u017cdy <a href=\"https:\/\/talkpal.ai\/talkpal-new-years-discount\/\">nowy<\/a> krok przybli\u017ca Ci\u0119 do p\u0142ynno\u015bci.<\/p>\n\n\n\n<h3 class=\"wp-block-heading\" id=\"h-4-adjectives-adverbs-and-more\">4. Przymiotniki, przys\u0142\u00f3wki i nie tylko!<\/h3>\n\n\n\n<p><a href=\"https:\/\/talkpal.ai\/grammar\/\">Gramatyka<\/a> hindi obejmuje inne sk\u0142adniki, takie jak przymiotniki (kt\u00f3re musz\u0105 zgadza\u0107 si\u0119 z rzeczownikami w rodzaju i liczbie), przys\u0142\u00f3wki, przyimki i wyra\u017cenia idiomatyczne. Ka\u017cdy element jest kluczem do osi\u0105gni\u0119cia bieg\u0142o\u015bci w j\u0119zyku hindi, wi\u0119c zajmij si\u0119 nimi krok po kroku.<\/p>\n\n\n\n<p>Podsumowuj\u0105c, nie ma drogi na skr\u00f3ty do opanowania gramatyki j\u0119zyka hindi. Wymaga wytrwa\u0142o\u015bci, praktyki i cierpliwo\u015bci. Jednak gdy ju\u017c go zrozumiesz, b\u0119dziesz w stanie doceni\u0107 niuanse konwersacji w hindi, odkrywaj\u0105c bogat\u0105 kultur\u0119 i histori\u0119 oraz pog\u0142\u0119biaj\u0105c swoj\u0105 mi\u0142o\u015b\u0107 do tego j\u0119zyka. \u0936\u0941\u092d\u0915\u093e\u092e\u0928\u093e\u090f\u0901 (shubhkaamnaayein &#8211; najlepsze \u017cyczenia)!<\/p>\n<\/div><\/div>\n\r\n<section class=\"learnNavigationSection\">\r\n            \r\n        <a href=\"https:\/\/talkpal.ai\/pl\/naucz-sie-hindi\/\">\r\n            <div class=\"learnNavigationWrapper\">\r\n                <div class=\"learnNavigationContent\">\r\n                    <img decoding=\"async\" src=\"https:\/\/talkpal.ai\/wp-content\/uploads\/2024\/08\/Hindi.jpg\" alt=\"Indian Flag\">\r\n                    <div>\r\n                        <h4>O nauce j\u0119zyka hindi<\/h4>\r\n                        <p>Dowiedz si\u0119 wszystkiego o gramatyce hindi.<\/p>\r\n                    <\/div>\r\n                <\/div>\r\n            <\/div>\r\n        <\/a>\r\n\r\n        \r\n        <a href=\"https:\/\/talkpal.ai\/pl\/cwiczenia-gramatyczne-hindi\/\">\r\n            <div class=\"learnNavigationWrapper\">\r\n                <div class=\"learnNavigationContent\">\r\n                    <img decoding=\"async\" src=\"https:\/\/talkpal.ai\/wp-content\/uploads\/2024\/08\/Hindi.jpg\" alt=\"Indian Flag\">\r\n                    <div>\r\n                        <h4>\u0106wiczenie gramatyczne w j\u0119zyku hindi<\/h4>\r\n                        <p>\u0106wicz gramatyk\u0119 hindi.<\/p>\r\n                    <\/div>\r\n                <\/div>\r\n            <\/div>\r\n        <\/a>\r\n\r\n        \r\n        <a href=\"https:\/\/talkpal.ai\/vocabulary_language\/hindi\/\">\r\n            <div class=\"learnNavigationWrapper\">\r\n                <div class=\"learnNavigationContent\">\r\n                    <img decoding=\"async\" src=\"https:\/\/talkpal.ai\/wp-content\/uploads\/2024\/08\/Hindi.jpg\" alt=\"Indian Flag\">\r\n                    <div>\r\n                        <h4>S\u0142ownictwo hindi<\/h4>\r\n                        <p>Poszerz swoje s\u0142ownictwo w j\u0119zyku hindi.<\/p>\r\n                    <\/div>\r\n                <\/div>\r\n            <\/div>\r\n        <\/a>\r\n\r\n            <\/section>","protected":false},"excerpt":{"rendered":"<p>Opanowanie gramatyki hindi: Tw\u00f3j ostateczny przewodnik Namaste, mi\u0142o\u015bnicy j\u0119zyk\u00f3w! Czy jeste\u015b gotowy, aby odkry\u0107 \u015bwiat gramatyki hindi? Trafi\u0142e\u015b we w\u0142a\u015bciwe miejsce. Ten artyku\u0142, wype\u0142niony \u0142atwymi do zrozumienia informacjami i konwersacyjnym tonem, poprowadzi Ci\u0119 przez fascynuj\u0105c\u0105 dziedzin\u0119 gramatyki hindi. Wkr\u00f3tce b\u0119dziesz w stanie konstruowa\u0107 zdania i prowadzi\u0107 sensowne rozmowy z rodzimymi u\u017cytkownikami j\u0119zyka. Zanurzmy si\u0119 wi\u0119c [&hellip;]<\/p>\n","protected":false},"author":1,"featured_media":188224,"parent":0,"menu_order":0,"comment_status":"closed","ping_status":"closed","template":"LearningContentPage.php","meta":{"_acf_changed":false,"footnotes":""},"class_list":["post-129556","page","type-page","status-publish","has-post-thumbnail","hentry"],"acf":[],"yoast_head":"<!-- This site is optimized with the Yoast SEO Premium plugin v27.2 (Yoast SEO v27.2) - https:\/\/yoast.com\/product\/yoast-seo-premium-wordpress\/ -->\n<title>Gramatyka hindi - Talkpal<\/title>\n<meta name=\"description\" content=\"Opanuj gramatyk\u0119 j\u0119zyka hindi - poznaj jasne zasady, formuj poprawne zdania i m\u00f3w lepiej dzi\u0119ki \u0142atwym wskaz\u00f3wkom od Talkpal AI.\" \/>\n<meta name=\"robots\" content=\"index, follow, max-snippet:-1, max-image-preview:large, max-video-preview:-1\" \/>\n<link rel=\"canonical\" href=\"https:\/\/talkpal.ai\/pl\/gramatyka-hindi\/\" \/>\n<meta property=\"og:locale\" content=\"pl_PL\" \/>\n<meta property=\"og:type\" content=\"article\" \/>\n<meta property=\"og:title\" content=\"Gramatyka hindi\" \/>\n<meta property=\"og:description\" content=\"Opanowanie gramatyki hindi: Tw\u00f3j ostateczny przewodnik Namaste, mi\u0142o\u015bnicy j\u0119zyk\u00f3w! Czy jeste\u015b gotowy, aby odkry\u0107 \u015bwiat gramatyki hindi? Trafi\u0142e\u015b we\" \/>\n<meta property=\"og:url\" content=\"https:\/\/talkpal.ai\/pl\/gramatyka-hindi\/\" \/>\n<meta property=\"og:site_name\" content=\"Talkpal\" \/>\n<meta property=\"article:publisher\" content=\"https:\/\/www.facebook.com\/profile.php?id=100090733639311\" \/>\n<meta property=\"article:modified_time\" content=\"2025-12-13T14:59:48+00:00\" \/>\n<meta property=\"og:image\" content=\"https:\/\/talkpal.ai\/wp-content\/uploads\/2024\/02\/india.png\" \/>\n\t<meta property=\"og:image:width\" content=\"517\" \/>\n\t<meta property=\"og:image:height\" content=\"517\" \/>\n\t<meta property=\"og:image:type\" content=\"image\/png\" \/>\n<meta name=\"twitter:card\" content=\"summary_large_image\" \/>\n<meta name=\"twitter:site\" content=\"@talkpalai\" \/>\n<meta name=\"twitter:label1\" content=\"Szacowany czas czytania\" \/>\n\t<meta name=\"twitter:data1\" content=\"3 minuty\" \/>\n<script type=\"application\/ld+json\" class=\"yoast-schema-graph\">{\"@context\":\"https:\/\/schema.org\",\"@graph\":[{\"@type\":\"WebPage\",\"@id\":\"https:\/\/talkpal.ai\/pl\/gramatyka-hindi\/\",\"url\":\"https:\/\/talkpal.ai\/pl\/gramatyka-hindi\/\",\"name\":\"Gramatyka hindi - Talkpal\",\"isPartOf\":{\"@id\":\"https:\/\/talkpal.ai\/pl\/#website\"},\"primaryImageOfPage\":{\"@id\":\"https:\/\/talkpal.ai\/pl\/gramatyka-hindi\/#primaryimage\"},\"image\":{\"@id\":\"https:\/\/talkpal.ai\/pl\/gramatyka-hindi\/#primaryimage\"},\"thumbnailUrl\":\"https:\/\/talkpal.ai\/wp-content\/uploads\/2024\/02\/india.png\",\"datePublished\":\"2023-05-14T13:50:44+00:00\",\"dateModified\":\"2025-12-13T14:59:48+00:00\",\"description\":\"Opanuj gramatyk\u0119 j\u0119zyka hindi - poznaj jasne zasady, formuj poprawne zdania i m\u00f3w lepiej dzi\u0119ki \u0142atwym wskaz\u00f3wkom od Talkpal AI.\",\"breadcrumb\":{\"@id\":\"https:\/\/talkpal.ai\/pl\/gramatyka-hindi\/#breadcrumb\"},\"inLanguage\":\"pl-PL\",\"potentialAction\":[{\"@type\":\"ReadAction\",\"target\":[\"https:\/\/talkpal.ai\/pl\/gramatyka-hindi\/\"]}]},{\"@type\":\"ImageObject\",\"inLanguage\":\"pl-PL\",\"@id\":\"https:\/\/talkpal.ai\/pl\/gramatyka-hindi\/#primaryimage\",\"url\":\"https:\/\/talkpal.ai\/wp-content\/uploads\/2024\/02\/india.png\",\"contentUrl\":\"https:\/\/talkpal.ai\/wp-content\/uploads\/2024\/02\/india.png\",\"width\":517,\"height\":517,\"caption\":\"TalkPal Indian Flag\"},{\"@type\":\"BreadcrumbList\",\"@id\":\"https:\/\/talkpal.ai\/pl\/gramatyka-hindi\/#breadcrumb\",\"itemListElement\":[{\"@type\":\"ListItem\",\"position\":1,\"name\":\"Homepage\",\"item\":\"https:\/\/talkpal.ai\/pl\/\"},{\"@type\":\"ListItem\",\"position\":2,\"name\":\"Gramatyka hindi\"}]},{\"@type\":\"WebSite\",\"@id\":\"https:\/\/talkpal.ai\/pl\/#website\",\"url\":\"https:\/\/talkpal.ai\/pl\/\",\"name\":\"Talkpal\",\"description\":\"AI Language Learning\",\"publisher\":{\"@id\":\"https:\/\/talkpal.ai\/pl\/#organization\"},\"alternateName\":\"Talkpal AI\",\"potentialAction\":[{\"@type\":\"SearchAction\",\"target\":{\"@type\":\"EntryPoint\",\"urlTemplate\":\"https:\/\/talkpal.ai\/pl\/?s={search_term_string}\"},\"query-input\":{\"@type\":\"PropertyValueSpecification\",\"valueRequired\":true,\"valueName\":\"search_term_string\"}}],\"inLanguage\":\"pl-PL\"},{\"@type\":\"Organization\",\"@id\":\"https:\/\/talkpal.ai\/pl\/#organization\",\"name\":\"Talkpal, Inc.\",\"alternateName\":\"Talkpal AI\",\"url\":\"https:\/\/talkpal.ai\/pl\/\",\"logo\":{\"@type\":\"ImageObject\",\"inLanguage\":\"pl-PL\",\"@id\":\"https:\/\/talkpal.ai\/pl\/#\/schema\/logo\/image\/\",\"url\":\"https:\/\/talkpal.ai\/wp-content\/uploads\/2024\/03\/Talkpal-Logo-Icon.png\",\"contentUrl\":\"https:\/\/talkpal.ai\/wp-content\/uploads\/2024\/03\/Talkpal-Logo-Icon.png\",\"width\":2880,\"height\":2880,\"caption\":\"Talkpal, Inc.\"},\"image\":{\"@id\":\"https:\/\/talkpal.ai\/pl\/#\/schema\/logo\/image\/\"},\"sameAs\":[\"https:\/\/www.facebook.com\/profile.php?id=100090733639311\",\"https:\/\/x.com\/talkpalai\",\"https:\/\/www.linkedin.com\/company\/talkpal\/\",\"https:\/\/www.youtube.com\/@TalkPal\/\",\"https:\/\/www.tiktok.com\/@talkpal\",\"https:\/\/www.instagram.com\/talkpal_ai\/\",\"https:\/\/www.crunchbase.com\/organization\/talkpal-9cde\",\"https:\/\/www.g2.com\/products\/talkpal-for-business\/\",\"https:\/\/www.trustpilot.com\/review\/talkpal.ai\",\"https:\/\/www.capterra.com\/p\/10006800\/TalkPal\/\"],\"description\":\"Talkpal is a language learning web and mobile education app, powered by the latest AI technologies, that provides engaging experiences to its customers in many different languages to help them improve their language skills. Users can chat about unlimited amount of topics with the app and use other modes to practice their language learning.\",\"email\":\"support@talkpal.ai\",\"legalName\":\"Talkpal, Inc.\",\"foundingDate\":\"2023-04-03\",\"duns\":\"118989042\",\"numberOfEmployees\":{\"@type\":\"QuantitativeValue\",\"minValue\":\"11\",\"maxValue\":\"50\"},\"publishingPrinciples\":\"https:\/\/talkpal.ai\/publishing-principles\/\",\"actionableFeedbackPolicy\":\"https:\/\/talkpal.ai\/actionable-feedback-policy\/\",\"correctionsPolicy\":\"https:\/\/talkpal.ai\/corrections-policy\/\",\"ethicsPolicy\":\"https:\/\/talkpal.ai\/ethics-policy\/\",\"diversityPolicy\":\"https:\/\/talkpal.ai\/diversity-policy\/\",\"diversityStaffingReport\":\"https:\/\/talkpal.ai\/diversity-policy\/\"}]}<\/script>\n<!-- \/ Yoast SEO Premium plugin. -->","yoast_head_json":{"title":"Gramatyka hindi - Talkpal","description":"Opanuj gramatyk\u0119 j\u0119zyka hindi - poznaj jasne zasady, formuj poprawne zdania i m\u00f3w lepiej dzi\u0119ki \u0142atwym wskaz\u00f3wkom od Talkpal AI.","robots":{"index":"index","follow":"follow","max-snippet":"max-snippet:-1","max-image-preview":"max-image-preview:large","max-video-preview":"max-video-preview:-1"},"canonical":"https:\/\/talkpal.ai\/pl\/gramatyka-hindi\/","og_locale":"pl_PL","og_type":"article","og_title":"Gramatyka hindi","og_description":"Opanowanie gramatyki hindi: Tw\u00f3j ostateczny przewodnik Namaste, mi\u0142o\u015bnicy j\u0119zyk\u00f3w! Czy jeste\u015b gotowy, aby odkry\u0107 \u015bwiat gramatyki hindi? Trafi\u0142e\u015b we","og_url":"https:\/\/talkpal.ai\/pl\/gramatyka-hindi\/","og_site_name":"Talkpal","article_publisher":"https:\/\/www.facebook.com\/profile.php?id=100090733639311","article_modified_time":"2025-12-13T14:59:48+00:00","og_image":[{"width":517,"height":517,"url":"https:\/\/talkpal.ai\/wp-content\/uploads\/2024\/02\/india.png","type":"image\/png"}],"twitter_card":"summary_large_image","twitter_site":"@talkpalai","twitter_misc":{"Szacowany czas czytania":"3 minuty"},"schema":{"@context":"https:\/\/schema.org","@graph":[{"@type":"WebPage","@id":"https:\/\/talkpal.ai\/pl\/gramatyka-hindi\/","url":"https:\/\/talkpal.ai\/pl\/gramatyka-hindi\/","name":"Gramatyka hindi - Talkpal","isPartOf":{"@id":"https:\/\/talkpal.ai\/pl\/#website"},"primaryImageOfPage":{"@id":"https:\/\/talkpal.ai\/pl\/gramatyka-hindi\/#primaryimage"},"image":{"@id":"https:\/\/talkpal.ai\/pl\/gramatyka-hindi\/#primaryimage"},"thumbnailUrl":"https:\/\/talkpal.ai\/wp-content\/uploads\/2024\/02\/india.png","datePublished":"2023-05-14T13:50:44+00:00","dateModified":"2025-12-13T14:59:48+00:00","description":"Opanuj gramatyk\u0119 j\u0119zyka hindi - poznaj jasne zasady, formuj poprawne zdania i m\u00f3w lepiej dzi\u0119ki \u0142atwym wskaz\u00f3wkom od Talkpal AI.","breadcrumb":{"@id":"https:\/\/talkpal.ai\/pl\/gramatyka-hindi\/#breadcrumb"},"inLanguage":"pl-PL","potentialAction":[{"@type":"ReadAction","target":["https:\/\/talkpal.ai\/pl\/gramatyka-hindi\/"]}]},{"@type":"ImageObject","inLanguage":"pl-PL","@id":"https:\/\/talkpal.ai\/pl\/gramatyka-hindi\/#primaryimage","url":"https:\/\/talkpal.ai\/wp-content\/uploads\/2024\/02\/india.png","contentUrl":"https:\/\/talkpal.ai\/wp-content\/uploads\/2024\/02\/india.png","width":517,"height":517,"caption":"TalkPal Indian Flag"},{"@type":"BreadcrumbList","@id":"https:\/\/talkpal.ai\/pl\/gramatyka-hindi\/#breadcrumb","itemListElement":[{"@type":"ListItem","position":1,"name":"Homepage","item":"https:\/\/talkpal.ai\/pl\/"},{"@type":"ListItem","position":2,"name":"Gramatyka hindi"}]},{"@type":"WebSite","@id":"https:\/\/talkpal.ai\/pl\/#website","url":"https:\/\/talkpal.ai\/pl\/","name":"Talkpal","description":"AI Language Learning","publisher":{"@id":"https:\/\/talkpal.ai\/pl\/#organization"},"alternateName":"Talkpal AI","potentialAction":[{"@type":"SearchAction","target":{"@type":"EntryPoint","urlTemplate":"https:\/\/talkpal.ai\/pl\/?s={search_term_string}"},"query-input":{"@type":"PropertyValueSpecification","valueRequired":true,"valueName":"search_term_string"}}],"inLanguage":"pl-PL"},{"@type":"Organization","@id":"https:\/\/talkpal.ai\/pl\/#organization","name":"Talkpal, Inc.","alternateName":"Talkpal AI","url":"https:\/\/talkpal.ai\/pl\/","logo":{"@type":"ImageObject","inLanguage":"pl-PL","@id":"https:\/\/talkpal.ai\/pl\/#\/schema\/logo\/image\/","url":"https:\/\/talkpal.ai\/wp-content\/uploads\/2024\/03\/Talkpal-Logo-Icon.png","contentUrl":"https:\/\/talkpal.ai\/wp-content\/uploads\/2024\/03\/Talkpal-Logo-Icon.png","width":2880,"height":2880,"caption":"Talkpal, Inc."},"image":{"@id":"https:\/\/talkpal.ai\/pl\/#\/schema\/logo\/image\/"},"sameAs":["https:\/\/www.facebook.com\/profile.php?id=100090733639311","https:\/\/x.com\/talkpalai","https:\/\/www.linkedin.com\/company\/talkpal\/","https:\/\/www.youtube.com\/@TalkPal\/","https:\/\/www.tiktok.com\/@talkpal","https:\/\/www.instagram.com\/talkpal_ai\/","https:\/\/www.crunchbase.com\/organization\/talkpal-9cde","https:\/\/www.g2.com\/products\/talkpal-for-business\/","https:\/\/www.trustpilot.com\/review\/talkpal.ai","https:\/\/www.capterra.com\/p\/10006800\/TalkPal\/"],"description":"Talkpal is a language learning web and mobile education app, powered by the latest AI technologies, that provides engaging experiences to its customers in many different languages to help them improve their language skills. Users can chat about unlimited amount of topics with the app and use other modes to practice their language learning.","email":"support@talkpal.ai","legalName":"Talkpal, Inc.","foundingDate":"2023-04-03","duns":"118989042","numberOfEmployees":{"@type":"QuantitativeValue","minValue":"11","maxValue":"50"},"publishingPrinciples":"https:\/\/talkpal.ai\/publishing-principles\/","actionableFeedbackPolicy":"https:\/\/talkpal.ai\/actionable-feedback-policy\/","correctionsPolicy":"https:\/\/talkpal.ai\/corrections-policy\/","ethicsPolicy":"https:\/\/talkpal.ai\/ethics-policy\/","diversityPolicy":"https:\/\/talkpal.ai\/diversity-policy\/","diversityStaffingReport":"https:\/\/talkpal.ai\/diversity-policy\/"}]}},"_links":{"self":[{"href":"https:\/\/talkpal.ai\/pl\/wp-json\/wp\/v2\/pages\/129556","targetHints":{"allow":["GET"]}}],"collection":[{"href":"https:\/\/talkpal.ai\/pl\/wp-json\/wp\/v2\/pages"}],"about":[{"href":"https:\/\/talkpal.ai\/pl\/wp-json\/wp\/v2\/types\/page"}],"author":[{"embeddable":true,"href":"https:\/\/talkpal.ai\/pl\/wp-json\/wp\/v2\/users\/1"}],"replies":[{"embeddable":true,"href":"https:\/\/talkpal.ai\/pl\/wp-json\/wp\/v2\/comments?post=129556"}],"version-history":[{"count":0,"href":"https:\/\/talkpal.ai\/pl\/wp-json\/wp\/v2\/pages\/129556\/revisions"}],"wp:featuredmedia":[{"embeddable":true,"href":"https:\/\/talkpal.ai\/pl\/wp-json\/wp\/v2\/media\/188224"}],"wp:attachment":[{"href":"https:\/\/talkpal.ai\/pl\/wp-json\/wp\/v2\/media?parent=129556"}],"curies":[{"name":"wp","href":"https:\/\/api.w.org\/{rel}","templated":true}]}}