{"id":129205,"date":"2023-05-14T13:50:21","date_gmt":"2023-05-14T13:50:21","guid":{"rendered":"http:\/\/talkpal.ai\/gramatyka-finska\/"},"modified":"2025-12-11T17:06:15","modified_gmt":"2025-12-11T17:06:15","slug":"gramatyka-finska","status":"publish","type":"page","link":"https:\/\/talkpal.ai\/pl\/gramatyka-finska\/","title":{"rendered":"Gramatyka fi\u0144ska"},"content":{"rendered":"\r\n\r\n\r\n<section class=\"languageChallengeSection\">\r\n    <div class=\"languageInfoWrapper\">\r\n        \r\n        <h1>Gramatyka fi\u0144ska<\/h1>\r\n        <p>Gotowy, by odkry\u0107 sekrety j\u0119zyka fi\u0144skiego? Zanurz si\u0119 w fi\u0144skiej gramatyce, kt\u00f3ra s\u0142ynie z logicznej struktury, harmonii samog\u0142osek i imponuj\u0105cej liczby przypadk\u00f3w. Rozpocznij nauk\u0119 ju\u017c dzi\u015b &#8211; opanowanie fi\u0144skiej gramatyki doda Ci pewno\u015bci siebie w m\u00f3wieniu i nawi\u0105zywaniu kontakt\u00f3w, jednocze\u015bnie otwieraj\u0105c drzwi do bogatej kultury i tradycji Finlandii!<\/p>\r\n\r\n                            <a class=\"getStartedHidden\" href=\"https:\/\/app.talkpal.ai\/pl\/signup?lng=\">Zaczynaj<\/a>\r\n        \r\n    <\/div>\r\n\r\n    <figure>\r\n    <img decoding=\"async\" width=\"768\" height=\"768\" src=\"https:\/\/talkpal.ai\/wp-content\/uploads\/2023\/06\/Finnish-768x768.png\" class=\"languageImage no-lazy\" alt=\"Develop your language aptitude learning\" fetchpriority=\"high\" sizes=\"(max-width: 768px) 150px, 768px\" srcset=\"https:\/\/talkpal.ai\/wp-content\/uploads\/2023\/06\/Finnish-768x768.png 768w, https:\/\/talkpal.ai\/wp-content\/uploads\/2023\/06\/Finnish-300x300.png 300w\" \/>\r\n    \r\n\r\n    <\/figure>\r\n\r\n            <a class=\"getStartedVisible\" href=\"https:\/\/app.talkpal.ai\/pl\/signup?lng=\">Zaczynaj<\/a>\r\n    \r\n<\/section>\r\n<section class=\"promotionalBanner\">\r\n    <p class=\"promotionalText\">Najbardziej efektywny spos\u00f3b nauki j\u0119zyka<\/p>\r\n    <a class=\"promotionalLink\" href=\"https:\/\/app.talkpal.ai\/pl\/signup?lng=\">Wypr\u00f3buj Talkpal za darmo<\/a>\r\n<\/section>\n<div class=\"wp-block-group pageContainerStyle\"><div class=\"wp-block-group__inner-container is-layout-constrained wp-block-group-is-layout-constrained\">\n<h2 class=\"wp-block-heading\" id=\"h-finnish-grammar-a-guide-to-mastering-the-complexities-of-the-finnish-language\">Gramatyka fi\u0144ska: przewodnik po opanowaniu z\u0142o\u017cono\u015bci j\u0119zyka fi\u0144skiego<\/h2>\n\n\n\n<p><a href=\"https:\/\/talkpal.ai\/learn-finnish\/\">Fi\u0144ski<\/a>, unikalny i fascynuj\u0105cy j\u0119zyk, kt\u00f3rym pos\u0142uguje si\u0119 oko\u0142o 5 milion\u00f3w ludzi, znany jest ze swojej z\u0142o\u017cono\u015bci i charakterystycznego systemu gramatycznego. Na pierwszy rzut oka zasady i struktury gramatyki fi\u0144skiej mog\u0105 wydawa\u0107 si\u0119 zniech\u0119caj\u0105ce, ale nie obawiaj si\u0119! Dzi\u0119ki cierpliwo\u015bci, praktyce i wskaz\u00f3wkom mo\u017cesz odkry\u0107 tajemnice gramatyki fi\u0144skiej i poprawi\u0107 swoje umiej\u0119tno\u015bci j\u0119zykowe. W tym artykule przedstawimy przegl\u0105d fi\u0144skiej gramatyki i podzielimy si\u0119 kilkoma wskaz\u00f3wkami, kt\u00f3re u\u0142atwi\u0105 ci nauk\u0119.<\/p>\n\n\n\n<h3 class=\"wp-block-heading\" id=\"h-the-basics-of-finnish-grammar\">Podstawy gramatyki fi\u0144skiej:<\/h3>\n\n\n\n<p><a href=\"https:\/\/talkpal.ai\/finnish-grammar\/\">Gramatyka fi\u0144ska<\/a>, zupe\u0142nie odmienna od gramatyki angielskiej, charakteryzuje si\u0119 bogatym u\u017cyciem przypadk\u00f3w, brakiem rodzaju gramatycznego i unikalnym systemem koniugacji czasownik\u00f3w. Oto kilka podstawowych aspekt\u00f3w gramatyki fi\u0144skiej, z kt\u00f3rymi powiniene\u015b si\u0119 zapozna\u0107:<\/p>\n\n\n\n<p>1. Przypadki rzeczownik\u00f3w: Fi\u0144ski ma 15 przypadk\u00f3w rzeczownik\u00f3w, co oznacza zwi\u0105zek mi\u0119dzy <strong>rzeczownikiem<\/strong> a innymi sk\u0142adnikami zdania. Ka\u017cdy przypadek rzeczownika ma okre\u015blon\u0105 ko\u0144c\u00f3wk\u0119, kt\u00f3ra jest do\u0142\u0105czana do rdzenia rzeczownika. Kilka przyk\u0142ad\u00f3w przypadk\u00f3w rzeczownik\u00f3w to mianownik, dope\u0142niacz, biernik i cz\u0119\u015bciowy.<\/p>\n\n\n\n<p><strong>2. Brak rodzaju gramatycznego:<\/strong> W przeciwie\u0144stwie do wielu j\u0119zyk\u00f3w, fi\u0144ski nie przypisuje rodzaju rzeczownikom. Zamiast tego j\u0119zyk u\u017cywa jednego s\u0142owa &#8211; h\u00e4n &#8211; w odniesieniu zar\u00f3wno do &#8222;on&#8221;, jak i &#8222;ona&#8221;. Ta cecha upraszcza proces nauki fi\u0144skiego i eliminuje potrzeb\u0119 zapami\u0119tywania rodzajnik\u00f3w lub form zaimk\u00f3w.<\/p>\n\n\n\n<p><strong>3. Koniugacja czasownik\u00f3w: Czasowniki<\/strong> fi\u0144skie s\u0105 odmieniane na podstawie czasu, nastroju i g\u0142osu. W j\u0119zyku fi\u0144skim istniej\u0105 cztery czasy czasownik\u00f3w: tera\u017aniejszy, przesz\u0142y, dokonany i z\u0142o\u017cony dokonany. Ponadto fi\u0144skie czasowniki maj\u0105 pi\u0119\u0107 tryb\u00f3w: oznajmuj\u0105cy, warunkowy, potencjalny, rozkazuj\u0105cy i eventywny.<\/p>\n\n\n\n<p><strong>4. Harmonia<\/strong> samog\u0142osek: W j\u0119zyku fi\u0144skim samog\u0142oski dziel\u0105 si\u0119 na trzy grupy: przednie (\u00e4, \u00f6, y), tylne (a, o, u) i neutralne (i, e). Ze wzgl\u0119du na harmoni\u0119 samog\u0142osek, samog\u0142oski przednie i tylne zazwyczaj nie mog\u0105 wyst\u0119powa\u0107 w tym samym s\u0142owie, z wyj\u0105tkiem s\u0142\u00f3w z\u0142o\u017conych i niekt\u00f3rych zapo\u017cycze\u0144.<\/p>\n\n\n\n<h3 class=\"wp-block-heading\" id=\"h-strategies-for-learning-finnish-grammar\">Strategie nauki gramatyki fi\u0144skiej:<\/h3>\n\n\n\n<p>Zrozumienie fi\u0144skiej gramatyki mo\u017ce wydawa\u0107 si\u0119 przyt\u0142aczaj\u0105ce, ale przy odpowiednim nastawieniu i strategiach uczenia si\u0119, b\u0119dziesz w stanie j\u0105 opanowa\u0107. Oto kilka przydatnych wskaz\u00f3wek, kt\u00f3re pomog\u0105 Ci w studiowaniu:<\/p>\n\n\n\n<p><strong>1. R\u00f3b ma\u0142e kroczki:<\/strong> Zacznij od podstaw gramatyki fi\u0144skiej, takich jak przypadki rzeczownik\u00f3w i koniugacja czasownik\u00f3w. Dziel\u0105c z\u0142o\u017cone zasady na mniejsze, strawne cz\u0119\u015bci, b\u0119dziesz w stanie stale robi\u0107 post\u0119py i budowa\u0107 solidne podstawy.<\/p>\n\n\n\n<p><strong>2. \u0106wicz regularnie:<\/strong> Konsekwencja jest kluczowa podczas nauki j\u0119zyka. Ka\u017cdego dnia lub tygodnia przeznacz czas na \u0107wiczenie gramatyki poprzez \u0107wiczenia, czytanie i pisanie po fi\u0144sku.<\/p>\n\n\n\n<p><strong>3. Korzystaj z zasob\u00f3w natywnych:<\/strong> Aby lepiej zrozumie\u0107 gramatyk\u0119 fi\u0144sk\u0105 w kontek\u015bcie, zanurz si\u0119 w materia\u0142ach natywnych, takich jak literatura, artyku\u0142y prasowe i podcasty. Pomo\u017ce Ci to zinternalizowa\u0107 zasady i poprawi\u0107 umiej\u0119tno\u015bci s\u0142uchania i czytania.<\/p>\n\n\n\n<p><strong>4. Nawi\u0105\u017c kontakt z native speakerami:<\/strong> Anga\u017cowanie si\u0119 w rozmow\u0119 z rodzimymi u\u017cytkownikami j\u0119zyka fi\u0144skiego to doskona\u0142y spos\u00f3b na \u0107wiczenie gramatyki i otrzymywanie cennych informacji zwrotnych. Rozwa\u017c do\u0142\u0105czenie do grup wymiany j\u0119zykowej lub for\u00f3w internetowych, na kt\u00f3rych mo\u017cesz nawi\u0105za\u0107 <a href=\"https:\/\/talkpal.ai\/contact\/\">kontakt<\/a> z osobami m\u00f3wi\u0105cymi po fi\u0144sku.<\/p>\n\n\n\n<p><strong>5. B\u0105d\u017a cierpliwy i wytrwa\u0142y:<\/strong> Nauka fi\u0144skiej gramatyki to trudna podr\u00f3\u017c, ale dzi\u0119ki cierpliwo\u015bci i po\u015bwi\u0119ceniu odblokujesz jej zawi\u0142o\u015bci i staniesz si\u0119 bieg\u0142y w j\u0119zyku.<\/p>\n\n\n\n<h3 class=\"wp-block-heading\" id=\"h-conclusion\">Wnioski:<\/h3>\n\n\n\n<p>\u015awiat gramatyki fi\u0144skiej, cho\u0107 z\u0142o\u017cony, jest intryguj\u0105cy, kt\u00f3ry mo\u017cna rozwik\u0142a\u0107 dzi\u0119ki determinacji i praktyce. Zapoznaj\u0105c si\u0119 z podstawowymi elementami gramatyki fi\u0144skiej i stosuj\u0105c nasze strategie nauki, utorujesz sobie drog\u0119 do p\u0142ynno\u015bci i g\u0142\u0119bszego docenienia tego urzekaj\u0105cego j\u0119zyka. Zanurz si\u0119 wi\u0119c w zawi\u0142o\u015bci fi\u0144skiej gramatyki z pozytywnym nastawieniem, a zanim si\u0119 zorientujesz, b\u0119dziesz pewnie porusza\u0107 si\u0119 po j\u0119zykowym krajobrazie Suomi!<\/p>\n<\/div><\/div>\n\r\n<section class=\"learnNavigationSection\">\r\n            \r\n        <a href=\"https:\/\/talkpal.ai\/pl\/naucz-sie-finskiego\/\">\r\n            <div class=\"learnNavigationWrapper\">\r\n                <div class=\"learnNavigationContent\">\r\n                    <img decoding=\"async\" src=\"https:\/\/talkpal.ai\/wp-content\/uploads\/2024\/08\/Finnish.jpg\" alt=\"Finnish Flag\">\r\n                    <div>\r\n                        <h4>O fi\u0144skiej nauce<\/h4>\r\n                        <p>Dowiedz si\u0119 wszystkiego o gramatyce fi\u0144skiej .<\/p>\r\n                    <\/div>\r\n                <\/div>\r\n            <\/div>\r\n        <\/a>\r\n\r\n        \r\n        <a href=\"https:\/\/talkpal.ai\/pl\/cwiczenia-gramatyczne-z-jezyka-finskiego\/\">\r\n            <div class=\"learnNavigationWrapper\">\r\n                <div class=\"learnNavigationContent\">\r\n                    <img decoding=\"async\" src=\"https:\/\/talkpal.ai\/wp-content\/uploads\/2024\/08\/Finnish.jpg\" alt=\"Finnish Flag\">\r\n                    <div>\r\n                        <h4>\u0106wiczenie z gramatyki fi\u0144skiej<\/h4>\r\n                        <p>\u0106wicz gramatyk\u0119 fi\u0144sk\u0105 .<\/p>\r\n                    <\/div>\r\n                <\/div>\r\n            <\/div>\r\n        <\/a>\r\n\r\n        \r\n        <a href=\"https:\/\/talkpal.ai\/vocabulary_language\/finnish\/\">\r\n            <div class=\"learnNavigationWrapper\">\r\n                <div class=\"learnNavigationContent\">\r\n                    <img decoding=\"async\" src=\"https:\/\/talkpal.ai\/wp-content\/uploads\/2024\/08\/Finnish.jpg\" alt=\"Finnish Flag\">\r\n                    <div>\r\n                        <h4>S\u0142ownictwo fi\u0144skie<\/h4>\r\n                        <p>Poszerz swoje fi\u0144skie s\u0142ownictwo.<\/p>\r\n                    <\/div>\r\n                <\/div>\r\n            <\/div>\r\n        <\/a>\r\n\r\n            <\/section>","protected":false},"excerpt":{"rendered":"<p>Gramatyka fi\u0144ska: przewodnik po opanowaniu z\u0142o\u017cono\u015bci j\u0119zyka fi\u0144skiego Fi\u0144ski, unikalny i fascynuj\u0105cy j\u0119zyk, kt\u00f3rym pos\u0142uguje si\u0119 oko\u0142o 5 milion\u00f3w ludzi, znany jest ze swojej z\u0142o\u017cono\u015bci i charakterystycznego systemu gramatycznego. Na pierwszy rzut oka zasady i struktury gramatyki fi\u0144skiej mog\u0105 wydawa\u0107 si\u0119 zniech\u0119caj\u0105ce, ale nie obawiaj si\u0119! Dzi\u0119ki cierpliwo\u015bci, praktyce i wskaz\u00f3wkom mo\u017cesz odkry\u0107 tajemnice gramatyki [&hellip;]<\/p>\n","protected":false},"author":1,"featured_media":106667,"parent":0,"menu_order":0,"comment_status":"closed","ping_status":"closed","template":"LearningContentPage.php","meta":{"_acf_changed":false,"footnotes":""},"class_list":["post-129205","page","type-page","status-publish","has-post-thumbnail","hentry"],"acf":[],"yoast_head":"<!-- This site is optimized with the Yoast SEO Premium plugin v27.2 (Yoast SEO v27.2) - https:\/\/yoast.com\/product\/yoast-seo-premium-wordpress\/ -->\n<title>Gramatyka fi\u0144ska - Talkpal<\/title>\n<meta name=\"description\" content=\"Poznaj podstawowe aspekty gramatyki fi\u0144skiej, w tym przypadki, czasowniki, struktur\u0119 zda\u0144 i wskaz\u00f3wki dotycz\u0105ce wymowy, aby opanowa\u0107 j\u0119zyk fi\u0144ski.\" \/>\n<meta name=\"robots\" content=\"index, follow, max-snippet:-1, max-image-preview:large, max-video-preview:-1\" \/>\n<link rel=\"canonical\" href=\"https:\/\/talkpal.ai\/pl\/gramatyka-finska\/\" \/>\n<meta property=\"og:locale\" content=\"pl_PL\" \/>\n<meta property=\"og:type\" content=\"article\" \/>\n<meta property=\"og:title\" content=\"Gramatyka fi\u0144ska\" \/>\n<meta property=\"og:description\" content=\"Gramatyka fi\u0144ska: przewodnik po opanowaniu z\u0142o\u017cono\u015bci j\u0119zyka fi\u0144skiego Fi\u0144ski, unikalny i fascynuj\u0105cy j\u0119zyk, kt\u00f3rym pos\u0142uguje si\u0119 oko\u0142o 5 milion\u00f3w ludzi,\" \/>\n<meta property=\"og:url\" content=\"https:\/\/talkpal.ai\/pl\/gramatyka-finska\/\" \/>\n<meta property=\"og:site_name\" content=\"Talkpal\" \/>\n<meta property=\"article:publisher\" content=\"https:\/\/www.facebook.com\/profile.php?id=100090733639311\" \/>\n<meta property=\"article:modified_time\" content=\"2025-12-11T17:06:15+00:00\" \/>\n<meta property=\"og:image\" content=\"https:\/\/talkpal.ai\/wp-content\/uploads\/2023\/04\/finland.png\" \/>\n\t<meta property=\"og:image:width\" content=\"512\" \/>\n\t<meta property=\"og:image:height\" content=\"512\" \/>\n\t<meta property=\"og:image:type\" content=\"image\/png\" \/>\n<meta name=\"twitter:card\" content=\"summary_large_image\" \/>\n<meta name=\"twitter:site\" content=\"@talkpalai\" \/>\n<meta name=\"twitter:label1\" content=\"Szacowany czas czytania\" \/>\n\t<meta name=\"twitter:data1\" content=\"4 minuty\" \/>\n<script type=\"application\/ld+json\" class=\"yoast-schema-graph\">{\"@context\":\"https:\/\/schema.org\",\"@graph\":[{\"@type\":\"WebPage\",\"@id\":\"https:\/\/talkpal.ai\/pl\/gramatyka-finska\/\",\"url\":\"https:\/\/talkpal.ai\/pl\/gramatyka-finska\/\",\"name\":\"Gramatyka fi\u0144ska - Talkpal\",\"isPartOf\":{\"@id\":\"https:\/\/talkpal.ai\/pl\/#website\"},\"primaryImageOfPage\":{\"@id\":\"https:\/\/talkpal.ai\/pl\/gramatyka-finska\/#primaryimage\"},\"image\":{\"@id\":\"https:\/\/talkpal.ai\/pl\/gramatyka-finska\/#primaryimage\"},\"thumbnailUrl\":\"https:\/\/talkpal.ai\/wp-content\/uploads\/2023\/04\/finland.png\",\"datePublished\":\"2023-05-14T13:50:21+00:00\",\"dateModified\":\"2025-12-11T17:06:15+00:00\",\"description\":\"Poznaj podstawowe aspekty gramatyki fi\u0144skiej, w tym przypadki, czasowniki, struktur\u0119 zda\u0144 i wskaz\u00f3wki dotycz\u0105ce wymowy, aby opanowa\u0107 j\u0119zyk fi\u0144ski.\",\"breadcrumb\":{\"@id\":\"https:\/\/talkpal.ai\/pl\/gramatyka-finska\/#breadcrumb\"},\"inLanguage\":\"pl-PL\",\"potentialAction\":[{\"@type\":\"ReadAction\",\"target\":[\"https:\/\/talkpal.ai\/pl\/gramatyka-finska\/\"]}]},{\"@type\":\"ImageObject\",\"inLanguage\":\"pl-PL\",\"@id\":\"https:\/\/talkpal.ai\/pl\/gramatyka-finska\/#primaryimage\",\"url\":\"https:\/\/talkpal.ai\/wp-content\/uploads\/2023\/04\/finland.png\",\"contentUrl\":\"https:\/\/talkpal.ai\/wp-content\/uploads\/2023\/04\/finland.png\",\"width\":512,\"height\":512,\"caption\":\"TalkPal finland Flag\"},{\"@type\":\"BreadcrumbList\",\"@id\":\"https:\/\/talkpal.ai\/pl\/gramatyka-finska\/#breadcrumb\",\"itemListElement\":[{\"@type\":\"ListItem\",\"position\":1,\"name\":\"Homepage\",\"item\":\"https:\/\/talkpal.ai\/pl\/\"},{\"@type\":\"ListItem\",\"position\":2,\"name\":\"Gramatyka fi\u0144ska\"}]},{\"@type\":\"WebSite\",\"@id\":\"https:\/\/talkpal.ai\/pl\/#website\",\"url\":\"https:\/\/talkpal.ai\/pl\/\",\"name\":\"Talkpal\",\"description\":\"AI Language Learning\",\"publisher\":{\"@id\":\"https:\/\/talkpal.ai\/pl\/#organization\"},\"alternateName\":\"Talkpal AI\",\"potentialAction\":[{\"@type\":\"SearchAction\",\"target\":{\"@type\":\"EntryPoint\",\"urlTemplate\":\"https:\/\/talkpal.ai\/pl\/?s={search_term_string}\"},\"query-input\":{\"@type\":\"PropertyValueSpecification\",\"valueRequired\":true,\"valueName\":\"search_term_string\"}}],\"inLanguage\":\"pl-PL\"},{\"@type\":\"Organization\",\"@id\":\"https:\/\/talkpal.ai\/pl\/#organization\",\"name\":\"Talkpal, Inc.\",\"alternateName\":\"Talkpal AI\",\"url\":\"https:\/\/talkpal.ai\/pl\/\",\"logo\":{\"@type\":\"ImageObject\",\"inLanguage\":\"pl-PL\",\"@id\":\"https:\/\/talkpal.ai\/pl\/#\/schema\/logo\/image\/\",\"url\":\"https:\/\/talkpal.ai\/wp-content\/uploads\/2024\/03\/Talkpal-Logo-Icon.png\",\"contentUrl\":\"https:\/\/talkpal.ai\/wp-content\/uploads\/2024\/03\/Talkpal-Logo-Icon.png\",\"width\":2880,\"height\":2880,\"caption\":\"Talkpal, Inc.\"},\"image\":{\"@id\":\"https:\/\/talkpal.ai\/pl\/#\/schema\/logo\/image\/\"},\"sameAs\":[\"https:\/\/www.facebook.com\/profile.php?id=100090733639311\",\"https:\/\/x.com\/talkpalai\",\"https:\/\/www.linkedin.com\/company\/talkpal\/\",\"https:\/\/www.youtube.com\/@TalkPal\/\",\"https:\/\/www.tiktok.com\/@talkpal\",\"https:\/\/www.instagram.com\/talkpal_ai\/\",\"https:\/\/www.crunchbase.com\/organization\/talkpal-9cde\",\"https:\/\/www.g2.com\/products\/talkpal-for-business\/\",\"https:\/\/www.trustpilot.com\/review\/talkpal.ai\",\"https:\/\/www.capterra.com\/p\/10006800\/TalkPal\/\"],\"description\":\"Talkpal is a language learning web and mobile education app, powered by the latest AI technologies, that provides engaging experiences to its customers in many different languages to help them improve their language skills. Users can chat about unlimited amount of topics with the app and use other modes to practice their language learning.\",\"email\":\"support@talkpal.ai\",\"legalName\":\"Talkpal, Inc.\",\"foundingDate\":\"2023-04-03\",\"duns\":\"118989042\",\"numberOfEmployees\":{\"@type\":\"QuantitativeValue\",\"minValue\":\"11\",\"maxValue\":\"50\"},\"publishingPrinciples\":\"https:\/\/talkpal.ai\/publishing-principles\/\",\"actionableFeedbackPolicy\":\"https:\/\/talkpal.ai\/actionable-feedback-policy\/\",\"correctionsPolicy\":\"https:\/\/talkpal.ai\/corrections-policy\/\",\"ethicsPolicy\":\"https:\/\/talkpal.ai\/ethics-policy\/\",\"diversityPolicy\":\"https:\/\/talkpal.ai\/diversity-policy\/\",\"diversityStaffingReport\":\"https:\/\/talkpal.ai\/diversity-policy\/\"}]}<\/script>\n<!-- \/ Yoast SEO Premium plugin. -->","yoast_head_json":{"title":"Gramatyka fi\u0144ska - Talkpal","description":"Poznaj podstawowe aspekty gramatyki fi\u0144skiej, w tym przypadki, czasowniki, struktur\u0119 zda\u0144 i wskaz\u00f3wki dotycz\u0105ce wymowy, aby opanowa\u0107 j\u0119zyk fi\u0144ski.","robots":{"index":"index","follow":"follow","max-snippet":"max-snippet:-1","max-image-preview":"max-image-preview:large","max-video-preview":"max-video-preview:-1"},"canonical":"https:\/\/talkpal.ai\/pl\/gramatyka-finska\/","og_locale":"pl_PL","og_type":"article","og_title":"Gramatyka fi\u0144ska","og_description":"Gramatyka fi\u0144ska: przewodnik po opanowaniu z\u0142o\u017cono\u015bci j\u0119zyka fi\u0144skiego Fi\u0144ski, unikalny i fascynuj\u0105cy j\u0119zyk, kt\u00f3rym pos\u0142uguje si\u0119 oko\u0142o 5 milion\u00f3w ludzi,","og_url":"https:\/\/talkpal.ai\/pl\/gramatyka-finska\/","og_site_name":"Talkpal","article_publisher":"https:\/\/www.facebook.com\/profile.php?id=100090733639311","article_modified_time":"2025-12-11T17:06:15+00:00","og_image":[{"width":512,"height":512,"url":"https:\/\/talkpal.ai\/wp-content\/uploads\/2023\/04\/finland.png","type":"image\/png"}],"twitter_card":"summary_large_image","twitter_site":"@talkpalai","twitter_misc":{"Szacowany czas czytania":"4 minuty"},"schema":{"@context":"https:\/\/schema.org","@graph":[{"@type":"WebPage","@id":"https:\/\/talkpal.ai\/pl\/gramatyka-finska\/","url":"https:\/\/talkpal.ai\/pl\/gramatyka-finska\/","name":"Gramatyka fi\u0144ska - Talkpal","isPartOf":{"@id":"https:\/\/talkpal.ai\/pl\/#website"},"primaryImageOfPage":{"@id":"https:\/\/talkpal.ai\/pl\/gramatyka-finska\/#primaryimage"},"image":{"@id":"https:\/\/talkpal.ai\/pl\/gramatyka-finska\/#primaryimage"},"thumbnailUrl":"https:\/\/talkpal.ai\/wp-content\/uploads\/2023\/04\/finland.png","datePublished":"2023-05-14T13:50:21+00:00","dateModified":"2025-12-11T17:06:15+00:00","description":"Poznaj podstawowe aspekty gramatyki fi\u0144skiej, w tym przypadki, czasowniki, struktur\u0119 zda\u0144 i wskaz\u00f3wki dotycz\u0105ce wymowy, aby opanowa\u0107 j\u0119zyk fi\u0144ski.","breadcrumb":{"@id":"https:\/\/talkpal.ai\/pl\/gramatyka-finska\/#breadcrumb"},"inLanguage":"pl-PL","potentialAction":[{"@type":"ReadAction","target":["https:\/\/talkpal.ai\/pl\/gramatyka-finska\/"]}]},{"@type":"ImageObject","inLanguage":"pl-PL","@id":"https:\/\/talkpal.ai\/pl\/gramatyka-finska\/#primaryimage","url":"https:\/\/talkpal.ai\/wp-content\/uploads\/2023\/04\/finland.png","contentUrl":"https:\/\/talkpal.ai\/wp-content\/uploads\/2023\/04\/finland.png","width":512,"height":512,"caption":"TalkPal finland Flag"},{"@type":"BreadcrumbList","@id":"https:\/\/talkpal.ai\/pl\/gramatyka-finska\/#breadcrumb","itemListElement":[{"@type":"ListItem","position":1,"name":"Homepage","item":"https:\/\/talkpal.ai\/pl\/"},{"@type":"ListItem","position":2,"name":"Gramatyka fi\u0144ska"}]},{"@type":"WebSite","@id":"https:\/\/talkpal.ai\/pl\/#website","url":"https:\/\/talkpal.ai\/pl\/","name":"Talkpal","description":"AI Language Learning","publisher":{"@id":"https:\/\/talkpal.ai\/pl\/#organization"},"alternateName":"Talkpal AI","potentialAction":[{"@type":"SearchAction","target":{"@type":"EntryPoint","urlTemplate":"https:\/\/talkpal.ai\/pl\/?s={search_term_string}"},"query-input":{"@type":"PropertyValueSpecification","valueRequired":true,"valueName":"search_term_string"}}],"inLanguage":"pl-PL"},{"@type":"Organization","@id":"https:\/\/talkpal.ai\/pl\/#organization","name":"Talkpal, Inc.","alternateName":"Talkpal AI","url":"https:\/\/talkpal.ai\/pl\/","logo":{"@type":"ImageObject","inLanguage":"pl-PL","@id":"https:\/\/talkpal.ai\/pl\/#\/schema\/logo\/image\/","url":"https:\/\/talkpal.ai\/wp-content\/uploads\/2024\/03\/Talkpal-Logo-Icon.png","contentUrl":"https:\/\/talkpal.ai\/wp-content\/uploads\/2024\/03\/Talkpal-Logo-Icon.png","width":2880,"height":2880,"caption":"Talkpal, Inc."},"image":{"@id":"https:\/\/talkpal.ai\/pl\/#\/schema\/logo\/image\/"},"sameAs":["https:\/\/www.facebook.com\/profile.php?id=100090733639311","https:\/\/x.com\/talkpalai","https:\/\/www.linkedin.com\/company\/talkpal\/","https:\/\/www.youtube.com\/@TalkPal\/","https:\/\/www.tiktok.com\/@talkpal","https:\/\/www.instagram.com\/talkpal_ai\/","https:\/\/www.crunchbase.com\/organization\/talkpal-9cde","https:\/\/www.g2.com\/products\/talkpal-for-business\/","https:\/\/www.trustpilot.com\/review\/talkpal.ai","https:\/\/www.capterra.com\/p\/10006800\/TalkPal\/"],"description":"Talkpal is a language learning web and mobile education app, powered by the latest AI technologies, that provides engaging experiences to its customers in many different languages to help them improve their language skills. Users can chat about unlimited amount of topics with the app and use other modes to practice their language learning.","email":"support@talkpal.ai","legalName":"Talkpal, Inc.","foundingDate":"2023-04-03","duns":"118989042","numberOfEmployees":{"@type":"QuantitativeValue","minValue":"11","maxValue":"50"},"publishingPrinciples":"https:\/\/talkpal.ai\/publishing-principles\/","actionableFeedbackPolicy":"https:\/\/talkpal.ai\/actionable-feedback-policy\/","correctionsPolicy":"https:\/\/talkpal.ai\/corrections-policy\/","ethicsPolicy":"https:\/\/talkpal.ai\/ethics-policy\/","diversityPolicy":"https:\/\/talkpal.ai\/diversity-policy\/","diversityStaffingReport":"https:\/\/talkpal.ai\/diversity-policy\/"}]}},"_links":{"self":[{"href":"https:\/\/talkpal.ai\/pl\/wp-json\/wp\/v2\/pages\/129205","targetHints":{"allow":["GET"]}}],"collection":[{"href":"https:\/\/talkpal.ai\/pl\/wp-json\/wp\/v2\/pages"}],"about":[{"href":"https:\/\/talkpal.ai\/pl\/wp-json\/wp\/v2\/types\/page"}],"author":[{"embeddable":true,"href":"https:\/\/talkpal.ai\/pl\/wp-json\/wp\/v2\/users\/1"}],"replies":[{"embeddable":true,"href":"https:\/\/talkpal.ai\/pl\/wp-json\/wp\/v2\/comments?post=129205"}],"version-history":[{"count":0,"href":"https:\/\/talkpal.ai\/pl\/wp-json\/wp\/v2\/pages\/129205\/revisions"}],"wp:featuredmedia":[{"embeddable":true,"href":"https:\/\/talkpal.ai\/pl\/wp-json\/wp\/v2\/media\/106667"}],"wp:attachment":[{"href":"https:\/\/talkpal.ai\/pl\/wp-json\/wp\/v2\/media?parent=129205"}],"curies":[{"name":"wp","href":"https:\/\/api.w.org\/{rel}","templated":true}]}}