{"id":128903,"date":"2023-05-14T13:49:38","date_gmt":"2023-05-14T13:49:38","guid":{"rendered":"http:\/\/talkpal.ai\/gramatyka-niderlandzka\/"},"modified":"2025-12-11T17:02:55","modified_gmt":"2025-12-11T17:02:55","slug":"gramatyka-niderlandzka","status":"publish","type":"page","link":"https:\/\/talkpal.ai\/pl\/gramatyka-niderlandzka\/","title":{"rendered":"Gramatyka niderlandzka"},"content":{"rendered":"\r\n\r\n\r\n<section class=\"languageChallengeSection\">\r\n    <div class=\"languageInfoWrapper\">\r\n        \r\n        <h1>Gramatyka niderlandzka<\/h1>\r\n        <p>Poznaj podstawy j\u0119zyka niderlandzkiego, ucz\u0105c si\u0119 jego podstawowych zasad gramatycznych. Opanowanie gramatyki j\u0119zyka niderlandzkiego pomo\u017ce ci skutecznie komunikowa\u0107 si\u0119 i uzyska\u0107 g\u0142\u0119bszy wgl\u0105d w holendersk\u0105 kultur\u0119. Rozpocznij nauk\u0119 gramatyki niderlandzkiej ju\u017c dzi\u015b i zr\u00f3b pierwszy krok w kierunku p\u0142ynnego m\u00f3wienia!\n<\/p>\r\n\r\n                            <a class=\"getStartedHidden\" href=\"https:\/\/app.talkpal.ai\/pl\/signup?lng=\">Zaczynaj<\/a>\r\n        \r\n    <\/div>\r\n\r\n    <figure>\r\n    <img decoding=\"async\" width=\"768\" height=\"768\" src=\"https:\/\/talkpal.ai\/wp-content\/uploads\/2023\/06\/Dutch-768x768.png\" class=\"languageImage no-lazy\" alt=\"Developing skills through language learning\" fetchpriority=\"high\" sizes=\"(max-width: 768px) 150px, 768px\" srcset=\"https:\/\/talkpal.ai\/wp-content\/uploads\/2023\/06\/Dutch-768x768.png 768w, https:\/\/talkpal.ai\/wp-content\/uploads\/2023\/06\/Dutch-300x300.png 300w\" \/>\r\n    \r\n\r\n    <\/figure>\r\n\r\n            <a class=\"getStartedVisible\" href=\"https:\/\/app.talkpal.ai\/pl\/signup?lng=\">Zaczynaj<\/a>\r\n    \r\n<\/section>\r\n<section class=\"promotionalBanner\">\r\n    <p class=\"promotionalText\">Najbardziej efektywny spos\u00f3b nauki j\u0119zyka<\/p>\r\n    <a class=\"promotionalLink\" href=\"https:\/\/app.talkpal.ai\/pl\/signup?lng=\">Wypr\u00f3buj Talkpal za darmo<\/a>\r\n<\/section>\n<div class=\"wp-block-group pageContainerStyle\"><div class=\"wp-block-group__inner-container is-layout-constrained wp-block-group-is-layout-constrained\">\n<h2 class=\"wp-block-heading\" id=\"h-dutch-grammar-master-the-mechanics-of-the-dutch-language\">Gramatyka niderlandzka: opanuj mechanik\u0119 j\u0119zyka niderlandzkiego<\/h2>\n\n\n\n<p>Je\u015bli zdecydowa\u0142e\u015b si\u0119 na nauk\u0119 j\u0119zyka niderlandzkiego, czeka Ci\u0119 ekscytuj\u0105ca przeja\u017cd\u017cka! Z ponad 23 milionami u\u017cytkownik\u00f3w na ca\u0142ym <a href=\"https:\/\/talkpal.ai\/locations\/language-courses-in-swiecie\/\">\u015bwiecie<\/a>, niderlandzki jest fantastycznym j\u0119zykiem, kt\u00f3ry wzmocni Twoje umiej\u0119tno\u015bci j\u0119zykowe i poszerzy horyzonty. By\u0107 mo\u017ce s\u0142ysza\u0142e\u015b szepty o zawi\u0142o\u015bciach gramatyki niderlandzkiej, ale nie b\u00f3j si\u0119! Ten artyku\u0142 s\u0142u\u017cy jako przyjazny przewodnik dla pocz\u0105tkuj\u0105cych, kt\u00f3ry w zabawny, ale wyczerpuj\u0105cy spos\u00f3b omawia gramatyk\u0119 j\u0119zyka niderlandzkiego.<\/p>\n\n\n\n<h3 class=\"wp-block-heading\" id=\"h-1-the-pillar-of-dutch-grammar-word-order\">1. Filar gramatyki niderlandzkiej: szyk wyraz\u00f3w<\/h3>\n\n\n\n<p><a href=\"https:\/\/talkpal.ai\/dutch-grammar\/\">Gramatyka niderlandzka<\/a> w du\u017cej mierze opiera si\u0119 na szyku wyraz\u00f3w. Og\u00f3lnie rzecz bior\u0105c, ma on struktur\u0119 &#8222;podmiot-czasownik-przedmiot&#8221; podobn\u0105 do j\u0119zyka angielskiego. J\u0119zyk niderlandzki ma jednak unikaln\u0105 cech\u0119: szyk wyraz\u00f3w Czasownik Drugi (V2). W zdaniu zawieraj\u0105cym wi\u0119cej ni\u017c jeden czasownik drugi czasownik zostaje przesuni\u0119ty na koniec. Na przyk\u0142ad:<\/p>\n\n\n\n<p><a href=\"https:\/\/talkpal.ai\/learn-polish\/\">Polski<\/a>: Musz\u0119 dzi\u015b pracowa\u0107.<\/p>\n\n\n\n<p>niderlandzki: Ik moet vandaag werken. (dos\u0142ownie: &#8222;Musz\u0119 dzi\u015b pracowa\u0107&#8221;).<\/p>\n\n\n\n<p>Opanowanie szyku wyraz\u00f3w V2 jest niezb\u0119dne podczas nauki gramatyki niderlandzkiej.<\/p>\n\n\n\n<h3 class=\"wp-block-heading\" id=\"h-2-get-to-know-your-articles\">2. Zapoznaj si\u0119 ze swoimi artyku\u0142ami<\/h3>\n\n\n\n<p>J\u0119zyk niderlandzki ma dwa rodzajniki okre\u015blone (&#8222;de&#8221; i &#8222;het&#8221;) oraz przedimek nieokre\u015blony (&#8222;een&#8221;). Wyb\u00f3r mi\u0119dzy dwoma rodzajnikami okre\u015blonymi mo\u017ce by\u0107 trudny, bez okre\u015blonej regu\u0142y, kt\u00f3rej nale\u017cy przestrzega\u0107. Jako pocz\u0105tkuj\u0105cy, najlepszym sposobem na nauczenie si\u0119 ich jest praktyka i kontekst. Na przyk\u0142ad:<\/p>\n\n\n\n<p>De man &#8211; M\u0119\u017cczyzna<\/p>\n\n\n\n<p>Het meisje &#8211; Dziewczyna<\/p>\n\n\n\n<p>Een hond &#8211; pies<\/p>\n\n\n\n<h3 class=\"wp-block-heading\" id=\"h-3-the-dance-of-dutch-conjugations\">3. Taniec koniugacji holenderskich<\/h3>\n\n\n\n<p>Podobnie jak <a href=\"https:\/\/talkpal.ai\/learn-english-with-ai\/\">angielski<\/a>, czasowniki niderlandzkie zmieniaj\u0105 form\u0119, aby przekaza\u0107 czas i nastr\u00f3j. W j\u0119zyku niderlandzkim istniej\u0105 trzy podstawowe grupy koniugacji czasownik\u00f3w: czasowniki s\u0142abe, czasowniki mocne i czasowniki nieregularne.<\/p>\n\n\n\n<p>S\u0142abe czasowniki podlegaj\u0105 ustalonym regu\u0142om koniugacji, dzi\u0119ki czemu s\u0105 do\u015b\u0107 \u0142atwe do nauczenia.  <\/p>\n\n\n\n<p>Przyk\u0142ad (czas tera\u017aniejszy): Ik werk, jij werkt, hij\/zij\/u werkt, wij\/jullie\/zij werken<\/p>\n\n\n\n<p>Czasowniki mocne wi\u0105\u017c\u0105 si\u0119 ze zmianami samog\u0142osek, co cz\u0119sto prowadzi uczni\u00f3w do zapami\u0119tywania ich indywidualnie.<\/p>\n\n\n\n<p>Przyk\u0142ad (czas tera\u017aniejszy): Ik zing, jij zingt, hij\/zij\/u zingt, wij\/jullie\/zij zingen<\/p>\n\n\n\n<p>Czasowniki nieregularne, jak <a href=\"https:\/\/talkpal.ai\/locations\/language-courses-in-sama\/\">sama<\/a> nazwa wskazuje, nie maj\u0105 ustalonego wzorca koniugacji i nale\u017cy si\u0119 ich uczy\u0107 niezale\u017cnie.<\/p>\n\n\n\n<p>Przyk\u0142ad (czas tera\u017aniejszy): Ik ben, jij bent, hij\/zij\/u is, wij\/jullie\/zij zijn<\/p>\n\n\n\n<h3 class=\"wp-block-heading\" id=\"h-4-a-flair-for-pronouns\">4. Smyka\u0142ka do zaimk\u00f3w<\/h3>\n\n\n\n<p>Zaimki w gramatyce niderlandzkiej zast\u0119puj\u0105 rzeczowniki i s\u0105 niezb\u0119dne, aby Twoja mowa by\u0142a bardziej dynamiczna i p\u0142ynna. Istniej\u0105 zaimki osobowe, zaimki dzier\u017cawcze, zaimki wskazuj\u0105ce i zaimki zwrotne. Jako pocz\u0105tkuj\u0105cy, zrozumienie zaimk\u00f3w osobowych i dzier\u017cawczych ma kluczowe znaczenie.<\/p>\n\n\n\n<p>Zaimki osobowe: ik (ja), jij\/je (ty), hij\/zij\/ze (on\/ona), wij\/my (my), jullie (wy wszyscy), zij\/ze (oni)<\/p>\n\n\n\n<p>Zaimki dzier\u017cawcze: mijn (m\u00f3j), jouw\/je (tw\u00f3j), zijn\/haar (jego\/jej), ons\/onze (nasz), jullie (tw\u00f3j), hun\/hen (ich)<\/p>\n\n\n\n<h3 class=\"wp-block-heading\" id=\"h-5-cases-no-more-mostly\">5. Przypadki nie wi\u0119cej (w wi\u0119kszo\u015bci)<\/h3>\n\n\n\n<p>W przeciwie\u0144stwie do j\u0119zyka niemieckiego, j\u0119zyk niderlandzki nie stosuje ju\u017c systemu przypadk\u00f3w w \u017cyciu codziennym, co zapewnia pewn\u0105 ulg\u0119 w przeszkodach j\u0119zykowych. Jedynym wyj\u0105tkiem s\u0105 niderlandzkie warianty \u201ekto\u201d i \u201ekogo\u201d (odpowiednio wie i wie) oraz kilka sta\u0142ych wyra\u017ce\u0144 (takich jak te <a href=\"https:\/\/talkpal.ai\/locations\/learn-english-in-allen\/\">allen<\/a> tijde, co oznacza \u201eprzez ca\u0142y czas\u201d).  <\/p>\n\n\n\n<p>Gratulacje! Podj\u0105\u0142e\u015b pierwsze kroki w kierunku opanowania gramatyki j\u0119zyka niderlandzkiego. Pami\u0119taj, \u017ce praktyka jest kluczowa, wi\u0119c nie wahaj si\u0119 zag\u0142\u0119bia\u0107, komunikowa\u0107 si\u0119 z native speakerami i budowa\u0107 solidne podstawy. Veel odnosi sukces! (<a href=\"https:\/\/talkpal.ai\/culture\/how-do-you-say-good-luck-in-polish\/\">Powodzenia<\/a>!)<\/p>\n<\/div><\/div>\n\r\n<section class=\"learnNavigationSection\">\r\n            \r\n        <a href=\"https:\/\/talkpal.ai\/pl\/naucz-sie-niderlandzki\/\">\r\n            <div class=\"learnNavigationWrapper\">\r\n                <div class=\"learnNavigationContent\">\r\n                    <img decoding=\"async\" src=\"https:\/\/talkpal.ai\/wp-content\/uploads\/2024\/08\/Dutch.jpg\" alt=\"Netherlands Flag\">\r\n                    <div>\r\n                        <h4>O Dutch Learning<\/h4>\r\n                        <p>Dowiedz si\u0119 wszystkiego o gramatyce niderlandzkiej.<\/p>\r\n                    <\/div>\r\n                <\/div>\r\n            <\/div>\r\n        <\/a>\r\n\r\n        \r\n        <a href=\"https:\/\/talkpal.ai\/pl\/cwiczenia-gramatyczne-z-jezyka-niderlandzkiego\/\">\r\n            <div class=\"learnNavigationWrapper\">\r\n                <div class=\"learnNavigationContent\">\r\n                    <img decoding=\"async\" src=\"https:\/\/talkpal.ai\/wp-content\/uploads\/2024\/08\/Dutch.jpg\" alt=\"Netherlands Flag\">\r\n                    <div>\r\n                        <h4>Niderlandzki \u0106wiczenie gramatyczne<\/h4>\r\n                        <p>\u0106wicz gramatyk\u0119 niderlandzk\u0105.<\/p>\r\n                    <\/div>\r\n                <\/div>\r\n            <\/div>\r\n        <\/a>\r\n\r\n        \r\n        <a href=\"https:\/\/talkpal.ai\/vocabulary_language\/dutch\/\">\r\n            <div class=\"learnNavigationWrapper\">\r\n                <div class=\"learnNavigationContent\">\r\n                    <img decoding=\"async\" src=\"https:\/\/talkpal.ai\/wp-content\/uploads\/2024\/08\/Dutch.jpg\" alt=\"Netherlands Flag\">\r\n                    <div>\r\n                        <h4>S\u0142ownictwo niderlandzkie<\/h4>\r\n                        <p>Poszerz swoje niderlandzkie s\u0142ownictwo.<\/p>\r\n                    <\/div>\r\n                <\/div>\r\n            <\/div>\r\n        <\/a>\r\n\r\n            <\/section>","protected":false},"excerpt":{"rendered":"<p>Gramatyka niderlandzka: opanuj mechanik\u0119 j\u0119zyka niderlandzkiego Je\u015bli zdecydowa\u0142e\u015b si\u0119 na nauk\u0119 j\u0119zyka niderlandzkiego, czeka Ci\u0119 ekscytuj\u0105ca przeja\u017cd\u017cka! Z ponad 23 milionami u\u017cytkownik\u00f3w na ca\u0142ym \u015bwiecie, niderlandzki jest fantastycznym j\u0119zykiem, kt\u00f3ry wzmocni Twoje umiej\u0119tno\u015bci j\u0119zykowe i poszerzy horyzonty. By\u0107 mo\u017ce s\u0142ysza\u0142e\u015b szepty o zawi\u0142o\u015bciach gramatyki niderlandzkiej, ale nie b\u00f3j si\u0119! Ten artyku\u0142 s\u0142u\u017cy jako przyjazny przewodnik [&hellip;]<\/p>\n","protected":false},"author":1,"featured_media":106346,"parent":0,"menu_order":0,"comment_status":"closed","ping_status":"closed","template":"LearningContentPage.php","meta":{"_acf_changed":false,"footnotes":""},"class_list":["post-128903","page","type-page","status-publish","has-post-thumbnail","hentry"],"acf":[],"yoast_head":"<!-- This site is optimized with the Yoast SEO Premium plugin v27.2 (Yoast SEO v27.2) - https:\/\/yoast.com\/product\/yoast-seo-premium-wordpress\/ -->\n<title>Gramatyka niderlandzka - Talkpal<\/title>\n<meta name=\"description\" content=\"Opanuj gramatyk\u0119 niderlandzkiego z TalkpalTw\u00f3j korepetytor j\u0119zykowy oparty na sztucznej inteligencji. Uzyskaj dost\u0119p do jasnych wyja\u015bnie\u0144, praktycznych przyk\u0142ad\u00f3w i interaktywnych \u0107wicze\u0144!\" \/>\n<meta name=\"robots\" content=\"index, follow, max-snippet:-1, max-image-preview:large, max-video-preview:-1\" \/>\n<link rel=\"canonical\" href=\"https:\/\/talkpal.ai\/pl\/gramatyka-niderlandzka\/\" \/>\n<meta property=\"og:locale\" content=\"pl_PL\" \/>\n<meta property=\"og:type\" content=\"article\" \/>\n<meta property=\"og:title\" content=\"Gramatyka niderlandzka\" \/>\n<meta property=\"og:description\" content=\"Gramatyka niderlandzka: opanuj mechanik\u0119 j\u0119zyka niderlandzkiego Je\u015bli zdecydowa\u0142e\u015b si\u0119 na nauk\u0119 j\u0119zyka niderlandzkiego, czeka Ci\u0119 ekscytuj\u0105ca przeja\u017cd\u017cka!\" \/>\n<meta property=\"og:url\" content=\"https:\/\/talkpal.ai\/pl\/gramatyka-niderlandzka\/\" \/>\n<meta property=\"og:site_name\" content=\"Talkpal\" \/>\n<meta property=\"article:publisher\" content=\"https:\/\/www.facebook.com\/profile.php?id=100090733639311\" \/>\n<meta property=\"article:modified_time\" content=\"2025-12-11T17:02:55+00:00\" \/>\n<meta property=\"og:image\" content=\"https:\/\/talkpal.ai\/wp-content\/uploads\/2023\/04\/netherlands-dutch.png\" \/>\n\t<meta property=\"og:image:width\" content=\"512\" \/>\n\t<meta property=\"og:image:height\" content=\"512\" \/>\n\t<meta property=\"og:image:type\" content=\"image\/png\" \/>\n<meta name=\"twitter:card\" content=\"summary_large_image\" \/>\n<meta name=\"twitter:site\" content=\"@talkpalai\" \/>\n<meta name=\"twitter:label1\" content=\"Szacowany czas czytania\" \/>\n\t<meta name=\"twitter:data1\" content=\"3 minuty\" \/>\n<script type=\"application\/ld+json\" class=\"yoast-schema-graph\">{\"@context\":\"https:\/\/schema.org\",\"@graph\":[{\"@type\":\"WebPage\",\"@id\":\"https:\/\/talkpal.ai\/pl\/gramatyka-niderlandzka\/\",\"url\":\"https:\/\/talkpal.ai\/pl\/gramatyka-niderlandzka\/\",\"name\":\"Gramatyka niderlandzka - Talkpal\",\"isPartOf\":{\"@id\":\"https:\/\/talkpal.ai\/pl\/#website\"},\"primaryImageOfPage\":{\"@id\":\"https:\/\/talkpal.ai\/pl\/gramatyka-niderlandzka\/#primaryimage\"},\"image\":{\"@id\":\"https:\/\/talkpal.ai\/pl\/gramatyka-niderlandzka\/#primaryimage\"},\"thumbnailUrl\":\"https:\/\/talkpal.ai\/wp-content\/uploads\/2023\/04\/netherlands-dutch.png\",\"datePublished\":\"2023-05-14T13:49:38+00:00\",\"dateModified\":\"2025-12-11T17:02:55+00:00\",\"description\":\"Opanuj gramatyk\u0119 niderlandzkiego z TalkpalTw\u00f3j korepetytor j\u0119zykowy oparty na sztucznej inteligencji. Uzyskaj dost\u0119p do jasnych wyja\u015bnie\u0144, praktycznych przyk\u0142ad\u00f3w i interaktywnych \u0107wicze\u0144!\",\"breadcrumb\":{\"@id\":\"https:\/\/talkpal.ai\/pl\/gramatyka-niderlandzka\/#breadcrumb\"},\"inLanguage\":\"pl-PL\",\"potentialAction\":[{\"@type\":\"ReadAction\",\"target\":[\"https:\/\/talkpal.ai\/pl\/gramatyka-niderlandzka\/\"]}]},{\"@type\":\"ImageObject\",\"inLanguage\":\"pl-PL\",\"@id\":\"https:\/\/talkpal.ai\/pl\/gramatyka-niderlandzka\/#primaryimage\",\"url\":\"https:\/\/talkpal.ai\/wp-content\/uploads\/2023\/04\/netherlands-dutch.png\",\"contentUrl\":\"https:\/\/talkpal.ai\/wp-content\/uploads\/2023\/04\/netherlands-dutch.png\",\"width\":512,\"height\":512},{\"@type\":\"BreadcrumbList\",\"@id\":\"https:\/\/talkpal.ai\/pl\/gramatyka-niderlandzka\/#breadcrumb\",\"itemListElement\":[{\"@type\":\"ListItem\",\"position\":1,\"name\":\"Homepage\",\"item\":\"https:\/\/talkpal.ai\/pl\/\"},{\"@type\":\"ListItem\",\"position\":2,\"name\":\"Gramatyka niderlandzka\"}]},{\"@type\":\"WebSite\",\"@id\":\"https:\/\/talkpal.ai\/pl\/#website\",\"url\":\"https:\/\/talkpal.ai\/pl\/\",\"name\":\"Talkpal\",\"description\":\"AI Language Learning\",\"publisher\":{\"@id\":\"https:\/\/talkpal.ai\/pl\/#organization\"},\"alternateName\":\"Talkpal AI\",\"potentialAction\":[{\"@type\":\"SearchAction\",\"target\":{\"@type\":\"EntryPoint\",\"urlTemplate\":\"https:\/\/talkpal.ai\/pl\/?s={search_term_string}\"},\"query-input\":{\"@type\":\"PropertyValueSpecification\",\"valueRequired\":true,\"valueName\":\"search_term_string\"}}],\"inLanguage\":\"pl-PL\"},{\"@type\":\"Organization\",\"@id\":\"https:\/\/talkpal.ai\/pl\/#organization\",\"name\":\"Talkpal, Inc.\",\"alternateName\":\"Talkpal AI\",\"url\":\"https:\/\/talkpal.ai\/pl\/\",\"logo\":{\"@type\":\"ImageObject\",\"inLanguage\":\"pl-PL\",\"@id\":\"https:\/\/talkpal.ai\/pl\/#\/schema\/logo\/image\/\",\"url\":\"https:\/\/talkpal.ai\/wp-content\/uploads\/2024\/03\/Talkpal-Logo-Icon.png\",\"contentUrl\":\"https:\/\/talkpal.ai\/wp-content\/uploads\/2024\/03\/Talkpal-Logo-Icon.png\",\"width\":2880,\"height\":2880,\"caption\":\"Talkpal, Inc.\"},\"image\":{\"@id\":\"https:\/\/talkpal.ai\/pl\/#\/schema\/logo\/image\/\"},\"sameAs\":[\"https:\/\/www.facebook.com\/profile.php?id=100090733639311\",\"https:\/\/x.com\/talkpalai\",\"https:\/\/www.linkedin.com\/company\/talkpal\/\",\"https:\/\/www.youtube.com\/@TalkPal\/\",\"https:\/\/www.tiktok.com\/@talkpal\",\"https:\/\/www.instagram.com\/talkpal_ai\/\",\"https:\/\/www.crunchbase.com\/organization\/talkpal-9cde\",\"https:\/\/www.g2.com\/products\/talkpal-for-business\/\",\"https:\/\/www.trustpilot.com\/review\/talkpal.ai\",\"https:\/\/www.capterra.com\/p\/10006800\/TalkPal\/\"],\"description\":\"Talkpal is a language learning web and mobile education app, powered by the latest AI technologies, that provides engaging experiences to its customers in many different languages to help them improve their language skills. Users can chat about unlimited amount of topics with the app and use other modes to practice their language learning.\",\"email\":\"support@talkpal.ai\",\"legalName\":\"Talkpal, Inc.\",\"foundingDate\":\"2023-04-03\",\"duns\":\"118989042\",\"numberOfEmployees\":{\"@type\":\"QuantitativeValue\",\"minValue\":\"11\",\"maxValue\":\"50\"},\"publishingPrinciples\":\"https:\/\/talkpal.ai\/publishing-principles\/\",\"actionableFeedbackPolicy\":\"https:\/\/talkpal.ai\/actionable-feedback-policy\/\",\"correctionsPolicy\":\"https:\/\/talkpal.ai\/corrections-policy\/\",\"ethicsPolicy\":\"https:\/\/talkpal.ai\/ethics-policy\/\",\"diversityPolicy\":\"https:\/\/talkpal.ai\/diversity-policy\/\",\"diversityStaffingReport\":\"https:\/\/talkpal.ai\/diversity-policy\/\"}]}<\/script>\n<!-- \/ Yoast SEO Premium plugin. -->","yoast_head_json":{"title":"Gramatyka niderlandzka - Talkpal","description":"Opanuj gramatyk\u0119 niderlandzkiego z TalkpalTw\u00f3j korepetytor j\u0119zykowy oparty na sztucznej inteligencji. Uzyskaj dost\u0119p do jasnych wyja\u015bnie\u0144, praktycznych przyk\u0142ad\u00f3w i interaktywnych \u0107wicze\u0144!","robots":{"index":"index","follow":"follow","max-snippet":"max-snippet:-1","max-image-preview":"max-image-preview:large","max-video-preview":"max-video-preview:-1"},"canonical":"https:\/\/talkpal.ai\/pl\/gramatyka-niderlandzka\/","og_locale":"pl_PL","og_type":"article","og_title":"Gramatyka niderlandzka","og_description":"Gramatyka niderlandzka: opanuj mechanik\u0119 j\u0119zyka niderlandzkiego Je\u015bli zdecydowa\u0142e\u015b si\u0119 na nauk\u0119 j\u0119zyka niderlandzkiego, czeka Ci\u0119 ekscytuj\u0105ca przeja\u017cd\u017cka!","og_url":"https:\/\/talkpal.ai\/pl\/gramatyka-niderlandzka\/","og_site_name":"Talkpal","article_publisher":"https:\/\/www.facebook.com\/profile.php?id=100090733639311","article_modified_time":"2025-12-11T17:02:55+00:00","og_image":[{"width":512,"height":512,"url":"https:\/\/talkpal.ai\/wp-content\/uploads\/2023\/04\/netherlands-dutch.png","type":"image\/png"}],"twitter_card":"summary_large_image","twitter_site":"@talkpalai","twitter_misc":{"Szacowany czas czytania":"3 minuty"},"schema":{"@context":"https:\/\/schema.org","@graph":[{"@type":"WebPage","@id":"https:\/\/talkpal.ai\/pl\/gramatyka-niderlandzka\/","url":"https:\/\/talkpal.ai\/pl\/gramatyka-niderlandzka\/","name":"Gramatyka niderlandzka - Talkpal","isPartOf":{"@id":"https:\/\/talkpal.ai\/pl\/#website"},"primaryImageOfPage":{"@id":"https:\/\/talkpal.ai\/pl\/gramatyka-niderlandzka\/#primaryimage"},"image":{"@id":"https:\/\/talkpal.ai\/pl\/gramatyka-niderlandzka\/#primaryimage"},"thumbnailUrl":"https:\/\/talkpal.ai\/wp-content\/uploads\/2023\/04\/netherlands-dutch.png","datePublished":"2023-05-14T13:49:38+00:00","dateModified":"2025-12-11T17:02:55+00:00","description":"Opanuj gramatyk\u0119 niderlandzkiego z TalkpalTw\u00f3j korepetytor j\u0119zykowy oparty na sztucznej inteligencji. Uzyskaj dost\u0119p do jasnych wyja\u015bnie\u0144, praktycznych przyk\u0142ad\u00f3w i interaktywnych \u0107wicze\u0144!","breadcrumb":{"@id":"https:\/\/talkpal.ai\/pl\/gramatyka-niderlandzka\/#breadcrumb"},"inLanguage":"pl-PL","potentialAction":[{"@type":"ReadAction","target":["https:\/\/talkpal.ai\/pl\/gramatyka-niderlandzka\/"]}]},{"@type":"ImageObject","inLanguage":"pl-PL","@id":"https:\/\/talkpal.ai\/pl\/gramatyka-niderlandzka\/#primaryimage","url":"https:\/\/talkpal.ai\/wp-content\/uploads\/2023\/04\/netherlands-dutch.png","contentUrl":"https:\/\/talkpal.ai\/wp-content\/uploads\/2023\/04\/netherlands-dutch.png","width":512,"height":512},{"@type":"BreadcrumbList","@id":"https:\/\/talkpal.ai\/pl\/gramatyka-niderlandzka\/#breadcrumb","itemListElement":[{"@type":"ListItem","position":1,"name":"Homepage","item":"https:\/\/talkpal.ai\/pl\/"},{"@type":"ListItem","position":2,"name":"Gramatyka niderlandzka"}]},{"@type":"WebSite","@id":"https:\/\/talkpal.ai\/pl\/#website","url":"https:\/\/talkpal.ai\/pl\/","name":"Talkpal","description":"AI Language Learning","publisher":{"@id":"https:\/\/talkpal.ai\/pl\/#organization"},"alternateName":"Talkpal AI","potentialAction":[{"@type":"SearchAction","target":{"@type":"EntryPoint","urlTemplate":"https:\/\/talkpal.ai\/pl\/?s={search_term_string}"},"query-input":{"@type":"PropertyValueSpecification","valueRequired":true,"valueName":"search_term_string"}}],"inLanguage":"pl-PL"},{"@type":"Organization","@id":"https:\/\/talkpal.ai\/pl\/#organization","name":"Talkpal, Inc.","alternateName":"Talkpal AI","url":"https:\/\/talkpal.ai\/pl\/","logo":{"@type":"ImageObject","inLanguage":"pl-PL","@id":"https:\/\/talkpal.ai\/pl\/#\/schema\/logo\/image\/","url":"https:\/\/talkpal.ai\/wp-content\/uploads\/2024\/03\/Talkpal-Logo-Icon.png","contentUrl":"https:\/\/talkpal.ai\/wp-content\/uploads\/2024\/03\/Talkpal-Logo-Icon.png","width":2880,"height":2880,"caption":"Talkpal, Inc."},"image":{"@id":"https:\/\/talkpal.ai\/pl\/#\/schema\/logo\/image\/"},"sameAs":["https:\/\/www.facebook.com\/profile.php?id=100090733639311","https:\/\/x.com\/talkpalai","https:\/\/www.linkedin.com\/company\/talkpal\/","https:\/\/www.youtube.com\/@TalkPal\/","https:\/\/www.tiktok.com\/@talkpal","https:\/\/www.instagram.com\/talkpal_ai\/","https:\/\/www.crunchbase.com\/organization\/talkpal-9cde","https:\/\/www.g2.com\/products\/talkpal-for-business\/","https:\/\/www.trustpilot.com\/review\/talkpal.ai","https:\/\/www.capterra.com\/p\/10006800\/TalkPal\/"],"description":"Talkpal is a language learning web and mobile education app, powered by the latest AI technologies, that provides engaging experiences to its customers in many different languages to help them improve their language skills. Users can chat about unlimited amount of topics with the app and use other modes to practice their language learning.","email":"support@talkpal.ai","legalName":"Talkpal, Inc.","foundingDate":"2023-04-03","duns":"118989042","numberOfEmployees":{"@type":"QuantitativeValue","minValue":"11","maxValue":"50"},"publishingPrinciples":"https:\/\/talkpal.ai\/publishing-principles\/","actionableFeedbackPolicy":"https:\/\/talkpal.ai\/actionable-feedback-policy\/","correctionsPolicy":"https:\/\/talkpal.ai\/corrections-policy\/","ethicsPolicy":"https:\/\/talkpal.ai\/ethics-policy\/","diversityPolicy":"https:\/\/talkpal.ai\/diversity-policy\/","diversityStaffingReport":"https:\/\/talkpal.ai\/diversity-policy\/"}]}},"_links":{"self":[{"href":"https:\/\/talkpal.ai\/pl\/wp-json\/wp\/v2\/pages\/128903","targetHints":{"allow":["GET"]}}],"collection":[{"href":"https:\/\/talkpal.ai\/pl\/wp-json\/wp\/v2\/pages"}],"about":[{"href":"https:\/\/talkpal.ai\/pl\/wp-json\/wp\/v2\/types\/page"}],"author":[{"embeddable":true,"href":"https:\/\/talkpal.ai\/pl\/wp-json\/wp\/v2\/users\/1"}],"replies":[{"embeddable":true,"href":"https:\/\/talkpal.ai\/pl\/wp-json\/wp\/v2\/comments?post=128903"}],"version-history":[{"count":0,"href":"https:\/\/talkpal.ai\/pl\/wp-json\/wp\/v2\/pages\/128903\/revisions"}],"wp:featuredmedia":[{"embeddable":true,"href":"https:\/\/talkpal.ai\/pl\/wp-json\/wp\/v2\/media\/106346"}],"wp:attachment":[{"href":"https:\/\/talkpal.ai\/pl\/wp-json\/wp\/v2\/media?parent=128903"}],"curies":[{"name":"wp","href":"https:\/\/api.w.org\/{rel}","templated":true}]}}