{"id":128455,"date":"2023-05-14T13:48:36","date_gmt":"2023-05-14T13:48:36","guid":{"rendered":"http:\/\/talkpal.ai\/gramatyka-chinska\/"},"modified":"2025-06-17T16:38:45","modified_gmt":"2025-06-17T16:38:45","slug":"gramatyka-chinska","status":"publish","type":"page","link":"https:\/\/talkpal.ai\/pl\/gramatyka-chinska\/","title":{"rendered":"Gramatyka chi\u0144ska"},"content":{"rendered":"\r\n\r\n\r\n<section class=\"languageChallengeSection\">\r\n    <div class=\"languageInfoWrapper\">\r\n        \r\n        <h1>Gramatyka chi\u0144ska<\/h1>\r\n        <p>Wzmocnij swoje umiej\u0119tno\u015bci j\u0119zykowe, ucz\u0105c si\u0119 kluczowych struktur gramatycznych i wzorc\u00f3w u\u017cycia. Zacznij doskonali\u0107 swoj\u0105 gramatyk\u0119 chi\u0144sk\u0105 ju\u017c dzi\u015b i komunikuj si\u0119 pewnie!<\/p>\r\n\r\n                            <a class=\"getStartedHidden\" href=\"https:\/\/app.talkpal.ai\/pl\/signup?lng=\">Zaczynaj<\/a>\r\n        \r\n    <\/div>\r\n\r\n    <figure>\r\n    <img decoding=\"async\" width=\"768\" height=\"768\" src=\"https:\/\/talkpal.ai\/wp-content\/uploads\/2023\/06\/chinese-768x768.png\" class=\"languageImage no-lazy\" alt=\"Language learning for flexible communication\" fetchpriority=\"high\" sizes=\"(max-width: 768px) 150px, 768px\" srcset=\"https:\/\/talkpal.ai\/wp-content\/uploads\/2023\/06\/chinese-768x768.png 768w, https:\/\/talkpal.ai\/wp-content\/uploads\/2023\/06\/chinese-300x300.png 300w\" \/>\r\n    \r\n\r\n    <\/figure>\r\n\r\n            <a class=\"getStartedVisible\" href=\"https:\/\/app.talkpal.ai\/pl\/signup?lng=\">Zaczynaj<\/a>\r\n    \r\n<\/section>\r\n<section class=\"promotionalBanner\">\r\n    <p class=\"promotionalText\">Najbardziej efektywny spos\u00f3b nauki j\u0119zyka<\/p>\r\n    <a class=\"promotionalLink\" href=\"https:\/\/app.talkpal.ai\/pl\/signup?lng=\">Wypr\u00f3buj Talkpal za darmo<\/a>\r\n<\/section>\n<div class=\"wp-block-group pageContainerStyle\"><div class=\"wp-block-group__inner-container is-layout-constrained wp-block-group-is-layout-constrained\">\n<h2 class=\"wp-block-heading\" id=\"h-chinese-grammar-the-key-to-mastering-mandarin\">Gramatyka chi\u0144ska: klucz do opanowania mandary\u0144skiego<\/h2>\n\n\n\n<p>Czy jeste\u015b ambitnym uczniem j\u0119zyka, kt\u00f3ry postawi\u0142 sobie za cel opanowanie mandary\u0144skiego? Je\u015bli tak, to gratulacje! Zmierzenie si\u0119 z chi\u0144skim to fantastyczny spos\u00f3b na poszerzenie swojego globalnego sposobu my\u015blenia, nawi\u0105zanie <a href=\"https:\/\/talkpal.ai\/contact\/\">kontaktu<\/a> z szerokim gronem m\u00f3wc\u00f3w i rzucenie sobie intelektualnych wyzwa\u0144. Jednak przy 1,2 miliarda rodzimych u\u017cytkownik\u00f3w j\u0119zyka i systemie j\u0119zykowym znacznie r\u00f3\u017cni\u0105cym si\u0119 od j\u0119zyk\u00f3w zachodnich, <a href=\"https:\/\/talkpal.ai\/chinese-grammar\/\">gramatyka chi\u0144ska<\/a> mo\u017ce wydawa\u0107 si\u0119 do\u015b\u0107 zniech\u0119caj\u0105ca. Nie b\u00f3j si\u0119! Czytaj dalej, aby zapozna\u0107 si\u0119 z przyjaznym dla pocz\u0105tkuj\u0105cych kursem gramatyki chi\u0144skiej, kt\u00f3ry jest zar\u00f3wno wci\u0105gaj\u0105cy, jak i pouczaj\u0105cy.<\/p>\n\n\n\n<p><strong>Po pierwsze: zapomnij o tym, co wiesz o j\u0119zykach europejskich!<\/strong><\/p>\n\n\n\n<p>Jednym z g\u0142\u00f3wnych powod\u00f3w, dla kt\u00f3rych <a href=\"https:\/\/talkpal.ai\/talkpal-discount-for-students\/\">studenci<\/a> <a href=\"https:\/\/talkpal.ai\/pl\/nauka-jezykow-obcych-dla-szkol-jezykowych\/\">j\u0119zyk\u00f3w obcych<\/a> s\u0105 onie\u015bmieleni chi\u0144sk\u0105 gramatyk\u0105, jest to, \u017ce radykalnie r\u00f3\u017cni si\u0119 ona od struktury &#8222;podmiot-czasownik-przedmiot&#8221;, do kt\u00f3rej jeste\u015bmy przyzwyczajeni w j\u0119zykach takich jak <a href=\"https:\/\/talkpal.ai\/learn-english-with-ai\/\">angielski<\/a>, <a href=\"https:\/\/talkpal.ai\/learn-spanish\/\">hiszpa\u0144ski<\/a> czy <a href=\"https:\/\/talkpal.ai\/learn-french\/\">francuski<\/a>. We\u017amy wi\u0119c g\u0142\u0119boki oddech i zanurzmy si\u0119 w zupe\u0142nie <a href=\"https:\/\/talkpal.ai\/talkpal-new-years-discount\/\">nowy<\/a> wszech\u015bwiat j\u0119zykowych regu\u0142 i poj\u0119\u0107!<\/p>\n\n\n\n<h3 class=\"wp-block-heading\" id=\"h-1-word-order-is-king\">1. Szyk wyraz\u00f3w jest kr\u00f3lem<\/h3>\n\n\n\n<p>Chocia\u017c w gramatyce chi\u0144skiej nie ma czas\u00f3w, koniugacji czasownik\u00f3w ani liczby mnogiej, najwa\u017cniejsza jest w\u0142a\u015bciwa struktura zda\u0144. Jak wi\u0119c osi\u0105ga si\u0119 prawid\u0142owy szyk wyraz\u00f3w? W wi\u0119kszo\u015bci przypadk\u00f3w po prostu post\u0119puj zgodnie ze wzorcem &#8222;podmiot-orzeczenie-dope\u0142nienie&#8221; (podobnie jak w j\u0119zyku angielskim). Na przyk\u0142ad:<\/p>\n\n\n\n<p><a href=\"https:\/\/talkpal.ai\/learn-polish\/\">Polski<\/a>: Kocham ci\u0119.<br\/>Chi\u0144ski: \u6211\u7231\u4f60\u3002 W\u01d2 \u00e0i n\u01d0.<\/p>\n\n\n\n<p>Istniej\u0105 bardziej z\u0142o\u017cone struktury, ale rozwini\u0119cie mocnych podstaw sprawi, \u017ce b\u0119d\u0105 \u0142atwiejsze do uchwycenia w miar\u0119 post\u0119p\u00f3w.<\/p>\n\n\n\n<h3 class=\"wp-block-heading\" id=\"h-2-particles-particles-everywhere\">2. Cz\u0105steczki, cz\u0105steczki wsz\u0119dzie!<\/h3>\n\n\n\n<p>W gramatyce chi\u0144skiej partyku\u0142y odgrywaj\u0105 kluczow\u0105 rol\u0119 w przekazywaniu znaczenia. Jedn\u0105 z najpopularniejszych cz\u0105stek jest &#8222;\u4e86 (le)&#8221;, kt\u00f3ra sygnalizuje zako\u0144czon\u0105 czynno\u015b\u0107. Na przyk\u0142ad:<\/p>\n\n\n\n<p>\u6211\u5403\u4e86\u3002W\u01d2 ch\u012b le. &#8211; &#8222;Zjad\u0142em&#8221;.<\/p>\n\n\n\n<p>Inn\u0105 powszechn\u0105 cz\u0105stk\u0105 jest &#8222;\u5427 (ba)&#8221;, kt\u00f3ra zamienia stwierdzenie w sugesti\u0119 lub pytanie:<\/p>\n\n\n\n<p>\u8d70\u5427\uff01Z\u01d2u ba! &#8211; &#8222;Chod\u017amy!&#8221;<\/p>\n\n\n\n<p>Zrozumienie funkcji r\u00f3\u017cnych cz\u0105stek jest kluczem do opanowania niuans\u00f3w gramatyki chi\u0144skiej.<\/p>\n\n\n\n<h3 class=\"wp-block-heading\" id=\"h-3-measure-words-quality-not-quantity\">3. Mierz s\u0142owa: jako\u015b\u0107, a nie ilo\u015b\u0107<\/h3>\n\n\n\n<p>W j\u0119zyku chi\u0144skim rzeczowniki nie maj\u0105 liczby mnogiej. Zamiast tego u\u017cywaj\u0105 s\u0142\u00f3w miary (znanych r\u00f3wnie\u017c jako klasyfikatory) do wyra\u017cania ilo\u015bci. S\u0142owa miary s\u0105 dodawane mi\u0119dzy liczb\u0105 a rzeczownikiem. Na przyk\u0142ad:<\/p>\n\n\n\n<p>\u4e00\u672c\u4e66 &#8211; Y\u012b b\u011bn sh\u016b &#8211; &#8222;jedna ksi\u0105\u017cka&#8221;<\/p>\n\n\n\n<p>Zwr\u00f3\u0107 uwag\u0119 na u\u017cycie \u672c (b\u011bn) jako s\u0142owa miary dla ksi\u0105\u017cek. R\u00f3\u017cne rzeczowniki wymagaj\u0105 r\u00f3\u017cnych s\u0142\u00f3w miar i cho\u0107 na pocz\u0105tku mo\u017ce si\u0119 to wydawa\u0107 k\u0142opotliwe, z czasem stanie si\u0119 drug\u0105 natur\u0105.<\/p>\n\n\n\n<h3 class=\"wp-block-heading\" id=\"h-4-the-magic-of-compound-words\">4. Magia s\u0142\u00f3w z\u0142o\u017conych<\/h3>\n\n\n\n<p>J\u0119zyk chi\u0144ski jest pe\u0142en s\u0142\u00f3w z\u0142o\u017conych, kt\u00f3re powstaj\u0105 przez po\u0142\u0105czenie dw\u00f3ch lub wi\u0119cej znak\u00f3w. Nie tylko upraszcza to nauk\u0119 s\u0142ownictwa, ale tak\u017ce pozwala na \u017cywe obrazy i kontekst. Na przyk\u0142ad:<\/p>\n\n\n\n<p>\u706b\u8f66 &#8211; Hu\u01d2ch\u0113 &#8211; &#8222;poci\u0105g&#8221; (dos\u0142ownie: &#8222;pojazd stra\u017cacki&#8221;)<br\/>\u7535\u8bdd &#8211; Di\u00e0nhu\u00e0 &#8211; &#8222;telefon&#8221; (dos\u0142ownie: &#8222;elektryczna mowa&#8221;)<\/p>\n\n\n\n<p>Rozumiej\u0105c znaczenie poszczeg\u00f3lnych znak\u00f3w, mo\u017cna \u0142atwo wywnioskowa\u0107 znaczenie z\u0142o\u017conych s\u0142\u00f3w, z kt\u00f3rymi nigdy wcze\u015bniej si\u0119 nie zetkn\u0119li\u015bmy.<\/p>\n\n\n\n<h3 class=\"wp-block-heading\" id=\"h-5-no-tenses-no-problem\">5. Brak czas\u00f3w? Nie ma sprawy!<\/h3>\n\n\n\n<p>Jednym z najbardziej od\u015bwie\u017caj\u0105cych aspekt\u00f3w j\u0119zyka chi\u0144skiego jest brak koniugacji czasownik\u00f3w dla r\u00f3\u017cnych czas\u00f3w. Ale jak wyra\u017casz czas? Prosty! Wystarczy, \u017ce podasz s\u0142owa, kt\u00f3re wskazuj\u0105 ramy czasowe, takie jak:<\/p>\n\n\n\n<p>\u6628\u5929 &#8211; Zu\u00f3ti\u0101n &#8211; &#8222;wczoraj&#8221;<br\/>\u660e\u5929 &#8211; M\u00edngti\u0101n &#8211; &#8222;jutro&#8221;<\/p>\n\n\n\n<p><strong>Na przyk\u0142ad:<\/strong><\/p>\n\n\n\n<p>\u6211\u6628\u5929\u5403\u4e86\u996d\u3002W\u01d2 zu\u00f3ti\u0101n ch\u012b le f\u00e0n. &#8211; &#8222;Jad\u0142em wczoraj jedzenie&#8221;.<br\/>\u6211\u660e\u5929\u5403\u996d\u3002W\u01d2 m\u00edngti\u0101n ch\u012b f\u00e0n. &#8211; &#8222;Jutro b\u0119d\u0119 jad\u0142 jedzenie&#8221;.<\/p>\n\n\n\n<p>Gratulacje! Podj\u0105\u0142e\u015b pierwsze kroki w kierunku opanowania chi\u0144skiej gramatyki. Pami\u0119taj: praktyka czyni mistrza. Nie unikaj wi\u0119c poznawania nowych struktur gramatycznych, rozmawiania z native speakerami i wzmacniania swoich podstaw. \u015awiat mandary\u0144skiego czeka na Ciebie &#8211; szcz\u0119\u015bliwej nauki!<\/p>\n<\/div><\/div>\n\r\n<section class=\"learnNavigationSection\">\r\n            \r\n        <a href=\"https:\/\/talkpal.ai\/pl\/naucz-sie-chinskiego\/\">\r\n            <div class=\"learnNavigationWrapper\">\r\n                <div class=\"learnNavigationContent\">\r\n                    <img decoding=\"async\" src=\"https:\/\/talkpal.ai\/wp-content\/uploads\/2024\/08\/Chinese.jpg\" alt=\"Chinese Flag\u00a0\">\r\n                    <div>\r\n                        <h4>O nauce chi\u0144skiego<\/h4>\r\n                        <p>Dowiedz si\u0119 wszystkiego o gramatyce chi\u0144skiej.<\/p>\r\n                    <\/div>\r\n                <\/div>\r\n            <\/div>\r\n        <\/a>\r\n\r\n        \r\n        <a href=\"https:\/\/talkpal.ai\/pl\/cwiczenia-z-gramatyki-chinskiej\/\">\r\n            <div class=\"learnNavigationWrapper\">\r\n                <div class=\"learnNavigationContent\">\r\n                    <img decoding=\"async\" src=\"https:\/\/talkpal.ai\/wp-content\/uploads\/2024\/08\/Chinese.jpg\" alt=\"Chinese Flag\u00a0\">\r\n                    <div>\r\n                        <h4>Chi\u0144skie \u0107wiczenia gramatyczne<\/h4>\r\n                        <p>\u0106wicz gramatyk\u0119 chi\u0144sk\u0105.<\/p>\r\n                    <\/div>\r\n                <\/div>\r\n            <\/div>\r\n        <\/a>\r\n\r\n        \r\n        <a href=\"https:\/\/talkpal.ai\/vocabulary_language\/chinese\/\">\r\n            <div class=\"learnNavigationWrapper\">\r\n                <div class=\"learnNavigationContent\">\r\n                    <img decoding=\"async\" src=\"https:\/\/talkpal.ai\/wp-content\/uploads\/2024\/08\/Chinese.jpg\" alt=\"Chinese Flag\u00a0\">\r\n                    <div>\r\n                        <h4>Chi\u0144skie s\u0142ownictwo<\/h4>\r\n                        <p>Poszerz swoje chi\u0144skie s\u0142ownictwo.<\/p>\r\n                    <\/div>\r\n                <\/div>\r\n            <\/div>\r\n        <\/a>\r\n\r\n            <\/section>","protected":false},"excerpt":{"rendered":"<p>Gramatyka chi\u0144ska: klucz do opanowania mandary\u0144skiego Czy jeste\u015b ambitnym uczniem j\u0119zyka, kt\u00f3ry postawi\u0142 sobie za cel opanowanie mandary\u0144skiego? Je\u015bli tak, to gratulacje! Zmierzenie si\u0119 z chi\u0144skim to fantastyczny spos\u00f3b na poszerzenie swojego globalnego sposobu my\u015blenia, nawi\u0105zanie kontaktu z szerokim gronem m\u00f3wc\u00f3w i rzucenie sobie intelektualnych wyzwa\u0144. Jednak przy 1,2 miliarda rodzimych u\u017cytkownik\u00f3w j\u0119zyka i systemie [&hellip;]<\/p>\n","protected":false},"author":1,"featured_media":106061,"parent":0,"menu_order":0,"comment_status":"closed","ping_status":"closed","template":"LearningContentPage.php","meta":{"_acf_changed":false,"footnotes":""},"class_list":["post-128455","page","type-page","status-publish","has-post-thumbnail","hentry"],"acf":[],"yoast_head":"<!-- This site is optimized with the Yoast SEO Premium plugin v27.2 (Yoast SEO v27.2) - https:\/\/yoast.com\/product\/yoast-seo-premium-wordpress\/ -->\n<title>Gramatyka chi\u0144ska - Talkpal<\/title>\n<meta name=\"description\" content=\"Odkryj sekrety gramatyki chi\u0144skiej, aby lepiej zrozumie\u0107 j\u0119zyk i kultur\u0119 chi\u0144sk\u0105.\" \/>\n<meta name=\"robots\" content=\"index, follow, max-snippet:-1, max-image-preview:large, max-video-preview:-1\" \/>\n<link rel=\"canonical\" href=\"https:\/\/talkpal.ai\/pl\/gramatyka-chinska\/\" \/>\n<meta property=\"og:locale\" content=\"pl_PL\" \/>\n<meta property=\"og:type\" content=\"article\" \/>\n<meta property=\"og:title\" content=\"Gramatyka chi\u0144ska\" \/>\n<meta property=\"og:description\" content=\"Gramatyka chi\u0144ska: klucz do opanowania mandary\u0144skiego Czy jeste\u015b ambitnym uczniem j\u0119zyka, kt\u00f3ry postawi\u0142 sobie za cel opanowanie mandary\u0144skiego? Je\u015bli\" \/>\n<meta property=\"og:url\" content=\"https:\/\/talkpal.ai\/pl\/gramatyka-chinska\/\" \/>\n<meta property=\"og:site_name\" content=\"Talkpal\" \/>\n<meta property=\"article:publisher\" content=\"https:\/\/www.facebook.com\/profile.php?id=100090733639311\" \/>\n<meta property=\"article:modified_time\" content=\"2025-06-17T16:38:45+00:00\" \/>\n<meta property=\"og:image\" content=\"https:\/\/talkpal.ai\/wp-content\/uploads\/2023\/04\/china.png\" \/>\n\t<meta property=\"og:image:width\" content=\"512\" \/>\n\t<meta property=\"og:image:height\" content=\"512\" \/>\n\t<meta property=\"og:image:type\" content=\"image\/png\" \/>\n<meta name=\"twitter:card\" content=\"summary_large_image\" \/>\n<meta name=\"twitter:site\" content=\"@talkpalai\" \/>\n<meta name=\"twitter:label1\" content=\"Szacowany czas czytania\" \/>\n\t<meta name=\"twitter:data1\" content=\"3 minuty\" \/>\n<script type=\"application\/ld+json\" class=\"yoast-schema-graph\">{\"@context\":\"https:\/\/schema.org\",\"@graph\":[{\"@type\":\"WebPage\",\"@id\":\"https:\/\/talkpal.ai\/pl\/gramatyka-chinska\/\",\"url\":\"https:\/\/talkpal.ai\/pl\/gramatyka-chinska\/\",\"name\":\"Gramatyka chi\u0144ska - Talkpal\",\"isPartOf\":{\"@id\":\"https:\/\/talkpal.ai\/pl\/#website\"},\"primaryImageOfPage\":{\"@id\":\"https:\/\/talkpal.ai\/pl\/gramatyka-chinska\/#primaryimage\"},\"image\":{\"@id\":\"https:\/\/talkpal.ai\/pl\/gramatyka-chinska\/#primaryimage\"},\"thumbnailUrl\":\"https:\/\/talkpal.ai\/wp-content\/uploads\/2023\/04\/china.png\",\"datePublished\":\"2023-05-14T13:48:36+00:00\",\"dateModified\":\"2025-06-17T16:38:45+00:00\",\"description\":\"Odkryj sekrety gramatyki chi\u0144skiej, aby lepiej zrozumie\u0107 j\u0119zyk i kultur\u0119 chi\u0144sk\u0105.\",\"breadcrumb\":{\"@id\":\"https:\/\/talkpal.ai\/pl\/gramatyka-chinska\/#breadcrumb\"},\"inLanguage\":\"pl-PL\",\"potentialAction\":[{\"@type\":\"ReadAction\",\"target\":[\"https:\/\/talkpal.ai\/pl\/gramatyka-chinska\/\"]}]},{\"@type\":\"ImageObject\",\"inLanguage\":\"pl-PL\",\"@id\":\"https:\/\/talkpal.ai\/pl\/gramatyka-chinska\/#primaryimage\",\"url\":\"https:\/\/talkpal.ai\/wp-content\/uploads\/2023\/04\/china.png\",\"contentUrl\":\"https:\/\/talkpal.ai\/wp-content\/uploads\/2023\/04\/china.png\",\"width\":512,\"height\":512},{\"@type\":\"BreadcrumbList\",\"@id\":\"https:\/\/talkpal.ai\/pl\/gramatyka-chinska\/#breadcrumb\",\"itemListElement\":[{\"@type\":\"ListItem\",\"position\":1,\"name\":\"Homepage\",\"item\":\"https:\/\/talkpal.ai\/pl\/\"},{\"@type\":\"ListItem\",\"position\":2,\"name\":\"Gramatyka chi\u0144ska\"}]},{\"@type\":\"WebSite\",\"@id\":\"https:\/\/talkpal.ai\/pl\/#website\",\"url\":\"https:\/\/talkpal.ai\/pl\/\",\"name\":\"Talkpal\",\"description\":\"AI Language Learning\",\"publisher\":{\"@id\":\"https:\/\/talkpal.ai\/pl\/#organization\"},\"alternateName\":\"Talkpal AI\",\"potentialAction\":[{\"@type\":\"SearchAction\",\"target\":{\"@type\":\"EntryPoint\",\"urlTemplate\":\"https:\/\/talkpal.ai\/pl\/?s={search_term_string}\"},\"query-input\":{\"@type\":\"PropertyValueSpecification\",\"valueRequired\":true,\"valueName\":\"search_term_string\"}}],\"inLanguage\":\"pl-PL\"},{\"@type\":\"Organization\",\"@id\":\"https:\/\/talkpal.ai\/pl\/#organization\",\"name\":\"Talkpal, Inc.\",\"alternateName\":\"Talkpal AI\",\"url\":\"https:\/\/talkpal.ai\/pl\/\",\"logo\":{\"@type\":\"ImageObject\",\"inLanguage\":\"pl-PL\",\"@id\":\"https:\/\/talkpal.ai\/pl\/#\/schema\/logo\/image\/\",\"url\":\"https:\/\/talkpal.ai\/wp-content\/uploads\/2024\/03\/Talkpal-Logo-Icon.png\",\"contentUrl\":\"https:\/\/talkpal.ai\/wp-content\/uploads\/2024\/03\/Talkpal-Logo-Icon.png\",\"width\":2880,\"height\":2880,\"caption\":\"Talkpal, Inc.\"},\"image\":{\"@id\":\"https:\/\/talkpal.ai\/pl\/#\/schema\/logo\/image\/\"},\"sameAs\":[\"https:\/\/www.facebook.com\/profile.php?id=100090733639311\",\"https:\/\/x.com\/talkpalai\",\"https:\/\/www.linkedin.com\/company\/talkpal\/\",\"https:\/\/www.youtube.com\/@TalkPal\/\",\"https:\/\/www.tiktok.com\/@talkpal\",\"https:\/\/www.instagram.com\/talkpal_ai\/\",\"https:\/\/www.crunchbase.com\/organization\/talkpal-9cde\",\"https:\/\/www.g2.com\/products\/talkpal-for-business\/\",\"https:\/\/www.trustpilot.com\/review\/talkpal.ai\",\"https:\/\/www.capterra.com\/p\/10006800\/TalkPal\/\"],\"description\":\"Talkpal is a language learning web and mobile education app, powered by the latest AI technologies, that provides engaging experiences to its customers in many different languages to help them improve their language skills. Users can chat about unlimited amount of topics with the app and use other modes to practice their language learning.\",\"email\":\"support@talkpal.ai\",\"legalName\":\"Talkpal, Inc.\",\"foundingDate\":\"2023-04-03\",\"duns\":\"118989042\",\"numberOfEmployees\":{\"@type\":\"QuantitativeValue\",\"minValue\":\"11\",\"maxValue\":\"50\"},\"publishingPrinciples\":\"https:\/\/talkpal.ai\/publishing-principles\/\",\"actionableFeedbackPolicy\":\"https:\/\/talkpal.ai\/actionable-feedback-policy\/\",\"correctionsPolicy\":\"https:\/\/talkpal.ai\/corrections-policy\/\",\"ethicsPolicy\":\"https:\/\/talkpal.ai\/ethics-policy\/\",\"diversityPolicy\":\"https:\/\/talkpal.ai\/diversity-policy\/\",\"diversityStaffingReport\":\"https:\/\/talkpal.ai\/diversity-policy\/\"}]}<\/script>\n<!-- \/ Yoast SEO Premium plugin. -->","yoast_head_json":{"title":"Gramatyka chi\u0144ska - Talkpal","description":"Odkryj sekrety gramatyki chi\u0144skiej, aby lepiej zrozumie\u0107 j\u0119zyk i kultur\u0119 chi\u0144sk\u0105.","robots":{"index":"index","follow":"follow","max-snippet":"max-snippet:-1","max-image-preview":"max-image-preview:large","max-video-preview":"max-video-preview:-1"},"canonical":"https:\/\/talkpal.ai\/pl\/gramatyka-chinska\/","og_locale":"pl_PL","og_type":"article","og_title":"Gramatyka chi\u0144ska","og_description":"Gramatyka chi\u0144ska: klucz do opanowania mandary\u0144skiego Czy jeste\u015b ambitnym uczniem j\u0119zyka, kt\u00f3ry postawi\u0142 sobie za cel opanowanie mandary\u0144skiego? Je\u015bli","og_url":"https:\/\/talkpal.ai\/pl\/gramatyka-chinska\/","og_site_name":"Talkpal","article_publisher":"https:\/\/www.facebook.com\/profile.php?id=100090733639311","article_modified_time":"2025-06-17T16:38:45+00:00","og_image":[{"width":512,"height":512,"url":"https:\/\/talkpal.ai\/wp-content\/uploads\/2023\/04\/china.png","type":"image\/png"}],"twitter_card":"summary_large_image","twitter_site":"@talkpalai","twitter_misc":{"Szacowany czas czytania":"3 minuty"},"schema":{"@context":"https:\/\/schema.org","@graph":[{"@type":"WebPage","@id":"https:\/\/talkpal.ai\/pl\/gramatyka-chinska\/","url":"https:\/\/talkpal.ai\/pl\/gramatyka-chinska\/","name":"Gramatyka chi\u0144ska - Talkpal","isPartOf":{"@id":"https:\/\/talkpal.ai\/pl\/#website"},"primaryImageOfPage":{"@id":"https:\/\/talkpal.ai\/pl\/gramatyka-chinska\/#primaryimage"},"image":{"@id":"https:\/\/talkpal.ai\/pl\/gramatyka-chinska\/#primaryimage"},"thumbnailUrl":"https:\/\/talkpal.ai\/wp-content\/uploads\/2023\/04\/china.png","datePublished":"2023-05-14T13:48:36+00:00","dateModified":"2025-06-17T16:38:45+00:00","description":"Odkryj sekrety gramatyki chi\u0144skiej, aby lepiej zrozumie\u0107 j\u0119zyk i kultur\u0119 chi\u0144sk\u0105.","breadcrumb":{"@id":"https:\/\/talkpal.ai\/pl\/gramatyka-chinska\/#breadcrumb"},"inLanguage":"pl-PL","potentialAction":[{"@type":"ReadAction","target":["https:\/\/talkpal.ai\/pl\/gramatyka-chinska\/"]}]},{"@type":"ImageObject","inLanguage":"pl-PL","@id":"https:\/\/talkpal.ai\/pl\/gramatyka-chinska\/#primaryimage","url":"https:\/\/talkpal.ai\/wp-content\/uploads\/2023\/04\/china.png","contentUrl":"https:\/\/talkpal.ai\/wp-content\/uploads\/2023\/04\/china.png","width":512,"height":512},{"@type":"BreadcrumbList","@id":"https:\/\/talkpal.ai\/pl\/gramatyka-chinska\/#breadcrumb","itemListElement":[{"@type":"ListItem","position":1,"name":"Homepage","item":"https:\/\/talkpal.ai\/pl\/"},{"@type":"ListItem","position":2,"name":"Gramatyka chi\u0144ska"}]},{"@type":"WebSite","@id":"https:\/\/talkpal.ai\/pl\/#website","url":"https:\/\/talkpal.ai\/pl\/","name":"Talkpal","description":"AI Language Learning","publisher":{"@id":"https:\/\/talkpal.ai\/pl\/#organization"},"alternateName":"Talkpal AI","potentialAction":[{"@type":"SearchAction","target":{"@type":"EntryPoint","urlTemplate":"https:\/\/talkpal.ai\/pl\/?s={search_term_string}"},"query-input":{"@type":"PropertyValueSpecification","valueRequired":true,"valueName":"search_term_string"}}],"inLanguage":"pl-PL"},{"@type":"Organization","@id":"https:\/\/talkpal.ai\/pl\/#organization","name":"Talkpal, Inc.","alternateName":"Talkpal AI","url":"https:\/\/talkpal.ai\/pl\/","logo":{"@type":"ImageObject","inLanguage":"pl-PL","@id":"https:\/\/talkpal.ai\/pl\/#\/schema\/logo\/image\/","url":"https:\/\/talkpal.ai\/wp-content\/uploads\/2024\/03\/Talkpal-Logo-Icon.png","contentUrl":"https:\/\/talkpal.ai\/wp-content\/uploads\/2024\/03\/Talkpal-Logo-Icon.png","width":2880,"height":2880,"caption":"Talkpal, Inc."},"image":{"@id":"https:\/\/talkpal.ai\/pl\/#\/schema\/logo\/image\/"},"sameAs":["https:\/\/www.facebook.com\/profile.php?id=100090733639311","https:\/\/x.com\/talkpalai","https:\/\/www.linkedin.com\/company\/talkpal\/","https:\/\/www.youtube.com\/@TalkPal\/","https:\/\/www.tiktok.com\/@talkpal","https:\/\/www.instagram.com\/talkpal_ai\/","https:\/\/www.crunchbase.com\/organization\/talkpal-9cde","https:\/\/www.g2.com\/products\/talkpal-for-business\/","https:\/\/www.trustpilot.com\/review\/talkpal.ai","https:\/\/www.capterra.com\/p\/10006800\/TalkPal\/"],"description":"Talkpal is a language learning web and mobile education app, powered by the latest AI technologies, that provides engaging experiences to its customers in many different languages to help them improve their language skills. Users can chat about unlimited amount of topics with the app and use other modes to practice their language learning.","email":"support@talkpal.ai","legalName":"Talkpal, Inc.","foundingDate":"2023-04-03","duns":"118989042","numberOfEmployees":{"@type":"QuantitativeValue","minValue":"11","maxValue":"50"},"publishingPrinciples":"https:\/\/talkpal.ai\/publishing-principles\/","actionableFeedbackPolicy":"https:\/\/talkpal.ai\/actionable-feedback-policy\/","correctionsPolicy":"https:\/\/talkpal.ai\/corrections-policy\/","ethicsPolicy":"https:\/\/talkpal.ai\/ethics-policy\/","diversityPolicy":"https:\/\/talkpal.ai\/diversity-policy\/","diversityStaffingReport":"https:\/\/talkpal.ai\/diversity-policy\/"}]}},"_links":{"self":[{"href":"https:\/\/talkpal.ai\/pl\/wp-json\/wp\/v2\/pages\/128455","targetHints":{"allow":["GET"]}}],"collection":[{"href":"https:\/\/talkpal.ai\/pl\/wp-json\/wp\/v2\/pages"}],"about":[{"href":"https:\/\/talkpal.ai\/pl\/wp-json\/wp\/v2\/types\/page"}],"author":[{"embeddable":true,"href":"https:\/\/talkpal.ai\/pl\/wp-json\/wp\/v2\/users\/1"}],"replies":[{"embeddable":true,"href":"https:\/\/talkpal.ai\/pl\/wp-json\/wp\/v2\/comments?post=128455"}],"version-history":[{"count":0,"href":"https:\/\/talkpal.ai\/pl\/wp-json\/wp\/v2\/pages\/128455\/revisions"}],"wp:featuredmedia":[{"embeddable":true,"href":"https:\/\/talkpal.ai\/pl\/wp-json\/wp\/v2\/media\/106061"}],"wp:attachment":[{"href":"https:\/\/talkpal.ai\/pl\/wp-json\/wp\/v2\/media?parent=128455"}],"curies":[{"name":"wp","href":"https:\/\/api.w.org\/{rel}","templated":true}]}}