{"id":128082,"date":"2023-05-14T13:43:38","date_gmt":"2023-05-14T13:43:38","guid":{"rendered":"http:\/\/talkpal.ai\/gramatyka-arabska\/"},"modified":"2025-05-21T11:47:40","modified_gmt":"2025-05-21T11:47:40","slug":"gramatyka-arabska","status":"publish","type":"page","link":"https:\/\/talkpal.ai\/pl\/gramatyka-arabska\/","title":{"rendered":"Gramatyka arabska"},"content":{"rendered":"\r\n\r\n\r\n<section class=\"languageChallengeSection\">\r\n    <div class=\"languageInfoWrapper\">\r\n        \r\n        <h1>Gramatyka arabska<\/h1>\r\n        <p>Wzmocnij swoje umiej\u0119tno\u015bci arabskie, odkrywaj\u0105c podstawowe poj\u0119cia gramatyczne i jasne wyja\u015bnienia krok po kroku. Zacznij opanowywa\u0107 gramatyk\u0119 arabsk\u0105 ju\u017c teraz i komunikuj si\u0119 z wi\u0119ksz\u0105 p\u0142ynno\u015bci\u0105 i pewno\u015bci\u0105 siebie!<\/p>\r\n\r\n                            <a class=\"getStartedHidden\" href=\"https:\/\/app.talkpal.ai\/pl\/signup?lng=\">Zaczynaj<\/a>\r\n        \r\n    <\/div>\r\n\r\n    <figure>\r\n    <img decoding=\"async\" width=\"768\" height=\"768\" src=\"https:\/\/talkpal.ai\/wp-content\/uploads\/2023\/06\/arabic-768x768.png\" class=\"languageImage no-lazy\" alt=\"Language learning for linguistic diversity\" fetchpriority=\"high\" sizes=\"(max-width: 768px) 150px, 768px\" srcset=\"https:\/\/talkpal.ai\/wp-content\/uploads\/2023\/06\/arabic-768x768.png 768w, https:\/\/talkpal.ai\/wp-content\/uploads\/2023\/06\/arabic-300x300.png 300w\" \/>\r\n    \r\n\r\n    <\/figure>\r\n\r\n            <a class=\"getStartedVisible\" href=\"https:\/\/app.talkpal.ai\/pl\/signup?lng=\">Zaczynaj<\/a>\r\n    \r\n<\/section>\r\n<section class=\"promotionalBanner\">\r\n    <p class=\"promotionalText\">Najbardziej efektywny spos\u00f3b nauki j\u0119zyka<\/p>\r\n    <a class=\"promotionalLink\" href=\"https:\/\/app.talkpal.ai\/pl\/signup?lng=\">Wypr\u00f3buj Talkpal za darmo<\/a>\r\n<\/section>\n<div class=\"wp-block-group pageContainerStyle\"><div class=\"wp-block-group__inner-container is-layout-constrained wp-block-group-is-layout-constrained\">\n<h2 class=\"wp-block-heading\" id=\"h-the-intricacies-of-arabic-grammar-a-journey-through-its-roots-and-beauty\">Zawi\u0142o\u015bci gramatyki arabskiej: podr\u00f3\u017c przez jej korzenie i pi\u0119kno<\/h2>\n\n\n\n<p><strong>Czy pami\u0119tasz, kiedy po raz pierwszy zacz\u0105\u0142e\u015b uczy\u0107 si\u0119 gramatyki angielskiej?<\/strong>  Pozornie nieko\u0144cz\u0105ce si\u0119 zasady, wyj\u0105tki i terminologie mog\u0142y czasami sprawi\u0107, \u017ce poczu\u0142e\u015b si\u0119 przyt\u0142oczony. Je\u015bli my\u015blisz o nauce j\u0119zyka arabskiego, mo\u017cesz by\u0107 pewien, \u017ce ma on r\u00f3wnie\u017c unikalny i skomplikowany system gramatyczny. Wybierzmy si\u0119 wi\u0119c w kr\u00f3tk\u0105, ale pouczaj\u0105c\u0105 podr\u00f3\u017c przez korzenie i pi\u0119kno arabskiej gramatyki.<\/p>\n\n\n\n<p>Na pocz\u0105tek ustalmy kilka <strong>kluczowych r\u00f3\u017cnic mi\u0119dzy gramatyk\u0105 arabsk\u0105 i angielsk\u0105<\/strong>. W j\u0119zyku arabskim s\u0142owa s\u0105 podzielone na trzy kategorie: rzeczowniki, czasowniki i cz\u0105stki. W przeciwie\u0144stwie do angielskiego, arabskie s\u0142owa pod\u0105\u017caj\u0105 za systemem korzeniowym, co oznacza, \u017ce mo\u017cesz prze\u015bledzi\u0107 podstawowe znaczenie s\u0142owa, identyfikuj\u0105c jego rdze\u0144. Ten system korzeniowy nadaje arabskiemu wyj\u0105tkowy poziom g\u0142\u0119bi i bogactwa. Niesamowit\u0105 rzecz\u0105 w gramatyce arabskiej jest jej poleganie na wzorcach, kt\u00f3re cz\u0119sto pozwalaj\u0105 m\u00f3wcom tworzy\u0107 nowe s\u0142owa, post\u0119puj\u0105c zgodnie z okre\u015blonymi strukturami.<\/p>\n\n\n\n<p>Innym wa\u017cnym aspektem <strong>gramatyki arabskiej jest to, \u017ce jest to j\u0119zyk genderowy<\/strong>, co oznacza, \u017ce rzeczowniki i przymiotniki maj\u0105 formy zale\u017cne od p\u0142ci. Czy wiesz, \u017ce arabski ma nawet podw\u00f3jn\u0105 form\u0119 opr\u00f3cz liczby pojedynczej i mnogiej? To prawda! Podw\u00f3jna forma arabska s\u0142u\u017cy do oznaczania par, takich jak oczy, r\u0119ce lub rodzice. Dodaje dodatkow\u0105 warstw\u0119 specyfiki, kt\u00f3rej brakuje j\u0119zykowi angielskiemu.<\/p>\n\n\n\n<p>Om\u00f3wmy teraz <strong>koniugacj\u0119 czasownik\u00f3w w j\u0119zyku arabskim<\/strong>, kt\u00f3ra <a href=\"https:\/\/talkpal.ai\/locations\/language-courses-in-sama\/\">sama<\/a> w sobie jest zupe\u0142nie nowym \u015bwiatem. Czasowniki arabskie opieraj\u0105 si\u0119 na systemie rdzeni, kt\u00f3re zwykle sk\u0142adaj\u0105 si\u0119 z trzech podstawowych sp\u00f3\u0142g\u0142osek. Rdze\u0144 okre\u015bla podstawowe znaczenie czasownika, a dodaj\u0105c wzory samog\u0142osek, tworzysz r\u00f3\u017cne formy czasownika wyra\u017caj\u0105ce r\u00f3\u017cne znaczenia i czasy. Na przyk\u0142ad zmiana samog\u0142osek w rdzeniu mo\u017ce zmieni\u0107 czas z przesz\u0142ego na tera\u017aniejszy lub zmieni\u0107 czasownik czynny w bierny. Ca\u0142kiem niesamowite, prawda?<\/p>\n\n\n\n<p>Jeszcze jednym fascynuj\u0105cym aspektem gramatyki arabskiej, o kt\u00f3rym musimy porozmawia\u0107, jest <strong>okre\u015blono\u015b\u0107<\/strong>. W j\u0119zyku angielskim u\u017cywamy s\u0142owa &#8222;the&#8221;, aby wskaza\u0107, \u017ce rzeczownik jest okre\u015blony. W j\u0119zyku arabskim koncepcja ta jest osadzona w j\u0119zyku za pomoc\u0105 ma\u0142ej cz\u0105stki zwanej &#8222;Al-&#8222;, kt\u00f3ra jest dodawana na pocz\u0105tku s\u0142owa. Kiedy rzeczownik jest poprzedzony przez &#8222;Al-&#8222;, staje si\u0119 okre\u015blony bez \u017cadnych dodatkowych kwalifikator\u00f3w. Tak wi\u0119c, zamiast powiedzie\u0107 &#8222;dom jest du\u017cy&#8221; po arabsku, powiedzia\u0142by\u015b &#8222;Al-baytu kabir&#8221;, gdzie &#8222;Al-baytu&#8221; oznacza &#8222;dom&#8221;.<\/p>\n\n\n\n<p><strong>Konwersacyjny j\u0119zyk<\/strong> arabski jest bardziej dynamiczny i p\u0142ynny ni\u017c arabski formalny, jak w przypadku ka\u017cdego j\u0119zyka. Jednak opanowanie podstawowych zasad gramatyki arabskiej pozostaje niezb\u0119dne, aby naprawd\u0119 zrozumie\u0107 i doceni\u0107 j\u0119zyk. Gdy ju\u017c opanujesz wzorce \u017ar\u00f3d\u0142owe, formy rodzaju i koniugacje czasownik\u00f3w, rozpoznawanie i <a href=\"https:\/\/talkpal.ai\/pl\/uczenie-sie\/\">uczenie si\u0119<\/a> nowych s\u0142\u00f3w stanie si\u0119 znacznie \u0142atwiejsze.<\/p>\n\n\n\n<p><strong>Nauka gramatyki arabskiej<\/strong> mo\u017ce pocz\u0105tkowo wydawa\u0107 si\u0119 zniech\u0119caj\u0105ca, ale dzi\u0119ki wytrwa\u0142o\u015bci i po\u015bwi\u0119ceniu b\u0119dziesz w stanie doceni\u0107 pi\u0119kno tego skomplikowanego j\u0119zyka. Podobnie jak w przypadku rozwi\u0105zania skomplikowanej \u0142amig\u0142\u00f3wki lub rozszyfrowania zaszyfrowanego kodu, nagrod\u0105 jest satysfakcja z odkrywania tajemnic j\u0119zyka arabskiego i zanurzania si\u0119 w jego bogatej kulturze, historii i literaturze. Na co wi\u0119c czekasz? Zanurz si\u0119 w czaruj\u0105cym <a href=\"https:\/\/talkpal.ai\/locations\/language-courses-in-swiecie\/\">\u015bwiecie<\/a> gramatyki arabskiej i odkryj jej prawdziw\u0105 istot\u0119.<\/p>\n<\/div><\/div>\n\r\n<section class=\"learnNavigationSection\">\r\n            \r\n        <a href=\"https:\/\/talkpal.ai\/pl\/naucz-sie-arabskiego\/\">\r\n            <div class=\"learnNavigationWrapper\">\r\n                <div class=\"learnNavigationContent\">\r\n                    <img decoding=\"async\" src=\"https:\/\/talkpal.ai\/wp-content\/uploads\/2024\/08\/Arabic.jpg\" alt=\"Arabic Flag\">\r\n                    <div>\r\n                        <h4>O nauce j\u0119zyka arabskiego<\/h4>\r\n                        <p>Dowiedz si\u0119 wszystkiego o gramatyce arabskiej.<\/p>\r\n                    <\/div>\r\n                <\/div>\r\n            <\/div>\r\n        <\/a>\r\n\r\n        \r\n        <a href=\"https:\/\/talkpal.ai\/pl\/cwiczenia-z-gramatyki-arabskiej\/\">\r\n            <div class=\"learnNavigationWrapper\">\r\n                <div class=\"learnNavigationContent\">\r\n                    <img decoding=\"async\" src=\"https:\/\/talkpal.ai\/wp-content\/uploads\/2024\/08\/Arabic.jpg\" alt=\"Arabic Flag\">\r\n                    <div>\r\n                        <h4>Arabskie \u0107wiczenie gramatyczne<\/h4>\r\n                        <p>\u0106wicz gramatyk\u0119 arabsk\u0105.<\/p>\r\n                    <\/div>\r\n                <\/div>\r\n            <\/div>\r\n        <\/a>\r\n\r\n        \r\n        <a href=\"https:\/\/talkpal.ai\/vocabulary_language\/arabic\/\">\r\n            <div class=\"learnNavigationWrapper\">\r\n                <div class=\"learnNavigationContent\">\r\n                    <img decoding=\"async\" src=\"https:\/\/talkpal.ai\/wp-content\/uploads\/2024\/08\/Arabic.jpg\" alt=\"Arabic Flag\">\r\n                    <div>\r\n                        <h4>S\u0142ownictwo arabskie<\/h4>\r\n                        <p>Poszerz swoje arabskie s\u0142ownictwo.<\/p>\r\n                    <\/div>\r\n                <\/div>\r\n            <\/div>\r\n        <\/a>\r\n\r\n            <\/section>","protected":false},"excerpt":{"rendered":"<p>Zawi\u0142o\u015bci gramatyki arabskiej: podr\u00f3\u017c przez jej korzenie i pi\u0119kno Czy pami\u0119tasz, kiedy po raz pierwszy zacz\u0105\u0142e\u015b uczy\u0107 si\u0119 gramatyki angielskiej? Pozornie nieko\u0144cz\u0105ce si\u0119 zasady, wyj\u0105tki i terminologie mog\u0142y czasami sprawi\u0107, \u017ce poczu\u0142e\u015b si\u0119 przyt\u0142oczony. Je\u015bli my\u015blisz o nauce j\u0119zyka arabskiego, mo\u017cesz by\u0107 pewien, \u017ce ma on r\u00f3wnie\u017c unikalny i skomplikowany system gramatyczny. Wybierzmy si\u0119 wi\u0119c [&hellip;]<\/p>\n","protected":false},"author":1,"featured_media":105858,"parent":0,"menu_order":0,"comment_status":"closed","ping_status":"closed","template":"LearningContentPage.php","meta":{"_acf_changed":false,"footnotes":""},"class_list":["post-128082","page","type-page","status-publish","has-post-thumbnail","hentry"],"acf":[],"yoast_head":"<!-- This site is optimized with the Yoast SEO Premium plugin v27.2 (Yoast SEO v27.2) - https:\/\/yoast.com\/product\/yoast-seo-premium-wordpress\/ -->\n<title>Gramatyka arabska - Talkpal<\/title>\n<meta name=\"description\" content=\"Poznaj zawi\u0142o\u015bci gramatyki arabskiej i odkryj jej unikaln\u0105 struktur\u0119 w por\u00f3wnaniu z gramatyk\u0105 angielsk\u0105.\" \/>\n<meta name=\"robots\" content=\"index, follow, max-snippet:-1, max-image-preview:large, max-video-preview:-1\" \/>\n<link rel=\"canonical\" href=\"https:\/\/talkpal.ai\/pl\/gramatyka-arabska\/\" \/>\n<meta property=\"og:locale\" content=\"pl_PL\" \/>\n<meta property=\"og:type\" content=\"article\" \/>\n<meta property=\"og:title\" content=\"Gramatyka arabska\" \/>\n<meta property=\"og:description\" content=\"Zawi\u0142o\u015bci gramatyki arabskiej: podr\u00f3\u017c przez jej korzenie i pi\u0119kno Czy pami\u0119tasz, kiedy po raz pierwszy zacz\u0105\u0142e\u015b uczy\u0107 si\u0119 gramatyki angielskiej? Pozornie\" \/>\n<meta property=\"og:url\" content=\"https:\/\/talkpal.ai\/pl\/gramatyka-arabska\/\" \/>\n<meta property=\"og:site_name\" content=\"Talkpal\" \/>\n<meta property=\"article:publisher\" content=\"https:\/\/www.facebook.com\/profile.php?id=100090733639311\" \/>\n<meta property=\"article:modified_time\" content=\"2025-05-21T11:47:40+00:00\" \/>\n<meta property=\"og:image\" content=\"https:\/\/talkpal.ai\/wp-content\/uploads\/2023\/04\/arabic-united-arab-emirates.png\" \/>\n\t<meta property=\"og:image:width\" content=\"512\" \/>\n\t<meta property=\"og:image:height\" content=\"512\" \/>\n\t<meta property=\"og:image:type\" content=\"image\/png\" \/>\n<meta name=\"twitter:card\" content=\"summary_large_image\" \/>\n<meta name=\"twitter:site\" content=\"@talkpalai\" \/>\n<meta name=\"twitter:label1\" content=\"Szacowany czas czytania\" \/>\n\t<meta name=\"twitter:data1\" content=\"3 minuty\" \/>\n<script type=\"application\/ld+json\" class=\"yoast-schema-graph\">{\"@context\":\"https:\/\/schema.org\",\"@graph\":[{\"@type\":\"WebPage\",\"@id\":\"https:\/\/talkpal.ai\/pl\/gramatyka-arabska\/\",\"url\":\"https:\/\/talkpal.ai\/pl\/gramatyka-arabska\/\",\"name\":\"Gramatyka arabska - Talkpal\",\"isPartOf\":{\"@id\":\"https:\/\/talkpal.ai\/pl\/#website\"},\"primaryImageOfPage\":{\"@id\":\"https:\/\/talkpal.ai\/pl\/gramatyka-arabska\/#primaryimage\"},\"image\":{\"@id\":\"https:\/\/talkpal.ai\/pl\/gramatyka-arabska\/#primaryimage\"},\"thumbnailUrl\":\"https:\/\/talkpal.ai\/wp-content\/uploads\/2023\/04\/arabic-united-arab-emirates.png\",\"datePublished\":\"2023-05-14T13:43:38+00:00\",\"dateModified\":\"2025-05-21T11:47:40+00:00\",\"description\":\"Poznaj zawi\u0142o\u015bci gramatyki arabskiej i odkryj jej unikaln\u0105 struktur\u0119 w por\u00f3wnaniu z gramatyk\u0105 angielsk\u0105.\",\"breadcrumb\":{\"@id\":\"https:\/\/talkpal.ai\/pl\/gramatyka-arabska\/#breadcrumb\"},\"inLanguage\":\"pl-PL\",\"potentialAction\":[{\"@type\":\"ReadAction\",\"target\":[\"https:\/\/talkpal.ai\/pl\/gramatyka-arabska\/\"]}]},{\"@type\":\"ImageObject\",\"inLanguage\":\"pl-PL\",\"@id\":\"https:\/\/talkpal.ai\/pl\/gramatyka-arabska\/#primaryimage\",\"url\":\"https:\/\/talkpal.ai\/wp-content\/uploads\/2023\/04\/arabic-united-arab-emirates.png\",\"contentUrl\":\"https:\/\/talkpal.ai\/wp-content\/uploads\/2023\/04\/arabic-united-arab-emirates.png\",\"width\":512,\"height\":512},{\"@type\":\"BreadcrumbList\",\"@id\":\"https:\/\/talkpal.ai\/pl\/gramatyka-arabska\/#breadcrumb\",\"itemListElement\":[{\"@type\":\"ListItem\",\"position\":1,\"name\":\"Homepage\",\"item\":\"https:\/\/talkpal.ai\/pl\/\"},{\"@type\":\"ListItem\",\"position\":2,\"name\":\"Gramatyka arabska\"}]},{\"@type\":\"WebSite\",\"@id\":\"https:\/\/talkpal.ai\/pl\/#website\",\"url\":\"https:\/\/talkpal.ai\/pl\/\",\"name\":\"Talkpal\",\"description\":\"AI Language Learning\",\"publisher\":{\"@id\":\"https:\/\/talkpal.ai\/pl\/#organization\"},\"alternateName\":\"Talkpal AI\",\"potentialAction\":[{\"@type\":\"SearchAction\",\"target\":{\"@type\":\"EntryPoint\",\"urlTemplate\":\"https:\/\/talkpal.ai\/pl\/?s={search_term_string}\"},\"query-input\":{\"@type\":\"PropertyValueSpecification\",\"valueRequired\":true,\"valueName\":\"search_term_string\"}}],\"inLanguage\":\"pl-PL\"},{\"@type\":\"Organization\",\"@id\":\"https:\/\/talkpal.ai\/pl\/#organization\",\"name\":\"Talkpal, Inc.\",\"alternateName\":\"Talkpal AI\",\"url\":\"https:\/\/talkpal.ai\/pl\/\",\"logo\":{\"@type\":\"ImageObject\",\"inLanguage\":\"pl-PL\",\"@id\":\"https:\/\/talkpal.ai\/pl\/#\/schema\/logo\/image\/\",\"url\":\"https:\/\/talkpal.ai\/wp-content\/uploads\/2024\/03\/Talkpal-Logo-Icon.png\",\"contentUrl\":\"https:\/\/talkpal.ai\/wp-content\/uploads\/2024\/03\/Talkpal-Logo-Icon.png\",\"width\":2880,\"height\":2880,\"caption\":\"Talkpal, Inc.\"},\"image\":{\"@id\":\"https:\/\/talkpal.ai\/pl\/#\/schema\/logo\/image\/\"},\"sameAs\":[\"https:\/\/www.facebook.com\/profile.php?id=100090733639311\",\"https:\/\/x.com\/talkpalai\",\"https:\/\/www.linkedin.com\/company\/talkpal\/\",\"https:\/\/www.youtube.com\/@TalkPal\/\",\"https:\/\/www.tiktok.com\/@talkpal\",\"https:\/\/www.instagram.com\/talkpal_ai\/\",\"https:\/\/www.crunchbase.com\/organization\/talkpal-9cde\",\"https:\/\/www.g2.com\/products\/talkpal-for-business\/\",\"https:\/\/www.trustpilot.com\/review\/talkpal.ai\",\"https:\/\/www.capterra.com\/p\/10006800\/TalkPal\/\"],\"description\":\"Talkpal is a language learning web and mobile education app, powered by the latest AI technologies, that provides engaging experiences to its customers in many different languages to help them improve their language skills. Users can chat about unlimited amount of topics with the app and use other modes to practice their language learning.\",\"email\":\"support@talkpal.ai\",\"legalName\":\"Talkpal, Inc.\",\"foundingDate\":\"2023-04-03\",\"duns\":\"118989042\",\"numberOfEmployees\":{\"@type\":\"QuantitativeValue\",\"minValue\":\"11\",\"maxValue\":\"50\"},\"publishingPrinciples\":\"https:\/\/talkpal.ai\/publishing-principles\/\",\"actionableFeedbackPolicy\":\"https:\/\/talkpal.ai\/actionable-feedback-policy\/\",\"correctionsPolicy\":\"https:\/\/talkpal.ai\/corrections-policy\/\",\"ethicsPolicy\":\"https:\/\/talkpal.ai\/ethics-policy\/\",\"diversityPolicy\":\"https:\/\/talkpal.ai\/diversity-policy\/\",\"diversityStaffingReport\":\"https:\/\/talkpal.ai\/diversity-policy\/\"}]}<\/script>\n<!-- \/ Yoast SEO Premium plugin. -->","yoast_head_json":{"title":"Gramatyka arabska - Talkpal","description":"Poznaj zawi\u0142o\u015bci gramatyki arabskiej i odkryj jej unikaln\u0105 struktur\u0119 w por\u00f3wnaniu z gramatyk\u0105 angielsk\u0105.","robots":{"index":"index","follow":"follow","max-snippet":"max-snippet:-1","max-image-preview":"max-image-preview:large","max-video-preview":"max-video-preview:-1"},"canonical":"https:\/\/talkpal.ai\/pl\/gramatyka-arabska\/","og_locale":"pl_PL","og_type":"article","og_title":"Gramatyka arabska","og_description":"Zawi\u0142o\u015bci gramatyki arabskiej: podr\u00f3\u017c przez jej korzenie i pi\u0119kno Czy pami\u0119tasz, kiedy po raz pierwszy zacz\u0105\u0142e\u015b uczy\u0107 si\u0119 gramatyki angielskiej? Pozornie","og_url":"https:\/\/talkpal.ai\/pl\/gramatyka-arabska\/","og_site_name":"Talkpal","article_publisher":"https:\/\/www.facebook.com\/profile.php?id=100090733639311","article_modified_time":"2025-05-21T11:47:40+00:00","og_image":[{"width":512,"height":512,"url":"https:\/\/talkpal.ai\/wp-content\/uploads\/2023\/04\/arabic-united-arab-emirates.png","type":"image\/png"}],"twitter_card":"summary_large_image","twitter_site":"@talkpalai","twitter_misc":{"Szacowany czas czytania":"3 minuty"},"schema":{"@context":"https:\/\/schema.org","@graph":[{"@type":"WebPage","@id":"https:\/\/talkpal.ai\/pl\/gramatyka-arabska\/","url":"https:\/\/talkpal.ai\/pl\/gramatyka-arabska\/","name":"Gramatyka arabska - Talkpal","isPartOf":{"@id":"https:\/\/talkpal.ai\/pl\/#website"},"primaryImageOfPage":{"@id":"https:\/\/talkpal.ai\/pl\/gramatyka-arabska\/#primaryimage"},"image":{"@id":"https:\/\/talkpal.ai\/pl\/gramatyka-arabska\/#primaryimage"},"thumbnailUrl":"https:\/\/talkpal.ai\/wp-content\/uploads\/2023\/04\/arabic-united-arab-emirates.png","datePublished":"2023-05-14T13:43:38+00:00","dateModified":"2025-05-21T11:47:40+00:00","description":"Poznaj zawi\u0142o\u015bci gramatyki arabskiej i odkryj jej unikaln\u0105 struktur\u0119 w por\u00f3wnaniu z gramatyk\u0105 angielsk\u0105.","breadcrumb":{"@id":"https:\/\/talkpal.ai\/pl\/gramatyka-arabska\/#breadcrumb"},"inLanguage":"pl-PL","potentialAction":[{"@type":"ReadAction","target":["https:\/\/talkpal.ai\/pl\/gramatyka-arabska\/"]}]},{"@type":"ImageObject","inLanguage":"pl-PL","@id":"https:\/\/talkpal.ai\/pl\/gramatyka-arabska\/#primaryimage","url":"https:\/\/talkpal.ai\/wp-content\/uploads\/2023\/04\/arabic-united-arab-emirates.png","contentUrl":"https:\/\/talkpal.ai\/wp-content\/uploads\/2023\/04\/arabic-united-arab-emirates.png","width":512,"height":512},{"@type":"BreadcrumbList","@id":"https:\/\/talkpal.ai\/pl\/gramatyka-arabska\/#breadcrumb","itemListElement":[{"@type":"ListItem","position":1,"name":"Homepage","item":"https:\/\/talkpal.ai\/pl\/"},{"@type":"ListItem","position":2,"name":"Gramatyka arabska"}]},{"@type":"WebSite","@id":"https:\/\/talkpal.ai\/pl\/#website","url":"https:\/\/talkpal.ai\/pl\/","name":"Talkpal","description":"AI Language Learning","publisher":{"@id":"https:\/\/talkpal.ai\/pl\/#organization"},"alternateName":"Talkpal AI","potentialAction":[{"@type":"SearchAction","target":{"@type":"EntryPoint","urlTemplate":"https:\/\/talkpal.ai\/pl\/?s={search_term_string}"},"query-input":{"@type":"PropertyValueSpecification","valueRequired":true,"valueName":"search_term_string"}}],"inLanguage":"pl-PL"},{"@type":"Organization","@id":"https:\/\/talkpal.ai\/pl\/#organization","name":"Talkpal, Inc.","alternateName":"Talkpal AI","url":"https:\/\/talkpal.ai\/pl\/","logo":{"@type":"ImageObject","inLanguage":"pl-PL","@id":"https:\/\/talkpal.ai\/pl\/#\/schema\/logo\/image\/","url":"https:\/\/talkpal.ai\/wp-content\/uploads\/2024\/03\/Talkpal-Logo-Icon.png","contentUrl":"https:\/\/talkpal.ai\/wp-content\/uploads\/2024\/03\/Talkpal-Logo-Icon.png","width":2880,"height":2880,"caption":"Talkpal, Inc."},"image":{"@id":"https:\/\/talkpal.ai\/pl\/#\/schema\/logo\/image\/"},"sameAs":["https:\/\/www.facebook.com\/profile.php?id=100090733639311","https:\/\/x.com\/talkpalai","https:\/\/www.linkedin.com\/company\/talkpal\/","https:\/\/www.youtube.com\/@TalkPal\/","https:\/\/www.tiktok.com\/@talkpal","https:\/\/www.instagram.com\/talkpal_ai\/","https:\/\/www.crunchbase.com\/organization\/talkpal-9cde","https:\/\/www.g2.com\/products\/talkpal-for-business\/","https:\/\/www.trustpilot.com\/review\/talkpal.ai","https:\/\/www.capterra.com\/p\/10006800\/TalkPal\/"],"description":"Talkpal is a language learning web and mobile education app, powered by the latest AI technologies, that provides engaging experiences to its customers in many different languages to help them improve their language skills. Users can chat about unlimited amount of topics with the app and use other modes to practice their language learning.","email":"support@talkpal.ai","legalName":"Talkpal, Inc.","foundingDate":"2023-04-03","duns":"118989042","numberOfEmployees":{"@type":"QuantitativeValue","minValue":"11","maxValue":"50"},"publishingPrinciples":"https:\/\/talkpal.ai\/publishing-principles\/","actionableFeedbackPolicy":"https:\/\/talkpal.ai\/actionable-feedback-policy\/","correctionsPolicy":"https:\/\/talkpal.ai\/corrections-policy\/","ethicsPolicy":"https:\/\/talkpal.ai\/ethics-policy\/","diversityPolicy":"https:\/\/talkpal.ai\/diversity-policy\/","diversityStaffingReport":"https:\/\/talkpal.ai\/diversity-policy\/"}]}},"_links":{"self":[{"href":"https:\/\/talkpal.ai\/pl\/wp-json\/wp\/v2\/pages\/128082","targetHints":{"allow":["GET"]}}],"collection":[{"href":"https:\/\/talkpal.ai\/pl\/wp-json\/wp\/v2\/pages"}],"about":[{"href":"https:\/\/talkpal.ai\/pl\/wp-json\/wp\/v2\/types\/page"}],"author":[{"embeddable":true,"href":"https:\/\/talkpal.ai\/pl\/wp-json\/wp\/v2\/users\/1"}],"replies":[{"embeddable":true,"href":"https:\/\/talkpal.ai\/pl\/wp-json\/wp\/v2\/comments?post=128082"}],"version-history":[{"count":0,"href":"https:\/\/talkpal.ai\/pl\/wp-json\/wp\/v2\/pages\/128082\/revisions"}],"wp:featuredmedia":[{"embeddable":true,"href":"https:\/\/talkpal.ai\/pl\/wp-json\/wp\/v2\/media\/105858"}],"wp:attachment":[{"href":"https:\/\/talkpal.ai\/pl\/wp-json\/wp\/v2\/media?parent=128082"}],"curies":[{"name":"wp","href":"https:\/\/api.w.org\/{rel}","templated":true}]}}