{"id":126791,"date":"2023-03-26T12:27:22","date_gmt":"2023-03-26T12:27:22","guid":{"rendered":"http:\/\/talkpal.ai\/gramatyka-wloska\/"},"modified":"2025-05-22T18:43:46","modified_gmt":"2025-05-22T18:43:46","slug":"gramatyka-wloska","status":"publish","type":"page","link":"https:\/\/talkpal.ai\/pl\/gramatyka-wloska\/","title":{"rendered":"Gramatyka w\u0142oska"},"content":{"rendered":"\r\n\r\n\r\n<section class=\"languageChallengeSection\">\r\n    <div class=\"languageInfoWrapper\">\r\n        \r\n        <h1>Gramatyka w\u0142oska<\/h1>\r\n        <p>Odkryj podstawy j\u0119zyka w\u0142oskiego, poznaj\u0105c jego podstawowe zasady gramatyczne. Opanowanie w\u0142oskiej gramatyki pomo\u017ce ci wyrazi\u0107 siebie z pewno\u015bci\u0105 siebie i g\u0142\u0119biej po\u0142\u0105czy\u0107 si\u0119 z bogat\u0105 kultur\u0105 W\u0142och. Rozpocznij nauk\u0119 w\u0142oskiej gramatyki ju\u017c dzi\u015b i zr\u00f3b pierwszy krok w kierunku p\u0142ynnego pos\u0142ugiwania si\u0119 tym j\u0119zykiem!<\/p>\r\n\r\n                            <a class=\"getStartedHidden\" href=\"https:\/\/app.talkpal.ai\/pl\/signup?lng=\">Zaczynaj<\/a>\r\n        \r\n    <\/div>\r\n\r\n    <figure>\r\n    <img decoding=\"async\" width=\"768\" height=\"768\" src=\"https:\/\/talkpal.ai\/wp-content\/uploads\/2023\/06\/italian-768x768.png\" class=\"languageImage no-lazy\" alt=\"Language learning for increased memory capacity\" fetchpriority=\"high\" sizes=\"(max-width: 768px) 150px, 768px\" srcset=\"https:\/\/talkpal.ai\/wp-content\/uploads\/2023\/06\/italian-768x768.png 768w, https:\/\/talkpal.ai\/wp-content\/uploads\/2023\/06\/italian-300x300.png 300w\" \/>\r\n    \r\n\r\n    <\/figure>\r\n\r\n            <a class=\"getStartedVisible\" href=\"https:\/\/app.talkpal.ai\/pl\/signup?lng=\">Zaczynaj<\/a>\r\n    \r\n<\/section>\r\n        <section class=\"grammarSection\">\r\n            <div class=\"grammarLinks\">\r\n                <a href=\"https:\/\/talkpal.ai\/pl\/language\/czasowniki-gramatyka-wloska\/\">Czasowniki <\/a><a href=\"https:\/\/talkpal.ai\/pl\/language\/negacja-i-przesluchanie-gramatyka-wloska\/\">Negacja i przes\u0142uchanie <\/a><a href=\"https:\/\/talkpal.ai\/pl\/language\/przyimki-gramatyka-wloska\/\">Przyimki <\/a><a href=\"https:\/\/talkpal.ai\/pl\/language\/przymiotniki-gramatyka-wloska\/\">Przymiotniki <\/a><a href=\"https:\/\/talkpal.ai\/pl\/language\/przyslowki-gramatyka-wloska\/\">Przys\u0142\u00f3wki <\/a><a href=\"https:\/\/talkpal.ai\/pl\/language\/rzeczowniki-gramatyka-wloska\/\">Rzeczowniki <\/a><a href=\"https:\/\/talkpal.ai\/pl\/language\/skladnia-i-struktura-zdania-gramatyka-wloska\/\">Sk\u0142adnia i struktura zdania <\/a><a href=\"https:\/\/talkpal.ai\/pl\/language\/spojniki-gramatyka-wloska\/\">Sp\u00f3jniki <\/a><a href=\"https:\/\/talkpal.ai\/pl\/language\/zaimki-gramatyka-wloska\/\">Zaimki <\/a>            <\/div>\r\n        <\/section>\r\n    <section class=\"promotionalBanner\">\r\n    <p class=\"promotionalText\">Najbardziej efektywny spos\u00f3b nauki j\u0119zyka<\/p>\r\n    <a class=\"promotionalLink\" href=\"https:\/\/app.talkpal.ai\/pl\/signup?lng=\">Wypr\u00f3buj Talkpal za darmo<\/a>\r\n<\/section>\n<div class=\"wp-block-group pageContainerStyle\"><div class=\"wp-block-group__inner-container is-layout-constrained wp-block-group-is-layout-constrained\">\n<h2 class=\"wp-block-heading\" id=\"h-mastering-the-art-of-italian-grammar-your-ultimate-guide\">Opanuj sztuk\u0119 w\u0142oskiej gramatyki: Tw\u00f3j najlepszy przewodnik<\/h2>\n\n\n\n<p>Ciao, entuzja\u015bci j\u0119zyka! Gotowy, by zanurzy\u0107 si\u0119 w \u015bwiat w\u0142oskiej gramatyki? Trafi\u0142e\u015b we w\u0142a\u015bciwe miejsce. Pe\u0142en informacji, kt\u00f3re s\u0105 \u0142atwe do przyswojenia i konwersacyjne w tonie, ten artyku\u0142 poprowadzi Ci\u0119 przez fascynuj\u0105cy (i czasami trudny) \u015bwiat w\u0142oskiej gramatyki, dzi\u0119ki czemu b\u0119dziesz m\u00f3g\u0142 pewnie konstruowa\u0107 zdania i prowadzi\u0107 znacz\u0105ce rozmowy z native speakerami. Zapnij wi\u0119c pasy i zaczynajmy!<\/p>\n\n\n\n<h3 class=\"wp-block-heading\" id=\"h-but-first-why-italian-grammar\">Ale po pierwsze, dlaczego w\u0142oska gramatyka?<\/h3>\n\n\n\n<p>Je\u015bli uczysz si\u0119 w\u0142oskiego, solidne podstawy gramatyki s\u0105 kluczowe dla p\u0142ynnego m\u00f3wienia, czytania i pisania. W\u0142oska <a href=\"https:\/\/talkpal.ai\/grammar\/\">gramatyka<\/a> mo\u017ce pocz\u0105tkowo wydawa\u0107 si\u0119 skomplikowana, ale jest stosunkowo prosta, gdy podzielisz j\u0105 na mniejsze, \u0142atwiejsze do opanowania elementy. Rozpocznijmy wi\u0119c podr\u00f3\u017c w kierunku opanowania w\u0142oskiej gramatyki!<\/p>\n\n\n\n<h3 class=\"wp-block-heading\" id=\"h-1-nouns-articles-and-gender\">1. Rzeczowniki, rodzajniki i p\u0142e\u0107<\/h3>\n\n\n\n<p>W\u0142oskie rzeczowniki wyst\u0119puj\u0105 w dw\u00f3ch rodzajach: m\u0119skim i \u017ce\u0144skim. W przeciwie\u0144stwie do j\u0119zyka angielskiego, w kt\u00f3rym p\u0142e\u0107 rzeczownika jest nieistotna, j\u0119zyk <a href=\"https:\/\/talkpal.ai\/learn-italian\/\">w\u0142oski<\/a> wymaga w\u0142a\u015bciwej p\u0142ci dla poprawnej konstrukcji zdania. Czy potrafisz odgadn\u0105\u0107 rodzaj rzeczownik\u00f3w takich jak &#8222;tavolo&#8221; (st\u00f3\u0142) lub &#8222;casa&#8221; (dom)? Je\u015bli zgad\u0142e\u015b, \u017ce &#8222;tavolo&#8221; jest rodzaju m\u0119skiego, a &#8222;casa&#8221; \u017ce\u0144skiego, brawo!<\/p>\n\n\n\n<p>W j\u0119zyku w\u0142oskim rzeczowniki zazwyczaj ko\u0144cz\u0105 si\u0119 na &#8222;-o&#8221; dla rodzaju m\u0119skiego i &#8222;-a&#8221; dla rodzaju \u017ce\u0144skiego. Istniej\u0105 wyj\u0105tki &#8211; niekt\u00f3re s\u0142owa ko\u0144cz\u0105 si\u0119 na &#8222;-e&#8221; i mog\u0105 by\u0107 obu p\u0142ci &#8211; ale na razie pami\u0119tajmy o tej podstawowej zasadzie.<\/p>\n\n\n\n<p>Porozmawiajmy teraz o artyku\u0142ach. Podobnie jak w j\u0119zyku angielskim, potrzebujemy przedimk\u00f3w przed rzeczownikami. W j\u0119zyku w\u0142oskim wyst\u0119puj\u0105 przedimki okre\u015blone (il, lo, la, i, gli, le) i nieokre\u015blone (un, uno, una).<\/p>\n\n\n\n<p>Jak wi\u0119c wybra\u0107 rodzajnik okre\u015blony?<\/p>\n\n\n\n<p>&#8211; &#8222;il&#8221; oraz &#8222;i&#8221; dla rzeczownik\u00f3w rodzaju m\u0119skiego zaczynaj\u0105cych si\u0119 na sp\u00f3\u0142g\u0142osk\u0119, np. il libro (ksi\u0105\u017cka), i libri (ksi\u0105\u017cki).<br\/>&#8211; &#8222;lo&#8221; i &#8222;gli&#8221; dla rzeczownik\u00f3w rodzaju m\u0119skiego zaczynaj\u0105cych si\u0119 na &#8222;s&#8221;, po kt\u00f3rym nast\u0119puje sp\u00f3\u0142g\u0142oska, samog\u0142oska (z wyj\u0105tkiem &#8222;u&#8221;) lub &#8222;z&#8221;, np. lo <a href=\"https:\/\/talkpal.ai\/talkpal-discount-for-students\/\">studente<\/a> (student), gli <a href=\"https:\/\/talkpal.ai\/talkpal-discount-for-students\/\">studenti<\/a> (studenci).<br\/>&#8211; &#8222;la&#8221; i &#8222;le&#8221; dla rzeczownik\u00f3w rodzaju \u017ce\u0144skiego, np. la casa (dom), le case (domy)<\/p>\n\n\n\n<h3 class=\"wp-block-heading\" id=\"h-2-adjectives-and-agreement\">2. Przymiotniki i porozumienie<\/h3>\n\n\n\n<p>Przymiotniki w j\u0119zyku w\u0142oskim musz\u0105 zgadza\u0107 si\u0119 z rzeczownikiem, kt\u00f3ry modyfikuj\u0105 pod wzgl\u0119dem rodzaju i liczby. Na przyk\u0142ad, aby opisa\u0107 pyszn\u0105 pizz\u0119, nale\u017cy powiedzie\u0107 &#8222;una pizza deliziosa&#8221;, a nie &#8222;delizioso&#8221;. Pami\u0119taj, \u017ce w j\u0119zyku w\u0142oskim przymiotnik zwykle wyst\u0119puje po rzeczowniku.<\/p>\n\n\n\n<h3 class=\"wp-block-heading\" id=\"h-3-verbs-tense-and-conjugation\">3. Czasowniki, czasy i koniugacja<\/h3>\n\n\n\n<p>W\u0142oskie czasowniki s\u0105 wa\u017cn\u0105 cz\u0119\u015bci\u0105 gramatyki. Istniej\u0105 trzy kategorie czasownik\u00f3w (-are, -ere i -ire) i mn\u00f3stwo czasownik\u00f3w nieregularnych, wi\u0119c mamy przed sob\u0105 nie lada zadanie! Aby da\u0107 ci szybki przegl\u0105d, om\u00f3wmy czas tera\u017aniejszy czasownik\u00f3w regularnych.<\/p>\n\n\n\n<p>&#8211; &#8222;-are&#8221; czasowniki: np. parlare (m\u00f3wi\u0107): io parlo, tu parli, lui\/lei <a href=\"https:\/\/talkpal.ai\/locations\/language-courses-in-parla\/\">parla<\/a>, noi parliamo, voi parlate, loro parlano<br\/>&#8211; &#8222;-ere&#8221; czasowniki: np. leggere (czyta\u0107): io leggo, tu leggi, lui\/lei legge, noi leggiamo, voi leggete, loro leggono<br\/>&#8211; czasowniki z ko\u0144c\u00f3wk\u0105 &#8222;-ire&#8221;: np. finire (ko\u0144czy\u0107): io finisco, tu finisci, lui\/lei finisce, noi finiamo, voi finite, loro finiscono<\/p>\n\n\n\n<p>Nale\u017cy pami\u0119ta\u0107, \u017ce to tylko wierzcho\u0142ek g\u00f3ry lodowej! Istnieje wiele innych czas\u00f3w i czasownik\u00f3w nieregularnych do nauczenia si\u0119, ale ka\u017cda podr\u00f3\u017c zaczyna si\u0119 od jednego kroku.<\/p>\n\n\n\n<h3 class=\"wp-block-heading\" id=\"h-4-prepositions-pronouns-and-more\">4. Przyimki, zaimki i nie tylko!<\/h3>\n\n\n\n<p><a href=\"https:\/\/talkpal.ai\/pl\/grammar\/tipi-w-gramatyce-wloskiej\/\">Gramatyka w\u0142oska<\/a> zawiera wiele innych element\u00f3w, takich jak przyimki (di, a, da, in, su itp.), zaimki (io, tu, lui\/lei itp.), czasowniki zwrotne i wyra\u017cenia idiomatyczne. Ka\u017cdy element jest kluczem do odblokowania p\u0142ynno\u015bci, wi\u0119c r\u00f3b to krok po kroku.<\/p>\n\n\n\n<p>Podsumowuj\u0105c, nie ma drogi na skr\u00f3ty do opanowania w\u0142oskiej gramatyki. Wymaga wytrwa\u0142o\u015bci, praktyki i cierpliwo\u015bci. Ale kiedy ju\u017c opanujesz ten j\u0119zyk, b\u0119dziesz w stanie do\u015bwiadczy\u0107 pi\u0119kna konwersacji po w\u0142osku, odkrywaj\u0105c bogat\u0105 kultur\u0119 i histori\u0119 oraz pog\u0142\u0119biaj\u0105c swoje uznanie dla j\u0119zyka. <a href=\"https:\/\/talkpal.ai\/culture\/why-is-the-phrase-buona-fortuna-traditionally-considered-bad-luck-in-italian-theatre\/\">Buona fortuna<\/a>!<\/p>\n<\/div><\/div>\n\r\n<section class=\"learnNavigationSection\">\r\n            \r\n        <a href=\"https:\/\/talkpal.ai\/pl\/nauka-wloskiego\/\">\r\n            <div class=\"learnNavigationWrapper\">\r\n                <div class=\"learnNavigationContent\">\r\n                    <img decoding=\"async\" src=\"https:\/\/talkpal.ai\/wp-content\/uploads\/2024\/08\/Italian.jpg\" alt=\"Italian Flag\">\r\n                    <div>\r\n                        <h4>O nauce w\u0142oskiego<\/h4>\r\n                        <p>Dowiedz si\u0119 wszystkiego o gramatyce w\u0142oskiej.<\/p>\r\n                    <\/div>\r\n                <\/div>\r\n            <\/div>\r\n        <\/a>\r\n\r\n        \r\n        <a href=\"https:\/\/talkpal.ai\/pl\/cwiczenia-z-gramatyki-wloskiej\/\">\r\n            <div class=\"learnNavigationWrapper\">\r\n                <div class=\"learnNavigationContent\">\r\n                    <img decoding=\"async\" src=\"https:\/\/talkpal.ai\/wp-content\/uploads\/2024\/08\/Italian.jpg\" alt=\"Italian Flag\">\r\n                    <div>\r\n                        <h4>W\u0142oski \u0106wiczenie gramatyczne<\/h4>\r\n                        <p>\u0106wicz gramatyk\u0119 w\u0142osk\u0105.<\/p>\r\n                    <\/div>\r\n                <\/div>\r\n            <\/div>\r\n        <\/a>\r\n\r\n        \r\n        <a href=\"https:\/\/talkpal.ai\/vocabulary_language\/italian\/\">\r\n            <div class=\"learnNavigationWrapper\">\r\n                <div class=\"learnNavigationContent\">\r\n                    <img decoding=\"async\" src=\"https:\/\/talkpal.ai\/wp-content\/uploads\/2024\/08\/Italian.jpg\" alt=\"Italian Flag\">\r\n                    <div>\r\n                        <h4>S\u0142ownictwo w\u0142oskie<\/h4>\r\n                        <p>Poszerz swoje w\u0142oskie s\u0142ownictwo.<\/p>\r\n                    <\/div>\r\n                <\/div>\r\n            <\/div>\r\n        <\/a>\r\n\r\n            <\/section>","protected":false},"excerpt":{"rendered":"<p>Opanuj sztuk\u0119 w\u0142oskiej gramatyki: Tw\u00f3j najlepszy przewodnik Ciao, entuzja\u015bci j\u0119zyka! Gotowy, by zanurzy\u0107 si\u0119 w \u015bwiat w\u0142oskiej gramatyki? Trafi\u0142e\u015b we w\u0142a\u015bciwe miejsce. Pe\u0142en informacji, kt\u00f3re s\u0105 \u0142atwe do przyswojenia i konwersacyjne w tonie, ten artyku\u0142 poprowadzi Ci\u0119 przez fascynuj\u0105cy (i czasami trudny) \u015bwiat w\u0142oskiej gramatyki, dzi\u0119ki czemu b\u0119dziesz m\u00f3g\u0142 pewnie konstruowa\u0107 zdania i prowadzi\u0107 znacz\u0105ce [&hellip;]<\/p>\n","protected":false},"author":1,"featured_media":76178,"parent":0,"menu_order":0,"comment_status":"closed","ping_status":"closed","template":"LearningContentPage.php","meta":{"_acf_changed":false,"footnotes":""},"class_list":["post-126791","page","type-page","status-publish","has-post-thumbnail","hentry"],"acf":[],"yoast_head":"<!-- This site is optimized with the Yoast SEO Premium plugin v27.2 (Yoast SEO v27.2) - https:\/\/yoast.com\/product\/yoast-seo-premium-wordpress\/ -->\n<title>Gramatyka w\u0142oska - Talkpal<\/title>\n<meta name=\"description\" content=\"\u0141atwo naucz si\u0119 w\u0142oskiej gramatyki - \u0107wicz wyra\u017anie, zrozum zasady i m\u00f3w lepiej dzi\u0119ki prostym wskaz\u00f3wkom od Talkpal AI.\" \/>\n<meta name=\"robots\" content=\"index, follow, max-snippet:-1, max-image-preview:large, max-video-preview:-1\" \/>\n<link rel=\"canonical\" href=\"https:\/\/talkpal.ai\/pl\/gramatyka-wloska\/\" \/>\n<meta property=\"og:locale\" content=\"pl_PL\" \/>\n<meta property=\"og:type\" content=\"article\" \/>\n<meta property=\"og:title\" content=\"Gramatyka w\u0142oska\" \/>\n<meta property=\"og:description\" content=\"Opanuj sztuk\u0119 w\u0142oskiej gramatyki: Tw\u00f3j najlepszy przewodnik Ciao, entuzja\u015bci j\u0119zyka! Gotowy, by zanurzy\u0107 si\u0119 w \u015bwiat w\u0142oskiej gramatyki? Trafi\u0142e\u015b we\" \/>\n<meta property=\"og:url\" content=\"https:\/\/talkpal.ai\/pl\/gramatyka-wloska\/\" \/>\n<meta property=\"og:site_name\" content=\"Talkpal\" \/>\n<meta property=\"article:publisher\" content=\"https:\/\/www.facebook.com\/profile.php?id=100090733639311\" \/>\n<meta property=\"article:modified_time\" content=\"2025-05-22T18:43:46+00:00\" \/>\n<meta property=\"og:image\" content=\"https:\/\/talkpal.ai\/wp-content\/uploads\/2023\/03\/italy.png\" \/>\n\t<meta property=\"og:image:width\" content=\"512\" \/>\n\t<meta property=\"og:image:height\" content=\"512\" \/>\n\t<meta property=\"og:image:type\" content=\"image\/png\" \/>\n<meta name=\"twitter:card\" content=\"summary_large_image\" \/>\n<meta name=\"twitter:site\" content=\"@talkpalai\" \/>\n<meta name=\"twitter:label1\" content=\"Szacowany czas czytania\" \/>\n\t<meta name=\"twitter:data1\" content=\"3 minuty\" \/>\n<script type=\"application\/ld+json\" class=\"yoast-schema-graph\">{\"@context\":\"https:\/\/schema.org\",\"@graph\":[{\"@type\":\"WebPage\",\"@id\":\"https:\/\/talkpal.ai\/pl\/gramatyka-wloska\/\",\"url\":\"https:\/\/talkpal.ai\/pl\/gramatyka-wloska\/\",\"name\":\"Gramatyka w\u0142oska - Talkpal\",\"isPartOf\":{\"@id\":\"https:\/\/talkpal.ai\/pl\/#website\"},\"primaryImageOfPage\":{\"@id\":\"https:\/\/talkpal.ai\/pl\/gramatyka-wloska\/#primaryimage\"},\"image\":{\"@id\":\"https:\/\/talkpal.ai\/pl\/gramatyka-wloska\/#primaryimage\"},\"thumbnailUrl\":\"https:\/\/talkpal.ai\/wp-content\/uploads\/2023\/03\/italy.png\",\"datePublished\":\"2023-03-26T12:27:22+00:00\",\"dateModified\":\"2025-05-22T18:43:46+00:00\",\"description\":\"\u0141atwo naucz si\u0119 w\u0142oskiej gramatyki - \u0107wicz wyra\u017anie, zrozum zasady i m\u00f3w lepiej dzi\u0119ki prostym wskaz\u00f3wkom od Talkpal AI.\",\"breadcrumb\":{\"@id\":\"https:\/\/talkpal.ai\/pl\/gramatyka-wloska\/#breadcrumb\"},\"inLanguage\":\"pl-PL\",\"potentialAction\":[{\"@type\":\"ReadAction\",\"target\":[\"https:\/\/talkpal.ai\/pl\/gramatyka-wloska\/\"]}]},{\"@type\":\"ImageObject\",\"inLanguage\":\"pl-PL\",\"@id\":\"https:\/\/talkpal.ai\/pl\/gramatyka-wloska\/#primaryimage\",\"url\":\"https:\/\/talkpal.ai\/wp-content\/uploads\/2023\/03\/italy.png\",\"contentUrl\":\"https:\/\/talkpal.ai\/wp-content\/uploads\/2023\/03\/italy.png\",\"width\":512,\"height\":512,\"caption\":\"TalkPal AI learn Italian\"},{\"@type\":\"BreadcrumbList\",\"@id\":\"https:\/\/talkpal.ai\/pl\/gramatyka-wloska\/#breadcrumb\",\"itemListElement\":[{\"@type\":\"ListItem\",\"position\":1,\"name\":\"Homepage\",\"item\":\"https:\/\/talkpal.ai\/pl\/\"},{\"@type\":\"ListItem\",\"position\":2,\"name\":\"Gramatyka w\u0142oska\"}]},{\"@type\":\"WebSite\",\"@id\":\"https:\/\/talkpal.ai\/pl\/#website\",\"url\":\"https:\/\/talkpal.ai\/pl\/\",\"name\":\"Talkpal\",\"description\":\"AI Language Learning\",\"publisher\":{\"@id\":\"https:\/\/talkpal.ai\/pl\/#organization\"},\"alternateName\":\"Talkpal AI\",\"potentialAction\":[{\"@type\":\"SearchAction\",\"target\":{\"@type\":\"EntryPoint\",\"urlTemplate\":\"https:\/\/talkpal.ai\/pl\/?s={search_term_string}\"},\"query-input\":{\"@type\":\"PropertyValueSpecification\",\"valueRequired\":true,\"valueName\":\"search_term_string\"}}],\"inLanguage\":\"pl-PL\"},{\"@type\":\"Organization\",\"@id\":\"https:\/\/talkpal.ai\/pl\/#organization\",\"name\":\"Talkpal, Inc.\",\"alternateName\":\"Talkpal AI\",\"url\":\"https:\/\/talkpal.ai\/pl\/\",\"logo\":{\"@type\":\"ImageObject\",\"inLanguage\":\"pl-PL\",\"@id\":\"https:\/\/talkpal.ai\/pl\/#\/schema\/logo\/image\/\",\"url\":\"https:\/\/talkpal.ai\/wp-content\/uploads\/2024\/03\/Talkpal-Logo-Icon.png\",\"contentUrl\":\"https:\/\/talkpal.ai\/wp-content\/uploads\/2024\/03\/Talkpal-Logo-Icon.png\",\"width\":2880,\"height\":2880,\"caption\":\"Talkpal, Inc.\"},\"image\":{\"@id\":\"https:\/\/talkpal.ai\/pl\/#\/schema\/logo\/image\/\"},\"sameAs\":[\"https:\/\/www.facebook.com\/profile.php?id=100090733639311\",\"https:\/\/x.com\/talkpalai\",\"https:\/\/www.linkedin.com\/company\/talkpal\/\",\"https:\/\/www.youtube.com\/@TalkPal\/\",\"https:\/\/www.tiktok.com\/@talkpal\",\"https:\/\/www.instagram.com\/talkpal_ai\/\",\"https:\/\/www.crunchbase.com\/organization\/talkpal-9cde\",\"https:\/\/www.g2.com\/products\/talkpal-for-business\/\",\"https:\/\/www.trustpilot.com\/review\/talkpal.ai\",\"https:\/\/www.capterra.com\/p\/10006800\/TalkPal\/\"],\"description\":\"Talkpal is a language learning web and mobile education app, powered by the latest AI technologies, that provides engaging experiences to its customers in many different languages to help them improve their language skills. Users can chat about unlimited amount of topics with the app and use other modes to practice their language learning.\",\"email\":\"support@talkpal.ai\",\"legalName\":\"Talkpal, Inc.\",\"foundingDate\":\"2023-04-03\",\"duns\":\"118989042\",\"numberOfEmployees\":{\"@type\":\"QuantitativeValue\",\"minValue\":\"11\",\"maxValue\":\"50\"},\"publishingPrinciples\":\"https:\/\/talkpal.ai\/publishing-principles\/\",\"actionableFeedbackPolicy\":\"https:\/\/talkpal.ai\/actionable-feedback-policy\/\",\"correctionsPolicy\":\"https:\/\/talkpal.ai\/corrections-policy\/\",\"ethicsPolicy\":\"https:\/\/talkpal.ai\/ethics-policy\/\",\"diversityPolicy\":\"https:\/\/talkpal.ai\/diversity-policy\/\",\"diversityStaffingReport\":\"https:\/\/talkpal.ai\/diversity-policy\/\"}]}<\/script>\n<!-- \/ Yoast SEO Premium plugin. -->","yoast_head_json":{"title":"Gramatyka w\u0142oska - Talkpal","description":"\u0141atwo naucz si\u0119 w\u0142oskiej gramatyki - \u0107wicz wyra\u017anie, zrozum zasady i m\u00f3w lepiej dzi\u0119ki prostym wskaz\u00f3wkom od Talkpal AI.","robots":{"index":"index","follow":"follow","max-snippet":"max-snippet:-1","max-image-preview":"max-image-preview:large","max-video-preview":"max-video-preview:-1"},"canonical":"https:\/\/talkpal.ai\/pl\/gramatyka-wloska\/","og_locale":"pl_PL","og_type":"article","og_title":"Gramatyka w\u0142oska","og_description":"Opanuj sztuk\u0119 w\u0142oskiej gramatyki: Tw\u00f3j najlepszy przewodnik Ciao, entuzja\u015bci j\u0119zyka! Gotowy, by zanurzy\u0107 si\u0119 w \u015bwiat w\u0142oskiej gramatyki? Trafi\u0142e\u015b we","og_url":"https:\/\/talkpal.ai\/pl\/gramatyka-wloska\/","og_site_name":"Talkpal","article_publisher":"https:\/\/www.facebook.com\/profile.php?id=100090733639311","article_modified_time":"2025-05-22T18:43:46+00:00","og_image":[{"width":512,"height":512,"url":"https:\/\/talkpal.ai\/wp-content\/uploads\/2023\/03\/italy.png","type":"image\/png"}],"twitter_card":"summary_large_image","twitter_site":"@talkpalai","twitter_misc":{"Szacowany czas czytania":"3 minuty"},"schema":{"@context":"https:\/\/schema.org","@graph":[{"@type":"WebPage","@id":"https:\/\/talkpal.ai\/pl\/gramatyka-wloska\/","url":"https:\/\/talkpal.ai\/pl\/gramatyka-wloska\/","name":"Gramatyka w\u0142oska - Talkpal","isPartOf":{"@id":"https:\/\/talkpal.ai\/pl\/#website"},"primaryImageOfPage":{"@id":"https:\/\/talkpal.ai\/pl\/gramatyka-wloska\/#primaryimage"},"image":{"@id":"https:\/\/talkpal.ai\/pl\/gramatyka-wloska\/#primaryimage"},"thumbnailUrl":"https:\/\/talkpal.ai\/wp-content\/uploads\/2023\/03\/italy.png","datePublished":"2023-03-26T12:27:22+00:00","dateModified":"2025-05-22T18:43:46+00:00","description":"\u0141atwo naucz si\u0119 w\u0142oskiej gramatyki - \u0107wicz wyra\u017anie, zrozum zasady i m\u00f3w lepiej dzi\u0119ki prostym wskaz\u00f3wkom od Talkpal AI.","breadcrumb":{"@id":"https:\/\/talkpal.ai\/pl\/gramatyka-wloska\/#breadcrumb"},"inLanguage":"pl-PL","potentialAction":[{"@type":"ReadAction","target":["https:\/\/talkpal.ai\/pl\/gramatyka-wloska\/"]}]},{"@type":"ImageObject","inLanguage":"pl-PL","@id":"https:\/\/talkpal.ai\/pl\/gramatyka-wloska\/#primaryimage","url":"https:\/\/talkpal.ai\/wp-content\/uploads\/2023\/03\/italy.png","contentUrl":"https:\/\/talkpal.ai\/wp-content\/uploads\/2023\/03\/italy.png","width":512,"height":512,"caption":"TalkPal AI learn Italian"},{"@type":"BreadcrumbList","@id":"https:\/\/talkpal.ai\/pl\/gramatyka-wloska\/#breadcrumb","itemListElement":[{"@type":"ListItem","position":1,"name":"Homepage","item":"https:\/\/talkpal.ai\/pl\/"},{"@type":"ListItem","position":2,"name":"Gramatyka w\u0142oska"}]},{"@type":"WebSite","@id":"https:\/\/talkpal.ai\/pl\/#website","url":"https:\/\/talkpal.ai\/pl\/","name":"Talkpal","description":"AI Language Learning","publisher":{"@id":"https:\/\/talkpal.ai\/pl\/#organization"},"alternateName":"Talkpal AI","potentialAction":[{"@type":"SearchAction","target":{"@type":"EntryPoint","urlTemplate":"https:\/\/talkpal.ai\/pl\/?s={search_term_string}"},"query-input":{"@type":"PropertyValueSpecification","valueRequired":true,"valueName":"search_term_string"}}],"inLanguage":"pl-PL"},{"@type":"Organization","@id":"https:\/\/talkpal.ai\/pl\/#organization","name":"Talkpal, Inc.","alternateName":"Talkpal AI","url":"https:\/\/talkpal.ai\/pl\/","logo":{"@type":"ImageObject","inLanguage":"pl-PL","@id":"https:\/\/talkpal.ai\/pl\/#\/schema\/logo\/image\/","url":"https:\/\/talkpal.ai\/wp-content\/uploads\/2024\/03\/Talkpal-Logo-Icon.png","contentUrl":"https:\/\/talkpal.ai\/wp-content\/uploads\/2024\/03\/Talkpal-Logo-Icon.png","width":2880,"height":2880,"caption":"Talkpal, Inc."},"image":{"@id":"https:\/\/talkpal.ai\/pl\/#\/schema\/logo\/image\/"},"sameAs":["https:\/\/www.facebook.com\/profile.php?id=100090733639311","https:\/\/x.com\/talkpalai","https:\/\/www.linkedin.com\/company\/talkpal\/","https:\/\/www.youtube.com\/@TalkPal\/","https:\/\/www.tiktok.com\/@talkpal","https:\/\/www.instagram.com\/talkpal_ai\/","https:\/\/www.crunchbase.com\/organization\/talkpal-9cde","https:\/\/www.g2.com\/products\/talkpal-for-business\/","https:\/\/www.trustpilot.com\/review\/talkpal.ai","https:\/\/www.capterra.com\/p\/10006800\/TalkPal\/"],"description":"Talkpal is a language learning web and mobile education app, powered by the latest AI technologies, that provides engaging experiences to its customers in many different languages to help them improve their language skills. Users can chat about unlimited amount of topics with the app and use other modes to practice their language learning.","email":"support@talkpal.ai","legalName":"Talkpal, Inc.","foundingDate":"2023-04-03","duns":"118989042","numberOfEmployees":{"@type":"QuantitativeValue","minValue":"11","maxValue":"50"},"publishingPrinciples":"https:\/\/talkpal.ai\/publishing-principles\/","actionableFeedbackPolicy":"https:\/\/talkpal.ai\/actionable-feedback-policy\/","correctionsPolicy":"https:\/\/talkpal.ai\/corrections-policy\/","ethicsPolicy":"https:\/\/talkpal.ai\/ethics-policy\/","diversityPolicy":"https:\/\/talkpal.ai\/diversity-policy\/","diversityStaffingReport":"https:\/\/talkpal.ai\/diversity-policy\/"}]}},"_links":{"self":[{"href":"https:\/\/talkpal.ai\/pl\/wp-json\/wp\/v2\/pages\/126791","targetHints":{"allow":["GET"]}}],"collection":[{"href":"https:\/\/talkpal.ai\/pl\/wp-json\/wp\/v2\/pages"}],"about":[{"href":"https:\/\/talkpal.ai\/pl\/wp-json\/wp\/v2\/types\/page"}],"author":[{"embeddable":true,"href":"https:\/\/talkpal.ai\/pl\/wp-json\/wp\/v2\/users\/1"}],"replies":[{"embeddable":true,"href":"https:\/\/talkpal.ai\/pl\/wp-json\/wp\/v2\/comments?post=126791"}],"version-history":[{"count":0,"href":"https:\/\/talkpal.ai\/pl\/wp-json\/wp\/v2\/pages\/126791\/revisions"}],"wp:featuredmedia":[{"embeddable":true,"href":"https:\/\/talkpal.ai\/pl\/wp-json\/wp\/v2\/media\/76178"}],"wp:attachment":[{"href":"https:\/\/talkpal.ai\/pl\/wp-json\/wp\/v2\/media?parent=126791"}],"curies":[{"name":"wp","href":"https:\/\/api.w.org\/{rel}","templated":true}]}}