{"id":124640,"date":"2023-03-26T11:55:54","date_gmt":"2023-03-26T11:55:54","guid":{"rendered":"http:\/\/talkpal.ai\/gramatyka-hiszpanska\/"},"modified":"2025-05-22T18:50:32","modified_gmt":"2025-05-22T18:50:32","slug":"gramatyka-hiszpanska","status":"publish","type":"page","link":"https:\/\/talkpal.ai\/pl\/gramatyka-hiszpanska\/","title":{"rendered":"Gramatyka hiszpa\u0144ska"},"content":{"rendered":"\r\n\r\n\r\n<section class=\"languageChallengeSection\">\r\n    <div class=\"languageInfoWrapper\">\r\n        \r\n        <h1>Gramatyka hiszpa\u0144ska<\/h1>\r\n        <p>Zanurz si\u0119 w t\u0119tni\u0105cym \u017cyciem <a href=\"https:\/\/talkpal.ai\/locations\/language-courses-in-swiecie\/\">\u015bwiecie<\/a> j\u0119zyka hiszpa\u0144skiego, opanowuj\u0105c jego podstawowe zasady gramatyczne. Zrozumienie hiszpa\u0144skiej gramatyki pomo\u017ce ci komunikowa\u0107 si\u0119 pewnie i otworzy\u0107 nowe znajomo\u015bci z milionami os\u00f3b na ca\u0142ym \u015bwiecie. Rozpocznij nauk\u0119 hiszpa\u0144skiej gramatyki ju\u017c dzi\u015b i zr\u00f3b pierwszy krok w kierunku p\u0142ynnego pos\u0142ugiwania si\u0119 tym j\u0119zykiem!<\/p>\r\n\r\n                            <a class=\"getStartedHidden\" href=\"https:\/\/app.talkpal.ai\/pl\/signup?lng=\">Zaczynaj<\/a>\r\n        \r\n    <\/div>\r\n\r\n    <figure>\r\n    <img decoding=\"async\" width=\"768\" height=\"768\" src=\"https:\/\/talkpal.ai\/wp-content\/uploads\/2023\/06\/Spanish-768x768.png\" class=\"languageImage no-lazy\" alt=\"Practical application of language learning\" fetchpriority=\"high\" sizes=\"(max-width: 768px) 150px, 768px\" srcset=\"https:\/\/talkpal.ai\/wp-content\/uploads\/2023\/06\/Spanish-768x768.png 768w, https:\/\/talkpal.ai\/wp-content\/uploads\/2023\/06\/Spanish-300x300.png 300w\" \/>\r\n    \r\n\r\n    <\/figure>\r\n\r\n            <a class=\"getStartedVisible\" href=\"https:\/\/app.talkpal.ai\/pl\/signup?lng=\">Zaczynaj<\/a>\r\n    \r\n<\/section>\r\n        <section class=\"grammarSection\">\r\n            <div class=\"grammarLinks\">\r\n                <a href=\"https:\/\/talkpal.ai\/pl\/language\/artykuly-gramatyka-hiszpanska\/\">Artyku\u0142y <\/a><a href=\"https:\/\/talkpal.ai\/pl\/language\/czasowniki-gramatyka-hiszpanska\/\">Czasowniki <\/a><a href=\"https:\/\/talkpal.ai\/pl\/language\/czasy-laczace-gramatyka-hiszpanska\/\">Czasy \u0142\u0105cz\u0105ce <\/a><a href=\"https:\/\/talkpal.ai\/pl\/language\/czasy-oznajmujace-gramatyka-hiszpanska\/\">Czasy oznajmuj\u0105ce <\/a><a href=\"https:\/\/talkpal.ai\/pl\/language\/przyimki-gramatyka-hiszpanska\/\">Przyimki <\/a><a href=\"https:\/\/talkpal.ai\/pl\/language\/przymiotniki-gramatyka-hiszpanska\/\">Przymiotniki <\/a><a href=\"https:\/\/talkpal.ai\/pl\/language\/przyslowki-gramatyka-hiszpanska\/\">Przys\u0142\u00f3wki <\/a><a href=\"https:\/\/talkpal.ai\/pl\/language\/rzeczowniki-gramatyka-hiszpanska\/\">Rzeczowniki <\/a><a href=\"https:\/\/talkpal.ai\/pl\/language\/struktura-zdania-gramatyka-hiszpanska\/\">Struktura zdania <\/a><a href=\"https:\/\/talkpal.ai\/pl\/language\/zaimki-gramatyka-hiszpanska\/\">Zaimki <\/a>            <\/div>\r\n        <\/section>\r\n    <section class=\"promotionalBanner\">\r\n    <p class=\"promotionalText\"><\/p>\r\n    <a class=\"promotionalLink\" href=\"https:\/\/app.talkpal.ai\/pl\/signup?lng=\"><\/a>\r\n<\/section>\n<div class=\"wp-block-group pageContainerStyle\"><div class=\"wp-block-group__inner-container is-layout-constrained wp-block-group-is-layout-constrained\">\n<h2 class=\"wp-block-heading\" id=\"h-a-quick-guide-to-learning-spanish-grammar\">Kr\u00f3tki przewodnik po nauce gramatyki hiszpa\u0144skiej<\/h2>\n\n\n\n<p>Je\u015bli kiedykolwiek my\u015bla\u0142e\u015b o nauce nowego j\u0119zyka, istnieje du\u017ce prawdopodobie\u0144stwo, \u017ce przyszed\u0142 Ci do g\u0142owy <a href=\"https:\/\/talkpal.ai\/learn-spanish\/\">hiszpa\u0144ski<\/a>. Jako jeden z najcz\u0119\u015bciej u\u017cywanych j\u0119zyk\u00f3w na \u015bwiecie, hiszpa\u0144ski oferuje wiele korzy\u015bci dla rozwoju osobistego i zawodowego. <a href=\"https:\/\/talkpal.ai\/pl\/nauka-hiszpanskiego-skuteczne-i-latwe-%d8%af%d8%b1%d9%88%d8%b3-%d8%a7%d9%84%d9%84%d8%ba%d8%a9-%d8%a7%d9%84%d8%a7%d8%b3%d8%a8%d8%a7%d9%86%d9%8a%d8%a9\/\">Nauka hiszpa\u0144skiego<\/a> nie tylko da Ci dost\u0119p do nowych kultur, ale tak\u017ce poprawi Twoje umiej\u0119tno\u015bci komunikacyjne. Chocia\u017c wiele os\u00f3b boi si\u0119 zapl\u0105ta\u0107 w zasady gramatyczne, mo\u017cesz odetchn\u0105\u0107 z ulg\u0105, poniewa\u017c <a href=\"https:\/\/talkpal.ai\/spanish-grammar\/\">gramatyka hiszpa\u0144ska<\/a> jest stosunkowo prosta. W tym artykule przedstawimy kr\u00f3tki przewodnik, kt\u00f3ry pomo\u017ce ci porusza\u0107 si\u0119 po ekscytuj\u0105cym \u015bwiecie hiszpa\u0144skiej gramatyki jak profesjonalista!<\/p>\n\n\n\n<h3 class=\"wp-block-heading\" id=\"h-1-understanding-spanish-nouns-and-articles\">1. Zrozumienie hiszpa\u0144skich rzeczownik\u00f3w i przedimk\u00f3w<\/h3>\n\n\n\n<p>Hiszpa\u0144skie rzeczowniki, podobnie jak w j\u0119zyku angielskim, s\u0142u\u017c\u0105 do identyfikacji ludzi, miejsc, przedmiot\u00f3w, idei i uczu\u0107. Pierwsz\u0105 zasad\u0105, o kt\u00f3rej nale\u017cy pami\u0119ta\u0107 w przypadku hiszpa\u0144skich rzeczownik\u00f3w, jest to, \u017ce maj\u0105 rodzaj. Hiszpa\u0144skie rzeczowniki s\u0105 m\u0119skie lub \u017ce\u0144skie. Na przyk\u0142ad &#8222;libro&#8221; (ksi\u0105\u017cka) jest rodzaju m\u0119skiego, a &#8222;casa&#8221; (dom) jest rodzaju \u017ce\u0144skiego. W wielu przypadkach rzeczowniki ko\u0144cz\u0105ce si\u0119 na &#8222;o&#8221; s\u0105 rodzaju m\u0119skiego, podczas gdy te ko\u0144cz\u0105ce si\u0119 na &#8222;a&#8221; s\u0105 rodzaju \u017ce\u0144skiego.<\/p>\n\n\n\n<p>Przedimki hiszpa\u0144skie s\u0105 podobne do angielskich &#8222;the&#8221;, &#8222;a&#8221; lub &#8222;an&#8221;. S\u0105 kluczow\u0105 cz\u0119\u015bci\u0105 j\u0119zyka, poniewa\u017c musz\u0105 zgadza\u0107 si\u0119 z rodzajem i liczb\u0105 rzeczownika, kt\u00f3ry opisuj\u0105. Istniej\u0105 cztery rodzaje artyku\u0142\u00f3w w j\u0119zyku hiszpa\u0144skim:<\/p>\n\n\n\n<p>&#8211; <strong>Przedimki okre\u015blone:<\/strong> el (liczba pojedyncza rodzaju m\u0119skiego), la (liczba pojedyncza rodzaju \u017ce\u0144skiego), los (liczba mnoga rodzaju m\u0119skiego) i las (liczba mnoga rodzaju \u017ce\u0144skiego).<br\/>&#8211; <strong>Przedimki nieokre\u015blone:<\/strong> un (a\/m\u0119ska liczba pojedyncza), una (a\/\u017ce\u0144ska liczba pojedyncza), unos (niekt\u00f3re m\u0119skie liczby mnogie) i unas (niekt\u00f3re \u017ce\u0144skie liczby mnogie).<\/p>\n\n\n\n<h3 class=\"wp-block-heading\" id=\"h-2-slaying-spanish-verbs-conjugation-and-tenses\">2. Zabijanie hiszpa\u0144skich czasownik\u00f3w: koniugacja i czasy<\/h3>\n\n\n\n<p>Jednym z najwa\u017cniejszych aspekt\u00f3w nauki gramatyki hiszpa\u0144skiej jest zrozumienie koniugacji czasownik\u00f3w. Koniugacja oznacza po prostu zmian\u0119 formy \u017ar\u00f3d\u0142owej czasownika w celu dopasowania jej do podmiotu i czasu. Na przyk\u0142ad w j\u0119zyku hiszpa\u0144skim m\u00f3wi si\u0119 &#8222;Yo como&#8221; (jem) i &#8222;\u00e9l come&#8221; (on je). Zauwa\u017c, \u017ce czasownik comer (je\u015b\u0107) zmienia swoj\u0105 form\u0119, gdy zmieniasz podmiot.<\/p>\n\n\n\n<p><strong>Niekt\u00f3re popularne czasowniki regularne w j\u0119zyku hiszpa\u0144skim to:<\/strong><\/p>\n\n\n\n<p>&#8211; Czasowniki AR: hablar (m\u00f3wi\u0107), amar (kocha\u0107) i bailar (ta\u0144czy\u0107).<br\/>&#8211; Czasowniki ER: comer (je\u015b\u0107), aprender (uczy\u0107 si\u0119) i vender (sprzedawa\u0107).<br\/>&#8211; Czasowniki IR: vivir (\u017cy\u0107), escribir (pisa\u0107) i descubrir (odkrywa\u0107).<\/p>\n\n\n\n<p>Podobnie jak w j\u0119zyku angielskim, hiszpa\u0144ski ma wiele czas\u00f3w czasownik\u00f3w, aby oznaczy\u0107 czas, w kt\u00f3rym dzieje si\u0119 dana czynno\u015b\u0107. Najwa\u017cniejsze z nich to:<\/p>\n\n\n\n<p><strong>&#8211; Obecny<\/strong><br\/><strong>&#8211; Preterite<\/strong><br\/><strong>&#8211; Niedoskona\u0142y<\/strong><br\/><strong>&#8211; Przysz\u0142o\u015b\u0107<\/strong><br\/><strong>&#8211; Warunkowy<\/strong><br\/><strong>&#8211; Tryb \u0142\u0105cz\u0105cy tera\u017aniejszy<\/strong><br\/><strong>&#8211; Imperfect Subjunctive<\/strong><\/p>\n\n\n\n<p>Nie stresuj si\u0119 nauk\u0105 wszystkich czas\u00f3w na raz. Zajmuj si\u0119 nimi pojedynczo i \u0107wicz, a\u017c poczujesz si\u0119 komfortowo.<\/p>\n\n\n\n<h3 class=\"wp-block-heading\" id=\"h-3-creating-sentences-with-spanish-adjectives-and-adverbs\">3. Tworzenie zda\u0144 z hiszpa\u0144skimi przymiotnikami i przys\u0142\u00f3wkami<\/h3>\n\n\n\n<p>Przymiotniki i przys\u0142\u00f3wki odgrywaj\u0105 istotn\u0105 rol\u0119 w urozmaicaniu hiszpa\u0144skich zda\u0144. Przymiotniki opisuj\u0105 cechy lub cechy rzeczownik\u00f3w, podczas gdy przys\u0142\u00f3wki opisuj\u0105 czynno\u015bci lub czasowniki. W j\u0119zyku hiszpa\u0144skim przymiotniki musz\u0105 zgadza\u0107 si\u0119 z rzeczownikiem, kt\u00f3ry opisuj\u0105, zar\u00f3wno pod wzgl\u0119dem rodzaju, jak i liczby.<\/p>\n\n\n\n<p>Jedn\u0105 z kluczowych r\u00f3\u017cnic mi\u0119dzy hiszpa\u0144skim a angielskim jest kolejno\u015b\u0107 przymiotnik\u00f3w. Hiszpa\u0144skie przymiotniki zazwyczaj wyst\u0119puj\u0105 po rzeczowniku, np. &#8222;un coche rojo&#8221; (czerwony samoch\u00f3d).<\/p>\n\n\n\n<p>Z drugiej strony hiszpa\u0144skie przys\u0142\u00f3wki nigdy nie zmieniaj\u0105 si\u0119 ze wzgl\u0119du na rodzaj lub liczb\u0119. Podobnie jak w j\u0119zyku angielskim, przys\u0142\u00f3wki zazwyczaj wyst\u0119puj\u0105 po czasowniku, kt\u00f3ry modyfikuj\u0105, np. &#8222;Ella habla r\u00e1pidamente&#8221; (M\u00f3wi szybko).<\/p>\n\n\n\n<h3 class=\"wp-block-heading\" id=\"h-conclusion\">Wnioski<\/h3>\n\n\n\n<p>Hiszpa\u0144ska <a href=\"https:\/\/talkpal.ai\/grammar\/\">gramatyka<\/a> nie powinna Ci\u0119 przera\u017ca\u0107! To prawda, wymaga to praktyki, ale post\u0119puj\u0105c zgodnie z tymi prostymi wskaz\u00f3wkami, b\u0119dziesz na dobrej drodze do stania si\u0119 wyj\u0105tkowym hiszpa\u0144skim m\u00f3wc\u0105. Pami\u0119taj, aby zawsze anga\u017cowa\u0107 si\u0119 w j\u0119zyk w zabawny, konwersacyjny spos\u00f3b, odkrywaj\u0105c rzeczowniki, czasowniki, przymiotniki i przys\u0142\u00f3wki. \u0106wicz dalej, poznaj kultur\u0119 i pozw\u00f3l, aby Twoja hiszpa\u0144ska podr\u00f3\u017c si\u0119 rozwin\u0119\u0142a. \u00a1Buena suerte!<\/p>\n<\/div><\/div>\n\r\n<section class=\"learnNavigationSection\">\r\n            \r\n        <a href=\"https:\/\/talkpal.ai\/pl\/nauka-hiszpanskiego\/\">\r\n            <div class=\"learnNavigationWrapper\">\r\n                <div class=\"learnNavigationContent\">\r\n                    <img decoding=\"async\" src=\"https:\/\/talkpal.ai\/wp-content\/uploads\/2024\/08\/Spanish.jpg\" alt=\"Spanish Flag\">\r\n                    <div>\r\n                        <h4>O nauce hiszpa\u0144skiego<\/h4>\r\n                        <p>Dowiedz si\u0119 wszystkiego o gramatyce hiszpa\u0144skiej.<\/p>\r\n                    <\/div>\r\n                <\/div>\r\n            <\/div>\r\n        <\/a>\r\n\r\n        \r\n        <a href=\"https:\/\/talkpal.ai\/pl\/cwiczenia-z-gramatyki-hiszpanskiej\/\">\r\n            <div class=\"learnNavigationWrapper\">\r\n                <div class=\"learnNavigationContent\">\r\n                    <img decoding=\"async\" src=\"https:\/\/talkpal.ai\/wp-content\/uploads\/2024\/08\/Spanish.jpg\" alt=\"Spanish Flag\">\r\n                    <div>\r\n                        <h4>\u0106wiczenia z gramatyki hiszpa\u0144skiej<\/h4>\r\n                        <p>\u0106wicz gramatyk\u0119 hiszpa\u0144sk\u0105.<\/p>\r\n                    <\/div>\r\n                <\/div>\r\n            <\/div>\r\n        <\/a>\r\n\r\n        \r\n        <a href=\"https:\/\/talkpal.ai\/vocabulary_language\/spanish\/\">\r\n            <div class=\"learnNavigationWrapper\">\r\n                <div class=\"learnNavigationContent\">\r\n                    <img decoding=\"async\" src=\"https:\/\/talkpal.ai\/wp-content\/uploads\/2024\/08\/Spanish.jpg\" alt=\"Spanish Flag\">\r\n                    <div>\r\n                        <h4>S\u0142ownictwo hiszpa\u0144skie<\/h4>\r\n                        <p>Poszerz swoje hiszpa\u0144skie s\u0142ownictwo.<\/p>\r\n                    <\/div>\r\n                <\/div>\r\n            <\/div>\r\n        <\/a>\r\n\r\n            <\/section>","protected":false},"excerpt":{"rendered":"<p>Kr\u00f3tki przewodnik po nauce gramatyki hiszpa\u0144skiej Je\u015bli kiedykolwiek my\u015bla\u0142e\u015b o nauce nowego j\u0119zyka, istnieje du\u017ce prawdopodobie\u0144stwo, \u017ce przyszed\u0142 Ci do g\u0142owy hiszpa\u0144ski. Jako jeden z najcz\u0119\u015bciej u\u017cywanych j\u0119zyk\u00f3w na \u015bwiecie, hiszpa\u0144ski oferuje wiele korzy\u015bci dla rozwoju osobistego i zawodowego. Nauka hiszpa\u0144skiego nie tylko da Ci dost\u0119p do nowych kultur, ale tak\u017ce poprawi Twoje umiej\u0119tno\u015bci komunikacyjne. [&hellip;]<\/p>\n","protected":false},"author":1,"featured_media":75344,"parent":0,"menu_order":0,"comment_status":"closed","ping_status":"closed","template":"LearningContentPage.php","meta":{"_acf_changed":false,"footnotes":""},"class_list":["post-124640","page","type-page","status-publish","has-post-thumbnail","hentry"],"acf":[],"yoast_head":"<!-- This site is optimized with the Yoast SEO Premium plugin v27.2 (Yoast SEO v27.2) - https:\/\/yoast.com\/product\/yoast-seo-premium-wordpress\/ -->\n<title>Gramatyka hiszpa\u0144ska - Talkpal<\/title>\n<meta name=\"description\" content=\"Popraw swoje umiej\u0119tno\u015bci gramatyczne w j\u0119zyku hiszpa\u0144skim dzi\u0119ki interaktywnym \u0107wiczeniom zaprojektowanym dla wszystkich poziom\u00f3w zaawansowania. Skutecznie \u0107wicz hiszpa\u0144ski!\" \/>\n<meta name=\"robots\" content=\"index, follow, max-snippet:-1, max-image-preview:large, max-video-preview:-1\" \/>\n<link rel=\"canonical\" href=\"https:\/\/talkpal.ai\/pl\/gramatyka-hiszpanska\/\" \/>\n<meta property=\"og:locale\" content=\"pl_PL\" \/>\n<meta property=\"og:type\" content=\"article\" \/>\n<meta property=\"og:title\" content=\"Gramatyka hiszpa\u0144ska\" \/>\n<meta property=\"og:description\" content=\"Kr\u00f3tki przewodnik po nauce gramatyki hiszpa\u0144skiej Je\u015bli kiedykolwiek my\u015bla\u0142e\u015b o nauce nowego j\u0119zyka, istnieje du\u017ce prawdopodobie\u0144stwo, \u017ce przyszed\u0142 Ci do\" \/>\n<meta property=\"og:url\" content=\"https:\/\/talkpal.ai\/pl\/gramatyka-hiszpanska\/\" \/>\n<meta property=\"og:site_name\" content=\"Talkpal\" \/>\n<meta property=\"article:publisher\" content=\"https:\/\/www.facebook.com\/profile.php?id=100090733639311\" \/>\n<meta property=\"article:modified_time\" content=\"2025-05-22T18:50:32+00:00\" \/>\n<meta property=\"og:image\" content=\"https:\/\/talkpal.ai\/wp-content\/uploads\/2023\/03\/spain.png\" \/>\n\t<meta property=\"og:image:width\" content=\"512\" \/>\n\t<meta property=\"og:image:height\" content=\"512\" \/>\n\t<meta property=\"og:image:type\" content=\"image\/png\" \/>\n<meta name=\"twitter:card\" content=\"summary_large_image\" \/>\n<meta name=\"twitter:site\" content=\"@talkpalai\" \/>\n<meta name=\"twitter:label1\" content=\"Szacowany czas czytania\" \/>\n\t<meta name=\"twitter:data1\" content=\"4 minuty\" \/>\n<script type=\"application\/ld+json\" class=\"yoast-schema-graph\">{\"@context\":\"https:\/\/schema.org\",\"@graph\":[{\"@type\":\"WebPage\",\"@id\":\"https:\/\/talkpal.ai\/pl\/gramatyka-hiszpanska\/\",\"url\":\"https:\/\/talkpal.ai\/pl\/gramatyka-hiszpanska\/\",\"name\":\"Gramatyka hiszpa\u0144ska - Talkpal\",\"isPartOf\":{\"@id\":\"https:\/\/talkpal.ai\/pl\/#website\"},\"primaryImageOfPage\":{\"@id\":\"https:\/\/talkpal.ai\/pl\/gramatyka-hiszpanska\/#primaryimage\"},\"image\":{\"@id\":\"https:\/\/talkpal.ai\/pl\/gramatyka-hiszpanska\/#primaryimage\"},\"thumbnailUrl\":\"https:\/\/talkpal.ai\/wp-content\/uploads\/2023\/03\/spain.png\",\"datePublished\":\"2023-03-26T11:55:54+00:00\",\"dateModified\":\"2025-05-22T18:50:32+00:00\",\"description\":\"Popraw swoje umiej\u0119tno\u015bci gramatyczne w j\u0119zyku hiszpa\u0144skim dzi\u0119ki interaktywnym \u0107wiczeniom zaprojektowanym dla wszystkich poziom\u00f3w zaawansowania. Skutecznie \u0107wicz hiszpa\u0144ski!\",\"breadcrumb\":{\"@id\":\"https:\/\/talkpal.ai\/pl\/gramatyka-hiszpanska\/#breadcrumb\"},\"inLanguage\":\"pl-PL\",\"potentialAction\":[{\"@type\":\"ReadAction\",\"target\":[\"https:\/\/talkpal.ai\/pl\/gramatyka-hiszpanska\/\"]}]},{\"@type\":\"ImageObject\",\"inLanguage\":\"pl-PL\",\"@id\":\"https:\/\/talkpal.ai\/pl\/gramatyka-hiszpanska\/#primaryimage\",\"url\":\"https:\/\/talkpal.ai\/wp-content\/uploads\/2023\/03\/spain.png\",\"contentUrl\":\"https:\/\/talkpal.ai\/wp-content\/uploads\/2023\/03\/spain.png\",\"width\":512,\"height\":512,\"caption\":\"TalkPal AI learn Spanish\"},{\"@type\":\"BreadcrumbList\",\"@id\":\"https:\/\/talkpal.ai\/pl\/gramatyka-hiszpanska\/#breadcrumb\",\"itemListElement\":[{\"@type\":\"ListItem\",\"position\":1,\"name\":\"Homepage\",\"item\":\"https:\/\/talkpal.ai\/pl\/\"},{\"@type\":\"ListItem\",\"position\":2,\"name\":\"Gramatyka hiszpa\u0144ska\"}]},{\"@type\":\"WebSite\",\"@id\":\"https:\/\/talkpal.ai\/pl\/#website\",\"url\":\"https:\/\/talkpal.ai\/pl\/\",\"name\":\"Talkpal\",\"description\":\"AI Language Learning\",\"publisher\":{\"@id\":\"https:\/\/talkpal.ai\/pl\/#organization\"},\"alternateName\":\"Talkpal AI\",\"potentialAction\":[{\"@type\":\"SearchAction\",\"target\":{\"@type\":\"EntryPoint\",\"urlTemplate\":\"https:\/\/talkpal.ai\/pl\/?s={search_term_string}\"},\"query-input\":{\"@type\":\"PropertyValueSpecification\",\"valueRequired\":true,\"valueName\":\"search_term_string\"}}],\"inLanguage\":\"pl-PL\"},{\"@type\":\"Organization\",\"@id\":\"https:\/\/talkpal.ai\/pl\/#organization\",\"name\":\"Talkpal, Inc.\",\"alternateName\":\"Talkpal AI\",\"url\":\"https:\/\/talkpal.ai\/pl\/\",\"logo\":{\"@type\":\"ImageObject\",\"inLanguage\":\"pl-PL\",\"@id\":\"https:\/\/talkpal.ai\/pl\/#\/schema\/logo\/image\/\",\"url\":\"https:\/\/talkpal.ai\/wp-content\/uploads\/2024\/03\/Talkpal-Logo-Icon.png\",\"contentUrl\":\"https:\/\/talkpal.ai\/wp-content\/uploads\/2024\/03\/Talkpal-Logo-Icon.png\",\"width\":2880,\"height\":2880,\"caption\":\"Talkpal, Inc.\"},\"image\":{\"@id\":\"https:\/\/talkpal.ai\/pl\/#\/schema\/logo\/image\/\"},\"sameAs\":[\"https:\/\/www.facebook.com\/profile.php?id=100090733639311\",\"https:\/\/x.com\/talkpalai\",\"https:\/\/www.linkedin.com\/company\/talkpal\/\",\"https:\/\/www.youtube.com\/@TalkPal\/\",\"https:\/\/www.tiktok.com\/@talkpal\",\"https:\/\/www.instagram.com\/talkpal_ai\/\",\"https:\/\/www.crunchbase.com\/organization\/talkpal-9cde\",\"https:\/\/www.g2.com\/products\/talkpal-for-business\/\",\"https:\/\/www.trustpilot.com\/review\/talkpal.ai\",\"https:\/\/www.capterra.com\/p\/10006800\/TalkPal\/\"],\"description\":\"Talkpal is a language learning web and mobile education app, powered by the latest AI technologies, that provides engaging experiences to its customers in many different languages to help them improve their language skills. Users can chat about unlimited amount of topics with the app and use other modes to practice their language learning.\",\"email\":\"support@talkpal.ai\",\"legalName\":\"Talkpal, Inc.\",\"foundingDate\":\"2023-04-03\",\"duns\":\"118989042\",\"numberOfEmployees\":{\"@type\":\"QuantitativeValue\",\"minValue\":\"11\",\"maxValue\":\"50\"},\"publishingPrinciples\":\"https:\/\/talkpal.ai\/publishing-principles\/\",\"actionableFeedbackPolicy\":\"https:\/\/talkpal.ai\/actionable-feedback-policy\/\",\"correctionsPolicy\":\"https:\/\/talkpal.ai\/corrections-policy\/\",\"ethicsPolicy\":\"https:\/\/talkpal.ai\/ethics-policy\/\",\"diversityPolicy\":\"https:\/\/talkpal.ai\/diversity-policy\/\",\"diversityStaffingReport\":\"https:\/\/talkpal.ai\/diversity-policy\/\"}]}<\/script>\n<!-- \/ Yoast SEO Premium plugin. -->","yoast_head_json":{"title":"Gramatyka hiszpa\u0144ska - Talkpal","description":"Popraw swoje umiej\u0119tno\u015bci gramatyczne w j\u0119zyku hiszpa\u0144skim dzi\u0119ki interaktywnym \u0107wiczeniom zaprojektowanym dla wszystkich poziom\u00f3w zaawansowania. Skutecznie \u0107wicz hiszpa\u0144ski!","robots":{"index":"index","follow":"follow","max-snippet":"max-snippet:-1","max-image-preview":"max-image-preview:large","max-video-preview":"max-video-preview:-1"},"canonical":"https:\/\/talkpal.ai\/pl\/gramatyka-hiszpanska\/","og_locale":"pl_PL","og_type":"article","og_title":"Gramatyka hiszpa\u0144ska","og_description":"Kr\u00f3tki przewodnik po nauce gramatyki hiszpa\u0144skiej Je\u015bli kiedykolwiek my\u015bla\u0142e\u015b o nauce nowego j\u0119zyka, istnieje du\u017ce prawdopodobie\u0144stwo, \u017ce przyszed\u0142 Ci do","og_url":"https:\/\/talkpal.ai\/pl\/gramatyka-hiszpanska\/","og_site_name":"Talkpal","article_publisher":"https:\/\/www.facebook.com\/profile.php?id=100090733639311","article_modified_time":"2025-05-22T18:50:32+00:00","og_image":[{"width":512,"height":512,"url":"https:\/\/talkpal.ai\/wp-content\/uploads\/2023\/03\/spain.png","type":"image\/png"}],"twitter_card":"summary_large_image","twitter_site":"@talkpalai","twitter_misc":{"Szacowany czas czytania":"4 minuty"},"schema":{"@context":"https:\/\/schema.org","@graph":[{"@type":"WebPage","@id":"https:\/\/talkpal.ai\/pl\/gramatyka-hiszpanska\/","url":"https:\/\/talkpal.ai\/pl\/gramatyka-hiszpanska\/","name":"Gramatyka hiszpa\u0144ska - Talkpal","isPartOf":{"@id":"https:\/\/talkpal.ai\/pl\/#website"},"primaryImageOfPage":{"@id":"https:\/\/talkpal.ai\/pl\/gramatyka-hiszpanska\/#primaryimage"},"image":{"@id":"https:\/\/talkpal.ai\/pl\/gramatyka-hiszpanska\/#primaryimage"},"thumbnailUrl":"https:\/\/talkpal.ai\/wp-content\/uploads\/2023\/03\/spain.png","datePublished":"2023-03-26T11:55:54+00:00","dateModified":"2025-05-22T18:50:32+00:00","description":"Popraw swoje umiej\u0119tno\u015bci gramatyczne w j\u0119zyku hiszpa\u0144skim dzi\u0119ki interaktywnym \u0107wiczeniom zaprojektowanym dla wszystkich poziom\u00f3w zaawansowania. Skutecznie \u0107wicz hiszpa\u0144ski!","breadcrumb":{"@id":"https:\/\/talkpal.ai\/pl\/gramatyka-hiszpanska\/#breadcrumb"},"inLanguage":"pl-PL","potentialAction":[{"@type":"ReadAction","target":["https:\/\/talkpal.ai\/pl\/gramatyka-hiszpanska\/"]}]},{"@type":"ImageObject","inLanguage":"pl-PL","@id":"https:\/\/talkpal.ai\/pl\/gramatyka-hiszpanska\/#primaryimage","url":"https:\/\/talkpal.ai\/wp-content\/uploads\/2023\/03\/spain.png","contentUrl":"https:\/\/talkpal.ai\/wp-content\/uploads\/2023\/03\/spain.png","width":512,"height":512,"caption":"TalkPal AI learn Spanish"},{"@type":"BreadcrumbList","@id":"https:\/\/talkpal.ai\/pl\/gramatyka-hiszpanska\/#breadcrumb","itemListElement":[{"@type":"ListItem","position":1,"name":"Homepage","item":"https:\/\/talkpal.ai\/pl\/"},{"@type":"ListItem","position":2,"name":"Gramatyka hiszpa\u0144ska"}]},{"@type":"WebSite","@id":"https:\/\/talkpal.ai\/pl\/#website","url":"https:\/\/talkpal.ai\/pl\/","name":"Talkpal","description":"AI Language Learning","publisher":{"@id":"https:\/\/talkpal.ai\/pl\/#organization"},"alternateName":"Talkpal AI","potentialAction":[{"@type":"SearchAction","target":{"@type":"EntryPoint","urlTemplate":"https:\/\/talkpal.ai\/pl\/?s={search_term_string}"},"query-input":{"@type":"PropertyValueSpecification","valueRequired":true,"valueName":"search_term_string"}}],"inLanguage":"pl-PL"},{"@type":"Organization","@id":"https:\/\/talkpal.ai\/pl\/#organization","name":"Talkpal, Inc.","alternateName":"Talkpal AI","url":"https:\/\/talkpal.ai\/pl\/","logo":{"@type":"ImageObject","inLanguage":"pl-PL","@id":"https:\/\/talkpal.ai\/pl\/#\/schema\/logo\/image\/","url":"https:\/\/talkpal.ai\/wp-content\/uploads\/2024\/03\/Talkpal-Logo-Icon.png","contentUrl":"https:\/\/talkpal.ai\/wp-content\/uploads\/2024\/03\/Talkpal-Logo-Icon.png","width":2880,"height":2880,"caption":"Talkpal, Inc."},"image":{"@id":"https:\/\/talkpal.ai\/pl\/#\/schema\/logo\/image\/"},"sameAs":["https:\/\/www.facebook.com\/profile.php?id=100090733639311","https:\/\/x.com\/talkpalai","https:\/\/www.linkedin.com\/company\/talkpal\/","https:\/\/www.youtube.com\/@TalkPal\/","https:\/\/www.tiktok.com\/@talkpal","https:\/\/www.instagram.com\/talkpal_ai\/","https:\/\/www.crunchbase.com\/organization\/talkpal-9cde","https:\/\/www.g2.com\/products\/talkpal-for-business\/","https:\/\/www.trustpilot.com\/review\/talkpal.ai","https:\/\/www.capterra.com\/p\/10006800\/TalkPal\/"],"description":"Talkpal is a language learning web and mobile education app, powered by the latest AI technologies, that provides engaging experiences to its customers in many different languages to help them improve their language skills. Users can chat about unlimited amount of topics with the app and use other modes to practice their language learning.","email":"support@talkpal.ai","legalName":"Talkpal, Inc.","foundingDate":"2023-04-03","duns":"118989042","numberOfEmployees":{"@type":"QuantitativeValue","minValue":"11","maxValue":"50"},"publishingPrinciples":"https:\/\/talkpal.ai\/publishing-principles\/","actionableFeedbackPolicy":"https:\/\/talkpal.ai\/actionable-feedback-policy\/","correctionsPolicy":"https:\/\/talkpal.ai\/corrections-policy\/","ethicsPolicy":"https:\/\/talkpal.ai\/ethics-policy\/","diversityPolicy":"https:\/\/talkpal.ai\/diversity-policy\/","diversityStaffingReport":"https:\/\/talkpal.ai\/diversity-policy\/"}]}},"_links":{"self":[{"href":"https:\/\/talkpal.ai\/pl\/wp-json\/wp\/v2\/pages\/124640","targetHints":{"allow":["GET"]}}],"collection":[{"href":"https:\/\/talkpal.ai\/pl\/wp-json\/wp\/v2\/pages"}],"about":[{"href":"https:\/\/talkpal.ai\/pl\/wp-json\/wp\/v2\/types\/page"}],"author":[{"embeddable":true,"href":"https:\/\/talkpal.ai\/pl\/wp-json\/wp\/v2\/users\/1"}],"replies":[{"embeddable":true,"href":"https:\/\/talkpal.ai\/pl\/wp-json\/wp\/v2\/comments?post=124640"}],"version-history":[{"count":0,"href":"https:\/\/talkpal.ai\/pl\/wp-json\/wp\/v2\/pages\/124640\/revisions"}],"wp:featuredmedia":[{"embeddable":true,"href":"https:\/\/talkpal.ai\/pl\/wp-json\/wp\/v2\/media\/75344"}],"wp:attachment":[{"href":"https:\/\/talkpal.ai\/pl\/wp-json\/wp\/v2\/media?parent=124640"}],"curies":[{"name":"wp","href":"https:\/\/api.w.org\/{rel}","templated":true}]}}