{"id":124281,"date":"2023-03-26T11:45:19","date_gmt":"2023-03-26T11:45:19","guid":{"rendered":"http:\/\/talkpal.ai\/gramatyka-francuska\/"},"modified":"2025-05-22T18:46:46","modified_gmt":"2025-05-22T18:46:46","slug":"gramatyka-francuska","status":"publish","type":"page","link":"https:\/\/talkpal.ai\/pl\/gramatyka-francuska\/","title":{"rendered":"Gramatyka francuska"},"content":{"rendered":"\r\n\r\n\r\n<section class=\"languageChallengeSection\">\r\n    <div class=\"languageInfoWrapper\">\r\n        \r\n        <h1>Gramatyka francuska<\/h1>\r\n        <p>Odblokuj elegancj\u0119 j\u0119zyka francuskiego, opanowuj\u0105c jego podstawowe zasady gramatyczne. Solidne zrozumienie francuskiej gramatyki pomo\u017ce ci z \u0142atwo\u015bci\u0105 komunikowa\u0107 si\u0119 i doceni\u0107 bogactwo francuskiej kultury. Zacznij uczy\u0107 si\u0119 gramatyki francuskiej ju\u017c dzi\u015b i rozpocznij swoj\u0105 podr\u00f3\u017c w kierunku p\u0142ynno\u015bci!<\/p>\r\n\r\n                            <a class=\"getStartedHidden\" href=\"https:\/\/app.talkpal.ai\/pl\/signup?lng=\">Zaczynaj<\/a>\r\n        \r\n    <\/div>\r\n\r\n    <figure>\r\n    <img decoding=\"async\" width=\"768\" height=\"768\" src=\"https:\/\/talkpal.ai\/wp-content\/uploads\/2023\/06\/french-768x768.png\" class=\"languageImage no-lazy\" alt=\"Language learning strategies for professionals\" fetchpriority=\"high\" sizes=\"(max-width: 768px) 150px, 768px\" srcset=\"https:\/\/talkpal.ai\/wp-content\/uploads\/2023\/06\/french-768x768.png 768w, https:\/\/talkpal.ai\/wp-content\/uploads\/2023\/06\/french-300x300.png 300w\" \/>\r\n    \r\n\r\n    <\/figure>\r\n\r\n            <a class=\"getStartedVisible\" href=\"https:\/\/app.talkpal.ai\/pl\/signup?lng=\">Zaczynaj<\/a>\r\n    \r\n<\/section>\r\n        <section class=\"grammarSection\">\r\n            <div class=\"grammarLinks\">\r\n                <a href=\"https:\/\/talkpal.ai\/pl\/language\/artykuly-gramatyka-francuska\/\">Artyku\u0142y <\/a><a href=\"https:\/\/talkpal.ai\/pl\/language\/czasowniki-gramatyka-francuska\/\">Czasowniki <\/a><a href=\"https:\/\/talkpal.ai\/pl\/language\/czasy-oznajmujace-gramatyka-francuska\/\">Czasy oznajmuj\u0105ce <\/a><a href=\"https:\/\/talkpal.ai\/pl\/language\/przyimki-gramatyka-francuska\/\">Przyimki <\/a><a href=\"https:\/\/talkpal.ai\/pl\/language\/przymiotniki-gramatyka-francuska\/\">Przymiotniki <\/a><a href=\"https:\/\/talkpal.ai\/pl\/language\/przyslowki-gramatyka-francuska\/\">Przys\u0142\u00f3wki <\/a><a href=\"https:\/\/talkpal.ai\/pl\/language\/rzeczowniki-gramatyka-francuska\/\">Rzeczowniki <\/a><a href=\"https:\/\/talkpal.ai\/pl\/language\/struktura-zdania-gramatyka-francuska\/\">Struktura zdania <\/a><a href=\"https:\/\/talkpal.ai\/pl\/language\/zaimki-i-okreslniki-gramatyka-francuska\/\">Zaimki i okre\u015blniki <\/a>            <\/div>\r\n        <\/section>\r\n    <section class=\"promotionalBanner\">\r\n    <p class=\"promotionalText\"><\/p>\r\n    <a class=\"promotionalLink\" href=\"https:\/\/app.talkpal.ai\/pl\/signup?lng=\"><\/a>\r\n<\/section>\n<div class=\"wp-block-group pageContainerStyle\"><div class=\"wp-block-group__inner-container is-layout-constrained wp-block-group-is-layout-constrained\">\n<h2 class=\"wp-block-heading\" id=\"h-a-beginner-s-guide-to-french-grammar\">Przewodnik dla pocz\u0105tkuj\u0105cych po gramatyce francuskiej<\/h2>\n\n\n\n<p><a href=\"https:\/\/talkpal.ai\/pl\/nauka-francuskiego\/\">Nauka francuskiego<\/a> mo\u017ce by\u0107 ekscytuj\u0105cym i satysfakcjonuj\u0105cym do\u015bwiadczeniem. Jednak opanowanie gramatyki francuskiej mo\u017ce by\u0107 trudne, nawet dla tych, kt\u00f3rzy biegle pos\u0142uguj\u0105 si\u0119 j\u0119zykiem angielskim. W tym artykule om\u00f3wimy kilka podstawowych wskaz\u00f3wek dotycz\u0105cych gramatyki francuskiej, kt\u00f3re pomog\u0105 Ci poprawi\u0107 swoje umiej\u0119tno\u015bci j\u0119zykowe. Zapoznaj\u0105c si\u0119 z tymi zasadami i \u0107wicz\u0105c je regularnie, b\u0119dziesz na dobrej drodze do zostania ekspertem w gramatyce francuskiej.<\/p>\n\n\n\n<h3 class=\"wp-block-heading\" id=\"h-1-the-importance-of-gender-in-french-nouns\">1. Znaczenie rodzaju w rzeczownikach francuskich<\/h3>\n\n\n\n<p>Jedn\u0105 z najwa\u017cniejszych r\u00f3\u017cnic mi\u0119dzy gramatyk\u0105 francusk\u0105 i angielsk\u0105 jest poj\u0119cie rodzaju. Wszystkie francuskie rzeczowniki s\u0105 rodzaju m\u0119skiego lub \u017ce\u0144skiego, co wp\u0142ywa na u\u017cywane z nimi rodzajniki i przymiotniki. Na przyk\u0142ad, &#8222;le&#8221; i &#8222;la&#8221; s\u0105 przedimkami okre\u015blonymi odpowiednio dla rzeczownik\u00f3w rodzaju m\u0119skiego i \u017ce\u0144skiego. Kiedy napotykasz <a href=\"https:\/\/talkpal.ai\/talkpal-new-years-discount\/\">nowy<\/a> rzeczownik, wa\u017cne jest, aby zapami\u0119ta\u0107 jego p\u0142e\u0107, aby unikn\u0105\u0107 b\u0142\u0119d\u00f3w gramatycznych.<\/p>\n\n\n\n<h3 class=\"wp-block-heading\" id=\"h-2-mastering-verb-conjugations\">2. Opanowanie koniugacji czasownik\u00f3w<\/h3>\n\n\n\n<p>Czasowniki francuskie maj\u0105 liczne koniugacje oparte na czasie, nastroju i zaimkach podmiotowych. Mo\u017ce si\u0119 to wydawa\u0107 przyt\u0142aczaj\u0105ce, ale istniej\u0105 wzorce i skr\u00f3ty, kt\u00f3rych mo\u017cesz u\u017cy\u0107, aby upro\u015bci\u0107 ten proces. Czasowniki regularne nale\u017c\u0105 do jednej z trzech grup opartych na ich ko\u0144c\u00f3wkach bezokolicznika (-er, -ir i -re), a ka\u017cda grupa ma sw\u00f3j w\u0142asny zestaw regu\u0142 koniugacji. Gdy nauczysz si\u0119 tych zasad, mo\u017cesz \u0142atwo odmieni\u0107 znaczn\u0105 liczb\u0119 francuskich czasownik\u00f3w.<\/p>\n\n\n\n<h3 class=\"wp-block-heading\" id=\"h-3-the-partitive-article-du-de-la-and-de-l\">3. Przedimek dzier\u017cawczy: du, de la i de l&#8217;<\/h3>\n\n\n\n<p>M\u00f3wi\u0105c o cz\u0119\u015bci lub nieokre\u015blonej ilo\u015bci czego\u015b, nale\u017cy u\u017cy\u0107 partyku\u0142y dope\u0142niacza. Przedimek bierny zmienia si\u0119 w zale\u017cno\u015bci od rodzaju rzeczownika i tego, czy zaczyna si\u0119 on od samog\u0142oski czy sp\u00f3\u0142g\u0142oski. W przypadku rzeczownik\u00f3w rodzaju m\u0119skiego nale\u017cy u\u017cy\u0107 &#8222;du&#8221;, w przypadku rzeczownik\u00f3w rodzaju \u017ce\u0144skiego nale\u017cy u\u017cy\u0107 &#8222;de la&#8221;, a w przypadku rzeczownik\u00f3w rozpoczynaj\u0105cych si\u0119 od samog\u0142oski lub niemego &#8222;h&#8221; nale\u017cy u\u017cy\u0107 &#8222;de l&#8221;.<\/p>\n\n\n\n<h3 class=\"wp-block-heading\" id=\"h-4-adjective-agreement-and-placement\">4. Zgodno\u015b\u0107 przymiotnikowa i umiejscowienie<\/h3>\n\n\n\n<p>W gramatyce francuskiej przymiotniki musz\u0105 zgadza\u0107 si\u0119 z rzeczownikiem, kt\u00f3ry modyfikuj\u0105 pod wzgl\u0119dem rodzaju i liczby. Cz\u0119sto oznacza to, \u017ce b\u0119dziesz musia\u0142 doda\u0107 &#8222;e&#8221; do przymiotnika, aby nada\u0107 mu rodzaj \u017ce\u0144ski i &#8222;s&#8221;, aby nada\u0107 mu liczb\u0119 mnog\u0105. Ponadto przymiotniki zazwyczaj wyst\u0119puj\u0105 po rzeczowniku, kt\u00f3ry modyfikuj\u0105, z pewnymi wyj\u0105tkami dla kr\u00f3tkich i powszechnych przymiotnik\u00f3w, takich jak &#8222;beau&#8221;, &#8222;vieil&#8221; i &#8222;grand&#8221;.<\/p>\n\n\n\n<p>Przyk\u0142ady:<br\/>&#8211; Un chat noir (Czarny kot)<br\/>&#8211; Une voiture noire (Czarny samoch\u00f3d)<br\/>&#8211; Deux chats noirs (Dwa czarne koty)<\/p>\n\n\n\n<h3 class=\"wp-block-heading\" id=\"h-5-passe-compose-past-tense-made-easy\">5. Passe Compose &#8211; Past Tense Made Easy<\/h3>\n\n\n\n<p>Chocia\u017c istnieje wiele sposob\u00f3w wyra\u017cania czasu przesz\u0142ego w j\u0119zyku francuskim, pass\u00e8 compos\u00e9 jest jednym z najbardziej przydatnych i naj\u0142atwiejszych do nauczenia. Aby utworzy\u0107 czas przesz\u0142y z\u0142o\u017cony, potrzebny b\u0119dzie czas tera\u017aniejszy czasownika posi\u0142kowego &#8222;avoir&#8221; lub &#8222;\u00eatre&#8221;, po kt\u00f3rym nast\u0119puje imies\u0142\u00f3w czasu przesz\u0142ego czasownika g\u0142\u00f3wnego. Wi\u0119kszo\u015b\u0107 czasownik\u00f3w u\u017cywa &#8222;avoir&#8221; jako czasownika posi\u0142kowego, podczas gdy niekt\u00f3re czasowniki, g\u0142\u00f3wnie odnosz\u0105ce si\u0119 do ruchu i czasowniki zwrotne, u\u017cywaj\u0105 &#8222;\u00eatre&#8221;.<\/p>\n\n\n\n<p>Przyk\u0142ad:<br\/>&#8211; J&#8217;ai mang\u00e9 (jad\u0142em)<br\/>&#8211; Nous sommes all\u00e9s (Poszli\u015bmy)<\/p>\n\n\n\n<h3 class=\"wp-block-heading\" id=\"h-6-engaging-with-the-language\">6. Anga\u017cowanie si\u0119 w j\u0119zyk<\/h3>\n\n\n\n<p>Jednym z najlepszych sposob\u00f3w na popraw\u0119 gramatyki francuskiej jest regularne anga\u017cowanie si\u0119 w j\u0119zyk. Niezale\u017cnie od tego, czy jest to czytanie francuskich gazet, ogl\u0105danie francuskich film\u00f3w, czy rozmowa z native speakerem, <a href=\"https:\/\/talkpal.ai\/contact\/\">kontakt<\/a> z j\u0119zykiem w r\u00f3\u017cnych kontekstach pomo\u017ce wzmocni\u0107 zrozumienie gramatyki i poszerzy\u0107 s\u0142ownictwo.<\/p>\n\n\n\n<h3 class=\"wp-block-heading\" id=\"h-conclusion\">Wnioski<\/h3>\n\n\n\n<p>Opanowanie gramatyki francuskiej mo\u017ce wydawa\u0107 si\u0119 zniech\u0119caj\u0105ce, ale dzi\u0119ki konsekwentnej praktyce i po\u015bwi\u0119ceniu mo\u017cesz p\u0142ynnie pos\u0142ugiwa\u0107 si\u0119 tym pi\u0119knym j\u0119zykiem. Koncentruj\u0105c si\u0119 na podstawowych zasadach przedstawionych powy\u017cej i anga\u017cuj\u0105c si\u0119 w j\u0119zyk w r\u00f3\u017cnych kontekstach, Twoje umiej\u0119tno\u015bci gramatyczne j\u0119zyka francuskiego szybko si\u0119 poprawi\u0105. Szansa na opanowanie gramatyki francuskiej!<\/p>\n<\/div><\/div>\n\r\n<section class=\"learnNavigationSection\">\r\n            \r\n        <a href=\"https:\/\/talkpal.ai\/pl\/nauka-francuskiego\/\">\r\n            <div class=\"learnNavigationWrapper\">\r\n                <div class=\"learnNavigationContent\">\r\n                    <img decoding=\"async\" src=\"https:\/\/talkpal.ai\/wp-content\/uploads\/2024\/08\/French.jpg\" alt=\"French Flag\">\r\n                    <div>\r\n                        <h4>O nauce francuskiego<\/h4>\r\n                        <p>Dowiedz si\u0119 wszystkiego o gramatyce francuskiej.<\/p>\r\n                    <\/div>\r\n                <\/div>\r\n            <\/div>\r\n        <\/a>\r\n\r\n        \r\n        <a href=\"https:\/\/talkpal.ai\/pl\/cwiczenia-z-gramatyki-francuskiej\/\">\r\n            <div class=\"learnNavigationWrapper\">\r\n                <div class=\"learnNavigationContent\">\r\n                    <img decoding=\"async\" src=\"https:\/\/talkpal.ai\/wp-content\/uploads\/2024\/08\/French.jpg\" alt=\"French Flag\">\r\n                    <div>\r\n                        <h4>\u0106wiczenie z gramatyki j\u0119zyka francuskiego<\/h4>\r\n                        <p>\u0106wicz gramatyk\u0119 francusk\u0105.<\/p>\r\n                    <\/div>\r\n                <\/div>\r\n            <\/div>\r\n        <\/a>\r\n\r\n        \r\n        <a href=\"https:\/\/talkpal.ai\/vocabulary_language\/french\/\">\r\n            <div class=\"learnNavigationWrapper\">\r\n                <div class=\"learnNavigationContent\">\r\n                    <img decoding=\"async\" src=\"https:\/\/talkpal.ai\/wp-content\/uploads\/2024\/08\/French.jpg\" alt=\"French Flag\">\r\n                    <div>\r\n                        <h4>S\u0142ownictwo francuskie<\/h4>\r\n                        <p>Poszerz swoje francuskie s\u0142ownictwo.<\/p>\r\n                    <\/div>\r\n                <\/div>\r\n            <\/div>\r\n        <\/a>\r\n\r\n            <\/section>","protected":false},"excerpt":{"rendered":"<p>Przewodnik dla pocz\u0105tkuj\u0105cych po gramatyce francuskiej Nauka francuskiego mo\u017ce by\u0107 ekscytuj\u0105cym i satysfakcjonuj\u0105cym do\u015bwiadczeniem. Jednak opanowanie gramatyki francuskiej mo\u017ce by\u0107 trudne, nawet dla tych, kt\u00f3rzy biegle pos\u0142uguj\u0105 si\u0119 j\u0119zykiem angielskim. W tym artykule om\u00f3wimy kilka podstawowych wskaz\u00f3wek dotycz\u0105cych gramatyki francuskiej, kt\u00f3re pomog\u0105 Ci poprawi\u0107 swoje umiej\u0119tno\u015bci j\u0119zykowe. Zapoznaj\u0105c si\u0119 z tymi zasadami i \u0107wicz\u0105c je [&hellip;]<\/p>\n","protected":false},"author":1,"featured_media":75880,"parent":0,"menu_order":0,"comment_status":"closed","ping_status":"closed","template":"LearningContentPage.php","meta":{"_acf_changed":false,"footnotes":""},"class_list":["post-124281","page","type-page","status-publish","has-post-thumbnail","hentry"],"acf":[],"yoast_head":"<!-- This site is optimized with the Yoast SEO Premium plugin v27.2 (Yoast SEO v27.2) - https:\/\/yoast.com\/product\/yoast-seo-premium-wordpress\/ -->\n<title>Gramatyka francuska - Talkpal<\/title>\n<meta name=\"description\" content=\"Opanuj podstawowe poj\u0119cia gramatyki francuskiej - obejmuj\u0105ce czasowniki, koniugacje, czasy, rzeczowniki, przedimki, przymiotniki, zaimki i struktur\u0119 zda\u0144.\" \/>\n<meta name=\"robots\" content=\"index, follow, max-snippet:-1, max-image-preview:large, max-video-preview:-1\" \/>\n<link rel=\"canonical\" href=\"https:\/\/talkpal.ai\/pl\/gramatyka-francuska\/\" \/>\n<meta property=\"og:locale\" content=\"pl_PL\" \/>\n<meta property=\"og:type\" content=\"article\" \/>\n<meta property=\"og:title\" content=\"Gramatyka francuska\" \/>\n<meta property=\"og:description\" content=\"Przewodnik dla pocz\u0105tkuj\u0105cych po gramatyce francuskiej Nauka francuskiego mo\u017ce by\u0107 ekscytuj\u0105cym i satysfakcjonuj\u0105cym do\u015bwiadczeniem. Jednak opanowanie\" \/>\n<meta property=\"og:url\" content=\"https:\/\/talkpal.ai\/pl\/gramatyka-francuska\/\" \/>\n<meta property=\"og:site_name\" content=\"Talkpal\" \/>\n<meta property=\"article:publisher\" content=\"https:\/\/www.facebook.com\/profile.php?id=100090733639311\" \/>\n<meta property=\"article:modified_time\" content=\"2025-05-22T18:46:46+00:00\" \/>\n<meta property=\"og:image\" content=\"https:\/\/talkpal.ai\/wp-content\/uploads\/2023\/03\/france.png\" \/>\n\t<meta property=\"og:image:width\" content=\"512\" \/>\n\t<meta property=\"og:image:height\" content=\"512\" \/>\n\t<meta property=\"og:image:type\" content=\"image\/png\" \/>\n<meta name=\"twitter:card\" content=\"summary_large_image\" \/>\n<meta name=\"twitter:site\" content=\"@talkpalai\" \/>\n<meta name=\"twitter:label1\" content=\"Szacowany czas czytania\" \/>\n\t<meta name=\"twitter:data1\" content=\"3 minuty\" \/>\n<script type=\"application\/ld+json\" class=\"yoast-schema-graph\">{\"@context\":\"https:\/\/schema.org\",\"@graph\":[{\"@type\":\"WebPage\",\"@id\":\"https:\/\/talkpal.ai\/pl\/gramatyka-francuska\/\",\"url\":\"https:\/\/talkpal.ai\/pl\/gramatyka-francuska\/\",\"name\":\"Gramatyka francuska - Talkpal\",\"isPartOf\":{\"@id\":\"https:\/\/talkpal.ai\/pl\/#website\"},\"primaryImageOfPage\":{\"@id\":\"https:\/\/talkpal.ai\/pl\/gramatyka-francuska\/#primaryimage\"},\"image\":{\"@id\":\"https:\/\/talkpal.ai\/pl\/gramatyka-francuska\/#primaryimage\"},\"thumbnailUrl\":\"https:\/\/talkpal.ai\/wp-content\/uploads\/2023\/03\/france.png\",\"datePublished\":\"2023-03-26T11:45:19+00:00\",\"dateModified\":\"2025-05-22T18:46:46+00:00\",\"description\":\"Opanuj podstawowe poj\u0119cia gramatyki francuskiej - obejmuj\u0105ce czasowniki, koniugacje, czasy, rzeczowniki, przedimki, przymiotniki, zaimki i struktur\u0119 zda\u0144.\",\"breadcrumb\":{\"@id\":\"https:\/\/talkpal.ai\/pl\/gramatyka-francuska\/#breadcrumb\"},\"inLanguage\":\"pl-PL\",\"potentialAction\":[{\"@type\":\"ReadAction\",\"target\":[\"https:\/\/talkpal.ai\/pl\/gramatyka-francuska\/\"]}]},{\"@type\":\"ImageObject\",\"inLanguage\":\"pl-PL\",\"@id\":\"https:\/\/talkpal.ai\/pl\/gramatyka-francuska\/#primaryimage\",\"url\":\"https:\/\/talkpal.ai\/wp-content\/uploads\/2023\/03\/france.png\",\"contentUrl\":\"https:\/\/talkpal.ai\/wp-content\/uploads\/2023\/03\/france.png\",\"width\":512,\"height\":512,\"caption\":\"TalkPal AI learn French\"},{\"@type\":\"BreadcrumbList\",\"@id\":\"https:\/\/talkpal.ai\/pl\/gramatyka-francuska\/#breadcrumb\",\"itemListElement\":[{\"@type\":\"ListItem\",\"position\":1,\"name\":\"Homepage\",\"item\":\"https:\/\/talkpal.ai\/pl\/\"},{\"@type\":\"ListItem\",\"position\":2,\"name\":\"Gramatyka francuska\"}]},{\"@type\":\"WebSite\",\"@id\":\"https:\/\/talkpal.ai\/pl\/#website\",\"url\":\"https:\/\/talkpal.ai\/pl\/\",\"name\":\"Talkpal\",\"description\":\"AI Language Learning\",\"publisher\":{\"@id\":\"https:\/\/talkpal.ai\/pl\/#organization\"},\"alternateName\":\"Talkpal AI\",\"potentialAction\":[{\"@type\":\"SearchAction\",\"target\":{\"@type\":\"EntryPoint\",\"urlTemplate\":\"https:\/\/talkpal.ai\/pl\/?s={search_term_string}\"},\"query-input\":{\"@type\":\"PropertyValueSpecification\",\"valueRequired\":true,\"valueName\":\"search_term_string\"}}],\"inLanguage\":\"pl-PL\"},{\"@type\":\"Organization\",\"@id\":\"https:\/\/talkpal.ai\/pl\/#organization\",\"name\":\"Talkpal, Inc.\",\"alternateName\":\"Talkpal AI\",\"url\":\"https:\/\/talkpal.ai\/pl\/\",\"logo\":{\"@type\":\"ImageObject\",\"inLanguage\":\"pl-PL\",\"@id\":\"https:\/\/talkpal.ai\/pl\/#\/schema\/logo\/image\/\",\"url\":\"https:\/\/talkpal.ai\/wp-content\/uploads\/2024\/03\/Talkpal-Logo-Icon.png\",\"contentUrl\":\"https:\/\/talkpal.ai\/wp-content\/uploads\/2024\/03\/Talkpal-Logo-Icon.png\",\"width\":2880,\"height\":2880,\"caption\":\"Talkpal, Inc.\"},\"image\":{\"@id\":\"https:\/\/talkpal.ai\/pl\/#\/schema\/logo\/image\/\"},\"sameAs\":[\"https:\/\/www.facebook.com\/profile.php?id=100090733639311\",\"https:\/\/x.com\/talkpalai\",\"https:\/\/www.linkedin.com\/company\/talkpal\/\",\"https:\/\/www.youtube.com\/@TalkPal\/\",\"https:\/\/www.tiktok.com\/@talkpal\",\"https:\/\/www.instagram.com\/talkpal_ai\/\",\"https:\/\/www.crunchbase.com\/organization\/talkpal-9cde\",\"https:\/\/www.g2.com\/products\/talkpal-for-business\/\",\"https:\/\/www.trustpilot.com\/review\/talkpal.ai\",\"https:\/\/www.capterra.com\/p\/10006800\/TalkPal\/\"],\"description\":\"Talkpal is a language learning web and mobile education app, powered by the latest AI technologies, that provides engaging experiences to its customers in many different languages to help them improve their language skills. Users can chat about unlimited amount of topics with the app and use other modes to practice their language learning.\",\"email\":\"support@talkpal.ai\",\"legalName\":\"Talkpal, Inc.\",\"foundingDate\":\"2023-04-03\",\"duns\":\"118989042\",\"numberOfEmployees\":{\"@type\":\"QuantitativeValue\",\"minValue\":\"11\",\"maxValue\":\"50\"},\"publishingPrinciples\":\"https:\/\/talkpal.ai\/publishing-principles\/\",\"actionableFeedbackPolicy\":\"https:\/\/talkpal.ai\/actionable-feedback-policy\/\",\"correctionsPolicy\":\"https:\/\/talkpal.ai\/corrections-policy\/\",\"ethicsPolicy\":\"https:\/\/talkpal.ai\/ethics-policy\/\",\"diversityPolicy\":\"https:\/\/talkpal.ai\/diversity-policy\/\",\"diversityStaffingReport\":\"https:\/\/talkpal.ai\/diversity-policy\/\"}]}<\/script>\n<!-- \/ Yoast SEO Premium plugin. -->","yoast_head_json":{"title":"Gramatyka francuska - Talkpal","description":"Opanuj podstawowe poj\u0119cia gramatyki francuskiej - obejmuj\u0105ce czasowniki, koniugacje, czasy, rzeczowniki, przedimki, przymiotniki, zaimki i struktur\u0119 zda\u0144.","robots":{"index":"index","follow":"follow","max-snippet":"max-snippet:-1","max-image-preview":"max-image-preview:large","max-video-preview":"max-video-preview:-1"},"canonical":"https:\/\/talkpal.ai\/pl\/gramatyka-francuska\/","og_locale":"pl_PL","og_type":"article","og_title":"Gramatyka francuska","og_description":"Przewodnik dla pocz\u0105tkuj\u0105cych po gramatyce francuskiej Nauka francuskiego mo\u017ce by\u0107 ekscytuj\u0105cym i satysfakcjonuj\u0105cym do\u015bwiadczeniem. Jednak opanowanie","og_url":"https:\/\/talkpal.ai\/pl\/gramatyka-francuska\/","og_site_name":"Talkpal","article_publisher":"https:\/\/www.facebook.com\/profile.php?id=100090733639311","article_modified_time":"2025-05-22T18:46:46+00:00","og_image":[{"width":512,"height":512,"url":"https:\/\/talkpal.ai\/wp-content\/uploads\/2023\/03\/france.png","type":"image\/png"}],"twitter_card":"summary_large_image","twitter_site":"@talkpalai","twitter_misc":{"Szacowany czas czytania":"3 minuty"},"schema":{"@context":"https:\/\/schema.org","@graph":[{"@type":"WebPage","@id":"https:\/\/talkpal.ai\/pl\/gramatyka-francuska\/","url":"https:\/\/talkpal.ai\/pl\/gramatyka-francuska\/","name":"Gramatyka francuska - Talkpal","isPartOf":{"@id":"https:\/\/talkpal.ai\/pl\/#website"},"primaryImageOfPage":{"@id":"https:\/\/talkpal.ai\/pl\/gramatyka-francuska\/#primaryimage"},"image":{"@id":"https:\/\/talkpal.ai\/pl\/gramatyka-francuska\/#primaryimage"},"thumbnailUrl":"https:\/\/talkpal.ai\/wp-content\/uploads\/2023\/03\/france.png","datePublished":"2023-03-26T11:45:19+00:00","dateModified":"2025-05-22T18:46:46+00:00","description":"Opanuj podstawowe poj\u0119cia gramatyki francuskiej - obejmuj\u0105ce czasowniki, koniugacje, czasy, rzeczowniki, przedimki, przymiotniki, zaimki i struktur\u0119 zda\u0144.","breadcrumb":{"@id":"https:\/\/talkpal.ai\/pl\/gramatyka-francuska\/#breadcrumb"},"inLanguage":"pl-PL","potentialAction":[{"@type":"ReadAction","target":["https:\/\/talkpal.ai\/pl\/gramatyka-francuska\/"]}]},{"@type":"ImageObject","inLanguage":"pl-PL","@id":"https:\/\/talkpal.ai\/pl\/gramatyka-francuska\/#primaryimage","url":"https:\/\/talkpal.ai\/wp-content\/uploads\/2023\/03\/france.png","contentUrl":"https:\/\/talkpal.ai\/wp-content\/uploads\/2023\/03\/france.png","width":512,"height":512,"caption":"TalkPal AI learn French"},{"@type":"BreadcrumbList","@id":"https:\/\/talkpal.ai\/pl\/gramatyka-francuska\/#breadcrumb","itemListElement":[{"@type":"ListItem","position":1,"name":"Homepage","item":"https:\/\/talkpal.ai\/pl\/"},{"@type":"ListItem","position":2,"name":"Gramatyka francuska"}]},{"@type":"WebSite","@id":"https:\/\/talkpal.ai\/pl\/#website","url":"https:\/\/talkpal.ai\/pl\/","name":"Talkpal","description":"AI Language Learning","publisher":{"@id":"https:\/\/talkpal.ai\/pl\/#organization"},"alternateName":"Talkpal AI","potentialAction":[{"@type":"SearchAction","target":{"@type":"EntryPoint","urlTemplate":"https:\/\/talkpal.ai\/pl\/?s={search_term_string}"},"query-input":{"@type":"PropertyValueSpecification","valueRequired":true,"valueName":"search_term_string"}}],"inLanguage":"pl-PL"},{"@type":"Organization","@id":"https:\/\/talkpal.ai\/pl\/#organization","name":"Talkpal, Inc.","alternateName":"Talkpal AI","url":"https:\/\/talkpal.ai\/pl\/","logo":{"@type":"ImageObject","inLanguage":"pl-PL","@id":"https:\/\/talkpal.ai\/pl\/#\/schema\/logo\/image\/","url":"https:\/\/talkpal.ai\/wp-content\/uploads\/2024\/03\/Talkpal-Logo-Icon.png","contentUrl":"https:\/\/talkpal.ai\/wp-content\/uploads\/2024\/03\/Talkpal-Logo-Icon.png","width":2880,"height":2880,"caption":"Talkpal, Inc."},"image":{"@id":"https:\/\/talkpal.ai\/pl\/#\/schema\/logo\/image\/"},"sameAs":["https:\/\/www.facebook.com\/profile.php?id=100090733639311","https:\/\/x.com\/talkpalai","https:\/\/www.linkedin.com\/company\/talkpal\/","https:\/\/www.youtube.com\/@TalkPal\/","https:\/\/www.tiktok.com\/@talkpal","https:\/\/www.instagram.com\/talkpal_ai\/","https:\/\/www.crunchbase.com\/organization\/talkpal-9cde","https:\/\/www.g2.com\/products\/talkpal-for-business\/","https:\/\/www.trustpilot.com\/review\/talkpal.ai","https:\/\/www.capterra.com\/p\/10006800\/TalkPal\/"],"description":"Talkpal is a language learning web and mobile education app, powered by the latest AI technologies, that provides engaging experiences to its customers in many different languages to help them improve their language skills. Users can chat about unlimited amount of topics with the app and use other modes to practice their language learning.","email":"support@talkpal.ai","legalName":"Talkpal, Inc.","foundingDate":"2023-04-03","duns":"118989042","numberOfEmployees":{"@type":"QuantitativeValue","minValue":"11","maxValue":"50"},"publishingPrinciples":"https:\/\/talkpal.ai\/publishing-principles\/","actionableFeedbackPolicy":"https:\/\/talkpal.ai\/actionable-feedback-policy\/","correctionsPolicy":"https:\/\/talkpal.ai\/corrections-policy\/","ethicsPolicy":"https:\/\/talkpal.ai\/ethics-policy\/","diversityPolicy":"https:\/\/talkpal.ai\/diversity-policy\/","diversityStaffingReport":"https:\/\/talkpal.ai\/diversity-policy\/"}]}},"_links":{"self":[{"href":"https:\/\/talkpal.ai\/pl\/wp-json\/wp\/v2\/pages\/124281","targetHints":{"allow":["GET"]}}],"collection":[{"href":"https:\/\/talkpal.ai\/pl\/wp-json\/wp\/v2\/pages"}],"about":[{"href":"https:\/\/talkpal.ai\/pl\/wp-json\/wp\/v2\/types\/page"}],"author":[{"embeddable":true,"href":"https:\/\/talkpal.ai\/pl\/wp-json\/wp\/v2\/users\/1"}],"replies":[{"embeddable":true,"href":"https:\/\/talkpal.ai\/pl\/wp-json\/wp\/v2\/comments?post=124281"}],"version-history":[{"count":0,"href":"https:\/\/talkpal.ai\/pl\/wp-json\/wp\/v2\/pages\/124281\/revisions"}],"wp:featuredmedia":[{"embeddable":true,"href":"https:\/\/talkpal.ai\/pl\/wp-json\/wp\/v2\/media\/75880"}],"wp:attachment":[{"href":"https:\/\/talkpal.ai\/pl\/wp-json\/wp\/v2\/media?parent=124281"}],"curies":[{"name":"wp","href":"https:\/\/api.w.org\/{rel}","templated":true}]}}