{"id":124144,"date":"2023-03-26T11:40:15","date_gmt":"2023-03-26T11:40:15","guid":{"rendered":"http:\/\/talkpal.ai\/gramatyka-niemiecka\/"},"modified":"2025-05-22T19:22:22","modified_gmt":"2025-05-22T19:22:22","slug":"gramatyka-niemiecka","status":"publish","type":"page","link":"https:\/\/talkpal.ai\/pl\/gramatyka-niemiecka\/","title":{"rendered":"Gramatyka niemiecka"},"content":{"rendered":"\r\n\r\n\r\n<section class=\"languageChallengeSection\">\r\n    <div class=\"languageInfoWrapper\">\r\n        \r\n        <h1>Gramatyka niemiecka<\/h1>\r\n        <p>Odblokuj struktur\u0119 j\u0119zyka niemieckiego, opanowuj\u0105c jego podstawowe zasady gramatyczne. Zrozumienie niemieckiej gramatyki pomo\u017ce ci komunikowa\u0107 si\u0119 z pewno\u015bci\u0105 siebie i w pe\u0142ni doceni\u0107 bogactwo niemieckoj\u0119zycznych kultur. Rozpocznij nauk\u0119 gramatyki niemieckiej ju\u017c dzi\u015b i zr\u00f3b pierwszy krok w kierunku p\u0142ynnego pos\u0142ugiwania si\u0119 tym j\u0119zykiem!\n\n<\/p>\r\n\r\n                            <a class=\"getStartedHidden\" href=\"https:\/\/app.talkpal.ai\/pl\/signup?lng=\">Zaczynaj<\/a>\r\n        \r\n    <\/div>\r\n\r\n    <figure>\r\n    <img decoding=\"async\" width=\"768\" height=\"768\" src=\"https:\/\/talkpal.ai\/wp-content\/uploads\/2023\/06\/german-768x768.png\" class=\"languageImage no-lazy\" alt=\"Language learning for global networking\" fetchpriority=\"high\" sizes=\"(max-width: 768px) 150px, 768px\" srcset=\"https:\/\/talkpal.ai\/wp-content\/uploads\/2023\/06\/german-768x768.png 768w, https:\/\/talkpal.ai\/wp-content\/uploads\/2023\/06\/german-300x300.png 300w\" \/>\r\n    \r\n\r\n    <\/figure>\r\n\r\n            <a class=\"getStartedVisible\" href=\"https:\/\/app.talkpal.ai\/pl\/signup?lng=\">Zaczynaj<\/a>\r\n    \r\n<\/section>\r\n        <section class=\"grammarSection\">\r\n            <div class=\"grammarLinks\">\r\n                <a href=\"https:\/\/talkpal.ai\/pl\/language\/czasowniki-gramatyka-niemiecka\/\">Czasowniki <\/a><a href=\"https:\/\/talkpal.ai\/pl\/language\/czasy-gramatyka-niemiecka\/\">Czasy <\/a><a href=\"https:\/\/talkpal.ai\/pl\/language\/deklinacja-gramatyka-niemiecka\/\">Deklinacja <\/a><a href=\"https:\/\/talkpal.ai\/pl\/language\/przyimki-gramatyka-niemiecka\/\">Przyimki <\/a><a href=\"https:\/\/talkpal.ai\/pl\/language\/przymiotniki-gramatyka-niemiecka\/\">Przymiotniki <\/a><a href=\"https:\/\/talkpal.ai\/pl\/language\/przyslowki-gramatyka-niemiecka\/\">Przys\u0142\u00f3wki <\/a><a href=\"https:\/\/talkpal.ai\/pl\/language\/rzeczowniki-i-rodzajniki-gramatyka-niemiecka\/\">Rzeczowniki i rodzajniki <\/a><a href=\"https:\/\/talkpal.ai\/pl\/language\/struktura-zdania-gramatyka-niemiecka\/\">Struktura zdania <\/a><a href=\"https:\/\/talkpal.ai\/pl\/language\/zaimki-gramatyka-niemiecka\/\">Zaimki <\/a>            <\/div>\r\n        <\/section>\r\n    <section class=\"promotionalBanner\">\r\n    <p class=\"promotionalText\">Najbardziej efektywny spos\u00f3b nauki j\u0119zyka<\/p>\r\n    <a class=\"promotionalLink\" href=\"https:\/\/app.talkpal.ai\/pl\/signup?lng=\">Wypr\u00f3buj Talkpal za darmo<\/a>\r\n<\/section>\n<div class=\"wp-block-group pageContainerStyle\"><div class=\"wp-block-group__inner-container is-layout-constrained wp-block-group-is-layout-constrained\">\n<h2 class=\"wp-block-heading\" id=\"h-unraveling-the-intricacies-of-german-grammar\">Odkrywanie zawi\u0142o\u015bci gramatyki niemieckiej<\/h2>\n\n\n\n<p><a href=\"https:\/\/talkpal.ai\/pl\/jak-szybko-nauczyc-sie-jezyka-niemieckiego-skuteczne-metody-nauki\/\">Nauka j\u0119zyka niemieckiego<\/a> mo\u017ce by\u0107 ekscytuj\u0105cym i satysfakcjonuj\u0105cym przedsi\u0119wzi\u0119ciem. Nie tylko b\u0119dziesz w stanie rozmawia\u0107 z ponad 130 milionami ludzi na ca\u0142ym <a href=\"https:\/\/talkpal.ai\/locations\/language-courses-in-swiecie\/\">\u015bwiecie<\/a>, ale tak\u017ce b\u0119dziesz mie\u0107 dost\u0119p do bogactwa literatury, muzyki i historii kultury. Jak w przypadku ka\u017cdego j\u0119zyka, opanowanie j\u0119zyka niemieckiego wymaga po\u015bwi\u0119cenia i cierpliwo\u015bci \u2013 szczeg\u00f3lnie je\u015bli chodzi o gramatyk\u0119. Dobr\u0105 wiadomo\u015bci\u0105 jest to, \u017ce wiele aspekt\u00f3w gramatyki niemieckiej jest do\u015b\u0107 podobnych do gramatyki angielskiej, co u\u0142atwia osobom m\u00f3wi\u0105cym po angielsku zorientowanie si\u0119. W tym artykule zbadamy niekt\u00f3re z kluczowych cech niemieckiej gramatyki, dostarczaj\u0105c pomocnych wskaz\u00f3wek i sztuczek, kt\u00f3re pomog\u0105 ci opanowa\u0107 ten pi\u0119kny i z\u0142o\u017cony j\u0119zyk.<\/p>\n\n\n\n<h3 class=\"wp-block-heading\" id=\"h-1-nouns-and-articles-get-your-cases-right\">1. Rzeczowniki i rodzajniki \u2013 Zadbaj o swoje przypadki!<\/h3>\n\n\n\n<p>Jedn\u0105 z pierwszych przeszk\u00f3d dla os\u00f3b angloj\u0119zycznych ucz\u0105cych si\u0119 niemieckiego jest zrozumienie czterech przypadk\u00f3w: mianownika, biernika, celownika i dope\u0142niacza. Ka\u017cdy przypadek sygnalizuje inn\u0105 funkcj\u0119 rzeczownika w zdaniu, tak\u0105 jak podmiot, dope\u0142nienie bli\u017csze lub dope\u0142nienie po\u015brednie. Ponadto j\u0119zyk <a href=\"https:\/\/talkpal.ai\/learn-german\/\">niemiecki<\/a> ma trzy rodzaje gramatyczne (m\u0119ski, \u017ce\u0144ski i nijaki), a rodzajniki dla ka\u017cdej p\u0142ci zmieniaj\u0105 si\u0119 w zale\u017cno\u015bci od przypadku. Brzmi zagmatwanie? Nie martw si\u0119! W miar\u0119 zaznajamiania si\u0119 z j\u0119zykiem niemieckim, zaczniesz rozpoznawa\u0107 wzorce i przewidywa\u0107, kt\u00f3rego przypadku i rodzaju u\u017cy\u0107.<\/p>\n\n\n\n<p>Wskaz\u00f3wka: Zr\u00f3b tabel\u0119 przedimk\u00f3w okre\u015blonych (der, die, das) i przedimk\u00f3w nieokre\u015blonych (ein, eine, ein) dla ka\u017cdego rodzaju i przypadku. Zapami\u0119taj je najpierw, poniewa\u017c pos\u0142u\u017c\u0105 jako podstawa do zrozumienia niemieckiej struktury zda\u0144.<\/p>\n\n\n\n<h3 class=\"wp-block-heading\" id=\"h-2-verbs-conjugate-and-dominate\">2. Czasowniki \u2013 Odmieniaj si\u0119 i dominuj!<\/h3>\n\n\n\n<p>W j\u0119zyku niemieckim czasowniki s\u0105 niezb\u0119dne nie tylko do wyra\u017cania czynno\u015bci, ale tak\u017ce do wskazywania czasu i nastroju. Podobnie jak <a href=\"https:\/\/talkpal.ai\/learn-english-with-ai\/\">angielski<\/a>, niemieckie czasowniki musz\u0105 by\u0107 odmienione, aby pasowa\u0142y do podmiotu zdania. Istniej\u0105 jednak pewne kluczowe r\u00f3\u017cnice, w tym u\u017cycie czasownik\u00f3w regularnych (s\u0142abych) i nieregularnych (silnych), a tak\u017ce u\u017cycie czasownik\u00f3w pomocniczych dla niekt\u00f3rych czas\u00f3w. Dobr\u0105 wiadomo\u015bci\u0105 jest to, \u017ce niekt\u00f3re aspekty niemieckiej koniugacji czasownik\u00f3w s\u0105 prostsze ni\u017c w j\u0119zyku angielskim, na przyk\u0142ad nie wymagaj\u0105 u\u017cycia &#8222;do&#8221; w pytaniach lub przeczeniach.<\/p>\n\n\n\n<p>Wskaz\u00f3wka: Zacznij od opanowania koniugacji czasownik\u00f3w regularnych, a nast\u0119pnie zajmij si\u0119 najcz\u0119stszymi czasownikami nieregularnymi. \u0106wicz u\u017cywanie czasownik\u00f3w pomocniczych w czasie przesz\u0142ym i przysz\u0142ym, a wkr\u00f3tce b\u0119dziesz w stanie konstruowa\u0107 bardziej z\u0142o\u017cone zdania.<\/p>\n\n\n\n<h3 class=\"wp-block-heading\" id=\"h-3-adjectives-show-your-agreement\">3. Przymiotniki \u2013 poka\u017c swoj\u0105 zgod\u0119!<\/h3>\n\n\n\n<p>U\u017cywaj\u0105c przymiotnik\u00f3w do opisywania rzeczownik\u00f3w w j\u0119zyku niemieckim, wa\u017cne jest, aby zrozumie\u0107 zgodno\u015b\u0107 przymiotnik\u00f3w. Oznacza to, \u017ce przymiotniki musz\u0105 zgadza\u0107 si\u0119 z rodzajem i przypadkiem rzeczownika. W niekt\u00f3rych przypadkach b\u0119dzie to wymaga\u0142o dodania ko\u0144c\u00f3wki do przymiotnika, w oparciu o rodzaj i przypadek rzeczownika.<\/p>\n\n\n\n<p>Wskaz\u00f3wka: skorzystaj z wcze\u015bniejszego wykresu artyku\u0142u, aby zapami\u0119ta\u0107 prawid\u0142owe ko\u0144c\u00f3wki przymiotnik\u00f3w. \u0106wicz\u0105c u\u017cywanie przymiotnik\u00f3w w zdaniach, zanotuj w pami\u0119ci wzorce ko\u0144c\u00f3wek i ich zwi\u0105zek z rodzajem i przypadkiem rzeczownika.<\/p>\n\n\n\n<h3 class=\"wp-block-heading\" id=\"h-4-word-order-embrace-the-flexibility\">4. Szyk wyraz\u00f3w \u2013 Postaw na elastyczno\u015b\u0107!<\/h3>\n\n\n\n<p>Jedn\u0105 z wielu zalet gramatyki niemieckiej jest elastyczny szyk wyraz\u00f3w. W przeciwie\u0144stwie do j\u0119zyka angielskiego, kt\u00f3ry generalnie ma \u015bcis\u0142y wzorzec podmiot-orzeczenie-dope\u0142nienie, zdania niemieckie mog\u0105 r\u00f3\u017cni\u0107 si\u0119 struktur\u0105. Kluczem jest zrozumienie znaczenia pozycji czasownika, kt\u00f3ry zwykle zajmuje drugie miejsce w zdaniu g\u0142\u00f3wnym i ostatnie w zdaniu podrz\u0119dnym.<\/p>\n\n\n\n<p>Wskaz\u00f3wka: Aby oswoi\u0107 si\u0119 z r\u00f3\u017cnymi wzorcami szyku wyraz\u00f3w, spr\u00f3buj przet\u0142umaczy\u0107 proste zdania angielskie na niemiecki, a nast\u0119pnie zmie\u0144 kolejno\u015b\u0107 zda\u0144, zachowuj\u0105c czasownik we w\u0142a\u015bciwym miejscu. Pomo\u017ce Ci to sta\u0107 si\u0119 bardziej bieg\u0142ym w tworzeniu zniuansowanych i ekspresyjnych zda\u0144 w j\u0119zyku niemieckim.<\/p>\n\n\n\n<h3 class=\"wp-block-heading\" id=\"h-5-prepositions-think-in-german\">5. Przyimki \u2013 My\u015bl po niemiecku!<\/h3>\n\n\n\n<p>Prawdopodobnie najtrudniejsz\u0105 cz\u0119\u015bci\u0105 nauki gramatyki niemieckiej jest opanowanie przyimk\u00f3w. Podczas gdy przyimki istniej\u0105 w j\u0119zyku angielskim i s\u0142u\u017c\u0105 podobnemu celowi, ich u\u017cycie w j\u0119zyku niemieckim jest inne i cz\u0119sto wymaga &#8222;my\u015blenia po niemiecku&#8221;, aby wybra\u0107 w\u0142a\u015bciwy. Na przyk\u0142ad angielski przyimek &#8222;in&#8221; mo\u017cna przet\u0142umaczy\u0107 na &#8222;in&#8221;, &#8222;an&#8221; lub &#8222;auf&#8221; w j\u0119zyku niemieckim, w zale\u017cno\u015bci od kontekstu.<\/p>\n\n\n\n<p>Wskaz\u00f3wka: Tw\u00f3rz fiszki z popularnymi przyimkami i ich angielskimi odpowiednikami. \u0106wicz u\u017cywanie ich w zdaniach i skup si\u0119 na konkretnych kontekstach, w kt\u00f3rych ka\u017cdy przyimek jest u\u017cywany.<\/p>\n\n\n\n<h3 class=\"wp-block-heading\" id=\"h-conclusion\">Wnioski:<\/h3>\n\n\n\n<p><a href=\"https:\/\/talkpal.ai\/german-grammar\/\">Gramatyka niemiecka<\/a> mo\u017ce pocz\u0105tkowo wydawa\u0107 si\u0119 zniech\u0119caj\u0105ca, ale dzi\u0119ki zaanga\u017cowanej praktyce, cierpliwo\u015bci i skupieniu si\u0119 na zrozumieniu podstawowych zasad i wzorc\u00f3w, wkr\u00f3tce b\u0119dziesz z \u0142atwo\u015bci\u0105 konstruowa\u0107 wyrafinowane zdania. Rozumiej\u0105c zawi\u0142o\u015bci gramatyki niemieckiej, osoby m\u00f3wi\u0105ce po angielsku nie tylko poprawi\u0105 swoje umiej\u0119tno\u015bci j\u0119zykowe, ale tak\u017ce rozwin\u0105 nowo odkryte uznanie dla tego pi\u0119knego i z\u0142o\u017conego j\u0119zyka. Teraz, auf geht&#8217;s! Czas zanurzy\u0107 si\u0119 w \u015bwiecie gramatyki niemieckiej i uwolni\u0107 sw\u00f3j pe\u0142ny potencja\u0142 do nauki j\u0119zyka.<\/p>\n<\/div><\/div>\n\r\n<section class=\"learnNavigationSection\">\r\n            \r\n        <a href=\"https:\/\/talkpal.ai\/pl\/nauka-niemieckiego\/\">\r\n            <div class=\"learnNavigationWrapper\">\r\n                <div class=\"learnNavigationContent\">\r\n                    <img decoding=\"async\" src=\"https:\/\/talkpal.ai\/wp-content\/uploads\/2024\/08\/German.jpg\" alt=\"German Flag\">\r\n                    <div>\r\n                        <h4>O nauce niemieckiego<\/h4>\r\n                        <p>Dowiedz si\u0119 wszystkiego o gramatyce niemieckiej.<\/p>\r\n                    <\/div>\r\n                <\/div>\r\n            <\/div>\r\n        <\/a>\r\n\r\n        \r\n        <a href=\"https:\/\/talkpal.ai\/pl\/cwiczenia-z-gramatyki-niemieckiej\/\">\r\n            <div class=\"learnNavigationWrapper\">\r\n                <div class=\"learnNavigationContent\">\r\n                    <img decoding=\"async\" src=\"https:\/\/talkpal.ai\/wp-content\/uploads\/2024\/08\/German.jpg\" alt=\"German Flag\">\r\n                    <div>\r\n                        <h4>\u0106wiczenie z gramatyki j\u0119zyka niemieckiego<\/h4>\r\n                        <p>\u0106wicz gramatyk\u0119 niemieck\u0105.<\/p>\r\n                    <\/div>\r\n                <\/div>\r\n            <\/div>\r\n        <\/a>\r\n\r\n        \r\n        <a href=\"https:\/\/talkpal.ai\/vocabulary_language\/german\/\">\r\n            <div class=\"learnNavigationWrapper\">\r\n                <div class=\"learnNavigationContent\">\r\n                    <img decoding=\"async\" src=\"https:\/\/talkpal.ai\/wp-content\/uploads\/2024\/08\/German.jpg\" alt=\"German Flag\">\r\n                    <div>\r\n                        <h4>S\u0142ownictwo niemieckie<\/h4>\r\n                        <p>Poszerz swoje niemieckie s\u0142ownictwo.<\/p>\r\n                    <\/div>\r\n                <\/div>\r\n            <\/div>\r\n        <\/a>\r\n\r\n            <\/section>","protected":false},"excerpt":{"rendered":"<p>Odkrywanie zawi\u0142o\u015bci gramatyki niemieckiej Nauka j\u0119zyka niemieckiego mo\u017ce by\u0107 ekscytuj\u0105cym i satysfakcjonuj\u0105cym przedsi\u0119wzi\u0119ciem. Nie tylko b\u0119dziesz w stanie rozmawia\u0107 z ponad 130 milionami ludzi na ca\u0142ym \u015bwiecie, ale tak\u017ce b\u0119dziesz mie\u0107 dost\u0119p do bogactwa literatury, muzyki i historii kultury. Jak w przypadku ka\u017cdego j\u0119zyka, opanowanie j\u0119zyka niemieckiego wymaga po\u015bwi\u0119cenia i cierpliwo\u015bci \u2013 szczeg\u00f3lnie je\u015bli chodzi [&hellip;]<\/p>\n","protected":false},"author":1,"featured_media":75568,"parent":0,"menu_order":0,"comment_status":"closed","ping_status":"closed","template":"LearningContentPage.php","meta":{"_acf_changed":false,"footnotes":""},"class_list":["post-124144","page","type-page","status-publish","has-post-thumbnail","hentry"],"acf":[],"yoast_head":"<!-- This site is optimized with the Yoast SEO Premium plugin v27.2 (Yoast SEO v27.2) - https:\/\/yoast.com\/product\/yoast-seo-premium-wordpress\/ -->\n<title>Gramatyka niemiecka - Talkpal<\/title>\n<meta name=\"description\" content=\"\u0141atwo naucz si\u0119 niemieckiej gramatyki - zrozum podstawowe zasady, \u0107wicz budowanie zda\u0144 i m\u00f3w wyra\u017anie ze wsparciem AI. Talkpalze wsparciem sztucznej inteligencji.\" \/>\n<meta name=\"robots\" content=\"index, follow, max-snippet:-1, max-image-preview:large, max-video-preview:-1\" \/>\n<link rel=\"canonical\" href=\"https:\/\/talkpal.ai\/pl\/gramatyka-niemiecka\/\" \/>\n<meta property=\"og:locale\" content=\"pl_PL\" \/>\n<meta property=\"og:type\" content=\"article\" \/>\n<meta property=\"og:title\" content=\"Gramatyka niemiecka\" \/>\n<meta property=\"og:description\" content=\"Odkrywanie zawi\u0142o\u015bci gramatyki niemieckiej Nauka j\u0119zyka niemieckiego mo\u017ce by\u0107 ekscytuj\u0105cym i satysfakcjonuj\u0105cym przedsi\u0119wzi\u0119ciem. Nie tylko b\u0119dziesz w\" \/>\n<meta property=\"og:url\" content=\"https:\/\/talkpal.ai\/pl\/gramatyka-niemiecka\/\" \/>\n<meta property=\"og:site_name\" content=\"Talkpal\" \/>\n<meta property=\"article:publisher\" content=\"https:\/\/www.facebook.com\/profile.php?id=100090733639311\" \/>\n<meta property=\"article:modified_time\" content=\"2025-05-22T19:22:22+00:00\" \/>\n<meta property=\"og:image\" content=\"https:\/\/talkpal.ai\/wp-content\/uploads\/2023\/03\/germany.png\" \/>\n\t<meta property=\"og:image:width\" content=\"512\" \/>\n\t<meta property=\"og:image:height\" content=\"512\" \/>\n\t<meta property=\"og:image:type\" content=\"image\/png\" \/>\n<meta name=\"twitter:card\" content=\"summary_large_image\" \/>\n<meta name=\"twitter:site\" content=\"@talkpalai\" \/>\n<meta name=\"twitter:label1\" content=\"Szacowany czas czytania\" \/>\n\t<meta name=\"twitter:data1\" content=\"4 minuty\" \/>\n<script type=\"application\/ld+json\" class=\"yoast-schema-graph\">{\"@context\":\"https:\/\/schema.org\",\"@graph\":[{\"@type\":\"WebPage\",\"@id\":\"https:\/\/talkpal.ai\/pl\/gramatyka-niemiecka\/\",\"url\":\"https:\/\/talkpal.ai\/pl\/gramatyka-niemiecka\/\",\"name\":\"Gramatyka niemiecka - Talkpal\",\"isPartOf\":{\"@id\":\"https:\/\/talkpal.ai\/pl\/#website\"},\"primaryImageOfPage\":{\"@id\":\"https:\/\/talkpal.ai\/pl\/gramatyka-niemiecka\/#primaryimage\"},\"image\":{\"@id\":\"https:\/\/talkpal.ai\/pl\/gramatyka-niemiecka\/#primaryimage\"},\"thumbnailUrl\":\"https:\/\/talkpal.ai\/wp-content\/uploads\/2023\/03\/germany.png\",\"datePublished\":\"2023-03-26T11:40:15+00:00\",\"dateModified\":\"2025-05-22T19:22:22+00:00\",\"description\":\"\u0141atwo naucz si\u0119 niemieckiej gramatyki - zrozum podstawowe zasady, \u0107wicz budowanie zda\u0144 i m\u00f3w wyra\u017anie ze wsparciem AI. Talkpalze wsparciem sztucznej inteligencji.\",\"breadcrumb\":{\"@id\":\"https:\/\/talkpal.ai\/pl\/gramatyka-niemiecka\/#breadcrumb\"},\"inLanguage\":\"pl-PL\",\"potentialAction\":[{\"@type\":\"ReadAction\",\"target\":[\"https:\/\/talkpal.ai\/pl\/gramatyka-niemiecka\/\"]}]},{\"@type\":\"ImageObject\",\"inLanguage\":\"pl-PL\",\"@id\":\"https:\/\/talkpal.ai\/pl\/gramatyka-niemiecka\/#primaryimage\",\"url\":\"https:\/\/talkpal.ai\/wp-content\/uploads\/2023\/03\/germany.png\",\"contentUrl\":\"https:\/\/talkpal.ai\/wp-content\/uploads\/2023\/03\/germany.png\",\"width\":512,\"height\":512,\"caption\":\"TalkPal AI learn German\"},{\"@type\":\"BreadcrumbList\",\"@id\":\"https:\/\/talkpal.ai\/pl\/gramatyka-niemiecka\/#breadcrumb\",\"itemListElement\":[{\"@type\":\"ListItem\",\"position\":1,\"name\":\"Homepage\",\"item\":\"https:\/\/talkpal.ai\/pl\/\"},{\"@type\":\"ListItem\",\"position\":2,\"name\":\"Gramatyka niemiecka\"}]},{\"@type\":\"WebSite\",\"@id\":\"https:\/\/talkpal.ai\/pl\/#website\",\"url\":\"https:\/\/talkpal.ai\/pl\/\",\"name\":\"Talkpal\",\"description\":\"AI Language Learning\",\"publisher\":{\"@id\":\"https:\/\/talkpal.ai\/pl\/#organization\"},\"alternateName\":\"Talkpal AI\",\"potentialAction\":[{\"@type\":\"SearchAction\",\"target\":{\"@type\":\"EntryPoint\",\"urlTemplate\":\"https:\/\/talkpal.ai\/pl\/?s={search_term_string}\"},\"query-input\":{\"@type\":\"PropertyValueSpecification\",\"valueRequired\":true,\"valueName\":\"search_term_string\"}}],\"inLanguage\":\"pl-PL\"},{\"@type\":\"Organization\",\"@id\":\"https:\/\/talkpal.ai\/pl\/#organization\",\"name\":\"Talkpal, Inc.\",\"alternateName\":\"Talkpal AI\",\"url\":\"https:\/\/talkpal.ai\/pl\/\",\"logo\":{\"@type\":\"ImageObject\",\"inLanguage\":\"pl-PL\",\"@id\":\"https:\/\/talkpal.ai\/pl\/#\/schema\/logo\/image\/\",\"url\":\"https:\/\/talkpal.ai\/wp-content\/uploads\/2024\/03\/Talkpal-Logo-Icon.png\",\"contentUrl\":\"https:\/\/talkpal.ai\/wp-content\/uploads\/2024\/03\/Talkpal-Logo-Icon.png\",\"width\":2880,\"height\":2880,\"caption\":\"Talkpal, Inc.\"},\"image\":{\"@id\":\"https:\/\/talkpal.ai\/pl\/#\/schema\/logo\/image\/\"},\"sameAs\":[\"https:\/\/www.facebook.com\/profile.php?id=100090733639311\",\"https:\/\/x.com\/talkpalai\",\"https:\/\/www.linkedin.com\/company\/talkpal\/\",\"https:\/\/www.youtube.com\/@TalkPal\/\",\"https:\/\/www.tiktok.com\/@talkpal\",\"https:\/\/www.instagram.com\/talkpal_ai\/\",\"https:\/\/www.crunchbase.com\/organization\/talkpal-9cde\",\"https:\/\/www.g2.com\/products\/talkpal-for-business\/\",\"https:\/\/www.trustpilot.com\/review\/talkpal.ai\",\"https:\/\/www.capterra.com\/p\/10006800\/TalkPal\/\"],\"description\":\"Talkpal is a language learning web and mobile education app, powered by the latest AI technologies, that provides engaging experiences to its customers in many different languages to help them improve their language skills. Users can chat about unlimited amount of topics with the app and use other modes to practice their language learning.\",\"email\":\"support@talkpal.ai\",\"legalName\":\"Talkpal, Inc.\",\"foundingDate\":\"2023-04-03\",\"duns\":\"118989042\",\"numberOfEmployees\":{\"@type\":\"QuantitativeValue\",\"minValue\":\"11\",\"maxValue\":\"50\"},\"publishingPrinciples\":\"https:\/\/talkpal.ai\/publishing-principles\/\",\"actionableFeedbackPolicy\":\"https:\/\/talkpal.ai\/actionable-feedback-policy\/\",\"correctionsPolicy\":\"https:\/\/talkpal.ai\/corrections-policy\/\",\"ethicsPolicy\":\"https:\/\/talkpal.ai\/ethics-policy\/\",\"diversityPolicy\":\"https:\/\/talkpal.ai\/diversity-policy\/\",\"diversityStaffingReport\":\"https:\/\/talkpal.ai\/diversity-policy\/\"}]}<\/script>\n<!-- \/ Yoast SEO Premium plugin. -->","yoast_head_json":{"title":"Gramatyka niemiecka - Talkpal","description":"\u0141atwo naucz si\u0119 niemieckiej gramatyki - zrozum podstawowe zasady, \u0107wicz budowanie zda\u0144 i m\u00f3w wyra\u017anie ze wsparciem AI. Talkpalze wsparciem sztucznej inteligencji.","robots":{"index":"index","follow":"follow","max-snippet":"max-snippet:-1","max-image-preview":"max-image-preview:large","max-video-preview":"max-video-preview:-1"},"canonical":"https:\/\/talkpal.ai\/pl\/gramatyka-niemiecka\/","og_locale":"pl_PL","og_type":"article","og_title":"Gramatyka niemiecka","og_description":"Odkrywanie zawi\u0142o\u015bci gramatyki niemieckiej Nauka j\u0119zyka niemieckiego mo\u017ce by\u0107 ekscytuj\u0105cym i satysfakcjonuj\u0105cym przedsi\u0119wzi\u0119ciem. Nie tylko b\u0119dziesz w","og_url":"https:\/\/talkpal.ai\/pl\/gramatyka-niemiecka\/","og_site_name":"Talkpal","article_publisher":"https:\/\/www.facebook.com\/profile.php?id=100090733639311","article_modified_time":"2025-05-22T19:22:22+00:00","og_image":[{"width":512,"height":512,"url":"https:\/\/talkpal.ai\/wp-content\/uploads\/2023\/03\/germany.png","type":"image\/png"}],"twitter_card":"summary_large_image","twitter_site":"@talkpalai","twitter_misc":{"Szacowany czas czytania":"4 minuty"},"schema":{"@context":"https:\/\/schema.org","@graph":[{"@type":"WebPage","@id":"https:\/\/talkpal.ai\/pl\/gramatyka-niemiecka\/","url":"https:\/\/talkpal.ai\/pl\/gramatyka-niemiecka\/","name":"Gramatyka niemiecka - Talkpal","isPartOf":{"@id":"https:\/\/talkpal.ai\/pl\/#website"},"primaryImageOfPage":{"@id":"https:\/\/talkpal.ai\/pl\/gramatyka-niemiecka\/#primaryimage"},"image":{"@id":"https:\/\/talkpal.ai\/pl\/gramatyka-niemiecka\/#primaryimage"},"thumbnailUrl":"https:\/\/talkpal.ai\/wp-content\/uploads\/2023\/03\/germany.png","datePublished":"2023-03-26T11:40:15+00:00","dateModified":"2025-05-22T19:22:22+00:00","description":"\u0141atwo naucz si\u0119 niemieckiej gramatyki - zrozum podstawowe zasady, \u0107wicz budowanie zda\u0144 i m\u00f3w wyra\u017anie ze wsparciem AI. Talkpalze wsparciem sztucznej inteligencji.","breadcrumb":{"@id":"https:\/\/talkpal.ai\/pl\/gramatyka-niemiecka\/#breadcrumb"},"inLanguage":"pl-PL","potentialAction":[{"@type":"ReadAction","target":["https:\/\/talkpal.ai\/pl\/gramatyka-niemiecka\/"]}]},{"@type":"ImageObject","inLanguage":"pl-PL","@id":"https:\/\/talkpal.ai\/pl\/gramatyka-niemiecka\/#primaryimage","url":"https:\/\/talkpal.ai\/wp-content\/uploads\/2023\/03\/germany.png","contentUrl":"https:\/\/talkpal.ai\/wp-content\/uploads\/2023\/03\/germany.png","width":512,"height":512,"caption":"TalkPal AI learn German"},{"@type":"BreadcrumbList","@id":"https:\/\/talkpal.ai\/pl\/gramatyka-niemiecka\/#breadcrumb","itemListElement":[{"@type":"ListItem","position":1,"name":"Homepage","item":"https:\/\/talkpal.ai\/pl\/"},{"@type":"ListItem","position":2,"name":"Gramatyka niemiecka"}]},{"@type":"WebSite","@id":"https:\/\/talkpal.ai\/pl\/#website","url":"https:\/\/talkpal.ai\/pl\/","name":"Talkpal","description":"AI Language Learning","publisher":{"@id":"https:\/\/talkpal.ai\/pl\/#organization"},"alternateName":"Talkpal AI","potentialAction":[{"@type":"SearchAction","target":{"@type":"EntryPoint","urlTemplate":"https:\/\/talkpal.ai\/pl\/?s={search_term_string}"},"query-input":{"@type":"PropertyValueSpecification","valueRequired":true,"valueName":"search_term_string"}}],"inLanguage":"pl-PL"},{"@type":"Organization","@id":"https:\/\/talkpal.ai\/pl\/#organization","name":"Talkpal, Inc.","alternateName":"Talkpal AI","url":"https:\/\/talkpal.ai\/pl\/","logo":{"@type":"ImageObject","inLanguage":"pl-PL","@id":"https:\/\/talkpal.ai\/pl\/#\/schema\/logo\/image\/","url":"https:\/\/talkpal.ai\/wp-content\/uploads\/2024\/03\/Talkpal-Logo-Icon.png","contentUrl":"https:\/\/talkpal.ai\/wp-content\/uploads\/2024\/03\/Talkpal-Logo-Icon.png","width":2880,"height":2880,"caption":"Talkpal, Inc."},"image":{"@id":"https:\/\/talkpal.ai\/pl\/#\/schema\/logo\/image\/"},"sameAs":["https:\/\/www.facebook.com\/profile.php?id=100090733639311","https:\/\/x.com\/talkpalai","https:\/\/www.linkedin.com\/company\/talkpal\/","https:\/\/www.youtube.com\/@TalkPal\/","https:\/\/www.tiktok.com\/@talkpal","https:\/\/www.instagram.com\/talkpal_ai\/","https:\/\/www.crunchbase.com\/organization\/talkpal-9cde","https:\/\/www.g2.com\/products\/talkpal-for-business\/","https:\/\/www.trustpilot.com\/review\/talkpal.ai","https:\/\/www.capterra.com\/p\/10006800\/TalkPal\/"],"description":"Talkpal is a language learning web and mobile education app, powered by the latest AI technologies, that provides engaging experiences to its customers in many different languages to help them improve their language skills. Users can chat about unlimited amount of topics with the app and use other modes to practice their language learning.","email":"support@talkpal.ai","legalName":"Talkpal, Inc.","foundingDate":"2023-04-03","duns":"118989042","numberOfEmployees":{"@type":"QuantitativeValue","minValue":"11","maxValue":"50"},"publishingPrinciples":"https:\/\/talkpal.ai\/publishing-principles\/","actionableFeedbackPolicy":"https:\/\/talkpal.ai\/actionable-feedback-policy\/","correctionsPolicy":"https:\/\/talkpal.ai\/corrections-policy\/","ethicsPolicy":"https:\/\/talkpal.ai\/ethics-policy\/","diversityPolicy":"https:\/\/talkpal.ai\/diversity-policy\/","diversityStaffingReport":"https:\/\/talkpal.ai\/diversity-policy\/"}]}},"_links":{"self":[{"href":"https:\/\/talkpal.ai\/pl\/wp-json\/wp\/v2\/pages\/124144","targetHints":{"allow":["GET"]}}],"collection":[{"href":"https:\/\/talkpal.ai\/pl\/wp-json\/wp\/v2\/pages"}],"about":[{"href":"https:\/\/talkpal.ai\/pl\/wp-json\/wp\/v2\/types\/page"}],"author":[{"embeddable":true,"href":"https:\/\/talkpal.ai\/pl\/wp-json\/wp\/v2\/users\/1"}],"replies":[{"embeddable":true,"href":"https:\/\/talkpal.ai\/pl\/wp-json\/wp\/v2\/comments?post=124144"}],"version-history":[{"count":0,"href":"https:\/\/talkpal.ai\/pl\/wp-json\/wp\/v2\/pages\/124144\/revisions"}],"wp:featuredmedia":[{"embeddable":true,"href":"https:\/\/talkpal.ai\/pl\/wp-json\/wp\/v2\/media\/75568"}],"wp:attachment":[{"href":"https:\/\/talkpal.ai\/pl\/wp-json\/wp\/v2\/media?parent=124144"}],"curies":[{"name":"wp","href":"https:\/\/api.w.org\/{rel}","templated":true}]}}