{"id":997956,"date":"2023-10-09T10:03:45","date_gmt":"2023-10-09T10:03:45","guid":{"rendered":"https:\/\/talkpal.ai\/instruksjoner-for-abonnementsadministrasjon\/"},"modified":"2025-07-12T09:46:45","modified_gmt":"2025-07-12T09:46:45","slug":"instruksjoner-for-abonnementsadministrasjon","status":"publish","type":"page","link":"https:\/\/talkpal.ai\/no\/instruksjoner-for-abonnementsadministrasjon\/","title":{"rendered":"Instruksjoner for abonnementsadministrasjon"},"content":{"rendered":"\n<p>Du kan administrere abonnementene dine i <a href=\"https:\/\/talkpal.ai\/es\/descargar-la-aplicacion-talkpal-para-android-e-ios\/\">App Store<\/a> (Apple <a href=\"https:\/\/talkpal.ai\/es\/descargar-la-aplicacion-talkpal-para-android-e-ios\/\">iOS<\/a>), Google Play (Android) eller p\u00e5 nettstedet v\u00e5rt.<\/p>\n\n<h2 class=\"wp-block-heading\" id=\"h-app-store-apple-ios\">App Store (Apple iOS)<\/h2>\n\n<p>Merk: Du m\u00e5 kansellere Apple-abonnementet eller pr\u00f8veperioden minst 24 timer f\u00f8r den utl\u00f8per. Hvis du kansellerer den p\u00e5 den siste dagen, fornyes den automatisk.<\/p>\n\n<p>F\u00f8lg disse trinnene p\u00e5 iOS-enheten din for \u00e5 si opp <a href=\"https:\/\/talkpal.ai\/ko\/ai-%ec%96%b8%ec%96%b4-%ea%b5%90%ec%82%ac\/\">Talkpal<\/a> -abonnementet ditt via App Store:<\/p>\n\n<p><strong>Trinn 1<\/strong> &#8211; \u00c5pne Innstillinger-appen.<\/p>\n\n<p><strong>Trinn 2<\/strong> &#8211; Velg Apple-ID-en din \u00f8verst p\u00e5 siden.<\/p>\n\n<p><strong>Trinn 3<\/strong> &#8211; Velg &laquo;Vis Apple ID&raquo;<\/p>\n\n<p><strong>Trinn 4<\/strong> &#8211; G\u00e5 til &laquo;Abonnementer&raquo; og velg det abonnementet du vil si opp.<\/p>\n\n<p><strong>Trinn 5<\/strong> &#8211; <a href=\"https:\/\/talkpal.ai\/no\/trykk\/\">Trykk<\/a> p\u00e5 &laquo;Avbryt abonnement&raquo;.<\/p>\n\n<h2 class=\"wp-block-heading\" id=\"h-google-play-android\">Google Play (Android)<\/h2>\n\n<p><b>Trinn 1<\/b> &#8211; G\u00e5 til abonnementene dine i Google Play p\u00e5 Android-enheten din.<\/p>\n\n<p><b>Trinn 2<\/b> &#8211; Velg abonnementet du \u00f8nsker \u00e5 si opp.<\/p>\n\n<p><b>Trinn 3<\/b> &#8211; Trykk p\u00e5 Avbryt abonnement.<\/p>\n\n<h2 class=\"wp-block-heading\" id=\"h-website\">Nettsted<\/h2>\n\n<p><b>Trinn 1<\/b> &#8211; G\u00e5 til kontosiden din.<\/p>\n\n<p><b>Trinn 2<\/b> &#8211; Bla ned til delen &laquo;Abonnement&raquo;.<\/p>\n\n<p><b>Trinn 3<\/b> &#8211; Klikk p\u00e5 &laquo;Avbryt abonnement&raquo;.<\/p>\n","protected":false},"excerpt":{"rendered":"<p>Du kan administrere abonnementene dine i App Store (Apple iOS), Google Play (Android) eller p\u00e5 nettstedet v\u00e5rt. App Store (Apple iOS) Merk: Du m\u00e5 kansellere Apple-abonnementet eller pr\u00f8veperioden minst 24 timer f\u00f8r den utl\u00f8per. Hvis du kansellerer den p\u00e5 den siste dagen, fornyes den automatisk. F\u00f8lg disse trinnene p\u00e5 iOS-enheten din for \u00e5 si opp [&hellip;]<\/p>\n","protected":false},"author":10,"featured_media":197971,"parent":0,"menu_order":0,"comment_status":"closed","ping_status":"closed","template":"","meta":{"_acf_changed":false,"footnotes":""},"class_list":["post-997956","page","type-page","status-publish","has-post-thumbnail","hentry"],"acf":[],"yoast_head":"<!-- This site is optimized with the Yoast SEO Premium plugin v27.2 (Yoast SEO v27.2) - https:\/\/yoast.com\/product\/yoast-seo-premium-wordpress\/ -->\n<title>Instruksjoner for abonnementsadministrasjon - Talkpal<\/title>\n<meta name=\"description\" content=\"F\u00f8lg disse instruksjonene for abonnementsadministrasjon for enkelt \u00e5 kansellere abonnementene dine p\u00e5 Apple- eller Google Play-apper.\" \/>\n<meta name=\"robots\" content=\"index, follow, max-snippet:-1, max-image-preview:large, max-video-preview:-1\" \/>\n<link rel=\"canonical\" href=\"https:\/\/talkpal.ai\/no\/instruksjoner-for-abonnementsadministrasjon\/\" \/>\n<meta property=\"og:locale\" content=\"nb_NO\" \/>\n<meta property=\"og:type\" content=\"article\" \/>\n<meta property=\"og:title\" content=\"Instruksjoner for abonnementsadministrasjon\" \/>\n<meta property=\"og:description\" content=\"Du kan administrere abonnementene dine i App Store (Apple iOS), Google Play (Android) eller p\u00e5 nettstedet v\u00e5rt. App Store (Apple iOS) Merk: Du m\u00e5\" \/>\n<meta property=\"og:url\" content=\"https:\/\/talkpal.ai\/no\/instruksjoner-for-abonnementsadministrasjon\/\" \/>\n<meta property=\"og:site_name\" content=\"Talkpal\" \/>\n<meta property=\"article:publisher\" content=\"https:\/\/www.facebook.com\/profile.php?id=100090733639311\" \/>\n<meta property=\"article:modified_time\" content=\"2025-07-12T09:46:45+00:00\" \/>\n<meta property=\"og:image\" content=\"https:\/\/talkpal.ai\/wp-content\/uploads\/2024\/03\/Talkpal-Logo-Icon.png\" \/>\n\t<meta property=\"og:image:width\" content=\"5000\" \/>\n\t<meta property=\"og:image:height\" content=\"5000\" \/>\n\t<meta property=\"og:image:type\" content=\"image\/png\" \/>\n<meta name=\"twitter:card\" content=\"summary_large_image\" \/>\n<meta name=\"twitter:site\" content=\"@talkpalai\" \/>\n<meta name=\"twitter:label1\" content=\"Ansl. lesetid\" \/>\n\t<meta name=\"twitter:data1\" content=\"1 minutt\" \/>\n<script type=\"application\/ld+json\" class=\"yoast-schema-graph\">{\"@context\":\"https:\/\/schema.org\",\"@graph\":[{\"@type\":\"WebPage\",\"@id\":\"https:\/\/talkpal.ai\/no\/instruksjoner-for-abonnementsadministrasjon\/\",\"url\":\"https:\/\/talkpal.ai\/no\/instruksjoner-for-abonnementsadministrasjon\/\",\"name\":\"Instruksjoner for abonnementsadministrasjon - Talkpal\",\"isPartOf\":{\"@id\":\"https:\/\/talkpal.ai\/no\/#website\"},\"primaryImageOfPage\":{\"@id\":\"https:\/\/talkpal.ai\/no\/instruksjoner-for-abonnementsadministrasjon\/#primaryimage\"},\"image\":{\"@id\":\"https:\/\/talkpal.ai\/no\/instruksjoner-for-abonnementsadministrasjon\/#primaryimage\"},\"thumbnailUrl\":\"https:\/\/talkpal.ai\/wp-content\/uploads\/2024\/03\/Talkpal-Logo-Icon.png\",\"datePublished\":\"2023-10-09T10:03:45+00:00\",\"dateModified\":\"2025-07-12T09:46:45+00:00\",\"description\":\"F\u00f8lg disse instruksjonene for abonnementsadministrasjon for enkelt \u00e5 kansellere abonnementene dine p\u00e5 Apple- eller Google Play-apper.\",\"breadcrumb\":{\"@id\":\"https:\/\/talkpal.ai\/no\/instruksjoner-for-abonnementsadministrasjon\/#breadcrumb\"},\"inLanguage\":\"nb-NO\",\"potentialAction\":[{\"@type\":\"ReadAction\",\"target\":[\"https:\/\/talkpal.ai\/no\/instruksjoner-for-abonnementsadministrasjon\/\"]}]},{\"@type\":\"ImageObject\",\"inLanguage\":\"nb-NO\",\"@id\":\"https:\/\/talkpal.ai\/no\/instruksjoner-for-abonnementsadministrasjon\/#primaryimage\",\"url\":\"https:\/\/talkpal.ai\/wp-content\/uploads\/2024\/03\/Talkpal-Logo-Icon.png\",\"contentUrl\":\"https:\/\/talkpal.ai\/wp-content\/uploads\/2024\/03\/Talkpal-Logo-Icon.png\",\"width\":5000,\"height\":5000,\"caption\":\"Talkpal-logo uten ordmerke\"},{\"@type\":\"BreadcrumbList\",\"@id\":\"https:\/\/talkpal.ai\/no\/instruksjoner-for-abonnementsadministrasjon\/#breadcrumb\",\"itemListElement\":[{\"@type\":\"ListItem\",\"position\":1,\"name\":\"Homepage\",\"item\":\"https:\/\/talkpal.ai\/no\/\"},{\"@type\":\"ListItem\",\"position\":2,\"name\":\"Instruksjoner for abonnementsadministrasjon\"}]},{\"@type\":\"WebSite\",\"@id\":\"https:\/\/talkpal.ai\/no\/#website\",\"url\":\"https:\/\/talkpal.ai\/no\/\",\"name\":\"Talkpal\",\"description\":\"AI Language Learning\",\"publisher\":{\"@id\":\"https:\/\/talkpal.ai\/no\/#organization\"},\"alternateName\":\"Talkpal AI\",\"potentialAction\":[{\"@type\":\"SearchAction\",\"target\":{\"@type\":\"EntryPoint\",\"urlTemplate\":\"https:\/\/talkpal.ai\/no\/?s={search_term_string}\"},\"query-input\":{\"@type\":\"PropertyValueSpecification\",\"valueRequired\":true,\"valueName\":\"search_term_string\"}}],\"inLanguage\":\"nb-NO\"},{\"@type\":\"Organization\",\"@id\":\"https:\/\/talkpal.ai\/no\/#organization\",\"name\":\"Talkpal, Inc.\",\"alternateName\":\"Talkpal AI\",\"url\":\"https:\/\/talkpal.ai\/no\/\",\"logo\":{\"@type\":\"ImageObject\",\"inLanguage\":\"nb-NO\",\"@id\":\"https:\/\/talkpal.ai\/no\/#\/schema\/logo\/image\/\",\"url\":\"https:\/\/talkpal.ai\/wp-content\/uploads\/2024\/03\/Talkpal-Logo-Icon.png\",\"contentUrl\":\"https:\/\/talkpal.ai\/wp-content\/uploads\/2024\/03\/Talkpal-Logo-Icon.png\",\"width\":2880,\"height\":2880,\"caption\":\"Talkpal, Inc.\"},\"image\":{\"@id\":\"https:\/\/talkpal.ai\/no\/#\/schema\/logo\/image\/\"},\"sameAs\":[\"https:\/\/www.facebook.com\/profile.php?id=100090733639311\",\"https:\/\/x.com\/talkpalai\",\"https:\/\/www.linkedin.com\/company\/talkpal\/\",\"https:\/\/www.youtube.com\/@TalkPal\/\",\"https:\/\/www.tiktok.com\/@talkpal\",\"https:\/\/www.instagram.com\/talkpal_ai\/\",\"https:\/\/www.crunchbase.com\/organization\/talkpal-9cde\",\"https:\/\/www.g2.com\/products\/talkpal-for-business\/\",\"https:\/\/www.trustpilot.com\/review\/talkpal.ai\",\"https:\/\/www.capterra.com\/p\/10006800\/TalkPal\/\"],\"description\":\"Talkpal is a language learning web and mobile education app, powered by the latest AI technologies, that provides engaging experiences to its customers in many different languages to help them improve their language skills. Users can chat about unlimited amount of topics with the app and use other modes to practice their language learning.\",\"email\":\"support@talkpal.ai\",\"legalName\":\"Talkpal, Inc.\",\"foundingDate\":\"2023-04-03\",\"duns\":\"118989042\",\"numberOfEmployees\":{\"@type\":\"QuantitativeValue\",\"minValue\":\"11\",\"maxValue\":\"50\"},\"publishingPrinciples\":\"https:\/\/talkpal.ai\/publishing-principles\/\",\"actionableFeedbackPolicy\":\"https:\/\/talkpal.ai\/actionable-feedback-policy\/\",\"correctionsPolicy\":\"https:\/\/talkpal.ai\/corrections-policy\/\",\"ethicsPolicy\":\"https:\/\/talkpal.ai\/ethics-policy\/\",\"diversityPolicy\":\"https:\/\/talkpal.ai\/diversity-policy\/\",\"diversityStaffingReport\":\"https:\/\/talkpal.ai\/diversity-policy\/\"}]}<\/script>\n<!-- \/ Yoast SEO Premium plugin. -->","yoast_head_json":{"title":"Instruksjoner for abonnementsadministrasjon - Talkpal","description":"F\u00f8lg disse instruksjonene for abonnementsadministrasjon for enkelt \u00e5 kansellere abonnementene dine p\u00e5 Apple- eller Google Play-apper.","robots":{"index":"index","follow":"follow","max-snippet":"max-snippet:-1","max-image-preview":"max-image-preview:large","max-video-preview":"max-video-preview:-1"},"canonical":"https:\/\/talkpal.ai\/no\/instruksjoner-for-abonnementsadministrasjon\/","og_locale":"nb_NO","og_type":"article","og_title":"Instruksjoner for abonnementsadministrasjon","og_description":"Du kan administrere abonnementene dine i App Store (Apple iOS), Google Play (Android) eller p\u00e5 nettstedet v\u00e5rt. App Store (Apple iOS) Merk: Du m\u00e5","og_url":"https:\/\/talkpal.ai\/no\/instruksjoner-for-abonnementsadministrasjon\/","og_site_name":"Talkpal","article_publisher":"https:\/\/www.facebook.com\/profile.php?id=100090733639311","article_modified_time":"2025-07-12T09:46:45+00:00","og_image":[{"width":5000,"height":5000,"url":"https:\/\/talkpal.ai\/wp-content\/uploads\/2024\/03\/Talkpal-Logo-Icon.png","type":"image\/png"}],"twitter_card":"summary_large_image","twitter_site":"@talkpalai","twitter_misc":{"Ansl. lesetid":"1 minutt"},"schema":{"@context":"https:\/\/schema.org","@graph":[{"@type":"WebPage","@id":"https:\/\/talkpal.ai\/no\/instruksjoner-for-abonnementsadministrasjon\/","url":"https:\/\/talkpal.ai\/no\/instruksjoner-for-abonnementsadministrasjon\/","name":"Instruksjoner for abonnementsadministrasjon - Talkpal","isPartOf":{"@id":"https:\/\/talkpal.ai\/no\/#website"},"primaryImageOfPage":{"@id":"https:\/\/talkpal.ai\/no\/instruksjoner-for-abonnementsadministrasjon\/#primaryimage"},"image":{"@id":"https:\/\/talkpal.ai\/no\/instruksjoner-for-abonnementsadministrasjon\/#primaryimage"},"thumbnailUrl":"https:\/\/talkpal.ai\/wp-content\/uploads\/2024\/03\/Talkpal-Logo-Icon.png","datePublished":"2023-10-09T10:03:45+00:00","dateModified":"2025-07-12T09:46:45+00:00","description":"F\u00f8lg disse instruksjonene for abonnementsadministrasjon for enkelt \u00e5 kansellere abonnementene dine p\u00e5 Apple- eller Google Play-apper.","breadcrumb":{"@id":"https:\/\/talkpal.ai\/no\/instruksjoner-for-abonnementsadministrasjon\/#breadcrumb"},"inLanguage":"nb-NO","potentialAction":[{"@type":"ReadAction","target":["https:\/\/talkpal.ai\/no\/instruksjoner-for-abonnementsadministrasjon\/"]}]},{"@type":"ImageObject","inLanguage":"nb-NO","@id":"https:\/\/talkpal.ai\/no\/instruksjoner-for-abonnementsadministrasjon\/#primaryimage","url":"https:\/\/talkpal.ai\/wp-content\/uploads\/2024\/03\/Talkpal-Logo-Icon.png","contentUrl":"https:\/\/talkpal.ai\/wp-content\/uploads\/2024\/03\/Talkpal-Logo-Icon.png","width":5000,"height":5000,"caption":"Talkpal-logo uten ordmerke"},{"@type":"BreadcrumbList","@id":"https:\/\/talkpal.ai\/no\/instruksjoner-for-abonnementsadministrasjon\/#breadcrumb","itemListElement":[{"@type":"ListItem","position":1,"name":"Homepage","item":"https:\/\/talkpal.ai\/no\/"},{"@type":"ListItem","position":2,"name":"Instruksjoner for abonnementsadministrasjon"}]},{"@type":"WebSite","@id":"https:\/\/talkpal.ai\/no\/#website","url":"https:\/\/talkpal.ai\/no\/","name":"Talkpal","description":"AI Language Learning","publisher":{"@id":"https:\/\/talkpal.ai\/no\/#organization"},"alternateName":"Talkpal AI","potentialAction":[{"@type":"SearchAction","target":{"@type":"EntryPoint","urlTemplate":"https:\/\/talkpal.ai\/no\/?s={search_term_string}"},"query-input":{"@type":"PropertyValueSpecification","valueRequired":true,"valueName":"search_term_string"}}],"inLanguage":"nb-NO"},{"@type":"Organization","@id":"https:\/\/talkpal.ai\/no\/#organization","name":"Talkpal, Inc.","alternateName":"Talkpal AI","url":"https:\/\/talkpal.ai\/no\/","logo":{"@type":"ImageObject","inLanguage":"nb-NO","@id":"https:\/\/talkpal.ai\/no\/#\/schema\/logo\/image\/","url":"https:\/\/talkpal.ai\/wp-content\/uploads\/2024\/03\/Talkpal-Logo-Icon.png","contentUrl":"https:\/\/talkpal.ai\/wp-content\/uploads\/2024\/03\/Talkpal-Logo-Icon.png","width":2880,"height":2880,"caption":"Talkpal, Inc."},"image":{"@id":"https:\/\/talkpal.ai\/no\/#\/schema\/logo\/image\/"},"sameAs":["https:\/\/www.facebook.com\/profile.php?id=100090733639311","https:\/\/x.com\/talkpalai","https:\/\/www.linkedin.com\/company\/talkpal\/","https:\/\/www.youtube.com\/@TalkPal\/","https:\/\/www.tiktok.com\/@talkpal","https:\/\/www.instagram.com\/talkpal_ai\/","https:\/\/www.crunchbase.com\/organization\/talkpal-9cde","https:\/\/www.g2.com\/products\/talkpal-for-business\/","https:\/\/www.trustpilot.com\/review\/talkpal.ai","https:\/\/www.capterra.com\/p\/10006800\/TalkPal\/"],"description":"Talkpal is a language learning web and mobile education app, powered by the latest AI technologies, that provides engaging experiences to its customers in many different languages to help them improve their language skills. Users can chat about unlimited amount of topics with the app and use other modes to practice their language learning.","email":"support@talkpal.ai","legalName":"Talkpal, Inc.","foundingDate":"2023-04-03","duns":"118989042","numberOfEmployees":{"@type":"QuantitativeValue","minValue":"11","maxValue":"50"},"publishingPrinciples":"https:\/\/talkpal.ai\/publishing-principles\/","actionableFeedbackPolicy":"https:\/\/talkpal.ai\/actionable-feedback-policy\/","correctionsPolicy":"https:\/\/talkpal.ai\/corrections-policy\/","ethicsPolicy":"https:\/\/talkpal.ai\/ethics-policy\/","diversityPolicy":"https:\/\/talkpal.ai\/diversity-policy\/","diversityStaffingReport":"https:\/\/talkpal.ai\/diversity-policy\/"}]}},"_links":{"self":[{"href":"https:\/\/talkpal.ai\/no\/wp-json\/wp\/v2\/pages\/997956","targetHints":{"allow":["GET"]}}],"collection":[{"href":"https:\/\/talkpal.ai\/no\/wp-json\/wp\/v2\/pages"}],"about":[{"href":"https:\/\/talkpal.ai\/no\/wp-json\/wp\/v2\/types\/page"}],"author":[{"embeddable":true,"href":"https:\/\/talkpal.ai\/no\/wp-json\/wp\/v2\/users\/10"}],"replies":[{"embeddable":true,"href":"https:\/\/talkpal.ai\/no\/wp-json\/wp\/v2\/comments?post=997956"}],"version-history":[{"count":0,"href":"https:\/\/talkpal.ai\/no\/wp-json\/wp\/v2\/pages\/997956\/revisions"}],"wp:featuredmedia":[{"embeddable":true,"href":"https:\/\/talkpal.ai\/no\/wp-json\/wp\/v2\/media\/197971"}],"wp:attachment":[{"href":"https:\/\/talkpal.ai\/no\/wp-json\/wp\/v2\/media?parent=997956"}],"curies":[{"name":"wp","href":"https:\/\/api.w.org\/{rel}","templated":true}]}}