{"id":994726,"date":"2023-12-20T15:42:12","date_gmt":"2023-12-20T15:42:12","guid":{"rendered":"https:\/\/talkpal.ai\/instruksjoner-for-a-legge-til-kupongkode-i-stripe-checkout\/"},"modified":"2025-06-19T18:08:07","modified_gmt":"2025-06-19T18:08:07","slug":"instruksjoner-for-a-legge-til-kupongkode-i-stripe-checkout","status":"publish","type":"page","link":"https:\/\/talkpal.ai\/no\/instruksjoner-for-a-legge-til-kupongkode-i-stripe-checkout\/","title":{"rendered":"Instruksjoner for \u00e5 legge til kupongkode i Stripe Checkout"},"content":{"rendered":"\n<p>Legg til kupongkode og f\u00e5 rabatt.<\/p>\n\n<h2 class=\"wp-block-heading\" id=\"h-follow-the-steps\">F\u00f8lg trinnene<\/h2>\n\n<h3 class=\"wp-block-heading\" id=\"h-step-1\">Trinn 1:<\/h3>\n\n<p>Velg en foretrukket plan.<\/p>\n\n<figure class=\"wp-block-image\"><img decoding=\"async\" src=\"https:\/\/talkpal.ai\/wp-content\/uploads\/2024\/12\/Choos-plan-screen-768x389.png\" alt=\"\"\/><\/figure>\n\n<h3 class=\"wp-block-heading\" id=\"h-step-2\">Trinn 2:<\/h3>\n\n<p>Velg alternativet for \u00e5 betale med kort, og <a href=\"https:\/\/talkpal.ai\/no\/trykk\/\">trykk<\/a> p\u00e5 startknappen.<\/p>\n\n<figure class=\"wp-block-image\"><img decoding=\"async\" src=\"https:\/\/talkpal.ai\/wp-content\/uploads\/2024\/12\/Payment-method-screen-768x389.png\" alt=\"\"\/><\/figure>\n\n<h3 class=\"wp-block-heading\" id=\"h-step-3\">Trinn 3:<\/h3>\n\n<p>Du blir omdirigert til Stripe-kassesiden.<\/p>\n\n<h3 class=\"wp-block-heading\" id=\"h-step-4\">Trinn 4:<\/h3>\n\n<p><a href=\"https:\/\/talkpal.ai\/no\/trykk\/\">Trykk<\/a> p\u00e5 &laquo;Legg til kampanjekode&raquo; og skriv inn koden, f.eks: <strong>JOIN25<\/strong> og trykk p\u00e5 &laquo;Bruk&raquo;.<\/p>\n\n<figure class=\"wp-block-image\"><img decoding=\"async\" src=\"https:\/\/talkpal.ai\/wp-content\/uploads\/2024\/05\/Talkpal-Stripe-instructions-1024x593.png\" alt=\"\"\/><\/figure>\n\n<h3 class=\"wp-block-heading\" id=\"h-step-5\">Trinn 5:<\/h3>\n\n<p>Fyll inn kortinformasjonen din og begynn \u00e5 utforske Premium-kontoen din.<\/p>\n\n<p><\/p>\n","protected":false},"excerpt":{"rendered":"<p>Legg til kupongkode og f\u00e5 rabatt. F\u00f8lg trinnene Trinn 1: Velg en foretrukket plan. Trinn 2: Velg alternativet for \u00e5 betale med kort, og trykk p\u00e5 startknappen. Trinn 3: Du blir omdirigert til Stripe-kassesiden. Trinn 4: Trykk p\u00e5 &laquo;Legg til kampanjekode&raquo; og skriv inn koden, f.eks: JOIN25 og trykk p\u00e5 &laquo;Bruk&raquo;. Trinn 5: Fyll inn [&hellip;]<\/p>\n","protected":false},"author":6,"featured_media":197971,"parent":0,"menu_order":0,"comment_status":"closed","ping_status":"closed","template":"","meta":{"_acf_changed":false,"footnotes":""},"class_list":["post-994726","page","type-page","status-publish","has-post-thumbnail","hentry"],"acf":[],"yoast_head":"<!-- This site is optimized with the Yoast SEO Premium plugin v27.2 (Yoast SEO v27.2) - https:\/\/yoast.com\/product\/yoast-seo-premium-wordpress\/ -->\n<title>Instruksjoner for \u00e5 legge til kupongkode i Stripe Checkout - Talkpal<\/title>\n<meta name=\"description\" content=\"L\u00e6r hvordan du enkelt legger til kupongkoder i Stripe Checkout. F\u00f8lg enkle trinn for \u00e5 forbedre kundens kasseopplevelse.\" \/>\n<meta name=\"robots\" content=\"index, follow, max-snippet:-1, max-image-preview:large, max-video-preview:-1\" \/>\n<link rel=\"canonical\" href=\"https:\/\/talkpal.ai\/no\/instruksjoner-for-a-legge-til-kupongkode-i-stripe-checkout\/\" \/>\n<meta property=\"og:locale\" content=\"nb_NO\" \/>\n<meta property=\"og:type\" content=\"article\" \/>\n<meta property=\"og:title\" content=\"Instruksjoner for \u00e5 legge til kupongkode i Stripe Checkout\" \/>\n<meta property=\"og:description\" content=\"Legg til kupongkode og f\u00e5 rabatt. F\u00f8lg trinnene Trinn 1: Velg en foretrukket plan. Trinn 2: Velg alternativet for \u00e5 betale med kort, og trykk p\u00e5\" \/>\n<meta property=\"og:url\" content=\"https:\/\/talkpal.ai\/no\/instruksjoner-for-a-legge-til-kupongkode-i-stripe-checkout\/\" \/>\n<meta property=\"og:site_name\" content=\"Talkpal\" \/>\n<meta property=\"article:publisher\" content=\"https:\/\/www.facebook.com\/profile.php?id=100090733639311\" \/>\n<meta property=\"article:modified_time\" content=\"2025-06-19T18:08:07+00:00\" \/>\n<meta property=\"og:image\" content=\"https:\/\/talkpal.ai\/wp-content\/uploads\/2024\/03\/Talkpal-Logo-Icon.png\" \/>\n\t<meta property=\"og:image:width\" content=\"5000\" \/>\n\t<meta property=\"og:image:height\" content=\"5000\" \/>\n\t<meta property=\"og:image:type\" content=\"image\/png\" \/>\n<meta name=\"twitter:card\" content=\"summary_large_image\" \/>\n<meta name=\"twitter:site\" content=\"@talkpalai\" \/>\n<script type=\"application\/ld+json\" class=\"yoast-schema-graph\">{\"@context\":\"https:\/\/schema.org\",\"@graph\":[{\"@type\":\"WebPage\",\"@id\":\"https:\/\/talkpal.ai\/no\/instruksjoner-for-a-legge-til-kupongkode-i-stripe-checkout\/\",\"url\":\"https:\/\/talkpal.ai\/no\/instruksjoner-for-a-legge-til-kupongkode-i-stripe-checkout\/\",\"name\":\"Instruksjoner for \u00e5 legge til kupongkode i Stripe Checkout - Talkpal\",\"isPartOf\":{\"@id\":\"https:\/\/talkpal.ai\/no\/#website\"},\"primaryImageOfPage\":{\"@id\":\"https:\/\/talkpal.ai\/no\/instruksjoner-for-a-legge-til-kupongkode-i-stripe-checkout\/#primaryimage\"},\"image\":{\"@id\":\"https:\/\/talkpal.ai\/no\/instruksjoner-for-a-legge-til-kupongkode-i-stripe-checkout\/#primaryimage\"},\"thumbnailUrl\":\"https:\/\/talkpal.ai\/wp-content\/uploads\/2024\/03\/Talkpal-Logo-Icon.png\",\"datePublished\":\"2023-12-20T15:42:12+00:00\",\"dateModified\":\"2025-06-19T18:08:07+00:00\",\"description\":\"L\u00e6r hvordan du enkelt legger til kupongkoder i Stripe Checkout. F\u00f8lg enkle trinn for \u00e5 forbedre kundens kasseopplevelse.\",\"breadcrumb\":{\"@id\":\"https:\/\/talkpal.ai\/no\/instruksjoner-for-a-legge-til-kupongkode-i-stripe-checkout\/#breadcrumb\"},\"inLanguage\":\"nb-NO\",\"potentialAction\":[{\"@type\":\"ReadAction\",\"target\":[\"https:\/\/talkpal.ai\/no\/instruksjoner-for-a-legge-til-kupongkode-i-stripe-checkout\/\"]}]},{\"@type\":\"ImageObject\",\"inLanguage\":\"nb-NO\",\"@id\":\"https:\/\/talkpal.ai\/no\/instruksjoner-for-a-legge-til-kupongkode-i-stripe-checkout\/#primaryimage\",\"url\":\"https:\/\/talkpal.ai\/wp-content\/uploads\/2024\/03\/Talkpal-Logo-Icon.png\",\"contentUrl\":\"https:\/\/talkpal.ai\/wp-content\/uploads\/2024\/03\/Talkpal-Logo-Icon.png\",\"width\":5000,\"height\":5000,\"caption\":\"TalkPal-logo\"},{\"@type\":\"BreadcrumbList\",\"@id\":\"https:\/\/talkpal.ai\/no\/instruksjoner-for-a-legge-til-kupongkode-i-stripe-checkout\/#breadcrumb\",\"itemListElement\":[{\"@type\":\"ListItem\",\"position\":1,\"name\":\"Homepage\",\"item\":\"https:\/\/talkpal.ai\/no\/\"},{\"@type\":\"ListItem\",\"position\":2,\"name\":\"Instruksjoner for \u00e5 legge til kupongkode i Stripe Checkout\"}]},{\"@type\":\"WebSite\",\"@id\":\"https:\/\/talkpal.ai\/no\/#website\",\"url\":\"https:\/\/talkpal.ai\/no\/\",\"name\":\"Talkpal\",\"description\":\"AI Language Learning\",\"publisher\":{\"@id\":\"https:\/\/talkpal.ai\/no\/#organization\"},\"alternateName\":\"Talkpal AI\",\"potentialAction\":[{\"@type\":\"SearchAction\",\"target\":{\"@type\":\"EntryPoint\",\"urlTemplate\":\"https:\/\/talkpal.ai\/no\/?s={search_term_string}\"},\"query-input\":{\"@type\":\"PropertyValueSpecification\",\"valueRequired\":true,\"valueName\":\"search_term_string\"}}],\"inLanguage\":\"nb-NO\"},{\"@type\":\"Organization\",\"@id\":\"https:\/\/talkpal.ai\/no\/#organization\",\"name\":\"Talkpal, Inc.\",\"alternateName\":\"Talkpal AI\",\"url\":\"https:\/\/talkpal.ai\/no\/\",\"logo\":{\"@type\":\"ImageObject\",\"inLanguage\":\"nb-NO\",\"@id\":\"https:\/\/talkpal.ai\/no\/#\/schema\/logo\/image\/\",\"url\":\"https:\/\/talkpal.ai\/wp-content\/uploads\/2024\/03\/Talkpal-Logo-Icon.png\",\"contentUrl\":\"https:\/\/talkpal.ai\/wp-content\/uploads\/2024\/03\/Talkpal-Logo-Icon.png\",\"width\":2880,\"height\":2880,\"caption\":\"Talkpal, Inc.\"},\"image\":{\"@id\":\"https:\/\/talkpal.ai\/no\/#\/schema\/logo\/image\/\"},\"sameAs\":[\"https:\/\/www.facebook.com\/profile.php?id=100090733639311\",\"https:\/\/x.com\/talkpalai\",\"https:\/\/www.linkedin.com\/company\/talkpal\/\",\"https:\/\/www.youtube.com\/@TalkPal\/\",\"https:\/\/www.tiktok.com\/@talkpal\",\"https:\/\/www.instagram.com\/talkpal_ai\/\",\"https:\/\/www.crunchbase.com\/organization\/talkpal-9cde\",\"https:\/\/www.g2.com\/products\/talkpal-for-business\/\",\"https:\/\/www.trustpilot.com\/review\/talkpal.ai\",\"https:\/\/www.capterra.com\/p\/10006800\/TalkPal\/\"],\"description\":\"Talkpal is a language learning web and mobile education app, powered by the latest AI technologies, that provides engaging experiences to its customers in many different languages to help them improve their language skills. Users can chat about unlimited amount of topics with the app and use other modes to practice their language learning.\",\"email\":\"support@talkpal.ai\",\"legalName\":\"Talkpal, Inc.\",\"foundingDate\":\"2023-04-03\",\"duns\":\"118989042\",\"numberOfEmployees\":{\"@type\":\"QuantitativeValue\",\"minValue\":\"11\",\"maxValue\":\"50\"},\"publishingPrinciples\":\"https:\/\/talkpal.ai\/publishing-principles\/\",\"actionableFeedbackPolicy\":\"https:\/\/talkpal.ai\/actionable-feedback-policy\/\",\"correctionsPolicy\":\"https:\/\/talkpal.ai\/corrections-policy\/\",\"ethicsPolicy\":\"https:\/\/talkpal.ai\/ethics-policy\/\",\"diversityPolicy\":\"https:\/\/talkpal.ai\/diversity-policy\/\",\"diversityStaffingReport\":\"https:\/\/talkpal.ai\/diversity-policy\/\"}]}<\/script>\n<!-- \/ Yoast SEO Premium plugin. -->","yoast_head_json":{"title":"Instruksjoner for \u00e5 legge til kupongkode i Stripe Checkout - Talkpal","description":"L\u00e6r hvordan du enkelt legger til kupongkoder i Stripe Checkout. F\u00f8lg enkle trinn for \u00e5 forbedre kundens kasseopplevelse.","robots":{"index":"index","follow":"follow","max-snippet":"max-snippet:-1","max-image-preview":"max-image-preview:large","max-video-preview":"max-video-preview:-1"},"canonical":"https:\/\/talkpal.ai\/no\/instruksjoner-for-a-legge-til-kupongkode-i-stripe-checkout\/","og_locale":"nb_NO","og_type":"article","og_title":"Instruksjoner for \u00e5 legge til kupongkode i Stripe Checkout","og_description":"Legg til kupongkode og f\u00e5 rabatt. F\u00f8lg trinnene Trinn 1: Velg en foretrukket plan. Trinn 2: Velg alternativet for \u00e5 betale med kort, og trykk p\u00e5","og_url":"https:\/\/talkpal.ai\/no\/instruksjoner-for-a-legge-til-kupongkode-i-stripe-checkout\/","og_site_name":"Talkpal","article_publisher":"https:\/\/www.facebook.com\/profile.php?id=100090733639311","article_modified_time":"2025-06-19T18:08:07+00:00","og_image":[{"width":5000,"height":5000,"url":"https:\/\/talkpal.ai\/wp-content\/uploads\/2024\/03\/Talkpal-Logo-Icon.png","type":"image\/png"}],"twitter_card":"summary_large_image","twitter_site":"@talkpalai","schema":{"@context":"https:\/\/schema.org","@graph":[{"@type":"WebPage","@id":"https:\/\/talkpal.ai\/no\/instruksjoner-for-a-legge-til-kupongkode-i-stripe-checkout\/","url":"https:\/\/talkpal.ai\/no\/instruksjoner-for-a-legge-til-kupongkode-i-stripe-checkout\/","name":"Instruksjoner for \u00e5 legge til kupongkode i Stripe Checkout - Talkpal","isPartOf":{"@id":"https:\/\/talkpal.ai\/no\/#website"},"primaryImageOfPage":{"@id":"https:\/\/talkpal.ai\/no\/instruksjoner-for-a-legge-til-kupongkode-i-stripe-checkout\/#primaryimage"},"image":{"@id":"https:\/\/talkpal.ai\/no\/instruksjoner-for-a-legge-til-kupongkode-i-stripe-checkout\/#primaryimage"},"thumbnailUrl":"https:\/\/talkpal.ai\/wp-content\/uploads\/2024\/03\/Talkpal-Logo-Icon.png","datePublished":"2023-12-20T15:42:12+00:00","dateModified":"2025-06-19T18:08:07+00:00","description":"L\u00e6r hvordan du enkelt legger til kupongkoder i Stripe Checkout. F\u00f8lg enkle trinn for \u00e5 forbedre kundens kasseopplevelse.","breadcrumb":{"@id":"https:\/\/talkpal.ai\/no\/instruksjoner-for-a-legge-til-kupongkode-i-stripe-checkout\/#breadcrumb"},"inLanguage":"nb-NO","potentialAction":[{"@type":"ReadAction","target":["https:\/\/talkpal.ai\/no\/instruksjoner-for-a-legge-til-kupongkode-i-stripe-checkout\/"]}]},{"@type":"ImageObject","inLanguage":"nb-NO","@id":"https:\/\/talkpal.ai\/no\/instruksjoner-for-a-legge-til-kupongkode-i-stripe-checkout\/#primaryimage","url":"https:\/\/talkpal.ai\/wp-content\/uploads\/2024\/03\/Talkpal-Logo-Icon.png","contentUrl":"https:\/\/talkpal.ai\/wp-content\/uploads\/2024\/03\/Talkpal-Logo-Icon.png","width":5000,"height":5000,"caption":"TalkPal-logo"},{"@type":"BreadcrumbList","@id":"https:\/\/talkpal.ai\/no\/instruksjoner-for-a-legge-til-kupongkode-i-stripe-checkout\/#breadcrumb","itemListElement":[{"@type":"ListItem","position":1,"name":"Homepage","item":"https:\/\/talkpal.ai\/no\/"},{"@type":"ListItem","position":2,"name":"Instruksjoner for \u00e5 legge til kupongkode i Stripe Checkout"}]},{"@type":"WebSite","@id":"https:\/\/talkpal.ai\/no\/#website","url":"https:\/\/talkpal.ai\/no\/","name":"Talkpal","description":"AI Language Learning","publisher":{"@id":"https:\/\/talkpal.ai\/no\/#organization"},"alternateName":"Talkpal AI","potentialAction":[{"@type":"SearchAction","target":{"@type":"EntryPoint","urlTemplate":"https:\/\/talkpal.ai\/no\/?s={search_term_string}"},"query-input":{"@type":"PropertyValueSpecification","valueRequired":true,"valueName":"search_term_string"}}],"inLanguage":"nb-NO"},{"@type":"Organization","@id":"https:\/\/talkpal.ai\/no\/#organization","name":"Talkpal, Inc.","alternateName":"Talkpal AI","url":"https:\/\/talkpal.ai\/no\/","logo":{"@type":"ImageObject","inLanguage":"nb-NO","@id":"https:\/\/talkpal.ai\/no\/#\/schema\/logo\/image\/","url":"https:\/\/talkpal.ai\/wp-content\/uploads\/2024\/03\/Talkpal-Logo-Icon.png","contentUrl":"https:\/\/talkpal.ai\/wp-content\/uploads\/2024\/03\/Talkpal-Logo-Icon.png","width":2880,"height":2880,"caption":"Talkpal, Inc."},"image":{"@id":"https:\/\/talkpal.ai\/no\/#\/schema\/logo\/image\/"},"sameAs":["https:\/\/www.facebook.com\/profile.php?id=100090733639311","https:\/\/x.com\/talkpalai","https:\/\/www.linkedin.com\/company\/talkpal\/","https:\/\/www.youtube.com\/@TalkPal\/","https:\/\/www.tiktok.com\/@talkpal","https:\/\/www.instagram.com\/talkpal_ai\/","https:\/\/www.crunchbase.com\/organization\/talkpal-9cde","https:\/\/www.g2.com\/products\/talkpal-for-business\/","https:\/\/www.trustpilot.com\/review\/talkpal.ai","https:\/\/www.capterra.com\/p\/10006800\/TalkPal\/"],"description":"Talkpal is a language learning web and mobile education app, powered by the latest AI technologies, that provides engaging experiences to its customers in many different languages to help them improve their language skills. Users can chat about unlimited amount of topics with the app and use other modes to practice their language learning.","email":"support@talkpal.ai","legalName":"Talkpal, Inc.","foundingDate":"2023-04-03","duns":"118989042","numberOfEmployees":{"@type":"QuantitativeValue","minValue":"11","maxValue":"50"},"publishingPrinciples":"https:\/\/talkpal.ai\/publishing-principles\/","actionableFeedbackPolicy":"https:\/\/talkpal.ai\/actionable-feedback-policy\/","correctionsPolicy":"https:\/\/talkpal.ai\/corrections-policy\/","ethicsPolicy":"https:\/\/talkpal.ai\/ethics-policy\/","diversityPolicy":"https:\/\/talkpal.ai\/diversity-policy\/","diversityStaffingReport":"https:\/\/talkpal.ai\/diversity-policy\/"}]}},"_links":{"self":[{"href":"https:\/\/talkpal.ai\/no\/wp-json\/wp\/v2\/pages\/994726","targetHints":{"allow":["GET"]}}],"collection":[{"href":"https:\/\/talkpal.ai\/no\/wp-json\/wp\/v2\/pages"}],"about":[{"href":"https:\/\/talkpal.ai\/no\/wp-json\/wp\/v2\/types\/page"}],"author":[{"embeddable":true,"href":"https:\/\/talkpal.ai\/no\/wp-json\/wp\/v2\/users\/6"}],"replies":[{"embeddable":true,"href":"https:\/\/talkpal.ai\/no\/wp-json\/wp\/v2\/comments?post=994726"}],"version-history":[{"count":0,"href":"https:\/\/talkpal.ai\/no\/wp-json\/wp\/v2\/pages\/994726\/revisions"}],"wp:featuredmedia":[{"embeddable":true,"href":"https:\/\/talkpal.ai\/no\/wp-json\/wp\/v2\/media\/197971"}],"wp:attachment":[{"href":"https:\/\/talkpal.ai\/no\/wp-json\/wp\/v2\/media?parent=994726"}],"curies":[{"name":"wp","href":"https:\/\/api.w.org\/{rel}","templated":true}]}}