{"id":91976,"date":"2023-06-14T13:25:23","date_gmt":"2023-06-14T13:25:23","guid":{"rendered":"http:\/\/talkpal.ai\/engelsk-grammatikkovelser\/"},"modified":"2025-12-17T16:34:31","modified_gmt":"2025-12-17T16:34:31","slug":"engelsk-grammatikkovelser","status":"publish","type":"page","link":"https:\/\/talkpal.ai\/no\/engelsk-grammatikkovelser\/","title":{"rendered":"Engelsk grammatikk\u00f8velser"},"content":{"rendered":"\r\n\r\n\r\n<section class=\"languageChallengeSection\">\r\n    <div class=\"languageInfoWrapper\">\r\n        \r\n        <h1>Engelsk grammatikk\u00f8velser<\/h1>\r\n        <p>Vil du \u00f8ke selvtilliten din i <a href=\"https:\/\/talkpal.ai\/learn-english-with-ai\/\">engelsk<\/a>? Grammatikk\u00f8velser er en fin m\u00e5te \u00e5 forbedre forst\u00e5elsen av grammatikkregler, bruke verb riktig og utvide ordforr\u00e5det ditt p\u00e5. Begynn \u00e5 jobbe med <a href=\"https:\/\/talkpal.ai\/no\/effektiv-engelskopplaering-laer-engelsk-raskt-og-enkelt\/\">engelsk grammatikk<\/a> i dag, og se hvordan ferdighetene dine blir bedre for hver \u00f8velse!\n\n<\/p>\r\n\r\n                            <a class=\"getStartedHidden\" href=\"https:\/\/app.talkpal.ai\/no\/signup?lng=\">Kom i gang<\/a>\r\n        \r\n    <\/div>\r\n\r\n    <figure>\r\n    <img decoding=\"async\" width=\"768\" height=\"768\" src=\"https:\/\/talkpal.ai\/wp-content\/uploads\/2023\/06\/English-768x768.png\" class=\"languageImage no-lazy\" alt=\"Language learning for improved multitasking\" fetchpriority=\"high\" sizes=\"(max-width: 768px) 150px, 768px\" srcset=\"https:\/\/talkpal.ai\/wp-content\/uploads\/2023\/06\/English-768x768.png 768w, https:\/\/talkpal.ai\/wp-content\/uploads\/2023\/06\/English-300x300.png 300w\" \/>\r\n    \r\n\r\n    <\/figure>\r\n\r\n            <a class=\"getStartedVisible\" href=\"https:\/\/app.talkpal.ai\/no\/signup?lng=\">Kom i gang<\/a>\r\n    \r\n<\/section>\r\n\r\n\r\n<!-- <section class=\"grammarSection\">\r\n    <div class=\"grammarLinks\">\r\n        <a href=\"https:\/\/talkpal.ai\/no\/exercise_language\/adjektiver-engelsk-grammatikk\/\">Adjektiver <\/a><a href=\"https:\/\/talkpal.ai\/no\/exercise_language\/adverb-engelsk-grammatikk\/\">Adverb <\/a><a href=\"https:\/\/talkpal.ai\/no\/exercise_language\/artikler-engelsk-grammatikk\/\">Artikler <\/a><a href=\"https:\/\/talkpal.ai\/no\/exercise_language\/betingelser-engelsk-grammatikk\/\">Betingelser <\/a><a href=\"https:\/\/talkpal.ai\/no\/exercise_language\/preposisjoner-engelsk-grammatikk\/\">Preposisjoner <\/a><a href=\"https:\/\/talkpal.ai\/no\/exercise_language\/pronomen-determinere-engelsk-grammatikk\/\">Pronomen\/determinere <\/a><a href=\"https:\/\/talkpal.ai\/no\/exercise_language\/setninger-engelsk-grammatikk\/\">Setninger <\/a><a href=\"https:\/\/talkpal.ai\/no\/exercise_language\/substantiver-engelsk-grammatikk\/\">Substantiver <\/a><a href=\"https:\/\/talkpal.ai\/no\/exercise_language\/tempus-sammenligning-engelsk-grammatikk\/\">Tempus sammenligning <\/a><a href=\"https:\/\/talkpal.ai\/no\/exercise_language\/tider-engelsk-grammatikk\/\">Tider <\/a><a href=\"https:\/\/talkpal.ai\/no\/exercise_language\/verb-engelsk-grammatikk\/\">Verb <\/a>    <\/div>\r\n<\/section> -->\r\n\r\n\r\n\r\n\r\n        <section class=\"grammarSection\">\r\n            <div class=\"grammarLinks\">\r\n                <a href=\"https:\/\/talkpal.ai\/no\/exercise_language\/adjektiver-engelsk-grammatikk\/\">Adjektiver <\/a><a href=\"https:\/\/talkpal.ai\/no\/exercise_language\/adverb-engelsk-grammatikk\/\">Adverb <\/a><a href=\"https:\/\/talkpal.ai\/no\/exercise_language\/artikler-engelsk-grammatikk\/\">Artikler <\/a><a href=\"https:\/\/talkpal.ai\/no\/exercise_language\/betingelser-engelsk-grammatikk\/\">Betingelser <\/a><a href=\"https:\/\/talkpal.ai\/no\/exercise_language\/preposisjoner-engelsk-grammatikk\/\">Preposisjoner <\/a><a href=\"https:\/\/talkpal.ai\/no\/exercise_language\/pronomen-determinere-engelsk-grammatikk\/\">Pronomen\/determinere <\/a><a href=\"https:\/\/talkpal.ai\/no\/exercise_language\/setninger-engelsk-grammatikk\/\">Setninger <\/a><a href=\"https:\/\/talkpal.ai\/no\/exercise_language\/substantiver-engelsk-grammatikk\/\">Substantiver <\/a><a href=\"https:\/\/talkpal.ai\/no\/exercise_language\/tempus-sammenligning-engelsk-grammatikk\/\">Tempus sammenligning <\/a><a href=\"https:\/\/talkpal.ai\/no\/exercise_language\/tider-engelsk-grammatikk\/\">Tider <\/a><a href=\"https:\/\/talkpal.ai\/no\/exercise_language\/verb-engelsk-grammatikk\/\">Verb <\/a>            <\/div>\r\n        <\/section>\r\n<section class=\"promotionalBanner\">\r\n    <p class=\"promotionalText\">Den mest effektive m\u00e5ten \u00e5 l\u00e6re et spr\u00e5k p\u00e5<\/p>\r\n    <a class=\"promotionalLink\" href=\"https:\/\/app.talkpal.ai\/no\/signup?lng=\">Pr\u00f8v Talkpal gratis<\/a>\r\n<\/section>\n<div class=\"wp-block-group pageContainerStyle\"><div class=\"wp-block-group__inner-container is-layout-constrained wp-block-group-is-layout-constrained\">\n<h2 class=\"wp-block-heading\" id=\"h-english-grammar-topics\">Engelsk grammatikk emner<\/h2>\n\n\n\n<p>Engelsk <a href=\"https:\/\/talkpal.ai\/grammar\/\">grammatikk<\/a> er et sett med regler og retningslinjer som bestemmer strukturen til det engelske spr\u00e5ket. Det lar <a href=\"https:\/\/talkpal.ai\/locations\/language-courses-in-oss\/\">oss<\/a> kommunisere tydelig og effektivt med hverandre. N\u00e5r du l\u00e6rer engelsk, er det viktig \u00e5 forst\u00e5 grammatikken for \u00e5 utvikle sterke lese-, skrive- og taleferdigheter. Denne reisen vil omfatte ulike komponenter av grammatikk som adjektiver, adverb, artikler, betingelser, substantiv, preposisjoner, pronomen\/bestemmere, setninger, tidssammenligning, tider og verb. La oss utforske hvert av disse temaene i en foresl\u00e5tt rekkef\u00f8lge for \u00e5 gj\u00f8re det mer effektivt og morsomt \u00e5 l\u00e6re engelsk grammatikk.<\/p>\n\n\n\n<h3 class=\"wp-block-heading\" id=\"h-1-nouns\">1. Substantiv:<\/h3>\n\n\n\n<p>Substantiv er de mest grunnleggende byggesteinene i engelsk grammatikk. De er ord som representerer mennesker, steder, ting eller ideer. \u00c5 forst\u00e5 substantiver er avgj\u00f8rende for \u00e5 danne setninger og formidle mening i spr\u00e5ket.<\/p>\n\n\n\n<h3 class=\"wp-block-heading\" id=\"h-2-pronouns-determiners\">2. Pronomen\/bestemmere:<\/h3>\n\n\n\n<p>N\u00e5r du har et grep om substantiver, er det neste trinnet \u00e5 l\u00e6re om pronomen og bestemmere. Pronomen erstatter substantiver i en setning for \u00e5 unng\u00e5 repetisjon, mens bestemmere gir informasjon om substantivet, for eksempel mengde eller besittelse.<\/p>\n\n\n\n<h3 class=\"wp-block-heading\" id=\"h-3-verbs\">3. Verb:<\/h3>\n\n\n\n<p>Verb er handlingsord som uttrykker hva et substantiv gj\u00f8r eller opplever. De er en avgj\u00f8rende del av enhver setning, og \u00e5 forst\u00e5 hvordan de fungerer er avgj\u00f8rende for \u00e5 lage klare og konsise utsagn.<\/p>\n\n\n\n<h3 class=\"wp-block-heading\" id=\"h-4-adjectives\">4. Adjektiver:<\/h3>\n\n\n\n<p>Adjektiver beskriver eller modifiserer substantiver, og gir mer informasjon om deres kvaliteter eller egenskaper. \u00c5 l\u00e6re \u00e5 bruke adjektiver effektivt vil forbedre din evne til \u00e5 kommunisere p\u00e5 engelsk.<\/p>\n\n\n\n<h3 class=\"wp-block-heading\" id=\"h-5-adverbs\">5. Adverb:<\/h3>\n\n\n\n<p>Adverb ligner p\u00e5 adjektiver, men endrer verb, adjektiver eller andre adverb. De beskriver ofte hvordan, n\u00e5r eller hvor en handling skjer. \u00c5 vite hvordan du bruker adverb vil gi dybde og detaljer til din engelske kommunikasjon.<\/p>\n\n\n\n<h3 class=\"wp-block-heading\" id=\"h-6-prepositions\">6. Preposisjoner:<\/h3>\n\n\n\n<p>Preposisjoner er ord som viser forholdet mellom substantiv, pronomen og andre ord i en setning. De bidrar til \u00e5 gi kontekst, for eksempel sted, tid eller retning.<\/p>\n\n\n\n<h3 class=\"wp-block-heading\" id=\"h-7-articles\">7. Artikler:<\/h3>\n\n\n\n<p>Artikler er en type bestemmer som spesifiserer om et substantiv er bestemt eller ubestemt. De er viktige for riktig setningsdannelse og bidrar til \u00e5 klargj\u00f8re betydningen av et utsagn.<\/p>\n\n\n\n<h3 class=\"wp-block-heading\" id=\"h-8-tenses\">8. Tider:<\/h3>\n\n\n\n<p>Tider indikerer tidspunktet for en handling eller tilstand. Hvis du l\u00e6rer deg de ulike tidsformene p\u00e5 engelsk, kan du uttrykke deg presist, enten du snakker om fortid, n\u00e5tid eller fremtid.<\/p>\n\n\n\n<h3 class=\"wp-block-heading\" id=\"h-9-tense-comparison\">9. Anspent sammenligning:<\/h3>\n\n\n\n<p>\u00c5 forst\u00e5 anspent sammenligning er viktig for \u00e5 sammenligne handlinger eller tilstander i forskjellige tidsrammer. Denne ferdigheten vil hjelpe deg med \u00e5 kommunisere komplekse ideer og utvikle en mer avansert forst\u00e5else av engelsk grammatikk.<\/p>\n\n\n\n<h3 class=\"wp-block-heading\" id=\"h-10-sentences\">10. Setninger:<\/h3>\n\n\n\n<p>Setninger er grunnlaget for skriftlig og muntlig kommunikasjon p\u00e5 engelsk. \u00c5 bygge p\u00e5 kunnskapen din om substantiv, verb og andre grammatikkkomponenter, vil l\u00e6re om setningsstruktur gj\u00f8re deg i stand til \u00e5 formidle tankene dine effektivt p\u00e5 spr\u00e5ket.<\/p>\n\n\n\n<h3 class=\"wp-block-heading\" id=\"h-11-conditionals\">11. Betingelser:<\/h3>\n\n\n\n<p>Betingelser er setninger som uttrykker en tilstand og dens potensielle konsekvens. De er et avansert aspekt av engelsk grammatikk som vil hjelpe deg \u00e5 uttrykke hypotetiske situasjoner og komplekse ideer.<\/p>\n<\/div><\/div>\n\r\n<section class=\"learnNavigationSection\">\r\n            \r\n        <a href=\"https:\/\/talkpal.ai\/no\/laer-engelsk\/\">\r\n            <div class=\"learnNavigationWrapper\">\r\n                <div class=\"learnNavigationContent\">\r\n                    <img decoding=\"async\" src=\"https:\/\/talkpal.ai\/wp-content\/uploads\/2024\/08\/English.jpg\" alt=\"English Flag\">\r\n                    <div>\r\n                        <h4>Om engelskoppl\u00e6ring<\/h4>\r\n                        <p>Finn ut alt om engelsk grammatikk.<\/p>\r\n                    <\/div>\r\n                <\/div>\r\n            <\/div>\r\n        <\/a>\r\n\r\n        \r\n        <a href=\"https:\/\/talkpal.ai\/no\/engelsk-gramatikk\/\">\r\n            <div class=\"learnNavigationWrapper\">\r\n                <div class=\"learnNavigationContent\">\r\n                    <img decoding=\"async\" src=\"https:\/\/talkpal.ai\/wp-content\/uploads\/2024\/08\/English.jpg\" alt=\"English Flag\">\r\n                    <div>\r\n                        <h4>Engelsk grammatikkundervisning<\/h4>\r\n                        <p>\u00d8v p\u00e5 engelsk grammatikk.<\/p>\r\n                    <\/div>\r\n                <\/div>\r\n            <\/div>\r\n        <\/a>\r\n\r\n        \r\n        <a href=\"https:\/\/talkpal.ai\/vocabulary_language\/english\/\">\r\n            <div class=\"learnNavigationWrapper\">\r\n                <div class=\"learnNavigationContent\">\r\n                    <img decoding=\"async\" src=\"https:\/\/talkpal.ai\/wp-content\/uploads\/2024\/08\/English.jpg\" alt=\"English Flag\">\r\n                    <div>\r\n                        <h4>Engelsk ordforr\u00e5d<\/h4>\r\n                        <p>Utvid ordforr\u00e5det ditt p\u00e5 engelsk.<\/p>\r\n                    <\/div>\r\n                <\/div>\r\n            <\/div>\r\n        <\/a>\r\n\r\n            <\/section>","protected":false},"excerpt":{"rendered":"<p>Engelsk grammatikk emner Engelsk grammatikk er et sett med regler og retningslinjer som bestemmer strukturen til det engelske spr\u00e5ket. Det lar oss kommunisere tydelig og effektivt med hverandre. N\u00e5r du l\u00e6rer engelsk, er det viktig \u00e5 forst\u00e5 grammatikken for \u00e5 utvikle sterke lese-, skrive- og taleferdigheter. Denne reisen vil omfatte ulike komponenter av grammatikk som [&hellip;]<\/p>\n","protected":false},"author":1,"featured_media":64516,"parent":0,"menu_order":0,"comment_status":"closed","ping_status":"closed","template":"LearningContentPage.php","meta":{"_acf_changed":false,"footnotes":""},"class_list":["post-91976","page","type-page","status-publish","has-post-thumbnail","hentry"],"acf":[],"yoast_head":"<!-- This site is optimized with the Yoast SEO Premium plugin v27.2 (Yoast SEO v27.2) - https:\/\/yoast.com\/product\/yoast-seo-premium-wordpress\/ -->\n<title>Engelsk grammatikk\u00f8velser - Talkpal<\/title>\n<meta name=\"description\" content=\"Forbedre engelskkunnskapene dine med effektive grammatikk\u00f8velser fra Talkpal. Forbedre spr\u00e5kferdighetene dine n\u00e5!\" \/>\n<meta name=\"robots\" content=\"index, follow, max-snippet:-1, max-image-preview:large, max-video-preview:-1\" \/>\n<link rel=\"canonical\" href=\"https:\/\/talkpal.ai\/no\/engelsk-grammatikkovelser\/\" \/>\n<meta property=\"og:locale\" content=\"nb_NO\" \/>\n<meta property=\"og:type\" content=\"article\" \/>\n<meta property=\"og:title\" content=\"Engelsk grammatikk\u00f8velser\" \/>\n<meta property=\"og:description\" content=\"Engelsk grammatikk emner Engelsk grammatikk er et sett med regler og retningslinjer som bestemmer strukturen til det engelske spr\u00e5ket. Det lar oss\" \/>\n<meta property=\"og:url\" content=\"https:\/\/talkpal.ai\/no\/engelsk-grammatikkovelser\/\" \/>\n<meta property=\"og:site_name\" content=\"Talkpal\" \/>\n<meta property=\"article:publisher\" content=\"https:\/\/www.facebook.com\/profile.php?id=100090733639311\" \/>\n<meta property=\"article:modified_time\" content=\"2025-12-17T16:34:31+00:00\" \/>\n<meta property=\"og:image\" content=\"https:\/\/talkpal.ai\/wp-content\/uploads\/2023\/03\/united-kingdom.png\" \/>\n\t<meta property=\"og:image:width\" content=\"512\" \/>\n\t<meta property=\"og:image:height\" content=\"512\" \/>\n\t<meta property=\"og:image:type\" content=\"image\/png\" \/>\n<meta name=\"twitter:card\" content=\"summary_large_image\" \/>\n<meta name=\"twitter:site\" content=\"@talkpalai\" \/>\n<meta name=\"twitter:label1\" content=\"Ansl. lesetid\" \/>\n\t<meta name=\"twitter:data1\" content=\"2 minutter\" \/>\n<script type=\"application\/ld+json\" class=\"yoast-schema-graph\">{\"@context\":\"https:\/\/schema.org\",\"@graph\":[{\"@type\":\"WebPage\",\"@id\":\"https:\/\/talkpal.ai\/no\/engelsk-grammatikkovelser\/\",\"url\":\"https:\/\/talkpal.ai\/no\/engelsk-grammatikkovelser\/\",\"name\":\"Engelsk grammatikk\u00f8velser - Talkpal\",\"isPartOf\":{\"@id\":\"https:\/\/talkpal.ai\/no\/#website\"},\"primaryImageOfPage\":{\"@id\":\"https:\/\/talkpal.ai\/no\/engelsk-grammatikkovelser\/#primaryimage\"},\"image\":{\"@id\":\"https:\/\/talkpal.ai\/no\/engelsk-grammatikkovelser\/#primaryimage\"},\"thumbnailUrl\":\"https:\/\/talkpal.ai\/wp-content\/uploads\/2023\/03\/united-kingdom.png\",\"datePublished\":\"2023-06-14T13:25:23+00:00\",\"dateModified\":\"2025-12-17T16:34:31+00:00\",\"description\":\"Forbedre engelskkunnskapene dine med effektive grammatikk\u00f8velser fra Talkpal. Forbedre spr\u00e5kferdighetene dine n\u00e5!\",\"breadcrumb\":{\"@id\":\"https:\/\/talkpal.ai\/no\/engelsk-grammatikkovelser\/#breadcrumb\"},\"inLanguage\":\"nb-NO\",\"potentialAction\":[{\"@type\":\"ReadAction\",\"target\":[\"https:\/\/talkpal.ai\/no\/engelsk-grammatikkovelser\/\"]}]},{\"@type\":\"ImageObject\",\"inLanguage\":\"nb-NO\",\"@id\":\"https:\/\/talkpal.ai\/no\/engelsk-grammatikkovelser\/#primaryimage\",\"url\":\"https:\/\/talkpal.ai\/wp-content\/uploads\/2023\/03\/united-kingdom.png\",\"contentUrl\":\"https:\/\/talkpal.ai\/wp-content\/uploads\/2023\/03\/united-kingdom.png\",\"width\":512,\"height\":512,\"caption\":\"Talkpal AI l\u00e6rer engelsk\"},{\"@type\":\"BreadcrumbList\",\"@id\":\"https:\/\/talkpal.ai\/no\/engelsk-grammatikkovelser\/#breadcrumb\",\"itemListElement\":[{\"@type\":\"ListItem\",\"position\":1,\"name\":\"Homepage\",\"item\":\"https:\/\/talkpal.ai\/no\/\"},{\"@type\":\"ListItem\",\"position\":2,\"name\":\"Engelsk grammatikk\u00f8velser\"}]},{\"@type\":\"WebSite\",\"@id\":\"https:\/\/talkpal.ai\/no\/#website\",\"url\":\"https:\/\/talkpal.ai\/no\/\",\"name\":\"Talkpal\",\"description\":\"AI Language Learning\",\"publisher\":{\"@id\":\"https:\/\/talkpal.ai\/no\/#organization\"},\"alternateName\":\"Talkpal AI\",\"potentialAction\":[{\"@type\":\"SearchAction\",\"target\":{\"@type\":\"EntryPoint\",\"urlTemplate\":\"https:\/\/talkpal.ai\/no\/?s={search_term_string}\"},\"query-input\":{\"@type\":\"PropertyValueSpecification\",\"valueRequired\":true,\"valueName\":\"search_term_string\"}}],\"inLanguage\":\"nb-NO\"},{\"@type\":\"Organization\",\"@id\":\"https:\/\/talkpal.ai\/no\/#organization\",\"name\":\"Talkpal, Inc.\",\"alternateName\":\"Talkpal AI\",\"url\":\"https:\/\/talkpal.ai\/no\/\",\"logo\":{\"@type\":\"ImageObject\",\"inLanguage\":\"nb-NO\",\"@id\":\"https:\/\/talkpal.ai\/no\/#\/schema\/logo\/image\/\",\"url\":\"https:\/\/talkpal.ai\/wp-content\/uploads\/2024\/03\/Talkpal-Logo-Icon.png\",\"contentUrl\":\"https:\/\/talkpal.ai\/wp-content\/uploads\/2024\/03\/Talkpal-Logo-Icon.png\",\"width\":2880,\"height\":2880,\"caption\":\"Talkpal, Inc.\"},\"image\":{\"@id\":\"https:\/\/talkpal.ai\/no\/#\/schema\/logo\/image\/\"},\"sameAs\":[\"https:\/\/www.facebook.com\/profile.php?id=100090733639311\",\"https:\/\/x.com\/talkpalai\",\"https:\/\/www.linkedin.com\/company\/talkpal\/\",\"https:\/\/www.youtube.com\/@TalkPal\/\",\"https:\/\/www.tiktok.com\/@talkpal\",\"https:\/\/www.instagram.com\/talkpal_ai\/\",\"https:\/\/www.crunchbase.com\/organization\/talkpal-9cde\",\"https:\/\/www.g2.com\/products\/talkpal-for-business\/\",\"https:\/\/www.trustpilot.com\/review\/talkpal.ai\",\"https:\/\/www.capterra.com\/p\/10006800\/TalkPal\/\"],\"description\":\"Talkpal is a language learning web and mobile education app, powered by the latest AI technologies, that provides engaging experiences to its customers in many different languages to help them improve their language skills. Users can chat about unlimited amount of topics with the app and use other modes to practice their language learning.\",\"email\":\"support@talkpal.ai\",\"legalName\":\"Talkpal, Inc.\",\"foundingDate\":\"2023-04-03\",\"duns\":\"118989042\",\"numberOfEmployees\":{\"@type\":\"QuantitativeValue\",\"minValue\":\"11\",\"maxValue\":\"50\"},\"publishingPrinciples\":\"https:\/\/talkpal.ai\/publishing-principles\/\",\"actionableFeedbackPolicy\":\"https:\/\/talkpal.ai\/actionable-feedback-policy\/\",\"correctionsPolicy\":\"https:\/\/talkpal.ai\/corrections-policy\/\",\"ethicsPolicy\":\"https:\/\/talkpal.ai\/ethics-policy\/\",\"diversityPolicy\":\"https:\/\/talkpal.ai\/diversity-policy\/\",\"diversityStaffingReport\":\"https:\/\/talkpal.ai\/diversity-policy\/\"}]}<\/script>\n<!-- \/ Yoast SEO Premium plugin. -->","yoast_head_json":{"title":"Engelsk grammatikk\u00f8velser - Talkpal","description":"Forbedre engelskkunnskapene dine med effektive grammatikk\u00f8velser fra Talkpal. Forbedre spr\u00e5kferdighetene dine n\u00e5!","robots":{"index":"index","follow":"follow","max-snippet":"max-snippet:-1","max-image-preview":"max-image-preview:large","max-video-preview":"max-video-preview:-1"},"canonical":"https:\/\/talkpal.ai\/no\/engelsk-grammatikkovelser\/","og_locale":"nb_NO","og_type":"article","og_title":"Engelsk grammatikk\u00f8velser","og_description":"Engelsk grammatikk emner Engelsk grammatikk er et sett med regler og retningslinjer som bestemmer strukturen til det engelske spr\u00e5ket. Det lar oss","og_url":"https:\/\/talkpal.ai\/no\/engelsk-grammatikkovelser\/","og_site_name":"Talkpal","article_publisher":"https:\/\/www.facebook.com\/profile.php?id=100090733639311","article_modified_time":"2025-12-17T16:34:31+00:00","og_image":[{"width":512,"height":512,"url":"https:\/\/talkpal.ai\/wp-content\/uploads\/2023\/03\/united-kingdom.png","type":"image\/png"}],"twitter_card":"summary_large_image","twitter_site":"@talkpalai","twitter_misc":{"Ansl. lesetid":"2 minutter"},"schema":{"@context":"https:\/\/schema.org","@graph":[{"@type":"WebPage","@id":"https:\/\/talkpal.ai\/no\/engelsk-grammatikkovelser\/","url":"https:\/\/talkpal.ai\/no\/engelsk-grammatikkovelser\/","name":"Engelsk grammatikk\u00f8velser - Talkpal","isPartOf":{"@id":"https:\/\/talkpal.ai\/no\/#website"},"primaryImageOfPage":{"@id":"https:\/\/talkpal.ai\/no\/engelsk-grammatikkovelser\/#primaryimage"},"image":{"@id":"https:\/\/talkpal.ai\/no\/engelsk-grammatikkovelser\/#primaryimage"},"thumbnailUrl":"https:\/\/talkpal.ai\/wp-content\/uploads\/2023\/03\/united-kingdom.png","datePublished":"2023-06-14T13:25:23+00:00","dateModified":"2025-12-17T16:34:31+00:00","description":"Forbedre engelskkunnskapene dine med effektive grammatikk\u00f8velser fra Talkpal. Forbedre spr\u00e5kferdighetene dine n\u00e5!","breadcrumb":{"@id":"https:\/\/talkpal.ai\/no\/engelsk-grammatikkovelser\/#breadcrumb"},"inLanguage":"nb-NO","potentialAction":[{"@type":"ReadAction","target":["https:\/\/talkpal.ai\/no\/engelsk-grammatikkovelser\/"]}]},{"@type":"ImageObject","inLanguage":"nb-NO","@id":"https:\/\/talkpal.ai\/no\/engelsk-grammatikkovelser\/#primaryimage","url":"https:\/\/talkpal.ai\/wp-content\/uploads\/2023\/03\/united-kingdom.png","contentUrl":"https:\/\/talkpal.ai\/wp-content\/uploads\/2023\/03\/united-kingdom.png","width":512,"height":512,"caption":"Talkpal AI l\u00e6rer engelsk"},{"@type":"BreadcrumbList","@id":"https:\/\/talkpal.ai\/no\/engelsk-grammatikkovelser\/#breadcrumb","itemListElement":[{"@type":"ListItem","position":1,"name":"Homepage","item":"https:\/\/talkpal.ai\/no\/"},{"@type":"ListItem","position":2,"name":"Engelsk grammatikk\u00f8velser"}]},{"@type":"WebSite","@id":"https:\/\/talkpal.ai\/no\/#website","url":"https:\/\/talkpal.ai\/no\/","name":"Talkpal","description":"AI Language Learning","publisher":{"@id":"https:\/\/talkpal.ai\/no\/#organization"},"alternateName":"Talkpal AI","potentialAction":[{"@type":"SearchAction","target":{"@type":"EntryPoint","urlTemplate":"https:\/\/talkpal.ai\/no\/?s={search_term_string}"},"query-input":{"@type":"PropertyValueSpecification","valueRequired":true,"valueName":"search_term_string"}}],"inLanguage":"nb-NO"},{"@type":"Organization","@id":"https:\/\/talkpal.ai\/no\/#organization","name":"Talkpal, Inc.","alternateName":"Talkpal AI","url":"https:\/\/talkpal.ai\/no\/","logo":{"@type":"ImageObject","inLanguage":"nb-NO","@id":"https:\/\/talkpal.ai\/no\/#\/schema\/logo\/image\/","url":"https:\/\/talkpal.ai\/wp-content\/uploads\/2024\/03\/Talkpal-Logo-Icon.png","contentUrl":"https:\/\/talkpal.ai\/wp-content\/uploads\/2024\/03\/Talkpal-Logo-Icon.png","width":2880,"height":2880,"caption":"Talkpal, Inc."},"image":{"@id":"https:\/\/talkpal.ai\/no\/#\/schema\/logo\/image\/"},"sameAs":["https:\/\/www.facebook.com\/profile.php?id=100090733639311","https:\/\/x.com\/talkpalai","https:\/\/www.linkedin.com\/company\/talkpal\/","https:\/\/www.youtube.com\/@TalkPal\/","https:\/\/www.tiktok.com\/@talkpal","https:\/\/www.instagram.com\/talkpal_ai\/","https:\/\/www.crunchbase.com\/organization\/talkpal-9cde","https:\/\/www.g2.com\/products\/talkpal-for-business\/","https:\/\/www.trustpilot.com\/review\/talkpal.ai","https:\/\/www.capterra.com\/p\/10006800\/TalkPal\/"],"description":"Talkpal is a language learning web and mobile education app, powered by the latest AI technologies, that provides engaging experiences to its customers in many different languages to help them improve their language skills. Users can chat about unlimited amount of topics with the app and use other modes to practice their language learning.","email":"support@talkpal.ai","legalName":"Talkpal, Inc.","foundingDate":"2023-04-03","duns":"118989042","numberOfEmployees":{"@type":"QuantitativeValue","minValue":"11","maxValue":"50"},"publishingPrinciples":"https:\/\/talkpal.ai\/publishing-principles\/","actionableFeedbackPolicy":"https:\/\/talkpal.ai\/actionable-feedback-policy\/","correctionsPolicy":"https:\/\/talkpal.ai\/corrections-policy\/","ethicsPolicy":"https:\/\/talkpal.ai\/ethics-policy\/","diversityPolicy":"https:\/\/talkpal.ai\/diversity-policy\/","diversityStaffingReport":"https:\/\/talkpal.ai\/diversity-policy\/"}]}},"_links":{"self":[{"href":"https:\/\/talkpal.ai\/no\/wp-json\/wp\/v2\/pages\/91976","targetHints":{"allow":["GET"]}}],"collection":[{"href":"https:\/\/talkpal.ai\/no\/wp-json\/wp\/v2\/pages"}],"about":[{"href":"https:\/\/talkpal.ai\/no\/wp-json\/wp\/v2\/types\/page"}],"author":[{"embeddable":true,"href":"https:\/\/talkpal.ai\/no\/wp-json\/wp\/v2\/users\/1"}],"replies":[{"embeddable":true,"href":"https:\/\/talkpal.ai\/no\/wp-json\/wp\/v2\/comments?post=91976"}],"version-history":[{"count":0,"href":"https:\/\/talkpal.ai\/no\/wp-json\/wp\/v2\/pages\/91976\/revisions"}],"wp:featuredmedia":[{"embeddable":true,"href":"https:\/\/talkpal.ai\/no\/wp-json\/wp\/v2\/media\/64516"}],"wp:attachment":[{"href":"https:\/\/talkpal.ai\/no\/wp-json\/wp\/v2\/media?parent=91976"}],"curies":[{"name":"wp","href":"https:\/\/api.w.org\/{rel}","templated":true}]}}