{"id":91778,"date":"2023-03-25T16:57:06","date_gmt":"2023-03-25T16:57:06","guid":{"rendered":"http:\/\/talkpal.ai\/engelsk-gramatikk\/"},"modified":"2025-05-22T19:26:29","modified_gmt":"2025-05-22T19:26:29","slug":"engelsk-gramatikk","status":"publish","type":"page","link":"https:\/\/talkpal.ai\/no\/engelsk-gramatikk\/","title":{"rendered":"Engelsk gramatikk"},"content":{"rendered":"\r\n\r\n\r\n<section class=\"languageChallengeSection\">\r\n    <div class=\"languageInfoWrapper\">\r\n        \r\n        <h1>Engelsk gramatikk<\/h1>\r\n        <p>Er du klar til \u00e5 begynne \u00e5 l\u00e6re <a href=\"https:\/\/talkpal.ai\/learn-english-with-ai\/\">engelsk<\/a>? Med bare litt <a href=\"https:\/\/talkpal.ai\/grammar\/\">grammatikk<\/a> og noen nye ord kan du chatte og komme i kontakt med folk fra hele verden p\u00e5 null komma niks. La oss gj\u00f8re det morsomt og enkelt \u00e5 l\u00e6re engelsk &#8211; din reise mot flytende engelsk starter i dag!\n\n<\/p>\r\n\r\n                            <a class=\"getStartedHidden\" href=\"https:\/\/app.talkpal.ai\/no\/signup?lng=\">Kom i gang<\/a>\r\n        \r\n    <\/div>\r\n\r\n    <figure>\r\n    <img decoding=\"async\" width=\"768\" height=\"768\" src=\"https:\/\/talkpal.ai\/wp-content\/uploads\/2023\/06\/English-768x768.png\" class=\"languageImage no-lazy\" alt=\"Language learning for improved multitasking\" fetchpriority=\"high\" sizes=\"(max-width: 768px) 150px, 768px\" srcset=\"https:\/\/talkpal.ai\/wp-content\/uploads\/2023\/06\/English-768x768.png 768w, https:\/\/talkpal.ai\/wp-content\/uploads\/2023\/06\/English-300x300.png 300w\" \/>\r\n    \r\n\r\n    <\/figure>\r\n\r\n            <a class=\"getStartedVisible\" href=\"https:\/\/app.talkpal.ai\/no\/signup?lng=\">Kom i gang<\/a>\r\n    \r\n<\/section>\r\n        <section class=\"grammarSection\">\r\n            <div class=\"grammarLinks\">\r\n                <a href=\"https:\/\/talkpal.ai\/no\/language\/adjektiver-engelsk-grammatikk\/\">Adjektiver <\/a><a href=\"https:\/\/talkpal.ai\/no\/language\/adverb-engelsk-grammatikk\/\">Adverb <\/a><a href=\"https:\/\/talkpal.ai\/no\/language\/artikler-engelsk-grammatikk\/\">Artikler <\/a><a href=\"https:\/\/talkpal.ai\/no\/language\/betingelser-engelsk-grammatikk\/\">Betingelser <\/a><a href=\"https:\/\/talkpal.ai\/no\/language\/preposisjoner-engelsk-grammatikk\/\">Preposisjoner <\/a><a href=\"https:\/\/talkpal.ai\/no\/language\/pronomen-determinere-engelsk-grammatikk\/\">Pronomen\/determinere <\/a><a href=\"https:\/\/talkpal.ai\/no\/language\/setninger-engelsk-grammatikk\/\">Setninger <\/a><a href=\"https:\/\/talkpal.ai\/no\/language\/substantiver-engelsk-grammatikk\/\">Substantiver <\/a><a href=\"https:\/\/talkpal.ai\/no\/language\/tider-engelsk-grammatikk\/\">Tider <\/a><a href=\"https:\/\/talkpal.ai\/no\/language\/verb-engelsk-grammatikk\/\">Verb <\/a>            <\/div>\r\n        <\/section>\r\n    <section class=\"promotionalBanner\">\r\n    <p class=\"promotionalText\">Den mest effektive m\u00e5ten \u00e5 l\u00e6re et spr\u00e5k p\u00e5<\/p>\r\n    <a class=\"promotionalLink\" href=\"https:\/\/app.talkpal.ai\/no\/signup?lng=\">Pr\u00f8v Talkpal gratis<\/a>\r\n<\/section>\n<div class=\"wp-block-group pageContainerStyle\"><div class=\"wp-block-group__inner-container is-layout-constrained wp-block-group-is-layout-constrained\">\n<h2 class=\"wp-block-heading\" id=\"h-the-importance-of-english-grammar-a-guide-to-mastering-the-rules-and-principles\">Viktigheten av engelsk grammatikk: En guide til \u00e5 mestre reglene og prinsippene<\/h2>\n\n\n\n<p>Siden engelsk er et av de mest fremtredende spr\u00e5kene som snakkes rundt om i verden, er det ingen overraskelse at folk er ivrige etter \u00e5 bli bedre til \u00e5 snakke og beherske spr\u00e5ket. Et avgj\u00f8rende aspekt ved \u00e5 <a href=\"https:\/\/talkpal.ai\/locations\/language-courses-in-mestre\/\">mestre<\/a> det engelske spr\u00e5ket er \u00e5 forst\u00e5 grammatikken. Men hvorfor er grammatikk s\u00e5 viktig, og hvordan kan vi l\u00e6re det effektivt? I denne artikkelen skal vi se n\u00e6rmere p\u00e5 betydningen av <a href=\"https:\/\/talkpal.ai\/no\/effektiv-engelskopplaering-laer-engelsk-raskt-og-enkelt\/\">engelsk grammatikk<\/a>, diskutere de viktigste prinsippene og dele noen praktiske tips for \u00e5 forbedre ferdighetene dine.<\/p>\n\n\n\n<h3 class=\"wp-block-heading\" id=\"h-the-role-of-grammar-in-the-english-language\">Grammatikkens rolle i det engelske spr\u00e5ket:<\/h3>\n\n\n\n<p>S\u00e5 hva er s\u00e5 viktig med grammatikk? Grammatikk er i bunn og grunn byggesteinene i ethvert spr\u00e5k &#8211; det er det settet av regler og prinsipper som styrer hvordan vi bruker ord til \u00e5 danne meningsfulle setninger. Ved \u00e5 f\u00f8lge disse reglene kan vi sikre tydelig kommunikasjon og unng\u00e5 misforst\u00e5elser. Tenk deg \u00e5 <a href=\"https:\/\/talkpal.ai\/ko\/ai-%ec%96%b8%ec%96%b4-%ea%b5%90%ec%82%ac\/\">pr\u00f8ve<\/a> \u00e5 lage et m\u00e5ltid uten \u00e5 f\u00f8lge en oppskrift \u2013 sluttresultatet kan v\u00e6re usmakelig! P\u00e5 samme m\u00e5te kan det \u00e5 neglisjere grammatikk i v\u00e5r daglige tale og skrift f\u00f8re til forvirring og feiltolkning.<\/p>\n\n\n\n<h3 class=\"wp-block-heading\" id=\"h-key-principles-of-english-grammar\">N\u00f8kkelprinsipper for engelsk grammatikk:<\/h3>\n\n\n\n<p>Mens engelsk grammatikk omfatter et stort utvalg regler, er det noen n\u00f8kkelprinsipper du b\u00f8r v\u00e6re klar over:<\/p>\n\n\n\n<p><strong>1. Orddeler:<\/strong> Dette er rollene som ord spiller i en setning. Avhengig av deres funksjon, kan ord klassifiseres som substantiv, pronomen, verb, adjektiver, adverb, preposisjoner, konjunksjoner eller interjeksjoner.<\/p>\n\n\n\n<p><strong>2. Tider:<\/strong> Tider indikerer tidspunktet for handlinger eller tilstander. De kategoriseres i fortid, n\u00e5tid og fremtid, der hver tid har fire aspekter &#8211; enkel, progressiv, perfektum og perfektum progressiv.<\/p>\n\n\n\n<p><strong>3. Subjekt-verb-avtale:<\/strong> I hovedsak m\u00e5 subjektet (substantiv eller pronomen) og verbet i en setning stemme overens i antall \u2013 entall eller flertall. For eksempel er &laquo;Hun leser en bok&raquo; og &laquo;De leser b\u00f8ker&raquo; begge grammatisk korrekte.<\/p>\n\n\n\n<p><strong>4. Setningsstruktur:<\/strong> En godt strukturert setning best\u00e5r av et subjekt, verb og ofte et objekt. Setninger kan v\u00e6re enkle (en uavhengig setning), sammensatte (to eller flere uavhengige setninger) eller komplekse (en uavhengig setning og en eller flere avhengige setninger).<\/p>\n\n\n\n<p><strong>5. Tegnsetting:<\/strong> Tegnsettingstegn, som komma, punktum og semikolon, er avgj\u00f8rende for \u00e5 organisere og tydeliggj\u00f8re skriftspr\u00e5k. Riktig tegnsetting sikrer at ideene dine formidles med presisjon og sammenheng.<\/p>\n\n\n\n<h3 class=\"wp-block-heading\" id=\"h-tips-to-improve-your-english-grammar\">Tips for \u00e5 forbedre engelsk grammatikk:<\/h3>\n\n\n\n<p>N\u00e5 som vi har diskutert det grunnleggende i engelsk grammatikk, skal vi se n\u00e6rmere p\u00e5 noen effektive m\u00e5ter \u00e5 forbedre ferdighetene dine p\u00e5:<\/p>\n\n\n\n<p><strong>1. Les regelmessig:<\/strong> Lesing er en utmerket m\u00e5te \u00e5 internalisere riktig grammatikk p\u00e5. Jo mer du eksponerer deg for velskrevne artikler, b\u00f8ker eller essays, desto bedre vil du forst\u00e5 reglene og strukturene.<\/p>\n\n\n\n<p><strong>2. \u00d8v p\u00e5 \u00e5 skrive:<\/strong> \u00c5 skrive regelmessig lar deg bruke grammatikkkunnskapen din og identifisere omr\u00e5der der du trenger forbedring. Vurder \u00e5 f\u00f8re en dagbok eller starte en <a href=\"https:\/\/talkpal.ai\/blog\/\">blogg<\/a> for \u00e5 utvikle dine skriveferdigheter.<\/p>\n\n\n\n<p><strong>3. Studer grammatikkressurser:<\/strong> F\u00e5 tak i noen anerkjente grammatikkb\u00f8ker, nettsteder eller apper for \u00e5 utdype forst\u00e5elsen av reglene. Regelmessig gjennomgang av disse materialene vil bidra til \u00e5 styrke kunnskapen din.<\/p>\n\n\n\n<p><strong>4. S\u00f8k tilbakemelding:<\/strong> Engasjer deg med andre for \u00e5 motta konstruktiv kritikk p\u00e5 din skriftlige og muntlige engelsk. Dette kan v\u00e6re gjennom nettfora, spr\u00e5kutvekslingsgrupper eller venner og kolleger som er dyktige i engelsk.<\/p>\n\n\n\n<p><strong>5. V\u00e6r t\u00e5lmodig og utholdende:<\/strong> \u00c5 l\u00e6re grammatikk er en gradvis prosess som krever tid og krefter. Hold deg engasjert, fortsett \u00e5 \u00f8ve og feir fremgangen din.<\/p>\n\n\n\n<h3 class=\"wp-block-heading\" id=\"h-conclusion\">Konklusjon:<\/h3>\n\n\n\n<p>\u00c5 mestre engelsk grammatikk er et viktig springbrett p\u00e5 veien til flyt. Ved \u00e5 forst\u00e5 viktigheten av spr\u00e5ket, gj\u00f8re deg kjent med de viktigste prinsippene og \u00f8ve aktivt, vil du snart utvikle en sterk spr\u00e5kbeherskelse. Husk at Roma ikke ble bygget p\u00e5 \u00e9n dag &#8211; s\u00e5 v\u00e6r t\u00e5lmodig, ha det g\u00f8y og nyt reisen mot plettfri grammatikk!<\/p>\n<\/div><\/div>\n\r\n<section class=\"learnNavigationSection\">\r\n            \r\n        <a href=\"https:\/\/talkpal.ai\/no\/laer-engelsk\/\">\r\n            <div class=\"learnNavigationWrapper\">\r\n                <div class=\"learnNavigationContent\">\r\n                    <img decoding=\"async\" src=\"https:\/\/talkpal.ai\/wp-content\/uploads\/2024\/08\/English.jpg\" alt=\"English Flag\">\r\n                    <div>\r\n                        <h4>Om engelskoppl\u00e6ring<\/h4>\r\n                        <p>Finn ut alt om engelsk grammatikk.<\/p>\r\n                    <\/div>\r\n                <\/div>\r\n            <\/div>\r\n        <\/a>\r\n\r\n        \r\n        <a href=\"https:\/\/talkpal.ai\/no\/engelsk-grammatikkovelser\/\">\r\n            <div class=\"learnNavigationWrapper\">\r\n                <div class=\"learnNavigationContent\">\r\n                    <img decoding=\"async\" src=\"https:\/\/talkpal.ai\/wp-content\/uploads\/2024\/08\/English.jpg\" alt=\"English Flag\">\r\n                    <div>\r\n                        <h4>Engelsk grammatikk\u00f8velser<\/h4>\r\n                        <p>\u00d8v p\u00e5 engelsk grammatikk.<\/p>\r\n                    <\/div>\r\n                <\/div>\r\n            <\/div>\r\n        <\/a>\r\n\r\n        \r\n        <a href=\"https:\/\/talkpal.ai\/vocabulary_language\/english\/\">\r\n            <div class=\"learnNavigationWrapper\">\r\n                <div class=\"learnNavigationContent\">\r\n                    <img decoding=\"async\" src=\"https:\/\/talkpal.ai\/wp-content\/uploads\/2024\/08\/English.jpg\" alt=\"English Flag\">\r\n                    <div>\r\n                        <h4>Engelsk ordforr\u00e5d<\/h4>\r\n                        <p>Utvid ordforr\u00e5det ditt p\u00e5 engelsk.<\/p>\r\n                    <\/div>\r\n                <\/div>\r\n            <\/div>\r\n        <\/a>\r\n\r\n            <\/section>","protected":false},"excerpt":{"rendered":"<p>Viktigheten av engelsk grammatikk: En guide til \u00e5 mestre reglene og prinsippene Siden engelsk er et av de mest fremtredende spr\u00e5kene som snakkes rundt om i verden, er det ingen overraskelse at folk er ivrige etter \u00e5 bli bedre til \u00e5 snakke og beherske spr\u00e5ket. Et avgj\u00f8rende aspekt ved \u00e5 mestre det engelske spr\u00e5ket er [&hellip;]<\/p>\n","protected":false},"author":1,"featured_media":64516,"parent":0,"menu_order":0,"comment_status":"closed","ping_status":"closed","template":"LearningContentPage.php","meta":{"_acf_changed":false,"footnotes":""},"class_list":["post-91778","page","type-page","status-publish","has-post-thumbnail","hentry"],"acf":[],"yoast_head":"<!-- This site is optimized with the Yoast SEO Premium plugin v27.2 (Yoast SEO v27.2) - https:\/\/yoast.com\/product\/yoast-seo-premium-wordpress\/ -->\n<title>Engelsk gramatikk - Talkpal<\/title>\n<meta name=\"description\" content=\"Forbedre dine ferdigheter i engelsk grammatikk uten problemer med Talkpal&#039;s AI-drevne spr\u00e5kl\u00e6ringsapp.\" \/>\n<meta name=\"robots\" content=\"index, follow, max-snippet:-1, max-image-preview:large, max-video-preview:-1\" \/>\n<link rel=\"canonical\" href=\"https:\/\/talkpal.ai\/no\/engelsk-gramatikk\/\" \/>\n<meta property=\"og:locale\" content=\"nb_NO\" \/>\n<meta property=\"og:type\" content=\"article\" \/>\n<meta property=\"og:title\" content=\"Engelsk gramatikk\" \/>\n<meta property=\"og:description\" content=\"Viktigheten av engelsk grammatikk: En guide til \u00e5 mestre reglene og prinsippene Siden engelsk er et av de mest fremtredende spr\u00e5kene som snakkes rundt om\" \/>\n<meta property=\"og:url\" content=\"https:\/\/talkpal.ai\/no\/engelsk-gramatikk\/\" \/>\n<meta property=\"og:site_name\" content=\"Talkpal\" \/>\n<meta property=\"article:publisher\" content=\"https:\/\/www.facebook.com\/profile.php?id=100090733639311\" \/>\n<meta property=\"article:modified_time\" content=\"2025-05-22T19:26:29+00:00\" \/>\n<meta property=\"og:image\" content=\"https:\/\/talkpal.ai\/wp-content\/uploads\/2023\/03\/united-kingdom.png\" \/>\n\t<meta property=\"og:image:width\" content=\"512\" \/>\n\t<meta property=\"og:image:height\" content=\"512\" \/>\n\t<meta property=\"og:image:type\" content=\"image\/png\" \/>\n<meta name=\"twitter:card\" content=\"summary_large_image\" \/>\n<meta name=\"twitter:site\" content=\"@talkpalai\" \/>\n<meta name=\"twitter:label1\" content=\"Ansl. lesetid\" \/>\n\t<meta name=\"twitter:data1\" content=\"3 minutter\" \/>\n<script type=\"application\/ld+json\" class=\"yoast-schema-graph\">{\"@context\":\"https:\/\/schema.org\",\"@graph\":[{\"@type\":\"WebPage\",\"@id\":\"https:\/\/talkpal.ai\/no\/engelsk-gramatikk\/\",\"url\":\"https:\/\/talkpal.ai\/no\/engelsk-gramatikk\/\",\"name\":\"Engelsk gramatikk - Talkpal\",\"isPartOf\":{\"@id\":\"https:\/\/talkpal.ai\/no\/#website\"},\"primaryImageOfPage\":{\"@id\":\"https:\/\/talkpal.ai\/no\/engelsk-gramatikk\/#primaryimage\"},\"image\":{\"@id\":\"https:\/\/talkpal.ai\/no\/engelsk-gramatikk\/#primaryimage\"},\"thumbnailUrl\":\"https:\/\/talkpal.ai\/wp-content\/uploads\/2023\/03\/united-kingdom.png\",\"datePublished\":\"2023-03-25T16:57:06+00:00\",\"dateModified\":\"2025-05-22T19:26:29+00:00\",\"description\":\"Forbedre dine ferdigheter i engelsk grammatikk uten problemer med Talkpal's AI-drevne spr\u00e5kl\u00e6ringsapp.\",\"breadcrumb\":{\"@id\":\"https:\/\/talkpal.ai\/no\/engelsk-gramatikk\/#breadcrumb\"},\"inLanguage\":\"nb-NO\",\"potentialAction\":[{\"@type\":\"ReadAction\",\"target\":[\"https:\/\/talkpal.ai\/no\/engelsk-gramatikk\/\"]}]},{\"@type\":\"ImageObject\",\"inLanguage\":\"nb-NO\",\"@id\":\"https:\/\/talkpal.ai\/no\/engelsk-gramatikk\/#primaryimage\",\"url\":\"https:\/\/talkpal.ai\/wp-content\/uploads\/2023\/03\/united-kingdom.png\",\"contentUrl\":\"https:\/\/talkpal.ai\/wp-content\/uploads\/2023\/03\/united-kingdom.png\",\"width\":512,\"height\":512,\"caption\":\"Talkpal AI l\u00e6rer engelsk\"},{\"@type\":\"BreadcrumbList\",\"@id\":\"https:\/\/talkpal.ai\/no\/engelsk-gramatikk\/#breadcrumb\",\"itemListElement\":[{\"@type\":\"ListItem\",\"position\":1,\"name\":\"Homepage\",\"item\":\"https:\/\/talkpal.ai\/no\/\"},{\"@type\":\"ListItem\",\"position\":2,\"name\":\"Engelsk gramatikk\"}]},{\"@type\":\"WebSite\",\"@id\":\"https:\/\/talkpal.ai\/no\/#website\",\"url\":\"https:\/\/talkpal.ai\/no\/\",\"name\":\"Talkpal\",\"description\":\"AI Language Learning\",\"publisher\":{\"@id\":\"https:\/\/talkpal.ai\/no\/#organization\"},\"alternateName\":\"Talkpal AI\",\"potentialAction\":[{\"@type\":\"SearchAction\",\"target\":{\"@type\":\"EntryPoint\",\"urlTemplate\":\"https:\/\/talkpal.ai\/no\/?s={search_term_string}\"},\"query-input\":{\"@type\":\"PropertyValueSpecification\",\"valueRequired\":true,\"valueName\":\"search_term_string\"}}],\"inLanguage\":\"nb-NO\"},{\"@type\":\"Organization\",\"@id\":\"https:\/\/talkpal.ai\/no\/#organization\",\"name\":\"Talkpal, Inc.\",\"alternateName\":\"Talkpal AI\",\"url\":\"https:\/\/talkpal.ai\/no\/\",\"logo\":{\"@type\":\"ImageObject\",\"inLanguage\":\"nb-NO\",\"@id\":\"https:\/\/talkpal.ai\/no\/#\/schema\/logo\/image\/\",\"url\":\"https:\/\/talkpal.ai\/wp-content\/uploads\/2024\/03\/Talkpal-Logo-Icon.png\",\"contentUrl\":\"https:\/\/talkpal.ai\/wp-content\/uploads\/2024\/03\/Talkpal-Logo-Icon.png\",\"width\":2880,\"height\":2880,\"caption\":\"Talkpal, Inc.\"},\"image\":{\"@id\":\"https:\/\/talkpal.ai\/no\/#\/schema\/logo\/image\/\"},\"sameAs\":[\"https:\/\/www.facebook.com\/profile.php?id=100090733639311\",\"https:\/\/x.com\/talkpalai\",\"https:\/\/www.linkedin.com\/company\/talkpal\/\",\"https:\/\/www.youtube.com\/@TalkPal\/\",\"https:\/\/www.tiktok.com\/@talkpal\",\"https:\/\/www.instagram.com\/talkpal_ai\/\",\"https:\/\/www.crunchbase.com\/organization\/talkpal-9cde\",\"https:\/\/www.g2.com\/products\/talkpal-for-business\/\",\"https:\/\/www.trustpilot.com\/review\/talkpal.ai\",\"https:\/\/www.capterra.com\/p\/10006800\/TalkPal\/\"],\"description\":\"Talkpal is a language learning web and mobile education app, powered by the latest AI technologies, that provides engaging experiences to its customers in many different languages to help them improve their language skills. Users can chat about unlimited amount of topics with the app and use other modes to practice their language learning.\",\"email\":\"support@talkpal.ai\",\"legalName\":\"Talkpal, Inc.\",\"foundingDate\":\"2023-04-03\",\"duns\":\"118989042\",\"numberOfEmployees\":{\"@type\":\"QuantitativeValue\",\"minValue\":\"11\",\"maxValue\":\"50\"},\"publishingPrinciples\":\"https:\/\/talkpal.ai\/publishing-principles\/\",\"actionableFeedbackPolicy\":\"https:\/\/talkpal.ai\/actionable-feedback-policy\/\",\"correctionsPolicy\":\"https:\/\/talkpal.ai\/corrections-policy\/\",\"ethicsPolicy\":\"https:\/\/talkpal.ai\/ethics-policy\/\",\"diversityPolicy\":\"https:\/\/talkpal.ai\/diversity-policy\/\",\"diversityStaffingReport\":\"https:\/\/talkpal.ai\/diversity-policy\/\"}]}<\/script>\n<!-- \/ Yoast SEO Premium plugin. -->","yoast_head_json":{"title":"Engelsk gramatikk - Talkpal","description":"Forbedre dine ferdigheter i engelsk grammatikk uten problemer med Talkpal's AI-drevne spr\u00e5kl\u00e6ringsapp.","robots":{"index":"index","follow":"follow","max-snippet":"max-snippet:-1","max-image-preview":"max-image-preview:large","max-video-preview":"max-video-preview:-1"},"canonical":"https:\/\/talkpal.ai\/no\/engelsk-gramatikk\/","og_locale":"nb_NO","og_type":"article","og_title":"Engelsk gramatikk","og_description":"Viktigheten av engelsk grammatikk: En guide til \u00e5 mestre reglene og prinsippene Siden engelsk er et av de mest fremtredende spr\u00e5kene som snakkes rundt om","og_url":"https:\/\/talkpal.ai\/no\/engelsk-gramatikk\/","og_site_name":"Talkpal","article_publisher":"https:\/\/www.facebook.com\/profile.php?id=100090733639311","article_modified_time":"2025-05-22T19:26:29+00:00","og_image":[{"width":512,"height":512,"url":"https:\/\/talkpal.ai\/wp-content\/uploads\/2023\/03\/united-kingdom.png","type":"image\/png"}],"twitter_card":"summary_large_image","twitter_site":"@talkpalai","twitter_misc":{"Ansl. lesetid":"3 minutter"},"schema":{"@context":"https:\/\/schema.org","@graph":[{"@type":"WebPage","@id":"https:\/\/talkpal.ai\/no\/engelsk-gramatikk\/","url":"https:\/\/talkpal.ai\/no\/engelsk-gramatikk\/","name":"Engelsk gramatikk - Talkpal","isPartOf":{"@id":"https:\/\/talkpal.ai\/no\/#website"},"primaryImageOfPage":{"@id":"https:\/\/talkpal.ai\/no\/engelsk-gramatikk\/#primaryimage"},"image":{"@id":"https:\/\/talkpal.ai\/no\/engelsk-gramatikk\/#primaryimage"},"thumbnailUrl":"https:\/\/talkpal.ai\/wp-content\/uploads\/2023\/03\/united-kingdom.png","datePublished":"2023-03-25T16:57:06+00:00","dateModified":"2025-05-22T19:26:29+00:00","description":"Forbedre dine ferdigheter i engelsk grammatikk uten problemer med Talkpal's AI-drevne spr\u00e5kl\u00e6ringsapp.","breadcrumb":{"@id":"https:\/\/talkpal.ai\/no\/engelsk-gramatikk\/#breadcrumb"},"inLanguage":"nb-NO","potentialAction":[{"@type":"ReadAction","target":["https:\/\/talkpal.ai\/no\/engelsk-gramatikk\/"]}]},{"@type":"ImageObject","inLanguage":"nb-NO","@id":"https:\/\/talkpal.ai\/no\/engelsk-gramatikk\/#primaryimage","url":"https:\/\/talkpal.ai\/wp-content\/uploads\/2023\/03\/united-kingdom.png","contentUrl":"https:\/\/talkpal.ai\/wp-content\/uploads\/2023\/03\/united-kingdom.png","width":512,"height":512,"caption":"Talkpal AI l\u00e6rer engelsk"},{"@type":"BreadcrumbList","@id":"https:\/\/talkpal.ai\/no\/engelsk-gramatikk\/#breadcrumb","itemListElement":[{"@type":"ListItem","position":1,"name":"Homepage","item":"https:\/\/talkpal.ai\/no\/"},{"@type":"ListItem","position":2,"name":"Engelsk gramatikk"}]},{"@type":"WebSite","@id":"https:\/\/talkpal.ai\/no\/#website","url":"https:\/\/talkpal.ai\/no\/","name":"Talkpal","description":"AI Language Learning","publisher":{"@id":"https:\/\/talkpal.ai\/no\/#organization"},"alternateName":"Talkpal AI","potentialAction":[{"@type":"SearchAction","target":{"@type":"EntryPoint","urlTemplate":"https:\/\/talkpal.ai\/no\/?s={search_term_string}"},"query-input":{"@type":"PropertyValueSpecification","valueRequired":true,"valueName":"search_term_string"}}],"inLanguage":"nb-NO"},{"@type":"Organization","@id":"https:\/\/talkpal.ai\/no\/#organization","name":"Talkpal, Inc.","alternateName":"Talkpal AI","url":"https:\/\/talkpal.ai\/no\/","logo":{"@type":"ImageObject","inLanguage":"nb-NO","@id":"https:\/\/talkpal.ai\/no\/#\/schema\/logo\/image\/","url":"https:\/\/talkpal.ai\/wp-content\/uploads\/2024\/03\/Talkpal-Logo-Icon.png","contentUrl":"https:\/\/talkpal.ai\/wp-content\/uploads\/2024\/03\/Talkpal-Logo-Icon.png","width":2880,"height":2880,"caption":"Talkpal, Inc."},"image":{"@id":"https:\/\/talkpal.ai\/no\/#\/schema\/logo\/image\/"},"sameAs":["https:\/\/www.facebook.com\/profile.php?id=100090733639311","https:\/\/x.com\/talkpalai","https:\/\/www.linkedin.com\/company\/talkpal\/","https:\/\/www.youtube.com\/@TalkPal\/","https:\/\/www.tiktok.com\/@talkpal","https:\/\/www.instagram.com\/talkpal_ai\/","https:\/\/www.crunchbase.com\/organization\/talkpal-9cde","https:\/\/www.g2.com\/products\/talkpal-for-business\/","https:\/\/www.trustpilot.com\/review\/talkpal.ai","https:\/\/www.capterra.com\/p\/10006800\/TalkPal\/"],"description":"Talkpal is a language learning web and mobile education app, powered by the latest AI technologies, that provides engaging experiences to its customers in many different languages to help them improve their language skills. Users can chat about unlimited amount of topics with the app and use other modes to practice their language learning.","email":"support@talkpal.ai","legalName":"Talkpal, Inc.","foundingDate":"2023-04-03","duns":"118989042","numberOfEmployees":{"@type":"QuantitativeValue","minValue":"11","maxValue":"50"},"publishingPrinciples":"https:\/\/talkpal.ai\/publishing-principles\/","actionableFeedbackPolicy":"https:\/\/talkpal.ai\/actionable-feedback-policy\/","correctionsPolicy":"https:\/\/talkpal.ai\/corrections-policy\/","ethicsPolicy":"https:\/\/talkpal.ai\/ethics-policy\/","diversityPolicy":"https:\/\/talkpal.ai\/diversity-policy\/","diversityStaffingReport":"https:\/\/talkpal.ai\/diversity-policy\/"}]}},"_links":{"self":[{"href":"https:\/\/talkpal.ai\/no\/wp-json\/wp\/v2\/pages\/91778","targetHints":{"allow":["GET"]}}],"collection":[{"href":"https:\/\/talkpal.ai\/no\/wp-json\/wp\/v2\/pages"}],"about":[{"href":"https:\/\/talkpal.ai\/no\/wp-json\/wp\/v2\/types\/page"}],"author":[{"embeddable":true,"href":"https:\/\/talkpal.ai\/no\/wp-json\/wp\/v2\/users\/1"}],"replies":[{"embeddable":true,"href":"https:\/\/talkpal.ai\/no\/wp-json\/wp\/v2\/comments?post=91778"}],"version-history":[{"count":0,"href":"https:\/\/talkpal.ai\/no\/wp-json\/wp\/v2\/pages\/91778\/revisions"}],"wp:featuredmedia":[{"embeddable":true,"href":"https:\/\/talkpal.ai\/no\/wp-json\/wp\/v2\/media\/64516"}],"wp:attachment":[{"href":"https:\/\/talkpal.ai\/no\/wp-json\/wp\/v2\/media?parent=91778"}],"curies":[{"name":"wp","href":"https:\/\/api.w.org\/{rel}","templated":true}]}}